{"id":215,"date":"2024-04-02T16:05:37","date_gmt":"2024-04-02T16:05:37","guid":{"rendered":"https:\/\/aviator-slotgame.com\/?page_id=215"},"modified":"2024-09-09T10:50:04","modified_gmt":"2024-09-09T10:50:04","slug":"aviator-slots","status":"publish","type":"page","link":"https:\/\/aviator-slotgame.com\/az\/aviator-vs-\u0259n\u0259n\u0259vi-video-oyun-masinlari\/","title":{"rendered":"Aviator yuvalar\u0131"},"content":{"rendered":"<div class=\"fe913c225e9c6bb0b0b570f1ed15cacd\" data-index=\"1\" style=\"float: none; margin:10px 0 10px 0; text-align:center;\">\n<div class=\"custom-play-button\">\r\n<center><a href=\"https:\/\/aviator-slotgame.com\/az\/play-game\/\" rel=\"nofollow\" target=\"_blank\">\u0130ndi oyna<\/a><br><\/center>\r\n<\/div>\n<\/div>\n<p>Spribe-d\u0259n Aviator sizin orta video slotunuz deyil. \u018fn\u0259n\u0259vi video slotlar\u0131nda tapa bilm\u0259y\u0259c\u0259yiniz sosial oyun x\u00fcsusiyy\u0259tl\u0259ri t\u0259klif edir. Siz \u0259yl\u0259nc\u0259y\u0259 qo\u015fula v\u0259 maraql\u0131 bonuslar, \u00e7arpanlar v\u0259 dig\u0259r s\u00fcrprizl\u0259rl\u0259 dolu onlayn kazino oyununa qo\u015fulmaq \u00fc\u00e7\u00fcn dig\u0259r oyun\u00e7ulara meydan oxuya bil\u0259rsiniz.<\/p>\n<p><img loading=\"lazy\" decoding=\"async\" class=\"alignnone size-full wp-image-216\" title=\"Aviator v\u0259 \u0259n\u0259n\u0259vi slot ma\u015f\u0131nlar\u0131\" src=\"https:\/\/aviator-slotgame.com\/wp-content\/uploads\/aviator-4-1.png\" alt=\"Aviator v\u0259 \u0259n\u0259n\u0259vi slot ma\u015f\u0131nlar\u0131\" width=\"800\" height=\"445\" srcset=\"https:\/\/aviator-slotgame.com\/wp-content\/uploads\/aviator-4-1.png 800w, https:\/\/aviator-slotgame.com\/wp-content\/uploads\/aviator-4-1-300x167.png 300w, https:\/\/aviator-slotgame.com\/wp-content\/uploads\/aviator-4-1-768x427.png 768w, https:\/\/aviator-slotgame.com\/wp-content\/uploads\/aviator-4-1-18x10.png 18w\" sizes=\"auto, (max-width: 800px) 100vw, 800px\" \/><\/p>\n<p>Aviator standart 3x5 \u00e7arxl\u0131 slot ma\u015f\u0131nlar\u0131ndan daha \u00e7oxunu t\u0259klif edir. H\u0259r bir oyun\u00e7u na\u011fd pul \u00e7\u0131xarmaq q\u0259rar\u0131na g\u0259l\u0259n\u0259 q\u0259d\u0259r y\u00fcks\u0259l\u0259n v\u0259 y\u00fcks\u0259l\u0259n RNG-y\u0259 \u0259saslanan bir \u00e7arpan var. Bu o dem\u0259kdir ki, \u0259g\u0259r b\u0259xtiniz g\u0259tirs\u0259, b\u00fct\u00fcn g\u00fcn oynaya bil\u0259c\u0259ksiniz v\u0259 udu\u015flar\u0131n\u0131z h\u0259qiq\u0259t\u0259n d\u0259 artma\u011fa ba\u015flayacaq!<\/p>\n<p>\u00dcst\u0259lik, Aviator \u0259yl\u0259nc\u0259y\u0259 qo\u015fula bil\u0259c\u0259k oyun\u00e7ular\u0131n say\u0131n\u0131 m\u0259hdudla\u015fd\u0131rm\u0131r. Oyunun a\u00e7\u0131lmas\u0131n\u0131 g\u00f6zl\u0259m\u0259kd\u0259n narahat olmaq laz\u0131m deyil, \u00e7\u00fcnki o, he\u00e7 vaxt dolu olmayacaq, daha \u00e7ox oyun\u00e7u \u00fc\u00e7\u00fcn yer h\u0259mi\u015f\u0259 olacaq. V\u0259 oyun\u00e7u \u00fc\u00e7\u00fcn \u0259lveri\u015fli \u0259msallar, RTP v\u0259 y\u00fcks\u0259k \u00f6d\u0259ni\u015fl\u0259rl\u0259 bu maraql\u0131 alternativ slotda \u00fcst\u00fcn olmaq \u00fc\u00e7\u00fcn \u00e7oxlu imkanlar\u0131n\u0131z var.<\/p><div class=\"fe913c225e9c6bb0b0b570f1ed15cacd\" data-index=\"1\" style=\"float: none; margin:10px 0 10px 0; text-align:center;\">\n<div class=\"custom-play-button\">\r\n<center><a href=\"https:\/\/aviator-slotgame.com\/az\/play-game\/\" rel=\"nofollow\" target=\"_blank\">\u0130ndi oyna<\/a><br><\/center>\r\n<\/div>\n<\/div>\n\n<p>Bel\u0259likl\u0259, ist\u0259r immersiv oyun t\u0259cr\u00fcb\u0259si axtar\u0131rs\u0131n\u0131z, ist\u0259rs\u0259 d\u0259 arxada oturub klassik video slot \u00fcslublu oyundan z\u00f6vq almaq ist\u0259s\u0259niz, Spribe&#039;s Aviator h\u0259qiq\u0259t\u0259n h\u0259r k\u0259s\u0259 t\u0259klif ed\u0259c\u0259k bir \u015fey\u0259 malikdir.<\/p>\n<h2 id=\"h-rtp-of-aviator-and-regular-slot-games\">Aviator RTP v\u0259 adi yuvalar<\/h2>\n<p>\u018fn populyar slotlar\u0131n orta RTP d\u0259y\u0259rl\u0259ri 65%-d\u0259n \u00e7oxdur. Bu r\u0259q\u0259m oyundan oyuna d\u0259yi\u015f\u0259 bil\u0259r, b\u0259zi oyunlar 97%-\u0259 q\u0259d\u0259r y\u00fcks\u0259lir, lakin \u00fcmumiyy\u0259tl\u0259 norma ondal\u0131k il\u0259 65%-dir.<\/p>\n<p>M\u0259s\u0259l\u0259n, d\u00fcnyan\u0131n \u0259n m\u0259\u015fhur slotlar\u0131ndan biri olan Second Strike-da 96.26% RTP var; Aviator daha da \u00e7ox!<\/p>\n<p>Aviator 97% t\u0259xmini RTP-y\u0259 (oyun\u00e7uya qay\u0131d\u0131\u015f) malikdir ki, bu da video yuvas\u0131 \u00fc\u00e7\u00fcn orta s\u0259viyy\u0259d\u0259n yuxar\u0131d\u0131r. Bu o dem\u0259kdir ki, Aviator oynamaq, \u0259n\u0259n\u0259vi slotlarla m\u00fcqayis\u0259d\u0259 orta hesabla siz\u0259 daha \u00e7ox pul qaytaracaq. V\u0259 getdikc\u0259 artan \u00e7arpanla \u0259n b\u00f6y\u00fck turlar daha da h\u0259y\u0259canl\u0131 olacaq! Bel\u0259likl\u0259, daha y\u00fcks\u0259k RTP v\u0259 qazanc potensial\u0131n\u0131z\u0131 art\u0131rmaq bacar\u0131\u011f\u0131 axtar\u0131rs\u0131n\u0131zsa, Aviator sizin \u00e7at\u0131\u015fmayan \u015fey ola bil\u0259r.<\/p>\n<figure class=\"wp-block-table\">\n<table>\n<tbody>\n<tr>\n<td><strong>AV\u0130ATOR<\/strong><\/td>\n<td><strong>\u018fn\u0259n\u0259vi Slot OYUNU<\/strong><\/td>\n<\/tr>\n<tr>\n<td>Dig\u0259r oyun\u00e7ularla s\u00f6hb\u0259t edin<\/td>\n<td>\u0130stifad\u0259\u00e7i Oyun T\u0259cr\u00fcb\u0259si<\/td>\n<\/tr>\n<tr>\n<td>Oyun ota\u011f\u0131nda limitsiz sayda oyun\u00e7u<\/td>\n<td>H\u0259r ma\u015f\u0131n v\u0259 ya s\u0259hif\u0259 \u00fc\u00e7\u00fcn bir oyun\u00e7u<\/td>\n<\/tr>\n<tr>\n<td>Bir RNG il\u0259 oyun mexanikas\u0131<\/td>\n<td>\u00c7oxlu \u00e7arxlar v\u0259 x\u0259tl\u0259r<\/td>\n<\/tr>\n<tr>\n<td>~97% geri qaytar\u0131lmas\u0131<\/td>\n<td>~96% geri qaytar\u0131lmas\u0131<\/td>\n<\/tr>\n<\/tbody>\n<\/table><figcaption class=\"wp-element-caption\">Slot ma\u015f\u0131n\u0131\u00a0<strong><strong>AV\u0130ATOR<\/strong><\/strong><img loading=\"lazy\" decoding=\"async\" class=\"alignnone size-full wp-image-293\" src=\"https:\/\/aviator-slotgame.com\/wp-content\/uploads\/Aviator-13-800-x-600-\u043f\u0438\u043a\u0441.jpg\" alt=\"Aviator RTP v\u0259 adi yuvalar\" width=\"800\" height=\"600\" srcset=\"https:\/\/aviator-slotgame.com\/wp-content\/uploads\/Aviator-13-800-x-600-\u043f\u0438\u043a\u0441.jpg 800w, https:\/\/aviator-slotgame.com\/wp-content\/uploads\/Aviator-13-800-x-600-\u043f\u0438\u043a\u0441-300x225.jpg 300w, https:\/\/aviator-slotgame.com\/wp-content\/uploads\/Aviator-13-800-x-600-\u043f\u0438\u043a\u0441-768x576.jpg 768w, https:\/\/aviator-slotgame.com\/wp-content\/uploads\/Aviator-13-800-x-600-\u043f\u0438\u043a\u0441-16x12.jpg 16w\" sizes=\"auto, (max-width: 800px) 100vw, 800px\" \/><\/figcaption><\/figure>\n<h2 id=\"h-the-bottom-line\">Alt x\u0259tt<\/h2>\n<p>Spribe&#039;s Aviator oyun\u00e7ulara immersiv oyun t\u0259cr\u00fcb\u0259si t\u0259qdim ed\u0259 bil\u0259n \u0259n\u0259n\u0259vi video slotlar\u0131n unikal \u015f\u0259rhini t\u0259klif edir. Daim artan \u00e7arpanlarla v\u0259 y\u00fcks\u0259k RTP il\u0259 Aviatoru s\u0131namaq \u00fc\u00e7\u00fcn \u00e7oxlu s\u0259b\u0259bl\u0259r var. \u00dcst\u0259lik, sosial aspekt onu daha da h\u0259y\u0259canland\u0131r\u0131r!<\/p>\n<h2 id=\"h-using-bonus-spins-on-aviator\">Aviator-da bonus spinl\u0259rind\u0259n istifad\u0259<\/h2>\n<p>Bonus spinl\u0259ri kazino saytlar\u0131n\u0131n \u0259sas hiss\u0259sidir. Bir kazino sayt\u0131nda qeydiyyatdan ke\u00e7diyiniz zaman, xo\u015f g\u0259lmisiniz bonusu olaraq tez-tez pulsuz f\u0131rlanmalar alacaqs\u0131n\u0131z. Onlar\u0131 h\u0259tta m\u0259hdud zamanl\u0131 promosyonlar v\u0259 ya dig\u0259r oyunlarda h\u0259diyy\u0259l\u0259r kimi \u0259ld\u0259 etm\u0259k olar!<\/p>\n<p>\u018fg\u0259r siz Aviator v\u0259 ya dig\u0259r kazino oyunlar\u0131n\u0131n p\u0259r\u0259sti\u015fkar\u0131s\u0131n\u0131zsa, bonus spinl\u0259r \u00e7arxlar\u0131 f\u0131rlatmaq, t\u0259yyar\u0259y\u0259 enm\u0259k v\u0259 b\u0259lk\u0259 d\u0259 bir q\u0259d\u0259r pul qazanmaq \u00fc\u00e7\u00fcn pulsuz \u015fanslar \u0259ld\u0259 etm\u0259yin \u0259la yoludur. \u018fslind\u0259, bonus spinl\u0259ri adi oyundaxili f\u0131rlanmalardan daha d\u0259y\u0259rli ola bil\u0259r, \u00e7\u00fcnki onlar\u0131n ad\u0259t\u0259n m\u0259rc t\u0259l\u0259bl\u0259ri v\u0259 ya dig\u0259r udu\u015f m\u0259hdudiyy\u0259tl\u0259ri yoxdur.<\/p>\n<h2 id=\"h-how-to-get-bonus-spins\">Bonus spinl\u0259ri nec\u0259 \u0259ld\u0259 etm\u0259k olar<\/h2>\n<p>Pulsuz f\u0131rlanmalar m\u00fcxt\u0259lif yerl\u0259rd\u0259n \u0259ld\u0259 edil\u0259 bil\u0259r, m\u0259s\u0259l\u0259n, ilk depozitini ed\u0259n yeni istifad\u0259\u00e7il\u0259r \u00fc\u00e7\u00fcn xo\u015f g\u0259lmisiniz bonuslar\u0131 v\u0259 ya promosyon kodlar\u0131 v\u0259 m\u0259hdud zamanl\u0131 t\u0259dbirl\u0259r.<\/p>\n<h3 id=\"h-welcome-bonus-spins-for-aviator\">Aviator Xo\u015f g\u0259lmisiniz Bonus Spinl\u0259ri<\/h3>\n<p>B\u0259zi kazinolar hesab yaratd\u0131\u011f\u0131n\u0131z zaman siz\u0259 pulsuz f\u0131rlanmalar verir. Aviator oynayark\u0259n bu pulsuz f\u0131rlanmalar\u0131n nec\u0259 faydal\u0131 ola bil\u0259c\u0259yi il\u0259 maraqlana bil\u0259rsiniz; lakin b\u0259z\u0259n kazinolar bu pulsuz spinl\u0259rin istifad\u0259sini yaln\u0131z \u0259n m\u0259\u015fhur \u0259n\u0259n\u0259vi slot ma\u015f\u0131nlar\u0131 il\u0259 m\u0259hdudla\u015fd\u0131r\u0131r. Ancaq narahat olmay\u0131n, Aviatorun sizin \u00fc\u00e7\u00fcn haz\u0131rlad\u0131\u011f\u0131 b\u00fct\u00fcn pulsuz spinl\u0259rd\u0259n istifad\u0259 etm\u0259yin yollar\u0131 h\u0259l\u0259 d\u0259 var.<\/p>\n<h2 id=\"h-how-to-use-free-spins-in-aviator\">Aviator-da pulsuz spinl\u0259rd\u0259n nec\u0259 istifad\u0259 etm\u0259k olar<\/h2>\n<p>\u018fg\u0259r spinl\u0259riniz Aviator-da i\u015fl\u0259mirs\u0259, siz onlardan h\u0259r zaman dig\u0259r kazino oyunlar\u0131nda kredit qazanmaq \u00fc\u00e7\u00fcn istifad\u0259 ed\u0259 bil\u0259rsiniz. M\u0259s\u0259l\u0259n, bir slot ma\u015f\u0131n\u0131nda pulsuz f\u0131rlanmalar\u0131n\u0131z varsa, bu kreditl\u0259ri oyun masalar\u0131nda \u00e7ipl\u0259r\u0259 d\u0259yi\u015f\u0259 bil\u0259rsiniz. Daha sonra bu fi\u015fl\u0259rd\u0259n Aviator v\u0259 ya h\u0259r hans\u0131 dig\u0259r kazino oyununa m\u0259rc etm\u0259k \u00fc\u00e7\u00fcn istifad\u0259 ed\u0259 bil\u0259rsiniz!<\/p>\n<p>Budur:<\/p>\n<ol start=\"1\" type=\"1\">\n<li>Sevimli slot ma\u015f\u0131nlar\u0131n\u0131zdan birini se\u00e7in.<\/li>\n<li>Pulsuz spinl\u0259rd\u0259n faydalan\u0131n.<\/li>\n<li>F\u0131rlanma zaman\u0131 qazand\u0131\u011f\u0131n\u0131z b\u00fct\u00fcn kreditl\u0259ri g\u00f6t\u00fcr\u00fcn v\u0259 Aviator oynay\u0131n!<\/li>\n<\/ol>\n<p>Bu q\u0259d\u0259r sad\u0259dir.<\/p>\n<h2 id=\"h-can-you-win-free-spins-in-aviator\">Aviator-da pulsuz spinl\u0259r qazana bil\u0259rsinizmi?<\/h2>\n<p>Pulsuz f\u0131rlatma x\u00fcsusiyy\u0259ti yoxdur. Tur zaman\u0131 qazanaca\u011f\u0131n\u0131z yegan\u0259 m\u00fckafat q\u0131rm\u0131z\u0131 t\u0259yyar\u0259nin qalxd\u0131\u011f\u0131 vaxta vurulan m\u0259rcinizdir.<\/p>\n<h2 id=\"h-in-conclusion\">N\u0259tic\u0259<\/h2>\n<p>Onlar\u0131 nec\u0259 \u0259ld\u0259 etm\u0259yinizd\u0259n as\u0131l\u0131 olmayaraq - xo\u015f g\u0259lmisiniz bonus spinl\u0259ri, promosyon kodlar\u0131 v\u0259 ya m\u0259hdud zamanl\u0131 t\u0259klifl\u0259r - bonus f\u0131rlanmalar\u0131 b\u00fct\u00fcn bacar\u0131q s\u0259viyy\u0259l\u0259rind\u0259 olan oyun\u00e7ular \u00fc\u00e7\u00fcn bir m\u00fcdd\u0259t itirm\u0259kd\u0259n narahat olmadan oynama\u011fa davam etm\u0259k \u00fc\u00e7\u00fcn \u0259la yoldur. Hans\u0131 oyunlar \u00fc\u00e7\u00fcn olmas\u0131ndan as\u0131l\u0131 olmayaraq, t\u0259cr\u00fcb\u0259li oyun\u00e7ular spinl\u0259rini canl\u0131 Aviator oyununda m\u0259rc edil\u0259 bil\u0259n faydal\u0131 kreditl\u0259r\u0259 \u00e7evir\u0259 bil\u0259rl\u0259r.<\/p>\n<p><img loading=\"lazy\" decoding=\"async\" class=\"alignnone size-full wp-image-297\" src=\"https:\/\/aviator-slotgame.com\/wp-content\/uploads\/Aviator-14-800-x-600-\u043f\u0438\u043a\u0441.jpg\" alt=\"N\u0259tic\u0259\" width=\"800\" height=\"600\" srcset=\"https:\/\/aviator-slotgame.com\/wp-content\/uploads\/Aviator-14-800-x-600-\u043f\u0438\u043a\u0441.jpg 800w, https:\/\/aviator-slotgame.com\/wp-content\/uploads\/Aviator-14-800-x-600-\u043f\u0438\u043a\u0441-300x225.jpg 300w, https:\/\/aviator-slotgame.com\/wp-content\/uploads\/Aviator-14-800-x-600-\u043f\u0438\u043a\u0441-768x576.jpg 768w, https:\/\/aviator-slotgame.com\/wp-content\/uploads\/Aviator-14-800-x-600-\u043f\u0438\u043a\u0441-16x12.jpg 16w\" sizes=\"auto, (max-width: 800px) 100vw, 800px\" \/><\/p>\n\n<div style=\"font-size: 0px; height: 0px; line-height: 0px; margin: 0; padding: 0; clear: both;\"><\/div>","protected":false},"excerpt":{"rendered":"<p>Spribe-d\u0259n Aviator sizin orta video slotunuz deyil. \u018fn\u0259n\u0259vi video slotlar\u0131nda tapa bilm\u0259y\u0259c\u0259yiniz sosial oyun x\u00fcsusiyy\u0259tl\u0259ri t\u0259klif edir.<\/p>","protected":false},"author":1,"featured_media":0,"parent":0,"menu_order":0,"comment_status":"closed","ping_status":"closed","template":"","meta":{"footnotes":""},"class_list":["post-215","page","type-page","status-publish","hentry"],"yoast_head":"<!-- This site is optimized with the Yoast SEO plugin v22.0 - https:\/\/yoast.com\/wordpress\/plugins\/seo\/ -->\n<title>\u0410\u0432\u0438\u0430\u0442\u043e\u0440 \u0441\u043b\u043e\u0442\u044b - Aviator<\/title>\n<meta name=\"robots\" content=\"index, follow, max-snippet:-1, max-image-preview:large, max-video-preview:-1\" \/>\n<link rel=\"canonical\" href=\"https:\/\/aviator-slotgame.com\/az\/aviator-vs-\u0259n\u0259n\u0259vi-video-oyun-masinlari\/\" \/>\n<meta property=\"og:locale\" content=\"az_AZ\" \/>\n<meta property=\"og:type\" content=\"article\" \/>\n<meta property=\"og:title\" content=\"\u0410\u0432\u0438\u0430\u0442\u043e\u0440 \u0441\u043b\u043e\u0442\u044b - Aviator\" \/>\n<meta property=\"og:description\" content=\"Aviator \u043e\u0442 Spribe \u2013 \u044d\u0442\u043e \u043d\u0435 \u043e\u0431\u044b\u0447\u043d\u044b\u0439 \u0432\u0438\u0434\u0435\u043e\u0441\u043b\u043e\u0442. \u041e\u043d \u043f\u0440\u0435\u0434\u043b\u0430\u0433\u0430\u0435\u0442 \u0432\u043e\u0437\u043c\u043e\u0436\u043d\u043e\u0441\u0442\u0438 \u0441\u043e\u0446\u0438\u0430\u043b\u044c\u043d\u044b\u0445 \u0438\u0433\u0440, \u043a\u043e\u0442\u043e\u0440\u044b\u0435 \u0432\u044b \u043d\u0435 \u043d\u0430\u0439\u0434\u0435\u0442\u0435 \u0432 \u0442\u0440\u0430\u0434\u0438\u0446\u0438\u043e\u043d\u043d\u044b\u0445 \u0432\u0438\u0434\u0435\u043e\u0441\u043b\u043e\u0442\u0430\u0445.\" \/>\n<meta property=\"og:url\" content=\"https:\/\/aviator-slotgame.com\/az\/aviator-vs-\u0259n\u0259n\u0259vi-video-oyun-masinlari\/\" \/>\n<meta property=\"og:site_name\" content=\"Aviator\" \/>\n<meta property=\"article:modified_time\" content=\"2024-09-09T10:50:04+00:00\" \/>\n<meta property=\"og:image\" content=\"https:\/\/aviator-slotgame.com\/wp-content\/uploads\/aviator-4-1.png\" \/>\n<meta name=\"twitter:card\" content=\"summary_large_image\" \/>\n<meta name=\"twitter:label1\" content=\"Est. reading time\" \/>\n\t<meta name=\"twitter:data1\" content=\"4 minutes\" \/>\n<script type=\"application\/ld+json\" class=\"yoast-schema-graph\">{\"@context\":\"https:\/\/schema.org\",\"@graph\":[{\"@type\":\"WebPage\",\"@id\":\"https:\/\/aviator-slotgame.com\/aviator-slots\/\",\"url\":\"https:\/\/aviator-slotgame.com\/aviator-slots\/\",\"name\":\"\u0410\u0432\u0438\u0430\u0442\u043e\u0440 \u0441\u043b\u043e\u0442\u044b - Aviator\",\"isPartOf\":{\"@id\":\"https:\/\/aviator-slotgame.com\/#website\"},\"datePublished\":\"2024-04-02T16:05:37+00:00\",\"dateModified\":\"2024-09-09T10:50:04+00:00\",\"breadcrumb\":{\"@id\":\"https:\/\/aviator-slotgame.com\/aviator-slots\/#breadcrumb\"},\"inLanguage\":\"az\",\"potentialAction\":[{\"@type\":\"ReadAction\",\"target\":[\"https:\/\/aviator-slotgame.com\/aviator-slots\/\"]}]},{\"@type\":\"BreadcrumbList\",\"@id\":\"https:\/\/aviator-slotgame.com\/aviator-slots\/#breadcrumb\",\"itemListElement\":[{\"@type\":\"ListItem\",\"position\":1,\"name\":\"Home\",\"item\":\"https:\/\/aviator-slotgame.com\/\"},{\"@type\":\"ListItem\",\"position\":2,\"name\":\"\u0410\u0432\u0438\u0430\u0442\u043e\u0440 \u0441\u043b\u043e\u0442\u044b\"}]},{\"@type\":\"WebSite\",\"@id\":\"https:\/\/aviator-slotgame.com\/#website\",\"url\":\"https:\/\/aviator-slotgame.com\/\",\"name\":\"Aviator\",\"description\":\"\",\"publisher\":{\"@id\":\"https:\/\/aviator-slotgame.com\/#organization\"},\"potentialAction\":[{\"@type\":\"SearchAction\",\"target\":{\"@type\":\"EntryPoint\",\"urlTemplate\":\"https:\/\/aviator-slotgame.com\/?s={search_term_string}\"},\"query-input\":\"required name=search_term_string\"}],\"inLanguage\":\"az\"},{\"@type\":\"Organization\",\"@id\":\"https:\/\/aviator-slotgame.com\/#organization\",\"name\":\"Aviator\",\"url\":\"https:\/\/aviator-slotgame.com\/\",\"logo\":{\"@type\":\"ImageObject\",\"inLanguage\":\"az\",\"@id\":\"https:\/\/aviator-slotgame.com\/#\/schema\/logo\/image\/\",\"url\":\"https:\/\/aviator-slotgame.com\/wp-content\/uploads\/16f5e8_dade544d4623411c9c4153c639aae85amv2.webp\",\"contentUrl\":\"https:\/\/aviator-slotgame.com\/wp-content\/uploads\/16f5e8_dade544d4623411c9c4153c639aae85amv2.webp\",\"width\":400,\"height\":300,\"caption\":\"Aviator\"},\"image\":{\"@id\":\"https:\/\/aviator-slotgame.com\/#\/schema\/logo\/image\/\"}}]}<\/script>\n<!-- \/ Yoast SEO plugin. -->","yoast_head_json":{"title":"\u0410\u0432\u0438\u0430\u0442\u043e\u0440 \u0441\u043b\u043e\u0442\u044b - Aviator","robots":{"index":"index","follow":"follow","max-snippet":"max-snippet:-1","max-image-preview":"max-image-preview:large","max-video-preview":"max-video-preview:-1"},"canonical":"https:\/\/aviator-slotgame.com\/az\/aviator-vs-\u0259n\u0259n\u0259vi-video-oyun-masinlari\/","og_locale":"az_AZ","og_type":"article","og_title":"\u0410\u0432\u0438\u0430\u0442\u043e\u0440 \u0441\u043b\u043e\u0442\u044b - Aviator","og_description":"Aviator \u043e\u0442 Spribe \u2013 \u044d\u0442\u043e \u043d\u0435 \u043e\u0431\u044b\u0447\u043d\u044b\u0439 \u0432\u0438\u0434\u0435\u043e\u0441\u043b\u043e\u0442. \u041e\u043d \u043f\u0440\u0435\u0434\u043b\u0430\u0433\u0430\u0435\u0442 \u0432\u043e\u0437\u043c\u043e\u0436\u043d\u043e\u0441\u0442\u0438 \u0441\u043e\u0446\u0438\u0430\u043b\u044c\u043d\u044b\u0445 \u0438\u0433\u0440, \u043a\u043e\u0442\u043e\u0440\u044b\u0435 \u0432\u044b \u043d\u0435 \u043d\u0430\u0439\u0434\u0435\u0442\u0435 \u0432 \u0442\u0440\u0430\u0434\u0438\u0446\u0438\u043e\u043d\u043d\u044b\u0445 \u0432\u0438\u0434\u0435\u043e\u0441\u043b\u043e\u0442\u0430\u0445.","og_url":"https:\/\/aviator-slotgame.com\/az\/aviator-vs-\u0259n\u0259n\u0259vi-video-oyun-masinlari\/","og_site_name":"Aviator","article_modified_time":"2024-09-09T10:50:04+00:00","og_image":[{"url":"https:\/\/aviator-slotgame.com\/wp-content\/uploads\/aviator-4-1.png"}],"twitter_card":"summary_large_image","twitter_misc":{"Est. reading time":"4 minutes"},"schema":{"@context":"https:\/\/schema.org","@graph":[{"@type":"WebPage","@id":"https:\/\/aviator-slotgame.com\/aviator-slots\/","url":"https:\/\/aviator-slotgame.com\/aviator-slots\/","name":"\u0410\u0432\u0438\u0430\u0442\u043e\u0440 \u0441\u043b\u043e\u0442\u044b - Aviator","isPartOf":{"@id":"https:\/\/aviator-slotgame.com\/#website"},"datePublished":"2024-04-02T16:05:37+00:00","dateModified":"2024-09-09T10:50:04+00:00","breadcrumb":{"@id":"https:\/\/aviator-slotgame.com\/aviator-slots\/#breadcrumb"},"inLanguage":"az","potentialAction":[{"@type":"ReadAction","target":["https:\/\/aviator-slotgame.com\/aviator-slots\/"]}]},{"@type":"BreadcrumbList","@id":"https:\/\/aviator-slotgame.com\/aviator-slots\/#breadcrumb","itemListElement":[{"@type":"ListItem","position":1,"name":"Home","item":"https:\/\/aviator-slotgame.com\/"},{"@type":"ListItem","position":2,"name":"\u0410\u0432\u0438\u0430\u0442\u043e\u0440 \u0441\u043b\u043e\u0442\u044b"}]},{"@type":"WebSite","@id":"https:\/\/aviator-slotgame.com\/#website","url":"https:\/\/aviator-slotgame.com\/","name":"Aviator","description":"","publisher":{"@id":"https:\/\/aviator-slotgame.com\/#organization"},"potentialAction":[{"@type":"SearchAction","target":{"@type":"EntryPoint","urlTemplate":"https:\/\/aviator-slotgame.com\/?s={search_term_string}"},"query-input":"required name=search_term_string"}],"inLanguage":"az"},{"@type":"Organization","@id":"https:\/\/aviator-slotgame.com\/#organization","name":"Aviator","url":"https:\/\/aviator-slotgame.com\/","logo":{"@type":"ImageObject","inLanguage":"az","@id":"https:\/\/aviator-slotgame.com\/#\/schema\/logo\/image\/","url":"https:\/\/aviator-slotgame.com\/wp-content\/uploads\/16f5e8_dade544d4623411c9c4153c639aae85amv2.webp","contentUrl":"https:\/\/aviator-slotgame.com\/wp-content\/uploads\/16f5e8_dade544d4623411c9c4153c639aae85amv2.webp","width":400,"height":300,"caption":"Aviator"},"image":{"@id":"https:\/\/aviator-slotgame.com\/#\/schema\/logo\/image\/"}}]}},"amp_enabled":true,"_links":{"self":[{"href":"https:\/\/aviator-slotgame.com\/az\/wp-json\/wp\/v2\/pages\/215","targetHints":{"allow":["GET"]}}],"collection":[{"href":"https:\/\/aviator-slotgame.com\/az\/wp-json\/wp\/v2\/pages"}],"about":[{"href":"https:\/\/aviator-slotgame.com\/az\/wp-json\/wp\/v2\/types\/page"}],"author":[{"embeddable":true,"href":"https:\/\/aviator-slotgame.com\/az\/wp-json\/wp\/v2\/users\/1"}],"replies":[{"embeddable":true,"href":"https:\/\/aviator-slotgame.com\/az\/wp-json\/wp\/v2\/comments?post=215"}],"version-history":[{"count":6,"href":"https:\/\/aviator-slotgame.com\/az\/wp-json\/wp\/v2\/pages\/215\/revisions"}],"predecessor-version":[{"id":309,"href":"https:\/\/aviator-slotgame.com\/az\/wp-json\/wp\/v2\/pages\/215\/revisions\/309"}],"wp:attachment":[{"href":"https:\/\/aviator-slotgame.com\/az\/wp-json\/wp\/v2\/media?parent=215"}],"curies":[{"name":"wp","href":"https:\/\/api.w.org\/{rel}","templated":true}]}}