{"id":241,"date":"2024-09-06T13:17:52","date_gmt":"2024-09-06T13:17:52","guid":{"rendered":"https:\/\/aviator-slotgame.com\/?page_id=241"},"modified":"2024-10-03T22:55:56","modified_gmt":"2024-10-03T22:55:56","slug":"download-app","status":"publish","type":"page","link":"https:\/\/aviator-slotgame.com\/az\/download-app\/","title":{"rendered":"Smartfonlar \u00fc\u00e7\u00fcn Aviator q\u0259za oyununu y\u00fckl\u0259yin - T\u0259limatlar"},"content":{"rendered":"<div class=\"fe913c225e9c6bb0b0b570f1ed15cacd\" data-index=\"1\" style=\"float: none; margin:10px 0 10px 0; text-align:center;\">\n<div class=\"custom-play-button\">\r\n<center><a href=\"https:\/\/aviator-slotgame.com\/az\/play-game\/\" rel=\"nofollow\" target=\"_blank\">\u0130ndi oyna<\/a><br><\/center>\r\n<\/div>\n<\/div>\n<p><img loading=\"lazy\" decoding=\"async\" class=\"alignnone size-full wp-image-252\" src=\"https:\/\/aviator-slotgame.com\/wp-content\/uploads\/Aviator-5-800-x-600-\u043f\u0438\u043a\u0441.jpg\" alt=\"Crash oyunu Aviator telefonlar \u00fc\u00e7\u00fcn\" width=\"800\" height=\"600\" srcset=\"https:\/\/aviator-slotgame.com\/wp-content\/uploads\/Aviator-5-800-x-600-\u043f\u0438\u043a\u0441.jpg 800w, https:\/\/aviator-slotgame.com\/wp-content\/uploads\/Aviator-5-800-x-600-\u043f\u0438\u043a\u0441-300x225.jpg 300w, https:\/\/aviator-slotgame.com\/wp-content\/uploads\/Aviator-5-800-x-600-\u043f\u0438\u043a\u0441-768x576.jpg 768w, https:\/\/aviator-slotgame.com\/wp-content\/uploads\/Aviator-5-800-x-600-\u043f\u0438\u043a\u0441-16x12.jpg 16w\" sizes=\"auto, (max-width: 800px) 100vw, 800px\" \/><\/p>\n<h2>Aviator oyununu Android cihaz\u0131n\u0131za endirin<\/h2>\n<p>Bunu etm\u0259k \u00fc\u00e7\u00fcn bu add\u0131mlar\u0131 yerin\u0259 yetirm\u0259lisiniz:<\/p>\n<ol>\n<li>Android cihaz\u0131n\u0131zda Google Play Store-u a\u00e7\u0131n.<\/li>\n<li>Axtar\u0131\u015f \u00e7ubu\u011funa Aviator daxil edin v\u0259 axtar\u0131n.<\/li>\n<li>Laz\u0131m olan proqram\u0131 tap\u0131n v\u0259 Qura\u015fd\u0131r d\u00fcym\u0259sini bas\u0131n.<\/li>\n<li>Oyun endirilib cihaz\u0131n\u0131za qura\u015fd\u0131r\u0131lana q\u0259d\u0259r g\u00f6zl\u0259yin.<\/li>\n<\/ol>\n<p>N\u0259z\u0259r\u0259 al\u0131n ki, Aviator adl\u0131 m\u00fcxt\u0259lif proqramlar proqram ma\u011fazas\u0131nda m\u00f6vcud ola bil\u0259r, ona g\u00f6r\u0259 d\u0259 axtard\u0131\u011f\u0131n\u0131z oyunu d\u0259qiq se\u00e7diyiniz\u0259 \u0259min olun. Z\u0259r\u0259rli proqramlar\u0131n qura\u015fd\u0131r\u0131lmas\u0131n\u0131n qar\u015f\u0131s\u0131n\u0131 almaq \u00fc\u00e7\u00fcn proqram\u0131 r\u0259smi v\u0259 etibarl\u0131 m\u0259nb\u0259d\u0259n endirdiyiniz\u0259 \u0259min olun.<\/p>\n<p>Aviator oyununu Android cihaz\u0131n\u0131zda qura\u015fd\u0131rd\u0131qdan sonra siz\u0259 uy\u011fun olan ist\u0259nil\u0259n vaxt v\u0259 yerd\u0259 bu maraql\u0131 qumar oyununun h\u0259y\u0259can\u0131ndan v\u0259 h\u0259y\u0259can\u0131ndan h\u0259zz ala bil\u0259rsiniz. \u018fsas odur ki, sabit \u0130nternet ba\u011flant\u0131n\u0131z oldu\u011fundan \u0259min olun!<\/p><div class=\"fe913c225e9c6bb0b0b570f1ed15cacd\" data-index=\"1\" style=\"float: none; margin:10px 0 10px 0; text-align:center;\">\n<div class=\"custom-play-button\">\r\n<center><a href=\"https:\/\/aviator-slotgame.com\/az\/play-game\/\" rel=\"nofollow\" target=\"_blank\">\u0130ndi oyna<\/a><br><\/center>\r\n<\/div>\n<\/div>\n\n<p><img loading=\"lazy\" decoding=\"async\" class=\"alignnone size-full wp-image-350\" src=\"https:\/\/aviator-slotgame.com\/wp-content\/uploads\/Aviator-27-800-x-600-\u043f\u0438\u043a\u0441.jpg\" alt=\"Android-d\u0259 Aviator-u y\u00fckl\u0259yin\" width=\"800\" height=\"600\" srcset=\"https:\/\/aviator-slotgame.com\/wp-content\/uploads\/Aviator-27-800-x-600-\u043f\u0438\u043a\u0441.jpg 800w, https:\/\/aviator-slotgame.com\/wp-content\/uploads\/Aviator-27-800-x-600-\u043f\u0438\u043a\u0441-300x225.jpg 300w, https:\/\/aviator-slotgame.com\/wp-content\/uploads\/Aviator-27-800-x-600-\u043f\u0438\u043a\u0441-768x576.jpg 768w, https:\/\/aviator-slotgame.com\/wp-content\/uploads\/Aviator-27-800-x-600-\u043f\u0438\u043a\u0441-16x12.jpg 16w\" sizes=\"auto, (max-width: 800px) 100vw, 800px\" \/><\/p>\n<h2>Aviator oyununu iOS cihaz\u0131n\u0131za endirin<\/h2>\n<p>Aviator oyununu iPhone v\u0259 ya iPad kimi iOS cihazlar\u0131na y\u00fckl\u0259m\u0259k \u00fc\u00e7\u00fcn App Store-a daxil olmal\u0131s\u0131n\u0131z. Oyunu iOS cihaz\u0131n\u0131za y\u00fckl\u0259m\u0259k \u00fc\u00e7\u00fcn bu add\u0131mlar\u0131 yerin\u0259 yetirin:<\/p>\n<ol>\n<li>iOS cihaz\u0131n\u0131zda App Store-u a\u00e7\u0131n.<\/li>\n<li>Ekran\u0131n alt\u0131ndak\u0131 Axtar\u0131\u015f simgesini bas\u0131n.<\/li>\n<li>Axtar\u0131\u015f \u00e7ubu\u011funa Aviator yaz\u0131n v\u0259 Axtar d\u00fcym\u0259sini bas\u0131n.<\/li>\n<li>Axtar\u0131\u015f n\u0259tic\u0259l\u0259rind\u0259 Aviator proqram\u0131n\u0131 tap\u0131n v\u0259 \u00fcz\u0259rin\u0259 klikl\u0259yin.<\/li>\n<li>Proqram\u0131n yan\u0131nda Qura\u015fd\u0131r d\u00fcym\u0259sini bas\u0131n.<\/li>\n<li>Apple ID parolunuzu daxil edin v\u0259 ya endirm\u0259 v\u0259 qura\u015fd\u0131rman\u0131 t\u0259sdiql\u0259m\u0259k \u00fc\u00e7\u00fcn Touch ID v\u0259 ya \u00dcz ID-d\u0259n istifad\u0259 edin.<\/li>\n<\/ol>\n<p>Qura\u015fd\u0131rma tamamland\u0131qdan sonra siz iOS cihaz\u0131n\u0131zda Aviator oyunundan h\u0259zz ala bil\u0259rsiniz. Saxta v\u0259 ya z\u0259r\u0259rli proqramlar\u0131n qura\u015fd\u0131r\u0131lmas\u0131n\u0131n qar\u015f\u0131s\u0131n\u0131 almaq \u00fc\u00e7\u00fcn etibar etdiyiniz t\u0259rtibat\u00e7\u0131dan proqram endirdiyiniz\u0259 \u0259min olun.<\/p>\n<p><img loading=\"lazy\" decoding=\"async\" class=\"alignnone size-full wp-image-352\" src=\"https:\/\/aviator-slotgame.com\/wp-content\/uploads\/Aviator-28-800-x-600-\u043f\u0438\u043a\u0441.jpg\" alt=\"iOS \u00fc\u00e7\u00fcn Aviator proqram\u0131n\u0131 y\u00fckl\u0259yin\" width=\"800\" height=\"600\" srcset=\"https:\/\/aviator-slotgame.com\/wp-content\/uploads\/Aviator-28-800-x-600-\u043f\u0438\u043a\u0441.jpg 800w, https:\/\/aviator-slotgame.com\/wp-content\/uploads\/Aviator-28-800-x-600-\u043f\u0438\u043a\u0441-300x225.jpg 300w, https:\/\/aviator-slotgame.com\/wp-content\/uploads\/Aviator-28-800-x-600-\u043f\u0438\u043a\u0441-768x576.jpg 768w, https:\/\/aviator-slotgame.com\/wp-content\/uploads\/Aviator-28-800-x-600-\u043f\u0438\u043a\u0441-16x12.jpg 16w\" sizes=\"auto, (max-width: 800px) 100vw, 800px\" \/><\/p>\n\n<div style=\"font-size: 0px; height: 0px; line-height: 0px; margin: 0; padding: 0; clear: both;\"><\/div>","protected":false},"excerpt":{"rendered":"<p>Aviator oyununu Android cihaz\u0131n\u0131za endirin Bunu etm\u0259k \u00fc\u00e7\u00fcn siz bu add\u0131mlar\u0131 yerin\u0259 yetirm\u0259lisiniz: Cihaz\u0131n\u0131zda Google Play Store-u a\u00e7\u0131n<\/p>","protected":false},"author":1,"featured_media":0,"parent":0,"menu_order":0,"comment_status":"closed","ping_status":"closed","template":"","meta":{"footnotes":""},"class_list":["post-241","page","type-page","status-publish","hentry"],"yoast_head":"<!-- This site is optimized with the Yoast SEO plugin v22.0 - https:\/\/yoast.com\/wordpress\/plugins\/seo\/ -->\n<title>\u0421\u043a\u0430\u0447\u0430\u0442\u044c \u0438\u0433\u0440\u0443 \u0410\u0432\u0438\u0430\u0442\u043e\u0440 \u043d\u0430 Android \u0438 iOS \u2014 \u0423\u0441\u0442\u0430\u043d\u043e\u0432\u043a\u0430 \u043a\u0440\u0430\u0448-\u0438\u0433\u0440\u044b<\/title>\n<meta name=\"description\" content=\"\u0423\u0437\u043d\u0430\u0439\u0442\u0435, \u043a\u0430\u043a \u0441\u043a\u0430\u0447\u0430\u0442\u044c \u043a\u0440\u0430\u0448-\u0438\u0433\u0440\u0443 \u0410\u0432\u0438\u0430\u0442\u043e\u0440 \u043d\u0430 \u043c\u043e\u0431\u0438\u043b\u044c\u043d\u044b\u0435 \u0443\u0441\u0442\u0440\u043e\u0439\u0441\u0442\u0432\u0430 Android \u0438 iOS. \u0418\u0433\u0440\u0430\u0439 \u043d\u0430 \u0442\u0435\u043b\u0435\u0444\u043e\u043d\u0435 \u0432 \u043e\u043d\u043b\u0430\u0439\u043d \u043a\u0430\u0437\u0438\u043d\u043e \u0438\u0433\u0440\u0443 \u0447\u0435\u0440\u0435\u0437 Google Play \u0438 App Store.\" \/>\n<meta name=\"robots\" content=\"index, follow, max-snippet:-1, max-image-preview:large, max-video-preview:-1\" \/>\n<link rel=\"canonical\" href=\"https:\/\/aviator-slotgame.com\/az\/download-app\/\" \/>\n<meta property=\"og:locale\" content=\"az_AZ\" \/>\n<meta property=\"og:type\" content=\"article\" \/>\n<meta property=\"og:title\" content=\"\u0421\u043a\u0430\u0447\u0430\u0442\u044c \u0438\u0433\u0440\u0443 \u0410\u0432\u0438\u0430\u0442\u043e\u0440 \u043d\u0430 Android \u0438 iOS \u2014 \u0423\u0441\u0442\u0430\u043d\u043e\u0432\u043a\u0430 \u043a\u0440\u0430\u0448-\u0438\u0433\u0440\u044b\" \/>\n<meta property=\"og:description\" content=\"\u0423\u0437\u043d\u0430\u0439\u0442\u0435, \u043a\u0430\u043a \u0441\u043a\u0430\u0447\u0430\u0442\u044c \u043a\u0440\u0430\u0448-\u0438\u0433\u0440\u0443 \u0410\u0432\u0438\u0430\u0442\u043e\u0440 \u043d\u0430 \u043c\u043e\u0431\u0438\u043b\u044c\u043d\u044b\u0435 \u0443\u0441\u0442\u0440\u043e\u0439\u0441\u0442\u0432\u0430 Android \u0438 iOS. \u0418\u0433\u0440\u0430\u0439 \u043d\u0430 \u0442\u0435\u043b\u0435\u0444\u043e\u043d\u0435 \u0432 \u043e\u043d\u043b\u0430\u0439\u043d \u043a\u0430\u0437\u0438\u043d\u043e \u0438\u0433\u0440\u0443 \u0447\u0435\u0440\u0435\u0437 Google Play \u0438 App Store.\" \/>\n<meta property=\"og:url\" content=\"https:\/\/aviator-slotgame.com\/az\/download-app\/\" \/>\n<meta property=\"og:site_name\" content=\"Aviator\" \/>\n<meta property=\"article:modified_time\" content=\"2024-10-03T22:55:56+00:00\" \/>\n<meta name=\"twitter:card\" content=\"summary_large_image\" \/>\n<meta name=\"twitter:label1\" content=\"Est. reading time\" \/>\n\t<meta name=\"twitter:data1\" content=\"2 minutes\" \/>\n<script type=\"application\/ld+json\" class=\"yoast-schema-graph\">{\"@context\":\"https:\/\/schema.org\",\"@graph\":[{\"@type\":\"WebPage\",\"@id\":\"https:\/\/aviator-slotgame.com\/download-app\/\",\"url\":\"https:\/\/aviator-slotgame.com\/download-app\/\",\"name\":\"\u0421\u043a\u0430\u0447\u0430\u0442\u044c \u0438\u0433\u0440\u0443 \u0410\u0432\u0438\u0430\u0442\u043e\u0440 \u043d\u0430 Android \u0438 iOS \u2014 \u0423\u0441\u0442\u0430\u043d\u043e\u0432\u043a\u0430 \u043a\u0440\u0430\u0448-\u0438\u0433\u0440\u044b\",\"isPartOf\":{\"@id\":\"https:\/\/aviator-slotgame.com\/#website\"},\"datePublished\":\"2024-09-06T13:17:52+00:00\",\"dateModified\":\"2024-10-03T22:55:56+00:00\",\"description\":\"\u0423\u0437\u043d\u0430\u0439\u0442\u0435, \u043a\u0430\u043a \u0441\u043a\u0430\u0447\u0430\u0442\u044c \u043a\u0440\u0430\u0448-\u0438\u0433\u0440\u0443 \u0410\u0432\u0438\u0430\u0442\u043e\u0440 \u043d\u0430 \u043c\u043e\u0431\u0438\u043b\u044c\u043d\u044b\u0435 \u0443\u0441\u0442\u0440\u043e\u0439\u0441\u0442\u0432\u0430 Android \u0438 iOS. \u0418\u0433\u0440\u0430\u0439 \u043d\u0430 \u0442\u0435\u043b\u0435\u0444\u043e\u043d\u0435 \u0432 \u043e\u043d\u043b\u0430\u0439\u043d \u043a\u0430\u0437\u0438\u043d\u043e \u0438\u0433\u0440\u0443 \u0447\u0435\u0440\u0435\u0437 Google Play \u0438 App Store.\",\"breadcrumb\":{\"@id\":\"https:\/\/aviator-slotgame.com\/download-app\/#breadcrumb\"},\"inLanguage\":\"az\",\"potentialAction\":[{\"@type\":\"ReadAction\",\"target\":[\"https:\/\/aviator-slotgame.com\/download-app\/\"]}]},{\"@type\":\"BreadcrumbList\",\"@id\":\"https:\/\/aviator-slotgame.com\/download-app\/#breadcrumb\",\"itemListElement\":[{\"@type\":\"ListItem\",\"position\":1,\"name\":\"Home\",\"item\":\"https:\/\/aviator-slotgame.com\/\"},{\"@type\":\"ListItem\",\"position\":2,\"name\":\"\u0417\u0430\u0433\u0440\u0443\u0437\u0438\u0442\u0435 \u043a\u0440\u0430\u0448-\u0438\u0433\u0440\u0443 \u0410\u0432\u0438\u0430\u0442\u043e\u0440 \u0434\u043b\u044f \u0441\u043c\u0430\u0440\u0442\u0444\u043e\u043d\u043e\u0432 \u2014 \u0418\u043d\u0441\u0442\u0440\u0443\u043a\u0446\u0438\u044f\"}]},{\"@type\":\"WebSite\",\"@id\":\"https:\/\/aviator-slotgame.com\/#website\",\"url\":\"https:\/\/aviator-slotgame.com\/\",\"name\":\"Aviator\",\"description\":\"\",\"publisher\":{\"@id\":\"https:\/\/aviator-slotgame.com\/#organization\"},\"potentialAction\":[{\"@type\":\"SearchAction\",\"target\":{\"@type\":\"EntryPoint\",\"urlTemplate\":\"https:\/\/aviator-slotgame.com\/?s={search_term_string}\"},\"query-input\":\"required name=search_term_string\"}],\"inLanguage\":\"az\"},{\"@type\":\"Organization\",\"@id\":\"https:\/\/aviator-slotgame.com\/#organization\",\"name\":\"Aviator\",\"url\":\"https:\/\/aviator-slotgame.com\/\",\"logo\":{\"@type\":\"ImageObject\",\"inLanguage\":\"az\",\"@id\":\"https:\/\/aviator-slotgame.com\/#\/schema\/logo\/image\/\",\"url\":\"https:\/\/aviator-slotgame.com\/wp-content\/uploads\/16f5e8_dade544d4623411c9c4153c639aae85amv2.webp\",\"contentUrl\":\"https:\/\/aviator-slotgame.com\/wp-content\/uploads\/16f5e8_dade544d4623411c9c4153c639aae85amv2.webp\",\"width\":400,\"height\":300,\"caption\":\"Aviator\"},\"image\":{\"@id\":\"https:\/\/aviator-slotgame.com\/#\/schema\/logo\/image\/\"}}]}<\/script>\n<!-- \/ Yoast SEO plugin. -->","yoast_head_json":{"title":"\u0421\u043a\u0430\u0447\u0430\u0442\u044c \u0438\u0433\u0440\u0443 \u0410\u0432\u0438\u0430\u0442\u043e\u0440 \u043d\u0430 Android \u0438 iOS \u2014 \u0423\u0441\u0442\u0430\u043d\u043e\u0432\u043a\u0430 \u043a\u0440\u0430\u0448-\u0438\u0433\u0440\u044b","description":"\u0423\u0437\u043d\u0430\u0439\u0442\u0435, \u043a\u0430\u043a \u0441\u043a\u0430\u0447\u0430\u0442\u044c \u043a\u0440\u0430\u0448-\u0438\u0433\u0440\u0443 \u0410\u0432\u0438\u0430\u0442\u043e\u0440 \u043d\u0430 \u043c\u043e\u0431\u0438\u043b\u044c\u043d\u044b\u0435 \u0443\u0441\u0442\u0440\u043e\u0439\u0441\u0442\u0432\u0430 Android \u0438 iOS. \u0418\u0433\u0440\u0430\u0439 \u043d\u0430 \u0442\u0435\u043b\u0435\u0444\u043e\u043d\u0435 \u0432 \u043e\u043d\u043b\u0430\u0439\u043d \u043a\u0430\u0437\u0438\u043d\u043e \u0438\u0433\u0440\u0443 \u0447\u0435\u0440\u0435\u0437 Google Play \u0438 App Store.","robots":{"index":"index","follow":"follow","max-snippet":"max-snippet:-1","max-image-preview":"max-image-preview:large","max-video-preview":"max-video-preview:-1"},"canonical":"https:\/\/aviator-slotgame.com\/az\/download-app\/","og_locale":"az_AZ","og_type":"article","og_title":"\u0421\u043a\u0430\u0447\u0430\u0442\u044c \u0438\u0433\u0440\u0443 \u0410\u0432\u0438\u0430\u0442\u043e\u0440 \u043d\u0430 Android \u0438 iOS \u2014 \u0423\u0441\u0442\u0430\u043d\u043e\u0432\u043a\u0430 \u043a\u0440\u0430\u0448-\u0438\u0433\u0440\u044b","og_description":"\u0423\u0437\u043d\u0430\u0439\u0442\u0435, \u043a\u0430\u043a \u0441\u043a\u0430\u0447\u0430\u0442\u044c \u043a\u0440\u0430\u0448-\u0438\u0433\u0440\u0443 \u0410\u0432\u0438\u0430\u0442\u043e\u0440 \u043d\u0430 \u043c\u043e\u0431\u0438\u043b\u044c\u043d\u044b\u0435 \u0443\u0441\u0442\u0440\u043e\u0439\u0441\u0442\u0432\u0430 Android \u0438 iOS. \u0418\u0433\u0440\u0430\u0439 \u043d\u0430 \u0442\u0435\u043b\u0435\u0444\u043e\u043d\u0435 \u0432 \u043e\u043d\u043b\u0430\u0439\u043d \u043a\u0430\u0437\u0438\u043d\u043e \u0438\u0433\u0440\u0443 \u0447\u0435\u0440\u0435\u0437 Google Play \u0438 App Store.","og_url":"https:\/\/aviator-slotgame.com\/az\/download-app\/","og_site_name":"Aviator","article_modified_time":"2024-10-03T22:55:56+00:00","twitter_card":"summary_large_image","twitter_misc":{"Est. reading time":"2 minutes"},"schema":{"@context":"https:\/\/schema.org","@graph":[{"@type":"WebPage","@id":"https:\/\/aviator-slotgame.com\/download-app\/","url":"https:\/\/aviator-slotgame.com\/download-app\/","name":"\u0421\u043a\u0430\u0447\u0430\u0442\u044c \u0438\u0433\u0440\u0443 \u0410\u0432\u0438\u0430\u0442\u043e\u0440 \u043d\u0430 Android \u0438 iOS \u2014 \u0423\u0441\u0442\u0430\u043d\u043e\u0432\u043a\u0430 \u043a\u0440\u0430\u0448-\u0438\u0433\u0440\u044b","isPartOf":{"@id":"https:\/\/aviator-slotgame.com\/#website"},"datePublished":"2024-09-06T13:17:52+00:00","dateModified":"2024-10-03T22:55:56+00:00","description":"\u0423\u0437\u043d\u0430\u0439\u0442\u0435, \u043a\u0430\u043a \u0441\u043a\u0430\u0447\u0430\u0442\u044c \u043a\u0440\u0430\u0448-\u0438\u0433\u0440\u0443 \u0410\u0432\u0438\u0430\u0442\u043e\u0440 \u043d\u0430 \u043c\u043e\u0431\u0438\u043b\u044c\u043d\u044b\u0435 \u0443\u0441\u0442\u0440\u043e\u0439\u0441\u0442\u0432\u0430 Android \u0438 iOS. \u0418\u0433\u0440\u0430\u0439 \u043d\u0430 \u0442\u0435\u043b\u0435\u0444\u043e\u043d\u0435 \u0432 \u043e\u043d\u043b\u0430\u0439\u043d \u043a\u0430\u0437\u0438\u043d\u043e \u0438\u0433\u0440\u0443 \u0447\u0435\u0440\u0435\u0437 Google Play \u0438 App Store.","breadcrumb":{"@id":"https:\/\/aviator-slotgame.com\/download-app\/#breadcrumb"},"inLanguage":"az","potentialAction":[{"@type":"ReadAction","target":["https:\/\/aviator-slotgame.com\/download-app\/"]}]},{"@type":"BreadcrumbList","@id":"https:\/\/aviator-slotgame.com\/download-app\/#breadcrumb","itemListElement":[{"@type":"ListItem","position":1,"name":"Home","item":"https:\/\/aviator-slotgame.com\/"},{"@type":"ListItem","position":2,"name":"\u0417\u0430\u0433\u0440\u0443\u0437\u0438\u0442\u0435 \u043a\u0440\u0430\u0448-\u0438\u0433\u0440\u0443 \u0410\u0432\u0438\u0430\u0442\u043e\u0440 \u0434\u043b\u044f \u0441\u043c\u0430\u0440\u0442\u0444\u043e\u043d\u043e\u0432 \u2014 \u0418\u043d\u0441\u0442\u0440\u0443\u043a\u0446\u0438\u044f"}]},{"@type":"WebSite","@id":"https:\/\/aviator-slotgame.com\/#website","url":"https:\/\/aviator-slotgame.com\/","name":"Aviator","description":"","publisher":{"@id":"https:\/\/aviator-slotgame.com\/#organization"},"potentialAction":[{"@type":"SearchAction","target":{"@type":"EntryPoint","urlTemplate":"https:\/\/aviator-slotgame.com\/?s={search_term_string}"},"query-input":"required name=search_term_string"}],"inLanguage":"az"},{"@type":"Organization","@id":"https:\/\/aviator-slotgame.com\/#organization","name":"Aviator","url":"https:\/\/aviator-slotgame.com\/","logo":{"@type":"ImageObject","inLanguage":"az","@id":"https:\/\/aviator-slotgame.com\/#\/schema\/logo\/image\/","url":"https:\/\/aviator-slotgame.com\/wp-content\/uploads\/16f5e8_dade544d4623411c9c4153c639aae85amv2.webp","contentUrl":"https:\/\/aviator-slotgame.com\/wp-content\/uploads\/16f5e8_dade544d4623411c9c4153c639aae85amv2.webp","width":400,"height":300,"caption":"Aviator"},"image":{"@id":"https:\/\/aviator-slotgame.com\/#\/schema\/logo\/image\/"}}]}},"amp_enabled":true,"_links":{"self":[{"href":"https:\/\/aviator-slotgame.com\/az\/wp-json\/wp\/v2\/pages\/241","targetHints":{"allow":["GET"]}}],"collection":[{"href":"https:\/\/aviator-slotgame.com\/az\/wp-json\/wp\/v2\/pages"}],"about":[{"href":"https:\/\/aviator-slotgame.com\/az\/wp-json\/wp\/v2\/types\/page"}],"author":[{"embeddable":true,"href":"https:\/\/aviator-slotgame.com\/az\/wp-json\/wp\/v2\/users\/1"}],"replies":[{"embeddable":true,"href":"https:\/\/aviator-slotgame.com\/az\/wp-json\/wp\/v2\/comments?post=241"}],"version-history":[{"count":10,"href":"https:\/\/aviator-slotgame.com\/az\/wp-json\/wp\/v2\/pages\/241\/revisions"}],"predecessor-version":[{"id":409,"href":"https:\/\/aviator-slotgame.com\/az\/wp-json\/wp\/v2\/pages\/241\/revisions\/409"}],"wp:attachment":[{"href":"https:\/\/aviator-slotgame.com\/az\/wp-json\/wp\/v2\/media?parent=241"}],"curies":[{"name":"wp","href":"https:\/\/api.w.org\/{rel}","templated":true}]}}