{"id":254,"date":"2024-09-06T13:57:42","date_gmt":"2024-09-06T13:57:42","guid":{"rendered":"https:\/\/aviator-slotgame.com\/?page_id=254"},"modified":"2024-10-03T22:49:00","modified_gmt":"2024-10-03T22:49:00","slug":"reviews","status":"publish","type":"page","link":"https:\/\/aviator-slotgame.com\/az\/reviews\/","title":{"rendered":"Aviator oyununun r\u0259yl\u0259ri - Pul \u00fc\u00e7\u00fcn q\u0259za yuvas\u0131ndan t\u0259\u0259ss\u00fcratlar"},"content":{"rendered":"<div class=\"fe913c225e9c6bb0b0b570f1ed15cacd\" data-index=\"1\" style=\"float: none; margin:10px 0 10px 0; text-align:center;\">\n<div class=\"custom-play-button\">\r\n<center><a href=\"https:\/\/aviator-slotgame.com\/az\/play-game\/\" rel=\"nofollow\" target=\"_blank\">\u0130ndi oyna<\/a><br><\/center>\r\n<\/div>\n<\/div>\n<p><img loading=\"lazy\" decoding=\"async\" class=\"alignnone size-full wp-image-259\" src=\"https:\/\/aviator-slotgame.com\/wp-content\/uploads\/Aviator-6-800-x-600-\u043f\u0438\u043a\u0441.-1.jpg\" alt=\"Aviator oyununun r\u0259yl\u0259ri\" width=\"800\" height=\"600\" srcset=\"https:\/\/aviator-slotgame.com\/wp-content\/uploads\/Aviator-6-800-x-600-\u043f\u0438\u043a\u0441.-1.jpg 800w, https:\/\/aviator-slotgame.com\/wp-content\/uploads\/Aviator-6-800-x-600-\u043f\u0438\u043a\u0441.-1-300x225.jpg 300w, https:\/\/aviator-slotgame.com\/wp-content\/uploads\/Aviator-6-800-x-600-\u043f\u0438\u043a\u0441.-1-768x576.jpg 768w, https:\/\/aviator-slotgame.com\/wp-content\/uploads\/Aviator-6-800-x-600-\u043f\u0438\u043a\u0441.-1-16x12.jpg 16w\" sizes=\"auto, (max-width: 800px) 100vw, 800px\" \/><\/p>\n<h2>R\u0259yl\u0259r<\/h2>\n<ol>\n<li>M\u0259n bu yax\u0131nlarda Aviator qumar oyununu oynama\u011fa ba\u015flad\u0131m v\u0259 art\u0131q kifay\u0259t q\u0259d\u0259r \u00e7ox pul qazanma\u011f\u0131 bacard\u0131m))) \u00c7ox maraql\u0131 v\u0259 h\u0259y\u0259canl\u0131 t\u0259cr\u00fcb\u0259, b\u00fct\u00fcn adrenalin h\u0259v\u0259skarlar\u0131na t\u00f6vsiy\u0259 edir\u0259m.\u00a0<em>Aleksey, 32 ya\u015f<\/em><\/li>\n<li>Aviator oynamaq m\u0259ni sad\u0259c\u0259 heyran edir! Cazib\u0259dar qrafika, as\u0131l\u0131l\u0131q yaradan oyun v\u0259 b\u00f6y\u00fck qazanmaq \u015fans\u0131 bu oyunu m\u0259nim sevimlil\u0259rimd\u0259n birin\u0259 \u00e7evirir.\u00a0<em>Yuliya, 21 ya\u015f<\/em><\/li>\n<li>Aviator oyunu ilk d\u0259qiq\u0259l\u0259rd\u0259n m\u0259ni valeh etdi! M\u0259n \u00f6z\u00fcm\u00fc maraql\u0131 prosesd\u0259n qopar\u0131b n\u0259h\u0259ng bir \u00e7arpan tutma\u011f\u0131 x\u0259yal ed\u0259 bilmir\u0259m, bir d\u0259f\u0259 u\u011fur qazand\u0131m)) H\u0259r k\u0259s\u0259 s\u0131nama\u011f\u0131 t\u00f6vsiy\u0259 edir\u0259m!\u00a0<em>Daniil, 29 ya\u015f<\/em><\/li>\n<li>Aviator h\u0259y\u0259can v\u0259 adrenalini sev\u0259nl\u0259r \u00fc\u00e7\u00fcn \u0259la oyundur. \u00d6z\u00fcn\u00fcz\u00fc bir pilot kimi hiss ed\u0259 bil\u0259c\u0259yinizi v\u0259 eyni zamanda balans\u0131n\u0131z\u0131 nec\u0259 art\u0131ra bil\u0259c\u0259yinizi sevir\u0259m.\u00a0<em>Vladimir, 34 ya\u015f<\/em><\/li>\n<li>Aviator qumar oyunu m\u0259nim \u00fc\u00e7\u00fcn \u0259sl problem oldu. B\u0259z\u0259n u\u011fursuzluqlarla \u00fczl\u0259\u015fm\u0259li olsan da, q\u0259l\u0259b\u0259 sevinci b\u00fct\u00fcn \u00e7\u0259tinlikl\u0259r\u0259 qalib g\u0259lir. M\u0259n bunu b\u00fct\u00fcn qumar h\u0259v\u0259skarlar\u0131na t\u00f6vsiy\u0259 edir\u0259m!\u00a0<em>Svetlana, 24 ya\u015f<\/em><\/li>\n<\/ol>\n\n<div style=\"font-size: 0px; height: 0px; line-height: 0px; margin: 0; padding: 0; clear: both;\"><\/div>","protected":false},"excerpt":{"rendered":"<p>R\u0259yl\u0259r M\u0259n bu yax\u0131nlarda Aviator qumar oyununu oynama\u011fa ba\u015flad\u0131m v\u0259 art\u0131q kifay\u0259t q\u0259d\u0259r pul qazanma\u011f\u0131 bacard\u0131m))) \u00c7ox maraql\u0131 v\u0259 h\u0259y\u0259canverici t\u0259cr\u00fcb\u0259<\/p>","protected":false},"author":1,"featured_media":0,"parent":0,"menu_order":0,"comment_status":"closed","ping_status":"closed","template":"","meta":{"footnotes":""},"class_list":["post-254","page","type-page","status-publish","hentry"],"yoast_head":"<!-- This site is optimized with the Yoast SEO plugin v22.0 - https:\/\/yoast.com\/wordpress\/plugins\/seo\/ -->\n<title>\u041e\u0442\u0437\u044b\u0432\u044b \u043e\u0431 \u0438\u0433\u0440\u0435 \u0410\u0432\u0438\u0430\u0442\u043e\u0440 \u2014 \u041c\u043d\u0435\u043d\u0438\u044f \u0438\u0433\u0440\u043e\u043a\u043e\u0432 \u043e \u043a\u0440\u0430\u0448-\u0438\u0433\u0440\u0435<\/title>\n<meta name=\"description\" content=\"\u041f\u0440\u043e\u0447\u0438\u0442\u0430\u0439\u0442\u0435 \u0440\u0435\u0430\u043b\u044c\u043d\u044b\u0435 \u043e\u0442\u0437\u044b\u0432\u044b \u043e\u0442 \u0438\u0433\u0440\u043e\u043a\u043e\u0432 \u043e\u0431 \u0430\u0437\u0430\u0440\u0442\u043d\u043e\u0439 \u0438\u0433\u0440\u0435 \u0410\u0432\u0438\u0430\u0442\u043e\u0440. \u0423\u0437\u043d\u0430\u0439\u0442\u0435, \u043a\u0430\u043a \u0441\u043b\u043e\u0442 \u0410\u0432\u0438\u0430\u0442\u043e\u0440 \u043f\u0440\u0438\u043d\u043e\u0441\u0438\u0442 \u0430\u0434\u0440\u0435\u043d\u0430\u043b\u0438\u043d, \u0430\u0437\u0430\u0440\u0442 \u0438 \u0440\u0435\u0430\u043b\u044c\u043d\u044b\u0435 \u0434\u0435\u043d\u044c\u0433\u0438 \u0432\u044b\u0438\u0433\u0440\u044b\u0448\u0430 \u0432 \u043e\u043d\u043b\u0430\u0439\u043d \u043a\u0430\u0437\u0438\u043d\u043e.\" \/>\n<meta name=\"robots\" content=\"index, follow, max-snippet:-1, max-image-preview:large, max-video-preview:-1\" \/>\n<link rel=\"canonical\" href=\"https:\/\/aviator-slotgame.com\/az\/reviews\/\" \/>\n<meta property=\"og:locale\" content=\"az_AZ\" \/>\n<meta property=\"og:type\" content=\"article\" \/>\n<meta property=\"og:title\" content=\"\u041e\u0442\u0437\u044b\u0432\u044b \u043e\u0431 \u0438\u0433\u0440\u0435 \u0410\u0432\u0438\u0430\u0442\u043e\u0440 \u2014 \u041c\u043d\u0435\u043d\u0438\u044f \u0438\u0433\u0440\u043e\u043a\u043e\u0432 \u043e \u043a\u0440\u0430\u0448-\u0438\u0433\u0440\u0435\" \/>\n<meta property=\"og:description\" content=\"\u041f\u0440\u043e\u0447\u0438\u0442\u0430\u0439\u0442\u0435 \u0440\u0435\u0430\u043b\u044c\u043d\u044b\u0435 \u043e\u0442\u0437\u044b\u0432\u044b \u043e\u0442 \u0438\u0433\u0440\u043e\u043a\u043e\u0432 \u043e\u0431 \u0430\u0437\u0430\u0440\u0442\u043d\u043e\u0439 \u0438\u0433\u0440\u0435 \u0410\u0432\u0438\u0430\u0442\u043e\u0440. \u0423\u0437\u043d\u0430\u0439\u0442\u0435, \u043a\u0430\u043a \u0441\u043b\u043e\u0442 \u0410\u0432\u0438\u0430\u0442\u043e\u0440 \u043f\u0440\u0438\u043d\u043e\u0441\u0438\u0442 \u0430\u0434\u0440\u0435\u043d\u0430\u043b\u0438\u043d, \u0430\u0437\u0430\u0440\u0442 \u0438 \u0440\u0435\u0430\u043b\u044c\u043d\u044b\u0435 \u0434\u0435\u043d\u044c\u0433\u0438 \u0432\u044b\u0438\u0433\u0440\u044b\u0448\u0430 \u0432 \u043e\u043d\u043b\u0430\u0439\u043d \u043a\u0430\u0437\u0438\u043d\u043e.\" \/>\n<meta property=\"og:url\" content=\"https:\/\/aviator-slotgame.com\/az\/reviews\/\" \/>\n<meta property=\"og:site_name\" content=\"Aviator\" \/>\n<meta property=\"article:modified_time\" content=\"2024-10-03T22:49:00+00:00\" \/>\n<meta name=\"twitter:card\" content=\"summary_large_image\" \/>\n<meta name=\"twitter:label1\" content=\"Est. reading time\" \/>\n\t<meta name=\"twitter:data1\" content=\"1 minute\" \/>\n<script type=\"application\/ld+json\" class=\"yoast-schema-graph\">{\"@context\":\"https:\/\/schema.org\",\"@graph\":[{\"@type\":\"WebPage\",\"@id\":\"https:\/\/aviator-slotgame.com\/reviews\/\",\"url\":\"https:\/\/aviator-slotgame.com\/reviews\/\",\"name\":\"\u041e\u0442\u0437\u044b\u0432\u044b \u043e\u0431 \u0438\u0433\u0440\u0435 \u0410\u0432\u0438\u0430\u0442\u043e\u0440 \u2014 \u041c\u043d\u0435\u043d\u0438\u044f \u0438\u0433\u0440\u043e\u043a\u043e\u0432 \u043e \u043a\u0440\u0430\u0448-\u0438\u0433\u0440\u0435\",\"isPartOf\":{\"@id\":\"https:\/\/aviator-slotgame.com\/#website\"},\"datePublished\":\"2024-09-06T13:57:42+00:00\",\"dateModified\":\"2024-10-03T22:49:00+00:00\",\"description\":\"\u041f\u0440\u043e\u0447\u0438\u0442\u0430\u0439\u0442\u0435 \u0440\u0435\u0430\u043b\u044c\u043d\u044b\u0435 \u043e\u0442\u0437\u044b\u0432\u044b \u043e\u0442 \u0438\u0433\u0440\u043e\u043a\u043e\u0432 \u043e\u0431 \u0430\u0437\u0430\u0440\u0442\u043d\u043e\u0439 \u0438\u0433\u0440\u0435 \u0410\u0432\u0438\u0430\u0442\u043e\u0440. \u0423\u0437\u043d\u0430\u0439\u0442\u0435, \u043a\u0430\u043a \u0441\u043b\u043e\u0442 \u0410\u0432\u0438\u0430\u0442\u043e\u0440 \u043f\u0440\u0438\u043d\u043e\u0441\u0438\u0442 \u0430\u0434\u0440\u0435\u043d\u0430\u043b\u0438\u043d, \u0430\u0437\u0430\u0440\u0442 \u0438 \u0440\u0435\u0430\u043b\u044c\u043d\u044b\u0435 \u0434\u0435\u043d\u044c\u0433\u0438 \u0432\u044b\u0438\u0433\u0440\u044b\u0448\u0430 \u0432 \u043e\u043d\u043b\u0430\u0439\u043d \u043a\u0430\u0437\u0438\u043d\u043e.\",\"breadcrumb\":{\"@id\":\"https:\/\/aviator-slotgame.com\/reviews\/#breadcrumb\"},\"inLanguage\":\"az\",\"potentialAction\":[{\"@type\":\"ReadAction\",\"target\":[\"https:\/\/aviator-slotgame.com\/reviews\/\"]}]},{\"@type\":\"BreadcrumbList\",\"@id\":\"https:\/\/aviator-slotgame.com\/reviews\/#breadcrumb\",\"itemListElement\":[{\"@type\":\"ListItem\",\"position\":1,\"name\":\"Home\",\"item\":\"https:\/\/aviator-slotgame.com\/\"},{\"@type\":\"ListItem\",\"position\":2,\"name\":\"\u041e\u0442\u0437\u044b\u0432\u044b \u043e\u0431 \u0438\u0433\u0440\u0435 \u0410\u0432\u0438\u0430\u0442\u043e\u0440 \u2014 \u0412\u043f\u0435\u0447\u0430\u0442\u043b\u0435\u043d\u0438\u044f \u043e\u0442 \u043a\u0440\u0430\u0448-\u0441\u043b\u043e\u0442\u0430 \u043d\u0430 \u0434\u0435\u043d\u044c\u0433\u0438\"}]},{\"@type\":\"WebSite\",\"@id\":\"https:\/\/aviator-slotgame.com\/#website\",\"url\":\"https:\/\/aviator-slotgame.com\/\",\"name\":\"Aviator\",\"description\":\"\",\"publisher\":{\"@id\":\"https:\/\/aviator-slotgame.com\/#organization\"},\"potentialAction\":[{\"@type\":\"SearchAction\",\"target\":{\"@type\":\"EntryPoint\",\"urlTemplate\":\"https:\/\/aviator-slotgame.com\/?s={search_term_string}\"},\"query-input\":\"required name=search_term_string\"}],\"inLanguage\":\"az\"},{\"@type\":\"Organization\",\"@id\":\"https:\/\/aviator-slotgame.com\/#organization\",\"name\":\"Aviator\",\"url\":\"https:\/\/aviator-slotgame.com\/\",\"logo\":{\"@type\":\"ImageObject\",\"inLanguage\":\"az\",\"@id\":\"https:\/\/aviator-slotgame.com\/#\/schema\/logo\/image\/\",\"url\":\"https:\/\/aviator-slotgame.com\/wp-content\/uploads\/16f5e8_dade544d4623411c9c4153c639aae85amv2.webp\",\"contentUrl\":\"https:\/\/aviator-slotgame.com\/wp-content\/uploads\/16f5e8_dade544d4623411c9c4153c639aae85amv2.webp\",\"width\":400,\"height\":300,\"caption\":\"Aviator\"},\"image\":{\"@id\":\"https:\/\/aviator-slotgame.com\/#\/schema\/logo\/image\/\"}}]}<\/script>\n<!-- \/ Yoast SEO plugin. -->","yoast_head_json":{"title":"\u041e\u0442\u0437\u044b\u0432\u044b \u043e\u0431 \u0438\u0433\u0440\u0435 \u0410\u0432\u0438\u0430\u0442\u043e\u0440 \u2014 \u041c\u043d\u0435\u043d\u0438\u044f \u0438\u0433\u0440\u043e\u043a\u043e\u0432 \u043e \u043a\u0440\u0430\u0448-\u0438\u0433\u0440\u0435","description":"\u041f\u0440\u043e\u0447\u0438\u0442\u0430\u0439\u0442\u0435 \u0440\u0435\u0430\u043b\u044c\u043d\u044b\u0435 \u043e\u0442\u0437\u044b\u0432\u044b \u043e\u0442 \u0438\u0433\u0440\u043e\u043a\u043e\u0432 \u043e\u0431 \u0430\u0437\u0430\u0440\u0442\u043d\u043e\u0439 \u0438\u0433\u0440\u0435 \u0410\u0432\u0438\u0430\u0442\u043e\u0440. \u0423\u0437\u043d\u0430\u0439\u0442\u0435, \u043a\u0430\u043a \u0441\u043b\u043e\u0442 \u0410\u0432\u0438\u0430\u0442\u043e\u0440 \u043f\u0440\u0438\u043d\u043e\u0441\u0438\u0442 \u0430\u0434\u0440\u0435\u043d\u0430\u043b\u0438\u043d, \u0430\u0437\u0430\u0440\u0442 \u0438 \u0440\u0435\u0430\u043b\u044c\u043d\u044b\u0435 \u0434\u0435\u043d\u044c\u0433\u0438 \u0432\u044b\u0438\u0433\u0440\u044b\u0448\u0430 \u0432 \u043e\u043d\u043b\u0430\u0439\u043d \u043a\u0430\u0437\u0438\u043d\u043e.","robots":{"index":"index","follow":"follow","max-snippet":"max-snippet:-1","max-image-preview":"max-image-preview:large","max-video-preview":"max-video-preview:-1"},"canonical":"https:\/\/aviator-slotgame.com\/az\/reviews\/","og_locale":"az_AZ","og_type":"article","og_title":"\u041e\u0442\u0437\u044b\u0432\u044b \u043e\u0431 \u0438\u0433\u0440\u0435 \u0410\u0432\u0438\u0430\u0442\u043e\u0440 \u2014 \u041c\u043d\u0435\u043d\u0438\u044f \u0438\u0433\u0440\u043e\u043a\u043e\u0432 \u043e \u043a\u0440\u0430\u0448-\u0438\u0433\u0440\u0435","og_description":"\u041f\u0440\u043e\u0447\u0438\u0442\u0430\u0439\u0442\u0435 \u0440\u0435\u0430\u043b\u044c\u043d\u044b\u0435 \u043e\u0442\u0437\u044b\u0432\u044b \u043e\u0442 \u0438\u0433\u0440\u043e\u043a\u043e\u0432 \u043e\u0431 \u0430\u0437\u0430\u0440\u0442\u043d\u043e\u0439 \u0438\u0433\u0440\u0435 \u0410\u0432\u0438\u0430\u0442\u043e\u0440. \u0423\u0437\u043d\u0430\u0439\u0442\u0435, \u043a\u0430\u043a \u0441\u043b\u043e\u0442 \u0410\u0432\u0438\u0430\u0442\u043e\u0440 \u043f\u0440\u0438\u043d\u043e\u0441\u0438\u0442 \u0430\u0434\u0440\u0435\u043d\u0430\u043b\u0438\u043d, \u0430\u0437\u0430\u0440\u0442 \u0438 \u0440\u0435\u0430\u043b\u044c\u043d\u044b\u0435 \u0434\u0435\u043d\u044c\u0433\u0438 \u0432\u044b\u0438\u0433\u0440\u044b\u0448\u0430 \u0432 \u043e\u043d\u043b\u0430\u0439\u043d \u043a\u0430\u0437\u0438\u043d\u043e.","og_url":"https:\/\/aviator-slotgame.com\/az\/reviews\/","og_site_name":"Aviator","article_modified_time":"2024-10-03T22:49:00+00:00","twitter_card":"summary_large_image","twitter_misc":{"Est. reading time":"1 minute"},"schema":{"@context":"https:\/\/schema.org","@graph":[{"@type":"WebPage","@id":"https:\/\/aviator-slotgame.com\/reviews\/","url":"https:\/\/aviator-slotgame.com\/reviews\/","name":"\u041e\u0442\u0437\u044b\u0432\u044b \u043e\u0431 \u0438\u0433\u0440\u0435 \u0410\u0432\u0438\u0430\u0442\u043e\u0440 \u2014 \u041c\u043d\u0435\u043d\u0438\u044f \u0438\u0433\u0440\u043e\u043a\u043e\u0432 \u043e \u043a\u0440\u0430\u0448-\u0438\u0433\u0440\u0435","isPartOf":{"@id":"https:\/\/aviator-slotgame.com\/#website"},"datePublished":"2024-09-06T13:57:42+00:00","dateModified":"2024-10-03T22:49:00+00:00","description":"\u041f\u0440\u043e\u0447\u0438\u0442\u0430\u0439\u0442\u0435 \u0440\u0435\u0430\u043b\u044c\u043d\u044b\u0435 \u043e\u0442\u0437\u044b\u0432\u044b \u043e\u0442 \u0438\u0433\u0440\u043e\u043a\u043e\u0432 \u043e\u0431 \u0430\u0437\u0430\u0440\u0442\u043d\u043e\u0439 \u0438\u0433\u0440\u0435 \u0410\u0432\u0438\u0430\u0442\u043e\u0440. \u0423\u0437\u043d\u0430\u0439\u0442\u0435, \u043a\u0430\u043a \u0441\u043b\u043e\u0442 \u0410\u0432\u0438\u0430\u0442\u043e\u0440 \u043f\u0440\u0438\u043d\u043e\u0441\u0438\u0442 \u0430\u0434\u0440\u0435\u043d\u0430\u043b\u0438\u043d, \u0430\u0437\u0430\u0440\u0442 \u0438 \u0440\u0435\u0430\u043b\u044c\u043d\u044b\u0435 \u0434\u0435\u043d\u044c\u0433\u0438 \u0432\u044b\u0438\u0433\u0440\u044b\u0448\u0430 \u0432 \u043e\u043d\u043b\u0430\u0439\u043d \u043a\u0430\u0437\u0438\u043d\u043e.","breadcrumb":{"@id":"https:\/\/aviator-slotgame.com\/reviews\/#breadcrumb"},"inLanguage":"az","potentialAction":[{"@type":"ReadAction","target":["https:\/\/aviator-slotgame.com\/reviews\/"]}]},{"@type":"BreadcrumbList","@id":"https:\/\/aviator-slotgame.com\/reviews\/#breadcrumb","itemListElement":[{"@type":"ListItem","position":1,"name":"Home","item":"https:\/\/aviator-slotgame.com\/"},{"@type":"ListItem","position":2,"name":"\u041e\u0442\u0437\u044b\u0432\u044b \u043e\u0431 \u0438\u0433\u0440\u0435 \u0410\u0432\u0438\u0430\u0442\u043e\u0440 \u2014 \u0412\u043f\u0435\u0447\u0430\u0442\u043b\u0435\u043d\u0438\u044f \u043e\u0442 \u043a\u0440\u0430\u0448-\u0441\u043b\u043e\u0442\u0430 \u043d\u0430 \u0434\u0435\u043d\u044c\u0433\u0438"}]},{"@type":"WebSite","@id":"https:\/\/aviator-slotgame.com\/#website","url":"https:\/\/aviator-slotgame.com\/","name":"Aviator","description":"","publisher":{"@id":"https:\/\/aviator-slotgame.com\/#organization"},"potentialAction":[{"@type":"SearchAction","target":{"@type":"EntryPoint","urlTemplate":"https:\/\/aviator-slotgame.com\/?s={search_term_string}"},"query-input":"required name=search_term_string"}],"inLanguage":"az"},{"@type":"Organization","@id":"https:\/\/aviator-slotgame.com\/#organization","name":"Aviator","url":"https:\/\/aviator-slotgame.com\/","logo":{"@type":"ImageObject","inLanguage":"az","@id":"https:\/\/aviator-slotgame.com\/#\/schema\/logo\/image\/","url":"https:\/\/aviator-slotgame.com\/wp-content\/uploads\/16f5e8_dade544d4623411c9c4153c639aae85amv2.webp","contentUrl":"https:\/\/aviator-slotgame.com\/wp-content\/uploads\/16f5e8_dade544d4623411c9c4153c639aae85amv2.webp","width":400,"height":300,"caption":"Aviator"},"image":{"@id":"https:\/\/aviator-slotgame.com\/#\/schema\/logo\/image\/"}}]}},"amp_enabled":true,"_links":{"self":[{"href":"https:\/\/aviator-slotgame.com\/az\/wp-json\/wp\/v2\/pages\/254","targetHints":{"allow":["GET"]}}],"collection":[{"href":"https:\/\/aviator-slotgame.com\/az\/wp-json\/wp\/v2\/pages"}],"about":[{"href":"https:\/\/aviator-slotgame.com\/az\/wp-json\/wp\/v2\/types\/page"}],"author":[{"embeddable":true,"href":"https:\/\/aviator-slotgame.com\/az\/wp-json\/wp\/v2\/users\/1"}],"replies":[{"embeddable":true,"href":"https:\/\/aviator-slotgame.com\/az\/wp-json\/wp\/v2\/comments?post=254"}],"version-history":[{"count":8,"href":"https:\/\/aviator-slotgame.com\/az\/wp-json\/wp\/v2\/pages\/254\/revisions"}],"predecessor-version":[{"id":408,"href":"https:\/\/aviator-slotgame.com\/az\/wp-json\/wp\/v2\/pages\/254\/revisions\/408"}],"wp:attachment":[{"href":"https:\/\/aviator-slotgame.com\/az\/wp-json\/wp\/v2\/media?parent=254"}],"curies":[{"name":"wp","href":"https:\/\/api.w.org\/{rel}","templated":true}]}}