{"id":263,"date":"2024-09-06T14:43:40","date_gmt":"2024-09-06T14:43:40","guid":{"rendered":"https:\/\/aviator-slotgame.com\/?page_id=263"},"modified":"2024-09-08T10:40:25","modified_gmt":"2024-09-08T10:40:25","slug":"aviator","status":"publish","type":"page","link":"https:\/\/aviator-slotgame.com\/az\/aviator\/","title":{"rendered":"Pul \u00fc\u00e7\u00fcn crash slot oyununda qaydalar, x\u00fcsusiyy\u0259tl\u0259r v\u0259 udu\u015flar"},"content":{"rendered":"<div class=\"fe913c225e9c6bb0b0b570f1ed15cacd\" data-index=\"1\" style=\"float: none; margin:10px 0 10px 0; text-align:center;\">\n<div class=\"custom-play-button\">\r\n<center><a href=\"https:\/\/aviator-slotgame.com\/az\/play-game\/\" rel=\"nofollow\" target=\"_blank\">\u0130ndi oyna<\/a><br><\/center>\r\n<\/div>\n<\/div>\n<h1><\/h1>\n<p><img loading=\"lazy\" decoding=\"async\" class=\"alignnone size-full wp-image-264\" src=\"https:\/\/aviator-slotgame.com\/wp-content\/uploads\/Aviator-7-800-x-600-\u043f\u0438\u043a\u0441.jpg\" alt=\"Aviator onlayn slot - Kazinoda real pul \u00fc\u00e7\u00fcn oynay\u0131n \" width=\"800\" height=\"600\" srcset=\"https:\/\/aviator-slotgame.com\/wp-content\/uploads\/Aviator-7-800-x-600-\u043f\u0438\u043a\u0441.jpg 800w, https:\/\/aviator-slotgame.com\/wp-content\/uploads\/Aviator-7-800-x-600-\u043f\u0438\u043a\u0441-300x225.jpg 300w, https:\/\/aviator-slotgame.com\/wp-content\/uploads\/Aviator-7-800-x-600-\u043f\u0438\u043a\u0441-768x576.jpg 768w, https:\/\/aviator-slotgame.com\/wp-content\/uploads\/Aviator-7-800-x-600-\u043f\u0438\u043a\u0441-16x12.jpg 16w\" sizes=\"auto, (max-width: 800px) 100vw, 800px\" \/><\/p>\n<h2>Aviator onlayn q\u0259za oyunu n\u0259dir?<\/h2>\n<p>Aviator Spribe studiyas\u0131 t\u0259r\u0259find\u0259n haz\u0131rlanm\u0131\u015f m\u0259\u015fhur oyunlardan biridir. T\u0259sad\u00fcfi \u0259d\u0259dl\u0259r generatoru \u0259sas\u0131nda yarad\u0131lan m\u00fcasir bazarda yeni m\u0259hsul oyun\u00e7unu lap \u0259vv\u0259ld\u0259n valeh edir. Qalib t\u0259sad\u00fcfi se\u00e7im yolu il\u0259 m\u00fc\u0259yy\u0259n edilir! Bu, oyunu \u0259dal\u0259tli saxlay\u0131r v\u0259 oyun\u00e7uya m\u0259rcinin platformadan v\u0259 ya oyunun hekay\u0259sind\u0259n as\u0131l\u0131 olmad\u0131\u011f\u0131n\u0131 g\u00f6st\u0259rir. Aviator dig\u0259r m\u0259\u015fhur q\u0259za oyunlar\u0131ndan orijinal oyun t\u0259rzind\u0259 f\u0259rql\u0259nir. Oyun h\u0259m d\u0259 kifay\u0259t q\u0259d\u0259r sad\u0259 qaydalar\u0131 v\u0259 real pul qazanmaq imkan\u0131 il\u0259 diqq\u0259ti c\u0259lb edir ki, bu da onu qumarbazlar, x\u00fcsus\u0259n d\u0259 t\u0259yyar\u0259 h\u0259v\u0259skarlar\u0131 v\u0259 u\u00e7u\u015fla \u0259laq\u0259li h\u0259r \u015fey aras\u0131nda populyar edir!<\/p>\n<p>Oyunun mahiyy\u0259ti ondan ibar\u0259tdir ki, istifad\u0259\u00e7inin t\u0259yyar\u0259 u\u00e7madan \u0259vv\u0259l m\u0259rcin\u0259 q\u0259na\u0259t etm\u0259y\u0259 vaxt\u0131 olmal\u0131d\u0131r v\u0259 bununla da oyun\u00e7unun \u0259msal\u0131n\u0131 s\u0131f\u0131ra endir\u0259 bil\u0259r.<\/p>\n<p>Spribe innovativ onlayn oyunlar\u0131n v\u0259 qumar platformalar\u0131n\u0131n haz\u0131rlanmas\u0131nda ixtisasla\u015fm\u0131\u015f tan\u0131nm\u0131\u015f \u015firk\u0259tdir, onlar\u0131n oyunlar\u0131 b\u00fct\u00fcn d\u00fcnyada qumarbazlar aras\u0131nda populyard\u0131r. \u015eirk\u0259t 2018-ci ild\u0259 yarad\u0131l\u0131b v\u0259 q\u0131sa m\u00fcdd\u0259t \u0259rzind\u0259 maraql\u0131 oyun mexanikas\u0131 v\u0259 h\u0259m pulla, h\u0259m d\u0259 demo rejimind\u0259 oynamaq imkan\u0131 say\u0259sind\u0259 oyun\u00e7ular v\u0259 onlayn kazino operatorlar\u0131 aras\u0131nda populyarl\u0131q qazanma\u011f\u0131 bacar\u0131b.<\/p><div class=\"fe913c225e9c6bb0b0b570f1ed15cacd\" data-index=\"1\" style=\"float: none; margin:10px 0 10px 0; text-align:center;\">\n<div class=\"custom-play-button\">\r\n<center><a href=\"https:\/\/aviator-slotgame.com\/az\/play-game\/\" rel=\"nofollow\" target=\"_blank\">\u0130ndi oyna<\/a><br><\/center>\r\n<\/div>\n<\/div>\n\n<h2>Aviator onlayn oyununun populyarl\u0131\u011f\u0131n\u0131n s\u0259b\u0259bl\u0259ri<\/h2>\n<p>Aviator oyununu qumarbazlar aras\u0131nda bu q\u0259d\u0259r populyar ed\u0259n n\u0259dir?<\/p>\n<ol>\n<li>Qaydalar\u0131n sad\u0259liyi: Aviator oyununun sad\u0259 v\u0259 ba\u015fa d\u00fc\u015f\u00fcl\u0259n qaydalar\u0131 var ki, bu da onu t\u0259cr\u00fcb\u0259sind\u0259n v\u0259 m\u0259\u015fq s\u0259viyy\u0259sind\u0259n as\u0131l\u0131 olmayaraq geni\u015f oyun\u00e7u k\u00fctl\u0259si \u00fc\u00e7\u00fcn \u0259l\u00e7atan edir.<\/li>\n<\/ol>\n<p>Demo rejimi: \u018fg\u0259r pulunuzu risk\u0259 atmaq ist\u0259mirsinizs\u0259 v\u0259 ba\u015flamaqdan qorxursunuzsa, onu yoxlay\u0131n v\u0259 pulsuz rejimd\u0259 \u00f6z\u00fcn\u00fcz\u00fc s\u0131nay\u0131n. Siz real pul yat\u0131rm\u0131rs\u0131n\u0131z. &quot;\u018fyl\u0259nc\u0259 rejimi&quot; oyun\u00e7ulara q\u0259na\u0259tl\u0259rini risk\u0259 atmadan oyuna yax\u0131nla\u015fma\u011fa imkan verir.<\/p>\n<p>S\u00fcr\u0259tli udu\u015flar \u00fc\u00e7\u00fcn f\u00fcrs\u0259t: Aviator qumar oyunu h\u0259y\u0259can v\u0259 adrenalin axtaran bir \u00e7ox oyun\u00e7unu c\u0259lb ed\u0259n tez qalib g\u0259lm\u0259k imkan\u0131 t\u0259qdim edir.<\/p>\n<p>M\u00fcxt\u0259lif m\u0259rcl\u0259r: Aviator oyunu oyun\u00e7ulara risk s\u0259viyy\u0259sini v\u0259 onlara uy\u011fun g\u0259l\u0259n potensial m\u00fckafat\u0131 se\u00e7m\u0259y\u0259 imkan ver\u0259n m\u00fcxt\u0259lif m\u0259rc n\u00f6vl\u0259ri t\u0259klif edir.<\/p>\n<p>Onlayn oynamaq imkan\u0131: Aviator oyunu onlayn formatda m\u00f6vcuddur ki, bu da onu ist\u0259nil\u0259n \u0259lveri\u015fli vaxtda v\u0259 d\u00fcnyan\u0131n ist\u0259nil\u0259n yerind\u0259n oynama\u011fa imkan verir.<\/p>\n<p>Rahatl\u0131q v\u0259 \u0259l\u00e7atanl\u0131q: Aviator onlayn oyunu oyun\u00e7ulara evd\u0259n \u00e7\u0131xmadan birba\u015fa evd\u0259n v\u0259 ya h\u0259r hans\u0131 dig\u0259r yerd\u0259n h\u0259y\u0259candan h\u0259zz alma\u011fa imkan verir. Bu, oyunu rahat v\u0259 geni\u015f oyun\u00e7ular \u00fc\u00e7\u00fcn \u0259l\u00e7atan edir.<\/p>\n<p>Bonuslar v\u0259 x\u00fcsusi t\u0259klifl\u0259r: Aviator oyununu t\u0259klif ed\u0259n bir \u00e7ox onlayn kazinolar tez-tez yeni oyun\u00e7ular\u0131 c\u0259lb etm\u0259k v\u0259 m\u00fcnt\u0259z\u0259m oyun\u00e7ular\u0131 m\u00fckafatland\u0131rmaq \u00fc\u00e7\u00fcn m\u00fcxt\u0259lif bonuslar, promosyonlar v\u0259 x\u00fcsusi t\u0259klifl\u0259r t\u0259klif edirl\u0259r. Bu, oyunu daha da cazib\u0259dar edir.<\/p>\n<p>Qrafika v\u0259 s\u0259s dizayn\u0131: M\u00fcasir onlayn kazinolar ad\u0259t\u0259n Aviator oyunu da daxil olmaqla oyunlar \u00fc\u00e7\u00fcn y\u00fcks\u0259k keyfiyy\u0259tli qrafika v\u0259 s\u0259s dizayn\u0131 t\u0259klif edir. Dinamik v\u0259 h\u0259y\u0259canverici oyun, oyun\u00e7ular\u0131n cans\u0131x\u0131c\u0131 olmas\u0131na imkan verm\u0259y\u0259c\u0259k v\u0259 b\u00fct\u00fcn m\u00fcdd\u0259t \u0259rzind\u0259 oyuna mara\u011f\u0131n\u0131 qoruyacaq.<\/p>\n<p>Mobil Oynanabilirlik: Bir \u00e7ox onlayn kazinolar Aviator oyununu mobil cihazlara uy\u011fun formatda t\u0259klif edir v\u0259 oyun\u00e7ulara ist\u0259nil\u0259n vaxt, ist\u0259nil\u0259n yerd\u0259 oyundan h\u0259zz alma\u011fa imkan verir. Yax\u015f\u0131 \u0130nternet ba\u011flant\u0131n\u0131z oldu\u011fundan v\u0259 mobil cihaz\u0131n\u0131zda kifay\u0259t q\u0259d\u0259r \u015farj oldu\u011fundan \u0259min olma\u011f\u0131 unutmay\u0131n!<\/p>\n<p>&nbsp;<\/p>\n<h2>Aviator qumar qaydalar\u0131<\/h2>\n<p>Oyunun sad\u0259 v\u0259 ayd\u0131n qaydalar\u0131 var, burada istifad\u0259\u00e7i m\u00fc\u0259yy\u0259n n\u0259tic\u0259y\u0259 m\u0259rc edir v\u0259 m\u0259rcini \u0259msallara vurmaqla qalib g\u0259l\u0259 bil\u0259r. Siz ya manuel rejimd\u0259, \u00f6z m\u0259rcl\u0259rinizi etm\u0259kl\u0259, ya da avtomatik rejimd\u0259, oyun t\u0259yin etdiyiniz parametrl\u0259r \u0259sas\u0131nda sizin \u00fc\u00e7\u00fcn m\u0259rcl\u0259r etdikd\u0259 oynaya bil\u0259rsiniz.<\/p>\n<h3>Oyunun qaydalar\u0131<\/h3>\n<p>Aviator oyununu oynama\u011fa ba\u015flamaq \u00fc\u00e7\u00fcn bu add\u0131mlar\u0131 yerin\u0259 yetirm\u0259lisiniz:<\/p>\n<ol>\n<li>Aviator oyununu t\u0259klif ed\u0259n onlayn kazino v\u0259 ya oyun platformas\u0131 tap\u0131n.<\/li>\n<li>Hesab yaratmaq v\u0259 t\u0259l\u0259b olunan m\u0259lumatlar\u0131 t\u0259qdim etm\u0259kl\u0259 se\u00e7diyiniz platformada qeydiyyatdan ke\u00e7in.<\/li>\n<li>Oyunda m\u0259rc ed\u0259 bilm\u0259k \u00fc\u00e7\u00fcn oyun hesab\u0131n\u0131z\u0131 pulla doldurun.<\/li>\n<li>Platformada Aviator oyununu tap\u0131n v\u0259 m\u0259rcinizi se\u00e7in.<\/li>\n<li>Oyun oyun\u00e7unun m\u0259rc etm\u0259si il\u0259 ba\u015flay\u0131r.<\/li>\n<li>Ekrandak\u0131 qaydalara v\u0259 t\u0259limatlara \u0259m\u0259l edin v\u0259 m\u00fcvafiq d\u00fcym\u0259l\u0259r\u0259 klikl\u0259m\u0259kl\u0259 oyun prosesin\u0259 n\u0259zar\u0259t edin.<\/li>\n<li>M\u0259rc qoyulduqdan sonra t\u0259yyar\u0259 \u0259msallar miqyas\u0131nda yuxar\u0131 v\u0259 ya a\u015fa\u011f\u0131 h\u0259r\u0259k\u0259t etm\u0259y\u0259 ba\u015flay\u0131r.<\/li>\n<li>Oyun\u00e7u ist\u0259nil\u0259n vaxt oyunu bitirm\u0259k v\u0259 cari \u0259msallara vurulan udu\u015flar\u0131 almaq \u00fc\u00e7\u00fcn &quot;\u00c7\u0259kil&quot; d\u00fcym\u0259sini basa bil\u0259r v\u0259 ya oyunu davam etdirib udu\u015flar\u0131 art\u0131rmaq \u00fc\u00e7\u00fcn g\u00f6zl\u0259y\u0259 bil\u0259r s\u0131f\u0131rlay\u0131n.<\/li>\n<li>\u018fg\u0259r oyun\u00e7u qalibiyy\u0259tl\u0259ri g\u00f6t\u00fcr d\u00fcym\u0259sini basmazsa v\u0259 t\u0259yyar\u0259 \u0259msallar miqyas\u0131n\u0131n sonuna \u00e7atarsa, m\u0259rc s\u0131f\u0131rlan\u0131r v\u0259 oyun\u00e7u udu\u015flar\u0131 alm\u0131r.<\/li>\n<li>Oyunun m\u0259qs\u0259di udu\u015flar\u0131n\u0131z\u0131 do\u011fru zamanda g\u00f6t\u00fcrm\u0259k v\u0259 m\u0259rcinizin s\u0131f\u0131rlanmas\u0131n\u0131n qar\u015f\u0131s\u0131n\u0131 almaqd\u0131r.<\/li>\n<\/ol>\n<p>M\u0259suliyy\u0259tl\u0259 qumar oynama\u011f\u0131, yaln\u0131z itirm\u0259k ist\u0259diyiniz pul m\u0259bl\u0259\u011fin\u0259 m\u0259rc etm\u0259yi v\u0259 qumar f\u0259aliyy\u0259tiniz\u0259 n\u0259zar\u0259t etm\u0259yi unutmay\u0131n.<\/p>\n<p>T\u0259yyar\u0259nin unikal trayektoriyas\u0131n\u0131 n\u0259z\u0259r\u0259 alsaq, oyun prosesi oyun\u00e7ular \u00fc\u00e7\u00fcn daha da maraql\u0131 v\u0259 h\u0259y\u0259canl\u0131 olur. Eyni zamanda, real pul \u00fc\u00e7\u00fcn oynamaq h\u0259y\u0259can\u0131n\u0131 saxlamaq \u00fc\u00e7\u00fcn m\u0259rcl\u0259riniz\u0259 diqq\u0259t yetirm\u0259k v\u0259 h\u0259r\u0259k\u0259tl\u0259riniz\u0259 n\u0259zar\u0259t etm\u0259k vacibdir.<\/p>\n<p>Online oyun Aviator \u0259sas x\u00fcsusiyy\u0259tl\u0259ri<\/p>\n<table>\n<tbody>\n<tr>\n<td>RTP<\/td>\n<td>96,49%, 96,48%, 95,45%<\/td>\n<\/tr>\n<tr>\n<td>T\u0259rtibat\u00e7\u0131<\/td>\n<td>Studio Spribe<\/td>\n<\/tr>\n<tr>\n<td>Pulsuz spinl\u0259r<\/td>\n<td>yox<\/td>\n<\/tr>\n<tr>\n<td>Bonus oyun<\/td>\n<td>yox<\/td>\n<\/tr>\n<tr>\n<td>Minimum t\u0259klif<\/td>\n<td>0,1$<\/td>\n<\/tr>\n<tr>\n<td>Maksimum m\u0259rc<\/td>\n<td>100$<\/td>\n<\/tr>\n<\/tbody>\n<\/table>\n<p>&nbsp;<\/p>\n<h2>Aviator qumar oyununda bonuslar<\/h2>\n<p>Aviator onlayn oyununda bonuslar v\u0259 endiriml\u0259r oyun\u00e7ulara oyun platformas\u0131ndan v\u0259 ya kazinodan as\u0131l\u0131 olaraq m\u00fcxt\u0259lif yollarla t\u0259qdim edil\u0259 bil\u0259r.<\/p>\n<p>Aviator oyununda m\u00f6vcud ola bil\u0259c\u0259k b\u0259zi bonuslar v\u0259 endiriml\u0259r bunlard\u0131r:<\/p>\n<h3>Xo\u015f g\u0259lmisiniz bonuslar\u0131<\/h3>\n<p>yeni oyun\u00e7ulara platformada qeydiyyatdan ke\u00e7\u0259rk\u0259n \u0259lav\u0259 hesab v\u0259saitl\u0259ri v\u0259 ya pulsuz f\u0131rlanmalar kimi x\u00fcsusi bonuslar t\u0259klif oluna bil\u0259r.<\/p>\n<h3>Depozit bonuslar\u0131<\/h3>\n<p>oyun\u00e7ular m\u00fc\u0259yy\u0259n m\u0259bl\u0259\u011fd\u0259 oyun hesablar\u0131n\u0131 doldurduqda bonuslar ala bil\u0259rl\u0259r.<\/p>\n<h3>Promosyonlar<\/h3>\n<p>kazinolar v\u0259 ya oyun platformalar\u0131 Aviator oyununda oyun\u00e7ulara m\u00fcxt\u0259lif bonuslar v\u0259 endiriml\u0259r t\u0259klif ed\u0259n m\u00fcv\u0259qq\u0259ti promosyonlar ke\u00e7ir\u0259 bil\u0259r.<\/p>\n<h3>VIP proqramlar<\/h3>\n<p>B\u0259zi platformalar oyun\u00e7ulara \u0259lav\u0259 bonuslar, cashback v\u0259 dig\u0259r \u00fcst\u00fcnl\u00fckl\u0259rin m\u00f6vcud oldu\u011fu VIP proqramlarda i\u015ftirak t\u0259klif ed\u0259 bil\u0259r.<\/p>\n<h3>Cashback<\/h3>\n<p>oyun\u00e7ular itirilmi\u015f v\u0259saitl\u0259rinin bir hiss\u0259sini bonus proqram\u0131n\u0131n bir hiss\u0259si kimi cashback kimi almaq imkan\u0131 \u0259ld\u0259 ed\u0259 bil\u0259rl\u0259r.<\/p>\n<p>Aviator oyununda bonuslarda v\u0259 endiriml\u0259rd\u0259 i\u015ftirak etm\u0259zd\u0259n \u0259vv\u0259l \u015f\u0259rtl\u0259ri v\u0259 t\u0259l\u0259bl\u0259ri diqq\u0259tl\u0259 n\u0259z\u0259rd\u0259n ke\u00e7irm\u0259k vacibdir ki, onlar\u0131n nec\u0259 i\u015fl\u0259diyini v\u0259 onlardan tam fayda \u0259ld\u0259 etm\u0259k \u00fc\u00e7\u00fcn sizd\u0259n n\u0259 t\u0259l\u0259b olundu\u011funu ba\u015fa d\u00fc\u015f\u0259siniz.<\/p>\n\n<div style=\"font-size: 0px; height: 0px; line-height: 0px; margin: 0; padding: 0; clear: both;\"><\/div>","protected":false},"excerpt":{"rendered":"<p>Aviator onlayn q\u0259za oyunu n\u0259dir? Aviator Spribe studiyas\u0131 t\u0259r\u0259find\u0259n haz\u0131rlanm\u0131\u015f m\u0259\u015fhur oyunlardan biridir. M\u00fcasir bazarda yeni,<\/p>","protected":false},"author":1,"featured_media":0,"parent":0,"menu_order":0,"comment_status":"closed","ping_status":"closed","template":"","meta":{"footnotes":""},"class_list":["post-263","page","type-page","status-publish","hentry"],"yoast_head":"<!-- This site is optimized with the Yoast SEO plugin v22.0 - https:\/\/yoast.com\/wordpress\/plugins\/seo\/ -->\n<title>\u041e\u043d\u043b\u0430\u0439\u043d \u0441\u043b\u043e\u0442 \u0410\u0432\u0438\u0430\u0442\u043e\u0440 \u2014 \u0418\u0433\u0440\u0430\u0439 \u043d\u0430 \u0440\u0435\u0430\u043b\u044c\u043d\u044b\u0435 \u0434\u0435\u043d\u044c\u0433\u0438 \u0432 \u043a\u0430\u0437\u0438\u043d\u043e<\/title>\n<meta name=\"description\" content=\"\u0423\u0437\u043d\u0430\u0439\u0442\u0435 \u0432\u0441\u0435 \u043e \u043a\u0440\u0430\u0448-\u0438\u0433\u0440\u0435 \u0410\u0432\u0438\u0430\u0442\u043e\u0440: \u043f\u0440\u0430\u0432\u0438\u043b\u0430, \u0431\u043e\u043d\u0443\u0441\u044b, \u043e\u0441\u043e\u0431\u0435\u043d\u043d\u043e\u0441\u0442\u0438 \u0438 \u0445\u0430\u0440\u0430\u043a\u0442\u0435\u0440\u0438\u0441\u0442\u0438\u043a\u0438 \u0438\u0433\u0440\u044b \u0434\u043b\u044f \u0443\u0432\u0435\u043b\u0438\u0447\u0435\u043d\u0438\u0435 \u043f\u0440\u0438\u0431\u044b\u043b\u0438 \u0432 \u043a\u0430\u0437\u0438\u043d\u043e. \u0418\u0433\u0440\u0430\u0439 \u0432 Aviator \u043e\u0442 Spribe \u0432 \u043e\u043d\u043b\u0430\u0439\u043d\u0435.\" \/>\n<meta name=\"robots\" content=\"index, follow, max-snippet:-1, max-image-preview:large, max-video-preview:-1\" \/>\n<link rel=\"canonical\" href=\"https:\/\/aviator-slotgame.com\/az\/aviator\/\" \/>\n<meta property=\"og:locale\" content=\"az_AZ\" \/>\n<meta property=\"og:type\" content=\"article\" \/>\n<meta property=\"og:title\" content=\"\u041e\u043d\u043b\u0430\u0439\u043d \u0441\u043b\u043e\u0442 \u0410\u0432\u0438\u0430\u0442\u043e\u0440 \u2014 \u0418\u0433\u0440\u0430\u0439 \u043d\u0430 \u0440\u0435\u0430\u043b\u044c\u043d\u044b\u0435 \u0434\u0435\u043d\u044c\u0433\u0438 \u0432 \u043a\u0430\u0437\u0438\u043d\u043e\" \/>\n<meta property=\"og:description\" content=\"\u0423\u0437\u043d\u0430\u0439\u0442\u0435 \u0432\u0441\u0435 \u043e \u043a\u0440\u0430\u0448-\u0438\u0433\u0440\u0435 \u0410\u0432\u0438\u0430\u0442\u043e\u0440: \u043f\u0440\u0430\u0432\u0438\u043b\u0430, \u0431\u043e\u043d\u0443\u0441\u044b, \u043e\u0441\u043e\u0431\u0435\u043d\u043d\u043e\u0441\u0442\u0438 \u0438 \u0445\u0430\u0440\u0430\u043a\u0442\u0435\u0440\u0438\u0441\u0442\u0438\u043a\u0438 \u0438\u0433\u0440\u044b \u0434\u043b\u044f \u0443\u0432\u0435\u043b\u0438\u0447\u0435\u043d\u0438\u0435 \u043f\u0440\u0438\u0431\u044b\u043b\u0438 \u0432 \u043a\u0430\u0437\u0438\u043d\u043e. \u0418\u0433\u0440\u0430\u0439 \u0432 Aviator \u043e\u0442 Spribe \u0432 \u043e\u043d\u043b\u0430\u0439\u043d\u0435.\" \/>\n<meta property=\"og:url\" content=\"https:\/\/aviator-slotgame.com\/az\/aviator\/\" \/>\n<meta property=\"og:site_name\" content=\"Aviator\" \/>\n<meta property=\"article:modified_time\" content=\"2024-09-08T10:40:25+00:00\" \/>\n<meta name=\"twitter:card\" content=\"summary_large_image\" \/>\n<meta name=\"twitter:label1\" content=\"Est. reading time\" \/>\n\t<meta name=\"twitter:data1\" content=\"5 minutes\" \/>\n<script type=\"application\/ld+json\" class=\"yoast-schema-graph\">{\"@context\":\"https:\/\/schema.org\",\"@graph\":[{\"@type\":\"WebPage\",\"@id\":\"https:\/\/aviator-slotgame.com\/aviator\/\",\"url\":\"https:\/\/aviator-slotgame.com\/aviator\/\",\"name\":\"\u041e\u043d\u043b\u0430\u0439\u043d \u0441\u043b\u043e\u0442 \u0410\u0432\u0438\u0430\u0442\u043e\u0440 \u2014 \u0418\u0433\u0440\u0430\u0439 \u043d\u0430 \u0440\u0435\u0430\u043b\u044c\u043d\u044b\u0435 \u0434\u0435\u043d\u044c\u0433\u0438 \u0432 \u043a\u0430\u0437\u0438\u043d\u043e\",\"isPartOf\":{\"@id\":\"https:\/\/aviator-slotgame.com\/#website\"},\"datePublished\":\"2024-09-06T14:43:40+00:00\",\"dateModified\":\"2024-09-08T10:40:25+00:00\",\"description\":\"\u0423\u0437\u043d\u0430\u0439\u0442\u0435 \u0432\u0441\u0435 \u043e \u043a\u0440\u0430\u0448-\u0438\u0433\u0440\u0435 \u0410\u0432\u0438\u0430\u0442\u043e\u0440: \u043f\u0440\u0430\u0432\u0438\u043b\u0430, \u0431\u043e\u043d\u0443\u0441\u044b, \u043e\u0441\u043e\u0431\u0435\u043d\u043d\u043e\u0441\u0442\u0438 \u0438 \u0445\u0430\u0440\u0430\u043a\u0442\u0435\u0440\u0438\u0441\u0442\u0438\u043a\u0438 \u0438\u0433\u0440\u044b \u0434\u043b\u044f \u0443\u0432\u0435\u043b\u0438\u0447\u0435\u043d\u0438\u0435 \u043f\u0440\u0438\u0431\u044b\u043b\u0438 \u0432 \u043a\u0430\u0437\u0438\u043d\u043e. \u0418\u0433\u0440\u0430\u0439 \u0432 Aviator \u043e\u0442 Spribe \u0432 \u043e\u043d\u043b\u0430\u0439\u043d\u0435.\",\"breadcrumb\":{\"@id\":\"https:\/\/aviator-slotgame.com\/aviator\/#breadcrumb\"},\"inLanguage\":\"az\",\"potentialAction\":[{\"@type\":\"ReadAction\",\"target\":[\"https:\/\/aviator-slotgame.com\/aviator\/\"]}]},{\"@type\":\"BreadcrumbList\",\"@id\":\"https:\/\/aviator-slotgame.com\/aviator\/#breadcrumb\",\"itemListElement\":[{\"@type\":\"ListItem\",\"position\":1,\"name\":\"Home\",\"item\":\"https:\/\/aviator-slotgame.com\/\"},{\"@type\":\"ListItem\",\"position\":2,\"name\":\"\u041f\u0440\u0430\u0432\u0438\u043b\u0430,\u043e\u0441\u043e\u0431\u0435\u043d\u043e\u0441\u0442\u0438 \u0438 \u0432\u044b\u0438\u0433\u0440\u044b\u0448\u0438 \u0432 \u043a\u0440\u0430\u0448-\u0441\u043b\u043e\u0442 \u0438\u0433\u0440\u0435 \u043d\u0430 \u0434\u0435\u043d\u044c\u0433\u0438\"}]},{\"@type\":\"WebSite\",\"@id\":\"https:\/\/aviator-slotgame.com\/#website\",\"url\":\"https:\/\/aviator-slotgame.com\/\",\"name\":\"Aviator\",\"description\":\"\",\"publisher\":{\"@id\":\"https:\/\/aviator-slotgame.com\/#organization\"},\"potentialAction\":[{\"@type\":\"SearchAction\",\"target\":{\"@type\":\"EntryPoint\",\"urlTemplate\":\"https:\/\/aviator-slotgame.com\/?s={search_term_string}\"},\"query-input\":\"required name=search_term_string\"}],\"inLanguage\":\"az\"},{\"@type\":\"Organization\",\"@id\":\"https:\/\/aviator-slotgame.com\/#organization\",\"name\":\"Aviator\",\"url\":\"https:\/\/aviator-slotgame.com\/\",\"logo\":{\"@type\":\"ImageObject\",\"inLanguage\":\"az\",\"@id\":\"https:\/\/aviator-slotgame.com\/#\/schema\/logo\/image\/\",\"url\":\"https:\/\/aviator-slotgame.com\/wp-content\/uploads\/16f5e8_dade544d4623411c9c4153c639aae85amv2.webp\",\"contentUrl\":\"https:\/\/aviator-slotgame.com\/wp-content\/uploads\/16f5e8_dade544d4623411c9c4153c639aae85amv2.webp\",\"width\":400,\"height\":300,\"caption\":\"Aviator\"},\"image\":{\"@id\":\"https:\/\/aviator-slotgame.com\/#\/schema\/logo\/image\/\"}}]}<\/script>\n<!-- \/ Yoast SEO plugin. -->","yoast_head_json":{"title":"\u041e\u043d\u043b\u0430\u0439\u043d \u0441\u043b\u043e\u0442 \u0410\u0432\u0438\u0430\u0442\u043e\u0440 \u2014 \u0418\u0433\u0440\u0430\u0439 \u043d\u0430 \u0440\u0435\u0430\u043b\u044c\u043d\u044b\u0435 \u0434\u0435\u043d\u044c\u0433\u0438 \u0432 \u043a\u0430\u0437\u0438\u043d\u043e","description":"\u0423\u0437\u043d\u0430\u0439\u0442\u0435 \u0432\u0441\u0435 \u043e \u043a\u0440\u0430\u0448-\u0438\u0433\u0440\u0435 \u0410\u0432\u0438\u0430\u0442\u043e\u0440: \u043f\u0440\u0430\u0432\u0438\u043b\u0430, \u0431\u043e\u043d\u0443\u0441\u044b, \u043e\u0441\u043e\u0431\u0435\u043d\u043d\u043e\u0441\u0442\u0438 \u0438 \u0445\u0430\u0440\u0430\u043a\u0442\u0435\u0440\u0438\u0441\u0442\u0438\u043a\u0438 \u0438\u0433\u0440\u044b \u0434\u043b\u044f \u0443\u0432\u0435\u043b\u0438\u0447\u0435\u043d\u0438\u0435 \u043f\u0440\u0438\u0431\u044b\u043b\u0438 \u0432 \u043a\u0430\u0437\u0438\u043d\u043e. \u0418\u0433\u0440\u0430\u0439 \u0432 Aviator \u043e\u0442 Spribe \u0432 \u043e\u043d\u043b\u0430\u0439\u043d\u0435.","robots":{"index":"index","follow":"follow","max-snippet":"max-snippet:-1","max-image-preview":"max-image-preview:large","max-video-preview":"max-video-preview:-1"},"canonical":"https:\/\/aviator-slotgame.com\/az\/aviator\/","og_locale":"az_AZ","og_type":"article","og_title":"\u041e\u043d\u043b\u0430\u0439\u043d \u0441\u043b\u043e\u0442 \u0410\u0432\u0438\u0430\u0442\u043e\u0440 \u2014 \u0418\u0433\u0440\u0430\u0439 \u043d\u0430 \u0440\u0435\u0430\u043b\u044c\u043d\u044b\u0435 \u0434\u0435\u043d\u044c\u0433\u0438 \u0432 \u043a\u0430\u0437\u0438\u043d\u043e","og_description":"\u0423\u0437\u043d\u0430\u0439\u0442\u0435 \u0432\u0441\u0435 \u043e \u043a\u0440\u0430\u0448-\u0438\u0433\u0440\u0435 \u0410\u0432\u0438\u0430\u0442\u043e\u0440: \u043f\u0440\u0430\u0432\u0438\u043b\u0430, \u0431\u043e\u043d\u0443\u0441\u044b, \u043e\u0441\u043e\u0431\u0435\u043d\u043d\u043e\u0441\u0442\u0438 \u0438 \u0445\u0430\u0440\u0430\u043a\u0442\u0435\u0440\u0438\u0441\u0442\u0438\u043a\u0438 \u0438\u0433\u0440\u044b \u0434\u043b\u044f \u0443\u0432\u0435\u043b\u0438\u0447\u0435\u043d\u0438\u0435 \u043f\u0440\u0438\u0431\u044b\u043b\u0438 \u0432 \u043a\u0430\u0437\u0438\u043d\u043e. \u0418\u0433\u0440\u0430\u0439 \u0432 Aviator \u043e\u0442 Spribe \u0432 \u043e\u043d\u043b\u0430\u0439\u043d\u0435.","og_url":"https:\/\/aviator-slotgame.com\/az\/aviator\/","og_site_name":"Aviator","article_modified_time":"2024-09-08T10:40:25+00:00","twitter_card":"summary_large_image","twitter_misc":{"Est. reading time":"5 minutes"},"schema":{"@context":"https:\/\/schema.org","@graph":[{"@type":"WebPage","@id":"https:\/\/aviator-slotgame.com\/aviator\/","url":"https:\/\/aviator-slotgame.com\/aviator\/","name":"\u041e\u043d\u043b\u0430\u0439\u043d \u0441\u043b\u043e\u0442 \u0410\u0432\u0438\u0430\u0442\u043e\u0440 \u2014 \u0418\u0433\u0440\u0430\u0439 \u043d\u0430 \u0440\u0435\u0430\u043b\u044c\u043d\u044b\u0435 \u0434\u0435\u043d\u044c\u0433\u0438 \u0432 \u043a\u0430\u0437\u0438\u043d\u043e","isPartOf":{"@id":"https:\/\/aviator-slotgame.com\/#website"},"datePublished":"2024-09-06T14:43:40+00:00","dateModified":"2024-09-08T10:40:25+00:00","description":"\u0423\u0437\u043d\u0430\u0439\u0442\u0435 \u0432\u0441\u0435 \u043e \u043a\u0440\u0430\u0448-\u0438\u0433\u0440\u0435 \u0410\u0432\u0438\u0430\u0442\u043e\u0440: \u043f\u0440\u0430\u0432\u0438\u043b\u0430, \u0431\u043e\u043d\u0443\u0441\u044b, \u043e\u0441\u043e\u0431\u0435\u043d\u043d\u043e\u0441\u0442\u0438 \u0438 \u0445\u0430\u0440\u0430\u043a\u0442\u0435\u0440\u0438\u0441\u0442\u0438\u043a\u0438 \u0438\u0433\u0440\u044b \u0434\u043b\u044f \u0443\u0432\u0435\u043b\u0438\u0447\u0435\u043d\u0438\u0435 \u043f\u0440\u0438\u0431\u044b\u043b\u0438 \u0432 \u043a\u0430\u0437\u0438\u043d\u043e. \u0418\u0433\u0440\u0430\u0439 \u0432 Aviator \u043e\u0442 Spribe \u0432 \u043e\u043d\u043b\u0430\u0439\u043d\u0435.","breadcrumb":{"@id":"https:\/\/aviator-slotgame.com\/aviator\/#breadcrumb"},"inLanguage":"az","potentialAction":[{"@type":"ReadAction","target":["https:\/\/aviator-slotgame.com\/aviator\/"]}]},{"@type":"BreadcrumbList","@id":"https:\/\/aviator-slotgame.com\/aviator\/#breadcrumb","itemListElement":[{"@type":"ListItem","position":1,"name":"Home","item":"https:\/\/aviator-slotgame.com\/"},{"@type":"ListItem","position":2,"name":"\u041f\u0440\u0430\u0432\u0438\u043b\u0430,\u043e\u0441\u043e\u0431\u0435\u043d\u043e\u0441\u0442\u0438 \u0438 \u0432\u044b\u0438\u0433\u0440\u044b\u0448\u0438 \u0432 \u043a\u0440\u0430\u0448-\u0441\u043b\u043e\u0442 \u0438\u0433\u0440\u0435 \u043d\u0430 \u0434\u0435\u043d\u044c\u0433\u0438"}]},{"@type":"WebSite","@id":"https:\/\/aviator-slotgame.com\/#website","url":"https:\/\/aviator-slotgame.com\/","name":"Aviator","description":"","publisher":{"@id":"https:\/\/aviator-slotgame.com\/#organization"},"potentialAction":[{"@type":"SearchAction","target":{"@type":"EntryPoint","urlTemplate":"https:\/\/aviator-slotgame.com\/?s={search_term_string}"},"query-input":"required name=search_term_string"}],"inLanguage":"az"},{"@type":"Organization","@id":"https:\/\/aviator-slotgame.com\/#organization","name":"Aviator","url":"https:\/\/aviator-slotgame.com\/","logo":{"@type":"ImageObject","inLanguage":"az","@id":"https:\/\/aviator-slotgame.com\/#\/schema\/logo\/image\/","url":"https:\/\/aviator-slotgame.com\/wp-content\/uploads\/16f5e8_dade544d4623411c9c4153c639aae85amv2.webp","contentUrl":"https:\/\/aviator-slotgame.com\/wp-content\/uploads\/16f5e8_dade544d4623411c9c4153c639aae85amv2.webp","width":400,"height":300,"caption":"Aviator"},"image":{"@id":"https:\/\/aviator-slotgame.com\/#\/schema\/logo\/image\/"}}]}},"amp_enabled":true,"_links":{"self":[{"href":"https:\/\/aviator-slotgame.com\/az\/wp-json\/wp\/v2\/pages\/263","targetHints":{"allow":["GET"]}}],"collection":[{"href":"https:\/\/aviator-slotgame.com\/az\/wp-json\/wp\/v2\/pages"}],"about":[{"href":"https:\/\/aviator-slotgame.com\/az\/wp-json\/wp\/v2\/types\/page"}],"author":[{"embeddable":true,"href":"https:\/\/aviator-slotgame.com\/az\/wp-json\/wp\/v2\/users\/1"}],"replies":[{"embeddable":true,"href":"https:\/\/aviator-slotgame.com\/az\/wp-json\/wp\/v2\/comments?post=263"}],"version-history":[{"count":4,"href":"https:\/\/aviator-slotgame.com\/az\/wp-json\/wp\/v2\/pages\/263\/revisions"}],"predecessor-version":[{"id":287,"href":"https:\/\/aviator-slotgame.com\/az\/wp-json\/wp\/v2\/pages\/263\/revisions\/287"}],"wp:attachment":[{"href":"https:\/\/aviator-slotgame.com\/az\/wp-json\/wp\/v2\/media?parent=263"}],"curies":[{"name":"wp","href":"https:\/\/api.w.org\/{rel}","templated":true}]}}