{"id":271,"date":"2024-09-06T15:05:30","date_gmt":"2024-09-06T15:05:30","guid":{"rendered":"https:\/\/aviator-slotgame.com\/?page_id=271"},"modified":"2024-10-03T22:45:15","modified_gmt":"2024-10-03T22:45:15","slug":"faq","status":"publish","type":"page","link":"https:\/\/aviator-slotgame.com\/az\/faq\/","title":{"rendered":"Aviator oyunu haqq\u0131nda tez-tez veril\u0259n suallar - Oyun haqq\u0131nda m\u0259\u015fhur suallara cavablar"},"content":{"rendered":"<div class=\"fe913c225e9c6bb0b0b570f1ed15cacd\" data-index=\"1\" style=\"float: none; margin:10px 0 10px 0; text-align:center;\">\n<div class=\"custom-play-button\">\r\n<center><a href=\"https:\/\/aviator-slotgame.com\/az\/play-game\/\" rel=\"nofollow\" target=\"_blank\">\u0130ndi oyna<\/a><br><\/center>\r\n<\/div>\n<\/div>\n<p><img loading=\"lazy\" decoding=\"async\" class=\"alignnone size-full wp-image-273\" src=\"https:\/\/aviator-slotgame.com\/wp-content\/uploads\/Aviator-8-800-x-600-\u043f\u0438\u043a\u0441.jpg\" alt=\"Aviator oyunu haqq\u0131nda suallara cavablar\" width=\"800\" height=\"600\" srcset=\"https:\/\/aviator-slotgame.com\/wp-content\/uploads\/Aviator-8-800-x-600-\u043f\u0438\u043a\u0441.jpg 800w, https:\/\/aviator-slotgame.com\/wp-content\/uploads\/Aviator-8-800-x-600-\u043f\u0438\u043a\u0441-300x225.jpg 300w, https:\/\/aviator-slotgame.com\/wp-content\/uploads\/Aviator-8-800-x-600-\u043f\u0438\u043a\u0441-768x576.jpg 768w, https:\/\/aviator-slotgame.com\/wp-content\/uploads\/Aviator-8-800-x-600-\u043f\u0438\u043a\u0441-16x12.jpg 16w\" sizes=\"auto, (max-width: 800px) 100vw, 800px\" \/><\/p>\n<h3><strong>Aviator q\u0259za oyununu pulsuz oynaya bil\u0259r\u0259mmi?<\/strong><\/h3>\n<p>B\u0259li, ed\u0259 bil\u0259rsiniz. \u00dcst\u0259lik, qumar d\u00fcnyas\u0131nda bir \u00e7ox pe\u015f\u0259karlar, oyunu daha yax\u015f\u0131 ba\u015fa d\u00fc\u015fm\u0259k \u00fc\u00e7\u00fcn \u0259vv\u0259lc\u0259 Aviator oyununun demo versiyas\u0131n\u0131 oynama\u011f\u0131n\u0131z\u0131 m\u0259sl\u0259h\u0259t g\u00f6r\u00fcrl\u0259r. Real pulu doldurmadan! Pulsuz oynayark\u0259n \u0259man\u0259tinizi doldurduqdan sonra Aviator oynamaq strategiyas\u0131 haqq\u0131nda d\u00fc\u015f\u00fcn\u0259 bil\u0259rsiniz.<\/p>\n<h3><strong>Aviator onlayn oyununu oynamaq \u00fc\u00e7\u00fcn \u0259n yax\u015f\u0131 yer haradad\u0131r?<\/strong><\/h3>\n<p>\u0130nternetd\u0259ki ist\u0259nil\u0259n kazino sayt\u0131nda pulsuz oyunu oynaya bil\u0259rsiniz. Ancaq real pul \u00fc\u00e7\u00fcn oynama\u011fa ba\u015flama\u011f\u0131 planla\u015fd\u0131r\u0131rs\u0131n\u0131zsa, s\u00fcbut edilmi\u015f v\u0259 d\u00fcr\u00fcst bir kazino se\u00e7m\u0259lisiniz. Bel\u0259likl\u0259, Aviator-da oyununuz t\u0259hl\u00fck\u0259sizdir v\u0259 yaln\u0131z m\u00fcsb\u0259t emosiyalar v\u0259 b\u00f6y\u00fck udu\u015flar g\u0259tirir!<\/p>\n<h3><strong>Mobil cihaz\u0131mda Aviator onlayn kazino oynaya bil\u0259r\u0259mmi?<\/strong><\/h3>\n<p>Aviator qumar oyunu \u00fc\u00e7\u00fcn ayr\u0131ca proqram yoxdur, lakin axtar\u0131\u015f \u00e7ubu\u011fundan istifad\u0259 ed\u0259r\u0259k Aviator crash oyununu asanl\u0131qla tapa bil\u0259c\u0259yiniz h\u0259r hans\u0131 s\u00fcbut edilmi\u015f, r\u0259smi kazino t\u0259tbiqini qura\u015fd\u0131ra bil\u0259rsiniz. Aviator oyunu b\u00fct\u00fcn rezolyusiyaya malik cihazlar v\u0259 ekranlar \u00fc\u00e7\u00fcn optimalla\u015fd\u0131r\u0131l\u0131b, bel\u0259likl\u0259 siz Android v\u0259 ya iOS mobil telefonunuzda oyundan h\u0259zz ala bil\u0259rsiniz.<\/p><div class=\"fe913c225e9c6bb0b0b570f1ed15cacd\" data-index=\"1\" style=\"float: none; margin:10px 0 10px 0; text-align:center;\">\n<div class=\"custom-play-button\">\r\n<center><a href=\"https:\/\/aviator-slotgame.com\/az\/play-game\/\" rel=\"nofollow\" target=\"_blank\">\u0130ndi oyna<\/a><br><\/center>\r\n<\/div>\n<\/div>\n\n<h3><strong>Aviator onlayn oyununda minimum m\u0259rc n\u0259 q\u0259d\u0259rdir?<\/strong><\/h3>\n<p>Aviator onlayn kazinosunda minimum m\u0259rc 0.1$-dir<\/p>\n<h3><strong>Aviator onlayn oyununda maksimum m\u0259rc n\u0259dir?<\/strong><\/h3>\n<p>Aviator onlayn kazinosunda maksimum m\u0259rc 100$-dir<\/p>\n<h3><strong>Aviator oyununu nec\u0259 oynamaq olar?<\/strong><\/h3>\n<p>Aviator slotu \u00e7ox asan oynanan qumar oyunudur. \u018fn vacibi Aviator oynayark\u0259n iki add\u0131m atmaqd\u0131r - m\u0259rc edin v\u0259 raund ba\u015flayandan sonra m\u0259rcinizi geri g\u00f6t\u00fcr\u00fcn. M\u0259rc m\u0259bl\u0259\u011fi v\u0259 geri \u00e7\u0259kilm\u0259 vaxt\u0131 v\u0259ziyy\u0259tiniz\u0259 v\u0259 risk etm\u0259k ist\u0259yiniz\u0259 \u0259sas\u0259n sizin t\u0259r\u0259finizd\u0259n m\u00fc\u0259yy\u0259n edilir.<\/p>\n<h3><strong>Aviator oyununu nec\u0259 hack etm\u0259k olar?<\/strong><\/h3>\n<p>Aviator oyununu s\u0131nd\u0131rmaq m\u00fcmk\u00fcn deyil, ona g\u00f6r\u0259 d\u0259 c\u0259hd etm\u0259yin. Forumlarda f\u0259al \u015f\u0259kild\u0259 m\u00fczakir\u0259 olunan Aviator hackinin \u0259sas ideyas\u0131 t\u0259yyar\u0259nin u\u00e7aca\u011f\u0131 n\u00f6vb\u0259ti \u00e7arpan\u0131 t\u0259xmin etm\u0259kdir. N\u00f6vb\u0259ti \u00e7arpan\u0131 bil\u0259n oyun\u00e7unun ondan q\u0131sa m\u00fcdd\u0259t \u0259vv\u0259l geri \u00e7\u0259kilm\u0259y\u0259 vaxt tapaca\u011f\u0131 anla\u015f\u0131l\u0131r. \u018fslind\u0259, Aviatoru s\u0131nd\u0131rmaq v\u0259 ya \u00e7arpan d\u00fc\u015fm\u0259sini idar\u0259 etm\u0259k m\u00fcmk\u00fcn deyil.<\/p>\n<h3><strong>Aviator oyununun n\u0259tic\u0259sini nec\u0259 proqnozla\u015fd\u0131rmaq olar?<\/strong><\/h3>\n<p>He\u00e7 kim Aviator oyununun raundunun n\u0259tic\u0259sini 100 % ehtimal\u0131 il\u0259 proqnozla\u015fd\u0131ra bilm\u0259z. \u00c7ox vaxt biz yaln\u0131z m\u00fc\u0259yy\u0259n bir \u00e7arpan vurma ehtimal\u0131n\u0131 proqnozla\u015fd\u0131ra bil\u0259rik. M\u0259s\u0259l\u0259n, \u00e7arpan\u0131n tarixin\u0259 n\u0259z\u0259r salsan\u0131z v\u0259 son bir saatda 100 \u00e7arpan\u0131n\u0131n he\u00e7 vaxt g\u00f6r\u00fcnm\u0259diyini g\u00f6rs\u0259niz, onun yax\u0131n g\u0259l\u0259c\u0259kd\u0259 meydana \u00e7\u0131xma ehtimal\u0131 y\u00fcks\u0259kdir. Bununla bel\u0259, n\u00f6vb\u0259ti d\u0259f\u0259 hans\u0131 \u00e7arpan\u0131n g\u00f6r\u00fcn\u0259c\u0259yini proqnozla\u015fd\u0131rmaq m\u00fcmk\u00fcn deyil, m\u0259s\u0259l\u0259n, x1.05 v\u0259 ya x3.0.<\/p>\n<h3><strong>N\u0259\u00a0<\/strong><strong>RTP<\/strong><strong>\u00a0Aviator yuvas\u0131?<\/strong><\/h3>\n<p>Aviator slotunun RTP-si oyun t\u0259rtibat\u00e7\u0131s\u0131n\u0131n veb sayt\u0131na g\u00f6r\u0259 97%-dir.<\/p>\n<h3><strong>Aviator oyununda nec\u0259 qalib g\u0259lm\u0259k olar?<\/strong><\/h3>\n<p>Aviator-da qalib g\u0259lm\u0259k strategiyan\u0131zdan as\u0131l\u0131d\u0131r. Buna g\u00f6r\u0259 d\u0259, ba\u015flamaq \u00fc\u00e7\u00fcn Aviator-da nec\u0259 qalib g\u0259l\u0259c\u0259yinizi deyil, Aviatoru nec\u0259 oynayaca\u011f\u0131n\u0131z\u0131 m\u00fc\u0259yy\u0259n etm\u0259k vacibdir. Bu suala cavab verm\u0259k \u00fc\u00e7\u00fcn Aviator oynamaq \u00fc\u00e7\u00fcn d\u00fczg\u00fcn strategiya se\u00e7m\u0259k vacibdir. Bir s\u00f6zl\u0259, Aviator oynamaq \u00fc\u00e7\u00fcn m\u00fchafiz\u0259kar strategiya itirm\u0259k riskini minimuma endir\u0259c\u0259k v\u0259 m\u00fcnt\u0259z\u0259m olaraq ki\u00e7ik m\u0259bl\u0259\u011fl\u0259r qazanma\u011f\u0131n\u0131za k\u00f6m\u0259k ed\u0259c\u0259k. Maksimum risk strategiyas\u0131 b\u00f6y\u00fck m\u0259bl\u0259\u011fl\u0259r qazanma\u011f\u0131n\u0131za k\u00f6m\u0259k ed\u0259c\u0259k, lakin b\u00fct\u00fcn \u0259man\u0259tinizi itirm\u0259k \u015fans\u0131n\u0131z da y\u00fcks\u0259kdir.<\/p>\n<h3><strong>Aviator oyununda nec\u0259 \u0259man\u0259t etm\u0259k olar?<\/strong><\/h3>\n<p>Aviator oyununda depozit qoymaq \u00fc\u00e7\u00fcn onlayn kazino sayt\u0131nda qeydiyyatdan ke\u00e7m\u0259lisiniz. Qeydiyyatdan d\u0259rhal sonra hesab\u0131n yoxlan\u0131lmas\u0131ndan ke\u00e7m\u0259k v\u0259 kazinonun t\u0259klif etdiyi \u00fcsullardan birini istifad\u0259 ed\u0259r\u0259k depozit qoymaq vacibdir. Bir qayda olaraq, siz \u0259man\u0259tinizi bank kart\u0131, kriptovalyuta v\u0259 elektron pul kis\u0259l\u0259ri il\u0259 doldura bil\u0259rsiniz.<\/p>\n<h3><strong>Aviator-dan bank kart\u0131na nec\u0259 pul \u00e7\u0131xarmaq olar?<\/strong><\/h3>\n<p>Qazand\u0131qdan d\u0259rhal sonra pul oyun hesab\u0131na gedir. Oyun\u00e7u oyun hesab\u0131ndan pul \u00e7\u0131xara bil\u0259r. Pul \u00e7\u0131xarma \u00fcsullar\u0131 v\u0259 \u015f\u0259rtl\u0259ri onlayn kazinodan as\u0131l\u0131d\u0131r. M\u0259s\u0259l\u0259n, b\u0259zi kazinolar siz\u0259 pulun yat\u0131r\u0131ld\u0131\u011f\u0131 kimi pulu \u00e7\u0131xarma\u011fa imkan verir. B\u0259zi kazinolar bank kartlar\u0131ndan istifad\u0259 etm\u0259y\u0259 icaz\u0259 vermir, m\u0259s\u0259l\u0259n, kripto kazinolar.<\/p>\n\n<div style=\"font-size: 0px; height: 0px; line-height: 0px; margin: 0; padding: 0; clear: both;\"><\/div>","protected":false},"excerpt":{"rendered":"<p>Aviator q\u0259za oyununu pulsuz oynaya bil\u0259r\u0259mmi? B\u0259li, ed\u0259 bil\u0259rsiniz. \u00dcst\u0259lik, qumar d\u00fcnyas\u0131nda bir \u00e7ox m\u00fct\u0259x\u0259ssis m\u0259sl\u0259h\u0259t g\u00f6r\u00fcr<\/p>","protected":false},"author":1,"featured_media":0,"parent":0,"menu_order":0,"comment_status":"closed","ping_status":"closed","template":"","meta":{"footnotes":""},"class_list":["post-271","page","type-page","status-publish","hentry"],"yoast_head":"<!-- This site is optimized with the Yoast SEO plugin v22.0 - https:\/\/yoast.com\/wordpress\/plugins\/seo\/ -->\n<title>\u0427\u0430\u0441\u0442\u043e \u0437\u0430\u0434\u0430\u0432\u0430\u0435\u043c\u044b\u0435 \u0432\u043e\u043f\u0440\u043e\u0441\u044b \u043e\u0431 \u0438\u0433\u0440\u0435 \u0410\u0432\u0438\u0430\u0442\u043e\u0440 \u2014 FAQ \u043e \u043a\u0440\u0430\u0448-\u0441\u043b\u043e\u0442\u0435<\/title>\n<meta name=\"description\" content=\"\u0423\u0437\u043d\u0430\u0439\u0442\u0435 \u043e\u0442\u0432\u0435\u0442\u044b \u043d\u0430 \u0447\u0430\u0441\u0442\u043e \u0437\u0430\u0434\u0430\u0432\u0430\u0435\u043c\u044b\u0435 \u0432\u043e\u043f\u0440\u043e\u0441\u044b \u043e\u0431 \u0438\u0433\u0440\u0435 \u0410\u0432\u0438\u0430\u0442\u043e\u0440: \u043a\u0430\u043a \u0438\u0433\u0440\u0430\u0442\u044c, \u043f\u0440\u043e \u0441\u0442\u0430\u0432\u043a\u0438, \u043e\u0431 RTP,\u043e \u0432\u044b\u0432\u043e\u0434\u0435 \u0434\u0435\u043d\u0435\u0433 \u0438 \u043a\u0430\u043a \u0431\u0435\u0437\u043e\u043f\u0430\u0441\u043d\u043e \u0438\u0433\u0440\u0430\u0442\u044c \u0432 \u043a\u0440\u0430\u0448-\u0441\u043b\u043e\u0442 \u043d\u0430 \u0434\u0435\u043d\u044c\u0433\u0438 \u0432 \u043a\u0430\u0437\u0438\u043d\u043e.\" \/>\n<meta name=\"robots\" content=\"index, follow, max-snippet:-1, max-image-preview:large, max-video-preview:-1\" \/>\n<link rel=\"canonical\" href=\"https:\/\/aviator-slotgame.com\/az\/faq\/\" \/>\n<meta property=\"og:locale\" content=\"az_AZ\" \/>\n<meta property=\"og:type\" content=\"article\" \/>\n<meta property=\"og:title\" content=\"\u0427\u0430\u0441\u0442\u043e \u0437\u0430\u0434\u0430\u0432\u0430\u0435\u043c\u044b\u0435 \u0432\u043e\u043f\u0440\u043e\u0441\u044b \u043e\u0431 \u0438\u0433\u0440\u0435 \u0410\u0432\u0438\u0430\u0442\u043e\u0440 \u2014 FAQ \u043e \u043a\u0440\u0430\u0448-\u0441\u043b\u043e\u0442\u0435\" \/>\n<meta property=\"og:description\" content=\"\u0423\u0437\u043d\u0430\u0439\u0442\u0435 \u043e\u0442\u0432\u0435\u0442\u044b \u043d\u0430 \u0447\u0430\u0441\u0442\u043e \u0437\u0430\u0434\u0430\u0432\u0430\u0435\u043c\u044b\u0435 \u0432\u043e\u043f\u0440\u043e\u0441\u044b \u043e\u0431 \u0438\u0433\u0440\u0435 \u0410\u0432\u0438\u0430\u0442\u043e\u0440: \u043a\u0430\u043a \u0438\u0433\u0440\u0430\u0442\u044c, \u043f\u0440\u043e \u0441\u0442\u0430\u0432\u043a\u0438, \u043e\u0431 RTP,\u043e \u0432\u044b\u0432\u043e\u0434\u0435 \u0434\u0435\u043d\u0435\u0433 \u0438 \u043a\u0430\u043a \u0431\u0435\u0437\u043e\u043f\u0430\u0441\u043d\u043e \u0438\u0433\u0440\u0430\u0442\u044c \u0432 \u043a\u0440\u0430\u0448-\u0441\u043b\u043e\u0442 \u043d\u0430 \u0434\u0435\u043d\u044c\u0433\u0438 \u0432 \u043a\u0430\u0437\u0438\u043d\u043e.\" \/>\n<meta property=\"og:url\" content=\"https:\/\/aviator-slotgame.com\/az\/faq\/\" \/>\n<meta property=\"og:site_name\" content=\"Aviator\" \/>\n<meta property=\"article:modified_time\" content=\"2024-10-03T22:45:15+00:00\" \/>\n<meta name=\"twitter:card\" content=\"summary_large_image\" \/>\n<meta name=\"twitter:label1\" content=\"Est. reading time\" \/>\n\t<meta name=\"twitter:data1\" content=\"3 minutes\" \/>\n<script type=\"application\/ld+json\" class=\"yoast-schema-graph\">{\"@context\":\"https:\/\/schema.org\",\"@graph\":[{\"@type\":\"WebPage\",\"@id\":\"https:\/\/aviator-slotgame.com\/faq\/\",\"url\":\"https:\/\/aviator-slotgame.com\/faq\/\",\"name\":\"\u0427\u0430\u0441\u0442\u043e \u0437\u0430\u0434\u0430\u0432\u0430\u0435\u043c\u044b\u0435 \u0432\u043e\u043f\u0440\u043e\u0441\u044b \u043e\u0431 \u0438\u0433\u0440\u0435 \u0410\u0432\u0438\u0430\u0442\u043e\u0440 \u2014 FAQ \u043e \u043a\u0440\u0430\u0448-\u0441\u043b\u043e\u0442\u0435\",\"isPartOf\":{\"@id\":\"https:\/\/aviator-slotgame.com\/#website\"},\"datePublished\":\"2024-09-06T15:05:30+00:00\",\"dateModified\":\"2024-10-03T22:45:15+00:00\",\"description\":\"\u0423\u0437\u043d\u0430\u0439\u0442\u0435 \u043e\u0442\u0432\u0435\u0442\u044b \u043d\u0430 \u0447\u0430\u0441\u0442\u043e \u0437\u0430\u0434\u0430\u0432\u0430\u0435\u043c\u044b\u0435 \u0432\u043e\u043f\u0440\u043e\u0441\u044b \u043e\u0431 \u0438\u0433\u0440\u0435 \u0410\u0432\u0438\u0430\u0442\u043e\u0440: \u043a\u0430\u043a \u0438\u0433\u0440\u0430\u0442\u044c, \u043f\u0440\u043e \u0441\u0442\u0430\u0432\u043a\u0438, \u043e\u0431 RTP,\u043e \u0432\u044b\u0432\u043e\u0434\u0435 \u0434\u0435\u043d\u0435\u0433 \u0438 \u043a\u0430\u043a \u0431\u0435\u0437\u043e\u043f\u0430\u0441\u043d\u043e \u0438\u0433\u0440\u0430\u0442\u044c \u0432 \u043a\u0440\u0430\u0448-\u0441\u043b\u043e\u0442 \u043d\u0430 \u0434\u0435\u043d\u044c\u0433\u0438 \u0432 \u043a\u0430\u0437\u0438\u043d\u043e.\",\"breadcrumb\":{\"@id\":\"https:\/\/aviator-slotgame.com\/faq\/#breadcrumb\"},\"inLanguage\":\"az\",\"potentialAction\":[{\"@type\":\"ReadAction\",\"target\":[\"https:\/\/aviator-slotgame.com\/faq\/\"]}]},{\"@type\":\"BreadcrumbList\",\"@id\":\"https:\/\/aviator-slotgame.com\/faq\/#breadcrumb\",\"itemListElement\":[{\"@type\":\"ListItem\",\"position\":1,\"name\":\"Home\",\"item\":\"https:\/\/aviator-slotgame.com\/\"},{\"@type\":\"ListItem\",\"position\":2,\"name\":\"FAQ \u043e\u0431 \u0438\u0433\u0440\u0435 Aviator &#8211; \u041e\u0442\u0432\u0435\u0442\u044b \u043d\u0430 \u043f\u043e\u043f\u0443\u043b\u044f\u0440\u043d\u044b\u0435 \u0432\u043e\u043f\u0440\u043e\u0441\u044b \u043e \u0438\u0433\u0440\u0435\"}]},{\"@type\":\"WebSite\",\"@id\":\"https:\/\/aviator-slotgame.com\/#website\",\"url\":\"https:\/\/aviator-slotgame.com\/\",\"name\":\"Aviator\",\"description\":\"\",\"publisher\":{\"@id\":\"https:\/\/aviator-slotgame.com\/#organization\"},\"potentialAction\":[{\"@type\":\"SearchAction\",\"target\":{\"@type\":\"EntryPoint\",\"urlTemplate\":\"https:\/\/aviator-slotgame.com\/?s={search_term_string}\"},\"query-input\":\"required name=search_term_string\"}],\"inLanguage\":\"az\"},{\"@type\":\"Organization\",\"@id\":\"https:\/\/aviator-slotgame.com\/#organization\",\"name\":\"Aviator\",\"url\":\"https:\/\/aviator-slotgame.com\/\",\"logo\":{\"@type\":\"ImageObject\",\"inLanguage\":\"az\",\"@id\":\"https:\/\/aviator-slotgame.com\/#\/schema\/logo\/image\/\",\"url\":\"https:\/\/aviator-slotgame.com\/wp-content\/uploads\/16f5e8_dade544d4623411c9c4153c639aae85amv2.webp\",\"contentUrl\":\"https:\/\/aviator-slotgame.com\/wp-content\/uploads\/16f5e8_dade544d4623411c9c4153c639aae85amv2.webp\",\"width\":400,\"height\":300,\"caption\":\"Aviator\"},\"image\":{\"@id\":\"https:\/\/aviator-slotgame.com\/#\/schema\/logo\/image\/\"}}]}<\/script>\n<!-- \/ Yoast SEO plugin. -->","yoast_head_json":{"title":"\u0427\u0430\u0441\u0442\u043e \u0437\u0430\u0434\u0430\u0432\u0430\u0435\u043c\u044b\u0435 \u0432\u043e\u043f\u0440\u043e\u0441\u044b \u043e\u0431 \u0438\u0433\u0440\u0435 \u0410\u0432\u0438\u0430\u0442\u043e\u0440 \u2014 FAQ \u043e \u043a\u0440\u0430\u0448-\u0441\u043b\u043e\u0442\u0435","description":"\u0423\u0437\u043d\u0430\u0439\u0442\u0435 \u043e\u0442\u0432\u0435\u0442\u044b \u043d\u0430 \u0447\u0430\u0441\u0442\u043e \u0437\u0430\u0434\u0430\u0432\u0430\u0435\u043c\u044b\u0435 \u0432\u043e\u043f\u0440\u043e\u0441\u044b \u043e\u0431 \u0438\u0433\u0440\u0435 \u0410\u0432\u0438\u0430\u0442\u043e\u0440: \u043a\u0430\u043a \u0438\u0433\u0440\u0430\u0442\u044c, \u043f\u0440\u043e \u0441\u0442\u0430\u0432\u043a\u0438, \u043e\u0431 RTP,\u043e \u0432\u044b\u0432\u043e\u0434\u0435 \u0434\u0435\u043d\u0435\u0433 \u0438 \u043a\u0430\u043a \u0431\u0435\u0437\u043e\u043f\u0430\u0441\u043d\u043e \u0438\u0433\u0440\u0430\u0442\u044c \u0432 \u043a\u0440\u0430\u0448-\u0441\u043b\u043e\u0442 \u043d\u0430 \u0434\u0435\u043d\u044c\u0433\u0438 \u0432 \u043a\u0430\u0437\u0438\u043d\u043e.","robots":{"index":"index","follow":"follow","max-snippet":"max-snippet:-1","max-image-preview":"max-image-preview:large","max-video-preview":"max-video-preview:-1"},"canonical":"https:\/\/aviator-slotgame.com\/az\/faq\/","og_locale":"az_AZ","og_type":"article","og_title":"\u0427\u0430\u0441\u0442\u043e \u0437\u0430\u0434\u0430\u0432\u0430\u0435\u043c\u044b\u0435 \u0432\u043e\u043f\u0440\u043e\u0441\u044b \u043e\u0431 \u0438\u0433\u0440\u0435 \u0410\u0432\u0438\u0430\u0442\u043e\u0440 \u2014 FAQ \u043e \u043a\u0440\u0430\u0448-\u0441\u043b\u043e\u0442\u0435","og_description":"\u0423\u0437\u043d\u0430\u0439\u0442\u0435 \u043e\u0442\u0432\u0435\u0442\u044b \u043d\u0430 \u0447\u0430\u0441\u0442\u043e \u0437\u0430\u0434\u0430\u0432\u0430\u0435\u043c\u044b\u0435 \u0432\u043e\u043f\u0440\u043e\u0441\u044b \u043e\u0431 \u0438\u0433\u0440\u0435 \u0410\u0432\u0438\u0430\u0442\u043e\u0440: \u043a\u0430\u043a \u0438\u0433\u0440\u0430\u0442\u044c, \u043f\u0440\u043e \u0441\u0442\u0430\u0432\u043a\u0438, \u043e\u0431 RTP,\u043e \u0432\u044b\u0432\u043e\u0434\u0435 \u0434\u0435\u043d\u0435\u0433 \u0438 \u043a\u0430\u043a \u0431\u0435\u0437\u043e\u043f\u0430\u0441\u043d\u043e \u0438\u0433\u0440\u0430\u0442\u044c \u0432 \u043a\u0440\u0430\u0448-\u0441\u043b\u043e\u0442 \u043d\u0430 \u0434\u0435\u043d\u044c\u0433\u0438 \u0432 \u043a\u0430\u0437\u0438\u043d\u043e.","og_url":"https:\/\/aviator-slotgame.com\/az\/faq\/","og_site_name":"Aviator","article_modified_time":"2024-10-03T22:45:15+00:00","twitter_card":"summary_large_image","twitter_misc":{"Est. reading time":"3 minutes"},"schema":{"@context":"https:\/\/schema.org","@graph":[{"@type":"WebPage","@id":"https:\/\/aviator-slotgame.com\/faq\/","url":"https:\/\/aviator-slotgame.com\/faq\/","name":"\u0427\u0430\u0441\u0442\u043e \u0437\u0430\u0434\u0430\u0432\u0430\u0435\u043c\u044b\u0435 \u0432\u043e\u043f\u0440\u043e\u0441\u044b \u043e\u0431 \u0438\u0433\u0440\u0435 \u0410\u0432\u0438\u0430\u0442\u043e\u0440 \u2014 FAQ \u043e \u043a\u0440\u0430\u0448-\u0441\u043b\u043e\u0442\u0435","isPartOf":{"@id":"https:\/\/aviator-slotgame.com\/#website"},"datePublished":"2024-09-06T15:05:30+00:00","dateModified":"2024-10-03T22:45:15+00:00","description":"\u0423\u0437\u043d\u0430\u0439\u0442\u0435 \u043e\u0442\u0432\u0435\u0442\u044b \u043d\u0430 \u0447\u0430\u0441\u0442\u043e \u0437\u0430\u0434\u0430\u0432\u0430\u0435\u043c\u044b\u0435 \u0432\u043e\u043f\u0440\u043e\u0441\u044b \u043e\u0431 \u0438\u0433\u0440\u0435 \u0410\u0432\u0438\u0430\u0442\u043e\u0440: \u043a\u0430\u043a \u0438\u0433\u0440\u0430\u0442\u044c, \u043f\u0440\u043e \u0441\u0442\u0430\u0432\u043a\u0438, \u043e\u0431 RTP,\u043e \u0432\u044b\u0432\u043e\u0434\u0435 \u0434\u0435\u043d\u0435\u0433 \u0438 \u043a\u0430\u043a \u0431\u0435\u0437\u043e\u043f\u0430\u0441\u043d\u043e \u0438\u0433\u0440\u0430\u0442\u044c \u0432 \u043a\u0440\u0430\u0448-\u0441\u043b\u043e\u0442 \u043d\u0430 \u0434\u0435\u043d\u044c\u0433\u0438 \u0432 \u043a\u0430\u0437\u0438\u043d\u043e.","breadcrumb":{"@id":"https:\/\/aviator-slotgame.com\/faq\/#breadcrumb"},"inLanguage":"az","potentialAction":[{"@type":"ReadAction","target":["https:\/\/aviator-slotgame.com\/faq\/"]}]},{"@type":"BreadcrumbList","@id":"https:\/\/aviator-slotgame.com\/faq\/#breadcrumb","itemListElement":[{"@type":"ListItem","position":1,"name":"Home","item":"https:\/\/aviator-slotgame.com\/"},{"@type":"ListItem","position":2,"name":"FAQ \u043e\u0431 \u0438\u0433\u0440\u0435 Aviator &#8211; \u041e\u0442\u0432\u0435\u0442\u044b \u043d\u0430 \u043f\u043e\u043f\u0443\u043b\u044f\u0440\u043d\u044b\u0435 \u0432\u043e\u043f\u0440\u043e\u0441\u044b \u043e \u0438\u0433\u0440\u0435"}]},{"@type":"WebSite","@id":"https:\/\/aviator-slotgame.com\/#website","url":"https:\/\/aviator-slotgame.com\/","name":"Aviator","description":"","publisher":{"@id":"https:\/\/aviator-slotgame.com\/#organization"},"potentialAction":[{"@type":"SearchAction","target":{"@type":"EntryPoint","urlTemplate":"https:\/\/aviator-slotgame.com\/?s={search_term_string}"},"query-input":"required name=search_term_string"}],"inLanguage":"az"},{"@type":"Organization","@id":"https:\/\/aviator-slotgame.com\/#organization","name":"Aviator","url":"https:\/\/aviator-slotgame.com\/","logo":{"@type":"ImageObject","inLanguage":"az","@id":"https:\/\/aviator-slotgame.com\/#\/schema\/logo\/image\/","url":"https:\/\/aviator-slotgame.com\/wp-content\/uploads\/16f5e8_dade544d4623411c9c4153c639aae85amv2.webp","contentUrl":"https:\/\/aviator-slotgame.com\/wp-content\/uploads\/16f5e8_dade544d4623411c9c4153c639aae85amv2.webp","width":400,"height":300,"caption":"Aviator"},"image":{"@id":"https:\/\/aviator-slotgame.com\/#\/schema\/logo\/image\/"}}]}},"amp_enabled":true,"_links":{"self":[{"href":"https:\/\/aviator-slotgame.com\/az\/wp-json\/wp\/v2\/pages\/271","targetHints":{"allow":["GET"]}}],"collection":[{"href":"https:\/\/aviator-slotgame.com\/az\/wp-json\/wp\/v2\/pages"}],"about":[{"href":"https:\/\/aviator-slotgame.com\/az\/wp-json\/wp\/v2\/types\/page"}],"author":[{"embeddable":true,"href":"https:\/\/aviator-slotgame.com\/az\/wp-json\/wp\/v2\/users\/1"}],"replies":[{"embeddable":true,"href":"https:\/\/aviator-slotgame.com\/az\/wp-json\/wp\/v2\/comments?post=271"}],"version-history":[{"count":8,"href":"https:\/\/aviator-slotgame.com\/az\/wp-json\/wp\/v2\/pages\/271\/revisions"}],"predecessor-version":[{"id":407,"href":"https:\/\/aviator-slotgame.com\/az\/wp-json\/wp\/v2\/pages\/271\/revisions\/407"}],"wp:attachment":[{"href":"https:\/\/aviator-slotgame.com\/az\/wp-json\/wp\/v2\/media?parent=271"}],"curies":[{"name":"wp","href":"https:\/\/api.w.org\/{rel}","templated":true}]}}