{"id":31,"date":"2024-01-31T13:01:43","date_gmt":"2024-01-31T13:01:43","guid":{"rendered":"https:\/\/aviator-slotgame.com\/?page_id=31"},"modified":"2024-10-03T23:08:38","modified_gmt":"2024-10-03T23:08:38","slug":"download-apk-games","status":"publish","type":"page","link":"https:\/\/aviator-slotgame.com\/az\/apk-yukl\u0259yi\u0307n\/","title":{"rendered":"Android versiyas\u0131 \u00fc\u00e7\u00fcn Aviator APK-n\u0131 indi qura\u015fd\u0131r\u0131n"},"content":{"rendered":"<div class=\"fe913c225e9c6bb0b0b570f1ed15cacd\" data-index=\"1\" style=\"float: none; margin:10px 0 10px 0; text-align:center;\">\n<div class=\"custom-play-button\">\r\n<center><a href=\"https:\/\/aviator-slotgame.com\/az\/play-game\/\" rel=\"nofollow\" target=\"_blank\">\u0130ndi oyna<\/a><br><\/center>\r\n<\/div>\n<\/div>\n<p>Aviator Spribe-d\u0259n maraql\u0131 onlayn kazino oyunudur ki, sizin oyun bacar\u0131qlar\u0131n\u0131z\u0131 h\u0259dd\u0259n art\u0131q s\u0131nayacaq. \u00d6yr\u0259nilm\u0259si asan qaydalarla bu oyun saatlarla \u0259yl\u0259nc\u0259 t\u0259min ed\u0259c\u0259k. Daha da t\u0259sirli v\u0259 portativ t\u0259cr\u00fcb\u0259 ist\u0259y\u0259nl\u0259r \u00fc\u00e7\u00fcn Aviator oyun\u00e7ular\u0131 v\u0259 \u00fcmumiyy\u0259tl\u0259 qumarbazlar \u00fc\u00e7\u00fcn x\u00fcsusi olaraq haz\u0131rlanm\u0131\u015f bir ne\u00e7\u0259 mobil proqram var.<\/p>\n<p><img loading=\"lazy\" decoding=\"async\" class=\"alignnone size-full wp-image-204\" title=\"Aviator oyununun APK-ni indi endirin\" src=\"https:\/\/aviator-slotgame.com\/wp-content\/uploads\/aviator-4.png\" alt=\"Aviator oyununun APK-ni indi endirin\" width=\"800\" height=\"445\" srcset=\"https:\/\/aviator-slotgame.com\/wp-content\/uploads\/aviator-4.png 800w, https:\/\/aviator-slotgame.com\/wp-content\/uploads\/aviator-4-300x167.png 300w, https:\/\/aviator-slotgame.com\/wp-content\/uploads\/aviator-4-768x427.png 768w, https:\/\/aviator-slotgame.com\/wp-content\/uploads\/aviator-4-18x10.png 18w\" sizes=\"auto, (max-width: 800px) 100vw, 800px\" \/><\/p>\n<h2 id=\"h-what-is-an-android-apk\">Android \u00fc\u00e7\u00fcn APK n\u0259dir?<\/h2>\n<p>Android APK fayl\u0131 x\u00fcsusi olaraq Android \u0259m\u0259liyyat sistemind\u0259 y\u00fckl\u0259m\u0259k \u00fc\u00e7\u00fcn yarad\u0131lm\u0131\u015f x\u00fcsusi fayl n\u00f6v\u00fcd\u00fcr. T\u0259tbiqi Android cihaz\u0131nda i\u015f\u0259 salmaq \u00fc\u00e7\u00fcn t\u0259l\u0259b olunan b\u00fct\u00fcn laz\u0131mi fayllar\u0131 v\u0259 kodu ehtiva edir. Fayllar bir faylda s\u0131x\u0131l\u0131r v\u0259 proqramlar\u0131 k\u00f6\u00e7\u00fcrm\u0259yi, payla\u015fma\u011f\u0131 v\u0259 qura\u015fd\u0131rma\u011f\u0131 asanla\u015fd\u0131r\u0131r.<\/p>\n<p>APK fayl\u0131 Windows Installer paketl\u0259ri v\u0259 ya Mac OSX proqramlar\u0131 kimi dig\u0259r proqram qura\u015fd\u0131rma paketl\u0259rin\u0259 b\u0259nz\u0259yir.<\/p><div class=\"fe913c225e9c6bb0b0b570f1ed15cacd\" data-index=\"1\" style=\"float: none; margin:10px 0 10px 0; text-align:center;\">\n<div class=\"custom-play-button\">\r\n<center><a href=\"https:\/\/aviator-slotgame.com\/az\/play-game\/\" rel=\"nofollow\" target=\"_blank\">\u0130ndi oyna<\/a><br><\/center>\r\n<\/div>\n<\/div>\n\n<p>APK fayl\u0131n\u0131n m\u0259qs\u0259di bizim kimi Aviator oyun\u00e7ular\u0131 \u00fc\u00e7\u00fcn Google Play Store-da m\u00f6vcud olmayan proqramlar\u0131 y\u00fckl\u0259m\u0259k v\u0259 qura\u015fd\u0131rmaq \u00fc\u00e7\u00fcn rahat yol t\u0259qdim etm\u0259kdir. Dem\u0259k olar ki, h\u0259r apar\u0131c\u0131 onlayn kazino sayt\u0131n\u0131n mobil proqram\u0131 var, lakin onlar\u0131n dem\u0259k olar ki, he\u00e7 birini r\u0259smi Play Store-dan y\u00fckl\u0259m\u0259k m\u00fcmk\u00fcn deyil.<\/p>\n<p><img loading=\"lazy\" decoding=\"async\" class=\"alignnone size-full wp-image-345\" src=\"https:\/\/aviator-slotgame.com\/wp-content\/uploads\/Aviator-25-800-x-600-\u043f\u0438\u043a\u0441.jpg\" alt=\"Android \u00fc\u00e7\u00fcn APK\" width=\"800\" height=\"600\" srcset=\"https:\/\/aviator-slotgame.com\/wp-content\/uploads\/Aviator-25-800-x-600-\u043f\u0438\u043a\u0441.jpg 800w, https:\/\/aviator-slotgame.com\/wp-content\/uploads\/Aviator-25-800-x-600-\u043f\u0438\u043a\u0441-300x225.jpg 300w, https:\/\/aviator-slotgame.com\/wp-content\/uploads\/Aviator-25-800-x-600-\u043f\u0438\u043a\u0441-768x576.jpg 768w, https:\/\/aviator-slotgame.com\/wp-content\/uploads\/Aviator-25-800-x-600-\u043f\u0438\u043a\u0441-16x12.jpg 16w\" sizes=\"auto, (max-width: 800px) 100vw, 800px\" \/><\/p>\n<h2 id=\"h-how-to-download-and-install-the-aviator-apk\">Aviator APK-n\u0131 nec\u0259 y\u00fckl\u0259m\u0259k v\u0259 qura\u015fd\u0131rmaq olar<\/h2>\n<p>Bununla bel\u0259, Aviator oyununun APK fayl\u0131n\u0131 y\u00fckl\u0259y\u0259 bil\u0259c\u0259yiniz etibarl\u0131 m\u0259nb\u0259niz varsa, onu Android cihaz\u0131n\u0131zda qura\u015fd\u0131rmaq \u00fc\u00e7\u00fcn bu add\u0131mlar\u0131 yerin\u0259 yetirin:<\/p>\n<ol>\n<li>Android cihaz\u0131n\u0131zda Parametrl\u0259r\u0259 ke\u00e7in.<\/li>\n<li>T\u0259hl\u00fck\u0259sizlik v\u0259 ya T\u0259hl\u00fck\u0259sizlik Parametrl\u0259rini tap\u0131n v\u0259 a\u00e7\u0131n.<\/li>\n<li>Nam\u0259lum m\u0259nb\u0259l\u0259ri aktivl\u0259\u015fdirin v\u0259 ya Nam\u0259lum m\u0259nb\u0259l\u0259rd\u0259n proqramlar\u0131 qura\u015fd\u0131r\u0131n.<\/li>\n<li>Cihaz\u0131n\u0131zda Aviator oyununun endirilmi\u015f APK fayl\u0131n\u0131 tap\u0131n.<\/li>\n<li>Qura\u015fd\u0131rma prosesin\u0259 ba\u015flamaq \u00fc\u00e7\u00fcn fayl\u0131n \u00fcz\u0259rin\u0259 klikl\u0259yin.<\/li>\n<li>Qura\u015fd\u0131r\u0131ld\u0131qdan sonra siz Aviator oyununu Android cihaz\u0131n\u0131zda i\u015fl\u0259d\u0259 bil\u0259rsiniz.<\/li>\n<\/ol>\n<p>N\u0259z\u0259r\u0259 al\u0131n ki, qeyri-r\u0259smi m\u0259nb\u0259l\u0259rd\u0259n proqramlar y\u00fckl\u0259m\u0259k v\u0259 qura\u015fd\u0131rmaq cihaz\u0131n\u0131z \u00fc\u00e7\u00fcn t\u0259hl\u00fck\u0259sizlik riski yarada bil\u0259r. T\u0259hl\u00fck\u0259sizlik riskl\u0259rinin qar\u015f\u0131s\u0131n\u0131 almaq \u00fc\u00e7\u00fcn t\u0259tbiql\u0259ri yaln\u0131z Google Play Store kimi etibarl\u0131 v\u0259 r\u0259smi m\u0259nb\u0259l\u0259rd\u0259n y\u00fckl\u0259m\u0259k v\u0259 qura\u015fd\u0131rmaq t\u00f6vsiy\u0259 olunur.<\/p>\n<p><img loading=\"lazy\" decoding=\"async\" class=\"alignnone size-full wp-image-347\" src=\"https:\/\/aviator-slotgame.com\/wp-content\/uploads\/Aviator-26-800-x-600-\u043f\u0438\u043a\u0441.jpg\" alt=\"Aviator APK-n\u0131 y\u00fckl\u0259yin v\u0259 qura\u015fd\u0131r\u0131n\" width=\"800\" height=\"600\" srcset=\"https:\/\/aviator-slotgame.com\/wp-content\/uploads\/Aviator-26-800-x-600-\u043f\u0438\u043a\u0441.jpg 800w, https:\/\/aviator-slotgame.com\/wp-content\/uploads\/Aviator-26-800-x-600-\u043f\u0438\u043a\u0441-300x225.jpg 300w, https:\/\/aviator-slotgame.com\/wp-content\/uploads\/Aviator-26-800-x-600-\u043f\u0438\u043a\u0441-768x576.jpg 768w, https:\/\/aviator-slotgame.com\/wp-content\/uploads\/Aviator-26-800-x-600-\u043f\u0438\u043a\u0441-16x12.jpg 16w\" sizes=\"auto, (max-width: 800px) 100vw, 800px\" \/><\/p>\n<h2 id=\"h-frequently-asked-questions-faq\">Tez-tez veril\u0259n suallar (FAQ)<\/h2>\n<h3 id=\"h-are-apks-safe-for-my-device\">APK-lar m\u0259nim cihaz\u0131m \u00fc\u00e7\u00fcn t\u0259hl\u00fck\u0259sizdirmi?<\/h3>\n<p>B\u0259li, onlar\u0131 endirdiyiniz sayta etibar edirsinizs\u0259. H\u0259mi\u015f\u0259 \u0259min olun ki, siz APKMirror v\u0259 ya proqram\u0131n r\u0259smi veb-sayt\u0131 kimi etibarl\u0131 m\u0259nb\u0259d\u0259n endirirsiniz.<\/p>\n<p>Qeyd: Z\u0259r\u0259rli fayllar m\u00f6vcuddur; H\u0259mi\u015f\u0259 m\u0259nb\u0259l\u0259rinizi iki d\u0259f\u0259 yoxlay\u0131n.<\/p>\n<h3 id=\"h-are-apks-illegal\">APK-lar qanunsuzdur?<\/h3>\n<p>Xeyr, Aviator t\u0259klif ed\u0259n \u0259n yax\u015f\u0131 kazinolar\u0131n \u00e7oxunda qanuni y\u00fckl\u0259n\u0259 bil\u0259n proqramlar var. Casino r\u0259smi Android mobil ma\u011fazalar\u0131nda sad\u0259c\u0259 m\u00f6vcud deyil.<\/p>\n<h3 id=\"h-can-you-play-aviator-for-free\">Aviatoru pulsuz oynaya bil\u0259rsinizmi?<\/h3>\n<p>iOS v\u0259 Google Play-d\u0259 \u00e7oxlu pulsuz Aviator proqramlar\u0131 m\u00f6vcuddur. Bu endiril\u0259 bil\u0259n oyunlar real pul, kredit v\u0259 ya insanlardan istifad\u0259 etm\u0259d\u0259n canl\u0131 oyun ota\u011f\u0131 t\u0259cr\u00fcb\u0259sini simulyasiya edir.<\/p>\n<p>Pulsuz Aviatorun \u0259sas \u00e7at\u0131\u015fmazl\u0131\u011f\u0131 s\u00f6hb\u0259td\u0259 h\u0259qiqi dostlar\u0131n olmamas\u0131 v\u0259 na\u011fdla\u015fd\u0131r\u0131la bil\u0259n real udu\u015flard\u0131r.<\/p>\n<h3 id=\"h-can-i-install-an-apk-on-my-ios-device\">M\u0259n iOS cihaz\u0131ma APK qura\u015fd\u0131ra bil\u0259r\u0259mmi?<\/h3>\n<p>Yox. APK Android Paketi dem\u0259kdir. Bu fayl n\u00f6v\u00fc yaln\u0131z Android cihazlar\u0131na y\u00fckl\u0259m\u0259k \u00fc\u00e7\u00fcn n\u0259z\u0259rd\u0259 tutulub. iPhone kimi Apple cihazlar\u0131 bu tip proqramlarla i\u015fl\u0259mir.<\/p>\n<h3 id=\"h-can-we-hack-the-aviator-game\">Aviator oyununu s\u0131nd\u0131rmaq m\u00fcmk\u00fcnd\u00fcrm\u00fc?<\/h3>\n<p>APK v\u0259 ya iOS proqram\u0131n\u0131 y\u00fckl\u0259s\u0259niz bel\u0259, \u0259sl Aviator oyununu s\u0131nd\u0131rmaq q\u0259tiyy\u0259n m\u00fcmk\u00fcn deyil. Spribe-nin oyunu idar\u0259 etm\u0259k \u00fc\u00e7\u00fcn istifad\u0259 etdiyi sisteml\u0259r 100% hallar\u0131nda \u0259dal\u0259tliliy\u0259 v\u0259 n\u0259tic\u0259l\u0259rin saxtala\u015fd\u0131r\u0131lmamas\u0131na z\u0259man\u0259t ver\u0259n kriptoqrafik texnologiyadan istifad\u0259 edir.<\/p>\n<h3 id=\"h-do-aviator-predictors-work\">Aviator proqnozla\u015fd\u0131r\u0131c\u0131lar\u0131 i\u015fl\u0259yirmi?<\/h3>\n<p>Yox. Turlar\u0131n n\u0259tic\u0259sini proqnozla\u015fd\u0131rma\u011f\u0131 v\u0259d ed\u0259n v\u0259 ya canl\u0131 Aviator oyununda qalib g\u0259lm\u0259yi v\u0259d ed\u0259n h\u0259r hans\u0131 APK yalan v\u0259 ya f\u0131r\u0131ldaqd\u0131r. Bu proqramlar\u0131 y\u00fckl\u0259m\u0259yin.<\/p>\n<p>Oyun RNG (t\u0259sad\u00fcfi n\u00f6mr\u0259l\u0259r yaratmaq) v\u0259 \u015fans\u0131n\u0131z t\u0259r\u0259find\u0259n m\u00fc\u0259yy\u0259n edilir; burada he\u00e7 bir sirr v\u0259 hiyl\u0259 yoxdur.<\/p>\n\n<div style=\"font-size: 0px; height: 0px; line-height: 0px; margin: 0; padding: 0; clear: both;\"><\/div>","protected":false},"excerpt":{"rendered":"<p>Aviator Spribe-d\u0259n maraql\u0131 onlayn kazino oyunudur ki, sizin oyun bacar\u0131qlar\u0131n\u0131z\u0131 h\u0259dd\u0259n art\u0131q s\u0131nayacaq. \u00d6yr\u0259nilm\u0259si asan say\u0259sind\u0259<\/p>","protected":false},"author":1,"featured_media":0,"parent":0,"menu_order":0,"comment_status":"closed","ping_status":"closed","template":"","meta":{"footnotes":""},"class_list":["post-31","page","type-page","status-publish","hentry"],"yoast_head":"<!-- This site is optimized with the Yoast SEO plugin v22.0 - https:\/\/yoast.com\/wordpress\/plugins\/seo\/ -->\n<title>\u0421\u043a\u0430\u0447\u0430\u0439 Aviator APK \u0434\u043b\u044f Android \u2014 \u0418\u0433\u0440\u0430 \u0432 \u043a\u0440\u0430\u0448-\u0441\u043b\u043e\u0442 \u043d\u0430 \u0434\u0435\u043d\u044c\u0433\u0438<\/title>\n<meta name=\"description\" content=\"\u0423\u0441\u0442\u0430\u043d\u043e\u0432\u0438\u0442\u0435 \u0438\u0433\u0440\u0443 Aviator \u043d\u0430 Android \u0441 \u043f\u043e\u043c\u043e\u0449\u044c\u044e APK-\u0444\u0430\u0439\u043b\u0430. \u0418\u0433\u0440\u0430\u0439\u0442\u0435 \u0432 \u043a\u0440\u0430\u0448-\u0441\u043b\u043e\u0442 \u0438\u0433\u0440\u0443 \u043d\u0430 \u0434\u0435\u043d\u044c\u0433\u0438, \u0441\u043a\u0430\u0447\u0438\u0432\u0430\u044f \u043f\u0440\u0438\u043b\u043e\u0436\u0435\u043d\u0438\u0435 \u0431\u0435\u0437\u043e\u043f\u0430\u0441\u043d\u043e \u0438 \u043b\u0435\u0433\u043a\u043e.\" \/>\n<meta name=\"robots\" content=\"index, follow, max-snippet:-1, max-image-preview:large, max-video-preview:-1\" \/>\n<link rel=\"canonical\" href=\"https:\/\/aviator-slotgame.com\/az\/apk-yukl\u0259yi\u0307n\/\" \/>\n<meta property=\"og:locale\" content=\"az_AZ\" \/>\n<meta property=\"og:type\" content=\"article\" \/>\n<meta property=\"og:title\" content=\"\u0421\u043a\u0430\u0447\u0430\u0439 Aviator APK \u0434\u043b\u044f Android \u2014 \u0418\u0433\u0440\u0430 \u0432 \u043a\u0440\u0430\u0448-\u0441\u043b\u043e\u0442 \u043d\u0430 \u0434\u0435\u043d\u044c\u0433\u0438\" \/>\n<meta property=\"og:description\" content=\"\u0423\u0441\u0442\u0430\u043d\u043e\u0432\u0438\u0442\u0435 \u0438\u0433\u0440\u0443 Aviator \u043d\u0430 Android \u0441 \u043f\u043e\u043c\u043e\u0449\u044c\u044e APK-\u0444\u0430\u0439\u043b\u0430. \u0418\u0433\u0440\u0430\u0439\u0442\u0435 \u0432 \u043a\u0440\u0430\u0448-\u0441\u043b\u043e\u0442 \u0438\u0433\u0440\u0443 \u043d\u0430 \u0434\u0435\u043d\u044c\u0433\u0438, \u0441\u043a\u0430\u0447\u0438\u0432\u0430\u044f \u043f\u0440\u0438\u043b\u043e\u0436\u0435\u043d\u0438\u0435 \u0431\u0435\u0437\u043e\u043f\u0430\u0441\u043d\u043e \u0438 \u043b\u0435\u0433\u043a\u043e.\" \/>\n<meta property=\"og:url\" content=\"https:\/\/aviator-slotgame.com\/az\/apk-yukl\u0259yi\u0307n\/\" \/>\n<meta property=\"og:site_name\" content=\"Aviator\" \/>\n<meta property=\"article:modified_time\" content=\"2024-10-03T23:08:38+00:00\" \/>\n<meta property=\"og:image\" content=\"https:\/\/aviator-slotgame.com\/wp-content\/uploads\/aviator-4.png\" \/>\n<meta name=\"twitter:card\" content=\"summary_large_image\" \/>\n<meta name=\"twitter:label1\" content=\"Est. reading time\" \/>\n\t<meta name=\"twitter:data1\" content=\"3 minutes\" \/>\n<script type=\"application\/ld+json\" class=\"yoast-schema-graph\">{\"@context\":\"https:\/\/schema.org\",\"@graph\":[{\"@type\":\"WebPage\",\"@id\":\"https:\/\/aviator-slotgame.com\/download-apk-games\/\",\"url\":\"https:\/\/aviator-slotgame.com\/download-apk-games\/\",\"name\":\"\u0421\u043a\u0430\u0447\u0430\u0439 Aviator APK \u0434\u043b\u044f Android \u2014 \u0418\u0433\u0440\u0430 \u0432 \u043a\u0440\u0430\u0448-\u0441\u043b\u043e\u0442 \u043d\u0430 \u0434\u0435\u043d\u044c\u0433\u0438\",\"isPartOf\":{\"@id\":\"https:\/\/aviator-slotgame.com\/#website\"},\"datePublished\":\"2024-01-31T13:01:43+00:00\",\"dateModified\":\"2024-10-03T23:08:38+00:00\",\"description\":\"\u0423\u0441\u0442\u0430\u043d\u043e\u0432\u0438\u0442\u0435 \u0438\u0433\u0440\u0443 Aviator \u043d\u0430 Android \u0441 \u043f\u043e\u043c\u043e\u0449\u044c\u044e APK-\u0444\u0430\u0439\u043b\u0430. \u0418\u0433\u0440\u0430\u0439\u0442\u0435 \u0432 \u043a\u0440\u0430\u0448-\u0441\u043b\u043e\u0442 \u0438\u0433\u0440\u0443 \u043d\u0430 \u0434\u0435\u043d\u044c\u0433\u0438, \u0441\u043a\u0430\u0447\u0438\u0432\u0430\u044f \u043f\u0440\u0438\u043b\u043e\u0436\u0435\u043d\u0438\u0435 \u0431\u0435\u0437\u043e\u043f\u0430\u0441\u043d\u043e \u0438 \u043b\u0435\u0433\u043a\u043e.\",\"breadcrumb\":{\"@id\":\"https:\/\/aviator-slotgame.com\/download-apk-games\/#breadcrumb\"},\"inLanguage\":\"az\",\"potentialAction\":[{\"@type\":\"ReadAction\",\"target\":[\"https:\/\/aviator-slotgame.com\/download-apk-games\/\"]}]},{\"@type\":\"BreadcrumbList\",\"@id\":\"https:\/\/aviator-slotgame.com\/download-apk-games\/#breadcrumb\",\"itemListElement\":[{\"@type\":\"ListItem\",\"position\":1,\"name\":\"Home\",\"item\":\"https:\/\/aviator-slotgame.com\/\"},{\"@type\":\"ListItem\",\"position\":2,\"name\":\"\u0423\u0441\u0442\u0430\u043d\u043e\u0432\u0438 Aviator APK \u0434\u043b\u044f Android \u0432\u0435\u0440\u0441\u0438\u0438 \u043f\u0440\u044f\u043c\u043e \u0441\u0435\u0439\u0447\u0430\u0441\"}]},{\"@type\":\"WebSite\",\"@id\":\"https:\/\/aviator-slotgame.com\/#website\",\"url\":\"https:\/\/aviator-slotgame.com\/\",\"name\":\"Aviator\",\"description\":\"\",\"publisher\":{\"@id\":\"https:\/\/aviator-slotgame.com\/#organization\"},\"potentialAction\":[{\"@type\":\"SearchAction\",\"target\":{\"@type\":\"EntryPoint\",\"urlTemplate\":\"https:\/\/aviator-slotgame.com\/?s={search_term_string}\"},\"query-input\":\"required name=search_term_string\"}],\"inLanguage\":\"az\"},{\"@type\":\"Organization\",\"@id\":\"https:\/\/aviator-slotgame.com\/#organization\",\"name\":\"Aviator\",\"url\":\"https:\/\/aviator-slotgame.com\/\",\"logo\":{\"@type\":\"ImageObject\",\"inLanguage\":\"az\",\"@id\":\"https:\/\/aviator-slotgame.com\/#\/schema\/logo\/image\/\",\"url\":\"https:\/\/aviator-slotgame.com\/wp-content\/uploads\/16f5e8_dade544d4623411c9c4153c639aae85amv2.webp\",\"contentUrl\":\"https:\/\/aviator-slotgame.com\/wp-content\/uploads\/16f5e8_dade544d4623411c9c4153c639aae85amv2.webp\",\"width\":400,\"height\":300,\"caption\":\"Aviator\"},\"image\":{\"@id\":\"https:\/\/aviator-slotgame.com\/#\/schema\/logo\/image\/\"}}]}<\/script>\n<!-- \/ Yoast SEO plugin. -->","yoast_head_json":{"title":"\u0421\u043a\u0430\u0447\u0430\u0439 Aviator APK \u0434\u043b\u044f Android \u2014 \u0418\u0433\u0440\u0430 \u0432 \u043a\u0440\u0430\u0448-\u0441\u043b\u043e\u0442 \u043d\u0430 \u0434\u0435\u043d\u044c\u0433\u0438","description":"\u0423\u0441\u0442\u0430\u043d\u043e\u0432\u0438\u0442\u0435 \u0438\u0433\u0440\u0443 Aviator \u043d\u0430 Android \u0441 \u043f\u043e\u043c\u043e\u0449\u044c\u044e APK-\u0444\u0430\u0439\u043b\u0430. \u0418\u0433\u0440\u0430\u0439\u0442\u0435 \u0432 \u043a\u0440\u0430\u0448-\u0441\u043b\u043e\u0442 \u0438\u0433\u0440\u0443 \u043d\u0430 \u0434\u0435\u043d\u044c\u0433\u0438, \u0441\u043a\u0430\u0447\u0438\u0432\u0430\u044f \u043f\u0440\u0438\u043b\u043e\u0436\u0435\u043d\u0438\u0435 \u0431\u0435\u0437\u043e\u043f\u0430\u0441\u043d\u043e \u0438 \u043b\u0435\u0433\u043a\u043e.","robots":{"index":"index","follow":"follow","max-snippet":"max-snippet:-1","max-image-preview":"max-image-preview:large","max-video-preview":"max-video-preview:-1"},"canonical":"https:\/\/aviator-slotgame.com\/az\/apk-yukl\u0259yi\u0307n\/","og_locale":"az_AZ","og_type":"article","og_title":"\u0421\u043a\u0430\u0447\u0430\u0439 Aviator APK \u0434\u043b\u044f Android \u2014 \u0418\u0433\u0440\u0430 \u0432 \u043a\u0440\u0430\u0448-\u0441\u043b\u043e\u0442 \u043d\u0430 \u0434\u0435\u043d\u044c\u0433\u0438","og_description":"\u0423\u0441\u0442\u0430\u043d\u043e\u0432\u0438\u0442\u0435 \u0438\u0433\u0440\u0443 Aviator \u043d\u0430 Android \u0441 \u043f\u043e\u043c\u043e\u0449\u044c\u044e APK-\u0444\u0430\u0439\u043b\u0430. \u0418\u0433\u0440\u0430\u0439\u0442\u0435 \u0432 \u043a\u0440\u0430\u0448-\u0441\u043b\u043e\u0442 \u0438\u0433\u0440\u0443 \u043d\u0430 \u0434\u0435\u043d\u044c\u0433\u0438, \u0441\u043a\u0430\u0447\u0438\u0432\u0430\u044f \u043f\u0440\u0438\u043b\u043e\u0436\u0435\u043d\u0438\u0435 \u0431\u0435\u0437\u043e\u043f\u0430\u0441\u043d\u043e \u0438 \u043b\u0435\u0433\u043a\u043e.","og_url":"https:\/\/aviator-slotgame.com\/az\/apk-yukl\u0259yi\u0307n\/","og_site_name":"Aviator","article_modified_time":"2024-10-03T23:08:38+00:00","og_image":[{"url":"https:\/\/aviator-slotgame.com\/wp-content\/uploads\/aviator-4.png"}],"twitter_card":"summary_large_image","twitter_misc":{"Est. reading time":"3 minutes"},"schema":{"@context":"https:\/\/schema.org","@graph":[{"@type":"WebPage","@id":"https:\/\/aviator-slotgame.com\/download-apk-games\/","url":"https:\/\/aviator-slotgame.com\/download-apk-games\/","name":"\u0421\u043a\u0430\u0447\u0430\u0439 Aviator APK \u0434\u043b\u044f Android \u2014 \u0418\u0433\u0440\u0430 \u0432 \u043a\u0440\u0430\u0448-\u0441\u043b\u043e\u0442 \u043d\u0430 \u0434\u0435\u043d\u044c\u0433\u0438","isPartOf":{"@id":"https:\/\/aviator-slotgame.com\/#website"},"datePublished":"2024-01-31T13:01:43+00:00","dateModified":"2024-10-03T23:08:38+00:00","description":"\u0423\u0441\u0442\u0430\u043d\u043e\u0432\u0438\u0442\u0435 \u0438\u0433\u0440\u0443 Aviator \u043d\u0430 Android \u0441 \u043f\u043e\u043c\u043e\u0449\u044c\u044e APK-\u0444\u0430\u0439\u043b\u0430. \u0418\u0433\u0440\u0430\u0439\u0442\u0435 \u0432 \u043a\u0440\u0430\u0448-\u0441\u043b\u043e\u0442 \u0438\u0433\u0440\u0443 \u043d\u0430 \u0434\u0435\u043d\u044c\u0433\u0438, \u0441\u043a\u0430\u0447\u0438\u0432\u0430\u044f \u043f\u0440\u0438\u043b\u043e\u0436\u0435\u043d\u0438\u0435 \u0431\u0435\u0437\u043e\u043f\u0430\u0441\u043d\u043e \u0438 \u043b\u0435\u0433\u043a\u043e.","breadcrumb":{"@id":"https:\/\/aviator-slotgame.com\/download-apk-games\/#breadcrumb"},"inLanguage":"az","potentialAction":[{"@type":"ReadAction","target":["https:\/\/aviator-slotgame.com\/download-apk-games\/"]}]},{"@type":"BreadcrumbList","@id":"https:\/\/aviator-slotgame.com\/download-apk-games\/#breadcrumb","itemListElement":[{"@type":"ListItem","position":1,"name":"Home","item":"https:\/\/aviator-slotgame.com\/"},{"@type":"ListItem","position":2,"name":"\u0423\u0441\u0442\u0430\u043d\u043e\u0432\u0438 Aviator APK \u0434\u043b\u044f Android \u0432\u0435\u0440\u0441\u0438\u0438 \u043f\u0440\u044f\u043c\u043e \u0441\u0435\u0439\u0447\u0430\u0441"}]},{"@type":"WebSite","@id":"https:\/\/aviator-slotgame.com\/#website","url":"https:\/\/aviator-slotgame.com\/","name":"Aviator","description":"","publisher":{"@id":"https:\/\/aviator-slotgame.com\/#organization"},"potentialAction":[{"@type":"SearchAction","target":{"@type":"EntryPoint","urlTemplate":"https:\/\/aviator-slotgame.com\/?s={search_term_string}"},"query-input":"required name=search_term_string"}],"inLanguage":"az"},{"@type":"Organization","@id":"https:\/\/aviator-slotgame.com\/#organization","name":"Aviator","url":"https:\/\/aviator-slotgame.com\/","logo":{"@type":"ImageObject","inLanguage":"az","@id":"https:\/\/aviator-slotgame.com\/#\/schema\/logo\/image\/","url":"https:\/\/aviator-slotgame.com\/wp-content\/uploads\/16f5e8_dade544d4623411c9c4153c639aae85amv2.webp","contentUrl":"https:\/\/aviator-slotgame.com\/wp-content\/uploads\/16f5e8_dade544d4623411c9c4153c639aae85amv2.webp","width":400,"height":300,"caption":"Aviator"},"image":{"@id":"https:\/\/aviator-slotgame.com\/#\/schema\/logo\/image\/"}}]}},"amp_enabled":true,"_links":{"self":[{"href":"https:\/\/aviator-slotgame.com\/az\/wp-json\/wp\/v2\/pages\/31","targetHints":{"allow":["GET"]}}],"collection":[{"href":"https:\/\/aviator-slotgame.com\/az\/wp-json\/wp\/v2\/pages"}],"about":[{"href":"https:\/\/aviator-slotgame.com\/az\/wp-json\/wp\/v2\/types\/page"}],"author":[{"embeddable":true,"href":"https:\/\/aviator-slotgame.com\/az\/wp-json\/wp\/v2\/users\/1"}],"replies":[{"embeddable":true,"href":"https:\/\/aviator-slotgame.com\/az\/wp-json\/wp\/v2\/comments?post=31"}],"version-history":[{"count":13,"href":"https:\/\/aviator-slotgame.com\/az\/wp-json\/wp\/v2\/pages\/31\/revisions"}],"predecessor-version":[{"id":411,"href":"https:\/\/aviator-slotgame.com\/az\/wp-json\/wp\/v2\/pages\/31\/revisions\/411"}],"wp:attachment":[{"href":"https:\/\/aviator-slotgame.com\/az\/wp-json\/wp\/v2\/media?parent=31"}],"curies":[{"name":"wp","href":"https:\/\/api.w.org\/{rel}","templated":true}]}}