{"id":215,"date":"2024-04-02T16:05:37","date_gmt":"2024-04-02T16:05:37","guid":{"rendered":"https:\/\/aviator-slotgame.com\/?page_id=215"},"modified":"2024-09-09T10:50:04","modified_gmt":"2024-09-09T10:50:04","slug":"aviator-slots","status":"publish","type":"page","link":"https:\/\/aviator-slotgame.com\/cs\/slot-aviator-vs-tradicni-video-automaty\/","title":{"rendered":"Leteck\u00e9 sloty"},"content":{"rendered":"<div class=\"19c7ce0afd79220096c0c2bc0221da09\" data-index=\"1\" style=\"float: none; margin:10px 0 10px 0; text-align:center;\">\n<div class=\"custom-play-button\">\r\n<center><a href=\"https:\/\/aviator-slotgame.com\/cs\/play-game\/\" rel=\"nofollow\" target=\"_blank\">hr\u00e1t hned<\/a><br><\/center>\r\n<\/div>\n<\/div>\n<p>Aviator od Spribe nen\u00ed v\u00e1\u0161 pr\u016fm\u011brn\u00fd video automat. Nab\u00edz\u00ed soci\u00e1ln\u00ed hern\u00ed funkce, kter\u00e9 v tradi\u010dn\u00edch video automatech nenajdete. M\u016f\u017eete se zapojit do z\u00e1bavy a vyzvat ostatn\u00ed hr\u00e1\u010de, aby se p\u0159ipojili k online kasinov\u00e9 h\u0159e pln\u00e9 vzru\u0161uj\u00edc\u00edch bonus\u016f, multiplik\u00e1tor\u016f a dal\u0161\u00edch p\u0159ekvapen\u00ed.<\/p>\n<p><img loading=\"lazy\" decoding=\"async\" class=\"alignnone size-full wp-image-216\" title=\"Letec vs tradi\u010dn\u00ed hrac\u00ed automaty\" src=\"https:\/\/aviator-slotgame.com\/wp-content\/uploads\/aviator-4-1.png\" alt=\"Letec vs tradi\u010dn\u00ed hrac\u00ed automaty\" width=\"800\" height=\"445\" srcset=\"https:\/\/aviator-slotgame.com\/wp-content\/uploads\/aviator-4-1.png 800w, https:\/\/aviator-slotgame.com\/wp-content\/uploads\/aviator-4-1-300x167.png 300w, https:\/\/aviator-slotgame.com\/wp-content\/uploads\/aviator-4-1-768x427.png 768w, https:\/\/aviator-slotgame.com\/wp-content\/uploads\/aviator-4-1-18x10.png 18w\" sizes=\"auto, (max-width: 800px) 100vw, 800px\" \/><\/p>\n<p>Aviator nab\u00edz\u00ed v\u00edce ne\u017e jen standardn\u00ed v\u00fdhern\u00ed automaty 3x5 v\u00e1lc\u016f. M\u00e1 multiplik\u00e1tor zalo\u017een\u00fd na RNG, kter\u00fd se zvy\u0161uje a zvy\u0161uje, dokud se ka\u017ed\u00fd hr\u00e1\u010d nerozhodne vyplatit pen\u00edze. To znamen\u00e1, \u017ee pokud budete m\u00edt \u0161t\u011bst\u00ed, budete moci hr\u00e1t cel\u00fd den a va\u0161e v\u00fdhry se skute\u010dn\u011b za\u010dnou s\u010d\u00edtat!<\/p>\n<p>Aviator nav\u00edc neomezuje po\u010det hr\u00e1\u010d\u016f, kte\u0159\u00ed se mohou do z\u00e1bavy zapojit. Nemus\u00edte se b\u00e1t \u010dekat na otev\u0159en\u00ed hry, proto\u017ee nikdy nebude pln\u00e1, v\u017edy bude m\u00edsto pro v\u00edce hr\u00e1\u010d\u016f. A s \u0161ancemi pro hr\u00e1\u010de, RTP a vysok\u00fdmi v\u00fdplatami m\u00e1te spoustu p\u0159\u00edle\u017eitost\u00ed vyhr\u00e1t na tomto vzru\u0161uj\u00edc\u00edm alternativn\u00edm automatu.<\/p><div class=\"19c7ce0afd79220096c0c2bc0221da09\" data-index=\"1\" style=\"float: none; margin:10px 0 10px 0; text-align:center;\">\n<div class=\"custom-play-button\">\r\n<center><a href=\"https:\/\/aviator-slotgame.com\/cs\/play-game\/\" rel=\"nofollow\" target=\"_blank\">hr\u00e1t hned<\/a><br><\/center>\r\n<\/div>\n<\/div>\n\n<p>Tak\u017ee a\u0165 u\u017e hled\u00e1te pohlcuj\u00edc\u00ed hern\u00ed z\u00e1\u017eitek nebo se chcete posadit a u\u017e\u00edt si klasickou hru ve stylu video automat\u016f s n\u00e1dechem, Spribe&#039;s Aviator m\u00e1 skute\u010dn\u011b co nab\u00eddnout ka\u017ed\u00e9mu.<\/p>\n<h2 id=\"h-rtp-of-aviator-and-regular-slot-games\">RTP Aviator a b\u011b\u017en\u00e9 sloty<\/h2>\n<p>Pr\u016fm\u011brn\u00e9 hodnoty RTP nejobl\u00edben\u011bj\u0161\u00edch slot\u016f jsou p\u0159es 65%. Toto \u010d\u00edslo se m\u016f\u017ee u jednotliv\u00fdch her li\u0161it, n\u011bkter\u00e9 hry dosahuj\u00ed a\u017e 97%, ale obecn\u011b je normou 65% s desetinn\u00fdm \u010d\u00edslem.<\/p>\n<p>Nap\u0159\u00edklad Second Strike, jeden z nejpopul\u00e1rn\u011bj\u0161\u00edch slot\u016f na sv\u011bt\u011b, m\u00e1 RTP 96.26%; Letec je\u0161t\u011b v\u00edc!<\/p>\n<p>Aviator m\u00e1 p\u0159ibli\u017enou RTP (n\u00e1vrat k p\u0159ehr\u00e1va\u010di) 97%, co\u017e je nadpr\u016fm\u011brn\u00e9 pro video slot. To znamen\u00e1, \u017ee hran\u00ed Aviator v\u00e1m v pr\u016fm\u011bru vr\u00e1t\u00ed v\u00edce pen\u011bz ve srovn\u00e1n\u00ed s tradi\u010dn\u00edmi automaty. A se st\u00e1le rostouc\u00edm multiplik\u00e1torem budou nejv\u011bt\u0161\u00ed kola je\u0161t\u011b nap\u00ednav\u011bj\u0161\u00ed! Pokud tedy hled\u00e1te vy\u0161\u0161\u00ed RTP a mo\u017enost zv\u00fd\u0161it sv\u016fj potenci\u00e1l v\u00fdd\u011blku, Aviator m\u016f\u017ee b\u00fdt p\u0159esn\u011b to, co v\u00e1m chyb\u00ed.<\/p>\n<figure class=\"wp-block-table\">\n<table>\n<tbody>\n<tr>\n<td><strong>LETEC<\/strong><\/td>\n<td><strong>TRADI\u010cN\u00cd AUTOMATOV\u00c1 HRA<\/strong><\/td>\n<\/tr>\n<tr>\n<td>Chatujte s ostatn\u00edmi hr\u00e1\u010di<\/td>\n<td>U\u017eivatelsk\u00fd hern\u00ed z\u00e1\u017eitek<\/td>\n<\/tr>\n<tr>\n<td>Neomezen\u00fd po\u010det hr\u00e1\u010d\u016f v hern\u011b<\/td>\n<td>Jeden hr\u00e1\u010d na stroj nebo str\u00e1nku<\/td>\n<\/tr>\n<tr>\n<td>Hern\u00ed mechanika s jedn\u00edm RNG<\/td>\n<td>V\u00edce v\u00e1lc\u016f a \u0159ad<\/td>\n<\/tr>\n<tr>\n<td>Vr\u00e1cen\u00ed ~97%<\/td>\n<td>Vr\u00e1cen\u00ed ~96%<\/td>\n<\/tr>\n<\/tbody>\n<\/table><figcaption class=\"wp-element-caption\">Automat\u00a0<strong><strong>LETEC<\/strong><\/strong><img loading=\"lazy\" decoding=\"async\" class=\"alignnone size-full wp-image-293\" src=\"https:\/\/aviator-slotgame.com\/wp-content\/uploads\/Aviator-13-800-x-600-\u043f\u0438\u043a\u0441.jpg\" alt=\"RTP Aviator a b\u011b\u017en\u00e9 sloty\" width=\"800\" height=\"600\" srcset=\"https:\/\/aviator-slotgame.com\/wp-content\/uploads\/Aviator-13-800-x-600-\u043f\u0438\u043a\u0441.jpg 800w, https:\/\/aviator-slotgame.com\/wp-content\/uploads\/Aviator-13-800-x-600-\u043f\u0438\u043a\u0441-300x225.jpg 300w, https:\/\/aviator-slotgame.com\/wp-content\/uploads\/Aviator-13-800-x-600-\u043f\u0438\u043a\u0441-768x576.jpg 768w, https:\/\/aviator-slotgame.com\/wp-content\/uploads\/Aviator-13-800-x-600-\u043f\u0438\u043a\u0441-16x12.jpg 16w\" sizes=\"auto, (max-width: 800px) 100vw, 800px\" \/><\/figcaption><\/figure>\n<h2 id=\"h-the-bottom-line\">Se\u010dteno a podtr\u017eeno<\/h2>\n<p>Spribe&#039;s Aviator nab\u00edz\u00ed jedine\u010dnou interpretaci tradi\u010dn\u00edch video automat\u016f, kter\u00e9 mohou hr\u00e1\u010d\u016fm poskytnout pohlcuj\u00edc\u00ed hern\u00ed z\u00e1\u017eitek. Se st\u00e1le rostouc\u00edmi multiplik\u00e1tory a vysok\u00fdm RTP existuje spousta d\u016fvod\u016f, pro\u010d Aviator vyzkou\u0161et. Nav\u00edc, soci\u00e1ln\u00ed aspekt to d\u011bl\u00e1 je\u0161t\u011b vzru\u0161uj\u00edc\u00edm!<\/p>\n<h2 id=\"h-using-bonus-spins-on-aviator\">Pou\u017eit\u00ed bonusov\u00fdch zato\u010den\u00ed v Aviator<\/h2>\n<p>Bonusov\u00e1 zato\u010den\u00ed jsou z\u00e1kladem kasinov\u00fdch str\u00e1nek. Kdy\u017e se zaregistrujete na str\u00e1nce kasina, \u010dasto z\u00edsk\u00e1te zato\u010den\u00ed zdarma jako uv\u00edtac\u00ed bonus. Lze je dokonce z\u00edskat prost\u0159ednictv\u00edm \u010dasov\u011b omezen\u00fdch akc\u00ed nebo jako ceny v jin\u00fdch hr\u00e1ch!<\/p>\n<p>Pokud jste fanou\u0161kem Aviator nebo jin\u00fdch kasinov\u00fdch her, pak jsou bonusov\u00e1 zato\u010den\u00ed skv\u011bl\u00fdm zp\u016fsobem, jak zdarma z\u00edskat \u0161ance na rozto\u010den\u00ed v\u00e1lc\u016f, p\u0159ist\u00e1n\u00ed v letadle a mo\u017en\u00e1 i vyhr\u00e1t n\u011bjak\u00e9 pen\u00edze. Ve skute\u010dnosti mohou b\u00fdt bonusov\u00e1 oto\u010den\u00ed je\u0161t\u011b hodnotn\u011bj\u0161\u00ed ne\u017e b\u011b\u017en\u00e1 oto\u010den\u00ed ve h\u0159e, proto\u017ee obvykle nemaj\u00ed \u017e\u00e1dn\u00e9 s\u00e1zkov\u00e9 po\u017eadavky ani jin\u00e1 omezen\u00ed v\u00fdher.<\/p>\n<h2 id=\"h-how-to-get-bonus-spins\">Jak z\u00edskat bonusov\u00e1 zato\u010den\u00ed<\/h2>\n<p>Zato\u010den\u00ed zdarma mohou poch\u00e1zet z r\u016fzn\u00fdch m\u00edst, jako jsou uv\u00edtac\u00ed bonusy pro nov\u00e9 u\u017eivatele, kte\u0159\u00ed provedou sv\u016fj prvn\u00ed vklad, nebo propaga\u010dn\u00ed k\u00f3dy a \u010dasov\u011b omezen\u00e9 akce.<\/p>\n<h3 id=\"h-welcome-bonus-spins-for-aviator\">Uv\u00edtac\u00ed bonusov\u00e1 oto\u010den\u00ed pro letce<\/h3>\n<p>N\u011bkter\u00e1 kasina v\u00e1m p\u0159i vytvo\u0159en\u00ed \u00fa\u010dtu poskytuj\u00ed bezplatn\u00e1 oto\u010den\u00ed. Mo\u017en\u00e1 se div\u00edte, jak mohou b\u00fdt tato bezplatn\u00e1 oto\u010den\u00ed u\u017eite\u010dn\u00e1 p\u0159i hran\u00ed Aviator; n\u011bkdy v\u0161ak kasina omezuj\u00ed pou\u017eit\u00ed t\u011bchto bezplatn\u00fdch zato\u010den\u00ed pouze na nejobl\u00edben\u011bj\u0161\u00ed tradi\u010dn\u00ed v\u00fdhern\u00ed automaty. Ale nebojte se, st\u00e1le existuj\u00ed zp\u016fsoby, jak vyu\u017e\u00edt v\u0161echna bezplatn\u00e1 zato\u010den\u00ed, kter\u00e1 pro v\u00e1s Aviator p\u0159ipravil.<\/p>\n<h2 id=\"h-how-to-use-free-spins-in-aviator\">Jak pou\u017e\u00edvat bezplatn\u00e1 oto\u010den\u00ed v Aviator<\/h2>\n<p>Pokud va\u0161e zato\u010den\u00ed v Aviatoru nefunguj\u00ed, m\u016f\u017eete je v\u017edy pou\u017e\u00edt k z\u00edsk\u00e1n\u00ed kredit\u016f v jin\u00fdch kasinov\u00fdch hr\u00e1ch. Pokud m\u00e1te nap\u0159\u00edklad bezplatn\u00e1 oto\u010den\u00ed na automatu, m\u016f\u017eete tyto kredity vym\u011bnit za \u017eetony u hern\u00edch stol\u016f. Tyto \u017eetony pak m\u016f\u017eete pou\u017e\u00edt k s\u00e1zen\u00ed na Aviator nebo jakoukoli jinou kasinovou hru!<\/p>\n<p>Zde je postup:<\/p>\n<ol start=\"1\" type=\"1\">\n<li>Vyberte si jeden ze sv\u00fdch obl\u00edben\u00fdch hrac\u00edch automat\u016f.<\/li>\n<li>Vyu\u017eijte bezplatn\u00e1 oto\u010den\u00ed.<\/li>\n<li>Vezm\u011bte si v\u0161echny kredity, kter\u00e9 vyhrajete b\u011bhem zato\u010den\u00ed, a hrajte Aviator!<\/li>\n<\/ol>\n<p>Je to tak jednoduch\u00e9.<\/p>\n<h2 id=\"h-can-you-win-free-spins-in-aviator\">M\u016f\u017eete vyhr\u00e1t bezplatn\u00e1 oto\u010den\u00ed na Aviator?<\/h2>\n<p>Neexistuje \u017e\u00e1dn\u00e1 funkce rozto\u010den\u00ed zdarma. Jedinou cenou, kterou b\u011bhem kola vyhrajete, je va\u0161e s\u00e1zka vyn\u00e1soben\u00e1 \u010dasem vzletu \u010derven\u00e9ho letadla.<\/p>\n<h2 id=\"h-in-conclusion\">Z\u00e1v\u011br<\/h2>\n<p>Bez ohledu na to, jak je z\u00edsk\u00e1te \u2013 uv\u00edtac\u00ed bonusov\u00e1 zato\u010den\u00ed, propaga\u010dn\u00ed k\u00f3dy nebo \u010dasov\u011b omezen\u00e9 nab\u00eddky \u2013 bonusov\u00e1 zato\u010den\u00ed jsou pro hr\u00e1\u010de v\u0161ech \u00farovn\u00ed dovednost\u00ed skv\u011bl\u00fdm zp\u016fsobem, jak pokra\u010dovat ve h\u0159e, ani\u017e by se museli na chv\u00edli ob\u00e1vat prohry. A bez ohledu na to, pro jak\u00e9 hry jsou, zku\u0161en\u00ed hr\u00e1\u010di mohou prom\u011bnit sv\u00e1 zato\u010den\u00ed v u\u017eite\u010dn\u00e9 kredity, kter\u00e9 lze vsadit v \u017eiv\u00e9 h\u0159e Aviator.<\/p>\n<p><img loading=\"lazy\" decoding=\"async\" class=\"alignnone size-full wp-image-297\" src=\"https:\/\/aviator-slotgame.com\/wp-content\/uploads\/Aviator-14-800-x-600-\u043f\u0438\u043a\u0441.jpg\" alt=\"Z\u00e1v\u011br\" width=\"800\" height=\"600\" srcset=\"https:\/\/aviator-slotgame.com\/wp-content\/uploads\/Aviator-14-800-x-600-\u043f\u0438\u043a\u0441.jpg 800w, https:\/\/aviator-slotgame.com\/wp-content\/uploads\/Aviator-14-800-x-600-\u043f\u0438\u043a\u0441-300x225.jpg 300w, https:\/\/aviator-slotgame.com\/wp-content\/uploads\/Aviator-14-800-x-600-\u043f\u0438\u043a\u0441-768x576.jpg 768w, https:\/\/aviator-slotgame.com\/wp-content\/uploads\/Aviator-14-800-x-600-\u043f\u0438\u043a\u0441-16x12.jpg 16w\" sizes=\"auto, (max-width: 800px) 100vw, 800px\" \/><\/p>\n\n<div style=\"font-size: 0px; height: 0px; line-height: 0px; margin: 0; padding: 0; clear: both;\"><\/div>","protected":false},"excerpt":{"rendered":"<p>Aviator od Spribe nen\u00ed v\u00e1\u0161 pr\u016fm\u011brn\u00fd video automat. Nab\u00edz\u00ed soci\u00e1ln\u00ed hern\u00ed funkce, kter\u00e9 v tradi\u010dn\u00edch video automatech nenajdete.<\/p>","protected":false},"author":1,"featured_media":0,"parent":0,"menu_order":0,"comment_status":"closed","ping_status":"closed","template":"","meta":{"footnotes":""},"class_list":["post-215","page","type-page","status-publish","hentry"],"yoast_head":"<!-- This site is optimized with the Yoast SEO plugin v22.0 - https:\/\/yoast.com\/wordpress\/plugins\/seo\/ -->\n<title>\u0410\u0432\u0438\u0430\u0442\u043e\u0440 \u0441\u043b\u043e\u0442\u044b - Aviator<\/title>\n<meta name=\"robots\" content=\"index, follow, max-snippet:-1, max-image-preview:large, max-video-preview:-1\" \/>\n<link rel=\"canonical\" href=\"https:\/\/aviator-slotgame.com\/cs\/slot-aviator-vs-tradicni-video-automaty\/\" \/>\n<meta property=\"og:locale\" content=\"cs_CZ\" \/>\n<meta property=\"og:type\" content=\"article\" \/>\n<meta property=\"og:title\" content=\"\u0410\u0432\u0438\u0430\u0442\u043e\u0440 \u0441\u043b\u043e\u0442\u044b - Aviator\" \/>\n<meta property=\"og:description\" content=\"Aviator \u043e\u0442 Spribe \u2013 \u044d\u0442\u043e \u043d\u0435 \u043e\u0431\u044b\u0447\u043d\u044b\u0439 \u0432\u0438\u0434\u0435\u043e\u0441\u043b\u043e\u0442. \u041e\u043d \u043f\u0440\u0435\u0434\u043b\u0430\u0433\u0430\u0435\u0442 \u0432\u043e\u0437\u043c\u043e\u0436\u043d\u043e\u0441\u0442\u0438 \u0441\u043e\u0446\u0438\u0430\u043b\u044c\u043d\u044b\u0445 \u0438\u0433\u0440, \u043a\u043e\u0442\u043e\u0440\u044b\u0435 \u0432\u044b \u043d\u0435 \u043d\u0430\u0439\u0434\u0435\u0442\u0435 \u0432 \u0442\u0440\u0430\u0434\u0438\u0446\u0438\u043e\u043d\u043d\u044b\u0445 \u0432\u0438\u0434\u0435\u043e\u0441\u043b\u043e\u0442\u0430\u0445.\" \/>\n<meta property=\"og:url\" content=\"https:\/\/aviator-slotgame.com\/cs\/slot-aviator-vs-tradicni-video-automaty\/\" \/>\n<meta property=\"og:site_name\" content=\"Aviator\" \/>\n<meta property=\"article:modified_time\" content=\"2024-09-09T10:50:04+00:00\" \/>\n<meta property=\"og:image\" content=\"https:\/\/aviator-slotgame.com\/wp-content\/uploads\/aviator-4-1.png\" \/>\n<meta name=\"twitter:card\" content=\"summary_large_image\" \/>\n<meta name=\"twitter:label1\" content=\"Odhadovan\u00e1 doba \u010dten\u00ed\" \/>\n\t<meta name=\"twitter:data1\" content=\"4 minuty\" \/>\n<script type=\"application\/ld+json\" class=\"yoast-schema-graph\">{\"@context\":\"https:\/\/schema.org\",\"@graph\":[{\"@type\":\"WebPage\",\"@id\":\"https:\/\/aviator-slotgame.com\/aviator-slots\/\",\"url\":\"https:\/\/aviator-slotgame.com\/aviator-slots\/\",\"name\":\"\u0410\u0432\u0438\u0430\u0442\u043e\u0440 \u0441\u043b\u043e\u0442\u044b - Aviator\",\"isPartOf\":{\"@id\":\"https:\/\/aviator-slotgame.com\/#website\"},\"datePublished\":\"2024-04-02T16:05:37+00:00\",\"dateModified\":\"2024-09-09T10:50:04+00:00\",\"breadcrumb\":{\"@id\":\"https:\/\/aviator-slotgame.com\/aviator-slots\/#breadcrumb\"},\"inLanguage\":\"cs\",\"potentialAction\":[{\"@type\":\"ReadAction\",\"target\":[\"https:\/\/aviator-slotgame.com\/aviator-slots\/\"]}]},{\"@type\":\"BreadcrumbList\",\"@id\":\"https:\/\/aviator-slotgame.com\/aviator-slots\/#breadcrumb\",\"itemListElement\":[{\"@type\":\"ListItem\",\"position\":1,\"name\":\"Home\",\"item\":\"https:\/\/aviator-slotgame.com\/\"},{\"@type\":\"ListItem\",\"position\":2,\"name\":\"\u0410\u0432\u0438\u0430\u0442\u043e\u0440 \u0441\u043b\u043e\u0442\u044b\"}]},{\"@type\":\"WebSite\",\"@id\":\"https:\/\/aviator-slotgame.com\/#website\",\"url\":\"https:\/\/aviator-slotgame.com\/\",\"name\":\"Aviator\",\"description\":\"\",\"publisher\":{\"@id\":\"https:\/\/aviator-slotgame.com\/#organization\"},\"potentialAction\":[{\"@type\":\"SearchAction\",\"target\":{\"@type\":\"EntryPoint\",\"urlTemplate\":\"https:\/\/aviator-slotgame.com\/?s={search_term_string}\"},\"query-input\":\"required name=search_term_string\"}],\"inLanguage\":\"cs\"},{\"@type\":\"Organization\",\"@id\":\"https:\/\/aviator-slotgame.com\/#organization\",\"name\":\"Aviator\",\"url\":\"https:\/\/aviator-slotgame.com\/\",\"logo\":{\"@type\":\"ImageObject\",\"inLanguage\":\"cs\",\"@id\":\"https:\/\/aviator-slotgame.com\/#\/schema\/logo\/image\/\",\"url\":\"https:\/\/aviator-slotgame.com\/wp-content\/uploads\/16f5e8_dade544d4623411c9c4153c639aae85amv2.webp\",\"contentUrl\":\"https:\/\/aviator-slotgame.com\/wp-content\/uploads\/16f5e8_dade544d4623411c9c4153c639aae85amv2.webp\",\"width\":400,\"height\":300,\"caption\":\"Aviator\"},\"image\":{\"@id\":\"https:\/\/aviator-slotgame.com\/#\/schema\/logo\/image\/\"}}]}<\/script>\n<!-- \/ Yoast SEO plugin. -->","yoast_head_json":{"title":"\u0410\u0432\u0438\u0430\u0442\u043e\u0440 \u0441\u043b\u043e\u0442\u044b - Aviator","robots":{"index":"index","follow":"follow","max-snippet":"max-snippet:-1","max-image-preview":"max-image-preview:large","max-video-preview":"max-video-preview:-1"},"canonical":"https:\/\/aviator-slotgame.com\/cs\/slot-aviator-vs-tradicni-video-automaty\/","og_locale":"cs_CZ","og_type":"article","og_title":"\u0410\u0432\u0438\u0430\u0442\u043e\u0440 \u0441\u043b\u043e\u0442\u044b - Aviator","og_description":"Aviator \u043e\u0442 Spribe \u2013 \u044d\u0442\u043e \u043d\u0435 \u043e\u0431\u044b\u0447\u043d\u044b\u0439 \u0432\u0438\u0434\u0435\u043e\u0441\u043b\u043e\u0442. \u041e\u043d \u043f\u0440\u0435\u0434\u043b\u0430\u0433\u0430\u0435\u0442 \u0432\u043e\u0437\u043c\u043e\u0436\u043d\u043e\u0441\u0442\u0438 \u0441\u043e\u0446\u0438\u0430\u043b\u044c\u043d\u044b\u0445 \u0438\u0433\u0440, \u043a\u043e\u0442\u043e\u0440\u044b\u0435 \u0432\u044b \u043d\u0435 \u043d\u0430\u0439\u0434\u0435\u0442\u0435 \u0432 \u0442\u0440\u0430\u0434\u0438\u0446\u0438\u043e\u043d\u043d\u044b\u0445 \u0432\u0438\u0434\u0435\u043e\u0441\u043b\u043e\u0442\u0430\u0445.","og_url":"https:\/\/aviator-slotgame.com\/cs\/slot-aviator-vs-tradicni-video-automaty\/","og_site_name":"Aviator","article_modified_time":"2024-09-09T10:50:04+00:00","og_image":[{"url":"https:\/\/aviator-slotgame.com\/wp-content\/uploads\/aviator-4-1.png"}],"twitter_card":"summary_large_image","twitter_misc":{"Odhadovan\u00e1 doba \u010dten\u00ed":"4 minuty"},"schema":{"@context":"https:\/\/schema.org","@graph":[{"@type":"WebPage","@id":"https:\/\/aviator-slotgame.com\/aviator-slots\/","url":"https:\/\/aviator-slotgame.com\/aviator-slots\/","name":"\u0410\u0432\u0438\u0430\u0442\u043e\u0440 \u0441\u043b\u043e\u0442\u044b - Aviator","isPartOf":{"@id":"https:\/\/aviator-slotgame.com\/#website"},"datePublished":"2024-04-02T16:05:37+00:00","dateModified":"2024-09-09T10:50:04+00:00","breadcrumb":{"@id":"https:\/\/aviator-slotgame.com\/aviator-slots\/#breadcrumb"},"inLanguage":"cs","potentialAction":[{"@type":"ReadAction","target":["https:\/\/aviator-slotgame.com\/aviator-slots\/"]}]},{"@type":"BreadcrumbList","@id":"https:\/\/aviator-slotgame.com\/aviator-slots\/#breadcrumb","itemListElement":[{"@type":"ListItem","position":1,"name":"Home","item":"https:\/\/aviator-slotgame.com\/"},{"@type":"ListItem","position":2,"name":"\u0410\u0432\u0438\u0430\u0442\u043e\u0440 \u0441\u043b\u043e\u0442\u044b"}]},{"@type":"WebSite","@id":"https:\/\/aviator-slotgame.com\/#website","url":"https:\/\/aviator-slotgame.com\/","name":"Aviator","description":"","publisher":{"@id":"https:\/\/aviator-slotgame.com\/#organization"},"potentialAction":[{"@type":"SearchAction","target":{"@type":"EntryPoint","urlTemplate":"https:\/\/aviator-slotgame.com\/?s={search_term_string}"},"query-input":"required name=search_term_string"}],"inLanguage":"cs"},{"@type":"Organization","@id":"https:\/\/aviator-slotgame.com\/#organization","name":"Aviator","url":"https:\/\/aviator-slotgame.com\/","logo":{"@type":"ImageObject","inLanguage":"cs","@id":"https:\/\/aviator-slotgame.com\/#\/schema\/logo\/image\/","url":"https:\/\/aviator-slotgame.com\/wp-content\/uploads\/16f5e8_dade544d4623411c9c4153c639aae85amv2.webp","contentUrl":"https:\/\/aviator-slotgame.com\/wp-content\/uploads\/16f5e8_dade544d4623411c9c4153c639aae85amv2.webp","width":400,"height":300,"caption":"Aviator"},"image":{"@id":"https:\/\/aviator-slotgame.com\/#\/schema\/logo\/image\/"}}]}},"amp_enabled":true,"_links":{"self":[{"href":"https:\/\/aviator-slotgame.com\/cs\/wp-json\/wp\/v2\/pages\/215","targetHints":{"allow":["GET"]}}],"collection":[{"href":"https:\/\/aviator-slotgame.com\/cs\/wp-json\/wp\/v2\/pages"}],"about":[{"href":"https:\/\/aviator-slotgame.com\/cs\/wp-json\/wp\/v2\/types\/page"}],"author":[{"embeddable":true,"href":"https:\/\/aviator-slotgame.com\/cs\/wp-json\/wp\/v2\/users\/1"}],"replies":[{"embeddable":true,"href":"https:\/\/aviator-slotgame.com\/cs\/wp-json\/wp\/v2\/comments?post=215"}],"version-history":[{"count":6,"href":"https:\/\/aviator-slotgame.com\/cs\/wp-json\/wp\/v2\/pages\/215\/revisions"}],"predecessor-version":[{"id":309,"href":"https:\/\/aviator-slotgame.com\/cs\/wp-json\/wp\/v2\/pages\/215\/revisions\/309"}],"wp:attachment":[{"href":"https:\/\/aviator-slotgame.com\/cs\/wp-json\/wp\/v2\/media?parent=215"}],"curies":[{"name":"wp","href":"https:\/\/api.w.org\/{rel}","templated":true}]}}