{"id":230,"date":"2024-09-06T08:55:11","date_gmt":"2024-09-06T08:55:11","guid":{"rendered":"https:\/\/aviator-slotgame.com\/?page_id=230"},"modified":"2024-10-03T23:03:12","modified_gmt":"2024-10-03T23:03:12","slug":"strategy-and-tactics","status":"publish","type":"page","link":"https:\/\/aviator-slotgame.com\/cs\/strategy-and-tactics\/","title":{"rendered":"Leteck\u00e9 hern\u00ed strategie a taktiky"},"content":{"rendered":"<div class=\"19c7ce0afd79220096c0c2bc0221da09\" data-index=\"1\" style=\"float: none; margin:10px 0 10px 0; text-align:center;\">\n<div class=\"custom-play-button\">\r\n<center><a href=\"https:\/\/aviator-slotgame.com\/cs\/play-game\/\" rel=\"nofollow\" target=\"_blank\">hr\u00e1t hned<\/a><br><\/center>\r\n<\/div>\n<\/div>\n<p><img loading=\"lazy\" decoding=\"async\" class=\"alignnone wp-image-233 size-full\" title=\"Strategie ve h\u0159e Aviator\" src=\"https:\/\/aviator-slotgame.com\/wp-content\/uploads\/Aviator-4-800-x-600-\u043f\u0438\u043a\u0441.jpg\" alt=\"Leteck\u00e9 hern\u00ed strategie a taktiky\" width=\"800\" height=\"600\" srcset=\"https:\/\/aviator-slotgame.com\/wp-content\/uploads\/Aviator-4-800-x-600-\u043f\u0438\u043a\u0441.jpg 800w, https:\/\/aviator-slotgame.com\/wp-content\/uploads\/Aviator-4-800-x-600-\u043f\u0438\u043a\u0441-300x225.jpg 300w, https:\/\/aviator-slotgame.com\/wp-content\/uploads\/Aviator-4-800-x-600-\u043f\u0438\u043a\u0441-768x576.jpg 768w, https:\/\/aviator-slotgame.com\/wp-content\/uploads\/Aviator-4-800-x-600-\u043f\u0438\u043a\u0441-16x12.jpg 16w\" sizes=\"auto, (max-width: 800px) 100vw, 800px\" \/><\/p>\n<p>Ve h\u0159e Aviator crash, stejn\u011b jako v mnoha jin\u00fdch hazardn\u00edch hr\u00e1ch, je d\u016fle\u017eit\u00e9 si uv\u011bdomit, \u017ee v\u00fdsledky jsou zalo\u017eeny na n\u00e1hod\u011b. Existuje v\u0161ak n\u011bkolik strategi\u00ed a taktik, kter\u00e9 v\u00e1m mohou pomoci zv\u00fd\u0161it va\u0161e \u0161ance na v\u00fdhru a spravovat sv\u016fj bankroll. Zde jsou n\u011bkter\u00e9 z nich:<\/p>\n<h2>X strategie ve h\u0159e Aviator - Jak chytit velk\u00e9 \u0161ance<\/h2>\n<p>Pointa je, \u017ee byste se m\u011bli pokusit chytit ur\u010dit\u00fd kurz v ur\u010dit\u00e9m \u010dasov\u00e9m obdob\u00ed. Po anal\u00fdze statistik hry si m\u016f\u017eete v\u0161imnout, \u017ee ur\u010dit\u00e9 kurzy klesaj\u00ed s ur\u010ditou frekvenc\u00ed. X100 padne alespo\u0148 jednou za hodinu a p\u016fl, tak\u017ee pokud si spo\u010d\u00edt\u00e1te, kolik \u010dasu uplynulo od posledn\u00edho poklesu tohoto multiplik\u00e1toru, polo\u017een\u00edm s\u00e1zky nad 10$, m\u016f\u017eete si dom\u016f odn\u00e9st velkou v\u00fdhru.<\/p>\n<p><img loading=\"lazy\" decoding=\"async\" class=\"alignnone size-full wp-image-303\" src=\"https:\/\/aviator-slotgame.com\/wp-content\/uploads\/Aviator-17-800-x-600-\u043f\u0438\u043a\u0441.jpg\" alt=\"Chy\u0165te kurzy ve h\u0159e Aviator\" width=\"800\" height=\"600\" srcset=\"https:\/\/aviator-slotgame.com\/wp-content\/uploads\/Aviator-17-800-x-600-\u043f\u0438\u043a\u0441.jpg 800w, https:\/\/aviator-slotgame.com\/wp-content\/uploads\/Aviator-17-800-x-600-\u043f\u0438\u043a\u0441-300x225.jpg 300w, https:\/\/aviator-slotgame.com\/wp-content\/uploads\/Aviator-17-800-x-600-\u043f\u0438\u043a\u0441-768x576.jpg 768w, https:\/\/aviator-slotgame.com\/wp-content\/uploads\/Aviator-17-800-x-600-\u043f\u0438\u043a\u0441-16x12.jpg 16w\" sizes=\"auto, (max-width: 800px) 100vw, 800px\" \/><\/p><div class=\"19c7ce0afd79220096c0c2bc0221da09\" data-index=\"1\" style=\"float: none; margin:10px 0 10px 0; text-align:center;\">\n<div class=\"custom-play-button\">\r\n<center><a href=\"https:\/\/aviator-slotgame.com\/cs\/play-game\/\" rel=\"nofollow\" target=\"_blank\">hr\u00e1t hned<\/a><br><\/center>\r\n<\/div>\n<\/div>\n\n<h2>Dvojit\u00e1 s\u00e1zka ve h\u0159e Aviator \u2013 Sni\u017ete rizika a zvy\u0161te v\u00fdhry<\/h2>\n<p>N\u00e1sleduj\u00edc\u00ed taktika je vhodn\u00e1 pro ty, kte\u0159\u00ed nemohou slo\u017eit vysokou z\u00e1lohu nebo necht\u011bj\u00ed riskovat vysokou \u010d\u00e1stku. Va\u0161e prvn\u00ed s\u00e1zka by m\u011bla b\u00fdt 10$, mluv\u00edme o dvojit\u00e9 s\u00e1zce, tak\u017ee v jednom kole utrat\u00edte minim\u00e1ln\u011b 21$. Autocashout na obou obrazovk\u00e1ch je nastaven p\u0159ibli\u017en\u011b na 1,2. Letadlo t\u00e9m\u011b\u0159 v\u017edy tuto zna\u010dku p\u0159ekro\u010d\u00ed. Z toho vypl\u00fdv\u00e1, \u017ee u\u017eivatel d\u00edky dlouh\u00e9 h\u0159e ur\u010dit\u011b bude moci vyhr\u00e1t sv\u00e9 pen\u00edze p\u0159i minim\u00e1ln\u00edch s\u00e1zk\u00e1ch.<\/p>\n<p><img loading=\"lazy\" decoding=\"async\" class=\"alignnone size-full wp-image-305\" src=\"https:\/\/aviator-slotgame.com\/wp-content\/uploads\/Aviator-18-800-x-600-\u043f\u0438\u043a\u0441.jpg\" alt=\"Dvojit\u00e9 s\u00e1zky ve h\u0159e Aviator\" width=\"800\" height=\"600\" srcset=\"https:\/\/aviator-slotgame.com\/wp-content\/uploads\/Aviator-18-800-x-600-\u043f\u0438\u043a\u0441.jpg 800w, https:\/\/aviator-slotgame.com\/wp-content\/uploads\/Aviator-18-800-x-600-\u043f\u0438\u043a\u0441-300x225.jpg 300w, https:\/\/aviator-slotgame.com\/wp-content\/uploads\/Aviator-18-800-x-600-\u043f\u0438\u043a\u0441-768x576.jpg 768w, https:\/\/aviator-slotgame.com\/wp-content\/uploads\/Aviator-18-800-x-600-\u043f\u0438\u043a\u0441-16x12.jpg 16w\" sizes=\"auto, (max-width: 800px) 100vw, 800px\" \/><\/p>\n<h2>Bankroll management ve h\u0159e Aviator - Jak se vyhnout ztr\u00e1t\u00e1m a udr\u017eet rovnov\u00e1hu<\/h2>\n<p>Jednou z kl\u00ed\u010dov\u00fdch strategi\u00ed v hazardu je dob\u0159e spravovat sv\u016fj bankroll. Stanovte si limity, kolik m\u016f\u017eete prohr\u00e1t a vyhr\u00e1t, a dr\u017ete se jich. To v\u00e1m pom\u016f\u017ee vyhnout se velk\u00fdm ztr\u00e1t\u00e1m a udr\u017eet rovnov\u00e1hu ve h\u0159e.<\/p>\n<p><img loading=\"lazy\" decoding=\"async\" class=\"alignnone size-full wp-image-307\" src=\"https:\/\/aviator-slotgame.com\/wp-content\/uploads\/Aviator-19-800-x-600-\u043f\u0438\u043a\u0441.jpg\" alt=\"Spravujte sv\u016fj bankroll ve h\u0159e Aviator\" width=\"800\" height=\"600\" srcset=\"https:\/\/aviator-slotgame.com\/wp-content\/uploads\/Aviator-19-800-x-600-\u043f\u0438\u043a\u0441.jpg 800w, https:\/\/aviator-slotgame.com\/wp-content\/uploads\/Aviator-19-800-x-600-\u043f\u0438\u043a\u0441-300x225.jpg 300w, https:\/\/aviator-slotgame.com\/wp-content\/uploads\/Aviator-19-800-x-600-\u043f\u0438\u043a\u0441-768x576.jpg 768w, https:\/\/aviator-slotgame.com\/wp-content\/uploads\/Aviator-19-800-x-600-\u043f\u0438\u043a\u0441-16x12.jpg 16w\" sizes=\"auto, (max-width: 800px) 100vw, 800px\" \/><\/p>\n<h2>Pro\u010d je Aviator jednou z nejlep\u0161\u00edch her s vysok\u00fdm RTP<\/h2>\n<p>Zkuste si vybrat hry s vy\u0161\u0161\u00edm RTP (Return to player). Online hra Aviator pat\u0159\u00ed do seznamu crash her s vysok\u00fdm procentem RTP. \u010c\u00edm vy\u0161\u0161\u00ed RTP, t\u00edm vy\u0161\u0161\u00ed je pravd\u011bpodobnost v\u00fdhry v dlouhodob\u00e9m horizontu.<\/p>\n<h2>Hran\u00ed na maxim\u00e1ln\u00ed s\u00e1zku v Aviator \u2013 Rizika a odm\u011bny<\/h2>\n<p>V n\u011bkter\u00fdch hr\u00e1ch, v\u010detn\u011b Aviator, m\u016f\u017ee maxim\u00e1ln\u00ed s\u00e1zen\u00ed zv\u00fd\u0161it va\u0161e \u0161ance na velkou v\u00fdhru. Pamatujte v\u0161ak, \u017ee hran\u00ed na maxim\u00e1ln\u00ed s\u00e1zku m\u016f\u017ee tak\u00e9 v\u00e9st k rychl\u00fdm ztr\u00e1t\u00e1m, tak\u017ee bu\u010fte opatrn\u00ed.<\/p>\n<h2>Zdvojn\u00e1soben\u00ed strategie ve h\u0159e Aviator<\/h2>\n<p>N\u011bkte\u0159\u00ed hr\u00e1\u010di pou\u017e\u00edvaj\u00ed strategii zdvojn\u00e1soben\u00ed, kdy po ka\u017ed\u00e9 proh\u0159e zdvojn\u00e1sob\u00ed svou s\u00e1zku. Tato taktika m\u00e1 sv\u00e1 rizika, proto ji pou\u017e\u00edvejte opatrn\u011b.<\/p>\n<h2>Demo re\u017eim ve h\u0159e Aviator<\/h2>\n<p>Ne\u017e budete hr\u00e1t o skute\u010dn\u00e9 pen\u00edze, zkuste hr\u00e1t v demo re\u017eimu, abyste se nau\u010dili hru, jej\u00ed pravidla a funkce. To v\u00e1m pom\u016f\u017ee vytvo\u0159it si vlastn\u00ed strategii a p\u0159ipravit se na hran\u00ed o skute\u010dn\u00e9 pen\u00edze.<\/p>\n<h2>Doporu\u010den\u00ed a tipy pro hru Aviator<\/h2>\n<p>Pou\u017eijte n\u00e1sleduj\u00edc\u00ed tipy, ur\u010dit\u011b v\u00e1m to ve h\u0159e pom\u016f\u017ee:<\/p>\n<ul>\n<li>Ud\u011blejte si \u010das, abyste se d\u016fkladn\u011b sezn\u00e1mili s hern\u00ed technikou, jak prob\u00edhaj\u00ed platby, dopl\u0148ov\u00e1n\u00ed a bonusy. Pokud pochop\u00edte principy hry a jej\u00ed fungov\u00e1n\u00ed, va\u0161e budouc\u00ed rozhodnut\u00ed budou racion\u00e1ln\u011bj\u0161\u00ed.<\/li>\n<\/ul>\n<ul>\n<li>M\u011b\u0148te sv\u00e9 s\u00e1zky. M\u00edsto toho, abyste v ka\u017ed\u00e9m kole pod\u00e1vali stejn\u00e9 s\u00e1zky, zkuste sv\u00e9 s\u00e1zky m\u011bnit. N\u011bkdy je lep\u0161\u00ed vsadit v\u011bt\u0161\u00ed, abyste zv\u00fd\u0161ili sv\u00e9 \u0161ance na velkou v\u00fdhru, a n\u011bkdy vsadit men\u0161\u00ed, abyste sn\u00ed\u017eili sv\u00e9 ztr\u00e1ty.<\/li>\n<\/ul>\n<ul>\n<li>Spravujte sv\u016fj rozpo\u010det. Je velmi d\u016fle\u017eit\u00e9 um\u011bt ve h\u0159e spravovat sv\u00e9 finance. Stanovte si limit ztr\u00e1ty a dr\u017ete se ho. Nedovolte si hazardovat s velk\u00fdmi \u010d\u00e1stkami, kter\u00e9 si nem\u016f\u017eete dovolit prohr\u00e1t.<\/li>\n<\/ul>\n<ul>\n<li>Hrajte chyt\u0159e. Nezapome\u0148te, \u017ee hran\u00ed v kasinu v\u017edy zahrnuje riziko. Hrajte zodpov\u011bdn\u011b a nenechte sv\u00e9 emoce ovlivnit va\u0161e rozhodnut\u00ed. Pamatujte, \u017ee \u0161t\u011bst\u00ed m\u016f\u017ee b\u00fdt nep\u0159edv\u00eddateln\u00e9, tak\u017ee nespol\u00e9hejte jen na n\u011bj.<\/li>\n<\/ul>\n<ul>\n<li>Nau\u010dte se pravidla hry. Abyste byli \u00fasp\u011b\u0161n\u00ed v online kasinu Aviator a v jak\u00e9mkoli jin\u00e9m kasinu, je d\u016fle\u017eit\u00e9 dob\u0159e rozum\u011bt pravidl\u016fm hry. Prostudujte si v\u0161echny detaily a funkce hry, abyste mohli \u010dinit informovan\u00e1 rozhodnut\u00ed.<\/li>\n<\/ul>\n<ul>\n<li>Pou\u017eijte demo re\u017eim. Pokud jste ve h\u0159e nov\u00e1\u010dci nebo si jen chcete procvi\u010dit a l\u00e9pe porozum\u011bt hran\u00ed, pou\u017eijte demo re\u017eim a hrajte bez rizika ztr\u00e1ty skute\u010dn\u00fdch pen\u011bz. To v\u00e1m pom\u016f\u017ee dostat se do hry a rozv\u00edjet svou strategii.<\/li>\n<\/ul>\n<ul>\n<li>V\u011bnujte pozornost n\u00e1zor\u016fm ostatn\u00edch hr\u00e1\u010d\u016f. Ostatn\u00ed hr\u00e1\u010di ji\u017e mo\u017en\u00e1 na\u0161li \u00fa\u010dinn\u00e9 strategie nebo tipy pro hran\u00ed Aviator. P\u0159e\u010dt\u011bte si f\u00f3ra a diskuze, abyste se o nich dozv\u011bd\u011bli v\u00edce a pou\u017eili je ve sv\u00e9 h\u0159e. A v\u011bnujte pozornost chatu ve h\u0159e \u010dast\u011bji!<\/li>\n<\/ul>\n<ul>\n<li>Ujist\u011bte se, \u017ee m\u00e1te dobr\u00e9 p\u0159ipojen\u00ed k internetu. Ne\u017e za\u010dnete hr\u00e1t, ujist\u011bte se, \u017ee m\u00e1te stabiln\u00ed p\u0159ipojen\u00ed! V p\u0159\u00edpad\u011b ne\u010dekan\u00e9ho odpojen\u00ed nenesou v\u00fdvoj\u00e1\u0159i odpov\u011bdnost za prohranou s\u00e1zku.<\/li>\n<\/ul>\n<p>Douf\u00e1m, \u017ee v\u00e1m tato doporu\u010den\u00ed pomohou u\u017e\u00edt si online hru Aviator a zv\u00fd\u0161it va\u0161e \u0161ance na \u00fasp\u011bch.<\/p>\n<p><img loading=\"lazy\" decoding=\"async\" class=\"alignnone size-full wp-image-301\" src=\"https:\/\/aviator-slotgame.com\/wp-content\/uploads\/Aviator-16-800-x-600-\u043f\u0438\u043a\u0441.jpg\" alt=\"D\u016fle\u017eit\u00e9 tipy pro \u00fasp\u011b\u0161n\u00e9 hran\u00ed Aviator\" width=\"800\" height=\"600\" srcset=\"https:\/\/aviator-slotgame.com\/wp-content\/uploads\/Aviator-16-800-x-600-\u043f\u0438\u043a\u0441.jpg 800w, https:\/\/aviator-slotgame.com\/wp-content\/uploads\/Aviator-16-800-x-600-\u043f\u0438\u043a\u0441-300x225.jpg 300w, https:\/\/aviator-slotgame.com\/wp-content\/uploads\/Aviator-16-800-x-600-\u043f\u0438\u043a\u0441-768x576.jpg 768w, https:\/\/aviator-slotgame.com\/wp-content\/uploads\/Aviator-16-800-x-600-\u043f\u0438\u043a\u0441-16x12.jpg 16w\" sizes=\"auto, (max-width: 800px) 100vw, 800px\" \/><\/p>\n\n<div style=\"font-size: 0px; height: 0px; line-height: 0px; margin: 0; padding: 0; clear: both;\"><\/div>","protected":false},"excerpt":{"rendered":"<p>Ve h\u0159e Aviator crash, stejn\u011b jako v mnoha jin\u00fdch hazardn\u00edch hr\u00e1ch, je d\u016fle\u017eit\u00e9 si uv\u011bdomit, \u017ee v\u00fdsledky jsou zalo\u017eeny na n\u00e1hod\u011b. V\u0161ak<\/p>","protected":false},"author":1,"featured_media":0,"parent":0,"menu_order":0,"comment_status":"closed","ping_status":"closed","template":"","meta":{"footnotes":""},"class_list":["post-230","page","type-page","status-publish","hentry"],"yoast_head":"<!-- This site is optimized with the Yoast SEO plugin v22.0 - https:\/\/yoast.com\/wordpress\/plugins\/seo\/ -->\n<title>C\u0442\u0440\u0430\u0442\u0435\u0433\u0438\u0438 \u0438\u0433\u0440\u044b \u0410\u0432\u0438\u0430\u0442\u043e\u0440 \u2014 \u041a\u0430\u043a \u0432\u044b\u0438\u0433\u0440\u044b\u0432\u0430\u0442\u044c \u0434\u0435\u043d\u044c\u0433\u0438 \u0432 \u043a\u0440\u0430\u0448-\u0441\u043b\u043e\u0442<\/title>\n<meta name=\"description\" content=\"\u0418\u0437\u0443\u0447\u0438\u0442\u0435 \u0441\u0442\u0440\u0430\u0442\u0435\u0433\u0438\u0438 \u0438 \u0442\u0430\u043a\u0442\u0438\u043a\u0438 \u0438\u0433\u0440\u044b \u0432 \u0441\u043b\u043e\u0442 \u0410\u0432\u0438\u0430\u0442\u043e\u0440. \u0423\u043f\u0440\u0430\u0432\u043b\u044f\u0439\u0442\u0435 \u0431\u0430\u043d\u043a\u0440\u043e\u043b\u043b\u043e\u043c, \u0438\u0441\u043f\u043e\u043b\u044c\u0437\u0443\u0439\u0442\u0435 \u043a\u043e\u044d\u0444\u0444\u0438\u0446\u0438\u0435\u043d\u0442\u044b \u0438 \u0443\u0432\u0435\u043b\u0438\u0447\u0438\u0432\u0430\u0439\u0442\u0435 \u0448\u0430\u043d\u0441\u044b \u043d\u0430 \u0432\u044b\u0438\u0433\u0440\u044b\u0448 \u0432 \u043a\u0440\u0430\u0448-\u0438\u0433\u0440\u0435 \u043d\u0430 \u0434\u0435\u043d\u044c\u0433\u0438.\" \/>\n<meta name=\"robots\" content=\"index, follow, max-snippet:-1, max-image-preview:large, max-video-preview:-1\" \/>\n<link rel=\"canonical\" href=\"https:\/\/aviator-slotgame.com\/cs\/strategy-and-tactics\/\" \/>\n<meta property=\"og:locale\" content=\"cs_CZ\" \/>\n<meta property=\"og:type\" content=\"article\" \/>\n<meta property=\"og:title\" content=\"C\u0442\u0440\u0430\u0442\u0435\u0433\u0438\u0438 \u0438\u0433\u0440\u044b \u0410\u0432\u0438\u0430\u0442\u043e\u0440 \u2014 \u041a\u0430\u043a \u0432\u044b\u0438\u0433\u0440\u044b\u0432\u0430\u0442\u044c \u0434\u0435\u043d\u044c\u0433\u0438 \u0432 \u043a\u0440\u0430\u0448-\u0441\u043b\u043e\u0442\" \/>\n<meta property=\"og:description\" content=\"\u0418\u0437\u0443\u0447\u0438\u0442\u0435 \u0441\u0442\u0440\u0430\u0442\u0435\u0433\u0438\u0438 \u0438 \u0442\u0430\u043a\u0442\u0438\u043a\u0438 \u0438\u0433\u0440\u044b \u0432 \u0441\u043b\u043e\u0442 \u0410\u0432\u0438\u0430\u0442\u043e\u0440. \u0423\u043f\u0440\u0430\u0432\u043b\u044f\u0439\u0442\u0435 \u0431\u0430\u043d\u043a\u0440\u043e\u043b\u043b\u043e\u043c, \u0438\u0441\u043f\u043e\u043b\u044c\u0437\u0443\u0439\u0442\u0435 \u043a\u043e\u044d\u0444\u0444\u0438\u0446\u0438\u0435\u043d\u0442\u044b \u0438 \u0443\u0432\u0435\u043b\u0438\u0447\u0438\u0432\u0430\u0439\u0442\u0435 \u0448\u0430\u043d\u0441\u044b \u043d\u0430 \u0432\u044b\u0438\u0433\u0440\u044b\u0448 \u0432 \u043a\u0440\u0430\u0448-\u0438\u0433\u0440\u0435 \u043d\u0430 \u0434\u0435\u043d\u044c\u0433\u0438.\" \/>\n<meta property=\"og:url\" content=\"https:\/\/aviator-slotgame.com\/cs\/strategy-and-tactics\/\" \/>\n<meta property=\"og:site_name\" content=\"Aviator\" \/>\n<meta property=\"article:modified_time\" content=\"2024-10-03T23:03:12+00:00\" \/>\n<meta name=\"twitter:card\" content=\"summary_large_image\" \/>\n<meta name=\"twitter:label1\" content=\"Odhadovan\u00e1 doba \u010dten\u00ed\" \/>\n\t<meta name=\"twitter:data1\" content=\"4 minuty\" \/>\n<script type=\"application\/ld+json\" class=\"yoast-schema-graph\">{\"@context\":\"https:\/\/schema.org\",\"@graph\":[{\"@type\":\"WebPage\",\"@id\":\"https:\/\/aviator-slotgame.com\/strategy-and-tactics\/\",\"url\":\"https:\/\/aviator-slotgame.com\/strategy-and-tactics\/\",\"name\":\"C\u0442\u0440\u0430\u0442\u0435\u0433\u0438\u0438 \u0438\u0433\u0440\u044b \u0410\u0432\u0438\u0430\u0442\u043e\u0440 \u2014 \u041a\u0430\u043a \u0432\u044b\u0438\u0433\u0440\u044b\u0432\u0430\u0442\u044c \u0434\u0435\u043d\u044c\u0433\u0438 \u0432 \u043a\u0440\u0430\u0448-\u0441\u043b\u043e\u0442\",\"isPartOf\":{\"@id\":\"https:\/\/aviator-slotgame.com\/#website\"},\"datePublished\":\"2024-09-06T08:55:11+00:00\",\"dateModified\":\"2024-10-03T23:03:12+00:00\",\"description\":\"\u0418\u0437\u0443\u0447\u0438\u0442\u0435 \u0441\u0442\u0440\u0430\u0442\u0435\u0433\u0438\u0438 \u0438 \u0442\u0430\u043a\u0442\u0438\u043a\u0438 \u0438\u0433\u0440\u044b \u0432 \u0441\u043b\u043e\u0442 \u0410\u0432\u0438\u0430\u0442\u043e\u0440. \u0423\u043f\u0440\u0430\u0432\u043b\u044f\u0439\u0442\u0435 \u0431\u0430\u043d\u043a\u0440\u043e\u043b\u043b\u043e\u043c, \u0438\u0441\u043f\u043e\u043b\u044c\u0437\u0443\u0439\u0442\u0435 \u043a\u043e\u044d\u0444\u0444\u0438\u0446\u0438\u0435\u043d\u0442\u044b \u0438 \u0443\u0432\u0435\u043b\u0438\u0447\u0438\u0432\u0430\u0439\u0442\u0435 \u0448\u0430\u043d\u0441\u044b \u043d\u0430 \u0432\u044b\u0438\u0433\u0440\u044b\u0448 \u0432 \u043a\u0440\u0430\u0448-\u0438\u0433\u0440\u0435 \u043d\u0430 \u0434\u0435\u043d\u044c\u0433\u0438.\",\"breadcrumb\":{\"@id\":\"https:\/\/aviator-slotgame.com\/strategy-and-tactics\/#breadcrumb\"},\"inLanguage\":\"cs\",\"potentialAction\":[{\"@type\":\"ReadAction\",\"target\":[\"https:\/\/aviator-slotgame.com\/strategy-and-tactics\/\"]}]},{\"@type\":\"BreadcrumbList\",\"@id\":\"https:\/\/aviator-slotgame.com\/strategy-and-tactics\/#breadcrumb\",\"itemListElement\":[{\"@type\":\"ListItem\",\"position\":1,\"name\":\"Home\",\"item\":\"https:\/\/aviator-slotgame.com\/\"},{\"@type\":\"ListItem\",\"position\":2,\"name\":\"\u0421\u0442\u0440\u0430\u0442\u0435\u0433\u0438\u0438 \u0438 \u0442\u0430\u043a\u0442\u0438\u043a\u0438 \u0438\u0433\u0440\u044b Aviator\"}]},{\"@type\":\"WebSite\",\"@id\":\"https:\/\/aviator-slotgame.com\/#website\",\"url\":\"https:\/\/aviator-slotgame.com\/\",\"name\":\"Aviator\",\"description\":\"\",\"publisher\":{\"@id\":\"https:\/\/aviator-slotgame.com\/#organization\"},\"potentialAction\":[{\"@type\":\"SearchAction\",\"target\":{\"@type\":\"EntryPoint\",\"urlTemplate\":\"https:\/\/aviator-slotgame.com\/?s={search_term_string}\"},\"query-input\":\"required name=search_term_string\"}],\"inLanguage\":\"cs\"},{\"@type\":\"Organization\",\"@id\":\"https:\/\/aviator-slotgame.com\/#organization\",\"name\":\"Aviator\",\"url\":\"https:\/\/aviator-slotgame.com\/\",\"logo\":{\"@type\":\"ImageObject\",\"inLanguage\":\"cs\",\"@id\":\"https:\/\/aviator-slotgame.com\/#\/schema\/logo\/image\/\",\"url\":\"https:\/\/aviator-slotgame.com\/wp-content\/uploads\/16f5e8_dade544d4623411c9c4153c639aae85amv2.webp\",\"contentUrl\":\"https:\/\/aviator-slotgame.com\/wp-content\/uploads\/16f5e8_dade544d4623411c9c4153c639aae85amv2.webp\",\"width\":400,\"height\":300,\"caption\":\"Aviator\"},\"image\":{\"@id\":\"https:\/\/aviator-slotgame.com\/#\/schema\/logo\/image\/\"}}]}<\/script>\n<!-- \/ Yoast SEO plugin. -->","yoast_head_json":{"title":"C\u0442\u0440\u0430\u0442\u0435\u0433\u0438\u0438 \u0438\u0433\u0440\u044b \u0410\u0432\u0438\u0430\u0442\u043e\u0440 \u2014 \u041a\u0430\u043a \u0432\u044b\u0438\u0433\u0440\u044b\u0432\u0430\u0442\u044c \u0434\u0435\u043d\u044c\u0433\u0438 \u0432 \u043a\u0440\u0430\u0448-\u0441\u043b\u043e\u0442","description":"\u0418\u0437\u0443\u0447\u0438\u0442\u0435 \u0441\u0442\u0440\u0430\u0442\u0435\u0433\u0438\u0438 \u0438 \u0442\u0430\u043a\u0442\u0438\u043a\u0438 \u0438\u0433\u0440\u044b \u0432 \u0441\u043b\u043e\u0442 \u0410\u0432\u0438\u0430\u0442\u043e\u0440. \u0423\u043f\u0440\u0430\u0432\u043b\u044f\u0439\u0442\u0435 \u0431\u0430\u043d\u043a\u0440\u043e\u043b\u043b\u043e\u043c, \u0438\u0441\u043f\u043e\u043b\u044c\u0437\u0443\u0439\u0442\u0435 \u043a\u043e\u044d\u0444\u0444\u0438\u0446\u0438\u0435\u043d\u0442\u044b \u0438 \u0443\u0432\u0435\u043b\u0438\u0447\u0438\u0432\u0430\u0439\u0442\u0435 \u0448\u0430\u043d\u0441\u044b \u043d\u0430 \u0432\u044b\u0438\u0433\u0440\u044b\u0448 \u0432 \u043a\u0440\u0430\u0448-\u0438\u0433\u0440\u0435 \u043d\u0430 \u0434\u0435\u043d\u044c\u0433\u0438.","robots":{"index":"index","follow":"follow","max-snippet":"max-snippet:-1","max-image-preview":"max-image-preview:large","max-video-preview":"max-video-preview:-1"},"canonical":"https:\/\/aviator-slotgame.com\/cs\/strategy-and-tactics\/","og_locale":"cs_CZ","og_type":"article","og_title":"C\u0442\u0440\u0430\u0442\u0435\u0433\u0438\u0438 \u0438\u0433\u0440\u044b \u0410\u0432\u0438\u0430\u0442\u043e\u0440 \u2014 \u041a\u0430\u043a \u0432\u044b\u0438\u0433\u0440\u044b\u0432\u0430\u0442\u044c \u0434\u0435\u043d\u044c\u0433\u0438 \u0432 \u043a\u0440\u0430\u0448-\u0441\u043b\u043e\u0442","og_description":"\u0418\u0437\u0443\u0447\u0438\u0442\u0435 \u0441\u0442\u0440\u0430\u0442\u0435\u0433\u0438\u0438 \u0438 \u0442\u0430\u043a\u0442\u0438\u043a\u0438 \u0438\u0433\u0440\u044b \u0432 \u0441\u043b\u043e\u0442 \u0410\u0432\u0438\u0430\u0442\u043e\u0440. \u0423\u043f\u0440\u0430\u0432\u043b\u044f\u0439\u0442\u0435 \u0431\u0430\u043d\u043a\u0440\u043e\u043b\u043b\u043e\u043c, \u0438\u0441\u043f\u043e\u043b\u044c\u0437\u0443\u0439\u0442\u0435 \u043a\u043e\u044d\u0444\u0444\u0438\u0446\u0438\u0435\u043d\u0442\u044b \u0438 \u0443\u0432\u0435\u043b\u0438\u0447\u0438\u0432\u0430\u0439\u0442\u0435 \u0448\u0430\u043d\u0441\u044b \u043d\u0430 \u0432\u044b\u0438\u0433\u0440\u044b\u0448 \u0432 \u043a\u0440\u0430\u0448-\u0438\u0433\u0440\u0435 \u043d\u0430 \u0434\u0435\u043d\u044c\u0433\u0438.","og_url":"https:\/\/aviator-slotgame.com\/cs\/strategy-and-tactics\/","og_site_name":"Aviator","article_modified_time":"2024-10-03T23:03:12+00:00","twitter_card":"summary_large_image","twitter_misc":{"Odhadovan\u00e1 doba \u010dten\u00ed":"4 minuty"},"schema":{"@context":"https:\/\/schema.org","@graph":[{"@type":"WebPage","@id":"https:\/\/aviator-slotgame.com\/strategy-and-tactics\/","url":"https:\/\/aviator-slotgame.com\/strategy-and-tactics\/","name":"C\u0442\u0440\u0430\u0442\u0435\u0433\u0438\u0438 \u0438\u0433\u0440\u044b \u0410\u0432\u0438\u0430\u0442\u043e\u0440 \u2014 \u041a\u0430\u043a \u0432\u044b\u0438\u0433\u0440\u044b\u0432\u0430\u0442\u044c \u0434\u0435\u043d\u044c\u0433\u0438 \u0432 \u043a\u0440\u0430\u0448-\u0441\u043b\u043e\u0442","isPartOf":{"@id":"https:\/\/aviator-slotgame.com\/#website"},"datePublished":"2024-09-06T08:55:11+00:00","dateModified":"2024-10-03T23:03:12+00:00","description":"\u0418\u0437\u0443\u0447\u0438\u0442\u0435 \u0441\u0442\u0440\u0430\u0442\u0435\u0433\u0438\u0438 \u0438 \u0442\u0430\u043a\u0442\u0438\u043a\u0438 \u0438\u0433\u0440\u044b \u0432 \u0441\u043b\u043e\u0442 \u0410\u0432\u0438\u0430\u0442\u043e\u0440. \u0423\u043f\u0440\u0430\u0432\u043b\u044f\u0439\u0442\u0435 \u0431\u0430\u043d\u043a\u0440\u043e\u043b\u043b\u043e\u043c, \u0438\u0441\u043f\u043e\u043b\u044c\u0437\u0443\u0439\u0442\u0435 \u043a\u043e\u044d\u0444\u0444\u0438\u0446\u0438\u0435\u043d\u0442\u044b \u0438 \u0443\u0432\u0435\u043b\u0438\u0447\u0438\u0432\u0430\u0439\u0442\u0435 \u0448\u0430\u043d\u0441\u044b \u043d\u0430 \u0432\u044b\u0438\u0433\u0440\u044b\u0448 \u0432 \u043a\u0440\u0430\u0448-\u0438\u0433\u0440\u0435 \u043d\u0430 \u0434\u0435\u043d\u044c\u0433\u0438.","breadcrumb":{"@id":"https:\/\/aviator-slotgame.com\/strategy-and-tactics\/#breadcrumb"},"inLanguage":"cs","potentialAction":[{"@type":"ReadAction","target":["https:\/\/aviator-slotgame.com\/strategy-and-tactics\/"]}]},{"@type":"BreadcrumbList","@id":"https:\/\/aviator-slotgame.com\/strategy-and-tactics\/#breadcrumb","itemListElement":[{"@type":"ListItem","position":1,"name":"Home","item":"https:\/\/aviator-slotgame.com\/"},{"@type":"ListItem","position":2,"name":"\u0421\u0442\u0440\u0430\u0442\u0435\u0433\u0438\u0438 \u0438 \u0442\u0430\u043a\u0442\u0438\u043a\u0438 \u0438\u0433\u0440\u044b Aviator"}]},{"@type":"WebSite","@id":"https:\/\/aviator-slotgame.com\/#website","url":"https:\/\/aviator-slotgame.com\/","name":"Aviator","description":"","publisher":{"@id":"https:\/\/aviator-slotgame.com\/#organization"},"potentialAction":[{"@type":"SearchAction","target":{"@type":"EntryPoint","urlTemplate":"https:\/\/aviator-slotgame.com\/?s={search_term_string}"},"query-input":"required name=search_term_string"}],"inLanguage":"cs"},{"@type":"Organization","@id":"https:\/\/aviator-slotgame.com\/#organization","name":"Aviator","url":"https:\/\/aviator-slotgame.com\/","logo":{"@type":"ImageObject","inLanguage":"cs","@id":"https:\/\/aviator-slotgame.com\/#\/schema\/logo\/image\/","url":"https:\/\/aviator-slotgame.com\/wp-content\/uploads\/16f5e8_dade544d4623411c9c4153c639aae85amv2.webp","contentUrl":"https:\/\/aviator-slotgame.com\/wp-content\/uploads\/16f5e8_dade544d4623411c9c4153c639aae85amv2.webp","width":400,"height":300,"caption":"Aviator"},"image":{"@id":"https:\/\/aviator-slotgame.com\/#\/schema\/logo\/image\/"}}]}},"amp_enabled":true,"_links":{"self":[{"href":"https:\/\/aviator-slotgame.com\/cs\/wp-json\/wp\/v2\/pages\/230","targetHints":{"allow":["GET"]}}],"collection":[{"href":"https:\/\/aviator-slotgame.com\/cs\/wp-json\/wp\/v2\/pages"}],"about":[{"href":"https:\/\/aviator-slotgame.com\/cs\/wp-json\/wp\/v2\/types\/page"}],"author":[{"embeddable":true,"href":"https:\/\/aviator-slotgame.com\/cs\/wp-json\/wp\/v2\/users\/1"}],"replies":[{"embeddable":true,"href":"https:\/\/aviator-slotgame.com\/cs\/wp-json\/wp\/v2\/comments?post=230"}],"version-history":[{"count":14,"href":"https:\/\/aviator-slotgame.com\/cs\/wp-json\/wp\/v2\/pages\/230\/revisions"}],"predecessor-version":[{"id":410,"href":"https:\/\/aviator-slotgame.com\/cs\/wp-json\/wp\/v2\/pages\/230\/revisions\/410"}],"wp:attachment":[{"href":"https:\/\/aviator-slotgame.com\/cs\/wp-json\/wp\/v2\/media?parent=230"}],"curies":[{"name":"wp","href":"https:\/\/api.w.org\/{rel}","templated":true}]}}