{"id":26,"date":"2024-01-31T12:57:07","date_gmt":"2024-01-31T12:57:07","guid":{"rendered":"https:\/\/aviator-slotgame.com\/?page_id=26"},"modified":"2024-10-03T23:16:00","modified_gmt":"2024-10-03T23:16:00","slug":"play-for-free","status":"publish","type":"page","link":"https:\/\/aviator-slotgame.com\/cs\/jak-hrat-demo-aviator-zdarma\/","title":{"rendered":"Jak hr\u00e1t demo Aviator zdarma"},"content":{"rendered":"<div class=\"19c7ce0afd79220096c0c2bc0221da09\" data-index=\"1\" style=\"float: none; margin:10px 0 10px 0; text-align:center;\">\n<div class=\"custom-play-button\">\r\n<center><a href=\"https:\/\/aviator-slotgame.com\/cs\/play-game\/\" rel=\"nofollow\" target=\"_blank\">hr\u00e1t hned<\/a><br><\/center>\r\n<\/div>\n<\/div>\n<p>Hra Aviator od spole\u010dnosti Spribe je nov\u00e1 a vzru\u0161uj\u00edc\u00ed kasino hra, kter\u00e1 hr\u00e1\u010d\u016fm umo\u017e\u0148uje za\u017e\u00edt vzru\u0161en\u00ed z v\u00fdher p\u0159i letu do v\u00fd\u0161ky. Demo verze hry nab\u00edz\u00ed hr\u00e1\u010d\u016fm mo\u017enost vyzkou\u0161et si hru zdarma, zat\u00edmco pln\u00e1 verze je k dispozici na mnoha \u0161pi\u010dkov\u00fdch kasinov\u00fdch str\u00e1nk\u00e1ch. Bezplatn\u00e1 demo verze Aviator je skv\u011bl\u00fd zp\u016fsob, jak se nau\u010dit hr\u00e1t hru, ne\u017e utrat\u00edte pen\u00edze za plnou verzi, a je to z\u00e1bavn\u00fd zp\u016fsob, jak tr\u00e1vit \u010das online bez utr\u00e1cen\u00ed pen\u011bz.<\/p>\n<p>Chcete-li to prov\u00e9st, mus\u00edte p\u0159ej\u00edt na ofici\u00e1ln\u00ed web Aviator a vybrat re\u017eim demo hry. V demo verzi m\u016f\u017eete hr\u00e1t, ani\u017e byste museli s\u00e1zet skute\u010dn\u00e9 pen\u00edze a jen si u\u017e\u00edvat hru.<\/p>\n<p><img loading=\"lazy\" decoding=\"async\" title=\"Zahrajte si demo Aviator\" src=\"https:\/\/aviator-slotgame.com\/wp-content\/uploads\/aviator-3.png\" alt=\"Jak hr\u00e1t demo Aviator zdarma\" width=\"800\" height=\"445\" \/><\/p>\n<h2>Kl\u00ed\u010dov\u00e9 vlastnosti<\/h2>\n<p>Demoverze v\u00e1m p\u0159edstav\u00ed n\u011bkolik d\u016fle\u017eit\u00fdch hern\u00edch mechanism\u016f. T\u00edm, \u017ee si nejprve zacvi\u010d\u00edte zdarma, budete l\u00e9pe rozum\u011bt tomu, jak hra funguje, a m\u016f\u017eete maximalizovat sv\u00e9 v\u00fdhry p\u0159i h\u0159e o skute\u010dn\u00e9 pen\u00edze. Demo Aviator je tak\u00e9 skv\u011bl\u00fd zp\u016fsob, jak se trochu pobavit, ani\u017e byste museli utr\u00e1cet hotovost nebo kredity.<\/p><div class=\"19c7ce0afd79220096c0c2bc0221da09\" data-index=\"1\" style=\"float: none; margin:10px 0 10px 0; text-align:center;\">\n<div class=\"custom-play-button\">\r\n<center><a href=\"https:\/\/aviator-slotgame.com\/cs\/play-game\/\" rel=\"nofollow\" target=\"_blank\">hr\u00e1t hned<\/a><br><\/center>\r\n<\/div>\n<\/div>\n\n<h3>Dvojit\u00e1 tla\u010d\u00edtka dol\u016f<\/h3>\n<p>Tato tla\u010d\u00edtka v\u00e1m d\u00e1vaj\u00ed p\u0159\u00edle\u017eitost zdvojn\u00e1sobit svou s\u00e1zku, kdy\u017e jsou kurzy slo\u017eeny ve v\u00e1\u0161 prosp\u011bch. To m\u016f\u017ee zv\u00fd\u0161it va\u0161e v\u00fdhry, ale tak\u00e9 zvy\u0161uje rizikov\u00fd faktor.<\/p>\n<p>Doporu\u010dujeme si nacvi\u010dit pou\u017e\u00edv\u00e1n\u00ed obou tla\u010d\u00edtek v demo verzi, ne\u017e budete riskovat skute\u010dn\u00e9 kredity za str\u00e1nky. Letadlo Aviator m\u016f\u017ee odlet\u011bt za \u010das, kter\u00fd v\u00e1m zabere stisknut\u00ed 2. tla\u010d\u00edtka. Nejlep\u0161\u00ed hr\u00e1\u010di Aviator jsou schopni vyplatit ob\u011b sv\u00e9 s\u00e1zky b\u011bhem vte\u0159iny.<\/p>\n<h3>\u017deb\u0159\u00ed\u010dek<\/h3>\n<p>Tato funkce v\u00e1m d\u00e1v\u00e1 p\u0159edstavu o tom, jak dob\u0159e jsou va\u0161e s\u00e1zky v porovn\u00e1n\u00ed s ostatn\u00edmi hr\u00e1\u010di v re\u00e1ln\u00e9m \u010dase! Je to skv\u011bl\u00fd zp\u016fsob, jak z\u016fstat motivovan\u00fd, kdy\u017e se dostanete do skute\u010dn\u00e9 hry. V uk\u00e1zce jsou tito hr\u00e1\u010di simulov\u00e1ni, ale m\u016f\u017eete si ud\u011blat p\u0159edstavu, na co si d\u00e1t pozor.<\/p>\n<h3>Limity s\u00e1zek a v\u00fdher<\/h3>\n<p>Demo Aviator je dobr\u00fdm m\u00edstem, kde m\u016f\u017eete zjistit, jak\u00e9 maxim\u00e1ln\u00ed a minim\u00e1ln\u00ed s\u00e1zky m\u016f\u017eete uzav\u0159\u00edt a kolik pen\u011bz v\u00e1m \u0161t\u011bst\u00ed p\u0159inese. Tato informace je nesm\u00edrn\u011b d\u016fle\u017eit\u00e1 ze dvou d\u016fvod\u016f. Za prv\u00e9, budete schopni poznat limity sv\u00e9 hry a nep\u0159ekra\u010dovat je p\u0159i hran\u00ed pln\u00e9 verze. Za druh\u00e9, m\u016f\u017eete v\u011bd\u011bt, co m\u016f\u017eete o\u010dek\u00e1vat, kdy\u017e se multiplik\u00e1tor za\u010dne zvy\u0161ovat.<\/p>\n<table>\n<tbody>\n<tr>\n<td><strong>LIMITY HRY<\/strong><\/td>\n<\/tr>\n<tr>\n<td><strong>Minim\u00e1ln\u00ed nab\u00eddka<\/strong><\/td>\n<td>0.10<\/td>\n<\/tr>\n<tr>\n<td><strong>Maxim\u00e1ln\u00ed s\u00e1zka<\/strong><\/td>\n<td>100<\/td>\n<\/tr>\n<tr>\n<td><strong>Maxim\u00e1ln\u00ed v\u00fdhra<\/strong><\/td>\n<td>10,000<\/td>\n<\/tr>\n<\/tbody>\n<\/table>\n<p><img loading=\"lazy\" decoding=\"async\" src=\"https:\/\/aviator-slotgame.com\/wp-content\/uploads\/Aviator-12-800-x-600-\u043f\u0438\u043a\u0441.jpg\" alt=\"S\u00e1zky a v\u00fdhry\" width=\"800\" height=\"600\" \/><\/p>\n<h3>Automatick\u00e9 p\u0159ehr\u00e1v\u00e1n\u00ed<\/h3>\n<p>Autoplay automaticky uzav\u00edr\u00e1 s\u00e1zky a vypl\u00e1c\u00ed pen\u00edze va\u0161\u00edm jm\u00e9nem podle v\u00e1mi zadan\u00fdch nastaven\u00ed. To v\u00e1m umo\u017en\u00ed sed\u011bt a relaxovat, zat\u00edmco hra Aviator d\u011bl\u00e1 pr\u00e1ci za v\u00e1s. Pro z\u00e1bavu a procvi\u010den\u00ed hra umo\u017en\u00ed hr\u00e1\u010d\u016fm vyzkou\u0161et r\u016fzn\u00e9 kombinace nastaven\u00ed.<\/p>\n<p>V demo verzi Aviator jsou k dispozici n\u00e1sleduj\u00edc\u00ed mo\u017enosti automatick\u00e9ho p\u0159ehr\u00e1v\u00e1n\u00ed:<\/p>\n<ul>\n<li>Limit sn\u00ed\u017een\u00ed hotovosti<\/li>\n<li>V\u00fdhern\u00ed limit<\/li>\n<li>Limit na v\u00fdhru<\/li>\n<li>Hotovostn\u00ed v\u00fdplatn\u00ed multiplik\u00e1tor<\/li>\n<\/ul>\n<p><img loading=\"lazy\" decoding=\"async\" src=\"https:\/\/aviator-slotgame.com\/wp-content\/uploads\/Aviator-15-800-x-600-\u043f\u0438\u043a\u0441.jpg\" alt=\"Automatick\u00e9 p\u0159ehr\u00e1v\u00e1n\u00ed v Aviatoru\" width=\"800\" height=\"600\" \/><\/p>\n<h2>Funkce, kter\u00e9 nejsou sou\u010d\u00e1st\u00ed demo verze<\/h2>\n<p>Demo Aviator postr\u00e1d\u00e1 jednu z\u00e1sadn\u00ed funkci. Modelovat se to prost\u011b ned\u00e1.<\/p>\n<h3>Hr\u00e1\u010di chatuj\u00ed<\/h3>\n<p>V pln\u00e9 verzi Aviatoru maj\u00ed hr\u00e1\u010di p\u0159\u00edstup k hern\u00edmu chatovac\u00edmu syst\u00e9mu, kde mohou diskutovat o strategii, zneu\u017e\u00edv\u00e1n\u00ed multiplik\u00e1tor\u016f, sd\u00edlet tipy a triky, chlubit se ned\u00e1vn\u00fdmi velk\u00fdmi v\u00fdhrami a chatovat spolu. Tato funkce nen\u00ed dostupn\u00e1 v demo verzi.<\/p>\n<p>Mo\u017en\u00e1 nebudete schopni tr\u00e9novat komunikaci s ostatn\u00edmi hr\u00e1\u010di, ale je to jeden z nejd\u016fle\u017eit\u011bj\u0161\u00edch aspekt\u016f \u017eiv\u00e9 hry. Je to skv\u011bl\u00fd zp\u016fsob, jak budovat vztahy s ostatn\u00edmi hr\u00e1\u010di a dozv\u011bd\u011bt se v\u00edce o h\u0159e.<\/p>\n<h2>Zdarma demo Aviator ve srovn\u00e1n\u00ed se skute\u010dnou hrou<\/h2>\n<p>Aviator demo je bezplatn\u00e1 verze hry, kter\u00e1 v\u00e1m umo\u017en\u00ed procvi\u010dit a vyzkou\u0161et r\u016fzn\u00e9 strategie. Demoverze obsahuje v\u0161echny funkce dostupn\u00e9 v pln\u00e9 verzi, ale s ur\u010dit\u00fdmi omezen\u00edmi. Nap\u0159\u00edklad v demo verzi Aviator nem\u016f\u017eete vyd\u011bl\u00e1vat skute\u010dn\u00e9 pen\u00edze ani vyhr\u00e1vat ceny. Pokud v\u0161ak r\u00e1di hrajete demo verzi a chcete za\u017e\u00edt v\u00edce funkc\u00ed t\u00e9to vzru\u0161uj\u00edc\u00ed hry, m\u016f\u017eete kdykoli pokra\u010dovat v hran\u00ed skute\u010dn\u00e9 hry.<\/p>\n<p>Demo verze hry Aviator p\u0159ich\u00e1z\u00ed s n\u011bkolika n\u00e1vody a tipy, kter\u00e9 v\u00e1m pomohou pochopit, jak hr\u00e1t efektivn\u011bji. Pomohou v\u00e1m zlep\u0161it v\u00e1\u0161 celkov\u00fd hern\u00ed z\u00e1\u017eitek t\u00edm, \u017ee poskytnou snadno srozumiteln\u00e9 pokyny pro nov\u00e9 hr\u00e1\u010de a nau\u010d\u00ed nov\u00e9 techniky. M\u016f\u017eete si tak\u00e9 prohl\u00e9dnout data RNG (gener\u00e1tor n\u00e1hodn\u00fdch \u010d\u00edsel) vygenerovan\u00e1 z t\u011bchto kol, co\u017e v\u00e1m umo\u017en\u00ed l\u00e9pe se sezn\u00e1mit s krypto technologi\u00ed Spribe.<\/p>\n<table>\n<tbody>\n<tr>\n<td><strong>DEMO LETECTVA<\/strong><\/td>\n<td><strong>\u017dIV\u00c1 HRA \u201eLETEC\u201c<\/strong><\/td>\n<\/tr>\n<tr>\n<td>Hraj zdarma<\/td>\n<td>Je vy\u017eadov\u00e1n kredit webu<\/td>\n<\/tr>\n<tr>\n<td>\u017d\u00e1dn\u00fd \u017eiv\u00fd chat<\/td>\n<td>Chat pro v\u0161echny hr\u00e1\u010de<\/td>\n<\/tr>\n<tr>\n<td>\u017d\u00e1dn\u00e9 v\u00fdhry<\/td>\n<td>V\u00fdhra z\u00e1vis\u00ed na multiplik\u00e1toru<\/td>\n<\/tr>\n<tr>\n<td>Hr\u00e1t m\u016f\u017eete na ofici\u00e1ln\u00edch str\u00e1nk\u00e1ch Spribe<\/td>\n<td>K dispozici pouze v licencovan\u00fdch online kasinech<\/td>\n<\/tr>\n<tr>\n<td>Simulovan\u00ed hr\u00e1\u010di na \u017eeb\u0159\u00ed\u010dku<\/td>\n<td>Skute\u010dn\u00ed hr\u00e1\u010di uzav\u00edraj\u00ed s\u00e1zky<\/td>\n<\/tr>\n<\/tbody>\n<\/table>\n<p>T\u00edm, \u017ee si nejprve zahrajete demo Aviator, m\u016f\u017eete zdokonalit sv\u00e9 dovednosti, ne\u017e se utk\u00e1te s ostatn\u00edmi hr\u00e1\u010di a mo\u017en\u00e1 i doopravdy vyhrajete!<\/p>\n<p><img loading=\"lazy\" decoding=\"async\" src=\"https:\/\/aviator-slotgame.com\/wp-content\/uploads\/Aviator-11-800-x-600-\u043f\u0438\u043a\u0441.jpg\" alt=\"Demo verze v Aviator\" width=\"800\" height=\"600\" \/><\/p>\n<h2>Demo verze hry Aviator<\/h2>\n<p>Pro\u010d v\u0161ichni doporu\u010duj\u00ed, abyste se nejprve sezn\u00e1mili s demoverz\u00ed hry Aviator?<\/p>\n<ol>\n<li><strong>\u00davod do hry:<\/strong> Bezplatn\u00e1 verze hry Aviator pom\u00e1h\u00e1 hr\u00e1\u010d\u016fm sezn\u00e1mit se s hratelnost\u00ed, pravidly hry a funkcemi automat\u016f, ani\u017e by riskovali sv\u00e9 pen\u00edze.<\/li>\n<li><strong>Praxe:<\/strong> Hran\u00ed bezplatn\u00e9 verze umo\u017e\u0148uje hr\u00e1\u010d\u016fm tr\u00e9novat a zdokonalovat sv\u00e9 dovednosti p\u0159ed hran\u00edm o skute\u010dn\u00e9 pen\u00edze.<\/li>\n<li><strong>Sk\u00f3re z\u00e1jmu:<\/strong> Hran\u00edm bezplatn\u00e9 verze m\u016f\u017eete vyhodnotit, jak zaj\u00edmav\u00e1 a vzru\u0161uj\u00edc\u00ed hra je, co\u017e v\u00e1m pom\u016f\u017ee rozhodnout se, zda pokra\u010dovat ve h\u0159e o skute\u010dn\u00e9 pen\u00edze.<\/li>\n<li><strong>Nefinan\u010dn\u00ed rizika:<\/strong> Bezplatn\u00e1 verze eliminuje finan\u010dn\u00ed rizika pro hr\u00e1\u010de, proto\u017ee se s\u00e1z\u00ed na virtu\u00e1ln\u00ed pen\u00edze, co\u017e v\u00e1m umo\u017e\u0148uje u\u017e\u00edt si hru bez stresu.<\/li>\n<li><strong>Z\u00e1bava:<\/strong> Hran\u00ed bezplatn\u00e9 verze Aviator m\u016f\u017ee b\u00fdt skv\u011bl\u00fd zp\u016fsob, jak se pobavit a tr\u00e1vit \u010das, ani\u017e byste museli investovat jak\u00e9koli pen\u00edze.<\/li>\n<\/ol>\n<p><img loading=\"lazy\" decoding=\"async\" src=\"https:\/\/aviator-slotgame.com\/wp-content\/uploads\/Aviator-30-800-x-600-\u043f\u0438\u043a\u0441.jpg\" alt=\"Demo hra Aviator\" width=\"800\" height=\"600\" \/><\/p>\n<h2>Kde najdu demoverzi hry Aviator?<\/h2>\n<p>Zde je podrobn\u00fd n\u00e1vod, jak naj\u00edt demo verzi online hry Aviator:<\/p>\n<ol>\n<li>Otev\u0159ete na sv\u00e9m za\u0159\u00edzen\u00ed internetov\u00fd prohl\u00ed\u017ee\u010d a p\u0159ejd\u011bte na ofici\u00e1ln\u00ed str\u00e1nky kasina, ve kter\u00e9m chcete hr\u00e1t.<\/li>\n<li>Pokud ji\u017e na webu m\u00e1te \u00fa\u010det, p\u0159ihlaste se pomoc\u00ed sv\u00fdch p\u0159ihla\u0161ovac\u00edch \u00fadaj\u016f. Pokud je\u0161t\u011b nem\u00e1te \u00fa\u010det, zaregistrujte se na webu kasina.<\/li>\n<li>Po vstupu na str\u00e1nky najd\u011bte sekci s crash hrami nebo pou\u017eijte vyhled\u00e1vac\u00ed li\u0161tu. Demoverze her jsou obvykle poskytov\u00e1ny v sekci Hry.<\/li>\n<li>Najd\u011bte hru Aviator mezi nab\u00edzen\u00fdmi mo\u017enostmi a klikn\u011bte na ni.<\/li>\n<li>V informac\u00edch o h\u0159e obvykle najdete tla\u010d\u00edtko Play nebo Demo. Kliknut\u00edm na toto tla\u010d\u00edtko spust\u00edte demo re\u017eim hry Aviator.<\/li>\n<li>Demo verze hry se st\u00e1hne a vy m\u016f\u017eete za\u010d\u00edt hr\u00e1t, ani\u017e byste museli s\u00e1zet skute\u010dn\u00e9 pen\u00edze. V demo re\u017eimu pou\u017eijete virtu\u00e1ln\u00ed pen\u00edze poskytnut\u00e9 kasinem ke h\u0159e Aviator crash game.<\/li>\n<\/ol>\n<p>Podle t\u011bchto krok\u016f tedy m\u016f\u017eete snadno naj\u00edt a hr\u00e1t demo verzi hry Aviator na ofici\u00e1ln\u00edch str\u00e1nk\u00e1ch kasina<\/p>\n<p><img loading=\"lazy\" decoding=\"async\" src=\"https:\/\/aviator-slotgame.com\/wp-content\/uploads\/Aviator-31-800-x-600-\u043f\u0438\u043a\u0441.jpg\" alt=\"Najd\u011bte demo hru Aviator\" width=\"800\" height=\"600\" \/><\/p>\n\n<div style=\"font-size: 0px; height: 0px; line-height: 0px; margin: 0; padding: 0; clear: both;\"><\/div>","protected":false},"excerpt":{"rendered":"<p>Spribe&#039;s Aviator je nov\u00e1 a vzru\u0161uj\u00edc\u00ed kasino hra, kter\u00e1 hr\u00e1\u010d\u016fm umo\u017e\u0148uje za\u017e\u00edt vzru\u0161en\u00ed z v\u00fdhry<\/p>","protected":false},"author":1,"featured_media":0,"parent":0,"menu_order":0,"comment_status":"closed","ping_status":"closed","template":"","meta":{"footnotes":""},"class_list":["post-26","page","type-page","status-publish","hentry"],"yoast_head":"<!-- This site is optimized with the Yoast SEO plugin v22.0 - https:\/\/yoast.com\/wordpress\/plugins\/seo\/ -->\n<title>\u0414\u0435\u043c\u043e-\u0432\u0435\u0440\u0441\u0438\u044f \u0438\u0433\u0440\u044b \u0410\u0432\u0438\u0430\u0442\u043e\u0440 \u2014 \u0418\u0433\u0440\u0430\u0439\u0442\u0435 \u0432 \u043a\u0440\u0430\u0448-\u0441\u043b\u043e\u0442 \u0431\u0435\u0441\u043f\u043b\u0430\u0442\u043d\u043e<\/title>\n<meta name=\"description\" content=\"\u0418\u0433\u0440\u0430\u0439 \u0432 \u0434\u0435\u043c\u043e-\u0432\u0435\u0440\u0441\u0438\u044e \u0410\u0432\u0438\u0430\u0442\u043e\u0440 \u0431\u0435\u0441\u043f\u043b\u0430\u0442\u043d\u043e. \u0422\u0440\u0435\u043d\u0438\u0440\u0443\u0439\u0441\u044f \u0431\u0435\u0437 \u0434\u0435\u043d\u0435\u0433 \u0432 \u043a\u0440\u0430\u0448-\u0441\u043b\u043e\u0442\u0435 \u043e\u0442 Spribe \u043f\u0435\u0440\u0435\u0434 \u0438\u0433\u0440\u043e\u0439 \u043d\u0430 \u0440\u0435\u0430\u043b\u044c\u043d\u044b\u0435 \u0434\u0435\u043d\u044c\u0433\u0438 \u0432 \u043e\u043d\u043b\u0430\u0439\u043d \u043a\u0430\u0437\u0438\u043d\u043e.\" \/>\n<meta name=\"robots\" content=\"index, follow, max-snippet:-1, max-image-preview:large, max-video-preview:-1\" \/>\n<link rel=\"canonical\" href=\"https:\/\/aviator-slotgame.com\/cs\/jak-hrat-demo-aviator-zdarma\/\" \/>\n<meta property=\"og:locale\" content=\"cs_CZ\" \/>\n<meta property=\"og:type\" content=\"article\" \/>\n<meta property=\"og:title\" content=\"\u0414\u0435\u043c\u043e-\u0432\u0435\u0440\u0441\u0438\u044f \u0438\u0433\u0440\u044b \u0410\u0432\u0438\u0430\u0442\u043e\u0440 \u2014 \u0418\u0433\u0440\u0430\u0439\u0442\u0435 \u0432 \u043a\u0440\u0430\u0448-\u0441\u043b\u043e\u0442 \u0431\u0435\u0441\u043f\u043b\u0430\u0442\u043d\u043e\" \/>\n<meta property=\"og:description\" content=\"\u0418\u0433\u0440\u0430\u0439 \u0432 \u0434\u0435\u043c\u043e-\u0432\u0435\u0440\u0441\u0438\u044e \u0410\u0432\u0438\u0430\u0442\u043e\u0440 \u0431\u0435\u0441\u043f\u043b\u0430\u0442\u043d\u043e. \u0422\u0440\u0435\u043d\u0438\u0440\u0443\u0439\u0441\u044f \u0431\u0435\u0437 \u0434\u0435\u043d\u0435\u0433 \u0432 \u043a\u0440\u0430\u0448-\u0441\u043b\u043e\u0442\u0435 \u043e\u0442 Spribe \u043f\u0435\u0440\u0435\u0434 \u0438\u0433\u0440\u043e\u0439 \u043d\u0430 \u0440\u0435\u0430\u043b\u044c\u043d\u044b\u0435 \u0434\u0435\u043d\u044c\u0433\u0438 \u0432 \u043e\u043d\u043b\u0430\u0439\u043d \u043a\u0430\u0437\u0438\u043d\u043e.\" \/>\n<meta property=\"og:url\" content=\"https:\/\/aviator-slotgame.com\/cs\/jak-hrat-demo-aviator-zdarma\/\" \/>\n<meta property=\"og:site_name\" content=\"Aviator\" \/>\n<meta property=\"article:modified_time\" content=\"2024-10-03T23:16:00+00:00\" \/>\n<meta property=\"og:image\" content=\"https:\/\/aviator-slotgame.com\/wp-content\/uploads\/aviator-3.png\" \/>\n<meta name=\"twitter:card\" content=\"summary_large_image\" \/>\n<meta name=\"twitter:label1\" content=\"Odhadovan\u00e1 doba \u010dten\u00ed\" \/>\n\t<meta name=\"twitter:data1\" content=\"6 minut\" \/>\n<script type=\"application\/ld+json\" class=\"yoast-schema-graph\">{\"@context\":\"https:\/\/schema.org\",\"@graph\":[{\"@type\":\"WebPage\",\"@id\":\"https:\/\/aviator-slotgame.com\/play-for-free\/\",\"url\":\"https:\/\/aviator-slotgame.com\/play-for-free\/\",\"name\":\"\u0414\u0435\u043c\u043e-\u0432\u0435\u0440\u0441\u0438\u044f \u0438\u0433\u0440\u044b \u0410\u0432\u0438\u0430\u0442\u043e\u0440 \u2014 \u0418\u0433\u0440\u0430\u0439\u0442\u0435 \u0432 \u043a\u0440\u0430\u0448-\u0441\u043b\u043e\u0442 \u0431\u0435\u0441\u043f\u043b\u0430\u0442\u043d\u043e\",\"isPartOf\":{\"@id\":\"https:\/\/aviator-slotgame.com\/#website\"},\"datePublished\":\"2024-01-31T12:57:07+00:00\",\"dateModified\":\"2024-10-03T23:16:00+00:00\",\"description\":\"\u0418\u0433\u0440\u0430\u0439 \u0432 \u0434\u0435\u043c\u043e-\u0432\u0435\u0440\u0441\u0438\u044e \u0410\u0432\u0438\u0430\u0442\u043e\u0440 \u0431\u0435\u0441\u043f\u043b\u0430\u0442\u043d\u043e. \u0422\u0440\u0435\u043d\u0438\u0440\u0443\u0439\u0441\u044f \u0431\u0435\u0437 \u0434\u0435\u043d\u0435\u0433 \u0432 \u043a\u0440\u0430\u0448-\u0441\u043b\u043e\u0442\u0435 \u043e\u0442 Spribe \u043f\u0435\u0440\u0435\u0434 \u0438\u0433\u0440\u043e\u0439 \u043d\u0430 \u0440\u0435\u0430\u043b\u044c\u043d\u044b\u0435 \u0434\u0435\u043d\u044c\u0433\u0438 \u0432 \u043e\u043d\u043b\u0430\u0439\u043d \u043a\u0430\u0437\u0438\u043d\u043e.\",\"breadcrumb\":{\"@id\":\"https:\/\/aviator-slotgame.com\/play-for-free\/#breadcrumb\"},\"inLanguage\":\"cs\",\"potentialAction\":[{\"@type\":\"ReadAction\",\"target\":[\"https:\/\/aviator-slotgame.com\/play-for-free\/\"]}]},{\"@type\":\"BreadcrumbList\",\"@id\":\"https:\/\/aviator-slotgame.com\/play-for-free\/#breadcrumb\",\"itemListElement\":[{\"@type\":\"ListItem\",\"position\":1,\"name\":\"Home\",\"item\":\"https:\/\/aviator-slotgame.com\/\"},{\"@type\":\"ListItem\",\"position\":2,\"name\":\"\u041a\u0430\u043a \u0438\u0433\u0440\u0430\u0442\u044c \u0432 \u0434\u0435\u043c\u043e-\u0432\u0435\u0440\u0441\u0438\u044e \u0410\u0432\u0438\u0430\u0442\u043e\u0440\u0430 \u0431\u0435\u0441\u043f\u043b\u0430\u0442\u043d\u043e\"}]},{\"@type\":\"WebSite\",\"@id\":\"https:\/\/aviator-slotgame.com\/#website\",\"url\":\"https:\/\/aviator-slotgame.com\/\",\"name\":\"Aviator\",\"description\":\"\",\"publisher\":{\"@id\":\"https:\/\/aviator-slotgame.com\/#organization\"},\"potentialAction\":[{\"@type\":\"SearchAction\",\"target\":{\"@type\":\"EntryPoint\",\"urlTemplate\":\"https:\/\/aviator-slotgame.com\/?s={search_term_string}\"},\"query-input\":\"required name=search_term_string\"}],\"inLanguage\":\"cs\"},{\"@type\":\"Organization\",\"@id\":\"https:\/\/aviator-slotgame.com\/#organization\",\"name\":\"Aviator\",\"url\":\"https:\/\/aviator-slotgame.com\/\",\"logo\":{\"@type\":\"ImageObject\",\"inLanguage\":\"cs\",\"@id\":\"https:\/\/aviator-slotgame.com\/#\/schema\/logo\/image\/\",\"url\":\"https:\/\/aviator-slotgame.com\/wp-content\/uploads\/16f5e8_dade544d4623411c9c4153c639aae85amv2.webp\",\"contentUrl\":\"https:\/\/aviator-slotgame.com\/wp-content\/uploads\/16f5e8_dade544d4623411c9c4153c639aae85amv2.webp\",\"width\":400,\"height\":300,\"caption\":\"Aviator\"},\"image\":{\"@id\":\"https:\/\/aviator-slotgame.com\/#\/schema\/logo\/image\/\"}}]}<\/script>\n<!-- \/ Yoast SEO plugin. -->","yoast_head_json":{"title":"\u0414\u0435\u043c\u043e-\u0432\u0435\u0440\u0441\u0438\u044f \u0438\u0433\u0440\u044b \u0410\u0432\u0438\u0430\u0442\u043e\u0440 \u2014 \u0418\u0433\u0440\u0430\u0439\u0442\u0435 \u0432 \u043a\u0440\u0430\u0448-\u0441\u043b\u043e\u0442 \u0431\u0435\u0441\u043f\u043b\u0430\u0442\u043d\u043e","description":"\u0418\u0433\u0440\u0430\u0439 \u0432 \u0434\u0435\u043c\u043e-\u0432\u0435\u0440\u0441\u0438\u044e \u0410\u0432\u0438\u0430\u0442\u043e\u0440 \u0431\u0435\u0441\u043f\u043b\u0430\u0442\u043d\u043e. \u0422\u0440\u0435\u043d\u0438\u0440\u0443\u0439\u0441\u044f \u0431\u0435\u0437 \u0434\u0435\u043d\u0435\u0433 \u0432 \u043a\u0440\u0430\u0448-\u0441\u043b\u043e\u0442\u0435 \u043e\u0442 Spribe \u043f\u0435\u0440\u0435\u0434 \u0438\u0433\u0440\u043e\u0439 \u043d\u0430 \u0440\u0435\u0430\u043b\u044c\u043d\u044b\u0435 \u0434\u0435\u043d\u044c\u0433\u0438 \u0432 \u043e\u043d\u043b\u0430\u0439\u043d \u043a\u0430\u0437\u0438\u043d\u043e.","robots":{"index":"index","follow":"follow","max-snippet":"max-snippet:-1","max-image-preview":"max-image-preview:large","max-video-preview":"max-video-preview:-1"},"canonical":"https:\/\/aviator-slotgame.com\/cs\/jak-hrat-demo-aviator-zdarma\/","og_locale":"cs_CZ","og_type":"article","og_title":"\u0414\u0435\u043c\u043e-\u0432\u0435\u0440\u0441\u0438\u044f \u0438\u0433\u0440\u044b \u0410\u0432\u0438\u0430\u0442\u043e\u0440 \u2014 \u0418\u0433\u0440\u0430\u0439\u0442\u0435 \u0432 \u043a\u0440\u0430\u0448-\u0441\u043b\u043e\u0442 \u0431\u0435\u0441\u043f\u043b\u0430\u0442\u043d\u043e","og_description":"\u0418\u0433\u0440\u0430\u0439 \u0432 \u0434\u0435\u043c\u043e-\u0432\u0435\u0440\u0441\u0438\u044e \u0410\u0432\u0438\u0430\u0442\u043e\u0440 \u0431\u0435\u0441\u043f\u043b\u0430\u0442\u043d\u043e. \u0422\u0440\u0435\u043d\u0438\u0440\u0443\u0439\u0441\u044f \u0431\u0435\u0437 \u0434\u0435\u043d\u0435\u0433 \u0432 \u043a\u0440\u0430\u0448-\u0441\u043b\u043e\u0442\u0435 \u043e\u0442 Spribe \u043f\u0435\u0440\u0435\u0434 \u0438\u0433\u0440\u043e\u0439 \u043d\u0430 \u0440\u0435\u0430\u043b\u044c\u043d\u044b\u0435 \u0434\u0435\u043d\u044c\u0433\u0438 \u0432 \u043e\u043d\u043b\u0430\u0439\u043d \u043a\u0430\u0437\u0438\u043d\u043e.","og_url":"https:\/\/aviator-slotgame.com\/cs\/jak-hrat-demo-aviator-zdarma\/","og_site_name":"Aviator","article_modified_time":"2024-10-03T23:16:00+00:00","og_image":[{"url":"https:\/\/aviator-slotgame.com\/wp-content\/uploads\/aviator-3.png"}],"twitter_card":"summary_large_image","twitter_misc":{"Odhadovan\u00e1 doba \u010dten\u00ed":"6 minut"},"schema":{"@context":"https:\/\/schema.org","@graph":[{"@type":"WebPage","@id":"https:\/\/aviator-slotgame.com\/play-for-free\/","url":"https:\/\/aviator-slotgame.com\/play-for-free\/","name":"\u0414\u0435\u043c\u043e-\u0432\u0435\u0440\u0441\u0438\u044f \u0438\u0433\u0440\u044b \u0410\u0432\u0438\u0430\u0442\u043e\u0440 \u2014 \u0418\u0433\u0440\u0430\u0439\u0442\u0435 \u0432 \u043a\u0440\u0430\u0448-\u0441\u043b\u043e\u0442 \u0431\u0435\u0441\u043f\u043b\u0430\u0442\u043d\u043e","isPartOf":{"@id":"https:\/\/aviator-slotgame.com\/#website"},"datePublished":"2024-01-31T12:57:07+00:00","dateModified":"2024-10-03T23:16:00+00:00","description":"\u0418\u0433\u0440\u0430\u0439 \u0432 \u0434\u0435\u043c\u043e-\u0432\u0435\u0440\u0441\u0438\u044e \u0410\u0432\u0438\u0430\u0442\u043e\u0440 \u0431\u0435\u0441\u043f\u043b\u0430\u0442\u043d\u043e. \u0422\u0440\u0435\u043d\u0438\u0440\u0443\u0439\u0441\u044f \u0431\u0435\u0437 \u0434\u0435\u043d\u0435\u0433 \u0432 \u043a\u0440\u0430\u0448-\u0441\u043b\u043e\u0442\u0435 \u043e\u0442 Spribe \u043f\u0435\u0440\u0435\u0434 \u0438\u0433\u0440\u043e\u0439 \u043d\u0430 \u0440\u0435\u0430\u043b\u044c\u043d\u044b\u0435 \u0434\u0435\u043d\u044c\u0433\u0438 \u0432 \u043e\u043d\u043b\u0430\u0439\u043d \u043a\u0430\u0437\u0438\u043d\u043e.","breadcrumb":{"@id":"https:\/\/aviator-slotgame.com\/play-for-free\/#breadcrumb"},"inLanguage":"cs","potentialAction":[{"@type":"ReadAction","target":["https:\/\/aviator-slotgame.com\/play-for-free\/"]}]},{"@type":"BreadcrumbList","@id":"https:\/\/aviator-slotgame.com\/play-for-free\/#breadcrumb","itemListElement":[{"@type":"ListItem","position":1,"name":"Home","item":"https:\/\/aviator-slotgame.com\/"},{"@type":"ListItem","position":2,"name":"\u041a\u0430\u043a \u0438\u0433\u0440\u0430\u0442\u044c \u0432 \u0434\u0435\u043c\u043e-\u0432\u0435\u0440\u0441\u0438\u044e \u0410\u0432\u0438\u0430\u0442\u043e\u0440\u0430 \u0431\u0435\u0441\u043f\u043b\u0430\u0442\u043d\u043e"}]},{"@type":"WebSite","@id":"https:\/\/aviator-slotgame.com\/#website","url":"https:\/\/aviator-slotgame.com\/","name":"Aviator","description":"","publisher":{"@id":"https:\/\/aviator-slotgame.com\/#organization"},"potentialAction":[{"@type":"SearchAction","target":{"@type":"EntryPoint","urlTemplate":"https:\/\/aviator-slotgame.com\/?s={search_term_string}"},"query-input":"required name=search_term_string"}],"inLanguage":"cs"},{"@type":"Organization","@id":"https:\/\/aviator-slotgame.com\/#organization","name":"Aviator","url":"https:\/\/aviator-slotgame.com\/","logo":{"@type":"ImageObject","inLanguage":"cs","@id":"https:\/\/aviator-slotgame.com\/#\/schema\/logo\/image\/","url":"https:\/\/aviator-slotgame.com\/wp-content\/uploads\/16f5e8_dade544d4623411c9c4153c639aae85amv2.webp","contentUrl":"https:\/\/aviator-slotgame.com\/wp-content\/uploads\/16f5e8_dade544d4623411c9c4153c639aae85amv2.webp","width":400,"height":300,"caption":"Aviator"},"image":{"@id":"https:\/\/aviator-slotgame.com\/#\/schema\/logo\/image\/"}}]}},"amp_enabled":true,"_links":{"self":[{"href":"https:\/\/aviator-slotgame.com\/cs\/wp-json\/wp\/v2\/pages\/26","targetHints":{"allow":["GET"]}}],"collection":[{"href":"https:\/\/aviator-slotgame.com\/cs\/wp-json\/wp\/v2\/pages"}],"about":[{"href":"https:\/\/aviator-slotgame.com\/cs\/wp-json\/wp\/v2\/types\/page"}],"author":[{"embeddable":true,"href":"https:\/\/aviator-slotgame.com\/cs\/wp-json\/wp\/v2\/users\/1"}],"replies":[{"embeddable":true,"href":"https:\/\/aviator-slotgame.com\/cs\/wp-json\/wp\/v2\/comments?post=26"}],"version-history":[{"count":19,"href":"https:\/\/aviator-slotgame.com\/cs\/wp-json\/wp\/v2\/pages\/26\/revisions"}],"predecessor-version":[{"id":412,"href":"https:\/\/aviator-slotgame.com\/cs\/wp-json\/wp\/v2\/pages\/26\/revisions\/412"}],"wp:attachment":[{"href":"https:\/\/aviator-slotgame.com\/cs\/wp-json\/wp\/v2\/media?parent=26"}],"curies":[{"name":"wp","href":"https:\/\/api.w.org\/{rel}","templated":true}]}}