{"id":263,"date":"2024-09-06T14:43:40","date_gmt":"2024-09-06T14:43:40","guid":{"rendered":"https:\/\/aviator-slotgame.com\/?page_id=263"},"modified":"2024-09-08T10:40:25","modified_gmt":"2024-09-08T10:40:25","slug":"aviator","status":"publish","type":"page","link":"https:\/\/aviator-slotgame.com\/cs\/aviator\/","title":{"rendered":"Pravidla, funkce a v\u00fdhry v crash automatu za pen\u00edze"},"content":{"rendered":"<div class=\"19c7ce0afd79220096c0c2bc0221da09\" data-index=\"1\" style=\"float: none; margin:10px 0 10px 0; text-align:center;\">\n<div class=\"custom-play-button\">\r\n<center><a href=\"https:\/\/aviator-slotgame.com\/cs\/play-game\/\" rel=\"nofollow\" target=\"_blank\">hr\u00e1t hned<\/a><br><\/center>\r\n<\/div>\n<\/div>\n<h1><\/h1>\n<p><img loading=\"lazy\" decoding=\"async\" class=\"alignnone size-full wp-image-264\" src=\"https:\/\/aviator-slotgame.com\/wp-content\/uploads\/Aviator-7-800-x-600-\u043f\u0438\u043a\u0441.jpg\" alt=\"Online automat Aviator - Hrajte o skute\u010dn\u00e9 pen\u00edze v kasinu \" width=\"800\" height=\"600\" srcset=\"https:\/\/aviator-slotgame.com\/wp-content\/uploads\/Aviator-7-800-x-600-\u043f\u0438\u043a\u0441.jpg 800w, https:\/\/aviator-slotgame.com\/wp-content\/uploads\/Aviator-7-800-x-600-\u043f\u0438\u043a\u0441-300x225.jpg 300w, https:\/\/aviator-slotgame.com\/wp-content\/uploads\/Aviator-7-800-x-600-\u043f\u0438\u043a\u0441-768x576.jpg 768w, https:\/\/aviator-slotgame.com\/wp-content\/uploads\/Aviator-7-800-x-600-\u043f\u0438\u043a\u0441-16x12.jpg 16w\" sizes=\"auto, (max-width: 800px) 100vw, 800px\" \/><\/p>\n<h2>Co je online crash hra Aviator?<\/h2>\n<p>Aviator je jednou z popul\u00e1rn\u00edch her vyvinut\u00fdch studiem Spribe. Novinka na modern\u00edm trhu, vytvo\u0159en\u00e1 na z\u00e1klad\u011b gener\u00e1toru n\u00e1hodn\u00fdch \u010d\u00edsel, zaujme hr\u00e1\u010de od sam\u00e9ho za\u010d\u00e1tku. V\u00fdherce je ur\u010den n\u00e1hodn\u00fdm v\u00fdb\u011brem! To udr\u017euje hru spravedlivou a ukazuje hr\u00e1\u010di, \u017ee jejich s\u00e1zka nen\u00ed z\u00e1visl\u00e1 na platform\u011b nebo p\u0159\u00edb\u011bhu hry. Aviator se od ostatn\u00edch popul\u00e1rn\u00edch crash her li\u0161\u00ed svou p\u016fvodn\u00ed hratelnost\u00ed, Aviator nem\u00e1 obvykl\u00e9 kotou\u010de, \u0159ady s ovocem a podobn\u011b, kter\u00e9 jsou pro fanou\u0161ky hazardu tak nudn\u00e9. Hra zaujme i vcelku jednoduch\u00fdmi pravidly a mo\u017enost\u00ed vyd\u011bl\u00e1vat skute\u010dn\u00e9 pen\u00edze, d\u00edky \u010demu\u017e je obl\u00edben\u00e1 mezi gamblery a p\u0159edev\u0161\u00edm mezi fanou\u0161ky letadel a v\u0161eho, co s l\u00e9t\u00e1n\u00edm souvis\u00ed!<\/p>\n<p>Podstatou hry je, \u017ee u\u017eivatel mus\u00ed m\u00edt \u010das ulo\u017eit svou s\u00e1zku, ne\u017e letadlo odlet\u00ed, \u010d\u00edm\u017e se koeficient hr\u00e1\u010de vynuluje.<\/p>\n<p>Spribe je zn\u00e1m\u00e1 spole\u010dnost specializuj\u00edc\u00ed se na v\u00fdvoj inovativn\u00edch online her a hern\u00edch platforem, jejich hry jsou obl\u00edben\u00e9 mezi gamblery po cel\u00e9m sv\u011bt\u011b. Spole\u010dnost byla zalo\u017eena v roce 2018 a b\u011bhem kr\u00e1tk\u00e9 doby si dok\u00e1zala z\u00edskat oblibu mezi hr\u00e1\u010di a provozovateli online kasin d\u00edky vzru\u0161uj\u00edc\u00edm hern\u00edm mechanism\u016fm a schopnosti hr\u00e1t jak o pen\u00edze, tak v demo re\u017eimu.<\/p><div class=\"19c7ce0afd79220096c0c2bc0221da09\" data-index=\"1\" style=\"float: none; margin:10px 0 10px 0; text-align:center;\">\n<div class=\"custom-play-button\">\r\n<center><a href=\"https:\/\/aviator-slotgame.com\/cs\/play-game\/\" rel=\"nofollow\" target=\"_blank\">hr\u00e1t hned<\/a><br><\/center>\r\n<\/div>\n<\/div>\n\n<h2>D\u016fvody popularity online hry Aviator<\/h2>\n<p>Pro\u010d je hra Aviator mezi hazardn\u00edmi hr\u00e1\u010di tak obl\u00edben\u00e1?<\/p>\n<ol>\n<li>Jednoduchost pravidel: Hra Aviator m\u00e1 jednoduch\u00e1 a srozumiteln\u00e1 pravidla, d\u00edky \u010demu\u017e je p\u0159\u00edstupn\u00e1 \u0161irok\u00e9mu spektru hr\u00e1\u010d\u016f bez ohledu na jejich zku\u0161enosti a \u00farove\u0148 tr\u00e9novanosti.<\/li>\n<\/ol>\n<p>Demo re\u017eim: Pokud nechcete riskovat sv\u00e9 pen\u00edze a boj\u00edte se za\u010d\u00edt, vyzkou\u0161ejte si to a vyzkou\u0161ejte si bezplatn\u00fd re\u017eim. Neinvestujete skute\u010dn\u00e9 pen\u00edze. \u201eZ\u00e1bavn\u00fd re\u017eim\u201c umo\u017e\u0148uje hr\u00e1\u010d\u016fm p\u0159ibl\u00ed\u017eit se ke h\u0159e, ani\u017e by riskovali sv\u00e9 \u00faspory.<\/p>\n<p>P\u0159\u00edle\u017eitost pro rychl\u00e9 v\u00fdhry: Hazardn\u00ed hra Aviator nab\u00edz\u00ed mo\u017enost rychl\u00e9 v\u00fdhry, co\u017e p\u0159itahuje mnoho hr\u00e1\u010d\u016f, kte\u0159\u00ed hledaj\u00ed vzru\u0161en\u00ed a adrenalin.<\/p>\n<p>R\u016fzn\u00e9 s\u00e1zky: Hra Aviator nab\u00edz\u00ed r\u016fzn\u00e9 typy s\u00e1zek, kter\u00e9 hr\u00e1\u010d\u016fm umo\u017e\u0148uj\u00ed vybrat si \u00farove\u0148 rizika a potenci\u00e1ln\u00ed odm\u011bny, kter\u00e1 jim vyhovuje.<\/p>\n<p>Mo\u017enost hran\u00ed online: Hra Aviator je k dispozici v online form\u00e1tu, d\u00edky kter\u00e9mu je mo\u017en\u00e9 ji hr\u00e1t v jakoukoli vhodnou dobu a odkudkoli na sv\u011bt\u011b.<\/p>\n<p>Pohodl\u00ed a dostupnost: Online hra Aviator umo\u017e\u0148uje hr\u00e1\u010d\u016fm u\u017e\u00edt si vzru\u0161en\u00ed p\u0159\u00edmo z domova nebo jak\u00e9hokoli jin\u00e9ho m\u00edsta, ani\u017e by museli opustit domov. D\u00edky tomu je hra pohodln\u00e1 a p\u0159\u00edstupn\u00e1 \u0161irok\u00e9mu spektru hr\u00e1\u010d\u016f.<\/p>\n<p>Bonusy a speci\u00e1ln\u00ed nab\u00eddky: Mnoho online kasin, kter\u00e1 nab\u00edzej\u00ed hru Aviator, \u010dasto nab\u00edz\u00ed r\u016fzn\u00e9 bonusy, akce a speci\u00e1ln\u00ed nab\u00eddky, aby p\u0159il\u00e1kaly nov\u00e9 hr\u00e1\u010de a odm\u011bnily ty pravideln\u00e9. D\u00edky tomu je hra je\u0161t\u011b l\u00e1kav\u011bj\u0161\u00ed.<\/p>\n<p>Grafick\u00fd a zvukov\u00fd design: Modern\u00ed online kasina obvykle nab\u00edzej\u00ed vysoce kvalitn\u00ed grafick\u00fd a zvukov\u00fd design pro hry, v\u010detn\u011b hry Aviator. A dynamick\u00e1 a vzru\u0161uj\u00edc\u00ed hratelnost rozhodn\u011b nenech\u00e1 hr\u00e1\u010de nudit a udr\u017e\u00ed z\u00e1jem o hru po celou dobu.<\/p>\n<p>Mobiln\u00ed hratelnost: Mnoho online kasin nab\u00edz\u00ed hru Aviator ve form\u00e1tu, kter\u00fd je kompatibiln\u00ed s mobiln\u00edmi za\u0159\u00edzen\u00edmi, co\u017e hr\u00e1\u010d\u016fm umo\u017e\u0148uje u\u017e\u00edt si hru kdykoli a kdekoli. Nezapome\u0148te se ujistit, \u017ee m\u00e1te dobr\u00e9 p\u0159ipojen\u00ed k internetu a dostate\u010dn\u00e9 nabit\u00ed va\u0161eho mobiln\u00edho za\u0159\u00edzen\u00ed!<\/p>\n<p>&nbsp;<\/p>\n<h2>Pravidla pro leteck\u00fd hazard<\/h2>\n<p>Hra m\u00e1 jednoduch\u00e1 a jasn\u00e1 pravidla, kdy u\u017eivatel s\u00e1z\u00ed na ur\u010dit\u00fd v\u00fdsledek a m\u016f\u017ee vyhr\u00e1t vyn\u00e1soben\u00edm sv\u00e9 s\u00e1zky kurzem. M\u016f\u017eete hr\u00e1t bu\u010f v manu\u00e1ln\u00edm re\u017eimu s vlastn\u00edmi s\u00e1zkami, nebo v automatick\u00e9m re\u017eimu, kdy za v\u00e1s hra s\u00e1z\u00ed na z\u00e1klad\u011b v\u00e1mi nastaven\u00fdch parametr\u016f.<\/p>\n<h3>Pravidla hry<\/h3>\n<p>Chcete-li za\u010d\u00edt hr\u00e1t hru Aviator, mus\u00edte prov\u00e9st n\u00e1sleduj\u00edc\u00ed kroky:<\/p>\n<ol>\n<li>Najd\u011bte online kasino nebo hern\u00ed platformu, kter\u00e1 nab\u00edz\u00ed hru Aviator.<\/li>\n<li>Zaregistrujte se na platform\u011b dle va\u0161eho v\u00fdb\u011bru vytvo\u0159en\u00edm \u00fa\u010dtu a poskytnut\u00edm po\u017eadovan\u00fdch informac\u00ed.<\/li>\n<li>Dopl\u0148te si sv\u016fj hern\u00ed \u00fa\u010det pen\u011bzi, abyste mohli ve h\u0159e s\u00e1zet.<\/li>\n<li>Najd\u011bte na platform\u011b hru Aviator a vyberte svou s\u00e1zku.<\/li>\n<li>Hra za\u010d\u00edn\u00e1 t\u00edm, \u017ee hr\u00e1\u010d vsad\u00ed.<\/li>\n<li>Postupujte podle pravidel a pokyn\u016f na obrazovce a ovl\u00e1dejte pr\u016fb\u011bh hry kliknut\u00edm na p\u0159\u00edslu\u0161n\u00e1 tla\u010d\u00edtka.<\/li>\n<li>Po um\u00edst\u011bn\u00ed s\u00e1zky se letadlo za\u010dne pohybovat nahoru nebo dol\u016f po stupnici kurs\u016f.<\/li>\n<li>Hr\u00e1\u010d m\u016f\u017ee kdykoli kliknout na tla\u010d\u00edtko Vybrat pro ukon\u010den\u00ed hry a z\u00edskat v\u00fdhru vyn\u00e1sobenou aktu\u00e1ln\u00edm kurzem, nebo pokra\u010dovat ve h\u0159e a po\u010dkat na zv\u00fd\u0161en\u00ed v\u00fdhry Pokuste se uhodnout okam\u017eik, kdy svou v\u00fdhru vybrat, abyste se vyhnuli s\u00e1zce resetovat.<\/li>\n<li>Pokud hr\u00e1\u010d neklikne na tla\u010d\u00edtko Take Winnings a letadlo dos\u00e1hne konce stupnice kurz\u016f, s\u00e1zka se vynuluje a hr\u00e1\u010d neobdr\u017e\u00ed v\u00fdhru.<\/li>\n<li>C\u00edlem hry je vz\u00edt si v\u00fdhru ve spr\u00e1vn\u00fd \u010das a vyhnout se resetov\u00e1n\u00ed s\u00e1zky.<\/li>\n<\/ol>\n<p>Nezapome\u0148te s\u00e1zet zodpov\u011bdn\u011b, s\u00e1zet pouze takov\u00e9 mno\u017estv\u00ed pen\u011bz, kter\u00e9 jste ochotni prohr\u00e1t, a kontrolovat sv\u00e9 hazardn\u00ed aktivity.<\/p>\n<p>S p\u0159ihl\u00e9dnut\u00edm k jedine\u010dn\u00e9 trajektorii letadla se hra st\u00e1v\u00e1 pro hr\u00e1\u010de je\u0161t\u011b zaj\u00edmav\u011bj\u0161\u00ed a vzru\u0161uj\u00edc\u00ed. Z\u00e1rove\u0148 je d\u016fle\u017eit\u00e9 db\u00e1t na sv\u00e9 s\u00e1zky a kontrolovat sv\u00e9 akce, abyste si udr\u017eeli vzru\u0161en\u00ed ze hry o skute\u010dn\u00e9 pen\u00edze.<\/p>\n<p>Hlavn\u00ed charakteristiky online hry Aviator<\/p>\n<table>\n<tbody>\n<tr>\n<td>RTP<\/td>\n<td>96,49%, 96,48%, 95,45%<\/td>\n<\/tr>\n<tr>\n<td>V\u00fdvoj\u00e1\u0159<\/td>\n<td>Studio Spribe<\/td>\n<\/tr>\n<tr>\n<td>Zato\u010den\u00ed zdarma<\/td>\n<td>\u017d\u00e1dn\u00fd<\/td>\n<\/tr>\n<tr>\n<td>Bonusov\u00e1 hra<\/td>\n<td>\u017d\u00e1dn\u00fd<\/td>\n<\/tr>\n<tr>\n<td>Minim\u00e1ln\u00ed nab\u00eddka<\/td>\n<td>0,1$<\/td>\n<\/tr>\n<tr>\n<td>Maxim\u00e1ln\u00ed s\u00e1zka<\/td>\n<td>100$<\/td>\n<\/tr>\n<\/tbody>\n<\/table>\n<p>&nbsp;<\/p>\n<h2>Bonusy v hazardn\u00ed h\u0159e Aviator<\/h2>\n<p>Bonusy a slevy v online h\u0159e Aviator mohou b\u00fdt hr\u00e1\u010d\u016fm poskytov\u00e1ny r\u016fzn\u00fdmi zp\u016fsoby v z\u00e1vislosti na hern\u00ed platform\u011b nebo kasinu.<\/p>\n<p>Zde jsou n\u011bkter\u00e9 mo\u017en\u00e9 bonusy a slevy, kter\u00e9 mohou b\u00fdt dostupn\u00e9 ve h\u0159e Aviator:<\/p>\n<h3>Uv\u00edtac\u00ed bonusy<\/h3>\n<p>nov\u00fdm hr\u00e1\u010d\u016fm mohou b\u00fdt p\u0159i registraci na platform\u011b nab\u00eddnuty speci\u00e1ln\u00ed bonusy, jako jsou dal\u0161\u00ed prost\u0159edky na \u00fa\u010dtu nebo bezplatn\u00e1 oto\u010den\u00ed.<\/p>\n<h3>Bonusy za vklad<\/h3>\n<p>hr\u00e1\u010di mohou z\u00edskat bonusy, kdy\u017e dobij\u00ed sv\u016fj hern\u00ed \u00fa\u010det o ur\u010ditou \u010d\u00e1stku.<\/p>\n<h3>Propaga\u010dn\u00ed akce<\/h3>\n<p>kasina nebo hern\u00ed platformy mohou provozovat do\u010dasn\u00e9 propaga\u010dn\u00ed akce, kter\u00e9 hr\u00e1\u010d\u016fm ve h\u0159e Aviator nab\u00edzej\u00ed r\u016fzn\u00e9 bonusy a slevy.<\/p>\n<h3>VIP programy<\/h3>\n<p>N\u011bkter\u00e9 platformy mohou hr\u00e1\u010d\u016fm nab\u00edzet \u00fa\u010dast ve VIP programech, kde jsou k dispozici dal\u0161\u00ed bonusy, cashback a dal\u0161\u00ed v\u00fdhody.<\/p>\n<h3>Cashback<\/h3>\n<p>hr\u00e1\u010di mohou m\u00edt p\u0159\u00edle\u017eitost z\u00edskat \u010d\u00e1st sv\u00fdch ztracen\u00fdch prost\u0159edk\u016f jako cashback v r\u00e1mci bonusov\u00e9ho programu.<\/p>\n<p>Ne\u017e se z\u00fa\u010dastn\u00edte bonus\u016f a slev ve h\u0159e Aviator, je d\u016fle\u017eit\u00e9 pe\u010dliv\u011b si prostudovat podm\u00ednky a po\u017eadavky, abyste pochopili, jak funguj\u00ed a co se od v\u00e1s vy\u017eaduje, abyste z\u00edskali jejich pln\u00e9 v\u00fdhody.<\/p>\n\n<div style=\"font-size: 0px; height: 0px; line-height: 0px; margin: 0; padding: 0; clear: both;\"><\/div>","protected":false},"excerpt":{"rendered":"<p>Co je online crash hra Aviator? Aviator je jednou z popul\u00e1rn\u00edch her vyvinut\u00fdch studiem Spribe. Novinka na modern\u00edm trhu,<\/p>","protected":false},"author":1,"featured_media":0,"parent":0,"menu_order":0,"comment_status":"closed","ping_status":"closed","template":"","meta":{"footnotes":""},"class_list":["post-263","page","type-page","status-publish","hentry"],"yoast_head":"<!-- This site is optimized with the Yoast SEO plugin v22.0 - https:\/\/yoast.com\/wordpress\/plugins\/seo\/ -->\n<title>\u041e\u043d\u043b\u0430\u0439\u043d \u0441\u043b\u043e\u0442 \u0410\u0432\u0438\u0430\u0442\u043e\u0440 \u2014 \u0418\u0433\u0440\u0430\u0439 \u043d\u0430 \u0440\u0435\u0430\u043b\u044c\u043d\u044b\u0435 \u0434\u0435\u043d\u044c\u0433\u0438 \u0432 \u043a\u0430\u0437\u0438\u043d\u043e<\/title>\n<meta name=\"description\" content=\"\u0423\u0437\u043d\u0430\u0439\u0442\u0435 \u0432\u0441\u0435 \u043e \u043a\u0440\u0430\u0448-\u0438\u0433\u0440\u0435 \u0410\u0432\u0438\u0430\u0442\u043e\u0440: \u043f\u0440\u0430\u0432\u0438\u043b\u0430, \u0431\u043e\u043d\u0443\u0441\u044b, \u043e\u0441\u043e\u0431\u0435\u043d\u043d\u043e\u0441\u0442\u0438 \u0438 \u0445\u0430\u0440\u0430\u043a\u0442\u0435\u0440\u0438\u0441\u0442\u0438\u043a\u0438 \u0438\u0433\u0440\u044b \u0434\u043b\u044f \u0443\u0432\u0435\u043b\u0438\u0447\u0435\u043d\u0438\u0435 \u043f\u0440\u0438\u0431\u044b\u043b\u0438 \u0432 \u043a\u0430\u0437\u0438\u043d\u043e. \u0418\u0433\u0440\u0430\u0439 \u0432 Aviator \u043e\u0442 Spribe \u0432 \u043e\u043d\u043b\u0430\u0439\u043d\u0435.\" \/>\n<meta name=\"robots\" content=\"index, follow, max-snippet:-1, max-image-preview:large, max-video-preview:-1\" \/>\n<link rel=\"canonical\" href=\"https:\/\/aviator-slotgame.com\/cs\/aviator\/\" \/>\n<meta property=\"og:locale\" content=\"cs_CZ\" \/>\n<meta property=\"og:type\" content=\"article\" \/>\n<meta property=\"og:title\" content=\"\u041e\u043d\u043b\u0430\u0439\u043d \u0441\u043b\u043e\u0442 \u0410\u0432\u0438\u0430\u0442\u043e\u0440 \u2014 \u0418\u0433\u0440\u0430\u0439 \u043d\u0430 \u0440\u0435\u0430\u043b\u044c\u043d\u044b\u0435 \u0434\u0435\u043d\u044c\u0433\u0438 \u0432 \u043a\u0430\u0437\u0438\u043d\u043e\" \/>\n<meta property=\"og:description\" content=\"\u0423\u0437\u043d\u0430\u0439\u0442\u0435 \u0432\u0441\u0435 \u043e \u043a\u0440\u0430\u0448-\u0438\u0433\u0440\u0435 \u0410\u0432\u0438\u0430\u0442\u043e\u0440: \u043f\u0440\u0430\u0432\u0438\u043b\u0430, \u0431\u043e\u043d\u0443\u0441\u044b, \u043e\u0441\u043e\u0431\u0435\u043d\u043d\u043e\u0441\u0442\u0438 \u0438 \u0445\u0430\u0440\u0430\u043a\u0442\u0435\u0440\u0438\u0441\u0442\u0438\u043a\u0438 \u0438\u0433\u0440\u044b \u0434\u043b\u044f \u0443\u0432\u0435\u043b\u0438\u0447\u0435\u043d\u0438\u0435 \u043f\u0440\u0438\u0431\u044b\u043b\u0438 \u0432 \u043a\u0430\u0437\u0438\u043d\u043e. \u0418\u0433\u0440\u0430\u0439 \u0432 Aviator \u043e\u0442 Spribe \u0432 \u043e\u043d\u043b\u0430\u0439\u043d\u0435.\" \/>\n<meta property=\"og:url\" content=\"https:\/\/aviator-slotgame.com\/cs\/aviator\/\" \/>\n<meta property=\"og:site_name\" content=\"Aviator\" \/>\n<meta property=\"article:modified_time\" content=\"2024-09-08T10:40:25+00:00\" \/>\n<meta name=\"twitter:card\" content=\"summary_large_image\" \/>\n<meta name=\"twitter:label1\" content=\"Odhadovan\u00e1 doba \u010dten\u00ed\" \/>\n\t<meta name=\"twitter:data1\" content=\"5 minut\" \/>\n<script type=\"application\/ld+json\" class=\"yoast-schema-graph\">{\"@context\":\"https:\/\/schema.org\",\"@graph\":[{\"@type\":\"WebPage\",\"@id\":\"https:\/\/aviator-slotgame.com\/aviator\/\",\"url\":\"https:\/\/aviator-slotgame.com\/aviator\/\",\"name\":\"\u041e\u043d\u043b\u0430\u0439\u043d \u0441\u043b\u043e\u0442 \u0410\u0432\u0438\u0430\u0442\u043e\u0440 \u2014 \u0418\u0433\u0440\u0430\u0439 \u043d\u0430 \u0440\u0435\u0430\u043b\u044c\u043d\u044b\u0435 \u0434\u0435\u043d\u044c\u0433\u0438 \u0432 \u043a\u0430\u0437\u0438\u043d\u043e\",\"isPartOf\":{\"@id\":\"https:\/\/aviator-slotgame.com\/#website\"},\"datePublished\":\"2024-09-06T14:43:40+00:00\",\"dateModified\":\"2024-09-08T10:40:25+00:00\",\"description\":\"\u0423\u0437\u043d\u0430\u0439\u0442\u0435 \u0432\u0441\u0435 \u043e \u043a\u0440\u0430\u0448-\u0438\u0433\u0440\u0435 \u0410\u0432\u0438\u0430\u0442\u043e\u0440: \u043f\u0440\u0430\u0432\u0438\u043b\u0430, \u0431\u043e\u043d\u0443\u0441\u044b, \u043e\u0441\u043e\u0431\u0435\u043d\u043d\u043e\u0441\u0442\u0438 \u0438 \u0445\u0430\u0440\u0430\u043a\u0442\u0435\u0440\u0438\u0441\u0442\u0438\u043a\u0438 \u0438\u0433\u0440\u044b \u0434\u043b\u044f \u0443\u0432\u0435\u043b\u0438\u0447\u0435\u043d\u0438\u0435 \u043f\u0440\u0438\u0431\u044b\u043b\u0438 \u0432 \u043a\u0430\u0437\u0438\u043d\u043e. \u0418\u0433\u0440\u0430\u0439 \u0432 Aviator \u043e\u0442 Spribe \u0432 \u043e\u043d\u043b\u0430\u0439\u043d\u0435.\",\"breadcrumb\":{\"@id\":\"https:\/\/aviator-slotgame.com\/aviator\/#breadcrumb\"},\"inLanguage\":\"cs\",\"potentialAction\":[{\"@type\":\"ReadAction\",\"target\":[\"https:\/\/aviator-slotgame.com\/aviator\/\"]}]},{\"@type\":\"BreadcrumbList\",\"@id\":\"https:\/\/aviator-slotgame.com\/aviator\/#breadcrumb\",\"itemListElement\":[{\"@type\":\"ListItem\",\"position\":1,\"name\":\"Home\",\"item\":\"https:\/\/aviator-slotgame.com\/\"},{\"@type\":\"ListItem\",\"position\":2,\"name\":\"\u041f\u0440\u0430\u0432\u0438\u043b\u0430,\u043e\u0441\u043e\u0431\u0435\u043d\u043e\u0441\u0442\u0438 \u0438 \u0432\u044b\u0438\u0433\u0440\u044b\u0448\u0438 \u0432 \u043a\u0440\u0430\u0448-\u0441\u043b\u043e\u0442 \u0438\u0433\u0440\u0435 \u043d\u0430 \u0434\u0435\u043d\u044c\u0433\u0438\"}]},{\"@type\":\"WebSite\",\"@id\":\"https:\/\/aviator-slotgame.com\/#website\",\"url\":\"https:\/\/aviator-slotgame.com\/\",\"name\":\"Aviator\",\"description\":\"\",\"publisher\":{\"@id\":\"https:\/\/aviator-slotgame.com\/#organization\"},\"potentialAction\":[{\"@type\":\"SearchAction\",\"target\":{\"@type\":\"EntryPoint\",\"urlTemplate\":\"https:\/\/aviator-slotgame.com\/?s={search_term_string}\"},\"query-input\":\"required name=search_term_string\"}],\"inLanguage\":\"cs\"},{\"@type\":\"Organization\",\"@id\":\"https:\/\/aviator-slotgame.com\/#organization\",\"name\":\"Aviator\",\"url\":\"https:\/\/aviator-slotgame.com\/\",\"logo\":{\"@type\":\"ImageObject\",\"inLanguage\":\"cs\",\"@id\":\"https:\/\/aviator-slotgame.com\/#\/schema\/logo\/image\/\",\"url\":\"https:\/\/aviator-slotgame.com\/wp-content\/uploads\/16f5e8_dade544d4623411c9c4153c639aae85amv2.webp\",\"contentUrl\":\"https:\/\/aviator-slotgame.com\/wp-content\/uploads\/16f5e8_dade544d4623411c9c4153c639aae85amv2.webp\",\"width\":400,\"height\":300,\"caption\":\"Aviator\"},\"image\":{\"@id\":\"https:\/\/aviator-slotgame.com\/#\/schema\/logo\/image\/\"}}]}<\/script>\n<!-- \/ Yoast SEO plugin. -->","yoast_head_json":{"title":"\u041e\u043d\u043b\u0430\u0439\u043d \u0441\u043b\u043e\u0442 \u0410\u0432\u0438\u0430\u0442\u043e\u0440 \u2014 \u0418\u0433\u0440\u0430\u0439 \u043d\u0430 \u0440\u0435\u0430\u043b\u044c\u043d\u044b\u0435 \u0434\u0435\u043d\u044c\u0433\u0438 \u0432 \u043a\u0430\u0437\u0438\u043d\u043e","description":"\u0423\u0437\u043d\u0430\u0439\u0442\u0435 \u0432\u0441\u0435 \u043e \u043a\u0440\u0430\u0448-\u0438\u0433\u0440\u0435 \u0410\u0432\u0438\u0430\u0442\u043e\u0440: \u043f\u0440\u0430\u0432\u0438\u043b\u0430, \u0431\u043e\u043d\u0443\u0441\u044b, \u043e\u0441\u043e\u0431\u0435\u043d\u043d\u043e\u0441\u0442\u0438 \u0438 \u0445\u0430\u0440\u0430\u043a\u0442\u0435\u0440\u0438\u0441\u0442\u0438\u043a\u0438 \u0438\u0433\u0440\u044b \u0434\u043b\u044f \u0443\u0432\u0435\u043b\u0438\u0447\u0435\u043d\u0438\u0435 \u043f\u0440\u0438\u0431\u044b\u043b\u0438 \u0432 \u043a\u0430\u0437\u0438\u043d\u043e. \u0418\u0433\u0440\u0430\u0439 \u0432 Aviator \u043e\u0442 Spribe \u0432 \u043e\u043d\u043b\u0430\u0439\u043d\u0435.","robots":{"index":"index","follow":"follow","max-snippet":"max-snippet:-1","max-image-preview":"max-image-preview:large","max-video-preview":"max-video-preview:-1"},"canonical":"https:\/\/aviator-slotgame.com\/cs\/aviator\/","og_locale":"cs_CZ","og_type":"article","og_title":"\u041e\u043d\u043b\u0430\u0439\u043d \u0441\u043b\u043e\u0442 \u0410\u0432\u0438\u0430\u0442\u043e\u0440 \u2014 \u0418\u0433\u0440\u0430\u0439 \u043d\u0430 \u0440\u0435\u0430\u043b\u044c\u043d\u044b\u0435 \u0434\u0435\u043d\u044c\u0433\u0438 \u0432 \u043a\u0430\u0437\u0438\u043d\u043e","og_description":"\u0423\u0437\u043d\u0430\u0439\u0442\u0435 \u0432\u0441\u0435 \u043e \u043a\u0440\u0430\u0448-\u0438\u0433\u0440\u0435 \u0410\u0432\u0438\u0430\u0442\u043e\u0440: \u043f\u0440\u0430\u0432\u0438\u043b\u0430, \u0431\u043e\u043d\u0443\u0441\u044b, \u043e\u0441\u043e\u0431\u0435\u043d\u043d\u043e\u0441\u0442\u0438 \u0438 \u0445\u0430\u0440\u0430\u043a\u0442\u0435\u0440\u0438\u0441\u0442\u0438\u043a\u0438 \u0438\u0433\u0440\u044b \u0434\u043b\u044f \u0443\u0432\u0435\u043b\u0438\u0447\u0435\u043d\u0438\u0435 \u043f\u0440\u0438\u0431\u044b\u043b\u0438 \u0432 \u043a\u0430\u0437\u0438\u043d\u043e. \u0418\u0433\u0440\u0430\u0439 \u0432 Aviator \u043e\u0442 Spribe \u0432 \u043e\u043d\u043b\u0430\u0439\u043d\u0435.","og_url":"https:\/\/aviator-slotgame.com\/cs\/aviator\/","og_site_name":"Aviator","article_modified_time":"2024-09-08T10:40:25+00:00","twitter_card":"summary_large_image","twitter_misc":{"Odhadovan\u00e1 doba \u010dten\u00ed":"5 minut"},"schema":{"@context":"https:\/\/schema.org","@graph":[{"@type":"WebPage","@id":"https:\/\/aviator-slotgame.com\/aviator\/","url":"https:\/\/aviator-slotgame.com\/aviator\/","name":"\u041e\u043d\u043b\u0430\u0439\u043d \u0441\u043b\u043e\u0442 \u0410\u0432\u0438\u0430\u0442\u043e\u0440 \u2014 \u0418\u0433\u0440\u0430\u0439 \u043d\u0430 \u0440\u0435\u0430\u043b\u044c\u043d\u044b\u0435 \u0434\u0435\u043d\u044c\u0433\u0438 \u0432 \u043a\u0430\u0437\u0438\u043d\u043e","isPartOf":{"@id":"https:\/\/aviator-slotgame.com\/#website"},"datePublished":"2024-09-06T14:43:40+00:00","dateModified":"2024-09-08T10:40:25+00:00","description":"\u0423\u0437\u043d\u0430\u0439\u0442\u0435 \u0432\u0441\u0435 \u043e \u043a\u0440\u0430\u0448-\u0438\u0433\u0440\u0435 \u0410\u0432\u0438\u0430\u0442\u043e\u0440: \u043f\u0440\u0430\u0432\u0438\u043b\u0430, \u0431\u043e\u043d\u0443\u0441\u044b, \u043e\u0441\u043e\u0431\u0435\u043d\u043d\u043e\u0441\u0442\u0438 \u0438 \u0445\u0430\u0440\u0430\u043a\u0442\u0435\u0440\u0438\u0441\u0442\u0438\u043a\u0438 \u0438\u0433\u0440\u044b \u0434\u043b\u044f \u0443\u0432\u0435\u043b\u0438\u0447\u0435\u043d\u0438\u0435 \u043f\u0440\u0438\u0431\u044b\u043b\u0438 \u0432 \u043a\u0430\u0437\u0438\u043d\u043e. \u0418\u0433\u0440\u0430\u0439 \u0432 Aviator \u043e\u0442 Spribe \u0432 \u043e\u043d\u043b\u0430\u0439\u043d\u0435.","breadcrumb":{"@id":"https:\/\/aviator-slotgame.com\/aviator\/#breadcrumb"},"inLanguage":"cs","potentialAction":[{"@type":"ReadAction","target":["https:\/\/aviator-slotgame.com\/aviator\/"]}]},{"@type":"BreadcrumbList","@id":"https:\/\/aviator-slotgame.com\/aviator\/#breadcrumb","itemListElement":[{"@type":"ListItem","position":1,"name":"Home","item":"https:\/\/aviator-slotgame.com\/"},{"@type":"ListItem","position":2,"name":"\u041f\u0440\u0430\u0432\u0438\u043b\u0430,\u043e\u0441\u043e\u0431\u0435\u043d\u043e\u0441\u0442\u0438 \u0438 \u0432\u044b\u0438\u0433\u0440\u044b\u0448\u0438 \u0432 \u043a\u0440\u0430\u0448-\u0441\u043b\u043e\u0442 \u0438\u0433\u0440\u0435 \u043d\u0430 \u0434\u0435\u043d\u044c\u0433\u0438"}]},{"@type":"WebSite","@id":"https:\/\/aviator-slotgame.com\/#website","url":"https:\/\/aviator-slotgame.com\/","name":"Aviator","description":"","publisher":{"@id":"https:\/\/aviator-slotgame.com\/#organization"},"potentialAction":[{"@type":"SearchAction","target":{"@type":"EntryPoint","urlTemplate":"https:\/\/aviator-slotgame.com\/?s={search_term_string}"},"query-input":"required name=search_term_string"}],"inLanguage":"cs"},{"@type":"Organization","@id":"https:\/\/aviator-slotgame.com\/#organization","name":"Aviator","url":"https:\/\/aviator-slotgame.com\/","logo":{"@type":"ImageObject","inLanguage":"cs","@id":"https:\/\/aviator-slotgame.com\/#\/schema\/logo\/image\/","url":"https:\/\/aviator-slotgame.com\/wp-content\/uploads\/16f5e8_dade544d4623411c9c4153c639aae85amv2.webp","contentUrl":"https:\/\/aviator-slotgame.com\/wp-content\/uploads\/16f5e8_dade544d4623411c9c4153c639aae85amv2.webp","width":400,"height":300,"caption":"Aviator"},"image":{"@id":"https:\/\/aviator-slotgame.com\/#\/schema\/logo\/image\/"}}]}},"amp_enabled":true,"_links":{"self":[{"href":"https:\/\/aviator-slotgame.com\/cs\/wp-json\/wp\/v2\/pages\/263","targetHints":{"allow":["GET"]}}],"collection":[{"href":"https:\/\/aviator-slotgame.com\/cs\/wp-json\/wp\/v2\/pages"}],"about":[{"href":"https:\/\/aviator-slotgame.com\/cs\/wp-json\/wp\/v2\/types\/page"}],"author":[{"embeddable":true,"href":"https:\/\/aviator-slotgame.com\/cs\/wp-json\/wp\/v2\/users\/1"}],"replies":[{"embeddable":true,"href":"https:\/\/aviator-slotgame.com\/cs\/wp-json\/wp\/v2\/comments?post=263"}],"version-history":[{"count":4,"href":"https:\/\/aviator-slotgame.com\/cs\/wp-json\/wp\/v2\/pages\/263\/revisions"}],"predecessor-version":[{"id":287,"href":"https:\/\/aviator-slotgame.com\/cs\/wp-json\/wp\/v2\/pages\/263\/revisions\/287"}],"wp:attachment":[{"href":"https:\/\/aviator-slotgame.com\/cs\/wp-json\/wp\/v2\/media?parent=263"}],"curies":[{"name":"wp","href":"https:\/\/api.w.org\/{rel}","templated":true}]}}