{"id":278,"date":"2024-09-06T16:58:13","date_gmt":"2024-09-06T16:58:13","guid":{"rendered":"https:\/\/aviator-slotgame.com\/?page_id=278"},"modified":"2024-10-03T22:41:11","modified_gmt":"2024-10-03T22:41:11","slug":"online-casino","status":"publish","type":"page","link":"https:\/\/aviator-slotgame.com\/cs\/online-casino\/","title":{"rendered":"Za\u010dn\u011bte hr\u00e1t Aviator s osv\u011bd\u010den\u00fdm kasinem a bonusy"},"content":{"rendered":"<div class=\"19c7ce0afd79220096c0c2bc0221da09\" data-index=\"1\" style=\"float: none; margin:10px 0 10px 0; text-align:center;\">\n<div class=\"custom-play-button\">\r\n<center><a href=\"https:\/\/aviator-slotgame.com\/cs\/play-game\/\" rel=\"nofollow\" target=\"_blank\">hr\u00e1t hned<\/a><br><\/center>\r\n<\/div>\n<\/div>\n<p><img loading=\"lazy\" decoding=\"async\" class=\"alignnone size-full wp-image-284\" src=\"https:\/\/aviator-slotgame.com\/wp-content\/uploads\/Aviator-10-800-x-600-\u043f\u0438\u043a\u0441.jpg\" alt=\"Zahrajte si Aviator s osv\u011bd\u010den\u00fdm kasinem a bonusy\" width=\"800\" height=\"600\" srcset=\"https:\/\/aviator-slotgame.com\/wp-content\/uploads\/Aviator-10-800-x-600-\u043f\u0438\u043a\u0441.jpg 800w, https:\/\/aviator-slotgame.com\/wp-content\/uploads\/Aviator-10-800-x-600-\u043f\u0438\u043a\u0441-300x225.jpg 300w, https:\/\/aviator-slotgame.com\/wp-content\/uploads\/Aviator-10-800-x-600-\u043f\u0438\u043a\u0441-768x576.jpg 768w, https:\/\/aviator-slotgame.com\/wp-content\/uploads\/Aviator-10-800-x-600-\u043f\u0438\u043a\u0441-16x12.jpg 16w\" sizes=\"auto, (max-width: 800px) 100vw, 800px\" \/><\/p>\n<p>V\u00fdb\u011br d\u016fv\u011bryhodn\u00e9 a spolehliv\u00e9 str\u00e1nky pro hran\u00ed v kasinu je d\u016fle\u017eit\u00fd pro va\u0161i bezpe\u010dnost a ochranu va\u0161ich osobn\u00edch \u00fadaj\u016f.<\/p><div class=\"19c7ce0afd79220096c0c2bc0221da09\" data-index=\"1\" style=\"float: none; margin:10px 0 10px 0; text-align:center;\">\n<div class=\"custom-play-button\">\r\n<center><a href=\"https:\/\/aviator-slotgame.com\/cs\/play-game\/\" rel=\"nofollow\" target=\"_blank\">hr\u00e1t hned<\/a><br><\/center>\r\n<\/div>\n<\/div>\n\n<h2>Zde je n\u011bkolik d\u016fle\u017eit\u00fdch krit\u00e9ri\u00ed, kter\u00e1 je t\u0159eba zv\u00e1\u017eit p\u0159i v\u00fdb\u011bru webu:<\/h2>\n<ol>\n<li><strong>Licence:<\/strong> Ujist\u011bte se, \u017ee kasino m\u00e1 platnou licenci od renomovan\u00e9ho regula\u010dn\u00edho \u00fa\u0159adu, jako je Malta, Gibraltar, Spojen\u00e9 kr\u00e1lovstv\u00ed a dal\u0161\u00ed. Licence zaji\u0161\u0165uje, \u017ee kasino spl\u0148uje standardy bezpe\u010dnosti a integrity.<\/li>\n<li><strong>Reputace kasina:<\/strong> Pod\u00edvejte se na recenze ostatn\u00edch hr\u00e1\u010d\u016f o kasinu, hodnocen\u00ed studi\u00ed a skute\u010dn\u00e9 recenze na nez\u00e1visl\u00fdch webech a f\u00f3rech. V\u011bnujte pozornost tomu, jak dlouho kasino existuje a jeho pov\u011bsti v oboru.<\/li>\n<li><strong>Bezpe\u010dnost a ochrana:<\/strong> Ujist\u011bte se, \u017ee kasino pou\u017e\u00edv\u00e1 modern\u00ed technologii \u0161ifrov\u00e1n\u00ed dat k ochran\u011b va\u0161ich osobn\u00edch \u00fadaj\u016f a finan\u010dn\u00edch transakc\u00ed.<\/li>\n<li><strong>Po\u010det her a dodavatel\u016f:<\/strong> Vyberte si kasino, kter\u00e9 nab\u00edz\u00ed \u0161irok\u00fd v\u00fdb\u011br her od zn\u00e1m\u00fdch a spolehliv\u00fdch poskytovatel\u016f, jako jsou NetEnt, Microgaming, Play&#039;n GO a dal\u0161\u00ed. To v\u00e1m zaru\u010duje vysokou kvalitu her a spravedliv\u00e9 v\u00fdsledky.<\/li>\n<li><strong>Bonusy a promo akce:<\/strong> Prostudujte si podm\u00ednky nab\u00edzen\u00fdch bonus\u016f a akc\u00ed, v\u011bnujte pozornost s\u00e1zkov\u00fdm po\u017eadavk\u016fm a omezen\u00edm, abyste se vyhnuli nep\u0159\u00edjemn\u00fdm p\u0159ekvapen\u00edm.<\/li>\n<li><strong>Helpdesk:<\/strong> Zkontrolujte dostupnost a kvalitu podpory kasina. Dobr\u00e9 kasino by m\u011blo poskytovat profesion\u00e1ln\u00ed pomoc a rychle reagovat na va\u0161e dotazy.<\/li>\n<\/ol>\n<p>Dodr\u017eov\u00e1n\u00edm t\u011bchto krit\u00e9ri\u00ed budete moci naj\u00edt d\u016fv\u011bryhodnou a spolehlivou str\u00e1nku kasina, kter\u00e1 v\u00e1m poskytne bezpe\u010dn\u00fd, spravedliv\u00fd a p\u0159\u00edjemn\u00fd hern\u00ed z\u00e1\u017eitek.<\/p>\n<p><img loading=\"lazy\" decoding=\"async\" class=\"alignnone size-full wp-image-354\" src=\"https:\/\/aviator-slotgame.com\/wp-content\/uploads\/Aviator-29-800-x-600-\u043f\u0438\u043a\u0441.jpg\" alt=\"D\u016fle\u017eit\u00e1 krit\u00e9ria, kter\u00e1 je t\u0159eba zv\u00e1\u017eit p\u0159i v\u00fdb\u011bru webu:\" width=\"800\" height=\"600\" srcset=\"https:\/\/aviator-slotgame.com\/wp-content\/uploads\/Aviator-29-800-x-600-\u043f\u0438\u043a\u0441.jpg 800w, https:\/\/aviator-slotgame.com\/wp-content\/uploads\/Aviator-29-800-x-600-\u043f\u0438\u043a\u0441-300x225.jpg 300w, https:\/\/aviator-slotgame.com\/wp-content\/uploads\/Aviator-29-800-x-600-\u043f\u0438\u043a\u0441-768x576.jpg 768w, https:\/\/aviator-slotgame.com\/wp-content\/uploads\/Aviator-29-800-x-600-\u043f\u0438\u043a\u0441-16x12.jpg 16w\" sizes=\"auto, (max-width: 800px) 100vw, 800px\" \/><\/p>\n\n<div style=\"font-size: 0px; height: 0px; line-height: 0px; margin: 0; padding: 0; clear: both;\"><\/div>","protected":false},"excerpt":{"rendered":"<p>V\u00fdb\u011br d\u016fv\u011bryhodn\u00e9 a spolehliv\u00e9 str\u00e1nky pro hran\u00ed v kasinu je d\u016fle\u017eit\u00fd pro va\u0161i bezpe\u010dnost a ochranu va\u0161ich osobn\u00edch \u00fadaj\u016f. Zde jsou n\u011bkter\u00e9 d\u016fle\u017eit\u00e9<\/p>","protected":false},"author":1,"featured_media":0,"parent":0,"menu_order":0,"comment_status":"closed","ping_status":"closed","template":"","meta":{"footnotes":""},"class_list":["post-278","page","type-page","status-publish","hentry"],"yoast_head":"<!-- This site is optimized with the Yoast SEO plugin v22.0 - https:\/\/yoast.com\/wordpress\/plugins\/seo\/ -->\n<title>\u0418\u0433\u0440\u0430\u0439 \u0432 \u043e\u043d\u043b\u0430\u0439\u043d \u043a\u0430\u0437\u0438\u043d\u043e \u0438\u0433\u0440\u0443 \u0410\u0432\u0438\u0430\u0442\u043e\u0440 \u043d\u0430 \u0434\u0435\u043d\u044c\u0433\u0438 \u043f\u0440\u044f\u043c\u043e \u0441\u0435\u0439\u0447\u0430\u0441<\/title>\n<meta name=\"description\" content=\"\u0423\u0437\u043d\u0430\u0439\u0442\u0435,\u043a\u0430\u043a \u0432\u044b\u0431\u0440\u0430\u0442\u044c \u043f\u0440\u043e\u0432\u0435\u0440\u0435\u043d\u043d\u043e\u0435 \u043a\u0430\u0437\u0438\u043d\u043e \u0434\u043b\u044f \u0438\u0433\u0440\u044b \u0432 \u0441\u043b\u043e\u0442 \u0410\u0432\u0438\u0430\u0442\u043e\u0440.\u041b\u0438\u0446\u0435\u043d\u0437\u0438\u044f, \u0431\u0435\u0437\u043e\u043f\u0430\u0441\u043d\u043e\u0441\u0442\u044c, \u0440\u0435\u043f\u0443\u0442\u0430\u0446\u0438\u044f \u0438 \u0431\u043e\u043d\u0443\u0441\u044b \u043f\u043e\u043c\u043e\u0433\u0443\u0442 \u0432\u0430\u043c \u0432\u044b\u0431\u0440\u0430\u0442\u044c \u043d\u0430\u0434\u0435\u0436\u043d\u044b\u0439 \u0441\u0430\u0439\u0442 \u0434\u043b\u044f \u0438\u0433\u0440\u044b \u043d\u0430 \u0434\u0435\u043d\u044c\u0433\u0438.\" \/>\n<meta name=\"robots\" content=\"index, follow, max-snippet:-1, max-image-preview:large, max-video-preview:-1\" \/>\n<link rel=\"canonical\" href=\"https:\/\/aviator-slotgame.com\/cs\/online-casino\/\" \/>\n<meta property=\"og:locale\" content=\"cs_CZ\" \/>\n<meta property=\"og:type\" content=\"article\" \/>\n<meta property=\"og:title\" content=\"\u0418\u0433\u0440\u0430\u0439 \u0432 \u043e\u043d\u043b\u0430\u0439\u043d \u043a\u0430\u0437\u0438\u043d\u043e \u0438\u0433\u0440\u0443 \u0410\u0432\u0438\u0430\u0442\u043e\u0440 \u043d\u0430 \u0434\u0435\u043d\u044c\u0433\u0438 \u043f\u0440\u044f\u043c\u043e \u0441\u0435\u0439\u0447\u0430\u0441\" \/>\n<meta property=\"og:description\" content=\"\u0423\u0437\u043d\u0430\u0439\u0442\u0435,\u043a\u0430\u043a \u0432\u044b\u0431\u0440\u0430\u0442\u044c \u043f\u0440\u043e\u0432\u0435\u0440\u0435\u043d\u043d\u043e\u0435 \u043a\u0430\u0437\u0438\u043d\u043e \u0434\u043b\u044f \u0438\u0433\u0440\u044b \u0432 \u0441\u043b\u043e\u0442 \u0410\u0432\u0438\u0430\u0442\u043e\u0440.\u041b\u0438\u0446\u0435\u043d\u0437\u0438\u044f, \u0431\u0435\u0437\u043e\u043f\u0430\u0441\u043d\u043e\u0441\u0442\u044c, \u0440\u0435\u043f\u0443\u0442\u0430\u0446\u0438\u044f \u0438 \u0431\u043e\u043d\u0443\u0441\u044b \u043f\u043e\u043c\u043e\u0433\u0443\u0442 \u0432\u0430\u043c \u0432\u044b\u0431\u0440\u0430\u0442\u044c \u043d\u0430\u0434\u0435\u0436\u043d\u044b\u0439 \u0441\u0430\u0439\u0442 \u0434\u043b\u044f \u0438\u0433\u0440\u044b \u043d\u0430 \u0434\u0435\u043d\u044c\u0433\u0438.\" \/>\n<meta property=\"og:url\" content=\"https:\/\/aviator-slotgame.com\/cs\/online-casino\/\" \/>\n<meta property=\"og:site_name\" content=\"Aviator\" \/>\n<meta property=\"article:modified_time\" content=\"2024-10-03T22:41:11+00:00\" \/>\n<meta name=\"twitter:card\" content=\"summary_large_image\" \/>\n<meta name=\"twitter:label1\" content=\"Odhadovan\u00e1 doba \u010dten\u00ed\" \/>\n\t<meta name=\"twitter:data1\" content=\"2 minuty\" \/>\n<script type=\"application\/ld+json\" class=\"yoast-schema-graph\">{\"@context\":\"https:\/\/schema.org\",\"@graph\":[{\"@type\":\"WebPage\",\"@id\":\"https:\/\/aviator-slotgame.com\/online-casino\/\",\"url\":\"https:\/\/aviator-slotgame.com\/online-casino\/\",\"name\":\"\u0418\u0433\u0440\u0430\u0439 \u0432 \u043e\u043d\u043b\u0430\u0439\u043d \u043a\u0430\u0437\u0438\u043d\u043e \u0438\u0433\u0440\u0443 \u0410\u0432\u0438\u0430\u0442\u043e\u0440 \u043d\u0430 \u0434\u0435\u043d\u044c\u0433\u0438 \u043f\u0440\u044f\u043c\u043e \u0441\u0435\u0439\u0447\u0430\u0441\",\"isPartOf\":{\"@id\":\"https:\/\/aviator-slotgame.com\/#website\"},\"datePublished\":\"2024-09-06T16:58:13+00:00\",\"dateModified\":\"2024-10-03T22:41:11+00:00\",\"description\":\"\u0423\u0437\u043d\u0430\u0439\u0442\u0435,\u043a\u0430\u043a \u0432\u044b\u0431\u0440\u0430\u0442\u044c \u043f\u0440\u043e\u0432\u0435\u0440\u0435\u043d\u043d\u043e\u0435 \u043a\u0430\u0437\u0438\u043d\u043e \u0434\u043b\u044f \u0438\u0433\u0440\u044b \u0432 \u0441\u043b\u043e\u0442 \u0410\u0432\u0438\u0430\u0442\u043e\u0440.\u041b\u0438\u0446\u0435\u043d\u0437\u0438\u044f, \u0431\u0435\u0437\u043e\u043f\u0430\u0441\u043d\u043e\u0441\u0442\u044c, \u0440\u0435\u043f\u0443\u0442\u0430\u0446\u0438\u044f \u0438 \u0431\u043e\u043d\u0443\u0441\u044b \u043f\u043e\u043c\u043e\u0433\u0443\u0442 \u0432\u0430\u043c \u0432\u044b\u0431\u0440\u0430\u0442\u044c \u043d\u0430\u0434\u0435\u0436\u043d\u044b\u0439 \u0441\u0430\u0439\u0442 \u0434\u043b\u044f \u0438\u0433\u0440\u044b \u043d\u0430 \u0434\u0435\u043d\u044c\u0433\u0438.\",\"breadcrumb\":{\"@id\":\"https:\/\/aviator-slotgame.com\/online-casino\/#breadcrumb\"},\"inLanguage\":\"cs\",\"potentialAction\":[{\"@type\":\"ReadAction\",\"target\":[\"https:\/\/aviator-slotgame.com\/online-casino\/\"]}]},{\"@type\":\"BreadcrumbList\",\"@id\":\"https:\/\/aviator-slotgame.com\/online-casino\/#breadcrumb\",\"itemListElement\":[{\"@type\":\"ListItem\",\"position\":1,\"name\":\"Home\",\"item\":\"https:\/\/aviator-slotgame.com\/\"},{\"@type\":\"ListItem\",\"position\":2,\"name\":\"\u041d\u0430\u0447\u043d\u0438 \u0438\u0433\u0440\u0430\u0442\u044c \u0432 \u0410\u0432\u0438\u0430\u0442\u043e\u0440 \u0441 \u043f\u0440\u043e\u0432\u0435\u0440\u0435\u043d\u043d\u044b\u043c \u043a\u0430\u0437\u0438\u043d\u043e \u0438 \u0431\u043e\u043d\u0443\u0441\u0430\u043c\u0438\"}]},{\"@type\":\"WebSite\",\"@id\":\"https:\/\/aviator-slotgame.com\/#website\",\"url\":\"https:\/\/aviator-slotgame.com\/\",\"name\":\"Aviator\",\"description\":\"\",\"publisher\":{\"@id\":\"https:\/\/aviator-slotgame.com\/#organization\"},\"potentialAction\":[{\"@type\":\"SearchAction\",\"target\":{\"@type\":\"EntryPoint\",\"urlTemplate\":\"https:\/\/aviator-slotgame.com\/?s={search_term_string}\"},\"query-input\":\"required name=search_term_string\"}],\"inLanguage\":\"cs\"},{\"@type\":\"Organization\",\"@id\":\"https:\/\/aviator-slotgame.com\/#organization\",\"name\":\"Aviator\",\"url\":\"https:\/\/aviator-slotgame.com\/\",\"logo\":{\"@type\":\"ImageObject\",\"inLanguage\":\"cs\",\"@id\":\"https:\/\/aviator-slotgame.com\/#\/schema\/logo\/image\/\",\"url\":\"https:\/\/aviator-slotgame.com\/wp-content\/uploads\/16f5e8_dade544d4623411c9c4153c639aae85amv2.webp\",\"contentUrl\":\"https:\/\/aviator-slotgame.com\/wp-content\/uploads\/16f5e8_dade544d4623411c9c4153c639aae85amv2.webp\",\"width\":400,\"height\":300,\"caption\":\"Aviator\"},\"image\":{\"@id\":\"https:\/\/aviator-slotgame.com\/#\/schema\/logo\/image\/\"}}]}<\/script>\n<!-- \/ Yoast SEO plugin. -->","yoast_head_json":{"title":"\u0418\u0433\u0440\u0430\u0439 \u0432 \u043e\u043d\u043b\u0430\u0439\u043d \u043a\u0430\u0437\u0438\u043d\u043e \u0438\u0433\u0440\u0443 \u0410\u0432\u0438\u0430\u0442\u043e\u0440 \u043d\u0430 \u0434\u0435\u043d\u044c\u0433\u0438 \u043f\u0440\u044f\u043c\u043e \u0441\u0435\u0439\u0447\u0430\u0441","description":"\u0423\u0437\u043d\u0430\u0439\u0442\u0435,\u043a\u0430\u043a \u0432\u044b\u0431\u0440\u0430\u0442\u044c \u043f\u0440\u043e\u0432\u0435\u0440\u0435\u043d\u043d\u043e\u0435 \u043a\u0430\u0437\u0438\u043d\u043e \u0434\u043b\u044f \u0438\u0433\u0440\u044b \u0432 \u0441\u043b\u043e\u0442 \u0410\u0432\u0438\u0430\u0442\u043e\u0440.\u041b\u0438\u0446\u0435\u043d\u0437\u0438\u044f, \u0431\u0435\u0437\u043e\u043f\u0430\u0441\u043d\u043e\u0441\u0442\u044c, \u0440\u0435\u043f\u0443\u0442\u0430\u0446\u0438\u044f \u0438 \u0431\u043e\u043d\u0443\u0441\u044b \u043f\u043e\u043c\u043e\u0433\u0443\u0442 \u0432\u0430\u043c \u0432\u044b\u0431\u0440\u0430\u0442\u044c \u043d\u0430\u0434\u0435\u0436\u043d\u044b\u0439 \u0441\u0430\u0439\u0442 \u0434\u043b\u044f \u0438\u0433\u0440\u044b \u043d\u0430 \u0434\u0435\u043d\u044c\u0433\u0438.","robots":{"index":"index","follow":"follow","max-snippet":"max-snippet:-1","max-image-preview":"max-image-preview:large","max-video-preview":"max-video-preview:-1"},"canonical":"https:\/\/aviator-slotgame.com\/cs\/online-casino\/","og_locale":"cs_CZ","og_type":"article","og_title":"\u0418\u0433\u0440\u0430\u0439 \u0432 \u043e\u043d\u043b\u0430\u0439\u043d \u043a\u0430\u0437\u0438\u043d\u043e \u0438\u0433\u0440\u0443 \u0410\u0432\u0438\u0430\u0442\u043e\u0440 \u043d\u0430 \u0434\u0435\u043d\u044c\u0433\u0438 \u043f\u0440\u044f\u043c\u043e \u0441\u0435\u0439\u0447\u0430\u0441","og_description":"\u0423\u0437\u043d\u0430\u0439\u0442\u0435,\u043a\u0430\u043a \u0432\u044b\u0431\u0440\u0430\u0442\u044c \u043f\u0440\u043e\u0432\u0435\u0440\u0435\u043d\u043d\u043e\u0435 \u043a\u0430\u0437\u0438\u043d\u043e \u0434\u043b\u044f \u0438\u0433\u0440\u044b \u0432 \u0441\u043b\u043e\u0442 \u0410\u0432\u0438\u0430\u0442\u043e\u0440.\u041b\u0438\u0446\u0435\u043d\u0437\u0438\u044f, \u0431\u0435\u0437\u043e\u043f\u0430\u0441\u043d\u043e\u0441\u0442\u044c, \u0440\u0435\u043f\u0443\u0442\u0430\u0446\u0438\u044f \u0438 \u0431\u043e\u043d\u0443\u0441\u044b \u043f\u043e\u043c\u043e\u0433\u0443\u0442 \u0432\u0430\u043c \u0432\u044b\u0431\u0440\u0430\u0442\u044c \u043d\u0430\u0434\u0435\u0436\u043d\u044b\u0439 \u0441\u0430\u0439\u0442 \u0434\u043b\u044f \u0438\u0433\u0440\u044b \u043d\u0430 \u0434\u0435\u043d\u044c\u0433\u0438.","og_url":"https:\/\/aviator-slotgame.com\/cs\/online-casino\/","og_site_name":"Aviator","article_modified_time":"2024-10-03T22:41:11+00:00","twitter_card":"summary_large_image","twitter_misc":{"Odhadovan\u00e1 doba \u010dten\u00ed":"2 minuty"},"schema":{"@context":"https:\/\/schema.org","@graph":[{"@type":"WebPage","@id":"https:\/\/aviator-slotgame.com\/online-casino\/","url":"https:\/\/aviator-slotgame.com\/online-casino\/","name":"\u0418\u0433\u0440\u0430\u0439 \u0432 \u043e\u043d\u043b\u0430\u0439\u043d \u043a\u0430\u0437\u0438\u043d\u043e \u0438\u0433\u0440\u0443 \u0410\u0432\u0438\u0430\u0442\u043e\u0440 \u043d\u0430 \u0434\u0435\u043d\u044c\u0433\u0438 \u043f\u0440\u044f\u043c\u043e \u0441\u0435\u0439\u0447\u0430\u0441","isPartOf":{"@id":"https:\/\/aviator-slotgame.com\/#website"},"datePublished":"2024-09-06T16:58:13+00:00","dateModified":"2024-10-03T22:41:11+00:00","description":"\u0423\u0437\u043d\u0430\u0439\u0442\u0435,\u043a\u0430\u043a \u0432\u044b\u0431\u0440\u0430\u0442\u044c \u043f\u0440\u043e\u0432\u0435\u0440\u0435\u043d\u043d\u043e\u0435 \u043a\u0430\u0437\u0438\u043d\u043e \u0434\u043b\u044f \u0438\u0433\u0440\u044b \u0432 \u0441\u043b\u043e\u0442 \u0410\u0432\u0438\u0430\u0442\u043e\u0440.\u041b\u0438\u0446\u0435\u043d\u0437\u0438\u044f, \u0431\u0435\u0437\u043e\u043f\u0430\u0441\u043d\u043e\u0441\u0442\u044c, \u0440\u0435\u043f\u0443\u0442\u0430\u0446\u0438\u044f \u0438 \u0431\u043e\u043d\u0443\u0441\u044b \u043f\u043e\u043c\u043e\u0433\u0443\u0442 \u0432\u0430\u043c \u0432\u044b\u0431\u0440\u0430\u0442\u044c \u043d\u0430\u0434\u0435\u0436\u043d\u044b\u0439 \u0441\u0430\u0439\u0442 \u0434\u043b\u044f \u0438\u0433\u0440\u044b \u043d\u0430 \u0434\u0435\u043d\u044c\u0433\u0438.","breadcrumb":{"@id":"https:\/\/aviator-slotgame.com\/online-casino\/#breadcrumb"},"inLanguage":"cs","potentialAction":[{"@type":"ReadAction","target":["https:\/\/aviator-slotgame.com\/online-casino\/"]}]},{"@type":"BreadcrumbList","@id":"https:\/\/aviator-slotgame.com\/online-casino\/#breadcrumb","itemListElement":[{"@type":"ListItem","position":1,"name":"Home","item":"https:\/\/aviator-slotgame.com\/"},{"@type":"ListItem","position":2,"name":"\u041d\u0430\u0447\u043d\u0438 \u0438\u0433\u0440\u0430\u0442\u044c \u0432 \u0410\u0432\u0438\u0430\u0442\u043e\u0440 \u0441 \u043f\u0440\u043e\u0432\u0435\u0440\u0435\u043d\u043d\u044b\u043c \u043a\u0430\u0437\u0438\u043d\u043e \u0438 \u0431\u043e\u043d\u0443\u0441\u0430\u043c\u0438"}]},{"@type":"WebSite","@id":"https:\/\/aviator-slotgame.com\/#website","url":"https:\/\/aviator-slotgame.com\/","name":"Aviator","description":"","publisher":{"@id":"https:\/\/aviator-slotgame.com\/#organization"},"potentialAction":[{"@type":"SearchAction","target":{"@type":"EntryPoint","urlTemplate":"https:\/\/aviator-slotgame.com\/?s={search_term_string}"},"query-input":"required name=search_term_string"}],"inLanguage":"cs"},{"@type":"Organization","@id":"https:\/\/aviator-slotgame.com\/#organization","name":"Aviator","url":"https:\/\/aviator-slotgame.com\/","logo":{"@type":"ImageObject","inLanguage":"cs","@id":"https:\/\/aviator-slotgame.com\/#\/schema\/logo\/image\/","url":"https:\/\/aviator-slotgame.com\/wp-content\/uploads\/16f5e8_dade544d4623411c9c4153c639aae85amv2.webp","contentUrl":"https:\/\/aviator-slotgame.com\/wp-content\/uploads\/16f5e8_dade544d4623411c9c4153c639aae85amv2.webp","width":400,"height":300,"caption":"Aviator"},"image":{"@id":"https:\/\/aviator-slotgame.com\/#\/schema\/logo\/image\/"}}]}},"amp_enabled":true,"_links":{"self":[{"href":"https:\/\/aviator-slotgame.com\/cs\/wp-json\/wp\/v2\/pages\/278","targetHints":{"allow":["GET"]}}],"collection":[{"href":"https:\/\/aviator-slotgame.com\/cs\/wp-json\/wp\/v2\/pages"}],"about":[{"href":"https:\/\/aviator-slotgame.com\/cs\/wp-json\/wp\/v2\/types\/page"}],"author":[{"embeddable":true,"href":"https:\/\/aviator-slotgame.com\/cs\/wp-json\/wp\/v2\/users\/1"}],"replies":[{"embeddable":true,"href":"https:\/\/aviator-slotgame.com\/cs\/wp-json\/wp\/v2\/comments?post=278"}],"version-history":[{"count":9,"href":"https:\/\/aviator-slotgame.com\/cs\/wp-json\/wp\/v2\/pages\/278\/revisions"}],"predecessor-version":[{"id":405,"href":"https:\/\/aviator-slotgame.com\/cs\/wp-json\/wp\/v2\/pages\/278\/revisions\/405"}],"wp:attachment":[{"href":"https:\/\/aviator-slotgame.com\/cs\/wp-json\/wp\/v2\/media?parent=278"}],"curies":[{"name":"wp","href":"https:\/\/api.w.org\/{rel}","templated":true}]}}