{"id":29,"date":"2024-01-31T12:59:48","date_gmt":"2024-01-31T12:59:48","guid":{"rendered":"https:\/\/aviator-slotgame.com\/?page_id=29"},"modified":"2024-10-04T00:04:28","modified_gmt":"2024-10-04T00:04:28","slug":"aviator-by-spribe","status":"publish","type":"page","link":"https:\/\/aviator-slotgame.com\/cs\/online-kasina-s-letcem-od-spribe\/","title":{"rendered":"Online kasino s Aviator od Spribe"},"content":{"rendered":"<div class=\"19c7ce0afd79220096c0c2bc0221da09\" data-index=\"1\" style=\"float: none; margin:10px 0 10px 0; text-align:center;\">\n<div class=\"custom-play-button\">\r\n<center><a href=\"https:\/\/aviator-slotgame.com\/cs\/play-game\/\" rel=\"nofollow\" target=\"_blank\">hr\u00e1t hned<\/a><br><\/center>\r\n<\/div>\n<\/div>\n<p>Hled\u00e1te online kasina, kter\u00e1 nab\u00edzej\u00ed Aviator? Jste na spr\u00e1vn\u00e9m m\u00edst\u011b!<\/p>\n<p>Hran\u00ed v online kasinu m\u016f\u017ee b\u00fdt vzru\u0161uj\u00edc\u00ed a z\u00e1bavn\u00fd z\u00e1\u017eitek. Aviator nab\u00edz\u00ed plynul\u00e9 hran\u00ed, skv\u011blou grafiku a bonusy. V nejlep\u0161\u00edch online kasinech, kter\u00e1 tuto hru nab\u00edzej\u00ed, m\u016f\u017eete o\u010dek\u00e1vat snadn\u00e9 vklady a v\u00fdb\u011bry, podm\u00ednky bezpe\u010dn\u00e9 hry, nep\u0159etr\u017eitou z\u00e1kaznickou podporu a \u0161irokou \u0161k\u00e1lu her, ze kter\u00fdch si m\u016f\u017eete vybrat.<\/p>\n<p>Kdy\u017e hrajete v online kasinu o skute\u010dn\u00e9 pen\u00edze nebo kryptom\u011bnu, je d\u016fle\u017eit\u00e9 se ujistit, \u017ee je online kasino d\u016fv\u011bryhodn\u00e9. Pom\u016f\u017eeme v\u00e1m rozhodnout, kter\u00e9 online kasino je nejlep\u0161\u00ed pro va\u0161e pot\u0159eby Aviator. Podle tohoto pr\u016fvodce snadno najdete online kasina, kter\u00e1 nab\u00edzej\u00ed Aviator, a m\u016f\u017eete si hned za\u010d\u00edt u\u017e\u00edvat vynikaj\u00edc\u00ed online hry!<\/p>\n<p><img loading=\"lazy\" decoding=\"async\" class=\"alignnone size-full wp-image-209\" title=\"Letec od Spribe\" src=\"https:\/\/aviator-slotgame.com\/wp-content\/uploads\/aviator-2.png\" alt=\"Letec od Spribe\" width=\"800\" height=\"445\" srcset=\"https:\/\/aviator-slotgame.com\/wp-content\/uploads\/aviator-2.png 800w, https:\/\/aviator-slotgame.com\/wp-content\/uploads\/aviator-2-300x167.png 300w, https:\/\/aviator-slotgame.com\/wp-content\/uploads\/aviator-2-768x427.png 768w, https:\/\/aviator-slotgame.com\/wp-content\/uploads\/aviator-2-18x10.png 18w\" sizes=\"auto, (max-width: 800px) 100vw, 800px\" \/><\/p><div class=\"19c7ce0afd79220096c0c2bc0221da09\" data-index=\"1\" style=\"float: none; margin:10px 0 10px 0; text-align:center;\">\n<div class=\"custom-play-button\">\r\n<center><a href=\"https:\/\/aviator-slotgame.com\/cs\/play-game\/\" rel=\"nofollow\" target=\"_blank\">hr\u00e1t hned<\/a><br><\/center>\r\n<\/div>\n<\/div>\n\n<h2>V\u00fdb\u011br online kasina pro hran\u00ed Aviator<\/h2>\n<p>Zde je seznam ot\u00e1zek, kter\u00e9 je t\u0159eba zv\u00e1\u017eit p\u0159i v\u00fdb\u011bru str\u00e1nky kasina:<\/p>\n<ul>\n<li>M\u00e1 str\u00e1nka mezi hr\u00e1\u010di dobrou pov\u011bst?<\/li>\n<li>Je na t\u00e9to str\u00e1nce k dispozici Aviator?<\/li>\n<li>M\u00e1 toto kasino licenci k provozov\u00e1n\u00ed ve va\u0161\u00ed zemi?<\/li>\n<li>P\u0159ij\u00edm\u00e1 online kasino va\u0161i preferovanou m\u011bnu?<\/li>\n<li>Pokud chcete pou\u017e\u00edvat kryptom\u011bnu, p\u0159ij\u00edmaj\u00ed va\u0161i obl\u00edbenou minci?<\/li>\n<li>Jak\u00e9 uv\u00edtac\u00ed bonusy jsou k dispozici nov\u00fdm hr\u00e1\u010d\u016fm online kasina?<\/li>\n<\/ul>\n<h3>Nejlep\u0161\u00ed uv\u00edtac\u00ed bonusy pro hr\u00e1\u010de Aviator<\/h3>\n<p>Nejlep\u0161\u00ed uv\u00edtac\u00ed bonus kasina nab\u00eddne nov\u00fdm hr\u00e1\u010d\u016fm odpov\u00eddaj\u00edc\u00ed kredit webu p\u0159i jejich prvn\u00edm vkladu a tak\u00e9 bal\u00ed\u010dek rozto\u010den\u00ed zdarma! P\u0159ed registrac\u00ed si nezapome\u0148te p\u0159e\u010d\u00edst podm\u00ednky online kasina.<\/p>\n<p>V neposledn\u00ed \u0159ad\u011b se nezapome\u0148te bavit! Hran\u00ed v online kasinu by m\u011blo b\u00fdt z\u00e1bavn\u00e9. Ud\u011blejte si \u010das, prove\u010fte n\u011bkolik testovac\u00edch j\u00edzd a pak si u\u017eijte vzru\u0161en\u00ed z hran\u00ed Aviator! Hodn\u011b \u0161t\u011bst\u00ed!<\/p>\n<table>\n<tbody>\n<tr>\n<td><strong>V\u00cdTEJTE BONUSOV\u00c9 NAB\u00cdDKY<\/strong><\/td>\n<\/tr>\n<tr>\n<td><strong>Prvn\u00ed vkladov\u00e1 p\u016fj\u010dka<\/strong><\/td>\n<td>150% nebo vy\u0161\u0161\u00ed<\/td>\n<\/tr>\n<tr>\n<td><strong>Maxim\u00e1ln\u00ed bonus<\/strong><\/td>\n<td>Ne m\u00e9n\u011b ne\u017e 25 000 \u20b9<\/td>\n<\/tr>\n<tr>\n<td><strong>Zato\u010den\u00ed zdarma<\/strong><\/td>\n<td>150+ rozto\u010den\u00ed zdarma<\/td>\n<\/tr>\n<\/tbody>\n<\/table>\n<p><img loading=\"lazy\" decoding=\"async\" class=\"alignnone size-full wp-image-363\" src=\"https:\/\/aviator-slotgame.com\/wp-content\/uploads\/Aviator-32-800-x-600-\u043f\u0438\u043a\u0441.jpg\" alt=\"Online kasino ve h\u0159e Aviator\" width=\"800\" height=\"600\" srcset=\"https:\/\/aviator-slotgame.com\/wp-content\/uploads\/Aviator-32-800-x-600-\u043f\u0438\u043a\u0441.jpg 800w, https:\/\/aviator-slotgame.com\/wp-content\/uploads\/Aviator-32-800-x-600-\u043f\u0438\u043a\u0441-300x225.jpg 300w, https:\/\/aviator-slotgame.com\/wp-content\/uploads\/Aviator-32-800-x-600-\u043f\u0438\u043a\u0441-768x576.jpg 768w, https:\/\/aviator-slotgame.com\/wp-content\/uploads\/Aviator-32-800-x-600-\u043f\u0438\u043a\u0441-16x12.jpg 16w\" sizes=\"auto, (max-width: 800px) 100vw, 800px\" \/><\/p>\n<h2 id=\"h-online-cryptocurrency-casinos\">Online kasina s kryptom\u011bnami<\/h2>\n<p>Po\u010d\u00e1te\u010dn\u00ed popularita Aviator poch\u00e1z\u00ed ze sv\u011bta kryptom\u011bnov\u00fdch kasin. D\u00edky n\u00edzk\u00e9mu house edge a rychl\u00e9mu tempu hry se stal obl\u00edben\u00fdm mezi hr\u00e1\u010di krypto automat\u016f po cel\u00e9m sv\u011bt\u011b. Soci\u00e1ln\u00ed multiplayer a kompetitivn\u00ed aspekty nav\u00edc d\u011blaj\u00ed ze hry perfektn\u00ed volbu pro krypto komunity.<\/p>\n<p>Pokud hled\u00e1te online kasino, kter\u00e9 podporuje kryptom\u011bny, pak je t\u0159eba m\u00edt na pam\u011bti n\u011bkolik v\u011bc\u00ed.<\/p>\n<figure class=\"wp-block-table\">\n<table>\n<tbody>\n<tr>\n<td><strong>B\u011a\u017dN\u011a P\u0158IJ\u00cdMAN\u00c9 KRYPTOM\u011aNY V KASINECH<\/strong><\/td>\n<\/tr>\n<tr>\n<td><strong>bitcoin (BTC)<\/strong><\/td>\n<\/tr>\n<tr>\n<td><strong>Ethereum (ETH)<\/strong><\/td>\n<\/tr>\n<tr>\n<td><strong>Bitcoin Cash (BCH)<\/strong><\/td>\n<\/tr>\n<tr>\n<td><strong>Litecoin (LTC)<\/strong><\/td>\n<\/tr>\n<tr>\n<td><strong>dogecoin (DOGE)<\/strong><\/td>\n<\/tr>\n<\/tbody>\n<\/table>\n<\/figure>\n<p><img loading=\"lazy\" decoding=\"async\" class=\"alignnone size-full wp-image-356\" src=\"https:\/\/aviator-slotgame.com\/wp-content\/uploads\/Aviator-29-800-x-600-\u043f\u0438\u043a\u0441-1.jpg\" alt=\"Platba kryptom\u011bnami v online kasinech\" width=\"800\" height=\"600\" srcset=\"https:\/\/aviator-slotgame.com\/wp-content\/uploads\/Aviator-29-800-x-600-\u043f\u0438\u043a\u0441-1.jpg 800w, https:\/\/aviator-slotgame.com\/wp-content\/uploads\/Aviator-29-800-x-600-\u043f\u0438\u043a\u0441-1-300x225.jpg 300w, https:\/\/aviator-slotgame.com\/wp-content\/uploads\/Aviator-29-800-x-600-\u043f\u0438\u043a\u0441-1-768x576.jpg 768w, https:\/\/aviator-slotgame.com\/wp-content\/uploads\/Aviator-29-800-x-600-\u043f\u0438\u043a\u0441-1-16x12.jpg 16w\" sizes=\"auto, (max-width: 800px) 100vw, 800px\" \/><\/p>\n<h2 id=\"h-the-social-experience\">Soci\u00e1ln\u00ed zku\u0161enost<\/h2>\n<p>Ve h\u0159e Aviator m\u016f\u017eete chatovat s ostatn\u00edmi hr\u00e1\u010di v re\u00e1ln\u00e9m \u010dase, nastavit si vlastn\u00ed profilovou fotku, prohl\u00ed\u017eet si vz\u00e1jemn\u00e9 s\u00e1zky a p\u0159edv\u00e1d\u011bt sv\u00e9 nejvy\u0161\u0161\u00ed v\u00fdhry! A to v\u0161e online!<\/p>\n<p>Jen m\u00e1lo her podobn\u00fdch automat\u016fm nab\u00edz\u00ed hr\u00e1\u010d\u016fm p\u0159\u00edle\u017eitost komunikovat a sledovat vz\u00e1jemn\u00e9 s\u00e1zky jako Aviator. Pocit online hran\u00ed pro v\u00edce hr\u00e1\u010d\u016f je ve sv\u011bt\u011b kasin, kde jsou lid\u00e9 \u010dasto izolovan\u00ed, a to\u010d\u00ed sv\u00e9 obl\u00edben\u00e9 kotou\u010de sami, vz\u00e1cn\u00fd. V b\u011b\u017en\u00e9m kasinu m\u016f\u017eete b\u00fdt osam\u011bl\u00ed, ale na str\u00e1nk\u00e1ch je to 100kr\u00e1t jednodu\u0161\u0161\u00ed.<\/p>\n<p><img loading=\"lazy\" decoding=\"async\" class=\"alignnone size-full wp-image-365\" src=\"https:\/\/aviator-slotgame.com\/wp-content\/uploads\/Aviator-33-800-x-600-\u043f\u0438\u043a\u0441.jpg\" alt=\"Spole\u010densk\u00e1 zku\u0161enost s letcem\" width=\"800\" height=\"600\" srcset=\"https:\/\/aviator-slotgame.com\/wp-content\/uploads\/Aviator-33-800-x-600-\u043f\u0438\u043a\u0441.jpg 800w, https:\/\/aviator-slotgame.com\/wp-content\/uploads\/Aviator-33-800-x-600-\u043f\u0438\u043a\u0441-300x225.jpg 300w, https:\/\/aviator-slotgame.com\/wp-content\/uploads\/Aviator-33-800-x-600-\u043f\u0438\u043a\u0441-768x576.jpg 768w, https:\/\/aviator-slotgame.com\/wp-content\/uploads\/Aviator-33-800-x-600-\u043f\u0438\u043a\u0441-16x12.jpg 16w\" sizes=\"auto, (max-width: 800px) 100vw, 800px\" \/><\/p>\n<h2 id=\"h-aviator-mobile-devices\">Leteck\u00e1 mobiln\u00ed za\u0159\u00edzen\u00ed<\/h2>\n<p>Pokud va\u0161e obl\u00edben\u00e9 kasino nab\u00edz\u00ed mobiln\u00ed verzi sv\u00e9ho webu nebo speci\u00e1ln\u00ed aplikaci, m\u016f\u017eete hr\u00e1t Aviator online odkudkoli, kde m\u00e1te mobiln\u00ed slu\u017ebu. Mo\u017en\u00e1 jsi na pl\u00e1\u017ei nebo na gau\u010di. Nebo mo\u017en\u00e1 stoj\u00edte ve front\u011b na rann\u00ed k\u00e1vu a chcete si b\u011bhem \u010dek\u00e1n\u00ed vsadit na p\u00e1r let\u016f.<\/p>\n<p>To je skv\u011bl\u00e1 zpr\u00e1va, pokud hrajete Aviator \u2013 hra je optimalizov\u00e1na pro obrazovky smartphon\u016f a hraje se perfektn\u011b na opera\u010dn\u00edch syst\u00e9mech Android i iOS. A d\u00edky pohodln\u00fdm ovl\u00e1dac\u00edm prvk\u016fm m\u016f\u017eete snadno vsadit, kliknout na tla\u010d\u00edtko \u201eVybrat\u201c a vybrat sv\u00e9 v\u00fdhry odkudkoli!<\/p>\n<p><img loading=\"lazy\" decoding=\"async\" class=\"alignnone size-full wp-image-367\" src=\"https:\/\/aviator-slotgame.com\/wp-content\/uploads\/Aviator-34-800-x-600-\u043f\u0438\u043a\u0441.jpg\" alt=\"Zahrajte si Aviator na telefonech\" width=\"800\" height=\"600\" srcset=\"https:\/\/aviator-slotgame.com\/wp-content\/uploads\/Aviator-34-800-x-600-\u043f\u0438\u043a\u0441.jpg 800w, https:\/\/aviator-slotgame.com\/wp-content\/uploads\/Aviator-34-800-x-600-\u043f\u0438\u043a\u0441-300x225.jpg 300w, https:\/\/aviator-slotgame.com\/wp-content\/uploads\/Aviator-34-800-x-600-\u043f\u0438\u043a\u0441-768x576.jpg 768w, https:\/\/aviator-slotgame.com\/wp-content\/uploads\/Aviator-34-800-x-600-\u043f\u0438\u043a\u0441-16x12.jpg 16w\" sizes=\"auto, (max-width: 800px) 100vw, 800px\" \/><\/p>\n<h2 id=\"h-the-bottom-line\">Se\u010dteno a podtr\u017eeno<\/h2>\n<p>Pokud hled\u00e1te vzru\u0161uj\u00edc\u00ed a nov\u00e9 online kasino, nehledejte nic jin\u00e9ho ne\u017e Aviator od Spribe. S n\u00edzk\u00fdmi s\u00e1zkami a snadno nau\u010diteln\u00fdmi pravidly m\u00e1 toto kasino n\u011bco pro ka\u017ed\u00e9ho. Nav\u00edc se sv\u00fdm soci\u00e1ln\u00edm aspektem a podporou kryptom\u011bn m\u016f\u017ee Aviator posunout va\u0161e online vzru\u0161en\u00ed na dal\u0161\u00ed \u00farove\u0148! Na co \u010dek\u00e1\u0161? Vyzkou\u0161ejte to je\u0161t\u011b dnes a zjist\u011bte, pro\u010d je to jedna z nej\u017ehav\u011bj\u0161\u00edch nov\u00fdch her ve m\u011bst\u011b!<\/p>\n<p>M\u011bjte dobr\u00fd let!<\/p>\n<p><img loading=\"lazy\" decoding=\"async\" class=\"alignnone size-full wp-image-369\" src=\"https:\/\/aviator-slotgame.com\/wp-content\/uploads\/Aviator-35-800-x-600-\u043f\u0438\u043a\u0441.jpg\" alt=\"V\u00fdsledky\" width=\"800\" height=\"600\" srcset=\"https:\/\/aviator-slotgame.com\/wp-content\/uploads\/Aviator-35-800-x-600-\u043f\u0438\u043a\u0441.jpg 800w, https:\/\/aviator-slotgame.com\/wp-content\/uploads\/Aviator-35-800-x-600-\u043f\u0438\u043a\u0441-300x225.jpg 300w, https:\/\/aviator-slotgame.com\/wp-content\/uploads\/Aviator-35-800-x-600-\u043f\u0438\u043a\u0441-768x576.jpg 768w, https:\/\/aviator-slotgame.com\/wp-content\/uploads\/Aviator-35-800-x-600-\u043f\u0438\u043a\u0441-16x12.jpg 16w\" sizes=\"auto, (max-width: 800px) 100vw, 800px\" \/><\/p>\n<h2 id=\"h-frequently-asked-questions-faq\">\u010casto kladen\u00e9 ot\u00e1zky (FAQ)<\/h2>\n<h3 id=\"h-is-aviator-legal\">Je hra Aviator leg\u00e1ln\u00ed?<\/h3>\n<p>Ano. Aviator je leg\u00e1ln\u00ed 100%. Online kasina, kter\u00e1 tuto hru nab\u00edzej\u00ed, jsou tak\u00e9 leg\u00e1ln\u00ed, licencovan\u00e1 a regulovan\u00e1 p\u0159\u00edslu\u0161n\u00fdmi vl\u00e1dn\u00edmi org\u00e1ny ve sv\u00fdch regionech.<\/p>\n<h3 id=\"h-who-makes-aviator\">Kdo vyr\u00e1b\u00ed Aviator?<\/h3>\n<p>Aviator vytvo\u0159il Spribe.<\/p>\n<p>Spribe podporuje a vyv\u00edj\u00ed \u0161irokou \u0161k\u00e1lu online her pro str\u00e1nky po cel\u00e9m sv\u011bt\u011b.<\/p>\n<h3 id=\"h-are-online-casinos-rigged\">Jsou online kasina podvody?<\/h3>\n<p>Pokud si ke hran\u00ed vyberete renomovan\u00e9 licencovan\u00e9 str\u00e1nky, pak NEJSOU absolutn\u011b zmanipulovan\u00e9.<\/p>\n<h3 id=\"h-is-aviator-fair\">Je Aviator up\u0159\u00edmn\u00fd?<\/h3>\n<p>Je snadn\u00e9 b\u00fdt podez\u0159el\u00fd z online hazardn\u00edch her. Rozum\u00edme. Ale Aviator je nejf\u00e9rov\u011bj\u0161\u00ed a nejtransparentn\u011bj\u0161\u00ed kasino hra na cel\u00e9m trhu.<\/p>\n<p>Spribe pou\u017e\u00edv\u00e1 to, co naz\u00fdv\u00e1 Provably Fair Technology, aby zajistila, \u017ee ka\u017ed\u00e9 kolo bude zcela n\u00e1hodn\u00e9 a spravedliv\u00e9. Pokud hrajete n\u011bkterou z \u017eiv\u00fdch her, m\u016f\u017eete tuto informaci zobrazit kliknut\u00edm na ikonu zelen\u00e9ho \u0161t\u00edtu ve spodn\u00ed \u010d\u00e1sti obrazovky nebo vedle sv\u00e9 s\u00e1zky.<\/p>\n\n<div style=\"font-size: 0px; height: 0px; line-height: 0px; margin: 0; padding: 0; clear: both;\"><\/div>","protected":false},"excerpt":{"rendered":"<p>Hled\u00e1te online kasina, kter\u00e1 nab\u00edzej\u00ed Aviator? Jste na spr\u00e1vn\u00e9m m\u00edst\u011b! Hran\u00ed v online kasinu m\u016f\u017ee b\u00fdt vzru\u0161uj\u00edc\u00ed a z\u00e1bavn\u00e9<\/p>","protected":false},"author":1,"featured_media":0,"parent":0,"menu_order":0,"comment_status":"closed","ping_status":"closed","template":"","meta":{"footnotes":""},"class_list":["post-29","page","type-page","status-publish","hentry"],"yoast_head":"<!-- This site is optimized with the Yoast SEO plugin v22.0 - https:\/\/yoast.com\/wordpress\/plugins\/seo\/ -->\n<title>Aviator \u043e\u0442 Spribe \u2013 \u041f\u043e\u043f\u0443\u043b\u044f\u0440\u043d\u0430\u044f \u0438\u0433\u0440\u0430 \u0441 \u0432\u044b\u0441\u043e\u043a\u0438\u043c\u0438 \u0432\u044b\u0438\u0433\u0440\u044b\u0448\u0430\u043c\u0438<\/title>\n<meta name=\"description\" content=\"\u041a\u0440\u0430\u0448-\u0438\u0433\u0440\u0430 \u0410\u0432\u0438\u0430\u0442\u043e\u0440 \u043e\u0442 Spribe \u2013 \u043b\u0443\u0447\u0448\u0438\u0439 \u0441\u043b\u043e\u0442 \u0434\u043b\u044f \u0430\u0437\u0430\u0440\u0442\u043d\u044b\u0445 \u0438\u0433\u0440\u043e\u043a\u043e\u0432. \u0421\u043b\u0435\u0434\u0438 \u0437\u0430 \u0441\u0430\u043c\u043e\u043b\u0435\u0442\u043e\u043c \u0438 \u0438\u0433\u0440\u0430\u0439 \u043d\u0430 \u0434\u0435\u043d\u044c\u0433\u0438 \u0432 \u043e\u043d\u043b\u0430\u0439\u043d \u043a\u0430\u0437\u0438\u043d\u043e, \u0438\u0433\u0440\u0430\u0439 \u0441 \u043c\u043e\u0431\u0438\u043b\u044c\u043d\u043e\u0433\u043e \u0438\u043b\u0438 \u0441\u043a\u0430\u0447\u0430\u0439 \u043d\u0430 \u0442\u0435\u043b\u0435\u0444\u043e\u043d.\" \/>\n<meta name=\"robots\" content=\"index, follow, max-snippet:-1, max-image-preview:large, max-video-preview:-1\" \/>\n<link rel=\"canonical\" href=\"https:\/\/aviator-slotgame.com\/cs\/online-kasina-s-letcem-od-spribe\/\" \/>\n<meta property=\"og:locale\" content=\"cs_CZ\" \/>\n<meta property=\"og:type\" content=\"article\" \/>\n<meta property=\"og:title\" content=\"Aviator \u043e\u0442 Spribe \u2013 \u041f\u043e\u043f\u0443\u043b\u044f\u0440\u043d\u0430\u044f \u0438\u0433\u0440\u0430 \u0441 \u0432\u044b\u0441\u043e\u043a\u0438\u043c\u0438 \u0432\u044b\u0438\u0433\u0440\u044b\u0448\u0430\u043c\u0438\" \/>\n<meta property=\"og:description\" content=\"\u041a\u0440\u0430\u0448-\u0438\u0433\u0440\u0430 \u0410\u0432\u0438\u0430\u0442\u043e\u0440 \u043e\u0442 Spribe \u2013 \u043b\u0443\u0447\u0448\u0438\u0439 \u0441\u043b\u043e\u0442 \u0434\u043b\u044f \u0430\u0437\u0430\u0440\u0442\u043d\u044b\u0445 \u0438\u0433\u0440\u043e\u043a\u043e\u0432. \u0421\u043b\u0435\u0434\u0438 \u0437\u0430 \u0441\u0430\u043c\u043e\u043b\u0435\u0442\u043e\u043c \u0438 \u0438\u0433\u0440\u0430\u0439 \u043d\u0430 \u0434\u0435\u043d\u044c\u0433\u0438 \u0432 \u043e\u043d\u043b\u0430\u0439\u043d \u043a\u0430\u0437\u0438\u043d\u043e, \u0438\u0433\u0440\u0430\u0439 \u0441 \u043c\u043e\u0431\u0438\u043b\u044c\u043d\u043e\u0433\u043e \u0438\u043b\u0438 \u0441\u043a\u0430\u0447\u0430\u0439 \u043d\u0430 \u0442\u0435\u043b\u0435\u0444\u043e\u043d.\" \/>\n<meta property=\"og:url\" content=\"https:\/\/aviator-slotgame.com\/cs\/online-kasina-s-letcem-od-spribe\/\" \/>\n<meta property=\"og:site_name\" content=\"Aviator\" \/>\n<meta property=\"article:modified_time\" content=\"2024-10-04T00:04:28+00:00\" \/>\n<meta property=\"og:image\" content=\"https:\/\/aviator-slotgame.com\/wp-content\/uploads\/aviator-2.png\" \/>\n<meta name=\"twitter:card\" content=\"summary_large_image\" \/>\n<meta name=\"twitter:label1\" content=\"Odhadovan\u00e1 doba \u010dten\u00ed\" \/>\n\t<meta name=\"twitter:data1\" content=\"5 minut\" \/>\n<script type=\"application\/ld+json\" class=\"yoast-schema-graph\">{\"@context\":\"https:\/\/schema.org\",\"@graph\":[{\"@type\":\"WebPage\",\"@id\":\"https:\/\/aviator-slotgame.com\/aviator-by-spribe\/\",\"url\":\"https:\/\/aviator-slotgame.com\/aviator-by-spribe\/\",\"name\":\"Aviator \u043e\u0442 Spribe \u2013 \u041f\u043e\u043f\u0443\u043b\u044f\u0440\u043d\u0430\u044f \u0438\u0433\u0440\u0430 \u0441 \u0432\u044b\u0441\u043e\u043a\u0438\u043c\u0438 \u0432\u044b\u0438\u0433\u0440\u044b\u0448\u0430\u043c\u0438\",\"isPartOf\":{\"@id\":\"https:\/\/aviator-slotgame.com\/#website\"},\"datePublished\":\"2024-01-31T12:59:48+00:00\",\"dateModified\":\"2024-10-04T00:04:28+00:00\",\"description\":\"\u041a\u0440\u0430\u0448-\u0438\u0433\u0440\u0430 \u0410\u0432\u0438\u0430\u0442\u043e\u0440 \u043e\u0442 Spribe \u2013 \u043b\u0443\u0447\u0448\u0438\u0439 \u0441\u043b\u043e\u0442 \u0434\u043b\u044f \u0430\u0437\u0430\u0440\u0442\u043d\u044b\u0445 \u0438\u0433\u0440\u043e\u043a\u043e\u0432. \u0421\u043b\u0435\u0434\u0438 \u0437\u0430 \u0441\u0430\u043c\u043e\u043b\u0435\u0442\u043e\u043c \u0438 \u0438\u0433\u0440\u0430\u0439 \u043d\u0430 \u0434\u0435\u043d\u044c\u0433\u0438 \u0432 \u043e\u043d\u043b\u0430\u0439\u043d \u043a\u0430\u0437\u0438\u043d\u043e, \u0438\u0433\u0440\u0430\u0439 \u0441 \u043c\u043e\u0431\u0438\u043b\u044c\u043d\u043e\u0433\u043e \u0438\u043b\u0438 \u0441\u043a\u0430\u0447\u0430\u0439 \u043d\u0430 \u0442\u0435\u043b\u0435\u0444\u043e\u043d.\",\"breadcrumb\":{\"@id\":\"https:\/\/aviator-slotgame.com\/aviator-by-spribe\/#breadcrumb\"},\"inLanguage\":\"cs\",\"potentialAction\":[{\"@type\":\"ReadAction\",\"target\":[\"https:\/\/aviator-slotgame.com\/aviator-by-spribe\/\"]}]},{\"@type\":\"BreadcrumbList\",\"@id\":\"https:\/\/aviator-slotgame.com\/aviator-by-spribe\/#breadcrumb\",\"itemListElement\":[{\"@type\":\"ListItem\",\"position\":1,\"name\":\"Home\",\"item\":\"https:\/\/aviator-slotgame.com\/\"},{\"@type\":\"ListItem\",\"position\":2,\"name\":\"\u041e\u043d\u043b\u0430\u0439\u043d \u043a\u0430\u0437\u0438\u043d\u043e \u0441 \u0410\u0432\u0438\u0430\u0442\u043e\u0440\u043e\u043c \u043e\u0442 Spribe\"}]},{\"@type\":\"WebSite\",\"@id\":\"https:\/\/aviator-slotgame.com\/#website\",\"url\":\"https:\/\/aviator-slotgame.com\/\",\"name\":\"Aviator\",\"description\":\"\",\"publisher\":{\"@id\":\"https:\/\/aviator-slotgame.com\/#organization\"},\"potentialAction\":[{\"@type\":\"SearchAction\",\"target\":{\"@type\":\"EntryPoint\",\"urlTemplate\":\"https:\/\/aviator-slotgame.com\/?s={search_term_string}\"},\"query-input\":\"required name=search_term_string\"}],\"inLanguage\":\"cs\"},{\"@type\":\"Organization\",\"@id\":\"https:\/\/aviator-slotgame.com\/#organization\",\"name\":\"Aviator\",\"url\":\"https:\/\/aviator-slotgame.com\/\",\"logo\":{\"@type\":\"ImageObject\",\"inLanguage\":\"cs\",\"@id\":\"https:\/\/aviator-slotgame.com\/#\/schema\/logo\/image\/\",\"url\":\"https:\/\/aviator-slotgame.com\/wp-content\/uploads\/16f5e8_dade544d4623411c9c4153c639aae85amv2.webp\",\"contentUrl\":\"https:\/\/aviator-slotgame.com\/wp-content\/uploads\/16f5e8_dade544d4623411c9c4153c639aae85amv2.webp\",\"width\":400,\"height\":300,\"caption\":\"Aviator\"},\"image\":{\"@id\":\"https:\/\/aviator-slotgame.com\/#\/schema\/logo\/image\/\"}}]}<\/script>\n<!-- \/ Yoast SEO plugin. -->","yoast_head_json":{"title":"Aviator \u043e\u0442 Spribe \u2013 \u041f\u043e\u043f\u0443\u043b\u044f\u0440\u043d\u0430\u044f \u0438\u0433\u0440\u0430 \u0441 \u0432\u044b\u0441\u043e\u043a\u0438\u043c\u0438 \u0432\u044b\u0438\u0433\u0440\u044b\u0448\u0430\u043c\u0438","description":"\u041a\u0440\u0430\u0448-\u0438\u0433\u0440\u0430 \u0410\u0432\u0438\u0430\u0442\u043e\u0440 \u043e\u0442 Spribe \u2013 \u043b\u0443\u0447\u0448\u0438\u0439 \u0441\u043b\u043e\u0442 \u0434\u043b\u044f \u0430\u0437\u0430\u0440\u0442\u043d\u044b\u0445 \u0438\u0433\u0440\u043e\u043a\u043e\u0432. \u0421\u043b\u0435\u0434\u0438 \u0437\u0430 \u0441\u0430\u043c\u043e\u043b\u0435\u0442\u043e\u043c \u0438 \u0438\u0433\u0440\u0430\u0439 \u043d\u0430 \u0434\u0435\u043d\u044c\u0433\u0438 \u0432 \u043e\u043d\u043b\u0430\u0439\u043d \u043a\u0430\u0437\u0438\u043d\u043e, \u0438\u0433\u0440\u0430\u0439 \u0441 \u043c\u043e\u0431\u0438\u043b\u044c\u043d\u043e\u0433\u043e \u0438\u043b\u0438 \u0441\u043a\u0430\u0447\u0430\u0439 \u043d\u0430 \u0442\u0435\u043b\u0435\u0444\u043e\u043d.","robots":{"index":"index","follow":"follow","max-snippet":"max-snippet:-1","max-image-preview":"max-image-preview:large","max-video-preview":"max-video-preview:-1"},"canonical":"https:\/\/aviator-slotgame.com\/cs\/online-kasina-s-letcem-od-spribe\/","og_locale":"cs_CZ","og_type":"article","og_title":"Aviator \u043e\u0442 Spribe \u2013 \u041f\u043e\u043f\u0443\u043b\u044f\u0440\u043d\u0430\u044f \u0438\u0433\u0440\u0430 \u0441 \u0432\u044b\u0441\u043e\u043a\u0438\u043c\u0438 \u0432\u044b\u0438\u0433\u0440\u044b\u0448\u0430\u043c\u0438","og_description":"\u041a\u0440\u0430\u0448-\u0438\u0433\u0440\u0430 \u0410\u0432\u0438\u0430\u0442\u043e\u0440 \u043e\u0442 Spribe \u2013 \u043b\u0443\u0447\u0448\u0438\u0439 \u0441\u043b\u043e\u0442 \u0434\u043b\u044f \u0430\u0437\u0430\u0440\u0442\u043d\u044b\u0445 \u0438\u0433\u0440\u043e\u043a\u043e\u0432. \u0421\u043b\u0435\u0434\u0438 \u0437\u0430 \u0441\u0430\u043c\u043e\u043b\u0435\u0442\u043e\u043c \u0438 \u0438\u0433\u0440\u0430\u0439 \u043d\u0430 \u0434\u0435\u043d\u044c\u0433\u0438 \u0432 \u043e\u043d\u043b\u0430\u0439\u043d \u043a\u0430\u0437\u0438\u043d\u043e, \u0438\u0433\u0440\u0430\u0439 \u0441 \u043c\u043e\u0431\u0438\u043b\u044c\u043d\u043e\u0433\u043e \u0438\u043b\u0438 \u0441\u043a\u0430\u0447\u0430\u0439 \u043d\u0430 \u0442\u0435\u043b\u0435\u0444\u043e\u043d.","og_url":"https:\/\/aviator-slotgame.com\/cs\/online-kasina-s-letcem-od-spribe\/","og_site_name":"Aviator","article_modified_time":"2024-10-04T00:04:28+00:00","og_image":[{"url":"https:\/\/aviator-slotgame.com\/wp-content\/uploads\/aviator-2.png"}],"twitter_card":"summary_large_image","twitter_misc":{"Odhadovan\u00e1 doba \u010dten\u00ed":"5 minut"},"schema":{"@context":"https:\/\/schema.org","@graph":[{"@type":"WebPage","@id":"https:\/\/aviator-slotgame.com\/aviator-by-spribe\/","url":"https:\/\/aviator-slotgame.com\/aviator-by-spribe\/","name":"Aviator \u043e\u0442 Spribe \u2013 \u041f\u043e\u043f\u0443\u043b\u044f\u0440\u043d\u0430\u044f \u0438\u0433\u0440\u0430 \u0441 \u0432\u044b\u0441\u043e\u043a\u0438\u043c\u0438 \u0432\u044b\u0438\u0433\u0440\u044b\u0448\u0430\u043c\u0438","isPartOf":{"@id":"https:\/\/aviator-slotgame.com\/#website"},"datePublished":"2024-01-31T12:59:48+00:00","dateModified":"2024-10-04T00:04:28+00:00","description":"\u041a\u0440\u0430\u0448-\u0438\u0433\u0440\u0430 \u0410\u0432\u0438\u0430\u0442\u043e\u0440 \u043e\u0442 Spribe \u2013 \u043b\u0443\u0447\u0448\u0438\u0439 \u0441\u043b\u043e\u0442 \u0434\u043b\u044f \u0430\u0437\u0430\u0440\u0442\u043d\u044b\u0445 \u0438\u0433\u0440\u043e\u043a\u043e\u0432. \u0421\u043b\u0435\u0434\u0438 \u0437\u0430 \u0441\u0430\u043c\u043e\u043b\u0435\u0442\u043e\u043c \u0438 \u0438\u0433\u0440\u0430\u0439 \u043d\u0430 \u0434\u0435\u043d\u044c\u0433\u0438 \u0432 \u043e\u043d\u043b\u0430\u0439\u043d \u043a\u0430\u0437\u0438\u043d\u043e, \u0438\u0433\u0440\u0430\u0439 \u0441 \u043c\u043e\u0431\u0438\u043b\u044c\u043d\u043e\u0433\u043e \u0438\u043b\u0438 \u0441\u043a\u0430\u0447\u0430\u0439 \u043d\u0430 \u0442\u0435\u043b\u0435\u0444\u043e\u043d.","breadcrumb":{"@id":"https:\/\/aviator-slotgame.com\/aviator-by-spribe\/#breadcrumb"},"inLanguage":"cs","potentialAction":[{"@type":"ReadAction","target":["https:\/\/aviator-slotgame.com\/aviator-by-spribe\/"]}]},{"@type":"BreadcrumbList","@id":"https:\/\/aviator-slotgame.com\/aviator-by-spribe\/#breadcrumb","itemListElement":[{"@type":"ListItem","position":1,"name":"Home","item":"https:\/\/aviator-slotgame.com\/"},{"@type":"ListItem","position":2,"name":"\u041e\u043d\u043b\u0430\u0439\u043d \u043a\u0430\u0437\u0438\u043d\u043e \u0441 \u0410\u0432\u0438\u0430\u0442\u043e\u0440\u043e\u043c \u043e\u0442 Spribe"}]},{"@type":"WebSite","@id":"https:\/\/aviator-slotgame.com\/#website","url":"https:\/\/aviator-slotgame.com\/","name":"Aviator","description":"","publisher":{"@id":"https:\/\/aviator-slotgame.com\/#organization"},"potentialAction":[{"@type":"SearchAction","target":{"@type":"EntryPoint","urlTemplate":"https:\/\/aviator-slotgame.com\/?s={search_term_string}"},"query-input":"required name=search_term_string"}],"inLanguage":"cs"},{"@type":"Organization","@id":"https:\/\/aviator-slotgame.com\/#organization","name":"Aviator","url":"https:\/\/aviator-slotgame.com\/","logo":{"@type":"ImageObject","inLanguage":"cs","@id":"https:\/\/aviator-slotgame.com\/#\/schema\/logo\/image\/","url":"https:\/\/aviator-slotgame.com\/wp-content\/uploads\/16f5e8_dade544d4623411c9c4153c639aae85amv2.webp","contentUrl":"https:\/\/aviator-slotgame.com\/wp-content\/uploads\/16f5e8_dade544d4623411c9c4153c639aae85amv2.webp","width":400,"height":300,"caption":"Aviator"},"image":{"@id":"https:\/\/aviator-slotgame.com\/#\/schema\/logo\/image\/"}}]}},"amp_enabled":true,"_links":{"self":[{"href":"https:\/\/aviator-slotgame.com\/cs\/wp-json\/wp\/v2\/pages\/29","targetHints":{"allow":["GET"]}}],"collection":[{"href":"https:\/\/aviator-slotgame.com\/cs\/wp-json\/wp\/v2\/pages"}],"about":[{"href":"https:\/\/aviator-slotgame.com\/cs\/wp-json\/wp\/v2\/types\/page"}],"author":[{"embeddable":true,"href":"https:\/\/aviator-slotgame.com\/cs\/wp-json\/wp\/v2\/users\/1"}],"replies":[{"embeddable":true,"href":"https:\/\/aviator-slotgame.com\/cs\/wp-json\/wp\/v2\/comments?post=29"}],"version-history":[{"count":13,"href":"https:\/\/aviator-slotgame.com\/cs\/wp-json\/wp\/v2\/pages\/29\/revisions"}],"predecessor-version":[{"id":413,"href":"https:\/\/aviator-slotgame.com\/cs\/wp-json\/wp\/v2\/pages\/29\/revisions\/413"}],"wp:attachment":[{"href":"https:\/\/aviator-slotgame.com\/cs\/wp-json\/wp\/v2\/media?parent=29"}],"curies":[{"name":"wp","href":"https:\/\/api.w.org\/{rel}","templated":true}]}}