{"id":31,"date":"2024-01-31T13:01:43","date_gmt":"2024-01-31T13:01:43","guid":{"rendered":"https:\/\/aviator-slotgame.com\/?page_id=31"},"modified":"2024-10-03T23:08:38","modified_gmt":"2024-10-03T23:08:38","slug":"download-apk-games","status":"publish","type":"page","link":"https:\/\/aviator-slotgame.com\/cs\/stahnout-aviator-game-apk-nyni\/","title":{"rendered":"Nainstalujte Aviator APK pro Android verzi pr\u00e1v\u011b te\u010f"},"content":{"rendered":"<div class=\"19c7ce0afd79220096c0c2bc0221da09\" data-index=\"1\" style=\"float: none; margin:10px 0 10px 0; text-align:center;\">\n<div class=\"custom-play-button\">\r\n<center><a href=\"https:\/\/aviator-slotgame.com\/cs\/play-game\/\" rel=\"nofollow\" target=\"_blank\">hr\u00e1t hned<\/a><br><\/center>\r\n<\/div>\n<\/div>\n<p>Aviator je vzru\u0161uj\u00edc\u00ed online kasino hra od spole\u010dnosti Spribe, kter\u00e1 otestuje va\u0161e hern\u00ed schopnosti na maximum. D\u00edky snadno nau\u010diteln\u00fdm pravidl\u016fm v\u00e1m tato hra poskytne hodiny z\u00e1bavy. Pro ty, kte\u0159\u00ed cht\u011bj\u00ed je\u0161t\u011b v\u00edce pohlcuj\u00edc\u00ed a p\u0159enosn\u00fd z\u00e1\u017eitek, existuje n\u011bkolik mobiln\u00edch aplikac\u00ed speci\u00e1ln\u011b navr\u017een\u00fdch pro hr\u00e1\u010de Aviator a gamblery obecn\u011b.<\/p>\n<p><img loading=\"lazy\" decoding=\"async\" class=\"alignnone size-full wp-image-204\" title=\"St\u00e1hn\u011bte si APK hry Aviator pr\u00e1v\u011b te\u010f\" src=\"https:\/\/aviator-slotgame.com\/wp-content\/uploads\/aviator-4.png\" alt=\"St\u00e1hn\u011bte si APK hry Aviator pr\u00e1v\u011b te\u010f\" width=\"800\" height=\"445\" srcset=\"https:\/\/aviator-slotgame.com\/wp-content\/uploads\/aviator-4.png 800w, https:\/\/aviator-slotgame.com\/wp-content\/uploads\/aviator-4-300x167.png 300w, https:\/\/aviator-slotgame.com\/wp-content\/uploads\/aviator-4-768x427.png 768w, https:\/\/aviator-slotgame.com\/wp-content\/uploads\/aviator-4-18x10.png 18w\" sizes=\"auto, (max-width: 800px) 100vw, 800px\" \/><\/p>\n<h2 id=\"h-what-is-an-android-apk\">Co je APK pro Android?<\/h2>\n<p>Soubor Android APK je speci\u00e1ln\u00ed typ souboru vytvo\u0159en\u00fd speci\u00e1ln\u011b pro stahov\u00e1n\u00ed v opera\u010dn\u00edm syst\u00e9mu Android. Obsahuje v\u0161echny pot\u0159ebn\u00e9 soubory a k\u00f3d pot\u0159ebn\u00fd ke spu\u0161t\u011bn\u00ed aplikace na za\u0159\u00edzen\u00ed Android. Soubory jsou komprimov\u00e1ny do jednoho souboru, co\u017e usnad\u0148uje p\u0159enos, sd\u00edlen\u00ed a instalaci aplikac\u00ed.<\/p>\n<p>Soubor APK je podobn\u00fd jin\u00fdm typ\u016fm instala\u010dn\u00edch bal\u00ed\u010dk\u016f softwaru, jako jsou bal\u00ed\u010dky Instala\u010dn\u00ed slu\u017eby syst\u00e9mu Windows nebo aplikace Mac OSX.<\/p><div class=\"19c7ce0afd79220096c0c2bc0221da09\" data-index=\"1\" style=\"float: none; margin:10px 0 10px 0; text-align:center;\">\n<div class=\"custom-play-button\">\r\n<center><a href=\"https:\/\/aviator-slotgame.com\/cs\/play-game\/\" rel=\"nofollow\" target=\"_blank\">hr\u00e1t hned<\/a><br><\/center>\r\n<\/div>\n<\/div>\n\n<p>\u00da\u010delem souboru APK je poskytnout hr\u00e1\u010d\u016fm Aviator, jako jsme my, pohodln\u00fd zp\u016fsob stahov\u00e1n\u00ed a instalace aplikac\u00ed, kter\u00e9 nejsou dostupn\u00e9 v Obchod\u011b Google Play. T\u00e9m\u011b\u0159 ka\u017ed\u00e1 p\u0159edn\u00ed str\u00e1nka online kasina m\u00e1 mobiln\u00ed aplikaci, ale t\u00e9m\u011b\u0159 \u017e\u00e1dnou z nich nelze st\u00e1hnout z ofici\u00e1ln\u00edho obchodu Play.<\/p>\n<p><img loading=\"lazy\" decoding=\"async\" class=\"alignnone size-full wp-image-345\" src=\"https:\/\/aviator-slotgame.com\/wp-content\/uploads\/Aviator-25-800-x-600-\u043f\u0438\u043a\u0441.jpg\" alt=\"APK pro Android\" width=\"800\" height=\"600\" srcset=\"https:\/\/aviator-slotgame.com\/wp-content\/uploads\/Aviator-25-800-x-600-\u043f\u0438\u043a\u0441.jpg 800w, https:\/\/aviator-slotgame.com\/wp-content\/uploads\/Aviator-25-800-x-600-\u043f\u0438\u043a\u0441-300x225.jpg 300w, https:\/\/aviator-slotgame.com\/wp-content\/uploads\/Aviator-25-800-x-600-\u043f\u0438\u043a\u0441-768x576.jpg 768w, https:\/\/aviator-slotgame.com\/wp-content\/uploads\/Aviator-25-800-x-600-\u043f\u0438\u043a\u0441-16x12.jpg 16w\" sizes=\"auto, (max-width: 800px) 100vw, 800px\" \/><\/p>\n<h2 id=\"h-how-to-download-and-install-the-aviator-apk\">Jak st\u00e1hnout a nainstalovat Aviator APK<\/h2>\n<p>Pokud v\u0161ak m\u00e1te d\u016fv\u011bryhodn\u00fd zdroj, kde si m\u016f\u017eete st\u00e1hnout soubor APK hry Aviator, nainstalujte jej do za\u0159\u00edzen\u00ed Android podle n\u00e1sleduj\u00edc\u00edch krok\u016f:<\/p>\n<ol>\n<li>Na za\u0159\u00edzen\u00ed Android p\u0159ejd\u011bte do Nastaven\u00ed.<\/li>\n<li>Najd\u011bte a otev\u0159ete Zabezpe\u010den\u00ed nebo Nastaven\u00ed zabezpe\u010den\u00ed.<\/li>\n<li>Povolte mo\u017enost Nezn\u00e1m\u00e9 zdroje nebo Instalovat aplikace z nezn\u00e1m\u00fdch zdroj\u016f.<\/li>\n<li>Najd\u011bte na sv\u00e9m za\u0159\u00edzen\u00ed sta\u017een\u00fd soubor APK hry Aviator.<\/li>\n<li>Kliknut\u00edm na soubor zah\u00e1j\u00edte proces instalace.<\/li>\n<li>Po instalaci m\u016f\u017eete hru Aviator spustit na sv\u00e9m za\u0159\u00edzen\u00ed Android.<\/li>\n<\/ol>\n<p>Vezm\u011bte pros\u00edm na v\u011bdom\u00ed, \u017ee stahov\u00e1n\u00ed a instalace aplikac\u00ed z neofici\u00e1ln\u00edch zdroj\u016f m\u016f\u017ee pro va\u0161e za\u0159\u00edzen\u00ed p\u0159edstavovat bezpe\u010dnostn\u00ed riziko. Abyste p\u0159ede\u0161li bezpe\u010dnostn\u00edm rizik\u016fm, doporu\u010dujeme stahovat a instalovat aplikace pouze z d\u016fv\u011bryhodn\u00fdch a ofici\u00e1ln\u00edch zdroj\u016f, jako je Google Play Store.<\/p>\n<p><img loading=\"lazy\" decoding=\"async\" class=\"alignnone size-full wp-image-347\" src=\"https:\/\/aviator-slotgame.com\/wp-content\/uploads\/Aviator-26-800-x-600-\u043f\u0438\u043a\u0441.jpg\" alt=\"St\u00e1hn\u011bte a nainstalujte Aviator APK\" width=\"800\" height=\"600\" srcset=\"https:\/\/aviator-slotgame.com\/wp-content\/uploads\/Aviator-26-800-x-600-\u043f\u0438\u043a\u0441.jpg 800w, https:\/\/aviator-slotgame.com\/wp-content\/uploads\/Aviator-26-800-x-600-\u043f\u0438\u043a\u0441-300x225.jpg 300w, https:\/\/aviator-slotgame.com\/wp-content\/uploads\/Aviator-26-800-x-600-\u043f\u0438\u043a\u0441-768x576.jpg 768w, https:\/\/aviator-slotgame.com\/wp-content\/uploads\/Aviator-26-800-x-600-\u043f\u0438\u043a\u0441-16x12.jpg 16w\" sizes=\"auto, (max-width: 800px) 100vw, 800px\" \/><\/p>\n<h2 id=\"h-frequently-asked-questions-faq\">\u010casto kladen\u00e9 ot\u00e1zky (FAQ)<\/h2>\n<h3 id=\"h-are-apks-safe-for-my-device\">Jsou soubory APK pro m\u00e9 za\u0159\u00edzen\u00ed bezpe\u010dn\u00e9?<\/h3>\n<p>Ano, pokud d\u016fv\u011b\u0159ujete webu, ze kter\u00e9ho jste je st\u00e1hli. V\u017edy se ujist\u011bte, \u017ee stahujete z d\u016fv\u011bryhodn\u00e9ho zdroje, jako je APKMirror nebo ofici\u00e1ln\u00ed web aplikace.<\/p>\n<p>Pozn\u00e1mka: Existuj\u00ed \u0161kodliv\u00e9 soubory; V\u017edy dvakr\u00e1t zkontrolujte sv\u00e9 zdroje.<\/p>\n<h3 id=\"h-are-apks-illegal\">Jsou soubory APK neleg\u00e1ln\u00ed?<\/h3>\n<p>Ne, mnoho z nejlep\u0161\u00edch kasin, kter\u00e1 nab\u00edzej\u00ed Aviator, maj\u00ed aplikace ke sta\u017een\u00ed, kter\u00e9 jsou leg\u00e1ln\u00ed. Kasino prost\u011b nen\u00ed dostupn\u00e9 v ofici\u00e1ln\u00edch mobiln\u00edch obchodech pro Android.<\/p>\n<h3 id=\"h-can-you-play-aviator-for-free\">M\u016f\u017eete hr\u00e1t Aviator zdarma?<\/h3>\n<p>Na iOS a Google Play je k dispozici mnoho bezplatn\u00fdch aplikac\u00ed Aviator. Tyto hry ke sta\u017een\u00ed simuluj\u00ed z\u00e1\u017eitek z \u017eiv\u00e9 herny bez pou\u017eit\u00ed skute\u010dn\u00fdch pen\u011bz, kredit\u016f nebo lid\u00ed.<\/p>\n<p>Hlavn\u00ed nev\u00fdhodou bezplatn\u00e9ho Aviatoru je nedostatek skute\u010dn\u00fdch p\u0159\u00e1tel v chatu a skute\u010dn\u00e9 v\u00fdhry, kter\u00e9 lze vyplatit.<\/p>\n<h3 id=\"h-can-i-install-an-apk-on-my-ios-device\">Mohu nainstalovat APK do sv\u00e9ho iOS za\u0159\u00edzen\u00ed?<\/h3>\n<p>Ne. APK je zkratka pro Android Package. Tento typ souboru je ur\u010den v\u00fdhradn\u011b pro stahov\u00e1n\u00ed do za\u0159\u00edzen\u00ed Android. Za\u0159\u00edzen\u00ed Apple, jako je iPhone, s t\u011bmito typy aplikac\u00ed nefunguj\u00ed.<\/p>\n<h3 id=\"h-can-we-hack-the-aviator-game\">Je mo\u017en\u00e9 hacknout hru Aviator?<\/h3>\n<p>Je absolutn\u011b nemo\u017en\u00e9 hacknout skute\u010dnou hru Aviator, i kdy\u017e si st\u00e1hnete APK nebo iOS aplikaci. Syst\u00e9my, kter\u00e9 Spribe pou\u017e\u00edv\u00e1 ke spu\u0161t\u011bn\u00ed hry, vyu\u017e\u00edvaj\u00ed kryptografickou technologii, kter\u00e1 zaru\u010duje f\u00e9rovost a nefal\u0161ov\u00e1n\u00ed v\u00fdsledk\u016f v p\u0159\u00edpadech 100%.<\/p>\n<h3 id=\"h-do-aviator-predictors-work\">Funguj\u00ed prediktory Aviator?<\/h3>\n<p>Ne. Jak\u00fdkoli soubor APK, kter\u00fd slibuje p\u0159edpov\u011bd\u011bt v\u00fdsledek kol nebo slibuje v\u00fdhru v \u017eiv\u00e9 h\u0159e Aviator, je le\u017e nebo podvod. Nestahujte tyto aplikace.<\/p>\n<p>Hru ur\u010duje RNG (generov\u00e1n\u00ed n\u00e1hodn\u00fdch \u010d\u00edsel) a va\u0161e \u0161t\u011bst\u00ed; nen\u00ed zde \u017e\u00e1dn\u00e9 tajemstv\u00ed ani trik.<\/p>\n\n<div style=\"font-size: 0px; height: 0px; line-height: 0px; margin: 0; padding: 0; clear: both;\"><\/div>","protected":false},"excerpt":{"rendered":"<p>Aviator je vzru\u0161uj\u00edc\u00ed online kasino hra od spole\u010dnosti Spribe, kter\u00e1 otestuje va\u0161e hern\u00ed schopnosti na maximum. D\u00edky snadn\u00e9mu nau\u010den\u00ed<\/p>","protected":false},"author":1,"featured_media":0,"parent":0,"menu_order":0,"comment_status":"closed","ping_status":"closed","template":"","meta":{"footnotes":""},"class_list":["post-31","page","type-page","status-publish","hentry"],"yoast_head":"<!-- This site is optimized with the Yoast SEO plugin v22.0 - https:\/\/yoast.com\/wordpress\/plugins\/seo\/ -->\n<title>\u0421\u043a\u0430\u0447\u0430\u0439 Aviator APK \u0434\u043b\u044f Android \u2014 \u0418\u0433\u0440\u0430 \u0432 \u043a\u0440\u0430\u0448-\u0441\u043b\u043e\u0442 \u043d\u0430 \u0434\u0435\u043d\u044c\u0433\u0438<\/title>\n<meta name=\"description\" content=\"\u0423\u0441\u0442\u0430\u043d\u043e\u0432\u0438\u0442\u0435 \u0438\u0433\u0440\u0443 Aviator \u043d\u0430 Android \u0441 \u043f\u043e\u043c\u043e\u0449\u044c\u044e APK-\u0444\u0430\u0439\u043b\u0430. \u0418\u0433\u0440\u0430\u0439\u0442\u0435 \u0432 \u043a\u0440\u0430\u0448-\u0441\u043b\u043e\u0442 \u0438\u0433\u0440\u0443 \u043d\u0430 \u0434\u0435\u043d\u044c\u0433\u0438, \u0441\u043a\u0430\u0447\u0438\u0432\u0430\u044f \u043f\u0440\u0438\u043b\u043e\u0436\u0435\u043d\u0438\u0435 \u0431\u0435\u0437\u043e\u043f\u0430\u0441\u043d\u043e \u0438 \u043b\u0435\u0433\u043a\u043e.\" \/>\n<meta name=\"robots\" content=\"index, follow, max-snippet:-1, max-image-preview:large, max-video-preview:-1\" \/>\n<link rel=\"canonical\" href=\"https:\/\/aviator-slotgame.com\/cs\/stahnout-aviator-game-apk-nyni\/\" \/>\n<meta property=\"og:locale\" content=\"cs_CZ\" \/>\n<meta property=\"og:type\" content=\"article\" \/>\n<meta property=\"og:title\" content=\"\u0421\u043a\u0430\u0447\u0430\u0439 Aviator APK \u0434\u043b\u044f Android \u2014 \u0418\u0433\u0440\u0430 \u0432 \u043a\u0440\u0430\u0448-\u0441\u043b\u043e\u0442 \u043d\u0430 \u0434\u0435\u043d\u044c\u0433\u0438\" \/>\n<meta property=\"og:description\" content=\"\u0423\u0441\u0442\u0430\u043d\u043e\u0432\u0438\u0442\u0435 \u0438\u0433\u0440\u0443 Aviator \u043d\u0430 Android \u0441 \u043f\u043e\u043c\u043e\u0449\u044c\u044e APK-\u0444\u0430\u0439\u043b\u0430. \u0418\u0433\u0440\u0430\u0439\u0442\u0435 \u0432 \u043a\u0440\u0430\u0448-\u0441\u043b\u043e\u0442 \u0438\u0433\u0440\u0443 \u043d\u0430 \u0434\u0435\u043d\u044c\u0433\u0438, \u0441\u043a\u0430\u0447\u0438\u0432\u0430\u044f \u043f\u0440\u0438\u043b\u043e\u0436\u0435\u043d\u0438\u0435 \u0431\u0435\u0437\u043e\u043f\u0430\u0441\u043d\u043e \u0438 \u043b\u0435\u0433\u043a\u043e.\" \/>\n<meta property=\"og:url\" content=\"https:\/\/aviator-slotgame.com\/cs\/stahnout-aviator-game-apk-nyni\/\" \/>\n<meta property=\"og:site_name\" content=\"Aviator\" \/>\n<meta property=\"article:modified_time\" content=\"2024-10-03T23:08:38+00:00\" \/>\n<meta property=\"og:image\" content=\"https:\/\/aviator-slotgame.com\/wp-content\/uploads\/aviator-4.png\" \/>\n<meta name=\"twitter:card\" content=\"summary_large_image\" \/>\n<meta name=\"twitter:label1\" content=\"Odhadovan\u00e1 doba \u010dten\u00ed\" \/>\n\t<meta name=\"twitter:data1\" content=\"3 minuty\" \/>\n<script type=\"application\/ld+json\" class=\"yoast-schema-graph\">{\"@context\":\"https:\/\/schema.org\",\"@graph\":[{\"@type\":\"WebPage\",\"@id\":\"https:\/\/aviator-slotgame.com\/download-apk-games\/\",\"url\":\"https:\/\/aviator-slotgame.com\/download-apk-games\/\",\"name\":\"\u0421\u043a\u0430\u0447\u0430\u0439 Aviator APK \u0434\u043b\u044f Android \u2014 \u0418\u0433\u0440\u0430 \u0432 \u043a\u0440\u0430\u0448-\u0441\u043b\u043e\u0442 \u043d\u0430 \u0434\u0435\u043d\u044c\u0433\u0438\",\"isPartOf\":{\"@id\":\"https:\/\/aviator-slotgame.com\/#website\"},\"datePublished\":\"2024-01-31T13:01:43+00:00\",\"dateModified\":\"2024-10-03T23:08:38+00:00\",\"description\":\"\u0423\u0441\u0442\u0430\u043d\u043e\u0432\u0438\u0442\u0435 \u0438\u0433\u0440\u0443 Aviator \u043d\u0430 Android \u0441 \u043f\u043e\u043c\u043e\u0449\u044c\u044e APK-\u0444\u0430\u0439\u043b\u0430. \u0418\u0433\u0440\u0430\u0439\u0442\u0435 \u0432 \u043a\u0440\u0430\u0448-\u0441\u043b\u043e\u0442 \u0438\u0433\u0440\u0443 \u043d\u0430 \u0434\u0435\u043d\u044c\u0433\u0438, \u0441\u043a\u0430\u0447\u0438\u0432\u0430\u044f \u043f\u0440\u0438\u043b\u043e\u0436\u0435\u043d\u0438\u0435 \u0431\u0435\u0437\u043e\u043f\u0430\u0441\u043d\u043e \u0438 \u043b\u0435\u0433\u043a\u043e.\",\"breadcrumb\":{\"@id\":\"https:\/\/aviator-slotgame.com\/download-apk-games\/#breadcrumb\"},\"inLanguage\":\"cs\",\"potentialAction\":[{\"@type\":\"ReadAction\",\"target\":[\"https:\/\/aviator-slotgame.com\/download-apk-games\/\"]}]},{\"@type\":\"BreadcrumbList\",\"@id\":\"https:\/\/aviator-slotgame.com\/download-apk-games\/#breadcrumb\",\"itemListElement\":[{\"@type\":\"ListItem\",\"position\":1,\"name\":\"Home\",\"item\":\"https:\/\/aviator-slotgame.com\/\"},{\"@type\":\"ListItem\",\"position\":2,\"name\":\"\u0423\u0441\u0442\u0430\u043d\u043e\u0432\u0438 Aviator APK \u0434\u043b\u044f Android \u0432\u0435\u0440\u0441\u0438\u0438 \u043f\u0440\u044f\u043c\u043e \u0441\u0435\u0439\u0447\u0430\u0441\"}]},{\"@type\":\"WebSite\",\"@id\":\"https:\/\/aviator-slotgame.com\/#website\",\"url\":\"https:\/\/aviator-slotgame.com\/\",\"name\":\"Aviator\",\"description\":\"\",\"publisher\":{\"@id\":\"https:\/\/aviator-slotgame.com\/#organization\"},\"potentialAction\":[{\"@type\":\"SearchAction\",\"target\":{\"@type\":\"EntryPoint\",\"urlTemplate\":\"https:\/\/aviator-slotgame.com\/?s={search_term_string}\"},\"query-input\":\"required name=search_term_string\"}],\"inLanguage\":\"cs\"},{\"@type\":\"Organization\",\"@id\":\"https:\/\/aviator-slotgame.com\/#organization\",\"name\":\"Aviator\",\"url\":\"https:\/\/aviator-slotgame.com\/\",\"logo\":{\"@type\":\"ImageObject\",\"inLanguage\":\"cs\",\"@id\":\"https:\/\/aviator-slotgame.com\/#\/schema\/logo\/image\/\",\"url\":\"https:\/\/aviator-slotgame.com\/wp-content\/uploads\/16f5e8_dade544d4623411c9c4153c639aae85amv2.webp\",\"contentUrl\":\"https:\/\/aviator-slotgame.com\/wp-content\/uploads\/16f5e8_dade544d4623411c9c4153c639aae85amv2.webp\",\"width\":400,\"height\":300,\"caption\":\"Aviator\"},\"image\":{\"@id\":\"https:\/\/aviator-slotgame.com\/#\/schema\/logo\/image\/\"}}]}<\/script>\n<!-- \/ Yoast SEO plugin. -->","yoast_head_json":{"title":"\u0421\u043a\u0430\u0447\u0430\u0439 Aviator APK \u0434\u043b\u044f Android \u2014 \u0418\u0433\u0440\u0430 \u0432 \u043a\u0440\u0430\u0448-\u0441\u043b\u043e\u0442 \u043d\u0430 \u0434\u0435\u043d\u044c\u0433\u0438","description":"\u0423\u0441\u0442\u0430\u043d\u043e\u0432\u0438\u0442\u0435 \u0438\u0433\u0440\u0443 Aviator \u043d\u0430 Android \u0441 \u043f\u043e\u043c\u043e\u0449\u044c\u044e APK-\u0444\u0430\u0439\u043b\u0430. \u0418\u0433\u0440\u0430\u0439\u0442\u0435 \u0432 \u043a\u0440\u0430\u0448-\u0441\u043b\u043e\u0442 \u0438\u0433\u0440\u0443 \u043d\u0430 \u0434\u0435\u043d\u044c\u0433\u0438, \u0441\u043a\u0430\u0447\u0438\u0432\u0430\u044f \u043f\u0440\u0438\u043b\u043e\u0436\u0435\u043d\u0438\u0435 \u0431\u0435\u0437\u043e\u043f\u0430\u0441\u043d\u043e \u0438 \u043b\u0435\u0433\u043a\u043e.","robots":{"index":"index","follow":"follow","max-snippet":"max-snippet:-1","max-image-preview":"max-image-preview:large","max-video-preview":"max-video-preview:-1"},"canonical":"https:\/\/aviator-slotgame.com\/cs\/stahnout-aviator-game-apk-nyni\/","og_locale":"cs_CZ","og_type":"article","og_title":"\u0421\u043a\u0430\u0447\u0430\u0439 Aviator APK \u0434\u043b\u044f Android \u2014 \u0418\u0433\u0440\u0430 \u0432 \u043a\u0440\u0430\u0448-\u0441\u043b\u043e\u0442 \u043d\u0430 \u0434\u0435\u043d\u044c\u0433\u0438","og_description":"\u0423\u0441\u0442\u0430\u043d\u043e\u0432\u0438\u0442\u0435 \u0438\u0433\u0440\u0443 Aviator \u043d\u0430 Android \u0441 \u043f\u043e\u043c\u043e\u0449\u044c\u044e APK-\u0444\u0430\u0439\u043b\u0430. \u0418\u0433\u0440\u0430\u0439\u0442\u0435 \u0432 \u043a\u0440\u0430\u0448-\u0441\u043b\u043e\u0442 \u0438\u0433\u0440\u0443 \u043d\u0430 \u0434\u0435\u043d\u044c\u0433\u0438, \u0441\u043a\u0430\u0447\u0438\u0432\u0430\u044f \u043f\u0440\u0438\u043b\u043e\u0436\u0435\u043d\u0438\u0435 \u0431\u0435\u0437\u043e\u043f\u0430\u0441\u043d\u043e \u0438 \u043b\u0435\u0433\u043a\u043e.","og_url":"https:\/\/aviator-slotgame.com\/cs\/stahnout-aviator-game-apk-nyni\/","og_site_name":"Aviator","article_modified_time":"2024-10-03T23:08:38+00:00","og_image":[{"url":"https:\/\/aviator-slotgame.com\/wp-content\/uploads\/aviator-4.png"}],"twitter_card":"summary_large_image","twitter_misc":{"Odhadovan\u00e1 doba \u010dten\u00ed":"3 minuty"},"schema":{"@context":"https:\/\/schema.org","@graph":[{"@type":"WebPage","@id":"https:\/\/aviator-slotgame.com\/download-apk-games\/","url":"https:\/\/aviator-slotgame.com\/download-apk-games\/","name":"\u0421\u043a\u0430\u0447\u0430\u0439 Aviator APK \u0434\u043b\u044f Android \u2014 \u0418\u0433\u0440\u0430 \u0432 \u043a\u0440\u0430\u0448-\u0441\u043b\u043e\u0442 \u043d\u0430 \u0434\u0435\u043d\u044c\u0433\u0438","isPartOf":{"@id":"https:\/\/aviator-slotgame.com\/#website"},"datePublished":"2024-01-31T13:01:43+00:00","dateModified":"2024-10-03T23:08:38+00:00","description":"\u0423\u0441\u0442\u0430\u043d\u043e\u0432\u0438\u0442\u0435 \u0438\u0433\u0440\u0443 Aviator \u043d\u0430 Android \u0441 \u043f\u043e\u043c\u043e\u0449\u044c\u044e APK-\u0444\u0430\u0439\u043b\u0430. \u0418\u0433\u0440\u0430\u0439\u0442\u0435 \u0432 \u043a\u0440\u0430\u0448-\u0441\u043b\u043e\u0442 \u0438\u0433\u0440\u0443 \u043d\u0430 \u0434\u0435\u043d\u044c\u0433\u0438, \u0441\u043a\u0430\u0447\u0438\u0432\u0430\u044f \u043f\u0440\u0438\u043b\u043e\u0436\u0435\u043d\u0438\u0435 \u0431\u0435\u0437\u043e\u043f\u0430\u0441\u043d\u043e \u0438 \u043b\u0435\u0433\u043a\u043e.","breadcrumb":{"@id":"https:\/\/aviator-slotgame.com\/download-apk-games\/#breadcrumb"},"inLanguage":"cs","potentialAction":[{"@type":"ReadAction","target":["https:\/\/aviator-slotgame.com\/download-apk-games\/"]}]},{"@type":"BreadcrumbList","@id":"https:\/\/aviator-slotgame.com\/download-apk-games\/#breadcrumb","itemListElement":[{"@type":"ListItem","position":1,"name":"Home","item":"https:\/\/aviator-slotgame.com\/"},{"@type":"ListItem","position":2,"name":"\u0423\u0441\u0442\u0430\u043d\u043e\u0432\u0438 Aviator APK \u0434\u043b\u044f Android \u0432\u0435\u0440\u0441\u0438\u0438 \u043f\u0440\u044f\u043c\u043e \u0441\u0435\u0439\u0447\u0430\u0441"}]},{"@type":"WebSite","@id":"https:\/\/aviator-slotgame.com\/#website","url":"https:\/\/aviator-slotgame.com\/","name":"Aviator","description":"","publisher":{"@id":"https:\/\/aviator-slotgame.com\/#organization"},"potentialAction":[{"@type":"SearchAction","target":{"@type":"EntryPoint","urlTemplate":"https:\/\/aviator-slotgame.com\/?s={search_term_string}"},"query-input":"required name=search_term_string"}],"inLanguage":"cs"},{"@type":"Organization","@id":"https:\/\/aviator-slotgame.com\/#organization","name":"Aviator","url":"https:\/\/aviator-slotgame.com\/","logo":{"@type":"ImageObject","inLanguage":"cs","@id":"https:\/\/aviator-slotgame.com\/#\/schema\/logo\/image\/","url":"https:\/\/aviator-slotgame.com\/wp-content\/uploads\/16f5e8_dade544d4623411c9c4153c639aae85amv2.webp","contentUrl":"https:\/\/aviator-slotgame.com\/wp-content\/uploads\/16f5e8_dade544d4623411c9c4153c639aae85amv2.webp","width":400,"height":300,"caption":"Aviator"},"image":{"@id":"https:\/\/aviator-slotgame.com\/#\/schema\/logo\/image\/"}}]}},"amp_enabled":true,"_links":{"self":[{"href":"https:\/\/aviator-slotgame.com\/cs\/wp-json\/wp\/v2\/pages\/31","targetHints":{"allow":["GET"]}}],"collection":[{"href":"https:\/\/aviator-slotgame.com\/cs\/wp-json\/wp\/v2\/pages"}],"about":[{"href":"https:\/\/aviator-slotgame.com\/cs\/wp-json\/wp\/v2\/types\/page"}],"author":[{"embeddable":true,"href":"https:\/\/aviator-slotgame.com\/cs\/wp-json\/wp\/v2\/users\/1"}],"replies":[{"embeddable":true,"href":"https:\/\/aviator-slotgame.com\/cs\/wp-json\/wp\/v2\/comments?post=31"}],"version-history":[{"count":13,"href":"https:\/\/aviator-slotgame.com\/cs\/wp-json\/wp\/v2\/pages\/31\/revisions"}],"predecessor-version":[{"id":411,"href":"https:\/\/aviator-slotgame.com\/cs\/wp-json\/wp\/v2\/pages\/31\/revisions\/411"}],"wp:attachment":[{"href":"https:\/\/aviator-slotgame.com\/cs\/wp-json\/wp\/v2\/media?parent=31"}],"curies":[{"name":"wp","href":"https:\/\/api.w.org\/{rel}","templated":true}]}}