{"id":215,"date":"2024-04-02T16:05:37","date_gmt":"2024-04-02T16:05:37","guid":{"rendered":"https:\/\/aviator-slotgame.com\/?page_id=215"},"modified":"2024-09-09T10:50:04","modified_gmt":"2024-09-09T10:50:04","slug":"aviator-slots","status":"publish","type":"page","link":"https:\/\/aviator-slotgame.com\/da\/aviator-vs-traditionelle-videospilmaskiner\/","title":{"rendered":"Aviator slots"},"content":{"rendered":"<div class=\"d0cc821ff44479541a9bdbb89edbae42\" data-index=\"1\" style=\"float: none; margin:10px 0 10px 0; text-align:center;\">\n<div class=\"custom-play-button\">\r\n<center><a href=\"https:\/\/aviator-slotgame.com\/da\/play-game\/\" rel=\"nofollow\" target=\"_blank\">Spil nu<\/a><br><\/center>\r\n<\/div>\n<\/div>\n<p>Aviator fra Spribe er ikke din gennemsnitlige videoslot. Det tilbyder sociale spilfunktioner, som du ikke finder i traditionelle videoslots. Du kan deltage i det sjove og udfordre andre spillere til at deltage i et online casinospil fyldt med sp\u00e6ndende bonusser, multiplikatorer og andre overraskelser.<\/p>\n<p><img loading=\"lazy\" decoding=\"async\" class=\"alignnone size-full wp-image-216\" title=\"Aviator vs traditionelle spilleautomater\" src=\"https:\/\/aviator-slotgame.com\/wp-content\/uploads\/aviator-4-1.png\" alt=\"Aviator vs traditionelle spilleautomater\" width=\"800\" height=\"445\" srcset=\"https:\/\/aviator-slotgame.com\/wp-content\/uploads\/aviator-4-1.png 800w, https:\/\/aviator-slotgame.com\/wp-content\/uploads\/aviator-4-1-300x167.png 300w, https:\/\/aviator-slotgame.com\/wp-content\/uploads\/aviator-4-1-768x427.png 768w, https:\/\/aviator-slotgame.com\/wp-content\/uploads\/aviator-4-1-18x10.png 18w\" sizes=\"auto, (max-width: 800px) 100vw, 800px\" \/><\/p>\n<p>Aviator tilbyder mere end bare de almindelige 3x5-hjuls spilleautomater. Den har en multiplikator baseret p\u00e5 RNG, der g\u00e5r op og op, indtil hver spiller beslutter sig for at udbetale. Det betyder, at hvis du er heldig, vil du v\u00e6re i stand til at spille hele dagen, og dine gevinster vil virkelig begynde at stige!<\/p>\n<p>Plus, Aviator begr\u00e6nser ikke antallet af spillere, der kan deltage i det sjove. Du beh\u00f8ver ikke bekymre dig om at vente p\u00e5, at spillet \u00e5bner, for det bliver aldrig fyldt, der vil altid v\u00e6re plads til flere spillere. Og med spillervenlige odds, RTP og h\u00f8je udbetalinger har du masser af muligheder for at komme ud p\u00e5 toppen p\u00e5 denne sp\u00e6ndende alternative spillemaskine.<\/p><div class=\"d0cc821ff44479541a9bdbb89edbae42\" data-index=\"1\" style=\"float: none; margin:10px 0 10px 0; text-align:center;\">\n<div class=\"custom-play-button\">\r\n<center><a href=\"https:\/\/aviator-slotgame.com\/da\/play-game\/\" rel=\"nofollow\" target=\"_blank\">Spil nu<\/a><br><\/center>\r\n<\/div>\n<\/div>\n\n<p>S\u00e5 uanset om du leder efter en fordybende spiloplevelse eller \u00f8nsker at l\u00e6ne dig tilbage og nyde et klassisk videospil med et twist, s\u00e5 har Spribes Aviator virkelig noget at tilbyde alle.<\/p>\n<h2 id=\"h-rtp-of-aviator-and-regular-slot-games\">RTP af Aviator og almindelige slots<\/h2>\n<p>De gennemsnitlige RTP-v\u00e6rdier for de mest popul\u00e6re slots er over 65%. Dette tal kan variere fra spil til spil, hvor nogle spil g\u00e5r s\u00e5 h\u00f8jt som 97%, men generelt er normen 65% med en decimal.<\/p>\n<p>For eksempel har Second Strike, en af de mest popul\u00e6re slots i verden, en RTP p\u00e5 96.26%; Aviator endnu mere!<\/p>\n<p>Aviator har en omtrentlig RTP (return to player) p\u00e5 97%, hvilket er over gennemsnittet for en videoslot. Det betyder, at det at spille Aviator i gennemsnit vil give dig flere penge i forhold til traditionelle spilleautomater. Og med en stadigt voksende multiplikator bliver de st\u00f8rste runder endnu mere sp\u00e6ndende! S\u00e5 hvis du leder efter en h\u00f8jere RTP og evnen til at \u00f8ge dit indtjeningspotentiale, kan Aviator v\u00e6re lige det, du har manglet.<\/p>\n<figure class=\"wp-block-table\">\n<table>\n<tbody>\n<tr>\n<td><strong>AVIATOR<\/strong><\/td>\n<td><strong>TRADITIONELLE SLOT SPIL<\/strong><\/td>\n<\/tr>\n<tr>\n<td>Chat med andre spillere<\/td>\n<td>Brugerspiloplevelse<\/td>\n<\/tr>\n<tr>\n<td>Ubegr\u00e6nset antal spillere i spillerummet<\/td>\n<td>En spiller pr. maskine eller side<\/td>\n<\/tr>\n<tr>\n<td>Spilmekanik med \u00e9n RNG<\/td>\n<td>Flere hjul og liner<\/td>\n<\/tr>\n<tr>\n<td>~97% refusion<\/td>\n<td>~96% refusion<\/td>\n<\/tr>\n<\/tbody>\n<\/table><figcaption class=\"wp-element-caption\">Spilleautomat\u00a0<strong><strong>AVIATOR<\/strong><\/strong><img loading=\"lazy\" decoding=\"async\" class=\"alignnone size-full wp-image-293\" src=\"https:\/\/aviator-slotgame.com\/wp-content\/uploads\/Aviator-13-800-x-600-\u043f\u0438\u043a\u0441.jpg\" alt=\"RTP af Aviator og almindelige slots\" width=\"800\" height=\"600\" srcset=\"https:\/\/aviator-slotgame.com\/wp-content\/uploads\/Aviator-13-800-x-600-\u043f\u0438\u043a\u0441.jpg 800w, https:\/\/aviator-slotgame.com\/wp-content\/uploads\/Aviator-13-800-x-600-\u043f\u0438\u043a\u0441-300x225.jpg 300w, https:\/\/aviator-slotgame.com\/wp-content\/uploads\/Aviator-13-800-x-600-\u043f\u0438\u043a\u0441-768x576.jpg 768w, https:\/\/aviator-slotgame.com\/wp-content\/uploads\/Aviator-13-800-x-600-\u043f\u0438\u043a\u0441-16x12.jpg 16w\" sizes=\"auto, (max-width: 800px) 100vw, 800px\" \/><\/figcaption><\/figure>\n<h2 id=\"h-the-bottom-line\">Bundlinie<\/h2>\n<p>Sribes Aviator tilbyder en unik fortolkning af traditionelle videoslots, der kan give spillere en fordybende spiloplevelse. Med stadigt stigende multiplikatorer og h\u00f8j RTP er der masser af grunde til at pr\u00f8ve Aviator. Derudover g\u00f8r det sociale aspekt det endnu mere sp\u00e6ndende!<\/p>\n<h2 id=\"h-using-bonus-spins-on-aviator\">Brug af bonusspins i Aviator<\/h2>\n<p>Bonusspins er en fast bestanddel af casinosider. N\u00e5r du registrerer dig p\u00e5 en casinoside, vil du ofte modtage gratis spins som en velkomstbonus. De kan endda opn\u00e5s gennem tidsbegr\u00e6nsede kampagner eller som pr\u00e6mier i andre spil!<\/p>\n<p>Hvis du er fan af Aviator eller andre casinospil, s\u00e5 er bonusspins en fantastisk m\u00e5de at f\u00e5 gratis chancer for at dreje hjulene, lande p\u00e5 et fly og m\u00e5ske vinde nogle penge. Faktisk kan bonusspins v\u00e6re endnu mere v\u00e6rdifulde end almindelige spins i spillet, da de typisk ikke har nogen oms\u00e6tningskrav eller andre gevinstbegr\u00e6nsninger.<\/p>\n<h2 id=\"h-how-to-get-bonus-spins\">S\u00e5dan f\u00e5r du bonusspins<\/h2>\n<p>Gratis spins kan komme fra en r\u00e6kke forskellige steder, s\u00e5som velkomstbonusser til nye brugere, der foretager deres f\u00f8rste indbetaling, eller kampagnekoder og tidsbegr\u00e6nsede begivenheder.<\/p>\n<h3 id=\"h-welcome-bonus-spins-for-aviator\">Aviator velkomstbonusspins<\/h3>\n<p>Nogle casinoer giver dig gratis spins, n\u00e5r du opretter en konto. Du undrer dig m\u00e5ske over, hvordan disse gratis spins kan v\u00e6re nyttige, n\u00e5r du spiller Aviator; nogle gange begr\u00e6nser kasinoer dog brugen af disse gratis spins til kun de mest popul\u00e6re traditionelle spilleautomater. Men bare rolig, der er stadig m\u00e5der at bruge alle de gratis spins, som Aviator har i vente til dig.<\/p>\n<h2 id=\"h-how-to-use-free-spins-in-aviator\">S\u00e5dan bruger du gratis spins i Aviator<\/h2>\n<p>Hvis dine spins ikke virker i Aviator, kan du altid bruge dem til at vinde kreditter i andre casinospil. For eksempel, hvis du har gratis spins p\u00e5 en spillemaskine, kan du veksle disse kreditter til jetoner ved spillebordene. Du kan derefter bruge disse jetoner til at satse p\u00e5 Aviator eller et hvilket som helst andet casinospil!<\/p>\n<p>S\u00e5dan g\u00f8r du:<\/p>\n<ol start=\"1\" type=\"1\">\n<li>V\u00e6lg en af dine foretrukne spilleautomater.<\/li>\n<li>Udnyt de gratis spins.<\/li>\n<li>Tag alle de kreditter, du vinder under spins, og spil Aviator!<\/li>\n<\/ol>\n<p>Det er s\u00e5 simpelt.<\/p>\n<h2 id=\"h-can-you-win-free-spins-in-aviator\">Kan du vinde gratis spins p\u00e5 Aviator?<\/h2>\n<p>Der er ingen gratis spins funktion. Den eneste pr\u00e6mie, du vil vinde i l\u00f8bet af runden, er din indsats ganget med det tidspunkt, hvor det r\u00f8de fly letter.<\/p>\n<h2 id=\"h-in-conclusion\">Konklusion<\/h2>\n<p>Uanset hvordan du f\u00e5r dem \u2013 velkomstbonusspins, kampagnekoder eller tidsbegr\u00e6nsede tilbud \u2013 er bonusspins en fantastisk m\u00e5de for spillere p\u00e5 alle niveauer at forts\u00e6tte med at spille uden at bekymre sig om at tabe i et stykke tid. Og uanset hvilke spil de er til, kan erfarne spillere forvandle deres spins til nyttige kreditter, der kan satses i et live Aviator-spil.<\/p>\n<p><img loading=\"lazy\" decoding=\"async\" class=\"alignnone size-full wp-image-297\" src=\"https:\/\/aviator-slotgame.com\/wp-content\/uploads\/Aviator-14-800-x-600-\u043f\u0438\u043a\u0441.jpg\" alt=\"Konklusion\" width=\"800\" height=\"600\" srcset=\"https:\/\/aviator-slotgame.com\/wp-content\/uploads\/Aviator-14-800-x-600-\u043f\u0438\u043a\u0441.jpg 800w, https:\/\/aviator-slotgame.com\/wp-content\/uploads\/Aviator-14-800-x-600-\u043f\u0438\u043a\u0441-300x225.jpg 300w, https:\/\/aviator-slotgame.com\/wp-content\/uploads\/Aviator-14-800-x-600-\u043f\u0438\u043a\u0441-768x576.jpg 768w, https:\/\/aviator-slotgame.com\/wp-content\/uploads\/Aviator-14-800-x-600-\u043f\u0438\u043a\u0441-16x12.jpg 16w\" sizes=\"auto, (max-width: 800px) 100vw, 800px\" \/><\/p>\n\n<div style=\"font-size: 0px; height: 0px; line-height: 0px; margin: 0; padding: 0; clear: both;\"><\/div>","protected":false},"excerpt":{"rendered":"<p>Aviator fra Spribe er ikke din gennemsnitlige videoslot. Det tilbyder sociale spilfunktioner, som du ikke finder i traditionelle videoslots.<\/p>","protected":false},"author":1,"featured_media":0,"parent":0,"menu_order":0,"comment_status":"closed","ping_status":"closed","template":"","meta":{"footnotes":""},"class_list":["post-215","page","type-page","status-publish","hentry"],"yoast_head":"<!-- This site is optimized with the Yoast SEO plugin v22.0 - https:\/\/yoast.com\/wordpress\/plugins\/seo\/ -->\n<title>\u0410\u0432\u0438\u0430\u0442\u043e\u0440 \u0441\u043b\u043e\u0442\u044b - Aviator<\/title>\n<meta name=\"robots\" content=\"index, follow, max-snippet:-1, max-image-preview:large, max-video-preview:-1\" \/>\n<link rel=\"canonical\" href=\"https:\/\/aviator-slotgame.com\/da\/aviator-vs-traditionelle-videospilmaskiner\/\" \/>\n<meta property=\"og:locale\" content=\"da_DK\" \/>\n<meta property=\"og:type\" content=\"article\" \/>\n<meta property=\"og:title\" content=\"\u0410\u0432\u0438\u0430\u0442\u043e\u0440 \u0441\u043b\u043e\u0442\u044b - Aviator\" \/>\n<meta property=\"og:description\" content=\"Aviator \u043e\u0442 Spribe \u2013 \u044d\u0442\u043e \u043d\u0435 \u043e\u0431\u044b\u0447\u043d\u044b\u0439 \u0432\u0438\u0434\u0435\u043e\u0441\u043b\u043e\u0442. \u041e\u043d \u043f\u0440\u0435\u0434\u043b\u0430\u0433\u0430\u0435\u0442 \u0432\u043e\u0437\u043c\u043e\u0436\u043d\u043e\u0441\u0442\u0438 \u0441\u043e\u0446\u0438\u0430\u043b\u044c\u043d\u044b\u0445 \u0438\u0433\u0440, \u043a\u043e\u0442\u043e\u0440\u044b\u0435 \u0432\u044b \u043d\u0435 \u043d\u0430\u0439\u0434\u0435\u0442\u0435 \u0432 \u0442\u0440\u0430\u0434\u0438\u0446\u0438\u043e\u043d\u043d\u044b\u0445 \u0432\u0438\u0434\u0435\u043e\u0441\u043b\u043e\u0442\u0430\u0445.\" \/>\n<meta property=\"og:url\" content=\"https:\/\/aviator-slotgame.com\/da\/aviator-vs-traditionelle-videospilmaskiner\/\" \/>\n<meta property=\"og:site_name\" content=\"Aviator\" \/>\n<meta property=\"article:modified_time\" content=\"2024-09-09T10:50:04+00:00\" \/>\n<meta property=\"og:image\" content=\"https:\/\/aviator-slotgame.com\/wp-content\/uploads\/aviator-4-1.png\" \/>\n<meta name=\"twitter:card\" content=\"summary_large_image\" \/>\n<meta name=\"twitter:label1\" content=\"Estimeret l\u00e6setid\" \/>\n\t<meta name=\"twitter:data1\" content=\"4 minutter\" \/>\n<script type=\"application\/ld+json\" class=\"yoast-schema-graph\">{\"@context\":\"https:\/\/schema.org\",\"@graph\":[{\"@type\":\"WebPage\",\"@id\":\"https:\/\/aviator-slotgame.com\/aviator-slots\/\",\"url\":\"https:\/\/aviator-slotgame.com\/aviator-slots\/\",\"name\":\"\u0410\u0432\u0438\u0430\u0442\u043e\u0440 \u0441\u043b\u043e\u0442\u044b - Aviator\",\"isPartOf\":{\"@id\":\"https:\/\/aviator-slotgame.com\/#website\"},\"datePublished\":\"2024-04-02T16:05:37+00:00\",\"dateModified\":\"2024-09-09T10:50:04+00:00\",\"breadcrumb\":{\"@id\":\"https:\/\/aviator-slotgame.com\/aviator-slots\/#breadcrumb\"},\"inLanguage\":\"da-DK\",\"potentialAction\":[{\"@type\":\"ReadAction\",\"target\":[\"https:\/\/aviator-slotgame.com\/aviator-slots\/\"]}]},{\"@type\":\"BreadcrumbList\",\"@id\":\"https:\/\/aviator-slotgame.com\/aviator-slots\/#breadcrumb\",\"itemListElement\":[{\"@type\":\"ListItem\",\"position\":1,\"name\":\"Home\",\"item\":\"https:\/\/aviator-slotgame.com\/\"},{\"@type\":\"ListItem\",\"position\":2,\"name\":\"\u0410\u0432\u0438\u0430\u0442\u043e\u0440 \u0441\u043b\u043e\u0442\u044b\"}]},{\"@type\":\"WebSite\",\"@id\":\"https:\/\/aviator-slotgame.com\/#website\",\"url\":\"https:\/\/aviator-slotgame.com\/\",\"name\":\"Aviator\",\"description\":\"\",\"publisher\":{\"@id\":\"https:\/\/aviator-slotgame.com\/#organization\"},\"potentialAction\":[{\"@type\":\"SearchAction\",\"target\":{\"@type\":\"EntryPoint\",\"urlTemplate\":\"https:\/\/aviator-slotgame.com\/?s={search_term_string}\"},\"query-input\":\"required name=search_term_string\"}],\"inLanguage\":\"da-DK\"},{\"@type\":\"Organization\",\"@id\":\"https:\/\/aviator-slotgame.com\/#organization\",\"name\":\"Aviator\",\"url\":\"https:\/\/aviator-slotgame.com\/\",\"logo\":{\"@type\":\"ImageObject\",\"inLanguage\":\"da-DK\",\"@id\":\"https:\/\/aviator-slotgame.com\/#\/schema\/logo\/image\/\",\"url\":\"https:\/\/aviator-slotgame.com\/wp-content\/uploads\/16f5e8_dade544d4623411c9c4153c639aae85amv2.webp\",\"contentUrl\":\"https:\/\/aviator-slotgame.com\/wp-content\/uploads\/16f5e8_dade544d4623411c9c4153c639aae85amv2.webp\",\"width\":400,\"height\":300,\"caption\":\"Aviator\"},\"image\":{\"@id\":\"https:\/\/aviator-slotgame.com\/#\/schema\/logo\/image\/\"}}]}<\/script>\n<!-- \/ Yoast SEO plugin. -->","yoast_head_json":{"title":"\u0410\u0432\u0438\u0430\u0442\u043e\u0440 \u0441\u043b\u043e\u0442\u044b - Aviator","robots":{"index":"index","follow":"follow","max-snippet":"max-snippet:-1","max-image-preview":"max-image-preview:large","max-video-preview":"max-video-preview:-1"},"canonical":"https:\/\/aviator-slotgame.com\/da\/aviator-vs-traditionelle-videospilmaskiner\/","og_locale":"da_DK","og_type":"article","og_title":"\u0410\u0432\u0438\u0430\u0442\u043e\u0440 \u0441\u043b\u043e\u0442\u044b - Aviator","og_description":"Aviator \u043e\u0442 Spribe \u2013 \u044d\u0442\u043e \u043d\u0435 \u043e\u0431\u044b\u0447\u043d\u044b\u0439 \u0432\u0438\u0434\u0435\u043e\u0441\u043b\u043e\u0442. \u041e\u043d \u043f\u0440\u0435\u0434\u043b\u0430\u0433\u0430\u0435\u0442 \u0432\u043e\u0437\u043c\u043e\u0436\u043d\u043e\u0441\u0442\u0438 \u0441\u043e\u0446\u0438\u0430\u043b\u044c\u043d\u044b\u0445 \u0438\u0433\u0440, \u043a\u043e\u0442\u043e\u0440\u044b\u0435 \u0432\u044b \u043d\u0435 \u043d\u0430\u0439\u0434\u0435\u0442\u0435 \u0432 \u0442\u0440\u0430\u0434\u0438\u0446\u0438\u043e\u043d\u043d\u044b\u0445 \u0432\u0438\u0434\u0435\u043e\u0441\u043b\u043e\u0442\u0430\u0445.","og_url":"https:\/\/aviator-slotgame.com\/da\/aviator-vs-traditionelle-videospilmaskiner\/","og_site_name":"Aviator","article_modified_time":"2024-09-09T10:50:04+00:00","og_image":[{"url":"https:\/\/aviator-slotgame.com\/wp-content\/uploads\/aviator-4-1.png"}],"twitter_card":"summary_large_image","twitter_misc":{"Estimeret l\u00e6setid":"4 minutter"},"schema":{"@context":"https:\/\/schema.org","@graph":[{"@type":"WebPage","@id":"https:\/\/aviator-slotgame.com\/aviator-slots\/","url":"https:\/\/aviator-slotgame.com\/aviator-slots\/","name":"\u0410\u0432\u0438\u0430\u0442\u043e\u0440 \u0441\u043b\u043e\u0442\u044b - Aviator","isPartOf":{"@id":"https:\/\/aviator-slotgame.com\/#website"},"datePublished":"2024-04-02T16:05:37+00:00","dateModified":"2024-09-09T10:50:04+00:00","breadcrumb":{"@id":"https:\/\/aviator-slotgame.com\/aviator-slots\/#breadcrumb"},"inLanguage":"da-DK","potentialAction":[{"@type":"ReadAction","target":["https:\/\/aviator-slotgame.com\/aviator-slots\/"]}]},{"@type":"BreadcrumbList","@id":"https:\/\/aviator-slotgame.com\/aviator-slots\/#breadcrumb","itemListElement":[{"@type":"ListItem","position":1,"name":"Home","item":"https:\/\/aviator-slotgame.com\/"},{"@type":"ListItem","position":2,"name":"\u0410\u0432\u0438\u0430\u0442\u043e\u0440 \u0441\u043b\u043e\u0442\u044b"}]},{"@type":"WebSite","@id":"https:\/\/aviator-slotgame.com\/#website","url":"https:\/\/aviator-slotgame.com\/","name":"Aviator","description":"","publisher":{"@id":"https:\/\/aviator-slotgame.com\/#organization"},"potentialAction":[{"@type":"SearchAction","target":{"@type":"EntryPoint","urlTemplate":"https:\/\/aviator-slotgame.com\/?s={search_term_string}"},"query-input":"required name=search_term_string"}],"inLanguage":"da-DK"},{"@type":"Organization","@id":"https:\/\/aviator-slotgame.com\/#organization","name":"Aviator","url":"https:\/\/aviator-slotgame.com\/","logo":{"@type":"ImageObject","inLanguage":"da-DK","@id":"https:\/\/aviator-slotgame.com\/#\/schema\/logo\/image\/","url":"https:\/\/aviator-slotgame.com\/wp-content\/uploads\/16f5e8_dade544d4623411c9c4153c639aae85amv2.webp","contentUrl":"https:\/\/aviator-slotgame.com\/wp-content\/uploads\/16f5e8_dade544d4623411c9c4153c639aae85amv2.webp","width":400,"height":300,"caption":"Aviator"},"image":{"@id":"https:\/\/aviator-slotgame.com\/#\/schema\/logo\/image\/"}}]}},"amp_enabled":true,"_links":{"self":[{"href":"https:\/\/aviator-slotgame.com\/da\/wp-json\/wp\/v2\/pages\/215","targetHints":{"allow":["GET"]}}],"collection":[{"href":"https:\/\/aviator-slotgame.com\/da\/wp-json\/wp\/v2\/pages"}],"about":[{"href":"https:\/\/aviator-slotgame.com\/da\/wp-json\/wp\/v2\/types\/page"}],"author":[{"embeddable":true,"href":"https:\/\/aviator-slotgame.com\/da\/wp-json\/wp\/v2\/users\/1"}],"replies":[{"embeddable":true,"href":"https:\/\/aviator-slotgame.com\/da\/wp-json\/wp\/v2\/comments?post=215"}],"version-history":[{"count":6,"href":"https:\/\/aviator-slotgame.com\/da\/wp-json\/wp\/v2\/pages\/215\/revisions"}],"predecessor-version":[{"id":309,"href":"https:\/\/aviator-slotgame.com\/da\/wp-json\/wp\/v2\/pages\/215\/revisions\/309"}],"wp:attachment":[{"href":"https:\/\/aviator-slotgame.com\/da\/wp-json\/wp\/v2\/media?parent=215"}],"curies":[{"name":"wp","href":"https:\/\/api.w.org\/{rel}","templated":true}]}}