{"id":230,"date":"2024-09-06T08:55:11","date_gmt":"2024-09-06T08:55:11","guid":{"rendered":"https:\/\/aviator-slotgame.com\/?page_id=230"},"modified":"2024-10-03T23:03:12","modified_gmt":"2024-10-03T23:03:12","slug":"strategy-and-tactics","status":"publish","type":"page","link":"https:\/\/aviator-slotgame.com\/da\/strategy-and-tactics\/","title":{"rendered":"Aviator spil strategier og taktik"},"content":{"rendered":"<div class=\"d0cc821ff44479541a9bdbb89edbae42\" data-index=\"1\" style=\"float: none; margin:10px 0 10px 0; text-align:center;\">\n<div class=\"custom-play-button\">\r\n<center><a href=\"https:\/\/aviator-slotgame.com\/da\/play-game\/\" rel=\"nofollow\" target=\"_blank\">Spil nu<\/a><br><\/center>\r\n<\/div>\n<\/div>\n<p><img loading=\"lazy\" decoding=\"async\" class=\"alignnone wp-image-233 size-full\" title=\"Strategier i spillet Aviator\" src=\"https:\/\/aviator-slotgame.com\/wp-content\/uploads\/Aviator-4-800-x-600-\u043f\u0438\u043a\u0441.jpg\" alt=\"Aviator spil strategier og taktik\" width=\"800\" height=\"600\" srcset=\"https:\/\/aviator-slotgame.com\/wp-content\/uploads\/Aviator-4-800-x-600-\u043f\u0438\u043a\u0441.jpg 800w, https:\/\/aviator-slotgame.com\/wp-content\/uploads\/Aviator-4-800-x-600-\u043f\u0438\u043a\u0441-300x225.jpg 300w, https:\/\/aviator-slotgame.com\/wp-content\/uploads\/Aviator-4-800-x-600-\u043f\u0438\u043a\u0441-768x576.jpg 768w, https:\/\/aviator-slotgame.com\/wp-content\/uploads\/Aviator-4-800-x-600-\u043f\u0438\u043a\u0441-16x12.jpg 16w\" sizes=\"auto, (max-width: 800px) 100vw, 800px\" \/><\/p>\n<p>I Aviator crash-spillet, som i mange andre gambling-spil, er det vigtigt at huske, at resultaterne er baseret p\u00e5 tilf\u00e6ldigheder. Der er dog flere strategier og taktikker, der kan hj\u00e6lpe dig med at \u00f8ge dine chancer for at vinde og administrere din bankroll. Her er nogle af dem:<\/p>\n<h2>X-strategi i spillet Aviator - S\u00e5dan fanger du store odds<\/h2>\n<p>Den nederste linje er, at du skal fors\u00f8ge at fange et bestemt odds i en bestemt periode. Efter at have analyseret statistikken for spillet, kan du bem\u00e6rke, at visse odds falder med en bestemt frekvens. X100 falder mindst \u00e9n gang i halvanden time, s\u00e5 hvis du t\u00e6ller, hvor meget tid der er g\u00e5et siden sidste dr\u00e5be af denne multiplikator, og placerer en indsats over 10$, kan du tage en stor gevinst med hjem.<\/p>\n<p><img loading=\"lazy\" decoding=\"async\" class=\"alignnone size-full wp-image-303\" src=\"https:\/\/aviator-slotgame.com\/wp-content\/uploads\/Aviator-17-800-x-600-\u043f\u0438\u043a\u0441.jpg\" alt=\"Fang oddsene i spillet Aviator\" width=\"800\" height=\"600\" srcset=\"https:\/\/aviator-slotgame.com\/wp-content\/uploads\/Aviator-17-800-x-600-\u043f\u0438\u043a\u0441.jpg 800w, https:\/\/aviator-slotgame.com\/wp-content\/uploads\/Aviator-17-800-x-600-\u043f\u0438\u043a\u0441-300x225.jpg 300w, https:\/\/aviator-slotgame.com\/wp-content\/uploads\/Aviator-17-800-x-600-\u043f\u0438\u043a\u0441-768x576.jpg 768w, https:\/\/aviator-slotgame.com\/wp-content\/uploads\/Aviator-17-800-x-600-\u043f\u0438\u043a\u0441-16x12.jpg 16w\" sizes=\"auto, (max-width: 800px) 100vw, 800px\" \/><\/p><div class=\"d0cc821ff44479541a9bdbb89edbae42\" data-index=\"1\" style=\"float: none; margin:10px 0 10px 0; text-align:center;\">\n<div class=\"custom-play-button\">\r\n<center><a href=\"https:\/\/aviator-slotgame.com\/da\/play-game\/\" rel=\"nofollow\" target=\"_blank\">Spil nu<\/a><br><\/center>\r\n<\/div>\n<\/div>\n\n<h2>Dobbelt bet i Aviator-spillet - Reducer risici og \u00f8g gevinster<\/h2>\n<p>F\u00f8lgende taktik er velegnet til dem, der ikke kan foretage en stor udbetaling eller ikke \u00f8nsker at risikere et stort bel\u00f8b. Din f\u00f8rste indsats skal v\u00e6re 10$, vi taler om en dobbelt indsats, s\u00e5 i en runde bruger du mindst 21$. Autoudbetaling p\u00e5 begge sk\u00e6rme er indstillet til cirka 1,2. Flyet overskrider n\u00e6sten altid dette m\u00e6rke. Det f\u00f8lger heraf, at brugeren, gennem et langt spil, helt sikkert vil v\u00e6re i stand til at vinde sine penge ved minimumsindsatser.<\/p>\n<p><img loading=\"lazy\" decoding=\"async\" class=\"alignnone size-full wp-image-305\" src=\"https:\/\/aviator-slotgame.com\/wp-content\/uploads\/Aviator-18-800-x-600-\u043f\u0438\u043a\u0441.jpg\" alt=\"Dobbeltv\u00e6ddem\u00e5l i Aviator-spillet\" width=\"800\" height=\"600\" srcset=\"https:\/\/aviator-slotgame.com\/wp-content\/uploads\/Aviator-18-800-x-600-\u043f\u0438\u043a\u0441.jpg 800w, https:\/\/aviator-slotgame.com\/wp-content\/uploads\/Aviator-18-800-x-600-\u043f\u0438\u043a\u0441-300x225.jpg 300w, https:\/\/aviator-slotgame.com\/wp-content\/uploads\/Aviator-18-800-x-600-\u043f\u0438\u043a\u0441-768x576.jpg 768w, https:\/\/aviator-slotgame.com\/wp-content\/uploads\/Aviator-18-800-x-600-\u043f\u0438\u043a\u0441-16x12.jpg 16w\" sizes=\"auto, (max-width: 800px) 100vw, 800px\" \/><\/p>\n<h2>Bankroll management i Aviator spillet - S\u00e5dan undg\u00e5r du tab og opretholder balancen<\/h2>\n<p>En af de vigtigste strategier i gambling er at administrere din bankroll godt. S\u00e6t dig selv gr\u00e6nser for, hvor meget du kan tabe og vinde, og hold dig til dem. Dette vil hj\u00e6lpe dig med at undg\u00e5 store tab og bevare din spilbalance.<\/p>\n<p><img loading=\"lazy\" decoding=\"async\" class=\"alignnone size-full wp-image-307\" src=\"https:\/\/aviator-slotgame.com\/wp-content\/uploads\/Aviator-19-800-x-600-\u043f\u0438\u043a\u0441.jpg\" alt=\"Administrer din bankroll i spillet Aviator\" width=\"800\" height=\"600\" srcset=\"https:\/\/aviator-slotgame.com\/wp-content\/uploads\/Aviator-19-800-x-600-\u043f\u0438\u043a\u0441.jpg 800w, https:\/\/aviator-slotgame.com\/wp-content\/uploads\/Aviator-19-800-x-600-\u043f\u0438\u043a\u0441-300x225.jpg 300w, https:\/\/aviator-slotgame.com\/wp-content\/uploads\/Aviator-19-800-x-600-\u043f\u0438\u043a\u0441-768x576.jpg 768w, https:\/\/aviator-slotgame.com\/wp-content\/uploads\/Aviator-19-800-x-600-\u043f\u0438\u043a\u0441-16x12.jpg 16w\" sizes=\"auto, (max-width: 800px) 100vw, 800px\" \/><\/p>\n<h2>Hvorfor Aviator er et af de bedste high RTP-spil<\/h2>\n<p>Pr\u00f8v at v\u00e6lge spil med en h\u00f8jere RTP (Return to player). Onlinespillet Aviator h\u00f8rer til listen over crash-spil med en h\u00f8j RTP-procent. Jo h\u00f8jere RTP, jo st\u00f8rre er sandsynligheden for at vinde p\u00e5 lang sigt.<\/p>\n<h2>Spil med den maksimale indsats i Aviator - Risici og bel\u00f8nninger<\/h2>\n<p>I nogle spil, inklusive Aviator, kan satsning p\u00e5 det maksimale \u00f8ge dine chancer for at vinde stort. Husk dog, at spil med den maksimale indsats ogs\u00e5 kan f\u00f8re til hurtige tab, s\u00e5 v\u00e6r forsigtig.<\/p>\n<h2>Fordoblingsstrategi i spillet Aviator<\/h2>\n<p>Nogle spillere bruger en fordoblingsstrategi, hvor de fordobler deres indsats efter hvert tab. Denne taktik har sine risici, s\u00e5 brug den med forsigtighed.<\/p>\n<h2>Demo-tilstand i spillet Aviator<\/h2>\n<p>F\u00f8r du spiller for rigtige penge, s\u00e5 pr\u00f8v at spille i demo-tilstand for at l\u00e6re spillet, dets regler og funktioner. Dette vil hj\u00e6lpe dig med at udvikle din egen strategi og forberede dig til at spille for rigtige penge.<\/p>\n<h2>Anbefalinger og tips til spillet Aviator<\/h2>\n<p>Brug f\u00f8lgende tips, det vil helt sikkert hj\u00e6lpe dig i spillet:<\/p>\n<ul>\n<li>Tag dig tid til at blive grundigt fortrolig med spilleteknikken, hvordan betalinger, opfyldninger og bonusser opst\u00e5r. Hvis du forst\u00e5r principperne i spillet, og hvordan det fungerer, vil dine fremtidige beslutninger v\u00e6re mere rationelle.<\/li>\n<\/ul>\n<ul>\n<li>Varier dine indsatser. I stedet for at lave de samme indsatser hver runde, s\u00e5 pr\u00f8v at variere dine indsatser. Nogle gange er det bedre at satse stort for at \u00f8ge dine chancer for at vinde stort, og nogle gange er det bedre at satse mindre for at reducere dine tab.<\/li>\n<\/ul>\n<ul>\n<li>Administrer dit budget. Det er meget vigtigt at kunne styre sin \u00f8konomi i spillet. S\u00e6t dig selv en tabsgr\u00e6nse og hold dig til den. Tillad ikke dig selv at spille med store summer, som du ikke har r\u00e5d til at tabe.<\/li>\n<\/ul>\n<ul>\n<li>Spil smart. Glem ikke, at det altid er en risiko at spille p\u00e5 et kasino. Spil ansvarligt og lad ikke dine f\u00f8lelser p\u00e5virke dine beslutninger. Husk at held kan v\u00e6re uforudsigeligt, s\u00e5 stol ikke p\u00e5 det alene.<\/li>\n<\/ul>\n<ul>\n<li>L\u00e6r spillets regler. For at f\u00e5 succes i Aviator online casinoet og i ethvert andet casino, er det vigtigt at forst\u00e5 spillets regler godt. Studer alle detaljer og funktioner i spillet for at tr\u00e6ffe informerede beslutninger.<\/li>\n<\/ul>\n<ul>\n<li>Brug demotilstand. Hvis du er ny i spillet eller bare vil \u00f8ve dig og forst\u00e5 gameplayet bedre, s\u00e5 brug demo-tilstanden til at spille uden risiko for at miste rigtige penge. Dette vil hj\u00e6lpe dig med at blive fortrolig med spillet og udvikle din strategi.<\/li>\n<\/ul>\n<ul>\n<li>V\u00e6r opm\u00e6rksom p\u00e5 andre spilleres meninger. Andre spillere har m\u00e5ske allerede fundet effektive strategier eller tips til at spille Aviator. L\u00e6s fora og diskussioner for at l\u00e6re mere om dem og anvende dem til dit spil. Og v\u00e6r opm\u00e6rksom p\u00e5 chatten i spillet oftere!<\/li>\n<\/ul>\n<ul>\n<li>S\u00f8rg for at have en god internetforbindelse. F\u00f8r du begynder at spille, skal du s\u00f8rge for, at du har en stabil forbindelse! I tilf\u00e6lde af en uventet afbrydelse er udviklerne ikke ansvarlige for den tabte indsats.<\/li>\n<\/ul>\n<p>Jeg h\u00e5ber, at disse anbefalinger vil hj\u00e6lpe dig med at nyde onlinespillet Aviator og \u00f8ge dine chancer for succes.<\/p>\n<p><img loading=\"lazy\" decoding=\"async\" class=\"alignnone size-full wp-image-301\" src=\"https:\/\/aviator-slotgame.com\/wp-content\/uploads\/Aviator-16-800-x-600-\u043f\u0438\u043a\u0441.jpg\" alt=\"Vigtige tip til succes med at spille Aviator\" width=\"800\" height=\"600\" srcset=\"https:\/\/aviator-slotgame.com\/wp-content\/uploads\/Aviator-16-800-x-600-\u043f\u0438\u043a\u0441.jpg 800w, https:\/\/aviator-slotgame.com\/wp-content\/uploads\/Aviator-16-800-x-600-\u043f\u0438\u043a\u0441-300x225.jpg 300w, https:\/\/aviator-slotgame.com\/wp-content\/uploads\/Aviator-16-800-x-600-\u043f\u0438\u043a\u0441-768x576.jpg 768w, https:\/\/aviator-slotgame.com\/wp-content\/uploads\/Aviator-16-800-x-600-\u043f\u0438\u043a\u0441-16x12.jpg 16w\" sizes=\"auto, (max-width: 800px) 100vw, 800px\" \/><\/p>\n\n<div style=\"font-size: 0px; height: 0px; line-height: 0px; margin: 0; padding: 0; clear: both;\"><\/div>","protected":false},"excerpt":{"rendered":"<p>I Aviator crash-spillet, som i mange andre gambling-spil, er det vigtigt at huske, at resultaterne er baseret p\u00e5 tilf\u00e6ldigheder. Imidlertid<\/p>","protected":false},"author":1,"featured_media":0,"parent":0,"menu_order":0,"comment_status":"closed","ping_status":"closed","template":"","meta":{"footnotes":""},"class_list":["post-230","page","type-page","status-publish","hentry"],"yoast_head":"<!-- This site is optimized with the Yoast SEO plugin v22.0 - https:\/\/yoast.com\/wordpress\/plugins\/seo\/ -->\n<title>C\u0442\u0440\u0430\u0442\u0435\u0433\u0438\u0438 \u0438\u0433\u0440\u044b \u0410\u0432\u0438\u0430\u0442\u043e\u0440 \u2014 \u041a\u0430\u043a \u0432\u044b\u0438\u0433\u0440\u044b\u0432\u0430\u0442\u044c \u0434\u0435\u043d\u044c\u0433\u0438 \u0432 \u043a\u0440\u0430\u0448-\u0441\u043b\u043e\u0442<\/title>\n<meta name=\"description\" content=\"\u0418\u0437\u0443\u0447\u0438\u0442\u0435 \u0441\u0442\u0440\u0430\u0442\u0435\u0433\u0438\u0438 \u0438 \u0442\u0430\u043a\u0442\u0438\u043a\u0438 \u0438\u0433\u0440\u044b \u0432 \u0441\u043b\u043e\u0442 \u0410\u0432\u0438\u0430\u0442\u043e\u0440. \u0423\u043f\u0440\u0430\u0432\u043b\u044f\u0439\u0442\u0435 \u0431\u0430\u043d\u043a\u0440\u043e\u043b\u043b\u043e\u043c, \u0438\u0441\u043f\u043e\u043b\u044c\u0437\u0443\u0439\u0442\u0435 \u043a\u043e\u044d\u0444\u0444\u0438\u0446\u0438\u0435\u043d\u0442\u044b \u0438 \u0443\u0432\u0435\u043b\u0438\u0447\u0438\u0432\u0430\u0439\u0442\u0435 \u0448\u0430\u043d\u0441\u044b \u043d\u0430 \u0432\u044b\u0438\u0433\u0440\u044b\u0448 \u0432 \u043a\u0440\u0430\u0448-\u0438\u0433\u0440\u0435 \u043d\u0430 \u0434\u0435\u043d\u044c\u0433\u0438.\" \/>\n<meta name=\"robots\" content=\"index, follow, max-snippet:-1, max-image-preview:large, max-video-preview:-1\" \/>\n<link rel=\"canonical\" href=\"https:\/\/aviator-slotgame.com\/da\/strategy-and-tactics\/\" \/>\n<meta property=\"og:locale\" content=\"da_DK\" \/>\n<meta property=\"og:type\" content=\"article\" \/>\n<meta property=\"og:title\" content=\"C\u0442\u0440\u0430\u0442\u0435\u0433\u0438\u0438 \u0438\u0433\u0440\u044b \u0410\u0432\u0438\u0430\u0442\u043e\u0440 \u2014 \u041a\u0430\u043a \u0432\u044b\u0438\u0433\u0440\u044b\u0432\u0430\u0442\u044c \u0434\u0435\u043d\u044c\u0433\u0438 \u0432 \u043a\u0440\u0430\u0448-\u0441\u043b\u043e\u0442\" \/>\n<meta property=\"og:description\" content=\"\u0418\u0437\u0443\u0447\u0438\u0442\u0435 \u0441\u0442\u0440\u0430\u0442\u0435\u0433\u0438\u0438 \u0438 \u0442\u0430\u043a\u0442\u0438\u043a\u0438 \u0438\u0433\u0440\u044b \u0432 \u0441\u043b\u043e\u0442 \u0410\u0432\u0438\u0430\u0442\u043e\u0440. \u0423\u043f\u0440\u0430\u0432\u043b\u044f\u0439\u0442\u0435 \u0431\u0430\u043d\u043a\u0440\u043e\u043b\u043b\u043e\u043c, \u0438\u0441\u043f\u043e\u043b\u044c\u0437\u0443\u0439\u0442\u0435 \u043a\u043e\u044d\u0444\u0444\u0438\u0446\u0438\u0435\u043d\u0442\u044b \u0438 \u0443\u0432\u0435\u043b\u0438\u0447\u0438\u0432\u0430\u0439\u0442\u0435 \u0448\u0430\u043d\u0441\u044b \u043d\u0430 \u0432\u044b\u0438\u0433\u0440\u044b\u0448 \u0432 \u043a\u0440\u0430\u0448-\u0438\u0433\u0440\u0435 \u043d\u0430 \u0434\u0435\u043d\u044c\u0433\u0438.\" \/>\n<meta property=\"og:url\" content=\"https:\/\/aviator-slotgame.com\/da\/strategy-and-tactics\/\" \/>\n<meta property=\"og:site_name\" content=\"Aviator\" \/>\n<meta property=\"article:modified_time\" content=\"2024-10-03T23:03:12+00:00\" \/>\n<meta name=\"twitter:card\" content=\"summary_large_image\" \/>\n<meta name=\"twitter:label1\" content=\"Estimeret l\u00e6setid\" \/>\n\t<meta name=\"twitter:data1\" content=\"4 minutter\" \/>\n<script type=\"application\/ld+json\" class=\"yoast-schema-graph\">{\"@context\":\"https:\/\/schema.org\",\"@graph\":[{\"@type\":\"WebPage\",\"@id\":\"https:\/\/aviator-slotgame.com\/strategy-and-tactics\/\",\"url\":\"https:\/\/aviator-slotgame.com\/strategy-and-tactics\/\",\"name\":\"C\u0442\u0440\u0430\u0442\u0435\u0433\u0438\u0438 \u0438\u0433\u0440\u044b \u0410\u0432\u0438\u0430\u0442\u043e\u0440 \u2014 \u041a\u0430\u043a \u0432\u044b\u0438\u0433\u0440\u044b\u0432\u0430\u0442\u044c \u0434\u0435\u043d\u044c\u0433\u0438 \u0432 \u043a\u0440\u0430\u0448-\u0441\u043b\u043e\u0442\",\"isPartOf\":{\"@id\":\"https:\/\/aviator-slotgame.com\/#website\"},\"datePublished\":\"2024-09-06T08:55:11+00:00\",\"dateModified\":\"2024-10-03T23:03:12+00:00\",\"description\":\"\u0418\u0437\u0443\u0447\u0438\u0442\u0435 \u0441\u0442\u0440\u0430\u0442\u0435\u0433\u0438\u0438 \u0438 \u0442\u0430\u043a\u0442\u0438\u043a\u0438 \u0438\u0433\u0440\u044b \u0432 \u0441\u043b\u043e\u0442 \u0410\u0432\u0438\u0430\u0442\u043e\u0440. \u0423\u043f\u0440\u0430\u0432\u043b\u044f\u0439\u0442\u0435 \u0431\u0430\u043d\u043a\u0440\u043e\u043b\u043b\u043e\u043c, \u0438\u0441\u043f\u043e\u043b\u044c\u0437\u0443\u0439\u0442\u0435 \u043a\u043e\u044d\u0444\u0444\u0438\u0446\u0438\u0435\u043d\u0442\u044b \u0438 \u0443\u0432\u0435\u043b\u0438\u0447\u0438\u0432\u0430\u0439\u0442\u0435 \u0448\u0430\u043d\u0441\u044b \u043d\u0430 \u0432\u044b\u0438\u0433\u0440\u044b\u0448 \u0432 \u043a\u0440\u0430\u0448-\u0438\u0433\u0440\u0435 \u043d\u0430 \u0434\u0435\u043d\u044c\u0433\u0438.\",\"breadcrumb\":{\"@id\":\"https:\/\/aviator-slotgame.com\/strategy-and-tactics\/#breadcrumb\"},\"inLanguage\":\"da-DK\",\"potentialAction\":[{\"@type\":\"ReadAction\",\"target\":[\"https:\/\/aviator-slotgame.com\/strategy-and-tactics\/\"]}]},{\"@type\":\"BreadcrumbList\",\"@id\":\"https:\/\/aviator-slotgame.com\/strategy-and-tactics\/#breadcrumb\",\"itemListElement\":[{\"@type\":\"ListItem\",\"position\":1,\"name\":\"Home\",\"item\":\"https:\/\/aviator-slotgame.com\/\"},{\"@type\":\"ListItem\",\"position\":2,\"name\":\"\u0421\u0442\u0440\u0430\u0442\u0435\u0433\u0438\u0438 \u0438 \u0442\u0430\u043a\u0442\u0438\u043a\u0438 \u0438\u0433\u0440\u044b Aviator\"}]},{\"@type\":\"WebSite\",\"@id\":\"https:\/\/aviator-slotgame.com\/#website\",\"url\":\"https:\/\/aviator-slotgame.com\/\",\"name\":\"Aviator\",\"description\":\"\",\"publisher\":{\"@id\":\"https:\/\/aviator-slotgame.com\/#organization\"},\"potentialAction\":[{\"@type\":\"SearchAction\",\"target\":{\"@type\":\"EntryPoint\",\"urlTemplate\":\"https:\/\/aviator-slotgame.com\/?s={search_term_string}\"},\"query-input\":\"required name=search_term_string\"}],\"inLanguage\":\"da-DK\"},{\"@type\":\"Organization\",\"@id\":\"https:\/\/aviator-slotgame.com\/#organization\",\"name\":\"Aviator\",\"url\":\"https:\/\/aviator-slotgame.com\/\",\"logo\":{\"@type\":\"ImageObject\",\"inLanguage\":\"da-DK\",\"@id\":\"https:\/\/aviator-slotgame.com\/#\/schema\/logo\/image\/\",\"url\":\"https:\/\/aviator-slotgame.com\/wp-content\/uploads\/16f5e8_dade544d4623411c9c4153c639aae85amv2.webp\",\"contentUrl\":\"https:\/\/aviator-slotgame.com\/wp-content\/uploads\/16f5e8_dade544d4623411c9c4153c639aae85amv2.webp\",\"width\":400,\"height\":300,\"caption\":\"Aviator\"},\"image\":{\"@id\":\"https:\/\/aviator-slotgame.com\/#\/schema\/logo\/image\/\"}}]}<\/script>\n<!-- \/ Yoast SEO plugin. -->","yoast_head_json":{"title":"C\u0442\u0440\u0430\u0442\u0435\u0433\u0438\u0438 \u0438\u0433\u0440\u044b \u0410\u0432\u0438\u0430\u0442\u043e\u0440 \u2014 \u041a\u0430\u043a \u0432\u044b\u0438\u0433\u0440\u044b\u0432\u0430\u0442\u044c \u0434\u0435\u043d\u044c\u0433\u0438 \u0432 \u043a\u0440\u0430\u0448-\u0441\u043b\u043e\u0442","description":"\u0418\u0437\u0443\u0447\u0438\u0442\u0435 \u0441\u0442\u0440\u0430\u0442\u0435\u0433\u0438\u0438 \u0438 \u0442\u0430\u043a\u0442\u0438\u043a\u0438 \u0438\u0433\u0440\u044b \u0432 \u0441\u043b\u043e\u0442 \u0410\u0432\u0438\u0430\u0442\u043e\u0440. \u0423\u043f\u0440\u0430\u0432\u043b\u044f\u0439\u0442\u0435 \u0431\u0430\u043d\u043a\u0440\u043e\u043b\u043b\u043e\u043c, \u0438\u0441\u043f\u043e\u043b\u044c\u0437\u0443\u0439\u0442\u0435 \u043a\u043e\u044d\u0444\u0444\u0438\u0446\u0438\u0435\u043d\u0442\u044b \u0438 \u0443\u0432\u0435\u043b\u0438\u0447\u0438\u0432\u0430\u0439\u0442\u0435 \u0448\u0430\u043d\u0441\u044b \u043d\u0430 \u0432\u044b\u0438\u0433\u0440\u044b\u0448 \u0432 \u043a\u0440\u0430\u0448-\u0438\u0433\u0440\u0435 \u043d\u0430 \u0434\u0435\u043d\u044c\u0433\u0438.","robots":{"index":"index","follow":"follow","max-snippet":"max-snippet:-1","max-image-preview":"max-image-preview:large","max-video-preview":"max-video-preview:-1"},"canonical":"https:\/\/aviator-slotgame.com\/da\/strategy-and-tactics\/","og_locale":"da_DK","og_type":"article","og_title":"C\u0442\u0440\u0430\u0442\u0435\u0433\u0438\u0438 \u0438\u0433\u0440\u044b \u0410\u0432\u0438\u0430\u0442\u043e\u0440 \u2014 \u041a\u0430\u043a \u0432\u044b\u0438\u0433\u0440\u044b\u0432\u0430\u0442\u044c \u0434\u0435\u043d\u044c\u0433\u0438 \u0432 \u043a\u0440\u0430\u0448-\u0441\u043b\u043e\u0442","og_description":"\u0418\u0437\u0443\u0447\u0438\u0442\u0435 \u0441\u0442\u0440\u0430\u0442\u0435\u0433\u0438\u0438 \u0438 \u0442\u0430\u043a\u0442\u0438\u043a\u0438 \u0438\u0433\u0440\u044b \u0432 \u0441\u043b\u043e\u0442 \u0410\u0432\u0438\u0430\u0442\u043e\u0440. \u0423\u043f\u0440\u0430\u0432\u043b\u044f\u0439\u0442\u0435 \u0431\u0430\u043d\u043a\u0440\u043e\u043b\u043b\u043e\u043c, \u0438\u0441\u043f\u043e\u043b\u044c\u0437\u0443\u0439\u0442\u0435 \u043a\u043e\u044d\u0444\u0444\u0438\u0446\u0438\u0435\u043d\u0442\u044b \u0438 \u0443\u0432\u0435\u043b\u0438\u0447\u0438\u0432\u0430\u0439\u0442\u0435 \u0448\u0430\u043d\u0441\u044b \u043d\u0430 \u0432\u044b\u0438\u0433\u0440\u044b\u0448 \u0432 \u043a\u0440\u0430\u0448-\u0438\u0433\u0440\u0435 \u043d\u0430 \u0434\u0435\u043d\u044c\u0433\u0438.","og_url":"https:\/\/aviator-slotgame.com\/da\/strategy-and-tactics\/","og_site_name":"Aviator","article_modified_time":"2024-10-03T23:03:12+00:00","twitter_card":"summary_large_image","twitter_misc":{"Estimeret l\u00e6setid":"4 minutter"},"schema":{"@context":"https:\/\/schema.org","@graph":[{"@type":"WebPage","@id":"https:\/\/aviator-slotgame.com\/strategy-and-tactics\/","url":"https:\/\/aviator-slotgame.com\/strategy-and-tactics\/","name":"C\u0442\u0440\u0430\u0442\u0435\u0433\u0438\u0438 \u0438\u0433\u0440\u044b \u0410\u0432\u0438\u0430\u0442\u043e\u0440 \u2014 \u041a\u0430\u043a \u0432\u044b\u0438\u0433\u0440\u044b\u0432\u0430\u0442\u044c \u0434\u0435\u043d\u044c\u0433\u0438 \u0432 \u043a\u0440\u0430\u0448-\u0441\u043b\u043e\u0442","isPartOf":{"@id":"https:\/\/aviator-slotgame.com\/#website"},"datePublished":"2024-09-06T08:55:11+00:00","dateModified":"2024-10-03T23:03:12+00:00","description":"\u0418\u0437\u0443\u0447\u0438\u0442\u0435 \u0441\u0442\u0440\u0430\u0442\u0435\u0433\u0438\u0438 \u0438 \u0442\u0430\u043a\u0442\u0438\u043a\u0438 \u0438\u0433\u0440\u044b \u0432 \u0441\u043b\u043e\u0442 \u0410\u0432\u0438\u0430\u0442\u043e\u0440. \u0423\u043f\u0440\u0430\u0432\u043b\u044f\u0439\u0442\u0435 \u0431\u0430\u043d\u043a\u0440\u043e\u043b\u043b\u043e\u043c, \u0438\u0441\u043f\u043e\u043b\u044c\u0437\u0443\u0439\u0442\u0435 \u043a\u043e\u044d\u0444\u0444\u0438\u0446\u0438\u0435\u043d\u0442\u044b \u0438 \u0443\u0432\u0435\u043b\u0438\u0447\u0438\u0432\u0430\u0439\u0442\u0435 \u0448\u0430\u043d\u0441\u044b \u043d\u0430 \u0432\u044b\u0438\u0433\u0440\u044b\u0448 \u0432 \u043a\u0440\u0430\u0448-\u0438\u0433\u0440\u0435 \u043d\u0430 \u0434\u0435\u043d\u044c\u0433\u0438.","breadcrumb":{"@id":"https:\/\/aviator-slotgame.com\/strategy-and-tactics\/#breadcrumb"},"inLanguage":"da-DK","potentialAction":[{"@type":"ReadAction","target":["https:\/\/aviator-slotgame.com\/strategy-and-tactics\/"]}]},{"@type":"BreadcrumbList","@id":"https:\/\/aviator-slotgame.com\/strategy-and-tactics\/#breadcrumb","itemListElement":[{"@type":"ListItem","position":1,"name":"Home","item":"https:\/\/aviator-slotgame.com\/"},{"@type":"ListItem","position":2,"name":"\u0421\u0442\u0440\u0430\u0442\u0435\u0433\u0438\u0438 \u0438 \u0442\u0430\u043a\u0442\u0438\u043a\u0438 \u0438\u0433\u0440\u044b Aviator"}]},{"@type":"WebSite","@id":"https:\/\/aviator-slotgame.com\/#website","url":"https:\/\/aviator-slotgame.com\/","name":"Aviator","description":"","publisher":{"@id":"https:\/\/aviator-slotgame.com\/#organization"},"potentialAction":[{"@type":"SearchAction","target":{"@type":"EntryPoint","urlTemplate":"https:\/\/aviator-slotgame.com\/?s={search_term_string}"},"query-input":"required name=search_term_string"}],"inLanguage":"da-DK"},{"@type":"Organization","@id":"https:\/\/aviator-slotgame.com\/#organization","name":"Aviator","url":"https:\/\/aviator-slotgame.com\/","logo":{"@type":"ImageObject","inLanguage":"da-DK","@id":"https:\/\/aviator-slotgame.com\/#\/schema\/logo\/image\/","url":"https:\/\/aviator-slotgame.com\/wp-content\/uploads\/16f5e8_dade544d4623411c9c4153c639aae85amv2.webp","contentUrl":"https:\/\/aviator-slotgame.com\/wp-content\/uploads\/16f5e8_dade544d4623411c9c4153c639aae85amv2.webp","width":400,"height":300,"caption":"Aviator"},"image":{"@id":"https:\/\/aviator-slotgame.com\/#\/schema\/logo\/image\/"}}]}},"amp_enabled":true,"_links":{"self":[{"href":"https:\/\/aviator-slotgame.com\/da\/wp-json\/wp\/v2\/pages\/230","targetHints":{"allow":["GET"]}}],"collection":[{"href":"https:\/\/aviator-slotgame.com\/da\/wp-json\/wp\/v2\/pages"}],"about":[{"href":"https:\/\/aviator-slotgame.com\/da\/wp-json\/wp\/v2\/types\/page"}],"author":[{"embeddable":true,"href":"https:\/\/aviator-slotgame.com\/da\/wp-json\/wp\/v2\/users\/1"}],"replies":[{"embeddable":true,"href":"https:\/\/aviator-slotgame.com\/da\/wp-json\/wp\/v2\/comments?post=230"}],"version-history":[{"count":14,"href":"https:\/\/aviator-slotgame.com\/da\/wp-json\/wp\/v2\/pages\/230\/revisions"}],"predecessor-version":[{"id":410,"href":"https:\/\/aviator-slotgame.com\/da\/wp-json\/wp\/v2\/pages\/230\/revisions\/410"}],"wp:attachment":[{"href":"https:\/\/aviator-slotgame.com\/da\/wp-json\/wp\/v2\/media?parent=230"}],"curies":[{"name":"wp","href":"https:\/\/api.w.org\/{rel}","templated":true}]}}