{"id":26,"date":"2024-01-31T12:57:07","date_gmt":"2024-01-31T12:57:07","guid":{"rendered":"https:\/\/aviator-slotgame.com\/?page_id=26"},"modified":"2024-10-03T23:16:00","modified_gmt":"2024-10-03T23:16:00","slug":"play-for-free","status":"publish","type":"page","link":"https:\/\/aviator-slotgame.com\/da\/sadan-spiller-du-aviator-demoen-gratis\/","title":{"rendered":"S\u00e5dan spiller du Aviator-demoen gratis"},"content":{"rendered":"<div class=\"d0cc821ff44479541a9bdbb89edbae42\" data-index=\"1\" style=\"float: none; margin:10px 0 10px 0; text-align:center;\">\n<div class=\"custom-play-button\">\r\n<center><a href=\"https:\/\/aviator-slotgame.com\/da\/play-game\/\" rel=\"nofollow\" target=\"_blank\">Spil nu<\/a><br><\/center>\r\n<\/div>\n<\/div>\n<p>Aviator-spillet fra Spribe er et nyt og sp\u00e6ndende casinospil, der giver spillere mulighed for at opleve sp\u00e6ndingen ved at vinde, mens de flyver h\u00f8jt. Demoversionen af spillet giver spillerne mulighed for at pr\u00f8ve spillet gratis, mens den fulde version er tilg\u00e6ngelig p\u00e5 mange af de bedste casinosider. Den gratis Aviator-demo er en fantastisk m\u00e5de at l\u00e6re at spille spillet p\u00e5, f\u00f8r du bruger penge p\u00e5 den fulde version, og det er en sjov m\u00e5de at bruge tid online p\u00e5 uden at bruge penge.<\/p>\n<p>For at g\u00f8re dette skal du g\u00e5 til det officielle Aviator-websted og v\u00e6lge demo-spiltilstanden. I demoversionen kan du spille uden at skulle satse rigtige penge og bare nyde gameplayet.<\/p>\n<p><img loading=\"lazy\" decoding=\"async\" title=\"Spil Aviator-demoen\" src=\"https:\/\/aviator-slotgame.com\/wp-content\/uploads\/aviator-3.png\" alt=\"S\u00e5dan spiller du Aviator-demoen gratis\" width=\"800\" height=\"445\" \/><\/p>\n<h2>N\u00f8glefunktioner<\/h2>\n<p>Demoversionen vil introducere dig til flere vigtige spilmekanikker. Ved at \u00f8ve gratis f\u00f8rst, vil du have en bedre forst\u00e5else af, hvordan spillet fungerer, og du kan maksimere dine gevinster, n\u00e5r du spiller for rigtige penge. Aviator-demoen er ogs\u00e5 en fantastisk m\u00e5de at have det sjovt p\u00e5 uden at bruge penge eller kreditter.<\/p><div class=\"d0cc821ff44479541a9bdbb89edbae42\" data-index=\"1\" style=\"float: none; margin:10px 0 10px 0; text-align:center;\">\n<div class=\"custom-play-button\">\r\n<center><a href=\"https:\/\/aviator-slotgame.com\/da\/play-game\/\" rel=\"nofollow\" target=\"_blank\">Spil nu<\/a><br><\/center>\r\n<\/div>\n<\/div>\n\n<h3>Dobbelt ned knapper<\/h3>\n<p>Disse knapper giver dig mulighed for at fordoble din indsats, n\u00e5r oddsene er stablet til din fordel. Dette kan \u00f8ge dine gevinster, men det \u00f8ger ogs\u00e5 risikofaktoren.<\/p>\n<p>Vi anbefaler, at du \u00f8ver dig i at bruge begge knapper i demoversionen, f\u00f8r du risikerer rigtige webstedskreditter. Aviator-flyet kan flyve v\u00e6k i den tid, det tager dig at trykke p\u00e5 2. knap. De bedste Aviator-spillere er i stand til at udbetale begge deres indsatser inden for et sekund.<\/p>\n<h3>Leaderboard<\/h3>\n<p>Denne funktion giver dig en id\u00e9 om, hvor godt dine indsatser er sammenlignet med andre spillere i realtid! Dette er en fantastisk m\u00e5de at forblive motiveret p\u00e5, n\u00e5r du kommer til selve spillet. I demoen simuleres disse spillere, men du kan f\u00e5 en id\u00e9 om, hvad du skal v\u00e6re opm\u00e6rksom p\u00e5.<\/p>\n<h3>Indsats- og gevinstgr\u00e6nser<\/h3>\n<p>Aviator-demoen er et godt sted at finde ud af, hvad de maksimale og mindste indsatser du kan foretage, og hvor mange penge held vil bringe dig. Denne information er ekstremt vigtig af to grunde. For det f\u00f8rste vil du v\u00e6re i stand til at kende gr\u00e6nserne for dit spil og ikke g\u00e5 ud over dem, n\u00e5r du spiller den fulde version. For det andet kan du vide, hvad du kan forvente, n\u00e5r multiplikatoren begynder at stige.<\/p>\n<table>\n<tbody>\n<tr>\n<td><strong>SPILGR\u00c6NSER<\/strong><\/td>\n<\/tr>\n<tr>\n<td><strong>Minimum bud<\/strong><\/td>\n<td>0.10<\/td>\n<\/tr>\n<tr>\n<td><strong>Maksimal indsats<\/strong><\/td>\n<td>100<\/td>\n<\/tr>\n<tr>\n<td><strong>Maksimal gevinst<\/strong><\/td>\n<td>10,000<\/td>\n<\/tr>\n<\/tbody>\n<\/table>\n<p><img loading=\"lazy\" decoding=\"async\" src=\"https:\/\/aviator-slotgame.com\/wp-content\/uploads\/Aviator-12-800-x-600-\u043f\u0438\u043a\u0441.jpg\" alt=\"V\u00e6ddem\u00e5l og gevinster\" width=\"800\" height=\"600\" \/><\/p>\n<h3>Automatisk afspilning<\/h3>\n<p>Autoplay placerer automatisk v\u00e6ddem\u00e5l og udbetaler penge p\u00e5 dine vegne i henhold til de indstillinger, du angiver. Dette giver dig mulighed for at l\u00e6ne dig tilbage og slappe af, mens Aviator-spillet g\u00f8r arbejdet for dig. For sjov og \u00f8velse vil spillet give spillerne mulighed for at pr\u00f8ve forskellige kombinationer af indstillinger.<\/p>\n<p>F\u00f8lgende autoplay-muligheder er tilg\u00e6ngelige i demoversionen af Aviator:<\/p>\n<ul>\n<li>Kontantreduktionsgr\u00e6nse<\/li>\n<li>Gevinstgr\u00e6nse<\/li>\n<li>Gr\u00e6nse pr. sejr<\/li>\n<li>Kontant udbetalingsmultiplikator<\/li>\n<\/ul>\n<p><img loading=\"lazy\" decoding=\"async\" src=\"https:\/\/aviator-slotgame.com\/wp-content\/uploads\/Aviator-15-800-x-600-\u043f\u0438\u043a\u0441.jpg\" alt=\"Autoplay i Aviator\" width=\"800\" height=\"600\" \/><\/p>\n<h2>Funktioner, der ikke er inkluderet i demoversionen<\/h2>\n<p>Aviator-demoen mangler en vigtig funktion. Det kan simpelthen ikke modelleres.<\/p>\n<h3>Spillere chatter<\/h3>\n<p>I den fulde version af Aviator kan spillere f\u00e5 adgang til chatsystemet i spillet for at diskutere strategi, misbruge multiplikatorer, dele tips og tricks, prale af de seneste store gevinster og chatte med hinanden. Denne funktion er ikke tilg\u00e6ngelig i demoversionen.<\/p>\n<p>Du er m\u00e5ske ikke i stand til at \u00f8ve dig i at kommunikere med andre spillere, men det er et af de vigtigste aspekter af et livespil. Dette er en fantastisk m\u00e5de at opbygge relationer med andre spillere p\u00e5 og l\u00e6re mere om spillet.<\/p>\n<h2>Gratis demo af Aviator sammenlignet med det faktiske spil<\/h2>\n<p>Aviator-demoen er en gratis version af spillet, der giver dig mulighed for at \u00f8ve og pr\u00f8ve forskellige strategier. Demoversionen indeholder alle de funktioner, der er tilg\u00e6ngelige i den fulde version, men med nogle begr\u00e6nsninger. For eksempel kan du i demoversionen af Aviator ikke tjene rigtige penge eller vinde pr\u00e6mier. Men hvis du kan lide at spille demoversionen og \u00f8nsker at opleve flere funktioner i dette sp\u00e6ndende spil, s\u00e5 kan du forts\u00e6tte med at spille det rigtige spil til enhver tid.<\/p>\n<p>Demoversionen af Aviator kommer med adskillige tutorials og tips til at hj\u00e6lpe dig med at forst\u00e5, hvordan du spiller mere effektivt. De vil hj\u00e6lpe dig med at forbedre din overordnede spiloplevelse ved at give letforst\u00e5elig vejledning til nye spillere og undervise i nye teknikker. Du kan ogs\u00e5 se RNG-data (Random Number Generator) genereret fra disse runder, hvilket giver dig mulighed for at blive mere fortrolig med Sribes kryptoteknologi.<\/p>\n<table>\n<tbody>\n<tr>\n<td><strong>AVIATOR DEMO<\/strong><\/td>\n<td><strong>LIVE SPIL &quot;AVIATOR&quot;<\/strong><\/td>\n<\/tr>\n<tr>\n<td>Spil gratis<\/td>\n<td>Webstedskredit p\u00e5kr\u00e6vet<\/td>\n<\/tr>\n<tr>\n<td>Ingen live chat<\/td>\n<td>Chat for alle spillere<\/td>\n<\/tr>\n<tr>\n<td>Ingen gevinster<\/td>\n<td>At vinde afh\u00e6nger af multiplikatoren<\/td>\n<\/tr>\n<tr>\n<td>Du kan spille p\u00e5 den officielle Spribes hjemmeside<\/td>\n<td>Kun tilg\u00e6ngelig p\u00e5 licenserede online casinoer<\/td>\n<\/tr>\n<tr>\n<td>Simulerede spillere p\u00e5 ranglisten<\/td>\n<td>Rigtige spillere placerer v\u00e6ddem\u00e5l<\/td>\n<\/tr>\n<\/tbody>\n<\/table>\n<p>Ved at spille Aviator-demoen f\u00f8rst, kan du finpudse dine f\u00e6rdigheder, f\u00f8r du tager imod andre spillere og m\u00e5ske vinder for alvor!<\/p>\n<p><img loading=\"lazy\" decoding=\"async\" src=\"https:\/\/aviator-slotgame.com\/wp-content\/uploads\/Aviator-11-800-x-600-\u043f\u0438\u043a\u0441.jpg\" alt=\"Demoversion i Aviator\" width=\"800\" height=\"600\" \/><\/p>\n<h2>Demo-version af spillet Aviator<\/h2>\n<p>Hvorfor anbefaler alle, at du f\u00f8rst stifter bekendtskab med demoversionen af spillet Aviator?<\/p>\n<ol>\n<li><strong>Introduktion til spillet:<\/strong> Den gratis version af Aviator-spillet hj\u00e6lper spillere med at blive fortrolige med gameplayet, spillereglerne og spilleautomatens funktioner uden at risikere deres penge.<\/li>\n<li><strong>Praksis:<\/strong> At spille den gratis version giver spillerne mulighed for at \u00f8ve og finpudse deres f\u00e6rdigheder, f\u00f8r de spiller for rigtige penge.<\/li>\n<li><strong>Interessescore:<\/strong> Ved at spille den gratis version kan du vurdere, hvor interessant og sp\u00e6ndende spillet er, hvilket vil hj\u00e6lpe dig med at beslutte, om du vil forts\u00e6tte med at spille for rigtige penge.<\/li>\n<li><strong>Ikke-finansielle risici:<\/strong> Den gratis version eliminerer \u00f8konomiske risici for spilleren, da v\u00e6ddem\u00e5l placeres p\u00e5 virtuelle penge, hvilket giver dig mulighed for at nyde spillet uden stress.<\/li>\n<li><strong>Underholdning:<\/strong> At spille den gratis version af Aviator kan v\u00e6re en fantastisk m\u00e5de at have det sjovt og fordrive tid uden at skulle investere nogen penge.<\/li>\n<\/ol>\n<p><img loading=\"lazy\" decoding=\"async\" src=\"https:\/\/aviator-slotgame.com\/wp-content\/uploads\/Aviator-30-800-x-600-\u043f\u0438\u043a\u0441.jpg\" alt=\"Demo spil Aviator\" width=\"800\" height=\"600\" \/><\/p>\n<h2>Hvor kan jeg finde en demoversion af spillet Aviator?<\/h2>\n<p>Her er detaljerede instruktioner om, hvordan du finder en demoversion af onlinespillet Aviator:<\/p>\n<ol>\n<li>\u00c5bn internetbrowseren p\u00e5 din enhed, og g\u00e5 til den officielle hjemmeside for det casino, du vil spille p\u00e5.<\/li>\n<li>Hvis du allerede har en konto p\u00e5 webstedet, skal du logge ind med dine legitimationsoplysninger. Hvis du ikke har en konto endnu, skal du registrere dig p\u00e5 casinoets hjemmeside.<\/li>\n<li>N\u00e5r du er kommet ind p\u00e5 siden, skal du finde sektionen med crash-spil eller bruge s\u00f8gelinjen. Demoversioner af spil findes typisk i afsnittet Spil.<\/li>\n<li>Find Aviator-spillet blandt de pr\u00e6senterede muligheder, og klik p\u00e5 det.<\/li>\n<li>I spiloplysningerne finder du normalt en Play- eller Demo-knap. Klik p\u00e5 denne knap for at starte demotilstanden for Aviator-spillet.<\/li>\n<li>Demoversionen af spillet vil downloade, og du kan begynde at spille uden at skulle satse rigtige penge. I demo-tilstand vil du bruge virtuelle penge leveret af kasinoet til at spille Aviator crash-spillet.<\/li>\n<\/ol>\n<p>Ved at f\u00f8lge disse trin kan du s\u00e5ledes nemt finde og spille demoversionen af Aviator-spillet p\u00e5 kasinoets officielle hjemmeside<\/p>\n<p><img loading=\"lazy\" decoding=\"async\" src=\"https:\/\/aviator-slotgame.com\/wp-content\/uploads\/Aviator-31-800-x-600-\u043f\u0438\u043a\u0441.jpg\" alt=\"Find demospil Aviator\" width=\"800\" height=\"600\" \/><\/p>\n\n<div style=\"font-size: 0px; height: 0px; line-height: 0px; margin: 0; padding: 0; clear: both;\"><\/div>","protected":false},"excerpt":{"rendered":"<p>Spribe&#039;s Aviator er et nyt og sp\u00e6ndende casinospil, der giver spillere mulighed for at opleve sp\u00e6ndingen ved at vinde<\/p>","protected":false},"author":1,"featured_media":0,"parent":0,"menu_order":0,"comment_status":"closed","ping_status":"closed","template":"","meta":{"footnotes":""},"class_list":["post-26","page","type-page","status-publish","hentry"],"yoast_head":"<!-- This site is optimized with the Yoast SEO plugin v22.0 - https:\/\/yoast.com\/wordpress\/plugins\/seo\/ -->\n<title>\u0414\u0435\u043c\u043e-\u0432\u0435\u0440\u0441\u0438\u044f \u0438\u0433\u0440\u044b \u0410\u0432\u0438\u0430\u0442\u043e\u0440 \u2014 \u0418\u0433\u0440\u0430\u0439\u0442\u0435 \u0432 \u043a\u0440\u0430\u0448-\u0441\u043b\u043e\u0442 \u0431\u0435\u0441\u043f\u043b\u0430\u0442\u043d\u043e<\/title>\n<meta name=\"description\" content=\"\u0418\u0433\u0440\u0430\u0439 \u0432 \u0434\u0435\u043c\u043e-\u0432\u0435\u0440\u0441\u0438\u044e \u0410\u0432\u0438\u0430\u0442\u043e\u0440 \u0431\u0435\u0441\u043f\u043b\u0430\u0442\u043d\u043e. \u0422\u0440\u0435\u043d\u0438\u0440\u0443\u0439\u0441\u044f \u0431\u0435\u0437 \u0434\u0435\u043d\u0435\u0433 \u0432 \u043a\u0440\u0430\u0448-\u0441\u043b\u043e\u0442\u0435 \u043e\u0442 Spribe \u043f\u0435\u0440\u0435\u0434 \u0438\u0433\u0440\u043e\u0439 \u043d\u0430 \u0440\u0435\u0430\u043b\u044c\u043d\u044b\u0435 \u0434\u0435\u043d\u044c\u0433\u0438 \u0432 \u043e\u043d\u043b\u0430\u0439\u043d \u043a\u0430\u0437\u0438\u043d\u043e.\" \/>\n<meta name=\"robots\" content=\"index, follow, max-snippet:-1, max-image-preview:large, max-video-preview:-1\" \/>\n<link rel=\"canonical\" href=\"https:\/\/aviator-slotgame.com\/da\/sadan-spiller-du-aviator-demoen-gratis\/\" \/>\n<meta property=\"og:locale\" content=\"da_DK\" \/>\n<meta property=\"og:type\" content=\"article\" \/>\n<meta property=\"og:title\" content=\"\u0414\u0435\u043c\u043e-\u0432\u0435\u0440\u0441\u0438\u044f \u0438\u0433\u0440\u044b \u0410\u0432\u0438\u0430\u0442\u043e\u0440 \u2014 \u0418\u0433\u0440\u0430\u0439\u0442\u0435 \u0432 \u043a\u0440\u0430\u0448-\u0441\u043b\u043e\u0442 \u0431\u0435\u0441\u043f\u043b\u0430\u0442\u043d\u043e\" \/>\n<meta property=\"og:description\" content=\"\u0418\u0433\u0440\u0430\u0439 \u0432 \u0434\u0435\u043c\u043e-\u0432\u0435\u0440\u0441\u0438\u044e \u0410\u0432\u0438\u0430\u0442\u043e\u0440 \u0431\u0435\u0441\u043f\u043b\u0430\u0442\u043d\u043e. \u0422\u0440\u0435\u043d\u0438\u0440\u0443\u0439\u0441\u044f \u0431\u0435\u0437 \u0434\u0435\u043d\u0435\u0433 \u0432 \u043a\u0440\u0430\u0448-\u0441\u043b\u043e\u0442\u0435 \u043e\u0442 Spribe \u043f\u0435\u0440\u0435\u0434 \u0438\u0433\u0440\u043e\u0439 \u043d\u0430 \u0440\u0435\u0430\u043b\u044c\u043d\u044b\u0435 \u0434\u0435\u043d\u044c\u0433\u0438 \u0432 \u043e\u043d\u043b\u0430\u0439\u043d \u043a\u0430\u0437\u0438\u043d\u043e.\" \/>\n<meta property=\"og:url\" content=\"https:\/\/aviator-slotgame.com\/da\/sadan-spiller-du-aviator-demoen-gratis\/\" \/>\n<meta property=\"og:site_name\" content=\"Aviator\" \/>\n<meta property=\"article:modified_time\" content=\"2024-10-03T23:16:00+00:00\" \/>\n<meta property=\"og:image\" content=\"https:\/\/aviator-slotgame.com\/wp-content\/uploads\/aviator-3.png\" \/>\n<meta name=\"twitter:card\" content=\"summary_large_image\" \/>\n<meta name=\"twitter:label1\" content=\"Estimeret l\u00e6setid\" \/>\n\t<meta name=\"twitter:data1\" content=\"6 minutter\" \/>\n<script type=\"application\/ld+json\" class=\"yoast-schema-graph\">{\"@context\":\"https:\/\/schema.org\",\"@graph\":[{\"@type\":\"WebPage\",\"@id\":\"https:\/\/aviator-slotgame.com\/play-for-free\/\",\"url\":\"https:\/\/aviator-slotgame.com\/play-for-free\/\",\"name\":\"\u0414\u0435\u043c\u043e-\u0432\u0435\u0440\u0441\u0438\u044f \u0438\u0433\u0440\u044b \u0410\u0432\u0438\u0430\u0442\u043e\u0440 \u2014 \u0418\u0433\u0440\u0430\u0439\u0442\u0435 \u0432 \u043a\u0440\u0430\u0448-\u0441\u043b\u043e\u0442 \u0431\u0435\u0441\u043f\u043b\u0430\u0442\u043d\u043e\",\"isPartOf\":{\"@id\":\"https:\/\/aviator-slotgame.com\/#website\"},\"datePublished\":\"2024-01-31T12:57:07+00:00\",\"dateModified\":\"2024-10-03T23:16:00+00:00\",\"description\":\"\u0418\u0433\u0440\u0430\u0439 \u0432 \u0434\u0435\u043c\u043e-\u0432\u0435\u0440\u0441\u0438\u044e \u0410\u0432\u0438\u0430\u0442\u043e\u0440 \u0431\u0435\u0441\u043f\u043b\u0430\u0442\u043d\u043e. \u0422\u0440\u0435\u043d\u0438\u0440\u0443\u0439\u0441\u044f \u0431\u0435\u0437 \u0434\u0435\u043d\u0435\u0433 \u0432 \u043a\u0440\u0430\u0448-\u0441\u043b\u043e\u0442\u0435 \u043e\u0442 Spribe \u043f\u0435\u0440\u0435\u0434 \u0438\u0433\u0440\u043e\u0439 \u043d\u0430 \u0440\u0435\u0430\u043b\u044c\u043d\u044b\u0435 \u0434\u0435\u043d\u044c\u0433\u0438 \u0432 \u043e\u043d\u043b\u0430\u0439\u043d \u043a\u0430\u0437\u0438\u043d\u043e.\",\"breadcrumb\":{\"@id\":\"https:\/\/aviator-slotgame.com\/play-for-free\/#breadcrumb\"},\"inLanguage\":\"da-DK\",\"potentialAction\":[{\"@type\":\"ReadAction\",\"target\":[\"https:\/\/aviator-slotgame.com\/play-for-free\/\"]}]},{\"@type\":\"BreadcrumbList\",\"@id\":\"https:\/\/aviator-slotgame.com\/play-for-free\/#breadcrumb\",\"itemListElement\":[{\"@type\":\"ListItem\",\"position\":1,\"name\":\"Home\",\"item\":\"https:\/\/aviator-slotgame.com\/\"},{\"@type\":\"ListItem\",\"position\":2,\"name\":\"\u041a\u0430\u043a \u0438\u0433\u0440\u0430\u0442\u044c \u0432 \u0434\u0435\u043c\u043e-\u0432\u0435\u0440\u0441\u0438\u044e \u0410\u0432\u0438\u0430\u0442\u043e\u0440\u0430 \u0431\u0435\u0441\u043f\u043b\u0430\u0442\u043d\u043e\"}]},{\"@type\":\"WebSite\",\"@id\":\"https:\/\/aviator-slotgame.com\/#website\",\"url\":\"https:\/\/aviator-slotgame.com\/\",\"name\":\"Aviator\",\"description\":\"\",\"publisher\":{\"@id\":\"https:\/\/aviator-slotgame.com\/#organization\"},\"potentialAction\":[{\"@type\":\"SearchAction\",\"target\":{\"@type\":\"EntryPoint\",\"urlTemplate\":\"https:\/\/aviator-slotgame.com\/?s={search_term_string}\"},\"query-input\":\"required name=search_term_string\"}],\"inLanguage\":\"da-DK\"},{\"@type\":\"Organization\",\"@id\":\"https:\/\/aviator-slotgame.com\/#organization\",\"name\":\"Aviator\",\"url\":\"https:\/\/aviator-slotgame.com\/\",\"logo\":{\"@type\":\"ImageObject\",\"inLanguage\":\"da-DK\",\"@id\":\"https:\/\/aviator-slotgame.com\/#\/schema\/logo\/image\/\",\"url\":\"https:\/\/aviator-slotgame.com\/wp-content\/uploads\/16f5e8_dade544d4623411c9c4153c639aae85amv2.webp\",\"contentUrl\":\"https:\/\/aviator-slotgame.com\/wp-content\/uploads\/16f5e8_dade544d4623411c9c4153c639aae85amv2.webp\",\"width\":400,\"height\":300,\"caption\":\"Aviator\"},\"image\":{\"@id\":\"https:\/\/aviator-slotgame.com\/#\/schema\/logo\/image\/\"}}]}<\/script>\n<!-- \/ Yoast SEO plugin. -->","yoast_head_json":{"title":"\u0414\u0435\u043c\u043e-\u0432\u0435\u0440\u0441\u0438\u044f \u0438\u0433\u0440\u044b \u0410\u0432\u0438\u0430\u0442\u043e\u0440 \u2014 \u0418\u0433\u0440\u0430\u0439\u0442\u0435 \u0432 \u043a\u0440\u0430\u0448-\u0441\u043b\u043e\u0442 \u0431\u0435\u0441\u043f\u043b\u0430\u0442\u043d\u043e","description":"\u0418\u0433\u0440\u0430\u0439 \u0432 \u0434\u0435\u043c\u043e-\u0432\u0435\u0440\u0441\u0438\u044e \u0410\u0432\u0438\u0430\u0442\u043e\u0440 \u0431\u0435\u0441\u043f\u043b\u0430\u0442\u043d\u043e. \u0422\u0440\u0435\u043d\u0438\u0440\u0443\u0439\u0441\u044f \u0431\u0435\u0437 \u0434\u0435\u043d\u0435\u0433 \u0432 \u043a\u0440\u0430\u0448-\u0441\u043b\u043e\u0442\u0435 \u043e\u0442 Spribe \u043f\u0435\u0440\u0435\u0434 \u0438\u0433\u0440\u043e\u0439 \u043d\u0430 \u0440\u0435\u0430\u043b\u044c\u043d\u044b\u0435 \u0434\u0435\u043d\u044c\u0433\u0438 \u0432 \u043e\u043d\u043b\u0430\u0439\u043d \u043a\u0430\u0437\u0438\u043d\u043e.","robots":{"index":"index","follow":"follow","max-snippet":"max-snippet:-1","max-image-preview":"max-image-preview:large","max-video-preview":"max-video-preview:-1"},"canonical":"https:\/\/aviator-slotgame.com\/da\/sadan-spiller-du-aviator-demoen-gratis\/","og_locale":"da_DK","og_type":"article","og_title":"\u0414\u0435\u043c\u043e-\u0432\u0435\u0440\u0441\u0438\u044f \u0438\u0433\u0440\u044b \u0410\u0432\u0438\u0430\u0442\u043e\u0440 \u2014 \u0418\u0433\u0440\u0430\u0439\u0442\u0435 \u0432 \u043a\u0440\u0430\u0448-\u0441\u043b\u043e\u0442 \u0431\u0435\u0441\u043f\u043b\u0430\u0442\u043d\u043e","og_description":"\u0418\u0433\u0440\u0430\u0439 \u0432 \u0434\u0435\u043c\u043e-\u0432\u0435\u0440\u0441\u0438\u044e \u0410\u0432\u0438\u0430\u0442\u043e\u0440 \u0431\u0435\u0441\u043f\u043b\u0430\u0442\u043d\u043e. \u0422\u0440\u0435\u043d\u0438\u0440\u0443\u0439\u0441\u044f \u0431\u0435\u0437 \u0434\u0435\u043d\u0435\u0433 \u0432 \u043a\u0440\u0430\u0448-\u0441\u043b\u043e\u0442\u0435 \u043e\u0442 Spribe \u043f\u0435\u0440\u0435\u0434 \u0438\u0433\u0440\u043e\u0439 \u043d\u0430 \u0440\u0435\u0430\u043b\u044c\u043d\u044b\u0435 \u0434\u0435\u043d\u044c\u0433\u0438 \u0432 \u043e\u043d\u043b\u0430\u0439\u043d \u043a\u0430\u0437\u0438\u043d\u043e.","og_url":"https:\/\/aviator-slotgame.com\/da\/sadan-spiller-du-aviator-demoen-gratis\/","og_site_name":"Aviator","article_modified_time":"2024-10-03T23:16:00+00:00","og_image":[{"url":"https:\/\/aviator-slotgame.com\/wp-content\/uploads\/aviator-3.png"}],"twitter_card":"summary_large_image","twitter_misc":{"Estimeret l\u00e6setid":"6 minutter"},"schema":{"@context":"https:\/\/schema.org","@graph":[{"@type":"WebPage","@id":"https:\/\/aviator-slotgame.com\/play-for-free\/","url":"https:\/\/aviator-slotgame.com\/play-for-free\/","name":"\u0414\u0435\u043c\u043e-\u0432\u0435\u0440\u0441\u0438\u044f \u0438\u0433\u0440\u044b \u0410\u0432\u0438\u0430\u0442\u043e\u0440 \u2014 \u0418\u0433\u0440\u0430\u0439\u0442\u0435 \u0432 \u043a\u0440\u0430\u0448-\u0441\u043b\u043e\u0442 \u0431\u0435\u0441\u043f\u043b\u0430\u0442\u043d\u043e","isPartOf":{"@id":"https:\/\/aviator-slotgame.com\/#website"},"datePublished":"2024-01-31T12:57:07+00:00","dateModified":"2024-10-03T23:16:00+00:00","description":"\u0418\u0433\u0440\u0430\u0439 \u0432 \u0434\u0435\u043c\u043e-\u0432\u0435\u0440\u0441\u0438\u044e \u0410\u0432\u0438\u0430\u0442\u043e\u0440 \u0431\u0435\u0441\u043f\u043b\u0430\u0442\u043d\u043e. \u0422\u0440\u0435\u043d\u0438\u0440\u0443\u0439\u0441\u044f \u0431\u0435\u0437 \u0434\u0435\u043d\u0435\u0433 \u0432 \u043a\u0440\u0430\u0448-\u0441\u043b\u043e\u0442\u0435 \u043e\u0442 Spribe \u043f\u0435\u0440\u0435\u0434 \u0438\u0433\u0440\u043e\u0439 \u043d\u0430 \u0440\u0435\u0430\u043b\u044c\u043d\u044b\u0435 \u0434\u0435\u043d\u044c\u0433\u0438 \u0432 \u043e\u043d\u043b\u0430\u0439\u043d \u043a\u0430\u0437\u0438\u043d\u043e.","breadcrumb":{"@id":"https:\/\/aviator-slotgame.com\/play-for-free\/#breadcrumb"},"inLanguage":"da-DK","potentialAction":[{"@type":"ReadAction","target":["https:\/\/aviator-slotgame.com\/play-for-free\/"]}]},{"@type":"BreadcrumbList","@id":"https:\/\/aviator-slotgame.com\/play-for-free\/#breadcrumb","itemListElement":[{"@type":"ListItem","position":1,"name":"Home","item":"https:\/\/aviator-slotgame.com\/"},{"@type":"ListItem","position":2,"name":"\u041a\u0430\u043a \u0438\u0433\u0440\u0430\u0442\u044c \u0432 \u0434\u0435\u043c\u043e-\u0432\u0435\u0440\u0441\u0438\u044e \u0410\u0432\u0438\u0430\u0442\u043e\u0440\u0430 \u0431\u0435\u0441\u043f\u043b\u0430\u0442\u043d\u043e"}]},{"@type":"WebSite","@id":"https:\/\/aviator-slotgame.com\/#website","url":"https:\/\/aviator-slotgame.com\/","name":"Aviator","description":"","publisher":{"@id":"https:\/\/aviator-slotgame.com\/#organization"},"potentialAction":[{"@type":"SearchAction","target":{"@type":"EntryPoint","urlTemplate":"https:\/\/aviator-slotgame.com\/?s={search_term_string}"},"query-input":"required name=search_term_string"}],"inLanguage":"da-DK"},{"@type":"Organization","@id":"https:\/\/aviator-slotgame.com\/#organization","name":"Aviator","url":"https:\/\/aviator-slotgame.com\/","logo":{"@type":"ImageObject","inLanguage":"da-DK","@id":"https:\/\/aviator-slotgame.com\/#\/schema\/logo\/image\/","url":"https:\/\/aviator-slotgame.com\/wp-content\/uploads\/16f5e8_dade544d4623411c9c4153c639aae85amv2.webp","contentUrl":"https:\/\/aviator-slotgame.com\/wp-content\/uploads\/16f5e8_dade544d4623411c9c4153c639aae85amv2.webp","width":400,"height":300,"caption":"Aviator"},"image":{"@id":"https:\/\/aviator-slotgame.com\/#\/schema\/logo\/image\/"}}]}},"amp_enabled":true,"_links":{"self":[{"href":"https:\/\/aviator-slotgame.com\/da\/wp-json\/wp\/v2\/pages\/26","targetHints":{"allow":["GET"]}}],"collection":[{"href":"https:\/\/aviator-slotgame.com\/da\/wp-json\/wp\/v2\/pages"}],"about":[{"href":"https:\/\/aviator-slotgame.com\/da\/wp-json\/wp\/v2\/types\/page"}],"author":[{"embeddable":true,"href":"https:\/\/aviator-slotgame.com\/da\/wp-json\/wp\/v2\/users\/1"}],"replies":[{"embeddable":true,"href":"https:\/\/aviator-slotgame.com\/da\/wp-json\/wp\/v2\/comments?post=26"}],"version-history":[{"count":19,"href":"https:\/\/aviator-slotgame.com\/da\/wp-json\/wp\/v2\/pages\/26\/revisions"}],"predecessor-version":[{"id":412,"href":"https:\/\/aviator-slotgame.com\/da\/wp-json\/wp\/v2\/pages\/26\/revisions\/412"}],"wp:attachment":[{"href":"https:\/\/aviator-slotgame.com\/da\/wp-json\/wp\/v2\/media?parent=26"}],"curies":[{"name":"wp","href":"https:\/\/api.w.org\/{rel}","templated":true}]}}