{"id":263,"date":"2024-09-06T14:43:40","date_gmt":"2024-09-06T14:43:40","guid":{"rendered":"https:\/\/aviator-slotgame.com\/?page_id=263"},"modified":"2024-09-08T10:40:25","modified_gmt":"2024-09-08T10:40:25","slug":"aviator","status":"publish","type":"page","link":"https:\/\/aviator-slotgame.com\/da\/aviator\/","title":{"rendered":"Regler, funktioner og gevinster i crash-spilleautomaten for penge"},"content":{"rendered":"<div class=\"d0cc821ff44479541a9bdbb89edbae42\" data-index=\"1\" style=\"float: none; margin:10px 0 10px 0; text-align:center;\">\n<div class=\"custom-play-button\">\r\n<center><a href=\"https:\/\/aviator-slotgame.com\/da\/play-game\/\" rel=\"nofollow\" target=\"_blank\">Spil nu<\/a><br><\/center>\r\n<\/div>\n<\/div>\n<h1><\/h1>\n<p><img loading=\"lazy\" decoding=\"async\" class=\"alignnone size-full wp-image-264\" src=\"https:\/\/aviator-slotgame.com\/wp-content\/uploads\/Aviator-7-800-x-600-\u043f\u0438\u043a\u0441.jpg\" alt=\"Online slot Aviator - Spil for rigtige penge i kasinoet \" width=\"800\" height=\"600\" srcset=\"https:\/\/aviator-slotgame.com\/wp-content\/uploads\/Aviator-7-800-x-600-\u043f\u0438\u043a\u0441.jpg 800w, https:\/\/aviator-slotgame.com\/wp-content\/uploads\/Aviator-7-800-x-600-\u043f\u0438\u043a\u0441-300x225.jpg 300w, https:\/\/aviator-slotgame.com\/wp-content\/uploads\/Aviator-7-800-x-600-\u043f\u0438\u043a\u0441-768x576.jpg 768w, https:\/\/aviator-slotgame.com\/wp-content\/uploads\/Aviator-7-800-x-600-\u043f\u0438\u043a\u0441-16x12.jpg 16w\" sizes=\"auto, (max-width: 800px) 100vw, 800px\" \/><\/p>\n<h2>Hvad er online crash-spillet Aviator?<\/h2>\n<p>Aviator er et af de popul\u00e6re spil udviklet af Spribe studio. Et nyt produkt p\u00e5 det moderne marked, skabt p\u00e5 basis af en tilf\u00e6ldig talgenerator, fanger spilleren helt fra begyndelsen. Vinderen afg\u00f8res ved tilf\u00e6ldig udv\u00e6lgelse! Dette holder spillet retf\u00e6rdigt og viser spilleren, at deres indsats ikke er afh\u00e6ngig af spillets platform eller historie. Aviator adskiller sig fra andre popul\u00e6re crash-spil i dets originale gameplay. Aviator har ikke de s\u00e6dvanlige hjul, linjer med frugter og lignende, der er s\u00e5 kedelige for gambling-fans. Spillet tiltr\u00e6kker ogs\u00e5 med sine ret simple regler og muligheden for at tjene rigtige penge, hvilket g\u00f8r det popul\u00e6rt blandt spillere, og is\u00e6r blandt fans af fly og alt relateret til flyvning!<\/p>\n<p>Essensen af spillet er, at brugeren skal have tid til at gemme sin indsats, f\u00f8r flyet flyver v\u00e6k, og derved nulstille spillerens koefficient.<\/p>\n<p>Spribe er et velkendt firma, der har specialiseret sig i udvikling af innovative online spil og gambling platforme, deres spil er popul\u00e6re blandt spillere over hele verden. Virksomheden blev grundlagt i 2018 og form\u00e5ede p\u00e5 kort tid at vinde popularitet blandt spillere og online casino operat\u00f8rer p\u00e5 grund af dets sp\u00e6ndende spilmekanik og evnen til at spille b\u00e5de for penge og i demo-tilstand.<\/p><div class=\"d0cc821ff44479541a9bdbb89edbae42\" data-index=\"1\" style=\"float: none; margin:10px 0 10px 0; text-align:center;\">\n<div class=\"custom-play-button\">\r\n<center><a href=\"https:\/\/aviator-slotgame.com\/da\/play-game\/\" rel=\"nofollow\" target=\"_blank\">Spil nu<\/a><br><\/center>\r\n<\/div>\n<\/div>\n\n<h2>\u00c5rsager til populariteten af online-spillet Aviator<\/h2>\n<p>Hvad g\u00f8r Aviator-spillet s\u00e5 popul\u00e6rt blandt spillere?<\/p>\n<ol>\n<li>Reglernes enkelhed: Aviator-spillet har enkle og forst\u00e5elige regler, som g\u00f8r det tilg\u00e6ngeligt for en bred vifte af spillere, uanset deres erfaring og tr\u00e6ningsniveau.<\/li>\n<\/ol>\n<p>Demotilstand: Hvis du ikke vil risikere dine penge og er bange for at starte, s\u00e5 tjek det ud og pr\u00f8v dig selv i den gratis tilstand. Du investerer ikke rigtige penge. &quot;Fun Mode&quot; giver spillerne mulighed for at komme t\u00e6ttere p\u00e5 gameplayet uden at risikere deres besparelser.<\/p>\n<p>Mulighed for hurtige gevinster: Aviator-gambling-spillet giver mulighed for at vinde hurtigt, hvilket tiltr\u00e6kker mange spillere, der leder efter sp\u00e6nding og adrenalin.<\/p>\n<p>Forskellige v\u00e6ddem\u00e5l: Aviator-spillet tilbyder en r\u00e6kke forskellige v\u00e6ddem\u00e5lstyper, der giver spillerne mulighed for at v\u00e6lge det risikoniveau og den potentielle bel\u00f8nning, der passer til dem.<\/p>\n<p>Mulighed for at spille online: Aviator-spillet er tilg\u00e6ngeligt i et online-format, som g\u00f8r det tilg\u00e6ngeligt til at spille p\u00e5 et hvilket som helst passende tidspunkt og fra hvor som helst i verden.<\/p>\n<p>Bekvemmelighed og tilg\u00e6ngelighed: Aviator online-spillet giver spillere mulighed for at nyde sp\u00e6ndingen hjemmefra eller et hvilket som helst andet sted uden at forlade hjemmet. Dette g\u00f8r spillet bekvemt og tilg\u00e6ngeligt for en bred vifte af spillere.<\/p>\n<p>Bonusser og specialtilbud: Mange online casinoer, der tilbyder Aviator-spillet, tilbyder ofte forskellige bonusser, kampagner og specialtilbud for at tiltr\u00e6kke nye spillere og bel\u00f8nne almindelige. Dette g\u00f8r spillet endnu mere fristende.<\/p>\n<p>Grafik og lyddesign: Moderne online casinoer tilbyder normalt h\u00f8jkvalitets grafik og lyddesign til spil, inklusive Aviator-spillet. Og det dynamiske og sp\u00e6ndende gameplay vil bestemt ikke lade spillere kede sig og opretholder interessen for spillet gennem hele tiden.<\/p>\n<p>Mobil spilbarhed: Mange online casinoer tilbyder Aviator-spillet i et format, der er kompatibelt med mobile enheder, hvilket giver spillerne mulighed for at nyde spillet n\u00e5r som helst og hvor som helst. Glem ikke at s\u00f8rge for, at du har en god internetforbindelse og tilstr\u00e6kkelig opladning p\u00e5 din mobile enhed!<\/p>\n<p>&nbsp;<\/p>\n<h2>Aviator gambling regler<\/h2>\n<p>Spillet har enkle og klare regler, hvor brugeren satser p\u00e5 et bestemt resultat og kan vinde ved at gange sin indsats med oddsene. Du kan spille enten i manuel tilstand, lave dine egne indsatser eller i automatisk tilstand, n\u00e5r spillet laver indsatser for dig baseret p\u00e5 de parametre, du indstiller.<\/p>\n<h3>Spilleregler<\/h3>\n<p>For at begynde at spille Aviator-spillet skal du f\u00f8lge disse trin:<\/p>\n<ol>\n<li>Find et online casino eller spilleplatform, der tilbyder spillet Aviator.<\/li>\n<li>Tilmeld dig p\u00e5 den \u00f8nskede platform ved at oprette en konto og angive de n\u00f8dvendige oplysninger.<\/li>\n<li>Fyld din spillekonto op med penge for at kunne placere indsatser i spillet.<\/li>\n<li>Find Aviator-spillet p\u00e5 platformen, og v\u00e6lg din indsats.<\/li>\n<li>Spillet begynder med, at spilleren laver en indsats.<\/li>\n<li>F\u00f8lg reglerne og instruktionerne p\u00e5 sk\u00e6rmen, og styr spilprocessen ved at klikke p\u00e5 de relevante knapper.<\/li>\n<li>Efter at v\u00e6ddem\u00e5let er placeret, begynder flyet at bev\u00e6ge sig op eller ned p\u00e5 oddsskalaen.<\/li>\n<li>Spilleren kan til enhver tid klikke p\u00e5 Udtr\u00e6k-knappen for at afslutte spillet og modtage gevinsten ganget med de aktuelle odds, eller forts\u00e6tte spillet og vente med at \u00f8ge gevinsten. Pr\u00f8v at g\u00e6tte tidspunktet for, hvorn\u00e5r du skal h\u00e6ve dine gevinster for at undg\u00e5 at v\u00e6ddem\u00e5let er nulstilles.<\/li>\n<li>Hvis spilleren ikke klikker p\u00e5 knappen Tag gevinster, og flyet n\u00e5r slutningen af oddsskalaen, nulstilles indsatsen, og spilleren modtager ikke gevinsten.<\/li>\n<li>M\u00e5let med spillet er at tage dine gevinster p\u00e5 det rigtige tidspunkt og undg\u00e5 at f\u00e5 nulstillet din indsats.<\/li>\n<\/ol>\n<p>Husk at spille ansvarligt, sats kun det bel\u00f8b, du er villig til at tabe, og kontroller din spilleaktivitet.<\/p>\n<p>N\u00e5r man tager flyets unikke bane i betragtning, bliver gameplayet endnu mere interessant og sp\u00e6ndende for spillerne. Samtidig er det vigtigt at v\u00e6re opm\u00e6rksom p\u00e5 dine indsatser og kontrollere dine handlinger for at bevare sp\u00e6ndingen ved at spille for rigtige penge.<\/p>\n<p>De vigtigste egenskaber ved online-spillet Aviator<\/p>\n<table>\n<tbody>\n<tr>\n<td>RTP<\/td>\n<td>96,49%, 96,48%, 95,45%<\/td>\n<\/tr>\n<tr>\n<td>Udvikler<\/td>\n<td>Studio Spribe<\/td>\n<\/tr>\n<tr>\n<td>Gratis spins<\/td>\n<td>Ingen<\/td>\n<\/tr>\n<tr>\n<td>Bonus spil<\/td>\n<td>Ingen<\/td>\n<\/tr>\n<tr>\n<td>Minimum bud<\/td>\n<td>0,1$<\/td>\n<\/tr>\n<tr>\n<td>Maksimal indsats<\/td>\n<td>100$<\/td>\n<\/tr>\n<\/tbody>\n<\/table>\n<p>&nbsp;<\/p>\n<h2>Bonusser i gambling spillet Aviator<\/h2>\n<p>Bonusser og rabatter i Aviator online-spillet kan gives til spillere p\u00e5 forskellige m\u00e5der, afh\u00e6ngigt af spilleplatformen eller kasinoet.<\/p>\n<p>Her er nogle mulige bonusser og rabatter, der kan v\u00e6re tilg\u00e6ngelige i Aviator-spillet:<\/p>\n<h3>Velkomstbonusser<\/h3>\n<p>nye spillere kan blive tilbudt s\u00e6rlige bonusser, n\u00e5r de registrerer sig p\u00e5 platformen, s\u00e5som yderligere kontomidler eller gratis spins.<\/p>\n<h3>Indskudsbonusser<\/h3>\n<p>spillere kan modtage bonusser, n\u00e5r de fylder deres spillekonto op med et bestemt bel\u00f8b.<\/p>\n<h3>Kampagner<\/h3>\n<p>kasinoer eller spilleplatforme kan k\u00f8re midlertidige kampagner, der tilbyder forskellige bonusser og rabatter til spillere i Aviator-spillet.<\/p>\n<h3>VIP programmer<\/h3>\n<p>Nogle platforme kan tilbyde spillere deltagelse i VIP-programmer, hvor yderligere bonusser, cashback og andre fordele er tilg\u00e6ngelige.<\/p>\n<h3>Cashback<\/h3>\n<p>spillere kan have mulighed for at modtage en del af deres tabte penge som cashback som en del af bonusprogrammet.<\/p>\n<p>F\u00f8r du tager del i bonusser og rabatter i Aviator-spillet, er det vigtigt omhyggeligt at gennemg\u00e5 vilk\u00e5rene og kravene, s\u00e5 du forst\u00e5r, hvordan de fungerer, og hvad der kr\u00e6ves af dig for at f\u00e5 deres fulde fordele.<\/p>\n\n<div style=\"font-size: 0px; height: 0px; line-height: 0px; margin: 0; padding: 0; clear: both;\"><\/div>","protected":false},"excerpt":{"rendered":"<p>Hvad er online crash-spillet Aviator? Aviator er et af de popul\u00e6re spil udviklet af Spribe studio. Ny p\u00e5 det moderne marked,<\/p>","protected":false},"author":1,"featured_media":0,"parent":0,"menu_order":0,"comment_status":"closed","ping_status":"closed","template":"","meta":{"footnotes":""},"class_list":["post-263","page","type-page","status-publish","hentry"],"yoast_head":"<!-- This site is optimized with the Yoast SEO plugin v22.0 - https:\/\/yoast.com\/wordpress\/plugins\/seo\/ -->\n<title>\u041e\u043d\u043b\u0430\u0439\u043d \u0441\u043b\u043e\u0442 \u0410\u0432\u0438\u0430\u0442\u043e\u0440 \u2014 \u0418\u0433\u0440\u0430\u0439 \u043d\u0430 \u0440\u0435\u0430\u043b\u044c\u043d\u044b\u0435 \u0434\u0435\u043d\u044c\u0433\u0438 \u0432 \u043a\u0430\u0437\u0438\u043d\u043e<\/title>\n<meta name=\"description\" content=\"\u0423\u0437\u043d\u0430\u0439\u0442\u0435 \u0432\u0441\u0435 \u043e \u043a\u0440\u0430\u0448-\u0438\u0433\u0440\u0435 \u0410\u0432\u0438\u0430\u0442\u043e\u0440: \u043f\u0440\u0430\u0432\u0438\u043b\u0430, \u0431\u043e\u043d\u0443\u0441\u044b, \u043e\u0441\u043e\u0431\u0435\u043d\u043d\u043e\u0441\u0442\u0438 \u0438 \u0445\u0430\u0440\u0430\u043a\u0442\u0435\u0440\u0438\u0441\u0442\u0438\u043a\u0438 \u0438\u0433\u0440\u044b \u0434\u043b\u044f \u0443\u0432\u0435\u043b\u0438\u0447\u0435\u043d\u0438\u0435 \u043f\u0440\u0438\u0431\u044b\u043b\u0438 \u0432 \u043a\u0430\u0437\u0438\u043d\u043e. \u0418\u0433\u0440\u0430\u0439 \u0432 Aviator \u043e\u0442 Spribe \u0432 \u043e\u043d\u043b\u0430\u0439\u043d\u0435.\" \/>\n<meta name=\"robots\" content=\"index, follow, max-snippet:-1, max-image-preview:large, max-video-preview:-1\" \/>\n<link rel=\"canonical\" href=\"https:\/\/aviator-slotgame.com\/da\/aviator\/\" \/>\n<meta property=\"og:locale\" content=\"da_DK\" \/>\n<meta property=\"og:type\" content=\"article\" \/>\n<meta property=\"og:title\" content=\"\u041e\u043d\u043b\u0430\u0439\u043d \u0441\u043b\u043e\u0442 \u0410\u0432\u0438\u0430\u0442\u043e\u0440 \u2014 \u0418\u0433\u0440\u0430\u0439 \u043d\u0430 \u0440\u0435\u0430\u043b\u044c\u043d\u044b\u0435 \u0434\u0435\u043d\u044c\u0433\u0438 \u0432 \u043a\u0430\u0437\u0438\u043d\u043e\" \/>\n<meta property=\"og:description\" content=\"\u0423\u0437\u043d\u0430\u0439\u0442\u0435 \u0432\u0441\u0435 \u043e \u043a\u0440\u0430\u0448-\u0438\u0433\u0440\u0435 \u0410\u0432\u0438\u0430\u0442\u043e\u0440: \u043f\u0440\u0430\u0432\u0438\u043b\u0430, \u0431\u043e\u043d\u0443\u0441\u044b, \u043e\u0441\u043e\u0431\u0435\u043d\u043d\u043e\u0441\u0442\u0438 \u0438 \u0445\u0430\u0440\u0430\u043a\u0442\u0435\u0440\u0438\u0441\u0442\u0438\u043a\u0438 \u0438\u0433\u0440\u044b \u0434\u043b\u044f \u0443\u0432\u0435\u043b\u0438\u0447\u0435\u043d\u0438\u0435 \u043f\u0440\u0438\u0431\u044b\u043b\u0438 \u0432 \u043a\u0430\u0437\u0438\u043d\u043e. \u0418\u0433\u0440\u0430\u0439 \u0432 Aviator \u043e\u0442 Spribe \u0432 \u043e\u043d\u043b\u0430\u0439\u043d\u0435.\" \/>\n<meta property=\"og:url\" content=\"https:\/\/aviator-slotgame.com\/da\/aviator\/\" \/>\n<meta property=\"og:site_name\" content=\"Aviator\" \/>\n<meta property=\"article:modified_time\" content=\"2024-09-08T10:40:25+00:00\" \/>\n<meta name=\"twitter:card\" content=\"summary_large_image\" \/>\n<meta name=\"twitter:label1\" content=\"Estimeret l\u00e6setid\" \/>\n\t<meta name=\"twitter:data1\" content=\"5 minutter\" \/>\n<script type=\"application\/ld+json\" class=\"yoast-schema-graph\">{\"@context\":\"https:\/\/schema.org\",\"@graph\":[{\"@type\":\"WebPage\",\"@id\":\"https:\/\/aviator-slotgame.com\/aviator\/\",\"url\":\"https:\/\/aviator-slotgame.com\/aviator\/\",\"name\":\"\u041e\u043d\u043b\u0430\u0439\u043d \u0441\u043b\u043e\u0442 \u0410\u0432\u0438\u0430\u0442\u043e\u0440 \u2014 \u0418\u0433\u0440\u0430\u0439 \u043d\u0430 \u0440\u0435\u0430\u043b\u044c\u043d\u044b\u0435 \u0434\u0435\u043d\u044c\u0433\u0438 \u0432 \u043a\u0430\u0437\u0438\u043d\u043e\",\"isPartOf\":{\"@id\":\"https:\/\/aviator-slotgame.com\/#website\"},\"datePublished\":\"2024-09-06T14:43:40+00:00\",\"dateModified\":\"2024-09-08T10:40:25+00:00\",\"description\":\"\u0423\u0437\u043d\u0430\u0439\u0442\u0435 \u0432\u0441\u0435 \u043e \u043a\u0440\u0430\u0448-\u0438\u0433\u0440\u0435 \u0410\u0432\u0438\u0430\u0442\u043e\u0440: \u043f\u0440\u0430\u0432\u0438\u043b\u0430, \u0431\u043e\u043d\u0443\u0441\u044b, \u043e\u0441\u043e\u0431\u0435\u043d\u043d\u043e\u0441\u0442\u0438 \u0438 \u0445\u0430\u0440\u0430\u043a\u0442\u0435\u0440\u0438\u0441\u0442\u0438\u043a\u0438 \u0438\u0433\u0440\u044b \u0434\u043b\u044f \u0443\u0432\u0435\u043b\u0438\u0447\u0435\u043d\u0438\u0435 \u043f\u0440\u0438\u0431\u044b\u043b\u0438 \u0432 \u043a\u0430\u0437\u0438\u043d\u043e. \u0418\u0433\u0440\u0430\u0439 \u0432 Aviator \u043e\u0442 Spribe \u0432 \u043e\u043d\u043b\u0430\u0439\u043d\u0435.\",\"breadcrumb\":{\"@id\":\"https:\/\/aviator-slotgame.com\/aviator\/#breadcrumb\"},\"inLanguage\":\"da-DK\",\"potentialAction\":[{\"@type\":\"ReadAction\",\"target\":[\"https:\/\/aviator-slotgame.com\/aviator\/\"]}]},{\"@type\":\"BreadcrumbList\",\"@id\":\"https:\/\/aviator-slotgame.com\/aviator\/#breadcrumb\",\"itemListElement\":[{\"@type\":\"ListItem\",\"position\":1,\"name\":\"Home\",\"item\":\"https:\/\/aviator-slotgame.com\/\"},{\"@type\":\"ListItem\",\"position\":2,\"name\":\"\u041f\u0440\u0430\u0432\u0438\u043b\u0430,\u043e\u0441\u043e\u0431\u0435\u043d\u043e\u0441\u0442\u0438 \u0438 \u0432\u044b\u0438\u0433\u0440\u044b\u0448\u0438 \u0432 \u043a\u0440\u0430\u0448-\u0441\u043b\u043e\u0442 \u0438\u0433\u0440\u0435 \u043d\u0430 \u0434\u0435\u043d\u044c\u0433\u0438\"}]},{\"@type\":\"WebSite\",\"@id\":\"https:\/\/aviator-slotgame.com\/#website\",\"url\":\"https:\/\/aviator-slotgame.com\/\",\"name\":\"Aviator\",\"description\":\"\",\"publisher\":{\"@id\":\"https:\/\/aviator-slotgame.com\/#organization\"},\"potentialAction\":[{\"@type\":\"SearchAction\",\"target\":{\"@type\":\"EntryPoint\",\"urlTemplate\":\"https:\/\/aviator-slotgame.com\/?s={search_term_string}\"},\"query-input\":\"required name=search_term_string\"}],\"inLanguage\":\"da-DK\"},{\"@type\":\"Organization\",\"@id\":\"https:\/\/aviator-slotgame.com\/#organization\",\"name\":\"Aviator\",\"url\":\"https:\/\/aviator-slotgame.com\/\",\"logo\":{\"@type\":\"ImageObject\",\"inLanguage\":\"da-DK\",\"@id\":\"https:\/\/aviator-slotgame.com\/#\/schema\/logo\/image\/\",\"url\":\"https:\/\/aviator-slotgame.com\/wp-content\/uploads\/16f5e8_dade544d4623411c9c4153c639aae85amv2.webp\",\"contentUrl\":\"https:\/\/aviator-slotgame.com\/wp-content\/uploads\/16f5e8_dade544d4623411c9c4153c639aae85amv2.webp\",\"width\":400,\"height\":300,\"caption\":\"Aviator\"},\"image\":{\"@id\":\"https:\/\/aviator-slotgame.com\/#\/schema\/logo\/image\/\"}}]}<\/script>\n<!-- \/ Yoast SEO plugin. -->","yoast_head_json":{"title":"\u041e\u043d\u043b\u0430\u0439\u043d \u0441\u043b\u043e\u0442 \u0410\u0432\u0438\u0430\u0442\u043e\u0440 \u2014 \u0418\u0433\u0440\u0430\u0439 \u043d\u0430 \u0440\u0435\u0430\u043b\u044c\u043d\u044b\u0435 \u0434\u0435\u043d\u044c\u0433\u0438 \u0432 \u043a\u0430\u0437\u0438\u043d\u043e","description":"\u0423\u0437\u043d\u0430\u0439\u0442\u0435 \u0432\u0441\u0435 \u043e \u043a\u0440\u0430\u0448-\u0438\u0433\u0440\u0435 \u0410\u0432\u0438\u0430\u0442\u043e\u0440: \u043f\u0440\u0430\u0432\u0438\u043b\u0430, \u0431\u043e\u043d\u0443\u0441\u044b, \u043e\u0441\u043e\u0431\u0435\u043d\u043d\u043e\u0441\u0442\u0438 \u0438 \u0445\u0430\u0440\u0430\u043a\u0442\u0435\u0440\u0438\u0441\u0442\u0438\u043a\u0438 \u0438\u0433\u0440\u044b \u0434\u043b\u044f \u0443\u0432\u0435\u043b\u0438\u0447\u0435\u043d\u0438\u0435 \u043f\u0440\u0438\u0431\u044b\u043b\u0438 \u0432 \u043a\u0430\u0437\u0438\u043d\u043e. \u0418\u0433\u0440\u0430\u0439 \u0432 Aviator \u043e\u0442 Spribe \u0432 \u043e\u043d\u043b\u0430\u0439\u043d\u0435.","robots":{"index":"index","follow":"follow","max-snippet":"max-snippet:-1","max-image-preview":"max-image-preview:large","max-video-preview":"max-video-preview:-1"},"canonical":"https:\/\/aviator-slotgame.com\/da\/aviator\/","og_locale":"da_DK","og_type":"article","og_title":"\u041e\u043d\u043b\u0430\u0439\u043d \u0441\u043b\u043e\u0442 \u0410\u0432\u0438\u0430\u0442\u043e\u0440 \u2014 \u0418\u0433\u0440\u0430\u0439 \u043d\u0430 \u0440\u0435\u0430\u043b\u044c\u043d\u044b\u0435 \u0434\u0435\u043d\u044c\u0433\u0438 \u0432 \u043a\u0430\u0437\u0438\u043d\u043e","og_description":"\u0423\u0437\u043d\u0430\u0439\u0442\u0435 \u0432\u0441\u0435 \u043e \u043a\u0440\u0430\u0448-\u0438\u0433\u0440\u0435 \u0410\u0432\u0438\u0430\u0442\u043e\u0440: \u043f\u0440\u0430\u0432\u0438\u043b\u0430, \u0431\u043e\u043d\u0443\u0441\u044b, \u043e\u0441\u043e\u0431\u0435\u043d\u043d\u043e\u0441\u0442\u0438 \u0438 \u0445\u0430\u0440\u0430\u043a\u0442\u0435\u0440\u0438\u0441\u0442\u0438\u043a\u0438 \u0438\u0433\u0440\u044b \u0434\u043b\u044f \u0443\u0432\u0435\u043b\u0438\u0447\u0435\u043d\u0438\u0435 \u043f\u0440\u0438\u0431\u044b\u043b\u0438 \u0432 \u043a\u0430\u0437\u0438\u043d\u043e. \u0418\u0433\u0440\u0430\u0439 \u0432 Aviator \u043e\u0442 Spribe \u0432 \u043e\u043d\u043b\u0430\u0439\u043d\u0435.","og_url":"https:\/\/aviator-slotgame.com\/da\/aviator\/","og_site_name":"Aviator","article_modified_time":"2024-09-08T10:40:25+00:00","twitter_card":"summary_large_image","twitter_misc":{"Estimeret l\u00e6setid":"5 minutter"},"schema":{"@context":"https:\/\/schema.org","@graph":[{"@type":"WebPage","@id":"https:\/\/aviator-slotgame.com\/aviator\/","url":"https:\/\/aviator-slotgame.com\/aviator\/","name":"\u041e\u043d\u043b\u0430\u0439\u043d \u0441\u043b\u043e\u0442 \u0410\u0432\u0438\u0430\u0442\u043e\u0440 \u2014 \u0418\u0433\u0440\u0430\u0439 \u043d\u0430 \u0440\u0435\u0430\u043b\u044c\u043d\u044b\u0435 \u0434\u0435\u043d\u044c\u0433\u0438 \u0432 \u043a\u0430\u0437\u0438\u043d\u043e","isPartOf":{"@id":"https:\/\/aviator-slotgame.com\/#website"},"datePublished":"2024-09-06T14:43:40+00:00","dateModified":"2024-09-08T10:40:25+00:00","description":"\u0423\u0437\u043d\u0430\u0439\u0442\u0435 \u0432\u0441\u0435 \u043e \u043a\u0440\u0430\u0448-\u0438\u0433\u0440\u0435 \u0410\u0432\u0438\u0430\u0442\u043e\u0440: \u043f\u0440\u0430\u0432\u0438\u043b\u0430, \u0431\u043e\u043d\u0443\u0441\u044b, \u043e\u0441\u043e\u0431\u0435\u043d\u043d\u043e\u0441\u0442\u0438 \u0438 \u0445\u0430\u0440\u0430\u043a\u0442\u0435\u0440\u0438\u0441\u0442\u0438\u043a\u0438 \u0438\u0433\u0440\u044b \u0434\u043b\u044f \u0443\u0432\u0435\u043b\u0438\u0447\u0435\u043d\u0438\u0435 \u043f\u0440\u0438\u0431\u044b\u043b\u0438 \u0432 \u043a\u0430\u0437\u0438\u043d\u043e. \u0418\u0433\u0440\u0430\u0439 \u0432 Aviator \u043e\u0442 Spribe \u0432 \u043e\u043d\u043b\u0430\u0439\u043d\u0435.","breadcrumb":{"@id":"https:\/\/aviator-slotgame.com\/aviator\/#breadcrumb"},"inLanguage":"da-DK","potentialAction":[{"@type":"ReadAction","target":["https:\/\/aviator-slotgame.com\/aviator\/"]}]},{"@type":"BreadcrumbList","@id":"https:\/\/aviator-slotgame.com\/aviator\/#breadcrumb","itemListElement":[{"@type":"ListItem","position":1,"name":"Home","item":"https:\/\/aviator-slotgame.com\/"},{"@type":"ListItem","position":2,"name":"\u041f\u0440\u0430\u0432\u0438\u043b\u0430,\u043e\u0441\u043e\u0431\u0435\u043d\u043e\u0441\u0442\u0438 \u0438 \u0432\u044b\u0438\u0433\u0440\u044b\u0448\u0438 \u0432 \u043a\u0440\u0430\u0448-\u0441\u043b\u043e\u0442 \u0438\u0433\u0440\u0435 \u043d\u0430 \u0434\u0435\u043d\u044c\u0433\u0438"}]},{"@type":"WebSite","@id":"https:\/\/aviator-slotgame.com\/#website","url":"https:\/\/aviator-slotgame.com\/","name":"Aviator","description":"","publisher":{"@id":"https:\/\/aviator-slotgame.com\/#organization"},"potentialAction":[{"@type":"SearchAction","target":{"@type":"EntryPoint","urlTemplate":"https:\/\/aviator-slotgame.com\/?s={search_term_string}"},"query-input":"required name=search_term_string"}],"inLanguage":"da-DK"},{"@type":"Organization","@id":"https:\/\/aviator-slotgame.com\/#organization","name":"Aviator","url":"https:\/\/aviator-slotgame.com\/","logo":{"@type":"ImageObject","inLanguage":"da-DK","@id":"https:\/\/aviator-slotgame.com\/#\/schema\/logo\/image\/","url":"https:\/\/aviator-slotgame.com\/wp-content\/uploads\/16f5e8_dade544d4623411c9c4153c639aae85amv2.webp","contentUrl":"https:\/\/aviator-slotgame.com\/wp-content\/uploads\/16f5e8_dade544d4623411c9c4153c639aae85amv2.webp","width":400,"height":300,"caption":"Aviator"},"image":{"@id":"https:\/\/aviator-slotgame.com\/#\/schema\/logo\/image\/"}}]}},"amp_enabled":true,"_links":{"self":[{"href":"https:\/\/aviator-slotgame.com\/da\/wp-json\/wp\/v2\/pages\/263","targetHints":{"allow":["GET"]}}],"collection":[{"href":"https:\/\/aviator-slotgame.com\/da\/wp-json\/wp\/v2\/pages"}],"about":[{"href":"https:\/\/aviator-slotgame.com\/da\/wp-json\/wp\/v2\/types\/page"}],"author":[{"embeddable":true,"href":"https:\/\/aviator-slotgame.com\/da\/wp-json\/wp\/v2\/users\/1"}],"replies":[{"embeddable":true,"href":"https:\/\/aviator-slotgame.com\/da\/wp-json\/wp\/v2\/comments?post=263"}],"version-history":[{"count":4,"href":"https:\/\/aviator-slotgame.com\/da\/wp-json\/wp\/v2\/pages\/263\/revisions"}],"predecessor-version":[{"id":287,"href":"https:\/\/aviator-slotgame.com\/da\/wp-json\/wp\/v2\/pages\/263\/revisions\/287"}],"wp:attachment":[{"href":"https:\/\/aviator-slotgame.com\/da\/wp-json\/wp\/v2\/media?parent=263"}],"curies":[{"name":"wp","href":"https:\/\/api.w.org\/{rel}","templated":true}]}}