{"id":29,"date":"2024-01-31T12:59:48","date_gmt":"2024-01-31T12:59:48","guid":{"rendered":"https:\/\/aviator-slotgame.com\/?page_id=29"},"modified":"2024-10-04T00:04:28","modified_gmt":"2024-10-04T00:04:28","slug":"aviator-by-spribe","status":"publish","type":"page","link":"https:\/\/aviator-slotgame.com\/da\/online-casinos-med-aviator-fra-spribe\/","title":{"rendered":"Onlinekasino med Aviator fra Spribe"},"content":{"rendered":"<div class=\"d0cc821ff44479541a9bdbb89edbae42\" data-index=\"1\" style=\"float: none; margin:10px 0 10px 0; text-align:center;\">\n<div class=\"custom-play-button\">\r\n<center><a href=\"https:\/\/aviator-slotgame.com\/da\/play-game\/\" rel=\"nofollow\" target=\"_blank\">Spil nu<\/a><br><\/center>\r\n<\/div>\n<\/div>\n<p>Leder du efter online casinoer, der tilbyder Aviator? Du er kommet til det rigtige sted!<\/p>\n<p>At spille p\u00e5 et online casino kan v\u00e6re en sp\u00e6ndende og sjov oplevelse. Aviator byder p\u00e5 glat gameplay, fantastisk grafik og bonusser. Hos de bedste online casinoer, der tilbyder dette spil, kan du forvente nemme ind- og udbetalinger, sikre spilleforhold, 24\/7 kundesupport og en bred vifte af spil at v\u00e6lge imellem.<\/p>\n<p>N\u00e5r du spiller p\u00e5 et online casino for rigtige penge eller kryptovaluta, er det vigtigt at sikre sig, at online casinoet er trov\u00e6rdigt. Vi hj\u00e6lper dig med at beslutte, hvilket online casino der passer bedst til dine Aviator-behov. Ved at f\u00f8lge denne guide vil du nemt finde online casinoer, der tilbyder Aviator og kan begynde at nyde fremragende online spil med det samme!<\/p>\n<p><img loading=\"lazy\" decoding=\"async\" class=\"alignnone size-full wp-image-209\" title=\"Aviator fra Spribe\" src=\"https:\/\/aviator-slotgame.com\/wp-content\/uploads\/aviator-2.png\" alt=\"Aviator fra Spribe\" width=\"800\" height=\"445\" srcset=\"https:\/\/aviator-slotgame.com\/wp-content\/uploads\/aviator-2.png 800w, https:\/\/aviator-slotgame.com\/wp-content\/uploads\/aviator-2-300x167.png 300w, https:\/\/aviator-slotgame.com\/wp-content\/uploads\/aviator-2-768x427.png 768w, https:\/\/aviator-slotgame.com\/wp-content\/uploads\/aviator-2-18x10.png 18w\" sizes=\"auto, (max-width: 800px) 100vw, 800px\" \/><\/p><div class=\"d0cc821ff44479541a9bdbb89edbae42\" data-index=\"1\" style=\"float: none; margin:10px 0 10px 0; text-align:center;\">\n<div class=\"custom-play-button\">\r\n<center><a href=\"https:\/\/aviator-slotgame.com\/da\/play-game\/\" rel=\"nofollow\" target=\"_blank\">Spil nu<\/a><br><\/center>\r\n<\/div>\n<\/div>\n\n<h2>At v\u00e6lge et online casino til at spille Aviator<\/h2>\n<p>Her er en liste over sp\u00f8rgsm\u00e5l, du skal overveje, n\u00e5r du v\u00e6lger et casino-websted:<\/p>\n<ul>\n<li>Har siden et godt ry blandt spillere?<\/li>\n<li>Er Aviator tilg\u00e6ngelig p\u00e5 denne side?<\/li>\n<li>Er dette casino licenseret til at operere i dit land?<\/li>\n<li>Accepterer online casinoet din foretrukne valuta?<\/li>\n<li>Hvis du vil bruge kryptovaluta, accepterer de s\u00e5 din yndlingsm\u00f8nt?<\/li>\n<li>Hvilke velkomstbonusser er tilg\u00e6ngelige for nye online casinospillere?<\/li>\n<\/ul>\n<h3>Bedste velkomstbonusser for Aviator-spillere<\/h3>\n<p>Den bedste casino velkomstbonus vil tilbyde nye spillere matchende webstedskredit p\u00e5 deres f\u00f8rste indbetaling, samt en gratis spins-pakke! Inden du registrerer dig, skal du s\u00f8rge for at l\u00e6se online casinoets vilk\u00e5r og betingelser.<\/p>\n<p>Glem endelig ikke at have det sjovt! Det skal v\u00e6re sjovt at spille p\u00e5 et online casino. Tag dig god tid, k\u00f8r et par testl\u00f8b, og nyd derefter sp\u00e6ndingen ved at spille Aviator! Held og lykke!<\/p>\n<table>\n<tbody>\n<tr>\n<td><strong>VELKOMMEN BONUS TILBUD<\/strong><\/td>\n<\/tr>\n<tr>\n<td><strong>F\u00f8rste indl\u00e5nsl\u00e5n<\/strong><\/td>\n<td>150% eller h\u00f8jere<\/td>\n<\/tr>\n<tr>\n<td><strong>Maksimal bonus<\/strong><\/td>\n<td>Ikke mindre end 25.000 INR<\/td>\n<\/tr>\n<tr>\n<td><strong>Gratis spins<\/strong><\/td>\n<td>150+ gratis spins<\/td>\n<\/tr>\n<\/tbody>\n<\/table>\n<p><img loading=\"lazy\" decoding=\"async\" class=\"alignnone size-full wp-image-363\" src=\"https:\/\/aviator-slotgame.com\/wp-content\/uploads\/Aviator-32-800-x-600-\u043f\u0438\u043a\u0441.jpg\" alt=\"Onlinekasino i Aviator-spil\" width=\"800\" height=\"600\" srcset=\"https:\/\/aviator-slotgame.com\/wp-content\/uploads\/Aviator-32-800-x-600-\u043f\u0438\u043a\u0441.jpg 800w, https:\/\/aviator-slotgame.com\/wp-content\/uploads\/Aviator-32-800-x-600-\u043f\u0438\u043a\u0441-300x225.jpg 300w, https:\/\/aviator-slotgame.com\/wp-content\/uploads\/Aviator-32-800-x-600-\u043f\u0438\u043a\u0441-768x576.jpg 768w, https:\/\/aviator-slotgame.com\/wp-content\/uploads\/Aviator-32-800-x-600-\u043f\u0438\u043a\u0441-16x12.jpg 16w\" sizes=\"auto, (max-width: 800px) 100vw, 800px\" \/><\/p>\n<h2 id=\"h-online-cryptocurrency-casinos\">Kryptovaluta onlinekasinoer<\/h2>\n<p>Aviators oprindelige popularitet kom fra en verden af kryptovaluta kasinoer. Dens lave husfordel og hurtige spilletempo har gjort den til en favorit blandt kryptoslotspillere over hele verden. Derudover g\u00f8r de sociale multiplayer- og konkurrencem\u00e6ssige aspekter spillet til en perfekt pasform til krypto-f\u00e6llesskaber.<\/p>\n<p>Hvis du leder efter et online casino, der underst\u00f8tter kryptovaluta, s\u00e5 er der et par ting, du skal huske p\u00e5.<\/p>\n<figure class=\"wp-block-table\">\n<table>\n<tbody>\n<tr>\n<td><strong>ALMINDELLIGT ACCEPTERET CRYPTOCURRENCER I KASINER<\/strong><\/td>\n<\/tr>\n<tr>\n<td><strong>Bitcoin (BTC)<\/strong><\/td>\n<\/tr>\n<tr>\n<td><strong>Ethereum (ETH)<\/strong><\/td>\n<\/tr>\n<tr>\n<td><strong>Bitcoin Cash (BCH)<\/strong><\/td>\n<\/tr>\n<tr>\n<td><strong>Litecoin (LTC)<\/strong><\/td>\n<\/tr>\n<tr>\n<td><strong>Dogecoin (DOGE)<\/strong><\/td>\n<\/tr>\n<\/tbody>\n<\/table>\n<\/figure>\n<p><img loading=\"lazy\" decoding=\"async\" class=\"alignnone size-full wp-image-356\" src=\"https:\/\/aviator-slotgame.com\/wp-content\/uploads\/Aviator-29-800-x-600-\u043f\u0438\u043a\u0441-1.jpg\" alt=\"Betaling med krypto i online casinoer\" width=\"800\" height=\"600\" srcset=\"https:\/\/aviator-slotgame.com\/wp-content\/uploads\/Aviator-29-800-x-600-\u043f\u0438\u043a\u0441-1.jpg 800w, https:\/\/aviator-slotgame.com\/wp-content\/uploads\/Aviator-29-800-x-600-\u043f\u0438\u043a\u0441-1-300x225.jpg 300w, https:\/\/aviator-slotgame.com\/wp-content\/uploads\/Aviator-29-800-x-600-\u043f\u0438\u043a\u0441-1-768x576.jpg 768w, https:\/\/aviator-slotgame.com\/wp-content\/uploads\/Aviator-29-800-x-600-\u043f\u0438\u043a\u0441-1-16x12.jpg 16w\" sizes=\"auto, (max-width: 800px) 100vw, 800px\" \/><\/p>\n<h2 id=\"h-the-social-experience\">Social oplevelse<\/h2>\n<p>I Aviator kan du chatte med andre spillere i realtid, indstille dit eget profilbillede, se hinandens indsatser og vise dine h\u00f8jeste gevinster! Og alt dette online!<\/p>\n<p>F\u00e5 slot-lignende spil giver spillerne mulighed for at kommunikere og holde styr p\u00e5 hinandens indsatser, som Aviator g\u00f8r. F\u00f8lelsen af online multiplayer-spil er sj\u00e6lden i kasinoverdenen, hvor folk ofte er isolerede og drejer deres yndlingshjul alene. Du kan v\u00e6re ensom i et almindeligt casino, men p\u00e5 sider er det 100 gange nemmere.<\/p>\n<p><img loading=\"lazy\" decoding=\"async\" class=\"alignnone size-full wp-image-365\" src=\"https:\/\/aviator-slotgame.com\/wp-content\/uploads\/Aviator-33-800-x-600-\u043f\u0438\u043a\u0441.jpg\" alt=\"Social erfaring i Aviator\" width=\"800\" height=\"600\" srcset=\"https:\/\/aviator-slotgame.com\/wp-content\/uploads\/Aviator-33-800-x-600-\u043f\u0438\u043a\u0441.jpg 800w, https:\/\/aviator-slotgame.com\/wp-content\/uploads\/Aviator-33-800-x-600-\u043f\u0438\u043a\u0441-300x225.jpg 300w, https:\/\/aviator-slotgame.com\/wp-content\/uploads\/Aviator-33-800-x-600-\u043f\u0438\u043a\u0441-768x576.jpg 768w, https:\/\/aviator-slotgame.com\/wp-content\/uploads\/Aviator-33-800-x-600-\u043f\u0438\u043a\u0441-16x12.jpg 16w\" sizes=\"auto, (max-width: 800px) 100vw, 800px\" \/><\/p>\n<h2 id=\"h-aviator-mobile-devices\">Aviator mobile enheder<\/h2>\n<p>Hvis din yndlings casinoside tilbyder en mobilversion af deres side eller en dedikeret app, kan du spille Aviator online, hvor som helst du har mobiltjeneste. M\u00e5ske er du p\u00e5 stranden eller p\u00e5 sofaen. Eller m\u00e5ske st\u00e5r du i k\u00f8 til morgenkaffen og vil satse p\u00e5 et par fly, mens du venter.<\/p>\n<p>Dette er gode nyheder, hvis du spiller Aviator \u2013 spillet er optimeret til smartphone-sk\u00e6rme og spiller perfekt p\u00e5 b\u00e5de Android- og iOS-operativsystemer. Og takket v\u00e6re praktiske kontroller kan du nemt placere et v\u00e6ddem\u00e5l, klikke p\u00e5 knappen &quot;Udbetal&quot; og h\u00e6ve dine gevinster hvor som helst!<\/p>\n<p><img loading=\"lazy\" decoding=\"async\" class=\"alignnone size-full wp-image-367\" src=\"https:\/\/aviator-slotgame.com\/wp-content\/uploads\/Aviator-34-800-x-600-\u043f\u0438\u043a\u0441.jpg\" alt=\"Spil Aviator p\u00e5 telefoner\" width=\"800\" height=\"600\" srcset=\"https:\/\/aviator-slotgame.com\/wp-content\/uploads\/Aviator-34-800-x-600-\u043f\u0438\u043a\u0441.jpg 800w, https:\/\/aviator-slotgame.com\/wp-content\/uploads\/Aviator-34-800-x-600-\u043f\u0438\u043a\u0441-300x225.jpg 300w, https:\/\/aviator-slotgame.com\/wp-content\/uploads\/Aviator-34-800-x-600-\u043f\u0438\u043a\u0441-768x576.jpg 768w, https:\/\/aviator-slotgame.com\/wp-content\/uploads\/Aviator-34-800-x-600-\u043f\u0438\u043a\u0441-16x12.jpg 16w\" sizes=\"auto, (max-width: 800px) 100vw, 800px\" \/><\/p>\n<h2 id=\"h-the-bottom-line\">Bundlinie<\/h2>\n<p>Hvis du leder efter et sp\u00e6ndende og nyt online casino, skal du ikke lede l\u00e6ngere end Aviator by Spribe. Med lave indsatser og lette at l\u00e6re regler har dette casino noget for enhver smag. Plus, med dets sociale aspekt og cryptocurrency-support, kan Aviator tage din online sp\u00e6nding til n\u00e6ste niveau! Hvad venter du p\u00e5? Pr\u00f8v det i dag, og find ud af, hvorfor det er et af de hotteste nye spil i byen!<\/p>\n<p>Hav en god flyvetur!<\/p>\n<p><img loading=\"lazy\" decoding=\"async\" class=\"alignnone size-full wp-image-369\" src=\"https:\/\/aviator-slotgame.com\/wp-content\/uploads\/Aviator-35-800-x-600-\u043f\u0438\u043a\u0441.jpg\" alt=\"Resultater\" width=\"800\" height=\"600\" srcset=\"https:\/\/aviator-slotgame.com\/wp-content\/uploads\/Aviator-35-800-x-600-\u043f\u0438\u043a\u0441.jpg 800w, https:\/\/aviator-slotgame.com\/wp-content\/uploads\/Aviator-35-800-x-600-\u043f\u0438\u043a\u0441-300x225.jpg 300w, https:\/\/aviator-slotgame.com\/wp-content\/uploads\/Aviator-35-800-x-600-\u043f\u0438\u043a\u0441-768x576.jpg 768w, https:\/\/aviator-slotgame.com\/wp-content\/uploads\/Aviator-35-800-x-600-\u043f\u0438\u043a\u0441-16x12.jpg 16w\" sizes=\"auto, (max-width: 800px) 100vw, 800px\" \/><\/p>\n<h2 id=\"h-frequently-asked-questions-faq\">Ofte stillede sp\u00f8rgsm\u00e5l (FAQ)<\/h2>\n<h3 id=\"h-is-aviator-legal\">Er Aviator-spil lovligt?<\/h3>\n<p>Ja. Aviator er 100% lovlig. Onlinekasinoer, der tilbyder dette spil, er ogs\u00e5 lovlige, licenserede og regulerede af de relevante offentlige myndigheder i deres regioner.<\/p>\n<h3 id=\"h-who-makes-aviator\">Hvem laver Aviator?<\/h3>\n<p>Aviator blev skabt af Spribe.<\/p>\n<p>Spribe underst\u00f8tter og udvikler en bred vifte af onlinespil til websteder over hele verden.<\/p>\n<h3 id=\"h-are-online-casinos-rigged\">Er onlinekasinoer svindel?<\/h3>\n<p>Hvis du v\u00e6lger velrenommerede, licenserede sider at spille, s\u00e5 er de absolut IKKE rigget.<\/p>\n<h3 id=\"h-is-aviator-fair\">Er Aviator \u00e6rlig?<\/h3>\n<p>Det er nemt at v\u00e6re mist\u00e6nksom over for online gambling. Vi forst\u00e5r. Men Aviator er det mest retf\u00e6rdige og mest gennemsigtige casinospil p\u00e5 hele markedet.<\/p>\n<p>Spribe bruger, hvad den kalder Provably Fair Technology for at sikre, at hver runde er fuldst\u00e6ndig tilf\u00e6ldig og retf\u00e6rdig. Hvis du spiller et af live-spillene, kan du klikke p\u00e5 det gr\u00f8nne skjold-ikon nederst p\u00e5 sk\u00e6rmen eller ved siden af dit v\u00e6ddem\u00e5l for at se denne information.<\/p>\n\n<div style=\"font-size: 0px; height: 0px; line-height: 0px; margin: 0; padding: 0; clear: both;\"><\/div>","protected":false},"excerpt":{"rendered":"<p>Leder du efter online casinoer, der tilbyder Aviator? Du er kommet til det rigtige sted! At spille p\u00e5 et online casino kan v\u00e6re sp\u00e6ndende og sjovt<\/p>","protected":false},"author":1,"featured_media":0,"parent":0,"menu_order":0,"comment_status":"closed","ping_status":"closed","template":"","meta":{"footnotes":""},"class_list":["post-29","page","type-page","status-publish","hentry"],"yoast_head":"<!-- This site is optimized with the Yoast SEO plugin v22.0 - https:\/\/yoast.com\/wordpress\/plugins\/seo\/ -->\n<title>Aviator \u043e\u0442 Spribe \u2013 \u041f\u043e\u043f\u0443\u043b\u044f\u0440\u043d\u0430\u044f \u0438\u0433\u0440\u0430 \u0441 \u0432\u044b\u0441\u043e\u043a\u0438\u043c\u0438 \u0432\u044b\u0438\u0433\u0440\u044b\u0448\u0430\u043c\u0438<\/title>\n<meta name=\"description\" content=\"\u041a\u0440\u0430\u0448-\u0438\u0433\u0440\u0430 \u0410\u0432\u0438\u0430\u0442\u043e\u0440 \u043e\u0442 Spribe \u2013 \u043b\u0443\u0447\u0448\u0438\u0439 \u0441\u043b\u043e\u0442 \u0434\u043b\u044f \u0430\u0437\u0430\u0440\u0442\u043d\u044b\u0445 \u0438\u0433\u0440\u043e\u043a\u043e\u0432. \u0421\u043b\u0435\u0434\u0438 \u0437\u0430 \u0441\u0430\u043c\u043e\u043b\u0435\u0442\u043e\u043c \u0438 \u0438\u0433\u0440\u0430\u0439 \u043d\u0430 \u0434\u0435\u043d\u044c\u0433\u0438 \u0432 \u043e\u043d\u043b\u0430\u0439\u043d \u043a\u0430\u0437\u0438\u043d\u043e, \u0438\u0433\u0440\u0430\u0439 \u0441 \u043c\u043e\u0431\u0438\u043b\u044c\u043d\u043e\u0433\u043e \u0438\u043b\u0438 \u0441\u043a\u0430\u0447\u0430\u0439 \u043d\u0430 \u0442\u0435\u043b\u0435\u0444\u043e\u043d.\" \/>\n<meta name=\"robots\" content=\"index, follow, max-snippet:-1, max-image-preview:large, max-video-preview:-1\" \/>\n<link rel=\"canonical\" href=\"https:\/\/aviator-slotgame.com\/da\/online-casinos-med-aviator-fra-spribe\/\" \/>\n<meta property=\"og:locale\" content=\"da_DK\" \/>\n<meta property=\"og:type\" content=\"article\" \/>\n<meta property=\"og:title\" content=\"Aviator \u043e\u0442 Spribe \u2013 \u041f\u043e\u043f\u0443\u043b\u044f\u0440\u043d\u0430\u044f \u0438\u0433\u0440\u0430 \u0441 \u0432\u044b\u0441\u043e\u043a\u0438\u043c\u0438 \u0432\u044b\u0438\u0433\u0440\u044b\u0448\u0430\u043c\u0438\" \/>\n<meta property=\"og:description\" content=\"\u041a\u0440\u0430\u0448-\u0438\u0433\u0440\u0430 \u0410\u0432\u0438\u0430\u0442\u043e\u0440 \u043e\u0442 Spribe \u2013 \u043b\u0443\u0447\u0448\u0438\u0439 \u0441\u043b\u043e\u0442 \u0434\u043b\u044f \u0430\u0437\u0430\u0440\u0442\u043d\u044b\u0445 \u0438\u0433\u0440\u043e\u043a\u043e\u0432. \u0421\u043b\u0435\u0434\u0438 \u0437\u0430 \u0441\u0430\u043c\u043e\u043b\u0435\u0442\u043e\u043c \u0438 \u0438\u0433\u0440\u0430\u0439 \u043d\u0430 \u0434\u0435\u043d\u044c\u0433\u0438 \u0432 \u043e\u043d\u043b\u0430\u0439\u043d \u043a\u0430\u0437\u0438\u043d\u043e, \u0438\u0433\u0440\u0430\u0439 \u0441 \u043c\u043e\u0431\u0438\u043b\u044c\u043d\u043e\u0433\u043e \u0438\u043b\u0438 \u0441\u043a\u0430\u0447\u0430\u0439 \u043d\u0430 \u0442\u0435\u043b\u0435\u0444\u043e\u043d.\" \/>\n<meta property=\"og:url\" content=\"https:\/\/aviator-slotgame.com\/da\/online-casinos-med-aviator-fra-spribe\/\" \/>\n<meta property=\"og:site_name\" content=\"Aviator\" \/>\n<meta property=\"article:modified_time\" content=\"2024-10-04T00:04:28+00:00\" \/>\n<meta property=\"og:image\" content=\"https:\/\/aviator-slotgame.com\/wp-content\/uploads\/aviator-2.png\" \/>\n<meta name=\"twitter:card\" content=\"summary_large_image\" \/>\n<meta name=\"twitter:label1\" content=\"Estimeret l\u00e6setid\" \/>\n\t<meta name=\"twitter:data1\" content=\"5 minutter\" \/>\n<script type=\"application\/ld+json\" class=\"yoast-schema-graph\">{\"@context\":\"https:\/\/schema.org\",\"@graph\":[{\"@type\":\"WebPage\",\"@id\":\"https:\/\/aviator-slotgame.com\/aviator-by-spribe\/\",\"url\":\"https:\/\/aviator-slotgame.com\/aviator-by-spribe\/\",\"name\":\"Aviator \u043e\u0442 Spribe \u2013 \u041f\u043e\u043f\u0443\u043b\u044f\u0440\u043d\u0430\u044f \u0438\u0433\u0440\u0430 \u0441 \u0432\u044b\u0441\u043e\u043a\u0438\u043c\u0438 \u0432\u044b\u0438\u0433\u0440\u044b\u0448\u0430\u043c\u0438\",\"isPartOf\":{\"@id\":\"https:\/\/aviator-slotgame.com\/#website\"},\"datePublished\":\"2024-01-31T12:59:48+00:00\",\"dateModified\":\"2024-10-04T00:04:28+00:00\",\"description\":\"\u041a\u0440\u0430\u0448-\u0438\u0433\u0440\u0430 \u0410\u0432\u0438\u0430\u0442\u043e\u0440 \u043e\u0442 Spribe \u2013 \u043b\u0443\u0447\u0448\u0438\u0439 \u0441\u043b\u043e\u0442 \u0434\u043b\u044f \u0430\u0437\u0430\u0440\u0442\u043d\u044b\u0445 \u0438\u0433\u0440\u043e\u043a\u043e\u0432. \u0421\u043b\u0435\u0434\u0438 \u0437\u0430 \u0441\u0430\u043c\u043e\u043b\u0435\u0442\u043e\u043c \u0438 \u0438\u0433\u0440\u0430\u0439 \u043d\u0430 \u0434\u0435\u043d\u044c\u0433\u0438 \u0432 \u043e\u043d\u043b\u0430\u0439\u043d \u043a\u0430\u0437\u0438\u043d\u043e, \u0438\u0433\u0440\u0430\u0439 \u0441 \u043c\u043e\u0431\u0438\u043b\u044c\u043d\u043e\u0433\u043e \u0438\u043b\u0438 \u0441\u043a\u0430\u0447\u0430\u0439 \u043d\u0430 \u0442\u0435\u043b\u0435\u0444\u043e\u043d.\",\"breadcrumb\":{\"@id\":\"https:\/\/aviator-slotgame.com\/aviator-by-spribe\/#breadcrumb\"},\"inLanguage\":\"da-DK\",\"potentialAction\":[{\"@type\":\"ReadAction\",\"target\":[\"https:\/\/aviator-slotgame.com\/aviator-by-spribe\/\"]}]},{\"@type\":\"BreadcrumbList\",\"@id\":\"https:\/\/aviator-slotgame.com\/aviator-by-spribe\/#breadcrumb\",\"itemListElement\":[{\"@type\":\"ListItem\",\"position\":1,\"name\":\"Home\",\"item\":\"https:\/\/aviator-slotgame.com\/\"},{\"@type\":\"ListItem\",\"position\":2,\"name\":\"\u041e\u043d\u043b\u0430\u0439\u043d \u043a\u0430\u0437\u0438\u043d\u043e \u0441 \u0410\u0432\u0438\u0430\u0442\u043e\u0440\u043e\u043c \u043e\u0442 Spribe\"}]},{\"@type\":\"WebSite\",\"@id\":\"https:\/\/aviator-slotgame.com\/#website\",\"url\":\"https:\/\/aviator-slotgame.com\/\",\"name\":\"Aviator\",\"description\":\"\",\"publisher\":{\"@id\":\"https:\/\/aviator-slotgame.com\/#organization\"},\"potentialAction\":[{\"@type\":\"SearchAction\",\"target\":{\"@type\":\"EntryPoint\",\"urlTemplate\":\"https:\/\/aviator-slotgame.com\/?s={search_term_string}\"},\"query-input\":\"required name=search_term_string\"}],\"inLanguage\":\"da-DK\"},{\"@type\":\"Organization\",\"@id\":\"https:\/\/aviator-slotgame.com\/#organization\",\"name\":\"Aviator\",\"url\":\"https:\/\/aviator-slotgame.com\/\",\"logo\":{\"@type\":\"ImageObject\",\"inLanguage\":\"da-DK\",\"@id\":\"https:\/\/aviator-slotgame.com\/#\/schema\/logo\/image\/\",\"url\":\"https:\/\/aviator-slotgame.com\/wp-content\/uploads\/16f5e8_dade544d4623411c9c4153c639aae85amv2.webp\",\"contentUrl\":\"https:\/\/aviator-slotgame.com\/wp-content\/uploads\/16f5e8_dade544d4623411c9c4153c639aae85amv2.webp\",\"width\":400,\"height\":300,\"caption\":\"Aviator\"},\"image\":{\"@id\":\"https:\/\/aviator-slotgame.com\/#\/schema\/logo\/image\/\"}}]}<\/script>\n<!-- \/ Yoast SEO plugin. -->","yoast_head_json":{"title":"Aviator \u043e\u0442 Spribe \u2013 \u041f\u043e\u043f\u0443\u043b\u044f\u0440\u043d\u0430\u044f \u0438\u0433\u0440\u0430 \u0441 \u0432\u044b\u0441\u043e\u043a\u0438\u043c\u0438 \u0432\u044b\u0438\u0433\u0440\u044b\u0448\u0430\u043c\u0438","description":"\u041a\u0440\u0430\u0448-\u0438\u0433\u0440\u0430 \u0410\u0432\u0438\u0430\u0442\u043e\u0440 \u043e\u0442 Spribe \u2013 \u043b\u0443\u0447\u0448\u0438\u0439 \u0441\u043b\u043e\u0442 \u0434\u043b\u044f \u0430\u0437\u0430\u0440\u0442\u043d\u044b\u0445 \u0438\u0433\u0440\u043e\u043a\u043e\u0432. \u0421\u043b\u0435\u0434\u0438 \u0437\u0430 \u0441\u0430\u043c\u043e\u043b\u0435\u0442\u043e\u043c \u0438 \u0438\u0433\u0440\u0430\u0439 \u043d\u0430 \u0434\u0435\u043d\u044c\u0433\u0438 \u0432 \u043e\u043d\u043b\u0430\u0439\u043d \u043a\u0430\u0437\u0438\u043d\u043e, \u0438\u0433\u0440\u0430\u0439 \u0441 \u043c\u043e\u0431\u0438\u043b\u044c\u043d\u043e\u0433\u043e \u0438\u043b\u0438 \u0441\u043a\u0430\u0447\u0430\u0439 \u043d\u0430 \u0442\u0435\u043b\u0435\u0444\u043e\u043d.","robots":{"index":"index","follow":"follow","max-snippet":"max-snippet:-1","max-image-preview":"max-image-preview:large","max-video-preview":"max-video-preview:-1"},"canonical":"https:\/\/aviator-slotgame.com\/da\/online-casinos-med-aviator-fra-spribe\/","og_locale":"da_DK","og_type":"article","og_title":"Aviator \u043e\u0442 Spribe \u2013 \u041f\u043e\u043f\u0443\u043b\u044f\u0440\u043d\u0430\u044f \u0438\u0433\u0440\u0430 \u0441 \u0432\u044b\u0441\u043e\u043a\u0438\u043c\u0438 \u0432\u044b\u0438\u0433\u0440\u044b\u0448\u0430\u043c\u0438","og_description":"\u041a\u0440\u0430\u0448-\u0438\u0433\u0440\u0430 \u0410\u0432\u0438\u0430\u0442\u043e\u0440 \u043e\u0442 Spribe \u2013 \u043b\u0443\u0447\u0448\u0438\u0439 \u0441\u043b\u043e\u0442 \u0434\u043b\u044f \u0430\u0437\u0430\u0440\u0442\u043d\u044b\u0445 \u0438\u0433\u0440\u043e\u043a\u043e\u0432. \u0421\u043b\u0435\u0434\u0438 \u0437\u0430 \u0441\u0430\u043c\u043e\u043b\u0435\u0442\u043e\u043c \u0438 \u0438\u0433\u0440\u0430\u0439 \u043d\u0430 \u0434\u0435\u043d\u044c\u0433\u0438 \u0432 \u043e\u043d\u043b\u0430\u0439\u043d \u043a\u0430\u0437\u0438\u043d\u043e, \u0438\u0433\u0440\u0430\u0439 \u0441 \u043c\u043e\u0431\u0438\u043b\u044c\u043d\u043e\u0433\u043e \u0438\u043b\u0438 \u0441\u043a\u0430\u0447\u0430\u0439 \u043d\u0430 \u0442\u0435\u043b\u0435\u0444\u043e\u043d.","og_url":"https:\/\/aviator-slotgame.com\/da\/online-casinos-med-aviator-fra-spribe\/","og_site_name":"Aviator","article_modified_time":"2024-10-04T00:04:28+00:00","og_image":[{"url":"https:\/\/aviator-slotgame.com\/wp-content\/uploads\/aviator-2.png"}],"twitter_card":"summary_large_image","twitter_misc":{"Estimeret l\u00e6setid":"5 minutter"},"schema":{"@context":"https:\/\/schema.org","@graph":[{"@type":"WebPage","@id":"https:\/\/aviator-slotgame.com\/aviator-by-spribe\/","url":"https:\/\/aviator-slotgame.com\/aviator-by-spribe\/","name":"Aviator \u043e\u0442 Spribe \u2013 \u041f\u043e\u043f\u0443\u043b\u044f\u0440\u043d\u0430\u044f \u0438\u0433\u0440\u0430 \u0441 \u0432\u044b\u0441\u043e\u043a\u0438\u043c\u0438 \u0432\u044b\u0438\u0433\u0440\u044b\u0448\u0430\u043c\u0438","isPartOf":{"@id":"https:\/\/aviator-slotgame.com\/#website"},"datePublished":"2024-01-31T12:59:48+00:00","dateModified":"2024-10-04T00:04:28+00:00","description":"\u041a\u0440\u0430\u0448-\u0438\u0433\u0440\u0430 \u0410\u0432\u0438\u0430\u0442\u043e\u0440 \u043e\u0442 Spribe \u2013 \u043b\u0443\u0447\u0448\u0438\u0439 \u0441\u043b\u043e\u0442 \u0434\u043b\u044f \u0430\u0437\u0430\u0440\u0442\u043d\u044b\u0445 \u0438\u0433\u0440\u043e\u043a\u043e\u0432. \u0421\u043b\u0435\u0434\u0438 \u0437\u0430 \u0441\u0430\u043c\u043e\u043b\u0435\u0442\u043e\u043c \u0438 \u0438\u0433\u0440\u0430\u0439 \u043d\u0430 \u0434\u0435\u043d\u044c\u0433\u0438 \u0432 \u043e\u043d\u043b\u0430\u0439\u043d \u043a\u0430\u0437\u0438\u043d\u043e, \u0438\u0433\u0440\u0430\u0439 \u0441 \u043c\u043e\u0431\u0438\u043b\u044c\u043d\u043e\u0433\u043e \u0438\u043b\u0438 \u0441\u043a\u0430\u0447\u0430\u0439 \u043d\u0430 \u0442\u0435\u043b\u0435\u0444\u043e\u043d.","breadcrumb":{"@id":"https:\/\/aviator-slotgame.com\/aviator-by-spribe\/#breadcrumb"},"inLanguage":"da-DK","potentialAction":[{"@type":"ReadAction","target":["https:\/\/aviator-slotgame.com\/aviator-by-spribe\/"]}]},{"@type":"BreadcrumbList","@id":"https:\/\/aviator-slotgame.com\/aviator-by-spribe\/#breadcrumb","itemListElement":[{"@type":"ListItem","position":1,"name":"Home","item":"https:\/\/aviator-slotgame.com\/"},{"@type":"ListItem","position":2,"name":"\u041e\u043d\u043b\u0430\u0439\u043d \u043a\u0430\u0437\u0438\u043d\u043e \u0441 \u0410\u0432\u0438\u0430\u0442\u043e\u0440\u043e\u043c \u043e\u0442 Spribe"}]},{"@type":"WebSite","@id":"https:\/\/aviator-slotgame.com\/#website","url":"https:\/\/aviator-slotgame.com\/","name":"Aviator","description":"","publisher":{"@id":"https:\/\/aviator-slotgame.com\/#organization"},"potentialAction":[{"@type":"SearchAction","target":{"@type":"EntryPoint","urlTemplate":"https:\/\/aviator-slotgame.com\/?s={search_term_string}"},"query-input":"required name=search_term_string"}],"inLanguage":"da-DK"},{"@type":"Organization","@id":"https:\/\/aviator-slotgame.com\/#organization","name":"Aviator","url":"https:\/\/aviator-slotgame.com\/","logo":{"@type":"ImageObject","inLanguage":"da-DK","@id":"https:\/\/aviator-slotgame.com\/#\/schema\/logo\/image\/","url":"https:\/\/aviator-slotgame.com\/wp-content\/uploads\/16f5e8_dade544d4623411c9c4153c639aae85amv2.webp","contentUrl":"https:\/\/aviator-slotgame.com\/wp-content\/uploads\/16f5e8_dade544d4623411c9c4153c639aae85amv2.webp","width":400,"height":300,"caption":"Aviator"},"image":{"@id":"https:\/\/aviator-slotgame.com\/#\/schema\/logo\/image\/"}}]}},"amp_enabled":true,"_links":{"self":[{"href":"https:\/\/aviator-slotgame.com\/da\/wp-json\/wp\/v2\/pages\/29","targetHints":{"allow":["GET"]}}],"collection":[{"href":"https:\/\/aviator-slotgame.com\/da\/wp-json\/wp\/v2\/pages"}],"about":[{"href":"https:\/\/aviator-slotgame.com\/da\/wp-json\/wp\/v2\/types\/page"}],"author":[{"embeddable":true,"href":"https:\/\/aviator-slotgame.com\/da\/wp-json\/wp\/v2\/users\/1"}],"replies":[{"embeddable":true,"href":"https:\/\/aviator-slotgame.com\/da\/wp-json\/wp\/v2\/comments?post=29"}],"version-history":[{"count":13,"href":"https:\/\/aviator-slotgame.com\/da\/wp-json\/wp\/v2\/pages\/29\/revisions"}],"predecessor-version":[{"id":413,"href":"https:\/\/aviator-slotgame.com\/da\/wp-json\/wp\/v2\/pages\/29\/revisions\/413"}],"wp:attachment":[{"href":"https:\/\/aviator-slotgame.com\/da\/wp-json\/wp\/v2\/media?parent=29"}],"curies":[{"name":"wp","href":"https:\/\/api.w.org\/{rel}","templated":true}]}}