{"id":215,"date":"2024-04-02T16:05:37","date_gmt":"2024-04-02T16:05:37","guid":{"rendered":"https:\/\/aviator-slotgame.com\/?page_id=215"},"modified":"2024-09-09T10:50:04","modified_gmt":"2024-09-09T10:50:04","slug":"aviator-slots","status":"publish","type":"page","link":"https:\/\/aviator-slotgame.com\/de\/aviator-spielautomat-vs-traditionelle-video-spielautomaten\/","title":{"rendered":"Flieger-Slots"},"content":{"rendered":"<div class=\"c8b298c54d5f4864bb6785f1b218d9b6\" data-index=\"1\" style=\"float: none; margin:10px 0 10px 0; text-align:center;\">\n<div class=\"custom-play-button\">\r\n<center><a href=\"https:\/\/aviator-slotgame.com\/de\/play-game\/\" rel=\"nofollow\" target=\"_blank\">Jetzt spielen<\/a><br><\/center>\r\n<\/div>\n<\/div>\n<p>Aviator von Spribe ist kein durchschnittlicher Video-Slot. Es bietet Social-Gaming-Funktionen, die Sie in herk\u00f6mmlichen Video-Slots nicht finden. Sie k\u00f6nnen an dem Spa\u00df teilnehmen und andere Spieler herausfordern, an einem Online-Casinospiel voller aufregender Boni, Multiplikatoren und anderer \u00dcberraschungen teilzunehmen.<\/p>\n<p><img loading=\"lazy\" decoding=\"async\" class=\"alignnone size-full wp-image-216\" title=\"Aviator vs. traditionelle Spielautomaten\" src=\"https:\/\/aviator-slotgame.com\/wp-content\/uploads\/aviator-4-1.png\" alt=\"Aviator vs. traditionelle Spielautomaten\" width=\"800\" height=\"445\" srcset=\"https:\/\/aviator-slotgame.com\/wp-content\/uploads\/aviator-4-1.png 800w, https:\/\/aviator-slotgame.com\/wp-content\/uploads\/aviator-4-1-300x167.png 300w, https:\/\/aviator-slotgame.com\/wp-content\/uploads\/aviator-4-1-768x427.png 768w, https:\/\/aviator-slotgame.com\/wp-content\/uploads\/aviator-4-1-18x10.png 18w\" sizes=\"auto, (max-width: 800px) 100vw, 800px\" \/><\/p>\n<p>Aviator bietet mehr als nur die Standard-Spielautomaten mit 3x5 Walzen. Es gibt einen auf RNG basierenden Multiplikator, der immer weiter steigt, bis sich jeder Spieler f\u00fcr eine Auszahlung entscheidet. Das hei\u00dft, wenn Sie Gl\u00fcck haben, k\u00f6nnen Sie den ganzen Tag spielen und Ihre Gewinne werden sich wirklich summieren!<\/p>\n<p>Au\u00dferdem begrenzt Aviator die Anzahl der Spieler, die am Spa\u00df teilnehmen k\u00f6nnen, nicht. Sie m\u00fcssen nicht darauf warten, dass das Spiel beginnt, denn es wird nie voll sein und es wird immer Platz f\u00fcr weitere Spieler geben. Und mit spielerfreundlichen Quoten, RTP und hohen Auszahlungen haben Sie viele M\u00f6glichkeiten, bei diesem aufregenden alternativen Spielautomaten die Nase vorn zu haben.<\/p><div class=\"c8b298c54d5f4864bb6785f1b218d9b6\" data-index=\"1\" style=\"float: none; margin:10px 0 10px 0; text-align:center;\">\n<div class=\"custom-play-button\">\r\n<center><a href=\"https:\/\/aviator-slotgame.com\/de\/play-game\/\" rel=\"nofollow\" target=\"_blank\">Jetzt spielen<\/a><br><\/center>\r\n<\/div>\n<\/div>\n\n<p>Egal, ob Sie auf der Suche nach einem fesselnden Spielerlebnis sind oder sich zur\u00fccklehnen und ein klassisches Spiel im Video-Slot-Stil mit dem gewissen Etwas genie\u00dfen m\u00f6chten, Spribes Aviator hat wirklich f\u00fcr jeden etwas zu bieten.<\/p>\n<h2 id=\"h-rtp-of-aviator-and-regular-slot-games\">RTP von Aviator und regul\u00e4ren Slots<\/h2>\n<p>Die durchschnittlichen RTP-Werte der beliebtesten Slots liegen bei \u00fcber 65%. Diese Zahl kann von Spiel zu Spiel variieren, wobei einige Spiele bis zu 97% betragen, aber im Allgemeinen ist die Norm 65% mit einer Dezimalzahl.<\/p>\n<p>Second Strike beispielsweise, einer der beliebtesten Spielautomaten der Welt, hat einen RTP von 96,26%; Flieger noch mehr!<\/p>\n<p>Aviator hat einen ungef\u00e4hren RTP (Return to Player) von 97%, was f\u00fcr einen Video-Slot \u00fcberdurchschnittlich ist. Das bedeutet, dass Sie beim Spielen von Aviator im Vergleich zu herk\u00f6mmlichen Spielautomaten im Durchschnitt mehr Geld zur\u00fcckbekommen. Und mit einem st\u00e4ndig wachsenden Multiplikator werden die gr\u00f6\u00dften Runden noch spannender! Wenn Sie also auf der Suche nach einem h\u00f6heren RTP und der M\u00f6glichkeit sind, Ihr Verdienstpotenzial zu steigern, k\u00f6nnte Aviator genau das sein, was Sie vermisst haben.<\/p>\n<figure class=\"wp-block-table\">\n<table>\n<tbody>\n<tr>\n<td><strong>FLIEGER<\/strong><\/td>\n<td><strong>TRADITIONELLES SLOT-SPIEL<\/strong><\/td>\n<\/tr>\n<tr>\n<td>Chatten Sie mit anderen Spielern<\/td>\n<td>Benutzerspielerlebnis<\/td>\n<\/tr>\n<tr>\n<td>Unbegrenzte Anzahl an Spielern im Spielzimmer<\/td>\n<td>Ein Spieler pro Maschine oder Seite<\/td>\n<\/tr>\n<tr>\n<td>Spielmechanik mit einem RNG<\/td>\n<td>Mehrere Rollen und Schn\u00fcre<\/td>\n<\/tr>\n<tr>\n<td>~97% R\u00fcckerstattung<\/td>\n<td>~96% R\u00fcckerstattung<\/td>\n<\/tr>\n<\/tbody>\n<\/table><figcaption class=\"wp-element-caption\">Einarmiger Bandit\u00a0<strong><strong>FLIEGER<\/strong><\/strong><img loading=\"lazy\" decoding=\"async\" class=\"alignnone size-full wp-image-293\" src=\"https:\/\/aviator-slotgame.com\/wp-content\/uploads\/Aviator-13-800-x-600-\u043f\u0438\u043a\u0441.jpg\" alt=\"RTP von Aviator und regul\u00e4ren Slots\" width=\"800\" height=\"600\" srcset=\"https:\/\/aviator-slotgame.com\/wp-content\/uploads\/Aviator-13-800-x-600-\u043f\u0438\u043a\u0441.jpg 800w, https:\/\/aviator-slotgame.com\/wp-content\/uploads\/Aviator-13-800-x-600-\u043f\u0438\u043a\u0441-300x225.jpg 300w, https:\/\/aviator-slotgame.com\/wp-content\/uploads\/Aviator-13-800-x-600-\u043f\u0438\u043a\u0441-768x576.jpg 768w, https:\/\/aviator-slotgame.com\/wp-content\/uploads\/Aviator-13-800-x-600-\u043f\u0438\u043a\u0441-16x12.jpg 16w\" sizes=\"auto, (max-width: 800px) 100vw, 800px\" \/><\/figcaption><\/figure>\n<h2 id=\"h-the-bottom-line\">Endeffekt<\/h2>\n<p>Aviator von Spribe bietet eine einzigartige Interpretation traditioneller Video-Slots, die den Spielern ein fesselndes Spielerlebnis bieten kann. Mit st\u00e4ndig steigenden Multiplikatoren und hohem RTP gibt es viele Gr\u00fcnde, Aviator auszuprobieren. Und der soziale Aspekt macht es noch spannender!<\/p>\n<h2 id=\"h-using-bonus-spins-on-aviator\">Verwendung von Bonusspins in Aviator<\/h2>\n<p>Bonusdrehungen sind ein fester Bestandteil von Casinoseiten. Wenn Sie sich auf einer Casinoseite registrieren, erhalten Sie oft Freispiele als Willkommensbonus. Sie k\u00f6nnen sie sogar durch zeitlich begrenzte Aktionen oder als Preise in anderen Spielen erhalten!<\/p>\n<p>Wenn Sie ein Fan von Aviator oder anderen Casinospielen sind, sind Bonusdrehungen eine gro\u00dfartige M\u00f6glichkeit, kostenlose Chancen zu erhalten, die Walzen zu drehen, in einem Flugzeug zu landen und vielleicht etwas Geld zu gewinnen. Tats\u00e4chlich k\u00f6nnen Bonusspins sogar noch wertvoller sein als regul\u00e4re In-Game-Spins, da f\u00fcr sie normalerweise keine Wettanforderungen oder andere Gewinnbeschr\u00e4nkungen gelten.<\/p>\n<h2 id=\"h-how-to-get-bonus-spins\">So erhalten Sie Bonusspins<\/h2>\n<p>Freispiele k\u00f6nnen an verschiedenen Stellen erfolgen, beispielsweise durch Willkommensboni f\u00fcr neue Benutzer, die ihre erste Einzahlung t\u00e4tigen, oder durch Aktionscodes und zeitlich begrenzte Veranstaltungen.<\/p>\n<h3 id=\"h-welcome-bonus-spins-for-aviator\">Aviator-Willkommensbonus-Spins<\/h3>\n<p>Bei einigen Casinos erhalten Sie Freispiele, wenn Sie ein Konto erstellen. Sie fragen sich vielleicht, wie n\u00fctzlich diese Freispiele beim Spielen von Aviator sein k\u00f6nnen; Allerdings beschr\u00e4nken Casinos manchmal die Nutzung dieser Freispiele nur auf die beliebtesten traditionellen Spielautomaten. Aber keine Sorge, es gibt immer noch M\u00f6glichkeiten, alle Freispiele zu nutzen, die Aviator f\u00fcr Sie bereith\u00e4lt.<\/p>\n<h2 id=\"h-how-to-use-free-spins-in-aviator\">So nutzen Sie Freispiele in Aviator<\/h2>\n<p>Wenn Ihre Spins in Aviator nicht funktionieren, k\u00f6nnen Sie sie jederzeit verwenden, um Credits in anderen Casinospielen zu gewinnen. Wenn Sie beispielsweise Freispiele an einem Spielautomaten haben, k\u00f6nnen Sie diese Guthaben an den Spieltischen gegen Chips eintauschen. Mit diesen Chips k\u00f6nnen Sie dann auf Aviator oder ein anderes Casinospiel wetten!<\/p>\n<p>So:<\/p>\n<ol start=\"1\" type=\"1\">\n<li>W\u00e4hlen Sie einen Ihrer Lieblingsspielautomaten.<\/li>\n<li>Nutzen Sie die Freispiele.<\/li>\n<li>Nehmen Sie alle Credits, die Sie w\u00e4hrend der Drehungen gewinnen, und spielen Sie Aviator!<\/li>\n<\/ol>\n<p>Es ist so einfach.<\/p>\n<h2 id=\"h-can-you-win-free-spins-in-aviator\">Kann man bei Aviator Freispiele gewinnen?<\/h2>\n<p>Es gibt keine Freispielfunktion. Der einzige Preis, den Sie w\u00e4hrend der Runde gewinnen, ist Ihr Einsatz multipliziert mit dem Zeitpunkt, zu dem das rote Flugzeug abhebt.<\/p>\n<h2 id=\"h-in-conclusion\">Abschluss<\/h2>\n<p>Unabh\u00e4ngig davon, wie Sie sie erhalten \u2013 Willkommensbonus-Spins, Aktionscodes oder zeitlich begrenzte Angebote \u2013 sind Bonus-Spins eine gro\u00dfartige M\u00f6glichkeit f\u00fcr Spieler aller Spielst\u00e4rken, weiterzuspielen, ohne eine Zeit lang Angst vor Verlusten haben zu m\u00fcssen. Und egal f\u00fcr welches Spiel sie sich entscheiden, erfahrene Spieler k\u00f6nnen ihre Spins in n\u00fctzliche Credits umwandeln, die in einem Live-Aviator-Spiel eingesetzt werden k\u00f6nnen.<\/p>\n<p><img loading=\"lazy\" decoding=\"async\" class=\"alignnone size-full wp-image-297\" src=\"https:\/\/aviator-slotgame.com\/wp-content\/uploads\/Aviator-14-800-x-600-\u043f\u0438\u043a\u0441.jpg\" alt=\"Abschluss\" width=\"800\" height=\"600\" srcset=\"https:\/\/aviator-slotgame.com\/wp-content\/uploads\/Aviator-14-800-x-600-\u043f\u0438\u043a\u0441.jpg 800w, https:\/\/aviator-slotgame.com\/wp-content\/uploads\/Aviator-14-800-x-600-\u043f\u0438\u043a\u0441-300x225.jpg 300w, https:\/\/aviator-slotgame.com\/wp-content\/uploads\/Aviator-14-800-x-600-\u043f\u0438\u043a\u0441-768x576.jpg 768w, https:\/\/aviator-slotgame.com\/wp-content\/uploads\/Aviator-14-800-x-600-\u043f\u0438\u043a\u0441-16x12.jpg 16w\" sizes=\"auto, (max-width: 800px) 100vw, 800px\" \/><\/p>\n\n<div style=\"font-size: 0px; height: 0px; line-height: 0px; margin: 0; padding: 0; clear: both;\"><\/div>","protected":false},"excerpt":{"rendered":"<p>Aviator von Spribe ist kein durchschnittlicher Video-Slot. Es bietet Social-Gaming-Funktionen, die Sie in herk\u00f6mmlichen Video-Slots nicht finden.<\/p>","protected":false},"author":1,"featured_media":0,"parent":0,"menu_order":0,"comment_status":"closed","ping_status":"closed","template":"","meta":{"footnotes":""},"class_list":["post-215","page","type-page","status-publish","hentry"],"yoast_head":"<!-- This site is optimized with the Yoast SEO plugin v22.0 - https:\/\/yoast.com\/wordpress\/plugins\/seo\/ -->\n<title>\u0410\u0432\u0438\u0430\u0442\u043e\u0440 \u0441\u043b\u043e\u0442\u044b - Aviator<\/title>\n<meta name=\"robots\" content=\"index, follow, max-snippet:-1, max-image-preview:large, max-video-preview:-1\" \/>\n<link rel=\"canonical\" href=\"https:\/\/aviator-slotgame.com\/de\/aviator-spielautomat-vs-traditionelle-video-spielautomaten\/\" \/>\n<meta property=\"og:locale\" content=\"de_DE\" \/>\n<meta property=\"og:type\" content=\"article\" \/>\n<meta property=\"og:title\" content=\"\u0410\u0432\u0438\u0430\u0442\u043e\u0440 \u0441\u043b\u043e\u0442\u044b - Aviator\" \/>\n<meta property=\"og:description\" content=\"Aviator \u043e\u0442 Spribe \u2013 \u044d\u0442\u043e \u043d\u0435 \u043e\u0431\u044b\u0447\u043d\u044b\u0439 \u0432\u0438\u0434\u0435\u043e\u0441\u043b\u043e\u0442. \u041e\u043d \u043f\u0440\u0435\u0434\u043b\u0430\u0433\u0430\u0435\u0442 \u0432\u043e\u0437\u043c\u043e\u0436\u043d\u043e\u0441\u0442\u0438 \u0441\u043e\u0446\u0438\u0430\u043b\u044c\u043d\u044b\u0445 \u0438\u0433\u0440, \u043a\u043e\u0442\u043e\u0440\u044b\u0435 \u0432\u044b \u043d\u0435 \u043d\u0430\u0439\u0434\u0435\u0442\u0435 \u0432 \u0442\u0440\u0430\u0434\u0438\u0446\u0438\u043e\u043d\u043d\u044b\u0445 \u0432\u0438\u0434\u0435\u043e\u0441\u043b\u043e\u0442\u0430\u0445.\" \/>\n<meta property=\"og:url\" content=\"https:\/\/aviator-slotgame.com\/de\/aviator-spielautomat-vs-traditionelle-video-spielautomaten\/\" \/>\n<meta property=\"og:site_name\" content=\"Aviator\" \/>\n<meta property=\"article:modified_time\" content=\"2024-09-09T10:50:04+00:00\" \/>\n<meta property=\"og:image\" content=\"https:\/\/aviator-slotgame.com\/wp-content\/uploads\/aviator-4-1.png\" \/>\n<meta name=\"twitter:card\" content=\"summary_large_image\" \/>\n<meta name=\"twitter:label1\" content=\"Gesch\u00e4tzte Lesezeit\" \/>\n\t<meta name=\"twitter:data1\" content=\"4\u00a0Minuten\" \/>\n<script type=\"application\/ld+json\" class=\"yoast-schema-graph\">{\"@context\":\"https:\/\/schema.org\",\"@graph\":[{\"@type\":\"WebPage\",\"@id\":\"https:\/\/aviator-slotgame.com\/aviator-slots\/\",\"url\":\"https:\/\/aviator-slotgame.com\/aviator-slots\/\",\"name\":\"\u0410\u0432\u0438\u0430\u0442\u043e\u0440 \u0441\u043b\u043e\u0442\u044b - Aviator\",\"isPartOf\":{\"@id\":\"https:\/\/aviator-slotgame.com\/#website\"},\"datePublished\":\"2024-04-02T16:05:37+00:00\",\"dateModified\":\"2024-09-09T10:50:04+00:00\",\"breadcrumb\":{\"@id\":\"https:\/\/aviator-slotgame.com\/aviator-slots\/#breadcrumb\"},\"inLanguage\":\"de\",\"potentialAction\":[{\"@type\":\"ReadAction\",\"target\":[\"https:\/\/aviator-slotgame.com\/aviator-slots\/\"]}]},{\"@type\":\"BreadcrumbList\",\"@id\":\"https:\/\/aviator-slotgame.com\/aviator-slots\/#breadcrumb\",\"itemListElement\":[{\"@type\":\"ListItem\",\"position\":1,\"name\":\"Home\",\"item\":\"https:\/\/aviator-slotgame.com\/\"},{\"@type\":\"ListItem\",\"position\":2,\"name\":\"\u0410\u0432\u0438\u0430\u0442\u043e\u0440 \u0441\u043b\u043e\u0442\u044b\"}]},{\"@type\":\"WebSite\",\"@id\":\"https:\/\/aviator-slotgame.com\/#website\",\"url\":\"https:\/\/aviator-slotgame.com\/\",\"name\":\"Aviator\",\"description\":\"\",\"publisher\":{\"@id\":\"https:\/\/aviator-slotgame.com\/#organization\"},\"potentialAction\":[{\"@type\":\"SearchAction\",\"target\":{\"@type\":\"EntryPoint\",\"urlTemplate\":\"https:\/\/aviator-slotgame.com\/?s={search_term_string}\"},\"query-input\":\"required name=search_term_string\"}],\"inLanguage\":\"de\"},{\"@type\":\"Organization\",\"@id\":\"https:\/\/aviator-slotgame.com\/#organization\",\"name\":\"Aviator\",\"url\":\"https:\/\/aviator-slotgame.com\/\",\"logo\":{\"@type\":\"ImageObject\",\"inLanguage\":\"de\",\"@id\":\"https:\/\/aviator-slotgame.com\/#\/schema\/logo\/image\/\",\"url\":\"https:\/\/aviator-slotgame.com\/wp-content\/uploads\/16f5e8_dade544d4623411c9c4153c639aae85amv2.webp\",\"contentUrl\":\"https:\/\/aviator-slotgame.com\/wp-content\/uploads\/16f5e8_dade544d4623411c9c4153c639aae85amv2.webp\",\"width\":400,\"height\":300,\"caption\":\"Aviator\"},\"image\":{\"@id\":\"https:\/\/aviator-slotgame.com\/#\/schema\/logo\/image\/\"}}]}<\/script>\n<!-- \/ Yoast SEO plugin. -->","yoast_head_json":{"title":"\u0410\u0432\u0438\u0430\u0442\u043e\u0440 \u0441\u043b\u043e\u0442\u044b - Aviator","robots":{"index":"index","follow":"follow","max-snippet":"max-snippet:-1","max-image-preview":"max-image-preview:large","max-video-preview":"max-video-preview:-1"},"canonical":"https:\/\/aviator-slotgame.com\/de\/aviator-spielautomat-vs-traditionelle-video-spielautomaten\/","og_locale":"de_DE","og_type":"article","og_title":"\u0410\u0432\u0438\u0430\u0442\u043e\u0440 \u0441\u043b\u043e\u0442\u044b - Aviator","og_description":"Aviator \u043e\u0442 Spribe \u2013 \u044d\u0442\u043e \u043d\u0435 \u043e\u0431\u044b\u0447\u043d\u044b\u0439 \u0432\u0438\u0434\u0435\u043e\u0441\u043b\u043e\u0442. \u041e\u043d \u043f\u0440\u0435\u0434\u043b\u0430\u0433\u0430\u0435\u0442 \u0432\u043e\u0437\u043c\u043e\u0436\u043d\u043e\u0441\u0442\u0438 \u0441\u043e\u0446\u0438\u0430\u043b\u044c\u043d\u044b\u0445 \u0438\u0433\u0440, \u043a\u043e\u0442\u043e\u0440\u044b\u0435 \u0432\u044b \u043d\u0435 \u043d\u0430\u0439\u0434\u0435\u0442\u0435 \u0432 \u0442\u0440\u0430\u0434\u0438\u0446\u0438\u043e\u043d\u043d\u044b\u0445 \u0432\u0438\u0434\u0435\u043e\u0441\u043b\u043e\u0442\u0430\u0445.","og_url":"https:\/\/aviator-slotgame.com\/de\/aviator-spielautomat-vs-traditionelle-video-spielautomaten\/","og_site_name":"Aviator","article_modified_time":"2024-09-09T10:50:04+00:00","og_image":[{"url":"https:\/\/aviator-slotgame.com\/wp-content\/uploads\/aviator-4-1.png"}],"twitter_card":"summary_large_image","twitter_misc":{"Gesch\u00e4tzte Lesezeit":"4\u00a0Minuten"},"schema":{"@context":"https:\/\/schema.org","@graph":[{"@type":"WebPage","@id":"https:\/\/aviator-slotgame.com\/aviator-slots\/","url":"https:\/\/aviator-slotgame.com\/aviator-slots\/","name":"\u0410\u0432\u0438\u0430\u0442\u043e\u0440 \u0441\u043b\u043e\u0442\u044b - Aviator","isPartOf":{"@id":"https:\/\/aviator-slotgame.com\/#website"},"datePublished":"2024-04-02T16:05:37+00:00","dateModified":"2024-09-09T10:50:04+00:00","breadcrumb":{"@id":"https:\/\/aviator-slotgame.com\/aviator-slots\/#breadcrumb"},"inLanguage":"de","potentialAction":[{"@type":"ReadAction","target":["https:\/\/aviator-slotgame.com\/aviator-slots\/"]}]},{"@type":"BreadcrumbList","@id":"https:\/\/aviator-slotgame.com\/aviator-slots\/#breadcrumb","itemListElement":[{"@type":"ListItem","position":1,"name":"Home","item":"https:\/\/aviator-slotgame.com\/"},{"@type":"ListItem","position":2,"name":"\u0410\u0432\u0438\u0430\u0442\u043e\u0440 \u0441\u043b\u043e\u0442\u044b"}]},{"@type":"WebSite","@id":"https:\/\/aviator-slotgame.com\/#website","url":"https:\/\/aviator-slotgame.com\/","name":"Aviator","description":"","publisher":{"@id":"https:\/\/aviator-slotgame.com\/#organization"},"potentialAction":[{"@type":"SearchAction","target":{"@type":"EntryPoint","urlTemplate":"https:\/\/aviator-slotgame.com\/?s={search_term_string}"},"query-input":"required name=search_term_string"}],"inLanguage":"de"},{"@type":"Organization","@id":"https:\/\/aviator-slotgame.com\/#organization","name":"Aviator","url":"https:\/\/aviator-slotgame.com\/","logo":{"@type":"ImageObject","inLanguage":"de","@id":"https:\/\/aviator-slotgame.com\/#\/schema\/logo\/image\/","url":"https:\/\/aviator-slotgame.com\/wp-content\/uploads\/16f5e8_dade544d4623411c9c4153c639aae85amv2.webp","contentUrl":"https:\/\/aviator-slotgame.com\/wp-content\/uploads\/16f5e8_dade544d4623411c9c4153c639aae85amv2.webp","width":400,"height":300,"caption":"Aviator"},"image":{"@id":"https:\/\/aviator-slotgame.com\/#\/schema\/logo\/image\/"}}]}},"amp_enabled":true,"_links":{"self":[{"href":"https:\/\/aviator-slotgame.com\/de\/wp-json\/wp\/v2\/pages\/215","targetHints":{"allow":["GET"]}}],"collection":[{"href":"https:\/\/aviator-slotgame.com\/de\/wp-json\/wp\/v2\/pages"}],"about":[{"href":"https:\/\/aviator-slotgame.com\/de\/wp-json\/wp\/v2\/types\/page"}],"author":[{"embeddable":true,"href":"https:\/\/aviator-slotgame.com\/de\/wp-json\/wp\/v2\/users\/1"}],"replies":[{"embeddable":true,"href":"https:\/\/aviator-slotgame.com\/de\/wp-json\/wp\/v2\/comments?post=215"}],"version-history":[{"count":6,"href":"https:\/\/aviator-slotgame.com\/de\/wp-json\/wp\/v2\/pages\/215\/revisions"}],"predecessor-version":[{"id":309,"href":"https:\/\/aviator-slotgame.com\/de\/wp-json\/wp\/v2\/pages\/215\/revisions\/309"}],"wp:attachment":[{"href":"https:\/\/aviator-slotgame.com\/de\/wp-json\/wp\/v2\/media?parent=215"}],"curies":[{"name":"wp","href":"https:\/\/api.w.org\/{rel}","templated":true}]}}