{"id":230,"date":"2024-09-06T08:55:11","date_gmt":"2024-09-06T08:55:11","guid":{"rendered":"https:\/\/aviator-slotgame.com\/?page_id=230"},"modified":"2024-10-03T23:03:12","modified_gmt":"2024-10-03T23:03:12","slug":"strategy-and-tactics","status":"publish","type":"page","link":"https:\/\/aviator-slotgame.com\/de\/strategy-and-tactics\/","title":{"rendered":"Fliegerspielstrategien und -taktiken"},"content":{"rendered":"<div class=\"c8b298c54d5f4864bb6785f1b218d9b6\" data-index=\"1\" style=\"float: none; margin:10px 0 10px 0; text-align:center;\">\n<div class=\"custom-play-button\">\r\n<center><a href=\"https:\/\/aviator-slotgame.com\/de\/play-game\/\" rel=\"nofollow\" target=\"_blank\">Jetzt spielen<\/a><br><\/center>\r\n<\/div>\n<\/div>\n<p><img loading=\"lazy\" decoding=\"async\" class=\"alignnone wp-image-233 size-full\" title=\"Strategien im Spiel Aviator\" src=\"https:\/\/aviator-slotgame.com\/wp-content\/uploads\/Aviator-4-800-x-600-\u043f\u0438\u043a\u0441.jpg\" alt=\"Fliegerspielstrategien und -taktiken\" width=\"800\" height=\"600\" srcset=\"https:\/\/aviator-slotgame.com\/wp-content\/uploads\/Aviator-4-800-x-600-\u043f\u0438\u043a\u0441.jpg 800w, https:\/\/aviator-slotgame.com\/wp-content\/uploads\/Aviator-4-800-x-600-\u043f\u0438\u043a\u0441-300x225.jpg 300w, https:\/\/aviator-slotgame.com\/wp-content\/uploads\/Aviator-4-800-x-600-\u043f\u0438\u043a\u0441-768x576.jpg 768w, https:\/\/aviator-slotgame.com\/wp-content\/uploads\/Aviator-4-800-x-600-\u043f\u0438\u043a\u0441-16x12.jpg 16w\" sizes=\"auto, (max-width: 800px) 100vw, 800px\" \/><\/p>\n<p>Beim Aviator-Crash-Spiel ist es wie bei vielen anderen Gl\u00fccksspielen wichtig, sich daran zu erinnern, dass die Ergebnisse auf Zufall basieren. Es gibt jedoch mehrere Strategien und Taktiken, die Ihnen helfen k\u00f6nnen, Ihre Gewinnchancen zu erh\u00f6hen und Ihr Guthaben zu verwalten. Hier sind einige davon:<\/p>\n<h2>X-Strategie im Spiel Aviator \u2013 Wie man gro\u00dfe Gewinnchancen einf\u00e4ngt<\/h2>\n<p>Die Quintessenz ist, dass Sie versuchen sollten, in einem bestimmten Zeitraum eine bestimmte Quote zu erzielen. Nach der Analyse der Spielstatistiken k\u00f6nnen Sie feststellen, dass bestimmte Quoten mit einer bestimmten H\u00e4ufigkeit fallen. X100 f\u00e4llt mindestens einmal in anderthalb Stunden. Wenn Sie also z\u00e4hlen, wie viel Zeit seit dem letzten R\u00fcckgang dieses Multiplikators vergangen ist, und eine Wette \u00fcber 10$ platzieren, k\u00f6nnen Sie einen gro\u00dfen Gewinn mit nach Hause nehmen.<\/p>\n<p><img loading=\"lazy\" decoding=\"async\" class=\"alignnone size-full wp-image-303\" src=\"https:\/\/aviator-slotgame.com\/wp-content\/uploads\/Aviator-17-800-x-600-\u043f\u0438\u043a\u0441.jpg\" alt=\"Fangen Sie die Gewinnchancen im Aviator-Spiel ein\" width=\"800\" height=\"600\" srcset=\"https:\/\/aviator-slotgame.com\/wp-content\/uploads\/Aviator-17-800-x-600-\u043f\u0438\u043a\u0441.jpg 800w, https:\/\/aviator-slotgame.com\/wp-content\/uploads\/Aviator-17-800-x-600-\u043f\u0438\u043a\u0441-300x225.jpg 300w, https:\/\/aviator-slotgame.com\/wp-content\/uploads\/Aviator-17-800-x-600-\u043f\u0438\u043a\u0441-768x576.jpg 768w, https:\/\/aviator-slotgame.com\/wp-content\/uploads\/Aviator-17-800-x-600-\u043f\u0438\u043a\u0441-16x12.jpg 16w\" sizes=\"auto, (max-width: 800px) 100vw, 800px\" \/><\/p><div class=\"c8b298c54d5f4864bb6785f1b218d9b6\" data-index=\"1\" style=\"float: none; margin:10px 0 10px 0; text-align:center;\">\n<div class=\"custom-play-button\">\r\n<center><a href=\"https:\/\/aviator-slotgame.com\/de\/play-game\/\" rel=\"nofollow\" target=\"_blank\">Jetzt spielen<\/a><br><\/center>\r\n<\/div>\n<\/div>\n\n<h2>Doppelte Wette im Aviator-Spiel \u2013 Reduzieren Sie Risiken und erh\u00f6hen Sie Gewinne<\/h2>\n<p>Die folgenden Taktiken eignen sich f\u00fcr diejenigen, die keine gro\u00dfe Anzahlung leisten k\u00f6nnen oder keinen gro\u00dfen Betrag riskieren m\u00f6chten. Ihr erster Einsatz sollte 10$ betragen, wir sprechen von einer Doppelwette, Sie geben also in einer Runde mindestens 21$ aus. Die automatische Auszahlung ist auf beiden Bildschirmen auf etwa 1,2 eingestellt. Das Flugzeug \u00fcberschreitet diese Marke fast immer. Daraus folgt, dass der Benutzer durch ein langes Spiel definitiv in der Lage sein wird, sein Geld bei Mindesteins\u00e4tzen zu gewinnen.<\/p>\n<p><img loading=\"lazy\" decoding=\"async\" class=\"alignnone size-full wp-image-305\" src=\"https:\/\/aviator-slotgame.com\/wp-content\/uploads\/Aviator-18-800-x-600-\u043f\u0438\u043a\u0441.jpg\" alt=\"Doppelte Wetten im Aviator-Spiel\" width=\"800\" height=\"600\" srcset=\"https:\/\/aviator-slotgame.com\/wp-content\/uploads\/Aviator-18-800-x-600-\u043f\u0438\u043a\u0441.jpg 800w, https:\/\/aviator-slotgame.com\/wp-content\/uploads\/Aviator-18-800-x-600-\u043f\u0438\u043a\u0441-300x225.jpg 300w, https:\/\/aviator-slotgame.com\/wp-content\/uploads\/Aviator-18-800-x-600-\u043f\u0438\u043a\u0441-768x576.jpg 768w, https:\/\/aviator-slotgame.com\/wp-content\/uploads\/Aviator-18-800-x-600-\u043f\u0438\u043a\u0441-16x12.jpg 16w\" sizes=\"auto, (max-width: 800px) 100vw, 800px\" \/><\/p>\n<h2>Bankroll-Management im Aviator-Spiel \u2013 So vermeiden Sie Verluste und halten das Gleichgewicht<\/h2>\n<p>Eine der Schl\u00fcsselstrategien beim Gl\u00fccksspiel besteht darin, sein Guthaben gut zu verwalten. Setzen Sie sich Grenzen daf\u00fcr, wie viel Sie verlieren und gewinnen k\u00f6nnen, und halten Sie sich daran. Dies wird Ihnen helfen, gro\u00dfe Verluste zu vermeiden und Ihr Spielgleichgewicht aufrechtzuerhalten.<\/p>\n<p><img loading=\"lazy\" decoding=\"async\" class=\"alignnone size-full wp-image-307\" src=\"https:\/\/aviator-slotgame.com\/wp-content\/uploads\/Aviator-19-800-x-600-\u043f\u0438\u043a\u0441.jpg\" alt=\"Verwalten Sie Ihr Guthaben im Spiel Aviator\" width=\"800\" height=\"600\" srcset=\"https:\/\/aviator-slotgame.com\/wp-content\/uploads\/Aviator-19-800-x-600-\u043f\u0438\u043a\u0441.jpg 800w, https:\/\/aviator-slotgame.com\/wp-content\/uploads\/Aviator-19-800-x-600-\u043f\u0438\u043a\u0441-300x225.jpg 300w, https:\/\/aviator-slotgame.com\/wp-content\/uploads\/Aviator-19-800-x-600-\u043f\u0438\u043a\u0441-768x576.jpg 768w, https:\/\/aviator-slotgame.com\/wp-content\/uploads\/Aviator-19-800-x-600-\u043f\u0438\u043a\u0441-16x12.jpg 16w\" sizes=\"auto, (max-width: 800px) 100vw, 800px\" \/><\/p>\n<h2>Warum Aviator eines der besten Spiele mit hohem RTP ist<\/h2>\n<p>Versuchen Sie, Spiele mit einem h\u00f6heren RTP (Return to Player) auszuw\u00e4hlen. Das Online-Spiel Aviator geh\u00f6rt zur Liste der Crash-Spiele mit einem hohen RTP-Prozentsatz. Je h\u00f6her der RTP, desto h\u00f6her ist auf lange Sicht die Gewinnwahrscheinlichkeit.<\/p>\n<h2>Spielen mit maximalem Einsatz bei Aviator \u2013 Risiken und Chancen<\/h2>\n<p>Bei manchen Spielen, darunter auch bei Aviator, kann ein maximaler Einsatz Ihre Chancen auf einen gro\u00dfen Gewinn erh\u00f6hen. Denken Sie jedoch daran, dass das Spielen mit dem Maximaleinsatz auch zu schnellen Verlusten f\u00fchren kann. Seien Sie also vorsichtig.<\/p>\n<h2>Verdoppelungsstrategie im Spiel Aviator<\/h2>\n<p>Einige Spieler verwenden eine Verdopplungsstrategie, bei der sie ihren Einsatz nach jeder Niederlage verdoppeln. Diese Taktik birgt Risiken. Gehen Sie daher mit Vorsicht vor.<\/p>\n<h2>Demomodus im Spiel Aviator<\/h2>\n<p>Bevor Sie um echtes Geld spielen, versuchen Sie, im Demomodus zu spielen, um das Spiel, seine Regeln und Funktionen kennenzulernen. Dies wird Ihnen helfen, Ihre eigene Strategie zu entwickeln und sich auf das Spielen um echtes Geld vorzubereiten.<\/p>\n<h2>Empfehlungen und Tipps zum Spiel Aviator<\/h2>\n<p>Nutzen Sie die folgenden Tipps, sie werden Ihnen im Spiel auf jeden Fall helfen:<\/p>\n<ul>\n<li>Nehmen Sie sich die Zeit, sich gr\u00fcndlich mit der Spieltechnik und dem Ablauf von Zahlungen, Auff\u00fcllungen und Boni vertraut zu machen. Wenn Sie die Prinzipien des Spiels und seine Funktionsweise verstehen, werden Ihre zuk\u00fcnftigen Entscheidungen rationaler sein.<\/li>\n<\/ul>\n<ul>\n<li>Variieren Sie Ihre Eins\u00e4tze. Versuchen Sie, Ihre Eins\u00e4tze zu variieren, anstatt jede Runde die gleichen Eins\u00e4tze zu machen. Manchmal ist es besser, gro\u00dfe Eins\u00e4tze zu t\u00e4tigen, um Ihre Gewinnchancen zu erh\u00f6hen, und manchmal ist es besser, kleinere Eins\u00e4tze zu t\u00e4tigen, um Ihre Verluste zu reduzieren.<\/li>\n<\/ul>\n<ul>\n<li>Verwalten Sie Ihr Budget. Es ist sehr wichtig, dass Sie Ihre Finanzen im Spiel verwalten k\u00f6nnen. Setzen Sie sich ein Verlustlimit und halten Sie sich daran. Erlauben Sie sich nicht, mit gro\u00dfen Betr\u00e4gen zu spielen, deren Verlust Sie sich nicht leisten k\u00f6nnen.<\/li>\n<\/ul>\n<ul>\n<li>Spielen Sie klug. Vergessen Sie nicht, dass das Spielen in einem Casino immer mit Risiken verbunden ist. Spielen Sie verantwortungsbewusst und lassen Sie Ihre Entscheidungen nicht von Ihren Emotionen beeinflussen. Denken Sie daran, dass Gl\u00fcck unvorhersehbar sein kann, also verlassen Sie sich nicht allein darauf.<\/li>\n<\/ul>\n<ul>\n<li>Lernen Sie die Spielregeln. Um im Aviator Online Casino und in jedem anderen Casino erfolgreich zu sein, ist es wichtig, die Spielregeln gut zu verstehen. Studieren Sie alle Details und Funktionen des Spiels, um fundierte Entscheidungen zu treffen.<\/li>\n<\/ul>\n<ul>\n<li>Nutzen Sie den Demo-Modus. Wenn Sie neu im Spiel sind oder einfach nur \u00fcben und das Gameplay besser verstehen m\u00f6chten, nutzen Sie den Demomodus, um zu spielen, ohne das Risiko einzugehen, echtes Geld zu verlieren. Dies wird Ihnen helfen, sich mit dem Spiel vertraut zu machen und Ihre Strategie zu entwickeln.<\/li>\n<\/ul>\n<ul>\n<li>Achten Sie auf die Meinungen anderer Spieler. Andere Spieler haben m\u00f6glicherweise bereits effektive Strategien oder Tipps zum Spielen von Aviator gefunden. Lesen Sie die Foren und Diskussionen, um mehr dar\u00fcber zu erfahren und sie auf Ihr Spiel anzuwenden. Und achten Sie \u00f6fter auf den In-Game-Chat!<\/li>\n<\/ul>\n<ul>\n<li>Stellen Sie sicher, dass Sie \u00fcber eine gute Internetverbindung verf\u00fcgen. Bevor Sie mit dem Spielen beginnen, stellen Sie sicher, dass Sie \u00fcber eine stabile Verbindung verf\u00fcgen! Im Falle einer unerwarteten Verbindungsunterbrechung haften die Entwickler nicht f\u00fcr die verlorene Wette.<\/li>\n<\/ul>\n<p>Ich hoffe, dass diese Empfehlungen Ihnen helfen, das Online-Spiel Aviator zu genie\u00dfen und Ihre Erfolgschancen zu erh\u00f6hen.<\/p>\n<p><img loading=\"lazy\" decoding=\"async\" class=\"alignnone size-full wp-image-301\" src=\"https:\/\/aviator-slotgame.com\/wp-content\/uploads\/Aviator-16-800-x-600-\u043f\u0438\u043a\u0441.jpg\" alt=\"Wichtige Tipps zum erfolgreichen Spielen von Aviator\" width=\"800\" height=\"600\" srcset=\"https:\/\/aviator-slotgame.com\/wp-content\/uploads\/Aviator-16-800-x-600-\u043f\u0438\u043a\u0441.jpg 800w, https:\/\/aviator-slotgame.com\/wp-content\/uploads\/Aviator-16-800-x-600-\u043f\u0438\u043a\u0441-300x225.jpg 300w, https:\/\/aviator-slotgame.com\/wp-content\/uploads\/Aviator-16-800-x-600-\u043f\u0438\u043a\u0441-768x576.jpg 768w, https:\/\/aviator-slotgame.com\/wp-content\/uploads\/Aviator-16-800-x-600-\u043f\u0438\u043a\u0441-16x12.jpg 16w\" sizes=\"auto, (max-width: 800px) 100vw, 800px\" \/><\/p>\n\n<div style=\"font-size: 0px; height: 0px; line-height: 0px; margin: 0; padding: 0; clear: both;\"><\/div>","protected":false},"excerpt":{"rendered":"<p>Beim Aviator-Crash-Spiel ist es wie bei vielen anderen Gl\u00fccksspielen wichtig, sich daran zu erinnern, dass die Ergebnisse auf Zufall basieren. Jedoch<\/p>","protected":false},"author":1,"featured_media":0,"parent":0,"menu_order":0,"comment_status":"closed","ping_status":"closed","template":"","meta":{"footnotes":""},"class_list":["post-230","page","type-page","status-publish","hentry"],"yoast_head":"<!-- This site is optimized with the Yoast SEO plugin v22.0 - https:\/\/yoast.com\/wordpress\/plugins\/seo\/ -->\n<title>C\u0442\u0440\u0430\u0442\u0435\u0433\u0438\u0438 \u0438\u0433\u0440\u044b \u0410\u0432\u0438\u0430\u0442\u043e\u0440 \u2014 \u041a\u0430\u043a \u0432\u044b\u0438\u0433\u0440\u044b\u0432\u0430\u0442\u044c \u0434\u0435\u043d\u044c\u0433\u0438 \u0432 \u043a\u0440\u0430\u0448-\u0441\u043b\u043e\u0442<\/title>\n<meta name=\"description\" content=\"\u0418\u0437\u0443\u0447\u0438\u0442\u0435 \u0441\u0442\u0440\u0430\u0442\u0435\u0433\u0438\u0438 \u0438 \u0442\u0430\u043a\u0442\u0438\u043a\u0438 \u0438\u0433\u0440\u044b \u0432 \u0441\u043b\u043e\u0442 \u0410\u0432\u0438\u0430\u0442\u043e\u0440. \u0423\u043f\u0440\u0430\u0432\u043b\u044f\u0439\u0442\u0435 \u0431\u0430\u043d\u043a\u0440\u043e\u043b\u043b\u043e\u043c, \u0438\u0441\u043f\u043e\u043b\u044c\u0437\u0443\u0439\u0442\u0435 \u043a\u043e\u044d\u0444\u0444\u0438\u0446\u0438\u0435\u043d\u0442\u044b \u0438 \u0443\u0432\u0435\u043b\u0438\u0447\u0438\u0432\u0430\u0439\u0442\u0435 \u0448\u0430\u043d\u0441\u044b \u043d\u0430 \u0432\u044b\u0438\u0433\u0440\u044b\u0448 \u0432 \u043a\u0440\u0430\u0448-\u0438\u0433\u0440\u0435 \u043d\u0430 \u0434\u0435\u043d\u044c\u0433\u0438.\" \/>\n<meta name=\"robots\" content=\"index, follow, max-snippet:-1, max-image-preview:large, max-video-preview:-1\" \/>\n<link rel=\"canonical\" href=\"https:\/\/aviator-slotgame.com\/de\/strategy-and-tactics\/\" \/>\n<meta property=\"og:locale\" content=\"de_DE\" \/>\n<meta property=\"og:type\" content=\"article\" \/>\n<meta property=\"og:title\" content=\"C\u0442\u0440\u0430\u0442\u0435\u0433\u0438\u0438 \u0438\u0433\u0440\u044b \u0410\u0432\u0438\u0430\u0442\u043e\u0440 \u2014 \u041a\u0430\u043a \u0432\u044b\u0438\u0433\u0440\u044b\u0432\u0430\u0442\u044c \u0434\u0435\u043d\u044c\u0433\u0438 \u0432 \u043a\u0440\u0430\u0448-\u0441\u043b\u043e\u0442\" \/>\n<meta property=\"og:description\" content=\"\u0418\u0437\u0443\u0447\u0438\u0442\u0435 \u0441\u0442\u0440\u0430\u0442\u0435\u0433\u0438\u0438 \u0438 \u0442\u0430\u043a\u0442\u0438\u043a\u0438 \u0438\u0433\u0440\u044b \u0432 \u0441\u043b\u043e\u0442 \u0410\u0432\u0438\u0430\u0442\u043e\u0440. \u0423\u043f\u0440\u0430\u0432\u043b\u044f\u0439\u0442\u0435 \u0431\u0430\u043d\u043a\u0440\u043e\u043b\u043b\u043e\u043c, \u0438\u0441\u043f\u043e\u043b\u044c\u0437\u0443\u0439\u0442\u0435 \u043a\u043e\u044d\u0444\u0444\u0438\u0446\u0438\u0435\u043d\u0442\u044b \u0438 \u0443\u0432\u0435\u043b\u0438\u0447\u0438\u0432\u0430\u0439\u0442\u0435 \u0448\u0430\u043d\u0441\u044b \u043d\u0430 \u0432\u044b\u0438\u0433\u0440\u044b\u0448 \u0432 \u043a\u0440\u0430\u0448-\u0438\u0433\u0440\u0435 \u043d\u0430 \u0434\u0435\u043d\u044c\u0433\u0438.\" \/>\n<meta property=\"og:url\" content=\"https:\/\/aviator-slotgame.com\/de\/strategy-and-tactics\/\" \/>\n<meta property=\"og:site_name\" content=\"Aviator\" \/>\n<meta property=\"article:modified_time\" content=\"2024-10-03T23:03:12+00:00\" \/>\n<meta name=\"twitter:card\" content=\"summary_large_image\" \/>\n<meta name=\"twitter:label1\" content=\"Gesch\u00e4tzte Lesezeit\" \/>\n\t<meta name=\"twitter:data1\" content=\"4\u00a0Minuten\" \/>\n<script type=\"application\/ld+json\" class=\"yoast-schema-graph\">{\"@context\":\"https:\/\/schema.org\",\"@graph\":[{\"@type\":\"WebPage\",\"@id\":\"https:\/\/aviator-slotgame.com\/strategy-and-tactics\/\",\"url\":\"https:\/\/aviator-slotgame.com\/strategy-and-tactics\/\",\"name\":\"C\u0442\u0440\u0430\u0442\u0435\u0433\u0438\u0438 \u0438\u0433\u0440\u044b \u0410\u0432\u0438\u0430\u0442\u043e\u0440 \u2014 \u041a\u0430\u043a \u0432\u044b\u0438\u0433\u0440\u044b\u0432\u0430\u0442\u044c \u0434\u0435\u043d\u044c\u0433\u0438 \u0432 \u043a\u0440\u0430\u0448-\u0441\u043b\u043e\u0442\",\"isPartOf\":{\"@id\":\"https:\/\/aviator-slotgame.com\/#website\"},\"datePublished\":\"2024-09-06T08:55:11+00:00\",\"dateModified\":\"2024-10-03T23:03:12+00:00\",\"description\":\"\u0418\u0437\u0443\u0447\u0438\u0442\u0435 \u0441\u0442\u0440\u0430\u0442\u0435\u0433\u0438\u0438 \u0438 \u0442\u0430\u043a\u0442\u0438\u043a\u0438 \u0438\u0433\u0440\u044b \u0432 \u0441\u043b\u043e\u0442 \u0410\u0432\u0438\u0430\u0442\u043e\u0440. \u0423\u043f\u0440\u0430\u0432\u043b\u044f\u0439\u0442\u0435 \u0431\u0430\u043d\u043a\u0440\u043e\u043b\u043b\u043e\u043c, \u0438\u0441\u043f\u043e\u043b\u044c\u0437\u0443\u0439\u0442\u0435 \u043a\u043e\u044d\u0444\u0444\u0438\u0446\u0438\u0435\u043d\u0442\u044b \u0438 \u0443\u0432\u0435\u043b\u0438\u0447\u0438\u0432\u0430\u0439\u0442\u0435 \u0448\u0430\u043d\u0441\u044b \u043d\u0430 \u0432\u044b\u0438\u0433\u0440\u044b\u0448 \u0432 \u043a\u0440\u0430\u0448-\u0438\u0433\u0440\u0435 \u043d\u0430 \u0434\u0435\u043d\u044c\u0433\u0438.\",\"breadcrumb\":{\"@id\":\"https:\/\/aviator-slotgame.com\/strategy-and-tactics\/#breadcrumb\"},\"inLanguage\":\"de\",\"potentialAction\":[{\"@type\":\"ReadAction\",\"target\":[\"https:\/\/aviator-slotgame.com\/strategy-and-tactics\/\"]}]},{\"@type\":\"BreadcrumbList\",\"@id\":\"https:\/\/aviator-slotgame.com\/strategy-and-tactics\/#breadcrumb\",\"itemListElement\":[{\"@type\":\"ListItem\",\"position\":1,\"name\":\"Home\",\"item\":\"https:\/\/aviator-slotgame.com\/\"},{\"@type\":\"ListItem\",\"position\":2,\"name\":\"\u0421\u0442\u0440\u0430\u0442\u0435\u0433\u0438\u0438 \u0438 \u0442\u0430\u043a\u0442\u0438\u043a\u0438 \u0438\u0433\u0440\u044b Aviator\"}]},{\"@type\":\"WebSite\",\"@id\":\"https:\/\/aviator-slotgame.com\/#website\",\"url\":\"https:\/\/aviator-slotgame.com\/\",\"name\":\"Aviator\",\"description\":\"\",\"publisher\":{\"@id\":\"https:\/\/aviator-slotgame.com\/#organization\"},\"potentialAction\":[{\"@type\":\"SearchAction\",\"target\":{\"@type\":\"EntryPoint\",\"urlTemplate\":\"https:\/\/aviator-slotgame.com\/?s={search_term_string}\"},\"query-input\":\"required name=search_term_string\"}],\"inLanguage\":\"de\"},{\"@type\":\"Organization\",\"@id\":\"https:\/\/aviator-slotgame.com\/#organization\",\"name\":\"Aviator\",\"url\":\"https:\/\/aviator-slotgame.com\/\",\"logo\":{\"@type\":\"ImageObject\",\"inLanguage\":\"de\",\"@id\":\"https:\/\/aviator-slotgame.com\/#\/schema\/logo\/image\/\",\"url\":\"https:\/\/aviator-slotgame.com\/wp-content\/uploads\/16f5e8_dade544d4623411c9c4153c639aae85amv2.webp\",\"contentUrl\":\"https:\/\/aviator-slotgame.com\/wp-content\/uploads\/16f5e8_dade544d4623411c9c4153c639aae85amv2.webp\",\"width\":400,\"height\":300,\"caption\":\"Aviator\"},\"image\":{\"@id\":\"https:\/\/aviator-slotgame.com\/#\/schema\/logo\/image\/\"}}]}<\/script>\n<!-- \/ Yoast SEO plugin. -->","yoast_head_json":{"title":"C\u0442\u0440\u0430\u0442\u0435\u0433\u0438\u0438 \u0438\u0433\u0440\u044b \u0410\u0432\u0438\u0430\u0442\u043e\u0440 \u2014 \u041a\u0430\u043a \u0432\u044b\u0438\u0433\u0440\u044b\u0432\u0430\u0442\u044c \u0434\u0435\u043d\u044c\u0433\u0438 \u0432 \u043a\u0440\u0430\u0448-\u0441\u043b\u043e\u0442","description":"\u0418\u0437\u0443\u0447\u0438\u0442\u0435 \u0441\u0442\u0440\u0430\u0442\u0435\u0433\u0438\u0438 \u0438 \u0442\u0430\u043a\u0442\u0438\u043a\u0438 \u0438\u0433\u0440\u044b \u0432 \u0441\u043b\u043e\u0442 \u0410\u0432\u0438\u0430\u0442\u043e\u0440. \u0423\u043f\u0440\u0430\u0432\u043b\u044f\u0439\u0442\u0435 \u0431\u0430\u043d\u043a\u0440\u043e\u043b\u043b\u043e\u043c, \u0438\u0441\u043f\u043e\u043b\u044c\u0437\u0443\u0439\u0442\u0435 \u043a\u043e\u044d\u0444\u0444\u0438\u0446\u0438\u0435\u043d\u0442\u044b \u0438 \u0443\u0432\u0435\u043b\u0438\u0447\u0438\u0432\u0430\u0439\u0442\u0435 \u0448\u0430\u043d\u0441\u044b \u043d\u0430 \u0432\u044b\u0438\u0433\u0440\u044b\u0448 \u0432 \u043a\u0440\u0430\u0448-\u0438\u0433\u0440\u0435 \u043d\u0430 \u0434\u0435\u043d\u044c\u0433\u0438.","robots":{"index":"index","follow":"follow","max-snippet":"max-snippet:-1","max-image-preview":"max-image-preview:large","max-video-preview":"max-video-preview:-1"},"canonical":"https:\/\/aviator-slotgame.com\/de\/strategy-and-tactics\/","og_locale":"de_DE","og_type":"article","og_title":"C\u0442\u0440\u0430\u0442\u0435\u0433\u0438\u0438 \u0438\u0433\u0440\u044b \u0410\u0432\u0438\u0430\u0442\u043e\u0440 \u2014 \u041a\u0430\u043a \u0432\u044b\u0438\u0433\u0440\u044b\u0432\u0430\u0442\u044c \u0434\u0435\u043d\u044c\u0433\u0438 \u0432 \u043a\u0440\u0430\u0448-\u0441\u043b\u043e\u0442","og_description":"\u0418\u0437\u0443\u0447\u0438\u0442\u0435 \u0441\u0442\u0440\u0430\u0442\u0435\u0433\u0438\u0438 \u0438 \u0442\u0430\u043a\u0442\u0438\u043a\u0438 \u0438\u0433\u0440\u044b \u0432 \u0441\u043b\u043e\u0442 \u0410\u0432\u0438\u0430\u0442\u043e\u0440. \u0423\u043f\u0440\u0430\u0432\u043b\u044f\u0439\u0442\u0435 \u0431\u0430\u043d\u043a\u0440\u043e\u043b\u043b\u043e\u043c, \u0438\u0441\u043f\u043e\u043b\u044c\u0437\u0443\u0439\u0442\u0435 \u043a\u043e\u044d\u0444\u0444\u0438\u0446\u0438\u0435\u043d\u0442\u044b \u0438 \u0443\u0432\u0435\u043b\u0438\u0447\u0438\u0432\u0430\u0439\u0442\u0435 \u0448\u0430\u043d\u0441\u044b \u043d\u0430 \u0432\u044b\u0438\u0433\u0440\u044b\u0448 \u0432 \u043a\u0440\u0430\u0448-\u0438\u0433\u0440\u0435 \u043d\u0430 \u0434\u0435\u043d\u044c\u0433\u0438.","og_url":"https:\/\/aviator-slotgame.com\/de\/strategy-and-tactics\/","og_site_name":"Aviator","article_modified_time":"2024-10-03T23:03:12+00:00","twitter_card":"summary_large_image","twitter_misc":{"Gesch\u00e4tzte Lesezeit":"4\u00a0Minuten"},"schema":{"@context":"https:\/\/schema.org","@graph":[{"@type":"WebPage","@id":"https:\/\/aviator-slotgame.com\/strategy-and-tactics\/","url":"https:\/\/aviator-slotgame.com\/strategy-and-tactics\/","name":"C\u0442\u0440\u0430\u0442\u0435\u0433\u0438\u0438 \u0438\u0433\u0440\u044b \u0410\u0432\u0438\u0430\u0442\u043e\u0440 \u2014 \u041a\u0430\u043a \u0432\u044b\u0438\u0433\u0440\u044b\u0432\u0430\u0442\u044c \u0434\u0435\u043d\u044c\u0433\u0438 \u0432 \u043a\u0440\u0430\u0448-\u0441\u043b\u043e\u0442","isPartOf":{"@id":"https:\/\/aviator-slotgame.com\/#website"},"datePublished":"2024-09-06T08:55:11+00:00","dateModified":"2024-10-03T23:03:12+00:00","description":"\u0418\u0437\u0443\u0447\u0438\u0442\u0435 \u0441\u0442\u0440\u0430\u0442\u0435\u0433\u0438\u0438 \u0438 \u0442\u0430\u043a\u0442\u0438\u043a\u0438 \u0438\u0433\u0440\u044b \u0432 \u0441\u043b\u043e\u0442 \u0410\u0432\u0438\u0430\u0442\u043e\u0440. \u0423\u043f\u0440\u0430\u0432\u043b\u044f\u0439\u0442\u0435 \u0431\u0430\u043d\u043a\u0440\u043e\u043b\u043b\u043e\u043c, \u0438\u0441\u043f\u043e\u043b\u044c\u0437\u0443\u0439\u0442\u0435 \u043a\u043e\u044d\u0444\u0444\u0438\u0446\u0438\u0435\u043d\u0442\u044b \u0438 \u0443\u0432\u0435\u043b\u0438\u0447\u0438\u0432\u0430\u0439\u0442\u0435 \u0448\u0430\u043d\u0441\u044b \u043d\u0430 \u0432\u044b\u0438\u0433\u0440\u044b\u0448 \u0432 \u043a\u0440\u0430\u0448-\u0438\u0433\u0440\u0435 \u043d\u0430 \u0434\u0435\u043d\u044c\u0433\u0438.","breadcrumb":{"@id":"https:\/\/aviator-slotgame.com\/strategy-and-tactics\/#breadcrumb"},"inLanguage":"de","potentialAction":[{"@type":"ReadAction","target":["https:\/\/aviator-slotgame.com\/strategy-and-tactics\/"]}]},{"@type":"BreadcrumbList","@id":"https:\/\/aviator-slotgame.com\/strategy-and-tactics\/#breadcrumb","itemListElement":[{"@type":"ListItem","position":1,"name":"Home","item":"https:\/\/aviator-slotgame.com\/"},{"@type":"ListItem","position":2,"name":"\u0421\u0442\u0440\u0430\u0442\u0435\u0433\u0438\u0438 \u0438 \u0442\u0430\u043a\u0442\u0438\u043a\u0438 \u0438\u0433\u0440\u044b Aviator"}]},{"@type":"WebSite","@id":"https:\/\/aviator-slotgame.com\/#website","url":"https:\/\/aviator-slotgame.com\/","name":"Aviator","description":"","publisher":{"@id":"https:\/\/aviator-slotgame.com\/#organization"},"potentialAction":[{"@type":"SearchAction","target":{"@type":"EntryPoint","urlTemplate":"https:\/\/aviator-slotgame.com\/?s={search_term_string}"},"query-input":"required name=search_term_string"}],"inLanguage":"de"},{"@type":"Organization","@id":"https:\/\/aviator-slotgame.com\/#organization","name":"Aviator","url":"https:\/\/aviator-slotgame.com\/","logo":{"@type":"ImageObject","inLanguage":"de","@id":"https:\/\/aviator-slotgame.com\/#\/schema\/logo\/image\/","url":"https:\/\/aviator-slotgame.com\/wp-content\/uploads\/16f5e8_dade544d4623411c9c4153c639aae85amv2.webp","contentUrl":"https:\/\/aviator-slotgame.com\/wp-content\/uploads\/16f5e8_dade544d4623411c9c4153c639aae85amv2.webp","width":400,"height":300,"caption":"Aviator"},"image":{"@id":"https:\/\/aviator-slotgame.com\/#\/schema\/logo\/image\/"}}]}},"amp_enabled":true,"_links":{"self":[{"href":"https:\/\/aviator-slotgame.com\/de\/wp-json\/wp\/v2\/pages\/230","targetHints":{"allow":["GET"]}}],"collection":[{"href":"https:\/\/aviator-slotgame.com\/de\/wp-json\/wp\/v2\/pages"}],"about":[{"href":"https:\/\/aviator-slotgame.com\/de\/wp-json\/wp\/v2\/types\/page"}],"author":[{"embeddable":true,"href":"https:\/\/aviator-slotgame.com\/de\/wp-json\/wp\/v2\/users\/1"}],"replies":[{"embeddable":true,"href":"https:\/\/aviator-slotgame.com\/de\/wp-json\/wp\/v2\/comments?post=230"}],"version-history":[{"count":14,"href":"https:\/\/aviator-slotgame.com\/de\/wp-json\/wp\/v2\/pages\/230\/revisions"}],"predecessor-version":[{"id":410,"href":"https:\/\/aviator-slotgame.com\/de\/wp-json\/wp\/v2\/pages\/230\/revisions\/410"}],"wp:attachment":[{"href":"https:\/\/aviator-slotgame.com\/de\/wp-json\/wp\/v2\/media?parent=230"}],"curies":[{"name":"wp","href":"https:\/\/api.w.org\/{rel}","templated":true}]}}