{"id":26,"date":"2024-01-31T12:57:07","date_gmt":"2024-01-31T12:57:07","guid":{"rendered":"https:\/\/aviator-slotgame.com\/?page_id=26"},"modified":"2024-10-03T23:16:00","modified_gmt":"2024-10-03T23:16:00","slug":"play-for-free","status":"publish","type":"page","link":"https:\/\/aviator-slotgame.com\/de\/wie-man-die-aviator-demo-kostenlos-spielt\/","title":{"rendered":"So spielen Sie die Aviator-Demo kostenlos"},"content":{"rendered":"<div class=\"c8b298c54d5f4864bb6785f1b218d9b6\" data-index=\"1\" style=\"float: none; margin:10px 0 10px 0; text-align:center;\">\n<div class=\"custom-play-button\">\r\n<center><a href=\"https:\/\/aviator-slotgame.com\/de\/play-game\/\" rel=\"nofollow\" target=\"_blank\">Jetzt spielen<\/a><br><\/center>\r\n<\/div>\n<\/div>\n<p>Das Aviator-Spiel von Spribe ist ein neues und aufregendes Casinospiel, das es den Spielern erm\u00f6glicht, den Nervenkitzel des Gewinnens zu erleben, w\u00e4hrend sie hochfliegen. Die Demoversion des Spiels bietet Spielern die M\u00f6glichkeit, das Spiel kostenlos auszuprobieren, w\u00e4hrend die Vollversion auf vielen Top-Casinoseiten verf\u00fcgbar ist. Die kostenlose Aviator-Demo ist eine gro\u00dfartige M\u00f6glichkeit, das Spiel zu erlernen, bevor Sie Geld f\u00fcr die Vollversion ausgeben, und es ist eine unterhaltsame M\u00f6glichkeit, Zeit online zu verbringen, ohne Geld auszugeben.<\/p>\n<p>Dazu m\u00fcssen Sie auf die offizielle Aviator-Website gehen und den Demo-Spielmodus ausw\u00e4hlen. In der Demoversion k\u00f6nnen Sie spielen, ohne echtes Geld einsetzen zu m\u00fcssen, und einfach das Gameplay genie\u00dfen.<\/p>\n<p><img loading=\"lazy\" decoding=\"async\" title=\"Spielen Sie die Aviator-Demo\" src=\"https:\/\/aviator-slotgame.com\/wp-content\/uploads\/aviator-3.png\" alt=\"So spielen Sie die Aviator-Demo kostenlos\" width=\"800\" height=\"445\" \/><\/p>\n<h2>Hauptmerkmale<\/h2>\n<p>Die Demoversion f\u00fchrt Sie in mehrere wichtige Spielmechaniken ein. Wenn Sie zun\u00e4chst kostenlos \u00fcben, verstehen Sie besser, wie das Spiel funktioniert, und k\u00f6nnen Ihre Gewinne maximieren, wenn Sie um echtes Geld spielen. Die Aviator-Demo ist auch eine gro\u00dfartige M\u00f6glichkeit, ein wenig Spa\u00df zu haben, ohne Bargeld oder Credits auszugeben.<\/p><div class=\"c8b298c54d5f4864bb6785f1b218d9b6\" data-index=\"1\" style=\"float: none; margin:10px 0 10px 0; text-align:center;\">\n<div class=\"custom-play-button\">\r\n<center><a href=\"https:\/\/aviator-slotgame.com\/de\/play-game\/\" rel=\"nofollow\" target=\"_blank\">Jetzt spielen<\/a><br><\/center>\r\n<\/div>\n<\/div>\n\n<h3>Double-Down-Tasten<\/h3>\n<p>Diese Schaltfl\u00e4chen geben Ihnen die M\u00f6glichkeit, Ihren Einsatz zu verdoppeln, wenn die Chancen zu Ihren Gunsten stehen. Dies kann Ihren Gewinn erh\u00f6hen, erh\u00f6ht aber auch den Risikofaktor.<\/p>\n<p>Wir empfehlen, die Verwendung beider Schaltfl\u00e4chen in der Demoversion zu \u00fcben, bevor Sie echte Site-Credits riskieren. Das Aviator-Flugzeug kann in der Zeit wegfliegen, die Sie ben\u00f6tigen, um den 2. Knopf zu dr\u00fccken. Die besten Aviator-Spieler k\u00f6nnen sich beide Wetten innerhalb einer Sekunde auszahlen lassen.<\/p>\n<h3>Bestenliste<\/h3>\n<p>Diese Funktion gibt Ihnen in Echtzeit eine Vorstellung davon, wie gut Ihre Wetten im Vergleich zu denen anderer Spieler abschneiden! Dies ist eine gro\u00dfartige M\u00f6glichkeit, motiviert zu bleiben, wenn Sie zum eigentlichen Spiel kommen. In der Demo werden diese Spieler simuliert, aber Sie k\u00f6nnen sich ein Bild davon machen, worauf Sie achten m\u00fcssen.<\/p>\n<h3>Wett- und Gewinnlimits<\/h3>\n<p>Die Aviator-Demo ist ein guter Ort, um herauszufinden, welche H\u00f6chst- und Mindesteins\u00e4tze Sie machen k\u00f6nnen und wie viel Geld Ihnen das Gl\u00fcck bringt. Diese Informationen sind aus zwei Gr\u00fcnden \u00e4u\u00dferst wichtig. Erstens werden Sie in der Lage sein, die Grenzen Ihres Spiels zu kennen und diese nicht zu \u00fcberschreiten, wenn Sie die Vollversion spielen. Zweitens k\u00f6nnen Sie wissen, was Sie erwartet, wenn der Multiplikator zu steigen beginnt.<\/p>\n<table>\n<tbody>\n<tr>\n<td><strong>SPIELGRENZEN<\/strong><\/td>\n<\/tr>\n<tr>\n<td><strong>Mindestgebot<\/strong><\/td>\n<td>0.10<\/td>\n<\/tr>\n<tr>\n<td><strong>Maximaler Einsatz<\/strong><\/td>\n<td>100<\/td>\n<\/tr>\n<tr>\n<td><strong>Maximaler Gewinn<\/strong><\/td>\n<td>10,000<\/td>\n<\/tr>\n<\/tbody>\n<\/table>\n<p><img loading=\"lazy\" decoding=\"async\" src=\"https:\/\/aviator-slotgame.com\/wp-content\/uploads\/Aviator-12-800-x-600-\u043f\u0438\u043a\u0441.jpg\" alt=\"Wetten und Gewinne\" width=\"800\" height=\"600\" \/><\/p>\n<h3>Automatisches Abspielen<\/h3>\n<p>Autoplay platziert automatisch Wetten und zahlt Geld in Ihrem Namen gem\u00e4\u00df den von Ihnen festgelegten Einstellungen aus. So k\u00f6nnen Sie sich zur\u00fccklehnen und entspannen, w\u00e4hrend das Aviator-Spiel die Arbeit f\u00fcr Sie erledigt. Zum Spa\u00df und zum \u00dcben bietet das Spiel den Spielern die M\u00f6glichkeit, verschiedene Kombinationen von Einstellungen auszuprobieren.<\/p>\n<p>Die folgenden Autoplay-Optionen sind in der Demoversion von Aviator verf\u00fcgbar:<\/p>\n<ul>\n<li>Bargeldreduzierungslimit<\/li>\n<li>Gewinnlimit<\/li>\n<li>Limit pro Gewinn<\/li>\n<li>Barauszahlungsmultiplikator<\/li>\n<\/ul>\n<p><img loading=\"lazy\" decoding=\"async\" src=\"https:\/\/aviator-slotgame.com\/wp-content\/uploads\/Aviator-15-800-x-600-\u043f\u0438\u043a\u0441.jpg\" alt=\"Autoplay in Aviator\" width=\"800\" height=\"600\" \/><\/p>\n<h2>Funktionen, die in der Demoversion nicht enthalten sind<\/h2>\n<p>Der Aviator-Demo fehlt eine wichtige Funktion. Es l\u00e4sst sich einfach nicht modellieren.<\/p>\n<h3>Spieler chatten<\/h3>\n<p>In der Vollversion von Aviator k\u00f6nnen Spieler auf das Chat-System im Spiel zugreifen, um Strategien zu besprechen, Multiplikatoren zu missbrauchen, Tipps und Tricks auszutauschen, mit j\u00fcngsten gro\u00dfen Gewinnen zu prahlen und miteinander zu chatten. Diese Funktion ist in der Demoversion nicht verf\u00fcgbar.<\/p>\n<p>M\u00f6glicherweise k\u00f6nnen Sie die Kommunikation mit anderen Spielern nicht \u00fcben, aber es ist einer der wichtigsten Aspekte eines Live-Spiels. Dies ist eine gro\u00dfartige M\u00f6glichkeit, Beziehungen zu anderen Spielern aufzubauen und mehr \u00fcber das Spiel zu erfahren.<\/p>\n<h2>Kostenlose Demo von Aviator im Vergleich zum eigentlichen Spiel<\/h2>\n<p>Die Aviator-Demo ist eine kostenlose Version des Spiels, mit der Sie verschiedene Strategien \u00fcben und ausprobieren k\u00f6nnen. Die Demoversion enth\u00e4lt alle in der Vollversion verf\u00fcgbaren Funktionen, jedoch mit einigen Einschr\u00e4nkungen. In der Demoversion von Aviator k\u00f6nnen Sie beispielsweise kein echtes Geld verdienen oder Preise gewinnen. Wenn Sie jedoch gerne die Demoversion spielen und mehr von diesem spannenden Spiel erleben m\u00f6chten, k\u00f6nnen Sie jederzeit mit echtem Geld weiterspielen.<\/p>\n<p>Die Demoversion von Aviator enth\u00e4lt mehrere Tutorials und Tipps, die Ihnen helfen, effizienter zu spielen. Sie helfen Ihnen dabei, Ihr gesamtes Spielerlebnis zu verbessern, indem sie neuen Spielern leicht verst\u00e4ndliche Anleitungen bieten und neue Techniken vermitteln. Sie k\u00f6nnen auch die aus diesen Runden generierten RNG-Daten (Random Number Generator) anzeigen, um sich mit der Kryptotechnologie von Spribe besser vertraut zu machen.<\/p>\n<table>\n<tbody>\n<tr>\n<td><strong>AVIATOR-DEMO<\/strong><\/td>\n<td><strong>LIVE-SPIEL \u201eAVIATOR\u201c<\/strong><\/td>\n<\/tr>\n<tr>\n<td>Kostenlos spielen<\/td>\n<td>Website-Kredit erforderlich<\/td>\n<\/tr>\n<tr>\n<td>Kein Live-Chat<\/td>\n<td>Chat f\u00fcr alle Spieler<\/td>\n<\/tr>\n<tr>\n<td>Keine Gewinne<\/td>\n<td>Der Gewinn h\u00e4ngt vom Multiplikator ab<\/td>\n<\/tr>\n<tr>\n<td>Sie k\u00f6nnen auf der offiziellen Spribe-Website spielen<\/td>\n<td>Nur in lizenzierten Online-Casinos verf\u00fcgbar<\/td>\n<\/tr>\n<tr>\n<td>Simulierte Spieler auf der Bestenliste<\/td>\n<td>Echte Spieler platzieren Wetten<\/td>\n<\/tr>\n<\/tbody>\n<\/table>\n<p>Indem Sie zuerst die Aviator-Demo spielen, k\u00f6nnen Sie Ihre F\u00e4higkeiten verbessern, bevor Sie gegen andere Spieler antreten und vielleicht wirklich gewinnen!<\/p>\n<p><img loading=\"lazy\" decoding=\"async\" src=\"https:\/\/aviator-slotgame.com\/wp-content\/uploads\/Aviator-11-800-x-600-\u043f\u0438\u043a\u0441.jpg\" alt=\"Demoversion in Aviator\" width=\"800\" height=\"600\" \/><\/p>\n<h2>Demoversion des Spiels Aviator<\/h2>\n<p>Warum empfiehlt jeder, sich zun\u00e4chst mit der Demoversion des Spiels Aviator vertraut zu machen?<\/p>\n<ol>\n<li><strong>Einf\u00fchrung in das Spiel:<\/strong> Die kostenlose Version des Aviator-Spiels hilft Spielern, sich mit dem Gameplay, den Spielregeln und den Slot-Funktionen vertraut zu machen, ohne ihr Geld zu riskieren.<\/li>\n<li><strong>\u00dcben:<\/strong> Durch das Spielen der kostenlosen Version k\u00f6nnen Spieler ihre F\u00e4higkeiten \u00fcben und verfeinern, bevor sie um echtes Geld spielen.<\/li>\n<li><strong>Zinsfaktor:<\/strong> Durch das Spielen der kostenlosen Version k\u00f6nnen Sie beurteilen, wie interessant und aufregend das Spiel ist, was Ihnen bei der Entscheidung helfen wird, ob Sie weiter um echtes Geld spielen m\u00f6chten.<\/li>\n<li><strong>Nichtfinanzielle Risiken:<\/strong> Die kostenlose Version eliminiert finanzielle Risiken f\u00fcr den Spieler, da die Wetten auf virtuelles Geld gesetzt werden, sodass Sie das Spiel stressfrei genie\u00dfen k\u00f6nnen.<\/li>\n<li><strong>Unterhaltung:<\/strong> Das Spielen der kostenlosen Version von Aviator kann eine gro\u00dfartige M\u00f6glichkeit sein, Spa\u00df zu haben und sich die Zeit zu vertreiben, ohne daf\u00fcr Geld investieren zu m\u00fcssen.<\/li>\n<\/ol>\n<p><img loading=\"lazy\" decoding=\"async\" src=\"https:\/\/aviator-slotgame.com\/wp-content\/uploads\/Aviator-30-800-x-600-\u043f\u0438\u043a\u0441.jpg\" alt=\"Demospiel Aviator\" width=\"800\" height=\"600\" \/><\/p>\n<h2>Wo finde ich eine Demoversion des Spiels Aviator?<\/h2>\n<p>Hier finden Sie eine detaillierte Anleitung, wie Sie eine Demoversion des Online-Spiels Aviator finden:<\/p>\n<ol>\n<li>\u00d6ffnen Sie den Internetbrowser auf Ihrem Ger\u00e4t und gehen Sie zur offiziellen Website des Casinos, in dem Sie spielen m\u00f6chten.<\/li>\n<li>Wenn Sie bereits ein Konto auf der Website haben, melden Sie sich mit Ihren Zugangsdaten an. Wenn Sie noch kein Konto haben, registrieren Sie sich auf der Casino-Website.<\/li>\n<li>Suchen Sie nach dem Betreten der Website den Abschnitt mit Crash-Spielen oder verwenden Sie die Suchleiste. Normalerweise werden Demoversionen von Spielen im Abschnitt \u201eSpiele\u201c bereitgestellt.<\/li>\n<li>Suchen Sie unter den angezeigten Optionen das Aviator-Spiel und klicken Sie darauf.<\/li>\n<li>In den Spielinformationen finden Sie normalerweise eine Schaltfl\u00e4che \u201eSpielen\u201c oder \u201eDemo\u201c. Klicken Sie auf diese Schaltfl\u00e4che, um den Demomodus des Aviator-Spiels zu starten.<\/li>\n<li>Die Demoversion des Spiels wird heruntergeladen und Sie k\u00f6nnen mit dem Spielen beginnen, ohne echtes Geld einsetzen zu m\u00fcssen. Im Demo-Modus verwenden Sie vom Casino bereitgestelltes virtuelles Geld, um das Aviator-Crash-Spiel zu spielen.<\/li>\n<\/ol>\n<p>Wenn Sie diese Schritte befolgen, k\u00f6nnen Sie die Demoversion des Aviator-Spiels ganz einfach auf der offiziellen Website des Casinos finden und spielen<\/p>\n<p><img loading=\"lazy\" decoding=\"async\" src=\"https:\/\/aviator-slotgame.com\/wp-content\/uploads\/Aviator-31-800-x-600-\u043f\u0438\u043a\u0441.jpg\" alt=\"Finden Sie das Demospiel Aviator\" width=\"800\" height=\"600\" \/><\/p>\n\n<div style=\"font-size: 0px; height: 0px; line-height: 0px; margin: 0; padding: 0; clear: both;\"><\/div>","protected":false},"excerpt":{"rendered":"<p>Spribes Aviator ist ein neues und aufregendes Casinospiel, bei dem Spieler den Nervenkitzel des Gewinnens erleben k\u00f6nnen<\/p>","protected":false},"author":1,"featured_media":0,"parent":0,"menu_order":0,"comment_status":"closed","ping_status":"closed","template":"","meta":{"footnotes":""},"class_list":["post-26","page","type-page","status-publish","hentry"],"yoast_head":"<!-- This site is optimized with the Yoast SEO plugin v22.0 - https:\/\/yoast.com\/wordpress\/plugins\/seo\/ -->\n<title>\u0414\u0435\u043c\u043e-\u0432\u0435\u0440\u0441\u0438\u044f \u0438\u0433\u0440\u044b \u0410\u0432\u0438\u0430\u0442\u043e\u0440 \u2014 \u0418\u0433\u0440\u0430\u0439\u0442\u0435 \u0432 \u043a\u0440\u0430\u0448-\u0441\u043b\u043e\u0442 \u0431\u0435\u0441\u043f\u043b\u0430\u0442\u043d\u043e<\/title>\n<meta name=\"description\" content=\"\u0418\u0433\u0440\u0430\u0439 \u0432 \u0434\u0435\u043c\u043e-\u0432\u0435\u0440\u0441\u0438\u044e \u0410\u0432\u0438\u0430\u0442\u043e\u0440 \u0431\u0435\u0441\u043f\u043b\u0430\u0442\u043d\u043e. \u0422\u0440\u0435\u043d\u0438\u0440\u0443\u0439\u0441\u044f \u0431\u0435\u0437 \u0434\u0435\u043d\u0435\u0433 \u0432 \u043a\u0440\u0430\u0448-\u0441\u043b\u043e\u0442\u0435 \u043e\u0442 Spribe \u043f\u0435\u0440\u0435\u0434 \u0438\u0433\u0440\u043e\u0439 \u043d\u0430 \u0440\u0435\u0430\u043b\u044c\u043d\u044b\u0435 \u0434\u0435\u043d\u044c\u0433\u0438 \u0432 \u043e\u043d\u043b\u0430\u0439\u043d \u043a\u0430\u0437\u0438\u043d\u043e.\" \/>\n<meta name=\"robots\" content=\"index, follow, max-snippet:-1, max-image-preview:large, max-video-preview:-1\" \/>\n<link rel=\"canonical\" href=\"https:\/\/aviator-slotgame.com\/de\/wie-man-die-aviator-demo-kostenlos-spielt\/\" \/>\n<meta property=\"og:locale\" content=\"de_DE\" \/>\n<meta property=\"og:type\" content=\"article\" \/>\n<meta property=\"og:title\" content=\"\u0414\u0435\u043c\u043e-\u0432\u0435\u0440\u0441\u0438\u044f \u0438\u0433\u0440\u044b \u0410\u0432\u0438\u0430\u0442\u043e\u0440 \u2014 \u0418\u0433\u0440\u0430\u0439\u0442\u0435 \u0432 \u043a\u0440\u0430\u0448-\u0441\u043b\u043e\u0442 \u0431\u0435\u0441\u043f\u043b\u0430\u0442\u043d\u043e\" \/>\n<meta property=\"og:description\" content=\"\u0418\u0433\u0440\u0430\u0439 \u0432 \u0434\u0435\u043c\u043e-\u0432\u0435\u0440\u0441\u0438\u044e \u0410\u0432\u0438\u0430\u0442\u043e\u0440 \u0431\u0435\u0441\u043f\u043b\u0430\u0442\u043d\u043e. \u0422\u0440\u0435\u043d\u0438\u0440\u0443\u0439\u0441\u044f \u0431\u0435\u0437 \u0434\u0435\u043d\u0435\u0433 \u0432 \u043a\u0440\u0430\u0448-\u0441\u043b\u043e\u0442\u0435 \u043e\u0442 Spribe \u043f\u0435\u0440\u0435\u0434 \u0438\u0433\u0440\u043e\u0439 \u043d\u0430 \u0440\u0435\u0430\u043b\u044c\u043d\u044b\u0435 \u0434\u0435\u043d\u044c\u0433\u0438 \u0432 \u043e\u043d\u043b\u0430\u0439\u043d \u043a\u0430\u0437\u0438\u043d\u043e.\" \/>\n<meta property=\"og:url\" content=\"https:\/\/aviator-slotgame.com\/de\/wie-man-die-aviator-demo-kostenlos-spielt\/\" \/>\n<meta property=\"og:site_name\" content=\"Aviator\" \/>\n<meta property=\"article:modified_time\" content=\"2024-10-03T23:16:00+00:00\" \/>\n<meta property=\"og:image\" content=\"https:\/\/aviator-slotgame.com\/wp-content\/uploads\/aviator-3.png\" \/>\n<meta name=\"twitter:card\" content=\"summary_large_image\" \/>\n<meta name=\"twitter:label1\" content=\"Gesch\u00e4tzte Lesezeit\" \/>\n\t<meta name=\"twitter:data1\" content=\"6\u00a0Minuten\" \/>\n<script type=\"application\/ld+json\" class=\"yoast-schema-graph\">{\"@context\":\"https:\/\/schema.org\",\"@graph\":[{\"@type\":\"WebPage\",\"@id\":\"https:\/\/aviator-slotgame.com\/play-for-free\/\",\"url\":\"https:\/\/aviator-slotgame.com\/play-for-free\/\",\"name\":\"\u0414\u0435\u043c\u043e-\u0432\u0435\u0440\u0441\u0438\u044f \u0438\u0433\u0440\u044b \u0410\u0432\u0438\u0430\u0442\u043e\u0440 \u2014 \u0418\u0433\u0440\u0430\u0439\u0442\u0435 \u0432 \u043a\u0440\u0430\u0448-\u0441\u043b\u043e\u0442 \u0431\u0435\u0441\u043f\u043b\u0430\u0442\u043d\u043e\",\"isPartOf\":{\"@id\":\"https:\/\/aviator-slotgame.com\/#website\"},\"datePublished\":\"2024-01-31T12:57:07+00:00\",\"dateModified\":\"2024-10-03T23:16:00+00:00\",\"description\":\"\u0418\u0433\u0440\u0430\u0439 \u0432 \u0434\u0435\u043c\u043e-\u0432\u0435\u0440\u0441\u0438\u044e \u0410\u0432\u0438\u0430\u0442\u043e\u0440 \u0431\u0435\u0441\u043f\u043b\u0430\u0442\u043d\u043e. \u0422\u0440\u0435\u043d\u0438\u0440\u0443\u0439\u0441\u044f \u0431\u0435\u0437 \u0434\u0435\u043d\u0435\u0433 \u0432 \u043a\u0440\u0430\u0448-\u0441\u043b\u043e\u0442\u0435 \u043e\u0442 Spribe \u043f\u0435\u0440\u0435\u0434 \u0438\u0433\u0440\u043e\u0439 \u043d\u0430 \u0440\u0435\u0430\u043b\u044c\u043d\u044b\u0435 \u0434\u0435\u043d\u044c\u0433\u0438 \u0432 \u043e\u043d\u043b\u0430\u0439\u043d \u043a\u0430\u0437\u0438\u043d\u043e.\",\"breadcrumb\":{\"@id\":\"https:\/\/aviator-slotgame.com\/play-for-free\/#breadcrumb\"},\"inLanguage\":\"de\",\"potentialAction\":[{\"@type\":\"ReadAction\",\"target\":[\"https:\/\/aviator-slotgame.com\/play-for-free\/\"]}]},{\"@type\":\"BreadcrumbList\",\"@id\":\"https:\/\/aviator-slotgame.com\/play-for-free\/#breadcrumb\",\"itemListElement\":[{\"@type\":\"ListItem\",\"position\":1,\"name\":\"Home\",\"item\":\"https:\/\/aviator-slotgame.com\/\"},{\"@type\":\"ListItem\",\"position\":2,\"name\":\"\u041a\u0430\u043a \u0438\u0433\u0440\u0430\u0442\u044c \u0432 \u0434\u0435\u043c\u043e-\u0432\u0435\u0440\u0441\u0438\u044e \u0410\u0432\u0438\u0430\u0442\u043e\u0440\u0430 \u0431\u0435\u0441\u043f\u043b\u0430\u0442\u043d\u043e\"}]},{\"@type\":\"WebSite\",\"@id\":\"https:\/\/aviator-slotgame.com\/#website\",\"url\":\"https:\/\/aviator-slotgame.com\/\",\"name\":\"Aviator\",\"description\":\"\",\"publisher\":{\"@id\":\"https:\/\/aviator-slotgame.com\/#organization\"},\"potentialAction\":[{\"@type\":\"SearchAction\",\"target\":{\"@type\":\"EntryPoint\",\"urlTemplate\":\"https:\/\/aviator-slotgame.com\/?s={search_term_string}\"},\"query-input\":\"required name=search_term_string\"}],\"inLanguage\":\"de\"},{\"@type\":\"Organization\",\"@id\":\"https:\/\/aviator-slotgame.com\/#organization\",\"name\":\"Aviator\",\"url\":\"https:\/\/aviator-slotgame.com\/\",\"logo\":{\"@type\":\"ImageObject\",\"inLanguage\":\"de\",\"@id\":\"https:\/\/aviator-slotgame.com\/#\/schema\/logo\/image\/\",\"url\":\"https:\/\/aviator-slotgame.com\/wp-content\/uploads\/16f5e8_dade544d4623411c9c4153c639aae85amv2.webp\",\"contentUrl\":\"https:\/\/aviator-slotgame.com\/wp-content\/uploads\/16f5e8_dade544d4623411c9c4153c639aae85amv2.webp\",\"width\":400,\"height\":300,\"caption\":\"Aviator\"},\"image\":{\"@id\":\"https:\/\/aviator-slotgame.com\/#\/schema\/logo\/image\/\"}}]}<\/script>\n<!-- \/ Yoast SEO plugin. -->","yoast_head_json":{"title":"\u0414\u0435\u043c\u043e-\u0432\u0435\u0440\u0441\u0438\u044f \u0438\u0433\u0440\u044b \u0410\u0432\u0438\u0430\u0442\u043e\u0440 \u2014 \u0418\u0433\u0440\u0430\u0439\u0442\u0435 \u0432 \u043a\u0440\u0430\u0448-\u0441\u043b\u043e\u0442 \u0431\u0435\u0441\u043f\u043b\u0430\u0442\u043d\u043e","description":"\u0418\u0433\u0440\u0430\u0439 \u0432 \u0434\u0435\u043c\u043e-\u0432\u0435\u0440\u0441\u0438\u044e \u0410\u0432\u0438\u0430\u0442\u043e\u0440 \u0431\u0435\u0441\u043f\u043b\u0430\u0442\u043d\u043e. \u0422\u0440\u0435\u043d\u0438\u0440\u0443\u0439\u0441\u044f \u0431\u0435\u0437 \u0434\u0435\u043d\u0435\u0433 \u0432 \u043a\u0440\u0430\u0448-\u0441\u043b\u043e\u0442\u0435 \u043e\u0442 Spribe \u043f\u0435\u0440\u0435\u0434 \u0438\u0433\u0440\u043e\u0439 \u043d\u0430 \u0440\u0435\u0430\u043b\u044c\u043d\u044b\u0435 \u0434\u0435\u043d\u044c\u0433\u0438 \u0432 \u043e\u043d\u043b\u0430\u0439\u043d \u043a\u0430\u0437\u0438\u043d\u043e.","robots":{"index":"index","follow":"follow","max-snippet":"max-snippet:-1","max-image-preview":"max-image-preview:large","max-video-preview":"max-video-preview:-1"},"canonical":"https:\/\/aviator-slotgame.com\/de\/wie-man-die-aviator-demo-kostenlos-spielt\/","og_locale":"de_DE","og_type":"article","og_title":"\u0414\u0435\u043c\u043e-\u0432\u0435\u0440\u0441\u0438\u044f \u0438\u0433\u0440\u044b \u0410\u0432\u0438\u0430\u0442\u043e\u0440 \u2014 \u0418\u0433\u0440\u0430\u0439\u0442\u0435 \u0432 \u043a\u0440\u0430\u0448-\u0441\u043b\u043e\u0442 \u0431\u0435\u0441\u043f\u043b\u0430\u0442\u043d\u043e","og_description":"\u0418\u0433\u0440\u0430\u0439 \u0432 \u0434\u0435\u043c\u043e-\u0432\u0435\u0440\u0441\u0438\u044e \u0410\u0432\u0438\u0430\u0442\u043e\u0440 \u0431\u0435\u0441\u043f\u043b\u0430\u0442\u043d\u043e. \u0422\u0440\u0435\u043d\u0438\u0440\u0443\u0439\u0441\u044f \u0431\u0435\u0437 \u0434\u0435\u043d\u0435\u0433 \u0432 \u043a\u0440\u0430\u0448-\u0441\u043b\u043e\u0442\u0435 \u043e\u0442 Spribe \u043f\u0435\u0440\u0435\u0434 \u0438\u0433\u0440\u043e\u0439 \u043d\u0430 \u0440\u0435\u0430\u043b\u044c\u043d\u044b\u0435 \u0434\u0435\u043d\u044c\u0433\u0438 \u0432 \u043e\u043d\u043b\u0430\u0439\u043d \u043a\u0430\u0437\u0438\u043d\u043e.","og_url":"https:\/\/aviator-slotgame.com\/de\/wie-man-die-aviator-demo-kostenlos-spielt\/","og_site_name":"Aviator","article_modified_time":"2024-10-03T23:16:00+00:00","og_image":[{"url":"https:\/\/aviator-slotgame.com\/wp-content\/uploads\/aviator-3.png"}],"twitter_card":"summary_large_image","twitter_misc":{"Gesch\u00e4tzte Lesezeit":"6\u00a0Minuten"},"schema":{"@context":"https:\/\/schema.org","@graph":[{"@type":"WebPage","@id":"https:\/\/aviator-slotgame.com\/play-for-free\/","url":"https:\/\/aviator-slotgame.com\/play-for-free\/","name":"\u0414\u0435\u043c\u043e-\u0432\u0435\u0440\u0441\u0438\u044f \u0438\u0433\u0440\u044b \u0410\u0432\u0438\u0430\u0442\u043e\u0440 \u2014 \u0418\u0433\u0440\u0430\u0439\u0442\u0435 \u0432 \u043a\u0440\u0430\u0448-\u0441\u043b\u043e\u0442 \u0431\u0435\u0441\u043f\u043b\u0430\u0442\u043d\u043e","isPartOf":{"@id":"https:\/\/aviator-slotgame.com\/#website"},"datePublished":"2024-01-31T12:57:07+00:00","dateModified":"2024-10-03T23:16:00+00:00","description":"\u0418\u0433\u0440\u0430\u0439 \u0432 \u0434\u0435\u043c\u043e-\u0432\u0435\u0440\u0441\u0438\u044e \u0410\u0432\u0438\u0430\u0442\u043e\u0440 \u0431\u0435\u0441\u043f\u043b\u0430\u0442\u043d\u043e. \u0422\u0440\u0435\u043d\u0438\u0440\u0443\u0439\u0441\u044f \u0431\u0435\u0437 \u0434\u0435\u043d\u0435\u0433 \u0432 \u043a\u0440\u0430\u0448-\u0441\u043b\u043e\u0442\u0435 \u043e\u0442 Spribe \u043f\u0435\u0440\u0435\u0434 \u0438\u0433\u0440\u043e\u0439 \u043d\u0430 \u0440\u0435\u0430\u043b\u044c\u043d\u044b\u0435 \u0434\u0435\u043d\u044c\u0433\u0438 \u0432 \u043e\u043d\u043b\u0430\u0439\u043d \u043a\u0430\u0437\u0438\u043d\u043e.","breadcrumb":{"@id":"https:\/\/aviator-slotgame.com\/play-for-free\/#breadcrumb"},"inLanguage":"de","potentialAction":[{"@type":"ReadAction","target":["https:\/\/aviator-slotgame.com\/play-for-free\/"]}]},{"@type":"BreadcrumbList","@id":"https:\/\/aviator-slotgame.com\/play-for-free\/#breadcrumb","itemListElement":[{"@type":"ListItem","position":1,"name":"Home","item":"https:\/\/aviator-slotgame.com\/"},{"@type":"ListItem","position":2,"name":"\u041a\u0430\u043a \u0438\u0433\u0440\u0430\u0442\u044c \u0432 \u0434\u0435\u043c\u043e-\u0432\u0435\u0440\u0441\u0438\u044e \u0410\u0432\u0438\u0430\u0442\u043e\u0440\u0430 \u0431\u0435\u0441\u043f\u043b\u0430\u0442\u043d\u043e"}]},{"@type":"WebSite","@id":"https:\/\/aviator-slotgame.com\/#website","url":"https:\/\/aviator-slotgame.com\/","name":"Aviator","description":"","publisher":{"@id":"https:\/\/aviator-slotgame.com\/#organization"},"potentialAction":[{"@type":"SearchAction","target":{"@type":"EntryPoint","urlTemplate":"https:\/\/aviator-slotgame.com\/?s={search_term_string}"},"query-input":"required name=search_term_string"}],"inLanguage":"de"},{"@type":"Organization","@id":"https:\/\/aviator-slotgame.com\/#organization","name":"Aviator","url":"https:\/\/aviator-slotgame.com\/","logo":{"@type":"ImageObject","inLanguage":"de","@id":"https:\/\/aviator-slotgame.com\/#\/schema\/logo\/image\/","url":"https:\/\/aviator-slotgame.com\/wp-content\/uploads\/16f5e8_dade544d4623411c9c4153c639aae85amv2.webp","contentUrl":"https:\/\/aviator-slotgame.com\/wp-content\/uploads\/16f5e8_dade544d4623411c9c4153c639aae85amv2.webp","width":400,"height":300,"caption":"Aviator"},"image":{"@id":"https:\/\/aviator-slotgame.com\/#\/schema\/logo\/image\/"}}]}},"amp_enabled":true,"_links":{"self":[{"href":"https:\/\/aviator-slotgame.com\/de\/wp-json\/wp\/v2\/pages\/26","targetHints":{"allow":["GET"]}}],"collection":[{"href":"https:\/\/aviator-slotgame.com\/de\/wp-json\/wp\/v2\/pages"}],"about":[{"href":"https:\/\/aviator-slotgame.com\/de\/wp-json\/wp\/v2\/types\/page"}],"author":[{"embeddable":true,"href":"https:\/\/aviator-slotgame.com\/de\/wp-json\/wp\/v2\/users\/1"}],"replies":[{"embeddable":true,"href":"https:\/\/aviator-slotgame.com\/de\/wp-json\/wp\/v2\/comments?post=26"}],"version-history":[{"count":19,"href":"https:\/\/aviator-slotgame.com\/de\/wp-json\/wp\/v2\/pages\/26\/revisions"}],"predecessor-version":[{"id":412,"href":"https:\/\/aviator-slotgame.com\/de\/wp-json\/wp\/v2\/pages\/26\/revisions\/412"}],"wp:attachment":[{"href":"https:\/\/aviator-slotgame.com\/de\/wp-json\/wp\/v2\/media?parent=26"}],"curies":[{"name":"wp","href":"https:\/\/api.w.org\/{rel}","templated":true}]}}