{"id":263,"date":"2024-09-06T14:43:40","date_gmt":"2024-09-06T14:43:40","guid":{"rendered":"https:\/\/aviator-slotgame.com\/?page_id=263"},"modified":"2024-09-08T10:40:25","modified_gmt":"2024-09-08T10:40:25","slug":"aviator","status":"publish","type":"page","link":"https:\/\/aviator-slotgame.com\/de\/aviator\/","title":{"rendered":"Regeln, Funktionen und Gewinne im Crash-Slot-Spiel um Geld"},"content":{"rendered":"<div class=\"c8b298c54d5f4864bb6785f1b218d9b6\" data-index=\"1\" style=\"float: none; margin:10px 0 10px 0; text-align:center;\">\n<div class=\"custom-play-button\">\r\n<center><a href=\"https:\/\/aviator-slotgame.com\/de\/play-game\/\" rel=\"nofollow\" target=\"_blank\">Jetzt spielen<\/a><br><\/center>\r\n<\/div>\n<\/div>\n<h1><\/h1>\n<p><img loading=\"lazy\" decoding=\"async\" class=\"alignnone size-full wp-image-264\" src=\"https:\/\/aviator-slotgame.com\/wp-content\/uploads\/Aviator-7-800-x-600-\u043f\u0438\u043a\u0441.jpg\" alt=\"Online-Slot Aviator \u2013 Spielen Sie im Casino um echtes Geld \" width=\"800\" height=\"600\" srcset=\"https:\/\/aviator-slotgame.com\/wp-content\/uploads\/Aviator-7-800-x-600-\u043f\u0438\u043a\u0441.jpg 800w, https:\/\/aviator-slotgame.com\/wp-content\/uploads\/Aviator-7-800-x-600-\u043f\u0438\u043a\u0441-300x225.jpg 300w, https:\/\/aviator-slotgame.com\/wp-content\/uploads\/Aviator-7-800-x-600-\u043f\u0438\u043a\u0441-768x576.jpg 768w, https:\/\/aviator-slotgame.com\/wp-content\/uploads\/Aviator-7-800-x-600-\u043f\u0438\u043a\u0441-16x12.jpg 16w\" sizes=\"auto, (max-width: 800px) 100vw, 800px\" \/><\/p>\n<h2>Was ist das Online-Crashspiel Aviator?<\/h2>\n<p>Aviator ist eines der beliebtesten Spiele, die vom Spribe Studio entwickelt wurden. Ein neues Produkt auf dem modernen Markt, das auf Basis eines Zufallszahlengenerators erstellt wurde, fasziniert den Spieler von Anfang an. Der Gewinner wird per Zufallsauswahl ermittelt! Dies sorgt f\u00fcr ein faires Spiel und zeigt dem Spieler, dass sein Einsatz nicht von der Plattform oder der Geschichte des Spiels abh\u00e4ngt. Aviator unterscheidet sich von anderen beliebten Crash-Spielen durch sein originelles Gameplay; Aviator verf\u00fcgt nicht \u00fcber die \u00fcblichen Walzen, Linien mit Fr\u00fcchten und dergleichen, die f\u00fcr Gl\u00fccksspielfans so langweilig sind. Das Spiel besticht auch durch seine relativ einfachen Regeln und die M\u00f6glichkeit, echtes Geld zu verdienen, was es bei Spielern und insbesondere bei Fans von Flugzeugen und allem, was mit dem Fliegen zu tun hat, beliebt macht!<\/p>\n<p>Der Kern des Spiels besteht darin, dass der Benutzer Zeit haben muss, seinen Einsatz zu speichern, bevor das Flugzeug wegfliegt, wodurch der Koeffizient des Spielers auf Null zur\u00fcckgesetzt wird.<\/p>\n<p>Spribe ist ein bekanntes Unternehmen, das sich auf die Entwicklung innovativer Online-Spiele und Gl\u00fccksspielplattformen spezialisiert hat. Seine Spiele sind bei Spielern auf der ganzen Welt beliebt. Das Unternehmen wurde 2018 gegr\u00fcndet und konnte aufgrund seiner aufregenden Spielmechanik und der M\u00f6glichkeit, sowohl um Geld als auch im Demo-Modus zu spielen, innerhalb kurzer Zeit an Popularit\u00e4t bei Spielern und Online-Casino-Betreibern gewinnen.<\/p><div class=\"c8b298c54d5f4864bb6785f1b218d9b6\" data-index=\"1\" style=\"float: none; margin:10px 0 10px 0; text-align:center;\">\n<div class=\"custom-play-button\">\r\n<center><a href=\"https:\/\/aviator-slotgame.com\/de\/play-game\/\" rel=\"nofollow\" target=\"_blank\">Jetzt spielen<\/a><br><\/center>\r\n<\/div>\n<\/div>\n\n<h2>Gr\u00fcnde f\u00fcr die Beliebtheit des Online-Spiels Aviator<\/h2>\n<p>Was macht das Aviator-Spiel bei Spielern so beliebt?<\/p>\n<ol>\n<li>Einfachheit der Regeln: Das Aviator-Spiel verf\u00fcgt \u00fcber einfache und verst\u00e4ndliche Regeln, wodurch es f\u00fcr ein breites Spektrum von Spielern zug\u00e4nglich ist, unabh\u00e4ngig von ihrer Erfahrung und ihrem Trainingsniveau.<\/li>\n<\/ol>\n<p>Demo-Modus: Wenn Sie Ihr Geld nicht riskieren m\u00f6chten und Angst haben, anzufangen, probieren Sie es aus und probieren Sie es im kostenlosen Modus aus. Sie investieren kein echtes Geld. Der \u201eFun-Modus\u201c erm\u00f6glicht es den Spielern, n\u00e4her am Gameplay teilzunehmen, ohne ihre Ersparnisse zu riskieren.<\/p>\n<p>Chance auf schnelle Gewinne: Das Gl\u00fccksspiel Aviator bietet die M\u00f6glichkeit, schnell zu gewinnen, was viele Spieler anzieht, die auf der Suche nach Spannung und Adrenalin sind.<\/p>\n<p>Verschiedene Wettarten: Das Aviator-Spiel bietet eine Vielzahl von Wettarten, sodass Spieler das Risikoniveau und die potenzielle Belohnung ausw\u00e4hlen k\u00f6nnen, die zu ihnen passen.<\/p>\n<p>M\u00f6glichkeit zum Online-Spielen: Das Aviator-Spiel ist im Online-Format verf\u00fcgbar, sodass es jederzeit und von \u00fcberall auf der Welt gespielt werden kann.<\/p>\n<p>Bequemlichkeit und Zug\u00e4nglichkeit: Das Aviator-Onlinespiel erm\u00f6glicht es Spielern, die Spannung direkt von zu Hause oder von jedem anderen Ort aus zu genie\u00dfen, ohne das Haus verlassen zu m\u00fcssen. Dies macht das Spiel f\u00fcr ein breites Spielerspektrum bequem und zug\u00e4nglich.<\/p>\n<p>Boni und Sonderangebote: Viele Online-Casinos, die das Aviator-Spiel anbieten, bieten h\u00e4ufig verschiedene Boni, Werbeaktionen und Sonderangebote an, um neue Spieler anzulocken und Stammspieler zu belohnen. Das macht das Spiel noch verlockender.<\/p>\n<p>Grafik- und Sounddesign: Moderne Online-Casinos bieten in der Regel hochwertige Grafik- und Sounddesigns f\u00fcr Spiele an, darunter auch das Aviator-Spiel. Und das dynamische und spannende Gameplay l\u00e4sst garantiert keine Langeweile aufkommen und h\u00e4lt das Interesse am Spiel die ganze Zeit \u00fcber aufrecht.<\/p>\n<p>Mobile Spielbarkeit: Viele Online-Casinos bieten das Aviator-Spiel in einem Format an, das mit Mobilger\u00e4ten kompatibel ist, sodass Spieler das Spiel jederzeit und \u00fcberall genie\u00dfen k\u00f6nnen. Vergessen Sie nicht, sicherzustellen, dass Ihr Mobilger\u00e4t \u00fcber eine gute Internetverbindung und ausreichend Ladung verf\u00fcgt!<\/p>\n<p>&nbsp;<\/p>\n<h2>Regeln f\u00fcr Fliegergl\u00fccksspiele<\/h2>\n<p>Das Spiel hat einfache und klare Regeln, bei denen der Benutzer auf ein bestimmtes Ergebnis setzt und gewinnen kann, indem er seinen Einsatz mit der Quote multipliziert. Sie k\u00f6nnen entweder im manuellen Modus spielen, indem Sie Ihre eigenen Wetten abschlie\u00dfen, oder im automatischen Modus, wenn das Spiel Wetten basierend auf den von Ihnen festgelegten Parametern f\u00fcr Sie ausf\u00fchrt.<\/p>\n<h3>Spielregeln<\/h3>\n<p>Um mit dem Spielen des Aviator-Spiels zu beginnen, m\u00fcssen Sie die folgenden Schritte ausf\u00fchren:<\/p>\n<ol>\n<li>Finden Sie ein Online-Casino oder eine Spieleplattform, die das Aviator-Spiel anbietet.<\/li>\n<li>Registrieren Sie sich auf der Plattform Ihrer Wahl, indem Sie ein Konto erstellen und die erforderlichen Informationen angeben.<\/li>\n<li>F\u00fcllen Sie Ihr Spielkonto mit Geld auf, um Wetten im Spiel platzieren zu k\u00f6nnen.<\/li>\n<li>Suchen Sie das Aviator-Spiel auf der Plattform und w\u00e4hlen Sie Ihren Einsatz aus.<\/li>\n<li>Das Spiel beginnt damit, dass der Spieler einen Einsatz macht.<\/li>\n<li>Befolgen Sie die Regeln und Anweisungen auf dem Bildschirm und steuern Sie den Spielablauf, indem Sie auf die entsprechenden Schaltfl\u00e4chen klicken.<\/li>\n<li>Nachdem die Wette platziert wurde, beginnt sich das Flugzeug auf der Quotenskala nach oben oder unten zu bewegen.<\/li>\n<li>Der Spieler kann jederzeit auf die Schaltfl\u00e4che \u201eAuszahlen\u201c klicken, um das Spiel zu beenden und die Gewinne multipliziert mit den aktuellen Quoten zu erhalten, oder das Spiel fortsetzen und warten, bis sich die Gewinne erh\u00f6hen. Versuchen Sie, den Zeitpunkt zu erraten, zu dem Sie Ihre Gewinne auszahlen lassen m\u00fcssen, um zu vermeiden, dass die Wette ausgezahlt wird zur\u00fccksetzen.<\/li>\n<li>Wenn der Spieler nicht auf die Schaltfl\u00e4che \u201eGewinne nehmen\u201c klickt und das Flugzeug das Ende der Quotenskala erreicht, wird der Einsatz auf Null zur\u00fcckgesetzt und der Spieler erh\u00e4lt den Gewinn nicht.<\/li>\n<li>Das Ziel des Spiels besteht darin, Ihre Gewinne zum richtigen Zeitpunkt mitzunehmen und zu vermeiden, dass Ihr Einsatz zur\u00fcckgesetzt wird.<\/li>\n<\/ol>\n<p>Denken Sie daran, verantwortungsbewusst zu spielen, nur den Geldbetrag zu setzen, den Sie zu verlieren bereit sind, und Ihre Gl\u00fccksspielaktivit\u00e4ten zu kontrollieren.<\/p>\n<p>Unter Ber\u00fccksichtigung der einzigartigen Flugbahn des Flugzeugs wird das Gameplay f\u00fcr die Spieler noch interessanter und spannender. Gleichzeitig ist es wichtig, auf Ihre Eins\u00e4tze zu achten und Ihre Aktionen zu kontrollieren, um die Spannung beim Spielen um echtes Geld aufrechtzuerhalten.<\/p>\n<p>Hauptmerkmale des Online-Spiels Aviator<\/p>\n<table>\n<tbody>\n<tr>\n<td>RTP<\/td>\n<td>96,49%, 96,48%, 95,45%<\/td>\n<\/tr>\n<tr>\n<td>Entwickler<\/td>\n<td>Studio Spribe<\/td>\n<\/tr>\n<tr>\n<td>Freispiele<\/td>\n<td>NEIN<\/td>\n<\/tr>\n<tr>\n<td>Bonusspiel<\/td>\n<td>NEIN<\/td>\n<\/tr>\n<tr>\n<td>Mindestgebot<\/td>\n<td>0,1$<\/td>\n<\/tr>\n<tr>\n<td>Maximaler Einsatz<\/td>\n<td>100$<\/td>\n<\/tr>\n<\/tbody>\n<\/table>\n<p>&nbsp;<\/p>\n<h2>Boni im Gl\u00fccksspiel Aviator<\/h2>\n<p>Boni und Rabatte im Aviator-Onlinespiel k\u00f6nnen den Spielern je nach Spielplattform oder Casino auf unterschiedliche Weise gew\u00e4hrt werden.<\/p>\n<p>Hier sind einige m\u00f6gliche Boni und Rabatte, die im Aviator-Spiel verf\u00fcgbar sein k\u00f6nnten:<\/p>\n<h3>Willkommensboni<\/h3>\n<p>Neuen Spielern k\u00f6nnen bei der Registrierung auf der Plattform besondere Boni angeboten werden, wie zum Beispiel zus\u00e4tzliches Kontoguthaben oder Freispiele.<\/p>\n<h3>Einzahlungsboni<\/h3>\n<p>Spieler k\u00f6nnen Boni erhalten, wenn sie ihr Spielkonto um einen bestimmten Betrag aufladen.<\/p>\n<h3>Werbeaktionen<\/h3>\n<p>Casinos oder Spieleplattformen k\u00f6nnen vor\u00fcbergehende Werbeaktionen durchf\u00fchren, die den Spielern des Aviator-Spiels verschiedene Boni und Rabatte bieten.<\/p>\n<h3>VIP-Programme<\/h3>\n<p>Einige Plattformen bieten Spielern m\u00f6glicherweise die Teilnahme an VIP-Programmen an, bei denen zus\u00e4tzliche Boni, Cashback und andere Vorteile verf\u00fcgbar sind.<\/p>\n<h3>Cashback<\/h3>\n<p>Spieler haben m\u00f6glicherweise die M\u00f6glichkeit, im Rahmen des Bonusprogramms einen Teil ihres verlorenen Geldes als Cashback zu erhalten.<\/p>\n<p>Bevor Sie an Boni und Rabatten im Aviator-Spiel teilnehmen, ist es wichtig, die Bedingungen und Anforderungen sorgf\u00e4ltig zu lesen, damit Sie verstehen, wie sie funktionieren und was von Ihnen verlangt wird, um alle Vorteile nutzen zu k\u00f6nnen.<\/p>\n\n<div style=\"font-size: 0px; height: 0px; line-height: 0px; margin: 0; padding: 0; clear: both;\"><\/div>","protected":false},"excerpt":{"rendered":"<p>Was ist das Online-Crashspiel Aviator? Aviator ist eines der beliebtesten Spiele, die vom Spribe Studio entwickelt wurden. Neu auf dem modernen Markt,<\/p>","protected":false},"author":1,"featured_media":0,"parent":0,"menu_order":0,"comment_status":"closed","ping_status":"closed","template":"","meta":{"footnotes":""},"class_list":["post-263","page","type-page","status-publish","hentry"],"yoast_head":"<!-- This site is optimized with the Yoast SEO plugin v22.0 - https:\/\/yoast.com\/wordpress\/plugins\/seo\/ -->\n<title>\u041e\u043d\u043b\u0430\u0439\u043d \u0441\u043b\u043e\u0442 \u0410\u0432\u0438\u0430\u0442\u043e\u0440 \u2014 \u0418\u0433\u0440\u0430\u0439 \u043d\u0430 \u0440\u0435\u0430\u043b\u044c\u043d\u044b\u0435 \u0434\u0435\u043d\u044c\u0433\u0438 \u0432 \u043a\u0430\u0437\u0438\u043d\u043e<\/title>\n<meta name=\"description\" content=\"\u0423\u0437\u043d\u0430\u0439\u0442\u0435 \u0432\u0441\u0435 \u043e \u043a\u0440\u0430\u0448-\u0438\u0433\u0440\u0435 \u0410\u0432\u0438\u0430\u0442\u043e\u0440: \u043f\u0440\u0430\u0432\u0438\u043b\u0430, \u0431\u043e\u043d\u0443\u0441\u044b, \u043e\u0441\u043e\u0431\u0435\u043d\u043d\u043e\u0441\u0442\u0438 \u0438 \u0445\u0430\u0440\u0430\u043a\u0442\u0435\u0440\u0438\u0441\u0442\u0438\u043a\u0438 \u0438\u0433\u0440\u044b \u0434\u043b\u044f \u0443\u0432\u0435\u043b\u0438\u0447\u0435\u043d\u0438\u0435 \u043f\u0440\u0438\u0431\u044b\u043b\u0438 \u0432 \u043a\u0430\u0437\u0438\u043d\u043e. \u0418\u0433\u0440\u0430\u0439 \u0432 Aviator \u043e\u0442 Spribe \u0432 \u043e\u043d\u043b\u0430\u0439\u043d\u0435.\" \/>\n<meta name=\"robots\" content=\"index, follow, max-snippet:-1, max-image-preview:large, max-video-preview:-1\" \/>\n<link rel=\"canonical\" href=\"https:\/\/aviator-slotgame.com\/de\/aviator\/\" \/>\n<meta property=\"og:locale\" content=\"de_DE\" \/>\n<meta property=\"og:type\" content=\"article\" \/>\n<meta property=\"og:title\" content=\"\u041e\u043d\u043b\u0430\u0439\u043d \u0441\u043b\u043e\u0442 \u0410\u0432\u0438\u0430\u0442\u043e\u0440 \u2014 \u0418\u0433\u0440\u0430\u0439 \u043d\u0430 \u0440\u0435\u0430\u043b\u044c\u043d\u044b\u0435 \u0434\u0435\u043d\u044c\u0433\u0438 \u0432 \u043a\u0430\u0437\u0438\u043d\u043e\" \/>\n<meta property=\"og:description\" content=\"\u0423\u0437\u043d\u0430\u0439\u0442\u0435 \u0432\u0441\u0435 \u043e \u043a\u0440\u0430\u0448-\u0438\u0433\u0440\u0435 \u0410\u0432\u0438\u0430\u0442\u043e\u0440: \u043f\u0440\u0430\u0432\u0438\u043b\u0430, \u0431\u043e\u043d\u0443\u0441\u044b, \u043e\u0441\u043e\u0431\u0435\u043d\u043d\u043e\u0441\u0442\u0438 \u0438 \u0445\u0430\u0440\u0430\u043a\u0442\u0435\u0440\u0438\u0441\u0442\u0438\u043a\u0438 \u0438\u0433\u0440\u044b \u0434\u043b\u044f \u0443\u0432\u0435\u043b\u0438\u0447\u0435\u043d\u0438\u0435 \u043f\u0440\u0438\u0431\u044b\u043b\u0438 \u0432 \u043a\u0430\u0437\u0438\u043d\u043e. \u0418\u0433\u0440\u0430\u0439 \u0432 Aviator \u043e\u0442 Spribe \u0432 \u043e\u043d\u043b\u0430\u0439\u043d\u0435.\" \/>\n<meta property=\"og:url\" content=\"https:\/\/aviator-slotgame.com\/de\/aviator\/\" \/>\n<meta property=\"og:site_name\" content=\"Aviator\" \/>\n<meta property=\"article:modified_time\" content=\"2024-09-08T10:40:25+00:00\" \/>\n<meta name=\"twitter:card\" content=\"summary_large_image\" \/>\n<meta name=\"twitter:label1\" content=\"Gesch\u00e4tzte Lesezeit\" \/>\n\t<meta name=\"twitter:data1\" content=\"5\u00a0Minuten\" \/>\n<script type=\"application\/ld+json\" class=\"yoast-schema-graph\">{\"@context\":\"https:\/\/schema.org\",\"@graph\":[{\"@type\":\"WebPage\",\"@id\":\"https:\/\/aviator-slotgame.com\/aviator\/\",\"url\":\"https:\/\/aviator-slotgame.com\/aviator\/\",\"name\":\"\u041e\u043d\u043b\u0430\u0439\u043d \u0441\u043b\u043e\u0442 \u0410\u0432\u0438\u0430\u0442\u043e\u0440 \u2014 \u0418\u0433\u0440\u0430\u0439 \u043d\u0430 \u0440\u0435\u0430\u043b\u044c\u043d\u044b\u0435 \u0434\u0435\u043d\u044c\u0433\u0438 \u0432 \u043a\u0430\u0437\u0438\u043d\u043e\",\"isPartOf\":{\"@id\":\"https:\/\/aviator-slotgame.com\/#website\"},\"datePublished\":\"2024-09-06T14:43:40+00:00\",\"dateModified\":\"2024-09-08T10:40:25+00:00\",\"description\":\"\u0423\u0437\u043d\u0430\u0439\u0442\u0435 \u0432\u0441\u0435 \u043e \u043a\u0440\u0430\u0448-\u0438\u0433\u0440\u0435 \u0410\u0432\u0438\u0430\u0442\u043e\u0440: \u043f\u0440\u0430\u0432\u0438\u043b\u0430, \u0431\u043e\u043d\u0443\u0441\u044b, \u043e\u0441\u043e\u0431\u0435\u043d\u043d\u043e\u0441\u0442\u0438 \u0438 \u0445\u0430\u0440\u0430\u043a\u0442\u0435\u0440\u0438\u0441\u0442\u0438\u043a\u0438 \u0438\u0433\u0440\u044b \u0434\u043b\u044f \u0443\u0432\u0435\u043b\u0438\u0447\u0435\u043d\u0438\u0435 \u043f\u0440\u0438\u0431\u044b\u043b\u0438 \u0432 \u043a\u0430\u0437\u0438\u043d\u043e. \u0418\u0433\u0440\u0430\u0439 \u0432 Aviator \u043e\u0442 Spribe \u0432 \u043e\u043d\u043b\u0430\u0439\u043d\u0435.\",\"breadcrumb\":{\"@id\":\"https:\/\/aviator-slotgame.com\/aviator\/#breadcrumb\"},\"inLanguage\":\"de\",\"potentialAction\":[{\"@type\":\"ReadAction\",\"target\":[\"https:\/\/aviator-slotgame.com\/aviator\/\"]}]},{\"@type\":\"BreadcrumbList\",\"@id\":\"https:\/\/aviator-slotgame.com\/aviator\/#breadcrumb\",\"itemListElement\":[{\"@type\":\"ListItem\",\"position\":1,\"name\":\"Home\",\"item\":\"https:\/\/aviator-slotgame.com\/\"},{\"@type\":\"ListItem\",\"position\":2,\"name\":\"\u041f\u0440\u0430\u0432\u0438\u043b\u0430,\u043e\u0441\u043e\u0431\u0435\u043d\u043e\u0441\u0442\u0438 \u0438 \u0432\u044b\u0438\u0433\u0440\u044b\u0448\u0438 \u0432 \u043a\u0440\u0430\u0448-\u0441\u043b\u043e\u0442 \u0438\u0433\u0440\u0435 \u043d\u0430 \u0434\u0435\u043d\u044c\u0433\u0438\"}]},{\"@type\":\"WebSite\",\"@id\":\"https:\/\/aviator-slotgame.com\/#website\",\"url\":\"https:\/\/aviator-slotgame.com\/\",\"name\":\"Aviator\",\"description\":\"\",\"publisher\":{\"@id\":\"https:\/\/aviator-slotgame.com\/#organization\"},\"potentialAction\":[{\"@type\":\"SearchAction\",\"target\":{\"@type\":\"EntryPoint\",\"urlTemplate\":\"https:\/\/aviator-slotgame.com\/?s={search_term_string}\"},\"query-input\":\"required name=search_term_string\"}],\"inLanguage\":\"de\"},{\"@type\":\"Organization\",\"@id\":\"https:\/\/aviator-slotgame.com\/#organization\",\"name\":\"Aviator\",\"url\":\"https:\/\/aviator-slotgame.com\/\",\"logo\":{\"@type\":\"ImageObject\",\"inLanguage\":\"de\",\"@id\":\"https:\/\/aviator-slotgame.com\/#\/schema\/logo\/image\/\",\"url\":\"https:\/\/aviator-slotgame.com\/wp-content\/uploads\/16f5e8_dade544d4623411c9c4153c639aae85amv2.webp\",\"contentUrl\":\"https:\/\/aviator-slotgame.com\/wp-content\/uploads\/16f5e8_dade544d4623411c9c4153c639aae85amv2.webp\",\"width\":400,\"height\":300,\"caption\":\"Aviator\"},\"image\":{\"@id\":\"https:\/\/aviator-slotgame.com\/#\/schema\/logo\/image\/\"}}]}<\/script>\n<!-- \/ Yoast SEO plugin. -->","yoast_head_json":{"title":"\u041e\u043d\u043b\u0430\u0439\u043d \u0441\u043b\u043e\u0442 \u0410\u0432\u0438\u0430\u0442\u043e\u0440 \u2014 \u0418\u0433\u0440\u0430\u0439 \u043d\u0430 \u0440\u0435\u0430\u043b\u044c\u043d\u044b\u0435 \u0434\u0435\u043d\u044c\u0433\u0438 \u0432 \u043a\u0430\u0437\u0438\u043d\u043e","description":"\u0423\u0437\u043d\u0430\u0439\u0442\u0435 \u0432\u0441\u0435 \u043e \u043a\u0440\u0430\u0448-\u0438\u0433\u0440\u0435 \u0410\u0432\u0438\u0430\u0442\u043e\u0440: \u043f\u0440\u0430\u0432\u0438\u043b\u0430, \u0431\u043e\u043d\u0443\u0441\u044b, \u043e\u0441\u043e\u0431\u0435\u043d\u043d\u043e\u0441\u0442\u0438 \u0438 \u0445\u0430\u0440\u0430\u043a\u0442\u0435\u0440\u0438\u0441\u0442\u0438\u043a\u0438 \u0438\u0433\u0440\u044b \u0434\u043b\u044f \u0443\u0432\u0435\u043b\u0438\u0447\u0435\u043d\u0438\u0435 \u043f\u0440\u0438\u0431\u044b\u043b\u0438 \u0432 \u043a\u0430\u0437\u0438\u043d\u043e. \u0418\u0433\u0440\u0430\u0439 \u0432 Aviator \u043e\u0442 Spribe \u0432 \u043e\u043d\u043b\u0430\u0439\u043d\u0435.","robots":{"index":"index","follow":"follow","max-snippet":"max-snippet:-1","max-image-preview":"max-image-preview:large","max-video-preview":"max-video-preview:-1"},"canonical":"https:\/\/aviator-slotgame.com\/de\/aviator\/","og_locale":"de_DE","og_type":"article","og_title":"\u041e\u043d\u043b\u0430\u0439\u043d \u0441\u043b\u043e\u0442 \u0410\u0432\u0438\u0430\u0442\u043e\u0440 \u2014 \u0418\u0433\u0440\u0430\u0439 \u043d\u0430 \u0440\u0435\u0430\u043b\u044c\u043d\u044b\u0435 \u0434\u0435\u043d\u044c\u0433\u0438 \u0432 \u043a\u0430\u0437\u0438\u043d\u043e","og_description":"\u0423\u0437\u043d\u0430\u0439\u0442\u0435 \u0432\u0441\u0435 \u043e \u043a\u0440\u0430\u0448-\u0438\u0433\u0440\u0435 \u0410\u0432\u0438\u0430\u0442\u043e\u0440: \u043f\u0440\u0430\u0432\u0438\u043b\u0430, \u0431\u043e\u043d\u0443\u0441\u044b, \u043e\u0441\u043e\u0431\u0435\u043d\u043d\u043e\u0441\u0442\u0438 \u0438 \u0445\u0430\u0440\u0430\u043a\u0442\u0435\u0440\u0438\u0441\u0442\u0438\u043a\u0438 \u0438\u0433\u0440\u044b \u0434\u043b\u044f \u0443\u0432\u0435\u043b\u0438\u0447\u0435\u043d\u0438\u0435 \u043f\u0440\u0438\u0431\u044b\u043b\u0438 \u0432 \u043a\u0430\u0437\u0438\u043d\u043e. \u0418\u0433\u0440\u0430\u0439 \u0432 Aviator \u043e\u0442 Spribe \u0432 \u043e\u043d\u043b\u0430\u0439\u043d\u0435.","og_url":"https:\/\/aviator-slotgame.com\/de\/aviator\/","og_site_name":"Aviator","article_modified_time":"2024-09-08T10:40:25+00:00","twitter_card":"summary_large_image","twitter_misc":{"Gesch\u00e4tzte Lesezeit":"5\u00a0Minuten"},"schema":{"@context":"https:\/\/schema.org","@graph":[{"@type":"WebPage","@id":"https:\/\/aviator-slotgame.com\/aviator\/","url":"https:\/\/aviator-slotgame.com\/aviator\/","name":"\u041e\u043d\u043b\u0430\u0439\u043d \u0441\u043b\u043e\u0442 \u0410\u0432\u0438\u0430\u0442\u043e\u0440 \u2014 \u0418\u0433\u0440\u0430\u0439 \u043d\u0430 \u0440\u0435\u0430\u043b\u044c\u043d\u044b\u0435 \u0434\u0435\u043d\u044c\u0433\u0438 \u0432 \u043a\u0430\u0437\u0438\u043d\u043e","isPartOf":{"@id":"https:\/\/aviator-slotgame.com\/#website"},"datePublished":"2024-09-06T14:43:40+00:00","dateModified":"2024-09-08T10:40:25+00:00","description":"\u0423\u0437\u043d\u0430\u0439\u0442\u0435 \u0432\u0441\u0435 \u043e \u043a\u0440\u0430\u0448-\u0438\u0433\u0440\u0435 \u0410\u0432\u0438\u0430\u0442\u043e\u0440: \u043f\u0440\u0430\u0432\u0438\u043b\u0430, \u0431\u043e\u043d\u0443\u0441\u044b, \u043e\u0441\u043e\u0431\u0435\u043d\u043d\u043e\u0441\u0442\u0438 \u0438 \u0445\u0430\u0440\u0430\u043a\u0442\u0435\u0440\u0438\u0441\u0442\u0438\u043a\u0438 \u0438\u0433\u0440\u044b \u0434\u043b\u044f \u0443\u0432\u0435\u043b\u0438\u0447\u0435\u043d\u0438\u0435 \u043f\u0440\u0438\u0431\u044b\u043b\u0438 \u0432 \u043a\u0430\u0437\u0438\u043d\u043e. \u0418\u0433\u0440\u0430\u0439 \u0432 Aviator \u043e\u0442 Spribe \u0432 \u043e\u043d\u043b\u0430\u0439\u043d\u0435.","breadcrumb":{"@id":"https:\/\/aviator-slotgame.com\/aviator\/#breadcrumb"},"inLanguage":"de","potentialAction":[{"@type":"ReadAction","target":["https:\/\/aviator-slotgame.com\/aviator\/"]}]},{"@type":"BreadcrumbList","@id":"https:\/\/aviator-slotgame.com\/aviator\/#breadcrumb","itemListElement":[{"@type":"ListItem","position":1,"name":"Home","item":"https:\/\/aviator-slotgame.com\/"},{"@type":"ListItem","position":2,"name":"\u041f\u0440\u0430\u0432\u0438\u043b\u0430,\u043e\u0441\u043e\u0431\u0435\u043d\u043e\u0441\u0442\u0438 \u0438 \u0432\u044b\u0438\u0433\u0440\u044b\u0448\u0438 \u0432 \u043a\u0440\u0430\u0448-\u0441\u043b\u043e\u0442 \u0438\u0433\u0440\u0435 \u043d\u0430 \u0434\u0435\u043d\u044c\u0433\u0438"}]},{"@type":"WebSite","@id":"https:\/\/aviator-slotgame.com\/#website","url":"https:\/\/aviator-slotgame.com\/","name":"Aviator","description":"","publisher":{"@id":"https:\/\/aviator-slotgame.com\/#organization"},"potentialAction":[{"@type":"SearchAction","target":{"@type":"EntryPoint","urlTemplate":"https:\/\/aviator-slotgame.com\/?s={search_term_string}"},"query-input":"required name=search_term_string"}],"inLanguage":"de"},{"@type":"Organization","@id":"https:\/\/aviator-slotgame.com\/#organization","name":"Aviator","url":"https:\/\/aviator-slotgame.com\/","logo":{"@type":"ImageObject","inLanguage":"de","@id":"https:\/\/aviator-slotgame.com\/#\/schema\/logo\/image\/","url":"https:\/\/aviator-slotgame.com\/wp-content\/uploads\/16f5e8_dade544d4623411c9c4153c639aae85amv2.webp","contentUrl":"https:\/\/aviator-slotgame.com\/wp-content\/uploads\/16f5e8_dade544d4623411c9c4153c639aae85amv2.webp","width":400,"height":300,"caption":"Aviator"},"image":{"@id":"https:\/\/aviator-slotgame.com\/#\/schema\/logo\/image\/"}}]}},"amp_enabled":true,"_links":{"self":[{"href":"https:\/\/aviator-slotgame.com\/de\/wp-json\/wp\/v2\/pages\/263","targetHints":{"allow":["GET"]}}],"collection":[{"href":"https:\/\/aviator-slotgame.com\/de\/wp-json\/wp\/v2\/pages"}],"about":[{"href":"https:\/\/aviator-slotgame.com\/de\/wp-json\/wp\/v2\/types\/page"}],"author":[{"embeddable":true,"href":"https:\/\/aviator-slotgame.com\/de\/wp-json\/wp\/v2\/users\/1"}],"replies":[{"embeddable":true,"href":"https:\/\/aviator-slotgame.com\/de\/wp-json\/wp\/v2\/comments?post=263"}],"version-history":[{"count":4,"href":"https:\/\/aviator-slotgame.com\/de\/wp-json\/wp\/v2\/pages\/263\/revisions"}],"predecessor-version":[{"id":287,"href":"https:\/\/aviator-slotgame.com\/de\/wp-json\/wp\/v2\/pages\/263\/revisions\/287"}],"wp:attachment":[{"href":"https:\/\/aviator-slotgame.com\/de\/wp-json\/wp\/v2\/media?parent=263"}],"curies":[{"name":"wp","href":"https:\/\/api.w.org\/{rel}","templated":true}]}}