{"id":271,"date":"2024-09-06T15:05:30","date_gmt":"2024-09-06T15:05:30","guid":{"rendered":"https:\/\/aviator-slotgame.com\/?page_id=271"},"modified":"2024-10-03T22:45:15","modified_gmt":"2024-10-03T22:45:15","slug":"faq","status":"publish","type":"page","link":"https:\/\/aviator-slotgame.com\/de\/faq\/","title":{"rendered":"FAQ zum Spiel Aviator \u2013 Antworten auf h\u00e4ufig gestellte Fragen zum Spiel"},"content":{"rendered":"<div class=\"c8b298c54d5f4864bb6785f1b218d9b6\" data-index=\"1\" style=\"float: none; margin:10px 0 10px 0; text-align:center;\">\n<div class=\"custom-play-button\">\r\n<center><a href=\"https:\/\/aviator-slotgame.com\/de\/play-game\/\" rel=\"nofollow\" target=\"_blank\">Jetzt spielen<\/a><br><\/center>\r\n<\/div>\n<\/div>\n<p><img loading=\"lazy\" decoding=\"async\" class=\"alignnone size-full wp-image-273\" src=\"https:\/\/aviator-slotgame.com\/wp-content\/uploads\/Aviator-8-800-x-600-\u043f\u0438\u043a\u0441.jpg\" alt=\"Antworten auf Fragen zum Spiel Aviator\" width=\"800\" height=\"600\" srcset=\"https:\/\/aviator-slotgame.com\/wp-content\/uploads\/Aviator-8-800-x-600-\u043f\u0438\u043a\u0441.jpg 800w, https:\/\/aviator-slotgame.com\/wp-content\/uploads\/Aviator-8-800-x-600-\u043f\u0438\u043a\u0441-300x225.jpg 300w, https:\/\/aviator-slotgame.com\/wp-content\/uploads\/Aviator-8-800-x-600-\u043f\u0438\u043a\u0441-768x576.jpg 768w, https:\/\/aviator-slotgame.com\/wp-content\/uploads\/Aviator-8-800-x-600-\u043f\u0438\u043a\u0441-16x12.jpg 16w\" sizes=\"auto, (max-width: 800px) 100vw, 800px\" \/><\/p>\n<h3><strong>Kann ich das Crash-Spiel Aviator kostenlos spielen?<\/strong><\/h3>\n<p>Ja, das kannst du. Dar\u00fcber hinaus raten viele Profis in der Welt des Gl\u00fccksspiels, zun\u00e4chst eine Demoversion des Aviator-Spiels zu spielen, um das Gameplay besser zu verstehen. Ohne echtes Geld aufzuf\u00fcllen! Wenn Sie kostenlos spielen, k\u00f6nnen Sie \u00fcber eine Strategie f\u00fcr das Spielen von Aviator nachdenken, nachdem Sie Ihre Einzahlung wieder aufgef\u00fcllt haben.<\/p>\n<h3><strong>Wo kann man das Online-Spiel Aviator am besten spielen?<\/strong><\/h3>\n<p>Sie k\u00f6nnen das kostenlose Spiel auf jeder Casino-Website im Internet spielen. Wenn Sie jedoch vorhaben, um echtes Geld zu spielen, sollten Sie sich f\u00fcr ein bew\u00e4hrtes und ehrliches Casino entscheiden. Damit Ihr Spiel bei Aviator sicher ist und nur positive Emotionen und gro\u00dfe Gewinne bringt!<\/p>\n<h3><strong>Kann ich das Aviator Online Casino auf meinem Mobilger\u00e4t spielen?<\/strong><\/h3>\n<p>Es gibt keine separate Anwendung f\u00fcr das Aviator-Gl\u00fccksspiel, aber Sie k\u00f6nnen jede bew\u00e4hrte, offizielle Casino-Anwendung installieren, in der Sie das Aviator-Crashspiel einfach \u00fcber die Suchleiste finden k\u00f6nnen. Das Aviator-Spiel ist f\u00fcr Ger\u00e4te und Bildschirme aller Aufl\u00f6sungen optimiert, sodass Sie das Spiel auf Ihrem Android- oder iOS-Mobiltelefon genie\u00dfen k\u00f6nnen.<\/p><div class=\"c8b298c54d5f4864bb6785f1b218d9b6\" data-index=\"1\" style=\"float: none; margin:10px 0 10px 0; text-align:center;\">\n<div class=\"custom-play-button\">\r\n<center><a href=\"https:\/\/aviator-slotgame.com\/de\/play-game\/\" rel=\"nofollow\" target=\"_blank\">Jetzt spielen<\/a><br><\/center>\r\n<\/div>\n<\/div>\n\n<h3><strong>Was ist der Mindesteinsatz im Online-Spiel Aviator?<\/strong><\/h3>\n<p>Der Mindesteinsatz im Aviator Online Casino betr\u00e4gt 0,1$<\/p>\n<h3><strong>Wie hoch ist der maximale Einsatz im Online-Spiel Aviator?<\/strong><\/h3>\n<p>Der maximale Einsatz im Aviator Online Casino betr\u00e4gt 100$<\/p>\n<h3><strong>Wie spielt man das Spiel Aviator?<\/strong><\/h3>\n<p>Der Aviator-Slot ist ein sehr einfach zu spielendes Gl\u00fccksspiel. Das Wichtigste ist, beim Spielen von Aviator zwei Schritte zu unternehmen: Platzieren Sie einen Einsatz und ziehen Sie Ihren Einsatz nach Beginn der Runde ab. Der Einsatzbetrag und die Auszahlungszeit werden von Ihnen basierend auf Ihrer Situation und Risikobereitschaft festgelegt.<\/p>\n<h3><strong>Wie hackt man das Spiel Aviator?<\/strong><\/h3>\n<p>Das Aviator-Spiel kann nicht gehackt werden, also versuchen Sie es gar nicht erst. Die Hauptidee des Aviator-Hacks, der in Foren aktiv diskutiert wird, besteht darin, den n\u00e4chsten Multiplikator zu erraten, bei dem das Flugzeug wegfliegt. Es versteht sich, dass der Spieler bei Kenntnis des n\u00e4chsten Multiplikators Zeit hat, kurz vorher eine Auszahlung vorzunehmen. Tats\u00e4chlich ist es unm\u00f6glich, Aviator zu hacken oder den Multiplikatorabfall zu kontrollieren.<\/p>\n<h3><strong>Wie l\u00e4sst sich das Ergebnis des Aviator-Spiels vorhersagen?<\/strong><\/h3>\n<p>Niemand kann das Ergebnis einer Runde des Aviator-Spiels mit einer Wahrscheinlichkeit von 100 % vorhersagen. Oft k\u00f6nnen wir nur die Wahrscheinlichkeit vorhersagen, einen bestimmten Multiplikator zu erreichen. Wenn Sie sich beispielsweise die Historie des Multiplikators ansehen und feststellen, dass der Multiplikator 100 in der letzten Stunde noch nie aufgetaucht ist, besteht eine hohe Wahrscheinlichkeit, dass er in naher Zukunft auftauchen wird. Allerdings l\u00e4sst sich nicht vorhersagen, welcher Multiplikator das n\u00e4chste Mal erscheint, zum Beispiel x1,05 oder x3,0.<\/p>\n<h3><strong>Was\u00a0<\/strong><strong>RTP<\/strong><strong>\u00a0Aviator-Slot?<\/strong><\/h3>\n<p>Der RTP des Aviator-Slots betr\u00e4gt laut der Website des Spieleentwicklers 97%.<\/p>\n<h3><strong>Wie gewinne ich das Aviator-Spiel?<\/strong><\/h3>\n<p>Der Sieg bei Aviator h\u00e4ngt von Ihrer Strategie ab. Daher ist es zun\u00e4chst wichtig, nicht zu entscheiden, wie man bei Aviator gewinnt, sondern wie man Aviator spielt. Um diese Frage zu beantworten, ist es wichtig, die richtige Strategie zum Spielen von Aviator zu w\u00e4hlen. Kurz gesagt: Eine konservative Strategie beim Spielen von Aviator minimiert das Verlustrisiko und hilft Ihnen, regelm\u00e4\u00dfig kleine Betr\u00e4ge zu gewinnen. Die Strategie mit maximalem Risiko hilft Ihnen, gro\u00dfe Summen zu gewinnen, aber auch die Wahrscheinlichkeit, dass Sie Ihre gesamte Einzahlung verlieren, ist hoch.<\/p>\n<h3><strong>Wie t\u00e4tige ich eine Einzahlung im Aviator-Spiel?<\/strong><\/h3>\n<p>Um eine Einzahlung im Aviator-Spiel zu t\u00e4tigen, m\u00fcssen Sie sich auf der Website des Online-Casinos registrieren. Unmittelbar nach der Registrierung ist es wichtig, die Kontoverifizierung durchzuf\u00fchren und eine Einzahlung \u00fcber eine der vom Casino angebotenen Methoden vorzunehmen. In der Regel k\u00f6nnen Sie Ihre Einzahlung mit einer Bankkarte, Kryptow\u00e4hrung und elektronischen Geldb\u00f6rsen aufladen.<\/p>\n<h3><strong>Wie kann ich Geld von Aviator auf eine Bankkarte abheben?<\/strong><\/h3>\n<p>Unmittelbar nach dem Gewinn geht das Geld auf das Spielkonto. Der Spieler kann Geld vom Spielkonto abheben. Auszahlungsmethoden und -bedingungen h\u00e4ngen vom Online-Casino ab. In einigen Casinos k\u00f6nnen Sie beispielsweise Geld auf genau die gleiche Weise abheben, wie Sie das Geld eingezahlt haben. In einigen Casinos ist die Verwendung von Bankkarten nicht gestattet, beispielsweise in Krypto-Casinos.<\/p>\n\n<div style=\"font-size: 0px; height: 0px; line-height: 0px; margin: 0; padding: 0; clear: both;\"><\/div>","protected":false},"excerpt":{"rendered":"<p>Kann ich das Crash-Spiel Aviator kostenlos spielen? Ja, das kannst du. Dar\u00fcber hinaus beraten viele Profis in der Welt des Gl\u00fccksspiels dazu<\/p>","protected":false},"author":1,"featured_media":0,"parent":0,"menu_order":0,"comment_status":"closed","ping_status":"closed","template":"","meta":{"footnotes":""},"class_list":["post-271","page","type-page","status-publish","hentry"],"yoast_head":"<!-- This site is optimized with the Yoast SEO plugin v22.0 - https:\/\/yoast.com\/wordpress\/plugins\/seo\/ -->\n<title>\u0427\u0430\u0441\u0442\u043e \u0437\u0430\u0434\u0430\u0432\u0430\u0435\u043c\u044b\u0435 \u0432\u043e\u043f\u0440\u043e\u0441\u044b \u043e\u0431 \u0438\u0433\u0440\u0435 \u0410\u0432\u0438\u0430\u0442\u043e\u0440 \u2014 FAQ \u043e \u043a\u0440\u0430\u0448-\u0441\u043b\u043e\u0442\u0435<\/title>\n<meta name=\"description\" content=\"\u0423\u0437\u043d\u0430\u0439\u0442\u0435 \u043e\u0442\u0432\u0435\u0442\u044b \u043d\u0430 \u0447\u0430\u0441\u0442\u043e \u0437\u0430\u0434\u0430\u0432\u0430\u0435\u043c\u044b\u0435 \u0432\u043e\u043f\u0440\u043e\u0441\u044b \u043e\u0431 \u0438\u0433\u0440\u0435 \u0410\u0432\u0438\u0430\u0442\u043e\u0440: \u043a\u0430\u043a \u0438\u0433\u0440\u0430\u0442\u044c, \u043f\u0440\u043e \u0441\u0442\u0430\u0432\u043a\u0438, \u043e\u0431 RTP,\u043e \u0432\u044b\u0432\u043e\u0434\u0435 \u0434\u0435\u043d\u0435\u0433 \u0438 \u043a\u0430\u043a \u0431\u0435\u0437\u043e\u043f\u0430\u0441\u043d\u043e \u0438\u0433\u0440\u0430\u0442\u044c \u0432 \u043a\u0440\u0430\u0448-\u0441\u043b\u043e\u0442 \u043d\u0430 \u0434\u0435\u043d\u044c\u0433\u0438 \u0432 \u043a\u0430\u0437\u0438\u043d\u043e.\" \/>\n<meta name=\"robots\" content=\"index, follow, max-snippet:-1, max-image-preview:large, max-video-preview:-1\" \/>\n<link rel=\"canonical\" href=\"https:\/\/aviator-slotgame.com\/de\/faq\/\" \/>\n<meta property=\"og:locale\" content=\"de_DE\" \/>\n<meta property=\"og:type\" content=\"article\" \/>\n<meta property=\"og:title\" content=\"\u0427\u0430\u0441\u0442\u043e \u0437\u0430\u0434\u0430\u0432\u0430\u0435\u043c\u044b\u0435 \u0432\u043e\u043f\u0440\u043e\u0441\u044b \u043e\u0431 \u0438\u0433\u0440\u0435 \u0410\u0432\u0438\u0430\u0442\u043e\u0440 \u2014 FAQ \u043e \u043a\u0440\u0430\u0448-\u0441\u043b\u043e\u0442\u0435\" \/>\n<meta property=\"og:description\" content=\"\u0423\u0437\u043d\u0430\u0439\u0442\u0435 \u043e\u0442\u0432\u0435\u0442\u044b \u043d\u0430 \u0447\u0430\u0441\u0442\u043e \u0437\u0430\u0434\u0430\u0432\u0430\u0435\u043c\u044b\u0435 \u0432\u043e\u043f\u0440\u043e\u0441\u044b \u043e\u0431 \u0438\u0433\u0440\u0435 \u0410\u0432\u0438\u0430\u0442\u043e\u0440: \u043a\u0430\u043a \u0438\u0433\u0440\u0430\u0442\u044c, \u043f\u0440\u043e \u0441\u0442\u0430\u0432\u043a\u0438, \u043e\u0431 RTP,\u043e \u0432\u044b\u0432\u043e\u0434\u0435 \u0434\u0435\u043d\u0435\u0433 \u0438 \u043a\u0430\u043a \u0431\u0435\u0437\u043e\u043f\u0430\u0441\u043d\u043e \u0438\u0433\u0440\u0430\u0442\u044c \u0432 \u043a\u0440\u0430\u0448-\u0441\u043b\u043e\u0442 \u043d\u0430 \u0434\u0435\u043d\u044c\u0433\u0438 \u0432 \u043a\u0430\u0437\u0438\u043d\u043e.\" \/>\n<meta property=\"og:url\" content=\"https:\/\/aviator-slotgame.com\/de\/faq\/\" \/>\n<meta property=\"og:site_name\" content=\"Aviator\" \/>\n<meta property=\"article:modified_time\" content=\"2024-10-03T22:45:15+00:00\" \/>\n<meta name=\"twitter:card\" content=\"summary_large_image\" \/>\n<meta name=\"twitter:label1\" content=\"Gesch\u00e4tzte Lesezeit\" \/>\n\t<meta name=\"twitter:data1\" content=\"3\u00a0Minuten\" \/>\n<script type=\"application\/ld+json\" class=\"yoast-schema-graph\">{\"@context\":\"https:\/\/schema.org\",\"@graph\":[{\"@type\":\"WebPage\",\"@id\":\"https:\/\/aviator-slotgame.com\/faq\/\",\"url\":\"https:\/\/aviator-slotgame.com\/faq\/\",\"name\":\"\u0427\u0430\u0441\u0442\u043e \u0437\u0430\u0434\u0430\u0432\u0430\u0435\u043c\u044b\u0435 \u0432\u043e\u043f\u0440\u043e\u0441\u044b \u043e\u0431 \u0438\u0433\u0440\u0435 \u0410\u0432\u0438\u0430\u0442\u043e\u0440 \u2014 FAQ \u043e \u043a\u0440\u0430\u0448-\u0441\u043b\u043e\u0442\u0435\",\"isPartOf\":{\"@id\":\"https:\/\/aviator-slotgame.com\/#website\"},\"datePublished\":\"2024-09-06T15:05:30+00:00\",\"dateModified\":\"2024-10-03T22:45:15+00:00\",\"description\":\"\u0423\u0437\u043d\u0430\u0439\u0442\u0435 \u043e\u0442\u0432\u0435\u0442\u044b \u043d\u0430 \u0447\u0430\u0441\u0442\u043e \u0437\u0430\u0434\u0430\u0432\u0430\u0435\u043c\u044b\u0435 \u0432\u043e\u043f\u0440\u043e\u0441\u044b \u043e\u0431 \u0438\u0433\u0440\u0435 \u0410\u0432\u0438\u0430\u0442\u043e\u0440: \u043a\u0430\u043a \u0438\u0433\u0440\u0430\u0442\u044c, \u043f\u0440\u043e \u0441\u0442\u0430\u0432\u043a\u0438, \u043e\u0431 RTP,\u043e \u0432\u044b\u0432\u043e\u0434\u0435 \u0434\u0435\u043d\u0435\u0433 \u0438 \u043a\u0430\u043a \u0431\u0435\u0437\u043e\u043f\u0430\u0441\u043d\u043e \u0438\u0433\u0440\u0430\u0442\u044c \u0432 \u043a\u0440\u0430\u0448-\u0441\u043b\u043e\u0442 \u043d\u0430 \u0434\u0435\u043d\u044c\u0433\u0438 \u0432 \u043a\u0430\u0437\u0438\u043d\u043e.\",\"breadcrumb\":{\"@id\":\"https:\/\/aviator-slotgame.com\/faq\/#breadcrumb\"},\"inLanguage\":\"de\",\"potentialAction\":[{\"@type\":\"ReadAction\",\"target\":[\"https:\/\/aviator-slotgame.com\/faq\/\"]}]},{\"@type\":\"BreadcrumbList\",\"@id\":\"https:\/\/aviator-slotgame.com\/faq\/#breadcrumb\",\"itemListElement\":[{\"@type\":\"ListItem\",\"position\":1,\"name\":\"Home\",\"item\":\"https:\/\/aviator-slotgame.com\/\"},{\"@type\":\"ListItem\",\"position\":2,\"name\":\"FAQ \u043e\u0431 \u0438\u0433\u0440\u0435 Aviator &#8211; \u041e\u0442\u0432\u0435\u0442\u044b \u043d\u0430 \u043f\u043e\u043f\u0443\u043b\u044f\u0440\u043d\u044b\u0435 \u0432\u043e\u043f\u0440\u043e\u0441\u044b \u043e \u0438\u0433\u0440\u0435\"}]},{\"@type\":\"WebSite\",\"@id\":\"https:\/\/aviator-slotgame.com\/#website\",\"url\":\"https:\/\/aviator-slotgame.com\/\",\"name\":\"Aviator\",\"description\":\"\",\"publisher\":{\"@id\":\"https:\/\/aviator-slotgame.com\/#organization\"},\"potentialAction\":[{\"@type\":\"SearchAction\",\"target\":{\"@type\":\"EntryPoint\",\"urlTemplate\":\"https:\/\/aviator-slotgame.com\/?s={search_term_string}\"},\"query-input\":\"required name=search_term_string\"}],\"inLanguage\":\"de\"},{\"@type\":\"Organization\",\"@id\":\"https:\/\/aviator-slotgame.com\/#organization\",\"name\":\"Aviator\",\"url\":\"https:\/\/aviator-slotgame.com\/\",\"logo\":{\"@type\":\"ImageObject\",\"inLanguage\":\"de\",\"@id\":\"https:\/\/aviator-slotgame.com\/#\/schema\/logo\/image\/\",\"url\":\"https:\/\/aviator-slotgame.com\/wp-content\/uploads\/16f5e8_dade544d4623411c9c4153c639aae85amv2.webp\",\"contentUrl\":\"https:\/\/aviator-slotgame.com\/wp-content\/uploads\/16f5e8_dade544d4623411c9c4153c639aae85amv2.webp\",\"width\":400,\"height\":300,\"caption\":\"Aviator\"},\"image\":{\"@id\":\"https:\/\/aviator-slotgame.com\/#\/schema\/logo\/image\/\"}}]}<\/script>\n<!-- \/ Yoast SEO plugin. -->","yoast_head_json":{"title":"\u0427\u0430\u0441\u0442\u043e \u0437\u0430\u0434\u0430\u0432\u0430\u0435\u043c\u044b\u0435 \u0432\u043e\u043f\u0440\u043e\u0441\u044b \u043e\u0431 \u0438\u0433\u0440\u0435 \u0410\u0432\u0438\u0430\u0442\u043e\u0440 \u2014 FAQ \u043e \u043a\u0440\u0430\u0448-\u0441\u043b\u043e\u0442\u0435","description":"\u0423\u0437\u043d\u0430\u0439\u0442\u0435 \u043e\u0442\u0432\u0435\u0442\u044b \u043d\u0430 \u0447\u0430\u0441\u0442\u043e \u0437\u0430\u0434\u0430\u0432\u0430\u0435\u043c\u044b\u0435 \u0432\u043e\u043f\u0440\u043e\u0441\u044b \u043e\u0431 \u0438\u0433\u0440\u0435 \u0410\u0432\u0438\u0430\u0442\u043e\u0440: \u043a\u0430\u043a \u0438\u0433\u0440\u0430\u0442\u044c, \u043f\u0440\u043e \u0441\u0442\u0430\u0432\u043a\u0438, \u043e\u0431 RTP,\u043e \u0432\u044b\u0432\u043e\u0434\u0435 \u0434\u0435\u043d\u0435\u0433 \u0438 \u043a\u0430\u043a \u0431\u0435\u0437\u043e\u043f\u0430\u0441\u043d\u043e \u0438\u0433\u0440\u0430\u0442\u044c \u0432 \u043a\u0440\u0430\u0448-\u0441\u043b\u043e\u0442 \u043d\u0430 \u0434\u0435\u043d\u044c\u0433\u0438 \u0432 \u043a\u0430\u0437\u0438\u043d\u043e.","robots":{"index":"index","follow":"follow","max-snippet":"max-snippet:-1","max-image-preview":"max-image-preview:large","max-video-preview":"max-video-preview:-1"},"canonical":"https:\/\/aviator-slotgame.com\/de\/faq\/","og_locale":"de_DE","og_type":"article","og_title":"\u0427\u0430\u0441\u0442\u043e \u0437\u0430\u0434\u0430\u0432\u0430\u0435\u043c\u044b\u0435 \u0432\u043e\u043f\u0440\u043e\u0441\u044b \u043e\u0431 \u0438\u0433\u0440\u0435 \u0410\u0432\u0438\u0430\u0442\u043e\u0440 \u2014 FAQ \u043e \u043a\u0440\u0430\u0448-\u0441\u043b\u043e\u0442\u0435","og_description":"\u0423\u0437\u043d\u0430\u0439\u0442\u0435 \u043e\u0442\u0432\u0435\u0442\u044b \u043d\u0430 \u0447\u0430\u0441\u0442\u043e \u0437\u0430\u0434\u0430\u0432\u0430\u0435\u043c\u044b\u0435 \u0432\u043e\u043f\u0440\u043e\u0441\u044b \u043e\u0431 \u0438\u0433\u0440\u0435 \u0410\u0432\u0438\u0430\u0442\u043e\u0440: \u043a\u0430\u043a \u0438\u0433\u0440\u0430\u0442\u044c, \u043f\u0440\u043e \u0441\u0442\u0430\u0432\u043a\u0438, \u043e\u0431 RTP,\u043e \u0432\u044b\u0432\u043e\u0434\u0435 \u0434\u0435\u043d\u0435\u0433 \u0438 \u043a\u0430\u043a \u0431\u0435\u0437\u043e\u043f\u0430\u0441\u043d\u043e \u0438\u0433\u0440\u0430\u0442\u044c \u0432 \u043a\u0440\u0430\u0448-\u0441\u043b\u043e\u0442 \u043d\u0430 \u0434\u0435\u043d\u044c\u0433\u0438 \u0432 \u043a\u0430\u0437\u0438\u043d\u043e.","og_url":"https:\/\/aviator-slotgame.com\/de\/faq\/","og_site_name":"Aviator","article_modified_time":"2024-10-03T22:45:15+00:00","twitter_card":"summary_large_image","twitter_misc":{"Gesch\u00e4tzte Lesezeit":"3\u00a0Minuten"},"schema":{"@context":"https:\/\/schema.org","@graph":[{"@type":"WebPage","@id":"https:\/\/aviator-slotgame.com\/faq\/","url":"https:\/\/aviator-slotgame.com\/faq\/","name":"\u0427\u0430\u0441\u0442\u043e \u0437\u0430\u0434\u0430\u0432\u0430\u0435\u043c\u044b\u0435 \u0432\u043e\u043f\u0440\u043e\u0441\u044b \u043e\u0431 \u0438\u0433\u0440\u0435 \u0410\u0432\u0438\u0430\u0442\u043e\u0440 \u2014 FAQ \u043e \u043a\u0440\u0430\u0448-\u0441\u043b\u043e\u0442\u0435","isPartOf":{"@id":"https:\/\/aviator-slotgame.com\/#website"},"datePublished":"2024-09-06T15:05:30+00:00","dateModified":"2024-10-03T22:45:15+00:00","description":"\u0423\u0437\u043d\u0430\u0439\u0442\u0435 \u043e\u0442\u0432\u0435\u0442\u044b \u043d\u0430 \u0447\u0430\u0441\u0442\u043e \u0437\u0430\u0434\u0430\u0432\u0430\u0435\u043c\u044b\u0435 \u0432\u043e\u043f\u0440\u043e\u0441\u044b \u043e\u0431 \u0438\u0433\u0440\u0435 \u0410\u0432\u0438\u0430\u0442\u043e\u0440: \u043a\u0430\u043a \u0438\u0433\u0440\u0430\u0442\u044c, \u043f\u0440\u043e \u0441\u0442\u0430\u0432\u043a\u0438, \u043e\u0431 RTP,\u043e \u0432\u044b\u0432\u043e\u0434\u0435 \u0434\u0435\u043d\u0435\u0433 \u0438 \u043a\u0430\u043a \u0431\u0435\u0437\u043e\u043f\u0430\u0441\u043d\u043e \u0438\u0433\u0440\u0430\u0442\u044c \u0432 \u043a\u0440\u0430\u0448-\u0441\u043b\u043e\u0442 \u043d\u0430 \u0434\u0435\u043d\u044c\u0433\u0438 \u0432 \u043a\u0430\u0437\u0438\u043d\u043e.","breadcrumb":{"@id":"https:\/\/aviator-slotgame.com\/faq\/#breadcrumb"},"inLanguage":"de","potentialAction":[{"@type":"ReadAction","target":["https:\/\/aviator-slotgame.com\/faq\/"]}]},{"@type":"BreadcrumbList","@id":"https:\/\/aviator-slotgame.com\/faq\/#breadcrumb","itemListElement":[{"@type":"ListItem","position":1,"name":"Home","item":"https:\/\/aviator-slotgame.com\/"},{"@type":"ListItem","position":2,"name":"FAQ \u043e\u0431 \u0438\u0433\u0440\u0435 Aviator &#8211; \u041e\u0442\u0432\u0435\u0442\u044b \u043d\u0430 \u043f\u043e\u043f\u0443\u043b\u044f\u0440\u043d\u044b\u0435 \u0432\u043e\u043f\u0440\u043e\u0441\u044b \u043e \u0438\u0433\u0440\u0435"}]},{"@type":"WebSite","@id":"https:\/\/aviator-slotgame.com\/#website","url":"https:\/\/aviator-slotgame.com\/","name":"Aviator","description":"","publisher":{"@id":"https:\/\/aviator-slotgame.com\/#organization"},"potentialAction":[{"@type":"SearchAction","target":{"@type":"EntryPoint","urlTemplate":"https:\/\/aviator-slotgame.com\/?s={search_term_string}"},"query-input":"required name=search_term_string"}],"inLanguage":"de"},{"@type":"Organization","@id":"https:\/\/aviator-slotgame.com\/#organization","name":"Aviator","url":"https:\/\/aviator-slotgame.com\/","logo":{"@type":"ImageObject","inLanguage":"de","@id":"https:\/\/aviator-slotgame.com\/#\/schema\/logo\/image\/","url":"https:\/\/aviator-slotgame.com\/wp-content\/uploads\/16f5e8_dade544d4623411c9c4153c639aae85amv2.webp","contentUrl":"https:\/\/aviator-slotgame.com\/wp-content\/uploads\/16f5e8_dade544d4623411c9c4153c639aae85amv2.webp","width":400,"height":300,"caption":"Aviator"},"image":{"@id":"https:\/\/aviator-slotgame.com\/#\/schema\/logo\/image\/"}}]}},"amp_enabled":true,"_links":{"self":[{"href":"https:\/\/aviator-slotgame.com\/de\/wp-json\/wp\/v2\/pages\/271","targetHints":{"allow":["GET"]}}],"collection":[{"href":"https:\/\/aviator-slotgame.com\/de\/wp-json\/wp\/v2\/pages"}],"about":[{"href":"https:\/\/aviator-slotgame.com\/de\/wp-json\/wp\/v2\/types\/page"}],"author":[{"embeddable":true,"href":"https:\/\/aviator-slotgame.com\/de\/wp-json\/wp\/v2\/users\/1"}],"replies":[{"embeddable":true,"href":"https:\/\/aviator-slotgame.com\/de\/wp-json\/wp\/v2\/comments?post=271"}],"version-history":[{"count":8,"href":"https:\/\/aviator-slotgame.com\/de\/wp-json\/wp\/v2\/pages\/271\/revisions"}],"predecessor-version":[{"id":407,"href":"https:\/\/aviator-slotgame.com\/de\/wp-json\/wp\/v2\/pages\/271\/revisions\/407"}],"wp:attachment":[{"href":"https:\/\/aviator-slotgame.com\/de\/wp-json\/wp\/v2\/media?parent=271"}],"curies":[{"name":"wp","href":"https:\/\/api.w.org\/{rel}","templated":true}]}}