{"id":29,"date":"2024-01-31T12:59:48","date_gmt":"2024-01-31T12:59:48","guid":{"rendered":"https:\/\/aviator-slotgame.com\/?page_id=29"},"modified":"2024-10-04T00:04:28","modified_gmt":"2024-10-04T00:04:28","slug":"aviator-by-spribe","status":"publish","type":"page","link":"https:\/\/aviator-slotgame.com\/de\/online-casinos-mit-aviator-von-spribe\/","title":{"rendered":"Online-Casino mit Aviator von Spribe"},"content":{"rendered":"<div class=\"c8b298c54d5f4864bb6785f1b218d9b6\" data-index=\"1\" style=\"float: none; margin:10px 0 10px 0; text-align:center;\">\n<div class=\"custom-play-button\">\r\n<center><a href=\"https:\/\/aviator-slotgame.com\/de\/play-game\/\" rel=\"nofollow\" target=\"_blank\">Jetzt spielen<\/a><br><\/center>\r\n<\/div>\n<\/div>\n<p>Suchen Sie nach Online-Casinos, die Aviator anbieten? Hier sind Sie richtig!<\/p>\n<p>Das Spielen in einem Online-Casino kann eine aufregende und unterhaltsame Erfahrung sein. Aviator bietet fl\u00fcssiges Gameplay, tolle Grafik und Boni. In den besten Online-Casinos, die dieses Spiel anbieten, k\u00f6nnen Sie einfache Ein- und Auszahlungen, sichere Spielbedingungen, Kundensupport rund um die Uhr und eine gro\u00dfe Auswahl an Spielen erwarten.<\/p>\n<p>Wenn Sie in einem Online-Casino um echtes Geld oder Kryptow\u00e4hrungen spielen, ist es wichtig sicherzustellen, dass das Online-Casino vertrauensw\u00fcrdig ist. Wir helfen Ihnen bei der Entscheidung, welches Online-Casino f\u00fcr Ihre Aviator-Bed\u00fcrfnisse am besten geeignet ist. Wenn Sie diesem Leitfaden folgen, finden Sie ganz einfach Online-Casinos, die Aviator anbieten, und k\u00f6nnen sofort mit dem hervorragenden Online-Gl\u00fccksspiel beginnen!<\/p>\n<p><img loading=\"lazy\" decoding=\"async\" class=\"alignnone size-full wp-image-209\" title=\"Aviator von Spribe\" src=\"https:\/\/aviator-slotgame.com\/wp-content\/uploads\/aviator-2.png\" alt=\"Aviator von Spribe\" width=\"800\" height=\"445\" srcset=\"https:\/\/aviator-slotgame.com\/wp-content\/uploads\/aviator-2.png 800w, https:\/\/aviator-slotgame.com\/wp-content\/uploads\/aviator-2-300x167.png 300w, https:\/\/aviator-slotgame.com\/wp-content\/uploads\/aviator-2-768x427.png 768w, https:\/\/aviator-slotgame.com\/wp-content\/uploads\/aviator-2-18x10.png 18w\" sizes=\"auto, (max-width: 800px) 100vw, 800px\" \/><\/p><div class=\"c8b298c54d5f4864bb6785f1b218d9b6\" data-index=\"1\" style=\"float: none; margin:10px 0 10px 0; text-align:center;\">\n<div class=\"custom-play-button\">\r\n<center><a href=\"https:\/\/aviator-slotgame.com\/de\/play-game\/\" rel=\"nofollow\" target=\"_blank\">Jetzt spielen<\/a><br><\/center>\r\n<\/div>\n<\/div>\n\n<h2>W\u00e4hlen Sie ein Online-Casino, um Aviator zu spielen<\/h2>\n<p>Hier ist eine Liste von Fragen, die Sie bei der Auswahl einer Casino-Website ber\u00fccksichtigen sollten:<\/p>\n<ul>\n<li>Hat die Seite bei den Spielern einen guten Ruf?<\/li>\n<li>Ist Aviator auf dieser Website verf\u00fcgbar?<\/li>\n<li>Ist dieses Casino f\u00fcr den Betrieb in Ihrem Land lizenziert?<\/li>\n<li>Akzeptiert das Online-Casino Ihre bevorzugte W\u00e4hrung?<\/li>\n<li>Akzeptieren sie Ihre Lieblingsm\u00fcnze, wenn Sie Kryptow\u00e4hrungen verwenden m\u00f6chten?<\/li>\n<li>Welche Willkommensbonusse stehen neuen Online-Casino-Spielern zur Verf\u00fcgung?<\/li>\n<\/ul>\n<h3>Beste Willkommensboni f\u00fcr Fliegerspieler<\/h3>\n<p>Der beste Casino-Willkommensbonus bietet neuen Spielern bei ihrer ersten Einzahlung das entsprechende Guthaben auf der Website sowie ein Freispielpaket! Lesen Sie vor der Registrierung unbedingt die Allgemeinen Gesch\u00e4ftsbedingungen des Online-Casinos.<\/p>\n<p>Vergessen Sie nicht, Spa\u00df zu haben! Das Spielen in einem Online-Casino soll Spa\u00df machen. Nehmen Sie sich Zeit, machen Sie ein paar Testl\u00e4ufe und genie\u00dfen Sie dann die Spannung, Aviator zu spielen! Viel Gl\u00fcck!<\/p>\n<table>\n<tbody>\n<tr>\n<td><strong>WILLKOMMEN-BONUS-ANGEBOTE<\/strong><\/td>\n<\/tr>\n<tr>\n<td><strong>Ersteinzahlungsdarlehen<\/strong><\/td>\n<td>150% oder h\u00f6her<\/td>\n<\/tr>\n<tr>\n<td><strong>Maximaler Bonus<\/strong><\/td>\n<td>Nicht weniger als \u20b925.000<\/td>\n<\/tr>\n<tr>\n<td><strong>Freispiele<\/strong><\/td>\n<td>\u00dcber 150 Freispiele<\/td>\n<\/tr>\n<\/tbody>\n<\/table>\n<p><img loading=\"lazy\" decoding=\"async\" class=\"alignnone size-full wp-image-363\" src=\"https:\/\/aviator-slotgame.com\/wp-content\/uploads\/Aviator-32-800-x-600-\u043f\u0438\u043a\u0441.jpg\" alt=\"Online-Casino im Aviator-Spiel\" width=\"800\" height=\"600\" srcset=\"https:\/\/aviator-slotgame.com\/wp-content\/uploads\/Aviator-32-800-x-600-\u043f\u0438\u043a\u0441.jpg 800w, https:\/\/aviator-slotgame.com\/wp-content\/uploads\/Aviator-32-800-x-600-\u043f\u0438\u043a\u0441-300x225.jpg 300w, https:\/\/aviator-slotgame.com\/wp-content\/uploads\/Aviator-32-800-x-600-\u043f\u0438\u043a\u0441-768x576.jpg 768w, https:\/\/aviator-slotgame.com\/wp-content\/uploads\/Aviator-32-800-x-600-\u043f\u0438\u043a\u0441-16x12.jpg 16w\" sizes=\"auto, (max-width: 800px) 100vw, 800px\" \/><\/p>\n<h2 id=\"h-online-cryptocurrency-casinos\">Online-Casinos mit Kryptow\u00e4hrung<\/h2>\n<p>Die anf\u00e4ngliche Popularit\u00e4t von Aviator kam aus der Welt der Kryptow\u00e4hrungs-Casinos. Sein geringer Hausvorteil und sein schnelles Spieltempo haben es zu einem Favoriten unter Krypto-Slot-Spielern auf der ganzen Welt gemacht. Dar\u00fcber hinaus ist das Spiel aufgrund des sozialen Mehrspielermodus und der Wettbewerbsaspekte perfekt f\u00fcr Krypto-Communitys geeignet.<\/p>\n<p>Wenn Sie nach einem Online-Casino suchen, das Kryptow\u00e4hrungen unterst\u00fctzt, sollten Sie einige Dinge beachten.<\/p>\n<figure class=\"wp-block-table\">\n<table>\n<tbody>\n<tr>\n<td><strong>ALLGEMEIN AKZEPTIERTE KRYPTOW\u00c4HRUNGEN IN CASINOS<\/strong><\/td>\n<\/tr>\n<tr>\n<td><strong>Bitcoin (BTC)<\/strong><\/td>\n<\/tr>\n<tr>\n<td><strong>Ethereum (ETH)<\/strong><\/td>\n<\/tr>\n<tr>\n<td><strong>Bitcoin Cash (BCH)<\/strong><\/td>\n<\/tr>\n<tr>\n<td><strong>Litecoin (LTC)<\/strong><\/td>\n<\/tr>\n<tr>\n<td><strong>Dogecoin (DOGE)<\/strong><\/td>\n<\/tr>\n<\/tbody>\n<\/table>\n<\/figure>\n<p><img loading=\"lazy\" decoding=\"async\" class=\"alignnone size-full wp-image-356\" src=\"https:\/\/aviator-slotgame.com\/wp-content\/uploads\/Aviator-29-800-x-600-\u043f\u0438\u043a\u0441-1.jpg\" alt=\"Zahlung mit Krypto in Online-Casinos\" width=\"800\" height=\"600\" srcset=\"https:\/\/aviator-slotgame.com\/wp-content\/uploads\/Aviator-29-800-x-600-\u043f\u0438\u043a\u0441-1.jpg 800w, https:\/\/aviator-slotgame.com\/wp-content\/uploads\/Aviator-29-800-x-600-\u043f\u0438\u043a\u0441-1-300x225.jpg 300w, https:\/\/aviator-slotgame.com\/wp-content\/uploads\/Aviator-29-800-x-600-\u043f\u0438\u043a\u0441-1-768x576.jpg 768w, https:\/\/aviator-slotgame.com\/wp-content\/uploads\/Aviator-29-800-x-600-\u043f\u0438\u043a\u0441-1-16x12.jpg 16w\" sizes=\"auto, (max-width: 800px) 100vw, 800px\" \/><\/p>\n<h2 id=\"h-the-social-experience\">Soziale Erfahrungen<\/h2>\n<p>In Aviator k\u00f6nnen Sie in Echtzeit mit anderen Spielern chatten, Ihr eigenes Profilfoto erstellen, sich gegenseitig die Wetten ansehen und Ihre h\u00f6chsten Gewinne pr\u00e4sentieren! Und das alles online!<\/p>\n<p>Nur wenige Slot-\u00e4hnliche Spiele bieten den Spielern die M\u00f6glichkeit, miteinander zu kommunizieren und die Wetten der anderen im Auge zu behalten, wie es Aviator bietet. Das Gef\u00fchl von Online-Multiplayer-Spielen ist in der Welt der Casinos selten, wo die Leute oft isoliert sind und alleine ihre Lieblingswalzen drehen. In einem normalen Casino kann man einsam sein, aber auf Websites ist das 100-mal einfacher.<\/p>\n<p><img loading=\"lazy\" decoding=\"async\" class=\"alignnone size-full wp-image-365\" src=\"https:\/\/aviator-slotgame.com\/wp-content\/uploads\/Aviator-33-800-x-600-\u043f\u0438\u043a\u0441.jpg\" alt=\"Soziale Erfahrung im Flieger\" width=\"800\" height=\"600\" srcset=\"https:\/\/aviator-slotgame.com\/wp-content\/uploads\/Aviator-33-800-x-600-\u043f\u0438\u043a\u0441.jpg 800w, https:\/\/aviator-slotgame.com\/wp-content\/uploads\/Aviator-33-800-x-600-\u043f\u0438\u043a\u0441-300x225.jpg 300w, https:\/\/aviator-slotgame.com\/wp-content\/uploads\/Aviator-33-800-x-600-\u043f\u0438\u043a\u0441-768x576.jpg 768w, https:\/\/aviator-slotgame.com\/wp-content\/uploads\/Aviator-33-800-x-600-\u043f\u0438\u043a\u0441-16x12.jpg 16w\" sizes=\"auto, (max-width: 800px) 100vw, 800px\" \/><\/p>\n<h2 id=\"h-aviator-mobile-devices\">Mobile Aviator-Ger\u00e4te<\/h2>\n<p>Wenn Ihre Lieblings-Casino-Website eine mobile Version ihrer Website oder eine spezielle App anbietet, k\u00f6nnen Sie Aviator online von jedem Ort aus spielen, an dem Sie \u00fcber einen Mobilfunkempfang verf\u00fcgen. Vielleicht bist du am Strand oder auf der Couch. Oder vielleicht stehen Sie in der Schlange f\u00fcr Ihren Morgenkaffee und m\u00f6chten w\u00e4hrend des Wartens auf ein paar Fl\u00fcge wetten.<\/p>\n<p>Das sind gro\u00dfartige Neuigkeiten, wenn Sie Aviator spielen \u2013 das Spiel ist f\u00fcr Smartphone-Bildschirme optimiert und l\u00e4uft perfekt auf Android- und iOS-Betriebssystemen. Und dank der praktischen Steuerung k\u00f6nnen Sie ganz einfach eine Wette platzieren, auf die Schaltfl\u00e4che \u201eAuszahlen\u201c klicken und Ihre Gewinne von \u00fcberall aus abheben!<\/p>\n<p><img loading=\"lazy\" decoding=\"async\" class=\"alignnone size-full wp-image-367\" src=\"https:\/\/aviator-slotgame.com\/wp-content\/uploads\/Aviator-34-800-x-600-\u043f\u0438\u043a\u0441.jpg\" alt=\"Spielen Sie Aviator auf Telefonen\" width=\"800\" height=\"600\" srcset=\"https:\/\/aviator-slotgame.com\/wp-content\/uploads\/Aviator-34-800-x-600-\u043f\u0438\u043a\u0441.jpg 800w, https:\/\/aviator-slotgame.com\/wp-content\/uploads\/Aviator-34-800-x-600-\u043f\u0438\u043a\u0441-300x225.jpg 300w, https:\/\/aviator-slotgame.com\/wp-content\/uploads\/Aviator-34-800-x-600-\u043f\u0438\u043a\u0441-768x576.jpg 768w, https:\/\/aviator-slotgame.com\/wp-content\/uploads\/Aviator-34-800-x-600-\u043f\u0438\u043a\u0441-16x12.jpg 16w\" sizes=\"auto, (max-width: 800px) 100vw, 800px\" \/><\/p>\n<h2 id=\"h-the-bottom-line\">Endeffekt<\/h2>\n<p>Wenn Sie auf der Suche nach einem aufregenden und neuen Online-Casino sind, sind Sie bei Aviator von Spribe genau richtig. Mit niedrigen Eins\u00e4tzen und leicht zu erlernenden Regeln bietet dieses Casino f\u00fcr jeden etwas. Dar\u00fcber hinaus kann Aviator mit seinem sozialen Aspekt und der Unterst\u00fctzung von Kryptow\u00e4hrungen Ihre Online-Spannung auf die n\u00e4chste Stufe heben! Worauf wartest du? Probieren Sie es noch heute aus und finden Sie heraus, warum es eines der hei\u00dfesten neuen Spiele der Stadt ist!<\/p>\n<p>Guten Flug!<\/p>\n<p><img loading=\"lazy\" decoding=\"async\" class=\"alignnone size-full wp-image-369\" src=\"https:\/\/aviator-slotgame.com\/wp-content\/uploads\/Aviator-35-800-x-600-\u043f\u0438\u043a\u0441.jpg\" alt=\"Ergebnisse\" width=\"800\" height=\"600\" srcset=\"https:\/\/aviator-slotgame.com\/wp-content\/uploads\/Aviator-35-800-x-600-\u043f\u0438\u043a\u0441.jpg 800w, https:\/\/aviator-slotgame.com\/wp-content\/uploads\/Aviator-35-800-x-600-\u043f\u0438\u043a\u0441-300x225.jpg 300w, https:\/\/aviator-slotgame.com\/wp-content\/uploads\/Aviator-35-800-x-600-\u043f\u0438\u043a\u0441-768x576.jpg 768w, https:\/\/aviator-slotgame.com\/wp-content\/uploads\/Aviator-35-800-x-600-\u043f\u0438\u043a\u0441-16x12.jpg 16w\" sizes=\"auto, (max-width: 800px) 100vw, 800px\" \/><\/p>\n<h2 id=\"h-frequently-asked-questions-faq\">H\u00e4ufig gestellte Fragen (FAQ)<\/h2>\n<h3 id=\"h-is-aviator-legal\">Ist das Aviator-Spiel legal?<\/h3>\n<p>Ja. Aviator ist 100%-legal. Online-Casinos, die dieses Spiel anbieten, sind ebenfalls legal, lizenziert und werden von den zust\u00e4ndigen Regierungsbeh\u00f6rden in ihrer Region reguliert.<\/p>\n<h3 id=\"h-who-makes-aviator\">Wer stellt den Aviator her?<\/h3>\n<p>Aviator wurde von Spribe erstellt.<\/p>\n<p>Spribe unterst\u00fctzt und entwickelt eine breite Palette von Online-Spielen f\u00fcr Websites auf der ganzen Welt.<\/p>\n<h3 id=\"h-are-online-casinos-rigged\">Sind Online-Casinos Betrug?<\/h3>\n<p>Wenn Sie seri\u00f6se, lizenzierte Websites zum Spielen w\u00e4hlen, dann sind diese absolut NICHT manipuliert.<\/p>\n<h3 id=\"h-is-aviator-fair\">Ist Aviator ehrlich?<\/h3>\n<p>Es ist leicht, gegen\u00fcber Online-Gl\u00fccksspielen misstrauisch zu sein. Wir verstehen. Aber Aviator ist das fairste und transparenteste Casinospiel auf dem gesamten Markt.<\/p>\n<p>Spribe nutzt die so genannte \u201eProvably Fair\u201c-Technologie, um sicherzustellen, dass jede Runde v\u00f6llig zuf\u00e4llig und fair abl\u00e4uft. Wenn Sie eines der Live-Spiele spielen, k\u00f6nnen Sie auf das gr\u00fcne Schildsymbol unten auf dem Bildschirm oder neben Ihrer Wette klicken, um diese Informationen anzuzeigen.<\/p>\n\n<div style=\"font-size: 0px; height: 0px; line-height: 0px; margin: 0; padding: 0; clear: both;\"><\/div>","protected":false},"excerpt":{"rendered":"<p>Suchen Sie nach Online-Casinos, die Aviator anbieten? Hier sind Sie richtig! Das Spielen in einem Online-Casino kann aufregend und unterhaltsam sein<\/p>","protected":false},"author":1,"featured_media":0,"parent":0,"menu_order":0,"comment_status":"closed","ping_status":"closed","template":"","meta":{"footnotes":""},"class_list":["post-29","page","type-page","status-publish","hentry"],"yoast_head":"<!-- This site is optimized with the Yoast SEO plugin v22.0 - https:\/\/yoast.com\/wordpress\/plugins\/seo\/ -->\n<title>Aviator \u043e\u0442 Spribe \u2013 \u041f\u043e\u043f\u0443\u043b\u044f\u0440\u043d\u0430\u044f \u0438\u0433\u0440\u0430 \u0441 \u0432\u044b\u0441\u043e\u043a\u0438\u043c\u0438 \u0432\u044b\u0438\u0433\u0440\u044b\u0448\u0430\u043c\u0438<\/title>\n<meta name=\"description\" content=\"\u041a\u0440\u0430\u0448-\u0438\u0433\u0440\u0430 \u0410\u0432\u0438\u0430\u0442\u043e\u0440 \u043e\u0442 Spribe \u2013 \u043b\u0443\u0447\u0448\u0438\u0439 \u0441\u043b\u043e\u0442 \u0434\u043b\u044f \u0430\u0437\u0430\u0440\u0442\u043d\u044b\u0445 \u0438\u0433\u0440\u043e\u043a\u043e\u0432. \u0421\u043b\u0435\u0434\u0438 \u0437\u0430 \u0441\u0430\u043c\u043e\u043b\u0435\u0442\u043e\u043c \u0438 \u0438\u0433\u0440\u0430\u0439 \u043d\u0430 \u0434\u0435\u043d\u044c\u0433\u0438 \u0432 \u043e\u043d\u043b\u0430\u0439\u043d \u043a\u0430\u0437\u0438\u043d\u043e, \u0438\u0433\u0440\u0430\u0439 \u0441 \u043c\u043e\u0431\u0438\u043b\u044c\u043d\u043e\u0433\u043e \u0438\u043b\u0438 \u0441\u043a\u0430\u0447\u0430\u0439 \u043d\u0430 \u0442\u0435\u043b\u0435\u0444\u043e\u043d.\" \/>\n<meta name=\"robots\" content=\"index, follow, max-snippet:-1, max-image-preview:large, max-video-preview:-1\" \/>\n<link rel=\"canonical\" href=\"https:\/\/aviator-slotgame.com\/de\/online-casinos-mit-aviator-von-spribe\/\" \/>\n<meta property=\"og:locale\" content=\"de_DE\" \/>\n<meta property=\"og:type\" content=\"article\" \/>\n<meta property=\"og:title\" content=\"Aviator \u043e\u0442 Spribe \u2013 \u041f\u043e\u043f\u0443\u043b\u044f\u0440\u043d\u0430\u044f \u0438\u0433\u0440\u0430 \u0441 \u0432\u044b\u0441\u043e\u043a\u0438\u043c\u0438 \u0432\u044b\u0438\u0433\u0440\u044b\u0448\u0430\u043c\u0438\" \/>\n<meta property=\"og:description\" content=\"\u041a\u0440\u0430\u0448-\u0438\u0433\u0440\u0430 \u0410\u0432\u0438\u0430\u0442\u043e\u0440 \u043e\u0442 Spribe \u2013 \u043b\u0443\u0447\u0448\u0438\u0439 \u0441\u043b\u043e\u0442 \u0434\u043b\u044f \u0430\u0437\u0430\u0440\u0442\u043d\u044b\u0445 \u0438\u0433\u0440\u043e\u043a\u043e\u0432. \u0421\u043b\u0435\u0434\u0438 \u0437\u0430 \u0441\u0430\u043c\u043e\u043b\u0435\u0442\u043e\u043c \u0438 \u0438\u0433\u0440\u0430\u0439 \u043d\u0430 \u0434\u0435\u043d\u044c\u0433\u0438 \u0432 \u043e\u043d\u043b\u0430\u0439\u043d \u043a\u0430\u0437\u0438\u043d\u043e, \u0438\u0433\u0440\u0430\u0439 \u0441 \u043c\u043e\u0431\u0438\u043b\u044c\u043d\u043e\u0433\u043e \u0438\u043b\u0438 \u0441\u043a\u0430\u0447\u0430\u0439 \u043d\u0430 \u0442\u0435\u043b\u0435\u0444\u043e\u043d.\" \/>\n<meta property=\"og:url\" content=\"https:\/\/aviator-slotgame.com\/de\/online-casinos-mit-aviator-von-spribe\/\" \/>\n<meta property=\"og:site_name\" content=\"Aviator\" \/>\n<meta property=\"article:modified_time\" content=\"2024-10-04T00:04:28+00:00\" \/>\n<meta property=\"og:image\" content=\"https:\/\/aviator-slotgame.com\/wp-content\/uploads\/aviator-2.png\" \/>\n<meta name=\"twitter:card\" content=\"summary_large_image\" \/>\n<meta name=\"twitter:label1\" content=\"Gesch\u00e4tzte Lesezeit\" \/>\n\t<meta name=\"twitter:data1\" content=\"5\u00a0Minuten\" \/>\n<script type=\"application\/ld+json\" class=\"yoast-schema-graph\">{\"@context\":\"https:\/\/schema.org\",\"@graph\":[{\"@type\":\"WebPage\",\"@id\":\"https:\/\/aviator-slotgame.com\/aviator-by-spribe\/\",\"url\":\"https:\/\/aviator-slotgame.com\/aviator-by-spribe\/\",\"name\":\"Aviator \u043e\u0442 Spribe \u2013 \u041f\u043e\u043f\u0443\u043b\u044f\u0440\u043d\u0430\u044f \u0438\u0433\u0440\u0430 \u0441 \u0432\u044b\u0441\u043e\u043a\u0438\u043c\u0438 \u0432\u044b\u0438\u0433\u0440\u044b\u0448\u0430\u043c\u0438\",\"isPartOf\":{\"@id\":\"https:\/\/aviator-slotgame.com\/#website\"},\"datePublished\":\"2024-01-31T12:59:48+00:00\",\"dateModified\":\"2024-10-04T00:04:28+00:00\",\"description\":\"\u041a\u0440\u0430\u0448-\u0438\u0433\u0440\u0430 \u0410\u0432\u0438\u0430\u0442\u043e\u0440 \u043e\u0442 Spribe \u2013 \u043b\u0443\u0447\u0448\u0438\u0439 \u0441\u043b\u043e\u0442 \u0434\u043b\u044f \u0430\u0437\u0430\u0440\u0442\u043d\u044b\u0445 \u0438\u0433\u0440\u043e\u043a\u043e\u0432. \u0421\u043b\u0435\u0434\u0438 \u0437\u0430 \u0441\u0430\u043c\u043e\u043b\u0435\u0442\u043e\u043c \u0438 \u0438\u0433\u0440\u0430\u0439 \u043d\u0430 \u0434\u0435\u043d\u044c\u0433\u0438 \u0432 \u043e\u043d\u043b\u0430\u0439\u043d \u043a\u0430\u0437\u0438\u043d\u043e, \u0438\u0433\u0440\u0430\u0439 \u0441 \u043c\u043e\u0431\u0438\u043b\u044c\u043d\u043e\u0433\u043e \u0438\u043b\u0438 \u0441\u043a\u0430\u0447\u0430\u0439 \u043d\u0430 \u0442\u0435\u043b\u0435\u0444\u043e\u043d.\",\"breadcrumb\":{\"@id\":\"https:\/\/aviator-slotgame.com\/aviator-by-spribe\/#breadcrumb\"},\"inLanguage\":\"de\",\"potentialAction\":[{\"@type\":\"ReadAction\",\"target\":[\"https:\/\/aviator-slotgame.com\/aviator-by-spribe\/\"]}]},{\"@type\":\"BreadcrumbList\",\"@id\":\"https:\/\/aviator-slotgame.com\/aviator-by-spribe\/#breadcrumb\",\"itemListElement\":[{\"@type\":\"ListItem\",\"position\":1,\"name\":\"Home\",\"item\":\"https:\/\/aviator-slotgame.com\/\"},{\"@type\":\"ListItem\",\"position\":2,\"name\":\"\u041e\u043d\u043b\u0430\u0439\u043d \u043a\u0430\u0437\u0438\u043d\u043e \u0441 \u0410\u0432\u0438\u0430\u0442\u043e\u0440\u043e\u043c \u043e\u0442 Spribe\"}]},{\"@type\":\"WebSite\",\"@id\":\"https:\/\/aviator-slotgame.com\/#website\",\"url\":\"https:\/\/aviator-slotgame.com\/\",\"name\":\"Aviator\",\"description\":\"\",\"publisher\":{\"@id\":\"https:\/\/aviator-slotgame.com\/#organization\"},\"potentialAction\":[{\"@type\":\"SearchAction\",\"target\":{\"@type\":\"EntryPoint\",\"urlTemplate\":\"https:\/\/aviator-slotgame.com\/?s={search_term_string}\"},\"query-input\":\"required name=search_term_string\"}],\"inLanguage\":\"de\"},{\"@type\":\"Organization\",\"@id\":\"https:\/\/aviator-slotgame.com\/#organization\",\"name\":\"Aviator\",\"url\":\"https:\/\/aviator-slotgame.com\/\",\"logo\":{\"@type\":\"ImageObject\",\"inLanguage\":\"de\",\"@id\":\"https:\/\/aviator-slotgame.com\/#\/schema\/logo\/image\/\",\"url\":\"https:\/\/aviator-slotgame.com\/wp-content\/uploads\/16f5e8_dade544d4623411c9c4153c639aae85amv2.webp\",\"contentUrl\":\"https:\/\/aviator-slotgame.com\/wp-content\/uploads\/16f5e8_dade544d4623411c9c4153c639aae85amv2.webp\",\"width\":400,\"height\":300,\"caption\":\"Aviator\"},\"image\":{\"@id\":\"https:\/\/aviator-slotgame.com\/#\/schema\/logo\/image\/\"}}]}<\/script>\n<!-- \/ Yoast SEO plugin. -->","yoast_head_json":{"title":"Aviator \u043e\u0442 Spribe \u2013 \u041f\u043e\u043f\u0443\u043b\u044f\u0440\u043d\u0430\u044f \u0438\u0433\u0440\u0430 \u0441 \u0432\u044b\u0441\u043e\u043a\u0438\u043c\u0438 \u0432\u044b\u0438\u0433\u0440\u044b\u0448\u0430\u043c\u0438","description":"\u041a\u0440\u0430\u0448-\u0438\u0433\u0440\u0430 \u0410\u0432\u0438\u0430\u0442\u043e\u0440 \u043e\u0442 Spribe \u2013 \u043b\u0443\u0447\u0448\u0438\u0439 \u0441\u043b\u043e\u0442 \u0434\u043b\u044f \u0430\u0437\u0430\u0440\u0442\u043d\u044b\u0445 \u0438\u0433\u0440\u043e\u043a\u043e\u0432. \u0421\u043b\u0435\u0434\u0438 \u0437\u0430 \u0441\u0430\u043c\u043e\u043b\u0435\u0442\u043e\u043c \u0438 \u0438\u0433\u0440\u0430\u0439 \u043d\u0430 \u0434\u0435\u043d\u044c\u0433\u0438 \u0432 \u043e\u043d\u043b\u0430\u0439\u043d \u043a\u0430\u0437\u0438\u043d\u043e, \u0438\u0433\u0440\u0430\u0439 \u0441 \u043c\u043e\u0431\u0438\u043b\u044c\u043d\u043e\u0433\u043e \u0438\u043b\u0438 \u0441\u043a\u0430\u0447\u0430\u0439 \u043d\u0430 \u0442\u0435\u043b\u0435\u0444\u043e\u043d.","robots":{"index":"index","follow":"follow","max-snippet":"max-snippet:-1","max-image-preview":"max-image-preview:large","max-video-preview":"max-video-preview:-1"},"canonical":"https:\/\/aviator-slotgame.com\/de\/online-casinos-mit-aviator-von-spribe\/","og_locale":"de_DE","og_type":"article","og_title":"Aviator \u043e\u0442 Spribe \u2013 \u041f\u043e\u043f\u0443\u043b\u044f\u0440\u043d\u0430\u044f \u0438\u0433\u0440\u0430 \u0441 \u0432\u044b\u0441\u043e\u043a\u0438\u043c\u0438 \u0432\u044b\u0438\u0433\u0440\u044b\u0448\u0430\u043c\u0438","og_description":"\u041a\u0440\u0430\u0448-\u0438\u0433\u0440\u0430 \u0410\u0432\u0438\u0430\u0442\u043e\u0440 \u043e\u0442 Spribe \u2013 \u043b\u0443\u0447\u0448\u0438\u0439 \u0441\u043b\u043e\u0442 \u0434\u043b\u044f \u0430\u0437\u0430\u0440\u0442\u043d\u044b\u0445 \u0438\u0433\u0440\u043e\u043a\u043e\u0432. \u0421\u043b\u0435\u0434\u0438 \u0437\u0430 \u0441\u0430\u043c\u043e\u043b\u0435\u0442\u043e\u043c \u0438 \u0438\u0433\u0440\u0430\u0439 \u043d\u0430 \u0434\u0435\u043d\u044c\u0433\u0438 \u0432 \u043e\u043d\u043b\u0430\u0439\u043d \u043a\u0430\u0437\u0438\u043d\u043e, \u0438\u0433\u0440\u0430\u0439 \u0441 \u043c\u043e\u0431\u0438\u043b\u044c\u043d\u043e\u0433\u043e \u0438\u043b\u0438 \u0441\u043a\u0430\u0447\u0430\u0439 \u043d\u0430 \u0442\u0435\u043b\u0435\u0444\u043e\u043d.","og_url":"https:\/\/aviator-slotgame.com\/de\/online-casinos-mit-aviator-von-spribe\/","og_site_name":"Aviator","article_modified_time":"2024-10-04T00:04:28+00:00","og_image":[{"url":"https:\/\/aviator-slotgame.com\/wp-content\/uploads\/aviator-2.png"}],"twitter_card":"summary_large_image","twitter_misc":{"Gesch\u00e4tzte Lesezeit":"5\u00a0Minuten"},"schema":{"@context":"https:\/\/schema.org","@graph":[{"@type":"WebPage","@id":"https:\/\/aviator-slotgame.com\/aviator-by-spribe\/","url":"https:\/\/aviator-slotgame.com\/aviator-by-spribe\/","name":"Aviator \u043e\u0442 Spribe \u2013 \u041f\u043e\u043f\u0443\u043b\u044f\u0440\u043d\u0430\u044f \u0438\u0433\u0440\u0430 \u0441 \u0432\u044b\u0441\u043e\u043a\u0438\u043c\u0438 \u0432\u044b\u0438\u0433\u0440\u044b\u0448\u0430\u043c\u0438","isPartOf":{"@id":"https:\/\/aviator-slotgame.com\/#website"},"datePublished":"2024-01-31T12:59:48+00:00","dateModified":"2024-10-04T00:04:28+00:00","description":"\u041a\u0440\u0430\u0448-\u0438\u0433\u0440\u0430 \u0410\u0432\u0438\u0430\u0442\u043e\u0440 \u043e\u0442 Spribe \u2013 \u043b\u0443\u0447\u0448\u0438\u0439 \u0441\u043b\u043e\u0442 \u0434\u043b\u044f \u0430\u0437\u0430\u0440\u0442\u043d\u044b\u0445 \u0438\u0433\u0440\u043e\u043a\u043e\u0432. \u0421\u043b\u0435\u0434\u0438 \u0437\u0430 \u0441\u0430\u043c\u043e\u043b\u0435\u0442\u043e\u043c \u0438 \u0438\u0433\u0440\u0430\u0439 \u043d\u0430 \u0434\u0435\u043d\u044c\u0433\u0438 \u0432 \u043e\u043d\u043b\u0430\u0439\u043d \u043a\u0430\u0437\u0438\u043d\u043e, \u0438\u0433\u0440\u0430\u0439 \u0441 \u043c\u043e\u0431\u0438\u043b\u044c\u043d\u043e\u0433\u043e \u0438\u043b\u0438 \u0441\u043a\u0430\u0447\u0430\u0439 \u043d\u0430 \u0442\u0435\u043b\u0435\u0444\u043e\u043d.","breadcrumb":{"@id":"https:\/\/aviator-slotgame.com\/aviator-by-spribe\/#breadcrumb"},"inLanguage":"de","potentialAction":[{"@type":"ReadAction","target":["https:\/\/aviator-slotgame.com\/aviator-by-spribe\/"]}]},{"@type":"BreadcrumbList","@id":"https:\/\/aviator-slotgame.com\/aviator-by-spribe\/#breadcrumb","itemListElement":[{"@type":"ListItem","position":1,"name":"Home","item":"https:\/\/aviator-slotgame.com\/"},{"@type":"ListItem","position":2,"name":"\u041e\u043d\u043b\u0430\u0439\u043d \u043a\u0430\u0437\u0438\u043d\u043e \u0441 \u0410\u0432\u0438\u0430\u0442\u043e\u0440\u043e\u043c \u043e\u0442 Spribe"}]},{"@type":"WebSite","@id":"https:\/\/aviator-slotgame.com\/#website","url":"https:\/\/aviator-slotgame.com\/","name":"Aviator","description":"","publisher":{"@id":"https:\/\/aviator-slotgame.com\/#organization"},"potentialAction":[{"@type":"SearchAction","target":{"@type":"EntryPoint","urlTemplate":"https:\/\/aviator-slotgame.com\/?s={search_term_string}"},"query-input":"required name=search_term_string"}],"inLanguage":"de"},{"@type":"Organization","@id":"https:\/\/aviator-slotgame.com\/#organization","name":"Aviator","url":"https:\/\/aviator-slotgame.com\/","logo":{"@type":"ImageObject","inLanguage":"de","@id":"https:\/\/aviator-slotgame.com\/#\/schema\/logo\/image\/","url":"https:\/\/aviator-slotgame.com\/wp-content\/uploads\/16f5e8_dade544d4623411c9c4153c639aae85amv2.webp","contentUrl":"https:\/\/aviator-slotgame.com\/wp-content\/uploads\/16f5e8_dade544d4623411c9c4153c639aae85amv2.webp","width":400,"height":300,"caption":"Aviator"},"image":{"@id":"https:\/\/aviator-slotgame.com\/#\/schema\/logo\/image\/"}}]}},"amp_enabled":true,"_links":{"self":[{"href":"https:\/\/aviator-slotgame.com\/de\/wp-json\/wp\/v2\/pages\/29","targetHints":{"allow":["GET"]}}],"collection":[{"href":"https:\/\/aviator-slotgame.com\/de\/wp-json\/wp\/v2\/pages"}],"about":[{"href":"https:\/\/aviator-slotgame.com\/de\/wp-json\/wp\/v2\/types\/page"}],"author":[{"embeddable":true,"href":"https:\/\/aviator-slotgame.com\/de\/wp-json\/wp\/v2\/users\/1"}],"replies":[{"embeddable":true,"href":"https:\/\/aviator-slotgame.com\/de\/wp-json\/wp\/v2\/comments?post=29"}],"version-history":[{"count":13,"href":"https:\/\/aviator-slotgame.com\/de\/wp-json\/wp\/v2\/pages\/29\/revisions"}],"predecessor-version":[{"id":413,"href":"https:\/\/aviator-slotgame.com\/de\/wp-json\/wp\/v2\/pages\/29\/revisions\/413"}],"wp:attachment":[{"href":"https:\/\/aviator-slotgame.com\/de\/wp-json\/wp\/v2\/media?parent=29"}],"curies":[{"name":"wp","href":"https:\/\/api.w.org\/{rel}","templated":true}]}}