{"id":215,"date":"2024-04-02T16:05:37","date_gmt":"2024-04-02T16:05:37","guid":{"rendered":"https:\/\/aviator-slotgame.com\/?page_id=215"},"modified":"2024-09-09T10:50:04","modified_gmt":"2024-09-09T10:50:04","slug":"aviator-slots","status":"publish","type":"page","link":"https:\/\/aviator-slotgame.com\/es\/tragaperras-aviator-vs-video-tragaperras-tradicionales\/","title":{"rendered":"Tragamonedas de aviador"},"content":{"rendered":"<div class=\"4e013b53d6e293f4c83e2df5fd94ff6a\" data-index=\"1\" style=\"float: none; margin:10px 0 10px 0; text-align:center;\">\n<div class=\"custom-play-button\">\r\n<center><a href=\"https:\/\/aviator-slotgame.com\/es\/play-game\/\" rel=\"nofollow\" target=\"_blank\">Reproducir ahora<\/a><br><\/center>\r\n<\/div>\n<\/div>\n<p>Aviator de Spribe no es una video tragamonedas promedio. Ofrece funciones de juegos sociales que no encontrar\u00e1s en las video tragamonedas tradicionales. Puedes unirte a la diversi\u00f3n y desafiar a otros jugadores a unirse a un juego de casino en l\u00ednea lleno de emocionantes bonos, multiplicadores y otras sorpresas.<\/p>\n<p><img loading=\"lazy\" decoding=\"async\" class=\"alignnone size-full wp-image-216\" title=\"Aviator vs m\u00e1quinas tragamonedas tradicionales\" src=\"https:\/\/aviator-slotgame.com\/wp-content\/uploads\/aviator-4-1.png\" alt=\"Aviator vs m\u00e1quinas tragamonedas tradicionales\" width=\"800\" height=\"445\" srcset=\"https:\/\/aviator-slotgame.com\/wp-content\/uploads\/aviator-4-1.png 800w, https:\/\/aviator-slotgame.com\/wp-content\/uploads\/aviator-4-1-300x167.png 300w, https:\/\/aviator-slotgame.com\/wp-content\/uploads\/aviator-4-1-768x427.png 768w, https:\/\/aviator-slotgame.com\/wp-content\/uploads\/aviator-4-1-18x10.png 18w\" sizes=\"auto, (max-width: 800px) 100vw, 800px\" \/><\/p>\n<p>Aviator ofrece mucho m\u00e1s que las m\u00e1quinas tragamonedas est\u00e1ndar de 3x5 carretes. Tiene un multiplicador basado en RNG que sube y sube hasta que cada jugador decide retirar dinero. \u00a1Esto significa que, si tienes suerte, podr\u00e1s jugar todo el d\u00eda y tus ganancias realmente empezar\u00e1n a acumularse!<\/p>\n<p>Adem\u00e1s, Aviator no limita la cantidad de jugadores que pueden unirse a la diversi\u00f3n. No tienes que preocuparte por esperar a que se abra el juego porque nunca estar\u00e1 lleno, siempre habr\u00e1 espacio para m\u00e1s jugadores. Y con probabilidades amigables para los jugadores, RTP y pagos altos, tienes muchas oportunidades de llegar a la cima en esta emocionante tragamonedas alternativa.<\/p><div class=\"4e013b53d6e293f4c83e2df5fd94ff6a\" data-index=\"1\" style=\"float: none; margin:10px 0 10px 0; text-align:center;\">\n<div class=\"custom-play-button\">\r\n<center><a href=\"https:\/\/aviator-slotgame.com\/es\/play-game\/\" rel=\"nofollow\" target=\"_blank\">Reproducir ahora<\/a><br><\/center>\r\n<\/div>\n<\/div>\n\n<p>Entonces, ya sea que est\u00e9s buscando una experiencia de juego inmersiva o quieras sentarte y disfrutar de un cl\u00e1sico juego de video tragamonedas con un toque diferente, Spribe&#039;s Aviator realmente tiene algo que ofrecer a todos.<\/p>\n<h2 id=\"h-rtp-of-aviator-and-regular-slot-games\">RTP de Aviator y tragamonedas regulares<\/h2>\n<p>Los valores medios de RTP de las tragamonedas m\u00e1s populares superan los 65%. Este n\u00famero puede variar de un juego a otro, y algunos juegos llegan hasta 97%, pero generalmente la norma es 65% con un decimal.<\/p>\n<p>Por ejemplo, Second Strike, una de las tragamonedas m\u00e1s populares del mundo, tiene un RTP de 96.26%; \u00a1Aviador a\u00fan m\u00e1s!<\/p>\n<p>Aviator tiene un RTP (retorno al jugador) aproximado de 97%, que est\u00e1 por encima del promedio para una video tragamonedas. Esto significa que jugar a Aviator, en promedio, te devolver\u00e1 m\u00e1s dinero en comparaci\u00f3n con las tragamonedas tradicionales. \u00a1Y con un multiplicador cada vez mayor, las rondas m\u00e1s importantes ser\u00e1n a\u00fan m\u00e1s emocionantes! Entonces, si est\u00e1 buscando un RTP m\u00e1s alto y la capacidad de aumentar su potencial de ganancias, Aviator podr\u00eda ser justo lo que se estaba perdiendo.<\/p>\n<figure class=\"wp-block-table\">\n<table>\n<tbody>\n<tr>\n<td><strong>AVIADOR<\/strong><\/td>\n<td><strong>JUEGO DE TRAGAPERRAS TRADICIONAL<\/strong><\/td>\n<\/tr>\n<tr>\n<td>Chatea con otros jugadores<\/td>\n<td>Experiencia de juego del usuario<\/td>\n<\/tr>\n<tr>\n<td>N\u00famero ilimitado de jugadores en la sala de juegos.<\/td>\n<td>Un jugador por m\u00e1quina o p\u00e1gina<\/td>\n<\/tr>\n<tr>\n<td>Mec\u00e1nica de juego con un RNG<\/td>\n<td>M\u00faltiples carretes y l\u00edneas<\/td>\n<\/tr>\n<tr>\n<td>~97% reembolso<\/td>\n<td>~96% reembolso<\/td>\n<\/tr>\n<\/tbody>\n<\/table><figcaption class=\"wp-element-caption\">Maquina de casino\u00a0<strong><strong>AVIADOR<\/strong><\/strong><img loading=\"lazy\" decoding=\"async\" class=\"alignnone size-full wp-image-293\" src=\"https:\/\/aviator-slotgame.com\/wp-content\/uploads\/Aviator-13-800-x-600-\u043f\u0438\u043a\u0441.jpg\" alt=\"RTP de Aviator y tragamonedas regulares\" width=\"800\" height=\"600\" srcset=\"https:\/\/aviator-slotgame.com\/wp-content\/uploads\/Aviator-13-800-x-600-\u043f\u0438\u043a\u0441.jpg 800w, https:\/\/aviator-slotgame.com\/wp-content\/uploads\/Aviator-13-800-x-600-\u043f\u0438\u043a\u0441-300x225.jpg 300w, https:\/\/aviator-slotgame.com\/wp-content\/uploads\/Aviator-13-800-x-600-\u043f\u0438\u043a\u0441-768x576.jpg 768w, https:\/\/aviator-slotgame.com\/wp-content\/uploads\/Aviator-13-800-x-600-\u043f\u0438\u043a\u0441-16x12.jpg 16w\" sizes=\"auto, (max-width: 800px) 100vw, 800px\" \/><\/figcaption><\/figure>\n<h2 id=\"h-the-bottom-line\">L\u00ednea de fondo<\/h2>\n<p>Aviator de Spribe ofrece una interpretaci\u00f3n \u00fanica de las video tragamonedas tradicionales que puede brindar a los jugadores una experiencia de juego inmersiva. Con multiplicadores cada vez mayores y un RTP alto, hay muchas razones para darle una oportunidad a Aviator. Adem\u00e1s, \u00a1el aspecto social lo hace a\u00fan m\u00e1s emocionante!<\/p>\n<h2 id=\"h-using-bonus-spins-on-aviator\">Usar giros de bonificaci\u00f3n en Aviator<\/h2>\n<p>Los giros de bonificaci\u00f3n son un elemento b\u00e1sico de los sitios de casino. Cuando te registras en un sitio de casino, a menudo recibir\u00e1s giros gratis como bono de bienvenida. \u00a1Incluso se pueden obtener a trav\u00e9s de promociones por tiempo limitado o como premios en otros juegos!<\/p>\n<p>Si eres fan\u00e1tico de Aviator u otros juegos de casino, los giros de bonificaci\u00f3n son una excelente manera de obtener oportunidades gratuitas de girar los carretes, aterrizar en un avi\u00f3n y tal vez ganar algo de dinero. De hecho, los giros de bonificaci\u00f3n pueden ser incluso m\u00e1s valiosos que los giros normales del juego, ya que normalmente no tienen requisitos de apuesta ni otras restricciones para ganar.<\/p>\n<h2 id=\"h-how-to-get-bonus-spins\">C\u00f3mo obtener giros de bonificaci\u00f3n<\/h2>\n<p>Los giros gratis pueden provenir de una variedad de lugares, como bonos de bienvenida para nuevos usuarios que realizan su primer dep\u00f3sito o c\u00f3digos promocionales y eventos por tiempo limitado.<\/p>\n<h3 id=\"h-welcome-bonus-spins-for-aviator\">Giros de bonificaci\u00f3n de bienvenida de aviador<\/h3>\n<p>Algunos casinos te ofrecen giros gratis cuando creas una cuenta. Quiz\u00e1s te preguntes c\u00f3mo pueden resultar \u00fatiles estos giros gratis al jugar Aviator; sin embargo, a veces los casinos limitan el uso de estos giros gratis s\u00f3lo a las m\u00e1quinas tragamonedas tradicionales m\u00e1s populares. Pero no te preocupes, todav\u00eda hay formas de utilizar todos los giros gratis que Aviator tiene reservados para ti.<\/p>\n<h2 id=\"h-how-to-use-free-spins-in-aviator\">C\u00f3mo usar giros gratis en Aviator<\/h2>\n<p>Si tus giros no funcionan en Aviator, siempre puedes usarlos para ganar cr\u00e9ditos en otros juegos de casino. Por ejemplo, si tienes giros gratis en una m\u00e1quina tragamonedas, puedes canjear esos cr\u00e9ditos por fichas en las mesas de juego. \u00a1Luego podr\u00e1s usar estas fichas para apostar en Aviator o en cualquier otro juego de casino!<\/p>\n<p>As\u00ed es c\u00f3mo:<\/p>\n<ol start=\"1\" type=\"1\">\n<li>Elige una de tus m\u00e1quinas tragamonedas favoritas.<\/li>\n<li>Aprovecha los giros gratis.<\/li>\n<li>\u00a1Toma todos los cr\u00e9ditos que ganes durante los giros y juega Aviator!<\/li>\n<\/ol>\n<p>Es tan simple.<\/p>\n<h2 id=\"h-can-you-win-free-spins-in-aviator\">\u00bfPuedes ganar giros gratis en Aviator?<\/h2>\n<p>No hay funci\u00f3n de giros gratis. El \u00fanico premio que ganar\u00e1s durante la ronda es tu apuesta multiplicada por el momento en que despegue el avi\u00f3n rojo.<\/p>\n<h2 id=\"h-in-conclusion\">Conclusi\u00f3n<\/h2>\n<p>Independientemente de c\u00f3mo los obtengas (giros de bonificaci\u00f3n de bienvenida, c\u00f3digos promocionales u ofertas por tiempo limitado), los giros de bonificaci\u00f3n son una excelente manera para que los jugadores de todos los niveles sigan jugando sin preocuparse por perder por un tiempo. Y no importa para qu\u00e9 juegos sean, los jugadores experimentados pueden convertir sus giros en cr\u00e9ditos \u00fatiles que se pueden apostar en un juego de Aviator en vivo.<\/p>\n<p><img loading=\"lazy\" decoding=\"async\" class=\"alignnone size-full wp-image-297\" src=\"https:\/\/aviator-slotgame.com\/wp-content\/uploads\/Aviator-14-800-x-600-\u043f\u0438\u043a\u0441.jpg\" alt=\"Conclusi\u00f3n\" width=\"800\" height=\"600\" srcset=\"https:\/\/aviator-slotgame.com\/wp-content\/uploads\/Aviator-14-800-x-600-\u043f\u0438\u043a\u0441.jpg 800w, https:\/\/aviator-slotgame.com\/wp-content\/uploads\/Aviator-14-800-x-600-\u043f\u0438\u043a\u0441-300x225.jpg 300w, https:\/\/aviator-slotgame.com\/wp-content\/uploads\/Aviator-14-800-x-600-\u043f\u0438\u043a\u0441-768x576.jpg 768w, https:\/\/aviator-slotgame.com\/wp-content\/uploads\/Aviator-14-800-x-600-\u043f\u0438\u043a\u0441-16x12.jpg 16w\" sizes=\"auto, (max-width: 800px) 100vw, 800px\" \/><\/p>\n\n<div style=\"font-size: 0px; height: 0px; line-height: 0px; margin: 0; padding: 0; clear: both;\"><\/div>","protected":false},"excerpt":{"rendered":"<p>Aviator de Spribe no es una video tragamonedas promedio. Ofrece funciones de juegos sociales que no encontrar\u00e1s en las video tragamonedas tradicionales.<\/p>","protected":false},"author":1,"featured_media":0,"parent":0,"menu_order":0,"comment_status":"closed","ping_status":"closed","template":"","meta":{"footnotes":""},"class_list":["post-215","page","type-page","status-publish","hentry"],"yoast_head":"<!-- This site is optimized with the Yoast SEO plugin v22.0 - https:\/\/yoast.com\/wordpress\/plugins\/seo\/ -->\n<title>\u0410\u0432\u0438\u0430\u0442\u043e\u0440 \u0441\u043b\u043e\u0442\u044b - Aviator<\/title>\n<meta name=\"robots\" content=\"index, follow, max-snippet:-1, max-image-preview:large, max-video-preview:-1\" \/>\n<link rel=\"canonical\" href=\"https:\/\/aviator-slotgame.com\/es\/tragaperras-aviator-vs-video-tragaperras-tradicionales\/\" \/>\n<meta property=\"og:locale\" content=\"es_MX\" \/>\n<meta property=\"og:type\" content=\"article\" \/>\n<meta property=\"og:title\" content=\"\u0410\u0432\u0438\u0430\u0442\u043e\u0440 \u0441\u043b\u043e\u0442\u044b - Aviator\" \/>\n<meta property=\"og:description\" content=\"Aviator \u043e\u0442 Spribe \u2013 \u044d\u0442\u043e \u043d\u0435 \u043e\u0431\u044b\u0447\u043d\u044b\u0439 \u0432\u0438\u0434\u0435\u043e\u0441\u043b\u043e\u0442. \u041e\u043d \u043f\u0440\u0435\u0434\u043b\u0430\u0433\u0430\u0435\u0442 \u0432\u043e\u0437\u043c\u043e\u0436\u043d\u043e\u0441\u0442\u0438 \u0441\u043e\u0446\u0438\u0430\u043b\u044c\u043d\u044b\u0445 \u0438\u0433\u0440, \u043a\u043e\u0442\u043e\u0440\u044b\u0435 \u0432\u044b \u043d\u0435 \u043d\u0430\u0439\u0434\u0435\u0442\u0435 \u0432 \u0442\u0440\u0430\u0434\u0438\u0446\u0438\u043e\u043d\u043d\u044b\u0445 \u0432\u0438\u0434\u0435\u043e\u0441\u043b\u043e\u0442\u0430\u0445.\" \/>\n<meta property=\"og:url\" content=\"https:\/\/aviator-slotgame.com\/es\/tragaperras-aviator-vs-video-tragaperras-tradicionales\/\" \/>\n<meta property=\"og:site_name\" content=\"Aviator\" \/>\n<meta property=\"article:modified_time\" content=\"2024-09-09T10:50:04+00:00\" \/>\n<meta property=\"og:image\" content=\"https:\/\/aviator-slotgame.com\/wp-content\/uploads\/aviator-4-1.png\" \/>\n<meta name=\"twitter:card\" content=\"summary_large_image\" \/>\n<meta name=\"twitter:label1\" content=\"Tiempo de lectura\" \/>\n\t<meta name=\"twitter:data1\" content=\"4 minutos\" \/>\n<script type=\"application\/ld+json\" class=\"yoast-schema-graph\">{\"@context\":\"https:\/\/schema.org\",\"@graph\":[{\"@type\":\"WebPage\",\"@id\":\"https:\/\/aviator-slotgame.com\/aviator-slots\/\",\"url\":\"https:\/\/aviator-slotgame.com\/aviator-slots\/\",\"name\":\"\u0410\u0432\u0438\u0430\u0442\u043e\u0440 \u0441\u043b\u043e\u0442\u044b - Aviator\",\"isPartOf\":{\"@id\":\"https:\/\/aviator-slotgame.com\/#website\"},\"datePublished\":\"2024-04-02T16:05:37+00:00\",\"dateModified\":\"2024-09-09T10:50:04+00:00\",\"breadcrumb\":{\"@id\":\"https:\/\/aviator-slotgame.com\/aviator-slots\/#breadcrumb\"},\"inLanguage\":\"es\",\"potentialAction\":[{\"@type\":\"ReadAction\",\"target\":[\"https:\/\/aviator-slotgame.com\/aviator-slots\/\"]}]},{\"@type\":\"BreadcrumbList\",\"@id\":\"https:\/\/aviator-slotgame.com\/aviator-slots\/#breadcrumb\",\"itemListElement\":[{\"@type\":\"ListItem\",\"position\":1,\"name\":\"Home\",\"item\":\"https:\/\/aviator-slotgame.com\/\"},{\"@type\":\"ListItem\",\"position\":2,\"name\":\"\u0410\u0432\u0438\u0430\u0442\u043e\u0440 \u0441\u043b\u043e\u0442\u044b\"}]},{\"@type\":\"WebSite\",\"@id\":\"https:\/\/aviator-slotgame.com\/#website\",\"url\":\"https:\/\/aviator-slotgame.com\/\",\"name\":\"Aviator\",\"description\":\"\",\"publisher\":{\"@id\":\"https:\/\/aviator-slotgame.com\/#organization\"},\"potentialAction\":[{\"@type\":\"SearchAction\",\"target\":{\"@type\":\"EntryPoint\",\"urlTemplate\":\"https:\/\/aviator-slotgame.com\/?s={search_term_string}\"},\"query-input\":\"required name=search_term_string\"}],\"inLanguage\":\"es\"},{\"@type\":\"Organization\",\"@id\":\"https:\/\/aviator-slotgame.com\/#organization\",\"name\":\"Aviator\",\"url\":\"https:\/\/aviator-slotgame.com\/\",\"logo\":{\"@type\":\"ImageObject\",\"inLanguage\":\"es\",\"@id\":\"https:\/\/aviator-slotgame.com\/#\/schema\/logo\/image\/\",\"url\":\"https:\/\/aviator-slotgame.com\/wp-content\/uploads\/16f5e8_dade544d4623411c9c4153c639aae85amv2.webp\",\"contentUrl\":\"https:\/\/aviator-slotgame.com\/wp-content\/uploads\/16f5e8_dade544d4623411c9c4153c639aae85amv2.webp\",\"width\":400,\"height\":300,\"caption\":\"Aviator\"},\"image\":{\"@id\":\"https:\/\/aviator-slotgame.com\/#\/schema\/logo\/image\/\"}}]}<\/script>\n<!-- \/ Yoast SEO plugin. -->","yoast_head_json":{"title":"\u0410\u0432\u0438\u0430\u0442\u043e\u0440 \u0441\u043b\u043e\u0442\u044b - Aviator","robots":{"index":"index","follow":"follow","max-snippet":"max-snippet:-1","max-image-preview":"max-image-preview:large","max-video-preview":"max-video-preview:-1"},"canonical":"https:\/\/aviator-slotgame.com\/es\/tragaperras-aviator-vs-video-tragaperras-tradicionales\/","og_locale":"es_MX","og_type":"article","og_title":"\u0410\u0432\u0438\u0430\u0442\u043e\u0440 \u0441\u043b\u043e\u0442\u044b - Aviator","og_description":"Aviator \u043e\u0442 Spribe \u2013 \u044d\u0442\u043e \u043d\u0435 \u043e\u0431\u044b\u0447\u043d\u044b\u0439 \u0432\u0438\u0434\u0435\u043e\u0441\u043b\u043e\u0442. \u041e\u043d \u043f\u0440\u0435\u0434\u043b\u0430\u0433\u0430\u0435\u0442 \u0432\u043e\u0437\u043c\u043e\u0436\u043d\u043e\u0441\u0442\u0438 \u0441\u043e\u0446\u0438\u0430\u043b\u044c\u043d\u044b\u0445 \u0438\u0433\u0440, \u043a\u043e\u0442\u043e\u0440\u044b\u0435 \u0432\u044b \u043d\u0435 \u043d\u0430\u0439\u0434\u0435\u0442\u0435 \u0432 \u0442\u0440\u0430\u0434\u0438\u0446\u0438\u043e\u043d\u043d\u044b\u0445 \u0432\u0438\u0434\u0435\u043e\u0441\u043b\u043e\u0442\u0430\u0445.","og_url":"https:\/\/aviator-slotgame.com\/es\/tragaperras-aviator-vs-video-tragaperras-tradicionales\/","og_site_name":"Aviator","article_modified_time":"2024-09-09T10:50:04+00:00","og_image":[{"url":"https:\/\/aviator-slotgame.com\/wp-content\/uploads\/aviator-4-1.png"}],"twitter_card":"summary_large_image","twitter_misc":{"Tiempo de lectura":"4 minutos"},"schema":{"@context":"https:\/\/schema.org","@graph":[{"@type":"WebPage","@id":"https:\/\/aviator-slotgame.com\/aviator-slots\/","url":"https:\/\/aviator-slotgame.com\/aviator-slots\/","name":"\u0410\u0432\u0438\u0430\u0442\u043e\u0440 \u0441\u043b\u043e\u0442\u044b - Aviator","isPartOf":{"@id":"https:\/\/aviator-slotgame.com\/#website"},"datePublished":"2024-04-02T16:05:37+00:00","dateModified":"2024-09-09T10:50:04+00:00","breadcrumb":{"@id":"https:\/\/aviator-slotgame.com\/aviator-slots\/#breadcrumb"},"inLanguage":"es","potentialAction":[{"@type":"ReadAction","target":["https:\/\/aviator-slotgame.com\/aviator-slots\/"]}]},{"@type":"BreadcrumbList","@id":"https:\/\/aviator-slotgame.com\/aviator-slots\/#breadcrumb","itemListElement":[{"@type":"ListItem","position":1,"name":"Home","item":"https:\/\/aviator-slotgame.com\/"},{"@type":"ListItem","position":2,"name":"\u0410\u0432\u0438\u0430\u0442\u043e\u0440 \u0441\u043b\u043e\u0442\u044b"}]},{"@type":"WebSite","@id":"https:\/\/aviator-slotgame.com\/#website","url":"https:\/\/aviator-slotgame.com\/","name":"Aviator","description":"","publisher":{"@id":"https:\/\/aviator-slotgame.com\/#organization"},"potentialAction":[{"@type":"SearchAction","target":{"@type":"EntryPoint","urlTemplate":"https:\/\/aviator-slotgame.com\/?s={search_term_string}"},"query-input":"required name=search_term_string"}],"inLanguage":"es"},{"@type":"Organization","@id":"https:\/\/aviator-slotgame.com\/#organization","name":"Aviator","url":"https:\/\/aviator-slotgame.com\/","logo":{"@type":"ImageObject","inLanguage":"es","@id":"https:\/\/aviator-slotgame.com\/#\/schema\/logo\/image\/","url":"https:\/\/aviator-slotgame.com\/wp-content\/uploads\/16f5e8_dade544d4623411c9c4153c639aae85amv2.webp","contentUrl":"https:\/\/aviator-slotgame.com\/wp-content\/uploads\/16f5e8_dade544d4623411c9c4153c639aae85amv2.webp","width":400,"height":300,"caption":"Aviator"},"image":{"@id":"https:\/\/aviator-slotgame.com\/#\/schema\/logo\/image\/"}}]}},"amp_enabled":true,"_links":{"self":[{"href":"https:\/\/aviator-slotgame.com\/es\/wp-json\/wp\/v2\/pages\/215","targetHints":{"allow":["GET"]}}],"collection":[{"href":"https:\/\/aviator-slotgame.com\/es\/wp-json\/wp\/v2\/pages"}],"about":[{"href":"https:\/\/aviator-slotgame.com\/es\/wp-json\/wp\/v2\/types\/page"}],"author":[{"embeddable":true,"href":"https:\/\/aviator-slotgame.com\/es\/wp-json\/wp\/v2\/users\/1"}],"replies":[{"embeddable":true,"href":"https:\/\/aviator-slotgame.com\/es\/wp-json\/wp\/v2\/comments?post=215"}],"version-history":[{"count":6,"href":"https:\/\/aviator-slotgame.com\/es\/wp-json\/wp\/v2\/pages\/215\/revisions"}],"predecessor-version":[{"id":309,"href":"https:\/\/aviator-slotgame.com\/es\/wp-json\/wp\/v2\/pages\/215\/revisions\/309"}],"wp:attachment":[{"href":"https:\/\/aviator-slotgame.com\/es\/wp-json\/wp\/v2\/media?parent=215"}],"curies":[{"name":"wp","href":"https:\/\/api.w.org\/{rel}","templated":true}]}}