{"id":230,"date":"2024-09-06T08:55:11","date_gmt":"2024-09-06T08:55:11","guid":{"rendered":"https:\/\/aviator-slotgame.com\/?page_id=230"},"modified":"2024-10-03T23:03:12","modified_gmt":"2024-10-03T23:03:12","slug":"strategy-and-tactics","status":"publish","type":"page","link":"https:\/\/aviator-slotgame.com\/es\/strategy-and-tactics\/","title":{"rendered":"Estrategias y t\u00e1cticas del juego de aviador."},"content":{"rendered":"<div class=\"4e013b53d6e293f4c83e2df5fd94ff6a\" data-index=\"1\" style=\"float: none; margin:10px 0 10px 0; text-align:center;\">\n<div class=\"custom-play-button\">\r\n<center><a href=\"https:\/\/aviator-slotgame.com\/es\/play-game\/\" rel=\"nofollow\" target=\"_blank\">Reproducir ahora<\/a><br><\/center>\r\n<\/div>\n<\/div>\n<p><img loading=\"lazy\" decoding=\"async\" class=\"alignnone wp-image-233 size-full\" title=\"Estrategias en el juego Aviador.\" src=\"https:\/\/aviator-slotgame.com\/wp-content\/uploads\/Aviator-4-800-x-600-\u043f\u0438\u043a\u0441.jpg\" alt=\"Estrategias y t\u00e1cticas del juego de aviador.\" width=\"800\" height=\"600\" srcset=\"https:\/\/aviator-slotgame.com\/wp-content\/uploads\/Aviator-4-800-x-600-\u043f\u0438\u043a\u0441.jpg 800w, https:\/\/aviator-slotgame.com\/wp-content\/uploads\/Aviator-4-800-x-600-\u043f\u0438\u043a\u0441-300x225.jpg 300w, https:\/\/aviator-slotgame.com\/wp-content\/uploads\/Aviator-4-800-x-600-\u043f\u0438\u043a\u0441-768x576.jpg 768w, https:\/\/aviator-slotgame.com\/wp-content\/uploads\/Aviator-4-800-x-600-\u043f\u0438\u043a\u0441-16x12.jpg 16w\" sizes=\"auto, (max-width: 800px) 100vw, 800px\" \/><\/p>\n<p>En el juego de choque Aviator, como en muchos otros juegos de apuestas, es importante recordar que los resultados se basan en el azar. Sin embargo, existen varias estrategias y t\u00e1cticas que pueden ayudarle a aumentar sus posibilidades de ganar y administrar sus fondos. \u00c9stos son algunos de ellos:<\/p>\n<h2>Estrategia X en el juego Aviator: c\u00f3mo aprovechar las grandes probabilidades<\/h2>\n<p>La conclusi\u00f3n es que debes intentar captar ciertas probabilidades en un per\u00edodo de tiempo determinado. Despu\u00e9s de analizar las estad\u00edsticas del juego, puedes notar que ciertas probabilidades caen con cierta frecuencia. X100 cae al menos una vez cada hora y media, por lo que si cuentas cu\u00e1nto tiempo ha pasado desde la \u00faltima ca\u00edda de este multiplicador y haces una apuesta sobre 10$, puedes llevarte a casa una gran ganancia.<\/p>\n<p><img loading=\"lazy\" decoding=\"async\" class=\"alignnone size-full wp-image-303\" src=\"https:\/\/aviator-slotgame.com\/wp-content\/uploads\/Aviator-17-800-x-600-\u043f\u0438\u043a\u0441.jpg\" alt=\"Aprovecha las probabilidades en el juego Aviator\" width=\"800\" height=\"600\" srcset=\"https:\/\/aviator-slotgame.com\/wp-content\/uploads\/Aviator-17-800-x-600-\u043f\u0438\u043a\u0441.jpg 800w, https:\/\/aviator-slotgame.com\/wp-content\/uploads\/Aviator-17-800-x-600-\u043f\u0438\u043a\u0441-300x225.jpg 300w, https:\/\/aviator-slotgame.com\/wp-content\/uploads\/Aviator-17-800-x-600-\u043f\u0438\u043a\u0441-768x576.jpg 768w, https:\/\/aviator-slotgame.com\/wp-content\/uploads\/Aviator-17-800-x-600-\u043f\u0438\u043a\u0441-16x12.jpg 16w\" sizes=\"auto, (max-width: 800px) 100vw, 800px\" \/><\/p><div class=\"4e013b53d6e293f4c83e2df5fd94ff6a\" data-index=\"1\" style=\"float: none; margin:10px 0 10px 0; text-align:center;\">\n<div class=\"custom-play-button\">\r\n<center><a href=\"https:\/\/aviator-slotgame.com\/es\/play-game\/\" rel=\"nofollow\" target=\"_blank\">Reproducir ahora<\/a><br><\/center>\r\n<\/div>\n<\/div>\n\n<h2>Doble apuesta en el juego Aviator: reduzca los riesgos y aumente las ganancias<\/h2>\n<p>La siguiente t\u00e1ctica es adecuada para aquellos que no pueden realizar un gran pago inicial o no quieren arriesgar una gran cantidad. Tu primera apuesta debe ser 10$, estamos hablando de una apuesta doble, por lo que en una ronda gastas al menos 21$. El retiro autom\u00e1tico en ambas pantallas est\u00e1 configurado en aproximadamente 1,2. El avi\u00f3n casi siempre supera esta marca. De ello se deduce que el usuario, a trav\u00e9s de un juego largo, seguramente podr\u00e1 ganar su dinero con apuestas m\u00ednimas.<\/p>\n<p><img loading=\"lazy\" decoding=\"async\" class=\"alignnone size-full wp-image-305\" src=\"https:\/\/aviator-slotgame.com\/wp-content\/uploads\/Aviator-18-800-x-600-\u043f\u0438\u043a\u0441.jpg\" alt=\"Apuestas dobles en el juego Aviator\" width=\"800\" height=\"600\" srcset=\"https:\/\/aviator-slotgame.com\/wp-content\/uploads\/Aviator-18-800-x-600-\u043f\u0438\u043a\u0441.jpg 800w, https:\/\/aviator-slotgame.com\/wp-content\/uploads\/Aviator-18-800-x-600-\u043f\u0438\u043a\u0441-300x225.jpg 300w, https:\/\/aviator-slotgame.com\/wp-content\/uploads\/Aviator-18-800-x-600-\u043f\u0438\u043a\u0441-768x576.jpg 768w, https:\/\/aviator-slotgame.com\/wp-content\/uploads\/Aviator-18-800-x-600-\u043f\u0438\u043a\u0441-16x12.jpg 16w\" sizes=\"auto, (max-width: 800px) 100vw, 800px\" \/><\/p>\n<h2>Gesti\u00f3n de fondos en el juego Aviator: c\u00f3mo evitar p\u00e9rdidas y mantener el equilibrio<\/h2>\n<p>Una de las estrategias clave en el juego es poder gestionar bien sus fondos. F\u00edjese l\u00edmites sobre cu\u00e1nto puede perder y ganar, y resp\u00e9telos. Esto te ayudar\u00e1 a evitar grandes p\u00e9rdidas y a mantener el equilibrio de tu juego.<\/p>\n<p><img loading=\"lazy\" decoding=\"async\" class=\"alignnone size-full wp-image-307\" src=\"https:\/\/aviator-slotgame.com\/wp-content\/uploads\/Aviator-19-800-x-600-\u043f\u0438\u043a\u0441.jpg\" alt=\"Gestiona tus fondos en el juego Aviator\" width=\"800\" height=\"600\" srcset=\"https:\/\/aviator-slotgame.com\/wp-content\/uploads\/Aviator-19-800-x-600-\u043f\u0438\u043a\u0441.jpg 800w, https:\/\/aviator-slotgame.com\/wp-content\/uploads\/Aviator-19-800-x-600-\u043f\u0438\u043a\u0441-300x225.jpg 300w, https:\/\/aviator-slotgame.com\/wp-content\/uploads\/Aviator-19-800-x-600-\u043f\u0438\u043a\u0441-768x576.jpg 768w, https:\/\/aviator-slotgame.com\/wp-content\/uploads\/Aviator-19-800-x-600-\u043f\u0438\u043a\u0441-16x12.jpg 16w\" sizes=\"auto, (max-width: 800px) 100vw, 800px\" \/><\/p>\n<h2>Por qu\u00e9 Aviator es uno de los mejores juegos de RTP alto<\/h2>\n<p>Intente elegir juegos con un RTP (retorno al jugador) m\u00e1s alto. El juego online Aviator pertenece a la lista de juegos crash con un alto porcentaje de RTP. Cuanto mayor sea el RTP, mayor ser\u00e1 la probabilidad de ganar a largo plazo.<\/p>\n<h2>Jugar con la apuesta m\u00e1xima en Aviator - Riesgos y recompensas<\/h2>\n<p>En algunos juegos, incluido Aviator, apostar el m\u00e1ximo puede aumentar tus posibilidades de ganar en grande. Sin embargo, recuerde que jugar con la apuesta m\u00e1xima tambi\u00e9n puede provocar p\u00e9rdidas r\u00e1pidas, as\u00ed que tenga cuidado.<\/p>\n<h2>Estrategia de duplicaci\u00f3n en el juego Aviator.<\/h2>\n<p>Algunos jugadores utilizan una estrategia de duplicaci\u00f3n en la que duplican su apuesta despu\u00e9s de cada p\u00e9rdida. Esta t\u00e1ctica tiene sus riesgos, as\u00ed que \u00fasela con precauci\u00f3n.<\/p>\n<h2>Modo de demostraci\u00f3n en el juego Aviator.<\/h2>\n<p>Antes de jugar con dinero real, intenta jugar en modo demo para aprender el juego, sus reglas y caracter\u00edsticas. Esto te ayudar\u00e1 a desarrollar tu propia estrategia y a prepararte para jugar con dinero real.<\/p>\n<h2>Recomendaciones y consejos para el juego Aviator.<\/h2>\n<p>Usa los siguientes consejos, definitivamente te ayudar\u00e1n en el juego:<\/p>\n<ul>\n<li>T\u00f3mese el tiempo para familiarizarse a fondo con la t\u00e9cnica del juego, c\u00f3mo se realizan los pagos, reposiciones y bonificaciones. Si comprendes los principios del juego y c\u00f3mo funciona, tus decisiones futuras ser\u00e1n m\u00e1s racionales.<\/li>\n<\/ul>\n<ul>\n<li>Var\u00ede sus apuestas. En lugar de hacer las mismas apuestas en cada ronda, intenta variar tus apuestas. A veces es mejor apostar en grande para aumentar sus posibilidades de ganar en grande y, a veces, es mejor apostar menos para reducir sus p\u00e9rdidas.<\/li>\n<\/ul>\n<ul>\n<li>Gestiona tu presupuesto. Es muy importante poder administrar tus finanzas en el juego. F\u00edjese un l\u00edmite de p\u00e9rdidas y resp\u00e9telo. No se permita jugar con grandes sumas que no pueda permitirse perder.<\/li>\n<\/ul>\n<ul>\n<li>Juega inteligentemente. No olvides que jugar en un casino siempre implica riesgo. Juega responsablemente y no dejes que tus emociones influyan en tus decisiones. Recuerde que la suerte puede ser impredecible, as\u00ed que no conf\u00ede \u00fanicamente en ella.<\/li>\n<\/ul>\n<ul>\n<li>Aprende las reglas del juego. Para tener \u00e9xito en el casino online Aviator y en cualquier otro casino, es importante comprender bien las reglas del juego. Estudia todos los detalles y caracter\u00edsticas del juego para tomar decisiones informadas.<\/li>\n<\/ul>\n<ul>\n<li>Utilice el modo de demostraci\u00f3n. Si eres nuevo en el juego o simplemente quieres practicar y comprender mejor el juego, utiliza el modo de demostraci\u00f3n para jugar sin riesgo de perder dinero real. Esto te ayudar\u00e1 a sentirte c\u00f3modo con el juego y desarrollar tu estrategia.<\/li>\n<\/ul>\n<ul>\n<li>Presta atenci\u00f3n a las opiniones de otros jugadores. Es posible que otros jugadores ya hayan encontrado estrategias o consejos efectivos para jugar Aviator. Lee los foros y discusiones para aprender m\u00e1s sobre ellos y aplicarlos a tu juego. \u00a1Y presta atenci\u00f3n al chat del juego con m\u00e1s frecuencia!<\/li>\n<\/ul>\n<ul>\n<li>Aseg\u00farate de tener una buena conexi\u00f3n a Internet. Antes de comenzar a jugar, \u00a1aseg\u00farate de tener una conexi\u00f3n estable! En caso de desconexi\u00f3n inesperada, los desarrolladores no son responsables de la apuesta perdida.<\/li>\n<\/ul>\n<p>Espero que estas recomendaciones te ayuden a disfrutar del juego en l\u00ednea Aviator y aumenten tus posibilidades de \u00e9xito.<\/p>\n<p><img loading=\"lazy\" decoding=\"async\" class=\"alignnone size-full wp-image-301\" src=\"https:\/\/aviator-slotgame.com\/wp-content\/uploads\/Aviator-16-800-x-600-\u043f\u0438\u043a\u0441.jpg\" alt=\"Consejos importantes para jugar Aviator con \u00e9xito\" width=\"800\" height=\"600\" srcset=\"https:\/\/aviator-slotgame.com\/wp-content\/uploads\/Aviator-16-800-x-600-\u043f\u0438\u043a\u0441.jpg 800w, https:\/\/aviator-slotgame.com\/wp-content\/uploads\/Aviator-16-800-x-600-\u043f\u0438\u043a\u0441-300x225.jpg 300w, https:\/\/aviator-slotgame.com\/wp-content\/uploads\/Aviator-16-800-x-600-\u043f\u0438\u043a\u0441-768x576.jpg 768w, https:\/\/aviator-slotgame.com\/wp-content\/uploads\/Aviator-16-800-x-600-\u043f\u0438\u043a\u0441-16x12.jpg 16w\" sizes=\"auto, (max-width: 800px) 100vw, 800px\" \/><\/p>\n\n<div style=\"font-size: 0px; height: 0px; line-height: 0px; margin: 0; padding: 0; clear: both;\"><\/div>","protected":false},"excerpt":{"rendered":"<p>En el juego de choque Aviator, como en muchos otros juegos de apuestas, es importante recordar que los resultados se basan en el azar. Sin embargo<\/p>","protected":false},"author":1,"featured_media":0,"parent":0,"menu_order":0,"comment_status":"closed","ping_status":"closed","template":"","meta":{"footnotes":""},"class_list":["post-230","page","type-page","status-publish","hentry"],"yoast_head":"<!-- This site is optimized with the Yoast SEO plugin v22.0 - https:\/\/yoast.com\/wordpress\/plugins\/seo\/ -->\n<title>C\u0442\u0440\u0430\u0442\u0435\u0433\u0438\u0438 \u0438\u0433\u0440\u044b \u0410\u0432\u0438\u0430\u0442\u043e\u0440 \u2014 \u041a\u0430\u043a \u0432\u044b\u0438\u0433\u0440\u044b\u0432\u0430\u0442\u044c \u0434\u0435\u043d\u044c\u0433\u0438 \u0432 \u043a\u0440\u0430\u0448-\u0441\u043b\u043e\u0442<\/title>\n<meta name=\"description\" content=\"\u0418\u0437\u0443\u0447\u0438\u0442\u0435 \u0441\u0442\u0440\u0430\u0442\u0435\u0433\u0438\u0438 \u0438 \u0442\u0430\u043a\u0442\u0438\u043a\u0438 \u0438\u0433\u0440\u044b \u0432 \u0441\u043b\u043e\u0442 \u0410\u0432\u0438\u0430\u0442\u043e\u0440. \u0423\u043f\u0440\u0430\u0432\u043b\u044f\u0439\u0442\u0435 \u0431\u0430\u043d\u043a\u0440\u043e\u043b\u043b\u043e\u043c, \u0438\u0441\u043f\u043e\u043b\u044c\u0437\u0443\u0439\u0442\u0435 \u043a\u043e\u044d\u0444\u0444\u0438\u0446\u0438\u0435\u043d\u0442\u044b \u0438 \u0443\u0432\u0435\u043b\u0438\u0447\u0438\u0432\u0430\u0439\u0442\u0435 \u0448\u0430\u043d\u0441\u044b \u043d\u0430 \u0432\u044b\u0438\u0433\u0440\u044b\u0448 \u0432 \u043a\u0440\u0430\u0448-\u0438\u0433\u0440\u0435 \u043d\u0430 \u0434\u0435\u043d\u044c\u0433\u0438.\" \/>\n<meta name=\"robots\" content=\"index, follow, max-snippet:-1, max-image-preview:large, max-video-preview:-1\" \/>\n<link rel=\"canonical\" href=\"https:\/\/aviator-slotgame.com\/es\/strategy-and-tactics\/\" \/>\n<meta property=\"og:locale\" content=\"es_MX\" \/>\n<meta property=\"og:type\" content=\"article\" \/>\n<meta property=\"og:title\" content=\"C\u0442\u0440\u0430\u0442\u0435\u0433\u0438\u0438 \u0438\u0433\u0440\u044b \u0410\u0432\u0438\u0430\u0442\u043e\u0440 \u2014 \u041a\u0430\u043a \u0432\u044b\u0438\u0433\u0440\u044b\u0432\u0430\u0442\u044c \u0434\u0435\u043d\u044c\u0433\u0438 \u0432 \u043a\u0440\u0430\u0448-\u0441\u043b\u043e\u0442\" \/>\n<meta property=\"og:description\" content=\"\u0418\u0437\u0443\u0447\u0438\u0442\u0435 \u0441\u0442\u0440\u0430\u0442\u0435\u0433\u0438\u0438 \u0438 \u0442\u0430\u043a\u0442\u0438\u043a\u0438 \u0438\u0433\u0440\u044b \u0432 \u0441\u043b\u043e\u0442 \u0410\u0432\u0438\u0430\u0442\u043e\u0440. \u0423\u043f\u0440\u0430\u0432\u043b\u044f\u0439\u0442\u0435 \u0431\u0430\u043d\u043a\u0440\u043e\u043b\u043b\u043e\u043c, \u0438\u0441\u043f\u043e\u043b\u044c\u0437\u0443\u0439\u0442\u0435 \u043a\u043e\u044d\u0444\u0444\u0438\u0446\u0438\u0435\u043d\u0442\u044b \u0438 \u0443\u0432\u0435\u043b\u0438\u0447\u0438\u0432\u0430\u0439\u0442\u0435 \u0448\u0430\u043d\u0441\u044b \u043d\u0430 \u0432\u044b\u0438\u0433\u0440\u044b\u0448 \u0432 \u043a\u0440\u0430\u0448-\u0438\u0433\u0440\u0435 \u043d\u0430 \u0434\u0435\u043d\u044c\u0433\u0438.\" \/>\n<meta property=\"og:url\" content=\"https:\/\/aviator-slotgame.com\/es\/strategy-and-tactics\/\" \/>\n<meta property=\"og:site_name\" content=\"Aviator\" \/>\n<meta property=\"article:modified_time\" content=\"2024-10-03T23:03:12+00:00\" \/>\n<meta name=\"twitter:card\" content=\"summary_large_image\" \/>\n<meta name=\"twitter:label1\" content=\"Tiempo de lectura\" \/>\n\t<meta name=\"twitter:data1\" content=\"4 minutos\" \/>\n<script type=\"application\/ld+json\" class=\"yoast-schema-graph\">{\"@context\":\"https:\/\/schema.org\",\"@graph\":[{\"@type\":\"WebPage\",\"@id\":\"https:\/\/aviator-slotgame.com\/strategy-and-tactics\/\",\"url\":\"https:\/\/aviator-slotgame.com\/strategy-and-tactics\/\",\"name\":\"C\u0442\u0440\u0430\u0442\u0435\u0433\u0438\u0438 \u0438\u0433\u0440\u044b \u0410\u0432\u0438\u0430\u0442\u043e\u0440 \u2014 \u041a\u0430\u043a \u0432\u044b\u0438\u0433\u0440\u044b\u0432\u0430\u0442\u044c \u0434\u0435\u043d\u044c\u0433\u0438 \u0432 \u043a\u0440\u0430\u0448-\u0441\u043b\u043e\u0442\",\"isPartOf\":{\"@id\":\"https:\/\/aviator-slotgame.com\/#website\"},\"datePublished\":\"2024-09-06T08:55:11+00:00\",\"dateModified\":\"2024-10-03T23:03:12+00:00\",\"description\":\"\u0418\u0437\u0443\u0447\u0438\u0442\u0435 \u0441\u0442\u0440\u0430\u0442\u0435\u0433\u0438\u0438 \u0438 \u0442\u0430\u043a\u0442\u0438\u043a\u0438 \u0438\u0433\u0440\u044b \u0432 \u0441\u043b\u043e\u0442 \u0410\u0432\u0438\u0430\u0442\u043e\u0440. \u0423\u043f\u0440\u0430\u0432\u043b\u044f\u0439\u0442\u0435 \u0431\u0430\u043d\u043a\u0440\u043e\u043b\u043b\u043e\u043c, \u0438\u0441\u043f\u043e\u043b\u044c\u0437\u0443\u0439\u0442\u0435 \u043a\u043e\u044d\u0444\u0444\u0438\u0446\u0438\u0435\u043d\u0442\u044b \u0438 \u0443\u0432\u0435\u043b\u0438\u0447\u0438\u0432\u0430\u0439\u0442\u0435 \u0448\u0430\u043d\u0441\u044b \u043d\u0430 \u0432\u044b\u0438\u0433\u0440\u044b\u0448 \u0432 \u043a\u0440\u0430\u0448-\u0438\u0433\u0440\u0435 \u043d\u0430 \u0434\u0435\u043d\u044c\u0433\u0438.\",\"breadcrumb\":{\"@id\":\"https:\/\/aviator-slotgame.com\/strategy-and-tactics\/#breadcrumb\"},\"inLanguage\":\"es\",\"potentialAction\":[{\"@type\":\"ReadAction\",\"target\":[\"https:\/\/aviator-slotgame.com\/strategy-and-tactics\/\"]}]},{\"@type\":\"BreadcrumbList\",\"@id\":\"https:\/\/aviator-slotgame.com\/strategy-and-tactics\/#breadcrumb\",\"itemListElement\":[{\"@type\":\"ListItem\",\"position\":1,\"name\":\"Home\",\"item\":\"https:\/\/aviator-slotgame.com\/\"},{\"@type\":\"ListItem\",\"position\":2,\"name\":\"\u0421\u0442\u0440\u0430\u0442\u0435\u0433\u0438\u0438 \u0438 \u0442\u0430\u043a\u0442\u0438\u043a\u0438 \u0438\u0433\u0440\u044b Aviator\"}]},{\"@type\":\"WebSite\",\"@id\":\"https:\/\/aviator-slotgame.com\/#website\",\"url\":\"https:\/\/aviator-slotgame.com\/\",\"name\":\"Aviator\",\"description\":\"\",\"publisher\":{\"@id\":\"https:\/\/aviator-slotgame.com\/#organization\"},\"potentialAction\":[{\"@type\":\"SearchAction\",\"target\":{\"@type\":\"EntryPoint\",\"urlTemplate\":\"https:\/\/aviator-slotgame.com\/?s={search_term_string}\"},\"query-input\":\"required name=search_term_string\"}],\"inLanguage\":\"es\"},{\"@type\":\"Organization\",\"@id\":\"https:\/\/aviator-slotgame.com\/#organization\",\"name\":\"Aviator\",\"url\":\"https:\/\/aviator-slotgame.com\/\",\"logo\":{\"@type\":\"ImageObject\",\"inLanguage\":\"es\",\"@id\":\"https:\/\/aviator-slotgame.com\/#\/schema\/logo\/image\/\",\"url\":\"https:\/\/aviator-slotgame.com\/wp-content\/uploads\/16f5e8_dade544d4623411c9c4153c639aae85amv2.webp\",\"contentUrl\":\"https:\/\/aviator-slotgame.com\/wp-content\/uploads\/16f5e8_dade544d4623411c9c4153c639aae85amv2.webp\",\"width\":400,\"height\":300,\"caption\":\"Aviator\"},\"image\":{\"@id\":\"https:\/\/aviator-slotgame.com\/#\/schema\/logo\/image\/\"}}]}<\/script>\n<!-- \/ Yoast SEO plugin. -->","yoast_head_json":{"title":"C\u0442\u0440\u0430\u0442\u0435\u0433\u0438\u0438 \u0438\u0433\u0440\u044b \u0410\u0432\u0438\u0430\u0442\u043e\u0440 \u2014 \u041a\u0430\u043a \u0432\u044b\u0438\u0433\u0440\u044b\u0432\u0430\u0442\u044c \u0434\u0435\u043d\u044c\u0433\u0438 \u0432 \u043a\u0440\u0430\u0448-\u0441\u043b\u043e\u0442","description":"\u0418\u0437\u0443\u0447\u0438\u0442\u0435 \u0441\u0442\u0440\u0430\u0442\u0435\u0433\u0438\u0438 \u0438 \u0442\u0430\u043a\u0442\u0438\u043a\u0438 \u0438\u0433\u0440\u044b \u0432 \u0441\u043b\u043e\u0442 \u0410\u0432\u0438\u0430\u0442\u043e\u0440. \u0423\u043f\u0440\u0430\u0432\u043b\u044f\u0439\u0442\u0435 \u0431\u0430\u043d\u043a\u0440\u043e\u043b\u043b\u043e\u043c, \u0438\u0441\u043f\u043e\u043b\u044c\u0437\u0443\u0439\u0442\u0435 \u043a\u043e\u044d\u0444\u0444\u0438\u0446\u0438\u0435\u043d\u0442\u044b \u0438 \u0443\u0432\u0435\u043b\u0438\u0447\u0438\u0432\u0430\u0439\u0442\u0435 \u0448\u0430\u043d\u0441\u044b \u043d\u0430 \u0432\u044b\u0438\u0433\u0440\u044b\u0448 \u0432 \u043a\u0440\u0430\u0448-\u0438\u0433\u0440\u0435 \u043d\u0430 \u0434\u0435\u043d\u044c\u0433\u0438.","robots":{"index":"index","follow":"follow","max-snippet":"max-snippet:-1","max-image-preview":"max-image-preview:large","max-video-preview":"max-video-preview:-1"},"canonical":"https:\/\/aviator-slotgame.com\/es\/strategy-and-tactics\/","og_locale":"es_MX","og_type":"article","og_title":"C\u0442\u0440\u0430\u0442\u0435\u0433\u0438\u0438 \u0438\u0433\u0440\u044b \u0410\u0432\u0438\u0430\u0442\u043e\u0440 \u2014 \u041a\u0430\u043a \u0432\u044b\u0438\u0433\u0440\u044b\u0432\u0430\u0442\u044c \u0434\u0435\u043d\u044c\u0433\u0438 \u0432 \u043a\u0440\u0430\u0448-\u0441\u043b\u043e\u0442","og_description":"\u0418\u0437\u0443\u0447\u0438\u0442\u0435 \u0441\u0442\u0440\u0430\u0442\u0435\u0433\u0438\u0438 \u0438 \u0442\u0430\u043a\u0442\u0438\u043a\u0438 \u0438\u0433\u0440\u044b \u0432 \u0441\u043b\u043e\u0442 \u0410\u0432\u0438\u0430\u0442\u043e\u0440. \u0423\u043f\u0440\u0430\u0432\u043b\u044f\u0439\u0442\u0435 \u0431\u0430\u043d\u043a\u0440\u043e\u043b\u043b\u043e\u043c, \u0438\u0441\u043f\u043e\u043b\u044c\u0437\u0443\u0439\u0442\u0435 \u043a\u043e\u044d\u0444\u0444\u0438\u0446\u0438\u0435\u043d\u0442\u044b \u0438 \u0443\u0432\u0435\u043b\u0438\u0447\u0438\u0432\u0430\u0439\u0442\u0435 \u0448\u0430\u043d\u0441\u044b \u043d\u0430 \u0432\u044b\u0438\u0433\u0440\u044b\u0448 \u0432 \u043a\u0440\u0430\u0448-\u0438\u0433\u0440\u0435 \u043d\u0430 \u0434\u0435\u043d\u044c\u0433\u0438.","og_url":"https:\/\/aviator-slotgame.com\/es\/strategy-and-tactics\/","og_site_name":"Aviator","article_modified_time":"2024-10-03T23:03:12+00:00","twitter_card":"summary_large_image","twitter_misc":{"Tiempo de lectura":"4 minutos"},"schema":{"@context":"https:\/\/schema.org","@graph":[{"@type":"WebPage","@id":"https:\/\/aviator-slotgame.com\/strategy-and-tactics\/","url":"https:\/\/aviator-slotgame.com\/strategy-and-tactics\/","name":"C\u0442\u0440\u0430\u0442\u0435\u0433\u0438\u0438 \u0438\u0433\u0440\u044b \u0410\u0432\u0438\u0430\u0442\u043e\u0440 \u2014 \u041a\u0430\u043a \u0432\u044b\u0438\u0433\u0440\u044b\u0432\u0430\u0442\u044c \u0434\u0435\u043d\u044c\u0433\u0438 \u0432 \u043a\u0440\u0430\u0448-\u0441\u043b\u043e\u0442","isPartOf":{"@id":"https:\/\/aviator-slotgame.com\/#website"},"datePublished":"2024-09-06T08:55:11+00:00","dateModified":"2024-10-03T23:03:12+00:00","description":"\u0418\u0437\u0443\u0447\u0438\u0442\u0435 \u0441\u0442\u0440\u0430\u0442\u0435\u0433\u0438\u0438 \u0438 \u0442\u0430\u043a\u0442\u0438\u043a\u0438 \u0438\u0433\u0440\u044b \u0432 \u0441\u043b\u043e\u0442 \u0410\u0432\u0438\u0430\u0442\u043e\u0440. \u0423\u043f\u0440\u0430\u0432\u043b\u044f\u0439\u0442\u0435 \u0431\u0430\u043d\u043a\u0440\u043e\u043b\u043b\u043e\u043c, \u0438\u0441\u043f\u043e\u043b\u044c\u0437\u0443\u0439\u0442\u0435 \u043a\u043e\u044d\u0444\u0444\u0438\u0446\u0438\u0435\u043d\u0442\u044b \u0438 \u0443\u0432\u0435\u043b\u0438\u0447\u0438\u0432\u0430\u0439\u0442\u0435 \u0448\u0430\u043d\u0441\u044b \u043d\u0430 \u0432\u044b\u0438\u0433\u0440\u044b\u0448 \u0432 \u043a\u0440\u0430\u0448-\u0438\u0433\u0440\u0435 \u043d\u0430 \u0434\u0435\u043d\u044c\u0433\u0438.","breadcrumb":{"@id":"https:\/\/aviator-slotgame.com\/strategy-and-tactics\/#breadcrumb"},"inLanguage":"es","potentialAction":[{"@type":"ReadAction","target":["https:\/\/aviator-slotgame.com\/strategy-and-tactics\/"]}]},{"@type":"BreadcrumbList","@id":"https:\/\/aviator-slotgame.com\/strategy-and-tactics\/#breadcrumb","itemListElement":[{"@type":"ListItem","position":1,"name":"Home","item":"https:\/\/aviator-slotgame.com\/"},{"@type":"ListItem","position":2,"name":"\u0421\u0442\u0440\u0430\u0442\u0435\u0433\u0438\u0438 \u0438 \u0442\u0430\u043a\u0442\u0438\u043a\u0438 \u0438\u0433\u0440\u044b Aviator"}]},{"@type":"WebSite","@id":"https:\/\/aviator-slotgame.com\/#website","url":"https:\/\/aviator-slotgame.com\/","name":"Aviator","description":"","publisher":{"@id":"https:\/\/aviator-slotgame.com\/#organization"},"potentialAction":[{"@type":"SearchAction","target":{"@type":"EntryPoint","urlTemplate":"https:\/\/aviator-slotgame.com\/?s={search_term_string}"},"query-input":"required name=search_term_string"}],"inLanguage":"es"},{"@type":"Organization","@id":"https:\/\/aviator-slotgame.com\/#organization","name":"Aviator","url":"https:\/\/aviator-slotgame.com\/","logo":{"@type":"ImageObject","inLanguage":"es","@id":"https:\/\/aviator-slotgame.com\/#\/schema\/logo\/image\/","url":"https:\/\/aviator-slotgame.com\/wp-content\/uploads\/16f5e8_dade544d4623411c9c4153c639aae85amv2.webp","contentUrl":"https:\/\/aviator-slotgame.com\/wp-content\/uploads\/16f5e8_dade544d4623411c9c4153c639aae85amv2.webp","width":400,"height":300,"caption":"Aviator"},"image":{"@id":"https:\/\/aviator-slotgame.com\/#\/schema\/logo\/image\/"}}]}},"amp_enabled":true,"_links":{"self":[{"href":"https:\/\/aviator-slotgame.com\/es\/wp-json\/wp\/v2\/pages\/230","targetHints":{"allow":["GET"]}}],"collection":[{"href":"https:\/\/aviator-slotgame.com\/es\/wp-json\/wp\/v2\/pages"}],"about":[{"href":"https:\/\/aviator-slotgame.com\/es\/wp-json\/wp\/v2\/types\/page"}],"author":[{"embeddable":true,"href":"https:\/\/aviator-slotgame.com\/es\/wp-json\/wp\/v2\/users\/1"}],"replies":[{"embeddable":true,"href":"https:\/\/aviator-slotgame.com\/es\/wp-json\/wp\/v2\/comments?post=230"}],"version-history":[{"count":14,"href":"https:\/\/aviator-slotgame.com\/es\/wp-json\/wp\/v2\/pages\/230\/revisions"}],"predecessor-version":[{"id":410,"href":"https:\/\/aviator-slotgame.com\/es\/wp-json\/wp\/v2\/pages\/230\/revisions\/410"}],"wp:attachment":[{"href":"https:\/\/aviator-slotgame.com\/es\/wp-json\/wp\/v2\/media?parent=230"}],"curies":[{"name":"wp","href":"https:\/\/api.w.org\/{rel}","templated":true}]}}