{"id":26,"date":"2024-01-31T12:57:07","date_gmt":"2024-01-31T12:57:07","guid":{"rendered":"https:\/\/aviator-slotgame.com\/?page_id=26"},"modified":"2024-10-03T23:16:00","modified_gmt":"2024-10-03T23:16:00","slug":"play-for-free","status":"publish","type":"page","link":"https:\/\/aviator-slotgame.com\/es\/como-jugar-gratis-a-la-demo-de-aviator\/","title":{"rendered":"C\u00f3mo jugar gratis a la demo de Aviator"},"content":{"rendered":"<div class=\"4e013b53d6e293f4c83e2df5fd94ff6a\" data-index=\"1\" style=\"float: none; margin:10px 0 10px 0; text-align:center;\">\n<div class=\"custom-play-button\">\r\n<center><a href=\"https:\/\/aviator-slotgame.com\/es\/play-game\/\" rel=\"nofollow\" target=\"_blank\">Reproducir ahora<\/a><br><\/center>\r\n<\/div>\n<\/div>\n<p>El juego Aviator de Spribe es un nuevo y emocionante juego de casino que permite a los jugadores experimentar la emoci\u00f3n de ganar mientras vuelan alto. La versi\u00f3n de demostraci\u00f3n del juego ofrece a los jugadores la oportunidad de probarlo gratis, mientras que la versi\u00f3n completa est\u00e1 disponible en muchos de los principales sitios de casinos. La demostraci\u00f3n gratuita de Aviator es una excelente manera de aprender a jugar antes de gastar dinero en la versi\u00f3n completa, y es una forma divertida de pasar tiempo en l\u00ednea sin gastar dinero.<\/p>\n<p>Para hacer esto, debes ir al sitio web oficial de Aviator y seleccionar el modo de juego de demostraci\u00f3n. En la versi\u00f3n demo, puedes jugar sin tener que apostar dinero real y simplemente disfrutar del juego.<\/p>\n<p><img loading=\"lazy\" decoding=\"async\" title=\"Juega la demostraci\u00f3n de Aviator\" src=\"https:\/\/aviator-slotgame.com\/wp-content\/uploads\/aviator-3.png\" alt=\"C\u00f3mo jugar gratis a la demo de Aviator\" width=\"800\" height=\"445\" \/><\/p>\n<h2>Caracter\u00edsticas clave<\/h2>\n<p>La versi\u00f3n de demostraci\u00f3n te presentar\u00e1 varias mec\u00e1nicas de juego importantes. Al practicar gratis primero, comprender\u00e1s mejor c\u00f3mo funciona el juego y podr\u00e1s maximizar tus ganancias cuando juegues con dinero real. La demostraci\u00f3n de Aviator tambi\u00e9n es una excelente manera de divertirse un poco sin gastar dinero ni cr\u00e9ditos.<\/p><div class=\"4e013b53d6e293f4c83e2df5fd94ff6a\" data-index=\"1\" style=\"float: none; margin:10px 0 10px 0; text-align:center;\">\n<div class=\"custom-play-button\">\r\n<center><a href=\"https:\/\/aviator-slotgame.com\/es\/play-game\/\" rel=\"nofollow\" target=\"_blank\">Reproducir ahora<\/a><br><\/center>\r\n<\/div>\n<\/div>\n\n<h3>Botones dobles<\/h3>\n<p>Estos botones te dan la oportunidad de duplicar tu apuesta cuando las probabilidades est\u00e1n a tu favor. Esto puede aumentar sus ganancias, pero tambi\u00e9n aumenta el factor de riesgo.<\/p>\n<p>Recomendamos practicar el uso de ambos botones en la versi\u00f3n de demostraci\u00f3n antes de arriesgar cr\u00e9ditos reales del sitio. El avi\u00f3n Aviator puede volar en el tiempo que le lleva presionar el segundo bot\u00f3n. Los mejores jugadores de Aviator pueden retirar ambas apuestas en un segundo.<\/p>\n<h3>Tabla de clasificaci\u00f3n<\/h3>\n<p>\u00a1Esta funci\u00f3n te da una idea de qu\u00e9 tan bien se comparan tus apuestas con las de otros jugadores en tiempo real! Esta es una excelente manera de mantenerte motivado cuando llegas al juego real. En la demostraci\u00f3n, estos jugadores est\u00e1n simulados, pero puedes hacerte una idea de a qu\u00e9 prestar atenci\u00f3n.<\/p>\n<h3>L\u00edmites de apuestas y ganancias<\/h3>\n<p>La demostraci\u00f3n de Aviator es un buen lugar para descubrir cu\u00e1les son las apuestas m\u00e1ximas y m\u00ednimas que puedes hacer y cu\u00e1nto dinero te traer\u00e1 la suerte. Esta informaci\u00f3n es extremadamente importante por dos razones. En primer lugar, podr\u00e1s conocer los l\u00edmites de tu juego y no traspasarlos cuando juegues la versi\u00f3n completa. En segundo lugar, puedes saber qu\u00e9 esperar cuando el multiplicador comience a aumentar.<\/p>\n<table>\n<tbody>\n<tr>\n<td><strong>L\u00cdMITES DEL JUEGO<\/strong><\/td>\n<\/tr>\n<tr>\n<td><strong>Oferta m\u00ednima<\/strong><\/td>\n<td>0.10<\/td>\n<\/tr>\n<tr>\n<td><strong>Apuesta m\u00e1xima<\/strong><\/td>\n<td>100<\/td>\n<\/tr>\n<tr>\n<td><strong>Ganancia m\u00e1xima<\/strong><\/td>\n<td>10,000<\/td>\n<\/tr>\n<\/tbody>\n<\/table>\n<p><img loading=\"lazy\" decoding=\"async\" src=\"https:\/\/aviator-slotgame.com\/wp-content\/uploads\/Aviator-12-800-x-600-\u043f\u0438\u043a\u0441.jpg\" alt=\"Apuestas y ganancias\" width=\"800\" height=\"600\" \/><\/p>\n<h3>Auto-reproducci\u00f3n<\/h3>\n<p>La reproducci\u00f3n autom\u00e1tica realiza apuestas y paga dinero autom\u00e1ticamente en tu nombre de acuerdo con la configuraci\u00f3n que especifiques. Esto te permite sentarte y relajarte mientras el juego Aviator hace el trabajo por ti. Para divertirse y practicar, el juego permitir\u00e1 a los jugadores probar diferentes combinaciones de configuraciones.<\/p>\n<p>Las siguientes opciones de reproducci\u00f3n autom\u00e1tica est\u00e1n disponibles en la versi\u00f3n demo de Aviator:<\/p>\n<ul>\n<li>L\u00edmite de reducci\u00f3n de efectivo<\/li>\n<li>L\u00edmite de ganancias<\/li>\n<li>L\u00edmite por victoria<\/li>\n<li>Multiplicador de pago en efectivo<\/li>\n<\/ul>\n<p><img loading=\"lazy\" decoding=\"async\" src=\"https:\/\/aviator-slotgame.com\/wp-content\/uploads\/Aviator-15-800-x-600-\u043f\u0438\u043a\u0441.jpg\" alt=\"Reproducci\u00f3n autom\u00e1tica en Aviator\" width=\"800\" height=\"600\" \/><\/p>\n<h2>Funciones no incluidas en la versi\u00f3n demo.<\/h2>\n<p>A la demostraci\u00f3n de Aviator le falta una caracter\u00edstica vital. Simplemente no se puede modelar.<\/p>\n<h3>Los jugadores charlan<\/h3>\n<p>En la versi\u00f3n completa de Aviator, los jugadores pueden acceder al sistema de chat del juego para discutir estrategias, abusar de los multiplicadores, compartir consejos y trucos, alardear de grandes victorias recientes y charlar entre ellos. Esta funci\u00f3n no est\u00e1 disponible en la versi\u00f3n demo.<\/p>\n<p>Quiz\u00e1s no puedas practicar la comunicaci\u00f3n con otros jugadores, pero es uno de los aspectos m\u00e1s importantes de un juego en vivo. Esta es una excelente manera de establecer relaciones con otros jugadores y aprender m\u00e1s sobre el juego.<\/p>\n<h2>Demostraci\u00f3n gratuita de Aviator comparada con el juego real<\/h2>\n<p>La demostraci\u00f3n de Aviator es una versi\u00f3n gratuita del juego que te permite practicar y probar diferentes estrategias. La versi\u00f3n demo incluye todas las funciones disponibles en la versi\u00f3n completa, pero con algunas limitaciones. Por ejemplo, en la versi\u00f3n demo de Aviator no puedes ganar dinero real ni premios. Sin embargo, si disfrutas jugando la versi\u00f3n demo y quieres experimentar m\u00e1s funciones de este emocionante juego, puedes continuar jugando al juego real en cualquier momento.<\/p>\n<p>La versi\u00f3n demo de Aviator viene con varios tutoriales y consejos para ayudarte a entender c\u00f3mo jugar de manera m\u00e1s eficiente. Le ayudar\u00e1n a mejorar su experiencia de juego general al brindarle orientaci\u00f3n f\u00e1cil de entender a los nuevos jugadores y al ense\u00f1arle nuevas t\u00e9cnicas. Tambi\u00e9n puede ver los datos RNG (generador de n\u00fameros aleatorios) generados en estas rondas, lo que le permitir\u00e1 familiarizarse m\u00e1s con la tecnolog\u00eda criptogr\u00e1fica de Spribe.<\/p>\n<table>\n<tbody>\n<tr>\n<td><strong>DEMOSTRACI\u00d3N DEL AVIADOR<\/strong><\/td>\n<td><strong>JUEGO EN VIVO \u201cAVIADOR\u201d<\/strong><\/td>\n<\/tr>\n<tr>\n<td>Jugar gratis<\/td>\n<td>Se requiere cr\u00e9dito del sitio<\/td>\n<\/tr>\n<tr>\n<td>Sin chat en vivo<\/td>\n<td>Chat para todos los jugadores<\/td>\n<\/tr>\n<tr>\n<td>Sin ganancias<\/td>\n<td>Ganar depende del multiplicador.<\/td>\n<\/tr>\n<tr>\n<td>Puedes jugar en el sitio web oficial de Spribe.<\/td>\n<td>S\u00f3lo disponible en casinos en l\u00ednea con licencia<\/td>\n<\/tr>\n<tr>\n<td>Jugadores simulados en la clasificaci\u00f3n.<\/td>\n<td>Los jugadores reales hacen apuestas.<\/td>\n<\/tr>\n<\/tbody>\n<\/table>\n<p>Al jugar primero la demostraci\u00f3n de Aviator, podr\u00e1s perfeccionar tus habilidades antes de enfrentarte a otros jugadores y tal vez ganar de verdad.<\/p>\n<p><img loading=\"lazy\" decoding=\"async\" src=\"https:\/\/aviator-slotgame.com\/wp-content\/uploads\/Aviator-11-800-x-600-\u043f\u0438\u043a\u0441.jpg\" alt=\"Versi\u00f3n demo en Aviator\" width=\"800\" height=\"600\" \/><\/p>\n<h2>Versi\u00f3n demo del juego Aviador.<\/h2>\n<p>\u00bfPor qu\u00e9 todo el mundo recomienda que primero se familiarice con la versi\u00f3n demo del juego Aviator?<\/p>\n<ol>\n<li><strong>Introducci\u00f3n al juego:<\/strong> La versi\u00f3n gratuita del juego Aviator ayuda a los jugadores a familiarizarse con la jugabilidad, las reglas del juego y las funciones de las tragamonedas sin arriesgar su dinero.<\/li>\n<li><strong>Pr\u00e1ctica:<\/strong> Jugar la versi\u00f3n gratuita permite a los jugadores practicar y perfeccionar sus habilidades antes de jugar con dinero real.<\/li>\n<li><strong>Puntuaci\u00f3n de inter\u00e9s:<\/strong> Al jugar la versi\u00f3n gratuita, podr\u00e1s evaluar qu\u00e9 tan interesante y emocionante es el juego, lo que te ayudar\u00e1 a decidir si contin\u00faas jugando con dinero real.<\/li>\n<li><strong>Riesgos no financieros:<\/strong> La versi\u00f3n gratuita elimina los riesgos financieros para el jugador, ya que las apuestas se realizan con dinero virtual, lo que le permite disfrutar del juego sin estr\u00e9s.<\/li>\n<li><strong>Entretenimiento:<\/strong> Jugar a la versi\u00f3n gratuita de Aviator puede ser una excelente manera de divertirse y pasar el tiempo sin tener que invertir dinero.<\/li>\n<\/ol>\n<p><img loading=\"lazy\" decoding=\"async\" src=\"https:\/\/aviator-slotgame.com\/wp-content\/uploads\/Aviator-30-800-x-600-\u043f\u0438\u043a\u0441.jpg\" alt=\"Juego de demostraci\u00f3n Aviador\" width=\"800\" height=\"600\" \/><\/p>\n<h2>\u00bfD\u00f3nde puedo encontrar una versi\u00f3n demo del juego Aviator?<\/h2>\n<p>Aqu\u00ed hay instrucciones detalladas sobre c\u00f3mo encontrar una versi\u00f3n de demostraci\u00f3n del juego en l\u00ednea Aviator:<\/p>\n<ol>\n<li>Abra el navegador de Internet de su dispositivo y vaya al sitio web oficial del casino en el que desea jugar.<\/li>\n<li>Si ya tiene una cuenta en el sitio, inicie sesi\u00f3n con sus credenciales. Si a\u00fan no tiene una cuenta, reg\u00edstrese en el sitio web del casino.<\/li>\n<li>Despu\u00e9s de ingresar al sitio, busque la secci\u00f3n con juegos bloqueados o use la barra de b\u00fasqueda. Normalmente, las versiones de demostraci\u00f3n de los juegos se proporcionan en la secci\u00f3n Juegos.<\/li>\n<li>Encuentra el juego Aviator entre las opciones presentadas y haz clic en \u00e9l.<\/li>\n<li>En la informaci\u00f3n del juego normalmente encontrar\u00e1s un bot\u00f3n Jugar o Demostraci\u00f3n. Haz clic en este bot\u00f3n para iniciar el modo de demostraci\u00f3n del juego Aviator.<\/li>\n<li>Se descargar\u00e1 la versi\u00f3n demo del juego y podr\u00e1s empezar a jugar sin tener que apostar dinero real. En el modo de demostraci\u00f3n, utilizar\u00e1s dinero virtual proporcionado por el casino para jugar al juego de choque Aviator.<\/li>\n<\/ol>\n<p>Por lo tanto, siguiendo estos pasos, podr\u00e1s encontrar y jugar f\u00e1cilmente la versi\u00f3n demo del juego Aviator en el sitio web oficial del casino.<\/p>\n<p><img loading=\"lazy\" decoding=\"async\" src=\"https:\/\/aviator-slotgame.com\/wp-content\/uploads\/Aviator-31-800-x-600-\u043f\u0438\u043a\u0441.jpg\" alt=\"Encuentra el juego de demostraci\u00f3n Aviator\" width=\"800\" height=\"600\" \/><\/p>\n\n<div style=\"font-size: 0px; height: 0px; line-height: 0px; margin: 0; padding: 0; clear: both;\"><\/div>","protected":false},"excerpt":{"rendered":"<p>Spribe&#039;s Aviator es un nuevo y emocionante juego de casino que permite a los jugadores experimentar la emoci\u00f3n de ganar.<\/p>","protected":false},"author":1,"featured_media":0,"parent":0,"menu_order":0,"comment_status":"closed","ping_status":"closed","template":"","meta":{"footnotes":""},"class_list":["post-26","page","type-page","status-publish","hentry"],"yoast_head":"<!-- This site is optimized with the Yoast SEO plugin v22.0 - https:\/\/yoast.com\/wordpress\/plugins\/seo\/ -->\n<title>\u0414\u0435\u043c\u043e-\u0432\u0435\u0440\u0441\u0438\u044f \u0438\u0433\u0440\u044b \u0410\u0432\u0438\u0430\u0442\u043e\u0440 \u2014 \u0418\u0433\u0440\u0430\u0439\u0442\u0435 \u0432 \u043a\u0440\u0430\u0448-\u0441\u043b\u043e\u0442 \u0431\u0435\u0441\u043f\u043b\u0430\u0442\u043d\u043e<\/title>\n<meta name=\"description\" content=\"\u0418\u0433\u0440\u0430\u0439 \u0432 \u0434\u0435\u043c\u043e-\u0432\u0435\u0440\u0441\u0438\u044e \u0410\u0432\u0438\u0430\u0442\u043e\u0440 \u0431\u0435\u0441\u043f\u043b\u0430\u0442\u043d\u043e. \u0422\u0440\u0435\u043d\u0438\u0440\u0443\u0439\u0441\u044f \u0431\u0435\u0437 \u0434\u0435\u043d\u0435\u0433 \u0432 \u043a\u0440\u0430\u0448-\u0441\u043b\u043e\u0442\u0435 \u043e\u0442 Spribe \u043f\u0435\u0440\u0435\u0434 \u0438\u0433\u0440\u043e\u0439 \u043d\u0430 \u0440\u0435\u0430\u043b\u044c\u043d\u044b\u0435 \u0434\u0435\u043d\u044c\u0433\u0438 \u0432 \u043e\u043d\u043b\u0430\u0439\u043d \u043a\u0430\u0437\u0438\u043d\u043e.\" \/>\n<meta name=\"robots\" content=\"index, follow, max-snippet:-1, max-image-preview:large, max-video-preview:-1\" \/>\n<link rel=\"canonical\" href=\"https:\/\/aviator-slotgame.com\/es\/como-jugar-gratis-a-la-demo-de-aviator\/\" \/>\n<meta property=\"og:locale\" content=\"es_MX\" \/>\n<meta property=\"og:type\" content=\"article\" \/>\n<meta property=\"og:title\" content=\"\u0414\u0435\u043c\u043e-\u0432\u0435\u0440\u0441\u0438\u044f \u0438\u0433\u0440\u044b \u0410\u0432\u0438\u0430\u0442\u043e\u0440 \u2014 \u0418\u0433\u0440\u0430\u0439\u0442\u0435 \u0432 \u043a\u0440\u0430\u0448-\u0441\u043b\u043e\u0442 \u0431\u0435\u0441\u043f\u043b\u0430\u0442\u043d\u043e\" \/>\n<meta property=\"og:description\" content=\"\u0418\u0433\u0440\u0430\u0439 \u0432 \u0434\u0435\u043c\u043e-\u0432\u0435\u0440\u0441\u0438\u044e \u0410\u0432\u0438\u0430\u0442\u043e\u0440 \u0431\u0435\u0441\u043f\u043b\u0430\u0442\u043d\u043e. \u0422\u0440\u0435\u043d\u0438\u0440\u0443\u0439\u0441\u044f \u0431\u0435\u0437 \u0434\u0435\u043d\u0435\u0433 \u0432 \u043a\u0440\u0430\u0448-\u0441\u043b\u043e\u0442\u0435 \u043e\u0442 Spribe \u043f\u0435\u0440\u0435\u0434 \u0438\u0433\u0440\u043e\u0439 \u043d\u0430 \u0440\u0435\u0430\u043b\u044c\u043d\u044b\u0435 \u0434\u0435\u043d\u044c\u0433\u0438 \u0432 \u043e\u043d\u043b\u0430\u0439\u043d \u043a\u0430\u0437\u0438\u043d\u043e.\" \/>\n<meta property=\"og:url\" content=\"https:\/\/aviator-slotgame.com\/es\/como-jugar-gratis-a-la-demo-de-aviator\/\" \/>\n<meta property=\"og:site_name\" content=\"Aviator\" \/>\n<meta property=\"article:modified_time\" content=\"2024-10-03T23:16:00+00:00\" \/>\n<meta property=\"og:image\" content=\"https:\/\/aviator-slotgame.com\/wp-content\/uploads\/aviator-3.png\" \/>\n<meta name=\"twitter:card\" content=\"summary_large_image\" \/>\n<meta name=\"twitter:label1\" content=\"Tiempo de lectura\" \/>\n\t<meta name=\"twitter:data1\" content=\"6 minutos\" \/>\n<script type=\"application\/ld+json\" class=\"yoast-schema-graph\">{\"@context\":\"https:\/\/schema.org\",\"@graph\":[{\"@type\":\"WebPage\",\"@id\":\"https:\/\/aviator-slotgame.com\/play-for-free\/\",\"url\":\"https:\/\/aviator-slotgame.com\/play-for-free\/\",\"name\":\"\u0414\u0435\u043c\u043e-\u0432\u0435\u0440\u0441\u0438\u044f \u0438\u0433\u0440\u044b \u0410\u0432\u0438\u0430\u0442\u043e\u0440 \u2014 \u0418\u0433\u0440\u0430\u0439\u0442\u0435 \u0432 \u043a\u0440\u0430\u0448-\u0441\u043b\u043e\u0442 \u0431\u0435\u0441\u043f\u043b\u0430\u0442\u043d\u043e\",\"isPartOf\":{\"@id\":\"https:\/\/aviator-slotgame.com\/#website\"},\"datePublished\":\"2024-01-31T12:57:07+00:00\",\"dateModified\":\"2024-10-03T23:16:00+00:00\",\"description\":\"\u0418\u0433\u0440\u0430\u0439 \u0432 \u0434\u0435\u043c\u043e-\u0432\u0435\u0440\u0441\u0438\u044e \u0410\u0432\u0438\u0430\u0442\u043e\u0440 \u0431\u0435\u0441\u043f\u043b\u0430\u0442\u043d\u043e. \u0422\u0440\u0435\u043d\u0438\u0440\u0443\u0439\u0441\u044f \u0431\u0435\u0437 \u0434\u0435\u043d\u0435\u0433 \u0432 \u043a\u0440\u0430\u0448-\u0441\u043b\u043e\u0442\u0435 \u043e\u0442 Spribe \u043f\u0435\u0440\u0435\u0434 \u0438\u0433\u0440\u043e\u0439 \u043d\u0430 \u0440\u0435\u0430\u043b\u044c\u043d\u044b\u0435 \u0434\u0435\u043d\u044c\u0433\u0438 \u0432 \u043e\u043d\u043b\u0430\u0439\u043d \u043a\u0430\u0437\u0438\u043d\u043e.\",\"breadcrumb\":{\"@id\":\"https:\/\/aviator-slotgame.com\/play-for-free\/#breadcrumb\"},\"inLanguage\":\"es\",\"potentialAction\":[{\"@type\":\"ReadAction\",\"target\":[\"https:\/\/aviator-slotgame.com\/play-for-free\/\"]}]},{\"@type\":\"BreadcrumbList\",\"@id\":\"https:\/\/aviator-slotgame.com\/play-for-free\/#breadcrumb\",\"itemListElement\":[{\"@type\":\"ListItem\",\"position\":1,\"name\":\"Home\",\"item\":\"https:\/\/aviator-slotgame.com\/\"},{\"@type\":\"ListItem\",\"position\":2,\"name\":\"\u041a\u0430\u043a \u0438\u0433\u0440\u0430\u0442\u044c \u0432 \u0434\u0435\u043c\u043e-\u0432\u0435\u0440\u0441\u0438\u044e \u0410\u0432\u0438\u0430\u0442\u043e\u0440\u0430 \u0431\u0435\u0441\u043f\u043b\u0430\u0442\u043d\u043e\"}]},{\"@type\":\"WebSite\",\"@id\":\"https:\/\/aviator-slotgame.com\/#website\",\"url\":\"https:\/\/aviator-slotgame.com\/\",\"name\":\"Aviator\",\"description\":\"\",\"publisher\":{\"@id\":\"https:\/\/aviator-slotgame.com\/#organization\"},\"potentialAction\":[{\"@type\":\"SearchAction\",\"target\":{\"@type\":\"EntryPoint\",\"urlTemplate\":\"https:\/\/aviator-slotgame.com\/?s={search_term_string}\"},\"query-input\":\"required name=search_term_string\"}],\"inLanguage\":\"es\"},{\"@type\":\"Organization\",\"@id\":\"https:\/\/aviator-slotgame.com\/#organization\",\"name\":\"Aviator\",\"url\":\"https:\/\/aviator-slotgame.com\/\",\"logo\":{\"@type\":\"ImageObject\",\"inLanguage\":\"es\",\"@id\":\"https:\/\/aviator-slotgame.com\/#\/schema\/logo\/image\/\",\"url\":\"https:\/\/aviator-slotgame.com\/wp-content\/uploads\/16f5e8_dade544d4623411c9c4153c639aae85amv2.webp\",\"contentUrl\":\"https:\/\/aviator-slotgame.com\/wp-content\/uploads\/16f5e8_dade544d4623411c9c4153c639aae85amv2.webp\",\"width\":400,\"height\":300,\"caption\":\"Aviator\"},\"image\":{\"@id\":\"https:\/\/aviator-slotgame.com\/#\/schema\/logo\/image\/\"}}]}<\/script>\n<!-- \/ Yoast SEO plugin. -->","yoast_head_json":{"title":"\u0414\u0435\u043c\u043e-\u0432\u0435\u0440\u0441\u0438\u044f \u0438\u0433\u0440\u044b \u0410\u0432\u0438\u0430\u0442\u043e\u0440 \u2014 \u0418\u0433\u0440\u0430\u0439\u0442\u0435 \u0432 \u043a\u0440\u0430\u0448-\u0441\u043b\u043e\u0442 \u0431\u0435\u0441\u043f\u043b\u0430\u0442\u043d\u043e","description":"\u0418\u0433\u0440\u0430\u0439 \u0432 \u0434\u0435\u043c\u043e-\u0432\u0435\u0440\u0441\u0438\u044e \u0410\u0432\u0438\u0430\u0442\u043e\u0440 \u0431\u0435\u0441\u043f\u043b\u0430\u0442\u043d\u043e. \u0422\u0440\u0435\u043d\u0438\u0440\u0443\u0439\u0441\u044f \u0431\u0435\u0437 \u0434\u0435\u043d\u0435\u0433 \u0432 \u043a\u0440\u0430\u0448-\u0441\u043b\u043e\u0442\u0435 \u043e\u0442 Spribe \u043f\u0435\u0440\u0435\u0434 \u0438\u0433\u0440\u043e\u0439 \u043d\u0430 \u0440\u0435\u0430\u043b\u044c\u043d\u044b\u0435 \u0434\u0435\u043d\u044c\u0433\u0438 \u0432 \u043e\u043d\u043b\u0430\u0439\u043d \u043a\u0430\u0437\u0438\u043d\u043e.","robots":{"index":"index","follow":"follow","max-snippet":"max-snippet:-1","max-image-preview":"max-image-preview:large","max-video-preview":"max-video-preview:-1"},"canonical":"https:\/\/aviator-slotgame.com\/es\/como-jugar-gratis-a-la-demo-de-aviator\/","og_locale":"es_MX","og_type":"article","og_title":"\u0414\u0435\u043c\u043e-\u0432\u0435\u0440\u0441\u0438\u044f \u0438\u0433\u0440\u044b \u0410\u0432\u0438\u0430\u0442\u043e\u0440 \u2014 \u0418\u0433\u0440\u0430\u0439\u0442\u0435 \u0432 \u043a\u0440\u0430\u0448-\u0441\u043b\u043e\u0442 \u0431\u0435\u0441\u043f\u043b\u0430\u0442\u043d\u043e","og_description":"\u0418\u0433\u0440\u0430\u0439 \u0432 \u0434\u0435\u043c\u043e-\u0432\u0435\u0440\u0441\u0438\u044e \u0410\u0432\u0438\u0430\u0442\u043e\u0440 \u0431\u0435\u0441\u043f\u043b\u0430\u0442\u043d\u043e. \u0422\u0440\u0435\u043d\u0438\u0440\u0443\u0439\u0441\u044f \u0431\u0435\u0437 \u0434\u0435\u043d\u0435\u0433 \u0432 \u043a\u0440\u0430\u0448-\u0441\u043b\u043e\u0442\u0435 \u043e\u0442 Spribe \u043f\u0435\u0440\u0435\u0434 \u0438\u0433\u0440\u043e\u0439 \u043d\u0430 \u0440\u0435\u0430\u043b\u044c\u043d\u044b\u0435 \u0434\u0435\u043d\u044c\u0433\u0438 \u0432 \u043e\u043d\u043b\u0430\u0439\u043d \u043a\u0430\u0437\u0438\u043d\u043e.","og_url":"https:\/\/aviator-slotgame.com\/es\/como-jugar-gratis-a-la-demo-de-aviator\/","og_site_name":"Aviator","article_modified_time":"2024-10-03T23:16:00+00:00","og_image":[{"url":"https:\/\/aviator-slotgame.com\/wp-content\/uploads\/aviator-3.png"}],"twitter_card":"summary_large_image","twitter_misc":{"Tiempo de lectura":"6 minutos"},"schema":{"@context":"https:\/\/schema.org","@graph":[{"@type":"WebPage","@id":"https:\/\/aviator-slotgame.com\/play-for-free\/","url":"https:\/\/aviator-slotgame.com\/play-for-free\/","name":"\u0414\u0435\u043c\u043e-\u0432\u0435\u0440\u0441\u0438\u044f \u0438\u0433\u0440\u044b \u0410\u0432\u0438\u0430\u0442\u043e\u0440 \u2014 \u0418\u0433\u0440\u0430\u0439\u0442\u0435 \u0432 \u043a\u0440\u0430\u0448-\u0441\u043b\u043e\u0442 \u0431\u0435\u0441\u043f\u043b\u0430\u0442\u043d\u043e","isPartOf":{"@id":"https:\/\/aviator-slotgame.com\/#website"},"datePublished":"2024-01-31T12:57:07+00:00","dateModified":"2024-10-03T23:16:00+00:00","description":"\u0418\u0433\u0440\u0430\u0439 \u0432 \u0434\u0435\u043c\u043e-\u0432\u0435\u0440\u0441\u0438\u044e \u0410\u0432\u0438\u0430\u0442\u043e\u0440 \u0431\u0435\u0441\u043f\u043b\u0430\u0442\u043d\u043e. \u0422\u0440\u0435\u043d\u0438\u0440\u0443\u0439\u0441\u044f \u0431\u0435\u0437 \u0434\u0435\u043d\u0435\u0433 \u0432 \u043a\u0440\u0430\u0448-\u0441\u043b\u043e\u0442\u0435 \u043e\u0442 Spribe \u043f\u0435\u0440\u0435\u0434 \u0438\u0433\u0440\u043e\u0439 \u043d\u0430 \u0440\u0435\u0430\u043b\u044c\u043d\u044b\u0435 \u0434\u0435\u043d\u044c\u0433\u0438 \u0432 \u043e\u043d\u043b\u0430\u0439\u043d \u043a\u0430\u0437\u0438\u043d\u043e.","breadcrumb":{"@id":"https:\/\/aviator-slotgame.com\/play-for-free\/#breadcrumb"},"inLanguage":"es","potentialAction":[{"@type":"ReadAction","target":["https:\/\/aviator-slotgame.com\/play-for-free\/"]}]},{"@type":"BreadcrumbList","@id":"https:\/\/aviator-slotgame.com\/play-for-free\/#breadcrumb","itemListElement":[{"@type":"ListItem","position":1,"name":"Home","item":"https:\/\/aviator-slotgame.com\/"},{"@type":"ListItem","position":2,"name":"\u041a\u0430\u043a \u0438\u0433\u0440\u0430\u0442\u044c \u0432 \u0434\u0435\u043c\u043e-\u0432\u0435\u0440\u0441\u0438\u044e \u0410\u0432\u0438\u0430\u0442\u043e\u0440\u0430 \u0431\u0435\u0441\u043f\u043b\u0430\u0442\u043d\u043e"}]},{"@type":"WebSite","@id":"https:\/\/aviator-slotgame.com\/#website","url":"https:\/\/aviator-slotgame.com\/","name":"Aviator","description":"","publisher":{"@id":"https:\/\/aviator-slotgame.com\/#organization"},"potentialAction":[{"@type":"SearchAction","target":{"@type":"EntryPoint","urlTemplate":"https:\/\/aviator-slotgame.com\/?s={search_term_string}"},"query-input":"required name=search_term_string"}],"inLanguage":"es"},{"@type":"Organization","@id":"https:\/\/aviator-slotgame.com\/#organization","name":"Aviator","url":"https:\/\/aviator-slotgame.com\/","logo":{"@type":"ImageObject","inLanguage":"es","@id":"https:\/\/aviator-slotgame.com\/#\/schema\/logo\/image\/","url":"https:\/\/aviator-slotgame.com\/wp-content\/uploads\/16f5e8_dade544d4623411c9c4153c639aae85amv2.webp","contentUrl":"https:\/\/aviator-slotgame.com\/wp-content\/uploads\/16f5e8_dade544d4623411c9c4153c639aae85amv2.webp","width":400,"height":300,"caption":"Aviator"},"image":{"@id":"https:\/\/aviator-slotgame.com\/#\/schema\/logo\/image\/"}}]}},"amp_enabled":true,"_links":{"self":[{"href":"https:\/\/aviator-slotgame.com\/es\/wp-json\/wp\/v2\/pages\/26","targetHints":{"allow":["GET"]}}],"collection":[{"href":"https:\/\/aviator-slotgame.com\/es\/wp-json\/wp\/v2\/pages"}],"about":[{"href":"https:\/\/aviator-slotgame.com\/es\/wp-json\/wp\/v2\/types\/page"}],"author":[{"embeddable":true,"href":"https:\/\/aviator-slotgame.com\/es\/wp-json\/wp\/v2\/users\/1"}],"replies":[{"embeddable":true,"href":"https:\/\/aviator-slotgame.com\/es\/wp-json\/wp\/v2\/comments?post=26"}],"version-history":[{"count":19,"href":"https:\/\/aviator-slotgame.com\/es\/wp-json\/wp\/v2\/pages\/26\/revisions"}],"predecessor-version":[{"id":412,"href":"https:\/\/aviator-slotgame.com\/es\/wp-json\/wp\/v2\/pages\/26\/revisions\/412"}],"wp:attachment":[{"href":"https:\/\/aviator-slotgame.com\/es\/wp-json\/wp\/v2\/media?parent=26"}],"curies":[{"name":"wp","href":"https:\/\/api.w.org\/{rel}","templated":true}]}}