{"id":263,"date":"2024-09-06T14:43:40","date_gmt":"2024-09-06T14:43:40","guid":{"rendered":"https:\/\/aviator-slotgame.com\/?page_id=263"},"modified":"2024-09-08T10:40:25","modified_gmt":"2024-09-08T10:40:25","slug":"aviator","status":"publish","type":"page","link":"https:\/\/aviator-slotgame.com\/es\/aviator\/","title":{"rendered":"Reglas, caracter\u00edsticas y ganancias en el juego de tragamonedas Crash por dinero"},"content":{"rendered":"<div class=\"4e013b53d6e293f4c83e2df5fd94ff6a\" data-index=\"1\" style=\"float: none; margin:10px 0 10px 0; text-align:center;\">\n<div class=\"custom-play-button\">\r\n<center><a href=\"https:\/\/aviator-slotgame.com\/es\/play-game\/\" rel=\"nofollow\" target=\"_blank\">Reproducir ahora<\/a><br><\/center>\r\n<\/div>\n<\/div>\n<h1><\/h1>\n<p><img loading=\"lazy\" decoding=\"async\" class=\"alignnone size-full wp-image-264\" src=\"https:\/\/aviator-slotgame.com\/wp-content\/uploads\/Aviator-7-800-x-600-\u043f\u0438\u043a\u0441.jpg\" alt=\"Tragamonedas en l\u00ednea Aviator: juega con dinero real en el casino \" width=\"800\" height=\"600\" srcset=\"https:\/\/aviator-slotgame.com\/wp-content\/uploads\/Aviator-7-800-x-600-\u043f\u0438\u043a\u0441.jpg 800w, https:\/\/aviator-slotgame.com\/wp-content\/uploads\/Aviator-7-800-x-600-\u043f\u0438\u043a\u0441-300x225.jpg 300w, https:\/\/aviator-slotgame.com\/wp-content\/uploads\/Aviator-7-800-x-600-\u043f\u0438\u043a\u0441-768x576.jpg 768w, https:\/\/aviator-slotgame.com\/wp-content\/uploads\/Aviator-7-800-x-600-\u043f\u0438\u043a\u0441-16x12.jpg 16w\" sizes=\"auto, (max-width: 800px) 100vw, 800px\" \/><\/p>\n<h2>\u00bfQu\u00e9 es el juego de choque en l\u00ednea Aviator?<\/h2>\n<p>Aviator es uno de los juegos populares desarrollados por el estudio Spribe. Un producto nuevo en el mercado moderno, creado sobre la base de un generador de n\u00fameros aleatorios, cautiva al jugador desde el principio. \u00a1El ganador se determina mediante selecci\u00f3n aleatoria! Esto mantiene el juego justo y le muestra al jugador que su apuesta no depende de la plataforma o la historia del juego. Aviator se diferencia de otros juegos de choque populares en su modo de juego original; Aviator no tiene los habituales carretes, l\u00edneas con frutas y cosas similares que resultan tan aburridas para los fan\u00e1ticos del juego. El juego tambi\u00e9n atrae por sus reglas bastante simples y la oportunidad de ganar dinero real, lo que lo hace popular entre los jugadores, \u00a1y especialmente entre los fan\u00e1ticos de los aviones y todo lo relacionado con volar!<\/p>\n<p>La esencia del juego es que el usuario debe tener tiempo para guardar su apuesta antes de que el avi\u00f3n se vaya, restableciendo as\u00ed el coeficiente del jugador a cero.<\/p>\n<p>Spribe es una conocida empresa que se especializa en el desarrollo de innovadores juegos en l\u00ednea y plataformas de apuestas, sus juegos son populares entre los jugadores de todo el mundo. La empresa se fund\u00f3 en 2018 y en poco tiempo logr\u00f3 ganar popularidad entre los jugadores y operadores de casinos en l\u00ednea debido a su emocionante mec\u00e1nica de juego y la posibilidad de jugar tanto por dinero como en modo de demostraci\u00f3n.<\/p><div class=\"4e013b53d6e293f4c83e2df5fd94ff6a\" data-index=\"1\" style=\"float: none; margin:10px 0 10px 0; text-align:center;\">\n<div class=\"custom-play-button\">\r\n<center><a href=\"https:\/\/aviator-slotgame.com\/es\/play-game\/\" rel=\"nofollow\" target=\"_blank\">Reproducir ahora<\/a><br><\/center>\r\n<\/div>\n<\/div>\n\n<h2>Razones de la popularidad del juego online Aviator.<\/h2>\n<p>\u00bfQu\u00e9 hace que el juego Aviator sea tan popular entre los jugadores?<\/p>\n<ol>\n<li>Simplicidad de reglas: El juego Aviator tiene reglas simples y comprensibles, lo que lo hace accesible a una amplia gama de jugadores, independientemente de su experiencia y nivel de entrenamiento.<\/li>\n<\/ol>\n<p>Modo demo: si no quieres arriesgar tu dinero y tienes miedo de comenzar, prueba y pru\u00e9balo en el modo gratuito. No inviertes dinero real. El &quot;Modo de entretenimiento&quot; permite a los jugadores conocer mejor el juego sin arriesgar sus ahorros.<\/p>\n<p>Posibilidad de ganancias r\u00e1pidas: El juego de apuestas Aviator ofrece la posibilidad de obtener una ganancia r\u00e1pida, lo que atrae a muchos jugadores que buscan emoci\u00f3n y adrenalina.<\/p>\n<p>Variedad de apuestas: El juego Aviator ofrece la posibilidad de diferentes tipos de apuestas, lo que permite a los jugadores elegir el nivel de riesgo y ganancias potenciales que m\u00e1s les convenga.<\/p>\n<p>Posibilidad de jugar online: El juego Aviator est\u00e1 disponible en formato online, lo que lo hace disponible para jugar en cualquier momento conveniente y desde cualquier lugar del mundo.<\/p>\n<p>Comodidad y accesibilidad: el juego en l\u00ednea Aviator permite a los jugadores disfrutar de la emoci\u00f3n desde casa o cualquier otro lugar, sin salir de casa. Esto hace que el juego sea c\u00f3modo y accesible para una amplia gama de jugadores.<\/p>\n<p>Bonos y ofertas especiales: Muchos casinos en l\u00ednea que ofrecen el juego Aviator a menudo ofrecen varios bonos, promociones y ofertas especiales para atraer nuevos jugadores y recompensar a los habituales. Esto hace que el juego sea a\u00fan m\u00e1s tentador.<\/p>\n<p>Gr\u00e1ficos y sonido: Los casinos en l\u00ednea modernos suelen ofrecer gr\u00e1ficos y sonido de alta calidad para los juegos, incluido el juego Aviator. Y el juego din\u00e1mico y emocionante definitivamente no dejar\u00e1 que los jugadores se aburran y mantendr\u00e1 el inter\u00e9s en el juego durante todo el tiempo.<\/p>\n<p>Jugabilidad m\u00f3vil: Muchos casinos en l\u00ednea ofrecen el juego Aviator en un formato compatible con dispositivos m\u00f3viles, lo que permite a los jugadores disfrutar del juego en cualquier momento y en cualquier lugar. \u00a1No olvides asegurarte de tener una buena conexi\u00f3n a Internet y suficiente bater\u00eda en tu dispositivo m\u00f3vil!<\/p>\n<p>&nbsp;<\/p>\n<h2>Reglas de juego de aviador<\/h2>\n<p>El juego tiene reglas simples y claras, donde el usuario apuesta a un resultado determinado y puede ganar multiplicando su apuesta por las probabilidades. Puedes jugar en modo manual, haciendo tus propias apuestas, o en modo autom\u00e1tico, cuando el juego hace apuestas por ti seg\u00fan los par\u00e1metros que establezcas.<\/p>\n<h3>Reglas del juego<\/h3>\n<p>Para comenzar a jugar al juego Aviator, debes seguir estos pasos:<\/p>\n<ol>\n<li>Encuentre un casino en l\u00ednea o una plataforma de juegos que ofrezca el juego Aviator.<\/li>\n<li>Reg\u00edstrese en la plataforma elegida creando una cuenta y proporcionando la informaci\u00f3n requerida.<\/li>\n<li>Recarga tu cuenta de juego con dinero para poder realizar apuestas en el juego.<\/li>\n<li>Encuentra el juego Aviator en la plataforma y selecciona tu apuesta.<\/li>\n<li>El juego comienza cuando el jugador hace una apuesta.<\/li>\n<li>Siga las reglas e instrucciones en pantalla y controle el proceso del juego haciendo clic en los botones correspondientes.<\/li>\n<li>Una vez realizada la apuesta, el avi\u00f3n comienza a subir o bajar en la escala de probabilidades.<\/li>\n<li>El jugador puede hacer clic en el bot\u00f3n Retirar en cualquier momento para finalizar el juego y recibir las ganancias multiplicadas por las probabilidades actuales, o continuar el juego y esperar para aumentar las ganancias. Intente adivinar el momento en que retirar\u00e1 sus ganancias para evitar que se cancele la apuesta. reiniciar.<\/li>\n<li>Si el jugador no hace clic en el bot\u00f3n Recibir ganancias y el avi\u00f3n llega al final de la escala de probabilidades, la apuesta se restablece a cero y el jugador no recibe las ganancias.<\/li>\n<li>El objetivo del juego es recibir tus ganancias en el momento adecuado y evitar que tu apuesta se reinicie.<\/li>\n<\/ol>\n<p>Recuerde apostar de forma responsable, apostar s\u00f3lo la cantidad de dinero que est\u00e9 dispuesto a perder y controlar su actividad de juego.<\/p>\n<p>Teniendo en cuenta la trayectoria \u00fanica del avi\u00f3n, la jugabilidad se vuelve a\u00fan m\u00e1s interesante y emocionante para los jugadores. Al mismo tiempo, es importante ser consciente de tus apuestas y controlar tus acciones para mantener la emoci\u00f3n de jugar con dinero real.<\/p>\n<p>Principales caracter\u00edsticas del juego online Aviador.<\/p>\n<table>\n<tbody>\n<tr>\n<td>RTP<\/td>\n<td>96,49%, 96,48%, 95,45%<\/td>\n<\/tr>\n<tr>\n<td>Revelador<\/td>\n<td>Estudio Spribe<\/td>\n<\/tr>\n<tr>\n<td>Giros gratis<\/td>\n<td>No<\/td>\n<\/tr>\n<tr>\n<td>Juego de bonificaci\u00f3n<\/td>\n<td>No<\/td>\n<\/tr>\n<tr>\n<td>Oferta m\u00ednima<\/td>\n<td>0,1$<\/td>\n<\/tr>\n<tr>\n<td>Apuesta m\u00e1xima<\/td>\n<td>100$<\/td>\n<\/tr>\n<\/tbody>\n<\/table>\n<p>&nbsp;<\/p>\n<h2>Bonificaciones en el juego de apuestas Aviator<\/h2>\n<p>Los bonos y descuentos en el juego en l\u00ednea Aviator se pueden proporcionar a los jugadores de varias maneras, seg\u00fan la plataforma de juego o el casino.<\/p>\n<p>A continuaci\u00f3n se muestran algunos posibles bonos y descuentos que pueden estar disponibles en el juego Aviator:<\/p>\n<h3>Bonos de bienvenida<\/h3>\n<p>A los nuevos jugadores se les pueden ofrecer bonificaciones especiales al registrarse en la plataforma, como fondos de cuenta adicionales o giros gratis.<\/p>\n<h3>Bonos de dep\u00f3sito<\/h3>\n<p>Los jugadores pueden recibir bonos cuando recargan su cuenta de juego con una determinada cantidad.<\/p>\n<h3>Promociones<\/h3>\n<p>Los casinos o plataformas de juegos pueden ejecutar promociones temporales que ofrecen diversos bonos y descuentos a los jugadores del juego Aviator.<\/p>\n<h3>programas vip<\/h3>\n<p>Algunas plataformas pueden ofrecer a los jugadores participaci\u00f3n en programas VIP donde se encuentran disponibles bonificaciones adicionales, reembolsos y otros beneficios.<\/p>\n<h3>Reembolso<\/h3>\n<p>Los jugadores pueden tener la oportunidad de recibir una parte de sus fondos perdidos como reembolso como parte del programa de bonificaci\u00f3n.<\/p>\n<p>Antes de participar en bonificaciones y descuentos en el juego Aviator, es importante revisar detenidamente los t\u00e9rminos y requisitos para comprender c\u00f3mo funcionan y qu\u00e9 se requiere de usted para recibir todos sus beneficios.<\/p>\n\n<div style=\"font-size: 0px; height: 0px; line-height: 0px; margin: 0; padding: 0; clear: both;\"><\/div>","protected":false},"excerpt":{"rendered":"<p>\u00bfQu\u00e9 es el juego de accidentes en l\u00ednea Aviator? Aviator es uno de los juegos populares desarrollados por el estudio Spribe. Novedad en el mercado moderno,<\/p>","protected":false},"author":1,"featured_media":0,"parent":0,"menu_order":0,"comment_status":"closed","ping_status":"closed","template":"","meta":{"footnotes":""},"class_list":["post-263","page","type-page","status-publish","hentry"],"yoast_head":"<!-- This site is optimized with the Yoast SEO plugin v22.0 - https:\/\/yoast.com\/wordpress\/plugins\/seo\/ -->\n<title>\u041e\u043d\u043b\u0430\u0439\u043d \u0441\u043b\u043e\u0442 \u0410\u0432\u0438\u0430\u0442\u043e\u0440 \u2014 \u0418\u0433\u0440\u0430\u0439 \u043d\u0430 \u0440\u0435\u0430\u043b\u044c\u043d\u044b\u0435 \u0434\u0435\u043d\u044c\u0433\u0438 \u0432 \u043a\u0430\u0437\u0438\u043d\u043e<\/title>\n<meta name=\"description\" content=\"\u0423\u0437\u043d\u0430\u0439\u0442\u0435 \u0432\u0441\u0435 \u043e \u043a\u0440\u0430\u0448-\u0438\u0433\u0440\u0435 \u0410\u0432\u0438\u0430\u0442\u043e\u0440: \u043f\u0440\u0430\u0432\u0438\u043b\u0430, \u0431\u043e\u043d\u0443\u0441\u044b, \u043e\u0441\u043e\u0431\u0435\u043d\u043d\u043e\u0441\u0442\u0438 \u0438 \u0445\u0430\u0440\u0430\u043a\u0442\u0435\u0440\u0438\u0441\u0442\u0438\u043a\u0438 \u0438\u0433\u0440\u044b \u0434\u043b\u044f \u0443\u0432\u0435\u043b\u0438\u0447\u0435\u043d\u0438\u0435 \u043f\u0440\u0438\u0431\u044b\u043b\u0438 \u0432 \u043a\u0430\u0437\u0438\u043d\u043e. \u0418\u0433\u0440\u0430\u0439 \u0432 Aviator \u043e\u0442 Spribe \u0432 \u043e\u043d\u043b\u0430\u0439\u043d\u0435.\" \/>\n<meta name=\"robots\" content=\"index, follow, max-snippet:-1, max-image-preview:large, max-video-preview:-1\" \/>\n<link rel=\"canonical\" href=\"https:\/\/aviator-slotgame.com\/es\/aviator\/\" \/>\n<meta property=\"og:locale\" content=\"es_MX\" \/>\n<meta property=\"og:type\" content=\"article\" \/>\n<meta property=\"og:title\" content=\"\u041e\u043d\u043b\u0430\u0439\u043d \u0441\u043b\u043e\u0442 \u0410\u0432\u0438\u0430\u0442\u043e\u0440 \u2014 \u0418\u0433\u0440\u0430\u0439 \u043d\u0430 \u0440\u0435\u0430\u043b\u044c\u043d\u044b\u0435 \u0434\u0435\u043d\u044c\u0433\u0438 \u0432 \u043a\u0430\u0437\u0438\u043d\u043e\" \/>\n<meta property=\"og:description\" content=\"\u0423\u0437\u043d\u0430\u0439\u0442\u0435 \u0432\u0441\u0435 \u043e \u043a\u0440\u0430\u0448-\u0438\u0433\u0440\u0435 \u0410\u0432\u0438\u0430\u0442\u043e\u0440: \u043f\u0440\u0430\u0432\u0438\u043b\u0430, \u0431\u043e\u043d\u0443\u0441\u044b, \u043e\u0441\u043e\u0431\u0435\u043d\u043d\u043e\u0441\u0442\u0438 \u0438 \u0445\u0430\u0440\u0430\u043a\u0442\u0435\u0440\u0438\u0441\u0442\u0438\u043a\u0438 \u0438\u0433\u0440\u044b \u0434\u043b\u044f \u0443\u0432\u0435\u043b\u0438\u0447\u0435\u043d\u0438\u0435 \u043f\u0440\u0438\u0431\u044b\u043b\u0438 \u0432 \u043a\u0430\u0437\u0438\u043d\u043e. \u0418\u0433\u0440\u0430\u0439 \u0432 Aviator \u043e\u0442 Spribe \u0432 \u043e\u043d\u043b\u0430\u0439\u043d\u0435.\" \/>\n<meta property=\"og:url\" content=\"https:\/\/aviator-slotgame.com\/es\/aviator\/\" \/>\n<meta property=\"og:site_name\" content=\"Aviator\" \/>\n<meta property=\"article:modified_time\" content=\"2024-09-08T10:40:25+00:00\" \/>\n<meta name=\"twitter:card\" content=\"summary_large_image\" \/>\n<meta name=\"twitter:label1\" content=\"Tiempo de lectura\" \/>\n\t<meta name=\"twitter:data1\" content=\"5 minutos\" \/>\n<script type=\"application\/ld+json\" class=\"yoast-schema-graph\">{\"@context\":\"https:\/\/schema.org\",\"@graph\":[{\"@type\":\"WebPage\",\"@id\":\"https:\/\/aviator-slotgame.com\/aviator\/\",\"url\":\"https:\/\/aviator-slotgame.com\/aviator\/\",\"name\":\"\u041e\u043d\u043b\u0430\u0439\u043d \u0441\u043b\u043e\u0442 \u0410\u0432\u0438\u0430\u0442\u043e\u0440 \u2014 \u0418\u0433\u0440\u0430\u0439 \u043d\u0430 \u0440\u0435\u0430\u043b\u044c\u043d\u044b\u0435 \u0434\u0435\u043d\u044c\u0433\u0438 \u0432 \u043a\u0430\u0437\u0438\u043d\u043e\",\"isPartOf\":{\"@id\":\"https:\/\/aviator-slotgame.com\/#website\"},\"datePublished\":\"2024-09-06T14:43:40+00:00\",\"dateModified\":\"2024-09-08T10:40:25+00:00\",\"description\":\"\u0423\u0437\u043d\u0430\u0439\u0442\u0435 \u0432\u0441\u0435 \u043e \u043a\u0440\u0430\u0448-\u0438\u0433\u0440\u0435 \u0410\u0432\u0438\u0430\u0442\u043e\u0440: \u043f\u0440\u0430\u0432\u0438\u043b\u0430, \u0431\u043e\u043d\u0443\u0441\u044b, \u043e\u0441\u043e\u0431\u0435\u043d\u043d\u043e\u0441\u0442\u0438 \u0438 \u0445\u0430\u0440\u0430\u043a\u0442\u0435\u0440\u0438\u0441\u0442\u0438\u043a\u0438 \u0438\u0433\u0440\u044b \u0434\u043b\u044f \u0443\u0432\u0435\u043b\u0438\u0447\u0435\u043d\u0438\u0435 \u043f\u0440\u0438\u0431\u044b\u043b\u0438 \u0432 \u043a\u0430\u0437\u0438\u043d\u043e. \u0418\u0433\u0440\u0430\u0439 \u0432 Aviator \u043e\u0442 Spribe \u0432 \u043e\u043d\u043b\u0430\u0439\u043d\u0435.\",\"breadcrumb\":{\"@id\":\"https:\/\/aviator-slotgame.com\/aviator\/#breadcrumb\"},\"inLanguage\":\"es\",\"potentialAction\":[{\"@type\":\"ReadAction\",\"target\":[\"https:\/\/aviator-slotgame.com\/aviator\/\"]}]},{\"@type\":\"BreadcrumbList\",\"@id\":\"https:\/\/aviator-slotgame.com\/aviator\/#breadcrumb\",\"itemListElement\":[{\"@type\":\"ListItem\",\"position\":1,\"name\":\"Home\",\"item\":\"https:\/\/aviator-slotgame.com\/\"},{\"@type\":\"ListItem\",\"position\":2,\"name\":\"\u041f\u0440\u0430\u0432\u0438\u043b\u0430,\u043e\u0441\u043e\u0431\u0435\u043d\u043e\u0441\u0442\u0438 \u0438 \u0432\u044b\u0438\u0433\u0440\u044b\u0448\u0438 \u0432 \u043a\u0440\u0430\u0448-\u0441\u043b\u043e\u0442 \u0438\u0433\u0440\u0435 \u043d\u0430 \u0434\u0435\u043d\u044c\u0433\u0438\"}]},{\"@type\":\"WebSite\",\"@id\":\"https:\/\/aviator-slotgame.com\/#website\",\"url\":\"https:\/\/aviator-slotgame.com\/\",\"name\":\"Aviator\",\"description\":\"\",\"publisher\":{\"@id\":\"https:\/\/aviator-slotgame.com\/#organization\"},\"potentialAction\":[{\"@type\":\"SearchAction\",\"target\":{\"@type\":\"EntryPoint\",\"urlTemplate\":\"https:\/\/aviator-slotgame.com\/?s={search_term_string}\"},\"query-input\":\"required name=search_term_string\"}],\"inLanguage\":\"es\"},{\"@type\":\"Organization\",\"@id\":\"https:\/\/aviator-slotgame.com\/#organization\",\"name\":\"Aviator\",\"url\":\"https:\/\/aviator-slotgame.com\/\",\"logo\":{\"@type\":\"ImageObject\",\"inLanguage\":\"es\",\"@id\":\"https:\/\/aviator-slotgame.com\/#\/schema\/logo\/image\/\",\"url\":\"https:\/\/aviator-slotgame.com\/wp-content\/uploads\/16f5e8_dade544d4623411c9c4153c639aae85amv2.webp\",\"contentUrl\":\"https:\/\/aviator-slotgame.com\/wp-content\/uploads\/16f5e8_dade544d4623411c9c4153c639aae85amv2.webp\",\"width\":400,\"height\":300,\"caption\":\"Aviator\"},\"image\":{\"@id\":\"https:\/\/aviator-slotgame.com\/#\/schema\/logo\/image\/\"}}]}<\/script>\n<!-- \/ Yoast SEO plugin. -->","yoast_head_json":{"title":"\u041e\u043d\u043b\u0430\u0439\u043d \u0441\u043b\u043e\u0442 \u0410\u0432\u0438\u0430\u0442\u043e\u0440 \u2014 \u0418\u0433\u0440\u0430\u0439 \u043d\u0430 \u0440\u0435\u0430\u043b\u044c\u043d\u044b\u0435 \u0434\u0435\u043d\u044c\u0433\u0438 \u0432 \u043a\u0430\u0437\u0438\u043d\u043e","description":"\u0423\u0437\u043d\u0430\u0439\u0442\u0435 \u0432\u0441\u0435 \u043e \u043a\u0440\u0430\u0448-\u0438\u0433\u0440\u0435 \u0410\u0432\u0438\u0430\u0442\u043e\u0440: \u043f\u0440\u0430\u0432\u0438\u043b\u0430, \u0431\u043e\u043d\u0443\u0441\u044b, \u043e\u0441\u043e\u0431\u0435\u043d\u043d\u043e\u0441\u0442\u0438 \u0438 \u0445\u0430\u0440\u0430\u043a\u0442\u0435\u0440\u0438\u0441\u0442\u0438\u043a\u0438 \u0438\u0433\u0440\u044b \u0434\u043b\u044f \u0443\u0432\u0435\u043b\u0438\u0447\u0435\u043d\u0438\u0435 \u043f\u0440\u0438\u0431\u044b\u043b\u0438 \u0432 \u043a\u0430\u0437\u0438\u043d\u043e. \u0418\u0433\u0440\u0430\u0439 \u0432 Aviator \u043e\u0442 Spribe \u0432 \u043e\u043d\u043b\u0430\u0439\u043d\u0435.","robots":{"index":"index","follow":"follow","max-snippet":"max-snippet:-1","max-image-preview":"max-image-preview:large","max-video-preview":"max-video-preview:-1"},"canonical":"https:\/\/aviator-slotgame.com\/es\/aviator\/","og_locale":"es_MX","og_type":"article","og_title":"\u041e\u043d\u043b\u0430\u0439\u043d \u0441\u043b\u043e\u0442 \u0410\u0432\u0438\u0430\u0442\u043e\u0440 \u2014 \u0418\u0433\u0440\u0430\u0439 \u043d\u0430 \u0440\u0435\u0430\u043b\u044c\u043d\u044b\u0435 \u0434\u0435\u043d\u044c\u0433\u0438 \u0432 \u043a\u0430\u0437\u0438\u043d\u043e","og_description":"\u0423\u0437\u043d\u0430\u0439\u0442\u0435 \u0432\u0441\u0435 \u043e \u043a\u0440\u0430\u0448-\u0438\u0433\u0440\u0435 \u0410\u0432\u0438\u0430\u0442\u043e\u0440: \u043f\u0440\u0430\u0432\u0438\u043b\u0430, \u0431\u043e\u043d\u0443\u0441\u044b, \u043e\u0441\u043e\u0431\u0435\u043d\u043d\u043e\u0441\u0442\u0438 \u0438 \u0445\u0430\u0440\u0430\u043a\u0442\u0435\u0440\u0438\u0441\u0442\u0438\u043a\u0438 \u0438\u0433\u0440\u044b \u0434\u043b\u044f \u0443\u0432\u0435\u043b\u0438\u0447\u0435\u043d\u0438\u0435 \u043f\u0440\u0438\u0431\u044b\u043b\u0438 \u0432 \u043a\u0430\u0437\u0438\u043d\u043e. \u0418\u0433\u0440\u0430\u0439 \u0432 Aviator \u043e\u0442 Spribe \u0432 \u043e\u043d\u043b\u0430\u0439\u043d\u0435.","og_url":"https:\/\/aviator-slotgame.com\/es\/aviator\/","og_site_name":"Aviator","article_modified_time":"2024-09-08T10:40:25+00:00","twitter_card":"summary_large_image","twitter_misc":{"Tiempo de lectura":"5 minutos"},"schema":{"@context":"https:\/\/schema.org","@graph":[{"@type":"WebPage","@id":"https:\/\/aviator-slotgame.com\/aviator\/","url":"https:\/\/aviator-slotgame.com\/aviator\/","name":"\u041e\u043d\u043b\u0430\u0439\u043d \u0441\u043b\u043e\u0442 \u0410\u0432\u0438\u0430\u0442\u043e\u0440 \u2014 \u0418\u0433\u0440\u0430\u0439 \u043d\u0430 \u0440\u0435\u0430\u043b\u044c\u043d\u044b\u0435 \u0434\u0435\u043d\u044c\u0433\u0438 \u0432 \u043a\u0430\u0437\u0438\u043d\u043e","isPartOf":{"@id":"https:\/\/aviator-slotgame.com\/#website"},"datePublished":"2024-09-06T14:43:40+00:00","dateModified":"2024-09-08T10:40:25+00:00","description":"\u0423\u0437\u043d\u0430\u0439\u0442\u0435 \u0432\u0441\u0435 \u043e \u043a\u0440\u0430\u0448-\u0438\u0433\u0440\u0435 \u0410\u0432\u0438\u0430\u0442\u043e\u0440: \u043f\u0440\u0430\u0432\u0438\u043b\u0430, \u0431\u043e\u043d\u0443\u0441\u044b, \u043e\u0441\u043e\u0431\u0435\u043d\u043d\u043e\u0441\u0442\u0438 \u0438 \u0445\u0430\u0440\u0430\u043a\u0442\u0435\u0440\u0438\u0441\u0442\u0438\u043a\u0438 \u0438\u0433\u0440\u044b \u0434\u043b\u044f \u0443\u0432\u0435\u043b\u0438\u0447\u0435\u043d\u0438\u0435 \u043f\u0440\u0438\u0431\u044b\u043b\u0438 \u0432 \u043a\u0430\u0437\u0438\u043d\u043e. \u0418\u0433\u0440\u0430\u0439 \u0432 Aviator \u043e\u0442 Spribe \u0432 \u043e\u043d\u043b\u0430\u0439\u043d\u0435.","breadcrumb":{"@id":"https:\/\/aviator-slotgame.com\/aviator\/#breadcrumb"},"inLanguage":"es","potentialAction":[{"@type":"ReadAction","target":["https:\/\/aviator-slotgame.com\/aviator\/"]}]},{"@type":"BreadcrumbList","@id":"https:\/\/aviator-slotgame.com\/aviator\/#breadcrumb","itemListElement":[{"@type":"ListItem","position":1,"name":"Home","item":"https:\/\/aviator-slotgame.com\/"},{"@type":"ListItem","position":2,"name":"\u041f\u0440\u0430\u0432\u0438\u043b\u0430,\u043e\u0441\u043e\u0431\u0435\u043d\u043e\u0441\u0442\u0438 \u0438 \u0432\u044b\u0438\u0433\u0440\u044b\u0448\u0438 \u0432 \u043a\u0440\u0430\u0448-\u0441\u043b\u043e\u0442 \u0438\u0433\u0440\u0435 \u043d\u0430 \u0434\u0435\u043d\u044c\u0433\u0438"}]},{"@type":"WebSite","@id":"https:\/\/aviator-slotgame.com\/#website","url":"https:\/\/aviator-slotgame.com\/","name":"Aviator","description":"","publisher":{"@id":"https:\/\/aviator-slotgame.com\/#organization"},"potentialAction":[{"@type":"SearchAction","target":{"@type":"EntryPoint","urlTemplate":"https:\/\/aviator-slotgame.com\/?s={search_term_string}"},"query-input":"required name=search_term_string"}],"inLanguage":"es"},{"@type":"Organization","@id":"https:\/\/aviator-slotgame.com\/#organization","name":"Aviator","url":"https:\/\/aviator-slotgame.com\/","logo":{"@type":"ImageObject","inLanguage":"es","@id":"https:\/\/aviator-slotgame.com\/#\/schema\/logo\/image\/","url":"https:\/\/aviator-slotgame.com\/wp-content\/uploads\/16f5e8_dade544d4623411c9c4153c639aae85amv2.webp","contentUrl":"https:\/\/aviator-slotgame.com\/wp-content\/uploads\/16f5e8_dade544d4623411c9c4153c639aae85amv2.webp","width":400,"height":300,"caption":"Aviator"},"image":{"@id":"https:\/\/aviator-slotgame.com\/#\/schema\/logo\/image\/"}}]}},"amp_enabled":true,"_links":{"self":[{"href":"https:\/\/aviator-slotgame.com\/es\/wp-json\/wp\/v2\/pages\/263","targetHints":{"allow":["GET"]}}],"collection":[{"href":"https:\/\/aviator-slotgame.com\/es\/wp-json\/wp\/v2\/pages"}],"about":[{"href":"https:\/\/aviator-slotgame.com\/es\/wp-json\/wp\/v2\/types\/page"}],"author":[{"embeddable":true,"href":"https:\/\/aviator-slotgame.com\/es\/wp-json\/wp\/v2\/users\/1"}],"replies":[{"embeddable":true,"href":"https:\/\/aviator-slotgame.com\/es\/wp-json\/wp\/v2\/comments?post=263"}],"version-history":[{"count":4,"href":"https:\/\/aviator-slotgame.com\/es\/wp-json\/wp\/v2\/pages\/263\/revisions"}],"predecessor-version":[{"id":287,"href":"https:\/\/aviator-slotgame.com\/es\/wp-json\/wp\/v2\/pages\/263\/revisions\/287"}],"wp:attachment":[{"href":"https:\/\/aviator-slotgame.com\/es\/wp-json\/wp\/v2\/media?parent=263"}],"curies":[{"name":"wp","href":"https:\/\/api.w.org\/{rel}","templated":true}]}}