{"id":215,"date":"2024-04-02T16:05:37","date_gmt":"2024-04-02T16:05:37","guid":{"rendered":"https:\/\/aviator-slotgame.com\/?page_id=215"},"modified":"2024-09-09T10:50:04","modified_gmt":"2024-09-09T10:50:04","slug":"aviator-slots","status":"publish","type":"page","link":"https:\/\/aviator-slotgame.com\/et\/aviator-slot-vs-traditsiooniline-video-slots\/","title":{"rendered":"Aviaatori pesad"},"content":{"rendered":"<div class=\"15bf1451c2adfca276d0f927ef064c47\" data-index=\"1\" style=\"float: none; margin:10px 0 10px 0; text-align:center;\">\n<div class=\"custom-play-button\">\r\n<center><a href=\"https:\/\/aviator-slotgame.com\/et\/play-game\/\" rel=\"nofollow\" target=\"_blank\">M\u00e4ngi n\u00fc\u00fcd<\/a><br><\/center>\r\n<\/div>\n<\/div>\n<p>Spribe&#039;i Aviator ei ole teie keskmine videoautomaat. See pakub sotsiaalsete m\u00e4ngude funktsioone, mida te traditsioonilistes videoautomaatides ei leia. Saate osaleda l\u00f5busas m\u00e4ngus ja kutsuda teisi m\u00e4ngijaid liituma veebikasiinom\u00e4nguga, mis on t\u00e4is p\u00f5nevaid boonuseid, kordajaid ja muid \u00fcllatusi.<\/p>\n<p><img loading=\"lazy\" decoding=\"async\" class=\"alignnone size-full wp-image-216\" title=\"Aviator vs traditsioonilised m\u00e4nguautomaadid\" src=\"https:\/\/aviator-slotgame.com\/wp-content\/uploads\/aviator-4-1.png\" alt=\"Aviator vs traditsioonilised m\u00e4nguautomaadid\" width=\"800\" height=\"445\" srcset=\"https:\/\/aviator-slotgame.com\/wp-content\/uploads\/aviator-4-1.png 800w, https:\/\/aviator-slotgame.com\/wp-content\/uploads\/aviator-4-1-300x167.png 300w, https:\/\/aviator-slotgame.com\/wp-content\/uploads\/aviator-4-1-768x427.png 768w, https:\/\/aviator-slotgame.com\/wp-content\/uploads\/aviator-4-1-18x10.png 18w\" sizes=\"auto, (max-width: 800px) 100vw, 800px\" \/><\/p>\n<p>Aviator pakub enamat kui tavalisi 3x5 rullikuga m\u00e4nguautomaate. Sellel on RNG-l p\u00f5hinev kordaja, mis t\u00f5useb ja t\u00f5useb, kuni iga m\u00e4ngija otsustab raha v\u00e4lja v\u00f5tta. See t\u00e4hendab, et kui sul veab, saad sa terve p\u00e4eva m\u00e4ngida ja sinu v\u00f5idud hakkavad t\u00f5esti kokku tulema!<\/p>\n<p>Lisaks ei piira Aviator l\u00f5bustusega liituvate m\u00e4ngijate arvu. Sa ei pea muretsema m\u00e4ngu avamise p\u00e4rast, sest see ei saa kunagi t\u00e4is, alati on ruumi rohkematele m\u00e4ngijatele. M\u00e4ngijas\u00f5bralike koefitsientide, RTP-de ja k\u00f5rgete v\u00e4ljamaksetega on teil palju v\u00f5imalusi selles p\u00f5nevas alternatiivses m\u00e4nguautomaadis esikohale j\u00f5uda.<\/p><div class=\"15bf1451c2adfca276d0f927ef064c47\" data-index=\"1\" style=\"float: none; margin:10px 0 10px 0; text-align:center;\">\n<div class=\"custom-play-button\">\r\n<center><a href=\"https:\/\/aviator-slotgame.com\/et\/play-game\/\" rel=\"nofollow\" target=\"_blank\">M\u00e4ngi n\u00fc\u00fcd<\/a><br><\/center>\r\n<\/div>\n<\/div>\n\n<p>Nii et olenemata sellest, kas otsite kaasahaaravat m\u00e4ngukogemust v\u00f5i tahate rahulikult istuda ja nautida klassikalist videoautomaatide stiilis m\u00e4ngu koos keerdk\u00e4iguga, on Spribe&#039;s Aviatoril t\u00f5esti k\u00f5igile midagi pakkuda.<\/p>\n<h2 id=\"h-rtp-of-aviator-and-regular-slot-games\">Aviatori RTP ja tavalised teenindusajad<\/h2>\n<p>K\u00f5ige populaarsemate teenindusaegade keskmised RTP v\u00e4\u00e4rtused on \u00fcle 65%. See arv v\u00f5ib m\u00e4nguti erineda, m\u00f5ned m\u00e4ngud ulatuvad isegi 97%-ni, kuid \u00fcldiselt on norm 65% k\u00fcmnendkohaga.<\/p>\n<p>N\u00e4iteks maailma \u00fche populaarseima slotika Second Strike RTP on 96.26%; Lendur veelgi enam!<\/p>\n<p>Aviatori ligikaudne RTP (m\u00e4ngijasse naasmine) on 97%, mis on videopesa keskmisest k\u00f5rgem. See t\u00e4hendab, et Aviatori m\u00e4ngimine toob teile keskmiselt rohkem raha tagasi kui traditsioonilised m\u00e4nguautomaadid. Ja j\u00e4rjest kasvava kordajaga muutuvad suurimad voorud veelgi p\u00f5nevamaks! Seega, kui otsite k\u00f5rgemat RTP-d ja v\u00f5imalust suurendada oma teenimispotentsiaali, v\u00f5ib Aviator olla just see, millest olete puudust tundnud.<\/p>\n<figure class=\"wp-block-table\">\n<table>\n<tbody>\n<tr>\n<td><strong>LENDUKORD<\/strong><\/td>\n<td><strong>TRADITSIOONILINE M\u00c4NGUM\u00c4NG<\/strong><\/td>\n<\/tr>\n<tr>\n<td>Vestelge teiste m\u00e4ngijatega<\/td>\n<td>Kasutajate m\u00e4ngukogemus<\/td>\n<\/tr>\n<tr>\n<td>M\u00e4ngutoas piiramatu arv m\u00e4ngijaid<\/td>\n<td>\u00dcks m\u00e4ngija masina v\u00f5i lehe kohta<\/td>\n<\/tr>\n<tr>\n<td>M\u00e4ngumehaanika \u00fche RNG-ga<\/td>\n<td>Mitu rulli ja rida<\/td>\n<\/tr>\n<tr>\n<td>~97% tagasimakse<\/td>\n<td>~96% tagasimakse<\/td>\n<\/tr>\n<\/tbody>\n<\/table><figcaption class=\"wp-element-caption\">M\u00e4nguautomaat\u00a0<strong><strong>LENDUKORD<\/strong><\/strong><img loading=\"lazy\" decoding=\"async\" class=\"alignnone size-full wp-image-293\" src=\"https:\/\/aviator-slotgame.com\/wp-content\/uploads\/Aviator-13-800-x-600-\u043f\u0438\u043a\u0441.jpg\" alt=\"Aviatori RTP ja tavalised teenindusajad\" width=\"800\" height=\"600\" srcset=\"https:\/\/aviator-slotgame.com\/wp-content\/uploads\/Aviator-13-800-x-600-\u043f\u0438\u043a\u0441.jpg 800w, https:\/\/aviator-slotgame.com\/wp-content\/uploads\/Aviator-13-800-x-600-\u043f\u0438\u043a\u0441-300x225.jpg 300w, https:\/\/aviator-slotgame.com\/wp-content\/uploads\/Aviator-13-800-x-600-\u043f\u0438\u043a\u0441-768x576.jpg 768w, https:\/\/aviator-slotgame.com\/wp-content\/uploads\/Aviator-13-800-x-600-\u043f\u0438\u043a\u0441-16x12.jpg 16w\" sizes=\"auto, (max-width: 800px) 100vw, 800px\" \/><\/figcaption><\/figure>\n<h2 id=\"h-the-bottom-line\">Alumine joon<\/h2>\n<p>Spribe&#039;s Aviator pakub traditsiooniliste videoautomaatide ainulaadset t\u00f5lgendust, mis v\u00f5ib pakkuda m\u00e4ngijatele kaasahaaravat m\u00e4ngukogemust. Pidevalt kasvavate kordajate ja k\u00f5rge RTP-ga on palju p\u00f5hjuseid, miks Aviatorit proovida. Lisaks muudab sotsiaalne aspekt asja veelgi p\u00f5nevamaks!<\/p>\n<h2 id=\"h-using-bonus-spins-on-aviator\">Boonuskeerutuste kasutamine Aviatoris<\/h2>\n<p>Boonuskeerutused on kasiino saitide p\u00f5hitoiduks. Kui registreerute kasiinosaidil, saate sageli tervitusboonusena tasuta keerutusi. Neid v\u00f5ib saada isegi piiratud aja pakkumiste kaudu v\u00f5i auhindadena teistes m\u00e4ngudes!<\/p>\n<p>Kui olete Aviatori v\u00f5i muude kasiinom\u00e4ngude f\u00e4nn, on boonuskeerutused suurep\u00e4rane v\u00f5imalus saada tasuta v\u00f5imalusi rullide keerutamiseks, lennukile maandumiseks ja v\u00f5ib-olla raha v\u00f5ita. Tegelikult v\u00f5ivad boonuskeerutused olla isegi v\u00e4\u00e4rtuslikumad kui tavalised m\u00e4ngusisesed keerutused, kuna neil ei ole tavaliselt l\u00e4bim\u00e4ngimisn\u00f5udeid ega muid v\u00f5idupiiranguid.<\/p>\n<h2 id=\"h-how-to-get-bonus-spins\">Kuidas saada boonuskeerutusi<\/h2>\n<p>Tasuta keerutused v\u00f5ivad p\u00e4rineda erinevatest kohtadest, n\u00e4iteks tervitusboonused uutele kasutajatele, kes teevad oma esimese sissemakse, v\u00f5i sooduskoodid ja piiratud ajaga s\u00fcndmused.<\/p>\n<h3 id=\"h-welcome-bonus-spins-for-aviator\">Aviatori tervitusboonuse keerutused<\/h3>\n<p>M\u00f5ned kasiinod annavad sulle konto loomisel tasuta keerutusi. V\u00f5ite k\u00fcsida, kuidas need tasuta keerutused v\u00f5ivad Aviatori m\u00e4ngimisel kasulikud olla; m\u00f5nikord aga piiravad kasiinod nende tasuta keerutuste kasutamist vaid k\u00f5ige populaarsemate traditsiooniliste m\u00e4nguautomaatidega. Kuid \u00e4rge muretsege, endiselt on v\u00f5imalusi kasutada k\u00f5iki tasuta keerutusi, mis Aviatoril on teie jaoks varuks.<\/p>\n<h2 id=\"h-how-to-use-free-spins-in-aviator\">Kuidas Aviatoris tasuta keerutusi kasutada<\/h2>\n<p>Kui teie spinnid Aviatoris ei t\u00f6\u00f6ta, saate neid alati kasutada teistes kasiinom\u00e4ngudes krediiti v\u00f5itmiseks. N\u00e4iteks kui sul on m\u00e4nguautomaadil tasuta keerutused, saad need krediidid m\u00e4ngulaudades \u017eetoonide vastu vahetada. Seej\u00e4rel saate neid \u017eetoone kasutada Aviatorile v\u00f5i m\u00f5nele muule kasiinom\u00e4ngule panustamiseks!<\/p>\n<p>Tehke j\u00e4rgmist.<\/p>\n<ol start=\"1\" type=\"1\">\n<li>Valige \u00fcks oma lemmikm\u00e4nguautomaatidest.<\/li>\n<li>Kasutage tasuta keerutusi.<\/li>\n<li>V\u00f5tke k\u00f5ik keerutuste ajal v\u00f5idetud krediidid ja m\u00e4ngige Aviatorit!<\/li>\n<\/ol>\n<p>See on nii lihtne.<\/p>\n<h2 id=\"h-can-you-win-free-spins-in-aviator\">Kas saate Aviatoris tasuta keerutusi v\u00f5ita?<\/h2>\n<p>Tasuta keerutuste funktsiooni pole. Ainus auhind, mille vooru jooksul v\u00f5idate, on teie panus korrutatud punase lennuki \u00f5hkut\u00f5usmise ajaga.<\/p>\n<h2 id=\"h-in-conclusion\">J\u00e4reldus<\/h2>\n<p>Olenemata sellest, kuidas te neid saate \u2013 teretulnud boonuskeerutused, sooduskoodid v\u00f5i piiratud aja pakkumised \u2013 on boonuskeerutused suurep\u00e4rane v\u00f5imalus iga tasemega m\u00e4ngijatele m\u00e4ngida edasi, muretsemata m\u00f5neks ajaks kaotuse p\u00e4rast. Ja olenemata sellest, milliste m\u00e4ngude jaoks nad on m\u00f5eldud, saavad kogenud m\u00e4ngijad muuta oma keerutused kasulikeks krediitideks, mida saab Aviatori live-m\u00e4ngus panustada.<\/p>\n<p><img loading=\"lazy\" decoding=\"async\" class=\"alignnone size-full wp-image-297\" src=\"https:\/\/aviator-slotgame.com\/wp-content\/uploads\/Aviator-14-800-x-600-\u043f\u0438\u043a\u0441.jpg\" alt=\"J\u00e4reldus\" width=\"800\" height=\"600\" srcset=\"https:\/\/aviator-slotgame.com\/wp-content\/uploads\/Aviator-14-800-x-600-\u043f\u0438\u043a\u0441.jpg 800w, https:\/\/aviator-slotgame.com\/wp-content\/uploads\/Aviator-14-800-x-600-\u043f\u0438\u043a\u0441-300x225.jpg 300w, https:\/\/aviator-slotgame.com\/wp-content\/uploads\/Aviator-14-800-x-600-\u043f\u0438\u043a\u0441-768x576.jpg 768w, https:\/\/aviator-slotgame.com\/wp-content\/uploads\/Aviator-14-800-x-600-\u043f\u0438\u043a\u0441-16x12.jpg 16w\" sizes=\"auto, (max-width: 800px) 100vw, 800px\" \/><\/p>\n\n<div style=\"font-size: 0px; height: 0px; line-height: 0px; margin: 0; padding: 0; clear: both;\"><\/div>","protected":false},"excerpt":{"rendered":"<p>Spribe&#039;i Aviator ei ole teie keskmine videoautomaat. See pakub sotsiaalsete m\u00e4ngude funktsioone, mida te traditsioonilistes videoautomaatides ei leia.<\/p>","protected":false},"author":1,"featured_media":0,"parent":0,"menu_order":0,"comment_status":"closed","ping_status":"closed","template":"","meta":{"footnotes":""},"class_list":["post-215","page","type-page","status-publish","hentry"],"yoast_head":"<!-- This site is optimized with the Yoast SEO plugin v22.0 - https:\/\/yoast.com\/wordpress\/plugins\/seo\/ -->\n<title>\u0410\u0432\u0438\u0430\u0442\u043e\u0440 \u0441\u043b\u043e\u0442\u044b - Aviator<\/title>\n<meta name=\"robots\" content=\"index, follow, max-snippet:-1, max-image-preview:large, max-video-preview:-1\" \/>\n<link rel=\"canonical\" href=\"https:\/\/aviator-slotgame.com\/et\/aviator-slot-vs-traditsiooniline-video-slots\/\" \/>\n<meta property=\"og:locale\" content=\"et_EE\" \/>\n<meta property=\"og:type\" content=\"article\" \/>\n<meta property=\"og:title\" content=\"\u0410\u0432\u0438\u0430\u0442\u043e\u0440 \u0441\u043b\u043e\u0442\u044b - Aviator\" \/>\n<meta property=\"og:description\" content=\"Aviator \u043e\u0442 Spribe \u2013 \u044d\u0442\u043e \u043d\u0435 \u043e\u0431\u044b\u0447\u043d\u044b\u0439 \u0432\u0438\u0434\u0435\u043e\u0441\u043b\u043e\u0442. \u041e\u043d \u043f\u0440\u0435\u0434\u043b\u0430\u0433\u0430\u0435\u0442 \u0432\u043e\u0437\u043c\u043e\u0436\u043d\u043e\u0441\u0442\u0438 \u0441\u043e\u0446\u0438\u0430\u043b\u044c\u043d\u044b\u0445 \u0438\u0433\u0440, \u043a\u043e\u0442\u043e\u0440\u044b\u0435 \u0432\u044b \u043d\u0435 \u043d\u0430\u0439\u0434\u0435\u0442\u0435 \u0432 \u0442\u0440\u0430\u0434\u0438\u0446\u0438\u043e\u043d\u043d\u044b\u0445 \u0432\u0438\u0434\u0435\u043e\u0441\u043b\u043e\u0442\u0430\u0445.\" \/>\n<meta property=\"og:url\" content=\"https:\/\/aviator-slotgame.com\/et\/aviator-slot-vs-traditsiooniline-video-slots\/\" \/>\n<meta property=\"og:site_name\" content=\"Aviator\" \/>\n<meta property=\"article:modified_time\" content=\"2024-09-09T10:50:04+00:00\" \/>\n<meta property=\"og:image\" content=\"https:\/\/aviator-slotgame.com\/wp-content\/uploads\/aviator-4-1.png\" \/>\n<meta name=\"twitter:card\" content=\"summary_large_image\" \/>\n<meta name=\"twitter:label1\" content=\"Est. reading time\" \/>\n\t<meta name=\"twitter:data1\" content=\"4 minutit\" \/>\n<script type=\"application\/ld+json\" class=\"yoast-schema-graph\">{\"@context\":\"https:\/\/schema.org\",\"@graph\":[{\"@type\":\"WebPage\",\"@id\":\"https:\/\/aviator-slotgame.com\/aviator-slots\/\",\"url\":\"https:\/\/aviator-slotgame.com\/aviator-slots\/\",\"name\":\"\u0410\u0432\u0438\u0430\u0442\u043e\u0440 \u0441\u043b\u043e\u0442\u044b - Aviator\",\"isPartOf\":{\"@id\":\"https:\/\/aviator-slotgame.com\/#website\"},\"datePublished\":\"2024-04-02T16:05:37+00:00\",\"dateModified\":\"2024-09-09T10:50:04+00:00\",\"breadcrumb\":{\"@id\":\"https:\/\/aviator-slotgame.com\/aviator-slots\/#breadcrumb\"},\"inLanguage\":\"et\",\"potentialAction\":[{\"@type\":\"ReadAction\",\"target\":[\"https:\/\/aviator-slotgame.com\/aviator-slots\/\"]}]},{\"@type\":\"BreadcrumbList\",\"@id\":\"https:\/\/aviator-slotgame.com\/aviator-slots\/#breadcrumb\",\"itemListElement\":[{\"@type\":\"ListItem\",\"position\":1,\"name\":\"Home\",\"item\":\"https:\/\/aviator-slotgame.com\/\"},{\"@type\":\"ListItem\",\"position\":2,\"name\":\"\u0410\u0432\u0438\u0430\u0442\u043e\u0440 \u0441\u043b\u043e\u0442\u044b\"}]},{\"@type\":\"WebSite\",\"@id\":\"https:\/\/aviator-slotgame.com\/#website\",\"url\":\"https:\/\/aviator-slotgame.com\/\",\"name\":\"Aviator\",\"description\":\"\",\"publisher\":{\"@id\":\"https:\/\/aviator-slotgame.com\/#organization\"},\"potentialAction\":[{\"@type\":\"SearchAction\",\"target\":{\"@type\":\"EntryPoint\",\"urlTemplate\":\"https:\/\/aviator-slotgame.com\/?s={search_term_string}\"},\"query-input\":\"required name=search_term_string\"}],\"inLanguage\":\"et\"},{\"@type\":\"Organization\",\"@id\":\"https:\/\/aviator-slotgame.com\/#organization\",\"name\":\"Aviator\",\"url\":\"https:\/\/aviator-slotgame.com\/\",\"logo\":{\"@type\":\"ImageObject\",\"inLanguage\":\"et\",\"@id\":\"https:\/\/aviator-slotgame.com\/#\/schema\/logo\/image\/\",\"url\":\"https:\/\/aviator-slotgame.com\/wp-content\/uploads\/16f5e8_dade544d4623411c9c4153c639aae85amv2.webp\",\"contentUrl\":\"https:\/\/aviator-slotgame.com\/wp-content\/uploads\/16f5e8_dade544d4623411c9c4153c639aae85amv2.webp\",\"width\":400,\"height\":300,\"caption\":\"Aviator\"},\"image\":{\"@id\":\"https:\/\/aviator-slotgame.com\/#\/schema\/logo\/image\/\"}}]}<\/script>\n<!-- \/ Yoast SEO plugin. -->","yoast_head_json":{"title":"\u0410\u0432\u0438\u0430\u0442\u043e\u0440 \u0441\u043b\u043e\u0442\u044b - Aviator","robots":{"index":"index","follow":"follow","max-snippet":"max-snippet:-1","max-image-preview":"max-image-preview:large","max-video-preview":"max-video-preview:-1"},"canonical":"https:\/\/aviator-slotgame.com\/et\/aviator-slot-vs-traditsiooniline-video-slots\/","og_locale":"et_EE","og_type":"article","og_title":"\u0410\u0432\u0438\u0430\u0442\u043e\u0440 \u0441\u043b\u043e\u0442\u044b - Aviator","og_description":"Aviator \u043e\u0442 Spribe \u2013 \u044d\u0442\u043e \u043d\u0435 \u043e\u0431\u044b\u0447\u043d\u044b\u0439 \u0432\u0438\u0434\u0435\u043e\u0441\u043b\u043e\u0442. \u041e\u043d \u043f\u0440\u0435\u0434\u043b\u0430\u0433\u0430\u0435\u0442 \u0432\u043e\u0437\u043c\u043e\u0436\u043d\u043e\u0441\u0442\u0438 \u0441\u043e\u0446\u0438\u0430\u043b\u044c\u043d\u044b\u0445 \u0438\u0433\u0440, \u043a\u043e\u0442\u043e\u0440\u044b\u0435 \u0432\u044b \u043d\u0435 \u043d\u0430\u0439\u0434\u0435\u0442\u0435 \u0432 \u0442\u0440\u0430\u0434\u0438\u0446\u0438\u043e\u043d\u043d\u044b\u0445 \u0432\u0438\u0434\u0435\u043e\u0441\u043b\u043e\u0442\u0430\u0445.","og_url":"https:\/\/aviator-slotgame.com\/et\/aviator-slot-vs-traditsiooniline-video-slots\/","og_site_name":"Aviator","article_modified_time":"2024-09-09T10:50:04+00:00","og_image":[{"url":"https:\/\/aviator-slotgame.com\/wp-content\/uploads\/aviator-4-1.png"}],"twitter_card":"summary_large_image","twitter_misc":{"Est. reading time":"4 minutit"},"schema":{"@context":"https:\/\/schema.org","@graph":[{"@type":"WebPage","@id":"https:\/\/aviator-slotgame.com\/aviator-slots\/","url":"https:\/\/aviator-slotgame.com\/aviator-slots\/","name":"\u0410\u0432\u0438\u0430\u0442\u043e\u0440 \u0441\u043b\u043e\u0442\u044b - Aviator","isPartOf":{"@id":"https:\/\/aviator-slotgame.com\/#website"},"datePublished":"2024-04-02T16:05:37+00:00","dateModified":"2024-09-09T10:50:04+00:00","breadcrumb":{"@id":"https:\/\/aviator-slotgame.com\/aviator-slots\/#breadcrumb"},"inLanguage":"et","potentialAction":[{"@type":"ReadAction","target":["https:\/\/aviator-slotgame.com\/aviator-slots\/"]}]},{"@type":"BreadcrumbList","@id":"https:\/\/aviator-slotgame.com\/aviator-slots\/#breadcrumb","itemListElement":[{"@type":"ListItem","position":1,"name":"Home","item":"https:\/\/aviator-slotgame.com\/"},{"@type":"ListItem","position":2,"name":"\u0410\u0432\u0438\u0430\u0442\u043e\u0440 \u0441\u043b\u043e\u0442\u044b"}]},{"@type":"WebSite","@id":"https:\/\/aviator-slotgame.com\/#website","url":"https:\/\/aviator-slotgame.com\/","name":"Aviator","description":"","publisher":{"@id":"https:\/\/aviator-slotgame.com\/#organization"},"potentialAction":[{"@type":"SearchAction","target":{"@type":"EntryPoint","urlTemplate":"https:\/\/aviator-slotgame.com\/?s={search_term_string}"},"query-input":"required name=search_term_string"}],"inLanguage":"et"},{"@type":"Organization","@id":"https:\/\/aviator-slotgame.com\/#organization","name":"Aviator","url":"https:\/\/aviator-slotgame.com\/","logo":{"@type":"ImageObject","inLanguage":"et","@id":"https:\/\/aviator-slotgame.com\/#\/schema\/logo\/image\/","url":"https:\/\/aviator-slotgame.com\/wp-content\/uploads\/16f5e8_dade544d4623411c9c4153c639aae85amv2.webp","contentUrl":"https:\/\/aviator-slotgame.com\/wp-content\/uploads\/16f5e8_dade544d4623411c9c4153c639aae85amv2.webp","width":400,"height":300,"caption":"Aviator"},"image":{"@id":"https:\/\/aviator-slotgame.com\/#\/schema\/logo\/image\/"}}]}},"amp_enabled":true,"_links":{"self":[{"href":"https:\/\/aviator-slotgame.com\/et\/wp-json\/wp\/v2\/pages\/215","targetHints":{"allow":["GET"]}}],"collection":[{"href":"https:\/\/aviator-slotgame.com\/et\/wp-json\/wp\/v2\/pages"}],"about":[{"href":"https:\/\/aviator-slotgame.com\/et\/wp-json\/wp\/v2\/types\/page"}],"author":[{"embeddable":true,"href":"https:\/\/aviator-slotgame.com\/et\/wp-json\/wp\/v2\/users\/1"}],"replies":[{"embeddable":true,"href":"https:\/\/aviator-slotgame.com\/et\/wp-json\/wp\/v2\/comments?post=215"}],"version-history":[{"count":6,"href":"https:\/\/aviator-slotgame.com\/et\/wp-json\/wp\/v2\/pages\/215\/revisions"}],"predecessor-version":[{"id":309,"href":"https:\/\/aviator-slotgame.com\/et\/wp-json\/wp\/v2\/pages\/215\/revisions\/309"}],"wp:attachment":[{"href":"https:\/\/aviator-slotgame.com\/et\/wp-json\/wp\/v2\/media?parent=215"}],"curies":[{"name":"wp","href":"https:\/\/api.w.org\/{rel}","templated":true}]}}