{"id":230,"date":"2024-09-06T08:55:11","date_gmt":"2024-09-06T08:55:11","guid":{"rendered":"https:\/\/aviator-slotgame.com\/?page_id=230"},"modified":"2024-10-03T23:03:12","modified_gmt":"2024-10-03T23:03:12","slug":"strategy-and-tactics","status":"publish","type":"page","link":"https:\/\/aviator-slotgame.com\/et\/strategy-and-tactics\/","title":{"rendered":"Lennukim\u00e4ngu strateegiad ja taktikad"},"content":{"rendered":"<div class=\"15bf1451c2adfca276d0f927ef064c47\" data-index=\"1\" style=\"float: none; margin:10px 0 10px 0; text-align:center;\">\n<div class=\"custom-play-button\">\r\n<center><a href=\"https:\/\/aviator-slotgame.com\/et\/play-game\/\" rel=\"nofollow\" target=\"_blank\">M\u00e4ngi n\u00fc\u00fcd<\/a><br><\/center>\r\n<\/div>\n<\/div>\n<p><img loading=\"lazy\" decoding=\"async\" class=\"alignnone wp-image-233 size-full\" title=\"Strateegiad m\u00e4ngus Aviator\" src=\"https:\/\/aviator-slotgame.com\/wp-content\/uploads\/Aviator-4-800-x-600-\u043f\u0438\u043a\u0441.jpg\" alt=\"Lennukim\u00e4ngu strateegiad ja taktikad\" width=\"800\" height=\"600\" srcset=\"https:\/\/aviator-slotgame.com\/wp-content\/uploads\/Aviator-4-800-x-600-\u043f\u0438\u043a\u0441.jpg 800w, https:\/\/aviator-slotgame.com\/wp-content\/uploads\/Aviator-4-800-x-600-\u043f\u0438\u043a\u0441-300x225.jpg 300w, https:\/\/aviator-slotgame.com\/wp-content\/uploads\/Aviator-4-800-x-600-\u043f\u0438\u043a\u0441-768x576.jpg 768w, https:\/\/aviator-slotgame.com\/wp-content\/uploads\/Aviator-4-800-x-600-\u043f\u0438\u043a\u0441-16x12.jpg 16w\" sizes=\"auto, (max-width: 800px) 100vw, 800px\" \/><\/p>\n<p>Aviatori krahhim\u00e4ngus, nagu ka paljudes teistes hasartm\u00e4ngudes, on oluline meeles pidada, et tulemused p\u00f5hinevad juhusel. Siiski on mitmeid strateegiaid ja taktikaid, mis aitavad teil suurendada v\u00f5iduv\u00f5imalusi ja hallata oma raha. Siin on m\u00f5ned neist:<\/p>\n<h2>X-strateegia m\u00e4ngus Aviator \u2013 kuidas p\u00fc\u00fcda suuri koefitsiente<\/h2>\n<p>P\u00f5him\u00f5te on see, et peaksite proovima teatud aja jooksul teatud koefitsiente p\u00fc\u00fcda. P\u00e4rast m\u00e4ngu statistika anal\u00fc\u00fcsimist v\u00f5ite m\u00e4rgata, et teatud koefitsiendid langevad teatud sagedusega. X100 kukub v\u00e4hemalt korra pooleteise tunni jooksul, nii et kui loete, kui palju aega on m\u00f6\u00f6dunud selle kordaja viimasest langemisest, tehes panuse \u00fcle 10$, v\u00f5ite koju viia suure v\u00f5idu.<\/p>\n<p><img loading=\"lazy\" decoding=\"async\" class=\"alignnone size-full wp-image-303\" src=\"https:\/\/aviator-slotgame.com\/wp-content\/uploads\/Aviator-17-800-x-600-\u043f\u0438\u043a\u0441.jpg\" alt=\"Saa kinni koefitsiendid m\u00e4ngus Aviator\" width=\"800\" height=\"600\" srcset=\"https:\/\/aviator-slotgame.com\/wp-content\/uploads\/Aviator-17-800-x-600-\u043f\u0438\u043a\u0441.jpg 800w, https:\/\/aviator-slotgame.com\/wp-content\/uploads\/Aviator-17-800-x-600-\u043f\u0438\u043a\u0441-300x225.jpg 300w, https:\/\/aviator-slotgame.com\/wp-content\/uploads\/Aviator-17-800-x-600-\u043f\u0438\u043a\u0441-768x576.jpg 768w, https:\/\/aviator-slotgame.com\/wp-content\/uploads\/Aviator-17-800-x-600-\u043f\u0438\u043a\u0441-16x12.jpg 16w\" sizes=\"auto, (max-width: 800px) 100vw, 800px\" \/><\/p><div class=\"15bf1451c2adfca276d0f927ef064c47\" data-index=\"1\" style=\"float: none; margin:10px 0 10px 0; text-align:center;\">\n<div class=\"custom-play-button\">\r\n<center><a href=\"https:\/\/aviator-slotgame.com\/et\/play-game\/\" rel=\"nofollow\" target=\"_blank\">M\u00e4ngi n\u00fc\u00fcd<\/a><br><\/center>\r\n<\/div>\n<\/div>\n\n<h2>Topeltpanus m\u00e4ngus Aviator \u2013 v\u00e4hendage riske ja suurendage v\u00f5ite<\/h2>\n<p>J\u00e4rgnev taktika sobib neile, kes ei saa teha suurt sissemakset v\u00f5i ei taha riskida suure summaga. Sinu esimene panus peaks olema 10$, me r\u00e4\u00e4gime topeltpanusest, seega kulutad \u00fches voorus v\u00e4hemalt 21$. Automaatne v\u00e4ljamakse m\u00f5lemal ekraanil on seatud v\u00e4\u00e4rtusele ligikaudu 1,2. Lennuk \u00fcletab selle m\u00e4rgi peaaegu alati. Sellest j\u00e4reldub, et kasutaja saab l\u00e4bi pika m\u00e4ngu kindlasti oma raha minimaalsete panuste korral v\u00f5ita.<\/p>\n<p><img loading=\"lazy\" decoding=\"async\" class=\"alignnone size-full wp-image-305\" src=\"https:\/\/aviator-slotgame.com\/wp-content\/uploads\/Aviator-18-800-x-600-\u043f\u0438\u043a\u0441.jpg\" alt=\"Topeltpanused m\u00e4ngus Aviator\" width=\"800\" height=\"600\" srcset=\"https:\/\/aviator-slotgame.com\/wp-content\/uploads\/Aviator-18-800-x-600-\u043f\u0438\u043a\u0441.jpg 800w, https:\/\/aviator-slotgame.com\/wp-content\/uploads\/Aviator-18-800-x-600-\u043f\u0438\u043a\u0441-300x225.jpg 300w, https:\/\/aviator-slotgame.com\/wp-content\/uploads\/Aviator-18-800-x-600-\u043f\u0438\u043a\u0441-768x576.jpg 768w, https:\/\/aviator-slotgame.com\/wp-content\/uploads\/Aviator-18-800-x-600-\u043f\u0438\u043a\u0441-16x12.jpg 16w\" sizes=\"auto, (max-width: 800px) 100vw, 800px\" \/><\/p>\n<h2>Pangaraha haldamine m\u00e4ngus Aviator \u2013 kuidas kaotusi v\u00e4ltida ja tasakaalu s\u00e4ilitada<\/h2>\n<p>\u00dcks hasartm\u00e4ngude peamisi strateegiaid on oma raha h\u00e4sti hallata. Seadke endale piirangud, kui palju v\u00f5ite kaotada ja v\u00f5ita, ning pidage neist kinni. See aitab v\u00e4ltida suuri kaotusi ja s\u00e4ilitada m\u00e4ngu tasakaalu.<\/p>\n<p><img loading=\"lazy\" decoding=\"async\" class=\"alignnone size-full wp-image-307\" src=\"https:\/\/aviator-slotgame.com\/wp-content\/uploads\/Aviator-19-800-x-600-\u043f\u0438\u043a\u0441.jpg\" alt=\"Hallake oma raha m\u00e4ngus Aviator\" width=\"800\" height=\"600\" srcset=\"https:\/\/aviator-slotgame.com\/wp-content\/uploads\/Aviator-19-800-x-600-\u043f\u0438\u043a\u0441.jpg 800w, https:\/\/aviator-slotgame.com\/wp-content\/uploads\/Aviator-19-800-x-600-\u043f\u0438\u043a\u0441-300x225.jpg 300w, https:\/\/aviator-slotgame.com\/wp-content\/uploads\/Aviator-19-800-x-600-\u043f\u0438\u043a\u0441-768x576.jpg 768w, https:\/\/aviator-slotgame.com\/wp-content\/uploads\/Aviator-19-800-x-600-\u043f\u0438\u043a\u0441-16x12.jpg 16w\" sizes=\"auto, (max-width: 800px) 100vw, 800px\" \/><\/p>\n<h2>Miks Aviator on \u00fcks parimaid k\u00f5rge RTP-ga m\u00e4nge<\/h2>\n<p>Proovige valida k\u00f5rgema RTP-ga (Tagasi m\u00e4ngijasse) m\u00e4nge. V\u00f5rgum\u00e4ng Aviator kuulub k\u00f5rge RTP protsendiga krahhim\u00e4ngude nimekirja. Mida k\u00f5rgem on RTP, seda suurem on pikas perspektiivis v\u00f5idu t\u00f5en\u00e4osus.<\/p>\n<h2>Aviatoris maksimaalse panusega m\u00e4ngimine \u2013 riskid ja h\u00fcved<\/h2>\n<p>M\u00f5nes m\u00e4ngus, sealhulgas Aviatoris, v\u00f5ib maksimumpanustamine suurendada teie suure v\u00f5iduv\u00f5imalusi. Pea aga meeles, et maksimumpanusega m\u00e4ngimine v\u00f5ib kaasa tuua ka kiireid kaotusi, seega ole ettevaatlik.<\/p>\n<h2>Kahekordistamisstrateegia m\u00e4ngus Aviator<\/h2>\n<p>M\u00f5ned m\u00e4ngijad kasutavad kahekordistamisstrateegiat, kus nad kahekordistavad oma panuse p\u00e4rast iga kaotust. Sellel taktikal on oma riskid, seega kasutage seda ettevaatlikult.<\/p>\n<h2>Demore\u017eiim m\u00e4ngus Aviator<\/h2>\n<p>Enne p\u00e4risrahaga m\u00e4ngimist proovige m\u00e4ngida demore\u017eiimis, et \u00f5ppida m\u00e4ngu, selle reegleid ja funktsioone. See aitab teil v\u00e4lja t\u00f6\u00f6tada oma strateegia ja valmistuda p\u00e4risrahaga m\u00e4ngimiseks.<\/p>\n<h2>Soovitused ja n\u00e4pun\u00e4ited m\u00e4ngu Aviator jaoks<\/h2>\n<p>Kasutage j\u00e4rgmisi n\u00e4pun\u00e4iteid, see aitab teid m\u00e4ngus kindlasti:<\/p>\n<ul>\n<li>V\u00f5tke aega, et tutvuda p\u00f5hjalikult m\u00e4ngutehnikaga, maksete, t\u00e4ienduste ja boonustega. Kui m\u00f5istate m\u00e4ngu p\u00f5him\u00f5tteid ja selle toimimist, on teie edasised otsused ratsionaalsemad.<\/li>\n<\/ul>\n<ul>\n<li>Muutke oma panuseid. Selle asemel, et teha igas voorus samu panuseid, proovige oma panuseid varieerida. M\u00f5nikord on parem teha suurem panus, et suurendada oma v\u00f5imalusi suure v\u00f5idu saamiseks, ja m\u00f5nikord teha v\u00e4iksem panus, et oma kaotusi v\u00e4hendada.<\/li>\n<\/ul>\n<ul>\n<li>Hallake oma eelarvet. V\u00e4ga oluline on osata oma rahaasju m\u00e4ngus hallata. Seadke endale kaotuse piir ja pidage sellest kinni. \u00c4rge lubage endale m\u00e4ngida suurte summadega, mida te ei saa endale lubada kaotada.<\/li>\n<\/ul>\n<ul>\n<li>M\u00e4ngi nutikalt. \u00c4ra unusta, et kasiinos m\u00e4ngimisega kaasneb alati risk. M\u00e4ngige vastutustundlikult ja \u00e4rge laske emotsioonidel oma otsuseid m\u00f5jutada. Pidage meeles, et \u00f5nn v\u00f5ib olla ettearvamatu, seega \u00e4rge lootke ainult sellele.<\/li>\n<\/ul>\n<ul>\n<li>\u00d5ppige m\u00e4ngureegleid. Et olla edukas Aviator online kasiinos ja igas teises kasiinos, on oluline m\u00f5ista h\u00e4sti m\u00e4ngureegleid. Teadlike otsuste tegemiseks uurige k\u00f5iki m\u00e4ngu \u00fcksikasju ja funktsioone.<\/li>\n<\/ul>\n<ul>\n<li>Kasutage demore\u017eiimi. Kui olete m\u00e4ngus uus v\u00f5i soovite lihtsalt harjutada ja m\u00e4ngust paremini aru saada, kasutage demore\u017eiimi, et m\u00e4ngida ilma p\u00e4risraha kaotamise riskita. See aitab teil m\u00e4nguga rahul olla ja arendada oma strateegiat.<\/li>\n<\/ul>\n<ul>\n<li>P\u00f6\u00f6rake t\u00e4helepanu teiste m\u00e4ngijate arvamustele. Teised m\u00e4ngijad v\u00f5ivad olla juba leidnud t\u00f5husaid strateegiaid v\u00f5i n\u00e4pun\u00e4iteid Aviatori m\u00e4ngimiseks. Nende kohta lisateabe saamiseks ja oma m\u00e4ngus rakendamiseks lugege foorumeid ja arutelusid. Ja p\u00f6\u00f6rake sagedamini t\u00e4helepanu m\u00e4ngusisesele vestlusele!<\/li>\n<\/ul>\n<ul>\n<li>Veenduge, et teil oleks hea Interneti-\u00fchendus. Enne m\u00e4ngima asumist veenduge, et \u00fchendus oleks stabiilne! \u00dchenduse ootamatu katkemise korral ei vastuta arendajad kaotatud panuse eest.<\/li>\n<\/ul>\n<p>Loodan, et need soovitused aitavad teil nautida v\u00f5rgum\u00e4ngu Aviator ja suurendavad teie eduv\u00f5imalusi.<\/p>\n<p><img loading=\"lazy\" decoding=\"async\" class=\"alignnone size-full wp-image-301\" src=\"https:\/\/aviator-slotgame.com\/wp-content\/uploads\/Aviator-16-800-x-600-\u043f\u0438\u043a\u0441.jpg\" alt=\"Olulised n\u00e4pun\u00e4ited Aviatori edukaks m\u00e4ngimiseks\" width=\"800\" height=\"600\" srcset=\"https:\/\/aviator-slotgame.com\/wp-content\/uploads\/Aviator-16-800-x-600-\u043f\u0438\u043a\u0441.jpg 800w, https:\/\/aviator-slotgame.com\/wp-content\/uploads\/Aviator-16-800-x-600-\u043f\u0438\u043a\u0441-300x225.jpg 300w, https:\/\/aviator-slotgame.com\/wp-content\/uploads\/Aviator-16-800-x-600-\u043f\u0438\u043a\u0441-768x576.jpg 768w, https:\/\/aviator-slotgame.com\/wp-content\/uploads\/Aviator-16-800-x-600-\u043f\u0438\u043a\u0441-16x12.jpg 16w\" sizes=\"auto, (max-width: 800px) 100vw, 800px\" \/><\/p>\n\n<div style=\"font-size: 0px; height: 0px; line-height: 0px; margin: 0; padding: 0; clear: both;\"><\/div>","protected":false},"excerpt":{"rendered":"<p>Aviatori krahhim\u00e4ngus, nagu ka paljudes teistes hasartm\u00e4ngudes, on oluline meeles pidada, et tulemused p\u00f5hinevad juhusel. Siiski<\/p>","protected":false},"author":1,"featured_media":0,"parent":0,"menu_order":0,"comment_status":"closed","ping_status":"closed","template":"","meta":{"footnotes":""},"class_list":["post-230","page","type-page","status-publish","hentry"],"yoast_head":"<!-- This site is optimized with the Yoast SEO plugin v22.0 - https:\/\/yoast.com\/wordpress\/plugins\/seo\/ -->\n<title>C\u0442\u0440\u0430\u0442\u0435\u0433\u0438\u0438 \u0438\u0433\u0440\u044b \u0410\u0432\u0438\u0430\u0442\u043e\u0440 \u2014 \u041a\u0430\u043a \u0432\u044b\u0438\u0433\u0440\u044b\u0432\u0430\u0442\u044c \u0434\u0435\u043d\u044c\u0433\u0438 \u0432 \u043a\u0440\u0430\u0448-\u0441\u043b\u043e\u0442<\/title>\n<meta name=\"description\" content=\"\u0418\u0437\u0443\u0447\u0438\u0442\u0435 \u0441\u0442\u0440\u0430\u0442\u0435\u0433\u0438\u0438 \u0438 \u0442\u0430\u043a\u0442\u0438\u043a\u0438 \u0438\u0433\u0440\u044b \u0432 \u0441\u043b\u043e\u0442 \u0410\u0432\u0438\u0430\u0442\u043e\u0440. \u0423\u043f\u0440\u0430\u0432\u043b\u044f\u0439\u0442\u0435 \u0431\u0430\u043d\u043a\u0440\u043e\u043b\u043b\u043e\u043c, \u0438\u0441\u043f\u043e\u043b\u044c\u0437\u0443\u0439\u0442\u0435 \u043a\u043e\u044d\u0444\u0444\u0438\u0446\u0438\u0435\u043d\u0442\u044b \u0438 \u0443\u0432\u0435\u043b\u0438\u0447\u0438\u0432\u0430\u0439\u0442\u0435 \u0448\u0430\u043d\u0441\u044b \u043d\u0430 \u0432\u044b\u0438\u0433\u0440\u044b\u0448 \u0432 \u043a\u0440\u0430\u0448-\u0438\u0433\u0440\u0435 \u043d\u0430 \u0434\u0435\u043d\u044c\u0433\u0438.\" \/>\n<meta name=\"robots\" content=\"index, follow, max-snippet:-1, max-image-preview:large, max-video-preview:-1\" \/>\n<link rel=\"canonical\" href=\"https:\/\/aviator-slotgame.com\/et\/strategy-and-tactics\/\" \/>\n<meta property=\"og:locale\" content=\"et_EE\" \/>\n<meta property=\"og:type\" content=\"article\" \/>\n<meta property=\"og:title\" content=\"C\u0442\u0440\u0430\u0442\u0435\u0433\u0438\u0438 \u0438\u0433\u0440\u044b \u0410\u0432\u0438\u0430\u0442\u043e\u0440 \u2014 \u041a\u0430\u043a \u0432\u044b\u0438\u0433\u0440\u044b\u0432\u0430\u0442\u044c \u0434\u0435\u043d\u044c\u0433\u0438 \u0432 \u043a\u0440\u0430\u0448-\u0441\u043b\u043e\u0442\" \/>\n<meta property=\"og:description\" content=\"\u0418\u0437\u0443\u0447\u0438\u0442\u0435 \u0441\u0442\u0440\u0430\u0442\u0435\u0433\u0438\u0438 \u0438 \u0442\u0430\u043a\u0442\u0438\u043a\u0438 \u0438\u0433\u0440\u044b \u0432 \u0441\u043b\u043e\u0442 \u0410\u0432\u0438\u0430\u0442\u043e\u0440. \u0423\u043f\u0440\u0430\u0432\u043b\u044f\u0439\u0442\u0435 \u0431\u0430\u043d\u043a\u0440\u043e\u043b\u043b\u043e\u043c, \u0438\u0441\u043f\u043e\u043b\u044c\u0437\u0443\u0439\u0442\u0435 \u043a\u043e\u044d\u0444\u0444\u0438\u0446\u0438\u0435\u043d\u0442\u044b \u0438 \u0443\u0432\u0435\u043b\u0438\u0447\u0438\u0432\u0430\u0439\u0442\u0435 \u0448\u0430\u043d\u0441\u044b \u043d\u0430 \u0432\u044b\u0438\u0433\u0440\u044b\u0448 \u0432 \u043a\u0440\u0430\u0448-\u0438\u0433\u0440\u0435 \u043d\u0430 \u0434\u0435\u043d\u044c\u0433\u0438.\" \/>\n<meta property=\"og:url\" content=\"https:\/\/aviator-slotgame.com\/et\/strategy-and-tactics\/\" \/>\n<meta property=\"og:site_name\" content=\"Aviator\" \/>\n<meta property=\"article:modified_time\" content=\"2024-10-03T23:03:12+00:00\" \/>\n<meta name=\"twitter:card\" content=\"summary_large_image\" \/>\n<meta name=\"twitter:label1\" content=\"Est. reading time\" \/>\n\t<meta name=\"twitter:data1\" content=\"4 minutit\" \/>\n<script type=\"application\/ld+json\" class=\"yoast-schema-graph\">{\"@context\":\"https:\/\/schema.org\",\"@graph\":[{\"@type\":\"WebPage\",\"@id\":\"https:\/\/aviator-slotgame.com\/strategy-and-tactics\/\",\"url\":\"https:\/\/aviator-slotgame.com\/strategy-and-tactics\/\",\"name\":\"C\u0442\u0440\u0430\u0442\u0435\u0433\u0438\u0438 \u0438\u0433\u0440\u044b \u0410\u0432\u0438\u0430\u0442\u043e\u0440 \u2014 \u041a\u0430\u043a \u0432\u044b\u0438\u0433\u0440\u044b\u0432\u0430\u0442\u044c \u0434\u0435\u043d\u044c\u0433\u0438 \u0432 \u043a\u0440\u0430\u0448-\u0441\u043b\u043e\u0442\",\"isPartOf\":{\"@id\":\"https:\/\/aviator-slotgame.com\/#website\"},\"datePublished\":\"2024-09-06T08:55:11+00:00\",\"dateModified\":\"2024-10-03T23:03:12+00:00\",\"description\":\"\u0418\u0437\u0443\u0447\u0438\u0442\u0435 \u0441\u0442\u0440\u0430\u0442\u0435\u0433\u0438\u0438 \u0438 \u0442\u0430\u043a\u0442\u0438\u043a\u0438 \u0438\u0433\u0440\u044b \u0432 \u0441\u043b\u043e\u0442 \u0410\u0432\u0438\u0430\u0442\u043e\u0440. \u0423\u043f\u0440\u0430\u0432\u043b\u044f\u0439\u0442\u0435 \u0431\u0430\u043d\u043a\u0440\u043e\u043b\u043b\u043e\u043c, \u0438\u0441\u043f\u043e\u043b\u044c\u0437\u0443\u0439\u0442\u0435 \u043a\u043e\u044d\u0444\u0444\u0438\u0446\u0438\u0435\u043d\u0442\u044b \u0438 \u0443\u0432\u0435\u043b\u0438\u0447\u0438\u0432\u0430\u0439\u0442\u0435 \u0448\u0430\u043d\u0441\u044b \u043d\u0430 \u0432\u044b\u0438\u0433\u0440\u044b\u0448 \u0432 \u043a\u0440\u0430\u0448-\u0438\u0433\u0440\u0435 \u043d\u0430 \u0434\u0435\u043d\u044c\u0433\u0438.\",\"breadcrumb\":{\"@id\":\"https:\/\/aviator-slotgame.com\/strategy-and-tactics\/#breadcrumb\"},\"inLanguage\":\"et\",\"potentialAction\":[{\"@type\":\"ReadAction\",\"target\":[\"https:\/\/aviator-slotgame.com\/strategy-and-tactics\/\"]}]},{\"@type\":\"BreadcrumbList\",\"@id\":\"https:\/\/aviator-slotgame.com\/strategy-and-tactics\/#breadcrumb\",\"itemListElement\":[{\"@type\":\"ListItem\",\"position\":1,\"name\":\"Home\",\"item\":\"https:\/\/aviator-slotgame.com\/\"},{\"@type\":\"ListItem\",\"position\":2,\"name\":\"\u0421\u0442\u0440\u0430\u0442\u0435\u0433\u0438\u0438 \u0438 \u0442\u0430\u043a\u0442\u0438\u043a\u0438 \u0438\u0433\u0440\u044b Aviator\"}]},{\"@type\":\"WebSite\",\"@id\":\"https:\/\/aviator-slotgame.com\/#website\",\"url\":\"https:\/\/aviator-slotgame.com\/\",\"name\":\"Aviator\",\"description\":\"\",\"publisher\":{\"@id\":\"https:\/\/aviator-slotgame.com\/#organization\"},\"potentialAction\":[{\"@type\":\"SearchAction\",\"target\":{\"@type\":\"EntryPoint\",\"urlTemplate\":\"https:\/\/aviator-slotgame.com\/?s={search_term_string}\"},\"query-input\":\"required name=search_term_string\"}],\"inLanguage\":\"et\"},{\"@type\":\"Organization\",\"@id\":\"https:\/\/aviator-slotgame.com\/#organization\",\"name\":\"Aviator\",\"url\":\"https:\/\/aviator-slotgame.com\/\",\"logo\":{\"@type\":\"ImageObject\",\"inLanguage\":\"et\",\"@id\":\"https:\/\/aviator-slotgame.com\/#\/schema\/logo\/image\/\",\"url\":\"https:\/\/aviator-slotgame.com\/wp-content\/uploads\/16f5e8_dade544d4623411c9c4153c639aae85amv2.webp\",\"contentUrl\":\"https:\/\/aviator-slotgame.com\/wp-content\/uploads\/16f5e8_dade544d4623411c9c4153c639aae85amv2.webp\",\"width\":400,\"height\":300,\"caption\":\"Aviator\"},\"image\":{\"@id\":\"https:\/\/aviator-slotgame.com\/#\/schema\/logo\/image\/\"}}]}<\/script>\n<!-- \/ Yoast SEO plugin. -->","yoast_head_json":{"title":"C\u0442\u0440\u0430\u0442\u0435\u0433\u0438\u0438 \u0438\u0433\u0440\u044b \u0410\u0432\u0438\u0430\u0442\u043e\u0440 \u2014 \u041a\u0430\u043a \u0432\u044b\u0438\u0433\u0440\u044b\u0432\u0430\u0442\u044c \u0434\u0435\u043d\u044c\u0433\u0438 \u0432 \u043a\u0440\u0430\u0448-\u0441\u043b\u043e\u0442","description":"\u0418\u0437\u0443\u0447\u0438\u0442\u0435 \u0441\u0442\u0440\u0430\u0442\u0435\u0433\u0438\u0438 \u0438 \u0442\u0430\u043a\u0442\u0438\u043a\u0438 \u0438\u0433\u0440\u044b \u0432 \u0441\u043b\u043e\u0442 \u0410\u0432\u0438\u0430\u0442\u043e\u0440. \u0423\u043f\u0440\u0430\u0432\u043b\u044f\u0439\u0442\u0435 \u0431\u0430\u043d\u043a\u0440\u043e\u043b\u043b\u043e\u043c, \u0438\u0441\u043f\u043e\u043b\u044c\u0437\u0443\u0439\u0442\u0435 \u043a\u043e\u044d\u0444\u0444\u0438\u0446\u0438\u0435\u043d\u0442\u044b \u0438 \u0443\u0432\u0435\u043b\u0438\u0447\u0438\u0432\u0430\u0439\u0442\u0435 \u0448\u0430\u043d\u0441\u044b \u043d\u0430 \u0432\u044b\u0438\u0433\u0440\u044b\u0448 \u0432 \u043a\u0440\u0430\u0448-\u0438\u0433\u0440\u0435 \u043d\u0430 \u0434\u0435\u043d\u044c\u0433\u0438.","robots":{"index":"index","follow":"follow","max-snippet":"max-snippet:-1","max-image-preview":"max-image-preview:large","max-video-preview":"max-video-preview:-1"},"canonical":"https:\/\/aviator-slotgame.com\/et\/strategy-and-tactics\/","og_locale":"et_EE","og_type":"article","og_title":"C\u0442\u0440\u0430\u0442\u0435\u0433\u0438\u0438 \u0438\u0433\u0440\u044b \u0410\u0432\u0438\u0430\u0442\u043e\u0440 \u2014 \u041a\u0430\u043a \u0432\u044b\u0438\u0433\u0440\u044b\u0432\u0430\u0442\u044c \u0434\u0435\u043d\u044c\u0433\u0438 \u0432 \u043a\u0440\u0430\u0448-\u0441\u043b\u043e\u0442","og_description":"\u0418\u0437\u0443\u0447\u0438\u0442\u0435 \u0441\u0442\u0440\u0430\u0442\u0435\u0433\u0438\u0438 \u0438 \u0442\u0430\u043a\u0442\u0438\u043a\u0438 \u0438\u0433\u0440\u044b \u0432 \u0441\u043b\u043e\u0442 \u0410\u0432\u0438\u0430\u0442\u043e\u0440. \u0423\u043f\u0440\u0430\u0432\u043b\u044f\u0439\u0442\u0435 \u0431\u0430\u043d\u043a\u0440\u043e\u043b\u043b\u043e\u043c, \u0438\u0441\u043f\u043e\u043b\u044c\u0437\u0443\u0439\u0442\u0435 \u043a\u043e\u044d\u0444\u0444\u0438\u0446\u0438\u0435\u043d\u0442\u044b \u0438 \u0443\u0432\u0435\u043b\u0438\u0447\u0438\u0432\u0430\u0439\u0442\u0435 \u0448\u0430\u043d\u0441\u044b \u043d\u0430 \u0432\u044b\u0438\u0433\u0440\u044b\u0448 \u0432 \u043a\u0440\u0430\u0448-\u0438\u0433\u0440\u0435 \u043d\u0430 \u0434\u0435\u043d\u044c\u0433\u0438.","og_url":"https:\/\/aviator-slotgame.com\/et\/strategy-and-tactics\/","og_site_name":"Aviator","article_modified_time":"2024-10-03T23:03:12+00:00","twitter_card":"summary_large_image","twitter_misc":{"Est. reading time":"4 minutit"},"schema":{"@context":"https:\/\/schema.org","@graph":[{"@type":"WebPage","@id":"https:\/\/aviator-slotgame.com\/strategy-and-tactics\/","url":"https:\/\/aviator-slotgame.com\/strategy-and-tactics\/","name":"C\u0442\u0440\u0430\u0442\u0435\u0433\u0438\u0438 \u0438\u0433\u0440\u044b \u0410\u0432\u0438\u0430\u0442\u043e\u0440 \u2014 \u041a\u0430\u043a \u0432\u044b\u0438\u0433\u0440\u044b\u0432\u0430\u0442\u044c \u0434\u0435\u043d\u044c\u0433\u0438 \u0432 \u043a\u0440\u0430\u0448-\u0441\u043b\u043e\u0442","isPartOf":{"@id":"https:\/\/aviator-slotgame.com\/#website"},"datePublished":"2024-09-06T08:55:11+00:00","dateModified":"2024-10-03T23:03:12+00:00","description":"\u0418\u0437\u0443\u0447\u0438\u0442\u0435 \u0441\u0442\u0440\u0430\u0442\u0435\u0433\u0438\u0438 \u0438 \u0442\u0430\u043a\u0442\u0438\u043a\u0438 \u0438\u0433\u0440\u044b \u0432 \u0441\u043b\u043e\u0442 \u0410\u0432\u0438\u0430\u0442\u043e\u0440. \u0423\u043f\u0440\u0430\u0432\u043b\u044f\u0439\u0442\u0435 \u0431\u0430\u043d\u043a\u0440\u043e\u043b\u043b\u043e\u043c, \u0438\u0441\u043f\u043e\u043b\u044c\u0437\u0443\u0439\u0442\u0435 \u043a\u043e\u044d\u0444\u0444\u0438\u0446\u0438\u0435\u043d\u0442\u044b \u0438 \u0443\u0432\u0435\u043b\u0438\u0447\u0438\u0432\u0430\u0439\u0442\u0435 \u0448\u0430\u043d\u0441\u044b \u043d\u0430 \u0432\u044b\u0438\u0433\u0440\u044b\u0448 \u0432 \u043a\u0440\u0430\u0448-\u0438\u0433\u0440\u0435 \u043d\u0430 \u0434\u0435\u043d\u044c\u0433\u0438.","breadcrumb":{"@id":"https:\/\/aviator-slotgame.com\/strategy-and-tactics\/#breadcrumb"},"inLanguage":"et","potentialAction":[{"@type":"ReadAction","target":["https:\/\/aviator-slotgame.com\/strategy-and-tactics\/"]}]},{"@type":"BreadcrumbList","@id":"https:\/\/aviator-slotgame.com\/strategy-and-tactics\/#breadcrumb","itemListElement":[{"@type":"ListItem","position":1,"name":"Home","item":"https:\/\/aviator-slotgame.com\/"},{"@type":"ListItem","position":2,"name":"\u0421\u0442\u0440\u0430\u0442\u0435\u0433\u0438\u0438 \u0438 \u0442\u0430\u043a\u0442\u0438\u043a\u0438 \u0438\u0433\u0440\u044b Aviator"}]},{"@type":"WebSite","@id":"https:\/\/aviator-slotgame.com\/#website","url":"https:\/\/aviator-slotgame.com\/","name":"Aviator","description":"","publisher":{"@id":"https:\/\/aviator-slotgame.com\/#organization"},"potentialAction":[{"@type":"SearchAction","target":{"@type":"EntryPoint","urlTemplate":"https:\/\/aviator-slotgame.com\/?s={search_term_string}"},"query-input":"required name=search_term_string"}],"inLanguage":"et"},{"@type":"Organization","@id":"https:\/\/aviator-slotgame.com\/#organization","name":"Aviator","url":"https:\/\/aviator-slotgame.com\/","logo":{"@type":"ImageObject","inLanguage":"et","@id":"https:\/\/aviator-slotgame.com\/#\/schema\/logo\/image\/","url":"https:\/\/aviator-slotgame.com\/wp-content\/uploads\/16f5e8_dade544d4623411c9c4153c639aae85amv2.webp","contentUrl":"https:\/\/aviator-slotgame.com\/wp-content\/uploads\/16f5e8_dade544d4623411c9c4153c639aae85amv2.webp","width":400,"height":300,"caption":"Aviator"},"image":{"@id":"https:\/\/aviator-slotgame.com\/#\/schema\/logo\/image\/"}}]}},"amp_enabled":true,"_links":{"self":[{"href":"https:\/\/aviator-slotgame.com\/et\/wp-json\/wp\/v2\/pages\/230","targetHints":{"allow":["GET"]}}],"collection":[{"href":"https:\/\/aviator-slotgame.com\/et\/wp-json\/wp\/v2\/pages"}],"about":[{"href":"https:\/\/aviator-slotgame.com\/et\/wp-json\/wp\/v2\/types\/page"}],"author":[{"embeddable":true,"href":"https:\/\/aviator-slotgame.com\/et\/wp-json\/wp\/v2\/users\/1"}],"replies":[{"embeddable":true,"href":"https:\/\/aviator-slotgame.com\/et\/wp-json\/wp\/v2\/comments?post=230"}],"version-history":[{"count":14,"href":"https:\/\/aviator-slotgame.com\/et\/wp-json\/wp\/v2\/pages\/230\/revisions"}],"predecessor-version":[{"id":410,"href":"https:\/\/aviator-slotgame.com\/et\/wp-json\/wp\/v2\/pages\/230\/revisions\/410"}],"wp:attachment":[{"href":"https:\/\/aviator-slotgame.com\/et\/wp-json\/wp\/v2\/media?parent=230"}],"curies":[{"name":"wp","href":"https:\/\/api.w.org\/{rel}","templated":true}]}}