{"id":26,"date":"2024-01-31T12:57:07","date_gmt":"2024-01-31T12:57:07","guid":{"rendered":"https:\/\/aviator-slotgame.com\/?page_id=26"},"modified":"2024-10-03T23:16:00","modified_gmt":"2024-10-03T23:16:00","slug":"play-for-free","status":"publish","type":"page","link":"https:\/\/aviator-slotgame.com\/et\/kuidas-mangida-aviator-demo-tasuta\/","title":{"rendered":"Kuidas Aviatori demot tasuta m\u00e4ngida"},"content":{"rendered":"<div class=\"15bf1451c2adfca276d0f927ef064c47\" data-index=\"1\" style=\"float: none; margin:10px 0 10px 0; text-align:center;\">\n<div class=\"custom-play-button\">\r\n<center><a href=\"https:\/\/aviator-slotgame.com\/et\/play-game\/\" rel=\"nofollow\" target=\"_blank\">M\u00e4ngi n\u00fc\u00fcd<\/a><br><\/center>\r\n<\/div>\n<\/div>\n<p>Spribe m\u00e4ng Aviator on uus ja p\u00f5nev kasiinom\u00e4ng, mis v\u00f5imaldab m\u00e4ngijatel k\u00f5rgelt lennates kogeda v\u00f5idup\u00f5nevust. M\u00e4ngu demoversioon pakub m\u00e4ngijatele v\u00f5imalust m\u00e4ngu tasuta proovida, samas kui t\u00e4isversioon on saadaval paljudel tippkasiino saitidel. Tasuta Aviatori demo on suurep\u00e4rane viis m\u00e4ngu m\u00e4ngimise \u00f5ppimiseks enne t\u00e4isversioonile raha kulutamist ja see on l\u00f5bus viis veebis aega veeta ilma raha kulutamata.<\/p>\n<p>Selleks peate minema ametlikule Aviatori veebisaidile ja valima demom\u00e4ngure\u017eiimi. Demoversioonis saate m\u00e4ngida ilma p\u00e4risraha panustamata ja lihtsalt m\u00e4ngulusti nautida.<\/p>\n<p><img loading=\"lazy\" decoding=\"async\" title=\"M\u00e4ngige Aviatori demot\" src=\"https:\/\/aviator-slotgame.com\/wp-content\/uploads\/aviator-3.png\" alt=\"Kuidas Aviatori demot tasuta m\u00e4ngida\" width=\"800\" height=\"445\" \/><\/p>\n<h2>P\u00f5hijooned<\/h2>\n<p>Demoversioon tutvustab teile mitmeid olulisi m\u00e4ngumehaanikaid. Esmalt tasuta harjutades m\u00f5istate paremini m\u00e4ngu toimimist ja saate maksimeerida oma v\u00f5ite p\u00e4risrahaga m\u00e4ngides. Aviatori demo on ka suurep\u00e4rane v\u00f5imalus veidi l\u00f5butseda ilma raha v\u00f5i krediiti kulutamata.<\/p><div class=\"15bf1451c2adfca276d0f927ef064c47\" data-index=\"1\" style=\"float: none; margin:10px 0 10px 0; text-align:center;\">\n<div class=\"custom-play-button\">\r\n<center><a href=\"https:\/\/aviator-slotgame.com\/et\/play-game\/\" rel=\"nofollow\" target=\"_blank\">M\u00e4ngi n\u00fc\u00fcd<\/a><br><\/center>\r\n<\/div>\n<\/div>\n\n<h3>Topelt-alla nupud<\/h3>\n<p>Need nupud annavad teile v\u00f5imaluse oma panust kahekordistada, kui koefitsiendid on teie kasuks laotud. See v\u00f5ib suurendada teie v\u00f5itu, kuid suurendab ka riskitegurit.<\/p>\n<p>Soovitame harjutada m\u00f5lema nupu kasutamist demoversioonis, enne kui riskite saidi t\u00f5eliste krediitidega. Aviatori lennuk v\u00f5ib \u00e4ra lennata ajaga, mis kulub teise nupu vajutamiseks. Parimad Aviatori m\u00e4ngijad saavad m\u00f5lemad oma panused \u00fche sekundi jooksul v\u00e4lja maksta.<\/p>\n<h3>Edetabel<\/h3>\n<p>See funktsioon annab teile aimu, kui h\u00e4sti teie panused reaalajas teiste m\u00e4ngijatega v\u00f5rreldes on! See on suurep\u00e4rane viis motiveeritud p\u00fcsimiseks, kui j\u00f5uate tegeliku m\u00e4nguni. Demos on need m\u00e4ngijad simuleeritud, kuid saate aimu, millele t\u00e4helepanu p\u00f6\u00f6rata.<\/p>\n<h3>Panustamis- ja v\u00f5idulimiidid<\/h3>\n<p>Aviatori demo on hea koht, kus saate teada, millised on maksimaalsed ja minimaalsed panused, mida saate teha ning kui palju \u00f5nn teile raha toob. See teave on \u00e4\u00e4rmiselt oluline kahel p\u00f5hjusel. Esiteks saate t\u00e4isversiooni m\u00e4ngides teada oma m\u00e4ngu piire ja mitte \u00fcletada neid. Teiseks saate teada, mida oodata, kui kordaja hakkab t\u00f5usma.<\/p>\n<table>\n<tbody>\n<tr>\n<td><strong>M\u00c4NGU PIIRID<\/strong><\/td>\n<\/tr>\n<tr>\n<td><strong>Minimaalne pakkumine<\/strong><\/td>\n<td>0.10<\/td>\n<\/tr>\n<tr>\n<td><strong>Maksimaalne panus<\/strong><\/td>\n<td>100<\/td>\n<\/tr>\n<tr>\n<td><strong>Maksimaalne v\u00f5it<\/strong><\/td>\n<td>10,000<\/td>\n<\/tr>\n<\/tbody>\n<\/table>\n<p><img loading=\"lazy\" decoding=\"async\" src=\"https:\/\/aviator-slotgame.com\/wp-content\/uploads\/Aviator-12-800-x-600-\u043f\u0438\u043a\u0441.jpg\" alt=\"Panused ja v\u00f5idud\" width=\"800\" height=\"600\" \/><\/p>\n<h3>Automaatne esitus<\/h3>\n<p>Autoplay teeb automaatselt panused ja maksab teie eest raha v\u00e4lja vastavalt teie m\u00e4\u00e4ratud s\u00e4tetele. See v\u00f5imaldab teil istuda ja l\u00f5\u00f5gastuda, samal ajal kui m\u00e4ng Aviator teie eest t\u00f6\u00f6 \u00e4ra teeb. L\u00f5busaks ja harjutamiseks v\u00f5imaldab m\u00e4ng m\u00e4ngijatel proovida erinevaid seadete kombinatsioone.<\/p>\n<p>Aviatori demoversioonis on saadaval j\u00e4rgmised automaatesitusvalikud:<\/p>\n<ul>\n<li>Sularaha v\u00e4hendamise limiit<\/li>\n<li>V\u00f5idu limiit<\/li>\n<li>Limiit v\u00f5idu kohta<\/li>\n<li>Sularaha v\u00e4ljamakse kordaja<\/li>\n<\/ul>\n<p><img loading=\"lazy\" decoding=\"async\" src=\"https:\/\/aviator-slotgame.com\/wp-content\/uploads\/Aviator-15-800-x-600-\u043f\u0438\u043a\u0441.jpg\" alt=\"Automaatne esitamine Aviatoris\" width=\"800\" height=\"600\" \/><\/p>\n<h2>Funktsioonid ei sisaldu demoversioonis<\/h2>\n<p>Aviatori demol puudub \u00fcks oluline funktsioon. Seda lihtsalt ei saa modelleerida.<\/p>\n<h3>M\u00e4ngijad vestlevad<\/h3>\n<p>Aviatori t\u00e4isversioonis p\u00e4\u00e4sevad m\u00e4ngijad juurde m\u00e4ngusisesele vestluss\u00fcsteemile, et arutada strateegiat, kuritarvitamise kordistajaid, jagada n\u00e4pun\u00e4iteid ja nippe, uhkustada hiljutiste suurte v\u00f5itudega ja omavahel vestelda. See funktsioon pole demoversioonis saadaval.<\/p>\n<p>V\u00f5imalik, et te ei saa harjutada teiste m\u00e4ngijatega suhtlemist, kuid see on live-m\u00e4ngu \u00fcks olulisemaid aspekte. See on suurep\u00e4rane viis teiste m\u00e4ngijatega suhete loomiseks ja m\u00e4ngu kohta lisateabe saamiseks.<\/p>\n<h2>Aviatori tasuta demo v\u00f5rreldes tegeliku m\u00e4nguga<\/h2>\n<p>Aviatori demo on m\u00e4ngu tasuta versioon, mis v\u00f5imaldab harjutada ja proovida erinevaid strateegiaid. Demoversioon sisaldab k\u00f5iki t\u00e4isversioonis saadaolevaid funktsioone, kuid teatud piirangutega. N\u00e4iteks Aviatori demoversioonis ei saa te p\u00e4risraha teenida ega auhindu v\u00f5ita. Kui aga teile meeldib demoversiooni m\u00e4ngimine ja soovite kogeda selle p\u00f5neva m\u00e4ngu rohkem funktsioone, v\u00f5ite igal ajal p\u00e4rism\u00e4ngu m\u00e4ngimist j\u00e4tkata.<\/p>\n<p>Aviatori demoversioon sisaldab mitmeid \u00f5petusi ja n\u00e4pun\u00e4iteid, mis aitavad teil m\u00f5ista, kuidas t\u00f5husamalt m\u00e4ngida. Need aitavad teil parandada teie \u00fcldist m\u00e4ngukogemust, pakkudes uutele m\u00e4ngijatele h\u00f5lpsasti m\u00f5istetavaid juhiseid ja \u00f5petades uusi tehnikaid. Samuti saate vaadata nende voorude k\u00e4igus genereeritud RNG (Random Number Generator) andmeid, mis v\u00f5imaldavad teil tutvuda Spribe&#039;i kr\u00fcptotehnoloogiaga.<\/p>\n<table>\n<tbody>\n<tr>\n<td><strong>AVIATOR DEMO<\/strong><\/td>\n<td><strong>OTSEM\u00c4NG \u201cAVIATOR\u201d<\/strong><\/td>\n<\/tr>\n<tr>\n<td>M\u00e4ngi tasuta<\/td>\n<td>Vajalik saidi krediit<\/td>\n<\/tr>\n<tr>\n<td>Reaalajas vestlust pole<\/td>\n<td>Vestlus k\u00f5igile m\u00e4ngijatele<\/td>\n<\/tr>\n<tr>\n<td>V\u00f5itu pole<\/td>\n<td>V\u00f5it s\u00f5ltub kordajast<\/td>\n<\/tr>\n<tr>\n<td>Saate m\u00e4ngida ametlikul Spribe veebisaidil<\/td>\n<td>Saadaval ainult litsentseeritud online kasiinodes<\/td>\n<\/tr>\n<tr>\n<td>Simuleeritud m\u00e4ngijad edetabelis<\/td>\n<td>P\u00e4rism\u00e4ngijad teevad panuseid<\/td>\n<\/tr>\n<\/tbody>\n<\/table>\n<p>Kui m\u00e4ngite esmalt Aviatori demot, saate oma oskusi lihvida, enne kui asute teiste m\u00e4ngijatega kohtuma ja v\u00f5ite ka p\u00e4riselt v\u00f5ita!<\/p>\n<p><img loading=\"lazy\" decoding=\"async\" src=\"https:\/\/aviator-slotgame.com\/wp-content\/uploads\/Aviator-11-800-x-600-\u043f\u0438\u043a\u0441.jpg\" alt=\"Demoversioon Aviatoris\" width=\"800\" height=\"600\" \/><\/p>\n<h2>M\u00e4ngu Aviator demoversioon<\/h2>\n<p>Miks k\u00f5ik soovitavad teil esmalt tutvuda m\u00e4ngu Aviator demoversiooniga?<\/p>\n<ol>\n<li><strong>M\u00e4ngu tutvustus:<\/strong> M\u00e4ngu Aviator tasuta versioon aitab m\u00e4ngijatel tutvuda m\u00e4nguviisi, m\u00e4ngureeglite ja m\u00e4nguautomaatide funktsioonidega ilma oma rahaga riskimata.<\/li>\n<li><strong>Harjuta:<\/strong> Tasuta versiooni m\u00e4ngimine v\u00f5imaldab m\u00e4ngijatel enne p\u00e4risrahaga m\u00e4ngimist harjutada ja oma oskusi lihvida.<\/li>\n<li><strong>Huviskoor:<\/strong> Tasuta versiooni m\u00e4ngides saad hinnata, kui huvitav ja p\u00f5nev m\u00e4ng on, mis aitab sul otsustada, kas j\u00e4tkata p\u00e4risrahaga m\u00e4ngimist.<\/li>\n<li><strong>Mittefinantsriskid:<\/strong> Tasuta versioon v\u00e4listab m\u00e4ngija jaoks finantsriskid, kuna panused tehakse virtuaalsele rahale, mis v\u00f5imaldab m\u00e4ngu nautida pingevabalt.<\/li>\n<li><strong>Meelelahutus:<\/strong> Aviatori tasuta versiooni m\u00e4ngimine v\u00f5ib olla suurep\u00e4rane viis l\u00f5butseda ja aega veeta ilma raha investeerimata.<\/li>\n<\/ol>\n<p><img loading=\"lazy\" decoding=\"async\" src=\"https:\/\/aviator-slotgame.com\/wp-content\/uploads\/Aviator-30-800-x-600-\u043f\u0438\u043a\u0441.jpg\" alt=\"Demom\u00e4ng Aviator\" width=\"800\" height=\"600\" \/><\/p>\n<h2>Kust leida m\u00e4ngu Aviator demoversiooni?<\/h2>\n<p>Siin on \u00fcksikasjalikud juhised v\u00f5rgum\u00e4ngu Aviator demoversiooni leidmiseks:<\/p>\n<ol>\n<li>Avage oma seadmes Interneti-brauser ja minge selle kasiino ametlikule veebisaidile, kus soovite m\u00e4ngida.<\/li>\n<li>Kui teil on saidil juba konto, logige sisse oma mandaatide abil. Kui sul veel kontot pole, registreeru kasiino kodulehel.<\/li>\n<li>P\u00e4rast saidile sisenemist leidke krahhim\u00e4ngudega jaotis v\u00f5i kasutage otsinguriba. Tavaliselt pakutakse m\u00e4ngude demoversioone jaotises M\u00e4ngud.<\/li>\n<li>Leidke esitatud valikute hulgast m\u00e4ng Aviator ja kl\u00f5psake sellel.<\/li>\n<li>M\u00e4ngu teabest leiate tavaliselt nupu Esita v\u00f5i Demo. Kl\u00f5psake seda nuppu, et k\u00e4ivitada m\u00e4ngu Aviator demore\u017eiim.<\/li>\n<li>M\u00e4ngu demoversioon laaditakse alla ja saate m\u00e4ngida ilma p\u00e4risraha panustamata. Demore\u017eiimis kasutate Aviatori krahhim\u00e4ngu m\u00e4ngimiseks kasiino pakutavat virtuaalset raha.<\/li>\n<\/ol>\n<p>Seega saate neid samme j\u00e4rgides h\u00f5lpsasti leida ja m\u00e4ngida Aviatori m\u00e4ngu demoversiooni kasiino ametlikul veebisaidil<\/p>\n<p><img loading=\"lazy\" decoding=\"async\" src=\"https:\/\/aviator-slotgame.com\/wp-content\/uploads\/Aviator-31-800-x-600-\u043f\u0438\u043a\u0441.jpg\" alt=\"Leia demom\u00e4ng Aviator\" width=\"800\" height=\"600\" \/><\/p>\n\n<div style=\"font-size: 0px; height: 0px; line-height: 0px; margin: 0; padding: 0; clear: both;\"><\/div>","protected":false},"excerpt":{"rendered":"<p>Spribe&#039;s Aviator on uus ja p\u00f5nev kasiinom\u00e4ng, mis v\u00f5imaldab m\u00e4ngijatel kogeda v\u00f5idur\u00f5\u00f5mu<\/p>","protected":false},"author":1,"featured_media":0,"parent":0,"menu_order":0,"comment_status":"closed","ping_status":"closed","template":"","meta":{"footnotes":""},"class_list":["post-26","page","type-page","status-publish","hentry"],"yoast_head":"<!-- This site is optimized with the Yoast SEO plugin v22.0 - https:\/\/yoast.com\/wordpress\/plugins\/seo\/ -->\n<title>\u0414\u0435\u043c\u043e-\u0432\u0435\u0440\u0441\u0438\u044f \u0438\u0433\u0440\u044b \u0410\u0432\u0438\u0430\u0442\u043e\u0440 \u2014 \u0418\u0433\u0440\u0430\u0439\u0442\u0435 \u0432 \u043a\u0440\u0430\u0448-\u0441\u043b\u043e\u0442 \u0431\u0435\u0441\u043f\u043b\u0430\u0442\u043d\u043e<\/title>\n<meta name=\"description\" content=\"\u0418\u0433\u0440\u0430\u0439 \u0432 \u0434\u0435\u043c\u043e-\u0432\u0435\u0440\u0441\u0438\u044e \u0410\u0432\u0438\u0430\u0442\u043e\u0440 \u0431\u0435\u0441\u043f\u043b\u0430\u0442\u043d\u043e. \u0422\u0440\u0435\u043d\u0438\u0440\u0443\u0439\u0441\u044f \u0431\u0435\u0437 \u0434\u0435\u043d\u0435\u0433 \u0432 \u043a\u0440\u0430\u0448-\u0441\u043b\u043e\u0442\u0435 \u043e\u0442 Spribe \u043f\u0435\u0440\u0435\u0434 \u0438\u0433\u0440\u043e\u0439 \u043d\u0430 \u0440\u0435\u0430\u043b\u044c\u043d\u044b\u0435 \u0434\u0435\u043d\u044c\u0433\u0438 \u0432 \u043e\u043d\u043b\u0430\u0439\u043d \u043a\u0430\u0437\u0438\u043d\u043e.\" \/>\n<meta name=\"robots\" content=\"index, follow, max-snippet:-1, max-image-preview:large, max-video-preview:-1\" \/>\n<link rel=\"canonical\" href=\"https:\/\/aviator-slotgame.com\/et\/kuidas-mangida-aviator-demo-tasuta\/\" \/>\n<meta property=\"og:locale\" content=\"et_EE\" \/>\n<meta property=\"og:type\" content=\"article\" \/>\n<meta property=\"og:title\" content=\"\u0414\u0435\u043c\u043e-\u0432\u0435\u0440\u0441\u0438\u044f \u0438\u0433\u0440\u044b \u0410\u0432\u0438\u0430\u0442\u043e\u0440 \u2014 \u0418\u0433\u0440\u0430\u0439\u0442\u0435 \u0432 \u043a\u0440\u0430\u0448-\u0441\u043b\u043e\u0442 \u0431\u0435\u0441\u043f\u043b\u0430\u0442\u043d\u043e\" \/>\n<meta property=\"og:description\" content=\"\u0418\u0433\u0440\u0430\u0439 \u0432 \u0434\u0435\u043c\u043e-\u0432\u0435\u0440\u0441\u0438\u044e \u0410\u0432\u0438\u0430\u0442\u043e\u0440 \u0431\u0435\u0441\u043f\u043b\u0430\u0442\u043d\u043e. \u0422\u0440\u0435\u043d\u0438\u0440\u0443\u0439\u0441\u044f \u0431\u0435\u0437 \u0434\u0435\u043d\u0435\u0433 \u0432 \u043a\u0440\u0430\u0448-\u0441\u043b\u043e\u0442\u0435 \u043e\u0442 Spribe \u043f\u0435\u0440\u0435\u0434 \u0438\u0433\u0440\u043e\u0439 \u043d\u0430 \u0440\u0435\u0430\u043b\u044c\u043d\u044b\u0435 \u0434\u0435\u043d\u044c\u0433\u0438 \u0432 \u043e\u043d\u043b\u0430\u0439\u043d \u043a\u0430\u0437\u0438\u043d\u043e.\" \/>\n<meta property=\"og:url\" content=\"https:\/\/aviator-slotgame.com\/et\/kuidas-mangida-aviator-demo-tasuta\/\" \/>\n<meta property=\"og:site_name\" content=\"Aviator\" \/>\n<meta property=\"article:modified_time\" content=\"2024-10-03T23:16:00+00:00\" \/>\n<meta property=\"og:image\" content=\"https:\/\/aviator-slotgame.com\/wp-content\/uploads\/aviator-3.png\" \/>\n<meta name=\"twitter:card\" content=\"summary_large_image\" \/>\n<meta name=\"twitter:label1\" content=\"Est. reading time\" \/>\n\t<meta name=\"twitter:data1\" content=\"6 minutit\" \/>\n<script type=\"application\/ld+json\" class=\"yoast-schema-graph\">{\"@context\":\"https:\/\/schema.org\",\"@graph\":[{\"@type\":\"WebPage\",\"@id\":\"https:\/\/aviator-slotgame.com\/play-for-free\/\",\"url\":\"https:\/\/aviator-slotgame.com\/play-for-free\/\",\"name\":\"\u0414\u0435\u043c\u043e-\u0432\u0435\u0440\u0441\u0438\u044f \u0438\u0433\u0440\u044b \u0410\u0432\u0438\u0430\u0442\u043e\u0440 \u2014 \u0418\u0433\u0440\u0430\u0439\u0442\u0435 \u0432 \u043a\u0440\u0430\u0448-\u0441\u043b\u043e\u0442 \u0431\u0435\u0441\u043f\u043b\u0430\u0442\u043d\u043e\",\"isPartOf\":{\"@id\":\"https:\/\/aviator-slotgame.com\/#website\"},\"datePublished\":\"2024-01-31T12:57:07+00:00\",\"dateModified\":\"2024-10-03T23:16:00+00:00\",\"description\":\"\u0418\u0433\u0440\u0430\u0439 \u0432 \u0434\u0435\u043c\u043e-\u0432\u0435\u0440\u0441\u0438\u044e \u0410\u0432\u0438\u0430\u0442\u043e\u0440 \u0431\u0435\u0441\u043f\u043b\u0430\u0442\u043d\u043e. \u0422\u0440\u0435\u043d\u0438\u0440\u0443\u0439\u0441\u044f \u0431\u0435\u0437 \u0434\u0435\u043d\u0435\u0433 \u0432 \u043a\u0440\u0430\u0448-\u0441\u043b\u043e\u0442\u0435 \u043e\u0442 Spribe \u043f\u0435\u0440\u0435\u0434 \u0438\u0433\u0440\u043e\u0439 \u043d\u0430 \u0440\u0435\u0430\u043b\u044c\u043d\u044b\u0435 \u0434\u0435\u043d\u044c\u0433\u0438 \u0432 \u043e\u043d\u043b\u0430\u0439\u043d \u043a\u0430\u0437\u0438\u043d\u043e.\",\"breadcrumb\":{\"@id\":\"https:\/\/aviator-slotgame.com\/play-for-free\/#breadcrumb\"},\"inLanguage\":\"et\",\"potentialAction\":[{\"@type\":\"ReadAction\",\"target\":[\"https:\/\/aviator-slotgame.com\/play-for-free\/\"]}]},{\"@type\":\"BreadcrumbList\",\"@id\":\"https:\/\/aviator-slotgame.com\/play-for-free\/#breadcrumb\",\"itemListElement\":[{\"@type\":\"ListItem\",\"position\":1,\"name\":\"Home\",\"item\":\"https:\/\/aviator-slotgame.com\/\"},{\"@type\":\"ListItem\",\"position\":2,\"name\":\"\u041a\u0430\u043a \u0438\u0433\u0440\u0430\u0442\u044c \u0432 \u0434\u0435\u043c\u043e-\u0432\u0435\u0440\u0441\u0438\u044e \u0410\u0432\u0438\u0430\u0442\u043e\u0440\u0430 \u0431\u0435\u0441\u043f\u043b\u0430\u0442\u043d\u043e\"}]},{\"@type\":\"WebSite\",\"@id\":\"https:\/\/aviator-slotgame.com\/#website\",\"url\":\"https:\/\/aviator-slotgame.com\/\",\"name\":\"Aviator\",\"description\":\"\",\"publisher\":{\"@id\":\"https:\/\/aviator-slotgame.com\/#organization\"},\"potentialAction\":[{\"@type\":\"SearchAction\",\"target\":{\"@type\":\"EntryPoint\",\"urlTemplate\":\"https:\/\/aviator-slotgame.com\/?s={search_term_string}\"},\"query-input\":\"required name=search_term_string\"}],\"inLanguage\":\"et\"},{\"@type\":\"Organization\",\"@id\":\"https:\/\/aviator-slotgame.com\/#organization\",\"name\":\"Aviator\",\"url\":\"https:\/\/aviator-slotgame.com\/\",\"logo\":{\"@type\":\"ImageObject\",\"inLanguage\":\"et\",\"@id\":\"https:\/\/aviator-slotgame.com\/#\/schema\/logo\/image\/\",\"url\":\"https:\/\/aviator-slotgame.com\/wp-content\/uploads\/16f5e8_dade544d4623411c9c4153c639aae85amv2.webp\",\"contentUrl\":\"https:\/\/aviator-slotgame.com\/wp-content\/uploads\/16f5e8_dade544d4623411c9c4153c639aae85amv2.webp\",\"width\":400,\"height\":300,\"caption\":\"Aviator\"},\"image\":{\"@id\":\"https:\/\/aviator-slotgame.com\/#\/schema\/logo\/image\/\"}}]}<\/script>\n<!-- \/ Yoast SEO plugin. -->","yoast_head_json":{"title":"\u0414\u0435\u043c\u043e-\u0432\u0435\u0440\u0441\u0438\u044f \u0438\u0433\u0440\u044b \u0410\u0432\u0438\u0430\u0442\u043e\u0440 \u2014 \u0418\u0433\u0440\u0430\u0439\u0442\u0435 \u0432 \u043a\u0440\u0430\u0448-\u0441\u043b\u043e\u0442 \u0431\u0435\u0441\u043f\u043b\u0430\u0442\u043d\u043e","description":"\u0418\u0433\u0440\u0430\u0439 \u0432 \u0434\u0435\u043c\u043e-\u0432\u0435\u0440\u0441\u0438\u044e \u0410\u0432\u0438\u0430\u0442\u043e\u0440 \u0431\u0435\u0441\u043f\u043b\u0430\u0442\u043d\u043e. \u0422\u0440\u0435\u043d\u0438\u0440\u0443\u0439\u0441\u044f \u0431\u0435\u0437 \u0434\u0435\u043d\u0435\u0433 \u0432 \u043a\u0440\u0430\u0448-\u0441\u043b\u043e\u0442\u0435 \u043e\u0442 Spribe \u043f\u0435\u0440\u0435\u0434 \u0438\u0433\u0440\u043e\u0439 \u043d\u0430 \u0440\u0435\u0430\u043b\u044c\u043d\u044b\u0435 \u0434\u0435\u043d\u044c\u0433\u0438 \u0432 \u043e\u043d\u043b\u0430\u0439\u043d \u043a\u0430\u0437\u0438\u043d\u043e.","robots":{"index":"index","follow":"follow","max-snippet":"max-snippet:-1","max-image-preview":"max-image-preview:large","max-video-preview":"max-video-preview:-1"},"canonical":"https:\/\/aviator-slotgame.com\/et\/kuidas-mangida-aviator-demo-tasuta\/","og_locale":"et_EE","og_type":"article","og_title":"\u0414\u0435\u043c\u043e-\u0432\u0435\u0440\u0441\u0438\u044f \u0438\u0433\u0440\u044b \u0410\u0432\u0438\u0430\u0442\u043e\u0440 \u2014 \u0418\u0433\u0440\u0430\u0439\u0442\u0435 \u0432 \u043a\u0440\u0430\u0448-\u0441\u043b\u043e\u0442 \u0431\u0435\u0441\u043f\u043b\u0430\u0442\u043d\u043e","og_description":"\u0418\u0433\u0440\u0430\u0439 \u0432 \u0434\u0435\u043c\u043e-\u0432\u0435\u0440\u0441\u0438\u044e \u0410\u0432\u0438\u0430\u0442\u043e\u0440 \u0431\u0435\u0441\u043f\u043b\u0430\u0442\u043d\u043e. \u0422\u0440\u0435\u043d\u0438\u0440\u0443\u0439\u0441\u044f \u0431\u0435\u0437 \u0434\u0435\u043d\u0435\u0433 \u0432 \u043a\u0440\u0430\u0448-\u0441\u043b\u043e\u0442\u0435 \u043e\u0442 Spribe \u043f\u0435\u0440\u0435\u0434 \u0438\u0433\u0440\u043e\u0439 \u043d\u0430 \u0440\u0435\u0430\u043b\u044c\u043d\u044b\u0435 \u0434\u0435\u043d\u044c\u0433\u0438 \u0432 \u043e\u043d\u043b\u0430\u0439\u043d \u043a\u0430\u0437\u0438\u043d\u043e.","og_url":"https:\/\/aviator-slotgame.com\/et\/kuidas-mangida-aviator-demo-tasuta\/","og_site_name":"Aviator","article_modified_time":"2024-10-03T23:16:00+00:00","og_image":[{"url":"https:\/\/aviator-slotgame.com\/wp-content\/uploads\/aviator-3.png"}],"twitter_card":"summary_large_image","twitter_misc":{"Est. reading time":"6 minutit"},"schema":{"@context":"https:\/\/schema.org","@graph":[{"@type":"WebPage","@id":"https:\/\/aviator-slotgame.com\/play-for-free\/","url":"https:\/\/aviator-slotgame.com\/play-for-free\/","name":"\u0414\u0435\u043c\u043e-\u0432\u0435\u0440\u0441\u0438\u044f \u0438\u0433\u0440\u044b \u0410\u0432\u0438\u0430\u0442\u043e\u0440 \u2014 \u0418\u0433\u0440\u0430\u0439\u0442\u0435 \u0432 \u043a\u0440\u0430\u0448-\u0441\u043b\u043e\u0442 \u0431\u0435\u0441\u043f\u043b\u0430\u0442\u043d\u043e","isPartOf":{"@id":"https:\/\/aviator-slotgame.com\/#website"},"datePublished":"2024-01-31T12:57:07+00:00","dateModified":"2024-10-03T23:16:00+00:00","description":"\u0418\u0433\u0440\u0430\u0439 \u0432 \u0434\u0435\u043c\u043e-\u0432\u0435\u0440\u0441\u0438\u044e \u0410\u0432\u0438\u0430\u0442\u043e\u0440 \u0431\u0435\u0441\u043f\u043b\u0430\u0442\u043d\u043e. \u0422\u0440\u0435\u043d\u0438\u0440\u0443\u0439\u0441\u044f \u0431\u0435\u0437 \u0434\u0435\u043d\u0435\u0433 \u0432 \u043a\u0440\u0430\u0448-\u0441\u043b\u043e\u0442\u0435 \u043e\u0442 Spribe \u043f\u0435\u0440\u0435\u0434 \u0438\u0433\u0440\u043e\u0439 \u043d\u0430 \u0440\u0435\u0430\u043b\u044c\u043d\u044b\u0435 \u0434\u0435\u043d\u044c\u0433\u0438 \u0432 \u043e\u043d\u043b\u0430\u0439\u043d \u043a\u0430\u0437\u0438\u043d\u043e.","breadcrumb":{"@id":"https:\/\/aviator-slotgame.com\/play-for-free\/#breadcrumb"},"inLanguage":"et","potentialAction":[{"@type":"ReadAction","target":["https:\/\/aviator-slotgame.com\/play-for-free\/"]}]},{"@type":"BreadcrumbList","@id":"https:\/\/aviator-slotgame.com\/play-for-free\/#breadcrumb","itemListElement":[{"@type":"ListItem","position":1,"name":"Home","item":"https:\/\/aviator-slotgame.com\/"},{"@type":"ListItem","position":2,"name":"\u041a\u0430\u043a \u0438\u0433\u0440\u0430\u0442\u044c \u0432 \u0434\u0435\u043c\u043e-\u0432\u0435\u0440\u0441\u0438\u044e \u0410\u0432\u0438\u0430\u0442\u043e\u0440\u0430 \u0431\u0435\u0441\u043f\u043b\u0430\u0442\u043d\u043e"}]},{"@type":"WebSite","@id":"https:\/\/aviator-slotgame.com\/#website","url":"https:\/\/aviator-slotgame.com\/","name":"Aviator","description":"","publisher":{"@id":"https:\/\/aviator-slotgame.com\/#organization"},"potentialAction":[{"@type":"SearchAction","target":{"@type":"EntryPoint","urlTemplate":"https:\/\/aviator-slotgame.com\/?s={search_term_string}"},"query-input":"required name=search_term_string"}],"inLanguage":"et"},{"@type":"Organization","@id":"https:\/\/aviator-slotgame.com\/#organization","name":"Aviator","url":"https:\/\/aviator-slotgame.com\/","logo":{"@type":"ImageObject","inLanguage":"et","@id":"https:\/\/aviator-slotgame.com\/#\/schema\/logo\/image\/","url":"https:\/\/aviator-slotgame.com\/wp-content\/uploads\/16f5e8_dade544d4623411c9c4153c639aae85amv2.webp","contentUrl":"https:\/\/aviator-slotgame.com\/wp-content\/uploads\/16f5e8_dade544d4623411c9c4153c639aae85amv2.webp","width":400,"height":300,"caption":"Aviator"},"image":{"@id":"https:\/\/aviator-slotgame.com\/#\/schema\/logo\/image\/"}}]}},"amp_enabled":true,"_links":{"self":[{"href":"https:\/\/aviator-slotgame.com\/et\/wp-json\/wp\/v2\/pages\/26","targetHints":{"allow":["GET"]}}],"collection":[{"href":"https:\/\/aviator-slotgame.com\/et\/wp-json\/wp\/v2\/pages"}],"about":[{"href":"https:\/\/aviator-slotgame.com\/et\/wp-json\/wp\/v2\/types\/page"}],"author":[{"embeddable":true,"href":"https:\/\/aviator-slotgame.com\/et\/wp-json\/wp\/v2\/users\/1"}],"replies":[{"embeddable":true,"href":"https:\/\/aviator-slotgame.com\/et\/wp-json\/wp\/v2\/comments?post=26"}],"version-history":[{"count":19,"href":"https:\/\/aviator-slotgame.com\/et\/wp-json\/wp\/v2\/pages\/26\/revisions"}],"predecessor-version":[{"id":412,"href":"https:\/\/aviator-slotgame.com\/et\/wp-json\/wp\/v2\/pages\/26\/revisions\/412"}],"wp:attachment":[{"href":"https:\/\/aviator-slotgame.com\/et\/wp-json\/wp\/v2\/media?parent=26"}],"curies":[{"name":"wp","href":"https:\/\/api.w.org\/{rel}","templated":true}]}}