{"id":263,"date":"2024-09-06T14:43:40","date_gmt":"2024-09-06T14:43:40","guid":{"rendered":"https:\/\/aviator-slotgame.com\/?page_id=263"},"modified":"2024-09-08T10:40:25","modified_gmt":"2024-09-08T10:40:25","slug":"aviator","status":"publish","type":"page","link":"https:\/\/aviator-slotgame.com\/et\/aviator\/","title":{"rendered":"Reeglid, funktsioonid ja v\u00f5idud avariim\u00e4ngus raha eest"},"content":{"rendered":"<div class=\"15bf1451c2adfca276d0f927ef064c47\" data-index=\"1\" style=\"float: none; margin:10px 0 10px 0; text-align:center;\">\n<div class=\"custom-play-button\">\r\n<center><a href=\"https:\/\/aviator-slotgame.com\/et\/play-game\/\" rel=\"nofollow\" target=\"_blank\">M\u00e4ngi n\u00fc\u00fcd<\/a><br><\/center>\r\n<\/div>\n<\/div>\n<h1><\/h1>\n<p><img loading=\"lazy\" decoding=\"async\" class=\"alignnone size-full wp-image-264\" src=\"https:\/\/aviator-slotgame.com\/wp-content\/uploads\/Aviator-7-800-x-600-\u043f\u0438\u043a\u0441.jpg\" alt=\"Online slot Aviator \u2013 m\u00e4ngi kasiinos p\u00e4risraha eest \" width=\"800\" height=\"600\" srcset=\"https:\/\/aviator-slotgame.com\/wp-content\/uploads\/Aviator-7-800-x-600-\u043f\u0438\u043a\u0441.jpg 800w, https:\/\/aviator-slotgame.com\/wp-content\/uploads\/Aviator-7-800-x-600-\u043f\u0438\u043a\u0441-300x225.jpg 300w, https:\/\/aviator-slotgame.com\/wp-content\/uploads\/Aviator-7-800-x-600-\u043f\u0438\u043a\u0441-768x576.jpg 768w, https:\/\/aviator-slotgame.com\/wp-content\/uploads\/Aviator-7-800-x-600-\u043f\u0438\u043a\u0441-16x12.jpg 16w\" sizes=\"auto, (max-width: 800px) 100vw, 800px\" \/><\/p>\n<h2>Mis on online-avariim\u00e4ng Aviator?<\/h2>\n<p>Aviator on \u00fcks populaarsemaid m\u00e4nge, mille on v\u00e4lja t\u00f6\u00f6tanud Spribe stuudio. Juhusliku arvu generaatori baasil loodud uus toode kaasaegsel turul k\u00f6idab m\u00e4ngijat algusest peale. V\u00f5itja selgub juhusliku valiku teel! See hoiab m\u00e4ngu ausana ja n\u00e4itab m\u00e4ngijale, et tema panus ei s\u00f5ltu m\u00e4ngu platvormist ega loost. Aviator erineb teistest populaarsetest krahhim\u00e4ngudest oma algse m\u00e4nguviisi poolest. M\u00e4ng k\u00f6idab ka oma \u00fcsna lihtsate reeglite ja reaalse raha teenimise v\u00f5imalusega, mis teeb selle populaarseks m\u00e4ngurite seas ning eriti lennukite ja k\u00f5ige lendamisega seonduva f\u00e4nnide seas!<\/p>\n<p>M\u00e4ngu olemus seisneb selles, et kasutajal peab olema aega enne lennuki \u00e4ralendu oma panus salvestada, nullides sellega m\u00e4ngija koefitsiendi.<\/p>\n<p>Spribe on tuntud ettev\u00f5te, mis on spetsialiseerunud uuenduslike online m\u00e4ngude ja hasartm\u00e4nguplatvormide arendamisele, nende m\u00e4ngud on populaarsed m\u00e4ngurite seas \u00fcle maailma. Ettev\u00f5te asutati 2018. aastal ning suutis l\u00fchikese ajaga v\u00f5ita m\u00e4ngijate ja online kasiinode operaatorite seas populaarsust t\u00e4nu p\u00f5nevale m\u00e4ngumehaanikale ning v\u00f5imalusele m\u00e4ngida nii raha peale kui ka demore\u017eiimis.<\/p><div class=\"15bf1451c2adfca276d0f927ef064c47\" data-index=\"1\" style=\"float: none; margin:10px 0 10px 0; text-align:center;\">\n<div class=\"custom-play-button\">\r\n<center><a href=\"https:\/\/aviator-slotgame.com\/et\/play-game\/\" rel=\"nofollow\" target=\"_blank\">M\u00e4ngi n\u00fc\u00fcd<\/a><br><\/center>\r\n<\/div>\n<\/div>\n\n<h2>Veebim\u00e4ngu Aviator populaarsuse p\u00f5hjused<\/h2>\n<p>Mis teeb m\u00e4ngu Aviator hasartrite seas nii populaarseks?<\/p>\n<ol>\n<li>Reeglite lihtsus: M\u00e4ngul Aviator on lihtsad ja arusaadavad reeglid, mis teeb selle k\u00e4ttesaadavaks paljudele m\u00e4ngijatele, olenemata nende kogemustest ja treenituse tasemest.<\/li>\n<\/ol>\n<p>Demore\u017eiim: kui te ei soovi oma rahaga riskida ja kardate alustada, vaadake seda ja proovige end tasuta re\u017eiimis. Te ei investeeri p\u00e4ris raha. &quot;L\u00f5bus re\u017eiim&quot; v\u00f5imaldab m\u00e4ngijatel m\u00e4ngule l\u00e4hemale j\u00f5uda ilma oma s\u00e4\u00e4studega riskimata.<\/p>\n<p>Kiirete v\u00f5itude v\u00f5imalus: Aviatori hasartm\u00e4ng pakub v\u00f5imalust kiiresti v\u00f5ita, mis meelitab ligi palju p\u00f5nevust ja adrenaliini otsivaid m\u00e4ngijaid.<\/p>\n<p>Erinevad panused: M\u00e4ng Aviator pakub erinevaid panuset\u00fc\u00fcpe, v\u00f5imaldades m\u00e4ngijatel valida endale sobiva riskitaseme ja v\u00f5imaliku tasu.<\/p>\n<p>Internetis m\u00e4ngimise v\u00f5imalus: M\u00e4ng Aviator on saadaval v\u00f5rguvormingus, mis teeb selle m\u00e4ngimiseks k\u00e4ttesaadavaks igal sobival ajal ja k\u00f5ikjal maailmas.<\/p>\n<p>Mugavus ja juurdep\u00e4\u00e4setavus: v\u00f5rgum\u00e4ng Aviator v\u00f5imaldab m\u00e4ngijatel nautida p\u00f5nevust otse kodust v\u00f5i mujalt ilma kodust lahkumata. See muudab m\u00e4ngu mugavaks ja k\u00e4ttesaadavaks paljudele m\u00e4ngijatele.<\/p>\n<p>Boonused ja eripakkumised: Paljud online kasiinod, mis pakuvad m\u00e4ngu Aviator, pakuvad sageli erinevaid boonuseid, soodustusi ja eripakkumisi, et meelitada ligi uusi m\u00e4ngijaid ja premeerida tavalisi. See muudab m\u00e4ngu veelgi ahvatlevamaks.<\/p>\n<p>Graafika ja helikujundus: Kaasaegsed online kasiinod pakuvad m\u00e4ngude, sealhulgas m\u00e4ngu Aviator jaoks tavaliselt kvaliteetset graafikat ja helikujundust. Ja d\u00fcnaamiline ja p\u00f5nev m\u00e4nguviis ei lase m\u00e4ngijatel kindlasti igavleda ning s\u00e4ilitab m\u00e4ngu vastu huvi kogu aja.<\/p>\n<p>Mobiilne m\u00e4ngitavus: Paljud online kasiinod pakuvad Aviatori m\u00e4ngu mobiilseadmetega \u00fchilduvas vormingus, mis v\u00f5imaldab m\u00e4ngijatel m\u00e4ngu nautida igal ajal ja igal pool. \u00c4rge unustage veenduda, et teie mobiilseadmes on hea Interneti-\u00fchendus ja piisav laetus!<\/p>\n<p>&nbsp;<\/p>\n<h2>Aviatori hasartm\u00e4ngureeglid<\/h2>\n<p>M\u00e4ngul on lihtsad ja selged reeglid, kus kasutaja panustab kindlale tulemusele ja v\u00f5idab oma panuse koefitsiendiga korrutades. Saate m\u00e4ngida kas manuaalre\u017eiimis, tehes ise panuseid, v\u00f5i automaatre\u017eiimis, kui m\u00e4ng teeb teie eest panuseid teie m\u00e4\u00e4ratud parameetrite alusel.<\/p>\n<h3>M\u00e4ngu reeglid<\/h3>\n<p>M\u00e4ngu Aviator m\u00e4ngimise alustamiseks peate j\u00e4rgima neid samme:<\/p>\n<ol>\n<li>Leidke veebikasiino v\u00f5i m\u00e4nguplatvorm, mis pakub Aviatori m\u00e4ngu.<\/li>\n<li>Registreeruge enda valitud platvormil, luues konto ja esitades vajaliku teabe.<\/li>\n<li>T\u00e4iendage oma m\u00e4ngukontot rahaga, et saaksite m\u00e4ngus panuseid teha.<\/li>\n<li>Leidke platvormilt m\u00e4ng Aviator ja valige oma panus.<\/li>\n<li>M\u00e4ng algab m\u00e4ngija panuse tegemisega.<\/li>\n<li>J\u00e4rgige ekraanil kuvatavaid reegleid ja juhiseid ning kontrollige m\u00e4nguprotsessi, kl\u00f5psates vastavatel nuppudel.<\/li>\n<li>P\u00e4rast panuse tegemist hakkab lennuk koefitsientide skaalal \u00fcles v\u00f5i alla liikuma.<\/li>\n<li>M\u00e4ngija v\u00f5ib igal ajal kl\u00f5psata nupul V\u00e4ljamakse, et m\u00e4ng l\u00f5petada ja saada v\u00f5idud, mis on korrutatud praeguse koefitsiendiga, v\u00f5i j\u00e4tkata m\u00e4ngu ja oodata v\u00f5idu suurendamist. Proovige ennustada, millal oma v\u00f5it v\u00e4lja v\u00f5tta, et v\u00e4ltida panuse tegemist l\u00e4htestada.<\/li>\n<li>Kui m\u00e4ngija ei kl\u00f5psa nuppu Take Winnings ja lennuk j\u00f5uab koefitsientide skaala l\u00f5ppu, nullitakse panus ja m\u00e4ngija ei saa v\u00f5itu k\u00e4tte.<\/li>\n<li>M\u00e4ngu eesm\u00e4rk on v\u00f5tta oma v\u00f5idud \u00f5igel ajal ja v\u00e4ltida panuse nullimist.<\/li>\n<\/ol>\n<p>\u00c4rge unustage m\u00e4ngida vastutustundlikult, panustada ainult rahasummale, mille olete n\u00f5us kaotama, ja kontrollige oma hasartm\u00e4ngutegevust.<\/p>\n<p>V\u00f5ttes arvesse lennuki ainulaadset trajektoori, muutub m\u00e4ng m\u00e4ngijate jaoks veelgi huvitavamaks ja p\u00f5nevamaks. Samal ajal on oluline olla oma panuste suhtes t\u00e4helepanelik ja oma tegevusi kontrollida, et s\u00e4ilitada p\u00f5nevust p\u00e4risrahaga m\u00e4ngimisest.<\/p>\n<p>Veebim\u00e4ngu Aviator peamised omadused<\/p>\n<table>\n<tbody>\n<tr>\n<td>RTP<\/td>\n<td>96,49%, 96,48%, 95,45%<\/td>\n<\/tr>\n<tr>\n<td>Arendaja<\/td>\n<td>Stuudio Spribe<\/td>\n<\/tr>\n<tr>\n<td>Tasuta keerutused<\/td>\n<td>Ei<\/td>\n<\/tr>\n<tr>\n<td>Boonusm\u00e4ng<\/td>\n<td>Ei<\/td>\n<\/tr>\n<tr>\n<td>Minimaalne pakkumine<\/td>\n<td>0,1$<\/td>\n<\/tr>\n<tr>\n<td>Maksimaalne panus<\/td>\n<td>100$<\/td>\n<\/tr>\n<\/tbody>\n<\/table>\n<p>&nbsp;<\/p>\n<h2>Boonused hasartm\u00e4ngus Aviator<\/h2>\n<p>Aviatori online-m\u00e4ngu boonuseid ja allahindlusi saab m\u00e4ngijatele pakkuda erinevatel viisidel, olenevalt m\u00e4nguplatvormist v\u00f5i kasiinost.<\/p>\n<p>Siin on m\u00f5ned v\u00f5imalikud boonused ja allahindlused, mis v\u00f5ivad Aviatori m\u00e4ngus saadaval olla:<\/p>\n<h3>Tervitusboonused<\/h3>\n<p>uutele m\u00e4ngijatele v\u00f5idakse platvormile registreerumisel pakkuda eriboonuseid, n\u00e4iteks lisaraha kontole v\u00f5i tasuta keerutusi.<\/p>\n<h3>Sissemakse boonused<\/h3>\n<p>m\u00e4ngijad saavad boonuseid, kui nad t\u00e4idavad oma m\u00e4ngukontot teatud summa v\u00f5rra.<\/p>\n<h3>Kampaaniad<\/h3>\n<p>kasiinod v\u00f5i m\u00e4nguplatvormid v\u00f5ivad korraldada ajutisi kampaaniaid, mis pakuvad Aviatori m\u00e4ngus osalevatele m\u00e4ngijatele erinevaid boonuseid ja allahindlusi.<\/p>\n<h3>VIP programmid<\/h3>\n<p>M\u00f5ned platvormid v\u00f5ivad pakkuda m\u00e4ngijatele osalemist VIP-programmides, kus on saadaval lisaboonused, rahatagastus ja muud h\u00fcved.<\/p>\n<h3>Raha tagasi<\/h3>\n<p>m\u00e4ngijatel v\u00f5ib olla v\u00f5imalus boonusprogrammi raames saada osa oma kaotatud rahast raha tagasi.<\/p>\n<p>Enne m\u00e4ngu Aviator boonustest ja allahindlustest osav\u00f5tmist on oluline tingimused ja n\u00f5uded hoolikalt \u00fcle vaadata, et m\u00f5istaksite, kuidas need toimivad ja mida teilt nende t\u00e4ieliku h\u00fcve saamiseks n\u00f5utakse.<\/p>\n\n<div style=\"font-size: 0px; height: 0px; line-height: 0px; margin: 0; padding: 0; clear: both;\"><\/div>","protected":false},"excerpt":{"rendered":"<p>Mis on online-avariim\u00e4ng Aviator? Aviator on \u00fcks populaarsemaid m\u00e4nge, mille on v\u00e4lja t\u00f6\u00f6tanud Spribe stuudio. Uus kaasaegsel turul,<\/p>","protected":false},"author":1,"featured_media":0,"parent":0,"menu_order":0,"comment_status":"closed","ping_status":"closed","template":"","meta":{"footnotes":""},"class_list":["post-263","page","type-page","status-publish","hentry"],"yoast_head":"<!-- This site is optimized with the Yoast SEO plugin v22.0 - https:\/\/yoast.com\/wordpress\/plugins\/seo\/ -->\n<title>\u041e\u043d\u043b\u0430\u0439\u043d \u0441\u043b\u043e\u0442 \u0410\u0432\u0438\u0430\u0442\u043e\u0440 \u2014 \u0418\u0433\u0440\u0430\u0439 \u043d\u0430 \u0440\u0435\u0430\u043b\u044c\u043d\u044b\u0435 \u0434\u0435\u043d\u044c\u0433\u0438 \u0432 \u043a\u0430\u0437\u0438\u043d\u043e<\/title>\n<meta name=\"description\" content=\"\u0423\u0437\u043d\u0430\u0439\u0442\u0435 \u0432\u0441\u0435 \u043e \u043a\u0440\u0430\u0448-\u0438\u0433\u0440\u0435 \u0410\u0432\u0438\u0430\u0442\u043e\u0440: \u043f\u0440\u0430\u0432\u0438\u043b\u0430, \u0431\u043e\u043d\u0443\u0441\u044b, \u043e\u0441\u043e\u0431\u0435\u043d\u043d\u043e\u0441\u0442\u0438 \u0438 \u0445\u0430\u0440\u0430\u043a\u0442\u0435\u0440\u0438\u0441\u0442\u0438\u043a\u0438 \u0438\u0433\u0440\u044b \u0434\u043b\u044f \u0443\u0432\u0435\u043b\u0438\u0447\u0435\u043d\u0438\u0435 \u043f\u0440\u0438\u0431\u044b\u043b\u0438 \u0432 \u043a\u0430\u0437\u0438\u043d\u043e. \u0418\u0433\u0440\u0430\u0439 \u0432 Aviator \u043e\u0442 Spribe \u0432 \u043e\u043d\u043b\u0430\u0439\u043d\u0435.\" \/>\n<meta name=\"robots\" content=\"index, follow, max-snippet:-1, max-image-preview:large, max-video-preview:-1\" \/>\n<link rel=\"canonical\" href=\"https:\/\/aviator-slotgame.com\/et\/aviator\/\" \/>\n<meta property=\"og:locale\" content=\"et_EE\" \/>\n<meta property=\"og:type\" content=\"article\" \/>\n<meta property=\"og:title\" content=\"\u041e\u043d\u043b\u0430\u0439\u043d \u0441\u043b\u043e\u0442 \u0410\u0432\u0438\u0430\u0442\u043e\u0440 \u2014 \u0418\u0433\u0440\u0430\u0439 \u043d\u0430 \u0440\u0435\u0430\u043b\u044c\u043d\u044b\u0435 \u0434\u0435\u043d\u044c\u0433\u0438 \u0432 \u043a\u0430\u0437\u0438\u043d\u043e\" \/>\n<meta property=\"og:description\" content=\"\u0423\u0437\u043d\u0430\u0439\u0442\u0435 \u0432\u0441\u0435 \u043e \u043a\u0440\u0430\u0448-\u0438\u0433\u0440\u0435 \u0410\u0432\u0438\u0430\u0442\u043e\u0440: \u043f\u0440\u0430\u0432\u0438\u043b\u0430, \u0431\u043e\u043d\u0443\u0441\u044b, \u043e\u0441\u043e\u0431\u0435\u043d\u043d\u043e\u0441\u0442\u0438 \u0438 \u0445\u0430\u0440\u0430\u043a\u0442\u0435\u0440\u0438\u0441\u0442\u0438\u043a\u0438 \u0438\u0433\u0440\u044b \u0434\u043b\u044f \u0443\u0432\u0435\u043b\u0438\u0447\u0435\u043d\u0438\u0435 \u043f\u0440\u0438\u0431\u044b\u043b\u0438 \u0432 \u043a\u0430\u0437\u0438\u043d\u043e. \u0418\u0433\u0440\u0430\u0439 \u0432 Aviator \u043e\u0442 Spribe \u0432 \u043e\u043d\u043b\u0430\u0439\u043d\u0435.\" \/>\n<meta property=\"og:url\" content=\"https:\/\/aviator-slotgame.com\/et\/aviator\/\" \/>\n<meta property=\"og:site_name\" content=\"Aviator\" \/>\n<meta property=\"article:modified_time\" content=\"2024-09-08T10:40:25+00:00\" \/>\n<meta name=\"twitter:card\" content=\"summary_large_image\" \/>\n<meta name=\"twitter:label1\" content=\"Est. reading time\" \/>\n\t<meta name=\"twitter:data1\" content=\"5 minutit\" \/>\n<script type=\"application\/ld+json\" class=\"yoast-schema-graph\">{\"@context\":\"https:\/\/schema.org\",\"@graph\":[{\"@type\":\"WebPage\",\"@id\":\"https:\/\/aviator-slotgame.com\/aviator\/\",\"url\":\"https:\/\/aviator-slotgame.com\/aviator\/\",\"name\":\"\u041e\u043d\u043b\u0430\u0439\u043d \u0441\u043b\u043e\u0442 \u0410\u0432\u0438\u0430\u0442\u043e\u0440 \u2014 \u0418\u0433\u0440\u0430\u0439 \u043d\u0430 \u0440\u0435\u0430\u043b\u044c\u043d\u044b\u0435 \u0434\u0435\u043d\u044c\u0433\u0438 \u0432 \u043a\u0430\u0437\u0438\u043d\u043e\",\"isPartOf\":{\"@id\":\"https:\/\/aviator-slotgame.com\/#website\"},\"datePublished\":\"2024-09-06T14:43:40+00:00\",\"dateModified\":\"2024-09-08T10:40:25+00:00\",\"description\":\"\u0423\u0437\u043d\u0430\u0439\u0442\u0435 \u0432\u0441\u0435 \u043e \u043a\u0440\u0430\u0448-\u0438\u0433\u0440\u0435 \u0410\u0432\u0438\u0430\u0442\u043e\u0440: \u043f\u0440\u0430\u0432\u0438\u043b\u0430, \u0431\u043e\u043d\u0443\u0441\u044b, \u043e\u0441\u043e\u0431\u0435\u043d\u043d\u043e\u0441\u0442\u0438 \u0438 \u0445\u0430\u0440\u0430\u043a\u0442\u0435\u0440\u0438\u0441\u0442\u0438\u043a\u0438 \u0438\u0433\u0440\u044b \u0434\u043b\u044f \u0443\u0432\u0435\u043b\u0438\u0447\u0435\u043d\u0438\u0435 \u043f\u0440\u0438\u0431\u044b\u043b\u0438 \u0432 \u043a\u0430\u0437\u0438\u043d\u043e. \u0418\u0433\u0440\u0430\u0439 \u0432 Aviator \u043e\u0442 Spribe \u0432 \u043e\u043d\u043b\u0430\u0439\u043d\u0435.\",\"breadcrumb\":{\"@id\":\"https:\/\/aviator-slotgame.com\/aviator\/#breadcrumb\"},\"inLanguage\":\"et\",\"potentialAction\":[{\"@type\":\"ReadAction\",\"target\":[\"https:\/\/aviator-slotgame.com\/aviator\/\"]}]},{\"@type\":\"BreadcrumbList\",\"@id\":\"https:\/\/aviator-slotgame.com\/aviator\/#breadcrumb\",\"itemListElement\":[{\"@type\":\"ListItem\",\"position\":1,\"name\":\"Home\",\"item\":\"https:\/\/aviator-slotgame.com\/\"},{\"@type\":\"ListItem\",\"position\":2,\"name\":\"\u041f\u0440\u0430\u0432\u0438\u043b\u0430,\u043e\u0441\u043e\u0431\u0435\u043d\u043e\u0441\u0442\u0438 \u0438 \u0432\u044b\u0438\u0433\u0440\u044b\u0448\u0438 \u0432 \u043a\u0440\u0430\u0448-\u0441\u043b\u043e\u0442 \u0438\u0433\u0440\u0435 \u043d\u0430 \u0434\u0435\u043d\u044c\u0433\u0438\"}]},{\"@type\":\"WebSite\",\"@id\":\"https:\/\/aviator-slotgame.com\/#website\",\"url\":\"https:\/\/aviator-slotgame.com\/\",\"name\":\"Aviator\",\"description\":\"\",\"publisher\":{\"@id\":\"https:\/\/aviator-slotgame.com\/#organization\"},\"potentialAction\":[{\"@type\":\"SearchAction\",\"target\":{\"@type\":\"EntryPoint\",\"urlTemplate\":\"https:\/\/aviator-slotgame.com\/?s={search_term_string}\"},\"query-input\":\"required name=search_term_string\"}],\"inLanguage\":\"et\"},{\"@type\":\"Organization\",\"@id\":\"https:\/\/aviator-slotgame.com\/#organization\",\"name\":\"Aviator\",\"url\":\"https:\/\/aviator-slotgame.com\/\",\"logo\":{\"@type\":\"ImageObject\",\"inLanguage\":\"et\",\"@id\":\"https:\/\/aviator-slotgame.com\/#\/schema\/logo\/image\/\",\"url\":\"https:\/\/aviator-slotgame.com\/wp-content\/uploads\/16f5e8_dade544d4623411c9c4153c639aae85amv2.webp\",\"contentUrl\":\"https:\/\/aviator-slotgame.com\/wp-content\/uploads\/16f5e8_dade544d4623411c9c4153c639aae85amv2.webp\",\"width\":400,\"height\":300,\"caption\":\"Aviator\"},\"image\":{\"@id\":\"https:\/\/aviator-slotgame.com\/#\/schema\/logo\/image\/\"}}]}<\/script>\n<!-- \/ Yoast SEO plugin. -->","yoast_head_json":{"title":"\u041e\u043d\u043b\u0430\u0439\u043d \u0441\u043b\u043e\u0442 \u0410\u0432\u0438\u0430\u0442\u043e\u0440 \u2014 \u0418\u0433\u0440\u0430\u0439 \u043d\u0430 \u0440\u0435\u0430\u043b\u044c\u043d\u044b\u0435 \u0434\u0435\u043d\u044c\u0433\u0438 \u0432 \u043a\u0430\u0437\u0438\u043d\u043e","description":"\u0423\u0437\u043d\u0430\u0439\u0442\u0435 \u0432\u0441\u0435 \u043e \u043a\u0440\u0430\u0448-\u0438\u0433\u0440\u0435 \u0410\u0432\u0438\u0430\u0442\u043e\u0440: \u043f\u0440\u0430\u0432\u0438\u043b\u0430, \u0431\u043e\u043d\u0443\u0441\u044b, \u043e\u0441\u043e\u0431\u0435\u043d\u043d\u043e\u0441\u0442\u0438 \u0438 \u0445\u0430\u0440\u0430\u043a\u0442\u0435\u0440\u0438\u0441\u0442\u0438\u043a\u0438 \u0438\u0433\u0440\u044b \u0434\u043b\u044f \u0443\u0432\u0435\u043b\u0438\u0447\u0435\u043d\u0438\u0435 \u043f\u0440\u0438\u0431\u044b\u043b\u0438 \u0432 \u043a\u0430\u0437\u0438\u043d\u043e. \u0418\u0433\u0440\u0430\u0439 \u0432 Aviator \u043e\u0442 Spribe \u0432 \u043e\u043d\u043b\u0430\u0439\u043d\u0435.","robots":{"index":"index","follow":"follow","max-snippet":"max-snippet:-1","max-image-preview":"max-image-preview:large","max-video-preview":"max-video-preview:-1"},"canonical":"https:\/\/aviator-slotgame.com\/et\/aviator\/","og_locale":"et_EE","og_type":"article","og_title":"\u041e\u043d\u043b\u0430\u0439\u043d \u0441\u043b\u043e\u0442 \u0410\u0432\u0438\u0430\u0442\u043e\u0440 \u2014 \u0418\u0433\u0440\u0430\u0439 \u043d\u0430 \u0440\u0435\u0430\u043b\u044c\u043d\u044b\u0435 \u0434\u0435\u043d\u044c\u0433\u0438 \u0432 \u043a\u0430\u0437\u0438\u043d\u043e","og_description":"\u0423\u0437\u043d\u0430\u0439\u0442\u0435 \u0432\u0441\u0435 \u043e \u043a\u0440\u0430\u0448-\u0438\u0433\u0440\u0435 \u0410\u0432\u0438\u0430\u0442\u043e\u0440: \u043f\u0440\u0430\u0432\u0438\u043b\u0430, \u0431\u043e\u043d\u0443\u0441\u044b, \u043e\u0441\u043e\u0431\u0435\u043d\u043d\u043e\u0441\u0442\u0438 \u0438 \u0445\u0430\u0440\u0430\u043a\u0442\u0435\u0440\u0438\u0441\u0442\u0438\u043a\u0438 \u0438\u0433\u0440\u044b \u0434\u043b\u044f \u0443\u0432\u0435\u043b\u0438\u0447\u0435\u043d\u0438\u0435 \u043f\u0440\u0438\u0431\u044b\u043b\u0438 \u0432 \u043a\u0430\u0437\u0438\u043d\u043e. \u0418\u0433\u0440\u0430\u0439 \u0432 Aviator \u043e\u0442 Spribe \u0432 \u043e\u043d\u043b\u0430\u0439\u043d\u0435.","og_url":"https:\/\/aviator-slotgame.com\/et\/aviator\/","og_site_name":"Aviator","article_modified_time":"2024-09-08T10:40:25+00:00","twitter_card":"summary_large_image","twitter_misc":{"Est. reading time":"5 minutit"},"schema":{"@context":"https:\/\/schema.org","@graph":[{"@type":"WebPage","@id":"https:\/\/aviator-slotgame.com\/aviator\/","url":"https:\/\/aviator-slotgame.com\/aviator\/","name":"\u041e\u043d\u043b\u0430\u0439\u043d \u0441\u043b\u043e\u0442 \u0410\u0432\u0438\u0430\u0442\u043e\u0440 \u2014 \u0418\u0433\u0440\u0430\u0439 \u043d\u0430 \u0440\u0435\u0430\u043b\u044c\u043d\u044b\u0435 \u0434\u0435\u043d\u044c\u0433\u0438 \u0432 \u043a\u0430\u0437\u0438\u043d\u043e","isPartOf":{"@id":"https:\/\/aviator-slotgame.com\/#website"},"datePublished":"2024-09-06T14:43:40+00:00","dateModified":"2024-09-08T10:40:25+00:00","description":"\u0423\u0437\u043d\u0430\u0439\u0442\u0435 \u0432\u0441\u0435 \u043e \u043a\u0440\u0430\u0448-\u0438\u0433\u0440\u0435 \u0410\u0432\u0438\u0430\u0442\u043e\u0440: \u043f\u0440\u0430\u0432\u0438\u043b\u0430, \u0431\u043e\u043d\u0443\u0441\u044b, \u043e\u0441\u043e\u0431\u0435\u043d\u043d\u043e\u0441\u0442\u0438 \u0438 \u0445\u0430\u0440\u0430\u043a\u0442\u0435\u0440\u0438\u0441\u0442\u0438\u043a\u0438 \u0438\u0433\u0440\u044b \u0434\u043b\u044f \u0443\u0432\u0435\u043b\u0438\u0447\u0435\u043d\u0438\u0435 \u043f\u0440\u0438\u0431\u044b\u043b\u0438 \u0432 \u043a\u0430\u0437\u0438\u043d\u043e. \u0418\u0433\u0440\u0430\u0439 \u0432 Aviator \u043e\u0442 Spribe \u0432 \u043e\u043d\u043b\u0430\u0439\u043d\u0435.","breadcrumb":{"@id":"https:\/\/aviator-slotgame.com\/aviator\/#breadcrumb"},"inLanguage":"et","potentialAction":[{"@type":"ReadAction","target":["https:\/\/aviator-slotgame.com\/aviator\/"]}]},{"@type":"BreadcrumbList","@id":"https:\/\/aviator-slotgame.com\/aviator\/#breadcrumb","itemListElement":[{"@type":"ListItem","position":1,"name":"Home","item":"https:\/\/aviator-slotgame.com\/"},{"@type":"ListItem","position":2,"name":"\u041f\u0440\u0430\u0432\u0438\u043b\u0430,\u043e\u0441\u043e\u0431\u0435\u043d\u043e\u0441\u0442\u0438 \u0438 \u0432\u044b\u0438\u0433\u0440\u044b\u0448\u0438 \u0432 \u043a\u0440\u0430\u0448-\u0441\u043b\u043e\u0442 \u0438\u0433\u0440\u0435 \u043d\u0430 \u0434\u0435\u043d\u044c\u0433\u0438"}]},{"@type":"WebSite","@id":"https:\/\/aviator-slotgame.com\/#website","url":"https:\/\/aviator-slotgame.com\/","name":"Aviator","description":"","publisher":{"@id":"https:\/\/aviator-slotgame.com\/#organization"},"potentialAction":[{"@type":"SearchAction","target":{"@type":"EntryPoint","urlTemplate":"https:\/\/aviator-slotgame.com\/?s={search_term_string}"},"query-input":"required name=search_term_string"}],"inLanguage":"et"},{"@type":"Organization","@id":"https:\/\/aviator-slotgame.com\/#organization","name":"Aviator","url":"https:\/\/aviator-slotgame.com\/","logo":{"@type":"ImageObject","inLanguage":"et","@id":"https:\/\/aviator-slotgame.com\/#\/schema\/logo\/image\/","url":"https:\/\/aviator-slotgame.com\/wp-content\/uploads\/16f5e8_dade544d4623411c9c4153c639aae85amv2.webp","contentUrl":"https:\/\/aviator-slotgame.com\/wp-content\/uploads\/16f5e8_dade544d4623411c9c4153c639aae85amv2.webp","width":400,"height":300,"caption":"Aviator"},"image":{"@id":"https:\/\/aviator-slotgame.com\/#\/schema\/logo\/image\/"}}]}},"amp_enabled":true,"_links":{"self":[{"href":"https:\/\/aviator-slotgame.com\/et\/wp-json\/wp\/v2\/pages\/263","targetHints":{"allow":["GET"]}}],"collection":[{"href":"https:\/\/aviator-slotgame.com\/et\/wp-json\/wp\/v2\/pages"}],"about":[{"href":"https:\/\/aviator-slotgame.com\/et\/wp-json\/wp\/v2\/types\/page"}],"author":[{"embeddable":true,"href":"https:\/\/aviator-slotgame.com\/et\/wp-json\/wp\/v2\/users\/1"}],"replies":[{"embeddable":true,"href":"https:\/\/aviator-slotgame.com\/et\/wp-json\/wp\/v2\/comments?post=263"}],"version-history":[{"count":4,"href":"https:\/\/aviator-slotgame.com\/et\/wp-json\/wp\/v2\/pages\/263\/revisions"}],"predecessor-version":[{"id":287,"href":"https:\/\/aviator-slotgame.com\/et\/wp-json\/wp\/v2\/pages\/263\/revisions\/287"}],"wp:attachment":[{"href":"https:\/\/aviator-slotgame.com\/et\/wp-json\/wp\/v2\/media?parent=263"}],"curies":[{"name":"wp","href":"https:\/\/api.w.org\/{rel}","templated":true}]}}