{"id":31,"date":"2024-01-31T13:01:43","date_gmt":"2024-01-31T13:01:43","guid":{"rendered":"https:\/\/aviator-slotgame.com\/?page_id=31"},"modified":"2024-10-03T23:08:38","modified_gmt":"2024-10-03T23:08:38","slug":"download-apk-games","status":"publish","type":"page","link":"https:\/\/aviator-slotgame.com\/et\/descarga-ya-el-apk-del-juego-aviator\/","title":{"rendered":"Installige Aviator APK Androidi versioonile kohe"},"content":{"rendered":"<div class=\"15bf1451c2adfca276d0f927ef064c47\" data-index=\"1\" style=\"float: none; margin:10px 0 10px 0; text-align:center;\">\n<div class=\"custom-play-button\">\r\n<center><a href=\"https:\/\/aviator-slotgame.com\/et\/play-game\/\" rel=\"nofollow\" target=\"_blank\">M\u00e4ngi n\u00fc\u00fcd<\/a><br><\/center>\r\n<\/div>\n<\/div>\n<p>Aviator on p\u00f5nev online-kasiinom\u00e4ng Spribelt, mis paneb sinu m\u00e4nguoskused l\u00f5puni proovile. Kergesti \u00f5pitavate reeglitega pakub see m\u00e4ng tundide kaupa meelelahutust. Neile, kes soovivad veelgi kaasahaaravamat ja kaasaskantavamat kogemust, on mitu mobiilirakendust, mis on spetsiaalselt loodud Aviatori m\u00e4ngijatele ja \u00fcldiselt m\u00e4nguritele.<\/p>\n<p><img loading=\"lazy\" decoding=\"async\" class=\"alignnone size-full wp-image-204\" title=\"Laadige kohe alla m\u00e4ngu Aviator APK\" src=\"https:\/\/aviator-slotgame.com\/wp-content\/uploads\/aviator-4.png\" alt=\"Laadige kohe alla m\u00e4ngu Aviator APK\" width=\"800\" height=\"445\" srcset=\"https:\/\/aviator-slotgame.com\/wp-content\/uploads\/aviator-4.png 800w, https:\/\/aviator-slotgame.com\/wp-content\/uploads\/aviator-4-300x167.png 300w, https:\/\/aviator-slotgame.com\/wp-content\/uploads\/aviator-4-768x427.png 768w, https:\/\/aviator-slotgame.com\/wp-content\/uploads\/aviator-4-18x10.png 18w\" sizes=\"auto, (max-width: 800px) 100vw, 800px\" \/><\/p>\n<h2 id=\"h-what-is-an-android-apk\">Mis on APK Androidile?<\/h2>\n<p>Androidi APK-fail on erit\u00fc\u00fcpi fail, mis on loodud spetsiaalselt Androidi operatsioonis\u00fcsteemi allalaadimiseks. See sisaldab k\u00f5iki vajalikke faile ja koodi, mis on vajalikud rakenduse k\u00e4ivitamiseks Android-seadmes. Failid on tihendatud \u00fcheks failiks, mis teeb rakenduste edastamise, jagamise ja installimise lihtsaks.<\/p>\n<p>APK-fail sarnaneb teist t\u00fc\u00fcpi tarkvara installipakettidega, nagu Windows Installeri paketid v\u00f5i Mac OSX-i rakendused.<\/p><div class=\"15bf1451c2adfca276d0f927ef064c47\" data-index=\"1\" style=\"float: none; margin:10px 0 10px 0; text-align:center;\">\n<div class=\"custom-play-button\">\r\n<center><a href=\"https:\/\/aviator-slotgame.com\/et\/play-game\/\" rel=\"nofollow\" target=\"_blank\">M\u00e4ngi n\u00fc\u00fcd<\/a><br><\/center>\r\n<\/div>\n<\/div>\n\n<p>APK-faili eesm\u00e4rk on pakkuda meiesugustele Aviatori m\u00e4ngijatele mugavat v\u00f5imalust alla laadida ja installida rakendusi, mis pole Google Play poes saadaval. Peaaegu igal juhtival online kasiino saidil on mobiilirakendus, kuid peaaegu \u00fchtegi neist ei saa alla laadida ametlikust Play poest.<\/p>\n<p><img loading=\"lazy\" decoding=\"async\" class=\"alignnone size-full wp-image-345\" src=\"https:\/\/aviator-slotgame.com\/wp-content\/uploads\/Aviator-25-800-x-600-\u043f\u0438\u043a\u0441.jpg\" alt=\"APK Androidile\" width=\"800\" height=\"600\" srcset=\"https:\/\/aviator-slotgame.com\/wp-content\/uploads\/Aviator-25-800-x-600-\u043f\u0438\u043a\u0441.jpg 800w, https:\/\/aviator-slotgame.com\/wp-content\/uploads\/Aviator-25-800-x-600-\u043f\u0438\u043a\u0441-300x225.jpg 300w, https:\/\/aviator-slotgame.com\/wp-content\/uploads\/Aviator-25-800-x-600-\u043f\u0438\u043a\u0441-768x576.jpg 768w, https:\/\/aviator-slotgame.com\/wp-content\/uploads\/Aviator-25-800-x-600-\u043f\u0438\u043a\u0441-16x12.jpg 16w\" sizes=\"auto, (max-width: 800px) 100vw, 800px\" \/><\/p>\n<h2 id=\"h-how-to-download-and-install-the-aviator-apk\">Kuidas Aviator APK alla laadida ja installida<\/h2>\n<p>Kui teil on aga usaldusv\u00e4\u00e4rne allikas, kust saate Aviatori m\u00e4ngu APK-faili alla laadida, j\u00e4rgige selle oma Android-seadmesse installimiseks j\u00e4rgmisi samme.<\/p>\n<ol>\n<li>Avage oma Android-seadmes Seaded.<\/li>\n<li>Otsige \u00fcles ja avage Turvalisus v\u00f5i Turvas\u00e4tted.<\/li>\n<li>Lubage suvand Tundmatud allikad v\u00f5i Installige rakendused tundmatutest allikatest.<\/li>\n<li>Otsige oma seadmest \u00fcles m\u00e4ngu Aviator allalaaditud APK-fail.<\/li>\n<li>Installiprotsessi alustamiseks kl\u00f5psake failil.<\/li>\n<li>P\u00e4rast installimist saate Aviatori m\u00e4ngu oma Android-seadmes k\u00e4ivitada.<\/li>\n<\/ol>\n<p>Pidage meeles, et mitteametlikest allikatest p\u00e4rit rakenduste allalaadimine ja installimine v\u00f5ib teie seadmele kujutada turvariski. Turvariskide v\u00e4ltimiseks on soovitatav rakendusi alla laadida ja installida ainult usaldusv\u00e4\u00e4rsetest ja ametlikest allikatest, nagu Google Play Store.<\/p>\n<p><img loading=\"lazy\" decoding=\"async\" class=\"alignnone size-full wp-image-347\" src=\"https:\/\/aviator-slotgame.com\/wp-content\/uploads\/Aviator-26-800-x-600-\u043f\u0438\u043a\u0441.jpg\" alt=\"Laadige alla ja installige Aviator APK\" width=\"800\" height=\"600\" srcset=\"https:\/\/aviator-slotgame.com\/wp-content\/uploads\/Aviator-26-800-x-600-\u043f\u0438\u043a\u0441.jpg 800w, https:\/\/aviator-slotgame.com\/wp-content\/uploads\/Aviator-26-800-x-600-\u043f\u0438\u043a\u0441-300x225.jpg 300w, https:\/\/aviator-slotgame.com\/wp-content\/uploads\/Aviator-26-800-x-600-\u043f\u0438\u043a\u0441-768x576.jpg 768w, https:\/\/aviator-slotgame.com\/wp-content\/uploads\/Aviator-26-800-x-600-\u043f\u0438\u043a\u0441-16x12.jpg 16w\" sizes=\"auto, (max-width: 800px) 100vw, 800px\" \/><\/p>\n<h2 id=\"h-frequently-asked-questions-faq\">Korduma kippuvad k\u00fcsimused (KKK)<\/h2>\n<h3 id=\"h-are-apks-safe-for-my-device\">Kas APK-d on minu seadme jaoks ohutud?<\/h3>\n<p>Jah, kui usaldate saiti, kust need alla laadisite. Veenduge alati, et laadite alla usaldusv\u00e4\u00e4rsest allikast (nt APKMirror v\u00f5i rakenduse ametlik veebisait).<\/p>\n<p>M\u00e4rkus. Pahatahtlikud failid on olemas; Kontrollige alati oma allikaid \u00fcle.<\/p>\n<h3 id=\"h-are-apks-illegal\">Kas APK-d on ebaseaduslikud?<\/h3>\n<p>Ei, paljudel parimatel Aviatorit pakkuvatel kasiinodel on allalaaditavad rakendused, mis on legaalsed. Kasiino pole lihtsalt saadaval ametlikes Androidi mobiilipoodides.<\/p>\n<h3 id=\"h-can-you-play-aviator-for-free\">Kas saate Aviatorit tasuta m\u00e4ngida?<\/h3>\n<p>iOS-is ja Google Plays on saadaval palju tasuta Aviatori rakendusi. Need allalaaditavad m\u00e4ngud simuleerivad reaalajas m\u00e4nguruumi kogemust ilma p\u00e4risraha, krediiti v\u00f5i inimesi kasutamata.<\/p>\n<p>Tasuta Aviatori peamiseks puuduseks on t\u00f5eliste s\u00f5prade puudumine vestluses ja t\u00f5elised v\u00f5idud, mida saab v\u00e4lja rahastada.<\/p>\n<h3 id=\"h-can-i-install-an-apk-on-my-ios-device\">Kas ma saan oma iOS-i seadmesse installida APK?<\/h3>\n<p>Ei. APK t\u00e4histab Androidi paketti. See failit\u00fc\u00fcp on m\u00f5eldud ainult Android-seadmetesse allalaadimiseks. Apple&#039;i seadmed, nagu iPhone, seda t\u00fc\u00fcpi rakendustega ei t\u00f6\u00f6ta.<\/p>\n<h3 id=\"h-can-we-hack-the-aviator-game\">Kas Aviatori m\u00e4ngu on v\u00f5imalik h\u00e4kkida?<\/h3>\n<p>P\u00e4ris Aviatori m\u00e4ngu on t\u00e4iesti v\u00f5imatu h\u00e4kkida, isegi kui laadite alla APK v\u00f5i iOS-i rakenduse. S\u00fcsteemid, mida Spribe m\u00e4ngu k\u00e4itamiseks kasutab, kasutavad kr\u00fcptotehnoloogiat, mis tagab tulemuste \u00f5igluse ja mittev\u00f5ltsimise 100% juhtudel.<\/p>\n<h3 id=\"h-do-aviator-predictors-work\">Kas Aviatori ennustajad t\u00f6\u00f6tavad?<\/h3>\n<p>Ei. Iga APK, mis lubab ennustada voorude tulemusi v\u00f5i lubab Aviatori otsem\u00e4ngus v\u00f5ita, on vale v\u00f5i pettus. \u00c4rge laadige neid rakendusi alla.<\/p>\n<p>M\u00e4ngu m\u00e4\u00e4rab RNG (juhuslike numbrite genereerimine) ja teie \u00f5nn; siin pole saladust ega nippi.<\/p>\n\n<div style=\"font-size: 0px; height: 0px; line-height: 0px; margin: 0; padding: 0; clear: both;\"><\/div>","protected":false},"excerpt":{"rendered":"<p>Aviator on p\u00f5nev online-kasiinom\u00e4ng Spribelt, mis paneb sinu m\u00e4nguoskused l\u00f5puni proovile. T\u00e4nu h\u00f5lpsasti \u00f5pitavale<\/p>","protected":false},"author":1,"featured_media":0,"parent":0,"menu_order":0,"comment_status":"closed","ping_status":"closed","template":"","meta":{"footnotes":""},"class_list":["post-31","page","type-page","status-publish","hentry"],"yoast_head":"<!-- This site is optimized with the Yoast SEO plugin v22.0 - https:\/\/yoast.com\/wordpress\/plugins\/seo\/ -->\n<title>\u0421\u043a\u0430\u0447\u0430\u0439 Aviator APK \u0434\u043b\u044f Android \u2014 \u0418\u0433\u0440\u0430 \u0432 \u043a\u0440\u0430\u0448-\u0441\u043b\u043e\u0442 \u043d\u0430 \u0434\u0435\u043d\u044c\u0433\u0438<\/title>\n<meta name=\"description\" content=\"\u0423\u0441\u0442\u0430\u043d\u043e\u0432\u0438\u0442\u0435 \u0438\u0433\u0440\u0443 Aviator \u043d\u0430 Android \u0441 \u043f\u043e\u043c\u043e\u0449\u044c\u044e APK-\u0444\u0430\u0439\u043b\u0430. \u0418\u0433\u0440\u0430\u0439\u0442\u0435 \u0432 \u043a\u0440\u0430\u0448-\u0441\u043b\u043e\u0442 \u0438\u0433\u0440\u0443 \u043d\u0430 \u0434\u0435\u043d\u044c\u0433\u0438, \u0441\u043a\u0430\u0447\u0438\u0432\u0430\u044f \u043f\u0440\u0438\u043b\u043e\u0436\u0435\u043d\u0438\u0435 \u0431\u0435\u0437\u043e\u043f\u0430\u0441\u043d\u043e \u0438 \u043b\u0435\u0433\u043a\u043e.\" \/>\n<meta name=\"robots\" content=\"index, follow, max-snippet:-1, max-image-preview:large, max-video-preview:-1\" \/>\n<link rel=\"canonical\" href=\"https:\/\/aviator-slotgame.com\/et\/descarga-ya-el-apk-del-juego-aviator\/\" \/>\n<meta property=\"og:locale\" content=\"et_EE\" \/>\n<meta property=\"og:type\" content=\"article\" \/>\n<meta property=\"og:title\" content=\"\u0421\u043a\u0430\u0447\u0430\u0439 Aviator APK \u0434\u043b\u044f Android \u2014 \u0418\u0433\u0440\u0430 \u0432 \u043a\u0440\u0430\u0448-\u0441\u043b\u043e\u0442 \u043d\u0430 \u0434\u0435\u043d\u044c\u0433\u0438\" \/>\n<meta property=\"og:description\" content=\"\u0423\u0441\u0442\u0430\u043d\u043e\u0432\u0438\u0442\u0435 \u0438\u0433\u0440\u0443 Aviator \u043d\u0430 Android \u0441 \u043f\u043e\u043c\u043e\u0449\u044c\u044e APK-\u0444\u0430\u0439\u043b\u0430. \u0418\u0433\u0440\u0430\u0439\u0442\u0435 \u0432 \u043a\u0440\u0430\u0448-\u0441\u043b\u043e\u0442 \u0438\u0433\u0440\u0443 \u043d\u0430 \u0434\u0435\u043d\u044c\u0433\u0438, \u0441\u043a\u0430\u0447\u0438\u0432\u0430\u044f \u043f\u0440\u0438\u043b\u043e\u0436\u0435\u043d\u0438\u0435 \u0431\u0435\u0437\u043e\u043f\u0430\u0441\u043d\u043e \u0438 \u043b\u0435\u0433\u043a\u043e.\" \/>\n<meta property=\"og:url\" content=\"https:\/\/aviator-slotgame.com\/et\/descarga-ya-el-apk-del-juego-aviator\/\" \/>\n<meta property=\"og:site_name\" content=\"Aviator\" \/>\n<meta property=\"article:modified_time\" content=\"2024-10-03T23:08:38+00:00\" \/>\n<meta property=\"og:image\" content=\"https:\/\/aviator-slotgame.com\/wp-content\/uploads\/aviator-4.png\" \/>\n<meta name=\"twitter:card\" content=\"summary_large_image\" \/>\n<meta name=\"twitter:label1\" content=\"Est. reading time\" \/>\n\t<meta name=\"twitter:data1\" content=\"3 minutit\" \/>\n<script type=\"application\/ld+json\" class=\"yoast-schema-graph\">{\"@context\":\"https:\/\/schema.org\",\"@graph\":[{\"@type\":\"WebPage\",\"@id\":\"https:\/\/aviator-slotgame.com\/download-apk-games\/\",\"url\":\"https:\/\/aviator-slotgame.com\/download-apk-games\/\",\"name\":\"\u0421\u043a\u0430\u0447\u0430\u0439 Aviator APK \u0434\u043b\u044f Android \u2014 \u0418\u0433\u0440\u0430 \u0432 \u043a\u0440\u0430\u0448-\u0441\u043b\u043e\u0442 \u043d\u0430 \u0434\u0435\u043d\u044c\u0433\u0438\",\"isPartOf\":{\"@id\":\"https:\/\/aviator-slotgame.com\/#website\"},\"datePublished\":\"2024-01-31T13:01:43+00:00\",\"dateModified\":\"2024-10-03T23:08:38+00:00\",\"description\":\"\u0423\u0441\u0442\u0430\u043d\u043e\u0432\u0438\u0442\u0435 \u0438\u0433\u0440\u0443 Aviator \u043d\u0430 Android \u0441 \u043f\u043e\u043c\u043e\u0449\u044c\u044e APK-\u0444\u0430\u0439\u043b\u0430. \u0418\u0433\u0440\u0430\u0439\u0442\u0435 \u0432 \u043a\u0440\u0430\u0448-\u0441\u043b\u043e\u0442 \u0438\u0433\u0440\u0443 \u043d\u0430 \u0434\u0435\u043d\u044c\u0433\u0438, \u0441\u043a\u0430\u0447\u0438\u0432\u0430\u044f \u043f\u0440\u0438\u043b\u043e\u0436\u0435\u043d\u0438\u0435 \u0431\u0435\u0437\u043e\u043f\u0430\u0441\u043d\u043e \u0438 \u043b\u0435\u0433\u043a\u043e.\",\"breadcrumb\":{\"@id\":\"https:\/\/aviator-slotgame.com\/download-apk-games\/#breadcrumb\"},\"inLanguage\":\"et\",\"potentialAction\":[{\"@type\":\"ReadAction\",\"target\":[\"https:\/\/aviator-slotgame.com\/download-apk-games\/\"]}]},{\"@type\":\"BreadcrumbList\",\"@id\":\"https:\/\/aviator-slotgame.com\/download-apk-games\/#breadcrumb\",\"itemListElement\":[{\"@type\":\"ListItem\",\"position\":1,\"name\":\"Home\",\"item\":\"https:\/\/aviator-slotgame.com\/\"},{\"@type\":\"ListItem\",\"position\":2,\"name\":\"\u0423\u0441\u0442\u0430\u043d\u043e\u0432\u0438 Aviator APK \u0434\u043b\u044f Android \u0432\u0435\u0440\u0441\u0438\u0438 \u043f\u0440\u044f\u043c\u043e \u0441\u0435\u0439\u0447\u0430\u0441\"}]},{\"@type\":\"WebSite\",\"@id\":\"https:\/\/aviator-slotgame.com\/#website\",\"url\":\"https:\/\/aviator-slotgame.com\/\",\"name\":\"Aviator\",\"description\":\"\",\"publisher\":{\"@id\":\"https:\/\/aviator-slotgame.com\/#organization\"},\"potentialAction\":[{\"@type\":\"SearchAction\",\"target\":{\"@type\":\"EntryPoint\",\"urlTemplate\":\"https:\/\/aviator-slotgame.com\/?s={search_term_string}\"},\"query-input\":\"required name=search_term_string\"}],\"inLanguage\":\"et\"},{\"@type\":\"Organization\",\"@id\":\"https:\/\/aviator-slotgame.com\/#organization\",\"name\":\"Aviator\",\"url\":\"https:\/\/aviator-slotgame.com\/\",\"logo\":{\"@type\":\"ImageObject\",\"inLanguage\":\"et\",\"@id\":\"https:\/\/aviator-slotgame.com\/#\/schema\/logo\/image\/\",\"url\":\"https:\/\/aviator-slotgame.com\/wp-content\/uploads\/16f5e8_dade544d4623411c9c4153c639aae85amv2.webp\",\"contentUrl\":\"https:\/\/aviator-slotgame.com\/wp-content\/uploads\/16f5e8_dade544d4623411c9c4153c639aae85amv2.webp\",\"width\":400,\"height\":300,\"caption\":\"Aviator\"},\"image\":{\"@id\":\"https:\/\/aviator-slotgame.com\/#\/schema\/logo\/image\/\"}}]}<\/script>\n<!-- \/ Yoast SEO plugin. -->","yoast_head_json":{"title":"\u0421\u043a\u0430\u0447\u0430\u0439 Aviator APK \u0434\u043b\u044f Android \u2014 \u0418\u0433\u0440\u0430 \u0432 \u043a\u0440\u0430\u0448-\u0441\u043b\u043e\u0442 \u043d\u0430 \u0434\u0435\u043d\u044c\u0433\u0438","description":"\u0423\u0441\u0442\u0430\u043d\u043e\u0432\u0438\u0442\u0435 \u0438\u0433\u0440\u0443 Aviator \u043d\u0430 Android \u0441 \u043f\u043e\u043c\u043e\u0449\u044c\u044e APK-\u0444\u0430\u0439\u043b\u0430. \u0418\u0433\u0440\u0430\u0439\u0442\u0435 \u0432 \u043a\u0440\u0430\u0448-\u0441\u043b\u043e\u0442 \u0438\u0433\u0440\u0443 \u043d\u0430 \u0434\u0435\u043d\u044c\u0433\u0438, \u0441\u043a\u0430\u0447\u0438\u0432\u0430\u044f \u043f\u0440\u0438\u043b\u043e\u0436\u0435\u043d\u0438\u0435 \u0431\u0435\u0437\u043e\u043f\u0430\u0441\u043d\u043e \u0438 \u043b\u0435\u0433\u043a\u043e.","robots":{"index":"index","follow":"follow","max-snippet":"max-snippet:-1","max-image-preview":"max-image-preview:large","max-video-preview":"max-video-preview:-1"},"canonical":"https:\/\/aviator-slotgame.com\/et\/descarga-ya-el-apk-del-juego-aviator\/","og_locale":"et_EE","og_type":"article","og_title":"\u0421\u043a\u0430\u0447\u0430\u0439 Aviator APK \u0434\u043b\u044f Android \u2014 \u0418\u0433\u0440\u0430 \u0432 \u043a\u0440\u0430\u0448-\u0441\u043b\u043e\u0442 \u043d\u0430 \u0434\u0435\u043d\u044c\u0433\u0438","og_description":"\u0423\u0441\u0442\u0430\u043d\u043e\u0432\u0438\u0442\u0435 \u0438\u0433\u0440\u0443 Aviator \u043d\u0430 Android \u0441 \u043f\u043e\u043c\u043e\u0449\u044c\u044e APK-\u0444\u0430\u0439\u043b\u0430. \u0418\u0433\u0440\u0430\u0439\u0442\u0435 \u0432 \u043a\u0440\u0430\u0448-\u0441\u043b\u043e\u0442 \u0438\u0433\u0440\u0443 \u043d\u0430 \u0434\u0435\u043d\u044c\u0433\u0438, \u0441\u043a\u0430\u0447\u0438\u0432\u0430\u044f \u043f\u0440\u0438\u043b\u043e\u0436\u0435\u043d\u0438\u0435 \u0431\u0435\u0437\u043e\u043f\u0430\u0441\u043d\u043e \u0438 \u043b\u0435\u0433\u043a\u043e.","og_url":"https:\/\/aviator-slotgame.com\/et\/descarga-ya-el-apk-del-juego-aviator\/","og_site_name":"Aviator","article_modified_time":"2024-10-03T23:08:38+00:00","og_image":[{"url":"https:\/\/aviator-slotgame.com\/wp-content\/uploads\/aviator-4.png"}],"twitter_card":"summary_large_image","twitter_misc":{"Est. reading time":"3 minutit"},"schema":{"@context":"https:\/\/schema.org","@graph":[{"@type":"WebPage","@id":"https:\/\/aviator-slotgame.com\/download-apk-games\/","url":"https:\/\/aviator-slotgame.com\/download-apk-games\/","name":"\u0421\u043a\u0430\u0447\u0430\u0439 Aviator APK \u0434\u043b\u044f Android \u2014 \u0418\u0433\u0440\u0430 \u0432 \u043a\u0440\u0430\u0448-\u0441\u043b\u043e\u0442 \u043d\u0430 \u0434\u0435\u043d\u044c\u0433\u0438","isPartOf":{"@id":"https:\/\/aviator-slotgame.com\/#website"},"datePublished":"2024-01-31T13:01:43+00:00","dateModified":"2024-10-03T23:08:38+00:00","description":"\u0423\u0441\u0442\u0430\u043d\u043e\u0432\u0438\u0442\u0435 \u0438\u0433\u0440\u0443 Aviator \u043d\u0430 Android \u0441 \u043f\u043e\u043c\u043e\u0449\u044c\u044e APK-\u0444\u0430\u0439\u043b\u0430. \u0418\u0433\u0440\u0430\u0439\u0442\u0435 \u0432 \u043a\u0440\u0430\u0448-\u0441\u043b\u043e\u0442 \u0438\u0433\u0440\u0443 \u043d\u0430 \u0434\u0435\u043d\u044c\u0433\u0438, \u0441\u043a\u0430\u0447\u0438\u0432\u0430\u044f \u043f\u0440\u0438\u043b\u043e\u0436\u0435\u043d\u0438\u0435 \u0431\u0435\u0437\u043e\u043f\u0430\u0441\u043d\u043e \u0438 \u043b\u0435\u0433\u043a\u043e.","breadcrumb":{"@id":"https:\/\/aviator-slotgame.com\/download-apk-games\/#breadcrumb"},"inLanguage":"et","potentialAction":[{"@type":"ReadAction","target":["https:\/\/aviator-slotgame.com\/download-apk-games\/"]}]},{"@type":"BreadcrumbList","@id":"https:\/\/aviator-slotgame.com\/download-apk-games\/#breadcrumb","itemListElement":[{"@type":"ListItem","position":1,"name":"Home","item":"https:\/\/aviator-slotgame.com\/"},{"@type":"ListItem","position":2,"name":"\u0423\u0441\u0442\u0430\u043d\u043e\u0432\u0438 Aviator APK \u0434\u043b\u044f Android \u0432\u0435\u0440\u0441\u0438\u0438 \u043f\u0440\u044f\u043c\u043e \u0441\u0435\u0439\u0447\u0430\u0441"}]},{"@type":"WebSite","@id":"https:\/\/aviator-slotgame.com\/#website","url":"https:\/\/aviator-slotgame.com\/","name":"Aviator","description":"","publisher":{"@id":"https:\/\/aviator-slotgame.com\/#organization"},"potentialAction":[{"@type":"SearchAction","target":{"@type":"EntryPoint","urlTemplate":"https:\/\/aviator-slotgame.com\/?s={search_term_string}"},"query-input":"required name=search_term_string"}],"inLanguage":"et"},{"@type":"Organization","@id":"https:\/\/aviator-slotgame.com\/#organization","name":"Aviator","url":"https:\/\/aviator-slotgame.com\/","logo":{"@type":"ImageObject","inLanguage":"et","@id":"https:\/\/aviator-slotgame.com\/#\/schema\/logo\/image\/","url":"https:\/\/aviator-slotgame.com\/wp-content\/uploads\/16f5e8_dade544d4623411c9c4153c639aae85amv2.webp","contentUrl":"https:\/\/aviator-slotgame.com\/wp-content\/uploads\/16f5e8_dade544d4623411c9c4153c639aae85amv2.webp","width":400,"height":300,"caption":"Aviator"},"image":{"@id":"https:\/\/aviator-slotgame.com\/#\/schema\/logo\/image\/"}}]}},"amp_enabled":true,"_links":{"self":[{"href":"https:\/\/aviator-slotgame.com\/et\/wp-json\/wp\/v2\/pages\/31","targetHints":{"allow":["GET"]}}],"collection":[{"href":"https:\/\/aviator-slotgame.com\/et\/wp-json\/wp\/v2\/pages"}],"about":[{"href":"https:\/\/aviator-slotgame.com\/et\/wp-json\/wp\/v2\/types\/page"}],"author":[{"embeddable":true,"href":"https:\/\/aviator-slotgame.com\/et\/wp-json\/wp\/v2\/users\/1"}],"replies":[{"embeddable":true,"href":"https:\/\/aviator-slotgame.com\/et\/wp-json\/wp\/v2\/comments?post=31"}],"version-history":[{"count":13,"href":"https:\/\/aviator-slotgame.com\/et\/wp-json\/wp\/v2\/pages\/31\/revisions"}],"predecessor-version":[{"id":411,"href":"https:\/\/aviator-slotgame.com\/et\/wp-json\/wp\/v2\/pages\/31\/revisions\/411"}],"wp:attachment":[{"href":"https:\/\/aviator-slotgame.com\/et\/wp-json\/wp\/v2\/media?parent=31"}],"curies":[{"name":"wp","href":"https:\/\/api.w.org\/{rel}","templated":true}]}}