{"id":215,"date":"2024-04-02T16:05:37","date_gmt":"2024-04-02T16:05:37","guid":{"rendered":"https:\/\/aviator-slotgame.com\/?page_id=215"},"modified":"2024-09-09T10:50:04","modified_gmt":"2024-09-09T10:50:04","slug":"aviator-slots","status":"publish","type":"page","link":"https:\/\/aviator-slotgame.com\/fi\/aviator-kolikkopeli-vs-perinteiset-videokolikkopelit\/","title":{"rendered":"Aviator slotit"},"content":{"rendered":"<div class=\"af4a7155a1cd98782f7f03d118fd9682\" data-index=\"1\" style=\"float: none; margin:10px 0 10px 0; text-align:center;\">\n<div class=\"custom-play-button\">\r\n<center><a href=\"https:\/\/aviator-slotgame.com\/fi\/play-game\/\" rel=\"nofollow\" target=\"_blank\">Pelaa nyt<\/a><br><\/center>\r\n<\/div>\n<\/div>\n<p>Spriben Aviator ei ole tavallinen videokolikkopelisi. Se tarjoaa sosiaalisen pelin ominaisuuksia, joita et l\u00f6yd\u00e4 perinteisist\u00e4 videokolikkopeleist\u00e4. Voit osallistua hauskanpitoon ja haastaa muut pelaajat liittym\u00e4\u00e4n online-kasinopeliin, joka on t\u00e4ynn\u00e4 j\u00e4nnitt\u00e4vi\u00e4 bonuksia, kertoimia ja muita yll\u00e4tyksi\u00e4.<\/p>\n<p><img loading=\"lazy\" decoding=\"async\" class=\"alignnone size-full wp-image-216\" title=\"Aviator vs perinteiset peliautomaatit\" src=\"https:\/\/aviator-slotgame.com\/wp-content\/uploads\/aviator-4-1.png\" alt=\"Aviator vs perinteiset peliautomaatit\" width=\"800\" height=\"445\" srcset=\"https:\/\/aviator-slotgame.com\/wp-content\/uploads\/aviator-4-1.png 800w, https:\/\/aviator-slotgame.com\/wp-content\/uploads\/aviator-4-1-300x167.png 300w, https:\/\/aviator-slotgame.com\/wp-content\/uploads\/aviator-4-1-768x427.png 768w, https:\/\/aviator-slotgame.com\/wp-content\/uploads\/aviator-4-1-18x10.png 18w\" sizes=\"auto, (max-width: 800px) 100vw, 800px\" \/><\/p>\n<p>Aviator tarjoaa muutakin kuin tavalliset 3x5 kelan peliautomaatit. Siin\u00e4 on RNG:hen perustuva kerroin, joka nousee ja nousee, kunnes jokainen pelaaja p\u00e4\u00e4tt\u00e4\u00e4 kotiuttaa. T\u00e4m\u00e4 tarkoittaa, ett\u00e4 jos olet onnekas, voit pelata koko p\u00e4iv\u00e4n ja voittosi alkavat todellakin kasvaa!<\/p>\n<p>Lis\u00e4ksi Aviator ei rajoita pelaajien m\u00e4\u00e4r\u00e4\u00e4, jotka voivat osallistua hauskanpitoon. Sinun ei tarvitse pel\u00e4t\u00e4 pelin avautumista, koska se ei tule koskaan olemaan t\u00e4ynn\u00e4, siell\u00e4 on aina tilaa lis\u00e4\u00e4 pelaajia. Ja pelaajayst\u00e4v\u00e4llisten kertoimien, RTP:n ja korkeiden voittojen ansiosta sinulla on paljon mahdollisuuksia p\u00e4\u00e4st\u00e4 k\u00e4rkeen t\u00e4ss\u00e4 j\u00e4nnitt\u00e4v\u00e4ss\u00e4 vaihtoehtoisessa kolikkopeliss\u00e4.<\/p><div class=\"af4a7155a1cd98782f7f03d118fd9682\" data-index=\"1\" style=\"float: none; margin:10px 0 10px 0; text-align:center;\">\n<div class=\"custom-play-button\">\r\n<center><a href=\"https:\/\/aviator-slotgame.com\/fi\/play-game\/\" rel=\"nofollow\" target=\"_blank\">Pelaa nyt<\/a><br><\/center>\r\n<\/div>\n<\/div>\n\n<p>Etsitp\u00e4 siis mukaansatempaavaa peliel\u00e4myst\u00e4 tai haluat rentoutua ja nauttia klassisesta videokolikkopelityylisest\u00e4 kierteest\u00e4, Spriben Aviatorilla on todella tarjottavaa jokaiselle.<\/p>\n<h2 id=\"h-rtp-of-aviator-and-regular-slot-games\">Aviatorin RTP ja tavalliset kolikkopelit<\/h2>\n<p>Suosituimpien slottien keskim\u00e4\u00e4r\u00e4iset RTP-arvot ovat yli 65%. T\u00e4m\u00e4 luku voi vaihdella pelist\u00e4 toiseen, joissakin peleiss\u00e4 jopa 97%, mutta yleens\u00e4 normi on 65% desimaalilla.<\/p>\n<p>Esimerkiksi Second Striken, yhden maailman suosituimmista kolikkopeleist\u00e4, RTP on 96.26%; Lent\u00e4j\u00e4 viel\u00e4 enemm\u00e4n!<\/p>\n<p>Aviatorin likim\u00e4\u00e4r\u00e4inen RTP (palautus soittimeen) on 97%, mik\u00e4 on videokolikkopelin keskim\u00e4\u00e4r\u00e4ist\u00e4 korkeampi. T\u00e4m\u00e4 tarkoittaa, ett\u00e4 Aviatorin pelaaminen tuo sinulle keskim\u00e4\u00e4rin enemm\u00e4n rahaa perinteisiin kolikkopeleihin verrattuna. Ja jatkuvasti kasvavalla kertoimella suurimmat kierrokset tulevat entist\u00e4 j\u00e4nnitt\u00e4v\u00e4mmiksi! Joten jos etsit korkeampaa RTP:t\u00e4 ja kyky\u00e4 lis\u00e4t\u00e4 ansaintapotentiaaliasi, Aviator voi olla juuri se, mit\u00e4 olet kaipannut.<\/p>\n<figure class=\"wp-block-table\">\n<table>\n<tbody>\n<tr>\n<td><strong>LENT\u00c4J\u00c4<\/strong><\/td>\n<td><strong>PERINTEINEN SLOTT-PELI<\/strong><\/td>\n<\/tr>\n<tr>\n<td>Keskustele muiden pelaajien kanssa<\/td>\n<td>K\u00e4ytt\u00e4j\u00e4n pelikokemus<\/td>\n<\/tr>\n<tr>\n<td>Rajoittamaton m\u00e4\u00e4r\u00e4 pelaajia pelihuoneessa<\/td>\n<td>Yksi pelaaja konetta tai sivua kohden<\/td>\n<\/tr>\n<tr>\n<td>Pelimekaniikka yhdell\u00e4 RNG:ll\u00e4<\/td>\n<td>Useita rullia ja siimoja<\/td>\n<\/tr>\n<tr>\n<td>~97% hyvitys<\/td>\n<td>~96% hyvitys<\/td>\n<\/tr>\n<\/tbody>\n<\/table><figcaption class=\"wp-element-caption\">Peliautomaatti\u00a0<strong><strong>LENT\u00c4J\u00c4<\/strong><\/strong><img loading=\"lazy\" decoding=\"async\" class=\"alignnone size-full wp-image-293\" src=\"https:\/\/aviator-slotgame.com\/wp-content\/uploads\/Aviator-13-800-x-600-\u043f\u0438\u043a\u0441.jpg\" alt=\"Aviatorin RTP ja tavalliset kolikkopelit\" width=\"800\" height=\"600\" srcset=\"https:\/\/aviator-slotgame.com\/wp-content\/uploads\/Aviator-13-800-x-600-\u043f\u0438\u043a\u0441.jpg 800w, https:\/\/aviator-slotgame.com\/wp-content\/uploads\/Aviator-13-800-x-600-\u043f\u0438\u043a\u0441-300x225.jpg 300w, https:\/\/aviator-slotgame.com\/wp-content\/uploads\/Aviator-13-800-x-600-\u043f\u0438\u043a\u0441-768x576.jpg 768w, https:\/\/aviator-slotgame.com\/wp-content\/uploads\/Aviator-13-800-x-600-\u043f\u0438\u043a\u0441-16x12.jpg 16w\" sizes=\"auto, (max-width: 800px) 100vw, 800px\" \/><\/figcaption><\/figure>\n<h2 id=\"h-the-bottom-line\">Bottom line<\/h2>\n<p>Spriben Aviator tarjoaa ainutlaatuisen tulkinnan perinteisist\u00e4 videokolikkopeleist\u00e4, jotka voivat tarjota pelaajille mukaansatempaavan pelikokemuksen. Jatkuvasti kasvavien kertoimien ja korkean RTP:n ansiosta on monia syit\u00e4 kokeilla Aviatoria. Lis\u00e4ksi sosiaalinen puoli tekee siit\u00e4 viel\u00e4 j\u00e4nnitt\u00e4v\u00e4mm\u00e4n!<\/p>\n<h2 id=\"h-using-bonus-spins-on-aviator\">Bonuskierrosten k\u00e4ytt\u00e4minen Aviatorissa<\/h2>\n<p>Bonuspy\u00f6r\u00e4ytykset ovat kasinosivustojen perusvalikoima. Kun rekister\u00f6idyt kasinosivustolle, saat usein ilmaiskierroksia tervetuliaisbonuksena. Ne voidaan saada jopa rajoitetun ajan tarjouksista tai palkintoina muissa peleiss\u00e4!<\/p>\n<p>Jos olet Aviator- tai muiden kasinopelien fani, bonuspy\u00f6r\u00e4ytykset ovat loistava tapa saada ilmaisia mahdollisuuksia py\u00f6ritt\u00e4\u00e4 kiekkoja, laskeutua lentokoneeseen ja ehk\u00e4 voittaa rahaa. Itse asiassa bonuspy\u00f6r\u00e4ytykset voivat olla jopa arvokkaampia kuin tavalliset pelin sis\u00e4iset py\u00f6r\u00e4ytykset, koska niill\u00e4 ei yleens\u00e4 ole kierr\u00e4tysvaatimuksia tai muita voittorajoituksia.<\/p>\n<h2 id=\"h-how-to-get-bonus-spins\">Kuinka saada bonuspy\u00f6r\u00e4ytyksi\u00e4<\/h2>\n<p>Ilmaispy\u00f6r\u00e4ytykset voivat tulla useista paikoista, kuten tervetuliaisbonukset uusille k\u00e4ytt\u00e4jille, jotka tekev\u00e4t ensimm\u00e4isen talletuksensa, tai tarjouskoodeja ja rajoitetun ajan tapahtumia.<\/p>\n<h3 id=\"h-welcome-bonus-spins-for-aviator\">Aviatorin tervetulobonuskierrokset<\/h3>\n<p>Jotkut kasinot antavat sinulle ilmaiskierroksia, kun luot tilin. Saatat ihmetell\u00e4, kuinka n\u00e4m\u00e4 ilmaispy\u00f6r\u00e4ytykset voivat olla hy\u00f6dyllisi\u00e4 pelatessasi Aviatoria; Joskus kasinot rajoittavat kuitenkin n\u00e4iden ilmaispy\u00f6r\u00e4ytysten k\u00e4yt\u00f6n vain suosituimpiin perinteisiin peliautomaatteihin. Mutta \u00e4l\u00e4 huoli, silti on olemassa tapoja k\u00e4ytt\u00e4\u00e4 kaikkia Aviatorilla sinulle varattuja ilmaiskierroksia.<\/p>\n<h2 id=\"h-how-to-use-free-spins-in-aviator\">Kuinka k\u00e4ytt\u00e4\u00e4 ilmaiskierroksia Aviatorissa<\/h2>\n<p>Jos kierroksesi eiv\u00e4t toimi Aviatorissa, voit aina k\u00e4ytt\u00e4\u00e4 niit\u00e4 krediittien voittamiseen muissa kasinopeleiss\u00e4. Jos sinulla on esimerkiksi ilmaiskierroksia peliautomaatissa, voit vaihtaa ne pelimerkit pelip\u00f6ydiss\u00e4 oleviin pelimerkkeihin. Voit sitten k\u00e4ytt\u00e4\u00e4 n\u00e4it\u00e4 pelimerkkej\u00e4 panostaaksesi Aviatoriin tai mihin tahansa muuhun kasinopeliin!<\/p>\n<p>N\u00e4in:<\/p>\n<ol start=\"1\" type=\"1\">\n<li>Valitse yksi suosikkipeliautomaateistasi.<\/li>\n<li>Hy\u00f6dynn\u00e4 ilmaispy\u00f6r\u00e4ytykset.<\/li>\n<li>Ota kaikki kierrosten aikana voittamasi krediitit ja pelaa Aviatoria!<\/li>\n<\/ol>\n<p>Se on niin yksinkertaista.<\/p>\n<h2 id=\"h-can-you-win-free-spins-in-aviator\">Voitko voittaa ilmaiskierroksia Aviatoriin?<\/h2>\n<p>Ilmaispy\u00f6r\u00e4ytysominaisuutta ei ole. Ainoa kierroksen aikana voittamasi palkinto on panoksesi kerrottuna punaisen koneen nousulla.<\/p>\n<h2 id=\"h-in-conclusion\">Johtop\u00e4\u00e4t\u00f6s<\/h2>\n<p>Riippumatta siit\u00e4, miten saat ne \u2013 tervetuliaisbonuspy\u00f6r\u00e4ytykset, tarjouskoodit tai rajoitetun ajan tarjoukset \u2013 bonuspy\u00f6r\u00e4ytykset ovat loistava tapa kaiken tasoisille pelaajille jatkaa pelaamista murehtimatta hetken h\u00e4vi\u00e4misest\u00e4. Ja riippumatta siit\u00e4, mit\u00e4 pelej\u00e4 varten he ovat, kokeneet pelaajat voivat muuttaa py\u00f6r\u00e4ytens\u00e4 hy\u00f6dyllisiksi krediiteiksi, jotka voidaan kierr\u00e4tt\u00e4\u00e4 live-Aviator-peliss\u00e4.<\/p>\n<p><img loading=\"lazy\" decoding=\"async\" class=\"alignnone size-full wp-image-297\" src=\"https:\/\/aviator-slotgame.com\/wp-content\/uploads\/Aviator-14-800-x-600-\u043f\u0438\u043a\u0441.jpg\" alt=\"Johtop\u00e4\u00e4t\u00f6s\" width=\"800\" height=\"600\" srcset=\"https:\/\/aviator-slotgame.com\/wp-content\/uploads\/Aviator-14-800-x-600-\u043f\u0438\u043a\u0441.jpg 800w, https:\/\/aviator-slotgame.com\/wp-content\/uploads\/Aviator-14-800-x-600-\u043f\u0438\u043a\u0441-300x225.jpg 300w, https:\/\/aviator-slotgame.com\/wp-content\/uploads\/Aviator-14-800-x-600-\u043f\u0438\u043a\u0441-768x576.jpg 768w, https:\/\/aviator-slotgame.com\/wp-content\/uploads\/Aviator-14-800-x-600-\u043f\u0438\u043a\u0441-16x12.jpg 16w\" sizes=\"auto, (max-width: 800px) 100vw, 800px\" \/><\/p>\n\n<div style=\"font-size: 0px; height: 0px; line-height: 0px; margin: 0; padding: 0; clear: both;\"><\/div>","protected":false},"excerpt":{"rendered":"<p>Spriben Aviator ei ole tavallinen videokolikkopelisi. Se tarjoaa sosiaalisen pelin ominaisuuksia, joita et l\u00f6yd\u00e4 perinteisist\u00e4 videokolikkopeleist\u00e4.<\/p>","protected":false},"author":1,"featured_media":0,"parent":0,"menu_order":0,"comment_status":"closed","ping_status":"closed","template":"","meta":{"footnotes":""},"class_list":["post-215","page","type-page","status-publish","hentry"],"yoast_head":"<!-- This site is optimized with the Yoast SEO plugin v22.0 - https:\/\/yoast.com\/wordpress\/plugins\/seo\/ -->\n<title>\u0410\u0432\u0438\u0430\u0442\u043e\u0440 \u0441\u043b\u043e\u0442\u044b - Aviator<\/title>\n<meta name=\"robots\" content=\"index, follow, max-snippet:-1, max-image-preview:large, max-video-preview:-1\" \/>\n<link rel=\"canonical\" href=\"https:\/\/aviator-slotgame.com\/fi\/aviator-kolikkopeli-vs-perinteiset-videokolikkopelit\/\" \/>\n<meta property=\"og:locale\" content=\"fi_FI\" \/>\n<meta property=\"og:type\" content=\"article\" \/>\n<meta property=\"og:title\" content=\"\u0410\u0432\u0438\u0430\u0442\u043e\u0440 \u0441\u043b\u043e\u0442\u044b - Aviator\" \/>\n<meta property=\"og:description\" content=\"Aviator \u043e\u0442 Spribe \u2013 \u044d\u0442\u043e \u043d\u0435 \u043e\u0431\u044b\u0447\u043d\u044b\u0439 \u0432\u0438\u0434\u0435\u043e\u0441\u043b\u043e\u0442. \u041e\u043d \u043f\u0440\u0435\u0434\u043b\u0430\u0433\u0430\u0435\u0442 \u0432\u043e\u0437\u043c\u043e\u0436\u043d\u043e\u0441\u0442\u0438 \u0441\u043e\u0446\u0438\u0430\u043b\u044c\u043d\u044b\u0445 \u0438\u0433\u0440, \u043a\u043e\u0442\u043e\u0440\u044b\u0435 \u0432\u044b \u043d\u0435 \u043d\u0430\u0439\u0434\u0435\u0442\u0435 \u0432 \u0442\u0440\u0430\u0434\u0438\u0446\u0438\u043e\u043d\u043d\u044b\u0445 \u0432\u0438\u0434\u0435\u043e\u0441\u043b\u043e\u0442\u0430\u0445.\" \/>\n<meta property=\"og:url\" content=\"https:\/\/aviator-slotgame.com\/fi\/aviator-kolikkopeli-vs-perinteiset-videokolikkopelit\/\" \/>\n<meta property=\"og:site_name\" content=\"Aviator\" \/>\n<meta property=\"article:modified_time\" content=\"2024-09-09T10:50:04+00:00\" \/>\n<meta property=\"og:image\" content=\"https:\/\/aviator-slotgame.com\/wp-content\/uploads\/aviator-4-1.png\" \/>\n<meta name=\"twitter:card\" content=\"summary_large_image\" \/>\n<meta name=\"twitter:label1\" content=\"Arvioitu lukuaika\" \/>\n\t<meta name=\"twitter:data1\" content=\"4 minuuttia\" \/>\n<script type=\"application\/ld+json\" class=\"yoast-schema-graph\">{\"@context\":\"https:\/\/schema.org\",\"@graph\":[{\"@type\":\"WebPage\",\"@id\":\"https:\/\/aviator-slotgame.com\/aviator-slots\/\",\"url\":\"https:\/\/aviator-slotgame.com\/aviator-slots\/\",\"name\":\"\u0410\u0432\u0438\u0430\u0442\u043e\u0440 \u0441\u043b\u043e\u0442\u044b - Aviator\",\"isPartOf\":{\"@id\":\"https:\/\/aviator-slotgame.com\/#website\"},\"datePublished\":\"2024-04-02T16:05:37+00:00\",\"dateModified\":\"2024-09-09T10:50:04+00:00\",\"breadcrumb\":{\"@id\":\"https:\/\/aviator-slotgame.com\/aviator-slots\/#breadcrumb\"},\"inLanguage\":\"fi\",\"potentialAction\":[{\"@type\":\"ReadAction\",\"target\":[\"https:\/\/aviator-slotgame.com\/aviator-slots\/\"]}]},{\"@type\":\"BreadcrumbList\",\"@id\":\"https:\/\/aviator-slotgame.com\/aviator-slots\/#breadcrumb\",\"itemListElement\":[{\"@type\":\"ListItem\",\"position\":1,\"name\":\"Home\",\"item\":\"https:\/\/aviator-slotgame.com\/\"},{\"@type\":\"ListItem\",\"position\":2,\"name\":\"\u0410\u0432\u0438\u0430\u0442\u043e\u0440 \u0441\u043b\u043e\u0442\u044b\"}]},{\"@type\":\"WebSite\",\"@id\":\"https:\/\/aviator-slotgame.com\/#website\",\"url\":\"https:\/\/aviator-slotgame.com\/\",\"name\":\"Aviator\",\"description\":\"\",\"publisher\":{\"@id\":\"https:\/\/aviator-slotgame.com\/#organization\"},\"potentialAction\":[{\"@type\":\"SearchAction\",\"target\":{\"@type\":\"EntryPoint\",\"urlTemplate\":\"https:\/\/aviator-slotgame.com\/?s={search_term_string}\"},\"query-input\":\"required name=search_term_string\"}],\"inLanguage\":\"fi\"},{\"@type\":\"Organization\",\"@id\":\"https:\/\/aviator-slotgame.com\/#organization\",\"name\":\"Aviator\",\"url\":\"https:\/\/aviator-slotgame.com\/\",\"logo\":{\"@type\":\"ImageObject\",\"inLanguage\":\"fi\",\"@id\":\"https:\/\/aviator-slotgame.com\/#\/schema\/logo\/image\/\",\"url\":\"https:\/\/aviator-slotgame.com\/wp-content\/uploads\/16f5e8_dade544d4623411c9c4153c639aae85amv2.webp\",\"contentUrl\":\"https:\/\/aviator-slotgame.com\/wp-content\/uploads\/16f5e8_dade544d4623411c9c4153c639aae85amv2.webp\",\"width\":400,\"height\":300,\"caption\":\"Aviator\"},\"image\":{\"@id\":\"https:\/\/aviator-slotgame.com\/#\/schema\/logo\/image\/\"}}]}<\/script>\n<!-- \/ Yoast SEO plugin. -->","yoast_head_json":{"title":"\u0410\u0432\u0438\u0430\u0442\u043e\u0440 \u0441\u043b\u043e\u0442\u044b - Aviator","robots":{"index":"index","follow":"follow","max-snippet":"max-snippet:-1","max-image-preview":"max-image-preview:large","max-video-preview":"max-video-preview:-1"},"canonical":"https:\/\/aviator-slotgame.com\/fi\/aviator-kolikkopeli-vs-perinteiset-videokolikkopelit\/","og_locale":"fi_FI","og_type":"article","og_title":"\u0410\u0432\u0438\u0430\u0442\u043e\u0440 \u0441\u043b\u043e\u0442\u044b - Aviator","og_description":"Aviator \u043e\u0442 Spribe \u2013 \u044d\u0442\u043e \u043d\u0435 \u043e\u0431\u044b\u0447\u043d\u044b\u0439 \u0432\u0438\u0434\u0435\u043e\u0441\u043b\u043e\u0442. \u041e\u043d \u043f\u0440\u0435\u0434\u043b\u0430\u0433\u0430\u0435\u0442 \u0432\u043e\u0437\u043c\u043e\u0436\u043d\u043e\u0441\u0442\u0438 \u0441\u043e\u0446\u0438\u0430\u043b\u044c\u043d\u044b\u0445 \u0438\u0433\u0440, \u043a\u043e\u0442\u043e\u0440\u044b\u0435 \u0432\u044b \u043d\u0435 \u043d\u0430\u0439\u0434\u0435\u0442\u0435 \u0432 \u0442\u0440\u0430\u0434\u0438\u0446\u0438\u043e\u043d\u043d\u044b\u0445 \u0432\u0438\u0434\u0435\u043e\u0441\u043b\u043e\u0442\u0430\u0445.","og_url":"https:\/\/aviator-slotgame.com\/fi\/aviator-kolikkopeli-vs-perinteiset-videokolikkopelit\/","og_site_name":"Aviator","article_modified_time":"2024-09-09T10:50:04+00:00","og_image":[{"url":"https:\/\/aviator-slotgame.com\/wp-content\/uploads\/aviator-4-1.png"}],"twitter_card":"summary_large_image","twitter_misc":{"Arvioitu lukuaika":"4 minuuttia"},"schema":{"@context":"https:\/\/schema.org","@graph":[{"@type":"WebPage","@id":"https:\/\/aviator-slotgame.com\/aviator-slots\/","url":"https:\/\/aviator-slotgame.com\/aviator-slots\/","name":"\u0410\u0432\u0438\u0430\u0442\u043e\u0440 \u0441\u043b\u043e\u0442\u044b - Aviator","isPartOf":{"@id":"https:\/\/aviator-slotgame.com\/#website"},"datePublished":"2024-04-02T16:05:37+00:00","dateModified":"2024-09-09T10:50:04+00:00","breadcrumb":{"@id":"https:\/\/aviator-slotgame.com\/aviator-slots\/#breadcrumb"},"inLanguage":"fi","potentialAction":[{"@type":"ReadAction","target":["https:\/\/aviator-slotgame.com\/aviator-slots\/"]}]},{"@type":"BreadcrumbList","@id":"https:\/\/aviator-slotgame.com\/aviator-slots\/#breadcrumb","itemListElement":[{"@type":"ListItem","position":1,"name":"Home","item":"https:\/\/aviator-slotgame.com\/"},{"@type":"ListItem","position":2,"name":"\u0410\u0432\u0438\u0430\u0442\u043e\u0440 \u0441\u043b\u043e\u0442\u044b"}]},{"@type":"WebSite","@id":"https:\/\/aviator-slotgame.com\/#website","url":"https:\/\/aviator-slotgame.com\/","name":"Aviator","description":"","publisher":{"@id":"https:\/\/aviator-slotgame.com\/#organization"},"potentialAction":[{"@type":"SearchAction","target":{"@type":"EntryPoint","urlTemplate":"https:\/\/aviator-slotgame.com\/?s={search_term_string}"},"query-input":"required name=search_term_string"}],"inLanguage":"fi"},{"@type":"Organization","@id":"https:\/\/aviator-slotgame.com\/#organization","name":"Aviator","url":"https:\/\/aviator-slotgame.com\/","logo":{"@type":"ImageObject","inLanguage":"fi","@id":"https:\/\/aviator-slotgame.com\/#\/schema\/logo\/image\/","url":"https:\/\/aviator-slotgame.com\/wp-content\/uploads\/16f5e8_dade544d4623411c9c4153c639aae85amv2.webp","contentUrl":"https:\/\/aviator-slotgame.com\/wp-content\/uploads\/16f5e8_dade544d4623411c9c4153c639aae85amv2.webp","width":400,"height":300,"caption":"Aviator"},"image":{"@id":"https:\/\/aviator-slotgame.com\/#\/schema\/logo\/image\/"}}]}},"amp_enabled":true,"_links":{"self":[{"href":"https:\/\/aviator-slotgame.com\/fi\/wp-json\/wp\/v2\/pages\/215","targetHints":{"allow":["GET"]}}],"collection":[{"href":"https:\/\/aviator-slotgame.com\/fi\/wp-json\/wp\/v2\/pages"}],"about":[{"href":"https:\/\/aviator-slotgame.com\/fi\/wp-json\/wp\/v2\/types\/page"}],"author":[{"embeddable":true,"href":"https:\/\/aviator-slotgame.com\/fi\/wp-json\/wp\/v2\/users\/1"}],"replies":[{"embeddable":true,"href":"https:\/\/aviator-slotgame.com\/fi\/wp-json\/wp\/v2\/comments?post=215"}],"version-history":[{"count":6,"href":"https:\/\/aviator-slotgame.com\/fi\/wp-json\/wp\/v2\/pages\/215\/revisions"}],"predecessor-version":[{"id":309,"href":"https:\/\/aviator-slotgame.com\/fi\/wp-json\/wp\/v2\/pages\/215\/revisions\/309"}],"wp:attachment":[{"href":"https:\/\/aviator-slotgame.com\/fi\/wp-json\/wp\/v2\/media?parent=215"}],"curies":[{"name":"wp","href":"https:\/\/api.w.org\/{rel}","templated":true}]}}