{"id":26,"date":"2024-01-31T12:57:07","date_gmt":"2024-01-31T12:57:07","guid":{"rendered":"https:\/\/aviator-slotgame.com\/?page_id=26"},"modified":"2024-10-03T23:16:00","modified_gmt":"2024-10-03T23:16:00","slug":"play-for-free","status":"publish","type":"page","link":"https:\/\/aviator-slotgame.com\/fi\/kuinka-pelata-aviator-demoa-ilmaiseksi\/","title":{"rendered":"Kuinka pelata Aviator-demoa ilmaiseksi"},"content":{"rendered":"<div class=\"af4a7155a1cd98782f7f03d118fd9682\" data-index=\"1\" style=\"float: none; margin:10px 0 10px 0; text-align:center;\">\n<div class=\"custom-play-button\">\r\n<center><a href=\"https:\/\/aviator-slotgame.com\/fi\/play-game\/\" rel=\"nofollow\" target=\"_blank\">Pelaa nyt<\/a><br><\/center>\r\n<\/div>\n<\/div>\n<p>Spriben Aviator-peli on uusi ja j\u00e4nnitt\u00e4v\u00e4 kasinopeli, jonka avulla pelaajat voivat kokea voittamisen j\u00e4nnityksen lent\u00e4ess\u00e4si korkealla. Pelin demoversio tarjoaa pelaajille mahdollisuuden kokeilla peli\u00e4 ilmaiseksi, kun taas t\u00e4ysversio on saatavilla monilla huippukasinosivustoilla. Ilmainen Aviator-demo on loistava tapa oppia pelaamaan peli\u00e4 ennen kuin kulutat rahaa t\u00e4ysversioon, ja se on hauska tapa viett\u00e4\u00e4 aikaa verkossa ilman rahaa.<\/p>\n<p>Voit tehd\u00e4 t\u00e4m\u00e4n siirtym\u00e4ll\u00e4 viralliselle Aviator-verkkosivustolle ja valitsemalla demopelitilan. Demoversiossa voit pelata ilman, ett\u00e4 sinun tarvitsee panostaa oikealla rahalla ja vain nauttia pelist\u00e4.<\/p>\n<p><img loading=\"lazy\" decoding=\"async\" title=\"Pelaa Aviator-demoa\" src=\"https:\/\/aviator-slotgame.com\/wp-content\/uploads\/aviator-3.png\" alt=\"Kuinka pelata Aviator-demoa ilmaiseksi\" width=\"800\" height=\"445\" \/><\/p>\n<h2>Avainominaisuudet<\/h2>\n<p>Demoversio esittelee sinulle useita t\u00e4rkeit\u00e4 pelimekaniikkoja. Harjoittelemalla ensin ilmaiseksi saat paremman k\u00e4sityksen pelin toiminnasta ja voit maksimoida voittosi pelatessasi oikealla rahalla. Aviator-demo on my\u00f6s loistava tapa pit\u00e4\u00e4 hauskaa kuluttamatta k\u00e4teist\u00e4 tai krediittej\u00e4.<\/p><div class=\"af4a7155a1cd98782f7f03d118fd9682\" data-index=\"1\" style=\"float: none; margin:10px 0 10px 0; text-align:center;\">\n<div class=\"custom-play-button\">\r\n<center><a href=\"https:\/\/aviator-slotgame.com\/fi\/play-game\/\" rel=\"nofollow\" target=\"_blank\">Pelaa nyt<\/a><br><\/center>\r\n<\/div>\n<\/div>\n\n<h3>Tuplapainikkeet alas<\/h3>\n<p>N\u00e4m\u00e4 painikkeet antavat sinulle mahdollisuuden tuplata panoksesi, kun kertoimet ovat pinottu eduksesi. T\u00e4m\u00e4 voi lis\u00e4t\u00e4 voittojasi, mutta se lis\u00e4\u00e4 my\u00f6s riskitekij\u00e4\u00e4.<\/p>\n<p>Suosittelemme harjoittelemaan molempien painikkeiden k\u00e4ytt\u00f6\u00e4 demoversiossa ennen kuin otat riski\u00e4 todellisista sivuston hyvityksist\u00e4. Aviator-kone voi lent\u00e4\u00e4 pois ajassa, joka kuluu painaessasi 2. painiketta. Parhaat Aviator-pelaajat voivat nostaa molemmat panoksensa sekunnissa.<\/p>\n<h3>Tulostaulu<\/h3>\n<p>T\u00e4m\u00e4 ominaisuus antaa sinulle k\u00e4sityksen siit\u00e4, kuinka hyvin panoksesi ovat verrattuna muihin pelaajiin reaaliajassa! T\u00e4m\u00e4 on loistava tapa pysy\u00e4 motivoituneena, kun p\u00e4\u00e4set varsinaiseen peliin. Demossa n\u00e4m\u00e4 pelaajat ovat simuloituja, mutta voit saada k\u00e4sityksen siit\u00e4, mit\u00e4 kannattaa huomioida.<\/p>\n<h3>Vedonly\u00f6nti- ja voittorajat<\/h3>\n<p>Aviator-demo on hyv\u00e4 paikka selvitt\u00e4\u00e4, mit\u00e4 maksimi- ja v\u00e4himm\u00e4ispanoksia voit tehd\u00e4 ja kuinka paljon rahaa onni tuo sinulle. N\u00e4m\u00e4 tiedot ovat eritt\u00e4in t\u00e4rkeit\u00e4 kahdesta syyst\u00e4. Ensinn\u00e4kin pystyt tuntemaan pelisi rajat etk\u00e4 ylit\u00e4 niit\u00e4 pelatessasi t\u00e4ysversiota. Toiseksi voit tiet\u00e4\u00e4 mit\u00e4 odottaa, kun kerroin alkaa nousta.<\/p>\n<table>\n<tbody>\n<tr>\n<td><strong>PELIRAJAT<\/strong><\/td>\n<\/tr>\n<tr>\n<td><strong>Minimihinta<\/strong><\/td>\n<td>0.10<\/td>\n<\/tr>\n<tr>\n<td><strong>Maksimipanos<\/strong><\/td>\n<td>100<\/td>\n<\/tr>\n<tr>\n<td><strong>Maksimivoitto<\/strong><\/td>\n<td>10,000<\/td>\n<\/tr>\n<\/tbody>\n<\/table>\n<p><img loading=\"lazy\" decoding=\"async\" src=\"https:\/\/aviator-slotgame.com\/wp-content\/uploads\/Aviator-12-800-x-600-\u043f\u0438\u043a\u0441.jpg\" alt=\"Vedot ja voitot\" width=\"800\" height=\"600\" \/><\/p>\n<h3>Automaattinen toisto<\/h3>\n<p>Autoplay asettaa automaattisesti vetoja ja maksaa rahaa puolestasi m\u00e4\u00e4ritt\u00e4miesi asetusten mukaisesti. N\u00e4in voit istua alas ja rentoutua, kun Aviator-peli tekee ty\u00f6n puolestasi. Hauskan ja harjoittelun vuoksi peliss\u00e4 pelaajat voivat kokeilla erilaisia asetusyhdistelmi\u00e4.<\/p>\n<p>Seuraavat automaattisen toiston vaihtoehdot ovat saatavilla Aviatorin demoversiossa:<\/p>\n<ul>\n<li>K\u00e4teisen v\u00e4hennysraja<\/li>\n<li>Voittoraja<\/li>\n<li>Raja voittoa kohden<\/li>\n<li>K\u00e4teismaksukerroin<\/li>\n<\/ul>\n<p><img loading=\"lazy\" decoding=\"async\" src=\"https:\/\/aviator-slotgame.com\/wp-content\/uploads\/Aviator-15-800-x-600-\u043f\u0438\u043a\u0441.jpg\" alt=\"Autoplay Aviatorissa\" width=\"800\" height=\"600\" \/><\/p>\n<h2>Ominaisuudet eiv\u00e4t sis\u00e4lly demoversioon<\/h2>\n<p>Aviator-demosta puuttuu yksi t\u00e4rke\u00e4 ominaisuus. Sit\u00e4 ei yksinkertaisesti voi mallintaa.<\/p>\n<h3>Pelaajat juttelevat<\/h3>\n<p>Aviatorin t\u00e4ysversiossa pelaajat voivat k\u00e4ytt\u00e4\u00e4 pelin sis\u00e4ist\u00e4 chat-j\u00e4rjestelm\u00e4\u00e4 keskustellakseen strategiasta, v\u00e4\u00e4rink\u00e4yt\u00f6sten kertoimista, jakaa vinkkej\u00e4 ja temppuja, kerskua viimeaikaisista suurista voitoista ja keskustellakseen kesken\u00e4\u00e4n. T\u00e4m\u00e4 ominaisuus ei ole saatavilla demoversiossa.<\/p>\n<p>Et ehk\u00e4 pysty harjoittelemaan kommunikointia muiden pelaajien kanssa, mutta se on yksi live-pelin t\u00e4rkeimmist\u00e4 puolista. T\u00e4m\u00e4 on loistava tapa rakentaa suhteita muihin pelaajiin ja oppia lis\u00e4\u00e4 pelist\u00e4.<\/p>\n<h2>Ilmainen Aviator-demo verrattuna varsinaiseen peliin<\/h2>\n<p>Aviator-demo on ilmainen versio pelist\u00e4, jonka avulla voit harjoitella ja kokeilla erilaisia strategioita. Demoversio sis\u00e4lt\u00e4\u00e4 kaikki t\u00e4ysversiossa saatavilla olevat ominaisuudet, mutta tietyin rajoituksin. Esimerkiksi Aviatorin demoversiossa et voi ansaita oikeaa rahaa tai voittaa palkintoja. Jos kuitenkin pid\u00e4t demoversion pelaamisesta ja haluat kokea enemm\u00e4n t\u00e4m\u00e4n j\u00e4nnitt\u00e4v\u00e4n pelin ominaisuuksia, voit jatkaa oikean pelin pelaamista milloin tahansa.<\/p>\n<p>Aviatorin demoversio sis\u00e4lt\u00e4\u00e4 useita opetusohjelmia ja vinkkej\u00e4, jotka auttavat sinua ymm\u00e4rt\u00e4m\u00e4\u00e4n, kuinka pelata tehokkaammin. Ne auttavat sinua parantamaan yleist\u00e4 pelikokemustasi tarjoamalla helposti ymm\u00e4rrett\u00e4vi\u00e4 ohjeita uusille pelaajille ja opettamalla uusia tekniikoita. Voit my\u00f6s tarkastella n\u00e4ill\u00e4 kierroksilla luotuja RNG (Random Number Generator) -tietoja, joiden avulla voit tutustua Spriben kryptotekniikkaan.<\/p>\n<table>\n<tbody>\n<tr>\n<td><strong>AVIATOR DEMO<\/strong><\/td>\n<td><strong>LIVE PELI &quot;AVIATOR&quot;<\/strong><\/td>\n<\/tr>\n<tr>\n<td>Pelaa ilmaiseksi<\/td>\n<td>Sivuston luotto vaaditaan<\/td>\n<\/tr>\n<tr>\n<td>Ei live-chatia<\/td>\n<td>Chat kaikille pelaajille<\/td>\n<\/tr>\n<tr>\n<td>Ei voittoja<\/td>\n<td>Voitto riippuu kertoimesta<\/td>\n<\/tr>\n<tr>\n<td>Voit pelata Spriben virallisella verkkosivustolla<\/td>\n<td>Saatavilla vain lisensoiduilla online-kasinoilla<\/td>\n<\/tr>\n<tr>\n<td>Simuloituja pelaajia tulostaulukossa<\/td>\n<td>Oikeat pelaajat asettavat vetoja<\/td>\n<\/tr>\n<\/tbody>\n<\/table>\n<p>Pelaamalla ensin Aviator-demoa, voit hioa taitojasi ennen kuin otat vastaan muita pelaajia ja ehk\u00e4 voitat oikeasti!<\/p>\n<p><img loading=\"lazy\" decoding=\"async\" src=\"https:\/\/aviator-slotgame.com\/wp-content\/uploads\/Aviator-11-800-x-600-\u043f\u0438\u043a\u0441.jpg\" alt=\"Demoversio Aviatorissa\" width=\"800\" height=\"600\" \/><\/p>\n<h2>Demoversio pelist\u00e4 Aviator<\/h2>\n<p>Miksi kaikki suosittelevat, ett\u00e4 tutustut ensin Aviator-pelin demoversioon?<\/p>\n<ol>\n<li><strong>Pelin esittely:<\/strong> Aviator-pelin ilmainen versio auttaa pelaajia tutustumaan pelin kulkuun, pelin s\u00e4\u00e4nt\u00f6ihin ja kolikkotoimintoihin riskeeraamatta rahojaan.<\/li>\n<li><strong>Harjoitella:<\/strong> Ilmaisen version pelaaminen antaa pelaajille mahdollisuuden harjoitella ja hioa taitojaan ennen oikealla rahalla pelaamista.<\/li>\n<li><strong>Kiinnostuspisteet:<\/strong> Pelaamalla ilmaista versiota voit arvioida, kuinka mielenkiintoinen ja j\u00e4nnitt\u00e4v\u00e4 peli on, mik\u00e4 auttaa sinua p\u00e4\u00e4tt\u00e4m\u00e4\u00e4n, jatkatko pelaamista oikealla rahalla.<\/li>\n<li><strong>Ei-taloudelliset riskit:<\/strong> Ilmainen versio eliminoi pelaajalta taloudelliset riskit, koska vedot asetetaan virtuaaliselle rahalle, jonka avulla voit nauttia pelist\u00e4 ilman stressi\u00e4.<\/li>\n<li><strong>Viihde:<\/strong> Aviatorin ilmaisen version pelaaminen voi olla loistava tapa pit\u00e4\u00e4 hauskaa ja viett\u00e4\u00e4 aikaa ilman rahaa.<\/li>\n<\/ol>\n<p><img loading=\"lazy\" decoding=\"async\" src=\"https:\/\/aviator-slotgame.com\/wp-content\/uploads\/Aviator-30-800-x-600-\u043f\u0438\u043a\u0441.jpg\" alt=\"Demopeli Aviator\" width=\"800\" height=\"600\" \/><\/p>\n<h2>Mist\u00e4 l\u00f6yd\u00e4n demoversion pelist\u00e4 Aviator?<\/h2>\n<p>T\u00e4ss\u00e4 on yksityiskohtaiset ohjeet Aviator-verkkopelin demoversion l\u00f6yt\u00e4miseen:<\/p>\n<ol>\n<li>Avaa laitteesi internetselain ja siirry sen kasinon viralliselle verkkosivustolle, jolla haluat pelata.<\/li>\n<li>Jos sinulla on jo tili sivustolla, kirjaudu sis\u00e4\u00e4n tunnuksillasi. Jos sinulla ei viel\u00e4 ole tili\u00e4, rekister\u00f6idy kasinon verkkosivuilla.<\/li>\n<li>Kun olet saapunut sivustolle, etsi kaatumispelien osio tai k\u00e4yt\u00e4 hakupalkkia. Yleens\u00e4 pelien demoversiot ovat Pelit-osiossa.<\/li>\n<li>Etsi Aviator-peli esitetyist\u00e4 vaihtoehdoista ja napsauta sit\u00e4.<\/li>\n<li>Pelitiedoista l\u00f6yd\u00e4t yleens\u00e4 Play- tai Demo-painikkeen. Napsauta t\u00e4t\u00e4 painiketta aloittaaksesi Aviator-pelin demotilan.<\/li>\n<li>Pelin demoversio latautuu ja voit aloittaa pelaamisen ilman oikeaa rahaa. Demotilassa k\u00e4yt\u00e4t kasinon tarjoamaa virtuaalista rahaa Aviator crash -pelin pelaamiseen.<\/li>\n<\/ol>\n<p>N\u00e4in ollen n\u00e4it\u00e4 vaiheita noudattamalla voit helposti l\u00f6yt\u00e4\u00e4 ja pelata Aviator-pelin demoversion kasinon virallisilla verkkosivuilla.<\/p>\n<p><img loading=\"lazy\" decoding=\"async\" src=\"https:\/\/aviator-slotgame.com\/wp-content\/uploads\/Aviator-31-800-x-600-\u043f\u0438\u043a\u0441.jpg\" alt=\"Etsi demopeli Aviator\" width=\"800\" height=\"600\" \/><\/p>\n\n<div style=\"font-size: 0px; height: 0px; line-height: 0px; margin: 0; padding: 0; clear: both;\"><\/div>","protected":false},"excerpt":{"rendered":"<p>Spribe&#039;s Aviator on uusi ja j\u00e4nnitt\u00e4v\u00e4 kasinopeli, jonka avulla pelaajat voivat kokea voittamisen j\u00e4nnityksen<\/p>","protected":false},"author":1,"featured_media":0,"parent":0,"menu_order":0,"comment_status":"closed","ping_status":"closed","template":"","meta":{"footnotes":""},"class_list":["post-26","page","type-page","status-publish","hentry"],"yoast_head":"<!-- This site is optimized with the Yoast SEO plugin v22.0 - https:\/\/yoast.com\/wordpress\/plugins\/seo\/ -->\n<title>\u0414\u0435\u043c\u043e-\u0432\u0435\u0440\u0441\u0438\u044f \u0438\u0433\u0440\u044b \u0410\u0432\u0438\u0430\u0442\u043e\u0440 \u2014 \u0418\u0433\u0440\u0430\u0439\u0442\u0435 \u0432 \u043a\u0440\u0430\u0448-\u0441\u043b\u043e\u0442 \u0431\u0435\u0441\u043f\u043b\u0430\u0442\u043d\u043e<\/title>\n<meta name=\"description\" content=\"\u0418\u0433\u0440\u0430\u0439 \u0432 \u0434\u0435\u043c\u043e-\u0432\u0435\u0440\u0441\u0438\u044e \u0410\u0432\u0438\u0430\u0442\u043e\u0440 \u0431\u0435\u0441\u043f\u043b\u0430\u0442\u043d\u043e. \u0422\u0440\u0435\u043d\u0438\u0440\u0443\u0439\u0441\u044f \u0431\u0435\u0437 \u0434\u0435\u043d\u0435\u0433 \u0432 \u043a\u0440\u0430\u0448-\u0441\u043b\u043e\u0442\u0435 \u043e\u0442 Spribe \u043f\u0435\u0440\u0435\u0434 \u0438\u0433\u0440\u043e\u0439 \u043d\u0430 \u0440\u0435\u0430\u043b\u044c\u043d\u044b\u0435 \u0434\u0435\u043d\u044c\u0433\u0438 \u0432 \u043e\u043d\u043b\u0430\u0439\u043d \u043a\u0430\u0437\u0438\u043d\u043e.\" \/>\n<meta name=\"robots\" content=\"index, follow, max-snippet:-1, max-image-preview:large, max-video-preview:-1\" \/>\n<link rel=\"canonical\" href=\"https:\/\/aviator-slotgame.com\/fi\/kuinka-pelata-aviator-demoa-ilmaiseksi\/\" \/>\n<meta property=\"og:locale\" content=\"fi_FI\" \/>\n<meta property=\"og:type\" content=\"article\" \/>\n<meta property=\"og:title\" content=\"\u0414\u0435\u043c\u043e-\u0432\u0435\u0440\u0441\u0438\u044f \u0438\u0433\u0440\u044b \u0410\u0432\u0438\u0430\u0442\u043e\u0440 \u2014 \u0418\u0433\u0440\u0430\u0439\u0442\u0435 \u0432 \u043a\u0440\u0430\u0448-\u0441\u043b\u043e\u0442 \u0431\u0435\u0441\u043f\u043b\u0430\u0442\u043d\u043e\" \/>\n<meta property=\"og:description\" content=\"\u0418\u0433\u0440\u0430\u0439 \u0432 \u0434\u0435\u043c\u043e-\u0432\u0435\u0440\u0441\u0438\u044e \u0410\u0432\u0438\u0430\u0442\u043e\u0440 \u0431\u0435\u0441\u043f\u043b\u0430\u0442\u043d\u043e. \u0422\u0440\u0435\u043d\u0438\u0440\u0443\u0439\u0441\u044f \u0431\u0435\u0437 \u0434\u0435\u043d\u0435\u0433 \u0432 \u043a\u0440\u0430\u0448-\u0441\u043b\u043e\u0442\u0435 \u043e\u0442 Spribe \u043f\u0435\u0440\u0435\u0434 \u0438\u0433\u0440\u043e\u0439 \u043d\u0430 \u0440\u0435\u0430\u043b\u044c\u043d\u044b\u0435 \u0434\u0435\u043d\u044c\u0433\u0438 \u0432 \u043e\u043d\u043b\u0430\u0439\u043d \u043a\u0430\u0437\u0438\u043d\u043e.\" \/>\n<meta property=\"og:url\" content=\"https:\/\/aviator-slotgame.com\/fi\/kuinka-pelata-aviator-demoa-ilmaiseksi\/\" \/>\n<meta property=\"og:site_name\" content=\"Aviator\" \/>\n<meta property=\"article:modified_time\" content=\"2024-10-03T23:16:00+00:00\" \/>\n<meta property=\"og:image\" content=\"https:\/\/aviator-slotgame.com\/wp-content\/uploads\/aviator-3.png\" \/>\n<meta name=\"twitter:card\" content=\"summary_large_image\" \/>\n<meta name=\"twitter:label1\" content=\"Arvioitu lukuaika\" \/>\n\t<meta name=\"twitter:data1\" content=\"6 minuuttia\" \/>\n<script type=\"application\/ld+json\" class=\"yoast-schema-graph\">{\"@context\":\"https:\/\/schema.org\",\"@graph\":[{\"@type\":\"WebPage\",\"@id\":\"https:\/\/aviator-slotgame.com\/play-for-free\/\",\"url\":\"https:\/\/aviator-slotgame.com\/play-for-free\/\",\"name\":\"\u0414\u0435\u043c\u043e-\u0432\u0435\u0440\u0441\u0438\u044f \u0438\u0433\u0440\u044b \u0410\u0432\u0438\u0430\u0442\u043e\u0440 \u2014 \u0418\u0433\u0440\u0430\u0439\u0442\u0435 \u0432 \u043a\u0440\u0430\u0448-\u0441\u043b\u043e\u0442 \u0431\u0435\u0441\u043f\u043b\u0430\u0442\u043d\u043e\",\"isPartOf\":{\"@id\":\"https:\/\/aviator-slotgame.com\/#website\"},\"datePublished\":\"2024-01-31T12:57:07+00:00\",\"dateModified\":\"2024-10-03T23:16:00+00:00\",\"description\":\"\u0418\u0433\u0440\u0430\u0439 \u0432 \u0434\u0435\u043c\u043e-\u0432\u0435\u0440\u0441\u0438\u044e \u0410\u0432\u0438\u0430\u0442\u043e\u0440 \u0431\u0435\u0441\u043f\u043b\u0430\u0442\u043d\u043e. \u0422\u0440\u0435\u043d\u0438\u0440\u0443\u0439\u0441\u044f \u0431\u0435\u0437 \u0434\u0435\u043d\u0435\u0433 \u0432 \u043a\u0440\u0430\u0448-\u0441\u043b\u043e\u0442\u0435 \u043e\u0442 Spribe \u043f\u0435\u0440\u0435\u0434 \u0438\u0433\u0440\u043e\u0439 \u043d\u0430 \u0440\u0435\u0430\u043b\u044c\u043d\u044b\u0435 \u0434\u0435\u043d\u044c\u0433\u0438 \u0432 \u043e\u043d\u043b\u0430\u0439\u043d \u043a\u0430\u0437\u0438\u043d\u043e.\",\"breadcrumb\":{\"@id\":\"https:\/\/aviator-slotgame.com\/play-for-free\/#breadcrumb\"},\"inLanguage\":\"fi\",\"potentialAction\":[{\"@type\":\"ReadAction\",\"target\":[\"https:\/\/aviator-slotgame.com\/play-for-free\/\"]}]},{\"@type\":\"BreadcrumbList\",\"@id\":\"https:\/\/aviator-slotgame.com\/play-for-free\/#breadcrumb\",\"itemListElement\":[{\"@type\":\"ListItem\",\"position\":1,\"name\":\"Home\",\"item\":\"https:\/\/aviator-slotgame.com\/\"},{\"@type\":\"ListItem\",\"position\":2,\"name\":\"\u041a\u0430\u043a \u0438\u0433\u0440\u0430\u0442\u044c \u0432 \u0434\u0435\u043c\u043e-\u0432\u0435\u0440\u0441\u0438\u044e \u0410\u0432\u0438\u0430\u0442\u043e\u0440\u0430 \u0431\u0435\u0441\u043f\u043b\u0430\u0442\u043d\u043e\"}]},{\"@type\":\"WebSite\",\"@id\":\"https:\/\/aviator-slotgame.com\/#website\",\"url\":\"https:\/\/aviator-slotgame.com\/\",\"name\":\"Aviator\",\"description\":\"\",\"publisher\":{\"@id\":\"https:\/\/aviator-slotgame.com\/#organization\"},\"potentialAction\":[{\"@type\":\"SearchAction\",\"target\":{\"@type\":\"EntryPoint\",\"urlTemplate\":\"https:\/\/aviator-slotgame.com\/?s={search_term_string}\"},\"query-input\":\"required name=search_term_string\"}],\"inLanguage\":\"fi\"},{\"@type\":\"Organization\",\"@id\":\"https:\/\/aviator-slotgame.com\/#organization\",\"name\":\"Aviator\",\"url\":\"https:\/\/aviator-slotgame.com\/\",\"logo\":{\"@type\":\"ImageObject\",\"inLanguage\":\"fi\",\"@id\":\"https:\/\/aviator-slotgame.com\/#\/schema\/logo\/image\/\",\"url\":\"https:\/\/aviator-slotgame.com\/wp-content\/uploads\/16f5e8_dade544d4623411c9c4153c639aae85amv2.webp\",\"contentUrl\":\"https:\/\/aviator-slotgame.com\/wp-content\/uploads\/16f5e8_dade544d4623411c9c4153c639aae85amv2.webp\",\"width\":400,\"height\":300,\"caption\":\"Aviator\"},\"image\":{\"@id\":\"https:\/\/aviator-slotgame.com\/#\/schema\/logo\/image\/\"}}]}<\/script>\n<!-- \/ Yoast SEO plugin. -->","yoast_head_json":{"title":"\u0414\u0435\u043c\u043e-\u0432\u0435\u0440\u0441\u0438\u044f \u0438\u0433\u0440\u044b \u0410\u0432\u0438\u0430\u0442\u043e\u0440 \u2014 \u0418\u0433\u0440\u0430\u0439\u0442\u0435 \u0432 \u043a\u0440\u0430\u0448-\u0441\u043b\u043e\u0442 \u0431\u0435\u0441\u043f\u043b\u0430\u0442\u043d\u043e","description":"\u0418\u0433\u0440\u0430\u0439 \u0432 \u0434\u0435\u043c\u043e-\u0432\u0435\u0440\u0441\u0438\u044e \u0410\u0432\u0438\u0430\u0442\u043e\u0440 \u0431\u0435\u0441\u043f\u043b\u0430\u0442\u043d\u043e. \u0422\u0440\u0435\u043d\u0438\u0440\u0443\u0439\u0441\u044f \u0431\u0435\u0437 \u0434\u0435\u043d\u0435\u0433 \u0432 \u043a\u0440\u0430\u0448-\u0441\u043b\u043e\u0442\u0435 \u043e\u0442 Spribe \u043f\u0435\u0440\u0435\u0434 \u0438\u0433\u0440\u043e\u0439 \u043d\u0430 \u0440\u0435\u0430\u043b\u044c\u043d\u044b\u0435 \u0434\u0435\u043d\u044c\u0433\u0438 \u0432 \u043e\u043d\u043b\u0430\u0439\u043d \u043a\u0430\u0437\u0438\u043d\u043e.","robots":{"index":"index","follow":"follow","max-snippet":"max-snippet:-1","max-image-preview":"max-image-preview:large","max-video-preview":"max-video-preview:-1"},"canonical":"https:\/\/aviator-slotgame.com\/fi\/kuinka-pelata-aviator-demoa-ilmaiseksi\/","og_locale":"fi_FI","og_type":"article","og_title":"\u0414\u0435\u043c\u043e-\u0432\u0435\u0440\u0441\u0438\u044f \u0438\u0433\u0440\u044b \u0410\u0432\u0438\u0430\u0442\u043e\u0440 \u2014 \u0418\u0433\u0440\u0430\u0439\u0442\u0435 \u0432 \u043a\u0440\u0430\u0448-\u0441\u043b\u043e\u0442 \u0431\u0435\u0441\u043f\u043b\u0430\u0442\u043d\u043e","og_description":"\u0418\u0433\u0440\u0430\u0439 \u0432 \u0434\u0435\u043c\u043e-\u0432\u0435\u0440\u0441\u0438\u044e \u0410\u0432\u0438\u0430\u0442\u043e\u0440 \u0431\u0435\u0441\u043f\u043b\u0430\u0442\u043d\u043e. \u0422\u0440\u0435\u043d\u0438\u0440\u0443\u0439\u0441\u044f \u0431\u0435\u0437 \u0434\u0435\u043d\u0435\u0433 \u0432 \u043a\u0440\u0430\u0448-\u0441\u043b\u043e\u0442\u0435 \u043e\u0442 Spribe \u043f\u0435\u0440\u0435\u0434 \u0438\u0433\u0440\u043e\u0439 \u043d\u0430 \u0440\u0435\u0430\u043b\u044c\u043d\u044b\u0435 \u0434\u0435\u043d\u044c\u0433\u0438 \u0432 \u043e\u043d\u043b\u0430\u0439\u043d \u043a\u0430\u0437\u0438\u043d\u043e.","og_url":"https:\/\/aviator-slotgame.com\/fi\/kuinka-pelata-aviator-demoa-ilmaiseksi\/","og_site_name":"Aviator","article_modified_time":"2024-10-03T23:16:00+00:00","og_image":[{"url":"https:\/\/aviator-slotgame.com\/wp-content\/uploads\/aviator-3.png"}],"twitter_card":"summary_large_image","twitter_misc":{"Arvioitu lukuaika":"6 minuuttia"},"schema":{"@context":"https:\/\/schema.org","@graph":[{"@type":"WebPage","@id":"https:\/\/aviator-slotgame.com\/play-for-free\/","url":"https:\/\/aviator-slotgame.com\/play-for-free\/","name":"\u0414\u0435\u043c\u043e-\u0432\u0435\u0440\u0441\u0438\u044f \u0438\u0433\u0440\u044b \u0410\u0432\u0438\u0430\u0442\u043e\u0440 \u2014 \u0418\u0433\u0440\u0430\u0439\u0442\u0435 \u0432 \u043a\u0440\u0430\u0448-\u0441\u043b\u043e\u0442 \u0431\u0435\u0441\u043f\u043b\u0430\u0442\u043d\u043e","isPartOf":{"@id":"https:\/\/aviator-slotgame.com\/#website"},"datePublished":"2024-01-31T12:57:07+00:00","dateModified":"2024-10-03T23:16:00+00:00","description":"\u0418\u0433\u0440\u0430\u0439 \u0432 \u0434\u0435\u043c\u043e-\u0432\u0435\u0440\u0441\u0438\u044e \u0410\u0432\u0438\u0430\u0442\u043e\u0440 \u0431\u0435\u0441\u043f\u043b\u0430\u0442\u043d\u043e. \u0422\u0440\u0435\u043d\u0438\u0440\u0443\u0439\u0441\u044f \u0431\u0435\u0437 \u0434\u0435\u043d\u0435\u0433 \u0432 \u043a\u0440\u0430\u0448-\u0441\u043b\u043e\u0442\u0435 \u043e\u0442 Spribe \u043f\u0435\u0440\u0435\u0434 \u0438\u0433\u0440\u043e\u0439 \u043d\u0430 \u0440\u0435\u0430\u043b\u044c\u043d\u044b\u0435 \u0434\u0435\u043d\u044c\u0433\u0438 \u0432 \u043e\u043d\u043b\u0430\u0439\u043d \u043a\u0430\u0437\u0438\u043d\u043e.","breadcrumb":{"@id":"https:\/\/aviator-slotgame.com\/play-for-free\/#breadcrumb"},"inLanguage":"fi","potentialAction":[{"@type":"ReadAction","target":["https:\/\/aviator-slotgame.com\/play-for-free\/"]}]},{"@type":"BreadcrumbList","@id":"https:\/\/aviator-slotgame.com\/play-for-free\/#breadcrumb","itemListElement":[{"@type":"ListItem","position":1,"name":"Home","item":"https:\/\/aviator-slotgame.com\/"},{"@type":"ListItem","position":2,"name":"\u041a\u0430\u043a \u0438\u0433\u0440\u0430\u0442\u044c \u0432 \u0434\u0435\u043c\u043e-\u0432\u0435\u0440\u0441\u0438\u044e \u0410\u0432\u0438\u0430\u0442\u043e\u0440\u0430 \u0431\u0435\u0441\u043f\u043b\u0430\u0442\u043d\u043e"}]},{"@type":"WebSite","@id":"https:\/\/aviator-slotgame.com\/#website","url":"https:\/\/aviator-slotgame.com\/","name":"Aviator","description":"","publisher":{"@id":"https:\/\/aviator-slotgame.com\/#organization"},"potentialAction":[{"@type":"SearchAction","target":{"@type":"EntryPoint","urlTemplate":"https:\/\/aviator-slotgame.com\/?s={search_term_string}"},"query-input":"required name=search_term_string"}],"inLanguage":"fi"},{"@type":"Organization","@id":"https:\/\/aviator-slotgame.com\/#organization","name":"Aviator","url":"https:\/\/aviator-slotgame.com\/","logo":{"@type":"ImageObject","inLanguage":"fi","@id":"https:\/\/aviator-slotgame.com\/#\/schema\/logo\/image\/","url":"https:\/\/aviator-slotgame.com\/wp-content\/uploads\/16f5e8_dade544d4623411c9c4153c639aae85amv2.webp","contentUrl":"https:\/\/aviator-slotgame.com\/wp-content\/uploads\/16f5e8_dade544d4623411c9c4153c639aae85amv2.webp","width":400,"height":300,"caption":"Aviator"},"image":{"@id":"https:\/\/aviator-slotgame.com\/#\/schema\/logo\/image\/"}}]}},"amp_enabled":true,"_links":{"self":[{"href":"https:\/\/aviator-slotgame.com\/fi\/wp-json\/wp\/v2\/pages\/26","targetHints":{"allow":["GET"]}}],"collection":[{"href":"https:\/\/aviator-slotgame.com\/fi\/wp-json\/wp\/v2\/pages"}],"about":[{"href":"https:\/\/aviator-slotgame.com\/fi\/wp-json\/wp\/v2\/types\/page"}],"author":[{"embeddable":true,"href":"https:\/\/aviator-slotgame.com\/fi\/wp-json\/wp\/v2\/users\/1"}],"replies":[{"embeddable":true,"href":"https:\/\/aviator-slotgame.com\/fi\/wp-json\/wp\/v2\/comments?post=26"}],"version-history":[{"count":19,"href":"https:\/\/aviator-slotgame.com\/fi\/wp-json\/wp\/v2\/pages\/26\/revisions"}],"predecessor-version":[{"id":412,"href":"https:\/\/aviator-slotgame.com\/fi\/wp-json\/wp\/v2\/pages\/26\/revisions\/412"}],"wp:attachment":[{"href":"https:\/\/aviator-slotgame.com\/fi\/wp-json\/wp\/v2\/media?parent=26"}],"curies":[{"name":"wp","href":"https:\/\/api.w.org\/{rel}","templated":true}]}}