{"id":263,"date":"2024-09-06T14:43:40","date_gmt":"2024-09-06T14:43:40","guid":{"rendered":"https:\/\/aviator-slotgame.com\/?page_id=263"},"modified":"2024-09-08T10:40:25","modified_gmt":"2024-09-08T10:40:25","slug":"aviator","status":"publish","type":"page","link":"https:\/\/aviator-slotgame.com\/fi\/aviator\/","title":{"rendered":"S\u00e4\u00e4nn\u00f6t, ominaisuudet ja voitot kolikkopeliss\u00e4 rahasta"},"content":{"rendered":"<div class=\"af4a7155a1cd98782f7f03d118fd9682\" data-index=\"1\" style=\"float: none; margin:10px 0 10px 0; text-align:center;\">\n<div class=\"custom-play-button\">\r\n<center><a href=\"https:\/\/aviator-slotgame.com\/fi\/play-game\/\" rel=\"nofollow\" target=\"_blank\">Pelaa nyt<\/a><br><\/center>\r\n<\/div>\n<\/div>\n<h1><\/h1>\n<p><img loading=\"lazy\" decoding=\"async\" class=\"alignnone size-full wp-image-264\" src=\"https:\/\/aviator-slotgame.com\/wp-content\/uploads\/Aviator-7-800-x-600-\u043f\u0438\u043a\u0441.jpg\" alt=\"Online-kolikkopeli Aviator - Pelaa oikealla rahalla kasinolla \" width=\"800\" height=\"600\" srcset=\"https:\/\/aviator-slotgame.com\/wp-content\/uploads\/Aviator-7-800-x-600-\u043f\u0438\u043a\u0441.jpg 800w, https:\/\/aviator-slotgame.com\/wp-content\/uploads\/Aviator-7-800-x-600-\u043f\u0438\u043a\u0441-300x225.jpg 300w, https:\/\/aviator-slotgame.com\/wp-content\/uploads\/Aviator-7-800-x-600-\u043f\u0438\u043a\u0441-768x576.jpg 768w, https:\/\/aviator-slotgame.com\/wp-content\/uploads\/Aviator-7-800-x-600-\u043f\u0438\u043a\u0441-16x12.jpg 16w\" sizes=\"auto, (max-width: 800px) 100vw, 800px\" \/><\/p>\n<h2>Mik\u00e4 on online-onnettomuuspeli Aviator?<\/h2>\n<p>Aviator on yksi suosituimmista Spribe Studion kehitt\u00e4mist\u00e4 peleist\u00e4. Uusi, satunnaislukugeneraattorin pohjalta luotu tuote nykyaikaisilla markkinoilla valloittaa pelaajan alusta alkaen. Voittaja ratkeaa satunnaisella valinnalla! T\u00e4m\u00e4 pit\u00e4\u00e4 pelin oikeudenmukaisena ja n\u00e4ytt\u00e4\u00e4 pelaajalle, ett\u00e4 h\u00e4nen panoksensa ei ole riippuvainen pelin alustasta tai tarinasta. Aviator eroaa muista suosituista t\u00f6rm\u00e4yspeleist\u00e4 alkuper\u00e4isen pelattavuuden suhteen. Peli houkuttelee my\u00f6s melko yksinkertaisilla s\u00e4\u00e4nn\u00f6ill\u00e4\u00e4n ja mahdollisuudella ansaita oikeaa rahaa, mik\u00e4 tekee siit\u00e4 suositun pelaajien ja erityisesti lentokoneiden ja kaiken lent\u00e4miseen liittyv\u00e4n fanien keskuudessa!<\/p>\n<p>Pelin ydin on, ett\u00e4 k\u00e4ytt\u00e4j\u00e4ll\u00e4 on oltava aikaa s\u00e4\u00e4st\u00e4\u00e4 panoksensa ennen kuin kone lent\u00e4\u00e4 pois, jolloin pelaajan kerroin nollataan.<\/p>\n<p>Spribe on tunnettu innovatiivisten online-pelien ja pelialustojen kehitt\u00e4miseen erikoistunut yritys, jonka pelit ovat suosittuja pelaajien keskuudessa ymp\u00e4ri maailmaa. Yritys perustettiin vuonna 2018 ja onnistui lyhyess\u00e4 ajassa saavuttamaan suosion pelaajien ja nettikasinooperaattoreiden keskuudessa j\u00e4nnitt\u00e4v\u00e4n pelimekaniikkansa ja kyvyn pelata sek\u00e4 rahalla ett\u00e4 demotilassa.<\/p><div class=\"af4a7155a1cd98782f7f03d118fd9682\" data-index=\"1\" style=\"float: none; margin:10px 0 10px 0; text-align:center;\">\n<div class=\"custom-play-button\">\r\n<center><a href=\"https:\/\/aviator-slotgame.com\/fi\/play-game\/\" rel=\"nofollow\" target=\"_blank\">Pelaa nyt<\/a><br><\/center>\r\n<\/div>\n<\/div>\n\n<h2>Syit\u00e4 online-pelin Aviator suosioon<\/h2>\n<p>Mik\u00e4 tekee Aviator-pelist\u00e4 niin suositun pelaajien keskuudessa?<\/p>\n<ol>\n<li>S\u00e4\u00e4nt\u00f6jen yksinkertaisuus: Aviator-peliss\u00e4 on yksinkertaiset ja ymm\u00e4rrett\u00e4v\u00e4t s\u00e4\u00e4nn\u00f6t, mik\u00e4 tekee siit\u00e4 kaikkien pelaajien ulottuvilla heid\u00e4n kokemuksestaan ja koulutustasostaan riippumatta.<\/li>\n<\/ol>\n<p>Demotila: Jos et halua riskeerata rahojasi ja pelk\u00e4\u00e4t aloittaa, tarkista se ja kokeile itse\u00e4si ilmaisessa tilassa. Et sijoita oikeaa rahaa. &quot;Fun Mode&quot; antaa pelaajille mahdollisuuden p\u00e4\u00e4st\u00e4 l\u00e4hemm\u00e4ksi peli\u00e4 vaarantamatta s\u00e4\u00e4st\u00f6j\u00e4\u00e4n.<\/p>\n<p>Mahdollisuus nopeisiin voittoihin: Aviator-uhkapeli tarjoaa mahdollisuuden voittaa nopeasti, mik\u00e4 houkuttelee monia j\u00e4nnityst\u00e4 ja adrenaliinia etsivi\u00e4 pelaajia.<\/p>\n<p>Erilaisia vetoja: Aviator-peli tarjoaa erilaisia vetotyyppej\u00e4, joiden avulla pelaajat voivat valita itselleen sopivan riskitason ja mahdollisen palkkion.<\/p>\n<p>Mahdollisuus pelata verkossa: Aviator-peli on saatavilla online-muodossa, mik\u00e4 mahdollistaa sen pelaamisen milloin tahansa ja mist\u00e4 p\u00e4in maailmaa tahansa.<\/p>\n<p>Mukavuus ja saavutettavuus: Aviator-verkkopelin avulla pelaajat voivat nauttia j\u00e4nnityksest\u00e4 suoraan kotoa tai mist\u00e4 tahansa muusta paikasta poistumatta kotoa. T\u00e4m\u00e4 tekee pelist\u00e4 k\u00e4tev\u00e4n ja monien pelaajien ulottuvilla.<\/p>\n<p>Bonukset ja erikoistarjoukset: Monet Aviator-peli\u00e4 tarjoavat nettikasinot tarjoavat usein erilaisia bonuksia, tarjouksia ja erikoistarjouksia houkutellakseen uusia pelaajia ja palkitakseen tavallisia pelaajia. T\u00e4m\u00e4 tekee pelist\u00e4 entist\u00e4 houkuttelevamman.<\/p>\n<p>Grafiikka ja \u00e4\u00e4nisuunnittelu: Nykyaikaiset nettikasinot tarjoavat yleens\u00e4 korkealaatuista grafiikkaa ja \u00e4\u00e4nisuunnittelua peleille, mukaan lukien Aviator-pelille. Ja dynaaminen ja j\u00e4nnitt\u00e4v\u00e4 pelattavuus ei varmasti anna pelaajien kyll\u00e4sty\u00e4 ja yll\u00e4pit\u00e4\u00e4 kiinnostusta peliin koko ajan.<\/p>\n<p>Mobiilipelattavuus: Monet online-kasinot tarjoavat Aviator-peli\u00e4 mobiililaitteiden kanssa yhteensopivassa muodossa, jolloin pelaajat voivat nauttia pelist\u00e4 milloin ja miss\u00e4 tahansa. \u00c4l\u00e4 unohda varmistaa, ett\u00e4 sinulla on hyv\u00e4 Internet-yhteys ja riitt\u00e4v\u00e4 lataus mobiililaitteellasi!<\/p>\n<p>&nbsp;<\/p>\n<h2>Aviator uhkapelis\u00e4\u00e4nn\u00f6t<\/h2>\n<p>Peliss\u00e4 on yksinkertaiset ja selke\u00e4t s\u00e4\u00e4nn\u00f6t, joissa k\u00e4ytt\u00e4j\u00e4 ly\u00f6 vetoa tietylle tulokselle ja voi voittaa kertomalla panoksensa kertoimella. Voit pelata joko manuaalisessa tilassa tekem\u00e4ll\u00e4 omia panoksiasi tai automaattitilassa, jolloin peli tekee panoksia puolestasi asettami parametrien perusteella.<\/p>\n<h3>Pelin s\u00e4\u00e4nn\u00f6t<\/h3>\n<p>Aloita Aviator-pelin pelaaminen seuraavasti:<\/p>\n<ol>\n<li>Etsi online-kasino tai pelialusta, joka tarjoaa Aviator-pelin.<\/li>\n<li>Rekister\u00f6idy valitsemallesi alustalle luomalla tili ja antamalla tarvittavat tiedot.<\/li>\n<li>T\u00e4yt\u00e4 pelitilillesi rahaa, jotta voit ly\u00f6d\u00e4 vetoa peliss\u00e4.<\/li>\n<li>Etsi Aviator-peli alustalta ja valitse vetosi.<\/li>\n<li>Peli alkaa pelaajan panostamalla.<\/li>\n<li>Noudata ruudulla olevia s\u00e4\u00e4nt\u00f6j\u00e4 ja ohjeita ja ohjaa peliprosessia napsauttamalla asianmukaisia painikkeita.<\/li>\n<li>Kun panos on asetettu, kone alkaa liikkua yl\u00f6s- tai alasp\u00e4in kertoimilla.<\/li>\n<li>Pelaaja voi milloin tahansa lopettaa pelin ja saada voitot kerrottuna nykyisell\u00e4 kertoimella napsauttamalla Nosto-painiketta. Voit my\u00f6s jatkaa peli\u00e4 ja odottaa voittojen kasvattamista. Yrit\u00e4 arvata, milloin voit nostaa voittosi v\u00e4ltt\u00e4\u00e4ksesi vedon nollaa.<\/li>\n<li>Jos pelaaja ei napsauta Take Winnings -painiketta ja kone saavuttaa kertoimien asteikon lopun, panos nollataan eik\u00e4 pelaaja saa voittoja.<\/li>\n<li>Pelin tavoitteena on ottaa voittosi oikeaan aikaan ja v\u00e4ltt\u00e4\u00e4 panoksen nollaamista.<\/li>\n<\/ol>\n<p>Muista pelata vastuullisesti, panostaa vain sen rahasumman verran, jonka olet valmis h\u00e4vi\u00e4m\u00e4\u00e4n, ja hallitse uhkapelitoimintaasi.<\/p>\n<p>Kun otetaan huomioon lentokoneen ainutlaatuinen lentorata, pelaamisesta tulee pelaajille entist\u00e4 mielenkiintoisempi ja j\u00e4nnitt\u00e4v\u00e4mpi. Samalla on t\u00e4rke\u00e4\u00e4 olla tietoinen panoksistasi ja hallita toimiasi, jotta oikealla rahalla pelaamisen j\u00e4nnitys s\u00e4ilyy.<\/p>\n<p>Aviator-verkkopelin t\u00e4rkeimm\u00e4t ominaisuudet<\/p>\n<table>\n<tbody>\n<tr>\n<td>RTP<\/td>\n<td>96,49%, 96,48%, 95,45%<\/td>\n<\/tr>\n<tr>\n<td>Kehitt\u00e4j\u00e4<\/td>\n<td>Studio Spribe<\/td>\n<\/tr>\n<tr>\n<td>Ilmaiskierrokset<\/td>\n<td>Ei<\/td>\n<\/tr>\n<tr>\n<td>Bonuspeli<\/td>\n<td>Ei<\/td>\n<\/tr>\n<tr>\n<td>Minimihinta<\/td>\n<td>0,1$<\/td>\n<\/tr>\n<tr>\n<td>Maksimipanos<\/td>\n<td>100$<\/td>\n<\/tr>\n<\/tbody>\n<\/table>\n<p>&nbsp;<\/p>\n<h2>Bonukset uhkapeliss\u00e4 Aviator<\/h2>\n<p>Bonuksia ja alennuksia Aviator-verkkopeliss\u00e4 voidaan tarjota pelaajille eri tavoin pelialustasta tai kasinosta riippuen.<\/p>\n<p>T\u00e4ss\u00e4 on joitain mahdollisia bonuksia ja alennuksia, jotka voivat olla saatavilla Aviator-peliss\u00e4:<\/p>\n<h3>Tervetuliaisbonukset<\/h3>\n<p>uusille pelaajille voidaan tarjota erityisi\u00e4 bonuksia rekister\u00f6ityess\u00e4\u00e4n alustalle, kuten ylim\u00e4\u00e4r\u00e4isi\u00e4 tilivaroja tai ilmaiskierroksia.<\/p>\n<h3>Talletusbonukset<\/h3>\n<p>pelaajat voivat saada bonuksia, kun he t\u00e4ydent\u00e4v\u00e4t pelitili\u00e4\u00e4n tietyll\u00e4 summalla.<\/p>\n<h3>Kampanjat<\/h3>\n<p>kasinot tai pelialustat voivat j\u00e4rjest\u00e4\u00e4 v\u00e4liaikaisia tarjouksia, jotka tarjoavat erilaisia bonuksia ja alennuksia Aviator-pelin pelaajille.<\/p>\n<h3>VIP-ohjelmat<\/h3>\n<p>Jotkut alustat voivat tarjota pelaajille osallistumisen VIP-ohjelmiin, joissa on saatavilla lis\u00e4bonuksia, cashbackia ja muita etuja.<\/p>\n<h3>Cashback<\/h3>\n<p>Pelaajilla voi olla mahdollisuus saada osa menetetyist\u00e4 varoistaan cashbackina osana bonusohjelmaa.<\/p>\n<p>Ennen kuin osallistut Aviator-pelin bonuksiin ja alennuksiin, on t\u00e4rke\u00e4\u00e4 k\u00e4yd\u00e4 l\u00e4pi ehdot ja vaatimukset huolellisesti, jotta ymm\u00e4rr\u00e4t, miten ne toimivat ja mit\u00e4 sinulta vaaditaan saadaksesi t\u00e4yden hy\u00f6dyn.<\/p>\n\n<div style=\"font-size: 0px; height: 0px; line-height: 0px; margin: 0; padding: 0; clear: both;\"><\/div>","protected":false},"excerpt":{"rendered":"<p>Mik\u00e4 on Aviator online-onnettomuuspeli? Aviator on yksi suosituimmista Spribe Studion kehitt\u00e4mist\u00e4 peleist\u00e4. Uutta nykyaikaisilla markkinoilla,<\/p>","protected":false},"author":1,"featured_media":0,"parent":0,"menu_order":0,"comment_status":"closed","ping_status":"closed","template":"","meta":{"footnotes":""},"class_list":["post-263","page","type-page","status-publish","hentry"],"yoast_head":"<!-- This site is optimized with the Yoast SEO plugin v22.0 - https:\/\/yoast.com\/wordpress\/plugins\/seo\/ -->\n<title>\u041e\u043d\u043b\u0430\u0439\u043d \u0441\u043b\u043e\u0442 \u0410\u0432\u0438\u0430\u0442\u043e\u0440 \u2014 \u0418\u0433\u0440\u0430\u0439 \u043d\u0430 \u0440\u0435\u0430\u043b\u044c\u043d\u044b\u0435 \u0434\u0435\u043d\u044c\u0433\u0438 \u0432 \u043a\u0430\u0437\u0438\u043d\u043e<\/title>\n<meta name=\"description\" content=\"\u0423\u0437\u043d\u0430\u0439\u0442\u0435 \u0432\u0441\u0435 \u043e \u043a\u0440\u0430\u0448-\u0438\u0433\u0440\u0435 \u0410\u0432\u0438\u0430\u0442\u043e\u0440: \u043f\u0440\u0430\u0432\u0438\u043b\u0430, \u0431\u043e\u043d\u0443\u0441\u044b, \u043e\u0441\u043e\u0431\u0435\u043d\u043d\u043e\u0441\u0442\u0438 \u0438 \u0445\u0430\u0440\u0430\u043a\u0442\u0435\u0440\u0438\u0441\u0442\u0438\u043a\u0438 \u0438\u0433\u0440\u044b \u0434\u043b\u044f \u0443\u0432\u0435\u043b\u0438\u0447\u0435\u043d\u0438\u0435 \u043f\u0440\u0438\u0431\u044b\u043b\u0438 \u0432 \u043a\u0430\u0437\u0438\u043d\u043e. \u0418\u0433\u0440\u0430\u0439 \u0432 Aviator \u043e\u0442 Spribe \u0432 \u043e\u043d\u043b\u0430\u0439\u043d\u0435.\" \/>\n<meta name=\"robots\" content=\"index, follow, max-snippet:-1, max-image-preview:large, max-video-preview:-1\" \/>\n<link rel=\"canonical\" href=\"https:\/\/aviator-slotgame.com\/fi\/aviator\/\" \/>\n<meta property=\"og:locale\" content=\"fi_FI\" \/>\n<meta property=\"og:type\" content=\"article\" \/>\n<meta property=\"og:title\" content=\"\u041e\u043d\u043b\u0430\u0439\u043d \u0441\u043b\u043e\u0442 \u0410\u0432\u0438\u0430\u0442\u043e\u0440 \u2014 \u0418\u0433\u0440\u0430\u0439 \u043d\u0430 \u0440\u0435\u0430\u043b\u044c\u043d\u044b\u0435 \u0434\u0435\u043d\u044c\u0433\u0438 \u0432 \u043a\u0430\u0437\u0438\u043d\u043e\" \/>\n<meta property=\"og:description\" content=\"\u0423\u0437\u043d\u0430\u0439\u0442\u0435 \u0432\u0441\u0435 \u043e \u043a\u0440\u0430\u0448-\u0438\u0433\u0440\u0435 \u0410\u0432\u0438\u0430\u0442\u043e\u0440: \u043f\u0440\u0430\u0432\u0438\u043b\u0430, \u0431\u043e\u043d\u0443\u0441\u044b, \u043e\u0441\u043e\u0431\u0435\u043d\u043d\u043e\u0441\u0442\u0438 \u0438 \u0445\u0430\u0440\u0430\u043a\u0442\u0435\u0440\u0438\u0441\u0442\u0438\u043a\u0438 \u0438\u0433\u0440\u044b \u0434\u043b\u044f \u0443\u0432\u0435\u043b\u0438\u0447\u0435\u043d\u0438\u0435 \u043f\u0440\u0438\u0431\u044b\u043b\u0438 \u0432 \u043a\u0430\u0437\u0438\u043d\u043e. \u0418\u0433\u0440\u0430\u0439 \u0432 Aviator \u043e\u0442 Spribe \u0432 \u043e\u043d\u043b\u0430\u0439\u043d\u0435.\" \/>\n<meta property=\"og:url\" content=\"https:\/\/aviator-slotgame.com\/fi\/aviator\/\" \/>\n<meta property=\"og:site_name\" content=\"Aviator\" \/>\n<meta property=\"article:modified_time\" content=\"2024-09-08T10:40:25+00:00\" \/>\n<meta name=\"twitter:card\" content=\"summary_large_image\" \/>\n<meta name=\"twitter:label1\" content=\"Arvioitu lukuaika\" \/>\n\t<meta name=\"twitter:data1\" content=\"5 minuuttia\" \/>\n<script type=\"application\/ld+json\" class=\"yoast-schema-graph\">{\"@context\":\"https:\/\/schema.org\",\"@graph\":[{\"@type\":\"WebPage\",\"@id\":\"https:\/\/aviator-slotgame.com\/aviator\/\",\"url\":\"https:\/\/aviator-slotgame.com\/aviator\/\",\"name\":\"\u041e\u043d\u043b\u0430\u0439\u043d \u0441\u043b\u043e\u0442 \u0410\u0432\u0438\u0430\u0442\u043e\u0440 \u2014 \u0418\u0433\u0440\u0430\u0439 \u043d\u0430 \u0440\u0435\u0430\u043b\u044c\u043d\u044b\u0435 \u0434\u0435\u043d\u044c\u0433\u0438 \u0432 \u043a\u0430\u0437\u0438\u043d\u043e\",\"isPartOf\":{\"@id\":\"https:\/\/aviator-slotgame.com\/#website\"},\"datePublished\":\"2024-09-06T14:43:40+00:00\",\"dateModified\":\"2024-09-08T10:40:25+00:00\",\"description\":\"\u0423\u0437\u043d\u0430\u0439\u0442\u0435 \u0432\u0441\u0435 \u043e \u043a\u0440\u0430\u0448-\u0438\u0433\u0440\u0435 \u0410\u0432\u0438\u0430\u0442\u043e\u0440: \u043f\u0440\u0430\u0432\u0438\u043b\u0430, \u0431\u043e\u043d\u0443\u0441\u044b, \u043e\u0441\u043e\u0431\u0435\u043d\u043d\u043e\u0441\u0442\u0438 \u0438 \u0445\u0430\u0440\u0430\u043a\u0442\u0435\u0440\u0438\u0441\u0442\u0438\u043a\u0438 \u0438\u0433\u0440\u044b \u0434\u043b\u044f \u0443\u0432\u0435\u043b\u0438\u0447\u0435\u043d\u0438\u0435 \u043f\u0440\u0438\u0431\u044b\u043b\u0438 \u0432 \u043a\u0430\u0437\u0438\u043d\u043e. \u0418\u0433\u0440\u0430\u0439 \u0432 Aviator \u043e\u0442 Spribe \u0432 \u043e\u043d\u043b\u0430\u0439\u043d\u0435.\",\"breadcrumb\":{\"@id\":\"https:\/\/aviator-slotgame.com\/aviator\/#breadcrumb\"},\"inLanguage\":\"fi\",\"potentialAction\":[{\"@type\":\"ReadAction\",\"target\":[\"https:\/\/aviator-slotgame.com\/aviator\/\"]}]},{\"@type\":\"BreadcrumbList\",\"@id\":\"https:\/\/aviator-slotgame.com\/aviator\/#breadcrumb\",\"itemListElement\":[{\"@type\":\"ListItem\",\"position\":1,\"name\":\"Home\",\"item\":\"https:\/\/aviator-slotgame.com\/\"},{\"@type\":\"ListItem\",\"position\":2,\"name\":\"\u041f\u0440\u0430\u0432\u0438\u043b\u0430,\u043e\u0441\u043e\u0431\u0435\u043d\u043e\u0441\u0442\u0438 \u0438 \u0432\u044b\u0438\u0433\u0440\u044b\u0448\u0438 \u0432 \u043a\u0440\u0430\u0448-\u0441\u043b\u043e\u0442 \u0438\u0433\u0440\u0435 \u043d\u0430 \u0434\u0435\u043d\u044c\u0433\u0438\"}]},{\"@type\":\"WebSite\",\"@id\":\"https:\/\/aviator-slotgame.com\/#website\",\"url\":\"https:\/\/aviator-slotgame.com\/\",\"name\":\"Aviator\",\"description\":\"\",\"publisher\":{\"@id\":\"https:\/\/aviator-slotgame.com\/#organization\"},\"potentialAction\":[{\"@type\":\"SearchAction\",\"target\":{\"@type\":\"EntryPoint\",\"urlTemplate\":\"https:\/\/aviator-slotgame.com\/?s={search_term_string}\"},\"query-input\":\"required name=search_term_string\"}],\"inLanguage\":\"fi\"},{\"@type\":\"Organization\",\"@id\":\"https:\/\/aviator-slotgame.com\/#organization\",\"name\":\"Aviator\",\"url\":\"https:\/\/aviator-slotgame.com\/\",\"logo\":{\"@type\":\"ImageObject\",\"inLanguage\":\"fi\",\"@id\":\"https:\/\/aviator-slotgame.com\/#\/schema\/logo\/image\/\",\"url\":\"https:\/\/aviator-slotgame.com\/wp-content\/uploads\/16f5e8_dade544d4623411c9c4153c639aae85amv2.webp\",\"contentUrl\":\"https:\/\/aviator-slotgame.com\/wp-content\/uploads\/16f5e8_dade544d4623411c9c4153c639aae85amv2.webp\",\"width\":400,\"height\":300,\"caption\":\"Aviator\"},\"image\":{\"@id\":\"https:\/\/aviator-slotgame.com\/#\/schema\/logo\/image\/\"}}]}<\/script>\n<!-- \/ Yoast SEO plugin. -->","yoast_head_json":{"title":"\u041e\u043d\u043b\u0430\u0439\u043d \u0441\u043b\u043e\u0442 \u0410\u0432\u0438\u0430\u0442\u043e\u0440 \u2014 \u0418\u0433\u0440\u0430\u0439 \u043d\u0430 \u0440\u0435\u0430\u043b\u044c\u043d\u044b\u0435 \u0434\u0435\u043d\u044c\u0433\u0438 \u0432 \u043a\u0430\u0437\u0438\u043d\u043e","description":"\u0423\u0437\u043d\u0430\u0439\u0442\u0435 \u0432\u0441\u0435 \u043e \u043a\u0440\u0430\u0448-\u0438\u0433\u0440\u0435 \u0410\u0432\u0438\u0430\u0442\u043e\u0440: \u043f\u0440\u0430\u0432\u0438\u043b\u0430, \u0431\u043e\u043d\u0443\u0441\u044b, \u043e\u0441\u043e\u0431\u0435\u043d\u043d\u043e\u0441\u0442\u0438 \u0438 \u0445\u0430\u0440\u0430\u043a\u0442\u0435\u0440\u0438\u0441\u0442\u0438\u043a\u0438 \u0438\u0433\u0440\u044b \u0434\u043b\u044f \u0443\u0432\u0435\u043b\u0438\u0447\u0435\u043d\u0438\u0435 \u043f\u0440\u0438\u0431\u044b\u043b\u0438 \u0432 \u043a\u0430\u0437\u0438\u043d\u043e. \u0418\u0433\u0440\u0430\u0439 \u0432 Aviator \u043e\u0442 Spribe \u0432 \u043e\u043d\u043b\u0430\u0439\u043d\u0435.","robots":{"index":"index","follow":"follow","max-snippet":"max-snippet:-1","max-image-preview":"max-image-preview:large","max-video-preview":"max-video-preview:-1"},"canonical":"https:\/\/aviator-slotgame.com\/fi\/aviator\/","og_locale":"fi_FI","og_type":"article","og_title":"\u041e\u043d\u043b\u0430\u0439\u043d \u0441\u043b\u043e\u0442 \u0410\u0432\u0438\u0430\u0442\u043e\u0440 \u2014 \u0418\u0433\u0440\u0430\u0439 \u043d\u0430 \u0440\u0435\u0430\u043b\u044c\u043d\u044b\u0435 \u0434\u0435\u043d\u044c\u0433\u0438 \u0432 \u043a\u0430\u0437\u0438\u043d\u043e","og_description":"\u0423\u0437\u043d\u0430\u0439\u0442\u0435 \u0432\u0441\u0435 \u043e \u043a\u0440\u0430\u0448-\u0438\u0433\u0440\u0435 \u0410\u0432\u0438\u0430\u0442\u043e\u0440: \u043f\u0440\u0430\u0432\u0438\u043b\u0430, \u0431\u043e\u043d\u0443\u0441\u044b, \u043e\u0441\u043e\u0431\u0435\u043d\u043d\u043e\u0441\u0442\u0438 \u0438 \u0445\u0430\u0440\u0430\u043a\u0442\u0435\u0440\u0438\u0441\u0442\u0438\u043a\u0438 \u0438\u0433\u0440\u044b \u0434\u043b\u044f \u0443\u0432\u0435\u043b\u0438\u0447\u0435\u043d\u0438\u0435 \u043f\u0440\u0438\u0431\u044b\u043b\u0438 \u0432 \u043a\u0430\u0437\u0438\u043d\u043e. \u0418\u0433\u0440\u0430\u0439 \u0432 Aviator \u043e\u0442 Spribe \u0432 \u043e\u043d\u043b\u0430\u0439\u043d\u0435.","og_url":"https:\/\/aviator-slotgame.com\/fi\/aviator\/","og_site_name":"Aviator","article_modified_time":"2024-09-08T10:40:25+00:00","twitter_card":"summary_large_image","twitter_misc":{"Arvioitu lukuaika":"5 minuuttia"},"schema":{"@context":"https:\/\/schema.org","@graph":[{"@type":"WebPage","@id":"https:\/\/aviator-slotgame.com\/aviator\/","url":"https:\/\/aviator-slotgame.com\/aviator\/","name":"\u041e\u043d\u043b\u0430\u0439\u043d \u0441\u043b\u043e\u0442 \u0410\u0432\u0438\u0430\u0442\u043e\u0440 \u2014 \u0418\u0433\u0440\u0430\u0439 \u043d\u0430 \u0440\u0435\u0430\u043b\u044c\u043d\u044b\u0435 \u0434\u0435\u043d\u044c\u0433\u0438 \u0432 \u043a\u0430\u0437\u0438\u043d\u043e","isPartOf":{"@id":"https:\/\/aviator-slotgame.com\/#website"},"datePublished":"2024-09-06T14:43:40+00:00","dateModified":"2024-09-08T10:40:25+00:00","description":"\u0423\u0437\u043d\u0430\u0439\u0442\u0435 \u0432\u0441\u0435 \u043e \u043a\u0440\u0430\u0448-\u0438\u0433\u0440\u0435 \u0410\u0432\u0438\u0430\u0442\u043e\u0440: \u043f\u0440\u0430\u0432\u0438\u043b\u0430, \u0431\u043e\u043d\u0443\u0441\u044b, \u043e\u0441\u043e\u0431\u0435\u043d\u043d\u043e\u0441\u0442\u0438 \u0438 \u0445\u0430\u0440\u0430\u043a\u0442\u0435\u0440\u0438\u0441\u0442\u0438\u043a\u0438 \u0438\u0433\u0440\u044b \u0434\u043b\u044f \u0443\u0432\u0435\u043b\u0438\u0447\u0435\u043d\u0438\u0435 \u043f\u0440\u0438\u0431\u044b\u043b\u0438 \u0432 \u043a\u0430\u0437\u0438\u043d\u043e. \u0418\u0433\u0440\u0430\u0439 \u0432 Aviator \u043e\u0442 Spribe \u0432 \u043e\u043d\u043b\u0430\u0439\u043d\u0435.","breadcrumb":{"@id":"https:\/\/aviator-slotgame.com\/aviator\/#breadcrumb"},"inLanguage":"fi","potentialAction":[{"@type":"ReadAction","target":["https:\/\/aviator-slotgame.com\/aviator\/"]}]},{"@type":"BreadcrumbList","@id":"https:\/\/aviator-slotgame.com\/aviator\/#breadcrumb","itemListElement":[{"@type":"ListItem","position":1,"name":"Home","item":"https:\/\/aviator-slotgame.com\/"},{"@type":"ListItem","position":2,"name":"\u041f\u0440\u0430\u0432\u0438\u043b\u0430,\u043e\u0441\u043e\u0431\u0435\u043d\u043e\u0441\u0442\u0438 \u0438 \u0432\u044b\u0438\u0433\u0440\u044b\u0448\u0438 \u0432 \u043a\u0440\u0430\u0448-\u0441\u043b\u043e\u0442 \u0438\u0433\u0440\u0435 \u043d\u0430 \u0434\u0435\u043d\u044c\u0433\u0438"}]},{"@type":"WebSite","@id":"https:\/\/aviator-slotgame.com\/#website","url":"https:\/\/aviator-slotgame.com\/","name":"Aviator","description":"","publisher":{"@id":"https:\/\/aviator-slotgame.com\/#organization"},"potentialAction":[{"@type":"SearchAction","target":{"@type":"EntryPoint","urlTemplate":"https:\/\/aviator-slotgame.com\/?s={search_term_string}"},"query-input":"required name=search_term_string"}],"inLanguage":"fi"},{"@type":"Organization","@id":"https:\/\/aviator-slotgame.com\/#organization","name":"Aviator","url":"https:\/\/aviator-slotgame.com\/","logo":{"@type":"ImageObject","inLanguage":"fi","@id":"https:\/\/aviator-slotgame.com\/#\/schema\/logo\/image\/","url":"https:\/\/aviator-slotgame.com\/wp-content\/uploads\/16f5e8_dade544d4623411c9c4153c639aae85amv2.webp","contentUrl":"https:\/\/aviator-slotgame.com\/wp-content\/uploads\/16f5e8_dade544d4623411c9c4153c639aae85amv2.webp","width":400,"height":300,"caption":"Aviator"},"image":{"@id":"https:\/\/aviator-slotgame.com\/#\/schema\/logo\/image\/"}}]}},"amp_enabled":true,"_links":{"self":[{"href":"https:\/\/aviator-slotgame.com\/fi\/wp-json\/wp\/v2\/pages\/263","targetHints":{"allow":["GET"]}}],"collection":[{"href":"https:\/\/aviator-slotgame.com\/fi\/wp-json\/wp\/v2\/pages"}],"about":[{"href":"https:\/\/aviator-slotgame.com\/fi\/wp-json\/wp\/v2\/types\/page"}],"author":[{"embeddable":true,"href":"https:\/\/aviator-slotgame.com\/fi\/wp-json\/wp\/v2\/users\/1"}],"replies":[{"embeddable":true,"href":"https:\/\/aviator-slotgame.com\/fi\/wp-json\/wp\/v2\/comments?post=263"}],"version-history":[{"count":4,"href":"https:\/\/aviator-slotgame.com\/fi\/wp-json\/wp\/v2\/pages\/263\/revisions"}],"predecessor-version":[{"id":287,"href":"https:\/\/aviator-slotgame.com\/fi\/wp-json\/wp\/v2\/pages\/263\/revisions\/287"}],"wp:attachment":[{"href":"https:\/\/aviator-slotgame.com\/fi\/wp-json\/wp\/v2\/media?parent=263"}],"curies":[{"name":"wp","href":"https:\/\/api.w.org\/{rel}","templated":true}]}}