{"id":215,"date":"2024-04-02T16:05:37","date_gmt":"2024-04-02T16:05:37","guid":{"rendered":"https:\/\/aviator-slotgame.com\/?page_id=215"},"modified":"2024-09-09T10:50:04","modified_gmt":"2024-09-09T10:50:04","slug":"aviator-slots","status":"publish","type":"page","link":"https:\/\/aviator-slotgame.com\/fr\/la-machine-a-sous-aviator-par-rapport-aux-machines-a-sous-video-traditionnelles\/","title":{"rendered":"Emplacements d&#039;aviateur"},"content":{"rendered":"<div class=\"b6eb1df559144c2998c642d7055f74f9\" data-index=\"1\" style=\"float: none; margin:10px 0 10px 0; text-align:center;\">\n<div class=\"custom-play-button\">\r\n<center><a href=\"https:\/\/aviator-slotgame.com\/fr\/play-game\/\" rel=\"nofollow\" target=\"_blank\">Joue maintenant<\/a><br><\/center>\r\n<\/div>\n<\/div>\n<p>Aviator de Spribe n&#039;est pas une machine \u00e0 sous vid\u00e9o ordinaire. Il offre des fonctionnalit\u00e9s de jeu social que vous ne trouverez pas dans les machines \u00e0 sous vid\u00e9o traditionnelles. Vous pouvez vous amuser et d\u00e9fier d&#039;autres joueurs pour rejoindre un jeu de casino en ligne rempli de bonus passionnants, de multiplicateurs et d&#039;autres surprises.<\/p>\n<p><img loading=\"lazy\" decoding=\"async\" class=\"alignnone size-full wp-image-216\" title=\"Aviator vs machines \u00e0 sous traditionnelles\" src=\"https:\/\/aviator-slotgame.com\/wp-content\/uploads\/aviator-4-1.png\" alt=\"Aviator vs machines \u00e0 sous traditionnelles\" width=\"800\" height=\"445\" srcset=\"https:\/\/aviator-slotgame.com\/wp-content\/uploads\/aviator-4-1.png 800w, https:\/\/aviator-slotgame.com\/wp-content\/uploads\/aviator-4-1-300x167.png 300w, https:\/\/aviator-slotgame.com\/wp-content\/uploads\/aviator-4-1-768x427.png 768w, https:\/\/aviator-slotgame.com\/wp-content\/uploads\/aviator-4-1-18x10.png 18w\" sizes=\"auto, (max-width: 800px) 100vw, 800px\" \/><\/p>\n<p>Aviator offre bien plus que les machines \u00e0 sous standard \u00e0 3x5 rouleaux. Il dispose d&#039;un multiplicateur bas\u00e9 sur le RNG qui augmente jusqu&#039;\u00e0 ce que chaque joueur d\u00e9cide d&#039;encaisser. Cela signifie que si vous avez de la chance, vous pourrez jouer toute la journ\u00e9e et vos gains commenceront vraiment \u00e0 s&#039;accumuler !<\/p>\n<p>De plus, Aviator ne limite pas le nombre de joueurs pouvant participer au jeu. Vous n&#039;avez pas \u00e0 vous soucier d&#039;attendre l&#039;ouverture du jeu car il ne sera jamais plein, il y aura toujours de la place pour plus de joueurs. Et avec des cotes conviviales, un RTP et des gains \u00e9lev\u00e9s, vous avez de nombreuses opportunit\u00e9s de remporter la victoire sur cette machine \u00e0 sous alternative passionnante.<\/p><div class=\"b6eb1df559144c2998c642d7055f74f9\" data-index=\"1\" style=\"float: none; margin:10px 0 10px 0; text-align:center;\">\n<div class=\"custom-play-button\">\r\n<center><a href=\"https:\/\/aviator-slotgame.com\/fr\/play-game\/\" rel=\"nofollow\" target=\"_blank\">Joue maintenant<\/a><br><\/center>\r\n<\/div>\n<\/div>\n\n<p>Ainsi, que vous recherchiez une exp\u00e9rience de jeu immersive ou que vous souhaitiez vous asseoir et profiter d&#039;un jeu de machine \u00e0 sous vid\u00e9o classique avec une touche d&#039;originalit\u00e9, Spribe&#039;s Aviator a vraiment quelque chose \u00e0 offrir \u00e0 tout le monde.<\/p>\n<h2 id=\"h-rtp-of-aviator-and-regular-slot-games\">RTP d&#039;Aviator et machines \u00e0 sous r\u00e9guli\u00e8res<\/h2>\n<p>Les valeurs RTP moyennes des machines \u00e0 sous les plus populaires sont sup\u00e9rieures \u00e0 65%. Ce nombre peut varier d&#039;un jeu \u00e0 l&#039;autre, certains jeux allant jusqu&#039;\u00e0 97%, mais g\u00e9n\u00e9ralement la norme est 65% avec une d\u00e9cimale.<\/p>\n<p>Par exemple, Second Strike, l&#039;une des machines \u00e0 sous les plus populaires au monde, a un RTP de 96,26% ; Aviateur encore plus !<\/p>\n<p>Aviator a un RTP (retour au joueur) approximatif de 97%, ce qui est sup\u00e9rieur \u00e0 la moyenne pour une machine \u00e0 sous vid\u00e9o. Cela signifie que jouer \u00e0 Aviator vous rapportera, en moyenne, plus d&#039;argent que les machines \u00e0 sous traditionnelles. Et avec un multiplicateur toujours croissant, les plus grosses parties deviendront encore plus excitantes ! Donc, si vous recherchez un RTP plus \u00e9lev\u00e9 et la possibilit\u00e9 d&#039;augmenter votre potentiel de gains, Aviator pourrait \u00eatre exactement ce qui vous manquait.<\/p>\n<figure class=\"wp-block-table\">\n<table>\n<tbody>\n<tr>\n<td><strong>AVIATEUR<\/strong><\/td>\n<td><strong>JEU DE SOUS TRADITIONNEL<\/strong><\/td>\n<\/tr>\n<tr>\n<td>Discutez avec d&#039;autres joueurs<\/td>\n<td>Exp\u00e9rience de jeu utilisateur<\/td>\n<\/tr>\n<tr>\n<td>Nombre illimit\u00e9 de joueurs dans la salle de jeux<\/td>\n<td>Un joueur par machine ou page<\/td>\n<\/tr>\n<tr>\n<td>M\u00e9caniques de jeu avec un seul RNG<\/td>\n<td>Plusieurs bobines et lignes<\/td>\n<\/tr>\n<tr>\n<td>~ 97% remboursement<\/td>\n<td>~ 96% remboursement<\/td>\n<\/tr>\n<\/tbody>\n<\/table><figcaption class=\"wp-element-caption\">Machine \u00e0 sous\u00a0<strong><strong>AVIATEUR<\/strong><\/strong><img loading=\"lazy\" decoding=\"async\" class=\"alignnone size-full wp-image-293\" src=\"https:\/\/aviator-slotgame.com\/wp-content\/uploads\/Aviator-13-800-x-600-\u043f\u0438\u043a\u0441.jpg\" alt=\"RTP d&#039;Aviator et machines \u00e0 sous r\u00e9guli\u00e8res\" width=\"800\" height=\"600\" srcset=\"https:\/\/aviator-slotgame.com\/wp-content\/uploads\/Aviator-13-800-x-600-\u043f\u0438\u043a\u0441.jpg 800w, https:\/\/aviator-slotgame.com\/wp-content\/uploads\/Aviator-13-800-x-600-\u043f\u0438\u043a\u0441-300x225.jpg 300w, https:\/\/aviator-slotgame.com\/wp-content\/uploads\/Aviator-13-800-x-600-\u043f\u0438\u043a\u0441-768x576.jpg 768w, https:\/\/aviator-slotgame.com\/wp-content\/uploads\/Aviator-13-800-x-600-\u043f\u0438\u043a\u0441-16x12.jpg 16w\" sizes=\"auto, (max-width: 800px) 100vw, 800px\" \/><\/figcaption><\/figure>\n<h2 id=\"h-the-bottom-line\">Conclusion<\/h2>\n<p>Aviator de Spribe offre une interpr\u00e9tation unique des machines \u00e0 sous vid\u00e9o traditionnelles qui peut offrir aux joueurs une exp\u00e9rience de jeu immersive. Avec des multiplicateurs toujours croissants et un RTP \u00e9lev\u00e9, il existe de nombreuses raisons d&#039;essayer Aviator. De plus, l\u2019aspect social rend le tout encore plus excitant !<\/p>\n<h2 id=\"h-using-bonus-spins-on-aviator\">Utiliser les tours bonus dans Aviator<\/h2>\n<p>Les tours bonus sont un incontournable des sites de casino. Lorsque vous vous inscrivez sur un site de casino, vous recevrez souvent des tours gratuits en guise de bonus de bienvenue. Ils peuvent m\u00eame \u00eatre obtenus gr\u00e2ce \u00e0 des promotions \u00e0 dur\u00e9e limit\u00e9e ou comme prix dans d&#039;autres jeux\u00a0!<\/p>\n<p>Si vous \u00eates fan d&#039;Aviator ou d&#039;autres jeux de casino, les tours bonus sont un excellent moyen d&#039;obtenir des chances gratuites de faire tourner les rouleaux, d&#039;atterrir dans un avion et peut-\u00eatre de gagner de l&#039;argent. En fait, les tours bonus peuvent \u00eatre encore plus pr\u00e9cieux que les tours r\u00e9guliers dans le jeu, car ils n&#039;ont g\u00e9n\u00e9ralement aucune exigence de mise ni aucune autre restriction de gain.<\/p>\n<h2 id=\"h-how-to-get-bonus-spins\">Comment obtenir des tours bonus<\/h2>\n<p>Les tours gratuits peuvent provenir de divers endroits, tels que des bonus de bienvenue pour les nouveaux utilisateurs effectuant leur premier d\u00e9p\u00f4t, ou des codes promotionnels et des \u00e9v\u00e9nements \u00e0 dur\u00e9e limit\u00e9e.<\/p>\n<h3 id=\"h-welcome-bonus-spins-for-aviator\">Tours bonus de bienvenue de l&#039;aviateur<\/h3>\n<p>Certains casinos vous offrent des tours gratuits lorsque vous cr\u00e9ez un compte. Vous vous demandez peut-\u00eatre comment ces tours gratuits peuvent \u00eatre utiles lorsque vous jouez \u00e0 Aviator\u00a0; cependant, les casinos limitent parfois l\u2019utilisation de ces tours gratuits aux machines \u00e0 sous traditionnelles les plus populaires. Mais ne vous inqui\u00e9tez pas, il existe encore des moyens d&#039;utiliser tous les tours gratuits qu&#039;Aviator vous r\u00e9serve.<\/p>\n<h2 id=\"h-how-to-use-free-spins-in-aviator\">Comment utiliser les tours gratuits dans Aviator<\/h2>\n<p>Si vos tours ne fonctionnent pas dans Aviator, vous pouvez toujours les utiliser pour gagner des cr\u00e9dits dans d&#039;autres jeux de casino. Par exemple, si vous disposez de tours gratuits sur une machine \u00e0 sous, vous pouvez \u00e9changer ces cr\u00e9dits contre des jetons aux tables de jeux. Vous pourrez ensuite utiliser ces jetons pour parier sur Aviator ou tout autre jeu de casino !<\/p>\n<p>Voici comment:<\/p>\n<ol start=\"1\" type=\"1\">\n<li>Choisissez l&#039;une de vos machines \u00e0 sous pr\u00e9f\u00e9r\u00e9es.<\/li>\n<li>Profitez des tours gratuits.<\/li>\n<li>Prenez tous les cr\u00e9dits que vous gagnez pendant les tours et jouez \u00e0 Aviator !<\/li>\n<\/ol>\n<p>C&#039;est si simple.<\/p>\n<h2 id=\"h-can-you-win-free-spins-in-aviator\">Pouvez-vous gagner des tours gratuits sur Aviator ?<\/h2>\n<p>Il n\u2019y a pas de fonctionnalit\u00e9 de tours gratuits. Le seul prix que vous gagnerez pendant le tour est votre mise multipli\u00e9e par le moment o\u00f9 l&#039;avion rouge d\u00e9colle.<\/p>\n<h2 id=\"h-in-conclusion\">Conclusion<\/h2>\n<p>Quelle que soit la mani\u00e8re dont vous les obtenez \u2013 tours bonus de bienvenue, codes promotionnels ou offres \u00e0 dur\u00e9e limit\u00e9e \u2013 les tours bonus sont un excellent moyen pour les joueurs de tous niveaux de continuer \u00e0 jouer sans craindre de perdre pendant un certain temps. Et quel que soit le jeu auquel ils sont destin\u00e9s, les joueurs exp\u00e9riment\u00e9s peuvent transformer leurs tours en cr\u00e9dits utiles qui peuvent \u00eatre mis\u00e9s dans un jeu Aviator en direct.<\/p>\n<p><img loading=\"lazy\" decoding=\"async\" class=\"alignnone size-full wp-image-297\" src=\"https:\/\/aviator-slotgame.com\/wp-content\/uploads\/Aviator-14-800-x-600-\u043f\u0438\u043a\u0441.jpg\" alt=\"Conclusion\" width=\"800\" height=\"600\" srcset=\"https:\/\/aviator-slotgame.com\/wp-content\/uploads\/Aviator-14-800-x-600-\u043f\u0438\u043a\u0441.jpg 800w, https:\/\/aviator-slotgame.com\/wp-content\/uploads\/Aviator-14-800-x-600-\u043f\u0438\u043a\u0441-300x225.jpg 300w, https:\/\/aviator-slotgame.com\/wp-content\/uploads\/Aviator-14-800-x-600-\u043f\u0438\u043a\u0441-768x576.jpg 768w, https:\/\/aviator-slotgame.com\/wp-content\/uploads\/Aviator-14-800-x-600-\u043f\u0438\u043a\u0441-16x12.jpg 16w\" sizes=\"auto, (max-width: 800px) 100vw, 800px\" \/><\/p>\n\n<div style=\"font-size: 0px; height: 0px; line-height: 0px; margin: 0; padding: 0; clear: both;\"><\/div>","protected":false},"excerpt":{"rendered":"<p>Aviator de Spribe n&#039;est pas une machine \u00e0 sous vid\u00e9o ordinaire. Il offre des fonctionnalit\u00e9s de jeu social que vous ne trouverez pas dans les machines \u00e0 sous vid\u00e9o traditionnelles.<\/p>","protected":false},"author":1,"featured_media":0,"parent":0,"menu_order":0,"comment_status":"closed","ping_status":"closed","template":"","meta":{"footnotes":""},"class_list":["post-215","page","type-page","status-publish","hentry"],"yoast_head":"<!-- This site is optimized with the Yoast SEO plugin v22.0 - https:\/\/yoast.com\/wordpress\/plugins\/seo\/ -->\n<title>\u0410\u0432\u0438\u0430\u0442\u043e\u0440 \u0441\u043b\u043e\u0442\u044b - Aviator<\/title>\n<meta name=\"robots\" content=\"index, follow, max-snippet:-1, max-image-preview:large, max-video-preview:-1\" \/>\n<link rel=\"canonical\" href=\"https:\/\/aviator-slotgame.com\/fr\/la-machine-a-sous-aviator-par-rapport-aux-machines-a-sous-video-traditionnelles\/\" \/>\n<meta property=\"og:locale\" content=\"fr_FR\" \/>\n<meta property=\"og:type\" content=\"article\" \/>\n<meta property=\"og:title\" content=\"\u0410\u0432\u0438\u0430\u0442\u043e\u0440 \u0441\u043b\u043e\u0442\u044b - Aviator\" \/>\n<meta property=\"og:description\" content=\"Aviator \u043e\u0442 Spribe \u2013 \u044d\u0442\u043e \u043d\u0435 \u043e\u0431\u044b\u0447\u043d\u044b\u0439 \u0432\u0438\u0434\u0435\u043e\u0441\u043b\u043e\u0442. \u041e\u043d \u043f\u0440\u0435\u0434\u043b\u0430\u0433\u0430\u0435\u0442 \u0432\u043e\u0437\u043c\u043e\u0436\u043d\u043e\u0441\u0442\u0438 \u0441\u043e\u0446\u0438\u0430\u043b\u044c\u043d\u044b\u0445 \u0438\u0433\u0440, \u043a\u043e\u0442\u043e\u0440\u044b\u0435 \u0432\u044b \u043d\u0435 \u043d\u0430\u0439\u0434\u0435\u0442\u0435 \u0432 \u0442\u0440\u0430\u0434\u0438\u0446\u0438\u043e\u043d\u043d\u044b\u0445 \u0432\u0438\u0434\u0435\u043e\u0441\u043b\u043e\u0442\u0430\u0445.\" \/>\n<meta property=\"og:url\" content=\"https:\/\/aviator-slotgame.com\/fr\/la-machine-a-sous-aviator-par-rapport-aux-machines-a-sous-video-traditionnelles\/\" \/>\n<meta property=\"og:site_name\" content=\"Aviator\" \/>\n<meta property=\"article:modified_time\" content=\"2024-09-09T10:50:04+00:00\" \/>\n<meta property=\"og:image\" content=\"https:\/\/aviator-slotgame.com\/wp-content\/uploads\/aviator-4-1.png\" \/>\n<meta name=\"twitter:card\" content=\"summary_large_image\" \/>\n<meta name=\"twitter:label1\" content=\"Dur\u00e9e de lecture estim\u00e9e\" \/>\n\t<meta name=\"twitter:data1\" content=\"4 minutes\" \/>\n<script type=\"application\/ld+json\" class=\"yoast-schema-graph\">{\"@context\":\"https:\/\/schema.org\",\"@graph\":[{\"@type\":\"WebPage\",\"@id\":\"https:\/\/aviator-slotgame.com\/aviator-slots\/\",\"url\":\"https:\/\/aviator-slotgame.com\/aviator-slots\/\",\"name\":\"\u0410\u0432\u0438\u0430\u0442\u043e\u0440 \u0441\u043b\u043e\u0442\u044b - Aviator\",\"isPartOf\":{\"@id\":\"https:\/\/aviator-slotgame.com\/#website\"},\"datePublished\":\"2024-04-02T16:05:37+00:00\",\"dateModified\":\"2024-09-09T10:50:04+00:00\",\"breadcrumb\":{\"@id\":\"https:\/\/aviator-slotgame.com\/aviator-slots\/#breadcrumb\"},\"inLanguage\":\"fr-FR\",\"potentialAction\":[{\"@type\":\"ReadAction\",\"target\":[\"https:\/\/aviator-slotgame.com\/aviator-slots\/\"]}]},{\"@type\":\"BreadcrumbList\",\"@id\":\"https:\/\/aviator-slotgame.com\/aviator-slots\/#breadcrumb\",\"itemListElement\":[{\"@type\":\"ListItem\",\"position\":1,\"name\":\"Home\",\"item\":\"https:\/\/aviator-slotgame.com\/\"},{\"@type\":\"ListItem\",\"position\":2,\"name\":\"\u0410\u0432\u0438\u0430\u0442\u043e\u0440 \u0441\u043b\u043e\u0442\u044b\"}]},{\"@type\":\"WebSite\",\"@id\":\"https:\/\/aviator-slotgame.com\/#website\",\"url\":\"https:\/\/aviator-slotgame.com\/\",\"name\":\"Aviator\",\"description\":\"\",\"publisher\":{\"@id\":\"https:\/\/aviator-slotgame.com\/#organization\"},\"potentialAction\":[{\"@type\":\"SearchAction\",\"target\":{\"@type\":\"EntryPoint\",\"urlTemplate\":\"https:\/\/aviator-slotgame.com\/?s={search_term_string}\"},\"query-input\":\"required name=search_term_string\"}],\"inLanguage\":\"fr-FR\"},{\"@type\":\"Organization\",\"@id\":\"https:\/\/aviator-slotgame.com\/#organization\",\"name\":\"Aviator\",\"url\":\"https:\/\/aviator-slotgame.com\/\",\"logo\":{\"@type\":\"ImageObject\",\"inLanguage\":\"fr-FR\",\"@id\":\"https:\/\/aviator-slotgame.com\/#\/schema\/logo\/image\/\",\"url\":\"https:\/\/aviator-slotgame.com\/wp-content\/uploads\/16f5e8_dade544d4623411c9c4153c639aae85amv2.webp\",\"contentUrl\":\"https:\/\/aviator-slotgame.com\/wp-content\/uploads\/16f5e8_dade544d4623411c9c4153c639aae85amv2.webp\",\"width\":400,\"height\":300,\"caption\":\"Aviator\"},\"image\":{\"@id\":\"https:\/\/aviator-slotgame.com\/#\/schema\/logo\/image\/\"}}]}<\/script>\n<!-- \/ Yoast SEO plugin. -->","yoast_head_json":{"title":"\u0410\u0432\u0438\u0430\u0442\u043e\u0440 \u0441\u043b\u043e\u0442\u044b - Aviator","robots":{"index":"index","follow":"follow","max-snippet":"max-snippet:-1","max-image-preview":"max-image-preview:large","max-video-preview":"max-video-preview:-1"},"canonical":"https:\/\/aviator-slotgame.com\/fr\/la-machine-a-sous-aviator-par-rapport-aux-machines-a-sous-video-traditionnelles\/","og_locale":"fr_FR","og_type":"article","og_title":"\u0410\u0432\u0438\u0430\u0442\u043e\u0440 \u0441\u043b\u043e\u0442\u044b - Aviator","og_description":"Aviator \u043e\u0442 Spribe \u2013 \u044d\u0442\u043e \u043d\u0435 \u043e\u0431\u044b\u0447\u043d\u044b\u0439 \u0432\u0438\u0434\u0435\u043e\u0441\u043b\u043e\u0442. \u041e\u043d \u043f\u0440\u0435\u0434\u043b\u0430\u0433\u0430\u0435\u0442 \u0432\u043e\u0437\u043c\u043e\u0436\u043d\u043e\u0441\u0442\u0438 \u0441\u043e\u0446\u0438\u0430\u043b\u044c\u043d\u044b\u0445 \u0438\u0433\u0440, \u043a\u043e\u0442\u043e\u0440\u044b\u0435 \u0432\u044b \u043d\u0435 \u043d\u0430\u0439\u0434\u0435\u0442\u0435 \u0432 \u0442\u0440\u0430\u0434\u0438\u0446\u0438\u043e\u043d\u043d\u044b\u0445 \u0432\u0438\u0434\u0435\u043e\u0441\u043b\u043e\u0442\u0430\u0445.","og_url":"https:\/\/aviator-slotgame.com\/fr\/la-machine-a-sous-aviator-par-rapport-aux-machines-a-sous-video-traditionnelles\/","og_site_name":"Aviator","article_modified_time":"2024-09-09T10:50:04+00:00","og_image":[{"url":"https:\/\/aviator-slotgame.com\/wp-content\/uploads\/aviator-4-1.png"}],"twitter_card":"summary_large_image","twitter_misc":{"Dur\u00e9e de lecture estim\u00e9e":"4 minutes"},"schema":{"@context":"https:\/\/schema.org","@graph":[{"@type":"WebPage","@id":"https:\/\/aviator-slotgame.com\/aviator-slots\/","url":"https:\/\/aviator-slotgame.com\/aviator-slots\/","name":"\u0410\u0432\u0438\u0430\u0442\u043e\u0440 \u0441\u043b\u043e\u0442\u044b - Aviator","isPartOf":{"@id":"https:\/\/aviator-slotgame.com\/#website"},"datePublished":"2024-04-02T16:05:37+00:00","dateModified":"2024-09-09T10:50:04+00:00","breadcrumb":{"@id":"https:\/\/aviator-slotgame.com\/aviator-slots\/#breadcrumb"},"inLanguage":"fr-FR","potentialAction":[{"@type":"ReadAction","target":["https:\/\/aviator-slotgame.com\/aviator-slots\/"]}]},{"@type":"BreadcrumbList","@id":"https:\/\/aviator-slotgame.com\/aviator-slots\/#breadcrumb","itemListElement":[{"@type":"ListItem","position":1,"name":"Home","item":"https:\/\/aviator-slotgame.com\/"},{"@type":"ListItem","position":2,"name":"\u0410\u0432\u0438\u0430\u0442\u043e\u0440 \u0441\u043b\u043e\u0442\u044b"}]},{"@type":"WebSite","@id":"https:\/\/aviator-slotgame.com\/#website","url":"https:\/\/aviator-slotgame.com\/","name":"Aviator","description":"","publisher":{"@id":"https:\/\/aviator-slotgame.com\/#organization"},"potentialAction":[{"@type":"SearchAction","target":{"@type":"EntryPoint","urlTemplate":"https:\/\/aviator-slotgame.com\/?s={search_term_string}"},"query-input":"required name=search_term_string"}],"inLanguage":"fr-FR"},{"@type":"Organization","@id":"https:\/\/aviator-slotgame.com\/#organization","name":"Aviator","url":"https:\/\/aviator-slotgame.com\/","logo":{"@type":"ImageObject","inLanguage":"fr-FR","@id":"https:\/\/aviator-slotgame.com\/#\/schema\/logo\/image\/","url":"https:\/\/aviator-slotgame.com\/wp-content\/uploads\/16f5e8_dade544d4623411c9c4153c639aae85amv2.webp","contentUrl":"https:\/\/aviator-slotgame.com\/wp-content\/uploads\/16f5e8_dade544d4623411c9c4153c639aae85amv2.webp","width":400,"height":300,"caption":"Aviator"},"image":{"@id":"https:\/\/aviator-slotgame.com\/#\/schema\/logo\/image\/"}}]}},"amp_enabled":true,"_links":{"self":[{"href":"https:\/\/aviator-slotgame.com\/fr\/wp-json\/wp\/v2\/pages\/215","targetHints":{"allow":["GET"]}}],"collection":[{"href":"https:\/\/aviator-slotgame.com\/fr\/wp-json\/wp\/v2\/pages"}],"about":[{"href":"https:\/\/aviator-slotgame.com\/fr\/wp-json\/wp\/v2\/types\/page"}],"author":[{"embeddable":true,"href":"https:\/\/aviator-slotgame.com\/fr\/wp-json\/wp\/v2\/users\/1"}],"replies":[{"embeddable":true,"href":"https:\/\/aviator-slotgame.com\/fr\/wp-json\/wp\/v2\/comments?post=215"}],"version-history":[{"count":6,"href":"https:\/\/aviator-slotgame.com\/fr\/wp-json\/wp\/v2\/pages\/215\/revisions"}],"predecessor-version":[{"id":309,"href":"https:\/\/aviator-slotgame.com\/fr\/wp-json\/wp\/v2\/pages\/215\/revisions\/309"}],"wp:attachment":[{"href":"https:\/\/aviator-slotgame.com\/fr\/wp-json\/wp\/v2\/media?parent=215"}],"curies":[{"name":"wp","href":"https:\/\/api.w.org\/{rel}","templated":true}]}}