{"id":26,"date":"2024-01-31T12:57:07","date_gmt":"2024-01-31T12:57:07","guid":{"rendered":"https:\/\/aviator-slotgame.com\/?page_id=26"},"modified":"2024-10-03T23:16:00","modified_gmt":"2024-10-03T23:16:00","slug":"play-for-free","status":"publish","type":"page","link":"https:\/\/aviator-slotgame.com\/fr\/comment-jouer-gratuitement-a-la-demo-daviator\/","title":{"rendered":"Comment jouer gratuitement \u00e0 la d\u00e9mo d&#039;Aviator"},"content":{"rendered":"<div class=\"b6eb1df559144c2998c642d7055f74f9\" data-index=\"1\" style=\"float: none; margin:10px 0 10px 0; text-align:center;\">\n<div class=\"custom-play-button\">\r\n<center><a href=\"https:\/\/aviator-slotgame.com\/fr\/play-game\/\" rel=\"nofollow\" target=\"_blank\">Joue maintenant<\/a><br><\/center>\r\n<\/div>\n<\/div>\n<p>Le jeu Aviator de Spribe est un nouveau jeu de casino passionnant qui permet aux joueurs de ressentir le frisson de gagner tout en volant haut. La version d\u00e9mo du jeu offre aux joueurs la possibilit\u00e9 d&#039;essayer le jeu gratuitement, tandis que la version compl\u00e8te est disponible sur de nombreux sites de casino de premier plan. La d\u00e9mo gratuite d&#039;Aviator est un excellent moyen d&#039;apprendre \u00e0 jouer au jeu avant de d\u00e9penser de l&#039;argent pour la version compl\u00e8te, et c&#039;est une fa\u00e7on amusante de passer du temps en ligne sans d\u00e9penser d&#039;argent.<\/p>\n<p>Pour ce faire, vous devez vous rendre sur le site officiel d&#039;Aviator et s\u00e9lectionner le mode de jeu d\u00e9mo. Dans la version d\u00e9mo, vous pouvez jouer sans avoir \u00e0 parier de l&#039;argent r\u00e9el et simplement profiter du gameplay.<\/p>\n<p><img loading=\"lazy\" decoding=\"async\" title=\"Jouer \u00e0 la d\u00e9mo d&#039;Aviator\" src=\"https:\/\/aviator-slotgame.com\/wp-content\/uploads\/aviator-3.png\" alt=\"Comment jouer gratuitement \u00e0 la d\u00e9mo d&#039;Aviator\" width=\"800\" height=\"445\" \/><\/p>\n<h2>Principales caract\u00e9ristiques<\/h2>\n<p>La version d\u00e9mo vous pr\u00e9sentera plusieurs m\u00e9canismes de jeu importants. En vous entra\u00eenant d\u2019abord gratuitement, vous comprendrez mieux le fonctionnement du jeu et pourrez maximiser vos gains en jouant avec de l\u2019argent r\u00e9el. La d\u00e9mo d&#039;Aviator est \u00e9galement un excellent moyen de s&#039;amuser un peu sans d\u00e9penser d&#039;argent ni de cr\u00e9dits.<\/p><div class=\"b6eb1df559144c2998c642d7055f74f9\" data-index=\"1\" style=\"float: none; margin:10px 0 10px 0; text-align:center;\">\n<div class=\"custom-play-button\">\r\n<center><a href=\"https:\/\/aviator-slotgame.com\/fr\/play-game\/\" rel=\"nofollow\" target=\"_blank\">Joue maintenant<\/a><br><\/center>\r\n<\/div>\n<\/div>\n\n<h3>Boutons doubles<\/h3>\n<p>Ces boutons vous donnent la possibilit\u00e9 de doubler votre mise lorsque les cotes sont en votre faveur. Cela peut augmenter vos gains, mais cela augmente \u00e9galement le facteur de risque.<\/p>\n<p>Nous vous recommandons de vous entra\u00eener \u00e0 utiliser les deux boutons dans la version d\u00e9mo avant de risquer de vrais cr\u00e9dits du site. L&#039;avion Aviator peut s&#039;envoler dans le temps qu&#039;il vous faut pour appuyer sur le 2\u00e8me bouton. Les meilleurs joueurs Aviator sont capables d\u2019encaisser leurs deux paris en une seconde.<\/p>\n<h3>Classement<\/h3>\n<p>Cette fonctionnalit\u00e9 vous donne une id\u00e9e de la qualit\u00e9 de vos paris par rapport \u00e0 ceux des autres joueurs en temps r\u00e9el ! C\u2019est un excellent moyen de rester motiv\u00e9 lorsque vous arrivez au jeu lui-m\u00eame. Dans la d\u00e9mo, ces joueurs sont simul\u00e9s, mais vous pouvez avoir une id\u00e9e de ce qu&#039;il faut surveiller.<\/p>\n<h3>Limites de paris et de gains<\/h3>\n<p>La d\u00e9mo d&#039;Aviator est un bon endroit pour d\u00e9couvrir quelles sont les mises maximales et minimales que vous pouvez faire et combien d&#039;argent la chance vous rapportera. Cette information est extr\u00eamement importante pour deux raisons. Premi\u00e8rement, vous pourrez conna\u00eetre les limites de votre jeu et ne pas les d\u00e9passer en jouant \u00e0 la version compl\u00e8te. Deuxi\u00e8mement, vous pouvez savoir \u00e0 quoi vous attendre lorsque le multiplicateur commence \u00e0 augmenter.<\/p>\n<table>\n<tbody>\n<tr>\n<td><strong>LIMITES DU JEU<\/strong><\/td>\n<\/tr>\n<tr>\n<td><strong>Ench\u00e8re minimum<\/strong><\/td>\n<td>0.10<\/td>\n<\/tr>\n<tr>\n<td><strong>Mise maximale<\/strong><\/td>\n<td>100<\/td>\n<\/tr>\n<tr>\n<td><strong>Gain maximum<\/strong><\/td>\n<td>10,000<\/td>\n<\/tr>\n<\/tbody>\n<\/table>\n<p><img loading=\"lazy\" decoding=\"async\" src=\"https:\/\/aviator-slotgame.com\/wp-content\/uploads\/Aviator-12-800-x-600-\u043f\u0438\u043a\u0441.jpg\" alt=\"Paris et gains\" width=\"800\" height=\"600\" \/><\/p>\n<h3>Lecture automatique<\/h3>\n<p>La lecture automatique place automatiquement les paris et verse de l&#039;argent en votre nom selon les param\u00e8tres que vous sp\u00e9cifiez. Cela vous permet de vous asseoir et de vous d\u00e9tendre pendant que le jeu Aviator fait le travail \u00e0 votre place. Pour le plaisir et la pratique, le jeu permettra aux joueurs d\u2019essayer diff\u00e9rentes combinaisons de param\u00e8tres.<\/p>\n<p>Les options de lecture automatique suivantes sont disponibles dans la version d\u00e9mo d&#039;Aviator\u00a0:<\/p>\n<ul>\n<li>Limite de r\u00e9duction en esp\u00e8ces<\/li>\n<li>Limite de gain<\/li>\n<li>Limite par victoire<\/li>\n<li>Multiplicateur de paiement en esp\u00e8ces<\/li>\n<\/ul>\n<p><img loading=\"lazy\" decoding=\"async\" src=\"https:\/\/aviator-slotgame.com\/wp-content\/uploads\/Aviator-15-800-x-600-\u043f\u0438\u043a\u0441.jpg\" alt=\"Lecture automatique dans Aviator\" width=\"800\" height=\"600\" \/><\/p>\n<h2>Fonctionnalit\u00e9s non incluses dans la version d\u00e9mo<\/h2>\n<p>Il manque une fonctionnalit\u00e9 essentielle \u00e0 la d\u00e9mo Aviator. Cela ne peut tout simplement pas \u00eatre mod\u00e9lis\u00e9.<\/p>\n<h3>Chat des joueurs<\/h3>\n<p>Dans la version compl\u00e8te d&#039;Aviator, les joueurs peuvent acc\u00e9der au syst\u00e8me de discussion en jeu pour discuter de strat\u00e9gie, abuser des multiplicateurs, partager des trucs et astuces, se vanter de leurs r\u00e9centes grosses victoires et discuter entre eux. Cette fonctionnalit\u00e9 n&#039;est pas disponible dans la version d\u00e9mo.<\/p>\n<p>Vous ne pourrez peut-\u00eatre pas vous entra\u00eener \u00e0 communiquer avec d\u2019autres joueurs, mais c\u2019est l\u2019un des aspects les plus importants d\u2019un jeu en direct. C&#039;est un excellent moyen de nouer des relations avec d&#039;autres joueurs et d&#039;en apprendre davantage sur le jeu.<\/p>\n<h2>D\u00e9mo gratuite d&#039;Aviator par rapport au jeu actuel<\/h2>\n<p>La d\u00e9mo Aviator est une version gratuite du jeu qui vous permet de pratiquer et d&#039;essayer diff\u00e9rentes strat\u00e9gies. La version d\u00e9mo inclut toutes les fonctionnalit\u00e9s disponibles dans la version compl\u00e8te, mais avec quelques limitations. Par exemple, dans la version d\u00e9mo d\u2019Aviator, vous ne pouvez pas gagner d\u2019argent r\u00e9el ni gagner de prix. Cependant, si vous aimez jouer \u00e0 la version d\u00e9mo et souhaitez d\u00e9couvrir davantage de fonctionnalit\u00e9s de ce jeu passionnant, vous pouvez continuer \u00e0 jouer au jeu r\u00e9el \u00e0 tout moment.<\/p>\n<p>La version d\u00e9mo d&#039;Aviator est livr\u00e9e avec plusieurs tutoriels et astuces pour vous aider \u00e0 comprendre comment jouer plus efficacement. Ils vous aideront \u00e0 am\u00e9liorer votre exp\u00e9rience de jeu globale en fournissant des conseils faciles \u00e0 comprendre aux nouveaux joueurs et en enseignant de nouvelles techniques. Vous pouvez \u00e9galement visualiser les donn\u00e9es RNG (Random Number Generator) g\u00e9n\u00e9r\u00e9es \u00e0 partir de ces tours, vous permettant de vous familiariser davantage avec la technologie cryptographique de Spribe.<\/p>\n<table>\n<tbody>\n<tr>\n<td><strong>D\u00c9MO D&#039;AVIATEUR<\/strong><\/td>\n<td><strong>JEU EN DIRECT \u00ab AVIATEUR \u00bb<\/strong><\/td>\n<\/tr>\n<tr>\n<td>Jouer gratuitement<\/td>\n<td>Cr\u00e9dit du site requis<\/td>\n<\/tr>\n<tr>\n<td>Pas de chat en direct<\/td>\n<td>Chat pour tous les joueurs<\/td>\n<\/tr>\n<tr>\n<td>Aucun gain<\/td>\n<td>Le gain d\u00e9pend du multiplicateur<\/td>\n<\/tr>\n<tr>\n<td>Vous pouvez jouer sur le site officiel de Spribe<\/td>\n<td>Uniquement disponible dans les casinos en ligne agr\u00e9\u00e9s<\/td>\n<\/tr>\n<tr>\n<td>Joueurs simul\u00e9s dans le classement<\/td>\n<td>Les vrais joueurs placent des paris<\/td>\n<\/tr>\n<\/tbody>\n<\/table>\n<p>En jouant d&#039;abord \u00e0 la d\u00e9mo d&#039;Aviator, vous pourrez perfectionner vos comp\u00e9tences avant d&#039;affronter d&#039;autres joueurs et peut-\u00eatre de gagner pour de vrai !<\/p>\n<p><img loading=\"lazy\" decoding=\"async\" src=\"https:\/\/aviator-slotgame.com\/wp-content\/uploads\/Aviator-11-800-x-600-\u043f\u0438\u043a\u0441.jpg\" alt=\"Version d\u00e9mo dans Aviator\" width=\"800\" height=\"600\" \/><\/p>\n<h2>Version d\u00e9mo du jeu Aviator<\/h2>\n<p>Pourquoi tout le monde vous recommande-t-il d&#039;abord de vous familiariser avec la version d\u00e9mo du jeu Aviator ?<\/p>\n<ol>\n<li><strong>Introduction au jeu :<\/strong> La version gratuite du jeu Aviator aide les joueurs \u00e0 se familiariser avec le gameplay, les r\u00e8gles du jeu et les fonctions de la machine \u00e0 sous sans risquer leur argent.<\/li>\n<li><strong>Pratique:<\/strong> Jouer \u00e0 la version gratuite permet aux joueurs de s&#039;entra\u00eener et de perfectionner leurs comp\u00e9tences avant de jouer avec de l&#039;argent r\u00e9el.<\/li>\n<li><strong>Score d&#039;int\u00e9r\u00eat\u00a0:<\/strong> En jouant \u00e0 la version gratuite, vous pouvez \u00e9valuer \u00e0 quel point le jeu est int\u00e9ressant et passionnant, ce qui vous aidera \u00e0 d\u00e9cider si vous souhaitez continuer \u00e0 jouer avec de l&#039;argent r\u00e9el.<\/li>\n<li><strong>Risques non financiers\u00a0:<\/strong> La version gratuite \u00e9limine les risques financiers pour le joueur, car les paris sont plac\u00e9s sur de l&#039;argent virtuel, ce qui permet de profiter du jeu sans stress.<\/li>\n<li><strong>Divertissement:<\/strong> Jouer \u00e0 la version gratuite d&#039;Aviator peut \u00eatre un excellent moyen de s&#039;amuser et de passer le temps sans avoir \u00e0 investir d&#039;argent.<\/li>\n<\/ol>\n<p><img loading=\"lazy\" decoding=\"async\" src=\"https:\/\/aviator-slotgame.com\/wp-content\/uploads\/Aviator-30-800-x-600-\u043f\u0438\u043a\u0441.jpg\" alt=\"Jeu de d\u00e9monstration Aviateur\" width=\"800\" height=\"600\" \/><\/p>\n<h2>O\u00f9 puis-je trouver une version d\u00e9mo du jeu Aviator ?<\/h2>\n<p>Voici des instructions d\u00e9taill\u00e9es pour trouver une version d\u00e9mo du jeu en ligne Aviator\u00a0:<\/p>\n<ol>\n<li>Ouvrez le navigateur Internet sur votre appareil et acc\u00e9dez au site officiel du casino sur lequel vous souhaitez jouer.<\/li>\n<li>Si vous poss\u00e9dez d\u00e9j\u00e0 un compte sur le site, connectez-vous avec vos identifiants. Si vous n&#039;avez pas encore de compte, inscrivez-vous sur le site du casino.<\/li>\n<li>Apr\u00e8s \u00eatre entr\u00e9 sur le site, recherchez la section avec les jeux crash ou utilisez la barre de recherche. En r\u00e8gle g\u00e9n\u00e9rale, les versions de d\u00e9monstration des jeux sont fournies dans la section Jeux.<\/li>\n<li>Recherchez le jeu Aviator parmi les options pr\u00e9sent\u00e9es et cliquez dessus.<\/li>\n<li>Dans les informations du jeu, vous trouverez g\u00e9n\u00e9ralement un bouton Jouer ou D\u00e9mo. Cliquez sur ce bouton pour d\u00e9marrer le mode d\u00e9mo du jeu Aviator.<\/li>\n<li>La version d\u00e9mo du jeu sera t\u00e9l\u00e9charg\u00e9e et vous pourrez commencer \u00e0 jouer sans avoir \u00e0 parier de l&#039;argent r\u00e9el. En mode d\u00e9mo, vous utiliserez l&#039;argent virtuel fourni par le casino pour jouer au jeu crash Aviator.<\/li>\n<\/ol>\n<p>Ainsi, en suivant ces \u00e9tapes, vous pourrez facilement trouver et jouer \u00e0 la version d\u00e9mo du jeu Aviator sur le site officiel du casino<\/p>\n<p><img loading=\"lazy\" decoding=\"async\" src=\"https:\/\/aviator-slotgame.com\/wp-content\/uploads\/Aviator-31-800-x-600-\u043f\u0438\u043a\u0441.jpg\" alt=\"Trouver le jeu d\u00e9mo Aviator\" width=\"800\" height=\"600\" \/><\/p>\n\n<div style=\"font-size: 0px; height: 0px; line-height: 0px; margin: 0; padding: 0; clear: both;\"><\/div>","protected":false},"excerpt":{"rendered":"<p>Spribe&#039;s Aviator est un nouveau jeu de casino passionnant qui permet aux joueurs de ressentir le plaisir de gagner<\/p>","protected":false},"author":1,"featured_media":0,"parent":0,"menu_order":0,"comment_status":"closed","ping_status":"closed","template":"","meta":{"footnotes":""},"class_list":["post-26","page","type-page","status-publish","hentry"],"yoast_head":"<!-- This site is optimized with the Yoast SEO plugin v22.0 - https:\/\/yoast.com\/wordpress\/plugins\/seo\/ -->\n<title>\u0414\u0435\u043c\u043e-\u0432\u0435\u0440\u0441\u0438\u044f \u0438\u0433\u0440\u044b \u0410\u0432\u0438\u0430\u0442\u043e\u0440 \u2014 \u0418\u0433\u0440\u0430\u0439\u0442\u0435 \u0432 \u043a\u0440\u0430\u0448-\u0441\u043b\u043e\u0442 \u0431\u0435\u0441\u043f\u043b\u0430\u0442\u043d\u043e<\/title>\n<meta name=\"description\" content=\"\u0418\u0433\u0440\u0430\u0439 \u0432 \u0434\u0435\u043c\u043e-\u0432\u0435\u0440\u0441\u0438\u044e \u0410\u0432\u0438\u0430\u0442\u043e\u0440 \u0431\u0435\u0441\u043f\u043b\u0430\u0442\u043d\u043e. \u0422\u0440\u0435\u043d\u0438\u0440\u0443\u0439\u0441\u044f \u0431\u0435\u0437 \u0434\u0435\u043d\u0435\u0433 \u0432 \u043a\u0440\u0430\u0448-\u0441\u043b\u043e\u0442\u0435 \u043e\u0442 Spribe \u043f\u0435\u0440\u0435\u0434 \u0438\u0433\u0440\u043e\u0439 \u043d\u0430 \u0440\u0435\u0430\u043b\u044c\u043d\u044b\u0435 \u0434\u0435\u043d\u044c\u0433\u0438 \u0432 \u043e\u043d\u043b\u0430\u0439\u043d \u043a\u0430\u0437\u0438\u043d\u043e.\" \/>\n<meta name=\"robots\" content=\"index, follow, max-snippet:-1, max-image-preview:large, max-video-preview:-1\" \/>\n<link rel=\"canonical\" href=\"https:\/\/aviator-slotgame.com\/fr\/comment-jouer-gratuitement-a-la-demo-daviator\/\" \/>\n<meta property=\"og:locale\" content=\"fr_FR\" \/>\n<meta property=\"og:type\" content=\"article\" \/>\n<meta property=\"og:title\" content=\"\u0414\u0435\u043c\u043e-\u0432\u0435\u0440\u0441\u0438\u044f \u0438\u0433\u0440\u044b \u0410\u0432\u0438\u0430\u0442\u043e\u0440 \u2014 \u0418\u0433\u0440\u0430\u0439\u0442\u0435 \u0432 \u043a\u0440\u0430\u0448-\u0441\u043b\u043e\u0442 \u0431\u0435\u0441\u043f\u043b\u0430\u0442\u043d\u043e\" \/>\n<meta property=\"og:description\" content=\"\u0418\u0433\u0440\u0430\u0439 \u0432 \u0434\u0435\u043c\u043e-\u0432\u0435\u0440\u0441\u0438\u044e \u0410\u0432\u0438\u0430\u0442\u043e\u0440 \u0431\u0435\u0441\u043f\u043b\u0430\u0442\u043d\u043e. \u0422\u0440\u0435\u043d\u0438\u0440\u0443\u0439\u0441\u044f \u0431\u0435\u0437 \u0434\u0435\u043d\u0435\u0433 \u0432 \u043a\u0440\u0430\u0448-\u0441\u043b\u043e\u0442\u0435 \u043e\u0442 Spribe \u043f\u0435\u0440\u0435\u0434 \u0438\u0433\u0440\u043e\u0439 \u043d\u0430 \u0440\u0435\u0430\u043b\u044c\u043d\u044b\u0435 \u0434\u0435\u043d\u044c\u0433\u0438 \u0432 \u043e\u043d\u043b\u0430\u0439\u043d \u043a\u0430\u0437\u0438\u043d\u043e.\" \/>\n<meta property=\"og:url\" content=\"https:\/\/aviator-slotgame.com\/fr\/comment-jouer-gratuitement-a-la-demo-daviator\/\" \/>\n<meta property=\"og:site_name\" content=\"Aviator\" \/>\n<meta property=\"article:modified_time\" content=\"2024-10-03T23:16:00+00:00\" \/>\n<meta property=\"og:image\" content=\"https:\/\/aviator-slotgame.com\/wp-content\/uploads\/aviator-3.png\" \/>\n<meta name=\"twitter:card\" content=\"summary_large_image\" \/>\n<meta name=\"twitter:label1\" content=\"Dur\u00e9e de lecture estim\u00e9e\" \/>\n\t<meta name=\"twitter:data1\" content=\"6 minutes\" \/>\n<script type=\"application\/ld+json\" class=\"yoast-schema-graph\">{\"@context\":\"https:\/\/schema.org\",\"@graph\":[{\"@type\":\"WebPage\",\"@id\":\"https:\/\/aviator-slotgame.com\/play-for-free\/\",\"url\":\"https:\/\/aviator-slotgame.com\/play-for-free\/\",\"name\":\"\u0414\u0435\u043c\u043e-\u0432\u0435\u0440\u0441\u0438\u044f \u0438\u0433\u0440\u044b \u0410\u0432\u0438\u0430\u0442\u043e\u0440 \u2014 \u0418\u0433\u0440\u0430\u0439\u0442\u0435 \u0432 \u043a\u0440\u0430\u0448-\u0441\u043b\u043e\u0442 \u0431\u0435\u0441\u043f\u043b\u0430\u0442\u043d\u043e\",\"isPartOf\":{\"@id\":\"https:\/\/aviator-slotgame.com\/#website\"},\"datePublished\":\"2024-01-31T12:57:07+00:00\",\"dateModified\":\"2024-10-03T23:16:00+00:00\",\"description\":\"\u0418\u0433\u0440\u0430\u0439 \u0432 \u0434\u0435\u043c\u043e-\u0432\u0435\u0440\u0441\u0438\u044e \u0410\u0432\u0438\u0430\u0442\u043e\u0440 \u0431\u0435\u0441\u043f\u043b\u0430\u0442\u043d\u043e. \u0422\u0440\u0435\u043d\u0438\u0440\u0443\u0439\u0441\u044f \u0431\u0435\u0437 \u0434\u0435\u043d\u0435\u0433 \u0432 \u043a\u0440\u0430\u0448-\u0441\u043b\u043e\u0442\u0435 \u043e\u0442 Spribe \u043f\u0435\u0440\u0435\u0434 \u0438\u0433\u0440\u043e\u0439 \u043d\u0430 \u0440\u0435\u0430\u043b\u044c\u043d\u044b\u0435 \u0434\u0435\u043d\u044c\u0433\u0438 \u0432 \u043e\u043d\u043b\u0430\u0439\u043d \u043a\u0430\u0437\u0438\u043d\u043e.\",\"breadcrumb\":{\"@id\":\"https:\/\/aviator-slotgame.com\/play-for-free\/#breadcrumb\"},\"inLanguage\":\"fr-FR\",\"potentialAction\":[{\"@type\":\"ReadAction\",\"target\":[\"https:\/\/aviator-slotgame.com\/play-for-free\/\"]}]},{\"@type\":\"BreadcrumbList\",\"@id\":\"https:\/\/aviator-slotgame.com\/play-for-free\/#breadcrumb\",\"itemListElement\":[{\"@type\":\"ListItem\",\"position\":1,\"name\":\"Home\",\"item\":\"https:\/\/aviator-slotgame.com\/\"},{\"@type\":\"ListItem\",\"position\":2,\"name\":\"\u041a\u0430\u043a \u0438\u0433\u0440\u0430\u0442\u044c \u0432 \u0434\u0435\u043c\u043e-\u0432\u0435\u0440\u0441\u0438\u044e \u0410\u0432\u0438\u0430\u0442\u043e\u0440\u0430 \u0431\u0435\u0441\u043f\u043b\u0430\u0442\u043d\u043e\"}]},{\"@type\":\"WebSite\",\"@id\":\"https:\/\/aviator-slotgame.com\/#website\",\"url\":\"https:\/\/aviator-slotgame.com\/\",\"name\":\"Aviator\",\"description\":\"\",\"publisher\":{\"@id\":\"https:\/\/aviator-slotgame.com\/#organization\"},\"potentialAction\":[{\"@type\":\"SearchAction\",\"target\":{\"@type\":\"EntryPoint\",\"urlTemplate\":\"https:\/\/aviator-slotgame.com\/?s={search_term_string}\"},\"query-input\":\"required name=search_term_string\"}],\"inLanguage\":\"fr-FR\"},{\"@type\":\"Organization\",\"@id\":\"https:\/\/aviator-slotgame.com\/#organization\",\"name\":\"Aviator\",\"url\":\"https:\/\/aviator-slotgame.com\/\",\"logo\":{\"@type\":\"ImageObject\",\"inLanguage\":\"fr-FR\",\"@id\":\"https:\/\/aviator-slotgame.com\/#\/schema\/logo\/image\/\",\"url\":\"https:\/\/aviator-slotgame.com\/wp-content\/uploads\/16f5e8_dade544d4623411c9c4153c639aae85amv2.webp\",\"contentUrl\":\"https:\/\/aviator-slotgame.com\/wp-content\/uploads\/16f5e8_dade544d4623411c9c4153c639aae85amv2.webp\",\"width\":400,\"height\":300,\"caption\":\"Aviator\"},\"image\":{\"@id\":\"https:\/\/aviator-slotgame.com\/#\/schema\/logo\/image\/\"}}]}<\/script>\n<!-- \/ Yoast SEO plugin. -->","yoast_head_json":{"title":"\u0414\u0435\u043c\u043e-\u0432\u0435\u0440\u0441\u0438\u044f \u0438\u0433\u0440\u044b \u0410\u0432\u0438\u0430\u0442\u043e\u0440 \u2014 \u0418\u0433\u0440\u0430\u0439\u0442\u0435 \u0432 \u043a\u0440\u0430\u0448-\u0441\u043b\u043e\u0442 \u0431\u0435\u0441\u043f\u043b\u0430\u0442\u043d\u043e","description":"\u0418\u0433\u0440\u0430\u0439 \u0432 \u0434\u0435\u043c\u043e-\u0432\u0435\u0440\u0441\u0438\u044e \u0410\u0432\u0438\u0430\u0442\u043e\u0440 \u0431\u0435\u0441\u043f\u043b\u0430\u0442\u043d\u043e. \u0422\u0440\u0435\u043d\u0438\u0440\u0443\u0439\u0441\u044f \u0431\u0435\u0437 \u0434\u0435\u043d\u0435\u0433 \u0432 \u043a\u0440\u0430\u0448-\u0441\u043b\u043e\u0442\u0435 \u043e\u0442 Spribe \u043f\u0435\u0440\u0435\u0434 \u0438\u0433\u0440\u043e\u0439 \u043d\u0430 \u0440\u0435\u0430\u043b\u044c\u043d\u044b\u0435 \u0434\u0435\u043d\u044c\u0433\u0438 \u0432 \u043e\u043d\u043b\u0430\u0439\u043d \u043a\u0430\u0437\u0438\u043d\u043e.","robots":{"index":"index","follow":"follow","max-snippet":"max-snippet:-1","max-image-preview":"max-image-preview:large","max-video-preview":"max-video-preview:-1"},"canonical":"https:\/\/aviator-slotgame.com\/fr\/comment-jouer-gratuitement-a-la-demo-daviator\/","og_locale":"fr_FR","og_type":"article","og_title":"\u0414\u0435\u043c\u043e-\u0432\u0435\u0440\u0441\u0438\u044f \u0438\u0433\u0440\u044b \u0410\u0432\u0438\u0430\u0442\u043e\u0440 \u2014 \u0418\u0433\u0440\u0430\u0439\u0442\u0435 \u0432 \u043a\u0440\u0430\u0448-\u0441\u043b\u043e\u0442 \u0431\u0435\u0441\u043f\u043b\u0430\u0442\u043d\u043e","og_description":"\u0418\u0433\u0440\u0430\u0439 \u0432 \u0434\u0435\u043c\u043e-\u0432\u0435\u0440\u0441\u0438\u044e \u0410\u0432\u0438\u0430\u0442\u043e\u0440 \u0431\u0435\u0441\u043f\u043b\u0430\u0442\u043d\u043e. \u0422\u0440\u0435\u043d\u0438\u0440\u0443\u0439\u0441\u044f \u0431\u0435\u0437 \u0434\u0435\u043d\u0435\u0433 \u0432 \u043a\u0440\u0430\u0448-\u0441\u043b\u043e\u0442\u0435 \u043e\u0442 Spribe \u043f\u0435\u0440\u0435\u0434 \u0438\u0433\u0440\u043e\u0439 \u043d\u0430 \u0440\u0435\u0430\u043b\u044c\u043d\u044b\u0435 \u0434\u0435\u043d\u044c\u0433\u0438 \u0432 \u043e\u043d\u043b\u0430\u0439\u043d \u043a\u0430\u0437\u0438\u043d\u043e.","og_url":"https:\/\/aviator-slotgame.com\/fr\/comment-jouer-gratuitement-a-la-demo-daviator\/","og_site_name":"Aviator","article_modified_time":"2024-10-03T23:16:00+00:00","og_image":[{"url":"https:\/\/aviator-slotgame.com\/wp-content\/uploads\/aviator-3.png"}],"twitter_card":"summary_large_image","twitter_misc":{"Dur\u00e9e de lecture estim\u00e9e":"6 minutes"},"schema":{"@context":"https:\/\/schema.org","@graph":[{"@type":"WebPage","@id":"https:\/\/aviator-slotgame.com\/play-for-free\/","url":"https:\/\/aviator-slotgame.com\/play-for-free\/","name":"\u0414\u0435\u043c\u043e-\u0432\u0435\u0440\u0441\u0438\u044f \u0438\u0433\u0440\u044b \u0410\u0432\u0438\u0430\u0442\u043e\u0440 \u2014 \u0418\u0433\u0440\u0430\u0439\u0442\u0435 \u0432 \u043a\u0440\u0430\u0448-\u0441\u043b\u043e\u0442 \u0431\u0435\u0441\u043f\u043b\u0430\u0442\u043d\u043e","isPartOf":{"@id":"https:\/\/aviator-slotgame.com\/#website"},"datePublished":"2024-01-31T12:57:07+00:00","dateModified":"2024-10-03T23:16:00+00:00","description":"\u0418\u0433\u0440\u0430\u0439 \u0432 \u0434\u0435\u043c\u043e-\u0432\u0435\u0440\u0441\u0438\u044e \u0410\u0432\u0438\u0430\u0442\u043e\u0440 \u0431\u0435\u0441\u043f\u043b\u0430\u0442\u043d\u043e. \u0422\u0440\u0435\u043d\u0438\u0440\u0443\u0439\u0441\u044f \u0431\u0435\u0437 \u0434\u0435\u043d\u0435\u0433 \u0432 \u043a\u0440\u0430\u0448-\u0441\u043b\u043e\u0442\u0435 \u043e\u0442 Spribe \u043f\u0435\u0440\u0435\u0434 \u0438\u0433\u0440\u043e\u0439 \u043d\u0430 \u0440\u0435\u0430\u043b\u044c\u043d\u044b\u0435 \u0434\u0435\u043d\u044c\u0433\u0438 \u0432 \u043e\u043d\u043b\u0430\u0439\u043d \u043a\u0430\u0437\u0438\u043d\u043e.","breadcrumb":{"@id":"https:\/\/aviator-slotgame.com\/play-for-free\/#breadcrumb"},"inLanguage":"fr-FR","potentialAction":[{"@type":"ReadAction","target":["https:\/\/aviator-slotgame.com\/play-for-free\/"]}]},{"@type":"BreadcrumbList","@id":"https:\/\/aviator-slotgame.com\/play-for-free\/#breadcrumb","itemListElement":[{"@type":"ListItem","position":1,"name":"Home","item":"https:\/\/aviator-slotgame.com\/"},{"@type":"ListItem","position":2,"name":"\u041a\u0430\u043a \u0438\u0433\u0440\u0430\u0442\u044c \u0432 \u0434\u0435\u043c\u043e-\u0432\u0435\u0440\u0441\u0438\u044e \u0410\u0432\u0438\u0430\u0442\u043e\u0440\u0430 \u0431\u0435\u0441\u043f\u043b\u0430\u0442\u043d\u043e"}]},{"@type":"WebSite","@id":"https:\/\/aviator-slotgame.com\/#website","url":"https:\/\/aviator-slotgame.com\/","name":"Aviator","description":"","publisher":{"@id":"https:\/\/aviator-slotgame.com\/#organization"},"potentialAction":[{"@type":"SearchAction","target":{"@type":"EntryPoint","urlTemplate":"https:\/\/aviator-slotgame.com\/?s={search_term_string}"},"query-input":"required name=search_term_string"}],"inLanguage":"fr-FR"},{"@type":"Organization","@id":"https:\/\/aviator-slotgame.com\/#organization","name":"Aviator","url":"https:\/\/aviator-slotgame.com\/","logo":{"@type":"ImageObject","inLanguage":"fr-FR","@id":"https:\/\/aviator-slotgame.com\/#\/schema\/logo\/image\/","url":"https:\/\/aviator-slotgame.com\/wp-content\/uploads\/16f5e8_dade544d4623411c9c4153c639aae85amv2.webp","contentUrl":"https:\/\/aviator-slotgame.com\/wp-content\/uploads\/16f5e8_dade544d4623411c9c4153c639aae85amv2.webp","width":400,"height":300,"caption":"Aviator"},"image":{"@id":"https:\/\/aviator-slotgame.com\/#\/schema\/logo\/image\/"}}]}},"amp_enabled":true,"_links":{"self":[{"href":"https:\/\/aviator-slotgame.com\/fr\/wp-json\/wp\/v2\/pages\/26","targetHints":{"allow":["GET"]}}],"collection":[{"href":"https:\/\/aviator-slotgame.com\/fr\/wp-json\/wp\/v2\/pages"}],"about":[{"href":"https:\/\/aviator-slotgame.com\/fr\/wp-json\/wp\/v2\/types\/page"}],"author":[{"embeddable":true,"href":"https:\/\/aviator-slotgame.com\/fr\/wp-json\/wp\/v2\/users\/1"}],"replies":[{"embeddable":true,"href":"https:\/\/aviator-slotgame.com\/fr\/wp-json\/wp\/v2\/comments?post=26"}],"version-history":[{"count":19,"href":"https:\/\/aviator-slotgame.com\/fr\/wp-json\/wp\/v2\/pages\/26\/revisions"}],"predecessor-version":[{"id":412,"href":"https:\/\/aviator-slotgame.com\/fr\/wp-json\/wp\/v2\/pages\/26\/revisions\/412"}],"wp:attachment":[{"href":"https:\/\/aviator-slotgame.com\/fr\/wp-json\/wp\/v2\/media?parent=26"}],"curies":[{"name":"wp","href":"https:\/\/api.w.org\/{rel}","templated":true}]}}