{"id":263,"date":"2024-09-06T14:43:40","date_gmt":"2024-09-06T14:43:40","guid":{"rendered":"https:\/\/aviator-slotgame.com\/?page_id=263"},"modified":"2024-09-08T10:40:25","modified_gmt":"2024-09-08T10:40:25","slug":"aviator","status":"publish","type":"page","link":"https:\/\/aviator-slotgame.com\/fr\/aviator\/","title":{"rendered":"R\u00e8gles, fonctionnalit\u00e9s et gains dans le jeu de machine \u00e0 sous Crash pour de l&#039;argent"},"content":{"rendered":"<div class=\"b6eb1df559144c2998c642d7055f74f9\" data-index=\"1\" style=\"float: none; margin:10px 0 10px 0; text-align:center;\">\n<div class=\"custom-play-button\">\r\n<center><a href=\"https:\/\/aviator-slotgame.com\/fr\/play-game\/\" rel=\"nofollow\" target=\"_blank\">Joue maintenant<\/a><br><\/center>\r\n<\/div>\n<\/div>\n<h1><\/h1>\n<p><img loading=\"lazy\" decoding=\"async\" class=\"alignnone size-full wp-image-264\" src=\"https:\/\/aviator-slotgame.com\/wp-content\/uploads\/Aviator-7-800-x-600-\u043f\u0438\u043a\u0441.jpg\" alt=\"Machine \u00e0 sous en ligne Aviator - Jouez avec de l&#039;argent r\u00e9el au casino \" width=\"800\" height=\"600\" srcset=\"https:\/\/aviator-slotgame.com\/wp-content\/uploads\/Aviator-7-800-x-600-\u043f\u0438\u043a\u0441.jpg 800w, https:\/\/aviator-slotgame.com\/wp-content\/uploads\/Aviator-7-800-x-600-\u043f\u0438\u043a\u0441-300x225.jpg 300w, https:\/\/aviator-slotgame.com\/wp-content\/uploads\/Aviator-7-800-x-600-\u043f\u0438\u043a\u0441-768x576.jpg 768w, https:\/\/aviator-slotgame.com\/wp-content\/uploads\/Aviator-7-800-x-600-\u043f\u0438\u043a\u0441-16x12.jpg 16w\" sizes=\"auto, (max-width: 800px) 100vw, 800px\" \/><\/p>\n<h2>Qu&#039;est-ce que le jeu de crash en ligne Aviator ?<\/h2>\n<p>Aviator est l&#039;un des jeux populaires d\u00e9velopp\u00e9s par le studio Spribe. Un nouveau produit sur le march\u00e9 moderne, cr\u00e9\u00e9 sur la base d&#039;un g\u00e9n\u00e9rateur de nombres al\u00e9atoires, captive le joueur d\u00e8s le d\u00e9but. Le gagnant est d\u00e9termin\u00e9 par s\u00e9lection al\u00e9atoire\u00a0! Cela maintient le jeu \u00e9quitable et montre au joueur que sa mise ne d\u00e9pend pas de la plateforme ou de l&#039;histoire du jeu. Aviator diff\u00e8re des autres jeux de crash populaires par son gameplay original ; Aviator n&#039;a pas les rouleaux habituels, les lignes avec des fruits et autres qui sont si ennuyeux pour les fans de jeux d&#039;argent. Le jeu s\u00e9duit \u00e9galement par ses r\u00e8gles assez simples et la possibilit\u00e9 de gagner de l&#039;argent r\u00e9el, ce qui le rend populaire parmi les joueurs, et notamment parmi les fans d&#039;avions et de tout ce qui touche au vol !<\/p>\n<p>L\u2019essence du jeu est que l\u2019utilisateur doit avoir le temps de sauvegarder sa mise avant que l\u2019avion ne s\u2019envole, remettant ainsi le coefficient du joueur \u00e0 z\u00e9ro.<\/p>\n<p>Spribe est une soci\u00e9t\u00e9 bien connue sp\u00e9cialis\u00e9e dans le d\u00e9veloppement de jeux en ligne et de plateformes de jeu innovants, leurs jeux sont populaires parmi les joueurs du monde entier. La soci\u00e9t\u00e9 a \u00e9t\u00e9 fond\u00e9e en 2018 et a r\u00e9ussi en peu de temps \u00e0 gagner en popularit\u00e9 aupr\u00e8s des joueurs et des op\u00e9rateurs de casino en ligne gr\u00e2ce \u00e0 ses m\u00e9canismes de jeu passionnants et \u00e0 la possibilit\u00e9 de jouer \u00e0 la fois pour de l&#039;argent et en mode d\u00e9mo.<\/p><div class=\"b6eb1df559144c2998c642d7055f74f9\" data-index=\"1\" style=\"float: none; margin:10px 0 10px 0; text-align:center;\">\n<div class=\"custom-play-button\">\r\n<center><a href=\"https:\/\/aviator-slotgame.com\/fr\/play-game\/\" rel=\"nofollow\" target=\"_blank\">Joue maintenant<\/a><br><\/center>\r\n<\/div>\n<\/div>\n\n<h2>Raisons de la popularit\u00e9 du jeu en ligne Aviator<\/h2>\n<p>Qu\u2019est-ce qui rend le jeu Aviator si populaire parmi les joueurs ?<\/p>\n<ol>\n<li>Simplicit\u00e9 des r\u00e8gles : Le jeu Aviator poss\u00e8de des r\u00e8gles simples et compr\u00e9hensibles, ce qui le rend accessible \u00e0 un large \u00e9ventail de joueurs, quels que soient leur exp\u00e9rience et leur niveau de formation.<\/li>\n<\/ol>\n<p>Mode d\u00e9mo : Si vous ne voulez pas risquer votre argent et que vous avez peur de commencer, jetez-y un \u0153il et essayez-vous en mode gratuit. Vous n\u2019investissez pas d\u2019argent r\u00e9el. Le \u00ab Mode Fun \u00bb permet aux joueurs de se rapprocher du gameplay sans risquer leurs \u00e9conomies.<\/p>\n<p>Opportunit\u00e9 de gains rapides : Le jeu de hasard Aviator offre la possibilit\u00e9 de gagner rapidement, ce qui attire de nombreux joueurs en qu\u00eate d&#039;excitation et d&#039;adr\u00e9naline.<\/p>\n<p>Vari\u00e9t\u00e9 de paris : Le jeu Aviator propose une vari\u00e9t\u00e9 de types de paris, permettant aux joueurs de choisir le niveau de risque et la r\u00e9compense potentielle qui leur conviennent.<\/p>\n<p>Possibilit\u00e9 de jouer en ligne : Le jeu Aviator est disponible dans un format en ligne, ce qui permet de jouer \u00e0 tout moment et depuis n&#039;importe o\u00f9 dans le monde.<\/p>\n<p>Commodit\u00e9 et accessibilit\u00e9 : Le jeu en ligne Aviator permet aux joueurs de profiter de l\u2019excitation directement depuis chez eux ou depuis tout autre endroit sans quitter leur domicile. Cela rend le jeu pratique et accessible \u00e0 un large \u00e9ventail de joueurs.<\/p>\n<p>Bonus et offres sp\u00e9ciales : De nombreux casinos en ligne qui proposent le jeu Aviator proposent souvent divers bonus, promotions et offres sp\u00e9ciales pour attirer de nouveaux joueurs et r\u00e9compenser les joueurs r\u00e9guliers. Cela rend le jeu encore plus tentant.<\/p>\n<p>Conception graphique et sonore : Les casinos en ligne modernes proposent g\u00e9n\u00e9ralement des graphismes et une conception sonore de haute qualit\u00e9 pour les jeux, y compris le jeu Aviator. Et le gameplay dynamique et passionnant ne laissera certainement pas les joueurs s&#039;ennuyer et maintiendra l&#039;int\u00e9r\u00eat pour le jeu tout au long du temps.<\/p>\n<p>Jouabilit\u00e9 mobile : De nombreux casinos en ligne proposent le jeu Aviator dans un format compatible avec les appareils mobiles, permettant aux joueurs de profiter du jeu \u00e0 tout moment et en tout lieu. N&#039;oubliez pas de vous assurer que vous disposez d&#039;une bonne connexion Internet et d&#039;une charge suffisante sur votre appareil mobile !<\/p>\n<p>&nbsp;<\/p>\n<h2>R\u00e8gles de jeu des aviateurs<\/h2>\n<p>Le jeu a des r\u00e8gles simples et claires, o\u00f9 l&#039;utilisateur parie sur un certain r\u00e9sultat et peut gagner en multipliant sa mise par la cote. Vous pouvez jouer soit en mode manuel, en faisant vos propres paris, soit en mode automatique, lorsque le jeu parie pour vous en fonction des param\u00e8tres que vous avez d\u00e9finis.<\/p>\n<h3>R\u00e8gles du jeu<\/h3>\n<p>Pour commencer \u00e0 jouer au jeu Aviator, vous devez suivre ces \u00e9tapes :<\/p>\n<ol>\n<li>Trouvez un casino ou une plateforme de jeu en ligne qui propose le jeu Aviator.<\/li>\n<li>Inscrivez-vous sur la plateforme de votre choix en cr\u00e9ant un compte et en fournissant les informations requises.<\/li>\n<li>Rechargez votre compte de jeu avec de l&#039;argent pour pouvoir parier sur le jeu.<\/li>\n<li>Retrouvez le jeu Aviator sur la plateforme et s\u00e9lectionnez votre pari.<\/li>\n<li>Le jeu commence lorsque le joueur fait une mise.<\/li>\n<li>Suivez les r\u00e8gles et les instructions \u00e0 l&#039;\u00e9cran et contr\u00f4lez le processus de jeu en cliquant sur les boutons appropri\u00e9s.<\/li>\n<li>Une fois le pari plac\u00e9, l\u2019avion commence \u00e0 monter ou descendre sur l\u2019\u00e9chelle des cotes.<\/li>\n<li>Le joueur peut cliquer sur le bouton Retrait \u00e0 tout moment pour terminer le jeu et recevoir les gains multipli\u00e9s par les cotes actuelles, ou continuer le jeu et attendre pour augmenter les gains. Essayez de deviner le moment o\u00f9 retirer vos gains pour \u00e9viter que le pari ne soit annul\u00e9. r\u00e9initialiser.<\/li>\n<li>Si le joueur ne clique pas sur le bouton Prendre les gains et que l&#039;avion atteint la fin de l&#039;\u00e9chelle des cotes, la mise est remise \u00e0 z\u00e9ro et le joueur ne re\u00e7oit pas les gains.<\/li>\n<li>Le but du jeu est d\u2019encaisser vos gains au bon moment et d\u2019\u00e9viter de r\u00e9initialiser votre mise.<\/li>\n<\/ol>\n<p>N&#039;oubliez pas de jouer de mani\u00e8re responsable, de parier uniquement le montant que vous \u00eates pr\u00eat \u00e0 perdre et de contr\u00f4ler votre activit\u00e9 de jeu.<\/p>\n<p>Compte tenu de la trajectoire unique de l&#039;avion, le gameplay devient encore plus int\u00e9ressant et passionnant pour les joueurs. Dans le m\u00eame temps, il est important de faire attention \u00e0 vos paris et de contr\u00f4ler vos actions pour maintenir l\u2019excitation de jouer avec de l\u2019argent r\u00e9el.<\/p>\n<p>Principales caract\u00e9ristiques du jeu en ligne Aviator<\/p>\n<table>\n<tbody>\n<tr>\n<td>RTP<\/td>\n<td>96,49%, 96,48%, 95,45%<\/td>\n<\/tr>\n<tr>\n<td>Promoteur<\/td>\n<td>Studio Spribe<\/td>\n<\/tr>\n<tr>\n<td>Tours gratuits<\/td>\n<td>Non<\/td>\n<\/tr>\n<tr>\n<td>Jeu bonus<\/td>\n<td>Non<\/td>\n<\/tr>\n<tr>\n<td>Ench\u00e8re minimum<\/td>\n<td>0,1$<\/td>\n<\/tr>\n<tr>\n<td>Mise maximale<\/td>\n<td>100$<\/td>\n<\/tr>\n<\/tbody>\n<\/table>\n<p>&nbsp;<\/p>\n<h2>Bonus dans le jeu de hasard Aviator<\/h2>\n<p>Les bonus et les r\u00e9ductions du jeu en ligne Aviator peuvent \u00eatre offerts aux joueurs de diff\u00e9rentes mani\u00e8res, selon la plateforme de jeu ou le casino.<\/p>\n<p>Voici quelques bonus et r\u00e9ductions possibles qui peuvent \u00eatre disponibles dans le jeu Aviator\u00a0:<\/p>\n<h3>Bonus de bienvenue<\/h3>\n<p>les nouveaux joueurs peuvent se voir offrir des bonus sp\u00e9ciaux lors de leur inscription sur la plateforme, tels que des fonds de compte suppl\u00e9mentaires ou des tours gratuits.<\/p>\n<h3>Bonus de d\u00e9p\u00f4t<\/h3>\n<p>les joueurs peuvent recevoir des bonus lorsqu&#039;ils rechargent leur compte de jeu d&#039;un certain montant.<\/p>\n<h3>Promotions<\/h3>\n<p>les casinos ou les plateformes de jeux peuvent proposer des promotions temporaires offrant divers bonus et r\u00e9ductions aux joueurs du jeu Aviator.<\/p>\n<h3>Programmes VIP<\/h3>\n<p>Certaines plateformes peuvent proposer aux joueurs de participer \u00e0 des programmes VIP o\u00f9 des bonus suppl\u00e9mentaires, des remises en argent et d&#039;autres avantages sont disponibles.<\/p>\n<h3>Remise en argent<\/h3>\n<p>les joueurs peuvent avoir la possibilit\u00e9 de recevoir une partie de leurs fonds perdus sous forme de cashback dans le cadre du programme de bonus.<\/p>\n<p>Avant de participer aux bonus et aux r\u00e9ductions du jeu Aviator, il est important de lire attentivement les termes et exigences afin que vous compreniez comment ils fonctionnent et ce qui est exig\u00e9 de vous pour b\u00e9n\u00e9ficier de tous leurs avantages.<\/p>\n\n<div style=\"font-size: 0px; height: 0px; line-height: 0px; margin: 0; padding: 0; clear: both;\"><\/div>","protected":false},"excerpt":{"rendered":"<p>Qu&#039;est-ce que le jeu de crash en ligne Aviator ? Aviator est l&#039;un des jeux populaires d\u00e9velopp\u00e9s par le studio Spribe. Nouveau sur le march\u00e9 moderne,<\/p>","protected":false},"author":1,"featured_media":0,"parent":0,"menu_order":0,"comment_status":"closed","ping_status":"closed","template":"","meta":{"footnotes":""},"class_list":["post-263","page","type-page","status-publish","hentry"],"yoast_head":"<!-- This site is optimized with the Yoast SEO plugin v22.0 - https:\/\/yoast.com\/wordpress\/plugins\/seo\/ -->\n<title>\u041e\u043d\u043b\u0430\u0439\u043d \u0441\u043b\u043e\u0442 \u0410\u0432\u0438\u0430\u0442\u043e\u0440 \u2014 \u0418\u0433\u0440\u0430\u0439 \u043d\u0430 \u0440\u0435\u0430\u043b\u044c\u043d\u044b\u0435 \u0434\u0435\u043d\u044c\u0433\u0438 \u0432 \u043a\u0430\u0437\u0438\u043d\u043e<\/title>\n<meta name=\"description\" content=\"\u0423\u0437\u043d\u0430\u0439\u0442\u0435 \u0432\u0441\u0435 \u043e \u043a\u0440\u0430\u0448-\u0438\u0433\u0440\u0435 \u0410\u0432\u0438\u0430\u0442\u043e\u0440: \u043f\u0440\u0430\u0432\u0438\u043b\u0430, \u0431\u043e\u043d\u0443\u0441\u044b, \u043e\u0441\u043e\u0431\u0435\u043d\u043d\u043e\u0441\u0442\u0438 \u0438 \u0445\u0430\u0440\u0430\u043a\u0442\u0435\u0440\u0438\u0441\u0442\u0438\u043a\u0438 \u0438\u0433\u0440\u044b \u0434\u043b\u044f \u0443\u0432\u0435\u043b\u0438\u0447\u0435\u043d\u0438\u0435 \u043f\u0440\u0438\u0431\u044b\u043b\u0438 \u0432 \u043a\u0430\u0437\u0438\u043d\u043e. \u0418\u0433\u0440\u0430\u0439 \u0432 Aviator \u043e\u0442 Spribe \u0432 \u043e\u043d\u043b\u0430\u0439\u043d\u0435.\" \/>\n<meta name=\"robots\" content=\"index, follow, max-snippet:-1, max-image-preview:large, max-video-preview:-1\" \/>\n<link rel=\"canonical\" href=\"https:\/\/aviator-slotgame.com\/fr\/aviator\/\" \/>\n<meta property=\"og:locale\" content=\"fr_FR\" \/>\n<meta property=\"og:type\" content=\"article\" \/>\n<meta property=\"og:title\" content=\"\u041e\u043d\u043b\u0430\u0439\u043d \u0441\u043b\u043e\u0442 \u0410\u0432\u0438\u0430\u0442\u043e\u0440 \u2014 \u0418\u0433\u0440\u0430\u0439 \u043d\u0430 \u0440\u0435\u0430\u043b\u044c\u043d\u044b\u0435 \u0434\u0435\u043d\u044c\u0433\u0438 \u0432 \u043a\u0430\u0437\u0438\u043d\u043e\" \/>\n<meta property=\"og:description\" content=\"\u0423\u0437\u043d\u0430\u0439\u0442\u0435 \u0432\u0441\u0435 \u043e \u043a\u0440\u0430\u0448-\u0438\u0433\u0440\u0435 \u0410\u0432\u0438\u0430\u0442\u043e\u0440: \u043f\u0440\u0430\u0432\u0438\u043b\u0430, \u0431\u043e\u043d\u0443\u0441\u044b, \u043e\u0441\u043e\u0431\u0435\u043d\u043d\u043e\u0441\u0442\u0438 \u0438 \u0445\u0430\u0440\u0430\u043a\u0442\u0435\u0440\u0438\u0441\u0442\u0438\u043a\u0438 \u0438\u0433\u0440\u044b \u0434\u043b\u044f \u0443\u0432\u0435\u043b\u0438\u0447\u0435\u043d\u0438\u0435 \u043f\u0440\u0438\u0431\u044b\u043b\u0438 \u0432 \u043a\u0430\u0437\u0438\u043d\u043e. \u0418\u0433\u0440\u0430\u0439 \u0432 Aviator \u043e\u0442 Spribe \u0432 \u043e\u043d\u043b\u0430\u0439\u043d\u0435.\" \/>\n<meta property=\"og:url\" content=\"https:\/\/aviator-slotgame.com\/fr\/aviator\/\" \/>\n<meta property=\"og:site_name\" content=\"Aviator\" \/>\n<meta property=\"article:modified_time\" content=\"2024-09-08T10:40:25+00:00\" \/>\n<meta name=\"twitter:card\" content=\"summary_large_image\" \/>\n<meta name=\"twitter:label1\" content=\"Dur\u00e9e de lecture estim\u00e9e\" \/>\n\t<meta name=\"twitter:data1\" content=\"5 minutes\" \/>\n<script type=\"application\/ld+json\" class=\"yoast-schema-graph\">{\"@context\":\"https:\/\/schema.org\",\"@graph\":[{\"@type\":\"WebPage\",\"@id\":\"https:\/\/aviator-slotgame.com\/aviator\/\",\"url\":\"https:\/\/aviator-slotgame.com\/aviator\/\",\"name\":\"\u041e\u043d\u043b\u0430\u0439\u043d \u0441\u043b\u043e\u0442 \u0410\u0432\u0438\u0430\u0442\u043e\u0440 \u2014 \u0418\u0433\u0440\u0430\u0439 \u043d\u0430 \u0440\u0435\u0430\u043b\u044c\u043d\u044b\u0435 \u0434\u0435\u043d\u044c\u0433\u0438 \u0432 \u043a\u0430\u0437\u0438\u043d\u043e\",\"isPartOf\":{\"@id\":\"https:\/\/aviator-slotgame.com\/#website\"},\"datePublished\":\"2024-09-06T14:43:40+00:00\",\"dateModified\":\"2024-09-08T10:40:25+00:00\",\"description\":\"\u0423\u0437\u043d\u0430\u0439\u0442\u0435 \u0432\u0441\u0435 \u043e \u043a\u0440\u0430\u0448-\u0438\u0433\u0440\u0435 \u0410\u0432\u0438\u0430\u0442\u043e\u0440: \u043f\u0440\u0430\u0432\u0438\u043b\u0430, \u0431\u043e\u043d\u0443\u0441\u044b, \u043e\u0441\u043e\u0431\u0435\u043d\u043d\u043e\u0441\u0442\u0438 \u0438 \u0445\u0430\u0440\u0430\u043a\u0442\u0435\u0440\u0438\u0441\u0442\u0438\u043a\u0438 \u0438\u0433\u0440\u044b \u0434\u043b\u044f \u0443\u0432\u0435\u043b\u0438\u0447\u0435\u043d\u0438\u0435 \u043f\u0440\u0438\u0431\u044b\u043b\u0438 \u0432 \u043a\u0430\u0437\u0438\u043d\u043e. \u0418\u0433\u0440\u0430\u0439 \u0432 Aviator \u043e\u0442 Spribe \u0432 \u043e\u043d\u043b\u0430\u0439\u043d\u0435.\",\"breadcrumb\":{\"@id\":\"https:\/\/aviator-slotgame.com\/aviator\/#breadcrumb\"},\"inLanguage\":\"fr-FR\",\"potentialAction\":[{\"@type\":\"ReadAction\",\"target\":[\"https:\/\/aviator-slotgame.com\/aviator\/\"]}]},{\"@type\":\"BreadcrumbList\",\"@id\":\"https:\/\/aviator-slotgame.com\/aviator\/#breadcrumb\",\"itemListElement\":[{\"@type\":\"ListItem\",\"position\":1,\"name\":\"Home\",\"item\":\"https:\/\/aviator-slotgame.com\/\"},{\"@type\":\"ListItem\",\"position\":2,\"name\":\"\u041f\u0440\u0430\u0432\u0438\u043b\u0430,\u043e\u0441\u043e\u0431\u0435\u043d\u043e\u0441\u0442\u0438 \u0438 \u0432\u044b\u0438\u0433\u0440\u044b\u0448\u0438 \u0432 \u043a\u0440\u0430\u0448-\u0441\u043b\u043e\u0442 \u0438\u0433\u0440\u0435 \u043d\u0430 \u0434\u0435\u043d\u044c\u0433\u0438\"}]},{\"@type\":\"WebSite\",\"@id\":\"https:\/\/aviator-slotgame.com\/#website\",\"url\":\"https:\/\/aviator-slotgame.com\/\",\"name\":\"Aviator\",\"description\":\"\",\"publisher\":{\"@id\":\"https:\/\/aviator-slotgame.com\/#organization\"},\"potentialAction\":[{\"@type\":\"SearchAction\",\"target\":{\"@type\":\"EntryPoint\",\"urlTemplate\":\"https:\/\/aviator-slotgame.com\/?s={search_term_string}\"},\"query-input\":\"required name=search_term_string\"}],\"inLanguage\":\"fr-FR\"},{\"@type\":\"Organization\",\"@id\":\"https:\/\/aviator-slotgame.com\/#organization\",\"name\":\"Aviator\",\"url\":\"https:\/\/aviator-slotgame.com\/\",\"logo\":{\"@type\":\"ImageObject\",\"inLanguage\":\"fr-FR\",\"@id\":\"https:\/\/aviator-slotgame.com\/#\/schema\/logo\/image\/\",\"url\":\"https:\/\/aviator-slotgame.com\/wp-content\/uploads\/16f5e8_dade544d4623411c9c4153c639aae85amv2.webp\",\"contentUrl\":\"https:\/\/aviator-slotgame.com\/wp-content\/uploads\/16f5e8_dade544d4623411c9c4153c639aae85amv2.webp\",\"width\":400,\"height\":300,\"caption\":\"Aviator\"},\"image\":{\"@id\":\"https:\/\/aviator-slotgame.com\/#\/schema\/logo\/image\/\"}}]}<\/script>\n<!-- \/ Yoast SEO plugin. -->","yoast_head_json":{"title":"\u041e\u043d\u043b\u0430\u0439\u043d \u0441\u043b\u043e\u0442 \u0410\u0432\u0438\u0430\u0442\u043e\u0440 \u2014 \u0418\u0433\u0440\u0430\u0439 \u043d\u0430 \u0440\u0435\u0430\u043b\u044c\u043d\u044b\u0435 \u0434\u0435\u043d\u044c\u0433\u0438 \u0432 \u043a\u0430\u0437\u0438\u043d\u043e","description":"\u0423\u0437\u043d\u0430\u0439\u0442\u0435 \u0432\u0441\u0435 \u043e \u043a\u0440\u0430\u0448-\u0438\u0433\u0440\u0435 \u0410\u0432\u0438\u0430\u0442\u043e\u0440: \u043f\u0440\u0430\u0432\u0438\u043b\u0430, \u0431\u043e\u043d\u0443\u0441\u044b, \u043e\u0441\u043e\u0431\u0435\u043d\u043d\u043e\u0441\u0442\u0438 \u0438 \u0445\u0430\u0440\u0430\u043a\u0442\u0435\u0440\u0438\u0441\u0442\u0438\u043a\u0438 \u0438\u0433\u0440\u044b \u0434\u043b\u044f \u0443\u0432\u0435\u043b\u0438\u0447\u0435\u043d\u0438\u0435 \u043f\u0440\u0438\u0431\u044b\u043b\u0438 \u0432 \u043a\u0430\u0437\u0438\u043d\u043e. \u0418\u0433\u0440\u0430\u0439 \u0432 Aviator \u043e\u0442 Spribe \u0432 \u043e\u043d\u043b\u0430\u0439\u043d\u0435.","robots":{"index":"index","follow":"follow","max-snippet":"max-snippet:-1","max-image-preview":"max-image-preview:large","max-video-preview":"max-video-preview:-1"},"canonical":"https:\/\/aviator-slotgame.com\/fr\/aviator\/","og_locale":"fr_FR","og_type":"article","og_title":"\u041e\u043d\u043b\u0430\u0439\u043d \u0441\u043b\u043e\u0442 \u0410\u0432\u0438\u0430\u0442\u043e\u0440 \u2014 \u0418\u0433\u0440\u0430\u0439 \u043d\u0430 \u0440\u0435\u0430\u043b\u044c\u043d\u044b\u0435 \u0434\u0435\u043d\u044c\u0433\u0438 \u0432 \u043a\u0430\u0437\u0438\u043d\u043e","og_description":"\u0423\u0437\u043d\u0430\u0439\u0442\u0435 \u0432\u0441\u0435 \u043e \u043a\u0440\u0430\u0448-\u0438\u0433\u0440\u0435 \u0410\u0432\u0438\u0430\u0442\u043e\u0440: \u043f\u0440\u0430\u0432\u0438\u043b\u0430, \u0431\u043e\u043d\u0443\u0441\u044b, \u043e\u0441\u043e\u0431\u0435\u043d\u043d\u043e\u0441\u0442\u0438 \u0438 \u0445\u0430\u0440\u0430\u043a\u0442\u0435\u0440\u0438\u0441\u0442\u0438\u043a\u0438 \u0438\u0433\u0440\u044b \u0434\u043b\u044f \u0443\u0432\u0435\u043b\u0438\u0447\u0435\u043d\u0438\u0435 \u043f\u0440\u0438\u0431\u044b\u043b\u0438 \u0432 \u043a\u0430\u0437\u0438\u043d\u043e. \u0418\u0433\u0440\u0430\u0439 \u0432 Aviator \u043e\u0442 Spribe \u0432 \u043e\u043d\u043b\u0430\u0439\u043d\u0435.","og_url":"https:\/\/aviator-slotgame.com\/fr\/aviator\/","og_site_name":"Aviator","article_modified_time":"2024-09-08T10:40:25+00:00","twitter_card":"summary_large_image","twitter_misc":{"Dur\u00e9e de lecture estim\u00e9e":"5 minutes"},"schema":{"@context":"https:\/\/schema.org","@graph":[{"@type":"WebPage","@id":"https:\/\/aviator-slotgame.com\/aviator\/","url":"https:\/\/aviator-slotgame.com\/aviator\/","name":"\u041e\u043d\u043b\u0430\u0439\u043d \u0441\u043b\u043e\u0442 \u0410\u0432\u0438\u0430\u0442\u043e\u0440 \u2014 \u0418\u0433\u0440\u0430\u0439 \u043d\u0430 \u0440\u0435\u0430\u043b\u044c\u043d\u044b\u0435 \u0434\u0435\u043d\u044c\u0433\u0438 \u0432 \u043a\u0430\u0437\u0438\u043d\u043e","isPartOf":{"@id":"https:\/\/aviator-slotgame.com\/#website"},"datePublished":"2024-09-06T14:43:40+00:00","dateModified":"2024-09-08T10:40:25+00:00","description":"\u0423\u0437\u043d\u0430\u0439\u0442\u0435 \u0432\u0441\u0435 \u043e \u043a\u0440\u0430\u0448-\u0438\u0433\u0440\u0435 \u0410\u0432\u0438\u0430\u0442\u043e\u0440: \u043f\u0440\u0430\u0432\u0438\u043b\u0430, \u0431\u043e\u043d\u0443\u0441\u044b, \u043e\u0441\u043e\u0431\u0435\u043d\u043d\u043e\u0441\u0442\u0438 \u0438 \u0445\u0430\u0440\u0430\u043a\u0442\u0435\u0440\u0438\u0441\u0442\u0438\u043a\u0438 \u0438\u0433\u0440\u044b \u0434\u043b\u044f \u0443\u0432\u0435\u043b\u0438\u0447\u0435\u043d\u0438\u0435 \u043f\u0440\u0438\u0431\u044b\u043b\u0438 \u0432 \u043a\u0430\u0437\u0438\u043d\u043e. \u0418\u0433\u0440\u0430\u0439 \u0432 Aviator \u043e\u0442 Spribe \u0432 \u043e\u043d\u043b\u0430\u0439\u043d\u0435.","breadcrumb":{"@id":"https:\/\/aviator-slotgame.com\/aviator\/#breadcrumb"},"inLanguage":"fr-FR","potentialAction":[{"@type":"ReadAction","target":["https:\/\/aviator-slotgame.com\/aviator\/"]}]},{"@type":"BreadcrumbList","@id":"https:\/\/aviator-slotgame.com\/aviator\/#breadcrumb","itemListElement":[{"@type":"ListItem","position":1,"name":"Home","item":"https:\/\/aviator-slotgame.com\/"},{"@type":"ListItem","position":2,"name":"\u041f\u0440\u0430\u0432\u0438\u043b\u0430,\u043e\u0441\u043e\u0431\u0435\u043d\u043e\u0441\u0442\u0438 \u0438 \u0432\u044b\u0438\u0433\u0440\u044b\u0448\u0438 \u0432 \u043a\u0440\u0430\u0448-\u0441\u043b\u043e\u0442 \u0438\u0433\u0440\u0435 \u043d\u0430 \u0434\u0435\u043d\u044c\u0433\u0438"}]},{"@type":"WebSite","@id":"https:\/\/aviator-slotgame.com\/#website","url":"https:\/\/aviator-slotgame.com\/","name":"Aviator","description":"","publisher":{"@id":"https:\/\/aviator-slotgame.com\/#organization"},"potentialAction":[{"@type":"SearchAction","target":{"@type":"EntryPoint","urlTemplate":"https:\/\/aviator-slotgame.com\/?s={search_term_string}"},"query-input":"required name=search_term_string"}],"inLanguage":"fr-FR"},{"@type":"Organization","@id":"https:\/\/aviator-slotgame.com\/#organization","name":"Aviator","url":"https:\/\/aviator-slotgame.com\/","logo":{"@type":"ImageObject","inLanguage":"fr-FR","@id":"https:\/\/aviator-slotgame.com\/#\/schema\/logo\/image\/","url":"https:\/\/aviator-slotgame.com\/wp-content\/uploads\/16f5e8_dade544d4623411c9c4153c639aae85amv2.webp","contentUrl":"https:\/\/aviator-slotgame.com\/wp-content\/uploads\/16f5e8_dade544d4623411c9c4153c639aae85amv2.webp","width":400,"height":300,"caption":"Aviator"},"image":{"@id":"https:\/\/aviator-slotgame.com\/#\/schema\/logo\/image\/"}}]}},"amp_enabled":true,"_links":{"self":[{"href":"https:\/\/aviator-slotgame.com\/fr\/wp-json\/wp\/v2\/pages\/263","targetHints":{"allow":["GET"]}}],"collection":[{"href":"https:\/\/aviator-slotgame.com\/fr\/wp-json\/wp\/v2\/pages"}],"about":[{"href":"https:\/\/aviator-slotgame.com\/fr\/wp-json\/wp\/v2\/types\/page"}],"author":[{"embeddable":true,"href":"https:\/\/aviator-slotgame.com\/fr\/wp-json\/wp\/v2\/users\/1"}],"replies":[{"embeddable":true,"href":"https:\/\/aviator-slotgame.com\/fr\/wp-json\/wp\/v2\/comments?post=263"}],"version-history":[{"count":4,"href":"https:\/\/aviator-slotgame.com\/fr\/wp-json\/wp\/v2\/pages\/263\/revisions"}],"predecessor-version":[{"id":287,"href":"https:\/\/aviator-slotgame.com\/fr\/wp-json\/wp\/v2\/pages\/263\/revisions\/287"}],"wp:attachment":[{"href":"https:\/\/aviator-slotgame.com\/fr\/wp-json\/wp\/v2\/media?parent=263"}],"curies":[{"name":"wp","href":"https:\/\/api.w.org\/{rel}","templated":true}]}}