{"id":271,"date":"2024-09-06T15:05:30","date_gmt":"2024-09-06T15:05:30","guid":{"rendered":"https:\/\/aviator-slotgame.com\/?page_id=271"},"modified":"2024-10-03T22:45:15","modified_gmt":"2024-10-03T22:45:15","slug":"faq","status":"publish","type":"page","link":"https:\/\/aviator-slotgame.com\/fr\/faq\/","title":{"rendered":"FAQ sur le jeu Aviator - R\u00e9ponses aux questions courantes sur le jeu"},"content":{"rendered":"<div class=\"b6eb1df559144c2998c642d7055f74f9\" data-index=\"1\" style=\"float: none; margin:10px 0 10px 0; text-align:center;\">\n<div class=\"custom-play-button\">\r\n<center><a href=\"https:\/\/aviator-slotgame.com\/fr\/play-game\/\" rel=\"nofollow\" target=\"_blank\">Joue maintenant<\/a><br><\/center>\r\n<\/div>\n<\/div>\n<p><img loading=\"lazy\" decoding=\"async\" class=\"alignnone size-full wp-image-273\" src=\"https:\/\/aviator-slotgame.com\/wp-content\/uploads\/Aviator-8-800-x-600-\u043f\u0438\u043a\u0441.jpg\" alt=\"R\u00e9ponses aux questions sur le jeu Aviator\" width=\"800\" height=\"600\" srcset=\"https:\/\/aviator-slotgame.com\/wp-content\/uploads\/Aviator-8-800-x-600-\u043f\u0438\u043a\u0441.jpg 800w, https:\/\/aviator-slotgame.com\/wp-content\/uploads\/Aviator-8-800-x-600-\u043f\u0438\u043a\u0441-300x225.jpg 300w, https:\/\/aviator-slotgame.com\/wp-content\/uploads\/Aviator-8-800-x-600-\u043f\u0438\u043a\u0441-768x576.jpg 768w, https:\/\/aviator-slotgame.com\/wp-content\/uploads\/Aviator-8-800-x-600-\u043f\u0438\u043a\u0441-16x12.jpg 16w\" sizes=\"auto, (max-width: 800px) 100vw, 800px\" \/><\/p>\n<h3><strong>Puis-je jouer gratuitement au jeu crash Aviator ?<\/strong><\/h3>\n<p>Oui, vous pouvez. D\u2019ailleurs, de nombreux professionnels du monde du jeu conseillent de jouer d\u2019abord \u00e0 une version d\u00e9mo du jeu Aviator afin de mieux comprendre le gameplay. Sans reconstituer de l&#039;argent r\u00e9el\u00a0! Lorsque vous jouez gratuitement, vous pouvez r\u00e9fl\u00e9chir \u00e0 une strat\u00e9gie pour jouer \u00e0 Aviator apr\u00e8s avoir reconstitu\u00e9 votre d\u00e9p\u00f4t.<\/p>\n<h3><strong>Quel est le meilleur endroit pour jouer au jeu en ligne Aviator ?<\/strong><\/h3>\n<p>Vous pouvez jouer au jeu gratuit sur n\u2019importe quel site de casino sur Internet. Cependant, si vous envisagez de commencer \u00e0 jouer avec de l\u2019argent r\u00e9el, vous devez choisir un casino \u00e9prouv\u00e9 et honn\u00eate. Pour que votre jeu dans Aviator soit s\u00e9curis\u00e9 et n&#039;apporte que des \u00e9motions positives et de gros gains !<\/p>\n<h3><strong>Puis-je jouer au casino en ligne Aviator sur mon appareil mobile ?<\/strong><\/h3>\n<p>Il n&#039;existe pas d&#039;application distincte pour le jeu de hasard Aviator, mais vous pouvez installer n&#039;importe quelle application de casino officielle et \u00e9prouv\u00e9e, o\u00f9 vous pourrez facilement trouver le jeu de crash Aviator \u00e0 l&#039;aide de la barre de recherche. Le jeu Aviator est optimis\u00e9 pour les appareils et les \u00e9crans de toutes r\u00e9solutions, afin que vous puissiez profiter du jeu sur votre t\u00e9l\u00e9phone mobile Android ou iOS.<\/p><div class=\"b6eb1df559144c2998c642d7055f74f9\" data-index=\"1\" style=\"float: none; margin:10px 0 10px 0; text-align:center;\">\n<div class=\"custom-play-button\">\r\n<center><a href=\"https:\/\/aviator-slotgame.com\/fr\/play-game\/\" rel=\"nofollow\" target=\"_blank\">Joue maintenant<\/a><br><\/center>\r\n<\/div>\n<\/div>\n\n<h3><strong>Quelle est la mise minimale dans le jeu en ligne Aviator ?<\/strong><\/h3>\n<p>La mise minimale au casino en ligne Aviator est de 0,1$<\/p>\n<h3><strong>Quelle est la mise maximale dans le jeu en ligne Aviator ?<\/strong><\/h3>\n<p>La mise maximale au casino en ligne Aviator est de 100$<\/p>\n<h3><strong>Comment jouer au jeu Aviateur ?<\/strong><\/h3>\n<p>La machine \u00e0 sous Aviator est un jeu de hasard tr\u00e8s facile \u00e0 jouer. La chose la plus importante est de suivre deux \u00e9tapes lorsque vous jouez \u00e0 Aviator : placer un pari et retirer votre pari apr\u00e8s le d\u00e9but du tour. Le montant de la mise et le d\u00e9lai de retrait sont d\u00e9termin\u00e9s par vous en fonction de votre situation et de votre volont\u00e9 de prendre des risques.<\/p>\n<h3><strong>Comment pirater le jeu Aviator ?<\/strong><\/h3>\n<p>Le jeu Aviator ne peut pas \u00eatre pirat\u00e9, alors n&#039;essayez m\u00eame pas. L&#039;id\u00e9e principale du hack Aviator, qui est activement discut\u00e9e sur les forums, est de deviner le prochain multiplicateur auquel l&#039;avion s&#039;envolera. Il est entendu que connaissant le prochain multiplicateur, le joueur aura le temps d&#039;effectuer un retrait peu de temps avant celui-ci. En fait, il est impossible de pirater Aviator ou de contr\u00f4ler la baisse du multiplicateur.<\/p>\n<h3><strong>Comment pr\u00e9dire le r\u00e9sultat du jeu Aviator ?<\/strong><\/h3>\n<p>Personne ne peut pr\u00e9dire le r\u00e9sultat d&#039;un tour du jeu Aviator avec une probabilit\u00e9 de 100 %. Souvent, nous ne pouvons pr\u00e9dire que la probabilit\u00e9 d\u2019atteindre un certain multiplicateur. Par exemple, si vous regardez l&#039;historique du multiplicateur et constatez qu&#039;au cours de la derni\u00e8re heure, le multiplicateur de 100 n&#039;est jamais apparu, il y a alors une forte probabilit\u00e9 qu&#039;il apparaisse dans un avenir proche. Cependant, il est impossible de pr\u00e9dire quel multiplicateur appara\u00eetra la prochaine fois, par exemple x1,05 ou x3,0.<\/p>\n<h3><strong>Quoi\u00a0<\/strong><strong>RTP<\/strong><strong>\u00a0Emplacement aviateur ?<\/strong><\/h3>\n<p>Le RTP de la machine \u00e0 sous Aviator est de 97% selon le site Web du d\u00e9veloppeur du jeu.<\/p>\n<h3><strong>Comment gagner le jeu Aviator ?<\/strong><\/h3>\n<p>Gagner dans Aviator d\u00e9pend de votre strat\u00e9gie. Par cons\u00e9quent, pour commencer, il est important de d\u00e9terminer non pas comment gagner sur Aviator, mais comment jouer \u00e0 Aviator. Pour r\u00e9pondre \u00e0 cette question, il est important de choisir la bonne strat\u00e9gie pour jouer \u00e0 Aviator. Bref, une strat\u00e9gie conservatrice pour jouer \u00e0 Aviator minimisera le risque de perdre et vous aidera \u00e0 gagner r\u00e9guli\u00e8rement de petites sommes. La strat\u00e9gie de risque maximum vous aidera \u00e0 gagner de grosses sommes, mais les chances de perdre la totalit\u00e9 de votre d\u00e9p\u00f4t sont \u00e9galement \u00e9lev\u00e9es.<\/p>\n<h3><strong>Comment effectuer un d\u00e9p\u00f4t dans le jeu Aviator ?<\/strong><\/h3>\n<p>Pour effectuer un d\u00e9p\u00f4t dans le jeu Aviator, vous devez vous inscrire sur le site du casino en ligne. Imm\u00e9diatement apr\u00e8s l&#039;inscription, il est important de proc\u00e9der \u00e0 une v\u00e9rification du compte et d&#039;effectuer un d\u00e9p\u00f4t en utilisant l&#039;une des m\u00e9thodes propos\u00e9es par le casino. En r\u00e8gle g\u00e9n\u00e9rale, vous pouvez recharger votre d\u00e9p\u00f4t avec une carte bancaire, une crypto-monnaie et des portefeuilles \u00e9lectroniques.<\/p>\n<h3><strong>Comment retirer de l&#039;argent d&#039;Aviator vers une carte bancaire ?<\/strong><\/h3>\n<p>Imm\u00e9diatement apr\u00e8s avoir gagn\u00e9, l&#039;argent est vers\u00e9 sur le compte de jeu. Le joueur peut retirer de l&#039;argent du compte de jeu. Les m\u00e9thodes et conditions de retrait d\u00e9pendent du casino en ligne. Par exemple, certains casinos vous permettent de retirer de l\u2019argent exactement de la m\u00eame mani\u00e8re que l\u2019argent a \u00e9t\u00e9 d\u00e9pos\u00e9. Certains casinos ne permettent pas d\u2019utiliser des cartes bancaires, par exemple les casinos crypto.<\/p>\n\n<div style=\"font-size: 0px; height: 0px; line-height: 0px; margin: 0; padding: 0; clear: both;\"><\/div>","protected":false},"excerpt":{"rendered":"<p>Puis-je jouer gratuitement au jeu crash Aviator ? Oui, vous pouvez. D\u2019ailleurs, de nombreux professionnels du monde du jeu conseillent pour<\/p>","protected":false},"author":1,"featured_media":0,"parent":0,"menu_order":0,"comment_status":"closed","ping_status":"closed","template":"","meta":{"footnotes":""},"class_list":["post-271","page","type-page","status-publish","hentry"],"yoast_head":"<!-- This site is optimized with the Yoast SEO plugin v22.0 - https:\/\/yoast.com\/wordpress\/plugins\/seo\/ -->\n<title>\u0427\u0430\u0441\u0442\u043e \u0437\u0430\u0434\u0430\u0432\u0430\u0435\u043c\u044b\u0435 \u0432\u043e\u043f\u0440\u043e\u0441\u044b \u043e\u0431 \u0438\u0433\u0440\u0435 \u0410\u0432\u0438\u0430\u0442\u043e\u0440 \u2014 FAQ \u043e \u043a\u0440\u0430\u0448-\u0441\u043b\u043e\u0442\u0435<\/title>\n<meta name=\"description\" content=\"\u0423\u0437\u043d\u0430\u0439\u0442\u0435 \u043e\u0442\u0432\u0435\u0442\u044b \u043d\u0430 \u0447\u0430\u0441\u0442\u043e \u0437\u0430\u0434\u0430\u0432\u0430\u0435\u043c\u044b\u0435 \u0432\u043e\u043f\u0440\u043e\u0441\u044b \u043e\u0431 \u0438\u0433\u0440\u0435 \u0410\u0432\u0438\u0430\u0442\u043e\u0440: \u043a\u0430\u043a \u0438\u0433\u0440\u0430\u0442\u044c, \u043f\u0440\u043e \u0441\u0442\u0430\u0432\u043a\u0438, \u043e\u0431 RTP,\u043e \u0432\u044b\u0432\u043e\u0434\u0435 \u0434\u0435\u043d\u0435\u0433 \u0438 \u043a\u0430\u043a \u0431\u0435\u0437\u043e\u043f\u0430\u0441\u043d\u043e \u0438\u0433\u0440\u0430\u0442\u044c \u0432 \u043a\u0440\u0430\u0448-\u0441\u043b\u043e\u0442 \u043d\u0430 \u0434\u0435\u043d\u044c\u0433\u0438 \u0432 \u043a\u0430\u0437\u0438\u043d\u043e.\" \/>\n<meta name=\"robots\" content=\"index, follow, max-snippet:-1, max-image-preview:large, max-video-preview:-1\" \/>\n<link rel=\"canonical\" href=\"https:\/\/aviator-slotgame.com\/fr\/faq\/\" \/>\n<meta property=\"og:locale\" content=\"fr_FR\" \/>\n<meta property=\"og:type\" content=\"article\" \/>\n<meta property=\"og:title\" content=\"\u0427\u0430\u0441\u0442\u043e \u0437\u0430\u0434\u0430\u0432\u0430\u0435\u043c\u044b\u0435 \u0432\u043e\u043f\u0440\u043e\u0441\u044b \u043e\u0431 \u0438\u0433\u0440\u0435 \u0410\u0432\u0438\u0430\u0442\u043e\u0440 \u2014 FAQ \u043e \u043a\u0440\u0430\u0448-\u0441\u043b\u043e\u0442\u0435\" \/>\n<meta property=\"og:description\" content=\"\u0423\u0437\u043d\u0430\u0439\u0442\u0435 \u043e\u0442\u0432\u0435\u0442\u044b \u043d\u0430 \u0447\u0430\u0441\u0442\u043e \u0437\u0430\u0434\u0430\u0432\u0430\u0435\u043c\u044b\u0435 \u0432\u043e\u043f\u0440\u043e\u0441\u044b \u043e\u0431 \u0438\u0433\u0440\u0435 \u0410\u0432\u0438\u0430\u0442\u043e\u0440: \u043a\u0430\u043a \u0438\u0433\u0440\u0430\u0442\u044c, \u043f\u0440\u043e \u0441\u0442\u0430\u0432\u043a\u0438, \u043e\u0431 RTP,\u043e \u0432\u044b\u0432\u043e\u0434\u0435 \u0434\u0435\u043d\u0435\u0433 \u0438 \u043a\u0430\u043a \u0431\u0435\u0437\u043e\u043f\u0430\u0441\u043d\u043e \u0438\u0433\u0440\u0430\u0442\u044c \u0432 \u043a\u0440\u0430\u0448-\u0441\u043b\u043e\u0442 \u043d\u0430 \u0434\u0435\u043d\u044c\u0433\u0438 \u0432 \u043a\u0430\u0437\u0438\u043d\u043e.\" \/>\n<meta property=\"og:url\" content=\"https:\/\/aviator-slotgame.com\/fr\/faq\/\" \/>\n<meta property=\"og:site_name\" content=\"Aviator\" \/>\n<meta property=\"article:modified_time\" content=\"2024-10-03T22:45:15+00:00\" \/>\n<meta name=\"twitter:card\" content=\"summary_large_image\" \/>\n<meta name=\"twitter:label1\" content=\"Dur\u00e9e de lecture estim\u00e9e\" \/>\n\t<meta name=\"twitter:data1\" content=\"3 minutes\" \/>\n<script type=\"application\/ld+json\" class=\"yoast-schema-graph\">{\"@context\":\"https:\/\/schema.org\",\"@graph\":[{\"@type\":\"WebPage\",\"@id\":\"https:\/\/aviator-slotgame.com\/faq\/\",\"url\":\"https:\/\/aviator-slotgame.com\/faq\/\",\"name\":\"\u0427\u0430\u0441\u0442\u043e \u0437\u0430\u0434\u0430\u0432\u0430\u0435\u043c\u044b\u0435 \u0432\u043e\u043f\u0440\u043e\u0441\u044b \u043e\u0431 \u0438\u0433\u0440\u0435 \u0410\u0432\u0438\u0430\u0442\u043e\u0440 \u2014 FAQ \u043e \u043a\u0440\u0430\u0448-\u0441\u043b\u043e\u0442\u0435\",\"isPartOf\":{\"@id\":\"https:\/\/aviator-slotgame.com\/#website\"},\"datePublished\":\"2024-09-06T15:05:30+00:00\",\"dateModified\":\"2024-10-03T22:45:15+00:00\",\"description\":\"\u0423\u0437\u043d\u0430\u0439\u0442\u0435 \u043e\u0442\u0432\u0435\u0442\u044b \u043d\u0430 \u0447\u0430\u0441\u0442\u043e \u0437\u0430\u0434\u0430\u0432\u0430\u0435\u043c\u044b\u0435 \u0432\u043e\u043f\u0440\u043e\u0441\u044b \u043e\u0431 \u0438\u0433\u0440\u0435 \u0410\u0432\u0438\u0430\u0442\u043e\u0440: \u043a\u0430\u043a \u0438\u0433\u0440\u0430\u0442\u044c, \u043f\u0440\u043e \u0441\u0442\u0430\u0432\u043a\u0438, \u043e\u0431 RTP,\u043e \u0432\u044b\u0432\u043e\u0434\u0435 \u0434\u0435\u043d\u0435\u0433 \u0438 \u043a\u0430\u043a \u0431\u0435\u0437\u043e\u043f\u0430\u0441\u043d\u043e \u0438\u0433\u0440\u0430\u0442\u044c \u0432 \u043a\u0440\u0430\u0448-\u0441\u043b\u043e\u0442 \u043d\u0430 \u0434\u0435\u043d\u044c\u0433\u0438 \u0432 \u043a\u0430\u0437\u0438\u043d\u043e.\",\"breadcrumb\":{\"@id\":\"https:\/\/aviator-slotgame.com\/faq\/#breadcrumb\"},\"inLanguage\":\"fr-FR\",\"potentialAction\":[{\"@type\":\"ReadAction\",\"target\":[\"https:\/\/aviator-slotgame.com\/faq\/\"]}]},{\"@type\":\"BreadcrumbList\",\"@id\":\"https:\/\/aviator-slotgame.com\/faq\/#breadcrumb\",\"itemListElement\":[{\"@type\":\"ListItem\",\"position\":1,\"name\":\"Home\",\"item\":\"https:\/\/aviator-slotgame.com\/\"},{\"@type\":\"ListItem\",\"position\":2,\"name\":\"FAQ \u043e\u0431 \u0438\u0433\u0440\u0435 Aviator &#8211; \u041e\u0442\u0432\u0435\u0442\u044b \u043d\u0430 \u043f\u043e\u043f\u0443\u043b\u044f\u0440\u043d\u044b\u0435 \u0432\u043e\u043f\u0440\u043e\u0441\u044b \u043e \u0438\u0433\u0440\u0435\"}]},{\"@type\":\"WebSite\",\"@id\":\"https:\/\/aviator-slotgame.com\/#website\",\"url\":\"https:\/\/aviator-slotgame.com\/\",\"name\":\"Aviator\",\"description\":\"\",\"publisher\":{\"@id\":\"https:\/\/aviator-slotgame.com\/#organization\"},\"potentialAction\":[{\"@type\":\"SearchAction\",\"target\":{\"@type\":\"EntryPoint\",\"urlTemplate\":\"https:\/\/aviator-slotgame.com\/?s={search_term_string}\"},\"query-input\":\"required name=search_term_string\"}],\"inLanguage\":\"fr-FR\"},{\"@type\":\"Organization\",\"@id\":\"https:\/\/aviator-slotgame.com\/#organization\",\"name\":\"Aviator\",\"url\":\"https:\/\/aviator-slotgame.com\/\",\"logo\":{\"@type\":\"ImageObject\",\"inLanguage\":\"fr-FR\",\"@id\":\"https:\/\/aviator-slotgame.com\/#\/schema\/logo\/image\/\",\"url\":\"https:\/\/aviator-slotgame.com\/wp-content\/uploads\/16f5e8_dade544d4623411c9c4153c639aae85amv2.webp\",\"contentUrl\":\"https:\/\/aviator-slotgame.com\/wp-content\/uploads\/16f5e8_dade544d4623411c9c4153c639aae85amv2.webp\",\"width\":400,\"height\":300,\"caption\":\"Aviator\"},\"image\":{\"@id\":\"https:\/\/aviator-slotgame.com\/#\/schema\/logo\/image\/\"}}]}<\/script>\n<!-- \/ Yoast SEO plugin. -->","yoast_head_json":{"title":"\u0427\u0430\u0441\u0442\u043e \u0437\u0430\u0434\u0430\u0432\u0430\u0435\u043c\u044b\u0435 \u0432\u043e\u043f\u0440\u043e\u0441\u044b \u043e\u0431 \u0438\u0433\u0440\u0435 \u0410\u0432\u0438\u0430\u0442\u043e\u0440 \u2014 FAQ \u043e \u043a\u0440\u0430\u0448-\u0441\u043b\u043e\u0442\u0435","description":"\u0423\u0437\u043d\u0430\u0439\u0442\u0435 \u043e\u0442\u0432\u0435\u0442\u044b \u043d\u0430 \u0447\u0430\u0441\u0442\u043e \u0437\u0430\u0434\u0430\u0432\u0430\u0435\u043c\u044b\u0435 \u0432\u043e\u043f\u0440\u043e\u0441\u044b \u043e\u0431 \u0438\u0433\u0440\u0435 \u0410\u0432\u0438\u0430\u0442\u043e\u0440: \u043a\u0430\u043a \u0438\u0433\u0440\u0430\u0442\u044c, \u043f\u0440\u043e \u0441\u0442\u0430\u0432\u043a\u0438, \u043e\u0431 RTP,\u043e \u0432\u044b\u0432\u043e\u0434\u0435 \u0434\u0435\u043d\u0435\u0433 \u0438 \u043a\u0430\u043a \u0431\u0435\u0437\u043e\u043f\u0430\u0441\u043d\u043e \u0438\u0433\u0440\u0430\u0442\u044c \u0432 \u043a\u0440\u0430\u0448-\u0441\u043b\u043e\u0442 \u043d\u0430 \u0434\u0435\u043d\u044c\u0433\u0438 \u0432 \u043a\u0430\u0437\u0438\u043d\u043e.","robots":{"index":"index","follow":"follow","max-snippet":"max-snippet:-1","max-image-preview":"max-image-preview:large","max-video-preview":"max-video-preview:-1"},"canonical":"https:\/\/aviator-slotgame.com\/fr\/faq\/","og_locale":"fr_FR","og_type":"article","og_title":"\u0427\u0430\u0441\u0442\u043e \u0437\u0430\u0434\u0430\u0432\u0430\u0435\u043c\u044b\u0435 \u0432\u043e\u043f\u0440\u043e\u0441\u044b \u043e\u0431 \u0438\u0433\u0440\u0435 \u0410\u0432\u0438\u0430\u0442\u043e\u0440 \u2014 FAQ \u043e \u043a\u0440\u0430\u0448-\u0441\u043b\u043e\u0442\u0435","og_description":"\u0423\u0437\u043d\u0430\u0439\u0442\u0435 \u043e\u0442\u0432\u0435\u0442\u044b \u043d\u0430 \u0447\u0430\u0441\u0442\u043e \u0437\u0430\u0434\u0430\u0432\u0430\u0435\u043c\u044b\u0435 \u0432\u043e\u043f\u0440\u043e\u0441\u044b \u043e\u0431 \u0438\u0433\u0440\u0435 \u0410\u0432\u0438\u0430\u0442\u043e\u0440: \u043a\u0430\u043a \u0438\u0433\u0440\u0430\u0442\u044c, \u043f\u0440\u043e \u0441\u0442\u0430\u0432\u043a\u0438, \u043e\u0431 RTP,\u043e \u0432\u044b\u0432\u043e\u0434\u0435 \u0434\u0435\u043d\u0435\u0433 \u0438 \u043a\u0430\u043a \u0431\u0435\u0437\u043e\u043f\u0430\u0441\u043d\u043e \u0438\u0433\u0440\u0430\u0442\u044c \u0432 \u043a\u0440\u0430\u0448-\u0441\u043b\u043e\u0442 \u043d\u0430 \u0434\u0435\u043d\u044c\u0433\u0438 \u0432 \u043a\u0430\u0437\u0438\u043d\u043e.","og_url":"https:\/\/aviator-slotgame.com\/fr\/faq\/","og_site_name":"Aviator","article_modified_time":"2024-10-03T22:45:15+00:00","twitter_card":"summary_large_image","twitter_misc":{"Dur\u00e9e de lecture estim\u00e9e":"3 minutes"},"schema":{"@context":"https:\/\/schema.org","@graph":[{"@type":"WebPage","@id":"https:\/\/aviator-slotgame.com\/faq\/","url":"https:\/\/aviator-slotgame.com\/faq\/","name":"\u0427\u0430\u0441\u0442\u043e \u0437\u0430\u0434\u0430\u0432\u0430\u0435\u043c\u044b\u0435 \u0432\u043e\u043f\u0440\u043e\u0441\u044b \u043e\u0431 \u0438\u0433\u0440\u0435 \u0410\u0432\u0438\u0430\u0442\u043e\u0440 \u2014 FAQ \u043e \u043a\u0440\u0430\u0448-\u0441\u043b\u043e\u0442\u0435","isPartOf":{"@id":"https:\/\/aviator-slotgame.com\/#website"},"datePublished":"2024-09-06T15:05:30+00:00","dateModified":"2024-10-03T22:45:15+00:00","description":"\u0423\u0437\u043d\u0430\u0439\u0442\u0435 \u043e\u0442\u0432\u0435\u0442\u044b \u043d\u0430 \u0447\u0430\u0441\u0442\u043e \u0437\u0430\u0434\u0430\u0432\u0430\u0435\u043c\u044b\u0435 \u0432\u043e\u043f\u0440\u043e\u0441\u044b \u043e\u0431 \u0438\u0433\u0440\u0435 \u0410\u0432\u0438\u0430\u0442\u043e\u0440: \u043a\u0430\u043a \u0438\u0433\u0440\u0430\u0442\u044c, \u043f\u0440\u043e \u0441\u0442\u0430\u0432\u043a\u0438, \u043e\u0431 RTP,\u043e \u0432\u044b\u0432\u043e\u0434\u0435 \u0434\u0435\u043d\u0435\u0433 \u0438 \u043a\u0430\u043a \u0431\u0435\u0437\u043e\u043f\u0430\u0441\u043d\u043e \u0438\u0433\u0440\u0430\u0442\u044c \u0432 \u043a\u0440\u0430\u0448-\u0441\u043b\u043e\u0442 \u043d\u0430 \u0434\u0435\u043d\u044c\u0433\u0438 \u0432 \u043a\u0430\u0437\u0438\u043d\u043e.","breadcrumb":{"@id":"https:\/\/aviator-slotgame.com\/faq\/#breadcrumb"},"inLanguage":"fr-FR","potentialAction":[{"@type":"ReadAction","target":["https:\/\/aviator-slotgame.com\/faq\/"]}]},{"@type":"BreadcrumbList","@id":"https:\/\/aviator-slotgame.com\/faq\/#breadcrumb","itemListElement":[{"@type":"ListItem","position":1,"name":"Home","item":"https:\/\/aviator-slotgame.com\/"},{"@type":"ListItem","position":2,"name":"FAQ \u043e\u0431 \u0438\u0433\u0440\u0435 Aviator &#8211; \u041e\u0442\u0432\u0435\u0442\u044b \u043d\u0430 \u043f\u043e\u043f\u0443\u043b\u044f\u0440\u043d\u044b\u0435 \u0432\u043e\u043f\u0440\u043e\u0441\u044b \u043e \u0438\u0433\u0440\u0435"}]},{"@type":"WebSite","@id":"https:\/\/aviator-slotgame.com\/#website","url":"https:\/\/aviator-slotgame.com\/","name":"Aviator","description":"","publisher":{"@id":"https:\/\/aviator-slotgame.com\/#organization"},"potentialAction":[{"@type":"SearchAction","target":{"@type":"EntryPoint","urlTemplate":"https:\/\/aviator-slotgame.com\/?s={search_term_string}"},"query-input":"required name=search_term_string"}],"inLanguage":"fr-FR"},{"@type":"Organization","@id":"https:\/\/aviator-slotgame.com\/#organization","name":"Aviator","url":"https:\/\/aviator-slotgame.com\/","logo":{"@type":"ImageObject","inLanguage":"fr-FR","@id":"https:\/\/aviator-slotgame.com\/#\/schema\/logo\/image\/","url":"https:\/\/aviator-slotgame.com\/wp-content\/uploads\/16f5e8_dade544d4623411c9c4153c639aae85amv2.webp","contentUrl":"https:\/\/aviator-slotgame.com\/wp-content\/uploads\/16f5e8_dade544d4623411c9c4153c639aae85amv2.webp","width":400,"height":300,"caption":"Aviator"},"image":{"@id":"https:\/\/aviator-slotgame.com\/#\/schema\/logo\/image\/"}}]}},"amp_enabled":true,"_links":{"self":[{"href":"https:\/\/aviator-slotgame.com\/fr\/wp-json\/wp\/v2\/pages\/271","targetHints":{"allow":["GET"]}}],"collection":[{"href":"https:\/\/aviator-slotgame.com\/fr\/wp-json\/wp\/v2\/pages"}],"about":[{"href":"https:\/\/aviator-slotgame.com\/fr\/wp-json\/wp\/v2\/types\/page"}],"author":[{"embeddable":true,"href":"https:\/\/aviator-slotgame.com\/fr\/wp-json\/wp\/v2\/users\/1"}],"replies":[{"embeddable":true,"href":"https:\/\/aviator-slotgame.com\/fr\/wp-json\/wp\/v2\/comments?post=271"}],"version-history":[{"count":8,"href":"https:\/\/aviator-slotgame.com\/fr\/wp-json\/wp\/v2\/pages\/271\/revisions"}],"predecessor-version":[{"id":407,"href":"https:\/\/aviator-slotgame.com\/fr\/wp-json\/wp\/v2\/pages\/271\/revisions\/407"}],"wp:attachment":[{"href":"https:\/\/aviator-slotgame.com\/fr\/wp-json\/wp\/v2\/media?parent=271"}],"curies":[{"name":"wp","href":"https:\/\/api.w.org\/{rel}","templated":true}]}}