{"id":29,"date":"2024-01-31T12:59:48","date_gmt":"2024-01-31T12:59:48","guid":{"rendered":"https:\/\/aviator-slotgame.com\/?page_id=29"},"modified":"2024-10-04T00:04:28","modified_gmt":"2024-10-04T00:04:28","slug":"aviator-by-spribe","status":"publish","type":"page","link":"https:\/\/aviator-slotgame.com\/fr\/casinos-en-ligne-avec-aviator-de-spribe\/","title":{"rendered":"Casino en ligne avec Aviator de Spribe"},"content":{"rendered":"<div class=\"b6eb1df559144c2998c642d7055f74f9\" data-index=\"1\" style=\"float: none; margin:10px 0 10px 0; text-align:center;\">\n<div class=\"custom-play-button\">\r\n<center><a href=\"https:\/\/aviator-slotgame.com\/fr\/play-game\/\" rel=\"nofollow\" target=\"_blank\">Joue maintenant<\/a><br><\/center>\r\n<\/div>\n<\/div>\n<p>Recherchez-vous des casinos en ligne proposant Aviator ? Vous \u00eates arriv\u00e9 au bon endroit!<\/p>\n<p>Jouer sur un casino en ligne peut \u00eatre une exp\u00e9rience passionnante et amusante. Aviator propose un gameplay fluide, de superbes graphismes et des bonus. Dans les meilleurs casinos en ligne proposant ce jeu, vous pouvez vous attendre \u00e0 des d\u00e9p\u00f4ts et retraits faciles, \u00e0 des conditions de jeu s\u00e9curis\u00e9es, \u00e0 un support client 24h\/24 et 7j\/7 et \u00e0 un large choix de jeux.<\/p>\n<p>Lorsque vous jouez sur un casino en ligne avec de l\u2019argent r\u00e9el ou des crypto-monnaies, il est important de s\u2019assurer que le casino en ligne est digne de confiance. Nous vous aiderons \u00e0 d\u00e9cider quel casino en ligne convient le mieux \u00e0 vos besoins Aviator. En suivant ce guide, vous trouverez facilement des casinos en ligne proposant Aviator et pourrez imm\u00e9diatement commencer \u00e0 profiter d&#039;excellents jeux en ligne !<\/p>\n<p><img loading=\"lazy\" decoding=\"async\" class=\"alignnone size-full wp-image-209\" title=\"Aviateur par Spribe\" src=\"https:\/\/aviator-slotgame.com\/wp-content\/uploads\/aviator-2.png\" alt=\"Aviateur par Spribe\" width=\"800\" height=\"445\" srcset=\"https:\/\/aviator-slotgame.com\/wp-content\/uploads\/aviator-2.png 800w, https:\/\/aviator-slotgame.com\/wp-content\/uploads\/aviator-2-300x167.png 300w, https:\/\/aviator-slotgame.com\/wp-content\/uploads\/aviator-2-768x427.png 768w, https:\/\/aviator-slotgame.com\/wp-content\/uploads\/aviator-2-18x10.png 18w\" sizes=\"auto, (max-width: 800px) 100vw, 800px\" \/><\/p><div class=\"b6eb1df559144c2998c642d7055f74f9\" data-index=\"1\" style=\"float: none; margin:10px 0 10px 0; text-align:center;\">\n<div class=\"custom-play-button\">\r\n<center><a href=\"https:\/\/aviator-slotgame.com\/fr\/play-game\/\" rel=\"nofollow\" target=\"_blank\">Joue maintenant<\/a><br><\/center>\r\n<\/div>\n<\/div>\n\n<h2>Choisir un casino en ligne pour jouer \u00e0 Aviator<\/h2>\n<p>Voici une liste de questions \u00e0 consid\u00e9rer lors du choix d\u2019un site de casino :<\/p>\n<ul>\n<li>Le site a-t-il une bonne r\u00e9putation aupr\u00e8s des joueurs ?<\/li>\n<li>Aviator est-il disponible sur ce site ?<\/li>\n<li>Ce casino est-il autoris\u00e9 \u00e0 fonctionner dans votre pays\u00a0?<\/li>\n<li>Le casino en ligne accepte-t-il votre devise pr\u00e9f\u00e9r\u00e9e ?<\/li>\n<li>Si vous souhaitez utiliser la crypto-monnaie, acceptent-ils votre pi\u00e8ce pr\u00e9f\u00e9r\u00e9e ?<\/li>\n<li>Quels bonus de bienvenue sont disponibles pour les nouveaux joueurs de casino en ligne ?<\/li>\n<\/ul>\n<h3>Meilleurs bonus de bienvenue pour les joueurs aviateurs<\/h3>\n<p>Le meilleur bonus de bienvenue de casino offrira aux nouveaux joueurs un cr\u00e9dit correspondant au site sur leur premier d\u00e9p\u00f4t, ainsi qu&#039;un package de tours gratuits ! Avant de vous inscrire, assurez-vous de lire les termes et conditions du casino en ligne.<\/p>\n<p>Enfin, n&#039;oubliez pas de vous amuser ! Jouer sur un casino en ligne devrait \u00eatre amusant. Prenez votre temps, faites quelques tests, puis profitez de l&#039;excitation de jouer \u00e0 Aviator\u00a0! Bonne chance!<\/p>\n<table>\n<tbody>\n<tr>\n<td><strong>OFFRES DE BONUS DE BIENVENUE<\/strong><\/td>\n<\/tr>\n<tr>\n<td><strong>Pr\u00eat de premier d\u00e9p\u00f4t<\/strong><\/td>\n<td>150% ou sup\u00e9rieur<\/td>\n<\/tr>\n<tr>\n<td><strong>Bonus maximum<\/strong><\/td>\n<td>Pas moins de 25 000 \u20b9<\/td>\n<\/tr>\n<tr>\n<td><strong>Tours gratuits<\/strong><\/td>\n<td>150+ tours gratuits<\/td>\n<\/tr>\n<\/tbody>\n<\/table>\n<p><img loading=\"lazy\" decoding=\"async\" class=\"alignnone size-full wp-image-363\" src=\"https:\/\/aviator-slotgame.com\/wp-content\/uploads\/Aviator-32-800-x-600-\u043f\u0438\u043a\u0441.jpg\" alt=\"Casino en ligne dans le jeu Aviator\" width=\"800\" height=\"600\" srcset=\"https:\/\/aviator-slotgame.com\/wp-content\/uploads\/Aviator-32-800-x-600-\u043f\u0438\u043a\u0441.jpg 800w, https:\/\/aviator-slotgame.com\/wp-content\/uploads\/Aviator-32-800-x-600-\u043f\u0438\u043a\u0441-300x225.jpg 300w, https:\/\/aviator-slotgame.com\/wp-content\/uploads\/Aviator-32-800-x-600-\u043f\u0438\u043a\u0441-768x576.jpg 768w, https:\/\/aviator-slotgame.com\/wp-content\/uploads\/Aviator-32-800-x-600-\u043f\u0438\u043a\u0441-16x12.jpg 16w\" sizes=\"auto, (max-width: 800px) 100vw, 800px\" \/><\/p>\n<h2 id=\"h-online-cryptocurrency-casinos\">Casinos en ligne de crypto-monnaie<\/h2>\n<p>La popularit\u00e9 initiale d&#039;Aviator est venue du monde des casinos \u00e0 crypto-monnaie. Son faible avantage de la maison et son rythme de jeu rapide en ont fait un favori parmi les joueurs de machines \u00e0 sous cryptographiques du monde entier. De plus, le multijoueur social et les aspects comp\u00e9titifs font du jeu un choix parfait pour les communaut\u00e9s cryptographiques.<\/p>\n<p>Si vous recherchez un casino en ligne prenant en charge la crypto-monnaie, il y a quelques points \u00e0 garder \u00e0 l\u2019esprit.<\/p>\n<figure class=\"wp-block-table\">\n<table>\n<tbody>\n<tr>\n<td><strong>CRYPTOMONNAIES COURANTEMENT ACCEPT\u00c9ES DANS LES CASINOS<\/strong><\/td>\n<\/tr>\n<tr>\n<td><strong>Bitcoin (BTC)<\/strong><\/td>\n<\/tr>\n<tr>\n<td><strong>Ethereum (ETH)<\/strong><\/td>\n<\/tr>\n<tr>\n<td><strong>Bitcoin Cash (BCH)<\/strong><\/td>\n<\/tr>\n<tr>\n<td><strong>Litecoin (LTC)<\/strong><\/td>\n<\/tr>\n<tr>\n<td><strong>Dogecoin (DOGE)<\/strong><\/td>\n<\/tr>\n<\/tbody>\n<\/table>\n<\/figure>\n<p><img loading=\"lazy\" decoding=\"async\" class=\"alignnone size-full wp-image-356\" src=\"https:\/\/aviator-slotgame.com\/wp-content\/uploads\/Aviator-29-800-x-600-\u043f\u0438\u043a\u0441-1.jpg\" alt=\"Paiement avec crypto dans les casinos en ligne\" width=\"800\" height=\"600\" srcset=\"https:\/\/aviator-slotgame.com\/wp-content\/uploads\/Aviator-29-800-x-600-\u043f\u0438\u043a\u0441-1.jpg 800w, https:\/\/aviator-slotgame.com\/wp-content\/uploads\/Aviator-29-800-x-600-\u043f\u0438\u043a\u0441-1-300x225.jpg 300w, https:\/\/aviator-slotgame.com\/wp-content\/uploads\/Aviator-29-800-x-600-\u043f\u0438\u043a\u0441-1-768x576.jpg 768w, https:\/\/aviator-slotgame.com\/wp-content\/uploads\/Aviator-29-800-x-600-\u043f\u0438\u043a\u0441-1-16x12.jpg 16w\" sizes=\"auto, (max-width: 800px) 100vw, 800px\" \/><\/p>\n<h2 id=\"h-the-social-experience\">Exp\u00e9rience sociale<\/h2>\n<p>Dans Aviator, vous pouvez discuter avec d&#039;autres joueurs en temps r\u00e9el, d\u00e9finir votre propre photo de profil, consulter les paris de chacun et afficher vos gains les plus \u00e9lev\u00e9s ! Et tout cela en ligne !<\/p>\n<p>Peu de jeux de type machine \u00e0 sous offrent aux joueurs la possibilit\u00e9 de communiquer et de suivre les paris de chacun comme le fait Aviator. La sensation de jeu multijoueur en ligne est rare dans le monde des casinos, o\u00f9 les gens sont souvent isol\u00e9s, faisant tourner seuls leurs rouleaux pr\u00e9f\u00e9r\u00e9s. Vous pouvez vous sentir seul dans un casino classique, mais sur les sites, c&#039;est 100 fois plus facile.<\/p>\n<p><img loading=\"lazy\" decoding=\"async\" class=\"alignnone size-full wp-image-365\" src=\"https:\/\/aviator-slotgame.com\/wp-content\/uploads\/Aviator-33-800-x-600-\u043f\u0438\u043a\u0441.jpg\" alt=\"Exp\u00e9rience sociale en aviateur\" width=\"800\" height=\"600\" srcset=\"https:\/\/aviator-slotgame.com\/wp-content\/uploads\/Aviator-33-800-x-600-\u043f\u0438\u043a\u0441.jpg 800w, https:\/\/aviator-slotgame.com\/wp-content\/uploads\/Aviator-33-800-x-600-\u043f\u0438\u043a\u0441-300x225.jpg 300w, https:\/\/aviator-slotgame.com\/wp-content\/uploads\/Aviator-33-800-x-600-\u043f\u0438\u043a\u0441-768x576.jpg 768w, https:\/\/aviator-slotgame.com\/wp-content\/uploads\/Aviator-33-800-x-600-\u043f\u0438\u043a\u0441-16x12.jpg 16w\" sizes=\"auto, (max-width: 800px) 100vw, 800px\" \/><\/p>\n<h2 id=\"h-aviator-mobile-devices\">Appareils mobiles aviateur<\/h2>\n<p>Si votre site de casino pr\u00e9f\u00e9r\u00e9 propose une version mobile de son site ou une application d\u00e9di\u00e9e, vous pouvez jouer \u00e0 Aviator en ligne depuis n&#039;importe quel endroit o\u00f9 vous disposez d&#039;un service cellulaire. Peut-\u00eatre que vous \u00eates sur la plage ou sur le canap\u00e9. Ou peut-\u00eatre que vous faites la queue pour votre caf\u00e9 du matin et que vous souhaitez parier sur quelques vols en attendant.<\/p>\n<p>C&#039;est une excellente nouvelle si vous jouez \u00e0 Aviator : le jeu est optimis\u00e9 pour les \u00e9crans de smartphones et fonctionne parfaitement sur les syst\u00e8mes d&#039;exploitation Android et iOS. Et gr\u00e2ce \u00e0 des commandes pratiques, vous pouvez facilement placer un pari, cliquer sur le bouton \u00ab Retrait \u00bb et retirer vos gains de n&#039;importe o\u00f9 !<\/p>\n<p><img loading=\"lazy\" decoding=\"async\" class=\"alignnone size-full wp-image-367\" src=\"https:\/\/aviator-slotgame.com\/wp-content\/uploads\/Aviator-34-800-x-600-\u043f\u0438\u043a\u0441.jpg\" alt=\"Jouez \u00e0 Aviator sur les t\u00e9l\u00e9phones\" width=\"800\" height=\"600\" srcset=\"https:\/\/aviator-slotgame.com\/wp-content\/uploads\/Aviator-34-800-x-600-\u043f\u0438\u043a\u0441.jpg 800w, https:\/\/aviator-slotgame.com\/wp-content\/uploads\/Aviator-34-800-x-600-\u043f\u0438\u043a\u0441-300x225.jpg 300w, https:\/\/aviator-slotgame.com\/wp-content\/uploads\/Aviator-34-800-x-600-\u043f\u0438\u043a\u0441-768x576.jpg 768w, https:\/\/aviator-slotgame.com\/wp-content\/uploads\/Aviator-34-800-x-600-\u043f\u0438\u043a\u0441-16x12.jpg 16w\" sizes=\"auto, (max-width: 800px) 100vw, 800px\" \/><\/p>\n<h2 id=\"h-the-bottom-line\">Conclusion<\/h2>\n<p>Si vous recherchez un nouveau casino en ligne passionnant, ne cherchez pas plus loin que Aviator by Spribe. Avec des enjeux faibles et des r\u00e8gles faciles \u00e0 apprendre, ce casino a quelque chose pour tout le monde. De plus, avec son aspect social et sa prise en charge des crypto-monnaies, Aviator peut faire passer votre enthousiasme en ligne au niveau sup\u00e9rieur ! Qu&#039;est-ce que tu attends? Essayez-le aujourd&#039;hui et d\u00e9couvrez pourquoi c&#039;est l&#039;un des nouveaux jeux les plus populaires en ville\u00a0!<\/p>\n<p>Avoir un bon vol!<\/p>\n<p><img loading=\"lazy\" decoding=\"async\" class=\"alignnone size-full wp-image-369\" src=\"https:\/\/aviator-slotgame.com\/wp-content\/uploads\/Aviator-35-800-x-600-\u043f\u0438\u043a\u0441.jpg\" alt=\"R\u00e9sultats\" width=\"800\" height=\"600\" srcset=\"https:\/\/aviator-slotgame.com\/wp-content\/uploads\/Aviator-35-800-x-600-\u043f\u0438\u043a\u0441.jpg 800w, https:\/\/aviator-slotgame.com\/wp-content\/uploads\/Aviator-35-800-x-600-\u043f\u0438\u043a\u0441-300x225.jpg 300w, https:\/\/aviator-slotgame.com\/wp-content\/uploads\/Aviator-35-800-x-600-\u043f\u0438\u043a\u0441-768x576.jpg 768w, https:\/\/aviator-slotgame.com\/wp-content\/uploads\/Aviator-35-800-x-600-\u043f\u0438\u043a\u0441-16x12.jpg 16w\" sizes=\"auto, (max-width: 800px) 100vw, 800px\" \/><\/p>\n<h2 id=\"h-frequently-asked-questions-faq\">Questions fr\u00e9quemment pos\u00e9es (FAQ)<\/h2>\n<h3 id=\"h-is-aviator-legal\">Le jeu Aviator est-il l\u00e9gal ?<\/h3>\n<p>Oui. Aviator est l\u00e9gal 100%. Les casinos en ligne qui proposent ce jeu sont \u00e9galement l\u00e9gaux, agr\u00e9\u00e9s et r\u00e9glement\u00e9s par les autorit\u00e9s gouvernementales comp\u00e9tentes de leur r\u00e9gion.<\/p>\n<h3 id=\"h-who-makes-aviator\">Qui fabrique l&#039;Aviator ?<\/h3>\n<p>Aviator a \u00e9t\u00e9 cr\u00e9\u00e9 par Spribe.<\/p>\n<p>Spribe prend en charge et d\u00e9veloppe une large gamme de jeux en ligne pour des sites du monde entier.<\/p>\n<h3 id=\"h-are-online-casinos-rigged\">Les casinos en ligne sont-ils des escroqueries ?<\/h3>\n<p>Si vous choisissez des sites r\u00e9put\u00e9s et sous licence pour jouer, alors ils ne sont absolument PAS truqu\u00e9s.<\/p>\n<h3 id=\"h-is-aviator-fair\">Aviator est-il honn\u00eate ?<\/h3>\n<p>Il est facile de se m\u00e9fier des jeux d\u2019argent en ligne. Nous comprenons. Mais Aviator est le jeu de casino le plus \u00e9quitable et le plus transparent de tout le march\u00e9.<\/p>\n<p>Spribe utilise ce qu&#039;il appelle la technologie Provably Fair pour garantir que chaque tour est compl\u00e8tement al\u00e9atoire et \u00e9quitable. Si vous jouez \u00e0 l&#039;un des jeux en direct, vous pouvez cliquer sur l&#039;ic\u00f4ne de bouclier vert en bas de l&#039;\u00e9cran ou \u00e0 c\u00f4t\u00e9 de votre pari pour voir ces informations.<\/p>\n\n<div style=\"font-size: 0px; height: 0px; line-height: 0px; margin: 0; padding: 0; clear: both;\"><\/div>","protected":false},"excerpt":{"rendered":"<p>Recherchez-vous des casinos en ligne proposant Aviator ? Vous \u00eates arriv\u00e9 au bon endroit! Jouer sur un casino en ligne peut \u00eatre excitant et amusant<\/p>","protected":false},"author":1,"featured_media":0,"parent":0,"menu_order":0,"comment_status":"closed","ping_status":"closed","template":"","meta":{"footnotes":""},"class_list":["post-29","page","type-page","status-publish","hentry"],"yoast_head":"<!-- This site is optimized with the Yoast SEO plugin v22.0 - https:\/\/yoast.com\/wordpress\/plugins\/seo\/ -->\n<title>Aviator \u043e\u0442 Spribe \u2013 \u041f\u043e\u043f\u0443\u043b\u044f\u0440\u043d\u0430\u044f \u0438\u0433\u0440\u0430 \u0441 \u0432\u044b\u0441\u043e\u043a\u0438\u043c\u0438 \u0432\u044b\u0438\u0433\u0440\u044b\u0448\u0430\u043c\u0438<\/title>\n<meta name=\"description\" content=\"\u041a\u0440\u0430\u0448-\u0438\u0433\u0440\u0430 \u0410\u0432\u0438\u0430\u0442\u043e\u0440 \u043e\u0442 Spribe \u2013 \u043b\u0443\u0447\u0448\u0438\u0439 \u0441\u043b\u043e\u0442 \u0434\u043b\u044f \u0430\u0437\u0430\u0440\u0442\u043d\u044b\u0445 \u0438\u0433\u0440\u043e\u043a\u043e\u0432. \u0421\u043b\u0435\u0434\u0438 \u0437\u0430 \u0441\u0430\u043c\u043e\u043b\u0435\u0442\u043e\u043c \u0438 \u0438\u0433\u0440\u0430\u0439 \u043d\u0430 \u0434\u0435\u043d\u044c\u0433\u0438 \u0432 \u043e\u043d\u043b\u0430\u0439\u043d \u043a\u0430\u0437\u0438\u043d\u043e, \u0438\u0433\u0440\u0430\u0439 \u0441 \u043c\u043e\u0431\u0438\u043b\u044c\u043d\u043e\u0433\u043e \u0438\u043b\u0438 \u0441\u043a\u0430\u0447\u0430\u0439 \u043d\u0430 \u0442\u0435\u043b\u0435\u0444\u043e\u043d.\" \/>\n<meta name=\"robots\" content=\"index, follow, max-snippet:-1, max-image-preview:large, max-video-preview:-1\" \/>\n<link rel=\"canonical\" href=\"https:\/\/aviator-slotgame.com\/fr\/casinos-en-ligne-avec-aviator-de-spribe\/\" \/>\n<meta property=\"og:locale\" content=\"fr_FR\" \/>\n<meta property=\"og:type\" content=\"article\" \/>\n<meta property=\"og:title\" content=\"Aviator \u043e\u0442 Spribe \u2013 \u041f\u043e\u043f\u0443\u043b\u044f\u0440\u043d\u0430\u044f \u0438\u0433\u0440\u0430 \u0441 \u0432\u044b\u0441\u043e\u043a\u0438\u043c\u0438 \u0432\u044b\u0438\u0433\u0440\u044b\u0448\u0430\u043c\u0438\" \/>\n<meta property=\"og:description\" content=\"\u041a\u0440\u0430\u0448-\u0438\u0433\u0440\u0430 \u0410\u0432\u0438\u0430\u0442\u043e\u0440 \u043e\u0442 Spribe \u2013 \u043b\u0443\u0447\u0448\u0438\u0439 \u0441\u043b\u043e\u0442 \u0434\u043b\u044f \u0430\u0437\u0430\u0440\u0442\u043d\u044b\u0445 \u0438\u0433\u0440\u043e\u043a\u043e\u0432. \u0421\u043b\u0435\u0434\u0438 \u0437\u0430 \u0441\u0430\u043c\u043e\u043b\u0435\u0442\u043e\u043c \u0438 \u0438\u0433\u0440\u0430\u0439 \u043d\u0430 \u0434\u0435\u043d\u044c\u0433\u0438 \u0432 \u043e\u043d\u043b\u0430\u0439\u043d \u043a\u0430\u0437\u0438\u043d\u043e, \u0438\u0433\u0440\u0430\u0439 \u0441 \u043c\u043e\u0431\u0438\u043b\u044c\u043d\u043e\u0433\u043e \u0438\u043b\u0438 \u0441\u043a\u0430\u0447\u0430\u0439 \u043d\u0430 \u0442\u0435\u043b\u0435\u0444\u043e\u043d.\" \/>\n<meta property=\"og:url\" content=\"https:\/\/aviator-slotgame.com\/fr\/casinos-en-ligne-avec-aviator-de-spribe\/\" \/>\n<meta property=\"og:site_name\" content=\"Aviator\" \/>\n<meta property=\"article:modified_time\" content=\"2024-10-04T00:04:28+00:00\" \/>\n<meta property=\"og:image\" content=\"https:\/\/aviator-slotgame.com\/wp-content\/uploads\/aviator-2.png\" \/>\n<meta name=\"twitter:card\" content=\"summary_large_image\" \/>\n<meta name=\"twitter:label1\" content=\"Dur\u00e9e de lecture estim\u00e9e\" \/>\n\t<meta name=\"twitter:data1\" content=\"5 minutes\" \/>\n<script type=\"application\/ld+json\" class=\"yoast-schema-graph\">{\"@context\":\"https:\/\/schema.org\",\"@graph\":[{\"@type\":\"WebPage\",\"@id\":\"https:\/\/aviator-slotgame.com\/aviator-by-spribe\/\",\"url\":\"https:\/\/aviator-slotgame.com\/aviator-by-spribe\/\",\"name\":\"Aviator \u043e\u0442 Spribe \u2013 \u041f\u043e\u043f\u0443\u043b\u044f\u0440\u043d\u0430\u044f \u0438\u0433\u0440\u0430 \u0441 \u0432\u044b\u0441\u043e\u043a\u0438\u043c\u0438 \u0432\u044b\u0438\u0433\u0440\u044b\u0448\u0430\u043c\u0438\",\"isPartOf\":{\"@id\":\"https:\/\/aviator-slotgame.com\/#website\"},\"datePublished\":\"2024-01-31T12:59:48+00:00\",\"dateModified\":\"2024-10-04T00:04:28+00:00\",\"description\":\"\u041a\u0440\u0430\u0448-\u0438\u0433\u0440\u0430 \u0410\u0432\u0438\u0430\u0442\u043e\u0440 \u043e\u0442 Spribe \u2013 \u043b\u0443\u0447\u0448\u0438\u0439 \u0441\u043b\u043e\u0442 \u0434\u043b\u044f \u0430\u0437\u0430\u0440\u0442\u043d\u044b\u0445 \u0438\u0433\u0440\u043e\u043a\u043e\u0432. \u0421\u043b\u0435\u0434\u0438 \u0437\u0430 \u0441\u0430\u043c\u043e\u043b\u0435\u0442\u043e\u043c \u0438 \u0438\u0433\u0440\u0430\u0439 \u043d\u0430 \u0434\u0435\u043d\u044c\u0433\u0438 \u0432 \u043e\u043d\u043b\u0430\u0439\u043d \u043a\u0430\u0437\u0438\u043d\u043e, \u0438\u0433\u0440\u0430\u0439 \u0441 \u043c\u043e\u0431\u0438\u043b\u044c\u043d\u043e\u0433\u043e \u0438\u043b\u0438 \u0441\u043a\u0430\u0447\u0430\u0439 \u043d\u0430 \u0442\u0435\u043b\u0435\u0444\u043e\u043d.\",\"breadcrumb\":{\"@id\":\"https:\/\/aviator-slotgame.com\/aviator-by-spribe\/#breadcrumb\"},\"inLanguage\":\"fr-FR\",\"potentialAction\":[{\"@type\":\"ReadAction\",\"target\":[\"https:\/\/aviator-slotgame.com\/aviator-by-spribe\/\"]}]},{\"@type\":\"BreadcrumbList\",\"@id\":\"https:\/\/aviator-slotgame.com\/aviator-by-spribe\/#breadcrumb\",\"itemListElement\":[{\"@type\":\"ListItem\",\"position\":1,\"name\":\"Home\",\"item\":\"https:\/\/aviator-slotgame.com\/\"},{\"@type\":\"ListItem\",\"position\":2,\"name\":\"\u041e\u043d\u043b\u0430\u0439\u043d \u043a\u0430\u0437\u0438\u043d\u043e \u0441 \u0410\u0432\u0438\u0430\u0442\u043e\u0440\u043e\u043c \u043e\u0442 Spribe\"}]},{\"@type\":\"WebSite\",\"@id\":\"https:\/\/aviator-slotgame.com\/#website\",\"url\":\"https:\/\/aviator-slotgame.com\/\",\"name\":\"Aviator\",\"description\":\"\",\"publisher\":{\"@id\":\"https:\/\/aviator-slotgame.com\/#organization\"},\"potentialAction\":[{\"@type\":\"SearchAction\",\"target\":{\"@type\":\"EntryPoint\",\"urlTemplate\":\"https:\/\/aviator-slotgame.com\/?s={search_term_string}\"},\"query-input\":\"required name=search_term_string\"}],\"inLanguage\":\"fr-FR\"},{\"@type\":\"Organization\",\"@id\":\"https:\/\/aviator-slotgame.com\/#organization\",\"name\":\"Aviator\",\"url\":\"https:\/\/aviator-slotgame.com\/\",\"logo\":{\"@type\":\"ImageObject\",\"inLanguage\":\"fr-FR\",\"@id\":\"https:\/\/aviator-slotgame.com\/#\/schema\/logo\/image\/\",\"url\":\"https:\/\/aviator-slotgame.com\/wp-content\/uploads\/16f5e8_dade544d4623411c9c4153c639aae85amv2.webp\",\"contentUrl\":\"https:\/\/aviator-slotgame.com\/wp-content\/uploads\/16f5e8_dade544d4623411c9c4153c639aae85amv2.webp\",\"width\":400,\"height\":300,\"caption\":\"Aviator\"},\"image\":{\"@id\":\"https:\/\/aviator-slotgame.com\/#\/schema\/logo\/image\/\"}}]}<\/script>\n<!-- \/ Yoast SEO plugin. -->","yoast_head_json":{"title":"Aviator \u043e\u0442 Spribe \u2013 \u041f\u043e\u043f\u0443\u043b\u044f\u0440\u043d\u0430\u044f \u0438\u0433\u0440\u0430 \u0441 \u0432\u044b\u0441\u043e\u043a\u0438\u043c\u0438 \u0432\u044b\u0438\u0433\u0440\u044b\u0448\u0430\u043c\u0438","description":"\u041a\u0440\u0430\u0448-\u0438\u0433\u0440\u0430 \u0410\u0432\u0438\u0430\u0442\u043e\u0440 \u043e\u0442 Spribe \u2013 \u043b\u0443\u0447\u0448\u0438\u0439 \u0441\u043b\u043e\u0442 \u0434\u043b\u044f \u0430\u0437\u0430\u0440\u0442\u043d\u044b\u0445 \u0438\u0433\u0440\u043e\u043a\u043e\u0432. \u0421\u043b\u0435\u0434\u0438 \u0437\u0430 \u0441\u0430\u043c\u043e\u043b\u0435\u0442\u043e\u043c \u0438 \u0438\u0433\u0440\u0430\u0439 \u043d\u0430 \u0434\u0435\u043d\u044c\u0433\u0438 \u0432 \u043e\u043d\u043b\u0430\u0439\u043d \u043a\u0430\u0437\u0438\u043d\u043e, \u0438\u0433\u0440\u0430\u0439 \u0441 \u043c\u043e\u0431\u0438\u043b\u044c\u043d\u043e\u0433\u043e \u0438\u043b\u0438 \u0441\u043a\u0430\u0447\u0430\u0439 \u043d\u0430 \u0442\u0435\u043b\u0435\u0444\u043e\u043d.","robots":{"index":"index","follow":"follow","max-snippet":"max-snippet:-1","max-image-preview":"max-image-preview:large","max-video-preview":"max-video-preview:-1"},"canonical":"https:\/\/aviator-slotgame.com\/fr\/casinos-en-ligne-avec-aviator-de-spribe\/","og_locale":"fr_FR","og_type":"article","og_title":"Aviator \u043e\u0442 Spribe \u2013 \u041f\u043e\u043f\u0443\u043b\u044f\u0440\u043d\u0430\u044f \u0438\u0433\u0440\u0430 \u0441 \u0432\u044b\u0441\u043e\u043a\u0438\u043c\u0438 \u0432\u044b\u0438\u0433\u0440\u044b\u0448\u0430\u043c\u0438","og_description":"\u041a\u0440\u0430\u0448-\u0438\u0433\u0440\u0430 \u0410\u0432\u0438\u0430\u0442\u043e\u0440 \u043e\u0442 Spribe \u2013 \u043b\u0443\u0447\u0448\u0438\u0439 \u0441\u043b\u043e\u0442 \u0434\u043b\u044f \u0430\u0437\u0430\u0440\u0442\u043d\u044b\u0445 \u0438\u0433\u0440\u043e\u043a\u043e\u0432. \u0421\u043b\u0435\u0434\u0438 \u0437\u0430 \u0441\u0430\u043c\u043e\u043b\u0435\u0442\u043e\u043c \u0438 \u0438\u0433\u0440\u0430\u0439 \u043d\u0430 \u0434\u0435\u043d\u044c\u0433\u0438 \u0432 \u043e\u043d\u043b\u0430\u0439\u043d \u043a\u0430\u0437\u0438\u043d\u043e, \u0438\u0433\u0440\u0430\u0439 \u0441 \u043c\u043e\u0431\u0438\u043b\u044c\u043d\u043e\u0433\u043e \u0438\u043b\u0438 \u0441\u043a\u0430\u0447\u0430\u0439 \u043d\u0430 \u0442\u0435\u043b\u0435\u0444\u043e\u043d.","og_url":"https:\/\/aviator-slotgame.com\/fr\/casinos-en-ligne-avec-aviator-de-spribe\/","og_site_name":"Aviator","article_modified_time":"2024-10-04T00:04:28+00:00","og_image":[{"url":"https:\/\/aviator-slotgame.com\/wp-content\/uploads\/aviator-2.png"}],"twitter_card":"summary_large_image","twitter_misc":{"Dur\u00e9e de lecture estim\u00e9e":"5 minutes"},"schema":{"@context":"https:\/\/schema.org","@graph":[{"@type":"WebPage","@id":"https:\/\/aviator-slotgame.com\/aviator-by-spribe\/","url":"https:\/\/aviator-slotgame.com\/aviator-by-spribe\/","name":"Aviator \u043e\u0442 Spribe \u2013 \u041f\u043e\u043f\u0443\u043b\u044f\u0440\u043d\u0430\u044f \u0438\u0433\u0440\u0430 \u0441 \u0432\u044b\u0441\u043e\u043a\u0438\u043c\u0438 \u0432\u044b\u0438\u0433\u0440\u044b\u0448\u0430\u043c\u0438","isPartOf":{"@id":"https:\/\/aviator-slotgame.com\/#website"},"datePublished":"2024-01-31T12:59:48+00:00","dateModified":"2024-10-04T00:04:28+00:00","description":"\u041a\u0440\u0430\u0448-\u0438\u0433\u0440\u0430 \u0410\u0432\u0438\u0430\u0442\u043e\u0440 \u043e\u0442 Spribe \u2013 \u043b\u0443\u0447\u0448\u0438\u0439 \u0441\u043b\u043e\u0442 \u0434\u043b\u044f \u0430\u0437\u0430\u0440\u0442\u043d\u044b\u0445 \u0438\u0433\u0440\u043e\u043a\u043e\u0432. \u0421\u043b\u0435\u0434\u0438 \u0437\u0430 \u0441\u0430\u043c\u043e\u043b\u0435\u0442\u043e\u043c \u0438 \u0438\u0433\u0440\u0430\u0439 \u043d\u0430 \u0434\u0435\u043d\u044c\u0433\u0438 \u0432 \u043e\u043d\u043b\u0430\u0439\u043d \u043a\u0430\u0437\u0438\u043d\u043e, \u0438\u0433\u0440\u0430\u0439 \u0441 \u043c\u043e\u0431\u0438\u043b\u044c\u043d\u043e\u0433\u043e \u0438\u043b\u0438 \u0441\u043a\u0430\u0447\u0430\u0439 \u043d\u0430 \u0442\u0435\u043b\u0435\u0444\u043e\u043d.","breadcrumb":{"@id":"https:\/\/aviator-slotgame.com\/aviator-by-spribe\/#breadcrumb"},"inLanguage":"fr-FR","potentialAction":[{"@type":"ReadAction","target":["https:\/\/aviator-slotgame.com\/aviator-by-spribe\/"]}]},{"@type":"BreadcrumbList","@id":"https:\/\/aviator-slotgame.com\/aviator-by-spribe\/#breadcrumb","itemListElement":[{"@type":"ListItem","position":1,"name":"Home","item":"https:\/\/aviator-slotgame.com\/"},{"@type":"ListItem","position":2,"name":"\u041e\u043d\u043b\u0430\u0439\u043d \u043a\u0430\u0437\u0438\u043d\u043e \u0441 \u0410\u0432\u0438\u0430\u0442\u043e\u0440\u043e\u043c \u043e\u0442 Spribe"}]},{"@type":"WebSite","@id":"https:\/\/aviator-slotgame.com\/#website","url":"https:\/\/aviator-slotgame.com\/","name":"Aviator","description":"","publisher":{"@id":"https:\/\/aviator-slotgame.com\/#organization"},"potentialAction":[{"@type":"SearchAction","target":{"@type":"EntryPoint","urlTemplate":"https:\/\/aviator-slotgame.com\/?s={search_term_string}"},"query-input":"required name=search_term_string"}],"inLanguage":"fr-FR"},{"@type":"Organization","@id":"https:\/\/aviator-slotgame.com\/#organization","name":"Aviator","url":"https:\/\/aviator-slotgame.com\/","logo":{"@type":"ImageObject","inLanguage":"fr-FR","@id":"https:\/\/aviator-slotgame.com\/#\/schema\/logo\/image\/","url":"https:\/\/aviator-slotgame.com\/wp-content\/uploads\/16f5e8_dade544d4623411c9c4153c639aae85amv2.webp","contentUrl":"https:\/\/aviator-slotgame.com\/wp-content\/uploads\/16f5e8_dade544d4623411c9c4153c639aae85amv2.webp","width":400,"height":300,"caption":"Aviator"},"image":{"@id":"https:\/\/aviator-slotgame.com\/#\/schema\/logo\/image\/"}}]}},"amp_enabled":true,"_links":{"self":[{"href":"https:\/\/aviator-slotgame.com\/fr\/wp-json\/wp\/v2\/pages\/29","targetHints":{"allow":["GET"]}}],"collection":[{"href":"https:\/\/aviator-slotgame.com\/fr\/wp-json\/wp\/v2\/pages"}],"about":[{"href":"https:\/\/aviator-slotgame.com\/fr\/wp-json\/wp\/v2\/types\/page"}],"author":[{"embeddable":true,"href":"https:\/\/aviator-slotgame.com\/fr\/wp-json\/wp\/v2\/users\/1"}],"replies":[{"embeddable":true,"href":"https:\/\/aviator-slotgame.com\/fr\/wp-json\/wp\/v2\/comments?post=29"}],"version-history":[{"count":13,"href":"https:\/\/aviator-slotgame.com\/fr\/wp-json\/wp\/v2\/pages\/29\/revisions"}],"predecessor-version":[{"id":413,"href":"https:\/\/aviator-slotgame.com\/fr\/wp-json\/wp\/v2\/pages\/29\/revisions\/413"}],"wp:attachment":[{"href":"https:\/\/aviator-slotgame.com\/fr\/wp-json\/wp\/v2\/media?parent=29"}],"curies":[{"name":"wp","href":"https:\/\/api.w.org\/{rel}","templated":true}]}}