{"id":215,"date":"2024-04-02T16:05:37","date_gmt":"2024-04-02T16:05:37","guid":{"rendered":"https:\/\/aviator-slotgame.com\/?page_id=215"},"modified":"2024-09-09T10:50:04","modified_gmt":"2024-09-09T10:50:04","slug":"aviator-slots","status":"publish","type":"page","link":"https:\/\/aviator-slotgame.com\/hu\/aviator-slot-vs-hagyomanyos-video-nyerogepek\/","title":{"rendered":"Aviator slot"},"content":{"rendered":"<div class=\"23b819e8b27b3f3acaff10f1c4812dfb\" data-index=\"1\" style=\"float: none; margin:10px 0 10px 0; text-align:center;\">\n<div class=\"custom-play-button\">\r\n<center><a href=\"https:\/\/aviator-slotgame.com\/hu\/play-game\/\" rel=\"nofollow\" target=\"_blank\">J\u00e1tssz most<\/a><br><\/center>\r\n<\/div>\n<\/div>\n<p>A Spribe Aviator nem az \u00e1tlagos video slot. Olyan k\u00f6z\u00f6ss\u00e9gi j\u00e1t\u00e9kfunkci\u00f3kat k\u00edn\u00e1l, amelyeket a hagyom\u00e1nyos video slotokban nem tal\u00e1l meg. Csatlakozhat a m\u00f3k\u00e1hoz, \u00e9s kih\u00edvhatja a t\u00f6bbi j\u00e1t\u00e9kost, hogy csatlakozzanak egy izgalmas b\u00f3nuszokkal, szorz\u00f3kkal \u00e9s egy\u00e9b meglepet\u00e9sekkel teli online kaszin\u00f3j\u00e1t\u00e9khoz.<\/p>\n<p><img loading=\"lazy\" decoding=\"async\" class=\"alignnone size-full wp-image-216\" title=\"Aviator kontra hagyom\u00e1nyos j\u00e1t\u00e9kg\u00e9pek\" src=\"https:\/\/aviator-slotgame.com\/wp-content\/uploads\/aviator-4-1.png\" alt=\"Aviator kontra hagyom\u00e1nyos j\u00e1t\u00e9kg\u00e9pek\" width=\"800\" height=\"445\" srcset=\"https:\/\/aviator-slotgame.com\/wp-content\/uploads\/aviator-4-1.png 800w, https:\/\/aviator-slotgame.com\/wp-content\/uploads\/aviator-4-1-300x167.png 300w, https:\/\/aviator-slotgame.com\/wp-content\/uploads\/aviator-4-1-768x427.png 768w, https:\/\/aviator-slotgame.com\/wp-content\/uploads\/aviator-4-1-18x10.png 18w\" sizes=\"auto, (max-width: 800px) 100vw, 800px\" \/><\/p>\n<p>Az Aviator a szok\u00e1sos 3x5 t\u00e1rcs\u00e1s nyer\u0151g\u00e9pekn\u00e9l t\u00f6bbet k\u00edn\u00e1l. Van egy RNG-n alapul\u00f3 szorz\u00f3ja, amely addig emelkedik, am\u00edg minden j\u00e1t\u00e9kos \u00fagy d\u00f6nt, hogy k\u00e9szp\u00e9nzt nem fizet. Ez azt jelenti, hogy ha szerencs\u00e9d van, eg\u00e9sz nap j\u00e1tszhatsz, \u00e9s a nyerem\u00e9nyeid val\u00f3ban \u00f6sszead\u00f3dnak!<\/p>\n<p>R\u00e1ad\u00e1sul az Aviator nem korl\u00e1tozza azon j\u00e1t\u00e9kosok sz\u00e1m\u00e1t, akik r\u00e9szt vehetnek a sz\u00f3rakoz\u00e1sban. Nem kell att\u00f3l tartanod, hogy megv\u00e1rod a j\u00e1t\u00e9k nyit\u00e1s\u00e1t, mert soha nem lesz tele, mindig lesz hely t\u00f6bb j\u00e1t\u00e9kosnak. A j\u00e1t\u00e9kosbar\u00e1t szorz\u00f3kkal, az RTP-vel \u00e9s a magas nyerem\u00e9nyekkel pedig rengeteg lehet\u0151s\u00e9ged van, hogy az \u00e9lre ker\u00fclj ezen az izgalmas alternat\u00edv nyer\u0151g\u00e9pen.<\/p><div class=\"23b819e8b27b3f3acaff10f1c4812dfb\" data-index=\"1\" style=\"float: none; margin:10px 0 10px 0; text-align:center;\">\n<div class=\"custom-play-button\">\r\n<center><a href=\"https:\/\/aviator-slotgame.com\/hu\/play-game\/\" rel=\"nofollow\" target=\"_blank\">J\u00e1tssz most<\/a><br><\/center>\r\n<\/div>\n<\/div>\n\n<p>Teh\u00e1t ak\u00e1r mag\u00e1val ragad\u00f3 j\u00e1t\u00e9k\u00e9lm\u00e9nyre v\u00e1gyik, ak\u00e1r h\u00e1trad\u0151lve szeretne egy klasszikus video slot st\u00edlus\u00fa j\u00e1t\u00e9kot \u00e9lvezni egy csavarral, a Spribe&#039;s Aviator val\u00f3ban mindenkinek k\u00edn\u00e1l valamit.<\/p>\n<h2 id=\"h-rtp-of-aviator-and-regular-slot-games\">Az Aviator RTP \u00e9s a norm\u00e1l slot<\/h2>\n<p>A legn\u00e9pszer\u0171bb slotok \u00e1tlagos RTP \u00e9rt\u00e9ke 65% felett van. Ez a sz\u00e1m j\u00e1t\u00e9konk\u00e9nt v\u00e1ltozhat, egyes j\u00e1t\u00e9kok el\u00e9rhetik a 97%-t is, de \u00e1ltal\u00e1ban a 65% a tizedesjegyekkel.<\/p>\n<p>P\u00e9ld\u00e1ul a Second Strike, a vil\u00e1g egyik legn\u00e9pszer\u0171bb slotja, RTP-je 96.26%; Aviator m\u00e9g ink\u00e1bb!<\/p>\n<p>Az Aviator hozz\u00e1vet\u0151leges RTP-je (visszat\u00e9r\u00e9s a lej\u00e1tsz\u00f3hoz) 97%, ami \u00e1tlag feletti egy video slot eset\u00e9ben. Ez azt jelenti, hogy az Aviator j\u00e1t\u00e9kkal \u00e1tlagosan t\u00f6bb p\u00e9nzt fog hozni a hagyom\u00e1nyos nyer\u0151g\u00e9pekhez k\u00e9pest. Az egyre n\u00f6vekv\u0151 szorz\u00f3val pedig a legnagyobb fordul\u00f3k m\u00e9g izgalmasabbak lesznek! Teh\u00e1t, ha magasabb RTP-t keres, \u00e9s lehet\u0151s\u00e9get keres arra, hogy n\u00f6velje bev\u00e9teli potenci\u00e1lj\u00e1t, az Aviator lehet az, ami hi\u00e1nyzik.<\/p>\n<figure class=\"wp-block-table\">\n<table>\n<tbody>\n<tr>\n<td><strong>PIL\u00d3TA<\/strong><\/td>\n<td><strong>HAGYOM\u00c1NYOS SLOTT J\u00c1T\u00c9K<\/strong><\/td>\n<\/tr>\n<tr>\n<td>Cseveg\u00e9s m\u00e1s j\u00e1t\u00e9kosokkal<\/td>\n<td>Felhaszn\u00e1l\u00f3i j\u00e1t\u00e9k\u00e9lm\u00e9ny<\/td>\n<\/tr>\n<tr>\n<td>Korl\u00e1tlan sz\u00e1m\u00fa j\u00e1t\u00e9kos a j\u00e1t\u00e9kteremben<\/td>\n<td>Egy j\u00e1t\u00e9kos g\u00e9penk\u00e9nt vagy oldalon<\/td>\n<\/tr>\n<tr>\n<td>J\u00e1t\u00e9kmechanika egy RNG-vel<\/td>\n<td>T\u00f6bb tekercs \u00e9s zsin\u00f3r<\/td>\n<\/tr>\n<tr>\n<td>~97% visszat\u00e9r\u00edt\u00e9s<\/td>\n<td>~96% visszat\u00e9r\u00edt\u00e9s<\/td>\n<\/tr>\n<\/tbody>\n<\/table><figcaption class=\"wp-element-caption\">P\u00e9nzbedob\u00f3s automata\u00a0<strong><strong>PIL\u00d3TA<\/strong><\/strong><img loading=\"lazy\" decoding=\"async\" class=\"alignnone size-full wp-image-293\" src=\"https:\/\/aviator-slotgame.com\/wp-content\/uploads\/Aviator-13-800-x-600-\u043f\u0438\u043a\u0441.jpg\" alt=\"Az Aviator RTP \u00e9s a norm\u00e1l slot\" width=\"800\" height=\"600\" srcset=\"https:\/\/aviator-slotgame.com\/wp-content\/uploads\/Aviator-13-800-x-600-\u043f\u0438\u043a\u0441.jpg 800w, https:\/\/aviator-slotgame.com\/wp-content\/uploads\/Aviator-13-800-x-600-\u043f\u0438\u043a\u0441-300x225.jpg 300w, https:\/\/aviator-slotgame.com\/wp-content\/uploads\/Aviator-13-800-x-600-\u043f\u0438\u043a\u0441-768x576.jpg 768w, https:\/\/aviator-slotgame.com\/wp-content\/uploads\/Aviator-13-800-x-600-\u043f\u0438\u043a\u0441-16x12.jpg 16w\" sizes=\"auto, (max-width: 800px) 100vw, 800px\" \/><\/figcaption><\/figure>\n<h2 id=\"h-the-bottom-line\">A l\u00e9nyeg<\/h2>\n<p>A Spribe&#039;s Aviator a hagyom\u00e1nyos video nyer\u0151g\u00e9pek egyed\u00fcl\u00e1ll\u00f3 \u00e9rtelmez\u00e9s\u00e9t k\u00edn\u00e1lja, amely mag\u00e1val ragad\u00f3 j\u00e1t\u00e9k\u00e9lm\u00e9nyt biztos\u00edt a j\u00e1t\u00e9kosoknak. Az egyre n\u00f6vekv\u0151 szorz\u00f3k \u00e9s a magas RTP mellett rengeteg okunk van arra, hogy az Aviatort kipr\u00f3b\u00e1ljuk. R\u00e1ad\u00e1sul a k\u00f6z\u00f6ss\u00e9gi oldal m\u00e9g izgalmasabb\u00e1 teszi!<\/p>\n<h2 id=\"h-using-bonus-spins-on-aviator\">B\u00f3nuszp\u00f6rget\u00e9sek haszn\u00e1lata az Aviatorban<\/h2>\n<p>A b\u00f3nuszp\u00f6rget\u00e9sek a kaszin\u00f3oldalak egyik legfontosabb elemei. Amikor regisztr\u00e1l egy kaszin\u00f3 oldalon, gyakran ingyenes p\u00f6rget\u00e9seket kap \u00fcdv\u00f6zl\u0151 b\u00f3nuszk\u00e9nt. Ak\u00e1r korl\u00e1tozott idej\u0171 prom\u00f3ci\u00f3kon kereszt\u00fcl vagy m\u00e1s j\u00e1t\u00e9kokban nyerem\u00e9nyk\u00e9nt is beszerezhet\u0151k!<\/p>\n<p>Ha \u00d6n az Aviator vagy m\u00e1s kaszin\u00f3j\u00e1t\u00e9kok rajong\u00f3ja, a b\u00f3nuszp\u00f6rget\u00e9sek nagyszer\u0171 m\u00f3dja annak, hogy ingyenes es\u00e9lyeket szerezzen a t\u00e1rcs\u00e1k megp\u00f6rget\u00e9s\u00e9re, a rep\u00fcl\u0151re val\u00f3 lesz\u00e1ll\u00e1sra \u00e9s esetleg egy kis p\u00e9nznyer\u00e9sre. Val\u00f3j\u00e1ban a b\u00f3nuszp\u00f6rget\u00e9sek m\u00e9g \u00e9rt\u00e9kesebbek is lehetnek, mint a szok\u00e1sos j\u00e1t\u00e9kon bel\u00fcli p\u00f6rget\u00e9sek, mivel \u00e1ltal\u00e1ban nincsenek fogad\u00e1si k\u00f6vetelm\u00e9nyek vagy egy\u00e9b nyer\u00e9si korl\u00e1toz\u00e1sok.<\/p>\n<h2 id=\"h-how-to-get-bonus-spins\">Hogyan szerezhet b\u00f3nuszp\u00f6rget\u00e9st<\/h2>\n<p>Az ingyenes p\u00f6rget\u00e9sek sz\u00e1mos helyr\u0151l sz\u00e1rmazhatnak, p\u00e9ld\u00e1ul \u00fcdv\u00f6zl\u0151 b\u00f3nuszok az els\u0151 befizet\u00e9st v\u00e9grehajt\u00f3 \u00faj felhaszn\u00e1l\u00f3k sz\u00e1m\u00e1ra, vagy prom\u00f3ci\u00f3s k\u00f3dok \u00e9s korl\u00e1tozott idej\u0171 esem\u00e9nyek.<\/p>\n<h3 id=\"h-welcome-bonus-spins-for-aviator\">Aviator \u00fcdv\u00f6zl\u0151 b\u00f3nuszp\u00f6rget\u00e9sek<\/h3>\n<p>Egyes kaszin\u00f3k ingyenes p\u00f6rget\u00e9seket adnak a fi\u00f3k l\u00e9trehoz\u00e1sakor. K\u00edv\u00e1ncsi lehet, hogyan lehetnek hasznosak ezek az ingyenes p\u00f6rget\u00e9sek az Aviator j\u00e1t\u00e9k sor\u00e1n; azonban n\u00e9ha a kaszin\u00f3k ezeket az ingyenes p\u00f6rget\u00e9seket csak a legn\u00e9pszer\u0171bb hagyom\u00e1nyos j\u00e1t\u00e9kg\u00e9pekre korl\u00e1tozz\u00e1k. De ne agg\u00f3dj, tov\u00e1bbra is vannak m\u00f3dok az Aviator \u00e1ltal k\u00edn\u00e1lt ingyenes p\u00f6rget\u00e9sek felhaszn\u00e1l\u00e1s\u00e1ra.<\/p>\n<h2 id=\"h-how-to-use-free-spins-in-aviator\">Az ingyenes p\u00f6rget\u00e9sek haszn\u00e1lata az Aviatorban<\/h2>\n<p>Ha a p\u00f6rget\u00e9sei nem m\u0171k\u00f6dnek az Aviatorban, b\u00e1rmikor felhaszn\u00e1lhatja \u0151ket kreditek nyer\u00e9s\u00e9re m\u00e1s kaszin\u00f3j\u00e1t\u00e9kokban. P\u00e9ld\u00e1ul, ha van ingyenes p\u00f6rget\u00e9sed egy nyer\u0151g\u00e9pen, akkor ezeket a krediteket zsetonokra v\u00e1lthatod a j\u00e1t\u00e9kasztalokn\u00e1l. Ezut\u00e1n ezeket a zsetonokat haszn\u00e1lhatja az Aviatorra vagy b\u00e1rmely m\u00e1s kaszin\u00f3j\u00e1t\u00e9kra fogad\u00e1shoz!<\/p>\n<p>Itt van, hogyan:<\/p>\n<ol start=\"1\" type=\"1\">\n<li>V\u00e1laszd ki az egyik kedvenc j\u00e1t\u00e9kg\u00e9ped.<\/li>\n<li>Haszn\u00e1lja ki az ingyenes p\u00f6rget\u00e9seket.<\/li>\n<li>Vedd \u00e1t a p\u00f6rget\u00e9sek sor\u00e1n nyert \u00f6sszes kreditet, \u00e9s j\u00e1tssz Aviatorral!<\/li>\n<\/ol>\n<p>Ez olyan egyszer\u0171.<\/p>\n<h2 id=\"h-can-you-win-free-spins-in-aviator\">Nyerhetsz ingyenes p\u00f6rget\u00e9seket az Aviatoron?<\/h2>\n<p>Nincs ingyenes p\u00f6rget\u00e9s funkci\u00f3. Az egyetlen nyerem\u00e9ny, amelyet a k\u00f6r sor\u00e1n nyer, a t\u00e9t megszorozva a piros rep\u00fcl\u0151 felsz\u00e1ll\u00e1si idej\u00e9vel.<\/p>\n<h2 id=\"h-in-conclusion\">K\u00f6vetkeztet\u00e9s<\/h2>\n<p>F\u00fcggetlen\u00fcl att\u00f3l, hogy hogyan szerzi meg \u0151ket \u2013 \u00fcdv\u00f6zl\u0151 b\u00f3nuszp\u00f6rget\u00e9sek, prom\u00f3ci\u00f3s k\u00f3dok vagy korl\u00e1tozott idej\u0171 aj\u00e1nlatok \u2013 a b\u00f3nuszp\u00f6rget\u00e9sek nagyszer\u0171 lehet\u0151s\u00e9get k\u00edn\u00e1lnak minden k\u00e9pzetts\u00e9gi szint\u0171 j\u00e1t\u00e9kos sz\u00e1m\u00e1ra, hogy tov\u00e1bb j\u00e1tsszanak an\u00e9lk\u00fcl, hogy egy ideig elvesz\u00edten\u00e9nek agg\u00f3dniuk. \u00c9s nem sz\u00e1m\u00edt, hogy milyen j\u00e1t\u00e9kokat keresnek, a tapasztalt j\u00e1t\u00e9kosok p\u00f6rget\u00e9seiket hasznos kreditekk\u00e9 alak\u00edthatj\u00e1k, amelyeket egy \u00e9l\u0151 Aviator j\u00e1t\u00e9kban meg lehet fogadni.<\/p>\n<p><img loading=\"lazy\" decoding=\"async\" class=\"alignnone size-full wp-image-297\" src=\"https:\/\/aviator-slotgame.com\/wp-content\/uploads\/Aviator-14-800-x-600-\u043f\u0438\u043a\u0441.jpg\" alt=\"K\u00f6vetkeztet\u00e9s\" width=\"800\" height=\"600\" srcset=\"https:\/\/aviator-slotgame.com\/wp-content\/uploads\/Aviator-14-800-x-600-\u043f\u0438\u043a\u0441.jpg 800w, https:\/\/aviator-slotgame.com\/wp-content\/uploads\/Aviator-14-800-x-600-\u043f\u0438\u043a\u0441-300x225.jpg 300w, https:\/\/aviator-slotgame.com\/wp-content\/uploads\/Aviator-14-800-x-600-\u043f\u0438\u043a\u0441-768x576.jpg 768w, https:\/\/aviator-slotgame.com\/wp-content\/uploads\/Aviator-14-800-x-600-\u043f\u0438\u043a\u0441-16x12.jpg 16w\" sizes=\"auto, (max-width: 800px) 100vw, 800px\" \/><\/p>\n\n<div style=\"font-size: 0px; height: 0px; line-height: 0px; margin: 0; padding: 0; clear: both;\"><\/div>","protected":false},"excerpt":{"rendered":"<p>A Spribe Aviator nem az \u00e1tlagos video slot. Olyan k\u00f6z\u00f6ss\u00e9gi j\u00e1t\u00e9kfunkci\u00f3kat k\u00edn\u00e1l, amelyeket a hagyom\u00e1nyos video slotokban nem tal\u00e1l meg.<\/p>","protected":false},"author":1,"featured_media":0,"parent":0,"menu_order":0,"comment_status":"closed","ping_status":"closed","template":"","meta":{"footnotes":""},"class_list":["post-215","page","type-page","status-publish","hentry"],"yoast_head":"<!-- This site is optimized with the Yoast SEO plugin v22.0 - https:\/\/yoast.com\/wordpress\/plugins\/seo\/ -->\n<title>\u0410\u0432\u0438\u0430\u0442\u043e\u0440 \u0441\u043b\u043e\u0442\u044b - Aviator<\/title>\n<meta name=\"robots\" content=\"index, follow, max-snippet:-1, max-image-preview:large, max-video-preview:-1\" \/>\n<link rel=\"canonical\" href=\"https:\/\/aviator-slotgame.com\/hu\/aviator-slot-vs-hagyomanyos-video-nyerogepek\/\" \/>\n<meta property=\"og:locale\" content=\"hu_HU\" \/>\n<meta property=\"og:type\" content=\"article\" \/>\n<meta property=\"og:title\" content=\"\u0410\u0432\u0438\u0430\u0442\u043e\u0440 \u0441\u043b\u043e\u0442\u044b - Aviator\" \/>\n<meta property=\"og:description\" content=\"Aviator \u043e\u0442 Spribe \u2013 \u044d\u0442\u043e \u043d\u0435 \u043e\u0431\u044b\u0447\u043d\u044b\u0439 \u0432\u0438\u0434\u0435\u043e\u0441\u043b\u043e\u0442. \u041e\u043d \u043f\u0440\u0435\u0434\u043b\u0430\u0433\u0430\u0435\u0442 \u0432\u043e\u0437\u043c\u043e\u0436\u043d\u043e\u0441\u0442\u0438 \u0441\u043e\u0446\u0438\u0430\u043b\u044c\u043d\u044b\u0445 \u0438\u0433\u0440, \u043a\u043e\u0442\u043e\u0440\u044b\u0435 \u0432\u044b \u043d\u0435 \u043d\u0430\u0439\u0434\u0435\u0442\u0435 \u0432 \u0442\u0440\u0430\u0434\u0438\u0446\u0438\u043e\u043d\u043d\u044b\u0445 \u0432\u0438\u0434\u0435\u043e\u0441\u043b\u043e\u0442\u0430\u0445.\" \/>\n<meta property=\"og:url\" content=\"https:\/\/aviator-slotgame.com\/hu\/aviator-slot-vs-hagyomanyos-video-nyerogepek\/\" \/>\n<meta property=\"og:site_name\" content=\"Aviator\" \/>\n<meta property=\"article:modified_time\" content=\"2024-09-09T10:50:04+00:00\" \/>\n<meta property=\"og:image\" content=\"https:\/\/aviator-slotgame.com\/wp-content\/uploads\/aviator-4-1.png\" \/>\n<meta name=\"twitter:card\" content=\"summary_large_image\" \/>\n<meta name=\"twitter:label1\" content=\"Becs\u00fclt olvas\u00e1si id\u0151\" \/>\n\t<meta name=\"twitter:data1\" content=\"4 perc\" \/>\n<script type=\"application\/ld+json\" class=\"yoast-schema-graph\">{\"@context\":\"https:\/\/schema.org\",\"@graph\":[{\"@type\":\"WebPage\",\"@id\":\"https:\/\/aviator-slotgame.com\/aviator-slots\/\",\"url\":\"https:\/\/aviator-slotgame.com\/aviator-slots\/\",\"name\":\"\u0410\u0432\u0438\u0430\u0442\u043e\u0440 \u0441\u043b\u043e\u0442\u044b - Aviator\",\"isPartOf\":{\"@id\":\"https:\/\/aviator-slotgame.com\/#website\"},\"datePublished\":\"2024-04-02T16:05:37+00:00\",\"dateModified\":\"2024-09-09T10:50:04+00:00\",\"breadcrumb\":{\"@id\":\"https:\/\/aviator-slotgame.com\/aviator-slots\/#breadcrumb\"},\"inLanguage\":\"hu\",\"potentialAction\":[{\"@type\":\"ReadAction\",\"target\":[\"https:\/\/aviator-slotgame.com\/aviator-slots\/\"]}]},{\"@type\":\"BreadcrumbList\",\"@id\":\"https:\/\/aviator-slotgame.com\/aviator-slots\/#breadcrumb\",\"itemListElement\":[{\"@type\":\"ListItem\",\"position\":1,\"name\":\"Home\",\"item\":\"https:\/\/aviator-slotgame.com\/\"},{\"@type\":\"ListItem\",\"position\":2,\"name\":\"\u0410\u0432\u0438\u0430\u0442\u043e\u0440 \u0441\u043b\u043e\u0442\u044b\"}]},{\"@type\":\"WebSite\",\"@id\":\"https:\/\/aviator-slotgame.com\/#website\",\"url\":\"https:\/\/aviator-slotgame.com\/\",\"name\":\"Aviator\",\"description\":\"\",\"publisher\":{\"@id\":\"https:\/\/aviator-slotgame.com\/#organization\"},\"potentialAction\":[{\"@type\":\"SearchAction\",\"target\":{\"@type\":\"EntryPoint\",\"urlTemplate\":\"https:\/\/aviator-slotgame.com\/?s={search_term_string}\"},\"query-input\":\"required name=search_term_string\"}],\"inLanguage\":\"hu\"},{\"@type\":\"Organization\",\"@id\":\"https:\/\/aviator-slotgame.com\/#organization\",\"name\":\"Aviator\",\"url\":\"https:\/\/aviator-slotgame.com\/\",\"logo\":{\"@type\":\"ImageObject\",\"inLanguage\":\"hu\",\"@id\":\"https:\/\/aviator-slotgame.com\/#\/schema\/logo\/image\/\",\"url\":\"https:\/\/aviator-slotgame.com\/wp-content\/uploads\/16f5e8_dade544d4623411c9c4153c639aae85amv2.webp\",\"contentUrl\":\"https:\/\/aviator-slotgame.com\/wp-content\/uploads\/16f5e8_dade544d4623411c9c4153c639aae85amv2.webp\",\"width\":400,\"height\":300,\"caption\":\"Aviator\"},\"image\":{\"@id\":\"https:\/\/aviator-slotgame.com\/#\/schema\/logo\/image\/\"}}]}<\/script>\n<!-- \/ Yoast SEO plugin. -->","yoast_head_json":{"title":"\u0410\u0432\u0438\u0430\u0442\u043e\u0440 \u0441\u043b\u043e\u0442\u044b - Aviator","robots":{"index":"index","follow":"follow","max-snippet":"max-snippet:-1","max-image-preview":"max-image-preview:large","max-video-preview":"max-video-preview:-1"},"canonical":"https:\/\/aviator-slotgame.com\/hu\/aviator-slot-vs-hagyomanyos-video-nyerogepek\/","og_locale":"hu_HU","og_type":"article","og_title":"\u0410\u0432\u0438\u0430\u0442\u043e\u0440 \u0441\u043b\u043e\u0442\u044b - Aviator","og_description":"Aviator \u043e\u0442 Spribe \u2013 \u044d\u0442\u043e \u043d\u0435 \u043e\u0431\u044b\u0447\u043d\u044b\u0439 \u0432\u0438\u0434\u0435\u043e\u0441\u043b\u043e\u0442. \u041e\u043d \u043f\u0440\u0435\u0434\u043b\u0430\u0433\u0430\u0435\u0442 \u0432\u043e\u0437\u043c\u043e\u0436\u043d\u043e\u0441\u0442\u0438 \u0441\u043e\u0446\u0438\u0430\u043b\u044c\u043d\u044b\u0445 \u0438\u0433\u0440, \u043a\u043e\u0442\u043e\u0440\u044b\u0435 \u0432\u044b \u043d\u0435 \u043d\u0430\u0439\u0434\u0435\u0442\u0435 \u0432 \u0442\u0440\u0430\u0434\u0438\u0446\u0438\u043e\u043d\u043d\u044b\u0445 \u0432\u0438\u0434\u0435\u043e\u0441\u043b\u043e\u0442\u0430\u0445.","og_url":"https:\/\/aviator-slotgame.com\/hu\/aviator-slot-vs-hagyomanyos-video-nyerogepek\/","og_site_name":"Aviator","article_modified_time":"2024-09-09T10:50:04+00:00","og_image":[{"url":"https:\/\/aviator-slotgame.com\/wp-content\/uploads\/aviator-4-1.png"}],"twitter_card":"summary_large_image","twitter_misc":{"Becs\u00fclt olvas\u00e1si id\u0151":"4 perc"},"schema":{"@context":"https:\/\/schema.org","@graph":[{"@type":"WebPage","@id":"https:\/\/aviator-slotgame.com\/aviator-slots\/","url":"https:\/\/aviator-slotgame.com\/aviator-slots\/","name":"\u0410\u0432\u0438\u0430\u0442\u043e\u0440 \u0441\u043b\u043e\u0442\u044b - Aviator","isPartOf":{"@id":"https:\/\/aviator-slotgame.com\/#website"},"datePublished":"2024-04-02T16:05:37+00:00","dateModified":"2024-09-09T10:50:04+00:00","breadcrumb":{"@id":"https:\/\/aviator-slotgame.com\/aviator-slots\/#breadcrumb"},"inLanguage":"hu","potentialAction":[{"@type":"ReadAction","target":["https:\/\/aviator-slotgame.com\/aviator-slots\/"]}]},{"@type":"BreadcrumbList","@id":"https:\/\/aviator-slotgame.com\/aviator-slots\/#breadcrumb","itemListElement":[{"@type":"ListItem","position":1,"name":"Home","item":"https:\/\/aviator-slotgame.com\/"},{"@type":"ListItem","position":2,"name":"\u0410\u0432\u0438\u0430\u0442\u043e\u0440 \u0441\u043b\u043e\u0442\u044b"}]},{"@type":"WebSite","@id":"https:\/\/aviator-slotgame.com\/#website","url":"https:\/\/aviator-slotgame.com\/","name":"Aviator","description":"","publisher":{"@id":"https:\/\/aviator-slotgame.com\/#organization"},"potentialAction":[{"@type":"SearchAction","target":{"@type":"EntryPoint","urlTemplate":"https:\/\/aviator-slotgame.com\/?s={search_term_string}"},"query-input":"required name=search_term_string"}],"inLanguage":"hu"},{"@type":"Organization","@id":"https:\/\/aviator-slotgame.com\/#organization","name":"Aviator","url":"https:\/\/aviator-slotgame.com\/","logo":{"@type":"ImageObject","inLanguage":"hu","@id":"https:\/\/aviator-slotgame.com\/#\/schema\/logo\/image\/","url":"https:\/\/aviator-slotgame.com\/wp-content\/uploads\/16f5e8_dade544d4623411c9c4153c639aae85amv2.webp","contentUrl":"https:\/\/aviator-slotgame.com\/wp-content\/uploads\/16f5e8_dade544d4623411c9c4153c639aae85amv2.webp","width":400,"height":300,"caption":"Aviator"},"image":{"@id":"https:\/\/aviator-slotgame.com\/#\/schema\/logo\/image\/"}}]}},"amp_enabled":true,"_links":{"self":[{"href":"https:\/\/aviator-slotgame.com\/hu\/wp-json\/wp\/v2\/pages\/215","targetHints":{"allow":["GET"]}}],"collection":[{"href":"https:\/\/aviator-slotgame.com\/hu\/wp-json\/wp\/v2\/pages"}],"about":[{"href":"https:\/\/aviator-slotgame.com\/hu\/wp-json\/wp\/v2\/types\/page"}],"author":[{"embeddable":true,"href":"https:\/\/aviator-slotgame.com\/hu\/wp-json\/wp\/v2\/users\/1"}],"replies":[{"embeddable":true,"href":"https:\/\/aviator-slotgame.com\/hu\/wp-json\/wp\/v2\/comments?post=215"}],"version-history":[{"count":6,"href":"https:\/\/aviator-slotgame.com\/hu\/wp-json\/wp\/v2\/pages\/215\/revisions"}],"predecessor-version":[{"id":309,"href":"https:\/\/aviator-slotgame.com\/hu\/wp-json\/wp\/v2\/pages\/215\/revisions\/309"}],"wp:attachment":[{"href":"https:\/\/aviator-slotgame.com\/hu\/wp-json\/wp\/v2\/media?parent=215"}],"curies":[{"name":"wp","href":"https:\/\/api.w.org\/{rel}","templated":true}]}}