{"id":230,"date":"2024-09-06T08:55:11","date_gmt":"2024-09-06T08:55:11","guid":{"rendered":"https:\/\/aviator-slotgame.com\/?page_id=230"},"modified":"2024-10-03T23:03:12","modified_gmt":"2024-10-03T23:03:12","slug":"strategy-and-tactics","status":"publish","type":"page","link":"https:\/\/aviator-slotgame.com\/hu\/strategy-and-tactics\/","title":{"rendered":"Aviator j\u00e1t\u00e9k strat\u00e9gi\u00e1i \u00e9s taktik\u00e1i"},"content":{"rendered":"<div class=\"23b819e8b27b3f3acaff10f1c4812dfb\" data-index=\"1\" style=\"float: none; margin:10px 0 10px 0; text-align:center;\">\n<div class=\"custom-play-button\">\r\n<center><a href=\"https:\/\/aviator-slotgame.com\/hu\/play-game\/\" rel=\"nofollow\" target=\"_blank\">J\u00e1tssz most<\/a><br><\/center>\r\n<\/div>\n<\/div>\n<p><img loading=\"lazy\" decoding=\"async\" class=\"alignnone wp-image-233 size-full\" title=\"Strat\u00e9gi\u00e1k az Aviator j\u00e1t\u00e9kban\" src=\"https:\/\/aviator-slotgame.com\/wp-content\/uploads\/Aviator-4-800-x-600-\u043f\u0438\u043a\u0441.jpg\" alt=\"Aviator j\u00e1t\u00e9k strat\u00e9gi\u00e1i \u00e9s taktik\u00e1i\" width=\"800\" height=\"600\" srcset=\"https:\/\/aviator-slotgame.com\/wp-content\/uploads\/Aviator-4-800-x-600-\u043f\u0438\u043a\u0441.jpg 800w, https:\/\/aviator-slotgame.com\/wp-content\/uploads\/Aviator-4-800-x-600-\u043f\u0438\u043a\u0441-300x225.jpg 300w, https:\/\/aviator-slotgame.com\/wp-content\/uploads\/Aviator-4-800-x-600-\u043f\u0438\u043a\u0441-768x576.jpg 768w, https:\/\/aviator-slotgame.com\/wp-content\/uploads\/Aviator-4-800-x-600-\u043f\u0438\u043a\u0441-16x12.jpg 16w\" sizes=\"auto, (max-width: 800px) 100vw, 800px\" \/><\/p>\n<p>Az Aviator \u00f6sszeoml\u00e1sos j\u00e1t\u00e9kban, mint sok m\u00e1s szerencsej\u00e1t\u00e9kban, fontos megjegyezni, hogy az eredm\u00e9nyek a v\u00e9letlenen alapulnak. Azonban sz\u00e1mos strat\u00e9gia \u00e9s taktika seg\u00edthet n\u00f6velni nyer\u00e9si es\u00e9lyeit \u00e9s kezelni bankrollj\u00e1t. \u00cdme n\u00e9h\u00e1ny k\u00f6z\u00fcl\u00fck:<\/p>\n<h2>X strat\u00e9gia az Aviator j\u00e1t\u00e9kban \u2013 Hogyan lehet nagy es\u00e9lyeket elkapni<\/h2>\n<p>A l\u00e9nyeg az, hogy egy bizonyos id\u0151n bel\u00fcl meg kell pr\u00f3b\u00e1lnod elkapni egy bizonyos es\u00e9lyt. A j\u00e1t\u00e9k statisztik\u00e1inak elemz\u00e9se ut\u00e1n \u00e9szreveheti, hogy bizonyos es\u00e9lyek bizonyos gyakoris\u00e1ggal esnek. X100 legal\u00e1bb egyszer esik m\u00e1sf\u00e9l \u00f3r\u00e1n bel\u00fcl, \u00edgy ha megsz\u00e1molja, mennyi id\u0151 telt el a szorz\u00f3 utols\u00f3 cseppje \u00f3ta, \u00e9s 10$ feletti fogad\u00e1st tesz, akkor nagy nyerem\u00e9nyt vihet haza.<\/p>\n<p><img loading=\"lazy\" decoding=\"async\" class=\"alignnone size-full wp-image-303\" src=\"https:\/\/aviator-slotgame.com\/wp-content\/uploads\/Aviator-17-800-x-600-\u043f\u0438\u043a\u0441.jpg\" alt=\"Kapd el az es\u00e9lyeket az Aviator j\u00e1t\u00e9kban\" width=\"800\" height=\"600\" srcset=\"https:\/\/aviator-slotgame.com\/wp-content\/uploads\/Aviator-17-800-x-600-\u043f\u0438\u043a\u0441.jpg 800w, https:\/\/aviator-slotgame.com\/wp-content\/uploads\/Aviator-17-800-x-600-\u043f\u0438\u043a\u0441-300x225.jpg 300w, https:\/\/aviator-slotgame.com\/wp-content\/uploads\/Aviator-17-800-x-600-\u043f\u0438\u043a\u0441-768x576.jpg 768w, https:\/\/aviator-slotgame.com\/wp-content\/uploads\/Aviator-17-800-x-600-\u043f\u0438\u043a\u0441-16x12.jpg 16w\" sizes=\"auto, (max-width: 800px) 100vw, 800px\" \/><\/p><div class=\"23b819e8b27b3f3acaff10f1c4812dfb\" data-index=\"1\" style=\"float: none; margin:10px 0 10px 0; text-align:center;\">\n<div class=\"custom-play-button\">\r\n<center><a href=\"https:\/\/aviator-slotgame.com\/hu\/play-game\/\" rel=\"nofollow\" target=\"_blank\">J\u00e1tssz most<\/a><br><\/center>\r\n<\/div>\n<\/div>\n\n<h2>Dupla fogad\u00e1s az Aviator j\u00e1t\u00e9kban \u2013 Cs\u00f6kkentse a kock\u00e1zatokat \u00e9s n\u00f6velje a nyerem\u00e9nyt<\/h2>\n<p>Az al\u00e1bbi taktika azoknak megfelel\u0151, akik nem tudnak nagy el\u0151leget fizetni, vagy nem akarnak nagy \u00f6sszeget kock\u00e1ztatni. Az els\u0151 t\u00e9t 10$ legyen, dupla t\u00e9tr\u0151l besz\u00e9l\u00fcnk, teh\u00e1t egy k\u00f6rben legal\u00e1bb 21$-t k\u00f6lt. Az automatikus kifizet\u00e9s mindk\u00e9t k\u00e9perny\u0151n k\u00f6r\u00fclbel\u00fcl 1,2-re van \u00e1ll\u00edtva. A g\u00e9p szinte mindig meghaladja ezt a jelet. Ebb\u0151l az k\u00f6vetkezik, hogy a felhaszn\u00e1l\u00f3 egy hossz\u00fa j\u00e1t\u00e9k sor\u00e1n biztosan meg tudja nyerni a p\u00e9nz\u00e9t minim\u00e1lis t\u00e9tekkel.<\/p>\n<p><img loading=\"lazy\" decoding=\"async\" class=\"alignnone size-full wp-image-305\" src=\"https:\/\/aviator-slotgame.com\/wp-content\/uploads\/Aviator-18-800-x-600-\u043f\u0438\u043a\u0441.jpg\" alt=\"Dupla fogad\u00e1s az Aviator j\u00e1t\u00e9kban\" width=\"800\" height=\"600\" srcset=\"https:\/\/aviator-slotgame.com\/wp-content\/uploads\/Aviator-18-800-x-600-\u043f\u0438\u043a\u0441.jpg 800w, https:\/\/aviator-slotgame.com\/wp-content\/uploads\/Aviator-18-800-x-600-\u043f\u0438\u043a\u0441-300x225.jpg 300w, https:\/\/aviator-slotgame.com\/wp-content\/uploads\/Aviator-18-800-x-600-\u043f\u0438\u043a\u0441-768x576.jpg 768w, https:\/\/aviator-slotgame.com\/wp-content\/uploads\/Aviator-18-800-x-600-\u043f\u0438\u043a\u0441-16x12.jpg 16w\" sizes=\"auto, (max-width: 800px) 100vw, 800px\" \/><\/p>\n<h2>Bankroll kezel\u00e9s az Aviator j\u00e1t\u00e9kban \u2013 Hogyan ker\u00fclj\u00fck el a vesztes\u00e9geket \u00e9s tartsuk meg az egyens\u00falyt<\/h2>\n<p>A szerencsej\u00e1t\u00e9kok egyik kulcsfontoss\u00e1g\u00fa strat\u00e9gi\u00e1ja, hogy j\u00f3l kezelje bankrollj\u00e1t. \u00c1ll\u00edtson fel mag\u00e1nak hat\u00e1rokat, hogy mennyit vesz\u00edthet \u00e9s nyerhet, \u00e9s tartsa be ezeket. Ez seg\u00edt elker\u00fclni a nagy vesztes\u00e9geket \u00e9s meg\u0151rizni a j\u00e1t\u00e9k egyens\u00faly\u00e1t.<\/p>\n<p><img loading=\"lazy\" decoding=\"async\" class=\"alignnone size-full wp-image-307\" src=\"https:\/\/aviator-slotgame.com\/wp-content\/uploads\/Aviator-19-800-x-600-\u043f\u0438\u043a\u0441.jpg\" alt=\"Kezelje bankrollj\u00e1t az Aviator j\u00e1t\u00e9kban\" width=\"800\" height=\"600\" srcset=\"https:\/\/aviator-slotgame.com\/wp-content\/uploads\/Aviator-19-800-x-600-\u043f\u0438\u043a\u0441.jpg 800w, https:\/\/aviator-slotgame.com\/wp-content\/uploads\/Aviator-19-800-x-600-\u043f\u0438\u043a\u0441-300x225.jpg 300w, https:\/\/aviator-slotgame.com\/wp-content\/uploads\/Aviator-19-800-x-600-\u043f\u0438\u043a\u0441-768x576.jpg 768w, https:\/\/aviator-slotgame.com\/wp-content\/uploads\/Aviator-19-800-x-600-\u043f\u0438\u043a\u0441-16x12.jpg 16w\" sizes=\"auto, (max-width: 800px) 100vw, 800px\" \/><\/p>\n<h2>Mi\u00e9rt az Aviator az egyik legjobb magas RTP-s j\u00e1t\u00e9k<\/h2>\n<p>Pr\u00f3b\u00e1ljon magasabb RTP-vel rendelkez\u0151 j\u00e1t\u00e9kokat v\u00e1lasztani (Vissza a j\u00e1t\u00e9koshoz). Az Aviator online j\u00e1t\u00e9k a magas RTP sz\u00e1zal\u00e9kos \u00f6sszeoml\u00e1sos j\u00e1t\u00e9kok list\u00e1j\u00e1hoz tartozik. Min\u00e9l magasabb az RTP, ann\u00e1l nagyobb a val\u00f3sz\u00edn\u0171s\u00e9ge a nyer\u00e9snek hossz\u00fa t\u00e1von.<\/p>\n<h2>J\u00e1tssz a maxim\u00e1lis t\u00e9ttel az Aviatorban \u2013 Kock\u00e1zatok \u00e9s jutalmak<\/h2>\n<p>Egyes j\u00e1t\u00e9kokban, bele\u00e9rtve az Aviatort is, a maxim\u00e1lis fogad\u00e1s n\u00f6velheti a nagy nyerem\u00e9ny es\u00e9ly\u00e9t. Ne feledje azonban, hogy a maxim\u00e1lis t\u00e9t melletti j\u00e1t\u00e9k gyors vesztes\u00e9gekhez is vezethet, ez\u00e9rt legyen \u00f3vatos.<\/p>\n<h2>Megkett\u0151z\u00e9si strat\u00e9gia az Aviator j\u00e1t\u00e9kban<\/h2>\n<p>Egyes j\u00e1t\u00e9kosok dupl\u00e1z\u00f3 strat\u00e9gi\u00e1t alkalmaznak, ahol minden vesztes\u00e9g ut\u00e1n megdupl\u00e1zz\u00e1k t\u00e9t\u00fcket. Ennek a taktik\u00e1nak megvannak a maga kock\u00e1zatai, ez\u00e9rt \u00f3vatosan haszn\u00e1lja.<\/p>\n<h2>Demo m\u00f3d az Aviator j\u00e1t\u00e9kban<\/h2>\n<p>Miel\u0151tt val\u00f3di p\u00e9nzben j\u00e1tszana, pr\u00f3b\u00e1ljon meg demo m\u00f3dban j\u00e1tszani, hogy megismerje a j\u00e1t\u00e9kot, annak szab\u00e1lyait \u00e9s jellemz\u0151it. Ez seg\u00edt kialak\u00edtani saj\u00e1t strat\u00e9gi\u00e1j\u00e1t \u00e9s felk\u00e9sz\u00fclni a val\u00f3di p\u00e9nzes j\u00e1t\u00e9kra.<\/p>\n<h2>Aj\u00e1nl\u00e1sok \u00e9s tippek az Aviator j\u00e1t\u00e9khoz<\/h2>\n<p>Haszn\u00e1lja a k\u00f6vetkez\u0151 tippeket, biztosan seg\u00edteni fog a j\u00e1t\u00e9kban:<\/p>\n<ul>\n<li>Sz\u00e1njon id\u0151t arra, hogy alaposan megismerje a j\u00e1t\u00e9ktechnik\u00e1t, hogyan t\u00f6rt\u00e9nik a kifizet\u00e9sek, a felt\u00f6lt\u00e9sek \u00e9s a b\u00f3nuszok. Ha meg\u00e9rted a j\u00e1t\u00e9k alapelveit \u00e9s m\u0171k\u00f6d\u00e9s\u00e9t, a j\u00f6v\u0151beni d\u00f6nt\u00e9seid racion\u00e1lisabbak lesznek.<\/li>\n<\/ul>\n<ul>\n<li>V\u00e1ltoztasd a fogad\u00e1sod. Ahelyett, hogy minden k\u00f6rben ugyanazokat a t\u00e9teket tenn\u00e9, pr\u00f3b\u00e1lja meg vari\u00e1lni a t\u00e9tjeit. N\u00e9ha jobb nagyobb t\u00e9tet k\u00f6tni, hogy n\u00f6velje es\u00e9ly\u00e9t a nagy nyer\u00e9sre, n\u00e9ha pedig kisebb fogad\u00e1st k\u00f6tni, hogy cs\u00f6kkentse vesztes\u00e9geit.<\/li>\n<\/ul>\n<ul>\n<li>Kezelje k\u00f6lts\u00e9gvet\u00e9s\u00e9t. Nagyon fontos, hogy a j\u00e1t\u00e9kban kezelni tudd a p\u00e9nz\u00fcgyeidet. Hat\u00e1rozzon meg mag\u00e1nak egy vesztes\u00e9gi hat\u00e1rt, \u00e9s tartsa be azt. Ne engedje meg mag\u00e1nak, hogy olyan nagy \u00f6sszegekkel j\u00e1tsszon, amelyeket nem engedhet meg mag\u00e1nak.<\/li>\n<\/ul>\n<ul>\n<li>J\u00e1tssz okosan. Ne feledje, hogy a kaszin\u00f3ban val\u00f3 j\u00e1t\u00e9k mindig kock\u00e1zattal j\u00e1r. J\u00e1tssz felel\u0151ss\u00e9gteljesen, \u00e9s ne hagyd, hogy \u00e9rzelmeid befoly\u00e1solj\u00e1k d\u00f6nt\u00e9seidet. Ne feledje, hogy a szerencse kisz\u00e1m\u00edthatatlan is lehet, ez\u00e9rt ne hagyatkozzon egyed\u00fcl r\u00e1.<\/li>\n<\/ul>\n<ul>\n<li>Tanuld meg a j\u00e1t\u00e9kszab\u00e1lyokat. Ahhoz, hogy sikeresek legy\u00fcnk az Aviator online kaszin\u00f3ban \u00e9s b\u00e1rmely m\u00e1s kaszin\u00f3ban, fontos, hogy j\u00f3l meg\u00e9rts\u00fck a j\u00e1t\u00e9kszab\u00e1lyokat. Tanulm\u00e1nyozza a j\u00e1t\u00e9k minden r\u00e9szlet\u00e9t \u00e9s jellemz\u0151j\u00e9t, hogy megalapozott d\u00f6nt\u00e9seket hozzon.<\/li>\n<\/ul>\n<ul>\n<li>Haszn\u00e1lja a bemutat\u00f3 m\u00f3dot. Ha \u00faj vagy a j\u00e1t\u00e9kban, vagy csak szeretn\u00e9l gyakorolni \u00e9s jobban meg\u00e9rteni a j\u00e1t\u00e9kmenetet, haszn\u00e1ld a dem\u00f3 m\u00f3dot a val\u00f3di p\u00e9nz elveszt\u00e9s\u00e9nek kock\u00e1zata n\u00e9lk\u00fcl val\u00f3 j\u00e1t\u00e9khoz. Ez seg\u00edt abban, hogy k\u00e9nyelmesebb\u00e9 v\u00e1ljon a j\u00e1t\u00e9kban, \u00e9s fejleszthesse strat\u00e9gi\u00e1j\u00e1t.<\/li>\n<\/ul>\n<ul>\n<li>\u00dcgyeljen a t\u00f6bbi j\u00e1t\u00e9kos v\u00e9lem\u00e9ny\u00e9re. Lehets\u00e9ges, hogy m\u00e1s j\u00e1t\u00e9kosok m\u00e1r tal\u00e1ltak hat\u00e9kony strat\u00e9gi\u00e1kat vagy tippeket az Aviator j\u00e1t\u00e9khoz. Olvassa el a f\u00f3rumokat \u00e9s a besz\u00e9lget\u00e9seket, hogy t\u00f6bbet megtudjon r\u00f3luk, \u00e9s alkalmazza \u0151ket a j\u00e1t\u00e9kban. \u00c9s figyelj gyakrabban a j\u00e1t\u00e9kon bel\u00fcli chatre!<\/li>\n<\/ul>\n<ul>\n<li>Gy\u0151z\u0151dj\u00f6n meg r\u00f3la, hogy j\u00f3 internetkapcsolata van. Miel\u0151tt elkezden\u00e9 a j\u00e1t\u00e9kot, gy\u0151z\u0151dj\u00f6n meg r\u00f3la, hogy stabil kapcsolata van! V\u00e1ratlan megszakad\u00e1s eset\u00e9n a fejleszt\u0151k nem v\u00e1llalnak felel\u0151ss\u00e9get az elvesztett fogad\u00e1s\u00e9rt.<\/li>\n<\/ul>\n<p>Rem\u00e9lem, hogy ezek az aj\u00e1nl\u00e1sok seg\u00edtenek \u00e9lvezni az Aviator online j\u00e1t\u00e9kot, \u00e9s n\u00f6velik a siker es\u00e9lyeit.<\/p>\n<p><img loading=\"lazy\" decoding=\"async\" class=\"alignnone size-full wp-image-301\" src=\"https:\/\/aviator-slotgame.com\/wp-content\/uploads\/Aviator-16-800-x-600-\u043f\u0438\u043a\u0441.jpg\" alt=\"Fontos tippek az Aviator sikeres j\u00e1t\u00e9k\u00e1hoz\" width=\"800\" height=\"600\" srcset=\"https:\/\/aviator-slotgame.com\/wp-content\/uploads\/Aviator-16-800-x-600-\u043f\u0438\u043a\u0441.jpg 800w, https:\/\/aviator-slotgame.com\/wp-content\/uploads\/Aviator-16-800-x-600-\u043f\u0438\u043a\u0441-300x225.jpg 300w, https:\/\/aviator-slotgame.com\/wp-content\/uploads\/Aviator-16-800-x-600-\u043f\u0438\u043a\u0441-768x576.jpg 768w, https:\/\/aviator-slotgame.com\/wp-content\/uploads\/Aviator-16-800-x-600-\u043f\u0438\u043a\u0441-16x12.jpg 16w\" sizes=\"auto, (max-width: 800px) 100vw, 800px\" \/><\/p>\n\n<div style=\"font-size: 0px; height: 0px; line-height: 0px; margin: 0; padding: 0; clear: both;\"><\/div>","protected":false},"excerpt":{"rendered":"<p>Az Aviator \u00f6sszeoml\u00e1sos j\u00e1t\u00e9kban, mint sok m\u00e1s szerencsej\u00e1t\u00e9kban, fontos \u00e9szben tartani, hogy az eredm\u00e9nyek a v\u00e9letlenen alapulnak. Viszont<\/p>","protected":false},"author":1,"featured_media":0,"parent":0,"menu_order":0,"comment_status":"closed","ping_status":"closed","template":"","meta":{"footnotes":""},"class_list":["post-230","page","type-page","status-publish","hentry"],"yoast_head":"<!-- This site is optimized with the Yoast SEO plugin v22.0 - https:\/\/yoast.com\/wordpress\/plugins\/seo\/ -->\n<title>C\u0442\u0440\u0430\u0442\u0435\u0433\u0438\u0438 \u0438\u0433\u0440\u044b \u0410\u0432\u0438\u0430\u0442\u043e\u0440 \u2014 \u041a\u0430\u043a \u0432\u044b\u0438\u0433\u0440\u044b\u0432\u0430\u0442\u044c \u0434\u0435\u043d\u044c\u0433\u0438 \u0432 \u043a\u0440\u0430\u0448-\u0441\u043b\u043e\u0442<\/title>\n<meta name=\"description\" content=\"\u0418\u0437\u0443\u0447\u0438\u0442\u0435 \u0441\u0442\u0440\u0430\u0442\u0435\u0433\u0438\u0438 \u0438 \u0442\u0430\u043a\u0442\u0438\u043a\u0438 \u0438\u0433\u0440\u044b \u0432 \u0441\u043b\u043e\u0442 \u0410\u0432\u0438\u0430\u0442\u043e\u0440. \u0423\u043f\u0440\u0430\u0432\u043b\u044f\u0439\u0442\u0435 \u0431\u0430\u043d\u043a\u0440\u043e\u043b\u043b\u043e\u043c, \u0438\u0441\u043f\u043e\u043b\u044c\u0437\u0443\u0439\u0442\u0435 \u043a\u043e\u044d\u0444\u0444\u0438\u0446\u0438\u0435\u043d\u0442\u044b \u0438 \u0443\u0432\u0435\u043b\u0438\u0447\u0438\u0432\u0430\u0439\u0442\u0435 \u0448\u0430\u043d\u0441\u044b \u043d\u0430 \u0432\u044b\u0438\u0433\u0440\u044b\u0448 \u0432 \u043a\u0440\u0430\u0448-\u0438\u0433\u0440\u0435 \u043d\u0430 \u0434\u0435\u043d\u044c\u0433\u0438.\" \/>\n<meta name=\"robots\" content=\"index, follow, max-snippet:-1, max-image-preview:large, max-video-preview:-1\" \/>\n<link rel=\"canonical\" href=\"https:\/\/aviator-slotgame.com\/hu\/strategy-and-tactics\/\" \/>\n<meta property=\"og:locale\" content=\"hu_HU\" \/>\n<meta property=\"og:type\" content=\"article\" \/>\n<meta property=\"og:title\" content=\"C\u0442\u0440\u0430\u0442\u0435\u0433\u0438\u0438 \u0438\u0433\u0440\u044b \u0410\u0432\u0438\u0430\u0442\u043e\u0440 \u2014 \u041a\u0430\u043a \u0432\u044b\u0438\u0433\u0440\u044b\u0432\u0430\u0442\u044c \u0434\u0435\u043d\u044c\u0433\u0438 \u0432 \u043a\u0440\u0430\u0448-\u0441\u043b\u043e\u0442\" \/>\n<meta property=\"og:description\" content=\"\u0418\u0437\u0443\u0447\u0438\u0442\u0435 \u0441\u0442\u0440\u0430\u0442\u0435\u0433\u0438\u0438 \u0438 \u0442\u0430\u043a\u0442\u0438\u043a\u0438 \u0438\u0433\u0440\u044b \u0432 \u0441\u043b\u043e\u0442 \u0410\u0432\u0438\u0430\u0442\u043e\u0440. \u0423\u043f\u0440\u0430\u0432\u043b\u044f\u0439\u0442\u0435 \u0431\u0430\u043d\u043a\u0440\u043e\u043b\u043b\u043e\u043c, \u0438\u0441\u043f\u043e\u043b\u044c\u0437\u0443\u0439\u0442\u0435 \u043a\u043e\u044d\u0444\u0444\u0438\u0446\u0438\u0435\u043d\u0442\u044b \u0438 \u0443\u0432\u0435\u043b\u0438\u0447\u0438\u0432\u0430\u0439\u0442\u0435 \u0448\u0430\u043d\u0441\u044b \u043d\u0430 \u0432\u044b\u0438\u0433\u0440\u044b\u0448 \u0432 \u043a\u0440\u0430\u0448-\u0438\u0433\u0440\u0435 \u043d\u0430 \u0434\u0435\u043d\u044c\u0433\u0438.\" \/>\n<meta property=\"og:url\" content=\"https:\/\/aviator-slotgame.com\/hu\/strategy-and-tactics\/\" \/>\n<meta property=\"og:site_name\" content=\"Aviator\" \/>\n<meta property=\"article:modified_time\" content=\"2024-10-03T23:03:12+00:00\" \/>\n<meta name=\"twitter:card\" content=\"summary_large_image\" \/>\n<meta name=\"twitter:label1\" content=\"Becs\u00fclt olvas\u00e1si id\u0151\" \/>\n\t<meta name=\"twitter:data1\" content=\"4 perc\" \/>\n<script type=\"application\/ld+json\" class=\"yoast-schema-graph\">{\"@context\":\"https:\/\/schema.org\",\"@graph\":[{\"@type\":\"WebPage\",\"@id\":\"https:\/\/aviator-slotgame.com\/strategy-and-tactics\/\",\"url\":\"https:\/\/aviator-slotgame.com\/strategy-and-tactics\/\",\"name\":\"C\u0442\u0440\u0430\u0442\u0435\u0433\u0438\u0438 \u0438\u0433\u0440\u044b \u0410\u0432\u0438\u0430\u0442\u043e\u0440 \u2014 \u041a\u0430\u043a \u0432\u044b\u0438\u0433\u0440\u044b\u0432\u0430\u0442\u044c \u0434\u0435\u043d\u044c\u0433\u0438 \u0432 \u043a\u0440\u0430\u0448-\u0441\u043b\u043e\u0442\",\"isPartOf\":{\"@id\":\"https:\/\/aviator-slotgame.com\/#website\"},\"datePublished\":\"2024-09-06T08:55:11+00:00\",\"dateModified\":\"2024-10-03T23:03:12+00:00\",\"description\":\"\u0418\u0437\u0443\u0447\u0438\u0442\u0435 \u0441\u0442\u0440\u0430\u0442\u0435\u0433\u0438\u0438 \u0438 \u0442\u0430\u043a\u0442\u0438\u043a\u0438 \u0438\u0433\u0440\u044b \u0432 \u0441\u043b\u043e\u0442 \u0410\u0432\u0438\u0430\u0442\u043e\u0440. \u0423\u043f\u0440\u0430\u0432\u043b\u044f\u0439\u0442\u0435 \u0431\u0430\u043d\u043a\u0440\u043e\u043b\u043b\u043e\u043c, \u0438\u0441\u043f\u043e\u043b\u044c\u0437\u0443\u0439\u0442\u0435 \u043a\u043e\u044d\u0444\u0444\u0438\u0446\u0438\u0435\u043d\u0442\u044b \u0438 \u0443\u0432\u0435\u043b\u0438\u0447\u0438\u0432\u0430\u0439\u0442\u0435 \u0448\u0430\u043d\u0441\u044b \u043d\u0430 \u0432\u044b\u0438\u0433\u0440\u044b\u0448 \u0432 \u043a\u0440\u0430\u0448-\u0438\u0433\u0440\u0435 \u043d\u0430 \u0434\u0435\u043d\u044c\u0433\u0438.\",\"breadcrumb\":{\"@id\":\"https:\/\/aviator-slotgame.com\/strategy-and-tactics\/#breadcrumb\"},\"inLanguage\":\"hu\",\"potentialAction\":[{\"@type\":\"ReadAction\",\"target\":[\"https:\/\/aviator-slotgame.com\/strategy-and-tactics\/\"]}]},{\"@type\":\"BreadcrumbList\",\"@id\":\"https:\/\/aviator-slotgame.com\/strategy-and-tactics\/#breadcrumb\",\"itemListElement\":[{\"@type\":\"ListItem\",\"position\":1,\"name\":\"Home\",\"item\":\"https:\/\/aviator-slotgame.com\/\"},{\"@type\":\"ListItem\",\"position\":2,\"name\":\"\u0421\u0442\u0440\u0430\u0442\u0435\u0433\u0438\u0438 \u0438 \u0442\u0430\u043a\u0442\u0438\u043a\u0438 \u0438\u0433\u0440\u044b Aviator\"}]},{\"@type\":\"WebSite\",\"@id\":\"https:\/\/aviator-slotgame.com\/#website\",\"url\":\"https:\/\/aviator-slotgame.com\/\",\"name\":\"Aviator\",\"description\":\"\",\"publisher\":{\"@id\":\"https:\/\/aviator-slotgame.com\/#organization\"},\"potentialAction\":[{\"@type\":\"SearchAction\",\"target\":{\"@type\":\"EntryPoint\",\"urlTemplate\":\"https:\/\/aviator-slotgame.com\/?s={search_term_string}\"},\"query-input\":\"required name=search_term_string\"}],\"inLanguage\":\"hu\"},{\"@type\":\"Organization\",\"@id\":\"https:\/\/aviator-slotgame.com\/#organization\",\"name\":\"Aviator\",\"url\":\"https:\/\/aviator-slotgame.com\/\",\"logo\":{\"@type\":\"ImageObject\",\"inLanguage\":\"hu\",\"@id\":\"https:\/\/aviator-slotgame.com\/#\/schema\/logo\/image\/\",\"url\":\"https:\/\/aviator-slotgame.com\/wp-content\/uploads\/16f5e8_dade544d4623411c9c4153c639aae85amv2.webp\",\"contentUrl\":\"https:\/\/aviator-slotgame.com\/wp-content\/uploads\/16f5e8_dade544d4623411c9c4153c639aae85amv2.webp\",\"width\":400,\"height\":300,\"caption\":\"Aviator\"},\"image\":{\"@id\":\"https:\/\/aviator-slotgame.com\/#\/schema\/logo\/image\/\"}}]}<\/script>\n<!-- \/ Yoast SEO plugin. -->","yoast_head_json":{"title":"C\u0442\u0440\u0430\u0442\u0435\u0433\u0438\u0438 \u0438\u0433\u0440\u044b \u0410\u0432\u0438\u0430\u0442\u043e\u0440 \u2014 \u041a\u0430\u043a \u0432\u044b\u0438\u0433\u0440\u044b\u0432\u0430\u0442\u044c \u0434\u0435\u043d\u044c\u0433\u0438 \u0432 \u043a\u0440\u0430\u0448-\u0441\u043b\u043e\u0442","description":"\u0418\u0437\u0443\u0447\u0438\u0442\u0435 \u0441\u0442\u0440\u0430\u0442\u0435\u0433\u0438\u0438 \u0438 \u0442\u0430\u043a\u0442\u0438\u043a\u0438 \u0438\u0433\u0440\u044b \u0432 \u0441\u043b\u043e\u0442 \u0410\u0432\u0438\u0430\u0442\u043e\u0440. \u0423\u043f\u0440\u0430\u0432\u043b\u044f\u0439\u0442\u0435 \u0431\u0430\u043d\u043a\u0440\u043e\u043b\u043b\u043e\u043c, \u0438\u0441\u043f\u043e\u043b\u044c\u0437\u0443\u0439\u0442\u0435 \u043a\u043e\u044d\u0444\u0444\u0438\u0446\u0438\u0435\u043d\u0442\u044b \u0438 \u0443\u0432\u0435\u043b\u0438\u0447\u0438\u0432\u0430\u0439\u0442\u0435 \u0448\u0430\u043d\u0441\u044b \u043d\u0430 \u0432\u044b\u0438\u0433\u0440\u044b\u0448 \u0432 \u043a\u0440\u0430\u0448-\u0438\u0433\u0440\u0435 \u043d\u0430 \u0434\u0435\u043d\u044c\u0433\u0438.","robots":{"index":"index","follow":"follow","max-snippet":"max-snippet:-1","max-image-preview":"max-image-preview:large","max-video-preview":"max-video-preview:-1"},"canonical":"https:\/\/aviator-slotgame.com\/hu\/strategy-and-tactics\/","og_locale":"hu_HU","og_type":"article","og_title":"C\u0442\u0440\u0430\u0442\u0435\u0433\u0438\u0438 \u0438\u0433\u0440\u044b \u0410\u0432\u0438\u0430\u0442\u043e\u0440 \u2014 \u041a\u0430\u043a \u0432\u044b\u0438\u0433\u0440\u044b\u0432\u0430\u0442\u044c \u0434\u0435\u043d\u044c\u0433\u0438 \u0432 \u043a\u0440\u0430\u0448-\u0441\u043b\u043e\u0442","og_description":"\u0418\u0437\u0443\u0447\u0438\u0442\u0435 \u0441\u0442\u0440\u0430\u0442\u0435\u0433\u0438\u0438 \u0438 \u0442\u0430\u043a\u0442\u0438\u043a\u0438 \u0438\u0433\u0440\u044b \u0432 \u0441\u043b\u043e\u0442 \u0410\u0432\u0438\u0430\u0442\u043e\u0440. \u0423\u043f\u0440\u0430\u0432\u043b\u044f\u0439\u0442\u0435 \u0431\u0430\u043d\u043a\u0440\u043e\u043b\u043b\u043e\u043c, \u0438\u0441\u043f\u043e\u043b\u044c\u0437\u0443\u0439\u0442\u0435 \u043a\u043e\u044d\u0444\u0444\u0438\u0446\u0438\u0435\u043d\u0442\u044b \u0438 \u0443\u0432\u0435\u043b\u0438\u0447\u0438\u0432\u0430\u0439\u0442\u0435 \u0448\u0430\u043d\u0441\u044b \u043d\u0430 \u0432\u044b\u0438\u0433\u0440\u044b\u0448 \u0432 \u043a\u0440\u0430\u0448-\u0438\u0433\u0440\u0435 \u043d\u0430 \u0434\u0435\u043d\u044c\u0433\u0438.","og_url":"https:\/\/aviator-slotgame.com\/hu\/strategy-and-tactics\/","og_site_name":"Aviator","article_modified_time":"2024-10-03T23:03:12+00:00","twitter_card":"summary_large_image","twitter_misc":{"Becs\u00fclt olvas\u00e1si id\u0151":"4 perc"},"schema":{"@context":"https:\/\/schema.org","@graph":[{"@type":"WebPage","@id":"https:\/\/aviator-slotgame.com\/strategy-and-tactics\/","url":"https:\/\/aviator-slotgame.com\/strategy-and-tactics\/","name":"C\u0442\u0440\u0430\u0442\u0435\u0433\u0438\u0438 \u0438\u0433\u0440\u044b \u0410\u0432\u0438\u0430\u0442\u043e\u0440 \u2014 \u041a\u0430\u043a \u0432\u044b\u0438\u0433\u0440\u044b\u0432\u0430\u0442\u044c \u0434\u0435\u043d\u044c\u0433\u0438 \u0432 \u043a\u0440\u0430\u0448-\u0441\u043b\u043e\u0442","isPartOf":{"@id":"https:\/\/aviator-slotgame.com\/#website"},"datePublished":"2024-09-06T08:55:11+00:00","dateModified":"2024-10-03T23:03:12+00:00","description":"\u0418\u0437\u0443\u0447\u0438\u0442\u0435 \u0441\u0442\u0440\u0430\u0442\u0435\u0433\u0438\u0438 \u0438 \u0442\u0430\u043a\u0442\u0438\u043a\u0438 \u0438\u0433\u0440\u044b \u0432 \u0441\u043b\u043e\u0442 \u0410\u0432\u0438\u0430\u0442\u043e\u0440. \u0423\u043f\u0440\u0430\u0432\u043b\u044f\u0439\u0442\u0435 \u0431\u0430\u043d\u043a\u0440\u043e\u043b\u043b\u043e\u043c, \u0438\u0441\u043f\u043e\u043b\u044c\u0437\u0443\u0439\u0442\u0435 \u043a\u043e\u044d\u0444\u0444\u0438\u0446\u0438\u0435\u043d\u0442\u044b \u0438 \u0443\u0432\u0435\u043b\u0438\u0447\u0438\u0432\u0430\u0439\u0442\u0435 \u0448\u0430\u043d\u0441\u044b \u043d\u0430 \u0432\u044b\u0438\u0433\u0440\u044b\u0448 \u0432 \u043a\u0440\u0430\u0448-\u0438\u0433\u0440\u0435 \u043d\u0430 \u0434\u0435\u043d\u044c\u0433\u0438.","breadcrumb":{"@id":"https:\/\/aviator-slotgame.com\/strategy-and-tactics\/#breadcrumb"},"inLanguage":"hu","potentialAction":[{"@type":"ReadAction","target":["https:\/\/aviator-slotgame.com\/strategy-and-tactics\/"]}]},{"@type":"BreadcrumbList","@id":"https:\/\/aviator-slotgame.com\/strategy-and-tactics\/#breadcrumb","itemListElement":[{"@type":"ListItem","position":1,"name":"Home","item":"https:\/\/aviator-slotgame.com\/"},{"@type":"ListItem","position":2,"name":"\u0421\u0442\u0440\u0430\u0442\u0435\u0433\u0438\u0438 \u0438 \u0442\u0430\u043a\u0442\u0438\u043a\u0438 \u0438\u0433\u0440\u044b Aviator"}]},{"@type":"WebSite","@id":"https:\/\/aviator-slotgame.com\/#website","url":"https:\/\/aviator-slotgame.com\/","name":"Aviator","description":"","publisher":{"@id":"https:\/\/aviator-slotgame.com\/#organization"},"potentialAction":[{"@type":"SearchAction","target":{"@type":"EntryPoint","urlTemplate":"https:\/\/aviator-slotgame.com\/?s={search_term_string}"},"query-input":"required name=search_term_string"}],"inLanguage":"hu"},{"@type":"Organization","@id":"https:\/\/aviator-slotgame.com\/#organization","name":"Aviator","url":"https:\/\/aviator-slotgame.com\/","logo":{"@type":"ImageObject","inLanguage":"hu","@id":"https:\/\/aviator-slotgame.com\/#\/schema\/logo\/image\/","url":"https:\/\/aviator-slotgame.com\/wp-content\/uploads\/16f5e8_dade544d4623411c9c4153c639aae85amv2.webp","contentUrl":"https:\/\/aviator-slotgame.com\/wp-content\/uploads\/16f5e8_dade544d4623411c9c4153c639aae85amv2.webp","width":400,"height":300,"caption":"Aviator"},"image":{"@id":"https:\/\/aviator-slotgame.com\/#\/schema\/logo\/image\/"}}]}},"amp_enabled":true,"_links":{"self":[{"href":"https:\/\/aviator-slotgame.com\/hu\/wp-json\/wp\/v2\/pages\/230","targetHints":{"allow":["GET"]}}],"collection":[{"href":"https:\/\/aviator-slotgame.com\/hu\/wp-json\/wp\/v2\/pages"}],"about":[{"href":"https:\/\/aviator-slotgame.com\/hu\/wp-json\/wp\/v2\/types\/page"}],"author":[{"embeddable":true,"href":"https:\/\/aviator-slotgame.com\/hu\/wp-json\/wp\/v2\/users\/1"}],"replies":[{"embeddable":true,"href":"https:\/\/aviator-slotgame.com\/hu\/wp-json\/wp\/v2\/comments?post=230"}],"version-history":[{"count":14,"href":"https:\/\/aviator-slotgame.com\/hu\/wp-json\/wp\/v2\/pages\/230\/revisions"}],"predecessor-version":[{"id":410,"href":"https:\/\/aviator-slotgame.com\/hu\/wp-json\/wp\/v2\/pages\/230\/revisions\/410"}],"wp:attachment":[{"href":"https:\/\/aviator-slotgame.com\/hu\/wp-json\/wp\/v2\/media?parent=230"}],"curies":[{"name":"wp","href":"https:\/\/api.w.org\/{rel}","templated":true}]}}