{"id":254,"date":"2024-09-06T13:57:42","date_gmt":"2024-09-06T13:57:42","guid":{"rendered":"https:\/\/aviator-slotgame.com\/?page_id=254"},"modified":"2024-10-03T22:49:00","modified_gmt":"2024-10-03T22:49:00","slug":"reviews","status":"publish","type":"page","link":"https:\/\/aviator-slotgame.com\/hu\/reviews\/","title":{"rendered":"V\u00e9lem\u00e9nyek az Aviator j\u00e1t\u00e9kr\u00f3l - Benyom\u00e1sok a p\u00e9nz\u00e9rt val\u00f3 \u00f6sszeoml\u00e1sr\u00f3l"},"content":{"rendered":"<div class=\"23b819e8b27b3f3acaff10f1c4812dfb\" data-index=\"1\" style=\"float: none; margin:10px 0 10px 0; text-align:center;\">\n<div class=\"custom-play-button\">\r\n<center><a href=\"https:\/\/aviator-slotgame.com\/hu\/play-game\/\" rel=\"nofollow\" target=\"_blank\">J\u00e1tssz most<\/a><br><\/center>\r\n<\/div>\n<\/div>\n<p><img loading=\"lazy\" decoding=\"async\" class=\"alignnone size-full wp-image-259\" src=\"https:\/\/aviator-slotgame.com\/wp-content\/uploads\/Aviator-6-800-x-600-\u043f\u0438\u043a\u0441.-1.jpg\" alt=\"V\u00e9lem\u00e9nyek az Aviator j\u00e1t\u00e9kr\u00f3l\" width=\"800\" height=\"600\" srcset=\"https:\/\/aviator-slotgame.com\/wp-content\/uploads\/Aviator-6-800-x-600-\u043f\u0438\u043a\u0441.-1.jpg 800w, https:\/\/aviator-slotgame.com\/wp-content\/uploads\/Aviator-6-800-x-600-\u043f\u0438\u043a\u0441.-1-300x225.jpg 300w, https:\/\/aviator-slotgame.com\/wp-content\/uploads\/Aviator-6-800-x-600-\u043f\u0438\u043a\u0441.-1-768x576.jpg 768w, https:\/\/aviator-slotgame.com\/wp-content\/uploads\/Aviator-6-800-x-600-\u043f\u0438\u043a\u0441.-1-16x12.jpg 16w\" sizes=\"auto, (max-width: 800px) 100vw, 800px\" \/><\/p>\n<h2>V\u00e9lem\u00e9nyek<\/h2>\n<ol>\n<li>Nemr\u00e9g kezdtem el j\u00e1tszani az Aviator szerencsej\u00e1t\u00e9kkal, \u00e9s m\u00e1r siker\u00fclt is el\u00e9g sok p\u00e9nzt nyernem))) Nagyon \u00e9rdekes \u00e9s izgalmas \u00e9lm\u00e9ny, amelyet minden adrenalin-kedvel\u0151nek aj\u00e1nlok.\u00a0<em>Alexey, 32 \u00e9ves<\/em><\/li>\n<li>Az Aviator j\u00e1t\u00e9k egyszer\u0171en leny\u0171g\u00f6z! A mag\u00e1val ragad\u00f3 grafika, az addikt\u00edv j\u00e1t\u00e9kmenet \u00e9s a nagy nyerem\u00e9ny lehet\u0151s\u00e9ge miatt ez a j\u00e1t\u00e9k az egyik kedvencem.\u00a0<em>Julia, 21 \u00e9ves<\/em><\/li>\n<li>Az Aviator j\u00e1t\u00e9ka az els\u0151 percekt\u0151l kezdve egyszer\u0171en mag\u00e1val ragadott! Nem tudok elszakadni az izgalmas folyamatt\u00f3l \u00e9s \u00e1lmom egy hatalmas szorz\u00f3 kifog\u00e1s\u00e1r\u00f3l, egyszer siker\u00fclt)) Mindenkinek aj\u00e1nlom, hogy pr\u00f3b\u00e1lja ki!\u00a0<em>Daniil, 29 \u00e9ves<\/em><\/li>\n<li>Az Aviator egy nagyszer\u0171 j\u00e1t\u00e9k azok sz\u00e1m\u00e1ra, akik szeretik az izgalmat \u00e9s az adrenalint. Im\u00e1dom, hogy pil\u00f3tak\u00e9nt \u00e9rezheted magad, \u00e9s egyszerre n\u00f6velheted az egyens\u00falyodat.\u00a0<em>Vladimir, 34 \u00e9ves<\/em><\/li>\n<li>Az Aviator szerencsej\u00e1t\u00e9k igazi kih\u00edv\u00e1ss\u00e1 v\u00e1lt sz\u00e1momra. \u00c9s b\u00e1r n\u00e9ha szembe kell n\u00e9zni kudarcokkal, a gy\u0151zelem \u00f6r\u00f6me minden neh\u00e9zs\u00e9get legy\u0151z. Minden szerencsej\u00e1t\u00e9k-kedvel\u0151nek aj\u00e1nlom!\u00a0<em>Svetlana, 24 \u00e9ves<\/em><\/li>\n<\/ol>\n\n<div style=\"font-size: 0px; height: 0px; line-height: 0px; margin: 0; padding: 0; clear: both;\"><\/div>","protected":false},"excerpt":{"rendered":"<p>V\u00e9lem\u00e9nyek Nemr\u00e9g kezdtem el j\u00e1tszani az Aviator szerencsej\u00e1t\u00e9kkal, \u00e9s m\u00e1r el\u00e9g sok p\u00e9nzt siker\u00fclt nyernem))) Nagyon \u00e9rdekes \u00e9s izgalmas \u00e9lm\u00e9ny,<\/p>","protected":false},"author":1,"featured_media":0,"parent":0,"menu_order":0,"comment_status":"closed","ping_status":"closed","template":"","meta":{"footnotes":""},"class_list":["post-254","page","type-page","status-publish","hentry"],"yoast_head":"<!-- This site is optimized with the Yoast SEO plugin v22.0 - https:\/\/yoast.com\/wordpress\/plugins\/seo\/ -->\n<title>\u041e\u0442\u0437\u044b\u0432\u044b \u043e\u0431 \u0438\u0433\u0440\u0435 \u0410\u0432\u0438\u0430\u0442\u043e\u0440 \u2014 \u041c\u043d\u0435\u043d\u0438\u044f \u0438\u0433\u0440\u043e\u043a\u043e\u0432 \u043e \u043a\u0440\u0430\u0448-\u0438\u0433\u0440\u0435<\/title>\n<meta name=\"description\" content=\"\u041f\u0440\u043e\u0447\u0438\u0442\u0430\u0439\u0442\u0435 \u0440\u0435\u0430\u043b\u044c\u043d\u044b\u0435 \u043e\u0442\u0437\u044b\u0432\u044b \u043e\u0442 \u0438\u0433\u0440\u043e\u043a\u043e\u0432 \u043e\u0431 \u0430\u0437\u0430\u0440\u0442\u043d\u043e\u0439 \u0438\u0433\u0440\u0435 \u0410\u0432\u0438\u0430\u0442\u043e\u0440. \u0423\u0437\u043d\u0430\u0439\u0442\u0435, \u043a\u0430\u043a \u0441\u043b\u043e\u0442 \u0410\u0432\u0438\u0430\u0442\u043e\u0440 \u043f\u0440\u0438\u043d\u043e\u0441\u0438\u0442 \u0430\u0434\u0440\u0435\u043d\u0430\u043b\u0438\u043d, \u0430\u0437\u0430\u0440\u0442 \u0438 \u0440\u0435\u0430\u043b\u044c\u043d\u044b\u0435 \u0434\u0435\u043d\u044c\u0433\u0438 \u0432\u044b\u0438\u0433\u0440\u044b\u0448\u0430 \u0432 \u043e\u043d\u043b\u0430\u0439\u043d \u043a\u0430\u0437\u0438\u043d\u043e.\" \/>\n<meta name=\"robots\" content=\"index, follow, max-snippet:-1, max-image-preview:large, max-video-preview:-1\" \/>\n<link rel=\"canonical\" href=\"https:\/\/aviator-slotgame.com\/hu\/reviews\/\" \/>\n<meta property=\"og:locale\" content=\"hu_HU\" \/>\n<meta property=\"og:type\" content=\"article\" \/>\n<meta property=\"og:title\" content=\"\u041e\u0442\u0437\u044b\u0432\u044b \u043e\u0431 \u0438\u0433\u0440\u0435 \u0410\u0432\u0438\u0430\u0442\u043e\u0440 \u2014 \u041c\u043d\u0435\u043d\u0438\u044f \u0438\u0433\u0440\u043e\u043a\u043e\u0432 \u043e \u043a\u0440\u0430\u0448-\u0438\u0433\u0440\u0435\" \/>\n<meta property=\"og:description\" content=\"\u041f\u0440\u043e\u0447\u0438\u0442\u0430\u0439\u0442\u0435 \u0440\u0435\u0430\u043b\u044c\u043d\u044b\u0435 \u043e\u0442\u0437\u044b\u0432\u044b \u043e\u0442 \u0438\u0433\u0440\u043e\u043a\u043e\u0432 \u043e\u0431 \u0430\u0437\u0430\u0440\u0442\u043d\u043e\u0439 \u0438\u0433\u0440\u0435 \u0410\u0432\u0438\u0430\u0442\u043e\u0440. \u0423\u0437\u043d\u0430\u0439\u0442\u0435, \u043a\u0430\u043a \u0441\u043b\u043e\u0442 \u0410\u0432\u0438\u0430\u0442\u043e\u0440 \u043f\u0440\u0438\u043d\u043e\u0441\u0438\u0442 \u0430\u0434\u0440\u0435\u043d\u0430\u043b\u0438\u043d, \u0430\u0437\u0430\u0440\u0442 \u0438 \u0440\u0435\u0430\u043b\u044c\u043d\u044b\u0435 \u0434\u0435\u043d\u044c\u0433\u0438 \u0432\u044b\u0438\u0433\u0440\u044b\u0448\u0430 \u0432 \u043e\u043d\u043b\u0430\u0439\u043d \u043a\u0430\u0437\u0438\u043d\u043e.\" \/>\n<meta property=\"og:url\" content=\"https:\/\/aviator-slotgame.com\/hu\/reviews\/\" \/>\n<meta property=\"og:site_name\" content=\"Aviator\" \/>\n<meta property=\"article:modified_time\" content=\"2024-10-03T22:49:00+00:00\" \/>\n<meta name=\"twitter:card\" content=\"summary_large_image\" \/>\n<meta name=\"twitter:label1\" content=\"Becs\u00fclt olvas\u00e1si id\u0151\" \/>\n\t<meta name=\"twitter:data1\" content=\"1 perc\" \/>\n<script type=\"application\/ld+json\" class=\"yoast-schema-graph\">{\"@context\":\"https:\/\/schema.org\",\"@graph\":[{\"@type\":\"WebPage\",\"@id\":\"https:\/\/aviator-slotgame.com\/reviews\/\",\"url\":\"https:\/\/aviator-slotgame.com\/reviews\/\",\"name\":\"\u041e\u0442\u0437\u044b\u0432\u044b \u043e\u0431 \u0438\u0433\u0440\u0435 \u0410\u0432\u0438\u0430\u0442\u043e\u0440 \u2014 \u041c\u043d\u0435\u043d\u0438\u044f \u0438\u0433\u0440\u043e\u043a\u043e\u0432 \u043e \u043a\u0440\u0430\u0448-\u0438\u0433\u0440\u0435\",\"isPartOf\":{\"@id\":\"https:\/\/aviator-slotgame.com\/#website\"},\"datePublished\":\"2024-09-06T13:57:42+00:00\",\"dateModified\":\"2024-10-03T22:49:00+00:00\",\"description\":\"\u041f\u0440\u043e\u0447\u0438\u0442\u0430\u0439\u0442\u0435 \u0440\u0435\u0430\u043b\u044c\u043d\u044b\u0435 \u043e\u0442\u0437\u044b\u0432\u044b \u043e\u0442 \u0438\u0433\u0440\u043e\u043a\u043e\u0432 \u043e\u0431 \u0430\u0437\u0430\u0440\u0442\u043d\u043e\u0439 \u0438\u0433\u0440\u0435 \u0410\u0432\u0438\u0430\u0442\u043e\u0440. \u0423\u0437\u043d\u0430\u0439\u0442\u0435, \u043a\u0430\u043a \u0441\u043b\u043e\u0442 \u0410\u0432\u0438\u0430\u0442\u043e\u0440 \u043f\u0440\u0438\u043d\u043e\u0441\u0438\u0442 \u0430\u0434\u0440\u0435\u043d\u0430\u043b\u0438\u043d, \u0430\u0437\u0430\u0440\u0442 \u0438 \u0440\u0435\u0430\u043b\u044c\u043d\u044b\u0435 \u0434\u0435\u043d\u044c\u0433\u0438 \u0432\u044b\u0438\u0433\u0440\u044b\u0448\u0430 \u0432 \u043e\u043d\u043b\u0430\u0439\u043d \u043a\u0430\u0437\u0438\u043d\u043e.\",\"breadcrumb\":{\"@id\":\"https:\/\/aviator-slotgame.com\/reviews\/#breadcrumb\"},\"inLanguage\":\"hu\",\"potentialAction\":[{\"@type\":\"ReadAction\",\"target\":[\"https:\/\/aviator-slotgame.com\/reviews\/\"]}]},{\"@type\":\"BreadcrumbList\",\"@id\":\"https:\/\/aviator-slotgame.com\/reviews\/#breadcrumb\",\"itemListElement\":[{\"@type\":\"ListItem\",\"position\":1,\"name\":\"Home\",\"item\":\"https:\/\/aviator-slotgame.com\/\"},{\"@type\":\"ListItem\",\"position\":2,\"name\":\"\u041e\u0442\u0437\u044b\u0432\u044b \u043e\u0431 \u0438\u0433\u0440\u0435 \u0410\u0432\u0438\u0430\u0442\u043e\u0440 \u2014 \u0412\u043f\u0435\u0447\u0430\u0442\u043b\u0435\u043d\u0438\u044f \u043e\u0442 \u043a\u0440\u0430\u0448-\u0441\u043b\u043e\u0442\u0430 \u043d\u0430 \u0434\u0435\u043d\u044c\u0433\u0438\"}]},{\"@type\":\"WebSite\",\"@id\":\"https:\/\/aviator-slotgame.com\/#website\",\"url\":\"https:\/\/aviator-slotgame.com\/\",\"name\":\"Aviator\",\"description\":\"\",\"publisher\":{\"@id\":\"https:\/\/aviator-slotgame.com\/#organization\"},\"potentialAction\":[{\"@type\":\"SearchAction\",\"target\":{\"@type\":\"EntryPoint\",\"urlTemplate\":\"https:\/\/aviator-slotgame.com\/?s={search_term_string}\"},\"query-input\":\"required name=search_term_string\"}],\"inLanguage\":\"hu\"},{\"@type\":\"Organization\",\"@id\":\"https:\/\/aviator-slotgame.com\/#organization\",\"name\":\"Aviator\",\"url\":\"https:\/\/aviator-slotgame.com\/\",\"logo\":{\"@type\":\"ImageObject\",\"inLanguage\":\"hu\",\"@id\":\"https:\/\/aviator-slotgame.com\/#\/schema\/logo\/image\/\",\"url\":\"https:\/\/aviator-slotgame.com\/wp-content\/uploads\/16f5e8_dade544d4623411c9c4153c639aae85amv2.webp\",\"contentUrl\":\"https:\/\/aviator-slotgame.com\/wp-content\/uploads\/16f5e8_dade544d4623411c9c4153c639aae85amv2.webp\",\"width\":400,\"height\":300,\"caption\":\"Aviator\"},\"image\":{\"@id\":\"https:\/\/aviator-slotgame.com\/#\/schema\/logo\/image\/\"}}]}<\/script>\n<!-- \/ Yoast SEO plugin. -->","yoast_head_json":{"title":"\u041e\u0442\u0437\u044b\u0432\u044b \u043e\u0431 \u0438\u0433\u0440\u0435 \u0410\u0432\u0438\u0430\u0442\u043e\u0440 \u2014 \u041c\u043d\u0435\u043d\u0438\u044f \u0438\u0433\u0440\u043e\u043a\u043e\u0432 \u043e \u043a\u0440\u0430\u0448-\u0438\u0433\u0440\u0435","description":"\u041f\u0440\u043e\u0447\u0438\u0442\u0430\u0439\u0442\u0435 \u0440\u0435\u0430\u043b\u044c\u043d\u044b\u0435 \u043e\u0442\u0437\u044b\u0432\u044b \u043e\u0442 \u0438\u0433\u0440\u043e\u043a\u043e\u0432 \u043e\u0431 \u0430\u0437\u0430\u0440\u0442\u043d\u043e\u0439 \u0438\u0433\u0440\u0435 \u0410\u0432\u0438\u0430\u0442\u043e\u0440. \u0423\u0437\u043d\u0430\u0439\u0442\u0435, \u043a\u0430\u043a \u0441\u043b\u043e\u0442 \u0410\u0432\u0438\u0430\u0442\u043e\u0440 \u043f\u0440\u0438\u043d\u043e\u0441\u0438\u0442 \u0430\u0434\u0440\u0435\u043d\u0430\u043b\u0438\u043d, \u0430\u0437\u0430\u0440\u0442 \u0438 \u0440\u0435\u0430\u043b\u044c\u043d\u044b\u0435 \u0434\u0435\u043d\u044c\u0433\u0438 \u0432\u044b\u0438\u0433\u0440\u044b\u0448\u0430 \u0432 \u043e\u043d\u043b\u0430\u0439\u043d \u043a\u0430\u0437\u0438\u043d\u043e.","robots":{"index":"index","follow":"follow","max-snippet":"max-snippet:-1","max-image-preview":"max-image-preview:large","max-video-preview":"max-video-preview:-1"},"canonical":"https:\/\/aviator-slotgame.com\/hu\/reviews\/","og_locale":"hu_HU","og_type":"article","og_title":"\u041e\u0442\u0437\u044b\u0432\u044b \u043e\u0431 \u0438\u0433\u0440\u0435 \u0410\u0432\u0438\u0430\u0442\u043e\u0440 \u2014 \u041c\u043d\u0435\u043d\u0438\u044f \u0438\u0433\u0440\u043e\u043a\u043e\u0432 \u043e \u043a\u0440\u0430\u0448-\u0438\u0433\u0440\u0435","og_description":"\u041f\u0440\u043e\u0447\u0438\u0442\u0430\u0439\u0442\u0435 \u0440\u0435\u0430\u043b\u044c\u043d\u044b\u0435 \u043e\u0442\u0437\u044b\u0432\u044b \u043e\u0442 \u0438\u0433\u0440\u043e\u043a\u043e\u0432 \u043e\u0431 \u0430\u0437\u0430\u0440\u0442\u043d\u043e\u0439 \u0438\u0433\u0440\u0435 \u0410\u0432\u0438\u0430\u0442\u043e\u0440. \u0423\u0437\u043d\u0430\u0439\u0442\u0435, \u043a\u0430\u043a \u0441\u043b\u043e\u0442 \u0410\u0432\u0438\u0430\u0442\u043e\u0440 \u043f\u0440\u0438\u043d\u043e\u0441\u0438\u0442 \u0430\u0434\u0440\u0435\u043d\u0430\u043b\u0438\u043d, \u0430\u0437\u0430\u0440\u0442 \u0438 \u0440\u0435\u0430\u043b\u044c\u043d\u044b\u0435 \u0434\u0435\u043d\u044c\u0433\u0438 \u0432\u044b\u0438\u0433\u0440\u044b\u0448\u0430 \u0432 \u043e\u043d\u043b\u0430\u0439\u043d \u043a\u0430\u0437\u0438\u043d\u043e.","og_url":"https:\/\/aviator-slotgame.com\/hu\/reviews\/","og_site_name":"Aviator","article_modified_time":"2024-10-03T22:49:00+00:00","twitter_card":"summary_large_image","twitter_misc":{"Becs\u00fclt olvas\u00e1si id\u0151":"1 perc"},"schema":{"@context":"https:\/\/schema.org","@graph":[{"@type":"WebPage","@id":"https:\/\/aviator-slotgame.com\/reviews\/","url":"https:\/\/aviator-slotgame.com\/reviews\/","name":"\u041e\u0442\u0437\u044b\u0432\u044b \u043e\u0431 \u0438\u0433\u0440\u0435 \u0410\u0432\u0438\u0430\u0442\u043e\u0440 \u2014 \u041c\u043d\u0435\u043d\u0438\u044f \u0438\u0433\u0440\u043e\u043a\u043e\u0432 \u043e \u043a\u0440\u0430\u0448-\u0438\u0433\u0440\u0435","isPartOf":{"@id":"https:\/\/aviator-slotgame.com\/#website"},"datePublished":"2024-09-06T13:57:42+00:00","dateModified":"2024-10-03T22:49:00+00:00","description":"\u041f\u0440\u043e\u0447\u0438\u0442\u0430\u0439\u0442\u0435 \u0440\u0435\u0430\u043b\u044c\u043d\u044b\u0435 \u043e\u0442\u0437\u044b\u0432\u044b \u043e\u0442 \u0438\u0433\u0440\u043e\u043a\u043e\u0432 \u043e\u0431 \u0430\u0437\u0430\u0440\u0442\u043d\u043e\u0439 \u0438\u0433\u0440\u0435 \u0410\u0432\u0438\u0430\u0442\u043e\u0440. \u0423\u0437\u043d\u0430\u0439\u0442\u0435, \u043a\u0430\u043a \u0441\u043b\u043e\u0442 \u0410\u0432\u0438\u0430\u0442\u043e\u0440 \u043f\u0440\u0438\u043d\u043e\u0441\u0438\u0442 \u0430\u0434\u0440\u0435\u043d\u0430\u043b\u0438\u043d, \u0430\u0437\u0430\u0440\u0442 \u0438 \u0440\u0435\u0430\u043b\u044c\u043d\u044b\u0435 \u0434\u0435\u043d\u044c\u0433\u0438 \u0432\u044b\u0438\u0433\u0440\u044b\u0448\u0430 \u0432 \u043e\u043d\u043b\u0430\u0439\u043d \u043a\u0430\u0437\u0438\u043d\u043e.","breadcrumb":{"@id":"https:\/\/aviator-slotgame.com\/reviews\/#breadcrumb"},"inLanguage":"hu","potentialAction":[{"@type":"ReadAction","target":["https:\/\/aviator-slotgame.com\/reviews\/"]}]},{"@type":"BreadcrumbList","@id":"https:\/\/aviator-slotgame.com\/reviews\/#breadcrumb","itemListElement":[{"@type":"ListItem","position":1,"name":"Home","item":"https:\/\/aviator-slotgame.com\/"},{"@type":"ListItem","position":2,"name":"\u041e\u0442\u0437\u044b\u0432\u044b \u043e\u0431 \u0438\u0433\u0440\u0435 \u0410\u0432\u0438\u0430\u0442\u043e\u0440 \u2014 \u0412\u043f\u0435\u0447\u0430\u0442\u043b\u0435\u043d\u0438\u044f \u043e\u0442 \u043a\u0440\u0430\u0448-\u0441\u043b\u043e\u0442\u0430 \u043d\u0430 \u0434\u0435\u043d\u044c\u0433\u0438"}]},{"@type":"WebSite","@id":"https:\/\/aviator-slotgame.com\/#website","url":"https:\/\/aviator-slotgame.com\/","name":"Aviator","description":"","publisher":{"@id":"https:\/\/aviator-slotgame.com\/#organization"},"potentialAction":[{"@type":"SearchAction","target":{"@type":"EntryPoint","urlTemplate":"https:\/\/aviator-slotgame.com\/?s={search_term_string}"},"query-input":"required name=search_term_string"}],"inLanguage":"hu"},{"@type":"Organization","@id":"https:\/\/aviator-slotgame.com\/#organization","name":"Aviator","url":"https:\/\/aviator-slotgame.com\/","logo":{"@type":"ImageObject","inLanguage":"hu","@id":"https:\/\/aviator-slotgame.com\/#\/schema\/logo\/image\/","url":"https:\/\/aviator-slotgame.com\/wp-content\/uploads\/16f5e8_dade544d4623411c9c4153c639aae85amv2.webp","contentUrl":"https:\/\/aviator-slotgame.com\/wp-content\/uploads\/16f5e8_dade544d4623411c9c4153c639aae85amv2.webp","width":400,"height":300,"caption":"Aviator"},"image":{"@id":"https:\/\/aviator-slotgame.com\/#\/schema\/logo\/image\/"}}]}},"amp_enabled":true,"_links":{"self":[{"href":"https:\/\/aviator-slotgame.com\/hu\/wp-json\/wp\/v2\/pages\/254","targetHints":{"allow":["GET"]}}],"collection":[{"href":"https:\/\/aviator-slotgame.com\/hu\/wp-json\/wp\/v2\/pages"}],"about":[{"href":"https:\/\/aviator-slotgame.com\/hu\/wp-json\/wp\/v2\/types\/page"}],"author":[{"embeddable":true,"href":"https:\/\/aviator-slotgame.com\/hu\/wp-json\/wp\/v2\/users\/1"}],"replies":[{"embeddable":true,"href":"https:\/\/aviator-slotgame.com\/hu\/wp-json\/wp\/v2\/comments?post=254"}],"version-history":[{"count":8,"href":"https:\/\/aviator-slotgame.com\/hu\/wp-json\/wp\/v2\/pages\/254\/revisions"}],"predecessor-version":[{"id":408,"href":"https:\/\/aviator-slotgame.com\/hu\/wp-json\/wp\/v2\/pages\/254\/revisions\/408"}],"wp:attachment":[{"href":"https:\/\/aviator-slotgame.com\/hu\/wp-json\/wp\/v2\/media?parent=254"}],"curies":[{"name":"wp","href":"https:\/\/api.w.org\/{rel}","templated":true}]}}