{"id":26,"date":"2024-01-31T12:57:07","date_gmt":"2024-01-31T12:57:07","guid":{"rendered":"https:\/\/aviator-slotgame.com\/?page_id=26"},"modified":"2024-10-03T23:16:00","modified_gmt":"2024-10-03T23:16:00","slug":"play-for-free","status":"publish","type":"page","link":"https:\/\/aviator-slotgame.com\/hu\/hogyan-jatsszuk-az-aviator-demo-t-ingyen\/","title":{"rendered":"Az Aviator dem\u00f3 ingyenes lej\u00e1tsz\u00e1sa"},"content":{"rendered":"<div class=\"23b819e8b27b3f3acaff10f1c4812dfb\" data-index=\"1\" style=\"float: none; margin:10px 0 10px 0; text-align:center;\">\n<div class=\"custom-play-button\">\r\n<center><a href=\"https:\/\/aviator-slotgame.com\/hu\/play-game\/\" rel=\"nofollow\" target=\"_blank\">J\u00e1tssz most<\/a><br><\/center>\r\n<\/div>\n<\/div>\n<p>A Spribe Aviator j\u00e1t\u00e9ka egy \u00faj \u00e9s izgalmas kaszin\u00f3j\u00e1t\u00e9k, amely lehet\u0151v\u00e9 teszi a j\u00e1t\u00e9kosoknak, hogy megtapasztalj\u00e1k a gy\u0151zelem izgalm\u00e1t, mik\u00f6zben magasan rep\u00fclnek. A j\u00e1t\u00e9k dem\u00f3 verzi\u00f3ja lehet\u0151s\u00e9get k\u00edn\u00e1l a j\u00e1t\u00e9kosoknak, hogy ingyenesen kipr\u00f3b\u00e1lj\u00e1k a j\u00e1t\u00e9kot, m\u00edg a teljes verzi\u00f3 sz\u00e1mos legn\u00e9pszer\u0171bb kaszin\u00f3oldalon el\u00e9rhet\u0151. Az ingyenes Aviator dem\u00f3 nagyszer\u0171 m\u00f3dja annak, hogy megtanulja, hogyan kell j\u00e1tszani a j\u00e1t\u00e9kot, miel\u0151tt p\u00e9nzt k\u00f6ltene a teljes verzi\u00f3ra, \u00e9s sz\u00f3rakoztat\u00f3 m\u00f3dja annak, hogy p\u00e9nzt k\u00f6ltsenek el online.<\/p>\n<p>Ehhez fel kell l\u00e9pnie az Aviator hivatalos webhely\u00e9re, \u00e9s ki kell v\u00e1lasztania a demo j\u00e1t\u00e9km\u00f3dot. A dem\u00f3 verzi\u00f3ban an\u00e9lk\u00fcl j\u00e1tszhatsz, hogy val\u00f3di p\u00e9nzben kellene fogadnod, \u00e9s egyszer\u0171en csak \u00e9lvezheted a j\u00e1t\u00e9kmenetet.<\/p>\n<p><img loading=\"lazy\" decoding=\"async\" title=\"J\u00e1tssz az Aviator dem\u00f3val\" src=\"https:\/\/aviator-slotgame.com\/wp-content\/uploads\/aviator-3.png\" alt=\"Az Aviator dem\u00f3 ingyenes lej\u00e1tsz\u00e1sa\" width=\"800\" height=\"445\" \/><\/p>\n<h2>F\u0151bb jellemz\u0151k<\/h2>\n<p>A dem\u00f3 verzi\u00f3 sz\u00e1mos fontos j\u00e1t\u00e9kmechanik\u00e1t mutat be. Ha el\u0151sz\u00f6r ingyenesen gyakorol, jobban meg\u00e9rtheti a j\u00e1t\u00e9k m\u0171k\u00f6d\u00e9s\u00e9t, \u00e9s val\u00f3di p\u00e9nzben j\u00e1tszva maximaliz\u00e1lhatja nyerem\u00e9ny\u00e9t. Az Aviator dem\u00f3 remek m\u00f3dja annak, hogy egy kicsit sz\u00f3rakozzunk k\u00e9szp\u00e9nz vagy kredit elk\u00f6lt\u00e9se n\u00e9lk\u00fcl.<\/p><div class=\"23b819e8b27b3f3acaff10f1c4812dfb\" data-index=\"1\" style=\"float: none; margin:10px 0 10px 0; text-align:center;\">\n<div class=\"custom-play-button\">\r\n<center><a href=\"https:\/\/aviator-slotgame.com\/hu\/play-game\/\" rel=\"nofollow\" target=\"_blank\">J\u00e1tssz most<\/a><br><\/center>\r\n<\/div>\n<\/div>\n\n<h3>Dupla le gombok<\/h3>\n<p>Ezek a gombok lehet\u0151s\u00e9get adnak a t\u00e9t megdupl\u00e1z\u00e1s\u00e1ra, ha a szorz\u00f3k az \u00d6n jav\u00e1ra halmoz\u00f3dnak fel. Ez n\u00f6velheti a nyerem\u00e9ny\u00e9t, de n\u00f6veli a kock\u00e1zati t\u00e9nyez\u0151t is.<\/p>\n<p>Javasoljuk, hogy gyakorolja mindk\u00e9t gomb haszn\u00e1lat\u00e1t a dem\u00f3 verzi\u00f3ban, miel\u0151tt kock\u00e1ztatn\u00e1 a val\u00f3di webhely krediteket. Az Aviator g\u00e9p a 2. gomb megnyom\u00e1s\u00e1hoz sz\u00fcks\u00e9ges id\u0151 alatt elrep\u00fcl. A legjobb Aviator j\u00e1t\u00e9kosok egy m\u00e1sodpercen bel\u00fcl ki tudj\u00e1k v\u00e1ltani mindk\u00e9t fogad\u00e1sukat.<\/p>\n<h3>Ranglista<\/h3>\n<p>Ez a funkci\u00f3 val\u00f3s id\u0151ben k\u00e9pet ad arr\u00f3l, hogy a fogad\u00e1said mennyire hasonl\u00edtanak m\u00e1s j\u00e1t\u00e9kosokhoz! Ez egy nagyszer\u0171 m\u00f3dja annak, hogy motiv\u00e1lt maradjon, amikor az aktu\u00e1lis j\u00e1t\u00e9khoz \u00e9r. A dem\u00f3ban ezek a j\u00e1t\u00e9kosok szimul\u00e1ltak, de \u00f6tletet kaphat arr\u00f3l, mire kell figyelnie.<\/p>\n<h3>Fogad\u00e1si \u00e9s nyer\u00e9si limitek<\/h3>\n<p>Az Aviator dem\u00f3ja j\u00f3 hely, hogy megtudja, mekkora maxim\u00e1lis \u00e9s minim\u00e1lis t\u00e9tet tehet, \u00e9s mennyi p\u00e9nzt hoz a szerencse. Ez az inform\u00e1ci\u00f3 k\u00e9t okb\u00f3l is rendk\u00edv\u00fcl fontos. El\u0151sz\u00f6r is, k\u00e9pes lesz arra, hogy ismerje j\u00e1t\u00e9k\u00e1nak korl\u00e1tait, \u00e9s ne l\u00e9pje t\u00fal azokat, amikor a teljes verzi\u00f3val j\u00e1tszik. M\u00e1sodszor, tudhatja, mire sz\u00e1m\u00edthat, amikor a szorz\u00f3 n\u00f6vekedni kezd.<\/p>\n<table>\n<tbody>\n<tr>\n<td><strong>J\u00c1T\u00c9K KORL\u00c1TOZ\u00c1SOK<\/strong><\/td>\n<\/tr>\n<tr>\n<td><strong>Minim\u00e1lis aj\u00e1nlat<\/strong><\/td>\n<td>0.10<\/td>\n<\/tr>\n<tr>\n<td><strong>Maxim\u00e1lis t\u00e9t<\/strong><\/td>\n<td>100<\/td>\n<\/tr>\n<tr>\n<td><strong>Maxim\u00e1lis nyerem\u00e9ny<\/strong><\/td>\n<td>10,000<\/td>\n<\/tr>\n<\/tbody>\n<\/table>\n<p><img loading=\"lazy\" decoding=\"async\" src=\"https:\/\/aviator-slotgame.com\/wp-content\/uploads\/Aviator-12-800-x-600-\u043f\u0438\u043a\u0441.jpg\" alt=\"Fogad\u00e1sok \u00e9s nyerem\u00e9nyek\" width=\"800\" height=\"600\" \/><\/p>\n<h3>Automatikus lej\u00e1tsz\u00e1s<\/h3>\n<p>Az Autoplay automatikusan megteszi a fogad\u00e1sokat \u00e9s kifizeti a p\u00e9nzt az \u00d6n nev\u00e9ben az \u00d6n \u00e1ltal megadott be\u00e1ll\u00edt\u00e1soknak megfelel\u0151en. Ez lehet\u0151v\u00e9 teszi, hogy h\u00e1trad\u0151lj\u00f6n \u00e9s laz\u00edtson, mik\u00f6zben az Aviator j\u00e1t\u00e9k elv\u00e9gzi a munk\u00e1t \u00d6n helyett. A sz\u00f3rakoz\u00e1s \u00e9s a gyakorl\u00e1s kedv\u00e9\u00e9rt a j\u00e1t\u00e9k lehet\u0151v\u00e9 teszi a j\u00e1t\u00e9kosoknak, hogy kipr\u00f3b\u00e1lj\u00e1k a be\u00e1ll\u00edt\u00e1sok k\u00fcl\u00f6nb\u00f6z\u0151 kombin\u00e1ci\u00f3it.<\/p>\n<p>A k\u00f6vetkez\u0151 automatikus lej\u00e1tsz\u00e1si lehet\u0151s\u00e9gek \u00e1llnak rendelkez\u00e9sre az Aviator dem\u00f3 verzi\u00f3j\u00e1ban:<\/p>\n<ul>\n<li>K\u00e9szp\u00e9nzcs\u00f6kkent\u00e9si limit<\/li>\n<li>Nyer\u0151 limit<\/li>\n<li>Nyerem\u00e9nyenk\u00e9nti limit<\/li>\n<li>K\u00e9szp\u00e9nzes kifizet\u00e9si szorz\u00f3<\/li>\n<\/ul>\n<p><img loading=\"lazy\" decoding=\"async\" src=\"https:\/\/aviator-slotgame.com\/wp-content\/uploads\/Aviator-15-800-x-600-\u043f\u0438\u043a\u0441.jpg\" alt=\"Automatikus lej\u00e1tsz\u00e1s az Aviatorban\" width=\"800\" height=\"600\" \/><\/p>\n<h2>A demo verzi\u00f3ban nem szerepl\u0151 funkci\u00f3k<\/h2>\n<p>Az Aviator dem\u00f3j\u00e1b\u00f3l hi\u00e1nyzik egy fontos funkci\u00f3. Egyszer\u0171en nem modellezhet\u0151.<\/p>\n<h3>A j\u00e1t\u00e9kosok chatelnek<\/h3>\n<p>Az Aviator teljes verzi\u00f3j\u00e1ban a j\u00e1t\u00e9kosok hozz\u00e1f\u00e9rhetnek a j\u00e1t\u00e9kon bel\u00fcli cseveg\u0151rendszerhez, ahol megbesz\u00e9lhetik a strat\u00e9gi\u00e1t, a vissza\u00e9l\u00e9sek szorz\u00f3it, megoszthatnak tippeket \u00e9s tr\u00fckk\u00f6ket, dicsekedhetnek a k\u00f6zelm\u00falt nagy gy\u0151zelmeivel, \u00e9s besz\u00e9lgethetnek egym\u00e1ssal. Ez a funkci\u00f3 a demo verzi\u00f3ban nem \u00e9rhet\u0151 el.<\/p>\n<p>Lehet, hogy nem tudod gyakorolni a kommunik\u00e1ci\u00f3t m\u00e1s j\u00e1t\u00e9kosokkal, de ez az egyik legfontosabb szempont az \u00e9l\u0151 j\u00e1t\u00e9kban. Ez egy nagyszer\u0171 m\u00f3dja annak, hogy kapcsolatokat \u00e9p\u00edtsen ki m\u00e1s j\u00e1t\u00e9kosokkal, \u00e9s t\u00f6bbet tudjon meg a j\u00e1t\u00e9kr\u00f3l.<\/p>\n<h2>Az Aviator ingyenes dem\u00f3ja a t\u00e9nyleges j\u00e1t\u00e9khoz k\u00e9pest<\/h2>\n<p>Az Aviator dem\u00f3 a j\u00e1t\u00e9k ingyenes v\u00e1ltozata, amely lehet\u0151v\u00e9 teszi a k\u00fcl\u00f6nb\u00f6z\u0151 strat\u00e9gi\u00e1k gyakorl\u00e1s\u00e1t \u00e9s kipr\u00f3b\u00e1l\u00e1s\u00e1t. A dem\u00f3verzi\u00f3 tartalmazza a teljes verzi\u00f3ban el\u00e9rhet\u0151 \u00f6sszes funkci\u00f3t, de bizonyos korl\u00e1toz\u00e1sokkal. P\u00e9ld\u00e1ul az Aviator dem\u00f3 verzi\u00f3j\u00e1ban nem lehet val\u00f3di p\u00e9nzt keresni vagy nyerem\u00e9nyeket nyerni. Ha azonban szereti a dem\u00f3verzi\u00f3t j\u00e1tszani, \u00e9s szeretn\u00e9 megtapasztalni ennek az izgalmas j\u00e1t\u00e9knak a tov\u00e1bbi funkci\u00f3it, akkor b\u00e1rmikor folytathatja az igazi j\u00e1t\u00e9kot.<\/p>\n<p>Az Aviator dem\u00f3verzi\u00f3ja sz\u00e1mos oktat\u00f3anyagot \u00e9s tippet tartalmaz, amelyek seg\u00edtenek meg\u00e9rteni, hogyan j\u00e1tssz hat\u00e9konyabban. Seg\u00edtenek jav\u00edtani az \u00e1ltal\u00e1nos j\u00e1t\u00e9k\u00e9lm\u00e9nyt az\u00e1ltal, hogy k\u00f6nnyen \u00e9rthet\u0151 \u00fatmutat\u00e1st ny\u00fajtanak az \u00faj j\u00e1t\u00e9kosoknak, \u00e9s \u00faj technik\u00e1kat tan\u00edtanak. Megtekintheti az ezekb\u0151l a k\u00f6r\u00f6kb\u0151l gener\u00e1lt RNG (Random Number Generator) adatokat is, \u00edgy jobban megismerheti a Spribe kriptotechnol\u00f3gi\u00e1j\u00e1t.<\/p>\n<table>\n<tbody>\n<tr>\n<td><strong>AVIATOR DEMO<\/strong><\/td>\n<td><strong>\u201eAVIATOR\u201d \u00c9L\u0150 J\u00c1T\u00c9K<\/strong><\/td>\n<\/tr>\n<tr>\n<td>J\u00e1t\u00e9k ingyen<\/td>\n<td>A webhely hitele sz\u00fcks\u00e9ges<\/td>\n<\/tr>\n<tr>\n<td>Nincs \u00e9l\u0151 cseveg\u00e9s<\/td>\n<td>Chat minden j\u00e1t\u00e9kos sz\u00e1m\u00e1ra<\/td>\n<\/tr>\n<tr>\n<td>Nincs nyerem\u00e9ny<\/td>\n<td>A gy\u0151zelem a szorz\u00f3t\u00f3l f\u00fcgg<\/td>\n<\/tr>\n<tr>\n<td>J\u00e1tszhatsz a hivatalos Spribe weboldalon<\/td>\n<td>Csak enged\u00e9llyel rendelkez\u0151 online kaszin\u00f3kban \u00e9rhet\u0151 el<\/td>\n<\/tr>\n<tr>\n<td>Szimul\u00e1lt j\u00e1t\u00e9kosok a ranglist\u00e1n<\/td>\n<td>Az igazi j\u00e1t\u00e9kosok fogad\u00e1sokat k\u00f6tnek<\/td>\n<\/tr>\n<\/tbody>\n<\/table>\n<p>Ha el\u0151sz\u00f6r lej\u00e1tszod az Aviator dem\u00f3t, csiszolhatod a k\u00e9pess\u00e9geidet, miel\u0151tt m\u00e1s j\u00e1t\u00e9kosokat fogadn\u00e1l, \u00e9s esetleg nyerhetn\u00e9l is!<\/p>\n<p><img loading=\"lazy\" decoding=\"async\" src=\"https:\/\/aviator-slotgame.com\/wp-content\/uploads\/Aviator-11-800-x-600-\u043f\u0438\u043a\u0441.jpg\" alt=\"Demo verzi\u00f3 az Aviatorban\" width=\"800\" height=\"600\" \/><\/p>\n<h2>Az Aviator j\u00e1t\u00e9k demo verzi\u00f3ja<\/h2>\n<p>Mi\u00e9rt aj\u00e1nlja mindenki, hogy el\u0151sz\u00f6r ismerkedjen meg az Aviator j\u00e1t\u00e9k dem\u00f3 verzi\u00f3j\u00e1val?<\/p>\n<ol>\n<li><strong>A j\u00e1t\u00e9k bemutat\u00e1sa:<\/strong> Az Aviator j\u00e1t\u00e9k ingyenes verzi\u00f3ja seg\u00edt a j\u00e1t\u00e9kosoknak megismerkedni a j\u00e1t\u00e9kmenettel, a j\u00e1t\u00e9kszab\u00e1lyokkal \u00e9s a nyer\u0151g\u00e9p-funkci\u00f3kkal a p\u00e9nz\u00fck kock\u00e1ztat\u00e1sa n\u00e9lk\u00fcl.<\/li>\n<li><strong>Gyakorlat:<\/strong> Az ingyenes verzi\u00f3 j\u00e1t\u00e9ka lehet\u0151v\u00e9 teszi a j\u00e1t\u00e9kosoknak, hogy gyakorolj\u00e1k \u00e9s csiszolj\u00e1k k\u00e9pess\u00e9geiket, miel\u0151tt val\u00f3di p\u00e9nzben j\u00e1tszanak.<\/li>\n<li><strong>\u00c9rdekl\u0151d\u00e9si pontsz\u00e1m:<\/strong> Az ingyenes verzi\u00f3t j\u00e1tszva felm\u00e9rheti, mennyire \u00e9rdekes \u00e9s izgalmas a j\u00e1t\u00e9k, ami seg\u00edt eld\u00f6nteni, hogy folytatja-e a val\u00f3di p\u00e9nzes j\u00e1t\u00e9kot.<\/li>\n<li><strong>Nem p\u00e9nz\u00fcgyi kock\u00e1zatok:<\/strong> Az ingyenes verzi\u00f3 kik\u00fcsz\u00f6b\u00f6li a j\u00e1t\u00e9kos sz\u00e1m\u00e1ra a p\u00e9nz\u00fcgyi kock\u00e1zatokat, mivel virtu\u00e1lis p\u00e9nzre tesznek fogad\u00e1sokat, \u00edgy stresszmentesen \u00e9lvezheti a j\u00e1t\u00e9kot.<\/li>\n<li><strong>Sz\u00f3rakoz\u00e1s:<\/strong> Az Aviator ingyenes verzi\u00f3j\u00e1nak lej\u00e1tsz\u00e1sa nagyszer\u0171 m\u00f3dja lehet a sz\u00f3rakoz\u00e1snak \u00e9s az id\u0151t\u00f6lt\u00e9snek an\u00e9lk\u00fcl, hogy p\u00e9nzt kellene befektetni.<\/li>\n<\/ol>\n<p><img loading=\"lazy\" decoding=\"async\" src=\"https:\/\/aviator-slotgame.com\/wp-content\/uploads\/Aviator-30-800-x-600-\u043f\u0438\u043a\u0441.jpg\" alt=\"Demo j\u00e1t\u00e9k Aviator\" width=\"800\" height=\"600\" \/><\/p>\n<h2>Hol tal\u00e1lom az Aviator j\u00e1t\u00e9k dem\u00f3 verzi\u00f3j\u00e1t?<\/h2>\n<p>Az al\u00e1bbiakban r\u00e9szletes utas\u00edt\u00e1sokat tal\u00e1l az Aviator online j\u00e1t\u00e9k dem\u00f3verzi\u00f3j\u00e1nak megtal\u00e1l\u00e1s\u00e1hoz:<\/p>\n<ol>\n<li>Nyissa meg eszk\u00f6z\u00e9n az internetb\u00f6ng\u00e9sz\u0151t, \u00e9s nyissa meg annak a kaszin\u00f3nak a hivatalos weboldal\u00e1t, ahol j\u00e1tszani szeretne.<\/li>\n<li>Ha m\u00e1r rendelkezik fi\u00f3kkal az oldalon, jelentkezzen be a hiteles\u00edt\u0151 adataival. Ha m\u00e9g nincs fi\u00f3kja, regisztr\u00e1ljon a kaszin\u00f3 webhely\u00e9n.<\/li>\n<li>Az oldalra val\u00f3 bel\u00e9p\u00e9s ut\u00e1n keresse meg a crash j\u00e1t\u00e9kokat tartalmaz\u00f3 r\u00e9szt, vagy haszn\u00e1lja a keres\u0151s\u00e1vot. A j\u00e1t\u00e9kok dem\u00f3verzi\u00f3i \u00e1ltal\u00e1ban a J\u00e1t\u00e9kok r\u00e9szben tal\u00e1lhat\u00f3k.<\/li>\n<li>Keresse meg az Aviator j\u00e1t\u00e9kot a bemutatott lehet\u0151s\u00e9gek k\u00f6z\u00f6tt, \u00e9s kattintson r\u00e1.<\/li>\n<li>A j\u00e1t\u00e9k inform\u00e1ci\u00f3iban \u00e1ltal\u00e1ban tal\u00e1l egy Play vagy Demo gombot. Kattintson erre a gombra az Aviator j\u00e1t\u00e9k dem\u00f3 m\u00f3dj\u00e1nak elind\u00edt\u00e1s\u00e1hoz.<\/li>\n<li>A j\u00e1t\u00e9k dem\u00f3 verzi\u00f3ja let\u00f6lt\u0151dik, \u00e9s elkezdhet j\u00e1tszani an\u00e9lk\u00fcl, hogy val\u00f3di p\u00e9nzben kellene fogadnia. Dem\u00f3 m\u00f3dban a kaszin\u00f3 \u00e1ltal biztos\u00edtott virtu\u00e1lis p\u00e9nzt haszn\u00e1lod az Aviator \u00f6sszeoml\u00e1s j\u00e1t\u00e9khoz.<\/li>\n<\/ol>\n<p>\u00cdgy az al\u00e1bbi l\u00e9p\u00e9sek k\u00f6vet\u00e9s\u00e9vel k\u00f6nnyed\u00e9n megtal\u00e1lhatja \u00e9s lej\u00e1tszhatja az Aviator j\u00e1t\u00e9k dem\u00f3 verzi\u00f3j\u00e1t a kaszin\u00f3 hivatalos honlapj\u00e1n<\/p>\n<p><img loading=\"lazy\" decoding=\"async\" src=\"https:\/\/aviator-slotgame.com\/wp-content\/uploads\/Aviator-31-800-x-600-\u043f\u0438\u043a\u0441.jpg\" alt=\"Keresse meg az Aviator dem\u00f3j\u00e1t\u00e9kot\" width=\"800\" height=\"600\" \/><\/p>\n\n<div style=\"font-size: 0px; height: 0px; line-height: 0px; margin: 0; padding: 0; clear: both;\"><\/div>","protected":false},"excerpt":{"rendered":"<p>A Spribe&#039;s Aviator egy \u00faj \u00e9s izgalmas kaszin\u00f3j\u00e1t\u00e9k, amely lehet\u0151v\u00e9 teszi a j\u00e1t\u00e9kosoknak, hogy megtapasztalj\u00e1k a nyer\u00e9s izgalm\u00e1t<\/p>","protected":false},"author":1,"featured_media":0,"parent":0,"menu_order":0,"comment_status":"closed","ping_status":"closed","template":"","meta":{"footnotes":""},"class_list":["post-26","page","type-page","status-publish","hentry"],"yoast_head":"<!-- This site is optimized with the Yoast SEO plugin v22.0 - https:\/\/yoast.com\/wordpress\/plugins\/seo\/ -->\n<title>\u0414\u0435\u043c\u043e-\u0432\u0435\u0440\u0441\u0438\u044f \u0438\u0433\u0440\u044b \u0410\u0432\u0438\u0430\u0442\u043e\u0440 \u2014 \u0418\u0433\u0440\u0430\u0439\u0442\u0435 \u0432 \u043a\u0440\u0430\u0448-\u0441\u043b\u043e\u0442 \u0431\u0435\u0441\u043f\u043b\u0430\u0442\u043d\u043e<\/title>\n<meta name=\"description\" content=\"\u0418\u0433\u0440\u0430\u0439 \u0432 \u0434\u0435\u043c\u043e-\u0432\u0435\u0440\u0441\u0438\u044e \u0410\u0432\u0438\u0430\u0442\u043e\u0440 \u0431\u0435\u0441\u043f\u043b\u0430\u0442\u043d\u043e. \u0422\u0440\u0435\u043d\u0438\u0440\u0443\u0439\u0441\u044f \u0431\u0435\u0437 \u0434\u0435\u043d\u0435\u0433 \u0432 \u043a\u0440\u0430\u0448-\u0441\u043b\u043e\u0442\u0435 \u043e\u0442 Spribe \u043f\u0435\u0440\u0435\u0434 \u0438\u0433\u0440\u043e\u0439 \u043d\u0430 \u0440\u0435\u0430\u043b\u044c\u043d\u044b\u0435 \u0434\u0435\u043d\u044c\u0433\u0438 \u0432 \u043e\u043d\u043b\u0430\u0439\u043d \u043a\u0430\u0437\u0438\u043d\u043e.\" \/>\n<meta name=\"robots\" content=\"index, follow, max-snippet:-1, max-image-preview:large, max-video-preview:-1\" \/>\n<link rel=\"canonical\" href=\"https:\/\/aviator-slotgame.com\/hu\/hogyan-jatsszuk-az-aviator-demo-t-ingyen\/\" \/>\n<meta property=\"og:locale\" content=\"hu_HU\" \/>\n<meta property=\"og:type\" content=\"article\" \/>\n<meta property=\"og:title\" content=\"\u0414\u0435\u043c\u043e-\u0432\u0435\u0440\u0441\u0438\u044f \u0438\u0433\u0440\u044b \u0410\u0432\u0438\u0430\u0442\u043e\u0440 \u2014 \u0418\u0433\u0440\u0430\u0439\u0442\u0435 \u0432 \u043a\u0440\u0430\u0448-\u0441\u043b\u043e\u0442 \u0431\u0435\u0441\u043f\u043b\u0430\u0442\u043d\u043e\" \/>\n<meta property=\"og:description\" content=\"\u0418\u0433\u0440\u0430\u0439 \u0432 \u0434\u0435\u043c\u043e-\u0432\u0435\u0440\u0441\u0438\u044e \u0410\u0432\u0438\u0430\u0442\u043e\u0440 \u0431\u0435\u0441\u043f\u043b\u0430\u0442\u043d\u043e. \u0422\u0440\u0435\u043d\u0438\u0440\u0443\u0439\u0441\u044f \u0431\u0435\u0437 \u0434\u0435\u043d\u0435\u0433 \u0432 \u043a\u0440\u0430\u0448-\u0441\u043b\u043e\u0442\u0435 \u043e\u0442 Spribe \u043f\u0435\u0440\u0435\u0434 \u0438\u0433\u0440\u043e\u0439 \u043d\u0430 \u0440\u0435\u0430\u043b\u044c\u043d\u044b\u0435 \u0434\u0435\u043d\u044c\u0433\u0438 \u0432 \u043e\u043d\u043b\u0430\u0439\u043d \u043a\u0430\u0437\u0438\u043d\u043e.\" \/>\n<meta property=\"og:url\" content=\"https:\/\/aviator-slotgame.com\/hu\/hogyan-jatsszuk-az-aviator-demo-t-ingyen\/\" \/>\n<meta property=\"og:site_name\" content=\"Aviator\" \/>\n<meta property=\"article:modified_time\" content=\"2024-10-03T23:16:00+00:00\" \/>\n<meta property=\"og:image\" content=\"https:\/\/aviator-slotgame.com\/wp-content\/uploads\/aviator-3.png\" \/>\n<meta name=\"twitter:card\" content=\"summary_large_image\" \/>\n<meta name=\"twitter:label1\" content=\"Becs\u00fclt olvas\u00e1si id\u0151\" \/>\n\t<meta name=\"twitter:data1\" content=\"6 perc\" \/>\n<script type=\"application\/ld+json\" class=\"yoast-schema-graph\">{\"@context\":\"https:\/\/schema.org\",\"@graph\":[{\"@type\":\"WebPage\",\"@id\":\"https:\/\/aviator-slotgame.com\/play-for-free\/\",\"url\":\"https:\/\/aviator-slotgame.com\/play-for-free\/\",\"name\":\"\u0414\u0435\u043c\u043e-\u0432\u0435\u0440\u0441\u0438\u044f \u0438\u0433\u0440\u044b \u0410\u0432\u0438\u0430\u0442\u043e\u0440 \u2014 \u0418\u0433\u0440\u0430\u0439\u0442\u0435 \u0432 \u043a\u0440\u0430\u0448-\u0441\u043b\u043e\u0442 \u0431\u0435\u0441\u043f\u043b\u0430\u0442\u043d\u043e\",\"isPartOf\":{\"@id\":\"https:\/\/aviator-slotgame.com\/#website\"},\"datePublished\":\"2024-01-31T12:57:07+00:00\",\"dateModified\":\"2024-10-03T23:16:00+00:00\",\"description\":\"\u0418\u0433\u0440\u0430\u0439 \u0432 \u0434\u0435\u043c\u043e-\u0432\u0435\u0440\u0441\u0438\u044e \u0410\u0432\u0438\u0430\u0442\u043e\u0440 \u0431\u0435\u0441\u043f\u043b\u0430\u0442\u043d\u043e. \u0422\u0440\u0435\u043d\u0438\u0440\u0443\u0439\u0441\u044f \u0431\u0435\u0437 \u0434\u0435\u043d\u0435\u0433 \u0432 \u043a\u0440\u0430\u0448-\u0441\u043b\u043e\u0442\u0435 \u043e\u0442 Spribe \u043f\u0435\u0440\u0435\u0434 \u0438\u0433\u0440\u043e\u0439 \u043d\u0430 \u0440\u0435\u0430\u043b\u044c\u043d\u044b\u0435 \u0434\u0435\u043d\u044c\u0433\u0438 \u0432 \u043e\u043d\u043b\u0430\u0439\u043d \u043a\u0430\u0437\u0438\u043d\u043e.\",\"breadcrumb\":{\"@id\":\"https:\/\/aviator-slotgame.com\/play-for-free\/#breadcrumb\"},\"inLanguage\":\"hu\",\"potentialAction\":[{\"@type\":\"ReadAction\",\"target\":[\"https:\/\/aviator-slotgame.com\/play-for-free\/\"]}]},{\"@type\":\"BreadcrumbList\",\"@id\":\"https:\/\/aviator-slotgame.com\/play-for-free\/#breadcrumb\",\"itemListElement\":[{\"@type\":\"ListItem\",\"position\":1,\"name\":\"Home\",\"item\":\"https:\/\/aviator-slotgame.com\/\"},{\"@type\":\"ListItem\",\"position\":2,\"name\":\"\u041a\u0430\u043a \u0438\u0433\u0440\u0430\u0442\u044c \u0432 \u0434\u0435\u043c\u043e-\u0432\u0435\u0440\u0441\u0438\u044e \u0410\u0432\u0438\u0430\u0442\u043e\u0440\u0430 \u0431\u0435\u0441\u043f\u043b\u0430\u0442\u043d\u043e\"}]},{\"@type\":\"WebSite\",\"@id\":\"https:\/\/aviator-slotgame.com\/#website\",\"url\":\"https:\/\/aviator-slotgame.com\/\",\"name\":\"Aviator\",\"description\":\"\",\"publisher\":{\"@id\":\"https:\/\/aviator-slotgame.com\/#organization\"},\"potentialAction\":[{\"@type\":\"SearchAction\",\"target\":{\"@type\":\"EntryPoint\",\"urlTemplate\":\"https:\/\/aviator-slotgame.com\/?s={search_term_string}\"},\"query-input\":\"required name=search_term_string\"}],\"inLanguage\":\"hu\"},{\"@type\":\"Organization\",\"@id\":\"https:\/\/aviator-slotgame.com\/#organization\",\"name\":\"Aviator\",\"url\":\"https:\/\/aviator-slotgame.com\/\",\"logo\":{\"@type\":\"ImageObject\",\"inLanguage\":\"hu\",\"@id\":\"https:\/\/aviator-slotgame.com\/#\/schema\/logo\/image\/\",\"url\":\"https:\/\/aviator-slotgame.com\/wp-content\/uploads\/16f5e8_dade544d4623411c9c4153c639aae85amv2.webp\",\"contentUrl\":\"https:\/\/aviator-slotgame.com\/wp-content\/uploads\/16f5e8_dade544d4623411c9c4153c639aae85amv2.webp\",\"width\":400,\"height\":300,\"caption\":\"Aviator\"},\"image\":{\"@id\":\"https:\/\/aviator-slotgame.com\/#\/schema\/logo\/image\/\"}}]}<\/script>\n<!-- \/ Yoast SEO plugin. -->","yoast_head_json":{"title":"\u0414\u0435\u043c\u043e-\u0432\u0435\u0440\u0441\u0438\u044f \u0438\u0433\u0440\u044b \u0410\u0432\u0438\u0430\u0442\u043e\u0440 \u2014 \u0418\u0433\u0440\u0430\u0439\u0442\u0435 \u0432 \u043a\u0440\u0430\u0448-\u0441\u043b\u043e\u0442 \u0431\u0435\u0441\u043f\u043b\u0430\u0442\u043d\u043e","description":"\u0418\u0433\u0440\u0430\u0439 \u0432 \u0434\u0435\u043c\u043e-\u0432\u0435\u0440\u0441\u0438\u044e \u0410\u0432\u0438\u0430\u0442\u043e\u0440 \u0431\u0435\u0441\u043f\u043b\u0430\u0442\u043d\u043e. \u0422\u0440\u0435\u043d\u0438\u0440\u0443\u0439\u0441\u044f \u0431\u0435\u0437 \u0434\u0435\u043d\u0435\u0433 \u0432 \u043a\u0440\u0430\u0448-\u0441\u043b\u043e\u0442\u0435 \u043e\u0442 Spribe \u043f\u0435\u0440\u0435\u0434 \u0438\u0433\u0440\u043e\u0439 \u043d\u0430 \u0440\u0435\u0430\u043b\u044c\u043d\u044b\u0435 \u0434\u0435\u043d\u044c\u0433\u0438 \u0432 \u043e\u043d\u043b\u0430\u0439\u043d \u043a\u0430\u0437\u0438\u043d\u043e.","robots":{"index":"index","follow":"follow","max-snippet":"max-snippet:-1","max-image-preview":"max-image-preview:large","max-video-preview":"max-video-preview:-1"},"canonical":"https:\/\/aviator-slotgame.com\/hu\/hogyan-jatsszuk-az-aviator-demo-t-ingyen\/","og_locale":"hu_HU","og_type":"article","og_title":"\u0414\u0435\u043c\u043e-\u0432\u0435\u0440\u0441\u0438\u044f \u0438\u0433\u0440\u044b \u0410\u0432\u0438\u0430\u0442\u043e\u0440 \u2014 \u0418\u0433\u0440\u0430\u0439\u0442\u0435 \u0432 \u043a\u0440\u0430\u0448-\u0441\u043b\u043e\u0442 \u0431\u0435\u0441\u043f\u043b\u0430\u0442\u043d\u043e","og_description":"\u0418\u0433\u0440\u0430\u0439 \u0432 \u0434\u0435\u043c\u043e-\u0432\u0435\u0440\u0441\u0438\u044e \u0410\u0432\u0438\u0430\u0442\u043e\u0440 \u0431\u0435\u0441\u043f\u043b\u0430\u0442\u043d\u043e. \u0422\u0440\u0435\u043d\u0438\u0440\u0443\u0439\u0441\u044f \u0431\u0435\u0437 \u0434\u0435\u043d\u0435\u0433 \u0432 \u043a\u0440\u0430\u0448-\u0441\u043b\u043e\u0442\u0435 \u043e\u0442 Spribe \u043f\u0435\u0440\u0435\u0434 \u0438\u0433\u0440\u043e\u0439 \u043d\u0430 \u0440\u0435\u0430\u043b\u044c\u043d\u044b\u0435 \u0434\u0435\u043d\u044c\u0433\u0438 \u0432 \u043e\u043d\u043b\u0430\u0439\u043d \u043a\u0430\u0437\u0438\u043d\u043e.","og_url":"https:\/\/aviator-slotgame.com\/hu\/hogyan-jatsszuk-az-aviator-demo-t-ingyen\/","og_site_name":"Aviator","article_modified_time":"2024-10-03T23:16:00+00:00","og_image":[{"url":"https:\/\/aviator-slotgame.com\/wp-content\/uploads\/aviator-3.png"}],"twitter_card":"summary_large_image","twitter_misc":{"Becs\u00fclt olvas\u00e1si id\u0151":"6 perc"},"schema":{"@context":"https:\/\/schema.org","@graph":[{"@type":"WebPage","@id":"https:\/\/aviator-slotgame.com\/play-for-free\/","url":"https:\/\/aviator-slotgame.com\/play-for-free\/","name":"\u0414\u0435\u043c\u043e-\u0432\u0435\u0440\u0441\u0438\u044f \u0438\u0433\u0440\u044b \u0410\u0432\u0438\u0430\u0442\u043e\u0440 \u2014 \u0418\u0433\u0440\u0430\u0439\u0442\u0435 \u0432 \u043a\u0440\u0430\u0448-\u0441\u043b\u043e\u0442 \u0431\u0435\u0441\u043f\u043b\u0430\u0442\u043d\u043e","isPartOf":{"@id":"https:\/\/aviator-slotgame.com\/#website"},"datePublished":"2024-01-31T12:57:07+00:00","dateModified":"2024-10-03T23:16:00+00:00","description":"\u0418\u0433\u0440\u0430\u0439 \u0432 \u0434\u0435\u043c\u043e-\u0432\u0435\u0440\u0441\u0438\u044e \u0410\u0432\u0438\u0430\u0442\u043e\u0440 \u0431\u0435\u0441\u043f\u043b\u0430\u0442\u043d\u043e. \u0422\u0440\u0435\u043d\u0438\u0440\u0443\u0439\u0441\u044f \u0431\u0435\u0437 \u0434\u0435\u043d\u0435\u0433 \u0432 \u043a\u0440\u0430\u0448-\u0441\u043b\u043e\u0442\u0435 \u043e\u0442 Spribe \u043f\u0435\u0440\u0435\u0434 \u0438\u0433\u0440\u043e\u0439 \u043d\u0430 \u0440\u0435\u0430\u043b\u044c\u043d\u044b\u0435 \u0434\u0435\u043d\u044c\u0433\u0438 \u0432 \u043e\u043d\u043b\u0430\u0439\u043d \u043a\u0430\u0437\u0438\u043d\u043e.","breadcrumb":{"@id":"https:\/\/aviator-slotgame.com\/play-for-free\/#breadcrumb"},"inLanguage":"hu","potentialAction":[{"@type":"ReadAction","target":["https:\/\/aviator-slotgame.com\/play-for-free\/"]}]},{"@type":"BreadcrumbList","@id":"https:\/\/aviator-slotgame.com\/play-for-free\/#breadcrumb","itemListElement":[{"@type":"ListItem","position":1,"name":"Home","item":"https:\/\/aviator-slotgame.com\/"},{"@type":"ListItem","position":2,"name":"\u041a\u0430\u043a \u0438\u0433\u0440\u0430\u0442\u044c \u0432 \u0434\u0435\u043c\u043e-\u0432\u0435\u0440\u0441\u0438\u044e \u0410\u0432\u0438\u0430\u0442\u043e\u0440\u0430 \u0431\u0435\u0441\u043f\u043b\u0430\u0442\u043d\u043e"}]},{"@type":"WebSite","@id":"https:\/\/aviator-slotgame.com\/#website","url":"https:\/\/aviator-slotgame.com\/","name":"Aviator","description":"","publisher":{"@id":"https:\/\/aviator-slotgame.com\/#organization"},"potentialAction":[{"@type":"SearchAction","target":{"@type":"EntryPoint","urlTemplate":"https:\/\/aviator-slotgame.com\/?s={search_term_string}"},"query-input":"required name=search_term_string"}],"inLanguage":"hu"},{"@type":"Organization","@id":"https:\/\/aviator-slotgame.com\/#organization","name":"Aviator","url":"https:\/\/aviator-slotgame.com\/","logo":{"@type":"ImageObject","inLanguage":"hu","@id":"https:\/\/aviator-slotgame.com\/#\/schema\/logo\/image\/","url":"https:\/\/aviator-slotgame.com\/wp-content\/uploads\/16f5e8_dade544d4623411c9c4153c639aae85amv2.webp","contentUrl":"https:\/\/aviator-slotgame.com\/wp-content\/uploads\/16f5e8_dade544d4623411c9c4153c639aae85amv2.webp","width":400,"height":300,"caption":"Aviator"},"image":{"@id":"https:\/\/aviator-slotgame.com\/#\/schema\/logo\/image\/"}}]}},"amp_enabled":true,"_links":{"self":[{"href":"https:\/\/aviator-slotgame.com\/hu\/wp-json\/wp\/v2\/pages\/26","targetHints":{"allow":["GET"]}}],"collection":[{"href":"https:\/\/aviator-slotgame.com\/hu\/wp-json\/wp\/v2\/pages"}],"about":[{"href":"https:\/\/aviator-slotgame.com\/hu\/wp-json\/wp\/v2\/types\/page"}],"author":[{"embeddable":true,"href":"https:\/\/aviator-slotgame.com\/hu\/wp-json\/wp\/v2\/users\/1"}],"replies":[{"embeddable":true,"href":"https:\/\/aviator-slotgame.com\/hu\/wp-json\/wp\/v2\/comments?post=26"}],"version-history":[{"count":19,"href":"https:\/\/aviator-slotgame.com\/hu\/wp-json\/wp\/v2\/pages\/26\/revisions"}],"predecessor-version":[{"id":412,"href":"https:\/\/aviator-slotgame.com\/hu\/wp-json\/wp\/v2\/pages\/26\/revisions\/412"}],"wp:attachment":[{"href":"https:\/\/aviator-slotgame.com\/hu\/wp-json\/wp\/v2\/media?parent=26"}],"curies":[{"name":"wp","href":"https:\/\/api.w.org\/{rel}","templated":true}]}}