{"id":263,"date":"2024-09-06T14:43:40","date_gmt":"2024-09-06T14:43:40","guid":{"rendered":"https:\/\/aviator-slotgame.com\/?page_id=263"},"modified":"2024-09-08T10:40:25","modified_gmt":"2024-09-08T10:40:25","slug":"aviator","status":"publish","type":"page","link":"https:\/\/aviator-slotgame.com\/hu\/aviator\/","title":{"rendered":"Szab\u00e1lyok, funkci\u00f3k \u00e9s nyerem\u00e9nyek a p\u00e9nz\u00e9rt j\u00e1r\u00f3 crash slot j\u00e1t\u00e9kban"},"content":{"rendered":"<div class=\"23b819e8b27b3f3acaff10f1c4812dfb\" data-index=\"1\" style=\"float: none; margin:10px 0 10px 0; text-align:center;\">\n<div class=\"custom-play-button\">\r\n<center><a href=\"https:\/\/aviator-slotgame.com\/hu\/play-game\/\" rel=\"nofollow\" target=\"_blank\">J\u00e1tssz most<\/a><br><\/center>\r\n<\/div>\n<\/div>\n<h1><\/h1>\n<p><img loading=\"lazy\" decoding=\"async\" class=\"alignnone size-full wp-image-264\" src=\"https:\/\/aviator-slotgame.com\/wp-content\/uploads\/Aviator-7-800-x-600-\u043f\u0438\u043a\u0441.jpg\" alt=\"Online nyer\u0151g\u00e9p Aviator \u2013 J\u00e1tssz val\u00f3di p\u00e9nz\u00e9rt a kaszin\u00f3ban \" width=\"800\" height=\"600\" srcset=\"https:\/\/aviator-slotgame.com\/wp-content\/uploads\/Aviator-7-800-x-600-\u043f\u0438\u043a\u0441.jpg 800w, https:\/\/aviator-slotgame.com\/wp-content\/uploads\/Aviator-7-800-x-600-\u043f\u0438\u043a\u0441-300x225.jpg 300w, https:\/\/aviator-slotgame.com\/wp-content\/uploads\/Aviator-7-800-x-600-\u043f\u0438\u043a\u0441-768x576.jpg 768w, https:\/\/aviator-slotgame.com\/wp-content\/uploads\/Aviator-7-800-x-600-\u043f\u0438\u043a\u0441-16x12.jpg 16w\" sizes=\"auto, (max-width: 800px) 100vw, 800px\" \/><\/p>\n<h2>Mi az Aviator online \u00f6sszeoml\u00f3 j\u00e1t\u00e9k?<\/h2>\n<p>Az Aviator a Spribe st\u00fadi\u00f3 \u00e1ltal fejlesztett egyik n\u00e9pszer\u0171 j\u00e1t\u00e9k. A v\u00e9letlensz\u00e1m-gener\u00e1tor alapj\u00e1n l\u00e9trehozott \u00faj term\u00e9k a modern piacon a kezdetekt\u0151l fogva mag\u00e1val ragadja a j\u00e1t\u00e9kost. A nyertest v\u00e9letlenszer\u0171 kiv\u00e1laszt\u00e1ssal hat\u00e1rozzuk meg! Ez tisztess\u00e9gesnek tartja a j\u00e1t\u00e9kot, \u00e9s megmutatja a j\u00e1t\u00e9kosnak, hogy t\u00e9tje nem f\u00fcgg a j\u00e1t\u00e9k platformj\u00e1t\u00f3l vagy t\u00f6rt\u00e9net\u00e9t\u0151l. Az Aviator az eredeti j\u00e1t\u00e9kmenet\u00e9ben k\u00fcl\u00f6nb\u00f6zik a t\u00f6bbi n\u00e9pszer\u0171 \u00f6sszeoml\u00e1si j\u00e1t\u00e9kt\u00f3l. A j\u00e1t\u00e9k meglehet\u0151sen egyszer\u0171 szab\u00e1lyaival \u00e9s val\u00f3di p\u00e9nzkereseti lehet\u0151s\u00e9g\u00e9vel is vonz, ami n\u00e9pszer\u0171v\u00e9 teszi a szerencsej\u00e1t\u00e9kosok k\u00f6r\u00e9ben, \u00e9s k\u00fcl\u00f6n\u00f6sen a rep\u00fcl\u0151g\u00e9pek \u00e9s minden rep\u00fcl\u00e9shez kapcsol\u00f3d\u00f3 rajong\u00f3k k\u00f6r\u00e9ben!<\/p>\n<p>A j\u00e1t\u00e9k l\u00e9nyege, hogy a felhaszn\u00e1l\u00f3nak meg kell mentenie t\u00e9tj\u00e9t, miel\u0151tt a g\u00e9p elrep\u00fcl, ezzel null\u00e1ra \u00e1ll\u00edtva a j\u00e1t\u00e9kos odds\u00e1t.<\/p>\n<p>A Spribe innovat\u00edv online j\u00e1t\u00e9kok \u00e9s szerencsej\u00e1t\u00e9k-platformok fejleszt\u00e9s\u00e9re szakosodott, j\u00f3l ismert c\u00e9g, j\u00e1t\u00e9kaik n\u00e9pszer\u0171ek a szerencsej\u00e1t\u00e9kosok k\u00f6r\u00e9ben szerte a vil\u00e1gon. A c\u00e9get 2018-ban alap\u00edtott\u00e1k, \u00e9s r\u00f6vid id\u0151n bel\u00fcl siker\u00fclt n\u00e9pszer\u0171s\u00e9gre szert tennie a j\u00e1t\u00e9kosok \u00e9s az online kaszin\u00f3k \u00fczemeltet\u0151i k\u00f6r\u00e9ben, k\u00f6sz\u00f6nhet\u0151en az izgalmas j\u00e1t\u00e9kmechanizmusnak, valamint a p\u00e9nz\u00e9rt \u00e9s dem\u00f3 m\u00f3dban val\u00f3 j\u00e1t\u00e9knak.<\/p><div class=\"23b819e8b27b3f3acaff10f1c4812dfb\" data-index=\"1\" style=\"float: none; margin:10px 0 10px 0; text-align:center;\">\n<div class=\"custom-play-button\">\r\n<center><a href=\"https:\/\/aviator-slotgame.com\/hu\/play-game\/\" rel=\"nofollow\" target=\"_blank\">J\u00e1tssz most<\/a><br><\/center>\r\n<\/div>\n<\/div>\n\n<h2>Az Aviator online j\u00e1t\u00e9k n\u00e9pszer\u0171s\u00e9g\u00e9nek okai<\/h2>\n<p>Mit\u0151l olyan n\u00e9pszer\u0171 az Aviator j\u00e1t\u00e9k a szerencsej\u00e1t\u00e9kosok k\u00f6r\u00e9ben?<\/p>\n<ol>\n<li>A szab\u00e1lyok egyszer\u0171s\u00e9ge: Az Aviator j\u00e1t\u00e9k egyszer\u0171 \u00e9s \u00e9rthet\u0151 szab\u00e1lyokkal rendelkezik, \u00edgy a j\u00e1t\u00e9kosok sz\u00e9les k\u00f6re sz\u00e1m\u00e1ra el\u00e9rhet\u0151v\u00e9 v\u00e1lik, f\u00fcggetlen\u00fcl azok tapasztalat\u00e1t\u00f3l \u00e9s k\u00e9pzetts\u00e9gi szintj\u00e9t\u0151l.<\/li>\n<\/ol>\n<p>Demo m\u00f3d: Ha nem akarod kock\u00e1ztatni a p\u00e9nzed, \u00e9s f\u00e9lsz elindulni, n\u00e9zd meg \u00e9s pr\u00f3b\u00e1ld ki magad az ingyenes m\u00f3dban. Nem fektet be val\u00f3di p\u00e9nzt. A \u201eFun Mode\u201d lehet\u0151v\u00e9 teszi a j\u00e1t\u00e9kosoknak, hogy k\u00f6zelebb ker\u00fcljenek a j\u00e1t\u00e9kmenethez megtakar\u00edt\u00e1saik kock\u00e1ztat\u00e1sa n\u00e9lk\u00fcl.<\/p>\n<p>Lehet\u0151s\u00e9g a gyors nyer\u00e9sre: Az Aviator szerencsej\u00e1t\u00e9k lehet\u0151s\u00e9get k\u00edn\u00e1l a gyors nyer\u00e9sre, ami sok olyan j\u00e1t\u00e9kost vonz, akik izgalmat \u00e9s adrenalint keresnek.<\/p>\n<p>V\u00e1ltozatos fogad\u00e1sok: Az Aviator j\u00e1t\u00e9k k\u00fcl\u00f6nf\u00e9le fogad\u00e1si t\u00edpusokat k\u00edn\u00e1l, \u00edgy a j\u00e1t\u00e9kosok kiv\u00e1laszthatj\u00e1k a sz\u00e1mukra megfelel\u0151 kock\u00e1zati szintet \u00e9s potenci\u00e1lis jutalmat.<\/p>\n<p>Online j\u00e1t\u00e9k lehet\u0151s\u00e9ge: Az Aviator j\u00e1t\u00e9k online form\u00e1tumban \u00e9rhet\u0151 el, amely lehet\u0151v\u00e9 teszi, hogy b\u00e1rmikor \u00e9s a vil\u00e1g b\u00e1rmely pontj\u00e1r\u00f3l j\u00e1tszhat\u00f3 legyen.<\/p>\n<p>K\u00e9nyelem \u00e9s hozz\u00e1f\u00e9rhet\u0151s\u00e9g: Az Aviator online j\u00e1t\u00e9k lehet\u0151v\u00e9 teszi a j\u00e1t\u00e9kosoknak, hogy otthonr\u00f3l vagy b\u00e1rmely m\u00e1s helyr\u0151l \u00e9lvezhess\u00e9k az izgalmakat an\u00e9lk\u00fcl, hogy elhagyn\u00e1k otthonukat. Ez k\u00e9nyelmess\u00e9 \u00e9s a j\u00e1t\u00e9kosok sz\u00e9les k\u00f6re sz\u00e1m\u00e1ra el\u00e9rhet\u0151v\u00e9 teszi a j\u00e1t\u00e9kot.<\/p>\n<p>B\u00f3nuszok \u00e9s k\u00fcl\u00f6nleges aj\u00e1nlatok: Sok online kaszin\u00f3, amely az Aviator j\u00e1t\u00e9kot k\u00edn\u00e1lja, gyakran k\u00edn\u00e1l k\u00fcl\u00f6nf\u00e9le b\u00f3nuszokat, prom\u00f3ci\u00f3kat \u00e9s k\u00fcl\u00f6nleges aj\u00e1nlatokat, hogy \u00faj j\u00e1t\u00e9kosokat vonzzon, \u00e9s a szok\u00e1sos j\u00e1t\u00e9kosokat jutalmazza. Ez m\u00e9g cs\u00e1b\u00edt\u00f3bb\u00e1 teszi a j\u00e1t\u00e9kot.<\/p>\n<p>Grafika \u00e9s hangtervez\u00e9s: A modern online kaszin\u00f3k \u00e1ltal\u00e1ban kiv\u00e1l\u00f3 min\u0151s\u00e9g\u0171 grafik\u00e1t \u00e9s hangtervez\u00e9st k\u00edn\u00e1lnak a j\u00e1t\u00e9kokhoz, bele\u00e9rtve az Aviator j\u00e1t\u00e9kot is. A dinamikus \u00e9s izgalmas j\u00e1t\u00e9kmenet pedig biztosan nem hagyja unatkozni a j\u00e1t\u00e9kosokat, \u00e9s v\u00e9gig fenntartja az \u00e9rdekl\u0151d\u00e9st a j\u00e1t\u00e9k ir\u00e1nt.<\/p>\n<p>Mobil j\u00e1tszhat\u00f3s\u00e1g: Sok online kaszin\u00f3 olyan form\u00e1tumban k\u00edn\u00e1lja az Aviator j\u00e1t\u00e9kot, amely kompatibilis a mobileszk\u00f6z\u00f6kkel, \u00edgy a j\u00e1t\u00e9kosok b\u00e1rmikor \u00e9s b\u00e1rhol \u00e9lvezhetik a j\u00e1t\u00e9kot. Ne felejtse el megbizonyosodni arr\u00f3l, hogy megfelel\u0151 internetkapcsolattal \u00e9s megfelel\u0151 t\u00f6lt\u00f6tts\u00e9ggel rendelkezik mobileszk\u00f6z\u00e9n!<\/p>\n<p>&nbsp;<\/p>\n<h2>Aviator szerencsej\u00e1t\u00e9k szab\u00e1lyai<\/h2>\n<p>A j\u00e1t\u00e9k egyszer\u0171 \u00e9s vil\u00e1gos szab\u00e1lyokkal rendelkezik, ahol a felhaszn\u00e1l\u00f3 egy adott eredm\u00e9nyre fogad, \u00e9s t\u00e9tj\u00e9t az oddsokkal megszorozva nyerhet. J\u00e1tszhatsz manu\u00e1lis m\u00f3dban, saj\u00e1t fogad\u00e1sokkal, vagy automatikus m\u00f3dban, amikor a j\u00e1t\u00e9k az \u00d6n \u00e1ltal be\u00e1ll\u00edtott param\u00e9terek alapj\u00e1n t\u00e9teket k\u00f6t \u00d6n helyett.<\/p>\n<h3>A j\u00e1t\u00e9k szab\u00e1lyai<\/h3>\n<p>Az Aviator j\u00e1t\u00e9k elind\u00edt\u00e1s\u00e1hoz k\u00f6vesse az al\u00e1bbi l\u00e9p\u00e9seket:<\/p>\n<ol>\n<li>Keressen egy online kaszin\u00f3t vagy j\u00e1t\u00e9kplatformot, amely az Aviator j\u00e1t\u00e9kot k\u00edn\u00e1lja.<\/li>\n<li>Regisztr\u00e1ljon a v\u00e1lasztott platformon fi\u00f3k l\u00e9trehoz\u00e1s\u00e1val \u00e9s a sz\u00fcks\u00e9ges adatok megad\u00e1s\u00e1val.<\/li>\n<li>T\u00f6ltse fel j\u00e1t\u00e9ksz\u00e1ml\u00e1j\u00e1t p\u00e9nzzel, hogy fogad\u00e1sokat tudjon tenni a j\u00e1t\u00e9kban.<\/li>\n<li>Keresse meg az Aviator j\u00e1t\u00e9kot a platformon, \u00e9s v\u00e1lassza ki a fogad\u00e1st.<\/li>\n<li>A j\u00e1t\u00e9k azzal kezd\u0151dik, hogy a j\u00e1t\u00e9kos t\u00e9tet tesz.<\/li>\n<li>K\u00f6vesse a k\u00e9perny\u0151n megjelen\u0151 szab\u00e1lyokat \u00e9s utas\u00edt\u00e1sokat, \u00e9s ir\u00e1ny\u00edtsa a j\u00e1t\u00e9k folyamat\u00e1t a megfelel\u0151 gombokra kattintva.<\/li>\n<li>A t\u00e9t megt\u00e9tele ut\u00e1n a g\u00e9p elkezd felfel\u00e9 vagy lefel\u00e9 mozogni az es\u00e9lyes sk\u00e1l\u00e1n.<\/li>\n<li>A j\u00e1t\u00e9kos b\u00e1rmikor r\u00e1kattinthat a Kivon\u00e1s gombra, hogy befejezze a j\u00e1t\u00e9kot, \u00e9s megkapja a nyerem\u00e9ny szorzat\u00e1t az aktu\u00e1lis szorz\u00f3val, vagy folytathatja a j\u00e1t\u00e9kot, \u00e9s megv\u00e1rhatja, hogy n\u00f6velje a nyerem\u00e9nyt, hogy elker\u00fclje a t\u00e9tet reset.<\/li>\n<li>Ha a j\u00e1t\u00e9kos nem kattintson a Take Winnings gombra, \u00e9s a g\u00e9p el\u00e9ri az oddssk\u00e1la v\u00e9g\u00e9t, akkor a t\u00e9t null\u00e1ra \u00e1ll, \u00e9s a j\u00e1t\u00e9kos nem kapja meg a nyerem\u00e9nyt.<\/li>\n<li>A j\u00e1t\u00e9k c\u00e9lja, hogy a megfelel\u0151 id\u0151ben vigye el nyerem\u00e9ny\u00e9t, \u00e9s elker\u00fclje, hogy a t\u00e9t null\u00e1ra \u00e1lljon.<\/li>\n<\/ol>\n<p>Ne felejtsen el felel\u0151ss\u00e9gteljesen j\u00e1tszani, csak annyi p\u00e9nzt fogadjon, amennyit hajland\u00f3 elvesz\u00edteni, \u00e9s ir\u00e1ny\u00edtsa szerencsej\u00e1t\u00e9k-tev\u00e9kenys\u00e9g\u00e9t.<\/p>\n<p>Figyelembe v\u00e9ve a rep\u00fcl\u0151g\u00e9p egyedi p\u00e1ly\u00e1j\u00e1t, a j\u00e1t\u00e9kmenet m\u00e9g \u00e9rdekesebb\u00e9 \u00e9s izgalmasabb\u00e1 v\u00e1lik a j\u00e1t\u00e9kosok sz\u00e1m\u00e1ra. Ugyanakkor fontos, hogy \u00fcgyeljen t\u00e9teire, \u00e9s ir\u00e1ny\u00edtsa cselekedeteit, hogy fenntartsa a val\u00f3di p\u00e9nzben val\u00f3 j\u00e1t\u00e9k izgalm\u00e1t.<\/p>\n<p>Az Aviator online j\u00e1t\u00e9k f\u0151bb jellemz\u0151i<\/p>\n<table>\n<tbody>\n<tr>\n<td>RTP<\/td>\n<td>96,49%, 96,48%, 95,45%<\/td>\n<\/tr>\n<tr>\n<td>Fejleszt\u0151<\/td>\n<td>St\u00fadi\u00f3 Spribe<\/td>\n<\/tr>\n<tr>\n<td>Ingyenes p\u00f6rget\u00e9sek<\/td>\n<td>Nem<\/td>\n<\/tr>\n<tr>\n<td>B\u00f3nusz j\u00e1t\u00e9k<\/td>\n<td>Nem<\/td>\n<\/tr>\n<tr>\n<td>Minim\u00e1lis aj\u00e1nlat<\/td>\n<td>0,1$<\/td>\n<\/tr>\n<tr>\n<td>Maxim\u00e1lis t\u00e9t<\/td>\n<td>100$<\/td>\n<\/tr>\n<\/tbody>\n<\/table>\n<p>&nbsp;<\/p>\n<h2>B\u00f3nuszok az Aviator szerencsej\u00e1t\u00e9kban<\/h2>\n<p>Az Aviator online j\u00e1t\u00e9kban b\u00f3nuszok \u00e9s kedvezm\u00e9nyek a j\u00e1t\u00e9kplatformt\u00f3l vagy kaszin\u00f3t\u00f3l f\u00fcgg\u0151en t\u00f6bbf\u00e9lek\u00e9ppen is biztos\u00edthat\u00f3k a j\u00e1t\u00e9kosoknak.<\/p>\n<p>\u00cdme n\u00e9h\u00e1ny lehets\u00e9ges b\u00f3nusz \u00e9s kedvezm\u00e9ny, amely el\u00e9rhet\u0151 lehet az Aviator j\u00e1t\u00e9kban:<\/p>\n<h3>\u00dcdv\u00f6zl\u0151 b\u00f3nuszok<\/h3>\n<p>Az \u00faj j\u00e1t\u00e9kosok speci\u00e1lis b\u00f3nuszokat kaphatnak a platformon val\u00f3 regisztr\u00e1ci\u00f3 sor\u00e1n, p\u00e9ld\u00e1ul tov\u00e1bbi sz\u00e1mlap\u00e9nzeket vagy ingyenes p\u00f6rget\u00e9seket.<\/p>\n<h3>Befizet\u00e9si b\u00f3nuszok<\/h3>\n<p>a j\u00e1t\u00e9kosok b\u00f3nuszokat kaphatnak, ha egy bizonyos \u00f6sszeggel felt\u00f6ltik j\u00e1t\u00e9ksz\u00e1ml\u00e1jukat.<\/p>\n<h3>Prom\u00f3ci\u00f3k<\/h3>\n<p>a kaszin\u00f3k vagy j\u00e1t\u00e9kplatformok ideiglenes prom\u00f3ci\u00f3kat ind\u00edthatnak, amelyek k\u00fcl\u00f6nf\u00e9le b\u00f3nuszokat \u00e9s kedvezm\u00e9nyeket k\u00edn\u00e1lnak az Aviator j\u00e1t\u00e9k j\u00e1t\u00e9kosainak.<\/p>\n<h3>VIP programok<\/h3>\n<p>Egyes platformok VIP programokban val\u00f3 r\u00e9szv\u00e9telt k\u00edn\u00e1lhatnak a j\u00e1t\u00e9kosoknak, ahol tov\u00e1bbi b\u00f3nuszok, p\u00e9nzvisszat\u00e9r\u00edt\u00e9s \u00e9s egy\u00e9b el\u0151ny\u00f6k \u00e1llnak rendelkez\u00e9sre.<\/p>\n<h3>Cashback<\/h3>\n<p>a j\u00e1t\u00e9kosoknak lehet\u0151s\u00e9g\u00fck ny\u00edlik arra, hogy a b\u00f3nuszprogram r\u00e9szek\u00e9nt p\u00e9nzvisszat\u00e9r\u00edt\u00e9sk\u00e9nt megkapj\u00e1k elvesztett p\u00e9nz\u00fck egy r\u00e9sz\u00e9t.<\/p>\n<p>Miel\u0151tt r\u00e9szt venne a b\u00f3nuszokban \u00e9s kedvezm\u00e9nyekben az Aviator j\u00e1t\u00e9kban, fontos, hogy alaposan tekintse \u00e1t a felt\u00e9teleket \u00e9s k\u00f6vetelm\u00e9nyeket, hogy meg\u00e9rtse, hogyan m\u0171k\u00f6dnek, \u00e9s mit v\u00e1rnak el \u00d6nt\u0151l, hogy minden el\u0151ny\u00e9t megkapja.<\/p>\n\n<div style=\"font-size: 0px; height: 0px; line-height: 0px; margin: 0; padding: 0; clear: both;\"><\/div>","protected":false},"excerpt":{"rendered":"<p>Mi az Aviator online \u00f6sszeoml\u00f3 j\u00e1t\u00e9k? Az Aviator a Spribe st\u00fadi\u00f3 \u00e1ltal fejlesztett egyik n\u00e9pszer\u0171 j\u00e1t\u00e9k. \u00daj a modern piacon,<\/p>","protected":false},"author":1,"featured_media":0,"parent":0,"menu_order":0,"comment_status":"closed","ping_status":"closed","template":"","meta":{"footnotes":""},"class_list":["post-263","page","type-page","status-publish","hentry"],"yoast_head":"<!-- This site is optimized with the Yoast SEO plugin v22.0 - https:\/\/yoast.com\/wordpress\/plugins\/seo\/ -->\n<title>\u041e\u043d\u043b\u0430\u0439\u043d \u0441\u043b\u043e\u0442 \u0410\u0432\u0438\u0430\u0442\u043e\u0440 \u2014 \u0418\u0433\u0440\u0430\u0439 \u043d\u0430 \u0440\u0435\u0430\u043b\u044c\u043d\u044b\u0435 \u0434\u0435\u043d\u044c\u0433\u0438 \u0432 \u043a\u0430\u0437\u0438\u043d\u043e<\/title>\n<meta name=\"description\" content=\"\u0423\u0437\u043d\u0430\u0439\u0442\u0435 \u0432\u0441\u0435 \u043e \u043a\u0440\u0430\u0448-\u0438\u0433\u0440\u0435 \u0410\u0432\u0438\u0430\u0442\u043e\u0440: \u043f\u0440\u0430\u0432\u0438\u043b\u0430, \u0431\u043e\u043d\u0443\u0441\u044b, \u043e\u0441\u043e\u0431\u0435\u043d\u043d\u043e\u0441\u0442\u0438 \u0438 \u0445\u0430\u0440\u0430\u043a\u0442\u0435\u0440\u0438\u0441\u0442\u0438\u043a\u0438 \u0438\u0433\u0440\u044b \u0434\u043b\u044f \u0443\u0432\u0435\u043b\u0438\u0447\u0435\u043d\u0438\u0435 \u043f\u0440\u0438\u0431\u044b\u043b\u0438 \u0432 \u043a\u0430\u0437\u0438\u043d\u043e. \u0418\u0433\u0440\u0430\u0439 \u0432 Aviator \u043e\u0442 Spribe \u0432 \u043e\u043d\u043b\u0430\u0439\u043d\u0435.\" \/>\n<meta name=\"robots\" content=\"index, follow, max-snippet:-1, max-image-preview:large, max-video-preview:-1\" \/>\n<link rel=\"canonical\" href=\"https:\/\/aviator-slotgame.com\/hu\/aviator\/\" \/>\n<meta property=\"og:locale\" content=\"hu_HU\" \/>\n<meta property=\"og:type\" content=\"article\" \/>\n<meta property=\"og:title\" content=\"\u041e\u043d\u043b\u0430\u0439\u043d \u0441\u043b\u043e\u0442 \u0410\u0432\u0438\u0430\u0442\u043e\u0440 \u2014 \u0418\u0433\u0440\u0430\u0439 \u043d\u0430 \u0440\u0435\u0430\u043b\u044c\u043d\u044b\u0435 \u0434\u0435\u043d\u044c\u0433\u0438 \u0432 \u043a\u0430\u0437\u0438\u043d\u043e\" \/>\n<meta property=\"og:description\" content=\"\u0423\u0437\u043d\u0430\u0439\u0442\u0435 \u0432\u0441\u0435 \u043e \u043a\u0440\u0430\u0448-\u0438\u0433\u0440\u0435 \u0410\u0432\u0438\u0430\u0442\u043e\u0440: \u043f\u0440\u0430\u0432\u0438\u043b\u0430, \u0431\u043e\u043d\u0443\u0441\u044b, \u043e\u0441\u043e\u0431\u0435\u043d\u043d\u043e\u0441\u0442\u0438 \u0438 \u0445\u0430\u0440\u0430\u043a\u0442\u0435\u0440\u0438\u0441\u0442\u0438\u043a\u0438 \u0438\u0433\u0440\u044b \u0434\u043b\u044f \u0443\u0432\u0435\u043b\u0438\u0447\u0435\u043d\u0438\u0435 \u043f\u0440\u0438\u0431\u044b\u043b\u0438 \u0432 \u043a\u0430\u0437\u0438\u043d\u043e. \u0418\u0433\u0440\u0430\u0439 \u0432 Aviator \u043e\u0442 Spribe \u0432 \u043e\u043d\u043b\u0430\u0439\u043d\u0435.\" \/>\n<meta property=\"og:url\" content=\"https:\/\/aviator-slotgame.com\/hu\/aviator\/\" \/>\n<meta property=\"og:site_name\" content=\"Aviator\" \/>\n<meta property=\"article:modified_time\" content=\"2024-09-08T10:40:25+00:00\" \/>\n<meta name=\"twitter:card\" content=\"summary_large_image\" \/>\n<meta name=\"twitter:label1\" content=\"Becs\u00fclt olvas\u00e1si id\u0151\" \/>\n\t<meta name=\"twitter:data1\" content=\"5 perc\" \/>\n<script type=\"application\/ld+json\" class=\"yoast-schema-graph\">{\"@context\":\"https:\/\/schema.org\",\"@graph\":[{\"@type\":\"WebPage\",\"@id\":\"https:\/\/aviator-slotgame.com\/aviator\/\",\"url\":\"https:\/\/aviator-slotgame.com\/aviator\/\",\"name\":\"\u041e\u043d\u043b\u0430\u0439\u043d \u0441\u043b\u043e\u0442 \u0410\u0432\u0438\u0430\u0442\u043e\u0440 \u2014 \u0418\u0433\u0440\u0430\u0439 \u043d\u0430 \u0440\u0435\u0430\u043b\u044c\u043d\u044b\u0435 \u0434\u0435\u043d\u044c\u0433\u0438 \u0432 \u043a\u0430\u0437\u0438\u043d\u043e\",\"isPartOf\":{\"@id\":\"https:\/\/aviator-slotgame.com\/#website\"},\"datePublished\":\"2024-09-06T14:43:40+00:00\",\"dateModified\":\"2024-09-08T10:40:25+00:00\",\"description\":\"\u0423\u0437\u043d\u0430\u0439\u0442\u0435 \u0432\u0441\u0435 \u043e \u043a\u0440\u0430\u0448-\u0438\u0433\u0440\u0435 \u0410\u0432\u0438\u0430\u0442\u043e\u0440: \u043f\u0440\u0430\u0432\u0438\u043b\u0430, \u0431\u043e\u043d\u0443\u0441\u044b, \u043e\u0441\u043e\u0431\u0435\u043d\u043d\u043e\u0441\u0442\u0438 \u0438 \u0445\u0430\u0440\u0430\u043a\u0442\u0435\u0440\u0438\u0441\u0442\u0438\u043a\u0438 \u0438\u0433\u0440\u044b \u0434\u043b\u044f \u0443\u0432\u0435\u043b\u0438\u0447\u0435\u043d\u0438\u0435 \u043f\u0440\u0438\u0431\u044b\u043b\u0438 \u0432 \u043a\u0430\u0437\u0438\u043d\u043e. \u0418\u0433\u0440\u0430\u0439 \u0432 Aviator \u043e\u0442 Spribe \u0432 \u043e\u043d\u043b\u0430\u0439\u043d\u0435.\",\"breadcrumb\":{\"@id\":\"https:\/\/aviator-slotgame.com\/aviator\/#breadcrumb\"},\"inLanguage\":\"hu\",\"potentialAction\":[{\"@type\":\"ReadAction\",\"target\":[\"https:\/\/aviator-slotgame.com\/aviator\/\"]}]},{\"@type\":\"BreadcrumbList\",\"@id\":\"https:\/\/aviator-slotgame.com\/aviator\/#breadcrumb\",\"itemListElement\":[{\"@type\":\"ListItem\",\"position\":1,\"name\":\"Home\",\"item\":\"https:\/\/aviator-slotgame.com\/\"},{\"@type\":\"ListItem\",\"position\":2,\"name\":\"\u041f\u0440\u0430\u0432\u0438\u043b\u0430,\u043e\u0441\u043e\u0431\u0435\u043d\u043e\u0441\u0442\u0438 \u0438 \u0432\u044b\u0438\u0433\u0440\u044b\u0448\u0438 \u0432 \u043a\u0440\u0430\u0448-\u0441\u043b\u043e\u0442 \u0438\u0433\u0440\u0435 \u043d\u0430 \u0434\u0435\u043d\u044c\u0433\u0438\"}]},{\"@type\":\"WebSite\",\"@id\":\"https:\/\/aviator-slotgame.com\/#website\",\"url\":\"https:\/\/aviator-slotgame.com\/\",\"name\":\"Aviator\",\"description\":\"\",\"publisher\":{\"@id\":\"https:\/\/aviator-slotgame.com\/#organization\"},\"potentialAction\":[{\"@type\":\"SearchAction\",\"target\":{\"@type\":\"EntryPoint\",\"urlTemplate\":\"https:\/\/aviator-slotgame.com\/?s={search_term_string}\"},\"query-input\":\"required name=search_term_string\"}],\"inLanguage\":\"hu\"},{\"@type\":\"Organization\",\"@id\":\"https:\/\/aviator-slotgame.com\/#organization\",\"name\":\"Aviator\",\"url\":\"https:\/\/aviator-slotgame.com\/\",\"logo\":{\"@type\":\"ImageObject\",\"inLanguage\":\"hu\",\"@id\":\"https:\/\/aviator-slotgame.com\/#\/schema\/logo\/image\/\",\"url\":\"https:\/\/aviator-slotgame.com\/wp-content\/uploads\/16f5e8_dade544d4623411c9c4153c639aae85amv2.webp\",\"contentUrl\":\"https:\/\/aviator-slotgame.com\/wp-content\/uploads\/16f5e8_dade544d4623411c9c4153c639aae85amv2.webp\",\"width\":400,\"height\":300,\"caption\":\"Aviator\"},\"image\":{\"@id\":\"https:\/\/aviator-slotgame.com\/#\/schema\/logo\/image\/\"}}]}<\/script>\n<!-- \/ Yoast SEO plugin. -->","yoast_head_json":{"title":"\u041e\u043d\u043b\u0430\u0439\u043d \u0441\u043b\u043e\u0442 \u0410\u0432\u0438\u0430\u0442\u043e\u0440 \u2014 \u0418\u0433\u0440\u0430\u0439 \u043d\u0430 \u0440\u0435\u0430\u043b\u044c\u043d\u044b\u0435 \u0434\u0435\u043d\u044c\u0433\u0438 \u0432 \u043a\u0430\u0437\u0438\u043d\u043e","description":"\u0423\u0437\u043d\u0430\u0439\u0442\u0435 \u0432\u0441\u0435 \u043e \u043a\u0440\u0430\u0448-\u0438\u0433\u0440\u0435 \u0410\u0432\u0438\u0430\u0442\u043e\u0440: \u043f\u0440\u0430\u0432\u0438\u043b\u0430, \u0431\u043e\u043d\u0443\u0441\u044b, \u043e\u0441\u043e\u0431\u0435\u043d\u043d\u043e\u0441\u0442\u0438 \u0438 \u0445\u0430\u0440\u0430\u043a\u0442\u0435\u0440\u0438\u0441\u0442\u0438\u043a\u0438 \u0438\u0433\u0440\u044b \u0434\u043b\u044f \u0443\u0432\u0435\u043b\u0438\u0447\u0435\u043d\u0438\u0435 \u043f\u0440\u0438\u0431\u044b\u043b\u0438 \u0432 \u043a\u0430\u0437\u0438\u043d\u043e. \u0418\u0433\u0440\u0430\u0439 \u0432 Aviator \u043e\u0442 Spribe \u0432 \u043e\u043d\u043b\u0430\u0439\u043d\u0435.","robots":{"index":"index","follow":"follow","max-snippet":"max-snippet:-1","max-image-preview":"max-image-preview:large","max-video-preview":"max-video-preview:-1"},"canonical":"https:\/\/aviator-slotgame.com\/hu\/aviator\/","og_locale":"hu_HU","og_type":"article","og_title":"\u041e\u043d\u043b\u0430\u0439\u043d \u0441\u043b\u043e\u0442 \u0410\u0432\u0438\u0430\u0442\u043e\u0440 \u2014 \u0418\u0433\u0440\u0430\u0439 \u043d\u0430 \u0440\u0435\u0430\u043b\u044c\u043d\u044b\u0435 \u0434\u0435\u043d\u044c\u0433\u0438 \u0432 \u043a\u0430\u0437\u0438\u043d\u043e","og_description":"\u0423\u0437\u043d\u0430\u0439\u0442\u0435 \u0432\u0441\u0435 \u043e \u043a\u0440\u0430\u0448-\u0438\u0433\u0440\u0435 \u0410\u0432\u0438\u0430\u0442\u043e\u0440: \u043f\u0440\u0430\u0432\u0438\u043b\u0430, \u0431\u043e\u043d\u0443\u0441\u044b, \u043e\u0441\u043e\u0431\u0435\u043d\u043d\u043e\u0441\u0442\u0438 \u0438 \u0445\u0430\u0440\u0430\u043a\u0442\u0435\u0440\u0438\u0441\u0442\u0438\u043a\u0438 \u0438\u0433\u0440\u044b \u0434\u043b\u044f \u0443\u0432\u0435\u043b\u0438\u0447\u0435\u043d\u0438\u0435 \u043f\u0440\u0438\u0431\u044b\u043b\u0438 \u0432 \u043a\u0430\u0437\u0438\u043d\u043e. \u0418\u0433\u0440\u0430\u0439 \u0432 Aviator \u043e\u0442 Spribe \u0432 \u043e\u043d\u043b\u0430\u0439\u043d\u0435.","og_url":"https:\/\/aviator-slotgame.com\/hu\/aviator\/","og_site_name":"Aviator","article_modified_time":"2024-09-08T10:40:25+00:00","twitter_card":"summary_large_image","twitter_misc":{"Becs\u00fclt olvas\u00e1si id\u0151":"5 perc"},"schema":{"@context":"https:\/\/schema.org","@graph":[{"@type":"WebPage","@id":"https:\/\/aviator-slotgame.com\/aviator\/","url":"https:\/\/aviator-slotgame.com\/aviator\/","name":"\u041e\u043d\u043b\u0430\u0439\u043d \u0441\u043b\u043e\u0442 \u0410\u0432\u0438\u0430\u0442\u043e\u0440 \u2014 \u0418\u0433\u0440\u0430\u0439 \u043d\u0430 \u0440\u0435\u0430\u043b\u044c\u043d\u044b\u0435 \u0434\u0435\u043d\u044c\u0433\u0438 \u0432 \u043a\u0430\u0437\u0438\u043d\u043e","isPartOf":{"@id":"https:\/\/aviator-slotgame.com\/#website"},"datePublished":"2024-09-06T14:43:40+00:00","dateModified":"2024-09-08T10:40:25+00:00","description":"\u0423\u0437\u043d\u0430\u0439\u0442\u0435 \u0432\u0441\u0435 \u043e \u043a\u0440\u0430\u0448-\u0438\u0433\u0440\u0435 \u0410\u0432\u0438\u0430\u0442\u043e\u0440: \u043f\u0440\u0430\u0432\u0438\u043b\u0430, \u0431\u043e\u043d\u0443\u0441\u044b, \u043e\u0441\u043e\u0431\u0435\u043d\u043d\u043e\u0441\u0442\u0438 \u0438 \u0445\u0430\u0440\u0430\u043a\u0442\u0435\u0440\u0438\u0441\u0442\u0438\u043a\u0438 \u0438\u0433\u0440\u044b \u0434\u043b\u044f \u0443\u0432\u0435\u043b\u0438\u0447\u0435\u043d\u0438\u0435 \u043f\u0440\u0438\u0431\u044b\u043b\u0438 \u0432 \u043a\u0430\u0437\u0438\u043d\u043e. \u0418\u0433\u0440\u0430\u0439 \u0432 Aviator \u043e\u0442 Spribe \u0432 \u043e\u043d\u043b\u0430\u0439\u043d\u0435.","breadcrumb":{"@id":"https:\/\/aviator-slotgame.com\/aviator\/#breadcrumb"},"inLanguage":"hu","potentialAction":[{"@type":"ReadAction","target":["https:\/\/aviator-slotgame.com\/aviator\/"]}]},{"@type":"BreadcrumbList","@id":"https:\/\/aviator-slotgame.com\/aviator\/#breadcrumb","itemListElement":[{"@type":"ListItem","position":1,"name":"Home","item":"https:\/\/aviator-slotgame.com\/"},{"@type":"ListItem","position":2,"name":"\u041f\u0440\u0430\u0432\u0438\u043b\u0430,\u043e\u0441\u043e\u0431\u0435\u043d\u043e\u0441\u0442\u0438 \u0438 \u0432\u044b\u0438\u0433\u0440\u044b\u0448\u0438 \u0432 \u043a\u0440\u0430\u0448-\u0441\u043b\u043e\u0442 \u0438\u0433\u0440\u0435 \u043d\u0430 \u0434\u0435\u043d\u044c\u0433\u0438"}]},{"@type":"WebSite","@id":"https:\/\/aviator-slotgame.com\/#website","url":"https:\/\/aviator-slotgame.com\/","name":"Aviator","description":"","publisher":{"@id":"https:\/\/aviator-slotgame.com\/#organization"},"potentialAction":[{"@type":"SearchAction","target":{"@type":"EntryPoint","urlTemplate":"https:\/\/aviator-slotgame.com\/?s={search_term_string}"},"query-input":"required name=search_term_string"}],"inLanguage":"hu"},{"@type":"Organization","@id":"https:\/\/aviator-slotgame.com\/#organization","name":"Aviator","url":"https:\/\/aviator-slotgame.com\/","logo":{"@type":"ImageObject","inLanguage":"hu","@id":"https:\/\/aviator-slotgame.com\/#\/schema\/logo\/image\/","url":"https:\/\/aviator-slotgame.com\/wp-content\/uploads\/16f5e8_dade544d4623411c9c4153c639aae85amv2.webp","contentUrl":"https:\/\/aviator-slotgame.com\/wp-content\/uploads\/16f5e8_dade544d4623411c9c4153c639aae85amv2.webp","width":400,"height":300,"caption":"Aviator"},"image":{"@id":"https:\/\/aviator-slotgame.com\/#\/schema\/logo\/image\/"}}]}},"amp_enabled":true,"_links":{"self":[{"href":"https:\/\/aviator-slotgame.com\/hu\/wp-json\/wp\/v2\/pages\/263","targetHints":{"allow":["GET"]}}],"collection":[{"href":"https:\/\/aviator-slotgame.com\/hu\/wp-json\/wp\/v2\/pages"}],"about":[{"href":"https:\/\/aviator-slotgame.com\/hu\/wp-json\/wp\/v2\/types\/page"}],"author":[{"embeddable":true,"href":"https:\/\/aviator-slotgame.com\/hu\/wp-json\/wp\/v2\/users\/1"}],"replies":[{"embeddable":true,"href":"https:\/\/aviator-slotgame.com\/hu\/wp-json\/wp\/v2\/comments?post=263"}],"version-history":[{"count":4,"href":"https:\/\/aviator-slotgame.com\/hu\/wp-json\/wp\/v2\/pages\/263\/revisions"}],"predecessor-version":[{"id":287,"href":"https:\/\/aviator-slotgame.com\/hu\/wp-json\/wp\/v2\/pages\/263\/revisions\/287"}],"wp:attachment":[{"href":"https:\/\/aviator-slotgame.com\/hu\/wp-json\/wp\/v2\/media?parent=263"}],"curies":[{"name":"wp","href":"https:\/\/api.w.org\/{rel}","templated":true}]}}