{"id":271,"date":"2024-09-06T15:05:30","date_gmt":"2024-09-06T15:05:30","guid":{"rendered":"https:\/\/aviator-slotgame.com\/?page_id=271"},"modified":"2024-10-03T22:45:15","modified_gmt":"2024-10-03T22:45:15","slug":"faq","status":"publish","type":"page","link":"https:\/\/aviator-slotgame.com\/hu\/faq\/","title":{"rendered":"GYIK az Aviator j\u00e1t\u00e9kkal kapcsolatban \u2013 V\u00e1laszok a j\u00e1t\u00e9kkal kapcsolatos n\u00e9pszer\u0171 k\u00e9rd\u00e9sekre"},"content":{"rendered":"<div class=\"23b819e8b27b3f3acaff10f1c4812dfb\" data-index=\"1\" style=\"float: none; margin:10px 0 10px 0; text-align:center;\">\n<div class=\"custom-play-button\">\r\n<center><a href=\"https:\/\/aviator-slotgame.com\/hu\/play-game\/\" rel=\"nofollow\" target=\"_blank\">J\u00e1tssz most<\/a><br><\/center>\r\n<\/div>\n<\/div>\n<p><img loading=\"lazy\" decoding=\"async\" class=\"alignnone size-full wp-image-273\" src=\"https:\/\/aviator-slotgame.com\/wp-content\/uploads\/Aviator-8-800-x-600-\u043f\u0438\u043a\u0441.jpg\" alt=\"V\u00e1laszok az Aviator j\u00e1t\u00e9kkal kapcsolatos k\u00e9rd\u00e9sekre\" width=\"800\" height=\"600\" srcset=\"https:\/\/aviator-slotgame.com\/wp-content\/uploads\/Aviator-8-800-x-600-\u043f\u0438\u043a\u0441.jpg 800w, https:\/\/aviator-slotgame.com\/wp-content\/uploads\/Aviator-8-800-x-600-\u043f\u0438\u043a\u0441-300x225.jpg 300w, https:\/\/aviator-slotgame.com\/wp-content\/uploads\/Aviator-8-800-x-600-\u043f\u0438\u043a\u0441-768x576.jpg 768w, https:\/\/aviator-slotgame.com\/wp-content\/uploads\/Aviator-8-800-x-600-\u043f\u0438\u043a\u0441-16x12.jpg 16w\" sizes=\"auto, (max-width: 800px) 100vw, 800px\" \/><\/p>\n<h3><strong>J\u00e1tszhatok ingyen az Aviator \u00f6sszeoml\u00e1sos j\u00e1t\u00e9kkal?<\/strong><\/h3>\n<p>Igen, megteheti. Ezenk\u00edv\u00fcl a szerencsej\u00e1t\u00e9kok vil\u00e1g\u00e1ban sok szakember azt tan\u00e1csolja, hogy el\u0151sz\u00f6r j\u00e1tsszon egy dem\u00f3verzi\u00f3t az Aviator j\u00e1t\u00e9kb\u00f3l, hogy jobban meg\u00e9rtse a j\u00e1t\u00e9kmenetet. Val\u00f3di p\u00e9nz p\u00f3tl\u00e1sa n\u00e9lk\u00fcl! Ha ingyenesen j\u00e1tszol, a befizet\u00e9sed felt\u00f6lt\u00e9se ut\u00e1n \u00e1tgondolhatod az Aviator j\u00e1t\u00e9k strat\u00e9gi\u00e1j\u00e1t.<\/p>\n<h3><strong>Hol lehet a legjobban j\u00e1tszani az Aviator online j\u00e1t\u00e9kkal?<\/strong><\/h3>\n<p>Az ingyenes j\u00e1t\u00e9kot az internet b\u00e1rmely kaszin\u00f3 webhely\u00e9n j\u00e1tszhatja. Ha azonban azt tervezi, hogy val\u00f3di p\u00e9nzben kezd j\u00e1tszani, v\u00e1lasszon egy bev\u00e1lt \u00e9s becs\u00fcletes kaszin\u00f3t. Annak \u00e9rdek\u00e9ben, hogy az Aviator j\u00e1t\u00e9ka biztons\u00e1gos legyen, \u00e9s csak pozit\u00edv \u00e9rzelmeket \u00e9s nagy nyerem\u00e9nyeket hozzon!<\/p>\n<h3><strong>J\u00e1tszhatok az Aviator online kaszin\u00f3ban mobileszk\u00f6z\u00f6m\u00f6n?<\/strong><\/h3>\n<p>Az Aviator szerencsej\u00e1t\u00e9khoz nincs k\u00fcl\u00f6n alkalmaz\u00e1s, de telep\u00edthetsz b\u00e1rmilyen bev\u00e1lt, hivatalos kaszin\u00f3 alkalmaz\u00e1st, ahol a keres\u0151 seg\u00edts\u00e9g\u00e9vel k\u00f6nnyed\u00e9n megtal\u00e1lod az Aviator \u00f6sszeoml\u00f3 j\u00e1t\u00e9kot. Az Aviator j\u00e1t\u00e9k minden felbont\u00e1s\u00fa k\u00e9sz\u00fcl\u00e9kekre \u00e9s k\u00e9perny\u0151kre van optimaliz\u00e1lva, \u00edgy Android vagy iOS mobiltelefonodon is \u00e9lvezheted a j\u00e1t\u00e9kot.<\/p><div class=\"23b819e8b27b3f3acaff10f1c4812dfb\" data-index=\"1\" style=\"float: none; margin:10px 0 10px 0; text-align:center;\">\n<div class=\"custom-play-button\">\r\n<center><a href=\"https:\/\/aviator-slotgame.com\/hu\/play-game\/\" rel=\"nofollow\" target=\"_blank\">J\u00e1tssz most<\/a><br><\/center>\r\n<\/div>\n<\/div>\n\n<h3><strong>Mi a minim\u00e1lis t\u00e9t az Aviator online j\u00e1t\u00e9kban?<\/strong><\/h3>\n<p>A minim\u00e1lis t\u00e9t az Aviator online kaszin\u00f3ban 0,1$<\/p>\n<h3><strong>Mi a maxim\u00e1lis t\u00e9t az Aviator online j\u00e1t\u00e9kban?<\/strong><\/h3>\n<p>A maxim\u00e1lis t\u00e9t az Aviator online kaszin\u00f3ban 100$<\/p>\n<h3><strong>Hogyan kell j\u00e1tszani az Aviator j\u00e1t\u00e9kot?<\/strong><\/h3>\n<p>Az Aviator nyer\u0151g\u00e9p egy nagyon k\u00f6nnyen j\u00e1tszhat\u00f3 szerencsej\u00e1t\u00e9k. A legfontosabb dolog az, hogy k\u00e9t l\u00e9p\u00e9st tegy\u00fcnk az Aviator j\u00e1t\u00e9k sor\u00e1n \u2013 tegy\u00fcnk \u00e9s vonjuk vissza a t\u00e9tet a k\u00f6r kezdete ut\u00e1n. A t\u00e9t \u00f6sszeg\u00e9t \u00e9s a visszavon\u00e1si id\u0151t \u00d6n hat\u00e1rozza meg helyzete \u00e9s kock\u00e1zatv\u00e1llal\u00e1si hajland\u00f3s\u00e1ga alapj\u00e1n.<\/p>\n<h3><strong>Hogyan kell felt\u00f6rni az Aviator j\u00e1t\u00e9kot?<\/strong><\/h3>\n<p>Az Aviator j\u00e1t\u00e9kot nem lehet felt\u00f6rni, ez\u00e9rt ne is pr\u00f3b\u00e1lkozzon. A f\u00f3rumokon akt\u00edvan megvitatott Aviator hack f\u0151 \u00f6tlete az, hogy kital\u00e1ljuk a k\u00f6vetkez\u0151 szorz\u00f3t, amelyn\u00e9l a rep\u00fcl\u0151g\u00e9p elrep\u00fcl. Mag\u00e1t\u00f3l \u00e9rtet\u0151dik, hogy a k\u00f6vetkez\u0151 szorz\u00f3 ismeret\u00e9ben a j\u00e1t\u00e9kosnak r\u00f6viddel el\u0151tte lesz ideje visszavonni. Val\u00f3j\u00e1ban lehetetlen felt\u00f6rni az Aviatort vagy ellen\u0151rizni a szorz\u00f3cs\u00f6kken\u00e9st.<\/p>\n<h3><strong>Hogyan lehet megj\u00f3solni az Aviator j\u00e1t\u00e9k eredm\u00e9ny\u00e9t?<\/strong><\/h3>\n<p>Senki sem tudja megj\u00f3solni az Aviator j\u00e1t\u00e9k egy fordul\u00f3j\u00e1nak eredm\u00e9ny\u00e9t 100 % val\u00f3sz\u00edn\u0171s\u00e9ggel. Gyakran csak azt tudjuk megj\u00f3solni, hogy mekkora val\u00f3sz\u00edn\u0171s\u00e9ggel \u00e9r\u00fcnk el egy bizonyos szorz\u00f3t. P\u00e9ld\u00e1ul, ha megn\u00e9zi a szorz\u00f3 t\u00f6rt\u00e9net\u00e9t, \u00e9s azt l\u00e1tja, hogy az elm\u00falt \u00f3r\u00e1ban soha nem jelent meg a 100-as szorz\u00f3, akkor nagy a val\u00f3sz\u00edn\u0171s\u00e9ge annak, hogy a k\u00f6zelj\u00f6v\u0151ben megjelenik. Azt azonban lehetetlen megj\u00f3solni, hogy melyik szorz\u00f3 jelenik meg legk\u00f6zelebb, p\u00e9ld\u00e1ul x1,05 vagy x3,0.<\/p>\n<h3><strong>Mi\u00a0<\/strong><strong>RTP<\/strong><strong>\u00a0Aviator slot?<\/strong><\/h3>\n<p>Az Aviator slot RTP-je 97% a j\u00e1t\u00e9kfejleszt\u0151 webhelye szerint.<\/p>\n<h3><strong>Hogyan lehet megnyerni az Aviator j\u00e1t\u00e9kot?<\/strong><\/h3>\n<p>Az Aviatorban val\u00f3 gy\u0151zelem a strat\u00e9gi\u00e1dt\u00f3l f\u00fcgg. Ez\u00e9rt el\u0151sz\u00f6r is fontos meghat\u00e1rozni, hogy ne hogyan nyerj\u00fcnk az Aviatorn\u00e1l, hanem hogyan j\u00e1tsszuk az Aviatort. A k\u00e9rd\u00e9s megv\u00e1laszol\u00e1s\u00e1hoz fontos kiv\u00e1lasztani a megfelel\u0151 strat\u00e9gi\u00e1t az Aviator j\u00e1t\u00e9khoz. R\u00f6viden, az Aviator j\u00e1t\u00e9k konzervat\u00edv strat\u00e9gi\u00e1ja minim\u00e1lisra cs\u00f6kkenti a vesztes\u00e9g kock\u00e1zat\u00e1t, \u00e9s seg\u00edt rendszeresen kis \u00f6sszegeket nyerni. A maxim\u00e1lis kock\u00e1zati strat\u00e9gia seg\u00edts\u00e9g\u00e9vel nagy \u00f6sszegeket nyerhet, de nagy az es\u00e9lye annak, hogy a teljes bet\u00e9tet elvesz\u00edti.<\/p>\n<h3><strong>Hogyan lehet befizetni az Aviator j\u00e1t\u00e9kban?<\/strong><\/h3>\n<p>Az Aviator j\u00e1t\u00e9kban t\u00f6rt\u00e9n\u0151 befizet\u00e9shez regisztr\u00e1lnia kell az online kaszin\u00f3 webhely\u00e9n. K\u00f6zvetlen\u00fcl a regisztr\u00e1ci\u00f3 ut\u00e1n fontos a sz\u00e1mlaellen\u0151rz\u00e9s \u00e9s a befizet\u00e9s a kaszin\u00f3 \u00e1ltal k\u00edn\u00e1lt m\u00f3dszerek egyik\u00e9vel. Rendszerint bankk\u00e1rty\u00e1val, kriptovalut\u00e1val \u00e9s elektronikus p\u00e9nzt\u00e1rc\u00e1kkal is felt\u00f6ltheti befizet\u00e9s\u00e9t.<\/p>\n<h3><strong>Hogyan lehet p\u00e9nzt felvenni az Aviatorb\u00f3l bankk\u00e1rty\u00e1ra?<\/strong><\/h3>\n<p>A p\u00e9nz a nyer\u00e9s ut\u00e1n azonnal a j\u00e1t\u00e9ksz\u00e1ml\u00e1ra ker\u00fcl. A j\u00e1t\u00e9kos p\u00e9nzt vehet fel a j\u00e1t\u00e9ksz\u00e1ml\u00e1j\u00e1r\u00f3l. A kifizet\u00e9si m\u00f3dok \u00e9s felt\u00e9telek az online kaszin\u00f3t\u00f3l f\u00fcggenek. P\u00e9ld\u00e1ul egyes kaszin\u00f3k lehet\u0151v\u00e9 teszik a p\u00e9nzfelv\u00e9telt pontosan ugyan\u00fagy, ahogyan a p\u00e9nzt befizett\u00e9k. Egyes kaszin\u00f3k nem teszik lehet\u0151v\u00e9 a bankk\u00e1rty\u00e1k haszn\u00e1lat\u00e1t, p\u00e9ld\u00e1ul a kripto kaszin\u00f3k.<\/p>\n\n<div style=\"font-size: 0px; height: 0px; line-height: 0px; margin: 0; padding: 0; clear: both;\"><\/div>","protected":false},"excerpt":{"rendered":"<p>J\u00e1tszhatok ingyen az Aviator \u00f6sszeoml\u00e1sos j\u00e1t\u00e9kkal? Igen, megteheti. S\u0151t, a szerencsej\u00e1t\u00e9kok vil\u00e1g\u00e1nak sz\u00e1mos szakembere azt tan\u00e1csolja<\/p>","protected":false},"author":1,"featured_media":0,"parent":0,"menu_order":0,"comment_status":"closed","ping_status":"closed","template":"","meta":{"footnotes":""},"class_list":["post-271","page","type-page","status-publish","hentry"],"yoast_head":"<!-- This site is optimized with the Yoast SEO plugin v22.0 - https:\/\/yoast.com\/wordpress\/plugins\/seo\/ -->\n<title>\u0427\u0430\u0441\u0442\u043e \u0437\u0430\u0434\u0430\u0432\u0430\u0435\u043c\u044b\u0435 \u0432\u043e\u043f\u0440\u043e\u0441\u044b \u043e\u0431 \u0438\u0433\u0440\u0435 \u0410\u0432\u0438\u0430\u0442\u043e\u0440 \u2014 FAQ \u043e \u043a\u0440\u0430\u0448-\u0441\u043b\u043e\u0442\u0435<\/title>\n<meta name=\"description\" content=\"\u0423\u0437\u043d\u0430\u0439\u0442\u0435 \u043e\u0442\u0432\u0435\u0442\u044b \u043d\u0430 \u0447\u0430\u0441\u0442\u043e \u0437\u0430\u0434\u0430\u0432\u0430\u0435\u043c\u044b\u0435 \u0432\u043e\u043f\u0440\u043e\u0441\u044b \u043e\u0431 \u0438\u0433\u0440\u0435 \u0410\u0432\u0438\u0430\u0442\u043e\u0440: \u043a\u0430\u043a \u0438\u0433\u0440\u0430\u0442\u044c, \u043f\u0440\u043e \u0441\u0442\u0430\u0432\u043a\u0438, \u043e\u0431 RTP,\u043e \u0432\u044b\u0432\u043e\u0434\u0435 \u0434\u0435\u043d\u0435\u0433 \u0438 \u043a\u0430\u043a \u0431\u0435\u0437\u043e\u043f\u0430\u0441\u043d\u043e \u0438\u0433\u0440\u0430\u0442\u044c \u0432 \u043a\u0440\u0430\u0448-\u0441\u043b\u043e\u0442 \u043d\u0430 \u0434\u0435\u043d\u044c\u0433\u0438 \u0432 \u043a\u0430\u0437\u0438\u043d\u043e.\" \/>\n<meta name=\"robots\" content=\"index, follow, max-snippet:-1, max-image-preview:large, max-video-preview:-1\" \/>\n<link rel=\"canonical\" href=\"https:\/\/aviator-slotgame.com\/hu\/faq\/\" \/>\n<meta property=\"og:locale\" content=\"hu_HU\" \/>\n<meta property=\"og:type\" content=\"article\" \/>\n<meta property=\"og:title\" content=\"\u0427\u0430\u0441\u0442\u043e \u0437\u0430\u0434\u0430\u0432\u0430\u0435\u043c\u044b\u0435 \u0432\u043e\u043f\u0440\u043e\u0441\u044b \u043e\u0431 \u0438\u0433\u0440\u0435 \u0410\u0432\u0438\u0430\u0442\u043e\u0440 \u2014 FAQ \u043e \u043a\u0440\u0430\u0448-\u0441\u043b\u043e\u0442\u0435\" \/>\n<meta property=\"og:description\" content=\"\u0423\u0437\u043d\u0430\u0439\u0442\u0435 \u043e\u0442\u0432\u0435\u0442\u044b \u043d\u0430 \u0447\u0430\u0441\u0442\u043e \u0437\u0430\u0434\u0430\u0432\u0430\u0435\u043c\u044b\u0435 \u0432\u043e\u043f\u0440\u043e\u0441\u044b \u043e\u0431 \u0438\u0433\u0440\u0435 \u0410\u0432\u0438\u0430\u0442\u043e\u0440: \u043a\u0430\u043a \u0438\u0433\u0440\u0430\u0442\u044c, \u043f\u0440\u043e \u0441\u0442\u0430\u0432\u043a\u0438, \u043e\u0431 RTP,\u043e \u0432\u044b\u0432\u043e\u0434\u0435 \u0434\u0435\u043d\u0435\u0433 \u0438 \u043a\u0430\u043a \u0431\u0435\u0437\u043e\u043f\u0430\u0441\u043d\u043e \u0438\u0433\u0440\u0430\u0442\u044c \u0432 \u043a\u0440\u0430\u0448-\u0441\u043b\u043e\u0442 \u043d\u0430 \u0434\u0435\u043d\u044c\u0433\u0438 \u0432 \u043a\u0430\u0437\u0438\u043d\u043e.\" \/>\n<meta property=\"og:url\" content=\"https:\/\/aviator-slotgame.com\/hu\/faq\/\" \/>\n<meta property=\"og:site_name\" content=\"Aviator\" \/>\n<meta property=\"article:modified_time\" content=\"2024-10-03T22:45:15+00:00\" \/>\n<meta name=\"twitter:card\" content=\"summary_large_image\" \/>\n<meta name=\"twitter:label1\" content=\"Becs\u00fclt olvas\u00e1si id\u0151\" \/>\n\t<meta name=\"twitter:data1\" content=\"3 perc\" \/>\n<script type=\"application\/ld+json\" class=\"yoast-schema-graph\">{\"@context\":\"https:\/\/schema.org\",\"@graph\":[{\"@type\":\"WebPage\",\"@id\":\"https:\/\/aviator-slotgame.com\/faq\/\",\"url\":\"https:\/\/aviator-slotgame.com\/faq\/\",\"name\":\"\u0427\u0430\u0441\u0442\u043e \u0437\u0430\u0434\u0430\u0432\u0430\u0435\u043c\u044b\u0435 \u0432\u043e\u043f\u0440\u043e\u0441\u044b \u043e\u0431 \u0438\u0433\u0440\u0435 \u0410\u0432\u0438\u0430\u0442\u043e\u0440 \u2014 FAQ \u043e \u043a\u0440\u0430\u0448-\u0441\u043b\u043e\u0442\u0435\",\"isPartOf\":{\"@id\":\"https:\/\/aviator-slotgame.com\/#website\"},\"datePublished\":\"2024-09-06T15:05:30+00:00\",\"dateModified\":\"2024-10-03T22:45:15+00:00\",\"description\":\"\u0423\u0437\u043d\u0430\u0439\u0442\u0435 \u043e\u0442\u0432\u0435\u0442\u044b \u043d\u0430 \u0447\u0430\u0441\u0442\u043e \u0437\u0430\u0434\u0430\u0432\u0430\u0435\u043c\u044b\u0435 \u0432\u043e\u043f\u0440\u043e\u0441\u044b \u043e\u0431 \u0438\u0433\u0440\u0435 \u0410\u0432\u0438\u0430\u0442\u043e\u0440: \u043a\u0430\u043a \u0438\u0433\u0440\u0430\u0442\u044c, \u043f\u0440\u043e \u0441\u0442\u0430\u0432\u043a\u0438, \u043e\u0431 RTP,\u043e \u0432\u044b\u0432\u043e\u0434\u0435 \u0434\u0435\u043d\u0435\u0433 \u0438 \u043a\u0430\u043a \u0431\u0435\u0437\u043e\u043f\u0430\u0441\u043d\u043e \u0438\u0433\u0440\u0430\u0442\u044c \u0432 \u043a\u0440\u0430\u0448-\u0441\u043b\u043e\u0442 \u043d\u0430 \u0434\u0435\u043d\u044c\u0433\u0438 \u0432 \u043a\u0430\u0437\u0438\u043d\u043e.\",\"breadcrumb\":{\"@id\":\"https:\/\/aviator-slotgame.com\/faq\/#breadcrumb\"},\"inLanguage\":\"hu\",\"potentialAction\":[{\"@type\":\"ReadAction\",\"target\":[\"https:\/\/aviator-slotgame.com\/faq\/\"]}]},{\"@type\":\"BreadcrumbList\",\"@id\":\"https:\/\/aviator-slotgame.com\/faq\/#breadcrumb\",\"itemListElement\":[{\"@type\":\"ListItem\",\"position\":1,\"name\":\"Home\",\"item\":\"https:\/\/aviator-slotgame.com\/\"},{\"@type\":\"ListItem\",\"position\":2,\"name\":\"FAQ \u043e\u0431 \u0438\u0433\u0440\u0435 Aviator &#8211; \u041e\u0442\u0432\u0435\u0442\u044b \u043d\u0430 \u043f\u043e\u043f\u0443\u043b\u044f\u0440\u043d\u044b\u0435 \u0432\u043e\u043f\u0440\u043e\u0441\u044b \u043e \u0438\u0433\u0440\u0435\"}]},{\"@type\":\"WebSite\",\"@id\":\"https:\/\/aviator-slotgame.com\/#website\",\"url\":\"https:\/\/aviator-slotgame.com\/\",\"name\":\"Aviator\",\"description\":\"\",\"publisher\":{\"@id\":\"https:\/\/aviator-slotgame.com\/#organization\"},\"potentialAction\":[{\"@type\":\"SearchAction\",\"target\":{\"@type\":\"EntryPoint\",\"urlTemplate\":\"https:\/\/aviator-slotgame.com\/?s={search_term_string}\"},\"query-input\":\"required name=search_term_string\"}],\"inLanguage\":\"hu\"},{\"@type\":\"Organization\",\"@id\":\"https:\/\/aviator-slotgame.com\/#organization\",\"name\":\"Aviator\",\"url\":\"https:\/\/aviator-slotgame.com\/\",\"logo\":{\"@type\":\"ImageObject\",\"inLanguage\":\"hu\",\"@id\":\"https:\/\/aviator-slotgame.com\/#\/schema\/logo\/image\/\",\"url\":\"https:\/\/aviator-slotgame.com\/wp-content\/uploads\/16f5e8_dade544d4623411c9c4153c639aae85amv2.webp\",\"contentUrl\":\"https:\/\/aviator-slotgame.com\/wp-content\/uploads\/16f5e8_dade544d4623411c9c4153c639aae85amv2.webp\",\"width\":400,\"height\":300,\"caption\":\"Aviator\"},\"image\":{\"@id\":\"https:\/\/aviator-slotgame.com\/#\/schema\/logo\/image\/\"}}]}<\/script>\n<!-- \/ Yoast SEO plugin. -->","yoast_head_json":{"title":"\u0427\u0430\u0441\u0442\u043e \u0437\u0430\u0434\u0430\u0432\u0430\u0435\u043c\u044b\u0435 \u0432\u043e\u043f\u0440\u043e\u0441\u044b \u043e\u0431 \u0438\u0433\u0440\u0435 \u0410\u0432\u0438\u0430\u0442\u043e\u0440 \u2014 FAQ \u043e \u043a\u0440\u0430\u0448-\u0441\u043b\u043e\u0442\u0435","description":"\u0423\u0437\u043d\u0430\u0439\u0442\u0435 \u043e\u0442\u0432\u0435\u0442\u044b \u043d\u0430 \u0447\u0430\u0441\u0442\u043e \u0437\u0430\u0434\u0430\u0432\u0430\u0435\u043c\u044b\u0435 \u0432\u043e\u043f\u0440\u043e\u0441\u044b \u043e\u0431 \u0438\u0433\u0440\u0435 \u0410\u0432\u0438\u0430\u0442\u043e\u0440: \u043a\u0430\u043a \u0438\u0433\u0440\u0430\u0442\u044c, \u043f\u0440\u043e \u0441\u0442\u0430\u0432\u043a\u0438, \u043e\u0431 RTP,\u043e \u0432\u044b\u0432\u043e\u0434\u0435 \u0434\u0435\u043d\u0435\u0433 \u0438 \u043a\u0430\u043a \u0431\u0435\u0437\u043e\u043f\u0430\u0441\u043d\u043e \u0438\u0433\u0440\u0430\u0442\u044c \u0432 \u043a\u0440\u0430\u0448-\u0441\u043b\u043e\u0442 \u043d\u0430 \u0434\u0435\u043d\u044c\u0433\u0438 \u0432 \u043a\u0430\u0437\u0438\u043d\u043e.","robots":{"index":"index","follow":"follow","max-snippet":"max-snippet:-1","max-image-preview":"max-image-preview:large","max-video-preview":"max-video-preview:-1"},"canonical":"https:\/\/aviator-slotgame.com\/hu\/faq\/","og_locale":"hu_HU","og_type":"article","og_title":"\u0427\u0430\u0441\u0442\u043e \u0437\u0430\u0434\u0430\u0432\u0430\u0435\u043c\u044b\u0435 \u0432\u043e\u043f\u0440\u043e\u0441\u044b \u043e\u0431 \u0438\u0433\u0440\u0435 \u0410\u0432\u0438\u0430\u0442\u043e\u0440 \u2014 FAQ \u043e \u043a\u0440\u0430\u0448-\u0441\u043b\u043e\u0442\u0435","og_description":"\u0423\u0437\u043d\u0430\u0439\u0442\u0435 \u043e\u0442\u0432\u0435\u0442\u044b \u043d\u0430 \u0447\u0430\u0441\u0442\u043e \u0437\u0430\u0434\u0430\u0432\u0430\u0435\u043c\u044b\u0435 \u0432\u043e\u043f\u0440\u043e\u0441\u044b \u043e\u0431 \u0438\u0433\u0440\u0435 \u0410\u0432\u0438\u0430\u0442\u043e\u0440: \u043a\u0430\u043a \u0438\u0433\u0440\u0430\u0442\u044c, \u043f\u0440\u043e \u0441\u0442\u0430\u0432\u043a\u0438, \u043e\u0431 RTP,\u043e \u0432\u044b\u0432\u043e\u0434\u0435 \u0434\u0435\u043d\u0435\u0433 \u0438 \u043a\u0430\u043a \u0431\u0435\u0437\u043e\u043f\u0430\u0441\u043d\u043e \u0438\u0433\u0440\u0430\u0442\u044c \u0432 \u043a\u0440\u0430\u0448-\u0441\u043b\u043e\u0442 \u043d\u0430 \u0434\u0435\u043d\u044c\u0433\u0438 \u0432 \u043a\u0430\u0437\u0438\u043d\u043e.","og_url":"https:\/\/aviator-slotgame.com\/hu\/faq\/","og_site_name":"Aviator","article_modified_time":"2024-10-03T22:45:15+00:00","twitter_card":"summary_large_image","twitter_misc":{"Becs\u00fclt olvas\u00e1si id\u0151":"3 perc"},"schema":{"@context":"https:\/\/schema.org","@graph":[{"@type":"WebPage","@id":"https:\/\/aviator-slotgame.com\/faq\/","url":"https:\/\/aviator-slotgame.com\/faq\/","name":"\u0427\u0430\u0441\u0442\u043e \u0437\u0430\u0434\u0430\u0432\u0430\u0435\u043c\u044b\u0435 \u0432\u043e\u043f\u0440\u043e\u0441\u044b \u043e\u0431 \u0438\u0433\u0440\u0435 \u0410\u0432\u0438\u0430\u0442\u043e\u0440 \u2014 FAQ \u043e \u043a\u0440\u0430\u0448-\u0441\u043b\u043e\u0442\u0435","isPartOf":{"@id":"https:\/\/aviator-slotgame.com\/#website"},"datePublished":"2024-09-06T15:05:30+00:00","dateModified":"2024-10-03T22:45:15+00:00","description":"\u0423\u0437\u043d\u0430\u0439\u0442\u0435 \u043e\u0442\u0432\u0435\u0442\u044b \u043d\u0430 \u0447\u0430\u0441\u0442\u043e \u0437\u0430\u0434\u0430\u0432\u0430\u0435\u043c\u044b\u0435 \u0432\u043e\u043f\u0440\u043e\u0441\u044b \u043e\u0431 \u0438\u0433\u0440\u0435 \u0410\u0432\u0438\u0430\u0442\u043e\u0440: \u043a\u0430\u043a \u0438\u0433\u0440\u0430\u0442\u044c, \u043f\u0440\u043e \u0441\u0442\u0430\u0432\u043a\u0438, \u043e\u0431 RTP,\u043e \u0432\u044b\u0432\u043e\u0434\u0435 \u0434\u0435\u043d\u0435\u0433 \u0438 \u043a\u0430\u043a \u0431\u0435\u0437\u043e\u043f\u0430\u0441\u043d\u043e \u0438\u0433\u0440\u0430\u0442\u044c \u0432 \u043a\u0440\u0430\u0448-\u0441\u043b\u043e\u0442 \u043d\u0430 \u0434\u0435\u043d\u044c\u0433\u0438 \u0432 \u043a\u0430\u0437\u0438\u043d\u043e.","breadcrumb":{"@id":"https:\/\/aviator-slotgame.com\/faq\/#breadcrumb"},"inLanguage":"hu","potentialAction":[{"@type":"ReadAction","target":["https:\/\/aviator-slotgame.com\/faq\/"]}]},{"@type":"BreadcrumbList","@id":"https:\/\/aviator-slotgame.com\/faq\/#breadcrumb","itemListElement":[{"@type":"ListItem","position":1,"name":"Home","item":"https:\/\/aviator-slotgame.com\/"},{"@type":"ListItem","position":2,"name":"FAQ \u043e\u0431 \u0438\u0433\u0440\u0435 Aviator &#8211; \u041e\u0442\u0432\u0435\u0442\u044b \u043d\u0430 \u043f\u043e\u043f\u0443\u043b\u044f\u0440\u043d\u044b\u0435 \u0432\u043e\u043f\u0440\u043e\u0441\u044b \u043e \u0438\u0433\u0440\u0435"}]},{"@type":"WebSite","@id":"https:\/\/aviator-slotgame.com\/#website","url":"https:\/\/aviator-slotgame.com\/","name":"Aviator","description":"","publisher":{"@id":"https:\/\/aviator-slotgame.com\/#organization"},"potentialAction":[{"@type":"SearchAction","target":{"@type":"EntryPoint","urlTemplate":"https:\/\/aviator-slotgame.com\/?s={search_term_string}"},"query-input":"required name=search_term_string"}],"inLanguage":"hu"},{"@type":"Organization","@id":"https:\/\/aviator-slotgame.com\/#organization","name":"Aviator","url":"https:\/\/aviator-slotgame.com\/","logo":{"@type":"ImageObject","inLanguage":"hu","@id":"https:\/\/aviator-slotgame.com\/#\/schema\/logo\/image\/","url":"https:\/\/aviator-slotgame.com\/wp-content\/uploads\/16f5e8_dade544d4623411c9c4153c639aae85amv2.webp","contentUrl":"https:\/\/aviator-slotgame.com\/wp-content\/uploads\/16f5e8_dade544d4623411c9c4153c639aae85amv2.webp","width":400,"height":300,"caption":"Aviator"},"image":{"@id":"https:\/\/aviator-slotgame.com\/#\/schema\/logo\/image\/"}}]}},"amp_enabled":true,"_links":{"self":[{"href":"https:\/\/aviator-slotgame.com\/hu\/wp-json\/wp\/v2\/pages\/271","targetHints":{"allow":["GET"]}}],"collection":[{"href":"https:\/\/aviator-slotgame.com\/hu\/wp-json\/wp\/v2\/pages"}],"about":[{"href":"https:\/\/aviator-slotgame.com\/hu\/wp-json\/wp\/v2\/types\/page"}],"author":[{"embeddable":true,"href":"https:\/\/aviator-slotgame.com\/hu\/wp-json\/wp\/v2\/users\/1"}],"replies":[{"embeddable":true,"href":"https:\/\/aviator-slotgame.com\/hu\/wp-json\/wp\/v2\/comments?post=271"}],"version-history":[{"count":8,"href":"https:\/\/aviator-slotgame.com\/hu\/wp-json\/wp\/v2\/pages\/271\/revisions"}],"predecessor-version":[{"id":407,"href":"https:\/\/aviator-slotgame.com\/hu\/wp-json\/wp\/v2\/pages\/271\/revisions\/407"}],"wp:attachment":[{"href":"https:\/\/aviator-slotgame.com\/hu\/wp-json\/wp\/v2\/media?parent=271"}],"curies":[{"name":"wp","href":"https:\/\/api.w.org\/{rel}","templated":true}]}}