{"id":278,"date":"2024-09-06T16:58:13","date_gmt":"2024-09-06T16:58:13","guid":{"rendered":"https:\/\/aviator-slotgame.com\/?page_id=278"},"modified":"2024-10-03T22:41:11","modified_gmt":"2024-10-03T22:41:11","slug":"online-casino","status":"publish","type":"page","link":"https:\/\/aviator-slotgame.com\/hu\/online-casino\/","title":{"rendered":"Kezdje el az Aviator j\u00e1t\u00e9kot egy bev\u00e1lt kaszin\u00f3val \u00e9s b\u00f3nuszokkal"},"content":{"rendered":"<div class=\"23b819e8b27b3f3acaff10f1c4812dfb\" data-index=\"1\" style=\"float: none; margin:10px 0 10px 0; text-align:center;\">\n<div class=\"custom-play-button\">\r\n<center><a href=\"https:\/\/aviator-slotgame.com\/hu\/play-game\/\" rel=\"nofollow\" target=\"_blank\">J\u00e1tssz most<\/a><br><\/center>\r\n<\/div>\n<\/div>\n<p><img loading=\"lazy\" decoding=\"async\" class=\"alignnone size-full wp-image-284\" src=\"https:\/\/aviator-slotgame.com\/wp-content\/uploads\/Aviator-10-800-x-600-\u043f\u0438\u043a\u0441.jpg\" alt=\"J\u00e1tssz az Aviatorral egy bev\u00e1lt kaszin\u00f3val \u00e9s b\u00f3nuszokkal\" width=\"800\" height=\"600\" srcset=\"https:\/\/aviator-slotgame.com\/wp-content\/uploads\/Aviator-10-800-x-600-\u043f\u0438\u043a\u0441.jpg 800w, https:\/\/aviator-slotgame.com\/wp-content\/uploads\/Aviator-10-800-x-600-\u043f\u0438\u043a\u0441-300x225.jpg 300w, https:\/\/aviator-slotgame.com\/wp-content\/uploads\/Aviator-10-800-x-600-\u043f\u0438\u043a\u0441-768x576.jpg 768w, https:\/\/aviator-slotgame.com\/wp-content\/uploads\/Aviator-10-800-x-600-\u043f\u0438\u043a\u0441-16x12.jpg 16w\" sizes=\"auto, (max-width: 800px) 100vw, 800px\" \/><\/p>\n<p>Egy megb\u00edzhat\u00f3 \u00e9s megb\u00edzhat\u00f3 oldal kiv\u00e1laszt\u00e1sa a kaszin\u00f3 j\u00e1t\u00e9k\u00e1hoz fontos az \u00d6n biztons\u00e1ga \u00e9s szem\u00e9lyes adatai v\u00e9delme \u00e9rdek\u00e9ben.<\/p><div class=\"23b819e8b27b3f3acaff10f1c4812dfb\" data-index=\"1\" style=\"float: none; margin:10px 0 10px 0; text-align:center;\">\n<div class=\"custom-play-button\">\r\n<center><a href=\"https:\/\/aviator-slotgame.com\/hu\/play-game\/\" rel=\"nofollow\" target=\"_blank\">J\u00e1tssz most<\/a><br><\/center>\r\n<\/div>\n<\/div>\n\n<h2>\u00cdme n\u00e9h\u00e1ny fontos szempont, amelyet figyelembe kell venni a webhely kiv\u00e1laszt\u00e1sakor:<\/h2>\n<ol>\n<li><strong>Enged\u00e9ly:<\/strong> Gy\u0151z\u0151dj\u00f6n meg arr\u00f3l, hogy a kaszin\u00f3 rendelkezik egy olyan neves szab\u00e1lyoz\u00f3 hat\u00f3s\u00e1g \u00e9rv\u00e9nyes enged\u00e9llyel, mint p\u00e9ld\u00e1ul M\u00e1lta, Gibralt\u00e1r, Egyes\u00fclt Kir\u00e1lys\u00e1g \u00e9s m\u00e1sok. Az enged\u00e9ly megl\u00e9te biztos\u00edtja, hogy a kaszin\u00f3 megfeleljen a biztons\u00e1gi \u00e9s integrit\u00e1si szabv\u00e1nyoknak.<\/li>\n<li><strong>A kaszin\u00f3 h\u00edrneve:<\/strong> Tekintse meg m\u00e1s j\u00e1t\u00e9kosok v\u00e9lem\u00e9ny\u00e9t a kaszin\u00f3val kapcsolatban, tanulm\u00e1nyozza a min\u0151s\u00edt\u00e9seket \u00e9s a val\u00f3di \u00e9rt\u00e9kel\u00e9seket f\u00fcggetlen webhelyeken \u00e9s f\u00f3rumokon. \u00dcgyeljen arra, hogy mi\u00f3ta l\u00e9tezik a kaszin\u00f3, \u00e9s milyen h\u00edrneve van az ipar\u00e1gban.<\/li>\n<li><strong>Biztons\u00e1g \u00e9s v\u00e9delem:<\/strong> Gy\u0151z\u0151dj\u00f6n meg arr\u00f3l, hogy a kaszin\u00f3 modern adattitkos\u00edt\u00e1si technol\u00f3gi\u00e1t haszn\u00e1l szem\u00e9lyes adatainak \u00e9s p\u00e9nz\u00fcgyi tranzakci\u00f3inak v\u00e9delme \u00e9rdek\u00e9ben.<\/li>\n<li><strong>J\u00e1t\u00e9kok \u00e9s sz\u00e1ll\u00edt\u00f3k sz\u00e1ma:<\/strong> V\u00e1lassz egy olyan kaszin\u00f3t, amely a j\u00e1t\u00e9kok sz\u00e9les v\u00e1laszt\u00e9k\u00e1t k\u00edn\u00e1lja olyan j\u00f3l ismert \u00e9s megb\u00edzhat\u00f3 szolg\u00e1ltat\u00f3kt\u00f3l, mint a NetEnt, Microgaming, Play&#039;n GO \u00e9s m\u00e1sok. Ez garant\u00e1lja a magas sz\u00ednvonal\u00fa j\u00e1t\u00e9kokat \u00e9s a tisztess\u00e9ges eredm\u00e9nyeket.<\/li>\n<li><strong>B\u00f3nuszok \u00e9s prom\u00f3ci\u00f3k:<\/strong> Tanulm\u00e1nyozza \u00e1t a felk\u00edn\u00e1lt b\u00f3nuszok \u00e9s prom\u00f3ci\u00f3k felt\u00e9teleit, \u00fcgyeljen a fogad\u00e1si k\u00f6vetelm\u00e9nyekre \u00e9s korl\u00e1toz\u00e1sokra, hogy elker\u00fclje a kellemetlen meglepet\u00e9seket.<\/li>\n<li><strong>Helpdesk:<\/strong> Ellen\u0151rizze a kaszin\u00f3t\u00e1mogat\u00e1s el\u00e9rhet\u0151s\u00e9g\u00e9t \u00e9s min\u0151s\u00e9g\u00e9t. Egy j\u00f3 kaszin\u00f3nak professzion\u00e1lis seg\u00edts\u00e9get kell ny\u00fajtania, \u00e9s gyorsan v\u00e1laszolnia kell k\u00e9rd\u00e9seire.<\/li>\n<\/ol>\n<p>Ezen krit\u00e9riumok betart\u00e1s\u00e1val olyan megb\u00edzhat\u00f3 \u00e9s megb\u00edzhat\u00f3 kaszin\u00f3oldalt tal\u00e1lhat, amely biztons\u00e1gos, tisztess\u00e9ges \u00e9s \u00e9lvezetes j\u00e1t\u00e9k\u00e9lm\u00e9nyt ny\u00fajt \u00d6nnek.<\/p>\n<p><img loading=\"lazy\" decoding=\"async\" class=\"alignnone size-full wp-image-354\" src=\"https:\/\/aviator-slotgame.com\/wp-content\/uploads\/Aviator-29-800-x-600-\u043f\u0438\u043a\u0441.jpg\" alt=\"Fontos szempontok, amelyeket figyelembe kell venni a webhely kiv\u00e1laszt\u00e1sakor:\" width=\"800\" height=\"600\" srcset=\"https:\/\/aviator-slotgame.com\/wp-content\/uploads\/Aviator-29-800-x-600-\u043f\u0438\u043a\u0441.jpg 800w, https:\/\/aviator-slotgame.com\/wp-content\/uploads\/Aviator-29-800-x-600-\u043f\u0438\u043a\u0441-300x225.jpg 300w, https:\/\/aviator-slotgame.com\/wp-content\/uploads\/Aviator-29-800-x-600-\u043f\u0438\u043a\u0441-768x576.jpg 768w, https:\/\/aviator-slotgame.com\/wp-content\/uploads\/Aviator-29-800-x-600-\u043f\u0438\u043a\u0441-16x12.jpg 16w\" sizes=\"auto, (max-width: 800px) 100vw, 800px\" \/><\/p>\n\n<div style=\"font-size: 0px; height: 0px; line-height: 0px; margin: 0; padding: 0; clear: both;\"><\/div>","protected":false},"excerpt":{"rendered":"<p>Egy megb\u00edzhat\u00f3 \u00e9s megb\u00edzhat\u00f3 oldal kiv\u00e1laszt\u00e1sa a kaszin\u00f3 j\u00e1t\u00e9k\u00e1hoz fontos az \u00d6n biztons\u00e1ga \u00e9s szem\u00e9lyes adatai v\u00e9delme \u00e9rdek\u00e9ben. \u00cdme n\u00e9h\u00e1ny fontos<\/p>","protected":false},"author":1,"featured_media":0,"parent":0,"menu_order":0,"comment_status":"closed","ping_status":"closed","template":"","meta":{"footnotes":""},"class_list":["post-278","page","type-page","status-publish","hentry"],"yoast_head":"<!-- This site is optimized with the Yoast SEO plugin v22.0 - https:\/\/yoast.com\/wordpress\/plugins\/seo\/ -->\n<title>\u0418\u0433\u0440\u0430\u0439 \u0432 \u043e\u043d\u043b\u0430\u0439\u043d \u043a\u0430\u0437\u0438\u043d\u043e \u0438\u0433\u0440\u0443 \u0410\u0432\u0438\u0430\u0442\u043e\u0440 \u043d\u0430 \u0434\u0435\u043d\u044c\u0433\u0438 \u043f\u0440\u044f\u043c\u043e \u0441\u0435\u0439\u0447\u0430\u0441<\/title>\n<meta name=\"description\" content=\"\u0423\u0437\u043d\u0430\u0439\u0442\u0435,\u043a\u0430\u043a \u0432\u044b\u0431\u0440\u0430\u0442\u044c \u043f\u0440\u043e\u0432\u0435\u0440\u0435\u043d\u043d\u043e\u0435 \u043a\u0430\u0437\u0438\u043d\u043e \u0434\u043b\u044f \u0438\u0433\u0440\u044b \u0432 \u0441\u043b\u043e\u0442 \u0410\u0432\u0438\u0430\u0442\u043e\u0440.\u041b\u0438\u0446\u0435\u043d\u0437\u0438\u044f, \u0431\u0435\u0437\u043e\u043f\u0430\u0441\u043d\u043e\u0441\u0442\u044c, \u0440\u0435\u043f\u0443\u0442\u0430\u0446\u0438\u044f \u0438 \u0431\u043e\u043d\u0443\u0441\u044b \u043f\u043e\u043c\u043e\u0433\u0443\u0442 \u0432\u0430\u043c \u0432\u044b\u0431\u0440\u0430\u0442\u044c \u043d\u0430\u0434\u0435\u0436\u043d\u044b\u0439 \u0441\u0430\u0439\u0442 \u0434\u043b\u044f \u0438\u0433\u0440\u044b \u043d\u0430 \u0434\u0435\u043d\u044c\u0433\u0438.\" \/>\n<meta name=\"robots\" content=\"index, follow, max-snippet:-1, max-image-preview:large, max-video-preview:-1\" \/>\n<link rel=\"canonical\" href=\"https:\/\/aviator-slotgame.com\/hu\/online-casino\/\" \/>\n<meta property=\"og:locale\" content=\"hu_HU\" \/>\n<meta property=\"og:type\" content=\"article\" \/>\n<meta property=\"og:title\" content=\"\u0418\u0433\u0440\u0430\u0439 \u0432 \u043e\u043d\u043b\u0430\u0439\u043d \u043a\u0430\u0437\u0438\u043d\u043e \u0438\u0433\u0440\u0443 \u0410\u0432\u0438\u0430\u0442\u043e\u0440 \u043d\u0430 \u0434\u0435\u043d\u044c\u0433\u0438 \u043f\u0440\u044f\u043c\u043e \u0441\u0435\u0439\u0447\u0430\u0441\" \/>\n<meta property=\"og:description\" content=\"\u0423\u0437\u043d\u0430\u0439\u0442\u0435,\u043a\u0430\u043a \u0432\u044b\u0431\u0440\u0430\u0442\u044c \u043f\u0440\u043e\u0432\u0435\u0440\u0435\u043d\u043d\u043e\u0435 \u043a\u0430\u0437\u0438\u043d\u043e \u0434\u043b\u044f \u0438\u0433\u0440\u044b \u0432 \u0441\u043b\u043e\u0442 \u0410\u0432\u0438\u0430\u0442\u043e\u0440.\u041b\u0438\u0446\u0435\u043d\u0437\u0438\u044f, \u0431\u0435\u0437\u043e\u043f\u0430\u0441\u043d\u043e\u0441\u0442\u044c, \u0440\u0435\u043f\u0443\u0442\u0430\u0446\u0438\u044f \u0438 \u0431\u043e\u043d\u0443\u0441\u044b \u043f\u043e\u043c\u043e\u0433\u0443\u0442 \u0432\u0430\u043c \u0432\u044b\u0431\u0440\u0430\u0442\u044c \u043d\u0430\u0434\u0435\u0436\u043d\u044b\u0439 \u0441\u0430\u0439\u0442 \u0434\u043b\u044f \u0438\u0433\u0440\u044b \u043d\u0430 \u0434\u0435\u043d\u044c\u0433\u0438.\" \/>\n<meta property=\"og:url\" content=\"https:\/\/aviator-slotgame.com\/hu\/online-casino\/\" \/>\n<meta property=\"og:site_name\" content=\"Aviator\" \/>\n<meta property=\"article:modified_time\" content=\"2024-10-03T22:41:11+00:00\" \/>\n<meta name=\"twitter:card\" content=\"summary_large_image\" \/>\n<meta name=\"twitter:label1\" content=\"Becs\u00fclt olvas\u00e1si id\u0151\" \/>\n\t<meta name=\"twitter:data1\" content=\"2 perc\" \/>\n<script type=\"application\/ld+json\" class=\"yoast-schema-graph\">{\"@context\":\"https:\/\/schema.org\",\"@graph\":[{\"@type\":\"WebPage\",\"@id\":\"https:\/\/aviator-slotgame.com\/online-casino\/\",\"url\":\"https:\/\/aviator-slotgame.com\/online-casino\/\",\"name\":\"\u0418\u0433\u0440\u0430\u0439 \u0432 \u043e\u043d\u043b\u0430\u0439\u043d \u043a\u0430\u0437\u0438\u043d\u043e \u0438\u0433\u0440\u0443 \u0410\u0432\u0438\u0430\u0442\u043e\u0440 \u043d\u0430 \u0434\u0435\u043d\u044c\u0433\u0438 \u043f\u0440\u044f\u043c\u043e \u0441\u0435\u0439\u0447\u0430\u0441\",\"isPartOf\":{\"@id\":\"https:\/\/aviator-slotgame.com\/#website\"},\"datePublished\":\"2024-09-06T16:58:13+00:00\",\"dateModified\":\"2024-10-03T22:41:11+00:00\",\"description\":\"\u0423\u0437\u043d\u0430\u0439\u0442\u0435,\u043a\u0430\u043a \u0432\u044b\u0431\u0440\u0430\u0442\u044c \u043f\u0440\u043e\u0432\u0435\u0440\u0435\u043d\u043d\u043e\u0435 \u043a\u0430\u0437\u0438\u043d\u043e \u0434\u043b\u044f \u0438\u0433\u0440\u044b \u0432 \u0441\u043b\u043e\u0442 \u0410\u0432\u0438\u0430\u0442\u043e\u0440.\u041b\u0438\u0446\u0435\u043d\u0437\u0438\u044f, \u0431\u0435\u0437\u043e\u043f\u0430\u0441\u043d\u043e\u0441\u0442\u044c, \u0440\u0435\u043f\u0443\u0442\u0430\u0446\u0438\u044f \u0438 \u0431\u043e\u043d\u0443\u0441\u044b \u043f\u043e\u043c\u043e\u0433\u0443\u0442 \u0432\u0430\u043c \u0432\u044b\u0431\u0440\u0430\u0442\u044c \u043d\u0430\u0434\u0435\u0436\u043d\u044b\u0439 \u0441\u0430\u0439\u0442 \u0434\u043b\u044f \u0438\u0433\u0440\u044b \u043d\u0430 \u0434\u0435\u043d\u044c\u0433\u0438.\",\"breadcrumb\":{\"@id\":\"https:\/\/aviator-slotgame.com\/online-casino\/#breadcrumb\"},\"inLanguage\":\"hu\",\"potentialAction\":[{\"@type\":\"ReadAction\",\"target\":[\"https:\/\/aviator-slotgame.com\/online-casino\/\"]}]},{\"@type\":\"BreadcrumbList\",\"@id\":\"https:\/\/aviator-slotgame.com\/online-casino\/#breadcrumb\",\"itemListElement\":[{\"@type\":\"ListItem\",\"position\":1,\"name\":\"Home\",\"item\":\"https:\/\/aviator-slotgame.com\/\"},{\"@type\":\"ListItem\",\"position\":2,\"name\":\"\u041d\u0430\u0447\u043d\u0438 \u0438\u0433\u0440\u0430\u0442\u044c \u0432 \u0410\u0432\u0438\u0430\u0442\u043e\u0440 \u0441 \u043f\u0440\u043e\u0432\u0435\u0440\u0435\u043d\u043d\u044b\u043c \u043a\u0430\u0437\u0438\u043d\u043e \u0438 \u0431\u043e\u043d\u0443\u0441\u0430\u043c\u0438\"}]},{\"@type\":\"WebSite\",\"@id\":\"https:\/\/aviator-slotgame.com\/#website\",\"url\":\"https:\/\/aviator-slotgame.com\/\",\"name\":\"Aviator\",\"description\":\"\",\"publisher\":{\"@id\":\"https:\/\/aviator-slotgame.com\/#organization\"},\"potentialAction\":[{\"@type\":\"SearchAction\",\"target\":{\"@type\":\"EntryPoint\",\"urlTemplate\":\"https:\/\/aviator-slotgame.com\/?s={search_term_string}\"},\"query-input\":\"required name=search_term_string\"}],\"inLanguage\":\"hu\"},{\"@type\":\"Organization\",\"@id\":\"https:\/\/aviator-slotgame.com\/#organization\",\"name\":\"Aviator\",\"url\":\"https:\/\/aviator-slotgame.com\/\",\"logo\":{\"@type\":\"ImageObject\",\"inLanguage\":\"hu\",\"@id\":\"https:\/\/aviator-slotgame.com\/#\/schema\/logo\/image\/\",\"url\":\"https:\/\/aviator-slotgame.com\/wp-content\/uploads\/16f5e8_dade544d4623411c9c4153c639aae85amv2.webp\",\"contentUrl\":\"https:\/\/aviator-slotgame.com\/wp-content\/uploads\/16f5e8_dade544d4623411c9c4153c639aae85amv2.webp\",\"width\":400,\"height\":300,\"caption\":\"Aviator\"},\"image\":{\"@id\":\"https:\/\/aviator-slotgame.com\/#\/schema\/logo\/image\/\"}}]}<\/script>\n<!-- \/ Yoast SEO plugin. -->","yoast_head_json":{"title":"\u0418\u0433\u0440\u0430\u0439 \u0432 \u043e\u043d\u043b\u0430\u0439\u043d \u043a\u0430\u0437\u0438\u043d\u043e \u0438\u0433\u0440\u0443 \u0410\u0432\u0438\u0430\u0442\u043e\u0440 \u043d\u0430 \u0434\u0435\u043d\u044c\u0433\u0438 \u043f\u0440\u044f\u043c\u043e \u0441\u0435\u0439\u0447\u0430\u0441","description":"\u0423\u0437\u043d\u0430\u0439\u0442\u0435,\u043a\u0430\u043a \u0432\u044b\u0431\u0440\u0430\u0442\u044c \u043f\u0440\u043e\u0432\u0435\u0440\u0435\u043d\u043d\u043e\u0435 \u043a\u0430\u0437\u0438\u043d\u043e \u0434\u043b\u044f \u0438\u0433\u0440\u044b \u0432 \u0441\u043b\u043e\u0442 \u0410\u0432\u0438\u0430\u0442\u043e\u0440.\u041b\u0438\u0446\u0435\u043d\u0437\u0438\u044f, \u0431\u0435\u0437\u043e\u043f\u0430\u0441\u043d\u043e\u0441\u0442\u044c, \u0440\u0435\u043f\u0443\u0442\u0430\u0446\u0438\u044f \u0438 \u0431\u043e\u043d\u0443\u0441\u044b \u043f\u043e\u043c\u043e\u0433\u0443\u0442 \u0432\u0430\u043c \u0432\u044b\u0431\u0440\u0430\u0442\u044c \u043d\u0430\u0434\u0435\u0436\u043d\u044b\u0439 \u0441\u0430\u0439\u0442 \u0434\u043b\u044f \u0438\u0433\u0440\u044b \u043d\u0430 \u0434\u0435\u043d\u044c\u0433\u0438.","robots":{"index":"index","follow":"follow","max-snippet":"max-snippet:-1","max-image-preview":"max-image-preview:large","max-video-preview":"max-video-preview:-1"},"canonical":"https:\/\/aviator-slotgame.com\/hu\/online-casino\/","og_locale":"hu_HU","og_type":"article","og_title":"\u0418\u0433\u0440\u0430\u0439 \u0432 \u043e\u043d\u043b\u0430\u0439\u043d \u043a\u0430\u0437\u0438\u043d\u043e \u0438\u0433\u0440\u0443 \u0410\u0432\u0438\u0430\u0442\u043e\u0440 \u043d\u0430 \u0434\u0435\u043d\u044c\u0433\u0438 \u043f\u0440\u044f\u043c\u043e \u0441\u0435\u0439\u0447\u0430\u0441","og_description":"\u0423\u0437\u043d\u0430\u0439\u0442\u0435,\u043a\u0430\u043a \u0432\u044b\u0431\u0440\u0430\u0442\u044c \u043f\u0440\u043e\u0432\u0435\u0440\u0435\u043d\u043d\u043e\u0435 \u043a\u0430\u0437\u0438\u043d\u043e \u0434\u043b\u044f \u0438\u0433\u0440\u044b \u0432 \u0441\u043b\u043e\u0442 \u0410\u0432\u0438\u0430\u0442\u043e\u0440.\u041b\u0438\u0446\u0435\u043d\u0437\u0438\u044f, \u0431\u0435\u0437\u043e\u043f\u0430\u0441\u043d\u043e\u0441\u0442\u044c, \u0440\u0435\u043f\u0443\u0442\u0430\u0446\u0438\u044f \u0438 \u0431\u043e\u043d\u0443\u0441\u044b \u043f\u043e\u043c\u043e\u0433\u0443\u0442 \u0432\u0430\u043c \u0432\u044b\u0431\u0440\u0430\u0442\u044c \u043d\u0430\u0434\u0435\u0436\u043d\u044b\u0439 \u0441\u0430\u0439\u0442 \u0434\u043b\u044f \u0438\u0433\u0440\u044b \u043d\u0430 \u0434\u0435\u043d\u044c\u0433\u0438.","og_url":"https:\/\/aviator-slotgame.com\/hu\/online-casino\/","og_site_name":"Aviator","article_modified_time":"2024-10-03T22:41:11+00:00","twitter_card":"summary_large_image","twitter_misc":{"Becs\u00fclt olvas\u00e1si id\u0151":"2 perc"},"schema":{"@context":"https:\/\/schema.org","@graph":[{"@type":"WebPage","@id":"https:\/\/aviator-slotgame.com\/online-casino\/","url":"https:\/\/aviator-slotgame.com\/online-casino\/","name":"\u0418\u0433\u0440\u0430\u0439 \u0432 \u043e\u043d\u043b\u0430\u0439\u043d \u043a\u0430\u0437\u0438\u043d\u043e \u0438\u0433\u0440\u0443 \u0410\u0432\u0438\u0430\u0442\u043e\u0440 \u043d\u0430 \u0434\u0435\u043d\u044c\u0433\u0438 \u043f\u0440\u044f\u043c\u043e \u0441\u0435\u0439\u0447\u0430\u0441","isPartOf":{"@id":"https:\/\/aviator-slotgame.com\/#website"},"datePublished":"2024-09-06T16:58:13+00:00","dateModified":"2024-10-03T22:41:11+00:00","description":"\u0423\u0437\u043d\u0430\u0439\u0442\u0435,\u043a\u0430\u043a \u0432\u044b\u0431\u0440\u0430\u0442\u044c \u043f\u0440\u043e\u0432\u0435\u0440\u0435\u043d\u043d\u043e\u0435 \u043a\u0430\u0437\u0438\u043d\u043e \u0434\u043b\u044f \u0438\u0433\u0440\u044b \u0432 \u0441\u043b\u043e\u0442 \u0410\u0432\u0438\u0430\u0442\u043e\u0440.\u041b\u0438\u0446\u0435\u043d\u0437\u0438\u044f, \u0431\u0435\u0437\u043e\u043f\u0430\u0441\u043d\u043e\u0441\u0442\u044c, \u0440\u0435\u043f\u0443\u0442\u0430\u0446\u0438\u044f \u0438 \u0431\u043e\u043d\u0443\u0441\u044b \u043f\u043e\u043c\u043e\u0433\u0443\u0442 \u0432\u0430\u043c \u0432\u044b\u0431\u0440\u0430\u0442\u044c \u043d\u0430\u0434\u0435\u0436\u043d\u044b\u0439 \u0441\u0430\u0439\u0442 \u0434\u043b\u044f \u0438\u0433\u0440\u044b \u043d\u0430 \u0434\u0435\u043d\u044c\u0433\u0438.","breadcrumb":{"@id":"https:\/\/aviator-slotgame.com\/online-casino\/#breadcrumb"},"inLanguage":"hu","potentialAction":[{"@type":"ReadAction","target":["https:\/\/aviator-slotgame.com\/online-casino\/"]}]},{"@type":"BreadcrumbList","@id":"https:\/\/aviator-slotgame.com\/online-casino\/#breadcrumb","itemListElement":[{"@type":"ListItem","position":1,"name":"Home","item":"https:\/\/aviator-slotgame.com\/"},{"@type":"ListItem","position":2,"name":"\u041d\u0430\u0447\u043d\u0438 \u0438\u0433\u0440\u0430\u0442\u044c \u0432 \u0410\u0432\u0438\u0430\u0442\u043e\u0440 \u0441 \u043f\u0440\u043e\u0432\u0435\u0440\u0435\u043d\u043d\u044b\u043c \u043a\u0430\u0437\u0438\u043d\u043e \u0438 \u0431\u043e\u043d\u0443\u0441\u0430\u043c\u0438"}]},{"@type":"WebSite","@id":"https:\/\/aviator-slotgame.com\/#website","url":"https:\/\/aviator-slotgame.com\/","name":"Aviator","description":"","publisher":{"@id":"https:\/\/aviator-slotgame.com\/#organization"},"potentialAction":[{"@type":"SearchAction","target":{"@type":"EntryPoint","urlTemplate":"https:\/\/aviator-slotgame.com\/?s={search_term_string}"},"query-input":"required name=search_term_string"}],"inLanguage":"hu"},{"@type":"Organization","@id":"https:\/\/aviator-slotgame.com\/#organization","name":"Aviator","url":"https:\/\/aviator-slotgame.com\/","logo":{"@type":"ImageObject","inLanguage":"hu","@id":"https:\/\/aviator-slotgame.com\/#\/schema\/logo\/image\/","url":"https:\/\/aviator-slotgame.com\/wp-content\/uploads\/16f5e8_dade544d4623411c9c4153c639aae85amv2.webp","contentUrl":"https:\/\/aviator-slotgame.com\/wp-content\/uploads\/16f5e8_dade544d4623411c9c4153c639aae85amv2.webp","width":400,"height":300,"caption":"Aviator"},"image":{"@id":"https:\/\/aviator-slotgame.com\/#\/schema\/logo\/image\/"}}]}},"amp_enabled":true,"_links":{"self":[{"href":"https:\/\/aviator-slotgame.com\/hu\/wp-json\/wp\/v2\/pages\/278","targetHints":{"allow":["GET"]}}],"collection":[{"href":"https:\/\/aviator-slotgame.com\/hu\/wp-json\/wp\/v2\/pages"}],"about":[{"href":"https:\/\/aviator-slotgame.com\/hu\/wp-json\/wp\/v2\/types\/page"}],"author":[{"embeddable":true,"href":"https:\/\/aviator-slotgame.com\/hu\/wp-json\/wp\/v2\/users\/1"}],"replies":[{"embeddable":true,"href":"https:\/\/aviator-slotgame.com\/hu\/wp-json\/wp\/v2\/comments?post=278"}],"version-history":[{"count":9,"href":"https:\/\/aviator-slotgame.com\/hu\/wp-json\/wp\/v2\/pages\/278\/revisions"}],"predecessor-version":[{"id":405,"href":"https:\/\/aviator-slotgame.com\/hu\/wp-json\/wp\/v2\/pages\/278\/revisions\/405"}],"wp:attachment":[{"href":"https:\/\/aviator-slotgame.com\/hu\/wp-json\/wp\/v2\/media?parent=278"}],"curies":[{"name":"wp","href":"https:\/\/api.w.org\/{rel}","templated":true}]}}