{"id":31,"date":"2024-01-31T13:01:43","date_gmt":"2024-01-31T13:01:43","guid":{"rendered":"https:\/\/aviator-slotgame.com\/?page_id=31"},"modified":"2024-10-03T23:08:38","modified_gmt":"2024-10-03T23:08:38","slug":"download-apk-games","status":"publish","type":"page","link":"https:\/\/aviator-slotgame.com\/hu\/toltsd-le-a-aviator-game-apk-t-most\/","title":{"rendered":"Telep\u00edtse az Aviator APK-t Android-verzi\u00f3hoz most"},"content":{"rendered":"<div class=\"23b819e8b27b3f3acaff10f1c4812dfb\" data-index=\"1\" style=\"float: none; margin:10px 0 10px 0; text-align:center;\">\n<div class=\"custom-play-button\">\r\n<center><a href=\"https:\/\/aviator-slotgame.com\/hu\/play-game\/\" rel=\"nofollow\" target=\"_blank\">J\u00e1tssz most<\/a><br><\/center>\r\n<\/div>\n<\/div>\n<p>Az Aviator egy izgalmas online kaszin\u00f3j\u00e1t\u00e9k a Spribe-t\u0151l, amely a v\u00e9gs\u0151kig pr\u00f3b\u00e1ra teszi j\u00e1t\u00e9kk\u00e9szs\u00e9g\u00e9t. K\u00f6nnyen megtanulhat\u00f3 szab\u00e1lyokkal ez a j\u00e1t\u00e9k \u00f3r\u00e1kig tart sz\u00f3rakoz\u00e1st. Azok sz\u00e1m\u00e1ra, akik m\u00e9g mag\u00e1val ragad\u00f3bb \u00e9s hordozhat\u00f3bb \u00e9lm\u00e9nyre v\u00e1gynak, sz\u00e1mos mobilalkalmaz\u00e1s tal\u00e1lhat\u00f3, amelyeket kifejezetten az Aviator j\u00e1t\u00e9kosok \u00e9s \u00e1ltal\u00e1ban a szerencsej\u00e1t\u00e9kosok sz\u00e1m\u00e1ra terveztek.<\/p>\n<p><img loading=\"lazy\" decoding=\"async\" class=\"alignnone size-full wp-image-204\" title=\"T\u00f6ltse le az Aviator j\u00e1t\u00e9k APK-j\u00e1t most\" src=\"https:\/\/aviator-slotgame.com\/wp-content\/uploads\/aviator-4.png\" alt=\"T\u00f6ltse le az Aviator j\u00e1t\u00e9k APK-j\u00e1t most\" width=\"800\" height=\"445\" srcset=\"https:\/\/aviator-slotgame.com\/wp-content\/uploads\/aviator-4.png 800w, https:\/\/aviator-slotgame.com\/wp-content\/uploads\/aviator-4-300x167.png 300w, https:\/\/aviator-slotgame.com\/wp-content\/uploads\/aviator-4-768x427.png 768w, https:\/\/aviator-slotgame.com\/wp-content\/uploads\/aviator-4-18x10.png 18w\" sizes=\"auto, (max-width: 800px) 100vw, 800px\" \/><\/p>\n<h2 id=\"h-what-is-an-android-apk\">Mi az az APK Androidhoz?<\/h2>\n<p>Az Android APK f\u00e1jl egy speci\u00e1lis f\u00e1jlt\u00edpus, amelyet kifejezetten az Android oper\u00e1ci\u00f3s rendszerre val\u00f3 let\u00f6lt\u00e9shez hoztak l\u00e9tre. Tartalmazza az \u00f6sszes sz\u00fcks\u00e9ges f\u00e1jlt \u00e9s k\u00f3dot, amely az alkalmaz\u00e1s Android-eszk\u00f6z\u00f6n val\u00f3 futtat\u00e1s\u00e1hoz sz\u00fcks\u00e9ges. A f\u00e1jlok egyetlen f\u00e1jlba vannak t\u00f6m\u00f6r\u00edtve, ami megk\u00f6nny\u00edti az alkalmaz\u00e1sok \u00e1tvitel\u00e9t, megoszt\u00e1s\u00e1t \u00e9s telep\u00edt\u00e9s\u00e9t.<\/p>\n<p>Az APK-f\u00e1jlok hasonl\u00f3ak m\u00e1s t\u00edpus\u00fa szoftvertelep\u00edt\u0151 csomagokhoz, p\u00e9ld\u00e1ul a Windows Installer csomagokhoz vagy a Mac OSX alkalmaz\u00e1sokhoz.<\/p><div class=\"23b819e8b27b3f3acaff10f1c4812dfb\" data-index=\"1\" style=\"float: none; margin:10px 0 10px 0; text-align:center;\">\n<div class=\"custom-play-button\">\r\n<center><a href=\"https:\/\/aviator-slotgame.com\/hu\/play-game\/\" rel=\"nofollow\" target=\"_blank\">J\u00e1tssz most<\/a><br><\/center>\r\n<\/div>\n<\/div>\n\n<p>Az APK-f\u00e1jl c\u00e9lja, hogy a hozz\u00e1nk hasonl\u00f3 Aviator-j\u00e1t\u00e9kosok k\u00e9nyelmes m\u00f3dot ny\u00fajtsanak a Google Play \u00c1ruh\u00e1zban nem el\u00e9rhet\u0151 alkalmaz\u00e1sok let\u00f6lt\u00e9s\u00e9re \u00e9s telep\u00edt\u00e9s\u00e9re. Szinte minden vezet\u0151 online kaszin\u00f3oldal rendelkezik mobilalkalmaz\u00e1ssal, de szinte egyik sem t\u00f6lthet\u0151 le a hivatalos Play \u00c1ruh\u00e1zb\u00f3l.<\/p>\n<p><img loading=\"lazy\" decoding=\"async\" class=\"alignnone size-full wp-image-345\" src=\"https:\/\/aviator-slotgame.com\/wp-content\/uploads\/Aviator-25-800-x-600-\u043f\u0438\u043a\u0441.jpg\" alt=\"APK Androidra\" width=\"800\" height=\"600\" srcset=\"https:\/\/aviator-slotgame.com\/wp-content\/uploads\/Aviator-25-800-x-600-\u043f\u0438\u043a\u0441.jpg 800w, https:\/\/aviator-slotgame.com\/wp-content\/uploads\/Aviator-25-800-x-600-\u043f\u0438\u043a\u0441-300x225.jpg 300w, https:\/\/aviator-slotgame.com\/wp-content\/uploads\/Aviator-25-800-x-600-\u043f\u0438\u043a\u0441-768x576.jpg 768w, https:\/\/aviator-slotgame.com\/wp-content\/uploads\/Aviator-25-800-x-600-\u043f\u0438\u043a\u0441-16x12.jpg 16w\" sizes=\"auto, (max-width: 800px) 100vw, 800px\" \/><\/p>\n<h2 id=\"h-how-to-download-and-install-the-aviator-apk\">Az Aviator APK let\u00f6lt\u00e9se \u00e9s telep\u00edt\u00e9se<\/h2>\n<p>Ha azonban van egy megb\u00edzhat\u00f3 forr\u00e1sa, ahonnan let\u00f6ltheti az Aviator j\u00e1t\u00e9k APK-f\u00e1jlj\u00e1t, k\u00f6vesse az al\u00e1bbi l\u00e9p\u00e9seket az Android-eszk\u00f6zre val\u00f3 telep\u00edt\u00e9s\u00e9hez:<\/p>\n<ol>\n<li>Android-eszk\u00f6z\u00e9n nyissa meg a Be\u00e1ll\u00edt\u00e1sokat.<\/li>\n<li>Keresse meg \u00e9s nyissa meg a Biztons\u00e1g vagy a Biztons\u00e1gi be\u00e1ll\u00edt\u00e1sokat.<\/li>\n<li>Enged\u00e9lyezze az Ismeretlen forr\u00e1sok vagy az Alkalmaz\u00e1sok telep\u00edt\u00e9se ismeretlen forr\u00e1sb\u00f3l lehet\u0151s\u00e9get.<\/li>\n<li>Keresse meg eszk\u00f6z\u00e9n az Aviator j\u00e1t\u00e9k let\u00f6lt\u00f6tt APK-f\u00e1jlj\u00e1t.<\/li>\n<li>Kattintson a f\u00e1jlra a telep\u00edt\u00e9si folyamat elind\u00edt\u00e1s\u00e1hoz.<\/li>\n<li>A telep\u00edt\u00e9s ut\u00e1n futtathatja az Aviator j\u00e1t\u00e9kot Android-eszk\u00f6z\u00e9n.<\/li>\n<\/ol>\n<p>K\u00e9rj\u00fck, vegye figyelembe, hogy a nem hivatalos forr\u00e1sokb\u00f3l sz\u00e1rmaz\u00f3 alkalmaz\u00e1sok let\u00f6lt\u00e9se \u00e9s telep\u00edt\u00e9se biztons\u00e1gi kock\u00e1zatot jelenthet eszk\u00f6ze sz\u00e1m\u00e1ra. Javasoljuk, hogy az alkalmaz\u00e1sokat csak megb\u00edzhat\u00f3 \u00e9s hivatalos forr\u00e1sokb\u00f3l t\u00f6ltse le \u00e9s telep\u00edtse, p\u00e9ld\u00e1ul a Google Play \u00c1ruh\u00e1zb\u00f3l a biztons\u00e1gi kock\u00e1zatok elker\u00fcl\u00e9se \u00e9rdek\u00e9ben.<\/p>\n<p><img loading=\"lazy\" decoding=\"async\" class=\"alignnone size-full wp-image-347\" src=\"https:\/\/aviator-slotgame.com\/wp-content\/uploads\/Aviator-26-800-x-600-\u043f\u0438\u043a\u0441.jpg\" alt=\"T\u00f6ltse le \u00e9s telep\u00edtse az Aviator APK-t\" width=\"800\" height=\"600\" srcset=\"https:\/\/aviator-slotgame.com\/wp-content\/uploads\/Aviator-26-800-x-600-\u043f\u0438\u043a\u0441.jpg 800w, https:\/\/aviator-slotgame.com\/wp-content\/uploads\/Aviator-26-800-x-600-\u043f\u0438\u043a\u0441-300x225.jpg 300w, https:\/\/aviator-slotgame.com\/wp-content\/uploads\/Aviator-26-800-x-600-\u043f\u0438\u043a\u0441-768x576.jpg 768w, https:\/\/aviator-slotgame.com\/wp-content\/uploads\/Aviator-26-800-x-600-\u043f\u0438\u043a\u0441-16x12.jpg 16w\" sizes=\"auto, (max-width: 800px) 100vw, 800px\" \/><\/p>\n<h2 id=\"h-frequently-asked-questions-faq\">Gyakran ism\u00e9telt k\u00e9rd\u00e9sek (GYIK)<\/h2>\n<h3 id=\"h-are-apks-safe-for-my-device\">Biztons\u00e1gosak az APK-k az eszk\u00f6z\u00f6m\u00f6n?<\/h3>\n<p>Igen, ha megb\u00edzik abban a webhelyben, ahonnan let\u00f6lt\u00f6tte \u0151ket. Mindig gy\u0151z\u0151dj\u00f6n meg arr\u00f3l, hogy megb\u00edzhat\u00f3 forr\u00e1sb\u00f3l t\u00f6lti le, p\u00e9ld\u00e1ul az APKMirrorr\u00f3l vagy az alkalmaz\u00e1s hivatalos webhely\u00e9r\u0151l.<\/p>\n<p>Megjegyz\u00e9s: Rosszindulat\u00fa f\u00e1jlok l\u00e9teznek; Mindig ellen\u0151rizze \u00fajra a forr\u00e1sokat.<\/p>\n<h3 id=\"h-are-apks-illegal\">Az APK-k illeg\u00e1lisak?<\/h3>\n<p>Nem, az Aviatort k\u00edn\u00e1l\u00f3 legjobb kaszin\u00f3k k\u00f6z\u00fcl sok rendelkezik let\u00f6lthet\u0151 alkalmaz\u00e1sokkal, amelyek leg\u00e1lisak. A kaszin\u00f3 egyszer\u0171en nem el\u00e9rhet\u0151 a hivatalos Android mobil boltokban.<\/p>\n<h3 id=\"h-can-you-play-aviator-for-free\">Tudsz ingyen j\u00e1tszani Aviatorral?<\/h3>\n<p>Sz\u00e1mos ingyenes Aviator alkalmaz\u00e1s \u00e9rhet\u0151 el iOS-en \u00e9s Google Playen. Ezek a let\u00f6lthet\u0151 j\u00e1t\u00e9kok egy \u00e9l\u0151 j\u00e1t\u00e9kterem \u00e9lm\u00e9ny\u00e9t szimul\u00e1lj\u00e1k val\u00f3di p\u00e9nz, kredit vagy emberek haszn\u00e1lata n\u00e9lk\u00fcl.<\/p>\n<p>Az ingyenes Aviator f\u0151 h\u00e1tr\u00e1nya az igazi bar\u00e1tok hi\u00e1nya a chatben \u00e9s a val\u00f3di nyerem\u00e9nyek, amelyeket ki lehet v\u00e1ltani.<\/p>\n<h3 id=\"h-can-i-install-an-apk-on-my-ios-device\">Telep\u00edthetem az APK-t iOS-eszk\u00f6z\u00f6mre?<\/h3>\n<p>Nem. Az APK az Android Package r\u00f6vid\u00edt\u00e9se. Ez a f\u00e1jlt\u00edpus kiz\u00e1r\u00f3lag Android-eszk\u00f6z\u00f6kre val\u00f3 let\u00f6lt\u00e9sre szolg\u00e1l. Az Apple eszk\u00f6z\u00f6k, p\u00e9ld\u00e1ul az iPhone, nem m\u0171k\u00f6dnek az ilyen t\u00edpus\u00fa alkalmaz\u00e1sokkal.<\/p>\n<h3 id=\"h-can-we-hack-the-aviator-game\">Lehets\u00e9ges felt\u00f6rni az Aviator j\u00e1t\u00e9kot?<\/h3>\n<p>Teljesen lehetetlen felt\u00f6rni az igazi Aviator j\u00e1t\u00e9kot, m\u00e9g akkor sem, ha let\u00f6lti az APK-t vagy az iOS alkalmaz\u00e1st. A Spribe \u00e1ltal a j\u00e1t\u00e9k futtat\u00e1s\u00e1hoz haszn\u00e1lt rendszerek kriptogr\u00e1fiai technol\u00f3gi\u00e1t haszn\u00e1lnak, amely garant\u00e1lja az eredm\u00e9nyek m\u00e9lt\u00e1nyoss\u00e1g\u00e1t \u00e9s nem hamis\u00edt\u00e1s\u00e1t 100% esetekben.<\/p>\n<h3 id=\"h-do-aviator-predictors-work\">M\u0171k\u00f6dnek az Aviator el\u0151rejelz\u0151k?<\/h3>\n<p>Nem. Minden olyan APK, amely megj\u00f3solja a fordul\u00f3k kimenetel\u00e9t, vagy gy\u0151zelmet \u00edg\u00e9r egy \u00e9l\u0151 Aviator j\u00e1t\u00e9kban, hazugs\u00e1g vagy \u00e1tver\u00e9s. Ne t\u00f6ltse le ezeket az alkalmaz\u00e1sokat.<\/p>\n<p>A j\u00e1t\u00e9kot az RNG (v\u00e9letlensz\u00e1m gener\u00e1l\u00e1s) \u00e9s a szerencs\u00e9d hat\u00e1rozza meg; nincs itt semmi titok vagy tr\u00fckk.<\/p>\n\n<div style=\"font-size: 0px; height: 0px; line-height: 0px; margin: 0; padding: 0; clear: both;\"><\/div>","protected":false},"excerpt":{"rendered":"<p>Az Aviator egy izgalmas online kaszin\u00f3j\u00e1t\u00e9k a Spribe-t\u0151l, amely a v\u00e9gs\u0151kig pr\u00f3b\u00e1ra teszi j\u00e1t\u00e9kk\u00e9szs\u00e9g\u00e9t. K\u00f6sz\u00f6nhet\u0151en a k\u00f6nnyen elsaj\u00e1t\u00edthat\u00f3nak<\/p>","protected":false},"author":1,"featured_media":0,"parent":0,"menu_order":0,"comment_status":"closed","ping_status":"closed","template":"","meta":{"footnotes":""},"class_list":["post-31","page","type-page","status-publish","hentry"],"yoast_head":"<!-- This site is optimized with the Yoast SEO plugin v22.0 - https:\/\/yoast.com\/wordpress\/plugins\/seo\/ -->\n<title>\u0421\u043a\u0430\u0447\u0430\u0439 Aviator APK \u0434\u043b\u044f Android \u2014 \u0418\u0433\u0440\u0430 \u0432 \u043a\u0440\u0430\u0448-\u0441\u043b\u043e\u0442 \u043d\u0430 \u0434\u0435\u043d\u044c\u0433\u0438<\/title>\n<meta name=\"description\" content=\"\u0423\u0441\u0442\u0430\u043d\u043e\u0432\u0438\u0442\u0435 \u0438\u0433\u0440\u0443 Aviator \u043d\u0430 Android \u0441 \u043f\u043e\u043c\u043e\u0449\u044c\u044e APK-\u0444\u0430\u0439\u043b\u0430. \u0418\u0433\u0440\u0430\u0439\u0442\u0435 \u0432 \u043a\u0440\u0430\u0448-\u0441\u043b\u043e\u0442 \u0438\u0433\u0440\u0443 \u043d\u0430 \u0434\u0435\u043d\u044c\u0433\u0438, \u0441\u043a\u0430\u0447\u0438\u0432\u0430\u044f \u043f\u0440\u0438\u043b\u043e\u0436\u0435\u043d\u0438\u0435 \u0431\u0435\u0437\u043e\u043f\u0430\u0441\u043d\u043e \u0438 \u043b\u0435\u0433\u043a\u043e.\" \/>\n<meta name=\"robots\" content=\"index, follow, max-snippet:-1, max-image-preview:large, max-video-preview:-1\" \/>\n<link rel=\"canonical\" href=\"https:\/\/aviator-slotgame.com\/hu\/toltsd-le-a-aviator-game-apk-t-most\/\" \/>\n<meta property=\"og:locale\" content=\"hu_HU\" \/>\n<meta property=\"og:type\" content=\"article\" \/>\n<meta property=\"og:title\" content=\"\u0421\u043a\u0430\u0447\u0430\u0439 Aviator APK \u0434\u043b\u044f Android \u2014 \u0418\u0433\u0440\u0430 \u0432 \u043a\u0440\u0430\u0448-\u0441\u043b\u043e\u0442 \u043d\u0430 \u0434\u0435\u043d\u044c\u0433\u0438\" \/>\n<meta property=\"og:description\" content=\"\u0423\u0441\u0442\u0430\u043d\u043e\u0432\u0438\u0442\u0435 \u0438\u0433\u0440\u0443 Aviator \u043d\u0430 Android \u0441 \u043f\u043e\u043c\u043e\u0449\u044c\u044e APK-\u0444\u0430\u0439\u043b\u0430. \u0418\u0433\u0440\u0430\u0439\u0442\u0435 \u0432 \u043a\u0440\u0430\u0448-\u0441\u043b\u043e\u0442 \u0438\u0433\u0440\u0443 \u043d\u0430 \u0434\u0435\u043d\u044c\u0433\u0438, \u0441\u043a\u0430\u0447\u0438\u0432\u0430\u044f \u043f\u0440\u0438\u043b\u043e\u0436\u0435\u043d\u0438\u0435 \u0431\u0435\u0437\u043e\u043f\u0430\u0441\u043d\u043e \u0438 \u043b\u0435\u0433\u043a\u043e.\" \/>\n<meta property=\"og:url\" content=\"https:\/\/aviator-slotgame.com\/hu\/toltsd-le-a-aviator-game-apk-t-most\/\" \/>\n<meta property=\"og:site_name\" content=\"Aviator\" \/>\n<meta property=\"article:modified_time\" content=\"2024-10-03T23:08:38+00:00\" \/>\n<meta property=\"og:image\" content=\"https:\/\/aviator-slotgame.com\/wp-content\/uploads\/aviator-4.png\" \/>\n<meta name=\"twitter:card\" content=\"summary_large_image\" \/>\n<meta name=\"twitter:label1\" content=\"Becs\u00fclt olvas\u00e1si id\u0151\" \/>\n\t<meta name=\"twitter:data1\" content=\"3 perc\" \/>\n<script type=\"application\/ld+json\" class=\"yoast-schema-graph\">{\"@context\":\"https:\/\/schema.org\",\"@graph\":[{\"@type\":\"WebPage\",\"@id\":\"https:\/\/aviator-slotgame.com\/download-apk-games\/\",\"url\":\"https:\/\/aviator-slotgame.com\/download-apk-games\/\",\"name\":\"\u0421\u043a\u0430\u0447\u0430\u0439 Aviator APK \u0434\u043b\u044f Android \u2014 \u0418\u0433\u0440\u0430 \u0432 \u043a\u0440\u0430\u0448-\u0441\u043b\u043e\u0442 \u043d\u0430 \u0434\u0435\u043d\u044c\u0433\u0438\",\"isPartOf\":{\"@id\":\"https:\/\/aviator-slotgame.com\/#website\"},\"datePublished\":\"2024-01-31T13:01:43+00:00\",\"dateModified\":\"2024-10-03T23:08:38+00:00\",\"description\":\"\u0423\u0441\u0442\u0430\u043d\u043e\u0432\u0438\u0442\u0435 \u0438\u0433\u0440\u0443 Aviator \u043d\u0430 Android \u0441 \u043f\u043e\u043c\u043e\u0449\u044c\u044e APK-\u0444\u0430\u0439\u043b\u0430. \u0418\u0433\u0440\u0430\u0439\u0442\u0435 \u0432 \u043a\u0440\u0430\u0448-\u0441\u043b\u043e\u0442 \u0438\u0433\u0440\u0443 \u043d\u0430 \u0434\u0435\u043d\u044c\u0433\u0438, \u0441\u043a\u0430\u0447\u0438\u0432\u0430\u044f \u043f\u0440\u0438\u043b\u043e\u0436\u0435\u043d\u0438\u0435 \u0431\u0435\u0437\u043e\u043f\u0430\u0441\u043d\u043e \u0438 \u043b\u0435\u0433\u043a\u043e.\",\"breadcrumb\":{\"@id\":\"https:\/\/aviator-slotgame.com\/download-apk-games\/#breadcrumb\"},\"inLanguage\":\"hu\",\"potentialAction\":[{\"@type\":\"ReadAction\",\"target\":[\"https:\/\/aviator-slotgame.com\/download-apk-games\/\"]}]},{\"@type\":\"BreadcrumbList\",\"@id\":\"https:\/\/aviator-slotgame.com\/download-apk-games\/#breadcrumb\",\"itemListElement\":[{\"@type\":\"ListItem\",\"position\":1,\"name\":\"Home\",\"item\":\"https:\/\/aviator-slotgame.com\/\"},{\"@type\":\"ListItem\",\"position\":2,\"name\":\"\u0423\u0441\u0442\u0430\u043d\u043e\u0432\u0438 Aviator APK \u0434\u043b\u044f Android \u0432\u0435\u0440\u0441\u0438\u0438 \u043f\u0440\u044f\u043c\u043e \u0441\u0435\u0439\u0447\u0430\u0441\"}]},{\"@type\":\"WebSite\",\"@id\":\"https:\/\/aviator-slotgame.com\/#website\",\"url\":\"https:\/\/aviator-slotgame.com\/\",\"name\":\"Aviator\",\"description\":\"\",\"publisher\":{\"@id\":\"https:\/\/aviator-slotgame.com\/#organization\"},\"potentialAction\":[{\"@type\":\"SearchAction\",\"target\":{\"@type\":\"EntryPoint\",\"urlTemplate\":\"https:\/\/aviator-slotgame.com\/?s={search_term_string}\"},\"query-input\":\"required name=search_term_string\"}],\"inLanguage\":\"hu\"},{\"@type\":\"Organization\",\"@id\":\"https:\/\/aviator-slotgame.com\/#organization\",\"name\":\"Aviator\",\"url\":\"https:\/\/aviator-slotgame.com\/\",\"logo\":{\"@type\":\"ImageObject\",\"inLanguage\":\"hu\",\"@id\":\"https:\/\/aviator-slotgame.com\/#\/schema\/logo\/image\/\",\"url\":\"https:\/\/aviator-slotgame.com\/wp-content\/uploads\/16f5e8_dade544d4623411c9c4153c639aae85amv2.webp\",\"contentUrl\":\"https:\/\/aviator-slotgame.com\/wp-content\/uploads\/16f5e8_dade544d4623411c9c4153c639aae85amv2.webp\",\"width\":400,\"height\":300,\"caption\":\"Aviator\"},\"image\":{\"@id\":\"https:\/\/aviator-slotgame.com\/#\/schema\/logo\/image\/\"}}]}<\/script>\n<!-- \/ Yoast SEO plugin. -->","yoast_head_json":{"title":"\u0421\u043a\u0430\u0447\u0430\u0439 Aviator APK \u0434\u043b\u044f Android \u2014 \u0418\u0433\u0440\u0430 \u0432 \u043a\u0440\u0430\u0448-\u0441\u043b\u043e\u0442 \u043d\u0430 \u0434\u0435\u043d\u044c\u0433\u0438","description":"\u0423\u0441\u0442\u0430\u043d\u043e\u0432\u0438\u0442\u0435 \u0438\u0433\u0440\u0443 Aviator \u043d\u0430 Android \u0441 \u043f\u043e\u043c\u043e\u0449\u044c\u044e APK-\u0444\u0430\u0439\u043b\u0430. \u0418\u0433\u0440\u0430\u0439\u0442\u0435 \u0432 \u043a\u0440\u0430\u0448-\u0441\u043b\u043e\u0442 \u0438\u0433\u0440\u0443 \u043d\u0430 \u0434\u0435\u043d\u044c\u0433\u0438, \u0441\u043a\u0430\u0447\u0438\u0432\u0430\u044f \u043f\u0440\u0438\u043b\u043e\u0436\u0435\u043d\u0438\u0435 \u0431\u0435\u0437\u043e\u043f\u0430\u0441\u043d\u043e \u0438 \u043b\u0435\u0433\u043a\u043e.","robots":{"index":"index","follow":"follow","max-snippet":"max-snippet:-1","max-image-preview":"max-image-preview:large","max-video-preview":"max-video-preview:-1"},"canonical":"https:\/\/aviator-slotgame.com\/hu\/toltsd-le-a-aviator-game-apk-t-most\/","og_locale":"hu_HU","og_type":"article","og_title":"\u0421\u043a\u0430\u0447\u0430\u0439 Aviator APK \u0434\u043b\u044f Android \u2014 \u0418\u0433\u0440\u0430 \u0432 \u043a\u0440\u0430\u0448-\u0441\u043b\u043e\u0442 \u043d\u0430 \u0434\u0435\u043d\u044c\u0433\u0438","og_description":"\u0423\u0441\u0442\u0430\u043d\u043e\u0432\u0438\u0442\u0435 \u0438\u0433\u0440\u0443 Aviator \u043d\u0430 Android \u0441 \u043f\u043e\u043c\u043e\u0449\u044c\u044e APK-\u0444\u0430\u0439\u043b\u0430. \u0418\u0433\u0440\u0430\u0439\u0442\u0435 \u0432 \u043a\u0440\u0430\u0448-\u0441\u043b\u043e\u0442 \u0438\u0433\u0440\u0443 \u043d\u0430 \u0434\u0435\u043d\u044c\u0433\u0438, \u0441\u043a\u0430\u0447\u0438\u0432\u0430\u044f \u043f\u0440\u0438\u043b\u043e\u0436\u0435\u043d\u0438\u0435 \u0431\u0435\u0437\u043e\u043f\u0430\u0441\u043d\u043e \u0438 \u043b\u0435\u0433\u043a\u043e.","og_url":"https:\/\/aviator-slotgame.com\/hu\/toltsd-le-a-aviator-game-apk-t-most\/","og_site_name":"Aviator","article_modified_time":"2024-10-03T23:08:38+00:00","og_image":[{"url":"https:\/\/aviator-slotgame.com\/wp-content\/uploads\/aviator-4.png"}],"twitter_card":"summary_large_image","twitter_misc":{"Becs\u00fclt olvas\u00e1si id\u0151":"3 perc"},"schema":{"@context":"https:\/\/schema.org","@graph":[{"@type":"WebPage","@id":"https:\/\/aviator-slotgame.com\/download-apk-games\/","url":"https:\/\/aviator-slotgame.com\/download-apk-games\/","name":"\u0421\u043a\u0430\u0447\u0430\u0439 Aviator APK \u0434\u043b\u044f Android \u2014 \u0418\u0433\u0440\u0430 \u0432 \u043a\u0440\u0430\u0448-\u0441\u043b\u043e\u0442 \u043d\u0430 \u0434\u0435\u043d\u044c\u0433\u0438","isPartOf":{"@id":"https:\/\/aviator-slotgame.com\/#website"},"datePublished":"2024-01-31T13:01:43+00:00","dateModified":"2024-10-03T23:08:38+00:00","description":"\u0423\u0441\u0442\u0430\u043d\u043e\u0432\u0438\u0442\u0435 \u0438\u0433\u0440\u0443 Aviator \u043d\u0430 Android \u0441 \u043f\u043e\u043c\u043e\u0449\u044c\u044e APK-\u0444\u0430\u0439\u043b\u0430. \u0418\u0433\u0440\u0430\u0439\u0442\u0435 \u0432 \u043a\u0440\u0430\u0448-\u0441\u043b\u043e\u0442 \u0438\u0433\u0440\u0443 \u043d\u0430 \u0434\u0435\u043d\u044c\u0433\u0438, \u0441\u043a\u0430\u0447\u0438\u0432\u0430\u044f \u043f\u0440\u0438\u043b\u043e\u0436\u0435\u043d\u0438\u0435 \u0431\u0435\u0437\u043e\u043f\u0430\u0441\u043d\u043e \u0438 \u043b\u0435\u0433\u043a\u043e.","breadcrumb":{"@id":"https:\/\/aviator-slotgame.com\/download-apk-games\/#breadcrumb"},"inLanguage":"hu","potentialAction":[{"@type":"ReadAction","target":["https:\/\/aviator-slotgame.com\/download-apk-games\/"]}]},{"@type":"BreadcrumbList","@id":"https:\/\/aviator-slotgame.com\/download-apk-games\/#breadcrumb","itemListElement":[{"@type":"ListItem","position":1,"name":"Home","item":"https:\/\/aviator-slotgame.com\/"},{"@type":"ListItem","position":2,"name":"\u0423\u0441\u0442\u0430\u043d\u043e\u0432\u0438 Aviator APK \u0434\u043b\u044f Android \u0432\u0435\u0440\u0441\u0438\u0438 \u043f\u0440\u044f\u043c\u043e \u0441\u0435\u0439\u0447\u0430\u0441"}]},{"@type":"WebSite","@id":"https:\/\/aviator-slotgame.com\/#website","url":"https:\/\/aviator-slotgame.com\/","name":"Aviator","description":"","publisher":{"@id":"https:\/\/aviator-slotgame.com\/#organization"},"potentialAction":[{"@type":"SearchAction","target":{"@type":"EntryPoint","urlTemplate":"https:\/\/aviator-slotgame.com\/?s={search_term_string}"},"query-input":"required name=search_term_string"}],"inLanguage":"hu"},{"@type":"Organization","@id":"https:\/\/aviator-slotgame.com\/#organization","name":"Aviator","url":"https:\/\/aviator-slotgame.com\/","logo":{"@type":"ImageObject","inLanguage":"hu","@id":"https:\/\/aviator-slotgame.com\/#\/schema\/logo\/image\/","url":"https:\/\/aviator-slotgame.com\/wp-content\/uploads\/16f5e8_dade544d4623411c9c4153c639aae85amv2.webp","contentUrl":"https:\/\/aviator-slotgame.com\/wp-content\/uploads\/16f5e8_dade544d4623411c9c4153c639aae85amv2.webp","width":400,"height":300,"caption":"Aviator"},"image":{"@id":"https:\/\/aviator-slotgame.com\/#\/schema\/logo\/image\/"}}]}},"amp_enabled":true,"_links":{"self":[{"href":"https:\/\/aviator-slotgame.com\/hu\/wp-json\/wp\/v2\/pages\/31","targetHints":{"allow":["GET"]}}],"collection":[{"href":"https:\/\/aviator-slotgame.com\/hu\/wp-json\/wp\/v2\/pages"}],"about":[{"href":"https:\/\/aviator-slotgame.com\/hu\/wp-json\/wp\/v2\/types\/page"}],"author":[{"embeddable":true,"href":"https:\/\/aviator-slotgame.com\/hu\/wp-json\/wp\/v2\/users\/1"}],"replies":[{"embeddable":true,"href":"https:\/\/aviator-slotgame.com\/hu\/wp-json\/wp\/v2\/comments?post=31"}],"version-history":[{"count":13,"href":"https:\/\/aviator-slotgame.com\/hu\/wp-json\/wp\/v2\/pages\/31\/revisions"}],"predecessor-version":[{"id":411,"href":"https:\/\/aviator-slotgame.com\/hu\/wp-json\/wp\/v2\/pages\/31\/revisions\/411"}],"wp:attachment":[{"href":"https:\/\/aviator-slotgame.com\/hu\/wp-json\/wp\/v2\/media?parent=31"}],"curies":[{"name":"wp","href":"https:\/\/api.w.org\/{rel}","templated":true}]}}