{"id":215,"date":"2024-04-02T16:05:37","date_gmt":"2024-04-02T16:05:37","guid":{"rendered":"https:\/\/aviator-slotgame.com\/?page_id=215"},"modified":"2024-09-09T10:50:04","modified_gmt":"2024-09-09T10:50:04","slug":"aviator-slots","status":"publish","type":"page","link":"https:\/\/aviator-slotgame.com\/it\/slot-aviator-vs-video-slot-tradizionali\/","title":{"rendered":"Slot per aviatori"},"content":{"rendered":"<div class=\"b1050f1cb27355f177e9a5a37e5dd145\" data-index=\"1\" style=\"float: none; margin:10px 0 10px 0; text-align:center;\">\n<div class=\"custom-play-button\">\r\n<center><a href=\"https:\/\/aviator-slotgame.com\/it\/play-game\/\" rel=\"nofollow\" target=\"_blank\">Riproduci ora<\/a><br><\/center>\r\n<\/div>\n<\/div>\n<p>Aviator di Spribe non \u00e8 la solita video slot. Offre funzionalit\u00e0 di social gaming che non troverai nelle video slot tradizionali. Puoi unirti al divertimento e sfidare altri giocatori a partecipare a un gioco da casin\u00f2 online pieno di entusiasmanti bonus, moltiplicatori e altre sorprese.<\/p>\n<p><img loading=\"lazy\" decoding=\"async\" class=\"alignnone size-full wp-image-216\" title=\"Aviator contro le slot machine tradizionali\" src=\"https:\/\/aviator-slotgame.com\/wp-content\/uploads\/aviator-4-1.png\" alt=\"Aviator contro le slot machine tradizionali\" width=\"800\" height=\"445\" srcset=\"https:\/\/aviator-slotgame.com\/wp-content\/uploads\/aviator-4-1.png 800w, https:\/\/aviator-slotgame.com\/wp-content\/uploads\/aviator-4-1-300x167.png 300w, https:\/\/aviator-slotgame.com\/wp-content\/uploads\/aviator-4-1-768x427.png 768w, https:\/\/aviator-slotgame.com\/wp-content\/uploads\/aviator-4-1-18x10.png 18w\" sizes=\"auto, (max-width: 800px) 100vw, 800px\" \/><\/p>\n<p>Aviator offre molto pi\u00f9 delle semplici slot machine standard da 3x5 rulli. Ha un moltiplicatore basato sull&#039;RNG che sale sempre pi\u00f9 finch\u00e9 ogni giocatore non decide di incassare. Ci\u00f2 significa che, se sei fortunato, potrai giocare tutto il giorno e le tue vincite inizieranno davvero ad accumularsi!<\/p>\n<p>Inoltre, Aviator non pone limiti al numero di giocatori che possono unirsi al divertimento. Non devi preoccuparti di aspettare l&#039;apertura del gioco perch\u00e9 non sar\u00e0 mai pieno, ci sar\u00e0 sempre spazio per pi\u00f9 giocatori. E con quote vantaggiose per i giocatori, RTP e pagamenti elevati, hai tantissime opportunit\u00e0 per vincere in questa entusiasmante slot alternativa.<\/p><div class=\"b1050f1cb27355f177e9a5a37e5dd145\" data-index=\"1\" style=\"float: none; margin:10px 0 10px 0; text-align:center;\">\n<div class=\"custom-play-button\">\r\n<center><a href=\"https:\/\/aviator-slotgame.com\/it\/play-game\/\" rel=\"nofollow\" target=\"_blank\">Riproduci ora<\/a><br><\/center>\r\n<\/div>\n<\/div>\n\n<p>Quindi, che tu stia cercando un&#039;esperienza di gioco coinvolgente o desideri rilassarti e goderti un classico gioco in stile video slot con una svolta, Spribe&#039;s Aviator ha davvero qualcosa da offrire a tutti.<\/p>\n<h2 id=\"h-rtp-of-aviator-and-regular-slot-games\">RTP di Aviator e slot normali<\/h2>\n<p>I valori RTP medi delle slot pi\u00f9 popolari sono superiori a 65%. Questo numero pu\u00f2 variare da gioco a gioco, con alcuni giochi che arrivano fino a 97%, ma generalmente la norma \u00e8 65% con un decimale.<\/p>\n<p>Ad esempio, Second Strike, una delle slot pi\u00f9 popolari al mondo, ha un RTP di 96.26%; Aviatore ancora di pi\u00f9!<\/p>\n<p>Aviator ha un RTP (ritorno al giocatore) approssimativo di 97%, che \u00e8 superiore alla media per una video slot. Ci\u00f2 significa che giocare ad Aviator ti restituir\u00e0, in media, pi\u00f9 soldi rispetto alle slot tradizionali. E con un moltiplicatore in continua crescita, i round pi\u00f9 grandi diventeranno ancora pi\u00f9 emozionanti! Quindi, se stai cercando un RTP pi\u00f9 alto e la possibilit\u00e0 di aumentare il tuo potenziale di guadagno, Aviator potrebbe essere proprio quello che ti stai perdendo.<\/p>\n<figure class=\"wp-block-table\">\n<table>\n<tbody>\n<tr>\n<td><strong>AVIATORE<\/strong><\/td>\n<td><strong>GIOCO DI SLOT TRADIZIONALE<\/strong><\/td>\n<\/tr>\n<tr>\n<td>Chatta con altri giocatori<\/td>\n<td>Esperienza di gioco dell&#039;utente<\/td>\n<\/tr>\n<tr>\n<td>Numero illimitato di giocatori nella sala giochi<\/td>\n<td>Un giocatore per macchina o pagina<\/td>\n<\/tr>\n<tr>\n<td>Meccaniche di gioco con un RNG<\/td>\n<td>Bobine e linee multiple<\/td>\n<\/tr>\n<tr>\n<td>~97% rimborso<\/td>\n<td>~96% rimborso<\/td>\n<\/tr>\n<\/tbody>\n<\/table><figcaption class=\"wp-element-caption\">Slot machine\u00a0<strong><strong>AVIATORE<\/strong><\/strong><img loading=\"lazy\" decoding=\"async\" class=\"alignnone size-full wp-image-293\" src=\"https:\/\/aviator-slotgame.com\/wp-content\/uploads\/Aviator-13-800-x-600-\u043f\u0438\u043a\u0441.jpg\" alt=\"RTP di Aviator e slot normali\" width=\"800\" height=\"600\" srcset=\"https:\/\/aviator-slotgame.com\/wp-content\/uploads\/Aviator-13-800-x-600-\u043f\u0438\u043a\u0441.jpg 800w, https:\/\/aviator-slotgame.com\/wp-content\/uploads\/Aviator-13-800-x-600-\u043f\u0438\u043a\u0441-300x225.jpg 300w, https:\/\/aviator-slotgame.com\/wp-content\/uploads\/Aviator-13-800-x-600-\u043f\u0438\u043a\u0441-768x576.jpg 768w, https:\/\/aviator-slotgame.com\/wp-content\/uploads\/Aviator-13-800-x-600-\u043f\u0438\u043a\u0441-16x12.jpg 16w\" sizes=\"auto, (max-width: 800px) 100vw, 800px\" \/><\/figcaption><\/figure>\n<h2 id=\"h-the-bottom-line\">Linea di fondo<\/h2>\n<p>Aviator di Spribe offre un&#039;interpretazione unica delle video slot tradizionali in grado di fornire ai giocatori un&#039;esperienza di gioco coinvolgente. Con moltiplicatori sempre crescenti e RTP elevato, ci sono molti motivi per provare Aviator. Inoltre, l\u2019aspetto social lo rende ancora pi\u00f9 emozionante!<\/p>\n<h2 id=\"h-using-bonus-spins-on-aviator\">Utilizzo dei giri bonus in Aviator<\/h2>\n<p>I giri bonus sono un punto fermo dei siti di casin\u00f2. Quando ti registri su un sito di casin\u00f2, riceverai spesso giri gratuiti come bonus di benvenuto. Possono anche essere ottenuti tramite promozioni a tempo limitato o come premi in altri giochi!<\/p>\n<p>Se sei un fan di Aviator o di altri giochi da casin\u00f2, i giri bonus sono un ottimo modo per ottenere possibilit\u00e0 gratuite di girare i rulli, atterrare su un aereo e magari vincere dei soldi. In effetti, i giri bonus possono essere ancora pi\u00f9 preziosi dei normali giri di gioco poich\u00e9 in genere non hanno requisiti di scommessa o altre restrizioni sulle vincite.<\/p>\n<h2 id=\"h-how-to-get-bonus-spins\">Come ottenere giri bonus<\/h2>\n<p>I giri gratuiti possono provenire da una variet\u00e0 di luoghi, come bonus di benvenuto per i nuovi utenti che effettuano il primo deposito, codici promozionali ed eventi a tempo limitato.<\/p>\n<h3 id=\"h-welcome-bonus-spins-for-aviator\">Giri bonus di benvenuto di Aviator<\/h3>\n<p>Alcuni casin\u00f2 ti offrono giri gratuiti quando crei un account. Forse ti starai chiedendo come questi giri gratuiti possano essere utili quando giochi ad Aviator; tuttavia, a volte i casin\u00f2 limitano l\u2019uso di questi giri gratuiti solo alle slot machine tradizionali pi\u00f9 popolari. Ma non preoccuparti, ci sono ancora modi per utilizzare tutti i giri gratuiti che Aviator ha in serbo per te.<\/p>\n<h2 id=\"h-how-to-use-free-spins-in-aviator\">Come utilizzare i giri gratuiti in Aviator<\/h2>\n<p>Se i tuoi giri non funzionano in Aviator, puoi sempre usarli per vincere crediti in altri giochi da casin\u00f2. Ad esempio, se hai giri gratuiti su una slot machine, puoi scambiare quei crediti con fiches ai tavoli da gioco. Potrai quindi utilizzare queste fiches per scommettere su Aviator o qualsiasi altro gioco da casin\u00f2!<\/p>\n<p>Ecco come:<\/p>\n<ol start=\"1\" type=\"1\">\n<li>Scegli una delle tue slot machine preferite.<\/li>\n<li>Approfitta dei giri gratuiti.<\/li>\n<li>Prendi tutti i crediti che vinci durante i giri e gioca ad Aviator!<\/li>\n<\/ol>\n<p>\u00c8 cos\u00ec semplice.<\/p>\n<h2 id=\"h-can-you-win-free-spins-in-aviator\">Puoi vincere giri gratuiti su Aviator?<\/h2>\n<p>Non \u00e8 prevista la funzione di giri gratuiti. L&#039;unico premio che vincerai durante il round sar\u00e0 la tua scommessa moltiplicata per il momento in cui l&#039;aereo rosso decoller\u00e0.<\/p>\n<h2 id=\"h-in-conclusion\">Conclusione<\/h2>\n<p>Indipendentemente da come li ottieni (giri bonus di benvenuto, codici promozionali o offerte a tempo limitato), i giri bonus sono un ottimo modo per i giocatori di tutti i livelli di continuare a giocare senza preoccuparsi di perdere per un po&#039;. E indipendentemente dal gioco a cui si rivolgono, i giocatori esperti possono trasformare i loro giri in crediti utili che possono essere scommessi in una partita Aviator dal vivo.<\/p>\n<p><img loading=\"lazy\" decoding=\"async\" class=\"alignnone size-full wp-image-297\" src=\"https:\/\/aviator-slotgame.com\/wp-content\/uploads\/Aviator-14-800-x-600-\u043f\u0438\u043a\u0441.jpg\" alt=\"Conclusione\" width=\"800\" height=\"600\" srcset=\"https:\/\/aviator-slotgame.com\/wp-content\/uploads\/Aviator-14-800-x-600-\u043f\u0438\u043a\u0441.jpg 800w, https:\/\/aviator-slotgame.com\/wp-content\/uploads\/Aviator-14-800-x-600-\u043f\u0438\u043a\u0441-300x225.jpg 300w, https:\/\/aviator-slotgame.com\/wp-content\/uploads\/Aviator-14-800-x-600-\u043f\u0438\u043a\u0441-768x576.jpg 768w, https:\/\/aviator-slotgame.com\/wp-content\/uploads\/Aviator-14-800-x-600-\u043f\u0438\u043a\u0441-16x12.jpg 16w\" sizes=\"auto, (max-width: 800px) 100vw, 800px\" \/><\/p>\n\n<div style=\"font-size: 0px; height: 0px; line-height: 0px; margin: 0; padding: 0; clear: both;\"><\/div>","protected":false},"excerpt":{"rendered":"<p>Aviator di Spribe non \u00e8 la solita video slot. Offre funzionalit\u00e0 di social gaming che non troverai nelle video slot tradizionali.<\/p>","protected":false},"author":1,"featured_media":0,"parent":0,"menu_order":0,"comment_status":"closed","ping_status":"closed","template":"","meta":{"footnotes":""},"class_list":["post-215","page","type-page","status-publish","hentry"],"yoast_head":"<!-- This site is optimized with the Yoast SEO plugin v22.0 - https:\/\/yoast.com\/wordpress\/plugins\/seo\/ -->\n<title>\u0410\u0432\u0438\u0430\u0442\u043e\u0440 \u0441\u043b\u043e\u0442\u044b - Aviator<\/title>\n<meta name=\"robots\" content=\"index, follow, max-snippet:-1, max-image-preview:large, max-video-preview:-1\" \/>\n<link rel=\"canonical\" href=\"https:\/\/aviator-slotgame.com\/it\/slot-aviator-vs-video-slot-tradizionali\/\" \/>\n<meta property=\"og:locale\" content=\"it_IT\" \/>\n<meta property=\"og:type\" content=\"article\" \/>\n<meta property=\"og:title\" content=\"\u0410\u0432\u0438\u0430\u0442\u043e\u0440 \u0441\u043b\u043e\u0442\u044b - Aviator\" \/>\n<meta property=\"og:description\" content=\"Aviator \u043e\u0442 Spribe \u2013 \u044d\u0442\u043e \u043d\u0435 \u043e\u0431\u044b\u0447\u043d\u044b\u0439 \u0432\u0438\u0434\u0435\u043e\u0441\u043b\u043e\u0442. \u041e\u043d \u043f\u0440\u0435\u0434\u043b\u0430\u0433\u0430\u0435\u0442 \u0432\u043e\u0437\u043c\u043e\u0436\u043d\u043e\u0441\u0442\u0438 \u0441\u043e\u0446\u0438\u0430\u043b\u044c\u043d\u044b\u0445 \u0438\u0433\u0440, \u043a\u043e\u0442\u043e\u0440\u044b\u0435 \u0432\u044b \u043d\u0435 \u043d\u0430\u0439\u0434\u0435\u0442\u0435 \u0432 \u0442\u0440\u0430\u0434\u0438\u0446\u0438\u043e\u043d\u043d\u044b\u0445 \u0432\u0438\u0434\u0435\u043e\u0441\u043b\u043e\u0442\u0430\u0445.\" \/>\n<meta property=\"og:url\" content=\"https:\/\/aviator-slotgame.com\/it\/slot-aviator-vs-video-slot-tradizionali\/\" \/>\n<meta property=\"og:site_name\" content=\"Aviator\" \/>\n<meta property=\"article:modified_time\" content=\"2024-09-09T10:50:04+00:00\" \/>\n<meta property=\"og:image\" content=\"https:\/\/aviator-slotgame.com\/wp-content\/uploads\/aviator-4-1.png\" \/>\n<meta name=\"twitter:card\" content=\"summary_large_image\" \/>\n<meta name=\"twitter:label1\" content=\"Tempo di lettura stimato\" \/>\n\t<meta name=\"twitter:data1\" content=\"4 minuti\" \/>\n<script type=\"application\/ld+json\" class=\"yoast-schema-graph\">{\"@context\":\"https:\/\/schema.org\",\"@graph\":[{\"@type\":\"WebPage\",\"@id\":\"https:\/\/aviator-slotgame.com\/aviator-slots\/\",\"url\":\"https:\/\/aviator-slotgame.com\/aviator-slots\/\",\"name\":\"\u0410\u0432\u0438\u0430\u0442\u043e\u0440 \u0441\u043b\u043e\u0442\u044b - Aviator\",\"isPartOf\":{\"@id\":\"https:\/\/aviator-slotgame.com\/#website\"},\"datePublished\":\"2024-04-02T16:05:37+00:00\",\"dateModified\":\"2024-09-09T10:50:04+00:00\",\"breadcrumb\":{\"@id\":\"https:\/\/aviator-slotgame.com\/aviator-slots\/#breadcrumb\"},\"inLanguage\":\"it-IT\",\"potentialAction\":[{\"@type\":\"ReadAction\",\"target\":[\"https:\/\/aviator-slotgame.com\/aviator-slots\/\"]}]},{\"@type\":\"BreadcrumbList\",\"@id\":\"https:\/\/aviator-slotgame.com\/aviator-slots\/#breadcrumb\",\"itemListElement\":[{\"@type\":\"ListItem\",\"position\":1,\"name\":\"Home\",\"item\":\"https:\/\/aviator-slotgame.com\/\"},{\"@type\":\"ListItem\",\"position\":2,\"name\":\"\u0410\u0432\u0438\u0430\u0442\u043e\u0440 \u0441\u043b\u043e\u0442\u044b\"}]},{\"@type\":\"WebSite\",\"@id\":\"https:\/\/aviator-slotgame.com\/#website\",\"url\":\"https:\/\/aviator-slotgame.com\/\",\"name\":\"Aviator\",\"description\":\"\",\"publisher\":{\"@id\":\"https:\/\/aviator-slotgame.com\/#organization\"},\"potentialAction\":[{\"@type\":\"SearchAction\",\"target\":{\"@type\":\"EntryPoint\",\"urlTemplate\":\"https:\/\/aviator-slotgame.com\/?s={search_term_string}\"},\"query-input\":\"required name=search_term_string\"}],\"inLanguage\":\"it-IT\"},{\"@type\":\"Organization\",\"@id\":\"https:\/\/aviator-slotgame.com\/#organization\",\"name\":\"Aviator\",\"url\":\"https:\/\/aviator-slotgame.com\/\",\"logo\":{\"@type\":\"ImageObject\",\"inLanguage\":\"it-IT\",\"@id\":\"https:\/\/aviator-slotgame.com\/#\/schema\/logo\/image\/\",\"url\":\"https:\/\/aviator-slotgame.com\/wp-content\/uploads\/16f5e8_dade544d4623411c9c4153c639aae85amv2.webp\",\"contentUrl\":\"https:\/\/aviator-slotgame.com\/wp-content\/uploads\/16f5e8_dade544d4623411c9c4153c639aae85amv2.webp\",\"width\":400,\"height\":300,\"caption\":\"Aviator\"},\"image\":{\"@id\":\"https:\/\/aviator-slotgame.com\/#\/schema\/logo\/image\/\"}}]}<\/script>\n<!-- \/ Yoast SEO plugin. -->","yoast_head_json":{"title":"\u0410\u0432\u0438\u0430\u0442\u043e\u0440 \u0441\u043b\u043e\u0442\u044b - Aviator","robots":{"index":"index","follow":"follow","max-snippet":"max-snippet:-1","max-image-preview":"max-image-preview:large","max-video-preview":"max-video-preview:-1"},"canonical":"https:\/\/aviator-slotgame.com\/it\/slot-aviator-vs-video-slot-tradizionali\/","og_locale":"it_IT","og_type":"article","og_title":"\u0410\u0432\u0438\u0430\u0442\u043e\u0440 \u0441\u043b\u043e\u0442\u044b - Aviator","og_description":"Aviator \u043e\u0442 Spribe \u2013 \u044d\u0442\u043e \u043d\u0435 \u043e\u0431\u044b\u0447\u043d\u044b\u0439 \u0432\u0438\u0434\u0435\u043e\u0441\u043b\u043e\u0442. \u041e\u043d \u043f\u0440\u0435\u0434\u043b\u0430\u0433\u0430\u0435\u0442 \u0432\u043e\u0437\u043c\u043e\u0436\u043d\u043e\u0441\u0442\u0438 \u0441\u043e\u0446\u0438\u0430\u043b\u044c\u043d\u044b\u0445 \u0438\u0433\u0440, \u043a\u043e\u0442\u043e\u0440\u044b\u0435 \u0432\u044b \u043d\u0435 \u043d\u0430\u0439\u0434\u0435\u0442\u0435 \u0432 \u0442\u0440\u0430\u0434\u0438\u0446\u0438\u043e\u043d\u043d\u044b\u0445 \u0432\u0438\u0434\u0435\u043e\u0441\u043b\u043e\u0442\u0430\u0445.","og_url":"https:\/\/aviator-slotgame.com\/it\/slot-aviator-vs-video-slot-tradizionali\/","og_site_name":"Aviator","article_modified_time":"2024-09-09T10:50:04+00:00","og_image":[{"url":"https:\/\/aviator-slotgame.com\/wp-content\/uploads\/aviator-4-1.png"}],"twitter_card":"summary_large_image","twitter_misc":{"Tempo di lettura stimato":"4 minuti"},"schema":{"@context":"https:\/\/schema.org","@graph":[{"@type":"WebPage","@id":"https:\/\/aviator-slotgame.com\/aviator-slots\/","url":"https:\/\/aviator-slotgame.com\/aviator-slots\/","name":"\u0410\u0432\u0438\u0430\u0442\u043e\u0440 \u0441\u043b\u043e\u0442\u044b - Aviator","isPartOf":{"@id":"https:\/\/aviator-slotgame.com\/#website"},"datePublished":"2024-04-02T16:05:37+00:00","dateModified":"2024-09-09T10:50:04+00:00","breadcrumb":{"@id":"https:\/\/aviator-slotgame.com\/aviator-slots\/#breadcrumb"},"inLanguage":"it-IT","potentialAction":[{"@type":"ReadAction","target":["https:\/\/aviator-slotgame.com\/aviator-slots\/"]}]},{"@type":"BreadcrumbList","@id":"https:\/\/aviator-slotgame.com\/aviator-slots\/#breadcrumb","itemListElement":[{"@type":"ListItem","position":1,"name":"Home","item":"https:\/\/aviator-slotgame.com\/"},{"@type":"ListItem","position":2,"name":"\u0410\u0432\u0438\u0430\u0442\u043e\u0440 \u0441\u043b\u043e\u0442\u044b"}]},{"@type":"WebSite","@id":"https:\/\/aviator-slotgame.com\/#website","url":"https:\/\/aviator-slotgame.com\/","name":"Aviator","description":"","publisher":{"@id":"https:\/\/aviator-slotgame.com\/#organization"},"potentialAction":[{"@type":"SearchAction","target":{"@type":"EntryPoint","urlTemplate":"https:\/\/aviator-slotgame.com\/?s={search_term_string}"},"query-input":"required name=search_term_string"}],"inLanguage":"it-IT"},{"@type":"Organization","@id":"https:\/\/aviator-slotgame.com\/#organization","name":"Aviator","url":"https:\/\/aviator-slotgame.com\/","logo":{"@type":"ImageObject","inLanguage":"it-IT","@id":"https:\/\/aviator-slotgame.com\/#\/schema\/logo\/image\/","url":"https:\/\/aviator-slotgame.com\/wp-content\/uploads\/16f5e8_dade544d4623411c9c4153c639aae85amv2.webp","contentUrl":"https:\/\/aviator-slotgame.com\/wp-content\/uploads\/16f5e8_dade544d4623411c9c4153c639aae85amv2.webp","width":400,"height":300,"caption":"Aviator"},"image":{"@id":"https:\/\/aviator-slotgame.com\/#\/schema\/logo\/image\/"}}]}},"amp_enabled":true,"_links":{"self":[{"href":"https:\/\/aviator-slotgame.com\/it\/wp-json\/wp\/v2\/pages\/215","targetHints":{"allow":["GET"]}}],"collection":[{"href":"https:\/\/aviator-slotgame.com\/it\/wp-json\/wp\/v2\/pages"}],"about":[{"href":"https:\/\/aviator-slotgame.com\/it\/wp-json\/wp\/v2\/types\/page"}],"author":[{"embeddable":true,"href":"https:\/\/aviator-slotgame.com\/it\/wp-json\/wp\/v2\/users\/1"}],"replies":[{"embeddable":true,"href":"https:\/\/aviator-slotgame.com\/it\/wp-json\/wp\/v2\/comments?post=215"}],"version-history":[{"count":6,"href":"https:\/\/aviator-slotgame.com\/it\/wp-json\/wp\/v2\/pages\/215\/revisions"}],"predecessor-version":[{"id":309,"href":"https:\/\/aviator-slotgame.com\/it\/wp-json\/wp\/v2\/pages\/215\/revisions\/309"}],"wp:attachment":[{"href":"https:\/\/aviator-slotgame.com\/it\/wp-json\/wp\/v2\/media?parent=215"}],"curies":[{"name":"wp","href":"https:\/\/api.w.org\/{rel}","templated":true}]}}